{"id":145769,"date":"2023-05-14T14:10:24","date_gmt":"2023-05-14T14:10:24","guid":{"rendered":"http:\/\/talkpal.ai\/tata-bahasa-latvia\/"},"modified":"2025-12-17T17:12:29","modified_gmt":"2025-12-17T17:12:29","slug":"tata-bahasa-latvia","status":"publish","type":"page","link":"https:\/\/talkpal.ai\/id\/tata-bahasa-latvia\/","title":{"rendered":"Tata Bahasa Latvia"},"content":{"rendered":"\r\n\r\n\r\n<section class=\"languageChallengeSection\">\r\n    <div class=\"languageInfoWrapper\">\r\n        \r\n        <h1>Tata Bahasa Latvia<\/h1>\r\n        <p>Jelajahi dunia <a href=\"https:\/\/talkpal.ai\/latvian-grammar\/\">tata bahasa Latvia<\/a> yang unik dan temukan keindahan salah satu bahasa paling semarak di kawasan Baltik. Dengan memahami struktur dan aturannya, Anda akan meningkatkan kepercayaan diri dan keterampilan komunikasi Anda. Mulailah belajar <a href=\"https:\/\/talkpal.ai\/latvian-grammar\/\">tata bahasa Latvia<\/a> hari ini dan ambil langkah pertama Anda menuju kefasihan!\n\n<\/p>\r\n\r\n                            <a class=\"getStartedHidden\" href=\"https:\/\/app.talkpal.ai\/id\/signup?lng=\">Mulai<\/a>\r\n        \r\n    <\/div>\r\n\r\n    <figure>\r\n    <img decoding=\"async\" width=\"768\" height=\"768\" src=\"https:\/\/talkpal.ai\/wp-content\/uploads\/2023\/06\/latvian-768x768.png\" class=\"languageImage no-lazy\" alt=\"Language learning to access more cultures\" fetchpriority=\"high\" sizes=\"(max-width: 768px) 150px, 768px\" srcset=\"https:\/\/talkpal.ai\/wp-content\/uploads\/2023\/06\/latvian-768x768.png 768w, https:\/\/talkpal.ai\/wp-content\/uploads\/2023\/06\/latvian-300x300.png 300w\" \/>\r\n    \r\n\r\n    <\/figure>\r\n\r\n            <a class=\"getStartedVisible\" href=\"https:\/\/app.talkpal.ai\/id\/signup?lng=\">Mulai<\/a>\r\n    \r\n<\/section>\r\n<section class=\"promotionalBanner\">\r\n    <p class=\"promotionalText\">Cara paling efisien untuk belajar bahasa<\/p>\r\n    <a class=\"promotionalLink\" href=\"https:\/\/app.talkpal.ai\/id\/signup?lng=\">Coba Talkpal gratis<\/a>\r\n<\/section>\n<div class=\"wp-block-group pageContainerStyle\"><div class=\"wp-block-group__inner-container is-layout-constrained wp-block-group-is-layout-constrained\">\n<h2 class=\"wp-block-heading\" id=\"h-the-ultimate-guide-to-latvian-grammar-navigating-the-intricacies-of-a-unique-language\">Panduan Utama untuk Tata Bahasa Latvia: Menavigasi Seluk-beluk Bahasa yang Unik<\/h2>\n\n\n\n<p><a href=\"https:\/\/talkpal.ai\/id\/latihan-tata-bahasa-malta\/\">Tata bahasa<\/a> <a href=\"https:\/\/talkpal.ai\/learn-latvian\/\">Latvia<\/a>, seperti bahasa <a href=\"https:\/\/talkpal.ai\/locations\/language-courses-in-itu\/\">itu<\/a> sendiri, menyajikan permadani elemen linguistik yang kaya dan menarik. Sebagai bahasa Baltik, Latvia memikat <a href=\"https:\/\/talkpal.ai\/talkpal-discount-for-students\/\">pelajar<\/a> dengan beragam fitur dan tantangan bahkan penutur yang paling mahir sekalipun. Dalam panduan ini, <a href=\"https:\/\/talkpal.ai\/locations\/language-courses-in-kami\/\">kami<\/a> akan menjelajahi prinsip-prinsip utama tata bahasa Latvia, mengungkap kerumitannya, dan mendukung Anda dalam perjalanan Anda untuk menjadi fasih dalam bahasa yang menawan ini. Mari kita mulai!<\/p>\n\n\n\n<h3 class=\"wp-block-heading\" id=\"h-the-nuts-and-bolts-latvian-sentence-structure\">Mur dan Baut: Struktur Kalimat Latvia<\/h3>\n\n\n\n<p>Pada intinya, tata bahasa Latvia cukup mudah. Bahasa umumnya mengikuti struktur kalimat Subject-Verb-Object (SVO), mirip dengan <a href=\"https:\/\/talkpal.ai\/learn-english-with-ai\/\">bahasa Inggris<\/a> dan banyak bahasa lainnya. Sebagai contoh, kalimat &#8220;Saya makan apel&#8221; diterjemahkan menjadi &#8220;Es \u0113du \u0101bolu&#8221; (Es \u0113du \u0101bolu). Sederhana, bukan? Namun, saat kita menggali lebih dalam, Anda akan menemukan beberapa ciri khas tata bahasa Latvia yang menarik dan khas.<\/p>\n\n\n\n<h3 class=\"wp-block-heading\" id=\"h-meet-the-family-latvian-nouns-and-their-cases\">Temui Keluarga: Kata benda Latvia dan kasusnya<\/h3>\n\n\n\n<p>Salah satu karakteristik tata bahasa Latvia yang paling membingungkan bagi penutur bahasa Inggris adalah gagasan tentang kasus tata bahasa. Dalam bahasa Latvia, ada tujuh kasus: nominatif, genitif, datif, akusatif, lokatif, instrumental, dan vokatif. Setiap kasus memiliki fungsinya sendiri dan berdampak pada bentuk kata benda, kata sifat, kata ganti, dan kadang-kadang bahkan kata kerja.<\/p>\n\n\n\n<p>Sebagai contoh, mari kita ambil kata &#8220;\u0101bols&#8221; (simbol) yang berarti &#8220;apel&#8221;:<\/p>\n\n\n\n<p><strong>&#8211; Huruf besar (digunakan untuk subjek): \u0101 simbol<\/strong><\/p>\n\n\n\n<p><strong>&#8211; Kasus genitif (digunakan untuk kepemilikan): \u0101bola<\/strong><\/p>\n\n\n\n<p><strong>&#8211; Kasus datif (digunakan untuk objek tidak langsung): \u0101bolam<\/strong><\/p>\n\n\n\n<p><strong>&#8211; Kasus akusatif (digunakan untuk objek langsung): \u0101bolu<\/strong><\/p>\n\n\n\n<p><strong>&#8211; Kasus lokatif (digunakan untuk lokasi): \u0101bol\u0101<\/strong><\/p>\n\n\n\n<p><strong>&#8211; Kasus instrumental (digunakan untuk sarana yang digunakan untuk melakukan suatu tindakan): \u0101bolu\/-iem<\/strong><\/p>\n\n\n\n<p><strong>&#8211; Huruf besar (digunakan untuk menyebut seseorang atau sesuatu): \u0101bol<\/strong><\/p>\n\n\n\n<p>Sangatlah penting untuk membiasakan diri Anda dengan kasus-kasus ini, karena dapat mengubah makna kalimat Anda secara dramatis.<\/p>\n\n\n\n<h3 class=\"wp-block-heading\" id=\"h-playing-with-numbers-latvian-plurals-and-genders\">Bermain dengan Angka: Jamak dan Jenis Kelamin Latvia<\/h3>\n\n\n\n<p>Saat membentuk bentuk jamak dalam bahasa Latvia, sangat penting untuk mengingat jenis kelamin kata benda. Dalam bahasa Latvia, kata benda memiliki dua jenis kelamin \u2013 maskulin dan feminin. Jenis kelamin mempengaruhi akhir kata benda, kata sifat, angka, dan bentuk kata kerja tertentu.<\/p>\n\n\n\n<p>Secara umum, kata benda maskulin dalam kasus nominatif jamak berakhir dengan -i, sedangkan kata benda feminin berakhir dengan -as. Misalnya, &#8220;zirgs&#8221; (zirgs, kata benda maskulin yang berarti &#8220;kuda&#8221;) menjadi &#8220;zirgi&#8221; (zirgi, kuda), dan &#8220;sieviete&#8221; (sieviete, kata benda feminin yang berarti &#8220;wanita&#8221;) menjadi &#8220;sievietes&#8221; (sievietes, wanita).<\/p>\n\n\n\n<p>Tentu saja, ada beberapa pengecualian, oleh karena itu sangat penting untuk mempelajari kata benda beserta jenis kelaminnya dan mewaspadai bentuk jamak yang tidak beraturan.<\/p>\n\n\n\n<h3 class=\"wp-block-heading\" id=\"h-the-art-of-conjugation-latvian-verbs\">Seni Konjugasi: Kata Kerja Latvia<\/h3>\n\n\n\n<p>Kata kerja Latvia awalnya bisa tampak menakutkan karena banyak tenses, mood, dan konjugasi. Namun, kunci untuk memahaminya adalah mengenali pola umum dan berlatih secara teratur.<\/p>\n\n\n\n<p>Dalam bahasa Latvia, kata kerja dibagi menjadi tiga kelompok berdasarkan akhiran infinitifnya, -t, -ties, dan -ties\/-t. Setiap kelompok memiliki aturan konjugasi khusus. Mari kita ambil kata kerja &#8220;las\u012bt&#8221; (las\u012bt, &#8220;membaca&#8221;) sebagai contoh:<\/p>\n\n\n\n<p><strong>Bentuk waktu sekarang: Es lasu (Es lasu, &#8220;Saya membaca&#8221;)<\/strong><\/p>\n\n\n\n<p><strong>Bentuk lampau: Es las\u012bju (Es las\u012bju, &#8220;Saya membaca&#8221;)<\/strong><\/p>\n\n\n\n<p><strong>Bentuk waktu yang akan datang: Es las\u012b\u0161u (Es las\u012b\u0161u, &#8220;Saya akan membaca&#8221;)<\/strong><\/p>\n\n\n\n<p>Seperti yang Anda lihat, ujungnya berubah sesuai dengan tenses. Dan ini bahkan belum menyentuh permukaan konjugasi kata kerja bahasa Latvia! Namun demikian, jangan biarkan hal itu membuat Anda patah semangat. Dengan latihan dan kesabaran, Anda akan mulai mengenali pola dan menaklukkan tantangan ini.<\/p>\n\n\n\n<h3 class=\"wp-block-heading\" id=\"h-the-finishing-touches-latvian-adjectives-adverbs-and-more\">Sentuhan akhir: kata sifat Latvia, kata keterangan, dan banyak lagi<\/h3>\n\n\n\n<p>Ketika datang ke kata sifat dan kata keterangan Latvia, mereka memainkan peran penting dalam menambahkan kedalaman dan kompleksitas pada pidato Anda. Kata sifat harus setuju dengan kata benda yang mereka modifikasi dalam hal jenis kelamin dan kasus, dengan akhiran yang bervariasi.<\/p>\n\n\n\n<p>Misalnya, &#8220;gar\u0161\u012bgs&#8221; (gar\u0161\u012bgs) berarti &#8220;lezat&#8221;, dan Anda mungkin melihatnya sebagai &#8220;gar\u0161\u012bgs \u0101bols&#8221; (gar\u0161\u012bgs \u0101bols, &#8220;apel yang lezat&#8221;) atau &#8220;gar\u0161\u012bga zupa&#8221; (gar\u0161\u012bga zupa, &#8220;sup yang lezat&#8221;), dengan akhiran yang berbeda untuk kata benda maskulin dan feminin.<\/p>\n\n\n\n<p>Kata keterangan biasanya mengikuti pola yang sama, sering berasal dari kata sifat. Dalam bahasa Latvia, sebagian besar kata keterangan diakhiri dengan -i, yang merupakan bentuk yang sama dengan akusatif tunggal maskulin untuk kata sifat.<\/p>\n\n\n\n<p>Kesimpulannya, kerumitan dan keunikan tata bahasa Latvia, meskipun menantang, memberikan keindahan dan karakter yang menawan pada bahasa ini. Dengan kombinasi ketekunan, keingintahuan, dan penerapan praktis, Anda akan segera menguasai tata bahasa Latvia dengan mudah dan percaya diri. Selamat belajar!<\/p>\n<\/div><\/div>\n\r\n<section class=\"learnNavigationSection\">\r\n            \r\n        <a href=\"https:\/\/talkpal.ai\/id\/belajar-bahasa-latvia\/\">\r\n            <div class=\"learnNavigationWrapper\">\r\n                <div class=\"learnNavigationContent\">\r\n                    <img decoding=\"async\" src=\"https:\/\/talkpal.ai\/wp-content\/uploads\/2024\/08\/Latvian.jpg\" alt=\"Latvian Flag\">\r\n                    <div>\r\n                        <h4>Tentang Pembelajaran Bahasa Latvia<\/h4>\r\n                        <p>Cari tahu semua tentang tata bahasa Latvia.<\/p>\r\n                    <\/div>\r\n                <\/div>\r\n            <\/div>\r\n        <\/a>\r\n\r\n        \r\n        <a href=\"https:\/\/talkpal.ai\/id\/latihan-tata-bahasa-latvia\/\">\r\n            <div class=\"learnNavigationWrapper\">\r\n                <div class=\"learnNavigationContent\">\r\n                    <img decoding=\"async\" src=\"https:\/\/talkpal.ai\/wp-content\/uploads\/2024\/08\/Latvian.jpg\" alt=\"Latvian Flag\">\r\n                    <div>\r\n                        <h4>Latihan Tata Bahasa Latvia<\/h4>\r\n                        <p>Berlatih tata bahasa Latvia.<\/p>\r\n                    <\/div>\r\n                <\/div>\r\n            <\/div>\r\n        <\/a>\r\n\r\n        \r\n        <a href=\"https:\/\/talkpal.ai\/vocabulary_language\/latvian\/\">\r\n            <div class=\"learnNavigationWrapper\">\r\n                <div class=\"learnNavigationContent\">\r\n                    <img decoding=\"async\" src=\"https:\/\/talkpal.ai\/wp-content\/uploads\/2024\/08\/Latvian.jpg\" alt=\"Latvian Flag\">\r\n                    <div>\r\n                        <h4>Kosakata Bahasa Latvia<\/h4>\r\n                        <p>Perluas kosakata bahasa Latvia Anda.<\/p>\r\n                    <\/div>\r\n                <\/div>\r\n            <\/div>\r\n        <\/a>\r\n\r\n            <\/section>","protected":false},"excerpt":{"rendered":"<p>Panduan Utama untuk Tata Bahasa Latvia: Menavigasi Seluk-beluk Bahasa yang Unik Tata bahasa Latvia, seperti bahasa itu sendiri, menyajikan permadani elemen linguistik yang kaya dan menarik. Sebagai bahasa Baltik, Latvia memikat pelajar dengan beragam fitur dan tantangan bahkan penutur yang paling mahir sekalipun. Dalam panduan ini, kami akan menjelajahi prinsip-prinsip utama tata bahasa Latvia, mengungkap [&hellip;]<\/p>\n","protected":false},"author":1,"featured_media":114495,"parent":0,"menu_order":0,"comment_status":"closed","ping_status":"closed","template":"LearningContentPage.php","meta":{"_acf_changed":false,"footnotes":""},"class_list":["post-145769","page","type-page","status-publish","has-post-thumbnail","hentry"],"acf":[],"yoast_head":"<!-- This site is optimized with the Yoast SEO Premium plugin v27.2 (Yoast SEO v27.2) - https:\/\/yoast.com\/product\/yoast-seo-premium-wordpress\/ -->\n<title>Tata Bahasa Latvia - Talkpal<\/title>\n<meta name=\"description\" content=\"Kuasai tata bahasa Latvia dengan percaya diri - pelajari aturan, praktikkan penggunaan, dan tingkatkan keakuratan bahasa dengan mudah dengan Talkpaldengan panduan AI yang dipersonalisasi.\" \/>\n<meta name=\"robots\" content=\"index, follow, max-snippet:-1, max-image-preview:large, max-video-preview:-1\" \/>\n<link rel=\"canonical\" href=\"https:\/\/talkpal.ai\/id\/tata-bahasa-latvia\/\" \/>\n<meta property=\"og:locale\" content=\"id_ID\" \/>\n<meta property=\"og:type\" content=\"article\" \/>\n<meta property=\"og:title\" content=\"Tata Bahasa Latvia\" \/>\n<meta property=\"og:description\" content=\"Panduan Utama untuk Tata Bahasa Latvia: Menavigasi Seluk-beluk Bahasa yang Unik Tata bahasa Latvia, seperti bahasa itu sendiri, menyajikan permadani\" \/>\n<meta property=\"og:url\" content=\"https:\/\/talkpal.ai\/id\/tata-bahasa-latvia\/\" \/>\n<meta property=\"og:site_name\" content=\"Talkpal\" \/>\n<meta property=\"article:publisher\" content=\"https:\/\/www.facebook.com\/profile.php?id=100090733639311\" \/>\n<meta property=\"article:modified_time\" content=\"2025-12-17T17:12:29+00:00\" \/>\n<meta property=\"og:image\" content=\"https:\/\/talkpal.ai\/wp-content\/uploads\/2023\/05\/latvia.png\" \/>\n\t<meta property=\"og:image:width\" content=\"512\" \/>\n\t<meta property=\"og:image:height\" content=\"512\" \/>\n\t<meta property=\"og:image:type\" content=\"image\/png\" \/>\n<meta name=\"twitter:card\" content=\"summary_large_image\" \/>\n<meta name=\"twitter:site\" content=\"@talkpalai\" \/>\n<meta name=\"twitter:label1\" content=\"Estimasi waktu membaca\" \/>\n\t<meta name=\"twitter:data1\" content=\"4 menit\" \/>\n<script type=\"application\/ld+json\" class=\"yoast-schema-graph\">{\"@context\":\"https:\/\/schema.org\",\"@graph\":[{\"@type\":\"WebPage\",\"@id\":\"https:\/\/talkpal.ai\/id\/tata-bahasa-latvia\/\",\"url\":\"https:\/\/talkpal.ai\/id\/tata-bahasa-latvia\/\",\"name\":\"Tata Bahasa Latvia - Talkpal\",\"isPartOf\":{\"@id\":\"https:\/\/talkpal.ai\/id\/#website\"},\"primaryImageOfPage\":{\"@id\":\"https:\/\/talkpal.ai\/id\/tata-bahasa-latvia\/#primaryimage\"},\"image\":{\"@id\":\"https:\/\/talkpal.ai\/id\/tata-bahasa-latvia\/#primaryimage\"},\"thumbnailUrl\":\"https:\/\/talkpal.ai\/wp-content\/uploads\/2023\/05\/latvia.png\",\"datePublished\":\"2023-05-14T14:10:24+00:00\",\"dateModified\":\"2025-12-17T17:12:29+00:00\",\"description\":\"Kuasai tata bahasa Latvia dengan percaya diri - pelajari aturan, praktikkan penggunaan, dan tingkatkan keakuratan bahasa dengan mudah dengan Talkpaldengan panduan AI yang dipersonalisasi.\",\"breadcrumb\":{\"@id\":\"https:\/\/talkpal.ai\/id\/tata-bahasa-latvia\/#breadcrumb\"},\"inLanguage\":\"id\",\"potentialAction\":[{\"@type\":\"ReadAction\",\"target\":[\"https:\/\/talkpal.ai\/id\/tata-bahasa-latvia\/\"]}]},{\"@type\":\"ImageObject\",\"inLanguage\":\"id\",\"@id\":\"https:\/\/talkpal.ai\/id\/tata-bahasa-latvia\/#primaryimage\",\"url\":\"https:\/\/talkpal.ai\/wp-content\/uploads\/2023\/05\/latvia.png\",\"contentUrl\":\"https:\/\/talkpal.ai\/wp-content\/uploads\/2023\/05\/latvia.png\",\"width\":512,\"height\":512},{\"@type\":\"BreadcrumbList\",\"@id\":\"https:\/\/talkpal.ai\/id\/tata-bahasa-latvia\/#breadcrumb\",\"itemListElement\":[{\"@type\":\"ListItem\",\"position\":1,\"name\":\"Homepage\",\"item\":\"https:\/\/talkpal.ai\/id\/\"},{\"@type\":\"ListItem\",\"position\":2,\"name\":\"Tata Bahasa Latvia\"}]},{\"@type\":\"WebSite\",\"@id\":\"https:\/\/talkpal.ai\/id\/#website\",\"url\":\"https:\/\/talkpal.ai\/id\/\",\"name\":\"Talkpal\",\"description\":\"AI Language Learning\",\"publisher\":{\"@id\":\"https:\/\/talkpal.ai\/id\/#organization\"},\"alternateName\":\"Talkpal AI\",\"potentialAction\":[{\"@type\":\"SearchAction\",\"target\":{\"@type\":\"EntryPoint\",\"urlTemplate\":\"https:\/\/talkpal.ai\/id\/?s={search_term_string}\"},\"query-input\":{\"@type\":\"PropertyValueSpecification\",\"valueRequired\":true,\"valueName\":\"search_term_string\"}}],\"inLanguage\":\"id\"},{\"@type\":\"Organization\",\"@id\":\"https:\/\/talkpal.ai\/id\/#organization\",\"name\":\"Talkpal, Inc.\",\"alternateName\":\"Talkpal AI\",\"url\":\"https:\/\/talkpal.ai\/id\/\",\"logo\":{\"@type\":\"ImageObject\",\"inLanguage\":\"id\",\"@id\":\"https:\/\/talkpal.ai\/id\/#\/schema\/logo\/image\/\",\"url\":\"https:\/\/talkpal.ai\/wp-content\/uploads\/2024\/03\/Talkpal-Logo-Icon.png\",\"contentUrl\":\"https:\/\/talkpal.ai\/wp-content\/uploads\/2024\/03\/Talkpal-Logo-Icon.png\",\"width\":2880,\"height\":2880,\"caption\":\"Talkpal, Inc.\"},\"image\":{\"@id\":\"https:\/\/talkpal.ai\/id\/#\/schema\/logo\/image\/\"},\"sameAs\":[\"https:\/\/www.facebook.com\/profile.php?id=100090733639311\",\"https:\/\/x.com\/talkpalai\",\"https:\/\/www.linkedin.com\/company\/talkpal\/\",\"https:\/\/www.youtube.com\/@TalkPal\/\",\"https:\/\/www.tiktok.com\/@talkpal\",\"https:\/\/www.instagram.com\/talkpal_ai\/\",\"https:\/\/www.crunchbase.com\/organization\/talkpal-9cde\",\"https:\/\/www.g2.com\/products\/talkpal-for-business\/\",\"https:\/\/www.trustpilot.com\/review\/talkpal.ai\",\"https:\/\/www.capterra.com\/p\/10006800\/TalkPal\/\"],\"description\":\"Talkpal is a language learning web and mobile education app, powered by the latest AI technologies, that provides engaging experiences to its customers in many different languages to help them improve their language skills. Users can chat about unlimited amount of topics with the app and use other modes to practice their language learning.\",\"email\":\"support@talkpal.ai\",\"legalName\":\"Talkpal, Inc.\",\"foundingDate\":\"2023-04-03\",\"duns\":\"118989042\",\"numberOfEmployees\":{\"@type\":\"QuantitativeValue\",\"minValue\":\"11\",\"maxValue\":\"50\"},\"publishingPrinciples\":\"https:\/\/talkpal.ai\/publishing-principles\/\",\"actionableFeedbackPolicy\":\"https:\/\/talkpal.ai\/actionable-feedback-policy\/\",\"correctionsPolicy\":\"https:\/\/talkpal.ai\/corrections-policy\/\",\"ethicsPolicy\":\"https:\/\/talkpal.ai\/ethics-policy\/\",\"diversityPolicy\":\"https:\/\/talkpal.ai\/diversity-policy\/\",\"diversityStaffingReport\":\"https:\/\/talkpal.ai\/diversity-policy\/\"}]}<\/script>\n<!-- \/ Yoast SEO Premium plugin. -->","yoast_head_json":{"title":"Tata Bahasa Latvia - Talkpal","description":"Kuasai tata bahasa Latvia dengan percaya diri - pelajari aturan, praktikkan penggunaan, dan tingkatkan keakuratan bahasa dengan mudah dengan Talkpaldengan panduan AI yang dipersonalisasi.","robots":{"index":"index","follow":"follow","max-snippet":"max-snippet:-1","max-image-preview":"max-image-preview:large","max-video-preview":"max-video-preview:-1"},"canonical":"https:\/\/talkpal.ai\/id\/tata-bahasa-latvia\/","og_locale":"id_ID","og_type":"article","og_title":"Tata Bahasa Latvia","og_description":"Panduan Utama untuk Tata Bahasa Latvia: Menavigasi Seluk-beluk Bahasa yang Unik Tata bahasa Latvia, seperti bahasa itu sendiri, menyajikan permadani","og_url":"https:\/\/talkpal.ai\/id\/tata-bahasa-latvia\/","og_site_name":"Talkpal","article_publisher":"https:\/\/www.facebook.com\/profile.php?id=100090733639311","article_modified_time":"2025-12-17T17:12:29+00:00","og_image":[{"width":512,"height":512,"url":"https:\/\/talkpal.ai\/wp-content\/uploads\/2023\/05\/latvia.png","type":"image\/png"}],"twitter_card":"summary_large_image","twitter_site":"@talkpalai","twitter_misc":{"Estimasi waktu membaca":"4 menit"},"schema":{"@context":"https:\/\/schema.org","@graph":[{"@type":"WebPage","@id":"https:\/\/talkpal.ai\/id\/tata-bahasa-latvia\/","url":"https:\/\/talkpal.ai\/id\/tata-bahasa-latvia\/","name":"Tata Bahasa Latvia - Talkpal","isPartOf":{"@id":"https:\/\/talkpal.ai\/id\/#website"},"primaryImageOfPage":{"@id":"https:\/\/talkpal.ai\/id\/tata-bahasa-latvia\/#primaryimage"},"image":{"@id":"https:\/\/talkpal.ai\/id\/tata-bahasa-latvia\/#primaryimage"},"thumbnailUrl":"https:\/\/talkpal.ai\/wp-content\/uploads\/2023\/05\/latvia.png","datePublished":"2023-05-14T14:10:24+00:00","dateModified":"2025-12-17T17:12:29+00:00","description":"Kuasai tata bahasa Latvia dengan percaya diri - pelajari aturan, praktikkan penggunaan, dan tingkatkan keakuratan bahasa dengan mudah dengan Talkpaldengan panduan AI yang dipersonalisasi.","breadcrumb":{"@id":"https:\/\/talkpal.ai\/id\/tata-bahasa-latvia\/#breadcrumb"},"inLanguage":"id","potentialAction":[{"@type":"ReadAction","target":["https:\/\/talkpal.ai\/id\/tata-bahasa-latvia\/"]}]},{"@type":"ImageObject","inLanguage":"id","@id":"https:\/\/talkpal.ai\/id\/tata-bahasa-latvia\/#primaryimage","url":"https:\/\/talkpal.ai\/wp-content\/uploads\/2023\/05\/latvia.png","contentUrl":"https:\/\/talkpal.ai\/wp-content\/uploads\/2023\/05\/latvia.png","width":512,"height":512},{"@type":"BreadcrumbList","@id":"https:\/\/talkpal.ai\/id\/tata-bahasa-latvia\/#breadcrumb","itemListElement":[{"@type":"ListItem","position":1,"name":"Homepage","item":"https:\/\/talkpal.ai\/id\/"},{"@type":"ListItem","position":2,"name":"Tata Bahasa Latvia"}]},{"@type":"WebSite","@id":"https:\/\/talkpal.ai\/id\/#website","url":"https:\/\/talkpal.ai\/id\/","name":"Talkpal","description":"AI Language Learning","publisher":{"@id":"https:\/\/talkpal.ai\/id\/#organization"},"alternateName":"Talkpal AI","potentialAction":[{"@type":"SearchAction","target":{"@type":"EntryPoint","urlTemplate":"https:\/\/talkpal.ai\/id\/?s={search_term_string}"},"query-input":{"@type":"PropertyValueSpecification","valueRequired":true,"valueName":"search_term_string"}}],"inLanguage":"id"},{"@type":"Organization","@id":"https:\/\/talkpal.ai\/id\/#organization","name":"Talkpal, Inc.","alternateName":"Talkpal AI","url":"https:\/\/talkpal.ai\/id\/","logo":{"@type":"ImageObject","inLanguage":"id","@id":"https:\/\/talkpal.ai\/id\/#\/schema\/logo\/image\/","url":"https:\/\/talkpal.ai\/wp-content\/uploads\/2024\/03\/Talkpal-Logo-Icon.png","contentUrl":"https:\/\/talkpal.ai\/wp-content\/uploads\/2024\/03\/Talkpal-Logo-Icon.png","width":2880,"height":2880,"caption":"Talkpal, Inc."},"image":{"@id":"https:\/\/talkpal.ai\/id\/#\/schema\/logo\/image\/"},"sameAs":["https:\/\/www.facebook.com\/profile.php?id=100090733639311","https:\/\/x.com\/talkpalai","https:\/\/www.linkedin.com\/company\/talkpal\/","https:\/\/www.youtube.com\/@TalkPal\/","https:\/\/www.tiktok.com\/@talkpal","https:\/\/www.instagram.com\/talkpal_ai\/","https:\/\/www.crunchbase.com\/organization\/talkpal-9cde","https:\/\/www.g2.com\/products\/talkpal-for-business\/","https:\/\/www.trustpilot.com\/review\/talkpal.ai","https:\/\/www.capterra.com\/p\/10006800\/TalkPal\/"],"description":"Talkpal is a language learning web and mobile education app, powered by the latest AI technologies, that provides engaging experiences to its customers in many different languages to help them improve their language skills. Users can chat about unlimited amount of topics with the app and use other modes to practice their language learning.","email":"support@talkpal.ai","legalName":"Talkpal, Inc.","foundingDate":"2023-04-03","duns":"118989042","numberOfEmployees":{"@type":"QuantitativeValue","minValue":"11","maxValue":"50"},"publishingPrinciples":"https:\/\/talkpal.ai\/publishing-principles\/","actionableFeedbackPolicy":"https:\/\/talkpal.ai\/actionable-feedback-policy\/","correctionsPolicy":"https:\/\/talkpal.ai\/corrections-policy\/","ethicsPolicy":"https:\/\/talkpal.ai\/ethics-policy\/","diversityPolicy":"https:\/\/talkpal.ai\/diversity-policy\/","diversityStaffingReport":"https:\/\/talkpal.ai\/diversity-policy\/"}]}},"_links":{"self":[{"href":"https:\/\/talkpal.ai\/id\/wp-json\/wp\/v2\/pages\/145769","targetHints":{"allow":["GET"]}}],"collection":[{"href":"https:\/\/talkpal.ai\/id\/wp-json\/wp\/v2\/pages"}],"about":[{"href":"https:\/\/talkpal.ai\/id\/wp-json\/wp\/v2\/types\/page"}],"author":[{"embeddable":true,"href":"https:\/\/talkpal.ai\/id\/wp-json\/wp\/v2\/users\/1"}],"replies":[{"embeddable":true,"href":"https:\/\/talkpal.ai\/id\/wp-json\/wp\/v2\/comments?post=145769"}],"version-history":[{"count":0,"href":"https:\/\/talkpal.ai\/id\/wp-json\/wp\/v2\/pages\/145769\/revisions"}],"wp:featuredmedia":[{"embeddable":true,"href":"https:\/\/talkpal.ai\/id\/wp-json\/wp\/v2\/media\/114495"}],"wp:attachment":[{"href":"https:\/\/talkpal.ai\/id\/wp-json\/wp\/v2\/media?parent=145769"}],"curies":[{"name":"wp","href":"https:\/\/api.w.org\/{rel}","templated":true}]}}