{"id":143353,"date":"2023-05-14T14:03:07","date_gmt":"2023-05-14T14:03:07","guid":{"rendered":"http:\/\/talkpal.ai\/tata-bahasa-ceko\/"},"modified":"2025-12-13T15:22:50","modified_gmt":"2025-12-13T15:22:50","slug":"tata-bahasa-ceko","status":"publish","type":"page","link":"https:\/\/talkpal.ai\/id\/tata-bahasa-ceko\/","title":{"rendered":"Tata Bahasa Ceko"},"content":{"rendered":"\r\n\r\n\r\n<section class=\"languageChallengeSection\">\r\n    <div class=\"languageInfoWrapper\">\r\n        \r\n        <h1>Tata Bahasa Ceko<\/h1>\r\n        <p>Jelajahi seluk-beluk <a href=\"https:\/\/talkpal.ai\/czech-grammar\/\">tata bahasa Ceko<\/a> dan buka pintu untuk memahami bahasa Eropa Tengah ini. Dengan menguasai aturan dan pola yang penting, Anda akan berkomunikasi dengan lebih efektif dan mendapatkan wawasan yang lebih dalam tentang budaya <a href=\"https:\/\/talkpal.ai\/learn-czech\/\">Ceko<\/a>. Mulailah belajar tata <a href=\"https:\/\/talkpal.ai\/id\/belajar-bahasa-ceko\/\">bahasa Ceko<\/a> hari ini dan ambil langkah pertama menuju kefasihan!<\/p>\r\n\r\n                            <a class=\"getStartedHidden\" href=\"https:\/\/app.talkpal.ai\/id\/signup?lng=\">Mulai<\/a>\r\n        \r\n    <\/div>\r\n\r\n    <figure>\r\n    <img decoding=\"async\" width=\"768\" height=\"768\" src=\"https:\/\/talkpal.ai\/wp-content\/uploads\/2023\/06\/Czech-768x768.png\" class=\"languageImage no-lazy\" alt=\"Language learning for intellectual development\" fetchpriority=\"high\" sizes=\"(max-width: 768px) 150px, 768px\" srcset=\"https:\/\/talkpal.ai\/wp-content\/uploads\/2023\/06\/Czech-768x768.png 768w, https:\/\/talkpal.ai\/wp-content\/uploads\/2023\/06\/Czech-300x300.png 300w\" \/>\r\n    \r\n\r\n    <\/figure>\r\n\r\n            <a class=\"getStartedVisible\" href=\"https:\/\/app.talkpal.ai\/id\/signup?lng=\">Mulai<\/a>\r\n    \r\n<\/section>\r\n<section class=\"promotionalBanner\">\r\n    <p class=\"promotionalText\">Cara paling efisien untuk belajar bahasa<\/p>\r\n    <a class=\"promotionalLink\" href=\"https:\/\/app.talkpal.ai\/id\/signup?lng=\">Coba Talkpal gratis<\/a>\r\n<\/section>\n<div class=\"wp-block-group pageContainerStyle\"><div class=\"wp-block-group__inner-container is-layout-constrained wp-block-group-is-layout-constrained\">\n<h2 class=\"wp-block-heading\" id=\"h-czech-grammar-making-sense-of-the-czech-language-s-unique-structure\">Tata Bahasa Ceko: Memahami Struktur Unik Bahasa Ceko<\/h2>\n\n\n\n<p>Jika Anda pernah <a href=\"https:\/\/talkpal.ai\/ko\/ai-%ec%96%b8%ec%96%b4-%ea%b5%90%ec%82%ac\/\">mencoba<\/a> <a href=\"https:\/\/talkpal.ai\/id\/panduan-lengkap-belajar-bahasa-ceko-untuk-pemula-2025\/\">belajar bahasa Ceko<\/a> &#8211; atau bahkan hanya membaca artikel atau buku <a href=\"https:\/\/talkpal.ai\/id\/belajar-bahasa-ceko\/\">bahasa Ceko<\/a> &#8211; Anda mungkin menyadari bahwa tata bahasanya cukup menantang. Secara luas dianggap sebagai salah satu sistem bahasa yang paling kompleks, <a href=\"https:\/\/talkpal.ai\/czech-grammar\/\">tata bahasa Ceko<\/a> telah membingungkan banyak <a href=\"https:\/\/talkpal.ai\/talkpal-discount-for-students\/\">siswa<\/a> asing. Tapi jangan biarkan hal <a href=\"https:\/\/talkpal.ai\/locations\/language-courses-in-itu\/\">itu<\/a> mengintimidasi Anda! Keunikan <a href=\"https:\/\/talkpal.ai\/id\/latihan-tata-bahasa-malta\/\">tata bahasa<\/a> Ceko adalah apa yang membuatnya menarik dan unik. Dalam artikel ini, kami akan menguraikan beberapa elemen kunci tata bahasa Ceko dalam bentuk percakapan untuk membantu Anda memahami bahasa yang indah ini secara lebih mendalam.<\/p>\n\n\n\n<h3 class=\"wp-block-heading\" id=\"h-1-nouns-declensions-and-cases-galore\">1. Kata benda \u2013 Deklinasi dan Kasus Berlimpah!<\/h3>\n\n\n\n<p>Salah satu hal pertama yang akan Anda perhatikan tentang tata bahasa Ceko adalah deklinasi kata benda. Deklinasi adalah sekelompok kata benda dengan fitur tata bahasa yang serupa, dan Ceko memiliki hingga 14 deklinasi yang berbeda. Bagaimana itu untuk variasi? Setiap kemerosotan memiliki pola khusus untuk mewakili bentuk kata benda tunggal dan jamak.<\/p>\n\n\n\n<p>Kata benda Ceko juga memiliki tujuh kasus berbeda: nominatif, genitif, datif, akusatif, vokatif, lokatif, dan instrumental. Meskipun jumlah tersebut mungkin tampak menakutkan, namun sangat penting untuk mempelajari kasus-kasus ini karena sangat penting dalam menyampaikan makna. Misalnya, dalam bahasa Ceko, urutan kata tidak sepenting dalam bahasa Inggris &#8211; huruf besar-kecillah yang menunjukkan hubungan antar kata.<\/p>\n\n\n\n<h3 class=\"wp-block-heading\" id=\"h-2-adjectives-agreeing-with-nouns\">2. Kata sifat \u2013 Setuju dengan Kata Benda<\/h3>\n\n\n\n<p>Kata sifat Ceko memiliki tugas khusus: mereka harus setuju dengan kata benda yang mereka modifikasi dalam jenis kelamin, jumlah, dan kasus. Anggap saja sebagai duo dinamis, tata bahasa tango, di mana satu setengah anggun menyesuaikan untuk melengkapi yang lain. Perjanjian ini membantu menciptakan harmoni dalam kalimat dan meningkatkan kejelasan.<\/p>\n\n\n\n<p>Sebagai contoh, kata untuk &#8220;cantik&#8221; dalam bahasa Ceko adalah &#8220;kr\u00e1sn\u00fd.&#8221; Jika Anda mendeskripsikan rumah yang indah (d\u016fm), yang bersifat maskulin, Anda akan menggunakan &#8220;kr\u00e1sn\u00fd d\u016fm.&#8221; Untuk seorang gadis cantik (d\u00edvka), yang feminin, menjadi &#8220;kr\u00e1sn\u00e1 d\u00edvka.&#8221; Dan untuk hari yang indah (den), yang netral, Anda akan mengatakan &#8220;kr\u00e1sn\u00fd den.&#8221; Lihat bagaimana kata sifat menari bersama dengan kata benda?<\/p>\n\n\n\n<h3 class=\"wp-block-heading\" id=\"h-3-verbs-the-art-of-conjugation\">3. Kata Kerja \u2013 Seni Konjugasi<\/h3>\n\n\n\n<p>Di Ceko, seni konjugasi &#8211; yaitu, mengubah bentuk kata kerja berdasarkan tegang, suasana hati, dan orang &#8211; mengambil kehidupan sendiri. Kata kerja Ceko terbagi dalam dua kategori: sempurna dan tidak sempurna. Kata kerja perfective menunjukkan bahwa suatu tindakan telah selesai, sedangkan kata kerja imperfective menunjukkan tindakan yang sedang berlangsung atau kebiasaan.  <\/p>\n\n\n\n<p>Tata bahasa Ceko memiliki beberapa kebiasaan menarik dalam hal kata kerja. Misalnya, future tense hanya dibentuk secara teratur untuk kata kerja imperfective. Untuk kata kerja perfective, itu menyatu dengan present tense! Selain itu, alih-alih memiliki suara pasif tertentu, bahasa Ceko menggabungkan konstruksi pasif menggunakan kata kerja bantu. Jangan lupakan kata kerja refleksif bahasa Ceko, di mana tindakan memantul kembali ke subjek, menambahkan lapisan nuansa lain pada bahasa yang menarik ini.<\/p>\n\n\n\n<h3 class=\"wp-block-heading\" id=\"h-4-pronouns-the-mirror-of-linguistic-diversity\">4. Kata ganti: Cermin keragaman linguistik<\/h3>\n\n\n\n<p>Kata ganti dalam tata bahasa Ceko &#8211; kita berbicara tentang kata ganti orang, posesif, demonstratif, interogatif, dan relatif &#8211; semuanya menunjukkan keragaman yang sama dengan bagian lain dari pidato. Mereka juga harus setuju dalam jenis kelamin, jumlah, dan kasus dengan kata benda yang mereka ganti atau rujuk.<\/p>\n\n\n\n<p>Misalnya, jika Anda berbicara tentang buku yang Anda sukai, Anda akan mengatakan &#8220;M\u00e1m r\u00e1d tu knihu&#8221; (Saya suka buku itu). Di sini, &#8220;tu&#8221; adalah bentuk feminin dari kata ganti demonstratif &#8220;itu&#8221;, sesuai dengan &#8220;kniha&#8221; (buku), yang juga feminin.<\/p>\n\n\n\n<h3 class=\"wp-block-heading\" id=\"h-5-embracing-the-challenge\">5. Menerima Tantangan<\/h3>\n\n\n\n<p>Tata bahasa Ceko mungkin membingungkan dan mengintimidasi, tetapi itu juga yang membuat bahasa yang menarik ini menonjol. Jangan menghindar dari tantangan! Ingat, ini bukan tentang menguasai semuanya sekaligus, tetapi membuat kemajuan selangkah demi selangkah. Luangkan waktu untuk memahami sistem tata bahasa Ceko yang unik, dan Anda akan segera menguasai bahasa yang indah dan kompleks ini. Dan, saat Anda merangkul nuansa menyenangkan yang ditawarkan tata bahasa Ceko, Anda pasti akan menemukan apresiasi baru terhadap kerumitannya. Selamat belajar!<\/p>\n<\/div><\/div>\n\r\n<section class=\"learnNavigationSection\">\r\n            \r\n        <a href=\"https:\/\/talkpal.ai\/id\/belajar-bahasa-ceko\/\">\r\n            <div class=\"learnNavigationWrapper\">\r\n                <div class=\"learnNavigationContent\">\r\n                    <img decoding=\"async\" src=\"https:\/\/talkpal.ai\/wp-content\/uploads\/2024\/08\/Czech.jpg\" alt=\"Czech Flag\">\r\n                    <div>\r\n                        <h4>Tentang Pembelajaran Bahasa Ceko<\/h4>\r\n                        <p>Cari tahu semua tentang tata bahasa Ceko.<\/p>\r\n                    <\/div>\r\n                <\/div>\r\n            <\/div>\r\n        <\/a>\r\n\r\n        \r\n        <a href=\"https:\/\/talkpal.ai\/id\/latihan-tata-bahasa-ceko\/\">\r\n            <div class=\"learnNavigationWrapper\">\r\n                <div class=\"learnNavigationContent\">\r\n                    <img decoding=\"async\" src=\"https:\/\/talkpal.ai\/wp-content\/uploads\/2024\/08\/Czech.jpg\" alt=\"Czech Flag\">\r\n                    <div>\r\n                        <h4>Latihan Tata Bahasa Ceko<\/h4>\r\n                        <p>Berlatih tata bahasa Ceko.<\/p>\r\n                    <\/div>\r\n                <\/div>\r\n            <\/div>\r\n        <\/a>\r\n\r\n        \r\n        <a href=\"https:\/\/talkpal.ai\/vocabulary_language\/czech\/\">\r\n            <div class=\"learnNavigationWrapper\">\r\n                <div class=\"learnNavigationContent\">\r\n                    <img decoding=\"async\" src=\"https:\/\/talkpal.ai\/wp-content\/uploads\/2024\/08\/Czech.jpg\" alt=\"Czech Flag\">\r\n                    <div>\r\n                        <h4>Kosakata Bahasa Ceko<\/h4>\r\n                        <p>Perluas kosakata bahasa Ceko Anda.<\/p>\r\n                    <\/div>\r\n                <\/div>\r\n            <\/div>\r\n        <\/a>\r\n\r\n            <\/section>","protected":false},"excerpt":{"rendered":"<p>Tata Bahasa Ceko: Memahami Struktur Unik Bahasa Ceko Jika Anda pernah mencoba belajar bahasa Ceko &#8211; atau bahkan hanya membaca artikel atau buku bahasa Ceko &#8211; Anda mungkin menyadari bahwa tata bahasanya cukup menantang. Secara luas dianggap sebagai salah satu sistem bahasa yang paling kompleks, tata bahasa Ceko telah membingungkan banyak siswa asing. Tapi jangan [&hellip;]<\/p>\n","protected":false},"author":1,"featured_media":111605,"parent":0,"menu_order":0,"comment_status":"closed","ping_status":"closed","template":"LearningContentPage.php","meta":{"_acf_changed":false,"footnotes":""},"class_list":["post-143353","page","type-page","status-publish","has-post-thumbnail","hentry"],"acf":[],"yoast_head":"<!-- This site is optimized with the Yoast SEO Premium plugin v27.2 (Yoast SEO v27.2) - https:\/\/yoast.com\/product\/yoast-seo-premium-wordpress\/ -->\n<title>Tata Bahasa Ceko - Talkpal<\/title>\n<meta name=\"description\" content=\"Membuka rahasia tata bahasa Ceko. Pelajari tentang kompleksitasnya yang unik dan cara menguasai deklarasi kata benda secara efektif.\" \/>\n<meta name=\"robots\" content=\"index, follow, max-snippet:-1, max-image-preview:large, max-video-preview:-1\" \/>\n<link rel=\"canonical\" href=\"https:\/\/talkpal.ai\/id\/tata-bahasa-ceko\/\" \/>\n<meta property=\"og:locale\" content=\"id_ID\" \/>\n<meta property=\"og:type\" content=\"article\" \/>\n<meta property=\"og:title\" content=\"Tata Bahasa Ceko\" \/>\n<meta property=\"og:description\" content=\"Tata Bahasa Ceko: Memahami Struktur Unik Bahasa Ceko Jika Anda pernah mencoba belajar bahasa Ceko - atau bahkan hanya membaca artikel atau buku bahasa\" \/>\n<meta property=\"og:url\" content=\"https:\/\/talkpal.ai\/id\/tata-bahasa-ceko\/\" \/>\n<meta property=\"og:site_name\" content=\"Talkpal\" \/>\n<meta property=\"article:publisher\" content=\"https:\/\/www.facebook.com\/profile.php?id=100090733639311\" \/>\n<meta property=\"article:modified_time\" content=\"2025-12-13T15:22:50+00:00\" \/>\n<meta property=\"og:image\" content=\"https:\/\/talkpal.ai\/wp-content\/uploads\/2023\/05\/czech-republic.png\" \/>\n\t<meta property=\"og:image:width\" content=\"512\" \/>\n\t<meta property=\"og:image:height\" content=\"512\" \/>\n\t<meta property=\"og:image:type\" content=\"image\/png\" \/>\n<meta name=\"twitter:card\" content=\"summary_large_image\" \/>\n<meta name=\"twitter:site\" content=\"@talkpalai\" \/>\n<meta name=\"twitter:label1\" content=\"Estimasi waktu membaca\" \/>\n\t<meta name=\"twitter:data1\" content=\"3 menit\" \/>\n<script type=\"application\/ld+json\" class=\"yoast-schema-graph\">{\"@context\":\"https:\/\/schema.org\",\"@graph\":[{\"@type\":\"WebPage\",\"@id\":\"https:\/\/talkpal.ai\/id\/tata-bahasa-ceko\/\",\"url\":\"https:\/\/talkpal.ai\/id\/tata-bahasa-ceko\/\",\"name\":\"Tata Bahasa Ceko - Talkpal\",\"isPartOf\":{\"@id\":\"https:\/\/talkpal.ai\/id\/#website\"},\"primaryImageOfPage\":{\"@id\":\"https:\/\/talkpal.ai\/id\/tata-bahasa-ceko\/#primaryimage\"},\"image\":{\"@id\":\"https:\/\/talkpal.ai\/id\/tata-bahasa-ceko\/#primaryimage\"},\"thumbnailUrl\":\"https:\/\/talkpal.ai\/wp-content\/uploads\/2023\/05\/czech-republic.png\",\"datePublished\":\"2023-05-14T14:03:07+00:00\",\"dateModified\":\"2025-12-13T15:22:50+00:00\",\"description\":\"Membuka rahasia tata bahasa Ceko. Pelajari tentang kompleksitasnya yang unik dan cara menguasai deklarasi kata benda secara efektif.\",\"breadcrumb\":{\"@id\":\"https:\/\/talkpal.ai\/id\/tata-bahasa-ceko\/#breadcrumb\"},\"inLanguage\":\"id\",\"potentialAction\":[{\"@type\":\"ReadAction\",\"target\":[\"https:\/\/talkpal.ai\/id\/tata-bahasa-ceko\/\"]}]},{\"@type\":\"ImageObject\",\"inLanguage\":\"id\",\"@id\":\"https:\/\/talkpal.ai\/id\/tata-bahasa-ceko\/#primaryimage\",\"url\":\"https:\/\/talkpal.ai\/wp-content\/uploads\/2023\/05\/czech-republic.png\",\"contentUrl\":\"https:\/\/talkpal.ai\/wp-content\/uploads\/2023\/05\/czech-republic.png\",\"width\":512,\"height\":512},{\"@type\":\"BreadcrumbList\",\"@id\":\"https:\/\/talkpal.ai\/id\/tata-bahasa-ceko\/#breadcrumb\",\"itemListElement\":[{\"@type\":\"ListItem\",\"position\":1,\"name\":\"Homepage\",\"item\":\"https:\/\/talkpal.ai\/id\/\"},{\"@type\":\"ListItem\",\"position\":2,\"name\":\"Tata Bahasa Ceko\"}]},{\"@type\":\"WebSite\",\"@id\":\"https:\/\/talkpal.ai\/id\/#website\",\"url\":\"https:\/\/talkpal.ai\/id\/\",\"name\":\"Talkpal\",\"description\":\"AI Language Learning\",\"publisher\":{\"@id\":\"https:\/\/talkpal.ai\/id\/#organization\"},\"alternateName\":\"Talkpal AI\",\"potentialAction\":[{\"@type\":\"SearchAction\",\"target\":{\"@type\":\"EntryPoint\",\"urlTemplate\":\"https:\/\/talkpal.ai\/id\/?s={search_term_string}\"},\"query-input\":{\"@type\":\"PropertyValueSpecification\",\"valueRequired\":true,\"valueName\":\"search_term_string\"}}],\"inLanguage\":\"id\"},{\"@type\":\"Organization\",\"@id\":\"https:\/\/talkpal.ai\/id\/#organization\",\"name\":\"Talkpal, Inc.\",\"alternateName\":\"Talkpal AI\",\"url\":\"https:\/\/talkpal.ai\/id\/\",\"logo\":{\"@type\":\"ImageObject\",\"inLanguage\":\"id\",\"@id\":\"https:\/\/talkpal.ai\/id\/#\/schema\/logo\/image\/\",\"url\":\"https:\/\/talkpal.ai\/wp-content\/uploads\/2024\/03\/Talkpal-Logo-Icon.png\",\"contentUrl\":\"https:\/\/talkpal.ai\/wp-content\/uploads\/2024\/03\/Talkpal-Logo-Icon.png\",\"width\":2880,\"height\":2880,\"caption\":\"Talkpal, Inc.\"},\"image\":{\"@id\":\"https:\/\/talkpal.ai\/id\/#\/schema\/logo\/image\/\"},\"sameAs\":[\"https:\/\/www.facebook.com\/profile.php?id=100090733639311\",\"https:\/\/x.com\/talkpalai\",\"https:\/\/www.linkedin.com\/company\/talkpal\/\",\"https:\/\/www.youtube.com\/@TalkPal\/\",\"https:\/\/www.tiktok.com\/@talkpal\",\"https:\/\/www.instagram.com\/talkpal_ai\/\",\"https:\/\/www.crunchbase.com\/organization\/talkpal-9cde\",\"https:\/\/www.g2.com\/products\/talkpal-for-business\/\",\"https:\/\/www.trustpilot.com\/review\/talkpal.ai\",\"https:\/\/www.capterra.com\/p\/10006800\/TalkPal\/\"],\"description\":\"Talkpal is a language learning web and mobile education app, powered by the latest AI technologies, that provides engaging experiences to its customers in many different languages to help them improve their language skills. Users can chat about unlimited amount of topics with the app and use other modes to practice their language learning.\",\"email\":\"support@talkpal.ai\",\"legalName\":\"Talkpal, Inc.\",\"foundingDate\":\"2023-04-03\",\"duns\":\"118989042\",\"numberOfEmployees\":{\"@type\":\"QuantitativeValue\",\"minValue\":\"11\",\"maxValue\":\"50\"},\"publishingPrinciples\":\"https:\/\/talkpal.ai\/publishing-principles\/\",\"actionableFeedbackPolicy\":\"https:\/\/talkpal.ai\/actionable-feedback-policy\/\",\"correctionsPolicy\":\"https:\/\/talkpal.ai\/corrections-policy\/\",\"ethicsPolicy\":\"https:\/\/talkpal.ai\/ethics-policy\/\",\"diversityPolicy\":\"https:\/\/talkpal.ai\/diversity-policy\/\",\"diversityStaffingReport\":\"https:\/\/talkpal.ai\/diversity-policy\/\"}]}<\/script>\n<!-- \/ Yoast SEO Premium plugin. -->","yoast_head_json":{"title":"Tata Bahasa Ceko - Talkpal","description":"Membuka rahasia tata bahasa Ceko. Pelajari tentang kompleksitasnya yang unik dan cara menguasai deklarasi kata benda secara efektif.","robots":{"index":"index","follow":"follow","max-snippet":"max-snippet:-1","max-image-preview":"max-image-preview:large","max-video-preview":"max-video-preview:-1"},"canonical":"https:\/\/talkpal.ai\/id\/tata-bahasa-ceko\/","og_locale":"id_ID","og_type":"article","og_title":"Tata Bahasa Ceko","og_description":"Tata Bahasa Ceko: Memahami Struktur Unik Bahasa Ceko Jika Anda pernah mencoba belajar bahasa Ceko - atau bahkan hanya membaca artikel atau buku bahasa","og_url":"https:\/\/talkpal.ai\/id\/tata-bahasa-ceko\/","og_site_name":"Talkpal","article_publisher":"https:\/\/www.facebook.com\/profile.php?id=100090733639311","article_modified_time":"2025-12-13T15:22:50+00:00","og_image":[{"width":512,"height":512,"url":"https:\/\/talkpal.ai\/wp-content\/uploads\/2023\/05\/czech-republic.png","type":"image\/png"}],"twitter_card":"summary_large_image","twitter_site":"@talkpalai","twitter_misc":{"Estimasi waktu membaca":"3 menit"},"schema":{"@context":"https:\/\/schema.org","@graph":[{"@type":"WebPage","@id":"https:\/\/talkpal.ai\/id\/tata-bahasa-ceko\/","url":"https:\/\/talkpal.ai\/id\/tata-bahasa-ceko\/","name":"Tata Bahasa Ceko - Talkpal","isPartOf":{"@id":"https:\/\/talkpal.ai\/id\/#website"},"primaryImageOfPage":{"@id":"https:\/\/talkpal.ai\/id\/tata-bahasa-ceko\/#primaryimage"},"image":{"@id":"https:\/\/talkpal.ai\/id\/tata-bahasa-ceko\/#primaryimage"},"thumbnailUrl":"https:\/\/talkpal.ai\/wp-content\/uploads\/2023\/05\/czech-republic.png","datePublished":"2023-05-14T14:03:07+00:00","dateModified":"2025-12-13T15:22:50+00:00","description":"Membuka rahasia tata bahasa Ceko. Pelajari tentang kompleksitasnya yang unik dan cara menguasai deklarasi kata benda secara efektif.","breadcrumb":{"@id":"https:\/\/talkpal.ai\/id\/tata-bahasa-ceko\/#breadcrumb"},"inLanguage":"id","potentialAction":[{"@type":"ReadAction","target":["https:\/\/talkpal.ai\/id\/tata-bahasa-ceko\/"]}]},{"@type":"ImageObject","inLanguage":"id","@id":"https:\/\/talkpal.ai\/id\/tata-bahasa-ceko\/#primaryimage","url":"https:\/\/talkpal.ai\/wp-content\/uploads\/2023\/05\/czech-republic.png","contentUrl":"https:\/\/talkpal.ai\/wp-content\/uploads\/2023\/05\/czech-republic.png","width":512,"height":512},{"@type":"BreadcrumbList","@id":"https:\/\/talkpal.ai\/id\/tata-bahasa-ceko\/#breadcrumb","itemListElement":[{"@type":"ListItem","position":1,"name":"Homepage","item":"https:\/\/talkpal.ai\/id\/"},{"@type":"ListItem","position":2,"name":"Tata Bahasa Ceko"}]},{"@type":"WebSite","@id":"https:\/\/talkpal.ai\/id\/#website","url":"https:\/\/talkpal.ai\/id\/","name":"Talkpal","description":"AI Language Learning","publisher":{"@id":"https:\/\/talkpal.ai\/id\/#organization"},"alternateName":"Talkpal AI","potentialAction":[{"@type":"SearchAction","target":{"@type":"EntryPoint","urlTemplate":"https:\/\/talkpal.ai\/id\/?s={search_term_string}"},"query-input":{"@type":"PropertyValueSpecification","valueRequired":true,"valueName":"search_term_string"}}],"inLanguage":"id"},{"@type":"Organization","@id":"https:\/\/talkpal.ai\/id\/#organization","name":"Talkpal, Inc.","alternateName":"Talkpal AI","url":"https:\/\/talkpal.ai\/id\/","logo":{"@type":"ImageObject","inLanguage":"id","@id":"https:\/\/talkpal.ai\/id\/#\/schema\/logo\/image\/","url":"https:\/\/talkpal.ai\/wp-content\/uploads\/2024\/03\/Talkpal-Logo-Icon.png","contentUrl":"https:\/\/talkpal.ai\/wp-content\/uploads\/2024\/03\/Talkpal-Logo-Icon.png","width":2880,"height":2880,"caption":"Talkpal, Inc."},"image":{"@id":"https:\/\/talkpal.ai\/id\/#\/schema\/logo\/image\/"},"sameAs":["https:\/\/www.facebook.com\/profile.php?id=100090733639311","https:\/\/x.com\/talkpalai","https:\/\/www.linkedin.com\/company\/talkpal\/","https:\/\/www.youtube.com\/@TalkPal\/","https:\/\/www.tiktok.com\/@talkpal","https:\/\/www.instagram.com\/talkpal_ai\/","https:\/\/www.crunchbase.com\/organization\/talkpal-9cde","https:\/\/www.g2.com\/products\/talkpal-for-business\/","https:\/\/www.trustpilot.com\/review\/talkpal.ai","https:\/\/www.capterra.com\/p\/10006800\/TalkPal\/"],"description":"Talkpal is a language learning web and mobile education app, powered by the latest AI technologies, that provides engaging experiences to its customers in many different languages to help them improve their language skills. Users can chat about unlimited amount of topics with the app and use other modes to practice their language learning.","email":"support@talkpal.ai","legalName":"Talkpal, Inc.","foundingDate":"2023-04-03","duns":"118989042","numberOfEmployees":{"@type":"QuantitativeValue","minValue":"11","maxValue":"50"},"publishingPrinciples":"https:\/\/talkpal.ai\/publishing-principles\/","actionableFeedbackPolicy":"https:\/\/talkpal.ai\/actionable-feedback-policy\/","correctionsPolicy":"https:\/\/talkpal.ai\/corrections-policy\/","ethicsPolicy":"https:\/\/talkpal.ai\/ethics-policy\/","diversityPolicy":"https:\/\/talkpal.ai\/diversity-policy\/","diversityStaffingReport":"https:\/\/talkpal.ai\/diversity-policy\/"}]}},"_links":{"self":[{"href":"https:\/\/talkpal.ai\/id\/wp-json\/wp\/v2\/pages\/143353","targetHints":{"allow":["GET"]}}],"collection":[{"href":"https:\/\/talkpal.ai\/id\/wp-json\/wp\/v2\/pages"}],"about":[{"href":"https:\/\/talkpal.ai\/id\/wp-json\/wp\/v2\/types\/page"}],"author":[{"embeddable":true,"href":"https:\/\/talkpal.ai\/id\/wp-json\/wp\/v2\/users\/1"}],"replies":[{"embeddable":true,"href":"https:\/\/talkpal.ai\/id\/wp-json\/wp\/v2\/comments?post=143353"}],"version-history":[{"count":0,"href":"https:\/\/talkpal.ai\/id\/wp-json\/wp\/v2\/pages\/143353\/revisions"}],"wp:featuredmedia":[{"embeddable":true,"href":"https:\/\/talkpal.ai\/id\/wp-json\/wp\/v2\/media\/111605"}],"wp:attachment":[{"href":"https:\/\/talkpal.ai\/id\/wp-json\/wp\/v2\/media?parent=143353"}],"curies":[{"name":"wp","href":"https:\/\/api.w.org\/{rel}","templated":true}]}}