{"id":142726,"date":"2023-05-14T14:01:53","date_gmt":"2023-05-14T14:01:53","guid":{"rendered":"http:\/\/talkpal.ai\/tata-bahasa-estonia\/"},"modified":"2025-12-13T15:31:15","modified_gmt":"2025-12-13T15:31:15","slug":"tata-bahasa-estonia","status":"publish","type":"page","link":"https:\/\/talkpal.ai\/id\/tata-bahasa-estonia\/","title":{"rendered":"Tata Bahasa Estonia"},"content":{"rendered":"\r\n\r\n\r\n<section class=\"languageChallengeSection\">\r\n    <div class=\"languageInfoWrapper\">\r\n        \r\n        <h1>Tata Bahasa Estonia<\/h1>\r\n        <p>Berpikir untuk belajar bahasa <a href=\"https:\/\/talkpal.ai\/locations\/language-courses-in-estonia\/\">Estonia<\/a>? Masuki dunia <a href=\"https:\/\/talkpal.ai\/estonian-grammar\/\">tata bahasa Estonia<\/a>, di mana aglutinasi, keselarasan vokal, dan berbagai macam kasus kata benda menciptakan pengalaman bahasa yang benar-benar khas. Mulailah menjelajah hari ini &#8211; menguasai <a href=\"https:\/\/talkpal.ai\/estonian-grammar\/\">tata bahasa Estonia<\/a> tidak hanya akan meningkatkan kefasihan Anda, tetapi juga menghubungkan Anda dengan budaya dan sejarah Estonia yang kaya!<\/p>\r\n\r\n                            <a class=\"getStartedHidden\" href=\"https:\/\/app.talkpal.ai\/id\/signup?lng=\">Mulai<\/a>\r\n        \r\n    <\/div>\r\n\r\n    <figure>\r\n    <img decoding=\"async\" width=\"768\" height=\"768\" src=\"https:\/\/talkpal.ai\/wp-content\/uploads\/2023\/06\/Estonian-768x768.png\" class=\"languageImage no-lazy\" alt=\"Secret tricks of language learning\" fetchpriority=\"high\" sizes=\"(max-width: 768px) 150px, 768px\" srcset=\"https:\/\/talkpal.ai\/wp-content\/uploads\/2023\/06\/Estonian-768x768.png 768w, https:\/\/talkpal.ai\/wp-content\/uploads\/2023\/06\/Estonian-300x300.png 300w\" \/>\r\n    \r\n\r\n    <\/figure>\r\n\r\n            <a class=\"getStartedVisible\" href=\"https:\/\/app.talkpal.ai\/id\/signup?lng=\">Mulai<\/a>\r\n    \r\n<\/section>\r\n<section class=\"promotionalBanner\">\r\n    <p class=\"promotionalText\">Cara paling efisien untuk belajar bahasa<\/p>\r\n    <a class=\"promotionalLink\" href=\"https:\/\/app.talkpal.ai\/id\/signup?lng=\">Coba Talkpal gratis<\/a>\r\n<\/section>\n<div class=\"wp-block-group pageContainerStyle\"><div class=\"wp-block-group__inner-container is-layout-constrained wp-block-group-is-layout-constrained\">\n<h2 class=\"wp-block-heading\" id=\"h-estonian-grammar-the-gateway-to-a-unique-language-journey\">Tata Bahasa Estonia: Pintu Gerbang Menuju Perjalanan Bahasa yang Unik<\/h2>\n\n\n\n<p><a href=\"https:\/\/talkpal.ai\/culture\/how-do-you-say-welcome-in-malay\/\">Selamat datang<\/a> di dunia Estonia yang menarik! Dengan lebih dari satu juta penutur asli, Estonia menawarkan Anda kesempatan unik untuk memperluas cakrawala linguistik Anda dan menemukan budaya yang dinamis. Meskipun seluk-beluk <a href=\"https:\/\/talkpal.ai\/id\/latihan-tata-bahasa-malta\/\">tata bahasa<\/a> Estonia mungkin tampak menakutkan pada pandangan pertama, panduan pemula yang ramah ini hadir untuk menguraikan dasar-dasar tata bahasa Estonia dengan cara yang sederhana dan menarik.<\/p>\n\n\n\n<h3 class=\"wp-block-heading\" id=\"h-1-embracing-the-estonian-alphabet\">1. Merangkul Alfabet Estonia<\/h3>\n\n\n\n<p>Perjalanan untuk menguasai bahasa Estonia dimulai dengan alfabetnya. Bahasa Estonia menggunakan aksara Latin, dilengkapi dengan sembilan karakter khusus: \u00c4, \u00d6, \u00dc, \u00d5, \u0160, \u017d, dan rekan-rekan huruf kecil mereka. Membiasakan diri dengan karakter-karakter ini akan menciptakan fondasi yang kuat untuk pengalaman belajar Estonia Anda.<\/p>\n\n\n\n<h3 class=\"wp-block-heading\" id=\"h-2-getting-a-grip-on-estonian-nouns\">2. Menguasai Kata Benda Estonia<\/h3>\n\n\n\n<p>Tidak seperti banyak bahasa Eropa, Estonia tidak membedakan antara jenis kelamin maskulin dan feminin. Kata benda malah diklasifikasikan sebagai tunggal atau jamak, dan setiap kata benda memiliki 14 kasus. Meskipun hal ini mungkin tampak membingungkan, sangat penting untuk memahami bahwa struktur morfologi kata benda cukup teratur, sehingga lebih mudah untuk dipelajari. Untuk <a href=\"https:\/\/talkpal.ai\/ko\/ai-%ec%96%b8%ec%96%b4-%ea%b5%90%ec%82%ac\/\">memulai<\/a>, fokuslah untuk menguasai kasus yang paling umum: Nominatif, Genitif, dan Parsial.<\/p>\n\n\n\n<h3 class=\"wp-block-heading\" id=\"h-3-conquering-estonian-verb-conjugation\">3. Menaklukkan Konjugasi Kata Kerja Estonia<\/h3>\n\n\n\n<p>Kata kerja Estonia terkonjugasi berdasarkan tenses, person, dan number. Hanya ada tiga tenses: present, past (dikodekan oleh <a href=\"https:\/\/talkpal.ai\/culture\/how-do-i-agree-the-past-participle-with-avoir\/\">past participle<\/a>), dan future (dinyatakan oleh bentuk present tense dari kata kerja, dikombinasikan dengan future auxiliary).<\/p>\n\n\n\n<p>Sebagai contoh, berikut adalah konjugasi untuk kata kerja &#8220;lugema&#8221; (membaca):<\/p>\n\n\n\n<p><strong>&#8211; Hadir: Ma loen (saya membaca)<\/strong><\/p>\n\n\n\n<p><strong>&#8211; Masa lalu: Ma lugesin (Saya membaca\/sudah membaca)<\/strong><\/p>\n\n\n\n<p><strong>&#8211; Masa depan: Ma loen raamatuid (Saya akan membaca buku)<\/strong><\/p>\n\n\n\n<h3 class=\"wp-block-heading\" id=\"h-4-unraveling-the-mystery-of-estonian-pronouns\">4. Mengungkap Misteri Kata Ganti Estonia<\/h3>\n\n\n\n<p>Kata ganti dalam bahasa Estonia berfungsi untuk menggantikan kata benda dan membuat ucapan lebih halus dan lebih dinamis. Fokus pada mempelajari kata ganti pribadi dan posesif:<\/p>\n\n\n\n<p><strong>&#8211; Kata ganti orang: mina (saya), sina (kamu, informal), tema (dia), meie (kami), teie (kalian, jamak\/formal), nemad (mereka)<\/strong><\/p>\n\n\n\n<p><strong>&#8211; Kata ganti kepemilikan: minu (saya), sinu (kamu, informal), tema (miliknya), meie (kami), teie (kamu, jamak\/formal), nende (mereka)<\/strong><\/p>\n\n\n\n<h3 class=\"wp-block-heading\" id=\"h-5-no-articles-no-problem\">5. Tidak Ada Artikel, Tidak Masalah!<\/h3>\n\n\n\n<p>Bahasa Estonia tidak menggunakan artikel pasti atau tidak terbatas, memungkinkan Anda untuk bernapas lega. Misalnya:<\/p>\n\n\n\n<p><strong>&#8211; Koer &#8211; &#8220;anjing&#8221; atau &#8220;seekor anjing&#8221;<\/strong><\/p>\n\n\n\n<p><strong>&#8211; Maja &#8211; &#8220;rumah&#8221; atau &#8220;rumah&#8221;<\/strong><\/p>\n\n\n\n<p>Menguasai tata bahasa Estonia adalah proses yang menarik dan memperkaya, yang membuka pintu bagi pengalaman budaya yang kaya. Ingatlah bahwa latihan adalah kuncinya, jadi benamkan diri Anda dalam tata bahasa Estonia, terlibat dengan penutur asli, dan bangun fondasi yang kuat untuk perjalanan bahasa Anda. Edu! (Semoga berhasil!)<\/p>\n<\/div><\/div>\n\r\n<section class=\"learnNavigationSection\">\r\n            \r\n        <a href=\"https:\/\/talkpal.ai\/id\/belajar-bahasa-estonia\/\">\r\n            <div class=\"learnNavigationWrapper\">\r\n                <div class=\"learnNavigationContent\">\r\n                    <img decoding=\"async\" src=\"https:\/\/talkpal.ai\/wp-content\/uploads\/2024\/08\/Estonian.jpg\" alt=\"Estonian Flag\">\r\n                    <div>\r\n                        <h4>Tentang Pembelajaran Bahasa Estonia<\/h4>\r\n                        <p>Cari tahu semua tentang tata bahasa Estonia.<\/p>\r\n                    <\/div>\r\n                <\/div>\r\n            <\/div>\r\n        <\/a>\r\n\r\n        \r\n        <a href=\"https:\/\/talkpal.ai\/id\/latihan-tata-bahasa-estonia\/\">\r\n            <div class=\"learnNavigationWrapper\">\r\n                <div class=\"learnNavigationContent\">\r\n                    <img decoding=\"async\" src=\"https:\/\/talkpal.ai\/wp-content\/uploads\/2024\/08\/Estonian.jpg\" alt=\"Estonian Flag\">\r\n                    <div>\r\n                        <h4>Latihan Tata Bahasa Estonia<\/h4>\r\n                        <p>Berlatih tata bahasa Estonia.<\/p>\r\n                    <\/div>\r\n                <\/div>\r\n            <\/div>\r\n        <\/a>\r\n\r\n        \r\n        <a href=\"https:\/\/talkpal.ai\/vocabulary_language\/estonian\/\">\r\n            <div class=\"learnNavigationWrapper\">\r\n                <div class=\"learnNavigationContent\">\r\n                    <img decoding=\"async\" src=\"https:\/\/talkpal.ai\/wp-content\/uploads\/2024\/08\/Estonian.jpg\" alt=\"Estonian Flag\">\r\n                    <div>\r\n                        <h4>Kosakata Bahasa Estonia<\/h4>\r\n                        <p>Perbanyak kosakata bahasa Estonia Anda.<\/p>\r\n                    <\/div>\r\n                <\/div>\r\n            <\/div>\r\n        <\/a>\r\n\r\n            <\/section>","protected":false},"excerpt":{"rendered":"<p>Tata Bahasa Estonia: Pintu Gerbang Menuju Perjalanan Bahasa yang Unik Selamat datang di dunia Estonia yang menarik! Dengan lebih dari satu juta penutur asli, Estonia menawarkan Anda kesempatan unik untuk memperluas cakrawala linguistik Anda dan menemukan budaya yang dinamis. Meskipun seluk-beluk tata bahasa Estonia mungkin tampak menakutkan pada pandangan pertama, panduan pemula yang ramah ini [&hellip;]<\/p>\n","protected":false},"author":1,"featured_media":112513,"parent":0,"menu_order":0,"comment_status":"closed","ping_status":"closed","template":"LearningContentPage.php","meta":{"_acf_changed":false,"footnotes":""},"class_list":["post-142726","page","type-page","status-publish","has-post-thumbnail","hentry"],"acf":[],"yoast_head":"<!-- This site is optimized with the Yoast SEO Premium plugin v27.2 (Yoast SEO v27.2) - https:\/\/yoast.com\/product\/yoast-seo-premium-wordpress\/ -->\n<title>Tata Bahasa Estonia - Talkpal<\/title>\n<meta name=\"description\" content=\"Jelajahi konsep-konsep penting tata bahasa Estonia, termasuk kasus, kata kerja, struktur kalimat, pengucapan, dan tips.\" \/>\n<meta name=\"robots\" content=\"index, follow, max-snippet:-1, max-image-preview:large, max-video-preview:-1\" \/>\n<link rel=\"canonical\" href=\"https:\/\/talkpal.ai\/id\/tata-bahasa-estonia\/\" \/>\n<meta property=\"og:locale\" content=\"id_ID\" \/>\n<meta property=\"og:type\" content=\"article\" \/>\n<meta property=\"og:title\" content=\"Tata Bahasa Estonia\" \/>\n<meta property=\"og:description\" content=\"Tata Bahasa Estonia: Pintu Gerbang Menuju Perjalanan Bahasa yang Unik Selamat datang di dunia Estonia yang menarik! Dengan lebih dari satu juta penutur\" \/>\n<meta property=\"og:url\" content=\"https:\/\/talkpal.ai\/id\/tata-bahasa-estonia\/\" \/>\n<meta property=\"og:site_name\" content=\"Talkpal\" \/>\n<meta property=\"article:publisher\" content=\"https:\/\/www.facebook.com\/profile.php?id=100090733639311\" \/>\n<meta property=\"article:modified_time\" content=\"2025-12-13T15:31:15+00:00\" \/>\n<meta property=\"og:image\" content=\"https:\/\/talkpal.ai\/wp-content\/uploads\/2023\/05\/estonia.png\" \/>\n\t<meta property=\"og:image:width\" content=\"512\" \/>\n\t<meta property=\"og:image:height\" content=\"512\" \/>\n\t<meta property=\"og:image:type\" content=\"image\/png\" \/>\n<meta name=\"twitter:card\" content=\"summary_large_image\" \/>\n<meta name=\"twitter:site\" content=\"@talkpalai\" \/>\n<meta name=\"twitter:label1\" content=\"Estimasi waktu membaca\" \/>\n\t<meta name=\"twitter:data1\" content=\"2 menit\" \/>\n<script type=\"application\/ld+json\" class=\"yoast-schema-graph\">{\"@context\":\"https:\/\/schema.org\",\"@graph\":[{\"@type\":\"WebPage\",\"@id\":\"https:\/\/talkpal.ai\/id\/tata-bahasa-estonia\/\",\"url\":\"https:\/\/talkpal.ai\/id\/tata-bahasa-estonia\/\",\"name\":\"Tata Bahasa Estonia - Talkpal\",\"isPartOf\":{\"@id\":\"https:\/\/talkpal.ai\/id\/#website\"},\"primaryImageOfPage\":{\"@id\":\"https:\/\/talkpal.ai\/id\/tata-bahasa-estonia\/#primaryimage\"},\"image\":{\"@id\":\"https:\/\/talkpal.ai\/id\/tata-bahasa-estonia\/#primaryimage\"},\"thumbnailUrl\":\"https:\/\/talkpal.ai\/wp-content\/uploads\/2023\/05\/estonia.png\",\"datePublished\":\"2023-05-14T14:01:53+00:00\",\"dateModified\":\"2025-12-13T15:31:15+00:00\",\"description\":\"Jelajahi konsep-konsep penting tata bahasa Estonia, termasuk kasus, kata kerja, struktur kalimat, pengucapan, dan tips.\",\"breadcrumb\":{\"@id\":\"https:\/\/talkpal.ai\/id\/tata-bahasa-estonia\/#breadcrumb\"},\"inLanguage\":\"id\",\"potentialAction\":[{\"@type\":\"ReadAction\",\"target\":[\"https:\/\/talkpal.ai\/id\/tata-bahasa-estonia\/\"]}]},{\"@type\":\"ImageObject\",\"inLanguage\":\"id\",\"@id\":\"https:\/\/talkpal.ai\/id\/tata-bahasa-estonia\/#primaryimage\",\"url\":\"https:\/\/talkpal.ai\/wp-content\/uploads\/2023\/05\/estonia.png\",\"contentUrl\":\"https:\/\/talkpal.ai\/wp-content\/uploads\/2023\/05\/estonia.png\",\"width\":512,\"height\":512},{\"@type\":\"BreadcrumbList\",\"@id\":\"https:\/\/talkpal.ai\/id\/tata-bahasa-estonia\/#breadcrumb\",\"itemListElement\":[{\"@type\":\"ListItem\",\"position\":1,\"name\":\"Homepage\",\"item\":\"https:\/\/talkpal.ai\/id\/\"},{\"@type\":\"ListItem\",\"position\":2,\"name\":\"Tata Bahasa Estonia\"}]},{\"@type\":\"WebSite\",\"@id\":\"https:\/\/talkpal.ai\/id\/#website\",\"url\":\"https:\/\/talkpal.ai\/id\/\",\"name\":\"Talkpal\",\"description\":\"AI Language Learning\",\"publisher\":{\"@id\":\"https:\/\/talkpal.ai\/id\/#organization\"},\"alternateName\":\"Talkpal AI\",\"potentialAction\":[{\"@type\":\"SearchAction\",\"target\":{\"@type\":\"EntryPoint\",\"urlTemplate\":\"https:\/\/talkpal.ai\/id\/?s={search_term_string}\"},\"query-input\":{\"@type\":\"PropertyValueSpecification\",\"valueRequired\":true,\"valueName\":\"search_term_string\"}}],\"inLanguage\":\"id\"},{\"@type\":\"Organization\",\"@id\":\"https:\/\/talkpal.ai\/id\/#organization\",\"name\":\"Talkpal, Inc.\",\"alternateName\":\"Talkpal AI\",\"url\":\"https:\/\/talkpal.ai\/id\/\",\"logo\":{\"@type\":\"ImageObject\",\"inLanguage\":\"id\",\"@id\":\"https:\/\/talkpal.ai\/id\/#\/schema\/logo\/image\/\",\"url\":\"https:\/\/talkpal.ai\/wp-content\/uploads\/2024\/03\/Talkpal-Logo-Icon.png\",\"contentUrl\":\"https:\/\/talkpal.ai\/wp-content\/uploads\/2024\/03\/Talkpal-Logo-Icon.png\",\"width\":2880,\"height\":2880,\"caption\":\"Talkpal, Inc.\"},\"image\":{\"@id\":\"https:\/\/talkpal.ai\/id\/#\/schema\/logo\/image\/\"},\"sameAs\":[\"https:\/\/www.facebook.com\/profile.php?id=100090733639311\",\"https:\/\/x.com\/talkpalai\",\"https:\/\/www.linkedin.com\/company\/talkpal\/\",\"https:\/\/www.youtube.com\/@TalkPal\/\",\"https:\/\/www.tiktok.com\/@talkpal\",\"https:\/\/www.instagram.com\/talkpal_ai\/\",\"https:\/\/www.crunchbase.com\/organization\/talkpal-9cde\",\"https:\/\/www.g2.com\/products\/talkpal-for-business\/\",\"https:\/\/www.trustpilot.com\/review\/talkpal.ai\",\"https:\/\/www.capterra.com\/p\/10006800\/TalkPal\/\"],\"description\":\"Talkpal is a language learning web and mobile education app, powered by the latest AI technologies, that provides engaging experiences to its customers in many different languages to help them improve their language skills. Users can chat about unlimited amount of topics with the app and use other modes to practice their language learning.\",\"email\":\"support@talkpal.ai\",\"legalName\":\"Talkpal, Inc.\",\"foundingDate\":\"2023-04-03\",\"duns\":\"118989042\",\"numberOfEmployees\":{\"@type\":\"QuantitativeValue\",\"minValue\":\"11\",\"maxValue\":\"50\"},\"publishingPrinciples\":\"https:\/\/talkpal.ai\/publishing-principles\/\",\"actionableFeedbackPolicy\":\"https:\/\/talkpal.ai\/actionable-feedback-policy\/\",\"correctionsPolicy\":\"https:\/\/talkpal.ai\/corrections-policy\/\",\"ethicsPolicy\":\"https:\/\/talkpal.ai\/ethics-policy\/\",\"diversityPolicy\":\"https:\/\/talkpal.ai\/diversity-policy\/\",\"diversityStaffingReport\":\"https:\/\/talkpal.ai\/diversity-policy\/\"}]}<\/script>\n<!-- \/ Yoast SEO Premium plugin. -->","yoast_head_json":{"title":"Tata Bahasa Estonia - Talkpal","description":"Jelajahi konsep-konsep penting tata bahasa Estonia, termasuk kasus, kata kerja, struktur kalimat, pengucapan, dan tips.","robots":{"index":"index","follow":"follow","max-snippet":"max-snippet:-1","max-image-preview":"max-image-preview:large","max-video-preview":"max-video-preview:-1"},"canonical":"https:\/\/talkpal.ai\/id\/tata-bahasa-estonia\/","og_locale":"id_ID","og_type":"article","og_title":"Tata Bahasa Estonia","og_description":"Tata Bahasa Estonia: Pintu Gerbang Menuju Perjalanan Bahasa yang Unik Selamat datang di dunia Estonia yang menarik! Dengan lebih dari satu juta penutur","og_url":"https:\/\/talkpal.ai\/id\/tata-bahasa-estonia\/","og_site_name":"Talkpal","article_publisher":"https:\/\/www.facebook.com\/profile.php?id=100090733639311","article_modified_time":"2025-12-13T15:31:15+00:00","og_image":[{"width":512,"height":512,"url":"https:\/\/talkpal.ai\/wp-content\/uploads\/2023\/05\/estonia.png","type":"image\/png"}],"twitter_card":"summary_large_image","twitter_site":"@talkpalai","twitter_misc":{"Estimasi waktu membaca":"2 menit"},"schema":{"@context":"https:\/\/schema.org","@graph":[{"@type":"WebPage","@id":"https:\/\/talkpal.ai\/id\/tata-bahasa-estonia\/","url":"https:\/\/talkpal.ai\/id\/tata-bahasa-estonia\/","name":"Tata Bahasa Estonia - Talkpal","isPartOf":{"@id":"https:\/\/talkpal.ai\/id\/#website"},"primaryImageOfPage":{"@id":"https:\/\/talkpal.ai\/id\/tata-bahasa-estonia\/#primaryimage"},"image":{"@id":"https:\/\/talkpal.ai\/id\/tata-bahasa-estonia\/#primaryimage"},"thumbnailUrl":"https:\/\/talkpal.ai\/wp-content\/uploads\/2023\/05\/estonia.png","datePublished":"2023-05-14T14:01:53+00:00","dateModified":"2025-12-13T15:31:15+00:00","description":"Jelajahi konsep-konsep penting tata bahasa Estonia, termasuk kasus, kata kerja, struktur kalimat, pengucapan, dan tips.","breadcrumb":{"@id":"https:\/\/talkpal.ai\/id\/tata-bahasa-estonia\/#breadcrumb"},"inLanguage":"id","potentialAction":[{"@type":"ReadAction","target":["https:\/\/talkpal.ai\/id\/tata-bahasa-estonia\/"]}]},{"@type":"ImageObject","inLanguage":"id","@id":"https:\/\/talkpal.ai\/id\/tata-bahasa-estonia\/#primaryimage","url":"https:\/\/talkpal.ai\/wp-content\/uploads\/2023\/05\/estonia.png","contentUrl":"https:\/\/talkpal.ai\/wp-content\/uploads\/2023\/05\/estonia.png","width":512,"height":512},{"@type":"BreadcrumbList","@id":"https:\/\/talkpal.ai\/id\/tata-bahasa-estonia\/#breadcrumb","itemListElement":[{"@type":"ListItem","position":1,"name":"Homepage","item":"https:\/\/talkpal.ai\/id\/"},{"@type":"ListItem","position":2,"name":"Tata Bahasa Estonia"}]},{"@type":"WebSite","@id":"https:\/\/talkpal.ai\/id\/#website","url":"https:\/\/talkpal.ai\/id\/","name":"Talkpal","description":"AI Language Learning","publisher":{"@id":"https:\/\/talkpal.ai\/id\/#organization"},"alternateName":"Talkpal AI","potentialAction":[{"@type":"SearchAction","target":{"@type":"EntryPoint","urlTemplate":"https:\/\/talkpal.ai\/id\/?s={search_term_string}"},"query-input":{"@type":"PropertyValueSpecification","valueRequired":true,"valueName":"search_term_string"}}],"inLanguage":"id"},{"@type":"Organization","@id":"https:\/\/talkpal.ai\/id\/#organization","name":"Talkpal, Inc.","alternateName":"Talkpal AI","url":"https:\/\/talkpal.ai\/id\/","logo":{"@type":"ImageObject","inLanguage":"id","@id":"https:\/\/talkpal.ai\/id\/#\/schema\/logo\/image\/","url":"https:\/\/talkpal.ai\/wp-content\/uploads\/2024\/03\/Talkpal-Logo-Icon.png","contentUrl":"https:\/\/talkpal.ai\/wp-content\/uploads\/2024\/03\/Talkpal-Logo-Icon.png","width":2880,"height":2880,"caption":"Talkpal, Inc."},"image":{"@id":"https:\/\/talkpal.ai\/id\/#\/schema\/logo\/image\/"},"sameAs":["https:\/\/www.facebook.com\/profile.php?id=100090733639311","https:\/\/x.com\/talkpalai","https:\/\/www.linkedin.com\/company\/talkpal\/","https:\/\/www.youtube.com\/@TalkPal\/","https:\/\/www.tiktok.com\/@talkpal","https:\/\/www.instagram.com\/talkpal_ai\/","https:\/\/www.crunchbase.com\/organization\/talkpal-9cde","https:\/\/www.g2.com\/products\/talkpal-for-business\/","https:\/\/www.trustpilot.com\/review\/talkpal.ai","https:\/\/www.capterra.com\/p\/10006800\/TalkPal\/"],"description":"Talkpal is a language learning web and mobile education app, powered by the latest AI technologies, that provides engaging experiences to its customers in many different languages to help them improve their language skills. Users can chat about unlimited amount of topics with the app and use other modes to practice their language learning.","email":"support@talkpal.ai","legalName":"Talkpal, Inc.","foundingDate":"2023-04-03","duns":"118989042","numberOfEmployees":{"@type":"QuantitativeValue","minValue":"11","maxValue":"50"},"publishingPrinciples":"https:\/\/talkpal.ai\/publishing-principles\/","actionableFeedbackPolicy":"https:\/\/talkpal.ai\/actionable-feedback-policy\/","correctionsPolicy":"https:\/\/talkpal.ai\/corrections-policy\/","ethicsPolicy":"https:\/\/talkpal.ai\/ethics-policy\/","diversityPolicy":"https:\/\/talkpal.ai\/diversity-policy\/","diversityStaffingReport":"https:\/\/talkpal.ai\/diversity-policy\/"}]}},"_links":{"self":[{"href":"https:\/\/talkpal.ai\/id\/wp-json\/wp\/v2\/pages\/142726","targetHints":{"allow":["GET"]}}],"collection":[{"href":"https:\/\/talkpal.ai\/id\/wp-json\/wp\/v2\/pages"}],"about":[{"href":"https:\/\/talkpal.ai\/id\/wp-json\/wp\/v2\/types\/page"}],"author":[{"embeddable":true,"href":"https:\/\/talkpal.ai\/id\/wp-json\/wp\/v2\/users\/1"}],"replies":[{"embeddable":true,"href":"https:\/\/talkpal.ai\/id\/wp-json\/wp\/v2\/comments?post=142726"}],"version-history":[{"count":0,"href":"https:\/\/talkpal.ai\/id\/wp-json\/wp\/v2\/pages\/142726\/revisions"}],"wp:featuredmedia":[{"embeddable":true,"href":"https:\/\/talkpal.ai\/id\/wp-json\/wp\/v2\/media\/112513"}],"wp:attachment":[{"href":"https:\/\/talkpal.ai\/id\/wp-json\/wp\/v2\/media?parent=142726"}],"curies":[{"name":"wp","href":"https:\/\/api.w.org\/{rel}","templated":true}]}}