{"id":128385,"date":"2023-05-14T13:48:36","date_gmt":"2023-05-14T13:48:36","guid":{"rendered":"http:\/\/talkpal.ai\/tata-bahasa-cina\/"},"modified":"2025-06-17T16:39:41","modified_gmt":"2025-06-17T16:39:41","slug":"tata-bahasa-cina","status":"publish","type":"page","link":"https:\/\/talkpal.ai\/id\/tata-bahasa-cina\/","title":{"rendered":"Tata Bahasa Cina"},"content":{"rendered":"\r\n\r\n\r\n<section class=\"languageChallengeSection\">\r\n    <div class=\"languageInfoWrapper\">\r\n        \r\n        <h1>Tata Bahasa Cina<\/h1>\r\n        <p>Perkuat keterampilan <a href=\"https:\/\/talkpal.ai\/id\/belajar-bahasa-cina\/\">bahasa Mandarin<\/a> Anda dengan mempelajari struktur <a href=\"https:\/\/talkpal.ai\/id\/latihan-tata-bahasa-malta\/\">tata bahasa<\/a> utama dan pola penggunaan. Mulailah meningkatkan tata bahasa Mandarin Anda hari ini dan berkomunikasi dengan percaya diri!<\/p>\r\n\r\n                            <a class=\"getStartedHidden\" href=\"https:\/\/app.talkpal.ai\/id\/signup?lng=\">Mulai<\/a>\r\n        \r\n    <\/div>\r\n\r\n    <figure>\r\n    <img decoding=\"async\" width=\"768\" height=\"768\" src=\"https:\/\/talkpal.ai\/wp-content\/uploads\/2023\/06\/chinese-768x768.png\" class=\"languageImage no-lazy\" alt=\"Language learning for flexible communication\" fetchpriority=\"high\" sizes=\"(max-width: 768px) 150px, 768px\" srcset=\"https:\/\/talkpal.ai\/wp-content\/uploads\/2023\/06\/chinese-768x768.png 768w, https:\/\/talkpal.ai\/wp-content\/uploads\/2023\/06\/chinese-300x300.png 300w\" \/>\r\n    \r\n\r\n    <\/figure>\r\n\r\n            <a class=\"getStartedVisible\" href=\"https:\/\/app.talkpal.ai\/id\/signup?lng=\">Mulai<\/a>\r\n    \r\n<\/section>\r\n<section class=\"promotionalBanner\">\r\n    <p class=\"promotionalText\">Cara paling efisien untuk belajar bahasa<\/p>\r\n    <a class=\"promotionalLink\" href=\"https:\/\/app.talkpal.ai\/id\/signup?lng=\">Coba Talkpal gratis<\/a>\r\n<\/section>\n<div class=\"wp-block-group pageContainerStyle\"><div class=\"wp-block-group__inner-container is-layout-constrained wp-block-group-is-layout-constrained\">\n<h2 class=\"wp-block-heading\" id=\"h-chinese-grammar-the-key-to-mastering-mandarin\">Tata Bahasa Cina: Kunci untuk Menguasai Bahasa Mandarin<\/h2>\n\n\n\n<p>Apakah Anda seorang pembelajar bahasa yang ambisius yang telah mengarahkan pandangan mereka untuk <a href=\"https:\/\/talkpal.ai\/id\/rahasia-sukses-menguasai-bahasa-mandarin-dengan-aplikasi-belajar-terbaik-2025\/\">menguasai bahasa Mandarin<\/a>? Jika demikian, selamat! Menangani bahasa Mandarin adalah cara yang fantastis untuk memperluas pola <a href=\"https:\/\/talkpal.ai\/contact\/\">pikir<\/a> global Anda, terhubung dengan berbagai pembicara, dan menantang diri Anda secara intelektual. Namun, dengan 1,2 miliar penutur asli dan sistem bahasa yang sangat berbeda dari bahasa-bahasa Barat, <a href=\"https:\/\/talkpal.ai\/chinese-grammar\/\">tata bahasa Cina<\/a> bisa tampak sangat menakutkan. Jangan takut! Baca terus untuk mengetahui <a href=\"https:\/\/talkpal.ai\/courses\/\">kursus<\/a> singkat tata bahasa Mandarin yang ramah bagi pemula yang menarik dan informatif.<\/p>\n\n\n\n<p><strong>Hal pertama yang pertama: lupakan apa yang Anda ketahui tentang bahasa-bahasa Eropa!<\/strong><\/p>\n\n\n\n<p>Salah satu alasan utama mengapa <a href=\"https:\/\/talkpal.ai\/talkpal-discount-for-students\/\">siswa<\/a> bahasa terintimidasi oleh tata bahasa Mandarin adalah karena tata bahasa ini sangat berbeda dengan struktur &#8220;subjek-kata kerja-objek&#8221; yang biasa kita gunakan dalam bahasa-bahasa seperti bahasa Inggris, Spanyol, atau Prancis. Jadi, tarik napas dalam-dalam, dan mari selami alam semesta yang benar-benar baru dalam hal aturan dan konsep linguistik!<\/p>\n\n\n\n<h3 class=\"wp-block-heading\" id=\"h-1-word-order-is-king\">1. Urutan kata adalah raja<\/h3>\n\n\n\n<p>Meskipun tidak ada tenses, konjugasi kata kerja, atau jamak dalam <a href=\"https:\/\/talkpal.ai\/chinese-grammar\/\">tata bahasa Cina<\/a>, struktur kalimat yang tepat adalah yang terpenting. Jadi bagaimana urutan kata yang benar tercapai? Dalam kebanyakan kasus, cukup ikuti pola &#8220;subjek-kata kerja-objek&#8221; (mirip dengan bahasa Inggris). Misalnya:<\/p>\n\n\n\n<p>Bahasa Inggris: Aku mencintaimu.<br\/>Hanzi: \u6211\u7231\u4f60\u3002 W\u01d2 \u00e0i n\u01d0.<\/p>\n\n\n\n<p>Ada struktur yang lebih kompleks tetapi mengembangkan fondasi yang kuat akan membuatnya lebih mudah dipahami ketika Anda maju.<\/p>\n\n\n\n<h3 class=\"wp-block-heading\" id=\"h-2-particles-particles-everywhere\">2. Partikel, partikel di mana-mana!<\/h3>\n\n\n\n<p>Dalam tata bahasa Cina, partikel memainkan peran penting dalam menyampaikan makna. Salah satu partikel yang paling umum adalah &#8220;\u4e86 (le),&#8221; yang menandakan tindakan yang telah selesai. Misalnya:<\/p>\n\n\n\n<p>Aku sudah makan. &#8211; &#8220;Aku sudah makan.&#8221;<\/p>\n\n\n\n<p>Partikel umum lainnya adalah &#8220;\u5427 (ba),&#8221; yang mengubah pernyataan menjadi saran atau pertanyaan:<\/p>\n\n\n\n<p>\u8d70\u5427\uff01Z\u01d2u ba! &#8211; &#8220;Ayo pergi!&#8221;<\/p>\n\n\n\n<p>Memahami fungsi berbagai partikel adalah kunci untuk menguasai nuansa tata bahasa Cina.<\/p>\n\n\n\n<h3 class=\"wp-block-heading\" id=\"h-3-measure-words-quality-not-quantity\">3. Ukur kata-kata: kualitas, bukan kuantitas<\/h3>\n\n\n\n<p>Dalam bahasa Tionghoa, kata benda tidak memiliki bentuk jamak. Sebaliknya, mereka menggunakan kata-kata ukuran (juga dikenal sebagai pengklasifikasi) untuk mengekspresikan kuantitas. Kata-kata ukur ditambahkan di antara angka dan kata benda. Misalnya:<\/p>\n\n\n\n<p>\u4e00\u672c\u4e66 &#8211; Y\u012b b\u011bn sh\u016b &#8211; &#8220;satu buku&#8221;<\/p>\n\n\n\n<p>Perhatikan penggunaan \u672c (b\u011bn) sebagai kata ukuran untuk buku. Kata benda yang berbeda memerlukan kata ukuran yang berbeda, dan meskipun ini mungkin tampak membingungkan pada awalnya, hal ini akan menjadi kebiasaan dengan latihan.<\/p>\n\n\n\n<h3 class=\"wp-block-heading\" id=\"h-4-the-magic-of-compound-words\">4. Keajaiban kata-kata majemuk<\/h3>\n\n\n\n<p>Bahasa Cina penuh dengan kata-kata majemuk, yang dibentuk dengan menggabungkan dua atau lebih karakter. Ini tidak hanya menyederhanakan pembelajaran kosakata, tetapi juga memungkinkan citra dan konteks yang jelas. Misalnya:<\/p>\n\n\n\n<p>\u706b\u8f66 &#8211; Hu\u01d2ch\u0113 &#8211; &#8220;kereta&#8221; (secara harfiah: &#8220;kendaraan api&#8221;)<br\/>\u7535\u8bdd &#8211; Di\u00e0nhu\u00e0 &#8211; &#8220;telepon&#8221; (secara harfiah: &#8220;ucapan listrik&#8221;)<\/p>\n\n\n\n<p>Dengan memahami arti masing-masing karakter, Anda dapat dengan mudah menyimpulkan arti kata majemuk yang belum pernah Anda temui sebelumnya.<\/p>\n\n\n\n<h3 class=\"wp-block-heading\" id=\"h-5-no-tenses-no-problem\">5. Tidak ada tenses? Tidak ada masalah!<\/h3>\n\n\n\n<p>Salah satu aspek bahasa Mandarin yang paling menyegarkan adalah kurangnya konjugasi kata kerja untuk tenses yang berbeda. Tapi bagaimana Anda mengekspresikan waktu? Sederhana! Cukup sertakan kata-kata yang menunjukkan kerangka waktu, seperti:<\/p>\n\n\n\n<p>\u6628\u5929 &#8211; Zu\u00f3ti\u0101n &#8211; &#8220;kemarin&#8221;<br\/>\u660e\u5929 &#8211; M\u00edngti\u0101n &#8211; &#8220;besok&#8221;<\/p>\n\n\n\n<p><strong>Misalnya:<\/strong><\/p>\n\n\n\n<p>\u6211\u6628\u5929\u5403\u4e86\u996d\u3002 W\u01d2 zu\u00f3ti\u0101n ch\u012b le f\u00e0n. &#8211; &#8220;Saya makan makanan kemarin.&#8221;<br\/>\u6211\u660e\u5929\u5403\u996d\u3002 W\u01d2 m\u00edngti\u0101n ch\u012b f\u00e0n. &#8211; &#8220;Saya akan makan makanan besok.&#8221;<\/p>\n\n\n\n<p>Selamat! Anda telah mengambil langkah pertama untuk menguasai tata bahasa Mandarin. Ingat: latihan membuat sempurna. Jadi, jangan menghindar untuk menjelajahi struktur tata bahasa baru, bercakap-cakap dengan penutur asli, dan memperkuat fondasi Anda. Dunia bahasa Mandarin menanti Anda &#8211; selamat belajar!<\/p>\n<\/div><\/div>\n\r\n<section class=\"learnNavigationSection\">\r\n            \r\n        <a href=\"https:\/\/talkpal.ai\/id\/belajar-bahasa-cina\/\">\r\n            <div class=\"learnNavigationWrapper\">\r\n                <div class=\"learnNavigationContent\">\r\n                    <img decoding=\"async\" src=\"https:\/\/talkpal.ai\/wp-content\/uploads\/2024\/08\/Chinese.jpg\" alt=\"Chinese Flag\u00a0\">\r\n                    <div>\r\n                        <h4>Tentang Pembelajaran Bahasa Mandarin<\/h4>\r\n                        <p>Cari tahu semua tentang tata bahasa Cina.<\/p>\r\n                    <\/div>\r\n                <\/div>\r\n            <\/div>\r\n        <\/a>\r\n\r\n        \r\n        <a href=\"https:\/\/talkpal.ai\/id\/latihan-tata-bahasa-cina\/\">\r\n            <div class=\"learnNavigationWrapper\">\r\n                <div class=\"learnNavigationContent\">\r\n                    <img decoding=\"async\" src=\"https:\/\/talkpal.ai\/wp-content\/uploads\/2024\/08\/Chinese.jpg\" alt=\"Chinese Flag\u00a0\">\r\n                    <div>\r\n                        <h4>Latihan Tata Bahasa Mandarin<\/h4>\r\n                        <p>Berlatih tata bahasa Cina.<\/p>\r\n                    <\/div>\r\n                <\/div>\r\n            <\/div>\r\n        <\/a>\r\n\r\n        \r\n        <a href=\"https:\/\/talkpal.ai\/vocabulary_language\/chinese\/\">\r\n            <div class=\"learnNavigationWrapper\">\r\n                <div class=\"learnNavigationContent\">\r\n                    <img decoding=\"async\" src=\"https:\/\/talkpal.ai\/wp-content\/uploads\/2024\/08\/Chinese.jpg\" alt=\"Chinese Flag\u00a0\">\r\n                    <div>\r\n                        <h4>Kosakata Bahasa Mandarin<\/h4>\r\n                        <p>Perluas kosakata bahasa Mandarin Anda.<\/p>\r\n                    <\/div>\r\n                <\/div>\r\n            <\/div>\r\n        <\/a>\r\n\r\n            <\/section>","protected":false},"excerpt":{"rendered":"<p>Tata Bahasa Cina: Kunci untuk Menguasai Bahasa Mandarin Apakah Anda seorang pembelajar bahasa yang ambisius yang telah mengarahkan pandangan mereka untuk menguasai bahasa Mandarin? Jika demikian, selamat! Menangani bahasa Mandarin adalah cara yang fantastis untuk memperluas pola pikir global Anda, terhubung dengan berbagai pembicara, dan menantang diri Anda secara intelektual. Namun, dengan 1,2 miliar penutur [&hellip;]<\/p>\n","protected":false},"author":1,"featured_media":106116,"parent":0,"menu_order":0,"comment_status":"closed","ping_status":"closed","template":"LearningContentPage.php","meta":{"_acf_changed":false,"footnotes":""},"class_list":["post-128385","page","type-page","status-publish","has-post-thumbnail","hentry"],"acf":[],"yoast_head":"<!-- This site is optimized with the Yoast SEO Premium plugin v27.2 (Yoast SEO v27.2) - https:\/\/yoast.com\/product\/yoast-seo-premium-wordpress\/ -->\n<title>Tata Bahasa Cina - Talkpal<\/title>\n<meta name=\"description\" content=\"Buka rahasia Tata Bahasa Mandarin untuk pemahaman yang lebih baik tentang bahasa dan budaya Tiongkok.\" \/>\n<meta name=\"robots\" content=\"index, follow, max-snippet:-1, max-image-preview:large, max-video-preview:-1\" \/>\n<link rel=\"canonical\" href=\"https:\/\/talkpal.ai\/id\/tata-bahasa-cina\/\" \/>\n<meta property=\"og:locale\" content=\"id_ID\" \/>\n<meta property=\"og:type\" content=\"article\" \/>\n<meta property=\"og:title\" content=\"Tata Bahasa Cina\" \/>\n<meta property=\"og:description\" content=\"Tata Bahasa Cina: Kunci untuk Menguasai Bahasa Mandarin Apakah Anda seorang pembelajar bahasa yang ambisius yang telah mengarahkan pandangan mereka untuk\" \/>\n<meta property=\"og:url\" content=\"https:\/\/talkpal.ai\/id\/tata-bahasa-cina\/\" \/>\n<meta property=\"og:site_name\" content=\"Talkpal\" \/>\n<meta property=\"article:publisher\" content=\"https:\/\/www.facebook.com\/profile.php?id=100090733639311\" \/>\n<meta property=\"article:modified_time\" content=\"2025-06-17T16:39:41+00:00\" \/>\n<meta property=\"og:image\" content=\"https:\/\/talkpal.ai\/wp-content\/uploads\/2023\/04\/china.png\" \/>\n\t<meta property=\"og:image:width\" content=\"512\" \/>\n\t<meta property=\"og:image:height\" content=\"512\" \/>\n\t<meta property=\"og:image:type\" content=\"image\/png\" \/>\n<meta name=\"twitter:card\" content=\"summary_large_image\" \/>\n<meta name=\"twitter:site\" content=\"@talkpalai\" \/>\n<meta name=\"twitter:label1\" content=\"Estimasi waktu membaca\" \/>\n\t<meta name=\"twitter:data1\" content=\"3 menit\" \/>\n<script type=\"application\/ld+json\" class=\"yoast-schema-graph\">{\"@context\":\"https:\/\/schema.org\",\"@graph\":[{\"@type\":\"WebPage\",\"@id\":\"https:\/\/talkpal.ai\/id\/tata-bahasa-cina\/\",\"url\":\"https:\/\/talkpal.ai\/id\/tata-bahasa-cina\/\",\"name\":\"Tata Bahasa Cina - Talkpal\",\"isPartOf\":{\"@id\":\"https:\/\/talkpal.ai\/id\/#website\"},\"primaryImageOfPage\":{\"@id\":\"https:\/\/talkpal.ai\/id\/tata-bahasa-cina\/#primaryimage\"},\"image\":{\"@id\":\"https:\/\/talkpal.ai\/id\/tata-bahasa-cina\/#primaryimage\"},\"thumbnailUrl\":\"https:\/\/talkpal.ai\/wp-content\/uploads\/2023\/04\/china.png\",\"datePublished\":\"2023-05-14T13:48:36+00:00\",\"dateModified\":\"2025-06-17T16:39:41+00:00\",\"description\":\"Buka rahasia Tata Bahasa Mandarin untuk pemahaman yang lebih baik tentang bahasa dan budaya Tiongkok.\",\"breadcrumb\":{\"@id\":\"https:\/\/talkpal.ai\/id\/tata-bahasa-cina\/#breadcrumb\"},\"inLanguage\":\"id\",\"potentialAction\":[{\"@type\":\"ReadAction\",\"target\":[\"https:\/\/talkpal.ai\/id\/tata-bahasa-cina\/\"]}]},{\"@type\":\"ImageObject\",\"inLanguage\":\"id\",\"@id\":\"https:\/\/talkpal.ai\/id\/tata-bahasa-cina\/#primaryimage\",\"url\":\"https:\/\/talkpal.ai\/wp-content\/uploads\/2023\/04\/china.png\",\"contentUrl\":\"https:\/\/talkpal.ai\/wp-content\/uploads\/2023\/04\/china.png\",\"width\":512,\"height\":512},{\"@type\":\"BreadcrumbList\",\"@id\":\"https:\/\/talkpal.ai\/id\/tata-bahasa-cina\/#breadcrumb\",\"itemListElement\":[{\"@type\":\"ListItem\",\"position\":1,\"name\":\"Homepage\",\"item\":\"https:\/\/talkpal.ai\/id\/\"},{\"@type\":\"ListItem\",\"position\":2,\"name\":\"Tata Bahasa Cina\"}]},{\"@type\":\"WebSite\",\"@id\":\"https:\/\/talkpal.ai\/id\/#website\",\"url\":\"https:\/\/talkpal.ai\/id\/\",\"name\":\"Talkpal\",\"description\":\"AI Language Learning\",\"publisher\":{\"@id\":\"https:\/\/talkpal.ai\/id\/#organization\"},\"alternateName\":\"Talkpal AI\",\"potentialAction\":[{\"@type\":\"SearchAction\",\"target\":{\"@type\":\"EntryPoint\",\"urlTemplate\":\"https:\/\/talkpal.ai\/id\/?s={search_term_string}\"},\"query-input\":{\"@type\":\"PropertyValueSpecification\",\"valueRequired\":true,\"valueName\":\"search_term_string\"}}],\"inLanguage\":\"id\"},{\"@type\":\"Organization\",\"@id\":\"https:\/\/talkpal.ai\/id\/#organization\",\"name\":\"Talkpal, Inc.\",\"alternateName\":\"Talkpal AI\",\"url\":\"https:\/\/talkpal.ai\/id\/\",\"logo\":{\"@type\":\"ImageObject\",\"inLanguage\":\"id\",\"@id\":\"https:\/\/talkpal.ai\/id\/#\/schema\/logo\/image\/\",\"url\":\"https:\/\/talkpal.ai\/wp-content\/uploads\/2024\/03\/Talkpal-Logo-Icon.png\",\"contentUrl\":\"https:\/\/talkpal.ai\/wp-content\/uploads\/2024\/03\/Talkpal-Logo-Icon.png\",\"width\":2880,\"height\":2880,\"caption\":\"Talkpal, Inc.\"},\"image\":{\"@id\":\"https:\/\/talkpal.ai\/id\/#\/schema\/logo\/image\/\"},\"sameAs\":[\"https:\/\/www.facebook.com\/profile.php?id=100090733639311\",\"https:\/\/x.com\/talkpalai\",\"https:\/\/www.linkedin.com\/company\/talkpal\/\",\"https:\/\/www.youtube.com\/@TalkPal\/\",\"https:\/\/www.tiktok.com\/@talkpal\",\"https:\/\/www.instagram.com\/talkpal_ai\/\",\"https:\/\/www.crunchbase.com\/organization\/talkpal-9cde\",\"https:\/\/www.g2.com\/products\/talkpal-for-business\/\",\"https:\/\/www.trustpilot.com\/review\/talkpal.ai\",\"https:\/\/www.capterra.com\/p\/10006800\/TalkPal\/\"],\"description\":\"Talkpal is a language learning web and mobile education app, powered by the latest AI technologies, that provides engaging experiences to its customers in many different languages to help them improve their language skills. Users can chat about unlimited amount of topics with the app and use other modes to practice their language learning.\",\"email\":\"support@talkpal.ai\",\"legalName\":\"Talkpal, Inc.\",\"foundingDate\":\"2023-04-03\",\"duns\":\"118989042\",\"numberOfEmployees\":{\"@type\":\"QuantitativeValue\",\"minValue\":\"11\",\"maxValue\":\"50\"},\"publishingPrinciples\":\"https:\/\/talkpal.ai\/publishing-principles\/\",\"actionableFeedbackPolicy\":\"https:\/\/talkpal.ai\/actionable-feedback-policy\/\",\"correctionsPolicy\":\"https:\/\/talkpal.ai\/corrections-policy\/\",\"ethicsPolicy\":\"https:\/\/talkpal.ai\/ethics-policy\/\",\"diversityPolicy\":\"https:\/\/talkpal.ai\/diversity-policy\/\",\"diversityStaffingReport\":\"https:\/\/talkpal.ai\/diversity-policy\/\"}]}<\/script>\n<!-- \/ Yoast SEO Premium plugin. -->","yoast_head_json":{"title":"Tata Bahasa Cina - Talkpal","description":"Buka rahasia Tata Bahasa Mandarin untuk pemahaman yang lebih baik tentang bahasa dan budaya Tiongkok.","robots":{"index":"index","follow":"follow","max-snippet":"max-snippet:-1","max-image-preview":"max-image-preview:large","max-video-preview":"max-video-preview:-1"},"canonical":"https:\/\/talkpal.ai\/id\/tata-bahasa-cina\/","og_locale":"id_ID","og_type":"article","og_title":"Tata Bahasa Cina","og_description":"Tata Bahasa Cina: Kunci untuk Menguasai Bahasa Mandarin Apakah Anda seorang pembelajar bahasa yang ambisius yang telah mengarahkan pandangan mereka untuk","og_url":"https:\/\/talkpal.ai\/id\/tata-bahasa-cina\/","og_site_name":"Talkpal","article_publisher":"https:\/\/www.facebook.com\/profile.php?id=100090733639311","article_modified_time":"2025-06-17T16:39:41+00:00","og_image":[{"width":512,"height":512,"url":"https:\/\/talkpal.ai\/wp-content\/uploads\/2023\/04\/china.png","type":"image\/png"}],"twitter_card":"summary_large_image","twitter_site":"@talkpalai","twitter_misc":{"Estimasi waktu membaca":"3 menit"},"schema":{"@context":"https:\/\/schema.org","@graph":[{"@type":"WebPage","@id":"https:\/\/talkpal.ai\/id\/tata-bahasa-cina\/","url":"https:\/\/talkpal.ai\/id\/tata-bahasa-cina\/","name":"Tata Bahasa Cina - Talkpal","isPartOf":{"@id":"https:\/\/talkpal.ai\/id\/#website"},"primaryImageOfPage":{"@id":"https:\/\/talkpal.ai\/id\/tata-bahasa-cina\/#primaryimage"},"image":{"@id":"https:\/\/talkpal.ai\/id\/tata-bahasa-cina\/#primaryimage"},"thumbnailUrl":"https:\/\/talkpal.ai\/wp-content\/uploads\/2023\/04\/china.png","datePublished":"2023-05-14T13:48:36+00:00","dateModified":"2025-06-17T16:39:41+00:00","description":"Buka rahasia Tata Bahasa Mandarin untuk pemahaman yang lebih baik tentang bahasa dan budaya Tiongkok.","breadcrumb":{"@id":"https:\/\/talkpal.ai\/id\/tata-bahasa-cina\/#breadcrumb"},"inLanguage":"id","potentialAction":[{"@type":"ReadAction","target":["https:\/\/talkpal.ai\/id\/tata-bahasa-cina\/"]}]},{"@type":"ImageObject","inLanguage":"id","@id":"https:\/\/talkpal.ai\/id\/tata-bahasa-cina\/#primaryimage","url":"https:\/\/talkpal.ai\/wp-content\/uploads\/2023\/04\/china.png","contentUrl":"https:\/\/talkpal.ai\/wp-content\/uploads\/2023\/04\/china.png","width":512,"height":512},{"@type":"BreadcrumbList","@id":"https:\/\/talkpal.ai\/id\/tata-bahasa-cina\/#breadcrumb","itemListElement":[{"@type":"ListItem","position":1,"name":"Homepage","item":"https:\/\/talkpal.ai\/id\/"},{"@type":"ListItem","position":2,"name":"Tata Bahasa Cina"}]},{"@type":"WebSite","@id":"https:\/\/talkpal.ai\/id\/#website","url":"https:\/\/talkpal.ai\/id\/","name":"Talkpal","description":"AI Language Learning","publisher":{"@id":"https:\/\/talkpal.ai\/id\/#organization"},"alternateName":"Talkpal AI","potentialAction":[{"@type":"SearchAction","target":{"@type":"EntryPoint","urlTemplate":"https:\/\/talkpal.ai\/id\/?s={search_term_string}"},"query-input":{"@type":"PropertyValueSpecification","valueRequired":true,"valueName":"search_term_string"}}],"inLanguage":"id"},{"@type":"Organization","@id":"https:\/\/talkpal.ai\/id\/#organization","name":"Talkpal, Inc.","alternateName":"Talkpal AI","url":"https:\/\/talkpal.ai\/id\/","logo":{"@type":"ImageObject","inLanguage":"id","@id":"https:\/\/talkpal.ai\/id\/#\/schema\/logo\/image\/","url":"https:\/\/talkpal.ai\/wp-content\/uploads\/2024\/03\/Talkpal-Logo-Icon.png","contentUrl":"https:\/\/talkpal.ai\/wp-content\/uploads\/2024\/03\/Talkpal-Logo-Icon.png","width":2880,"height":2880,"caption":"Talkpal, Inc."},"image":{"@id":"https:\/\/talkpal.ai\/id\/#\/schema\/logo\/image\/"},"sameAs":["https:\/\/www.facebook.com\/profile.php?id=100090733639311","https:\/\/x.com\/talkpalai","https:\/\/www.linkedin.com\/company\/talkpal\/","https:\/\/www.youtube.com\/@TalkPal\/","https:\/\/www.tiktok.com\/@talkpal","https:\/\/www.instagram.com\/talkpal_ai\/","https:\/\/www.crunchbase.com\/organization\/talkpal-9cde","https:\/\/www.g2.com\/products\/talkpal-for-business\/","https:\/\/www.trustpilot.com\/review\/talkpal.ai","https:\/\/www.capterra.com\/p\/10006800\/TalkPal\/"],"description":"Talkpal is a language learning web and mobile education app, powered by the latest AI technologies, that provides engaging experiences to its customers in many different languages to help them improve their language skills. Users can chat about unlimited amount of topics with the app and use other modes to practice their language learning.","email":"support@talkpal.ai","legalName":"Talkpal, Inc.","foundingDate":"2023-04-03","duns":"118989042","numberOfEmployees":{"@type":"QuantitativeValue","minValue":"11","maxValue":"50"},"publishingPrinciples":"https:\/\/talkpal.ai\/publishing-principles\/","actionableFeedbackPolicy":"https:\/\/talkpal.ai\/actionable-feedback-policy\/","correctionsPolicy":"https:\/\/talkpal.ai\/corrections-policy\/","ethicsPolicy":"https:\/\/talkpal.ai\/ethics-policy\/","diversityPolicy":"https:\/\/talkpal.ai\/diversity-policy\/","diversityStaffingReport":"https:\/\/talkpal.ai\/diversity-policy\/"}]}},"_links":{"self":[{"href":"https:\/\/talkpal.ai\/id\/wp-json\/wp\/v2\/pages\/128385","targetHints":{"allow":["GET"]}}],"collection":[{"href":"https:\/\/talkpal.ai\/id\/wp-json\/wp\/v2\/pages"}],"about":[{"href":"https:\/\/talkpal.ai\/id\/wp-json\/wp\/v2\/types\/page"}],"author":[{"embeddable":true,"href":"https:\/\/talkpal.ai\/id\/wp-json\/wp\/v2\/users\/1"}],"replies":[{"embeddable":true,"href":"https:\/\/talkpal.ai\/id\/wp-json\/wp\/v2\/comments?post=128385"}],"version-history":[{"count":0,"href":"https:\/\/talkpal.ai\/id\/wp-json\/wp\/v2\/pages\/128385\/revisions"}],"wp:featuredmedia":[{"embeddable":true,"href":"https:\/\/talkpal.ai\/id\/wp-json\/wp\/v2\/media\/106116"}],"wp:attachment":[{"href":"https:\/\/talkpal.ai\/id\/wp-json\/wp\/v2\/media?parent=128385"}],"curies":[{"name":"wp","href":"https:\/\/api.w.org\/{rel}","templated":true}]}}