{"id":998044,"date":"2023-10-09T10:03:45","date_gmt":"2023-10-09T10:03:45","guid":{"rendered":"https:\/\/talkpal.ai\/elofizeteskezelesi-utasitasok\/"},"modified":"2025-07-12T09:47:23","modified_gmt":"2025-07-12T09:47:23","slug":"elofizeteskezelesi-utasitasok","status":"publish","type":"page","link":"https:\/\/talkpal.ai\/hu\/elofizeteskezelesi-utasitasok\/","title":{"rendered":"El\u0151fizet\u00e9skezel\u00e9si utas\u00edt\u00e1sok"},"content":{"rendered":"\n<p>El\u0151fizet\u00e9seit az <a href=\"https:\/\/talkpal.ai\/es\/descargar-la-aplicacion-talkpal-para-android-e-ios\/\">App Store<\/a> (Apple <a href=\"https:\/\/talkpal.ai\/es\/descargar-la-aplicacion-talkpal-para-android-e-ios\/\">iOS<\/a>), a Google Play (Android) vagy a weboldal alkalmaz\u00e1sainkon kereszt\u00fcl kezelheti.<\/p>\n\n<h2 class=\"wp-block-heading\" id=\"h-app-store-apple-ios\">App Store (Apple iOS)<\/h2>\n\n<p>K\u00e9rj\u00fck, vegye figyelembe: Az Apple-el\u0151fizet\u00e9st vagy a pr\u00f3baverzi\u00f3t legal\u00e1bb 24 \u00f3r\u00e1val a lej\u00e1rta el\u0151tt le kell mondania. Ha az utols\u00f3 napon lemondja, automatikusan meg\u00fajul.<\/p>\n\n<p>A <a href=\"https:\/\/talkpal.ai\/ko\/ai-%ec%96%b8%ec%96%b4-%ea%b5%90%ec%82%ac\/\">Talkpal<\/a> el\u0151fizet\u00e9s lemond\u00e1s\u00e1hoz az App Store-on kereszt\u00fcl k\u00f6vesse az al\u00e1bbi l\u00e9p\u00e9seket iOS-eszk\u00f6z\u00e9n:<\/p>\n\n<p><strong>1. l\u00e9p\u00e9s<\/strong> &#8211; Nyissa meg a Be\u00e1ll\u00edt\u00e1sok alkalmaz\u00e1st.<\/p>\n\n<p><strong>2. l\u00e9p\u00e9s<\/strong> &#8211; V\u00e1lassza ki az oldal tetej\u00e9n tal\u00e1lhat\u00f3 Apple ID-t.<\/p>\n\n<p><strong>3. l\u00e9p\u00e9s<\/strong> &#8211; V\u00e1lassza az &#8222;Apple ID megtekint\u00e9se&#8221; lehet\u0151s\u00e9get<\/p>\n\n<p><strong>4. l\u00e9p\u00e9s<\/strong> &#8211; Menjen az &#8222;El\u0151fizet\u00e9sek&#8221; men\u00fcpontra, \u00e9s v\u00e1lassza ki a t\u00f6r\u00f6lni k\u00edv\u00e1nt el\u0151fizet\u00e9st.<\/p>\n\n<p><strong>5. l\u00e9p\u00e9s<\/strong> &#8211; Koppintson a &#8222;El\u0151fizet\u00e9s t\u00f6rl\u00e9se&#8221; gombra.<\/p>\n\n<h2 class=\"wp-block-heading\" id=\"h-google-play-android\">Google Play (Android)<\/h2>\n\n<p><b>1. l\u00e9p\u00e9s<\/b> &#8211; Androidos k\u00e9sz\u00fcl\u00e9k\u00e9n navig\u00e1ljon a Google Play el\u0151fizet\u00e9seihez.<\/p>\n\n<p><b>2. l\u00e9p\u00e9s<\/b> &#8211; V\u00e1lassza ki a lemondani k\u00edv\u00e1nt el\u0151fizet\u00e9st.<\/p>\n\n<p><b>3. l\u00e9p\u00e9s<\/b> &#8211; Nyomja meg az El\u0151fizet\u00e9s t\u00f6rl\u00e9se gombot.<\/p>\n\n<h2 class=\"wp-block-heading\" id=\"h-website\">Honlap<\/h2>\n\n<p><b>1. l\u00e9p\u00e9s<\/b> &#8211; Menj a fi\u00f3kod oldal\u00e1ra.<\/p>\n\n<p><b>2. l\u00e9p\u00e9s<\/b> &#8211; G\u00f6rgessen le az &#8222;El\u0151fizet\u00e9s&#8221; r\u00e9szhez.<\/p>\n\n<p><b>3. l\u00e9p\u00e9s<\/b> &#8211; Kattintson az &#8222;El\u0151fizet\u00e9s t\u00f6rl\u00e9se&#8221; gombra.<\/p>\n","protected":false},"excerpt":{"rendered":"<p>El\u0151fizet\u00e9seit az App Store (Apple iOS), a Google Play (Android) vagy a weboldal alkalmaz\u00e1sainkon kereszt\u00fcl kezelheti. App Store (Apple iOS) K\u00e9rj\u00fck, vegye figyelembe: Az Apple-el\u0151fizet\u00e9st vagy a pr\u00f3baverzi\u00f3t legal\u00e1bb 24 \u00f3r\u00e1val a lej\u00e1rta el\u0151tt le kell mondania. Ha az utols\u00f3 napon lemondja, automatikusan meg\u00fajul. A Talkpal el\u0151fizet\u00e9s lemond\u00e1s\u00e1hoz az App Store-on kereszt\u00fcl k\u00f6vesse az al\u00e1bbi [&hellip;]<\/p>\n","protected":false},"author":10,"featured_media":197960,"parent":0,"menu_order":0,"comment_status":"closed","ping_status":"closed","template":"","meta":{"_acf_changed":false,"footnotes":""},"class_list":["post-998044","page","type-page","status-publish","has-post-thumbnail","hentry"],"acf":[],"yoast_head":"<!-- This site is optimized with the Yoast SEO Premium plugin v27.2 (Yoast SEO v27.2) - https:\/\/yoast.com\/product\/yoast-seo-premium-wordpress\/ -->\n<title>El\u0151fizet\u00e9skezel\u00e9si utas\u00edt\u00e1sok - Talkpal<\/title>\n<meta name=\"description\" content=\"K\u00f6vesse ezeket az el\u0151fizet\u00e9s-kezel\u00e9si utas\u00edt\u00e1sokat az el\u0151fizet\u00e9sek egyszer\u0171 lemond\u00e1s\u00e1hoz az Apple vagy a Google Play alkalmaz\u00e1sokban.\" \/>\n<meta name=\"robots\" content=\"index, follow, max-snippet:-1, max-image-preview:large, max-video-preview:-1\" \/>\n<link rel=\"canonical\" href=\"https:\/\/talkpal.ai\/hu\/elofizeteskezelesi-utasitasok\/\" \/>\n<meta property=\"og:locale\" content=\"hu_HU\" \/>\n<meta property=\"og:type\" content=\"article\" \/>\n<meta property=\"og:title\" content=\"El\u0151fizet\u00e9skezel\u00e9si utas\u00edt\u00e1sok\" \/>\n<meta property=\"og:description\" content=\"El\u0151fizet\u00e9seit az App Store (Apple iOS), a Google Play (Android) vagy a weboldal alkalmaz\u00e1sainkon kereszt\u00fcl kezelheti. App Store (Apple iOS) K\u00e9rj\u00fck, vegye\" \/>\n<meta property=\"og:url\" content=\"https:\/\/talkpal.ai\/hu\/elofizeteskezelesi-utasitasok\/\" \/>\n<meta property=\"og:site_name\" content=\"Talkpal\" \/>\n<meta property=\"article:publisher\" content=\"https:\/\/www.facebook.com\/profile.php?id=100090733639311\" \/>\n<meta property=\"article:modified_time\" content=\"2025-07-12T09:47:23+00:00\" \/>\n<meta property=\"og:image\" content=\"https:\/\/talkpal.ai\/wp-content\/uploads\/2024\/03\/Talkpal-Logo-Icon.png\" \/>\n\t<meta property=\"og:image:width\" content=\"5000\" \/>\n\t<meta property=\"og:image:height\" content=\"5000\" \/>\n\t<meta property=\"og:image:type\" content=\"image\/png\" \/>\n<meta name=\"twitter:card\" content=\"summary_large_image\" \/>\n<meta name=\"twitter:site\" content=\"@talkpalai\" \/>\n<meta name=\"twitter:label1\" content=\"Becs\u00fclt olvas\u00e1si id\u0151\" \/>\n\t<meta name=\"twitter:data1\" content=\"1 perc\" \/>\n<script type=\"application\/ld+json\" class=\"yoast-schema-graph\">{\"@context\":\"https:\/\/schema.org\",\"@graph\":[{\"@type\":\"WebPage\",\"@id\":\"https:\/\/talkpal.ai\/hu\/elofizeteskezelesi-utasitasok\/\",\"url\":\"https:\/\/talkpal.ai\/hu\/elofizeteskezelesi-utasitasok\/\",\"name\":\"El\u0151fizet\u00e9skezel\u00e9si utas\u00edt\u00e1sok - Talkpal\",\"isPartOf\":{\"@id\":\"https:\/\/talkpal.ai\/hu\/#website\"},\"primaryImageOfPage\":{\"@id\":\"https:\/\/talkpal.ai\/hu\/elofizeteskezelesi-utasitasok\/#primaryimage\"},\"image\":{\"@id\":\"https:\/\/talkpal.ai\/hu\/elofizeteskezelesi-utasitasok\/#primaryimage\"},\"thumbnailUrl\":\"https:\/\/talkpal.ai\/wp-content\/uploads\/2024\/03\/Talkpal-Logo-Icon.png\",\"datePublished\":\"2023-10-09T10:03:45+00:00\",\"dateModified\":\"2025-07-12T09:47:23+00:00\",\"description\":\"K\u00f6vesse ezeket az el\u0151fizet\u00e9s-kezel\u00e9si utas\u00edt\u00e1sokat az el\u0151fizet\u00e9sek egyszer\u0171 lemond\u00e1s\u00e1hoz az Apple vagy a Google Play alkalmaz\u00e1sokban.\",\"breadcrumb\":{\"@id\":\"https:\/\/talkpal.ai\/hu\/elofizeteskezelesi-utasitasok\/#breadcrumb\"},\"inLanguage\":\"hu\",\"potentialAction\":[{\"@type\":\"ReadAction\",\"target\":[\"https:\/\/talkpal.ai\/hu\/elofizeteskezelesi-utasitasok\/\"]}]},{\"@type\":\"ImageObject\",\"inLanguage\":\"hu\",\"@id\":\"https:\/\/talkpal.ai\/hu\/elofizeteskezelesi-utasitasok\/#primaryimage\",\"url\":\"https:\/\/talkpal.ai\/wp-content\/uploads\/2024\/03\/Talkpal-Logo-Icon.png\",\"contentUrl\":\"https:\/\/talkpal.ai\/wp-content\/uploads\/2024\/03\/Talkpal-Logo-Icon.png\",\"width\":5000,\"height\":5000,\"caption\":\"Talkpal log\u00f3\"},{\"@type\":\"BreadcrumbList\",\"@id\":\"https:\/\/talkpal.ai\/hu\/elofizeteskezelesi-utasitasok\/#breadcrumb\",\"itemListElement\":[{\"@type\":\"ListItem\",\"position\":1,\"name\":\"Homepage\",\"item\":\"https:\/\/talkpal.ai\/hu\/\"},{\"@type\":\"ListItem\",\"position\":2,\"name\":\"El\u0151fizet\u00e9skezel\u00e9si utas\u00edt\u00e1sok\"}]},{\"@type\":\"WebSite\",\"@id\":\"https:\/\/talkpal.ai\/hu\/#website\",\"url\":\"https:\/\/talkpal.ai\/hu\/\",\"name\":\"Talkpal\",\"description\":\"AI Language Learning\",\"publisher\":{\"@id\":\"https:\/\/talkpal.ai\/hu\/#organization\"},\"alternateName\":\"Talkpal AI\",\"potentialAction\":[{\"@type\":\"SearchAction\",\"target\":{\"@type\":\"EntryPoint\",\"urlTemplate\":\"https:\/\/talkpal.ai\/hu\/?s={search_term_string}\"},\"query-input\":{\"@type\":\"PropertyValueSpecification\",\"valueRequired\":true,\"valueName\":\"search_term_string\"}}],\"inLanguage\":\"hu\"},{\"@type\":\"Organization\",\"@id\":\"https:\/\/talkpal.ai\/hu\/#organization\",\"name\":\"Talkpal, Inc.\",\"alternateName\":\"Talkpal AI\",\"url\":\"https:\/\/talkpal.ai\/hu\/\",\"logo\":{\"@type\":\"ImageObject\",\"inLanguage\":\"hu\",\"@id\":\"https:\/\/talkpal.ai\/hu\/#\/schema\/logo\/image\/\",\"url\":\"https:\/\/talkpal.ai\/wp-content\/uploads\/2024\/03\/Talkpal-Logo-Icon.png\",\"contentUrl\":\"https:\/\/talkpal.ai\/wp-content\/uploads\/2024\/03\/Talkpal-Logo-Icon.png\",\"width\":2880,\"height\":2880,\"caption\":\"Talkpal, Inc.\"},\"image\":{\"@id\":\"https:\/\/talkpal.ai\/hu\/#\/schema\/logo\/image\/\"},\"sameAs\":[\"https:\/\/www.facebook.com\/profile.php?id=100090733639311\",\"https:\/\/x.com\/talkpalai\",\"https:\/\/www.linkedin.com\/company\/talkpal\/\",\"https:\/\/www.youtube.com\/@TalkPal\/\",\"https:\/\/www.tiktok.com\/@talkpal\",\"https:\/\/www.instagram.com\/talkpal_ai\/\",\"https:\/\/www.crunchbase.com\/organization\/talkpal-9cde\",\"https:\/\/www.g2.com\/products\/talkpal-for-business\/\",\"https:\/\/www.trustpilot.com\/review\/talkpal.ai\",\"https:\/\/www.capterra.com\/p\/10006800\/TalkPal\/\"],\"description\":\"Talkpal is a language learning web and mobile education app, powered by the latest AI technologies, that provides engaging experiences to its customers in many different languages to help them improve their language skills. Users can chat about unlimited amount of topics with the app and use other modes to practice their language learning.\",\"email\":\"support@talkpal.ai\",\"legalName\":\"Talkpal, Inc.\",\"foundingDate\":\"2023-04-03\",\"duns\":\"118989042\",\"numberOfEmployees\":{\"@type\":\"QuantitativeValue\",\"minValue\":\"11\",\"maxValue\":\"50\"},\"publishingPrinciples\":\"https:\/\/talkpal.ai\/publishing-principles\/\",\"actionableFeedbackPolicy\":\"https:\/\/talkpal.ai\/actionable-feedback-policy\/\",\"correctionsPolicy\":\"https:\/\/talkpal.ai\/corrections-policy\/\",\"ethicsPolicy\":\"https:\/\/talkpal.ai\/ethics-policy\/\",\"diversityPolicy\":\"https:\/\/talkpal.ai\/diversity-policy\/\",\"diversityStaffingReport\":\"https:\/\/talkpal.ai\/diversity-policy\/\"}]}<\/script>\n<!-- \/ Yoast SEO Premium plugin. -->","yoast_head_json":{"title":"El\u0151fizet\u00e9skezel\u00e9si utas\u00edt\u00e1sok - Talkpal","description":"K\u00f6vesse ezeket az el\u0151fizet\u00e9s-kezel\u00e9si utas\u00edt\u00e1sokat az el\u0151fizet\u00e9sek egyszer\u0171 lemond\u00e1s\u00e1hoz az Apple vagy a Google Play alkalmaz\u00e1sokban.","robots":{"index":"index","follow":"follow","max-snippet":"max-snippet:-1","max-image-preview":"max-image-preview:large","max-video-preview":"max-video-preview:-1"},"canonical":"https:\/\/talkpal.ai\/hu\/elofizeteskezelesi-utasitasok\/","og_locale":"hu_HU","og_type":"article","og_title":"El\u0151fizet\u00e9skezel\u00e9si utas\u00edt\u00e1sok","og_description":"El\u0151fizet\u00e9seit az App Store (Apple iOS), a Google Play (Android) vagy a weboldal alkalmaz\u00e1sainkon kereszt\u00fcl kezelheti. App Store (Apple iOS) K\u00e9rj\u00fck, vegye","og_url":"https:\/\/talkpal.ai\/hu\/elofizeteskezelesi-utasitasok\/","og_site_name":"Talkpal","article_publisher":"https:\/\/www.facebook.com\/profile.php?id=100090733639311","article_modified_time":"2025-07-12T09:47:23+00:00","og_image":[{"width":5000,"height":5000,"url":"https:\/\/talkpal.ai\/wp-content\/uploads\/2024\/03\/Talkpal-Logo-Icon.png","type":"image\/png"}],"twitter_card":"summary_large_image","twitter_site":"@talkpalai","twitter_misc":{"Becs\u00fclt olvas\u00e1si id\u0151":"1 perc"},"schema":{"@context":"https:\/\/schema.org","@graph":[{"@type":"WebPage","@id":"https:\/\/talkpal.ai\/hu\/elofizeteskezelesi-utasitasok\/","url":"https:\/\/talkpal.ai\/hu\/elofizeteskezelesi-utasitasok\/","name":"El\u0151fizet\u00e9skezel\u00e9si utas\u00edt\u00e1sok - Talkpal","isPartOf":{"@id":"https:\/\/talkpal.ai\/hu\/#website"},"primaryImageOfPage":{"@id":"https:\/\/talkpal.ai\/hu\/elofizeteskezelesi-utasitasok\/#primaryimage"},"image":{"@id":"https:\/\/talkpal.ai\/hu\/elofizeteskezelesi-utasitasok\/#primaryimage"},"thumbnailUrl":"https:\/\/talkpal.ai\/wp-content\/uploads\/2024\/03\/Talkpal-Logo-Icon.png","datePublished":"2023-10-09T10:03:45+00:00","dateModified":"2025-07-12T09:47:23+00:00","description":"K\u00f6vesse ezeket az el\u0151fizet\u00e9s-kezel\u00e9si utas\u00edt\u00e1sokat az el\u0151fizet\u00e9sek egyszer\u0171 lemond\u00e1s\u00e1hoz az Apple vagy a Google Play alkalmaz\u00e1sokban.","breadcrumb":{"@id":"https:\/\/talkpal.ai\/hu\/elofizeteskezelesi-utasitasok\/#breadcrumb"},"inLanguage":"hu","potentialAction":[{"@type":"ReadAction","target":["https:\/\/talkpal.ai\/hu\/elofizeteskezelesi-utasitasok\/"]}]},{"@type":"ImageObject","inLanguage":"hu","@id":"https:\/\/talkpal.ai\/hu\/elofizeteskezelesi-utasitasok\/#primaryimage","url":"https:\/\/talkpal.ai\/wp-content\/uploads\/2024\/03\/Talkpal-Logo-Icon.png","contentUrl":"https:\/\/talkpal.ai\/wp-content\/uploads\/2024\/03\/Talkpal-Logo-Icon.png","width":5000,"height":5000,"caption":"Talkpal log\u00f3"},{"@type":"BreadcrumbList","@id":"https:\/\/talkpal.ai\/hu\/elofizeteskezelesi-utasitasok\/#breadcrumb","itemListElement":[{"@type":"ListItem","position":1,"name":"Homepage","item":"https:\/\/talkpal.ai\/hu\/"},{"@type":"ListItem","position":2,"name":"El\u0151fizet\u00e9skezel\u00e9si utas\u00edt\u00e1sok"}]},{"@type":"WebSite","@id":"https:\/\/talkpal.ai\/hu\/#website","url":"https:\/\/talkpal.ai\/hu\/","name":"Talkpal","description":"AI Language Learning","publisher":{"@id":"https:\/\/talkpal.ai\/hu\/#organization"},"alternateName":"Talkpal AI","potentialAction":[{"@type":"SearchAction","target":{"@type":"EntryPoint","urlTemplate":"https:\/\/talkpal.ai\/hu\/?s={search_term_string}"},"query-input":{"@type":"PropertyValueSpecification","valueRequired":true,"valueName":"search_term_string"}}],"inLanguage":"hu"},{"@type":"Organization","@id":"https:\/\/talkpal.ai\/hu\/#organization","name":"Talkpal, Inc.","alternateName":"Talkpal AI","url":"https:\/\/talkpal.ai\/hu\/","logo":{"@type":"ImageObject","inLanguage":"hu","@id":"https:\/\/talkpal.ai\/hu\/#\/schema\/logo\/image\/","url":"https:\/\/talkpal.ai\/wp-content\/uploads\/2024\/03\/Talkpal-Logo-Icon.png","contentUrl":"https:\/\/talkpal.ai\/wp-content\/uploads\/2024\/03\/Talkpal-Logo-Icon.png","width":2880,"height":2880,"caption":"Talkpal, Inc."},"image":{"@id":"https:\/\/talkpal.ai\/hu\/#\/schema\/logo\/image\/"},"sameAs":["https:\/\/www.facebook.com\/profile.php?id=100090733639311","https:\/\/x.com\/talkpalai","https:\/\/www.linkedin.com\/company\/talkpal\/","https:\/\/www.youtube.com\/@TalkPal\/","https:\/\/www.tiktok.com\/@talkpal","https:\/\/www.instagram.com\/talkpal_ai\/","https:\/\/www.crunchbase.com\/organization\/talkpal-9cde","https:\/\/www.g2.com\/products\/talkpal-for-business\/","https:\/\/www.trustpilot.com\/review\/talkpal.ai","https:\/\/www.capterra.com\/p\/10006800\/TalkPal\/"],"description":"Talkpal is a language learning web and mobile education app, powered by the latest AI technologies, that provides engaging experiences to its customers in many different languages to help them improve their language skills. Users can chat about unlimited amount of topics with the app and use other modes to practice their language learning.","email":"support@talkpal.ai","legalName":"Talkpal, Inc.","foundingDate":"2023-04-03","duns":"118989042","numberOfEmployees":{"@type":"QuantitativeValue","minValue":"11","maxValue":"50"},"publishingPrinciples":"https:\/\/talkpal.ai\/publishing-principles\/","actionableFeedbackPolicy":"https:\/\/talkpal.ai\/actionable-feedback-policy\/","correctionsPolicy":"https:\/\/talkpal.ai\/corrections-policy\/","ethicsPolicy":"https:\/\/talkpal.ai\/ethics-policy\/","diversityPolicy":"https:\/\/talkpal.ai\/diversity-policy\/","diversityStaffingReport":"https:\/\/talkpal.ai\/diversity-policy\/"}]}},"_links":{"self":[{"href":"https:\/\/talkpal.ai\/hu\/wp-json\/wp\/v2\/pages\/998044","targetHints":{"allow":["GET"]}}],"collection":[{"href":"https:\/\/talkpal.ai\/hu\/wp-json\/wp\/v2\/pages"}],"about":[{"href":"https:\/\/talkpal.ai\/hu\/wp-json\/wp\/v2\/types\/page"}],"author":[{"embeddable":true,"href":"https:\/\/talkpal.ai\/hu\/wp-json\/wp\/v2\/users\/10"}],"replies":[{"embeddable":true,"href":"https:\/\/talkpal.ai\/hu\/wp-json\/wp\/v2\/comments?post=998044"}],"version-history":[{"count":0,"href":"https:\/\/talkpal.ai\/hu\/wp-json\/wp\/v2\/pages\/998044\/revisions"}],"wp:featuredmedia":[{"embeddable":true,"href":"https:\/\/talkpal.ai\/hu\/wp-json\/wp\/v2\/media\/197960"}],"wp:attachment":[{"href":"https:\/\/talkpal.ai\/hu\/wp-json\/wp\/v2\/media?parent=998044"}],"curies":[{"name":"wp","href":"https:\/\/api.w.org\/{rel}","templated":true}]}}