{"id":994813,"date":"2023-12-20T15:42:12","date_gmt":"2023-12-20T15:42:12","guid":{"rendered":"https:\/\/talkpal.ai\/utasitasok-a-kupon-kod-hozzaadasahoz-a-stripe-checkoutban\/"},"modified":"2025-06-19T18:08:28","modified_gmt":"2025-06-19T18:08:28","slug":"utasitasok-a-kupon-kod-hozzaadasahoz-a-stripe-checkoutban","status":"publish","type":"page","link":"https:\/\/talkpal.ai\/hu\/utasitasok-a-kupon-kod-hozzaadasahoz-a-stripe-checkoutban\/","title":{"rendered":"Utas\u00edt\u00e1sok a kupon k\u00f3d hozz\u00e1ad\u00e1s\u00e1hoz a Stripe Checkoutban"},"content":{"rendered":"\n<p>Add kupon k\u00f3d \u00e9s kap egy kedvezm\u00e9nyt.<\/p>\n\n<h2 class=\"wp-block-heading\" id=\"h-follow-the-steps\">K\u00f6vesse a l\u00e9p\u00e9seket<\/h2>\n\n<h3 class=\"wp-block-heading\" id=\"h-step-1\">1. l\u00e9p\u00e9s:<\/h3>\n\n<p>V\u00e1lasszon egy el\u0151nyben r\u00e9szes\u00edtett tervet.<\/p>\n\n<figure class=\"wp-block-image\"><img decoding=\"async\" src=\"https:\/\/talkpal.ai\/wp-content\/uploads\/2024\/12\/Choos-plan-screen-768x389.png\" alt=\"\"\/><\/figure>\n\n<h3 class=\"wp-block-heading\" id=\"h-step-2\">2. l\u00e9p\u00e9s:<\/h3>\n\n<p>V\u00e1lassza ki a k\u00e1rty\u00e1s fizet\u00e9s opci\u00f3t, \u00e9s nyomja meg a start gombot.<\/p>\n\n<figure class=\"wp-block-image\"><img decoding=\"async\" src=\"https:\/\/talkpal.ai\/wp-content\/uploads\/2024\/12\/Payment-method-screen-768x389.png\" alt=\"\"\/><\/figure>\n\n<h3 class=\"wp-block-heading\" id=\"h-step-3\">3. l\u00e9p\u00e9s:<\/h3>\n\n<p>A rendszer \u00e1tir\u00e1ny\u00edtja \u00d6nt a Stripe p\u00e9nzt\u00e1r oldal\u00e1ra.<\/p>\n\n<h3 class=\"wp-block-heading\" id=\"h-step-4\">4. l\u00e9p\u00e9s:<\/h3>\n\n<p>Nyomja meg a \u201eProm\u00f3ci\u00f3s k\u00f3d hozz\u00e1ad\u00e1sa\u201d gombot, \u00e9s \u00edrja be a k\u00f3dot, p\u00e9ld\u00e1ul: <strong>JOIN25<\/strong> \u00e9s nyomja meg az \u201eAlkalmaz\u201d gombot.<\/p>\n\n<figure class=\"wp-block-image\"><img decoding=\"async\" src=\"https:\/\/talkpal.ai\/wp-content\/uploads\/2024\/05\/Talkpal-Stripe-instructions-1024x593.png\" alt=\"\"\/><\/figure>\n\n<h3 class=\"wp-block-heading\" id=\"h-step-5\">5. l\u00e9p\u00e9s:<\/h3>\n\n<p>T\u00f6ltse ki k\u00e1rtyaadatait, \u00e9s kezdje el felfedezni Pr\u00e9mium fi\u00f3kj\u00e1t.<\/p>\n\n<p><\/p>\n","protected":false},"excerpt":{"rendered":"<p>Add kupon k\u00f3d \u00e9s kap egy kedvezm\u00e9nyt. K\u00f6vesse a l\u00e9p\u00e9seket 1. l\u00e9p\u00e9s: V\u00e1lasszon egy el\u0151nyben r\u00e9szes\u00edtett tervet. 2. l\u00e9p\u00e9s: V\u00e1lassza ki a k\u00e1rty\u00e1s fizet\u00e9s opci\u00f3t, \u00e9s nyomja meg a start gombot. 3. l\u00e9p\u00e9s: A rendszer \u00e1tir\u00e1ny\u00edtja \u00d6nt a Stripe p\u00e9nzt\u00e1r oldal\u00e1ra. 4. l\u00e9p\u00e9s: Nyomja meg a \u201eProm\u00f3ci\u00f3s k\u00f3d hozz\u00e1ad\u00e1sa\u201d gombot, \u00e9s \u00edrja be a k\u00f3dot, [&hellip;]<\/p>\n","protected":false},"author":6,"featured_media":197960,"parent":0,"menu_order":0,"comment_status":"closed","ping_status":"closed","template":"","meta":{"_acf_changed":false,"footnotes":""},"class_list":["post-994813","page","type-page","status-publish","has-post-thumbnail","hentry"],"acf":[],"yoast_head":"<!-- This site is optimized with the Yoast SEO Premium plugin v27.2 (Yoast SEO v27.2) - https:\/\/yoast.com\/product\/yoast-seo-premium-wordpress\/ -->\n<title>Utas\u00edt\u00e1sok a kupon k\u00f3d hozz\u00e1ad\u00e1s\u00e1hoz a Stripe Checkoutban - Talkpal<\/title>\n<meta name=\"description\" content=\"Ismerje meg, hogyan adhat hozz\u00e1 egyszer\u0171en kuponk\u00f3dokat a Stripe Checkoutban. K\u00f6vesse az egyszer\u0171 l\u00e9p\u00e9seket a v\u00e1s\u00e1rl\u00f3i p\u00e9nzt\u00e1ri \u00e9lm\u00e9ny fokoz\u00e1s\u00e1hoz.\" \/>\n<meta name=\"robots\" content=\"index, follow, max-snippet:-1, max-image-preview:large, max-video-preview:-1\" \/>\n<link rel=\"canonical\" href=\"https:\/\/talkpal.ai\/hu\/utasitasok-a-kupon-kod-hozzaadasahoz-a-stripe-checkoutban\/\" \/>\n<meta property=\"og:locale\" content=\"hu_HU\" \/>\n<meta property=\"og:type\" content=\"article\" \/>\n<meta property=\"og:title\" content=\"Utas\u00edt\u00e1sok a kupon k\u00f3d hozz\u00e1ad\u00e1s\u00e1hoz a Stripe Checkoutban\" \/>\n<meta property=\"og:description\" content=\"Add kupon k\u00f3d \u00e9s kap egy kedvezm\u00e9nyt. K\u00f6vesse a l\u00e9p\u00e9seket 1. l\u00e9p\u00e9s: V\u00e1lasszon egy el\u0151nyben r\u00e9szes\u00edtett tervet. 2. l\u00e9p\u00e9s: V\u00e1lassza ki a k\u00e1rty\u00e1s fizet\u00e9s\" \/>\n<meta property=\"og:url\" content=\"https:\/\/talkpal.ai\/hu\/utasitasok-a-kupon-kod-hozzaadasahoz-a-stripe-checkoutban\/\" \/>\n<meta property=\"og:site_name\" content=\"Talkpal\" \/>\n<meta property=\"article:publisher\" content=\"https:\/\/www.facebook.com\/profile.php?id=100090733639311\" \/>\n<meta property=\"article:modified_time\" content=\"2025-06-19T18:08:28+00:00\" \/>\n<meta property=\"og:image\" content=\"https:\/\/talkpal.ai\/wp-content\/uploads\/2024\/03\/Talkpal-Logo-Icon.png\" \/>\n\t<meta property=\"og:image:width\" content=\"5000\" \/>\n\t<meta property=\"og:image:height\" content=\"5000\" \/>\n\t<meta property=\"og:image:type\" content=\"image\/png\" \/>\n<meta name=\"twitter:card\" content=\"summary_large_image\" \/>\n<meta name=\"twitter:site\" content=\"@talkpalai\" \/>\n<meta name=\"twitter:label1\" content=\"Becs\u00fclt olvas\u00e1si id\u0151\" \/>\n\t<meta name=\"twitter:data1\" content=\"1 perc\" \/>\n<script type=\"application\/ld+json\" class=\"yoast-schema-graph\">{\"@context\":\"https:\/\/schema.org\",\"@graph\":[{\"@type\":\"WebPage\",\"@id\":\"https:\/\/talkpal.ai\/hu\/utasitasok-a-kupon-kod-hozzaadasahoz-a-stripe-checkoutban\/\",\"url\":\"https:\/\/talkpal.ai\/hu\/utasitasok-a-kupon-kod-hozzaadasahoz-a-stripe-checkoutban\/\",\"name\":\"Utas\u00edt\u00e1sok a kupon k\u00f3d hozz\u00e1ad\u00e1s\u00e1hoz a Stripe Checkoutban - Talkpal\",\"isPartOf\":{\"@id\":\"https:\/\/talkpal.ai\/hu\/#website\"},\"primaryImageOfPage\":{\"@id\":\"https:\/\/talkpal.ai\/hu\/utasitasok-a-kupon-kod-hozzaadasahoz-a-stripe-checkoutban\/#primaryimage\"},\"image\":{\"@id\":\"https:\/\/talkpal.ai\/hu\/utasitasok-a-kupon-kod-hozzaadasahoz-a-stripe-checkoutban\/#primaryimage\"},\"thumbnailUrl\":\"https:\/\/talkpal.ai\/wp-content\/uploads\/2024\/03\/Talkpal-Logo-Icon.png\",\"datePublished\":\"2023-12-20T15:42:12+00:00\",\"dateModified\":\"2025-06-19T18:08:28+00:00\",\"description\":\"Ismerje meg, hogyan adhat hozz\u00e1 egyszer\u0171en kuponk\u00f3dokat a Stripe Checkoutban. K\u00f6vesse az egyszer\u0171 l\u00e9p\u00e9seket a v\u00e1s\u00e1rl\u00f3i p\u00e9nzt\u00e1ri \u00e9lm\u00e9ny fokoz\u00e1s\u00e1hoz.\",\"breadcrumb\":{\"@id\":\"https:\/\/talkpal.ai\/hu\/utasitasok-a-kupon-kod-hozzaadasahoz-a-stripe-checkoutban\/#breadcrumb\"},\"inLanguage\":\"hu\",\"potentialAction\":[{\"@type\":\"ReadAction\",\"target\":[\"https:\/\/talkpal.ai\/hu\/utasitasok-a-kupon-kod-hozzaadasahoz-a-stripe-checkoutban\/\"]}]},{\"@type\":\"ImageObject\",\"inLanguage\":\"hu\",\"@id\":\"https:\/\/talkpal.ai\/hu\/utasitasok-a-kupon-kod-hozzaadasahoz-a-stripe-checkoutban\/#primaryimage\",\"url\":\"https:\/\/talkpal.ai\/wp-content\/uploads\/2024\/03\/Talkpal-Logo-Icon.png\",\"contentUrl\":\"https:\/\/talkpal.ai\/wp-content\/uploads\/2024\/03\/Talkpal-Logo-Icon.png\",\"width\":5000,\"height\":5000,\"caption\":\"Talkpal log\u00f3\"},{\"@type\":\"BreadcrumbList\",\"@id\":\"https:\/\/talkpal.ai\/hu\/utasitasok-a-kupon-kod-hozzaadasahoz-a-stripe-checkoutban\/#breadcrumb\",\"itemListElement\":[{\"@type\":\"ListItem\",\"position\":1,\"name\":\"Homepage\",\"item\":\"https:\/\/talkpal.ai\/hu\/\"},{\"@type\":\"ListItem\",\"position\":2,\"name\":\"Utas\u00edt\u00e1sok a kupon k\u00f3d hozz\u00e1ad\u00e1s\u00e1hoz a Stripe Checkoutban\"}]},{\"@type\":\"WebSite\",\"@id\":\"https:\/\/talkpal.ai\/hu\/#website\",\"url\":\"https:\/\/talkpal.ai\/hu\/\",\"name\":\"Talkpal\",\"description\":\"AI Language Learning\",\"publisher\":{\"@id\":\"https:\/\/talkpal.ai\/hu\/#organization\"},\"alternateName\":\"Talkpal AI\",\"potentialAction\":[{\"@type\":\"SearchAction\",\"target\":{\"@type\":\"EntryPoint\",\"urlTemplate\":\"https:\/\/talkpal.ai\/hu\/?s={search_term_string}\"},\"query-input\":{\"@type\":\"PropertyValueSpecification\",\"valueRequired\":true,\"valueName\":\"search_term_string\"}}],\"inLanguage\":\"hu\"},{\"@type\":\"Organization\",\"@id\":\"https:\/\/talkpal.ai\/hu\/#organization\",\"name\":\"Talkpal, Inc.\",\"alternateName\":\"Talkpal AI\",\"url\":\"https:\/\/talkpal.ai\/hu\/\",\"logo\":{\"@type\":\"ImageObject\",\"inLanguage\":\"hu\",\"@id\":\"https:\/\/talkpal.ai\/hu\/#\/schema\/logo\/image\/\",\"url\":\"https:\/\/talkpal.ai\/wp-content\/uploads\/2024\/03\/Talkpal-Logo-Icon.png\",\"contentUrl\":\"https:\/\/talkpal.ai\/wp-content\/uploads\/2024\/03\/Talkpal-Logo-Icon.png\",\"width\":2880,\"height\":2880,\"caption\":\"Talkpal, Inc.\"},\"image\":{\"@id\":\"https:\/\/talkpal.ai\/hu\/#\/schema\/logo\/image\/\"},\"sameAs\":[\"https:\/\/www.facebook.com\/profile.php?id=100090733639311\",\"https:\/\/x.com\/talkpalai\",\"https:\/\/www.linkedin.com\/company\/talkpal\/\",\"https:\/\/www.youtube.com\/@TalkPal\/\",\"https:\/\/www.tiktok.com\/@talkpal\",\"https:\/\/www.instagram.com\/talkpal_ai\/\",\"https:\/\/www.crunchbase.com\/organization\/talkpal-9cde\",\"https:\/\/www.g2.com\/products\/talkpal-for-business\/\",\"https:\/\/www.trustpilot.com\/review\/talkpal.ai\",\"https:\/\/www.capterra.com\/p\/10006800\/TalkPal\/\"],\"description\":\"Talkpal is a language learning web and mobile education app, powered by the latest AI technologies, that provides engaging experiences to its customers in many different languages to help them improve their language skills. Users can chat about unlimited amount of topics with the app and use other modes to practice their language learning.\",\"email\":\"support@talkpal.ai\",\"legalName\":\"Talkpal, Inc.\",\"foundingDate\":\"2023-04-03\",\"duns\":\"118989042\",\"numberOfEmployees\":{\"@type\":\"QuantitativeValue\",\"minValue\":\"11\",\"maxValue\":\"50\"},\"publishingPrinciples\":\"https:\/\/talkpal.ai\/publishing-principles\/\",\"actionableFeedbackPolicy\":\"https:\/\/talkpal.ai\/actionable-feedback-policy\/\",\"correctionsPolicy\":\"https:\/\/talkpal.ai\/corrections-policy\/\",\"ethicsPolicy\":\"https:\/\/talkpal.ai\/ethics-policy\/\",\"diversityPolicy\":\"https:\/\/talkpal.ai\/diversity-policy\/\",\"diversityStaffingReport\":\"https:\/\/talkpal.ai\/diversity-policy\/\"}]}<\/script>\n<!-- \/ Yoast SEO Premium plugin. -->","yoast_head_json":{"title":"Utas\u00edt\u00e1sok a kupon k\u00f3d hozz\u00e1ad\u00e1s\u00e1hoz a Stripe Checkoutban - Talkpal","description":"Ismerje meg, hogyan adhat hozz\u00e1 egyszer\u0171en kuponk\u00f3dokat a Stripe Checkoutban. K\u00f6vesse az egyszer\u0171 l\u00e9p\u00e9seket a v\u00e1s\u00e1rl\u00f3i p\u00e9nzt\u00e1ri \u00e9lm\u00e9ny fokoz\u00e1s\u00e1hoz.","robots":{"index":"index","follow":"follow","max-snippet":"max-snippet:-1","max-image-preview":"max-image-preview:large","max-video-preview":"max-video-preview:-1"},"canonical":"https:\/\/talkpal.ai\/hu\/utasitasok-a-kupon-kod-hozzaadasahoz-a-stripe-checkoutban\/","og_locale":"hu_HU","og_type":"article","og_title":"Utas\u00edt\u00e1sok a kupon k\u00f3d hozz\u00e1ad\u00e1s\u00e1hoz a Stripe Checkoutban","og_description":"Add kupon k\u00f3d \u00e9s kap egy kedvezm\u00e9nyt. K\u00f6vesse a l\u00e9p\u00e9seket 1. l\u00e9p\u00e9s: V\u00e1lasszon egy el\u0151nyben r\u00e9szes\u00edtett tervet. 2. l\u00e9p\u00e9s: V\u00e1lassza ki a k\u00e1rty\u00e1s fizet\u00e9s","og_url":"https:\/\/talkpal.ai\/hu\/utasitasok-a-kupon-kod-hozzaadasahoz-a-stripe-checkoutban\/","og_site_name":"Talkpal","article_publisher":"https:\/\/www.facebook.com\/profile.php?id=100090733639311","article_modified_time":"2025-06-19T18:08:28+00:00","og_image":[{"width":5000,"height":5000,"url":"https:\/\/talkpal.ai\/wp-content\/uploads\/2024\/03\/Talkpal-Logo-Icon.png","type":"image\/png"}],"twitter_card":"summary_large_image","twitter_site":"@talkpalai","twitter_misc":{"Becs\u00fclt olvas\u00e1si id\u0151":"1 perc"},"schema":{"@context":"https:\/\/schema.org","@graph":[{"@type":"WebPage","@id":"https:\/\/talkpal.ai\/hu\/utasitasok-a-kupon-kod-hozzaadasahoz-a-stripe-checkoutban\/","url":"https:\/\/talkpal.ai\/hu\/utasitasok-a-kupon-kod-hozzaadasahoz-a-stripe-checkoutban\/","name":"Utas\u00edt\u00e1sok a kupon k\u00f3d hozz\u00e1ad\u00e1s\u00e1hoz a Stripe Checkoutban - Talkpal","isPartOf":{"@id":"https:\/\/talkpal.ai\/hu\/#website"},"primaryImageOfPage":{"@id":"https:\/\/talkpal.ai\/hu\/utasitasok-a-kupon-kod-hozzaadasahoz-a-stripe-checkoutban\/#primaryimage"},"image":{"@id":"https:\/\/talkpal.ai\/hu\/utasitasok-a-kupon-kod-hozzaadasahoz-a-stripe-checkoutban\/#primaryimage"},"thumbnailUrl":"https:\/\/talkpal.ai\/wp-content\/uploads\/2024\/03\/Talkpal-Logo-Icon.png","datePublished":"2023-12-20T15:42:12+00:00","dateModified":"2025-06-19T18:08:28+00:00","description":"Ismerje meg, hogyan adhat hozz\u00e1 egyszer\u0171en kuponk\u00f3dokat a Stripe Checkoutban. K\u00f6vesse az egyszer\u0171 l\u00e9p\u00e9seket a v\u00e1s\u00e1rl\u00f3i p\u00e9nzt\u00e1ri \u00e9lm\u00e9ny fokoz\u00e1s\u00e1hoz.","breadcrumb":{"@id":"https:\/\/talkpal.ai\/hu\/utasitasok-a-kupon-kod-hozzaadasahoz-a-stripe-checkoutban\/#breadcrumb"},"inLanguage":"hu","potentialAction":[{"@type":"ReadAction","target":["https:\/\/talkpal.ai\/hu\/utasitasok-a-kupon-kod-hozzaadasahoz-a-stripe-checkoutban\/"]}]},{"@type":"ImageObject","inLanguage":"hu","@id":"https:\/\/talkpal.ai\/hu\/utasitasok-a-kupon-kod-hozzaadasahoz-a-stripe-checkoutban\/#primaryimage","url":"https:\/\/talkpal.ai\/wp-content\/uploads\/2024\/03\/Talkpal-Logo-Icon.png","contentUrl":"https:\/\/talkpal.ai\/wp-content\/uploads\/2024\/03\/Talkpal-Logo-Icon.png","width":5000,"height":5000,"caption":"Talkpal log\u00f3"},{"@type":"BreadcrumbList","@id":"https:\/\/talkpal.ai\/hu\/utasitasok-a-kupon-kod-hozzaadasahoz-a-stripe-checkoutban\/#breadcrumb","itemListElement":[{"@type":"ListItem","position":1,"name":"Homepage","item":"https:\/\/talkpal.ai\/hu\/"},{"@type":"ListItem","position":2,"name":"Utas\u00edt\u00e1sok a kupon k\u00f3d hozz\u00e1ad\u00e1s\u00e1hoz a Stripe Checkoutban"}]},{"@type":"WebSite","@id":"https:\/\/talkpal.ai\/hu\/#website","url":"https:\/\/talkpal.ai\/hu\/","name":"Talkpal","description":"AI Language Learning","publisher":{"@id":"https:\/\/talkpal.ai\/hu\/#organization"},"alternateName":"Talkpal AI","potentialAction":[{"@type":"SearchAction","target":{"@type":"EntryPoint","urlTemplate":"https:\/\/talkpal.ai\/hu\/?s={search_term_string}"},"query-input":{"@type":"PropertyValueSpecification","valueRequired":true,"valueName":"search_term_string"}}],"inLanguage":"hu"},{"@type":"Organization","@id":"https:\/\/talkpal.ai\/hu\/#organization","name":"Talkpal, Inc.","alternateName":"Talkpal AI","url":"https:\/\/talkpal.ai\/hu\/","logo":{"@type":"ImageObject","inLanguage":"hu","@id":"https:\/\/talkpal.ai\/hu\/#\/schema\/logo\/image\/","url":"https:\/\/talkpal.ai\/wp-content\/uploads\/2024\/03\/Talkpal-Logo-Icon.png","contentUrl":"https:\/\/talkpal.ai\/wp-content\/uploads\/2024\/03\/Talkpal-Logo-Icon.png","width":2880,"height":2880,"caption":"Talkpal, Inc."},"image":{"@id":"https:\/\/talkpal.ai\/hu\/#\/schema\/logo\/image\/"},"sameAs":["https:\/\/www.facebook.com\/profile.php?id=100090733639311","https:\/\/x.com\/talkpalai","https:\/\/www.linkedin.com\/company\/talkpal\/","https:\/\/www.youtube.com\/@TalkPal\/","https:\/\/www.tiktok.com\/@talkpal","https:\/\/www.instagram.com\/talkpal_ai\/","https:\/\/www.crunchbase.com\/organization\/talkpal-9cde","https:\/\/www.g2.com\/products\/talkpal-for-business\/","https:\/\/www.trustpilot.com\/review\/talkpal.ai","https:\/\/www.capterra.com\/p\/10006800\/TalkPal\/"],"description":"Talkpal is a language learning web and mobile education app, powered by the latest AI technologies, that provides engaging experiences to its customers in many different languages to help them improve their language skills. Users can chat about unlimited amount of topics with the app and use other modes to practice their language learning.","email":"support@talkpal.ai","legalName":"Talkpal, Inc.","foundingDate":"2023-04-03","duns":"118989042","numberOfEmployees":{"@type":"QuantitativeValue","minValue":"11","maxValue":"50"},"publishingPrinciples":"https:\/\/talkpal.ai\/publishing-principles\/","actionableFeedbackPolicy":"https:\/\/talkpal.ai\/actionable-feedback-policy\/","correctionsPolicy":"https:\/\/talkpal.ai\/corrections-policy\/","ethicsPolicy":"https:\/\/talkpal.ai\/ethics-policy\/","diversityPolicy":"https:\/\/talkpal.ai\/diversity-policy\/","diversityStaffingReport":"https:\/\/talkpal.ai\/diversity-policy\/"}]}},"_links":{"self":[{"href":"https:\/\/talkpal.ai\/hu\/wp-json\/wp\/v2\/pages\/994813","targetHints":{"allow":["GET"]}}],"collection":[{"href":"https:\/\/talkpal.ai\/hu\/wp-json\/wp\/v2\/pages"}],"about":[{"href":"https:\/\/talkpal.ai\/hu\/wp-json\/wp\/v2\/types\/page"}],"author":[{"embeddable":true,"href":"https:\/\/talkpal.ai\/hu\/wp-json\/wp\/v2\/users\/6"}],"replies":[{"embeddable":true,"href":"https:\/\/talkpal.ai\/hu\/wp-json\/wp\/v2\/comments?post=994813"}],"version-history":[{"count":0,"href":"https:\/\/talkpal.ai\/hu\/wp-json\/wp\/v2\/pages\/994813\/revisions"}],"wp:featuredmedia":[{"embeddable":true,"href":"https:\/\/talkpal.ai\/hu\/wp-json\/wp\/v2\/media\/197960"}],"wp:attachment":[{"href":"https:\/\/talkpal.ai\/hu\/wp-json\/wp\/v2\/media?parent=994813"}],"curies":[{"name":"wp","href":"https:\/\/api.w.org\/{rel}","templated":true}]}}