{"id":93158,"date":"2023-12-05T11:40:43","date_gmt":"2023-12-05T11:40:43","guid":{"rendered":"http:\/\/talkpal.ai\/nemet-nyelvvizsga\/"},"modified":"2026-01-07T15:04:00","modified_gmt":"2026-01-07T15:04:00","slug":"nemet-nyelvvizsga","status":"publish","type":"page","link":"https:\/\/talkpal.ai\/hu\/nemet-nyelvvizsga\/","title":{"rendered":"N\u00e9met nyelvvizsga"},"content":{"rendered":"\r\n\r\n\r\n<section class=\"languageChallengeSection\">\r\n    <div class=\"languageInfoWrapper\">\r\n        \r\n        <h1>N\u00e9met nyelvvizsga<\/h1>\r\n        <p>Talkpal egy mesters\u00e9ges intelligencia \u00e1ltal gener\u00e1lt nyelvtanul\u00e1si alkalmaz\u00e1s, amely seg\u00edthet a felhaszn\u00e1l\u00f3knak felk\u00e9sz\u00fclni ezekre az angol nyelvvizsg\u00e1kra. A Talkpal els\u0151sorban a besz\u00e9d- \u00e9s hall\u00e1si k\u00e9szs\u00e9gek fejleszt\u00e9s\u00e9re \u00f6sszpontos\u00edt, val\u00f3s\u00e1gh\u0171 interakt\u00edv besz\u00e9lget\u00e9seket \u00e9s kiejt\u00e9si gyakorlatokat biztos\u00edt. AI jellege lehet\u0151v\u00e9 teszi a szem\u00e9lyre szabott visszajelz\u00e9st, seg\u00edtve a felhaszn\u00e1l\u00f3kat abban, hogy meg\u00e9rts\u00e9k el\u0151rehalad\u00e1sukat \u00e9s fejlesztend\u0151 ter\u00fcleteiket. A <a href=\"https:\/\/talkpal.ai\/learn-german\/\">n\u00e9met<\/a> nyelvtud\u00e1st gyakran t\u00f6bb vizsg\u00e1val m\u00e9rik fel, mint p\u00e9ld\u00e1ul a TestDaF, a Goethe-Zertifikat, a DSH, az \u00d6SD \u00e9s a telc. Ezek a vizsg\u00e1k \u00e9rt\u00e9kelik a nem anyanyelvi besz\u00e9l\u0151k k\u00e9pess\u00e9geit a n\u00e9met nyelven, \u00e9s sz\u00e9les k\u00f6rben elismert hivatalos j\u00e1rtass\u00e1gi bizony\u00edtv\u00e1nyok. Minden tesztnek saj\u00e1tos jellemz\u0151i vannak, amelyek megk\u00fcl\u00f6nb\u00f6ztetik a t\u00f6bbit\u0151l a nyelvtud\u00e1s szintje, az alkalmaz\u00e1shaszn\u00e1lat \u00e9s a pontoz\u00e1si rendszer szempontj\u00e1b\u00f3l.<\/p>\r\n\r\n                \r\n    <\/div>\r\n\r\n    <figure>\r\n    <img decoding=\"async\" width=\"768\" height=\"768\" src=\"https:\/\/talkpal.ai\/wp-content\/uploads\/2026\/01\/group-with-phone-in-circle-768x768.webp\" class=\"languageImage no-lazy\" alt=\"Default alt text\" fetchpriority=\"high\" sizes=\"(max-width: 768px) 150px, 768px\" srcset=\"https:\/\/talkpal.ai\/wp-content\/uploads\/2026\/01\/group-with-phone-in-circle-768x768.webp 768w, https:\/\/talkpal.ai\/wp-content\/uploads\/2026\/01\/group-with-phone-in-circle-300x300.webp 300w\" \/>\r\n    \r\n\r\n    <\/figure>\r\n\r\n    \r\n<\/section>\n<div class=\"wp-block-group pageContainerStyle\"><div class=\"wp-block-group__inner-container is-layout-constrained wp-block-group-is-layout-constrained\">\n<h2 class=\"wp-block-heading\" id=\"h-german-language-certificates\">N\u00e9met nyelvvizsga<\/h2>\n\n\n\r\n                    <div class=\"methodWraper\">\r\n            <div class=\"methodContent\">\r\n                <img decoding=\"async\" src=\"https:\/\/talkpal.ai\/wp-content\/uploads\/2025\/05\/check_icon.png\" alt=\"Checkmark Icon\">\r\n                <h3>TestDaF:<\/h3>\r\n            <\/div>\r\n            <p>TestDaF (Test Deutsch als Fremdsprache): Ez egy szabv\u00e1nyos\u00edtott teszt, amelyet olyan k\u00fclf\u00f6ldi n\u00e9met nyelvtanul\u00f3k sz\u00e1m\u00e1ra terveztek, akik N\u00e9metorsz\u00e1gban k\u00edv\u00e1nnak tanulni vagy kutatni. A vizsga teszteli a jel\u00f6lt j\u00e1rtass\u00e1g\u00e1t a nyelvtanul\u00e1s mind a n\u00e9gy aspektus\u00e1ban &#8211; olvas\u00e1s, \u00edr\u00e1s, hallgat\u00e1s \u00e9s besz\u00e9d.<\/p>\r\n        <\/div>\r\n                    <div class=\"methodWraper\">\r\n            <div class=\"methodContent\">\r\n                <img decoding=\"async\" src=\"https:\/\/talkpal.ai\/wp-content\/uploads\/2025\/05\/check_icon.png\" alt=\"Checkmark Icon\">\r\n                <h3>Goethe-Zertifikat:<\/h3>\r\n            <\/div>\r\n            <p>A Goethe-Zertifikat vil\u00e1gszerte elismert, a Goethe-Zertifikat teszt t\u00f6bb k\u00fcl\u00f6nb\u00f6z\u0151 szintb\u0151l \u00e1ll, hogy megfeleljen a k\u00fcl\u00f6nb\u00f6z\u0151 tanul\u00f3k k\u00e9pzetts\u00e9gi szintj\u00e9nek. Tov\u00e1bbi hat modulra oszlik: A1 (kezd\u0151), A2, B1, B2, C1 \u00e9s C2 (fels\u0151fok\u00fa).<\/p>\r\n        <\/div>\r\n                    <div class=\"methodWraper\">\r\n            <div class=\"methodContent\">\r\n                <img decoding=\"async\" src=\"https:\/\/talkpal.ai\/wp-content\/uploads\/2025\/05\/check_icon.png\" alt=\"Checkmark Icon\">\r\n                <h3>DSH:<\/h3>\r\n            <\/div>\r\n            <p>DSH (Deutsche Sprachpr\u00fcfung f\u00fcr den Hochschulzugang): Ez a vizsga azoknak sz\u00f3l, akik n\u00e9met egyetemen szeretn\u00e9nek tanulni, \u00e9s bizony\u00edtaniuk kell nyelvtud\u00e1sukat. A DSH-t \u00e1ltal\u00e1ban egyetemeken k\u00edn\u00e1lj\u00e1k, \u00e9s a minim\u00e1lis pontsz\u00e1m \u00e1ltal\u00e1ban meglehet\u0151sen magas.<\/p>\r\n        <\/div>\r\n                    <div class=\"methodWraper\">\r\n            <div class=\"methodContent\">\r\n                <img decoding=\"async\" src=\"https:\/\/talkpal.ai\/wp-content\/uploads\/2025\/05\/check_icon.png\" alt=\"Checkmark Icon\">\r\n                <h3>\u00d6SD:<\/h3>\r\n            <\/div>\r\n            <p>\u00d6SD (\u00d6sterreichisches Sprachdiplom Deutsch): Az \u00d6SD bizony\u00edtv\u00e1ny nemzetk\u00f6zileg elismert bizony\u00edt\u00e9kot szolg\u00e1ltat a n\u00e9met nyelvtud\u00e1sra. A k\u00fcl\u00f6nb\u00f6z\u0151 szint\u0171 j\u00e1rtass\u00e1gnak megfelel\u0151 k\u00fcl\u00f6nb\u00f6z\u0151 vizsg\u00e1kkal n\u00e9pszer\u0171 v\u00e1laszt\u00e1s a n\u00e9met nyelv sz\u00e9les k\u00f6r\u0171 meg\u00e9rt\u00e9s\u00e9re t\u00f6rekv\u0151 tanul\u00f3k k\u00f6r\u00e9ben.<\/p>\r\n        <\/div>\r\n                    <div class=\"methodWraper\">\r\n            <div class=\"methodContent\">\r\n                <img decoding=\"async\" src=\"https:\/\/talkpal.ai\/wp-content\/uploads\/2025\/05\/check_icon.png\" alt=\"Checkmark Icon\">\r\n                <h3>telk:<\/h3>\r\n            <\/div>\r\n            <p>telc (Eur\u00f3pai Nyelvvizsga): Ez egy m\u00e1sik nemzetk\u00f6zi szabv\u00e1nyos\u00edtott rendszer a nyelvtud\u00e1s vizsg\u00e1lat\u00e1ra. A telc minden szinten k\u00edn\u00e1l tan\u00fas\u00edtv\u00e1nyokat, A1-t\u0151l C2-ig. A hangs\u00faly a mindennapi \u00e9leten \u00e9s a munkahelyi forgat\u00f3k\u00f6nyveken van, \u00edgy a bizony\u00edtv\u00e1ny k\u00fcl\u00f6n\u00f6sen hasznos azok sz\u00e1m\u00e1ra, akik n\u00e9met nyelv\u0171 orsz\u00e1gokban keresnek munk\u00e1t.<\/p>\r\n        <\/div>\r\n    <\/div><\/div>\n","protected":false},"excerpt":{"rendered":"<p>N\u00e9met nyelvvizsga<\/p>\n","protected":false},"author":8,"featured_media":75567,"parent":0,"menu_order":0,"comment_status":"closed","ping_status":"closed","template":"simpleContentPage.php","meta":{"_acf_changed":false,"footnotes":""},"class_list":["post-93158","page","type-page","status-publish","has-post-thumbnail","hentry"],"acf":[],"yoast_head":"<!-- This site is optimized with the Yoast SEO Premium plugin v27.2 (Yoast SEO v27.2) - https:\/\/yoast.com\/product\/yoast-seo-premium-wordpress\/ -->\n<title>N\u00e9met nyelvvizsga - Talkpal<\/title>\n<meta name=\"description\" content=\"Szerezzen elismert n\u00e9met nyelvvizsg\u00e1t - \u00e9rv\u00e9nyes\u00edtse k\u00e9szs\u00e9geit \u00e9s gyors\u00edtsa fel karrierj\u00e9t!\" \/>\n<meta name=\"robots\" content=\"index, follow, max-snippet:-1, max-image-preview:large, max-video-preview:-1\" \/>\n<link rel=\"canonical\" href=\"https:\/\/talkpal.ai\/hu\/nemet-nyelvvizsga\/\" \/>\n<meta property=\"og:locale\" content=\"hu_HU\" \/>\n<meta property=\"og:type\" content=\"article\" \/>\n<meta property=\"og:title\" content=\"N\u00e9met nyelvvizsga\" \/>\n<meta property=\"og:description\" content=\"N\u00e9met nyelvvizsga\" \/>\n<meta property=\"og:url\" content=\"https:\/\/talkpal.ai\/hu\/nemet-nyelvvizsga\/\" \/>\n<meta property=\"og:site_name\" content=\"Talkpal\" \/>\n<meta property=\"article:publisher\" content=\"https:\/\/www.facebook.com\/profile.php?id=100090733639311\" \/>\n<meta property=\"article:modified_time\" content=\"2026-01-07T15:04:00+00:00\" \/>\n<meta property=\"og:image\" content=\"https:\/\/talkpal.ai\/wp-content\/uploads\/2023\/03\/germany.png\" \/>\n\t<meta property=\"og:image:width\" content=\"512\" \/>\n\t<meta property=\"og:image:height\" content=\"512\" \/>\n\t<meta property=\"og:image:type\" content=\"image\/png\" \/>\n<meta name=\"twitter:card\" content=\"summary_large_image\" \/>\n<meta name=\"twitter:site\" content=\"@talkpalai\" \/>\n<script type=\"application\/ld+json\" class=\"yoast-schema-graph\">{\"@context\":\"https:\/\/schema.org\",\"@graph\":[{\"@type\":\"WebPage\",\"@id\":\"https:\/\/talkpal.ai\/hu\/nemet-nyelvvizsga\/\",\"url\":\"https:\/\/talkpal.ai\/hu\/nemet-nyelvvizsga\/\",\"name\":\"N\u00e9met nyelvvizsga - Talkpal\",\"isPartOf\":{\"@id\":\"https:\/\/talkpal.ai\/hu\/#website\"},\"primaryImageOfPage\":{\"@id\":\"https:\/\/talkpal.ai\/hu\/nemet-nyelvvizsga\/#primaryimage\"},\"image\":{\"@id\":\"https:\/\/talkpal.ai\/hu\/nemet-nyelvvizsga\/#primaryimage\"},\"thumbnailUrl\":\"https:\/\/talkpal.ai\/wp-content\/uploads\/2023\/03\/germany.png\",\"datePublished\":\"2023-12-05T11:40:43+00:00\",\"dateModified\":\"2026-01-07T15:04:00+00:00\",\"description\":\"Szerezzen elismert n\u00e9met nyelvvizsg\u00e1t - \u00e9rv\u00e9nyes\u00edtse k\u00e9szs\u00e9geit \u00e9s gyors\u00edtsa fel karrierj\u00e9t!\",\"breadcrumb\":{\"@id\":\"https:\/\/talkpal.ai\/hu\/nemet-nyelvvizsga\/#breadcrumb\"},\"inLanguage\":\"hu\",\"potentialAction\":[{\"@type\":\"ReadAction\",\"target\":[\"https:\/\/talkpal.ai\/hu\/nemet-nyelvvizsga\/\"]}]},{\"@type\":\"ImageObject\",\"inLanguage\":\"hu\",\"@id\":\"https:\/\/talkpal.ai\/hu\/nemet-nyelvvizsga\/#primaryimage\",\"url\":\"https:\/\/talkpal.ai\/wp-content\/uploads\/2023\/03\/germany.png\",\"contentUrl\":\"https:\/\/talkpal.ai\/wp-content\/uploads\/2023\/03\/germany.png\",\"width\":512,\"height\":512,\"caption\":\"TalkPal AI learn German\"},{\"@type\":\"BreadcrumbList\",\"@id\":\"https:\/\/talkpal.ai\/hu\/nemet-nyelvvizsga\/#breadcrumb\",\"itemListElement\":[{\"@type\":\"ListItem\",\"position\":1,\"name\":\"Homepage\",\"item\":\"https:\/\/talkpal.ai\/hu\/\"},{\"@type\":\"ListItem\",\"position\":2,\"name\":\"N\u00e9met nyelvvizsga\"}]},{\"@type\":\"WebSite\",\"@id\":\"https:\/\/talkpal.ai\/hu\/#website\",\"url\":\"https:\/\/talkpal.ai\/hu\/\",\"name\":\"Talkpal\",\"description\":\"AI Language Learning\",\"publisher\":{\"@id\":\"https:\/\/talkpal.ai\/hu\/#organization\"},\"alternateName\":\"Talkpal AI\",\"potentialAction\":[{\"@type\":\"SearchAction\",\"target\":{\"@type\":\"EntryPoint\",\"urlTemplate\":\"https:\/\/talkpal.ai\/hu\/?s={search_term_string}\"},\"query-input\":{\"@type\":\"PropertyValueSpecification\",\"valueRequired\":true,\"valueName\":\"search_term_string\"}}],\"inLanguage\":\"hu\"},{\"@type\":\"Organization\",\"@id\":\"https:\/\/talkpal.ai\/hu\/#organization\",\"name\":\"Talkpal, Inc.\",\"alternateName\":\"Talkpal AI\",\"url\":\"https:\/\/talkpal.ai\/hu\/\",\"logo\":{\"@type\":\"ImageObject\",\"inLanguage\":\"hu\",\"@id\":\"https:\/\/talkpal.ai\/hu\/#\/schema\/logo\/image\/\",\"url\":\"https:\/\/talkpal.ai\/wp-content\/uploads\/2024\/03\/Talkpal-Logo-Icon.png\",\"contentUrl\":\"https:\/\/talkpal.ai\/wp-content\/uploads\/2024\/03\/Talkpal-Logo-Icon.png\",\"width\":2880,\"height\":2880,\"caption\":\"Talkpal, Inc.\"},\"image\":{\"@id\":\"https:\/\/talkpal.ai\/hu\/#\/schema\/logo\/image\/\"},\"sameAs\":[\"https:\/\/www.facebook.com\/profile.php?id=100090733639311\",\"https:\/\/x.com\/talkpalai\",\"https:\/\/www.linkedin.com\/company\/talkpal\/\",\"https:\/\/www.youtube.com\/@TalkPal\/\",\"https:\/\/www.tiktok.com\/@talkpal\",\"https:\/\/www.instagram.com\/talkpal_ai\/\",\"https:\/\/www.crunchbase.com\/organization\/talkpal-9cde\",\"https:\/\/www.g2.com\/products\/talkpal-for-business\/\",\"https:\/\/www.trustpilot.com\/review\/talkpal.ai\",\"https:\/\/www.capterra.com\/p\/10006800\/TalkPal\/\"],\"description\":\"Talkpal is a language learning web and mobile education app, powered by the latest AI technologies, that provides engaging experiences to its customers in many different languages to help them improve their language skills. Users can chat about unlimited amount of topics with the app and use other modes to practice their language learning.\",\"email\":\"support@talkpal.ai\",\"legalName\":\"Talkpal, Inc.\",\"foundingDate\":\"2023-04-03\",\"duns\":\"118989042\",\"numberOfEmployees\":{\"@type\":\"QuantitativeValue\",\"minValue\":\"11\",\"maxValue\":\"50\"},\"publishingPrinciples\":\"https:\/\/talkpal.ai\/publishing-principles\/\",\"actionableFeedbackPolicy\":\"https:\/\/talkpal.ai\/actionable-feedback-policy\/\",\"correctionsPolicy\":\"https:\/\/talkpal.ai\/corrections-policy\/\",\"ethicsPolicy\":\"https:\/\/talkpal.ai\/ethics-policy\/\",\"diversityPolicy\":\"https:\/\/talkpal.ai\/diversity-policy\/\",\"diversityStaffingReport\":\"https:\/\/talkpal.ai\/diversity-policy\/\"}]}<\/script>\n<!-- \/ Yoast SEO Premium plugin. -->","yoast_head_json":{"title":"N\u00e9met nyelvvizsga - Talkpal","description":"Szerezzen elismert n\u00e9met nyelvvizsg\u00e1t - \u00e9rv\u00e9nyes\u00edtse k\u00e9szs\u00e9geit \u00e9s gyors\u00edtsa fel karrierj\u00e9t!","robots":{"index":"index","follow":"follow","max-snippet":"max-snippet:-1","max-image-preview":"max-image-preview:large","max-video-preview":"max-video-preview:-1"},"canonical":"https:\/\/talkpal.ai\/hu\/nemet-nyelvvizsga\/","og_locale":"hu_HU","og_type":"article","og_title":"N\u00e9met nyelvvizsga","og_description":"N\u00e9met nyelvvizsga","og_url":"https:\/\/talkpal.ai\/hu\/nemet-nyelvvizsga\/","og_site_name":"Talkpal","article_publisher":"https:\/\/www.facebook.com\/profile.php?id=100090733639311","article_modified_time":"2026-01-07T15:04:00+00:00","og_image":[{"width":512,"height":512,"url":"https:\/\/talkpal.ai\/wp-content\/uploads\/2023\/03\/germany.png","type":"image\/png"}],"twitter_card":"summary_large_image","twitter_site":"@talkpalai","schema":{"@context":"https:\/\/schema.org","@graph":[{"@type":"WebPage","@id":"https:\/\/talkpal.ai\/hu\/nemet-nyelvvizsga\/","url":"https:\/\/talkpal.ai\/hu\/nemet-nyelvvizsga\/","name":"N\u00e9met nyelvvizsga - Talkpal","isPartOf":{"@id":"https:\/\/talkpal.ai\/hu\/#website"},"primaryImageOfPage":{"@id":"https:\/\/talkpal.ai\/hu\/nemet-nyelvvizsga\/#primaryimage"},"image":{"@id":"https:\/\/talkpal.ai\/hu\/nemet-nyelvvizsga\/#primaryimage"},"thumbnailUrl":"https:\/\/talkpal.ai\/wp-content\/uploads\/2023\/03\/germany.png","datePublished":"2023-12-05T11:40:43+00:00","dateModified":"2026-01-07T15:04:00+00:00","description":"Szerezzen elismert n\u00e9met nyelvvizsg\u00e1t - \u00e9rv\u00e9nyes\u00edtse k\u00e9szs\u00e9geit \u00e9s gyors\u00edtsa fel karrierj\u00e9t!","breadcrumb":{"@id":"https:\/\/talkpal.ai\/hu\/nemet-nyelvvizsga\/#breadcrumb"},"inLanguage":"hu","potentialAction":[{"@type":"ReadAction","target":["https:\/\/talkpal.ai\/hu\/nemet-nyelvvizsga\/"]}]},{"@type":"ImageObject","inLanguage":"hu","@id":"https:\/\/talkpal.ai\/hu\/nemet-nyelvvizsga\/#primaryimage","url":"https:\/\/talkpal.ai\/wp-content\/uploads\/2023\/03\/germany.png","contentUrl":"https:\/\/talkpal.ai\/wp-content\/uploads\/2023\/03\/germany.png","width":512,"height":512,"caption":"TalkPal AI learn German"},{"@type":"BreadcrumbList","@id":"https:\/\/talkpal.ai\/hu\/nemet-nyelvvizsga\/#breadcrumb","itemListElement":[{"@type":"ListItem","position":1,"name":"Homepage","item":"https:\/\/talkpal.ai\/hu\/"},{"@type":"ListItem","position":2,"name":"N\u00e9met nyelvvizsga"}]},{"@type":"WebSite","@id":"https:\/\/talkpal.ai\/hu\/#website","url":"https:\/\/talkpal.ai\/hu\/","name":"Talkpal","description":"AI Language Learning","publisher":{"@id":"https:\/\/talkpal.ai\/hu\/#organization"},"alternateName":"Talkpal AI","potentialAction":[{"@type":"SearchAction","target":{"@type":"EntryPoint","urlTemplate":"https:\/\/talkpal.ai\/hu\/?s={search_term_string}"},"query-input":{"@type":"PropertyValueSpecification","valueRequired":true,"valueName":"search_term_string"}}],"inLanguage":"hu"},{"@type":"Organization","@id":"https:\/\/talkpal.ai\/hu\/#organization","name":"Talkpal, Inc.","alternateName":"Talkpal AI","url":"https:\/\/talkpal.ai\/hu\/","logo":{"@type":"ImageObject","inLanguage":"hu","@id":"https:\/\/talkpal.ai\/hu\/#\/schema\/logo\/image\/","url":"https:\/\/talkpal.ai\/wp-content\/uploads\/2024\/03\/Talkpal-Logo-Icon.png","contentUrl":"https:\/\/talkpal.ai\/wp-content\/uploads\/2024\/03\/Talkpal-Logo-Icon.png","width":2880,"height":2880,"caption":"Talkpal, Inc."},"image":{"@id":"https:\/\/talkpal.ai\/hu\/#\/schema\/logo\/image\/"},"sameAs":["https:\/\/www.facebook.com\/profile.php?id=100090733639311","https:\/\/x.com\/talkpalai","https:\/\/www.linkedin.com\/company\/talkpal\/","https:\/\/www.youtube.com\/@TalkPal\/","https:\/\/www.tiktok.com\/@talkpal","https:\/\/www.instagram.com\/talkpal_ai\/","https:\/\/www.crunchbase.com\/organization\/talkpal-9cde","https:\/\/www.g2.com\/products\/talkpal-for-business\/","https:\/\/www.trustpilot.com\/review\/talkpal.ai","https:\/\/www.capterra.com\/p\/10006800\/TalkPal\/"],"description":"Talkpal is a language learning web and mobile education app, powered by the latest AI technologies, that provides engaging experiences to its customers in many different languages to help them improve their language skills. Users can chat about unlimited amount of topics with the app and use other modes to practice their language learning.","email":"support@talkpal.ai","legalName":"Talkpal, Inc.","foundingDate":"2023-04-03","duns":"118989042","numberOfEmployees":{"@type":"QuantitativeValue","minValue":"11","maxValue":"50"},"publishingPrinciples":"https:\/\/talkpal.ai\/publishing-principles\/","actionableFeedbackPolicy":"https:\/\/talkpal.ai\/actionable-feedback-policy\/","correctionsPolicy":"https:\/\/talkpal.ai\/corrections-policy\/","ethicsPolicy":"https:\/\/talkpal.ai\/ethics-policy\/","diversityPolicy":"https:\/\/talkpal.ai\/diversity-policy\/","diversityStaffingReport":"https:\/\/talkpal.ai\/diversity-policy\/"}]}},"_links":{"self":[{"href":"https:\/\/talkpal.ai\/hu\/wp-json\/wp\/v2\/pages\/93158","targetHints":{"allow":["GET"]}}],"collection":[{"href":"https:\/\/talkpal.ai\/hu\/wp-json\/wp\/v2\/pages"}],"about":[{"href":"https:\/\/talkpal.ai\/hu\/wp-json\/wp\/v2\/types\/page"}],"author":[{"embeddable":true,"href":"https:\/\/talkpal.ai\/hu\/wp-json\/wp\/v2\/users\/8"}],"replies":[{"embeddable":true,"href":"https:\/\/talkpal.ai\/hu\/wp-json\/wp\/v2\/comments?post=93158"}],"version-history":[{"count":0,"href":"https:\/\/talkpal.ai\/hu\/wp-json\/wp\/v2\/pages\/93158\/revisions"}],"wp:featuredmedia":[{"embeddable":true,"href":"https:\/\/talkpal.ai\/hu\/wp-json\/wp\/v2\/media\/75567"}],"wp:attachment":[{"href":"https:\/\/talkpal.ai\/hu\/wp-json\/wp\/v2\/media?parent=93158"}],"curies":[{"name":"wp","href":"https:\/\/api.w.org\/{rel}","templated":true}]}}