{"id":92766,"date":"2023-12-05T11:40:45","date_gmt":"2023-12-05T11:40:45","guid":{"rendered":"http:\/\/talkpal.ai\/francia-nyelvvizsga\/"},"modified":"2026-01-07T15:08:05","modified_gmt":"2026-01-07T15:08:05","slug":"francia-nyelvvizsga","status":"publish","type":"page","link":"https:\/\/talkpal.ai\/hu\/francia-nyelvvizsga\/","title":{"rendered":"Francia nyelvvizsga"},"content":{"rendered":"\r\n\r\n\r\n<section class=\"languageChallengeSection\">\r\n    <div class=\"languageInfoWrapper\">\r\n        \r\n        <h1>Francia nyelvvizsga<\/h1>\r\n        <p>Talkpal egy mesters\u00e9ges intelligencia \u00e1ltal gener\u00e1lt nyelvtanul\u00e1si alkalmaz\u00e1s, amely seg\u00edthet a felhaszn\u00e1l\u00f3knak felk\u00e9sz\u00fclni ezekre az angol nyelvvizsg\u00e1kra. A Talkpal els\u0151sorban a besz\u00e9d- \u00e9s hall\u00e1si k\u00e9szs\u00e9gek fejleszt\u00e9s\u00e9re \u00f6sszpontos\u00edt, val\u00f3s\u00e1gh\u0171 interakt\u00edv besz\u00e9lget\u00e9seket \u00e9s kiejt\u00e9si gyakorlatokat biztos\u00edt. AI jellege lehet\u0151v\u00e9 teszi a szem\u00e9lyre szabott visszajelz\u00e9st, seg\u00edtve a felhaszn\u00e1l\u00f3kat abban, hogy meg\u00e9rts\u00e9k el\u0151rehalad\u00e1sukat \u00e9s fejlesztend\u0151 ter\u00fcleteiket. A <a href=\"https:\/\/talkpal.ai\/learn-french\/\">francia<\/a> nyelvvizsg\u00e1k hivatalos k\u00e9pes\u00edt\u00e9sek, amelyek bizony\u00edtj\u00e1k az egy\u00e9n francia nyelvtud\u00e1s\u00e1t, \u00e9s vil\u00e1gszerte elismerik \u0151ket. Olyan vizsg\u00e1latokat foglal mag\u00e1ban, mint a DELF \/ DALF, TEF, TCF \u00e9s TEFAQ. Mindegyik teszt a nem francia anyanyelv\u0171ek nyelvi kompetenci\u00e1j\u00e1nak k\u00fcl\u00f6nb\u00f6z\u0151 szintjeit \u00e9rt\u00e9keli, \u00e9s elismert bizony\u00edt\u00e9kk\u00e9nt szolg\u00e1l a francia nyelvtud\u00e1s elismer\u00e9s\u00e9re az oktat\u00e1si int\u00e9zm\u00e9nyek \u00e9s a munk\u00e1ltat\u00f3k sz\u00e1m\u00e1ra.<\/p>\r\n\r\n                            <a class=\"getStartedHidden\" href=\"https:\/\/app.talkpal.ai\/hu\/signup?lng=\">Kezdj\u00fck<\/a>\r\n        \r\n    <\/div>\r\n\r\n    <figure>\r\n    <img decoding=\"async\" width=\"768\" height=\"768\" src=\"https:\/\/talkpal.ai\/wp-content\/uploads\/2026\/01\/curly-girl-with-phone-light-background-768x768.webp\" class=\"languageImage no-lazy\" alt=\"Default alt text\" fetchpriority=\"high\" sizes=\"(max-width: 768px) 150px, 768px\" srcset=\"https:\/\/talkpal.ai\/wp-content\/uploads\/2026\/01\/curly-girl-with-phone-light-background-768x768.webp 768w, https:\/\/talkpal.ai\/wp-content\/uploads\/2026\/01\/curly-girl-with-phone-light-background-300x300.webp 300w\" \/>\r\n    \r\n\r\n    <\/figure>\r\n\r\n            <a class=\"getStartedVisible\" href=\"https:\/\/app.talkpal.ai\/hu\/signup?lng=\">Kezdj\u00fck<\/a>\r\n    \r\n<\/section>\n<div class=\"wp-block-group pageContainerStyle\"><div class=\"wp-block-group__inner-container is-layout-constrained wp-block-group-is-layout-constrained\">\n<h2 class=\"wp-block-heading\" id=\"h-french-language-certificates\">Francia nyelvvizsga<\/h2>\n\n\n\r\n                    <div class=\"methodWraper\">\r\n            <div class=\"methodContent\">\r\n                <img decoding=\"async\" src=\"https:\/\/talkpal.ai\/wp-content\/uploads\/2025\/05\/check_icon.png\" alt=\"Checkmark Icon\">\r\n                <h3>DELF\/DALF:<\/h3>\r\n            <\/div>\r\n            <p>A francia Oktat\u00e1si Miniszt\u00e9rium \u00e1ltal kiadott hivatalos k\u00e9pes\u00edt\u00e9s, a Dipl\u00f4me d&#039;Etudes en Langue Fran\u00e7aise (DELF) \u00e9s a Dipl\u00f4me Approfondi de Langue Fran\u00e7aise (DALF) n\u00e9gy nyelvi k\u00e9szs\u00e9gre terjed ki, bele\u00e9rtve a besz\u00e9det \u00e9s a hall\u00e1s ut\u00e1ni \u00e9rt\u00e9st.<\/p>\r\n        <\/div>\r\n                    <div class=\"methodWraper\">\r\n            <div class=\"methodContent\">\r\n                <img decoding=\"async\" src=\"https:\/\/talkpal.ai\/wp-content\/uploads\/2025\/05\/check_icon.png\" alt=\"Checkmark Icon\">\r\n                <h3>TEF:<\/h3>\r\n            <\/div>\r\n            <p>A Test d&#039;Evaluation de Fran\u00e7ais (TEF) egy \u00e1tfog\u00f3 nyelvi szintfelm\u00e9r\u0151 eszk\u00f6z, amelyet az egy\u00e9n francia nyelvtud\u00e1s\u00e1nak felm\u00e9r\u00e9s\u00e9re haszn\u00e1lnak. Ez a teszt els\u0151sorban a jel\u00f6ltek \u00edr\u00e1si \u00e9s besz\u00e9dk\u00e9szs\u00e9g\u00e9nek \u00e9rt\u00e9kel\u00e9s\u00e9re \u00f6sszpontos\u00edt.<\/p>\r\n        <\/div>\r\n                    <div class=\"methodWraper\">\r\n            <div class=\"methodContent\">\r\n                <img decoding=\"async\" src=\"https:\/\/talkpal.ai\/wp-content\/uploads\/2025\/05\/check_icon.png\" alt=\"Checkmark Icon\">\r\n                <h3>TCF:<\/h3>\r\n            <\/div>\r\n            <p>A Test de Connaissance du Fran\u00e7ais (TCF) egy hivatalos francia nyelvtud\u00e1si teszt is, amely els\u0151sorban a felhaszn\u00e1l\u00f3k olvas\u00e1si, \u00edr\u00e1si, besz\u00e9d- \u00e9s hallgat\u00e1si k\u00e9szs\u00e9geit \u00e9rt\u00e9keli.<\/p>\r\n        <\/div>\r\n                    <div class=\"methodWraper\">\r\n            <div class=\"methodContent\">\r\n                <img decoding=\"async\" src=\"https:\/\/talkpal.ai\/wp-content\/uploads\/2025\/05\/check_icon.png\" alt=\"Checkmark Icon\">\r\n                <h3>TEGYIK:<\/h3>\r\n            <\/div>\r\n            <p>A Test d&#039;Evaluation de Fran\u00e7ais adapt\u00e9 au Qu\u00e9bec (TEFAQ) kifejezetten azok sz\u00e1m\u00e1ra k\u00e9sz\u00fclt, akik Quebecbe, Kanada francia t\u00f6bbs\u00e9g\u0171 tartom\u00e1ny\u00e1ba szeretn\u00e9nek v\u00e1ndorolni. Ez a teszt els\u0151sorban a hall\u00e1s ut\u00e1ni \u00e9rt\u00e9sre \u00e9s a besz\u00e9dk\u00e9szs\u00e9gre \u00f6sszpontos\u00edt.<\/p>\r\n        <\/div>\r\n    <\/div><\/div>\n","protected":false},"excerpt":{"rendered":"<p>Francia nyelvvizsga<\/p>\n","protected":false},"author":8,"featured_media":75881,"parent":0,"menu_order":0,"comment_status":"closed","ping_status":"closed","template":"LearningContentPage.php","meta":{"_acf_changed":false,"footnotes":""},"class_list":["post-92766","page","type-page","status-publish","has-post-thumbnail","hentry"],"acf":[],"yoast_head":"<!-- This site is optimized with the Yoast SEO Premium plugin v27.2 (Yoast SEO v27.2) - https:\/\/yoast.com\/product\/yoast-seo-premium-wordpress\/ -->\n<title>Francia nyelvvizsga - Talkpal<\/title>\n<meta name=\"description\" content=\"Fedezze fel a legfontosabb francia nyelvi bizony\u00edtv\u00e1nyokat, p\u00e9ld\u00e1ul a DELF, DALF, TEF \u00e9s TCF a j\u00e1rtass\u00e1g igazol\u00e1s\u00e1ra.\" \/>\n<meta name=\"robots\" content=\"index, follow, max-snippet:-1, max-image-preview:large, max-video-preview:-1\" \/>\n<link rel=\"canonical\" href=\"https:\/\/talkpal.ai\/hu\/francia-nyelvvizsga\/\" \/>\n<meta property=\"og:locale\" content=\"hu_HU\" \/>\n<meta property=\"og:type\" content=\"article\" \/>\n<meta property=\"og:title\" content=\"Francia nyelvvizsga\" \/>\n<meta property=\"og:description\" content=\"Francia nyelvvizsga\" \/>\n<meta property=\"og:url\" content=\"https:\/\/talkpal.ai\/hu\/francia-nyelvvizsga\/\" \/>\n<meta property=\"og:site_name\" content=\"Talkpal\" \/>\n<meta property=\"article:publisher\" content=\"https:\/\/www.facebook.com\/profile.php?id=100090733639311\" \/>\n<meta property=\"article:modified_time\" content=\"2026-01-07T15:08:05+00:00\" \/>\n<meta property=\"og:image\" content=\"https:\/\/talkpal.ai\/wp-content\/uploads\/2023\/03\/france.png\" \/>\n\t<meta property=\"og:image:width\" content=\"512\" \/>\n\t<meta property=\"og:image:height\" content=\"512\" \/>\n\t<meta property=\"og:image:type\" content=\"image\/png\" \/>\n<meta name=\"twitter:card\" content=\"summary_large_image\" \/>\n<meta name=\"twitter:site\" content=\"@talkpalai\" \/>\n<script type=\"application\/ld+json\" class=\"yoast-schema-graph\">{\"@context\":\"https:\/\/schema.org\",\"@graph\":[{\"@type\":\"WebPage\",\"@id\":\"https:\/\/talkpal.ai\/hu\/francia-nyelvvizsga\/\",\"url\":\"https:\/\/talkpal.ai\/hu\/francia-nyelvvizsga\/\",\"name\":\"Francia nyelvvizsga - Talkpal\",\"isPartOf\":{\"@id\":\"https:\/\/talkpal.ai\/hu\/#website\"},\"primaryImageOfPage\":{\"@id\":\"https:\/\/talkpal.ai\/hu\/francia-nyelvvizsga\/#primaryimage\"},\"image\":{\"@id\":\"https:\/\/talkpal.ai\/hu\/francia-nyelvvizsga\/#primaryimage\"},\"thumbnailUrl\":\"https:\/\/talkpal.ai\/wp-content\/uploads\/2023\/03\/france.png\",\"datePublished\":\"2023-12-05T11:40:45+00:00\",\"dateModified\":\"2026-01-07T15:08:05+00:00\",\"description\":\"Fedezze fel a legfontosabb francia nyelvi bizony\u00edtv\u00e1nyokat, p\u00e9ld\u00e1ul a DELF, DALF, TEF \u00e9s TCF a j\u00e1rtass\u00e1g igazol\u00e1s\u00e1ra.\",\"breadcrumb\":{\"@id\":\"https:\/\/talkpal.ai\/hu\/francia-nyelvvizsga\/#breadcrumb\"},\"inLanguage\":\"hu\",\"potentialAction\":[{\"@type\":\"ReadAction\",\"target\":[\"https:\/\/talkpal.ai\/hu\/francia-nyelvvizsga\/\"]}]},{\"@type\":\"ImageObject\",\"inLanguage\":\"hu\",\"@id\":\"https:\/\/talkpal.ai\/hu\/francia-nyelvvizsga\/#primaryimage\",\"url\":\"https:\/\/talkpal.ai\/wp-content\/uploads\/2023\/03\/france.png\",\"contentUrl\":\"https:\/\/talkpal.ai\/wp-content\/uploads\/2023\/03\/france.png\",\"width\":512,\"height\":512,\"caption\":\"TalkPal AI learn French\"},{\"@type\":\"BreadcrumbList\",\"@id\":\"https:\/\/talkpal.ai\/hu\/francia-nyelvvizsga\/#breadcrumb\",\"itemListElement\":[{\"@type\":\"ListItem\",\"position\":1,\"name\":\"Homepage\",\"item\":\"https:\/\/talkpal.ai\/hu\/\"},{\"@type\":\"ListItem\",\"position\":2,\"name\":\"Francia nyelvvizsga\"}]},{\"@type\":\"WebSite\",\"@id\":\"https:\/\/talkpal.ai\/hu\/#website\",\"url\":\"https:\/\/talkpal.ai\/hu\/\",\"name\":\"Talkpal\",\"description\":\"AI Language Learning\",\"publisher\":{\"@id\":\"https:\/\/talkpal.ai\/hu\/#organization\"},\"alternateName\":\"Talkpal AI\",\"potentialAction\":[{\"@type\":\"SearchAction\",\"target\":{\"@type\":\"EntryPoint\",\"urlTemplate\":\"https:\/\/talkpal.ai\/hu\/?s={search_term_string}\"},\"query-input\":{\"@type\":\"PropertyValueSpecification\",\"valueRequired\":true,\"valueName\":\"search_term_string\"}}],\"inLanguage\":\"hu\"},{\"@type\":\"Organization\",\"@id\":\"https:\/\/talkpal.ai\/hu\/#organization\",\"name\":\"Talkpal, Inc.\",\"alternateName\":\"Talkpal AI\",\"url\":\"https:\/\/talkpal.ai\/hu\/\",\"logo\":{\"@type\":\"ImageObject\",\"inLanguage\":\"hu\",\"@id\":\"https:\/\/talkpal.ai\/hu\/#\/schema\/logo\/image\/\",\"url\":\"https:\/\/talkpal.ai\/wp-content\/uploads\/2024\/03\/Talkpal-Logo-Icon.png\",\"contentUrl\":\"https:\/\/talkpal.ai\/wp-content\/uploads\/2024\/03\/Talkpal-Logo-Icon.png\",\"width\":2880,\"height\":2880,\"caption\":\"Talkpal, Inc.\"},\"image\":{\"@id\":\"https:\/\/talkpal.ai\/hu\/#\/schema\/logo\/image\/\"},\"sameAs\":[\"https:\/\/www.facebook.com\/profile.php?id=100090733639311\",\"https:\/\/x.com\/talkpalai\",\"https:\/\/www.linkedin.com\/company\/talkpal\/\",\"https:\/\/www.youtube.com\/@TalkPal\/\",\"https:\/\/www.tiktok.com\/@talkpal\",\"https:\/\/www.instagram.com\/talkpal_ai\/\",\"https:\/\/www.crunchbase.com\/organization\/talkpal-9cde\",\"https:\/\/www.g2.com\/products\/talkpal-for-business\/\",\"https:\/\/www.trustpilot.com\/review\/talkpal.ai\",\"https:\/\/www.capterra.com\/p\/10006800\/TalkPal\/\"],\"description\":\"Talkpal is a language learning web and mobile education app, powered by the latest AI technologies, that provides engaging experiences to its customers in many different languages to help them improve their language skills. Users can chat about unlimited amount of topics with the app and use other modes to practice their language learning.\",\"email\":\"support@talkpal.ai\",\"legalName\":\"Talkpal, Inc.\",\"foundingDate\":\"2023-04-03\",\"duns\":\"118989042\",\"numberOfEmployees\":{\"@type\":\"QuantitativeValue\",\"minValue\":\"11\",\"maxValue\":\"50\"},\"publishingPrinciples\":\"https:\/\/talkpal.ai\/publishing-principles\/\",\"actionableFeedbackPolicy\":\"https:\/\/talkpal.ai\/actionable-feedback-policy\/\",\"correctionsPolicy\":\"https:\/\/talkpal.ai\/corrections-policy\/\",\"ethicsPolicy\":\"https:\/\/talkpal.ai\/ethics-policy\/\",\"diversityPolicy\":\"https:\/\/talkpal.ai\/diversity-policy\/\",\"diversityStaffingReport\":\"https:\/\/talkpal.ai\/diversity-policy\/\"}]}<\/script>\n<!-- \/ Yoast SEO Premium plugin. -->","yoast_head_json":{"title":"Francia nyelvvizsga - Talkpal","description":"Fedezze fel a legfontosabb francia nyelvi bizony\u00edtv\u00e1nyokat, p\u00e9ld\u00e1ul a DELF, DALF, TEF \u00e9s TCF a j\u00e1rtass\u00e1g igazol\u00e1s\u00e1ra.","robots":{"index":"index","follow":"follow","max-snippet":"max-snippet:-1","max-image-preview":"max-image-preview:large","max-video-preview":"max-video-preview:-1"},"canonical":"https:\/\/talkpal.ai\/hu\/francia-nyelvvizsga\/","og_locale":"hu_HU","og_type":"article","og_title":"Francia nyelvvizsga","og_description":"Francia nyelvvizsga","og_url":"https:\/\/talkpal.ai\/hu\/francia-nyelvvizsga\/","og_site_name":"Talkpal","article_publisher":"https:\/\/www.facebook.com\/profile.php?id=100090733639311","article_modified_time":"2026-01-07T15:08:05+00:00","og_image":[{"width":512,"height":512,"url":"https:\/\/talkpal.ai\/wp-content\/uploads\/2023\/03\/france.png","type":"image\/png"}],"twitter_card":"summary_large_image","twitter_site":"@talkpalai","schema":{"@context":"https:\/\/schema.org","@graph":[{"@type":"WebPage","@id":"https:\/\/talkpal.ai\/hu\/francia-nyelvvizsga\/","url":"https:\/\/talkpal.ai\/hu\/francia-nyelvvizsga\/","name":"Francia nyelvvizsga - Talkpal","isPartOf":{"@id":"https:\/\/talkpal.ai\/hu\/#website"},"primaryImageOfPage":{"@id":"https:\/\/talkpal.ai\/hu\/francia-nyelvvizsga\/#primaryimage"},"image":{"@id":"https:\/\/talkpal.ai\/hu\/francia-nyelvvizsga\/#primaryimage"},"thumbnailUrl":"https:\/\/talkpal.ai\/wp-content\/uploads\/2023\/03\/france.png","datePublished":"2023-12-05T11:40:45+00:00","dateModified":"2026-01-07T15:08:05+00:00","description":"Fedezze fel a legfontosabb francia nyelvi bizony\u00edtv\u00e1nyokat, p\u00e9ld\u00e1ul a DELF, DALF, TEF \u00e9s TCF a j\u00e1rtass\u00e1g igazol\u00e1s\u00e1ra.","breadcrumb":{"@id":"https:\/\/talkpal.ai\/hu\/francia-nyelvvizsga\/#breadcrumb"},"inLanguage":"hu","potentialAction":[{"@type":"ReadAction","target":["https:\/\/talkpal.ai\/hu\/francia-nyelvvizsga\/"]}]},{"@type":"ImageObject","inLanguage":"hu","@id":"https:\/\/talkpal.ai\/hu\/francia-nyelvvizsga\/#primaryimage","url":"https:\/\/talkpal.ai\/wp-content\/uploads\/2023\/03\/france.png","contentUrl":"https:\/\/talkpal.ai\/wp-content\/uploads\/2023\/03\/france.png","width":512,"height":512,"caption":"TalkPal AI learn French"},{"@type":"BreadcrumbList","@id":"https:\/\/talkpal.ai\/hu\/francia-nyelvvizsga\/#breadcrumb","itemListElement":[{"@type":"ListItem","position":1,"name":"Homepage","item":"https:\/\/talkpal.ai\/hu\/"},{"@type":"ListItem","position":2,"name":"Francia nyelvvizsga"}]},{"@type":"WebSite","@id":"https:\/\/talkpal.ai\/hu\/#website","url":"https:\/\/talkpal.ai\/hu\/","name":"Talkpal","description":"AI Language Learning","publisher":{"@id":"https:\/\/talkpal.ai\/hu\/#organization"},"alternateName":"Talkpal AI","potentialAction":[{"@type":"SearchAction","target":{"@type":"EntryPoint","urlTemplate":"https:\/\/talkpal.ai\/hu\/?s={search_term_string}"},"query-input":{"@type":"PropertyValueSpecification","valueRequired":true,"valueName":"search_term_string"}}],"inLanguage":"hu"},{"@type":"Organization","@id":"https:\/\/talkpal.ai\/hu\/#organization","name":"Talkpal, Inc.","alternateName":"Talkpal AI","url":"https:\/\/talkpal.ai\/hu\/","logo":{"@type":"ImageObject","inLanguage":"hu","@id":"https:\/\/talkpal.ai\/hu\/#\/schema\/logo\/image\/","url":"https:\/\/talkpal.ai\/wp-content\/uploads\/2024\/03\/Talkpal-Logo-Icon.png","contentUrl":"https:\/\/talkpal.ai\/wp-content\/uploads\/2024\/03\/Talkpal-Logo-Icon.png","width":2880,"height":2880,"caption":"Talkpal, Inc."},"image":{"@id":"https:\/\/talkpal.ai\/hu\/#\/schema\/logo\/image\/"},"sameAs":["https:\/\/www.facebook.com\/profile.php?id=100090733639311","https:\/\/x.com\/talkpalai","https:\/\/www.linkedin.com\/company\/talkpal\/","https:\/\/www.youtube.com\/@TalkPal\/","https:\/\/www.tiktok.com\/@talkpal","https:\/\/www.instagram.com\/talkpal_ai\/","https:\/\/www.crunchbase.com\/organization\/talkpal-9cde","https:\/\/www.g2.com\/products\/talkpal-for-business\/","https:\/\/www.trustpilot.com\/review\/talkpal.ai","https:\/\/www.capterra.com\/p\/10006800\/TalkPal\/"],"description":"Talkpal is a language learning web and mobile education app, powered by the latest AI technologies, that provides engaging experiences to its customers in many different languages to help them improve their language skills. Users can chat about unlimited amount of topics with the app and use other modes to practice their language learning.","email":"support@talkpal.ai","legalName":"Talkpal, Inc.","foundingDate":"2023-04-03","duns":"118989042","numberOfEmployees":{"@type":"QuantitativeValue","minValue":"11","maxValue":"50"},"publishingPrinciples":"https:\/\/talkpal.ai\/publishing-principles\/","actionableFeedbackPolicy":"https:\/\/talkpal.ai\/actionable-feedback-policy\/","correctionsPolicy":"https:\/\/talkpal.ai\/corrections-policy\/","ethicsPolicy":"https:\/\/talkpal.ai\/ethics-policy\/","diversityPolicy":"https:\/\/talkpal.ai\/diversity-policy\/","diversityStaffingReport":"https:\/\/talkpal.ai\/diversity-policy\/"}]}},"_links":{"self":[{"href":"https:\/\/talkpal.ai\/hu\/wp-json\/wp\/v2\/pages\/92766","targetHints":{"allow":["GET"]}}],"collection":[{"href":"https:\/\/talkpal.ai\/hu\/wp-json\/wp\/v2\/pages"}],"about":[{"href":"https:\/\/talkpal.ai\/hu\/wp-json\/wp\/v2\/types\/page"}],"author":[{"embeddable":true,"href":"https:\/\/talkpal.ai\/hu\/wp-json\/wp\/v2\/users\/8"}],"replies":[{"embeddable":true,"href":"https:\/\/talkpal.ai\/hu\/wp-json\/wp\/v2\/comments?post=92766"}],"version-history":[{"count":0,"href":"https:\/\/talkpal.ai\/hu\/wp-json\/wp\/v2\/pages\/92766\/revisions"}],"wp:featuredmedia":[{"embeddable":true,"href":"https:\/\/talkpal.ai\/hu\/wp-json\/wp\/v2\/media\/75881"}],"wp:attachment":[{"href":"https:\/\/talkpal.ai\/hu\/wp-json\/wp\/v2\/media?parent=92766"}],"curies":[{"name":"wp","href":"https:\/\/api.w.org\/{rel}","templated":true}]}}