{"id":92025,"date":"2023-06-14T13:25:23","date_gmt":"2023-06-14T13:25:23","guid":{"rendered":"http:\/\/talkpal.ai\/angol-nyelvtani-gyakorlatok\/"},"modified":"2025-12-17T16:34:52","modified_gmt":"2025-12-17T16:34:52","slug":"angol-nyelvtani-gyakorlatok","status":"publish","type":"page","link":"https:\/\/talkpal.ai\/hu\/angol-nyelvtani-gyakorlatok\/","title":{"rendered":"Angol nyelvtani gyakorlatok"},"content":{"rendered":"\r\n\r\n\r\n<section class=\"languageChallengeSection\">\r\n    <div class=\"languageInfoWrapper\">\r\n        \r\n        <h1>Angol nyelvtani gyakorlatok<\/h1>\r\n        <p>Szeretn\u00e9 n\u00f6velni az \u00f6nbizalm\u00e1t angolul? A nyelvtani gyakorlatok gyakorl\u00e1sa remek m\u00f3dja annak, hogy jav\u00edtsd a nyelvtani szab\u00e1lyok meg\u00e9rt\u00e9s\u00e9t, helyesen haszn\u00e1ld az ig\u00e9ket, \u00e9s b\u0151v\u00edtsd a sz\u00f3kincsedet. Kezdj el dolgozni az <a href=\"https:\/\/talkpal.ai\/locations\/language-courses-in-angol\/\">angol<\/a> nyelvtanon m\u00e9g ma, \u00e9s l\u00e1sd, hogy k\u00e9szs\u00e9geid \u00e9s foly\u00e9kony besz\u00e9dk\u00e9szs\u00e9ged <a href=\"https:\/\/talkpal.ai\/locations\/language-courses-in-minden\/\">minden<\/a> egyes gyakorlattal n\u0151ni fog!\n\n<\/p>\r\n\r\n                            <a class=\"getStartedHidden\" href=\"https:\/\/app.talkpal.ai\/hu\/signup?lng=\">Kezdj\u00fck<\/a>\r\n        \r\n    <\/div>\r\n\r\n    <figure>\r\n    <img decoding=\"async\" width=\"768\" height=\"768\" src=\"https:\/\/talkpal.ai\/wp-content\/uploads\/2023\/06\/English-768x768.png\" class=\"languageImage no-lazy\" alt=\"Language learning for improved multitasking\" fetchpriority=\"high\" sizes=\"(max-width: 768px) 150px, 768px\" srcset=\"https:\/\/talkpal.ai\/wp-content\/uploads\/2023\/06\/English-768x768.png 768w, https:\/\/talkpal.ai\/wp-content\/uploads\/2023\/06\/English-300x300.png 300w\" \/>\r\n    \r\n\r\n    <\/figure>\r\n\r\n            <a class=\"getStartedVisible\" href=\"https:\/\/app.talkpal.ai\/hu\/signup?lng=\">Kezdj\u00fck<\/a>\r\n    \r\n<\/section>\r\n\r\n\r\n<!-- <section class=\"grammarSection\">\r\n    <div class=\"grammarLinks\">\r\n        <a href=\"https:\/\/talkpal.ai\/hu\/exercise_language\/cikkek-angol-nyelvtan\/\">Cikkek <\/a><a href=\"https:\/\/talkpal.ai\/hu\/exercise_language\/eloljaroszok-angol-nyelvtan\/\">El\u00f6lj\u00e1r\u00f3sz\u00f3k <\/a><a href=\"https:\/\/talkpal.ai\/hu\/exercise_language\/felteteles-angol-nyelvtan\/\">Felt\u00e9teles <\/a><a href=\"https:\/\/talkpal.ai\/hu\/exercise_language\/fonevek-angol-nyelvtan\/\">F\u0151nevek <\/a><a href=\"https:\/\/talkpal.ai\/hu\/exercise_language\/hatarozoszavak-angol-nyelvtan\/\">Hat\u00e1roz\u00f3szavak <\/a><a href=\"https:\/\/talkpal.ai\/hu\/exercise_language\/igeido-osszehasonlitas-angol-nyelvtan\/\">Igeid\u0151 \u00f6sszehasonl\u00edt\u00e1s <\/a><a href=\"https:\/\/talkpal.ai\/hu\/exercise_language\/igeidok-angol-nyelvtan\/\">Igeid\u0151k <\/a><a href=\"https:\/\/talkpal.ai\/hu\/exercise_language\/igek-angol-nyelvtan\/\">Ig\u00e9k <\/a><a href=\"https:\/\/talkpal.ai\/hu\/exercise_language\/melleknevek-angol-nyelvtan\/\">Mell\u00e9knevek <\/a><a href=\"https:\/\/talkpal.ai\/hu\/exercise_language\/monatok-angol-nyelvtan\/\">Monatok <\/a><a href=\"https:\/\/talkpal.ai\/hu\/exercise_language\/nevmasok-determinansok-angol-nyelvtan\/\">N\u00e9vm\u00e1sok\/determin\u00e1nsok <\/a>    <\/div>\r\n<\/section> -->\r\n\r\n\r\n\r\n\r\n        <section class=\"grammarSection\">\r\n            <div class=\"grammarLinks\">\r\n                <a href=\"https:\/\/talkpal.ai\/hu\/exercise_language\/cikkek-angol-nyelvtan\/\">Cikkek <\/a><a href=\"https:\/\/talkpal.ai\/hu\/exercise_language\/eloljaroszok-angol-nyelvtan\/\">El\u00f6lj\u00e1r\u00f3sz\u00f3k <\/a><a href=\"https:\/\/talkpal.ai\/hu\/exercise_language\/felteteles-angol-nyelvtan\/\">Felt\u00e9teles <\/a><a href=\"https:\/\/talkpal.ai\/hu\/exercise_language\/fonevek-angol-nyelvtan\/\">F\u0151nevek <\/a><a href=\"https:\/\/talkpal.ai\/hu\/exercise_language\/hatarozoszavak-angol-nyelvtan\/\">Hat\u00e1roz\u00f3szavak <\/a><a href=\"https:\/\/talkpal.ai\/hu\/exercise_language\/igeido-osszehasonlitas-angol-nyelvtan\/\">Igeid\u0151 \u00f6sszehasonl\u00edt\u00e1s <\/a><a href=\"https:\/\/talkpal.ai\/hu\/exercise_language\/igeidok-angol-nyelvtan\/\">Igeid\u0151k <\/a><a href=\"https:\/\/talkpal.ai\/hu\/exercise_language\/igek-angol-nyelvtan\/\">Ig\u00e9k <\/a><a href=\"https:\/\/talkpal.ai\/hu\/exercise_language\/melleknevek-angol-nyelvtan\/\">Mell\u00e9knevek <\/a><a href=\"https:\/\/talkpal.ai\/hu\/exercise_language\/monatok-angol-nyelvtan\/\">Monatok <\/a><a href=\"https:\/\/talkpal.ai\/hu\/exercise_language\/nevmasok-determinansok-angol-nyelvtan\/\">N\u00e9vm\u00e1sok\/determin\u00e1nsok <\/a>            <\/div>\r\n        <\/section>\r\n<section class=\"promotionalBanner\">\r\n    <p class=\"promotionalText\">A nyelvtanul\u00e1s leghat\u00e9konyabb m\u00f3dja<\/p>\r\n    <a class=\"promotionalLink\" href=\"https:\/\/app.talkpal.ai\/hu\/signup?lng=\">Pr\u00f3b\u00e1lja ki a Talkpal ingyen<\/a>\r\n<\/section>\n<div class=\"wp-block-group pageContainerStyle\"><div class=\"wp-block-group__inner-container is-layout-constrained wp-block-group-is-layout-constrained\">\n<h2 class=\"wp-block-heading\" id=\"h-english-grammar-topics\">Angol nyelvtani t\u00e9m\u00e1k<\/h2>\n\n\n\n<p>Az <a href=\"https:\/\/talkpal.ai\/hu\/grammar\/cikkek-angol-nyelvtan\/\">angol nyelvtan<\/a> olyan szab\u00e1lyok \u00e9s ir\u00e1nyelvek halmaza, amelyek meghat\u00e1rozz\u00e1k az <a href=\"https:\/\/talkpal.ai\/locations\/language-courses-in-angol\/\">angol<\/a> nyelv szerkezet\u00e9t. Lehet\u0151v\u00e9 teszi sz\u00e1munkra, hogy vil\u00e1gosan \u00e9s hat\u00e9konyan kommunik\u00e1ljunk egym\u00e1ssal. Az <a href=\"https:\/\/talkpal.ai\/hu\/angol-anyanyelvi-tanar-hatekony-nyelvtanulas-szaktudassal-es-elmennyel\/\">angol nyelvtanul\u00e1s<\/a> sor\u00e1n a <a href=\"https:\/\/talkpal.ai\/grammar\/\">nyelvtan<\/a> meg\u00e9rt\u00e9se elengedhetetlen az er\u0151s olvas\u00e1si, \u00edr\u00e1si \u00e9s besz\u00e9dk\u00e9szs\u00e9g fejleszt\u00e9s\u00e9hez. <a href=\"https:\/\/talkpal.ai\/culture\/how-do-you-use-the-demonstrative-pronouns-ez-and-az\/\">Ez az<\/a> utaz\u00e1s mag\u00e1ban foglalja a nyelvtan k\u00fcl\u00f6nb\u00f6z\u0151 \u00f6sszetev\u0151it, p\u00e9ld\u00e1ul mell\u00e9kneveket, hat\u00e1roz\u00f3szavakat, cikkeket, felt\u00e9teleket, f\u0151neveket, el\u00f6lj\u00e1r\u00f3szavakat, n\u00e9vm\u00e1sokat \/ meghat\u00e1roz\u00f3kat, mondatokat, igeid\u0151k \u00f6sszehasonl\u00edt\u00e1s\u00e1t, igeid\u0151t \u00e9s ig\u00e9ket. Vizsg\u00e1ljuk meg az egyes t\u00e9mak\u00f6r\u00f6ket javasolt sorrendben, hogy az angol nyelvtan tanul\u00e1sa hat\u00e9konyabb \u00e9s \u00e9lvezetesebb legyen.<\/p>\n\n\n\n<h3 class=\"wp-block-heading\" id=\"h-1-nouns\">1. F\u0151nevek:<\/h3>\n\n\n\n<p>A f\u0151nevek az angol nyelvtan legalapvet\u0151bb \u00e9p\u00edt\u0151k\u00f6vei. Ezek olyan szavak, amelyek embereket, helyeket, dolgokat vagy \u00f6tleteket k\u00e9pviselnek. A f\u0151nevek meg\u00e9rt\u00e9se elengedhetetlen a mondatok kialak\u00edt\u00e1s\u00e1hoz \u00e9s a jelent\u00e9s k\u00f6zvet\u00edt\u00e9s\u00e9hez a nyelvben.<\/p>\n\n\n\n<h3 class=\"wp-block-heading\" id=\"h-2-pronouns-determiners\">2. N\u00e9vm\u00e1sok\/determin\u00e1nsok:<\/h3>\n\n\n\n<p>Miut\u00e1n meg\u00e9rtette a f\u0151neveket, a n\u00e9vm\u00e1sok \u00e9s a meghat\u00e1roz\u00f3k megismer\u00e9se a k\u00f6vetkez\u0151 l\u00e9p\u00e9s. A n\u00e9vm\u00e1sok helyettes\u00edtik a f\u0151neveket a mondatban, hogy elker\u00fclj\u00e9k az ism\u00e9tl\u00e9st, m\u00edg a determin\u00e1nsok inform\u00e1ci\u00f3t ny\u00fajtanak a f\u0151n\u00e9vr\u0151l, p\u00e9ld\u00e1ul a mennyis\u00e9gr\u0151l vagy a birtokl\u00e1sr\u00f3l.<\/p>\n\n\n\n<h3 class=\"wp-block-heading\" id=\"h-3-verbs\">3. Ig\u00e9k:<\/h3>\n\n\n\n<p>Az ig\u00e9k olyan cselekv\u00e9si szavak, amelyek kifejezik, hogy egy f\u0151n\u00e9v mit csin\u00e1l vagy tapasztal. Minden mondat kulcsfontoss\u00e1g\u00fa r\u00e9sz\u00e9t k\u00e9pezik, \u00e9s m\u0171k\u00f6d\u00e9s\u00fck meg\u00e9rt\u00e9se elengedhetetlen a vil\u00e1gos \u00e9s t\u00f6m\u00f6r \u00e1ll\u00edt\u00e1sok l\u00e9trehoz\u00e1s\u00e1hoz.<\/p>\n\n\n\n<h3 class=\"wp-block-heading\" id=\"h-4-adjectives\">4. Mell\u00e9knevek:<\/h3>\n\n\n\n<p>A mell\u00e9knevek le\u00edrj\u00e1k vagy m\u00f3dos\u00edtj\u00e1k a f\u0151neveket, t\u00f6bb inform\u00e1ci\u00f3t adva tulajdons\u00e1gaikr\u00f3l vagy jellemz\u0151ikr\u0151l. A mell\u00e9knevek hat\u00e9kony haszn\u00e1lat\u00e1nak megtanul\u00e1sa jav\u00edtja az <a href=\"https:\/\/talkpal.ai\/english-speaking-course\/\">angol nyelv\u0171<\/a> kommunik\u00e1ci\u00f3 k\u00e9pess\u00e9g\u00e9t.<\/p>\n\n\n\n<h3 class=\"wp-block-heading\" id=\"h-5-adverbs\">5. Hat\u00e1roz\u00f3sz\u00f3k:<\/h3>\n\n\n\n<p>A hat\u00e1roz\u00f3szavak hasonl\u00f3ak a mell\u00e9knevekhez, de m\u00f3dos\u00edtj\u00e1k az ig\u00e9ket, mell\u00e9kneveket vagy m\u00e1s hat\u00e1roz\u00f3szavakat. Gyakran le\u00edrj\u00e1k, hogyan, mikor vagy hol t\u00f6rt\u00e9nik egy cselekv\u00e9s. A hat\u00e1roz\u00f3szavak haszn\u00e1lat\u00e1nak ismerete m\u00e9lys\u00e9get \u00e9s r\u00e9szleteket ad az angol kommunik\u00e1ci\u00f3hoz.<\/p>\n\n\n\n<h3 class=\"wp-block-heading\" id=\"h-6-prepositions\">6. El\u00f6lj\u00e1r\u00f3szavak:<\/h3>\n\n\n\n<p>A prepoz\u00edci\u00f3k olyan szavak, amelyek a f\u0151nevek, n\u00e9vm\u00e1sok \u00e9s m\u00e1s szavak k\u00f6z\u00f6tti kapcsolatot mutatj\u00e1k egy mondatban. Seg\u00edtenek kontextust biztos\u00edtani, p\u00e9ld\u00e1ul helyet, id\u0151t vagy ir\u00e1nyt.<\/p>\n\n\n\n<h3 class=\"wp-block-heading\" id=\"h-7-articles\">7. Cikkek:<\/h3>\n\n\n\n<p>A cikkek olyan t\u00edpus\u00fa meghat\u00e1roz\u00f3k, amelyek meghat\u00e1rozz\u00e1k, hogy egy f\u0151n\u00e9v hat\u00e1rozott vagy hat\u00e1rozatlan. Ezek fontosak a megfelel\u0151 mondatk\u00e9pz\u00e9shez, \u00e9s seg\u00edtenek tiszt\u00e1zni egy nyilatkozat jelent\u00e9s\u00e9t.<\/p>\n\n\n\n<h3 class=\"wp-block-heading\" id=\"h-8-tenses\">8. Igeid\u0151k:<\/h3>\n\n\n\n<p>Az igeid\u0151k egy cselekv\u00e9s vagy l\u00e9t\u00e1llapot idej\u00e9t jelzik. Az angol nyelv k\u00fcl\u00f6nb\u00f6z\u0151 id\u0151szakait megtanulva pontosan tudod kifejezni magad, ak\u00e1r a m\u00faltr\u00f3l, ak\u00e1r a jelenr\u0151l, ak\u00e1r a j\u00f6v\u0151r\u0151l besz\u00e9lsz.<\/p>\n\n\n\n<h3 class=\"wp-block-heading\" id=\"h-9-tense-comparison\">9. Fesz\u00fclt \u00f6sszehasonl\u00edt\u00e1s:<\/h3>\n\n\n\n<p>Az igeid\u0151k \u00f6sszehasonl\u00edt\u00e1s\u00e1nak meg\u00e9rt\u00e9se fontos a m\u0171veletek vagy \u00e1llapotok k\u00fcl\u00f6nb\u00f6z\u0151 id\u0151keretekben val\u00f3 \u00f6sszehasonl\u00edt\u00e1s\u00e1hoz. Ez a k\u00e9szs\u00e9g seg\u00edt az \u00f6sszetett \u00f6tletek kommunik\u00e1l\u00e1s\u00e1ban \u00e9s az angol nyelvtan fejlettebb meg\u00e9rt\u00e9s\u00e9ben.<\/p>\n\n\n\n<h3 class=\"wp-block-heading\" id=\"h-10-sentences\">10. Mondatok:<\/h3>\n\n\n\n<p>A mondatok az angol nyelv\u0171 \u00edr\u00e1sbeli \u00e9s sz\u00f3beli kommunik\u00e1ci\u00f3 alapj\u00e1t k\u00e9pezik. A f\u0151nevek, ig\u00e9k \u00e9s m\u00e1s nyelvtani \u00f6sszetev\u0151k ismeret\u00e9re \u00e9p\u00edtve a mondatszerkezet megismer\u00e9se lehet\u0151v\u00e9 teszi, hogy hat\u00e9konyan k\u00f6zvet\u00edtse gondolatait a nyelven.<\/p>\n\n\n\n<h3 class=\"wp-block-heading\" id=\"h-11-conditionals\">11. Felt\u00e9telek:<\/h3>\n\n\n\n<p>A felt\u00e9telek olyan mondatok, amelyek kifejeznek egy felt\u00e9telt \u00e9s annak lehets\u00e9ges k\u00f6vetkezm\u00e9ny\u00e9t. Ezek az angol nyelvtan fejlett aspektusa, amely seg\u00edt hipotetikus helyzetek \u00e9s \u00f6sszetett \u00f6tletek kifejez\u00e9s\u00e9ben.<\/p>\n<\/div><\/div>\n\r\n<section class=\"learnNavigationSection\">\r\n            \r\n        <a href=\"https:\/\/talkpal.ai\/hu\/angolul-tanulni\/\">\r\n            <div class=\"learnNavigationWrapper\">\r\n                <div class=\"learnNavigationContent\">\r\n                    <img decoding=\"async\" src=\"https:\/\/talkpal.ai\/wp-content\/uploads\/2024\/08\/English.jpg\" alt=\"English Flag\">\r\n                    <div>\r\n                        <h4>Az angol tanul\u00e1sr\u00f3l<\/h4>\r\n                        <p>Tudj meg mindent az angol nyelvtanr\u00f3l.<\/p>\r\n                    <\/div>\r\n                <\/div>\r\n            <\/div>\r\n        <\/a>\r\n\r\n        \r\n        <a href=\"https:\/\/talkpal.ai\/hu\/angol-nyelvtan\/\">\r\n            <div class=\"learnNavigationWrapper\">\r\n                <div class=\"learnNavigationContent\">\r\n                    <img decoding=\"async\" src=\"https:\/\/talkpal.ai\/wp-content\/uploads\/2024\/08\/English.jpg\" alt=\"English Flag\">\r\n                    <div>\r\n                        <h4>Angol nyelvtani leck\u00e9k<\/h4>\r\n                        <p>Gyakorolja az angol nyelvet nyelvtan.<\/p>\r\n                    <\/div>\r\n                <\/div>\r\n            <\/div>\r\n        <\/a>\r\n\r\n        \r\n        <a href=\"https:\/\/talkpal.ai\/vocabulary_language\/english\/\">\r\n            <div class=\"learnNavigationWrapper\">\r\n                <div class=\"learnNavigationContent\">\r\n                    <img decoding=\"async\" src=\"https:\/\/talkpal.ai\/wp-content\/uploads\/2024\/08\/English.jpg\" alt=\"English Flag\">\r\n                    <div>\r\n                        <h4>Angol sz\u00f3kincs<\/h4>\r\n                        <p>B\u0151v\u00edtse angol sz\u00f3kincs\u00e9t.<\/p>\r\n                    <\/div>\r\n                <\/div>\r\n            <\/div>\r\n        <\/a>\r\n\r\n            <\/section>","protected":false},"excerpt":{"rendered":"<p>Angol nyelvtani t\u00e9m\u00e1k Az angol nyelvtan olyan szab\u00e1lyok \u00e9s ir\u00e1nyelvek halmaza, amelyek meghat\u00e1rozz\u00e1k az angol nyelv szerkezet\u00e9t. Lehet\u0151v\u00e9 teszi sz\u00e1munkra, hogy vil\u00e1gosan \u00e9s hat\u00e9konyan kommunik\u00e1ljunk egym\u00e1ssal. Az angol nyelvtanul\u00e1s sor\u00e1n a nyelvtan meg\u00e9rt\u00e9se elengedhetetlen az er\u0151s olvas\u00e1si, \u00edr\u00e1si \u00e9s besz\u00e9dk\u00e9szs\u00e9g fejleszt\u00e9s\u00e9hez. Ez az utaz\u00e1s mag\u00e1ban foglalja a nyelvtan k\u00fcl\u00f6nb\u00f6z\u0151 \u00f6sszetev\u0151it, p\u00e9ld\u00e1ul mell\u00e9kneveket, hat\u00e1roz\u00f3szavakat, cikkeket, felt\u00e9teleket, [&hellip;]<\/p>\n","protected":false},"author":1,"featured_media":64488,"parent":0,"menu_order":0,"comment_status":"closed","ping_status":"closed","template":"LearningContentPage.php","meta":{"_acf_changed":false,"footnotes":""},"class_list":["post-92025","page","type-page","status-publish","has-post-thumbnail","hentry"],"acf":[],"yoast_head":"<!-- This site is optimized with the Yoast SEO Premium plugin v27.2 (Yoast SEO v27.2) - https:\/\/yoast.com\/product\/yoast-seo-premium-wordpress\/ -->\n<title>Angol nyelvtani gyakorlatok - Talkpal<\/title>\n<meta name=\"description\" content=\"Fejleszd angol nyelvtud\u00e1sodat a Talkpal hat\u00e9kony nyelvtani gyakorlataival. Fejleszd a nyelvtud\u00e1sodat most!\" \/>\n<meta name=\"robots\" content=\"index, follow, max-snippet:-1, max-image-preview:large, max-video-preview:-1\" \/>\n<link rel=\"canonical\" href=\"https:\/\/talkpal.ai\/hu\/angol-nyelvtani-gyakorlatok\/\" \/>\n<meta property=\"og:locale\" content=\"hu_HU\" \/>\n<meta property=\"og:type\" content=\"article\" \/>\n<meta property=\"og:title\" content=\"Angol nyelvtani gyakorlatok\" \/>\n<meta property=\"og:description\" content=\"Angol nyelvtani t\u00e9m\u00e1k Az angol nyelvtan olyan szab\u00e1lyok \u00e9s ir\u00e1nyelvek halmaza, amelyek meghat\u00e1rozz\u00e1k az angol nyelv szerkezet\u00e9t. Lehet\u0151v\u00e9 teszi sz\u00e1munkra,\" \/>\n<meta property=\"og:url\" content=\"https:\/\/talkpal.ai\/hu\/angol-nyelvtani-gyakorlatok\/\" \/>\n<meta property=\"og:site_name\" content=\"Talkpal\" \/>\n<meta property=\"article:publisher\" content=\"https:\/\/www.facebook.com\/profile.php?id=100090733639311\" \/>\n<meta property=\"article:modified_time\" content=\"2025-12-17T16:34:52+00:00\" \/>\n<meta property=\"og:image\" content=\"https:\/\/talkpal.ai\/wp-content\/uploads\/2023\/03\/united-kingdom.png\" \/>\n\t<meta property=\"og:image:width\" content=\"512\" \/>\n\t<meta property=\"og:image:height\" content=\"512\" \/>\n\t<meta property=\"og:image:type\" content=\"image\/png\" \/>\n<meta name=\"twitter:card\" content=\"summary_large_image\" \/>\n<meta name=\"twitter:site\" content=\"@talkpalai\" \/>\n<meta name=\"twitter:label1\" content=\"Becs\u00fclt olvas\u00e1si id\u0151\" \/>\n\t<meta name=\"twitter:data1\" content=\"4 perc\" \/>\n<script type=\"application\/ld+json\" class=\"yoast-schema-graph\">{\"@context\":\"https:\/\/schema.org\",\"@graph\":[{\"@type\":\"WebPage\",\"@id\":\"https:\/\/talkpal.ai\/hu\/angol-nyelvtani-gyakorlatok\/\",\"url\":\"https:\/\/talkpal.ai\/hu\/angol-nyelvtani-gyakorlatok\/\",\"name\":\"Angol nyelvtani gyakorlatok - Talkpal\",\"isPartOf\":{\"@id\":\"https:\/\/talkpal.ai\/hu\/#website\"},\"primaryImageOfPage\":{\"@id\":\"https:\/\/talkpal.ai\/hu\/angol-nyelvtani-gyakorlatok\/#primaryimage\"},\"image\":{\"@id\":\"https:\/\/talkpal.ai\/hu\/angol-nyelvtani-gyakorlatok\/#primaryimage\"},\"thumbnailUrl\":\"https:\/\/talkpal.ai\/wp-content\/uploads\/2023\/03\/united-kingdom.png\",\"datePublished\":\"2023-06-14T13:25:23+00:00\",\"dateModified\":\"2025-12-17T16:34:52+00:00\",\"description\":\"Fejleszd angol nyelvtud\u00e1sodat a Talkpal hat\u00e9kony nyelvtani gyakorlataival. Fejleszd a nyelvtud\u00e1sodat most!\",\"breadcrumb\":{\"@id\":\"https:\/\/talkpal.ai\/hu\/angol-nyelvtani-gyakorlatok\/#breadcrumb\"},\"inLanguage\":\"hu\",\"potentialAction\":[{\"@type\":\"ReadAction\",\"target\":[\"https:\/\/talkpal.ai\/hu\/angol-nyelvtani-gyakorlatok\/\"]}]},{\"@type\":\"ImageObject\",\"inLanguage\":\"hu\",\"@id\":\"https:\/\/talkpal.ai\/hu\/angol-nyelvtani-gyakorlatok\/#primaryimage\",\"url\":\"https:\/\/talkpal.ai\/wp-content\/uploads\/2023\/03\/united-kingdom.png\",\"contentUrl\":\"https:\/\/talkpal.ai\/wp-content\/uploads\/2023\/03\/united-kingdom.png\",\"width\":512,\"height\":512,\"caption\":\"TalkPal AI learn English\"},{\"@type\":\"BreadcrumbList\",\"@id\":\"https:\/\/talkpal.ai\/hu\/angol-nyelvtani-gyakorlatok\/#breadcrumb\",\"itemListElement\":[{\"@type\":\"ListItem\",\"position\":1,\"name\":\"Homepage\",\"item\":\"https:\/\/talkpal.ai\/hu\/\"},{\"@type\":\"ListItem\",\"position\":2,\"name\":\"Angol nyelvtani gyakorlatok\"}]},{\"@type\":\"WebSite\",\"@id\":\"https:\/\/talkpal.ai\/hu\/#website\",\"url\":\"https:\/\/talkpal.ai\/hu\/\",\"name\":\"Talkpal\",\"description\":\"AI Language Learning\",\"publisher\":{\"@id\":\"https:\/\/talkpal.ai\/hu\/#organization\"},\"alternateName\":\"Talkpal AI\",\"potentialAction\":[{\"@type\":\"SearchAction\",\"target\":{\"@type\":\"EntryPoint\",\"urlTemplate\":\"https:\/\/talkpal.ai\/hu\/?s={search_term_string}\"},\"query-input\":{\"@type\":\"PropertyValueSpecification\",\"valueRequired\":true,\"valueName\":\"search_term_string\"}}],\"inLanguage\":\"hu\"},{\"@type\":\"Organization\",\"@id\":\"https:\/\/talkpal.ai\/hu\/#organization\",\"name\":\"Talkpal, Inc.\",\"alternateName\":\"Talkpal AI\",\"url\":\"https:\/\/talkpal.ai\/hu\/\",\"logo\":{\"@type\":\"ImageObject\",\"inLanguage\":\"hu\",\"@id\":\"https:\/\/talkpal.ai\/hu\/#\/schema\/logo\/image\/\",\"url\":\"https:\/\/talkpal.ai\/wp-content\/uploads\/2024\/03\/Talkpal-Logo-Icon.png\",\"contentUrl\":\"https:\/\/talkpal.ai\/wp-content\/uploads\/2024\/03\/Talkpal-Logo-Icon.png\",\"width\":2880,\"height\":2880,\"caption\":\"Talkpal, Inc.\"},\"image\":{\"@id\":\"https:\/\/talkpal.ai\/hu\/#\/schema\/logo\/image\/\"},\"sameAs\":[\"https:\/\/www.facebook.com\/profile.php?id=100090733639311\",\"https:\/\/x.com\/talkpalai\",\"https:\/\/www.linkedin.com\/company\/talkpal\/\",\"https:\/\/www.youtube.com\/@TalkPal\/\",\"https:\/\/www.tiktok.com\/@talkpal\",\"https:\/\/www.instagram.com\/talkpal_ai\/\",\"https:\/\/www.crunchbase.com\/organization\/talkpal-9cde\",\"https:\/\/www.g2.com\/products\/talkpal-for-business\/\",\"https:\/\/www.trustpilot.com\/review\/talkpal.ai\",\"https:\/\/www.capterra.com\/p\/10006800\/TalkPal\/\"],\"description\":\"Talkpal is a language learning web and mobile education app, powered by the latest AI technologies, that provides engaging experiences to its customers in many different languages to help them improve their language skills. Users can chat about unlimited amount of topics with the app and use other modes to practice their language learning.\",\"email\":\"support@talkpal.ai\",\"legalName\":\"Talkpal, Inc.\",\"foundingDate\":\"2023-04-03\",\"duns\":\"118989042\",\"numberOfEmployees\":{\"@type\":\"QuantitativeValue\",\"minValue\":\"11\",\"maxValue\":\"50\"},\"publishingPrinciples\":\"https:\/\/talkpal.ai\/publishing-principles\/\",\"actionableFeedbackPolicy\":\"https:\/\/talkpal.ai\/actionable-feedback-policy\/\",\"correctionsPolicy\":\"https:\/\/talkpal.ai\/corrections-policy\/\",\"ethicsPolicy\":\"https:\/\/talkpal.ai\/ethics-policy\/\",\"diversityPolicy\":\"https:\/\/talkpal.ai\/diversity-policy\/\",\"diversityStaffingReport\":\"https:\/\/talkpal.ai\/diversity-policy\/\"}]}<\/script>\n<!-- \/ Yoast SEO Premium plugin. -->","yoast_head_json":{"title":"Angol nyelvtani gyakorlatok - Talkpal","description":"Fejleszd angol nyelvtud\u00e1sodat a Talkpal hat\u00e9kony nyelvtani gyakorlataival. Fejleszd a nyelvtud\u00e1sodat most!","robots":{"index":"index","follow":"follow","max-snippet":"max-snippet:-1","max-image-preview":"max-image-preview:large","max-video-preview":"max-video-preview:-1"},"canonical":"https:\/\/talkpal.ai\/hu\/angol-nyelvtani-gyakorlatok\/","og_locale":"hu_HU","og_type":"article","og_title":"Angol nyelvtani gyakorlatok","og_description":"Angol nyelvtani t\u00e9m\u00e1k Az angol nyelvtan olyan szab\u00e1lyok \u00e9s ir\u00e1nyelvek halmaza, amelyek meghat\u00e1rozz\u00e1k az angol nyelv szerkezet\u00e9t. Lehet\u0151v\u00e9 teszi sz\u00e1munkra,","og_url":"https:\/\/talkpal.ai\/hu\/angol-nyelvtani-gyakorlatok\/","og_site_name":"Talkpal","article_publisher":"https:\/\/www.facebook.com\/profile.php?id=100090733639311","article_modified_time":"2025-12-17T16:34:52+00:00","og_image":[{"width":512,"height":512,"url":"https:\/\/talkpal.ai\/wp-content\/uploads\/2023\/03\/united-kingdom.png","type":"image\/png"}],"twitter_card":"summary_large_image","twitter_site":"@talkpalai","twitter_misc":{"Becs\u00fclt olvas\u00e1si id\u0151":"4 perc"},"schema":{"@context":"https:\/\/schema.org","@graph":[{"@type":"WebPage","@id":"https:\/\/talkpal.ai\/hu\/angol-nyelvtani-gyakorlatok\/","url":"https:\/\/talkpal.ai\/hu\/angol-nyelvtani-gyakorlatok\/","name":"Angol nyelvtani gyakorlatok - Talkpal","isPartOf":{"@id":"https:\/\/talkpal.ai\/hu\/#website"},"primaryImageOfPage":{"@id":"https:\/\/talkpal.ai\/hu\/angol-nyelvtani-gyakorlatok\/#primaryimage"},"image":{"@id":"https:\/\/talkpal.ai\/hu\/angol-nyelvtani-gyakorlatok\/#primaryimage"},"thumbnailUrl":"https:\/\/talkpal.ai\/wp-content\/uploads\/2023\/03\/united-kingdom.png","datePublished":"2023-06-14T13:25:23+00:00","dateModified":"2025-12-17T16:34:52+00:00","description":"Fejleszd angol nyelvtud\u00e1sodat a Talkpal hat\u00e9kony nyelvtani gyakorlataival. Fejleszd a nyelvtud\u00e1sodat most!","breadcrumb":{"@id":"https:\/\/talkpal.ai\/hu\/angol-nyelvtani-gyakorlatok\/#breadcrumb"},"inLanguage":"hu","potentialAction":[{"@type":"ReadAction","target":["https:\/\/talkpal.ai\/hu\/angol-nyelvtani-gyakorlatok\/"]}]},{"@type":"ImageObject","inLanguage":"hu","@id":"https:\/\/talkpal.ai\/hu\/angol-nyelvtani-gyakorlatok\/#primaryimage","url":"https:\/\/talkpal.ai\/wp-content\/uploads\/2023\/03\/united-kingdom.png","contentUrl":"https:\/\/talkpal.ai\/wp-content\/uploads\/2023\/03\/united-kingdom.png","width":512,"height":512,"caption":"TalkPal AI learn English"},{"@type":"BreadcrumbList","@id":"https:\/\/talkpal.ai\/hu\/angol-nyelvtani-gyakorlatok\/#breadcrumb","itemListElement":[{"@type":"ListItem","position":1,"name":"Homepage","item":"https:\/\/talkpal.ai\/hu\/"},{"@type":"ListItem","position":2,"name":"Angol nyelvtani gyakorlatok"}]},{"@type":"WebSite","@id":"https:\/\/talkpal.ai\/hu\/#website","url":"https:\/\/talkpal.ai\/hu\/","name":"Talkpal","description":"AI Language Learning","publisher":{"@id":"https:\/\/talkpal.ai\/hu\/#organization"},"alternateName":"Talkpal AI","potentialAction":[{"@type":"SearchAction","target":{"@type":"EntryPoint","urlTemplate":"https:\/\/talkpal.ai\/hu\/?s={search_term_string}"},"query-input":{"@type":"PropertyValueSpecification","valueRequired":true,"valueName":"search_term_string"}}],"inLanguage":"hu"},{"@type":"Organization","@id":"https:\/\/talkpal.ai\/hu\/#organization","name":"Talkpal, Inc.","alternateName":"Talkpal AI","url":"https:\/\/talkpal.ai\/hu\/","logo":{"@type":"ImageObject","inLanguage":"hu","@id":"https:\/\/talkpal.ai\/hu\/#\/schema\/logo\/image\/","url":"https:\/\/talkpal.ai\/wp-content\/uploads\/2024\/03\/Talkpal-Logo-Icon.png","contentUrl":"https:\/\/talkpal.ai\/wp-content\/uploads\/2024\/03\/Talkpal-Logo-Icon.png","width":2880,"height":2880,"caption":"Talkpal, Inc."},"image":{"@id":"https:\/\/talkpal.ai\/hu\/#\/schema\/logo\/image\/"},"sameAs":["https:\/\/www.facebook.com\/profile.php?id=100090733639311","https:\/\/x.com\/talkpalai","https:\/\/www.linkedin.com\/company\/talkpal\/","https:\/\/www.youtube.com\/@TalkPal\/","https:\/\/www.tiktok.com\/@talkpal","https:\/\/www.instagram.com\/talkpal_ai\/","https:\/\/www.crunchbase.com\/organization\/talkpal-9cde","https:\/\/www.g2.com\/products\/talkpal-for-business\/","https:\/\/www.trustpilot.com\/review\/talkpal.ai","https:\/\/www.capterra.com\/p\/10006800\/TalkPal\/"],"description":"Talkpal is a language learning web and mobile education app, powered by the latest AI technologies, that provides engaging experiences to its customers in many different languages to help them improve their language skills. Users can chat about unlimited amount of topics with the app and use other modes to practice their language learning.","email":"support@talkpal.ai","legalName":"Talkpal, Inc.","foundingDate":"2023-04-03","duns":"118989042","numberOfEmployees":{"@type":"QuantitativeValue","minValue":"11","maxValue":"50"},"publishingPrinciples":"https:\/\/talkpal.ai\/publishing-principles\/","actionableFeedbackPolicy":"https:\/\/talkpal.ai\/actionable-feedback-policy\/","correctionsPolicy":"https:\/\/talkpal.ai\/corrections-policy\/","ethicsPolicy":"https:\/\/talkpal.ai\/ethics-policy\/","diversityPolicy":"https:\/\/talkpal.ai\/diversity-policy\/","diversityStaffingReport":"https:\/\/talkpal.ai\/diversity-policy\/"}]}},"_links":{"self":[{"href":"https:\/\/talkpal.ai\/hu\/wp-json\/wp\/v2\/pages\/92025","targetHints":{"allow":["GET"]}}],"collection":[{"href":"https:\/\/talkpal.ai\/hu\/wp-json\/wp\/v2\/pages"}],"about":[{"href":"https:\/\/talkpal.ai\/hu\/wp-json\/wp\/v2\/types\/page"}],"author":[{"embeddable":true,"href":"https:\/\/talkpal.ai\/hu\/wp-json\/wp\/v2\/users\/1"}],"replies":[{"embeddable":true,"href":"https:\/\/talkpal.ai\/hu\/wp-json\/wp\/v2\/comments?post=92025"}],"version-history":[{"count":0,"href":"https:\/\/talkpal.ai\/hu\/wp-json\/wp\/v2\/pages\/92025\/revisions"}],"wp:featuredmedia":[{"embeddable":true,"href":"https:\/\/talkpal.ai\/hu\/wp-json\/wp\/v2\/media\/64488"}],"wp:attachment":[{"href":"https:\/\/talkpal.ai\/hu\/wp-json\/wp\/v2\/media?parent=92025"}],"curies":[{"name":"wp","href":"https:\/\/api.w.org\/{rel}","templated":true}]}}