{"id":91829,"date":"2023-03-25T16:57:06","date_gmt":"2023-03-25T16:57:06","guid":{"rendered":"http:\/\/talkpal.ai\/angol-nyelvtan\/"},"modified":"2025-05-22T19:27:08","modified_gmt":"2025-05-22T19:27:08","slug":"angol-nyelvtan","status":"publish","type":"page","link":"https:\/\/talkpal.ai\/hu\/angol-nyelvtan\/","title":{"rendered":"Angol nyelvtan"},"content":{"rendered":"\r\n\r\n\r\n<section class=\"languageChallengeSection\">\r\n    <div class=\"languageInfoWrapper\">\r\n        \r\n        <h1>Angol nyelvtan<\/h1>\r\n        <p>K\u00e9szen \u00e1llsz az <a href=\"https:\/\/talkpal.ai\/locations\/language-courses-in-angol\/\">angol<\/a> nyelvtanul\u00e1sra? Egy kis nyelvtani ismeret \u00e9s n\u00e9h\u00e1ny \u00faj sz\u00f3 seg\u00edts\u00e9g\u00e9vel pillanatok alatt cseveghet \u00e9s kapcsolatot teremthet a vil\u00e1g <a href=\"https:\/\/talkpal.ai\/locations\/language-courses-in-minden\/\">minden<\/a> t\u00e1j\u00e1r\u00f3l \u00e9rkez\u0151 emberekkel. Mer\u00fclj\u00f6n el, \u00e9s tegy\u00fck az angol nyelvtanul\u00e1st sz\u00f3rakoztat\u00f3v\u00e1 \u00e9s k\u00f6nny\u0171v\u00e9 &#8211; az \u00d6n \u00fatja a foly\u00e9kony nyelvtud\u00e1s fel\u00e9 m\u00e9g ma elkezd\u0151dik!\n\n<\/p>\r\n\r\n                            <a class=\"getStartedHidden\" href=\"https:\/\/app.talkpal.ai\/hu\/signup?lng=\">Kezdj\u00fck<\/a>\r\n        \r\n    <\/div>\r\n\r\n    <figure>\r\n    <img decoding=\"async\" width=\"768\" height=\"768\" src=\"https:\/\/talkpal.ai\/wp-content\/uploads\/2023\/06\/English-768x768.png\" class=\"languageImage no-lazy\" alt=\"Language learning for improved multitasking\" fetchpriority=\"high\" sizes=\"(max-width: 768px) 150px, 768px\" srcset=\"https:\/\/talkpal.ai\/wp-content\/uploads\/2023\/06\/English-768x768.png 768w, https:\/\/talkpal.ai\/wp-content\/uploads\/2023\/06\/English-300x300.png 300w\" \/>\r\n    \r\n\r\n    <\/figure>\r\n\r\n            <a class=\"getStartedVisible\" href=\"https:\/\/app.talkpal.ai\/hu\/signup?lng=\">Kezdj\u00fck<\/a>\r\n    \r\n<\/section>\r\n        <section class=\"grammarSection\">\r\n            <div class=\"grammarLinks\">\r\n                <a href=\"https:\/\/talkpal.ai\/hu\/language\/cikkek-angol-nyelvtan\/\">Cikkek <\/a><a href=\"https:\/\/talkpal.ai\/hu\/language\/eloljaroszok-angol-nyelvtan\/\">El\u00f6lj\u00e1r\u00f3sz\u00f3k <\/a><a href=\"https:\/\/talkpal.ai\/hu\/language\/felteteles-angol-nyelvtan\/\">Felt\u00e9teles <\/a><a href=\"https:\/\/talkpal.ai\/hu\/language\/fonevek-angol-nyelvtan\/\">F\u0151nevek <\/a><a href=\"https:\/\/talkpal.ai\/hu\/language\/hatarozoszavak-angol-nyelvtan\/\">Hat\u00e1roz\u00f3szavak <\/a><a href=\"https:\/\/talkpal.ai\/hu\/language\/igeidok-angol-nyelvtan\/\">Igeid\u0151k <\/a><a href=\"https:\/\/talkpal.ai\/hu\/language\/igek-angol-nyelvtan\/\">Ig\u00e9k <\/a><a href=\"https:\/\/talkpal.ai\/hu\/language\/melleknevek-angol-nyelvtan\/\">Mell\u00e9knevek <\/a><a href=\"https:\/\/talkpal.ai\/hu\/language\/monatok-angol-nyelvtan\/\">Monatok <\/a><a href=\"https:\/\/talkpal.ai\/hu\/language\/nevmasok-determinansok-angol-nyelvtan\/\">N\u00e9vm\u00e1sok\/determin\u00e1nsok <\/a>            <\/div>\r\n        <\/section>\r\n    <section class=\"promotionalBanner\">\r\n    <p class=\"promotionalText\">A nyelvtanul\u00e1s leghat\u00e9konyabb m\u00f3dja<\/p>\r\n    <a class=\"promotionalLink\" href=\"https:\/\/app.talkpal.ai\/hu\/signup?lng=\">Pr\u00f3b\u00e1lja ki a Talkpal ingyen<\/a>\r\n<\/section>\n<div class=\"wp-block-group pageContainerStyle\"><div class=\"wp-block-group__inner-container is-layout-constrained wp-block-group-is-layout-constrained\">\n<h2 class=\"wp-block-heading\" id=\"h-the-importance-of-english-grammar-a-guide-to-mastering-the-rules-and-principles\">Az angol nyelvtan fontoss\u00e1ga: \u00fatmutat\u00f3 a szab\u00e1lyok \u00e9s elvek elsaj\u00e1t\u00edt\u00e1s\u00e1hoz<\/h2>\n\n\n\n<p>Mivel az angol az egyik legjelent\u0151sebb nyelv, amelyet vil\u00e1gszerte besz\u00e9lnek, nem meglep\u0151, hogy az emberek sz\u00edvesen fejlesztik foly\u00e9konyan a nyelvtud\u00e1sukat \u00e9s a nyelvtud\u00e1sukat. Az angol nyelv elsaj\u00e1t\u00edt\u00e1s\u00e1nak egyik kulcsfontoss\u00e1g\u00fa szempontja a <a href=\"https:\/\/talkpal.ai\/grammar\/\">nyelvtan<\/a> meg\u00e9rt\u00e9se. De mi\u00e9rt olyan fontos a nyelvtan, \u00e9s hogyan lehet hat\u00e9konyan megtanulni? Ebben a cikkben elmer\u00fcl\u00fcnk az <a href=\"https:\/\/talkpal.ai\/hu\/grammar\/cikkek-angol-nyelvtan\/\">angol nyelvtan<\/a> jelent\u0151s\u00e9g\u00e9ben, megvitatjuk a legfontosabb alapelveit, \u00e9s megosztunk n\u00e9h\u00e1ny hasznos tippet, hogy csiszolhassuk a k\u00e9szs\u00e9geidet.<\/p>\n\n\n\n<h3 class=\"wp-block-heading\" id=\"h-the-role-of-grammar-in-the-english-language\">A nyelvtan szerepe az angol nyelvben:<\/h3>\n\n\n\n<p>Sz\u00f3val, mi a nagy \u00fcgy a nyelvtannal? A nyelvtan l\u00e9nyeg\u00e9ben <a href=\"https:\/\/talkpal.ai\/languages\/\">minden nyelv<\/a> \u00e9p\u00edt\u0151k\u00f6vek\u00e9nt szolg\u00e1l &#8211; ez azoknak a szab\u00e1lyoknak \u00e9s elveknek az \u00f6sszess\u00e9ge, amelyek szab\u00e1lyozz\u00e1k, hogyan haszn\u00e1ljuk a szavakat \u00e9rtelmes mondatok alkot\u00e1s\u00e1ra. Ezeknek a szab\u00e1lyoknak a betart\u00e1s\u00e1val biztos\u00edthatjuk az egy\u00e9rtelm\u0171 kommunik\u00e1ci\u00f3t \u00e9s elker\u00fclhetj\u00fck a f\u00e9lre\u00e9rt\u00e9seket. K\u00e9pzelje el, hogy megpr\u00f3b\u00e1l f\u0151zni egy \u00e9telt an\u00e9lk\u00fcl, hogy k\u00f6vetn\u00e9 a receptet &#8211; a v\u00e9geredm\u00e9ny kellemetlen lehet! Hasonl\u00f3k\u00e9ppen, a nyelvtan elhanyagol\u00e1sa mindennapi besz\u00e9d\u00fcnkben \u00e9s \u00edr\u00e1sunkban zavart \u00e9s f\u00e9lre\u00e9rtelmez\u00e9st eredm\u00e9nyezhet.<\/p>\n\n\n\n<h3 class=\"wp-block-heading\" id=\"h-key-principles-of-english-grammar\">Az angol nyelvtan alapelvei:<\/h3>\n\n\n\n<p>B\u00e1r az angol nyelvtan szab\u00e1lyok sz\u00e9les sk\u00e1l\u00e1j\u00e1t foglalja mag\u00e1ban, <a href=\"https:\/\/talkpal.ai\/locations\/language-courses-in-van\/\">van<\/a> n\u00e9h\u00e1ny kulcsfontoss\u00e1g\u00fa alapelv, amellyel tiszt\u00e1ban kell lennie:<\/p>\n\n\n\n<p><strong>1. A besz\u00e9d r\u00e9szei:<\/strong> Ezek azok a szerepek, amelyeket a szavak j\u00e1tszanak egy mondatban. Funkci\u00f3jukt\u00f3l f\u00fcgg\u0151en a szavak f\u0151nevek, n\u00e9vm\u00e1sok, ig\u00e9k, mell\u00e9knevek, hat\u00e1roz\u00f3sz\u00f3k, el\u00f6lj\u00e1r\u00f3szavak, k\u00f6t\u0151szavak vagy k\u00f6zbesz\u00f3l\u00e1sok lehetnek.<\/p>\n\n\n\n<p><strong>2. Igeid\u0151k: Az igeid\u0151k<\/strong> a cselekv\u00e9sek idej\u00e9t vagy a l\u00e9tez\u00e9s \u00e1llapot\u00e1t jelzik. M\u00faltra, jelenre \u00e9s j\u00f6v\u0151re oszthat\u00f3k, \u00e9s minden egyes id\u0151nek n\u00e9gy aspektusa van &#8211; egyszer\u0171, progressz\u00edv, t\u00f6k\u00e9letes \u00e9s t\u00f6k\u00e9letes progressz\u00edv.<\/p>\n\n\n\n<p><strong>3. Alany-ige meg\u00e1llapod\u00e1s:<\/strong> L\u00e9nyeg\u00e9ben a mondatban szerepl\u0151 alanynak (f\u0151n\u00e9vnek vagy n\u00e9vm\u00e1snak) \u00e9s ig\u00e9nek meg kell egyeznie sz\u00e1mban &#8211; egyes vagy t\u00f6bbes sz\u00e1mban. P\u00e9ld\u00e1ul a &#8222;K\u00f6nyvet olvas&#8221; \u00e9s a &#8222;K\u00f6nyvet olvasnak&#8221; nyelvtanilag egyar\u00e1nt helyes.<\/p>\n\n\n\n<p><strong>4. Mondatszerkezet:<\/strong> A j\u00f3l fel\u00e9p\u00edtett mondat alanyb\u00f3l, ig\u00e9b\u0151l \u00e9s gyakran t\u00e1rgyb\u00f3l \u00e1ll. A mondatok lehetnek egyszer\u0171ek (egy f\u00fcggetlen mell\u00e9kmondat), \u00f6sszetettek (k\u00e9t vagy t\u00f6bb f\u00fcggetlen mell\u00e9kmondat) vagy \u00f6sszetettek (egy f\u00fcggetlen mell\u00e9kmondat \u00e9s egy vagy t\u00f6bb f\u00fcgg\u0151 mell\u00e9kmondat).<\/p>\n\n\n\n<p><strong>5. \u00cdr\u00e1sjelek:<\/strong> Az \u00edr\u00e1sjelek, p\u00e9ld\u00e1ul vessz\u0151k, pontok \u00e9s pontosvessz\u0151k kritikus fontoss\u00e1g\u00faak az \u00edrott nyelv rendszerez\u00e9s\u00e9ben \u00e9s tiszt\u00e1z\u00e1s\u00e1ban. A megfelel\u0151 \u00edr\u00e1sjelek biztos\u00edtj\u00e1k, hogy \u00f6tleteit pontosan \u00e9s koherensen k\u00f6zvet\u00edts\u00e9k.<\/p>\n\n\n\n<h3 class=\"wp-block-heading\" id=\"h-tips-to-improve-your-english-grammar\">Tippek az angol nyelvtan jav\u00edt\u00e1s\u00e1hoz:<\/h3>\n\n\n\n<p>Most, hogy az angol nyelvtan alapjair\u00f3l besz\u00e9lt\u00fcnk, n\u00e9zz\u00fck meg, hogyan lehet hat\u00e9konyan csiszolni a k\u00e9szs\u00e9geidet:<\/p>\n\n\n\n<p><strong>1. Olvassa el rendszeresen:<\/strong> Az olvas\u00e1s kiv\u00e1l\u00f3 m\u00f3dja a megfelel\u0151 nyelvtan internaliz\u00e1l\u00e1s\u00e1nak. Min\u00e9l t\u00f6bbet tal\u00e1lkozol j\u00f3l meg\u00edrt cikkekkel, k\u00f6nyvekkel vagy essz\u00e9kkel, ann\u00e1l jobban meg\u00e9rted a szab\u00e1lyokat \u00e9s a szerkezetet.<\/p>\n\n\n\n<p><strong>2. Gyakorolja az \u00edr\u00e1st:<\/strong> A rendszeres \u00edr\u00e1s lehet\u0151v\u00e9 teszi nyelvtani ismereteinek alkalmaz\u00e1s\u00e1t \u00e9s azon ter\u00fcletek azonos\u00edt\u00e1s\u00e1t, ahol fejleszt\u00e9sre van sz\u00fcks\u00e9ge. Fontolja meg napl\u00f3 vezet\u00e9s\u00e9t vagy blog ind\u00edt\u00e1s\u00e1t \u00edr\u00e1si k\u00e9szs\u00e9geinek fejleszt\u00e9se \u00e9rdek\u00e9ben.<\/p>\n\n\n\n<p><strong>3. Tanulm\u00e1nyozza a nyelvtani forr\u00e1sokat:<\/strong> Szerezzen be n\u00e9h\u00e1ny j\u00f3 h\u00edr\u0171 nyelvtani k\u00f6nyvet, webhelyet vagy alkalmaz\u00e1st, hogy elm\u00e9ly\u00edtse a szab\u00e1lyok meg\u00e9rt\u00e9s\u00e9t. Ezeknek az anyagoknak a rendszeres \u00e1ttekint\u00e9se seg\u00edt megszil\u00e1rd\u00edtani tud\u00e1s\u00e1t.<\/p>\n\n\n\n<p><strong>4. K\u00e9rjen visszajelz\u00e9st:<\/strong> Vegye fel a kapcsolatot m\u00e1sokkal, hogy konstrukt\u00edv kritik\u00e1t kapjon az \u00edrott \u00e9s besz\u00e9lt angol nyelvr\u0151l. Ez t\u00f6rt\u00e9nhet online f\u00f3rumokon, nyelvcsere-csoportokon vagy angolul j\u00e1rtas bar\u00e1tokon \u00e9s koll\u00e9g\u00e1kon kereszt\u00fcl.<\/p>\n\n\n\n<p><strong>5. Legyen t\u00fcrelmes \u00e9s kitart\u00f3:<\/strong> A nyelvtan tanul\u00e1sa fokozatos folyamat, amely id\u0151t \u00e9s er\u0151fesz\u00edt\u00e9st ig\u00e9nyel. Maradj elk\u00f6telezett, gyakorolj tov\u00e1bb, \u00e9s \u00fcnnepeld a fejl\u0151d\u00e9sedet.<\/p>\n\n\n\n<h3 class=\"wp-block-heading\" id=\"h-conclusion\">K\u00f6vetkeztet\u00e9s:<\/h3>\n\n\n\n<p>Az angol nyelvtan elsaj\u00e1t\u00edt\u00e1sa elengedhetetlen l\u00e9pcs\u0151fok a foly\u00e9konys\u00e1g fel\u00e9 vezet\u0151 \u00faton. Ha meg\u00e9rti a nyelv fontoss\u00e1g\u00e1t, megismerkedik a legfontosabb alapelvekkel, \u00e9s akt\u00edvan gyakorol, hamarosan er\u0151s nyelvtud\u00e1sra tesz szert. Ne feledje, hogy R\u00f3ma sem egy nap alatt \u00e9p\u00fclt &#8211; maradjon t\u00fcrelmes, sz\u00f3rakozzon, \u00e9s \u00e9lvezze az utat a kifog\u00e1stalan nyelvtan fel\u00e9!<\/p>\n<\/div><\/div>\n\r\n<section class=\"learnNavigationSection\">\r\n            \r\n        <a href=\"https:\/\/talkpal.ai\/hu\/angolul-tanulni\/\">\r\n            <div class=\"learnNavigationWrapper\">\r\n                <div class=\"learnNavigationContent\">\r\n                    <img decoding=\"async\" src=\"https:\/\/talkpal.ai\/wp-content\/uploads\/2024\/08\/English.jpg\" alt=\"English Flag\">\r\n                    <div>\r\n                        <h4>Az angol tanul\u00e1sr\u00f3l<\/h4>\r\n                        <p>Tudj meg mindent az angol nyelvtanr\u00f3l.<\/p>\r\n                    <\/div>\r\n                <\/div>\r\n            <\/div>\r\n        <\/a>\r\n\r\n        \r\n        <a href=\"https:\/\/talkpal.ai\/hu\/angol-nyelvtani-gyakorlatok\/\">\r\n            <div class=\"learnNavigationWrapper\">\r\n                <div class=\"learnNavigationContent\">\r\n                    <img decoding=\"async\" src=\"https:\/\/talkpal.ai\/wp-content\/uploads\/2024\/08\/English.jpg\" alt=\"English Flag\">\r\n                    <div>\r\n                        <h4>Angol nyelvtani gyakorlatok<\/h4>\r\n                        <p>Gyakorolja az angol nyelvet nyelvtan.<\/p>\r\n                    <\/div>\r\n                <\/div>\r\n            <\/div>\r\n        <\/a>\r\n\r\n        \r\n        <a href=\"https:\/\/talkpal.ai\/vocabulary_language\/english\/\">\r\n            <div class=\"learnNavigationWrapper\">\r\n                <div class=\"learnNavigationContent\">\r\n                    <img decoding=\"async\" src=\"https:\/\/talkpal.ai\/wp-content\/uploads\/2024\/08\/English.jpg\" alt=\"English Flag\">\r\n                    <div>\r\n                        <h4>Angol sz\u00f3kincs<\/h4>\r\n                        <p>B\u0151v\u00edtse angol sz\u00f3kincs\u00e9t.<\/p>\r\n                    <\/div>\r\n                <\/div>\r\n            <\/div>\r\n        <\/a>\r\n\r\n            <\/section>","protected":false},"excerpt":{"rendered":"<p>Az angol nyelvtan fontoss\u00e1ga: \u00fatmutat\u00f3 a szab\u00e1lyok \u00e9s elvek elsaj\u00e1t\u00edt\u00e1s\u00e1hoz Mivel az angol az egyik legjelent\u0151sebb nyelv, amelyet vil\u00e1gszerte besz\u00e9lnek, nem meglep\u0151, hogy az emberek sz\u00edvesen fejlesztik foly\u00e9konyan a nyelvtud\u00e1sukat \u00e9s a nyelvtud\u00e1sukat. Az angol nyelv elsaj\u00e1t\u00edt\u00e1s\u00e1nak egyik kulcsfontoss\u00e1g\u00fa szempontja a nyelvtan meg\u00e9rt\u00e9se. De mi\u00e9rt olyan fontos a nyelvtan, \u00e9s hogyan lehet hat\u00e9konyan megtanulni? Ebben [&hellip;]<\/p>\n","protected":false},"author":1,"featured_media":64488,"parent":0,"menu_order":0,"comment_status":"closed","ping_status":"closed","template":"LearningContentPage.php","meta":{"_acf_changed":false,"footnotes":""},"class_list":["post-91829","page","type-page","status-publish","has-post-thumbnail","hentry"],"acf":[],"yoast_head":"<!-- This site is optimized with the Yoast SEO Premium plugin v27.2 (Yoast SEO v27.2) - https:\/\/yoast.com\/product\/yoast-seo-premium-wordpress\/ -->\n<title>Angol nyelvtan - Talkpal<\/title>\n<meta name=\"description\" content=\"Jav\u00edtsa angol nyelvtani k\u00e9szs\u00e9geit k\u00f6nnyed\u00e9n a k\u00f6vetkez\u0151 eszk\u00f6z\u00f6kkel TalkpalAI-alap\u00fa nyelvtanul\u00e1si alkalmaz\u00e1ssal.\" \/>\n<meta name=\"robots\" content=\"index, follow, max-snippet:-1, max-image-preview:large, max-video-preview:-1\" \/>\n<link rel=\"canonical\" href=\"https:\/\/talkpal.ai\/hu\/angol-nyelvtan\/\" \/>\n<meta property=\"og:locale\" content=\"hu_HU\" \/>\n<meta property=\"og:type\" content=\"article\" \/>\n<meta property=\"og:title\" content=\"Angol nyelvtan\" \/>\n<meta property=\"og:description\" content=\"Az angol nyelvtan fontoss\u00e1ga: \u00fatmutat\u00f3 a szab\u00e1lyok \u00e9s elvek elsaj\u00e1t\u00edt\u00e1s\u00e1hoz Mivel az angol az egyik legjelent\u0151sebb nyelv, amelyet vil\u00e1gszerte besz\u00e9lnek,\" \/>\n<meta property=\"og:url\" content=\"https:\/\/talkpal.ai\/hu\/angol-nyelvtan\/\" \/>\n<meta property=\"og:site_name\" content=\"Talkpal\" \/>\n<meta property=\"article:publisher\" content=\"https:\/\/www.facebook.com\/profile.php?id=100090733639311\" \/>\n<meta property=\"article:modified_time\" content=\"2025-05-22T19:27:08+00:00\" \/>\n<meta property=\"og:image\" content=\"https:\/\/talkpal.ai\/wp-content\/uploads\/2023\/03\/united-kingdom.png\" \/>\n\t<meta property=\"og:image:width\" content=\"512\" \/>\n\t<meta property=\"og:image:height\" content=\"512\" \/>\n\t<meta property=\"og:image:type\" content=\"image\/png\" \/>\n<meta name=\"twitter:card\" content=\"summary_large_image\" \/>\n<meta name=\"twitter:site\" content=\"@talkpalai\" \/>\n<meta name=\"twitter:label1\" content=\"Becs\u00fclt olvas\u00e1si id\u0151\" \/>\n\t<meta name=\"twitter:data1\" content=\"4 perc\" \/>\n<script type=\"application\/ld+json\" class=\"yoast-schema-graph\">{\"@context\":\"https:\/\/schema.org\",\"@graph\":[{\"@type\":\"WebPage\",\"@id\":\"https:\/\/talkpal.ai\/hu\/angol-nyelvtan\/\",\"url\":\"https:\/\/talkpal.ai\/hu\/angol-nyelvtan\/\",\"name\":\"Angol nyelvtan - Talkpal\",\"isPartOf\":{\"@id\":\"https:\/\/talkpal.ai\/hu\/#website\"},\"primaryImageOfPage\":{\"@id\":\"https:\/\/talkpal.ai\/hu\/angol-nyelvtan\/#primaryimage\"},\"image\":{\"@id\":\"https:\/\/talkpal.ai\/hu\/angol-nyelvtan\/#primaryimage\"},\"thumbnailUrl\":\"https:\/\/talkpal.ai\/wp-content\/uploads\/2023\/03\/united-kingdom.png\",\"datePublished\":\"2023-03-25T16:57:06+00:00\",\"dateModified\":\"2025-05-22T19:27:08+00:00\",\"description\":\"Jav\u00edtsa angol nyelvtani k\u00e9szs\u00e9geit k\u00f6nnyed\u00e9n a k\u00f6vetkez\u0151 eszk\u00f6z\u00f6kkel TalkpalAI-alap\u00fa nyelvtanul\u00e1si alkalmaz\u00e1ssal.\",\"breadcrumb\":{\"@id\":\"https:\/\/talkpal.ai\/hu\/angol-nyelvtan\/#breadcrumb\"},\"inLanguage\":\"hu\",\"potentialAction\":[{\"@type\":\"ReadAction\",\"target\":[\"https:\/\/talkpal.ai\/hu\/angol-nyelvtan\/\"]}]},{\"@type\":\"ImageObject\",\"inLanguage\":\"hu\",\"@id\":\"https:\/\/talkpal.ai\/hu\/angol-nyelvtan\/#primaryimage\",\"url\":\"https:\/\/talkpal.ai\/wp-content\/uploads\/2023\/03\/united-kingdom.png\",\"contentUrl\":\"https:\/\/talkpal.ai\/wp-content\/uploads\/2023\/03\/united-kingdom.png\",\"width\":512,\"height\":512,\"caption\":\"TalkPal AI learn English\"},{\"@type\":\"BreadcrumbList\",\"@id\":\"https:\/\/talkpal.ai\/hu\/angol-nyelvtan\/#breadcrumb\",\"itemListElement\":[{\"@type\":\"ListItem\",\"position\":1,\"name\":\"Homepage\",\"item\":\"https:\/\/talkpal.ai\/hu\/\"},{\"@type\":\"ListItem\",\"position\":2,\"name\":\"Angol nyelvtan\"}]},{\"@type\":\"WebSite\",\"@id\":\"https:\/\/talkpal.ai\/hu\/#website\",\"url\":\"https:\/\/talkpal.ai\/hu\/\",\"name\":\"Talkpal\",\"description\":\"AI Language Learning\",\"publisher\":{\"@id\":\"https:\/\/talkpal.ai\/hu\/#organization\"},\"alternateName\":\"Talkpal AI\",\"potentialAction\":[{\"@type\":\"SearchAction\",\"target\":{\"@type\":\"EntryPoint\",\"urlTemplate\":\"https:\/\/talkpal.ai\/hu\/?s={search_term_string}\"},\"query-input\":{\"@type\":\"PropertyValueSpecification\",\"valueRequired\":true,\"valueName\":\"search_term_string\"}}],\"inLanguage\":\"hu\"},{\"@type\":\"Organization\",\"@id\":\"https:\/\/talkpal.ai\/hu\/#organization\",\"name\":\"Talkpal, Inc.\",\"alternateName\":\"Talkpal AI\",\"url\":\"https:\/\/talkpal.ai\/hu\/\",\"logo\":{\"@type\":\"ImageObject\",\"inLanguage\":\"hu\",\"@id\":\"https:\/\/talkpal.ai\/hu\/#\/schema\/logo\/image\/\",\"url\":\"https:\/\/talkpal.ai\/wp-content\/uploads\/2024\/03\/Talkpal-Logo-Icon.png\",\"contentUrl\":\"https:\/\/talkpal.ai\/wp-content\/uploads\/2024\/03\/Talkpal-Logo-Icon.png\",\"width\":2880,\"height\":2880,\"caption\":\"Talkpal, Inc.\"},\"image\":{\"@id\":\"https:\/\/talkpal.ai\/hu\/#\/schema\/logo\/image\/\"},\"sameAs\":[\"https:\/\/www.facebook.com\/profile.php?id=100090733639311\",\"https:\/\/x.com\/talkpalai\",\"https:\/\/www.linkedin.com\/company\/talkpal\/\",\"https:\/\/www.youtube.com\/@TalkPal\/\",\"https:\/\/www.tiktok.com\/@talkpal\",\"https:\/\/www.instagram.com\/talkpal_ai\/\",\"https:\/\/www.crunchbase.com\/organization\/talkpal-9cde\",\"https:\/\/www.g2.com\/products\/talkpal-for-business\/\",\"https:\/\/www.trustpilot.com\/review\/talkpal.ai\",\"https:\/\/www.capterra.com\/p\/10006800\/TalkPal\/\"],\"description\":\"Talkpal is a language learning web and mobile education app, powered by the latest AI technologies, that provides engaging experiences to its customers in many different languages to help them improve their language skills. Users can chat about unlimited amount of topics with the app and use other modes to practice their language learning.\",\"email\":\"support@talkpal.ai\",\"legalName\":\"Talkpal, Inc.\",\"foundingDate\":\"2023-04-03\",\"duns\":\"118989042\",\"numberOfEmployees\":{\"@type\":\"QuantitativeValue\",\"minValue\":\"11\",\"maxValue\":\"50\"},\"publishingPrinciples\":\"https:\/\/talkpal.ai\/publishing-principles\/\",\"actionableFeedbackPolicy\":\"https:\/\/talkpal.ai\/actionable-feedback-policy\/\",\"correctionsPolicy\":\"https:\/\/talkpal.ai\/corrections-policy\/\",\"ethicsPolicy\":\"https:\/\/talkpal.ai\/ethics-policy\/\",\"diversityPolicy\":\"https:\/\/talkpal.ai\/diversity-policy\/\",\"diversityStaffingReport\":\"https:\/\/talkpal.ai\/diversity-policy\/\"}]}<\/script>\n<!-- \/ Yoast SEO Premium plugin. -->","yoast_head_json":{"title":"Angol nyelvtan - Talkpal","description":"Jav\u00edtsa angol nyelvtani k\u00e9szs\u00e9geit k\u00f6nnyed\u00e9n a k\u00f6vetkez\u0151 eszk\u00f6z\u00f6kkel TalkpalAI-alap\u00fa nyelvtanul\u00e1si alkalmaz\u00e1ssal.","robots":{"index":"index","follow":"follow","max-snippet":"max-snippet:-1","max-image-preview":"max-image-preview:large","max-video-preview":"max-video-preview:-1"},"canonical":"https:\/\/talkpal.ai\/hu\/angol-nyelvtan\/","og_locale":"hu_HU","og_type":"article","og_title":"Angol nyelvtan","og_description":"Az angol nyelvtan fontoss\u00e1ga: \u00fatmutat\u00f3 a szab\u00e1lyok \u00e9s elvek elsaj\u00e1t\u00edt\u00e1s\u00e1hoz Mivel az angol az egyik legjelent\u0151sebb nyelv, amelyet vil\u00e1gszerte besz\u00e9lnek,","og_url":"https:\/\/talkpal.ai\/hu\/angol-nyelvtan\/","og_site_name":"Talkpal","article_publisher":"https:\/\/www.facebook.com\/profile.php?id=100090733639311","article_modified_time":"2025-05-22T19:27:08+00:00","og_image":[{"width":512,"height":512,"url":"https:\/\/talkpal.ai\/wp-content\/uploads\/2023\/03\/united-kingdom.png","type":"image\/png"}],"twitter_card":"summary_large_image","twitter_site":"@talkpalai","twitter_misc":{"Becs\u00fclt olvas\u00e1si id\u0151":"4 perc"},"schema":{"@context":"https:\/\/schema.org","@graph":[{"@type":"WebPage","@id":"https:\/\/talkpal.ai\/hu\/angol-nyelvtan\/","url":"https:\/\/talkpal.ai\/hu\/angol-nyelvtan\/","name":"Angol nyelvtan - Talkpal","isPartOf":{"@id":"https:\/\/talkpal.ai\/hu\/#website"},"primaryImageOfPage":{"@id":"https:\/\/talkpal.ai\/hu\/angol-nyelvtan\/#primaryimage"},"image":{"@id":"https:\/\/talkpal.ai\/hu\/angol-nyelvtan\/#primaryimage"},"thumbnailUrl":"https:\/\/talkpal.ai\/wp-content\/uploads\/2023\/03\/united-kingdom.png","datePublished":"2023-03-25T16:57:06+00:00","dateModified":"2025-05-22T19:27:08+00:00","description":"Jav\u00edtsa angol nyelvtani k\u00e9szs\u00e9geit k\u00f6nnyed\u00e9n a k\u00f6vetkez\u0151 eszk\u00f6z\u00f6kkel TalkpalAI-alap\u00fa nyelvtanul\u00e1si alkalmaz\u00e1ssal.","breadcrumb":{"@id":"https:\/\/talkpal.ai\/hu\/angol-nyelvtan\/#breadcrumb"},"inLanguage":"hu","potentialAction":[{"@type":"ReadAction","target":["https:\/\/talkpal.ai\/hu\/angol-nyelvtan\/"]}]},{"@type":"ImageObject","inLanguage":"hu","@id":"https:\/\/talkpal.ai\/hu\/angol-nyelvtan\/#primaryimage","url":"https:\/\/talkpal.ai\/wp-content\/uploads\/2023\/03\/united-kingdom.png","contentUrl":"https:\/\/talkpal.ai\/wp-content\/uploads\/2023\/03\/united-kingdom.png","width":512,"height":512,"caption":"TalkPal AI learn English"},{"@type":"BreadcrumbList","@id":"https:\/\/talkpal.ai\/hu\/angol-nyelvtan\/#breadcrumb","itemListElement":[{"@type":"ListItem","position":1,"name":"Homepage","item":"https:\/\/talkpal.ai\/hu\/"},{"@type":"ListItem","position":2,"name":"Angol nyelvtan"}]},{"@type":"WebSite","@id":"https:\/\/talkpal.ai\/hu\/#website","url":"https:\/\/talkpal.ai\/hu\/","name":"Talkpal","description":"AI Language Learning","publisher":{"@id":"https:\/\/talkpal.ai\/hu\/#organization"},"alternateName":"Talkpal AI","potentialAction":[{"@type":"SearchAction","target":{"@type":"EntryPoint","urlTemplate":"https:\/\/talkpal.ai\/hu\/?s={search_term_string}"},"query-input":{"@type":"PropertyValueSpecification","valueRequired":true,"valueName":"search_term_string"}}],"inLanguage":"hu"},{"@type":"Organization","@id":"https:\/\/talkpal.ai\/hu\/#organization","name":"Talkpal, Inc.","alternateName":"Talkpal AI","url":"https:\/\/talkpal.ai\/hu\/","logo":{"@type":"ImageObject","inLanguage":"hu","@id":"https:\/\/talkpal.ai\/hu\/#\/schema\/logo\/image\/","url":"https:\/\/talkpal.ai\/wp-content\/uploads\/2024\/03\/Talkpal-Logo-Icon.png","contentUrl":"https:\/\/talkpal.ai\/wp-content\/uploads\/2024\/03\/Talkpal-Logo-Icon.png","width":2880,"height":2880,"caption":"Talkpal, Inc."},"image":{"@id":"https:\/\/talkpal.ai\/hu\/#\/schema\/logo\/image\/"},"sameAs":["https:\/\/www.facebook.com\/profile.php?id=100090733639311","https:\/\/x.com\/talkpalai","https:\/\/www.linkedin.com\/company\/talkpal\/","https:\/\/www.youtube.com\/@TalkPal\/","https:\/\/www.tiktok.com\/@talkpal","https:\/\/www.instagram.com\/talkpal_ai\/","https:\/\/www.crunchbase.com\/organization\/talkpal-9cde","https:\/\/www.g2.com\/products\/talkpal-for-business\/","https:\/\/www.trustpilot.com\/review\/talkpal.ai","https:\/\/www.capterra.com\/p\/10006800\/TalkPal\/"],"description":"Talkpal is a language learning web and mobile education app, powered by the latest AI technologies, that provides engaging experiences to its customers in many different languages to help them improve their language skills. Users can chat about unlimited amount of topics with the app and use other modes to practice their language learning.","email":"support@talkpal.ai","legalName":"Talkpal, Inc.","foundingDate":"2023-04-03","duns":"118989042","numberOfEmployees":{"@type":"QuantitativeValue","minValue":"11","maxValue":"50"},"publishingPrinciples":"https:\/\/talkpal.ai\/publishing-principles\/","actionableFeedbackPolicy":"https:\/\/talkpal.ai\/actionable-feedback-policy\/","correctionsPolicy":"https:\/\/talkpal.ai\/corrections-policy\/","ethicsPolicy":"https:\/\/talkpal.ai\/ethics-policy\/","diversityPolicy":"https:\/\/talkpal.ai\/diversity-policy\/","diversityStaffingReport":"https:\/\/talkpal.ai\/diversity-policy\/"}]}},"_links":{"self":[{"href":"https:\/\/talkpal.ai\/hu\/wp-json\/wp\/v2\/pages\/91829","targetHints":{"allow":["GET"]}}],"collection":[{"href":"https:\/\/talkpal.ai\/hu\/wp-json\/wp\/v2\/pages"}],"about":[{"href":"https:\/\/talkpal.ai\/hu\/wp-json\/wp\/v2\/types\/page"}],"author":[{"embeddable":true,"href":"https:\/\/talkpal.ai\/hu\/wp-json\/wp\/v2\/users\/1"}],"replies":[{"embeddable":true,"href":"https:\/\/talkpal.ai\/hu\/wp-json\/wp\/v2\/comments?post=91829"}],"version-history":[{"count":0,"href":"https:\/\/talkpal.ai\/hu\/wp-json\/wp\/v2\/pages\/91829\/revisions"}],"wp:featuredmedia":[{"embeddable":true,"href":"https:\/\/talkpal.ai\/hu\/wp-json\/wp\/v2\/media\/64488"}],"wp:attachment":[{"href":"https:\/\/talkpal.ai\/hu\/wp-json\/wp\/v2\/media?parent=91829"}],"curies":[{"name":"wp","href":"https:\/\/api.w.org\/{rel}","templated":true}]}}