{"id":75039,"date":"2023-05-14T14:08:53","date_gmt":"2023-05-14T14:08:53","guid":{"rendered":"http:\/\/talkpal.ai\/magyar-nyelvtan\/"},"modified":"2025-12-12T10:47:00","modified_gmt":"2025-12-12T10:47:00","slug":"magyar-nyelvtan","status":"publish","type":"page","link":"https:\/\/talkpal.ai\/hu\/magyar-nyelvtan\/","title":{"rendered":"Magyar nyelvtan"},"content":{"rendered":"\r\n\r\n\r\n<section class=\"languageChallengeSection\">\r\n    <div class=\"languageInfoWrapper\">\r\n        \r\n        <h1>Magyar nyelvtan<\/h1>\r\n        <p>K\u00e9szen \u00e1llsz egy igaz\u00e1n egyed\u00fcl\u00e1ll\u00f3 nyelvi kih\u00edv\u00e1sra? Mer\u00fclj\u00f6n el a <a href=\"https:\/\/talkpal.ai\/learn-hungarian\/\">magyar<\/a> nyelvtanban, \u00e9s fedezze fel annak figyelemre m\u00e9lt\u00f3 jellemz\u0151it. Kezdje el a tanul\u00e1st m\u00e9g ma, \u00e9s fedezze fel, hogy a <a href=\"https:\/\/talkpal.ai\/hungarian-grammar\/\">magyar nyelvtan<\/a> elsaj\u00e1t\u00edt\u00e1sa hogyan nyit ajt\u00f3t az \u00e9rtelmes besz\u00e9lget\u00e9sekhez \u00e9s Magyarorsz\u00e1g gazdag nyelvi \u00f6r\u00f6ks\u00e9g\u00e9nek m\u00e9ly megbecs\u00fcl\u00e9s\u00e9hez!<\/p>\r\n\r\n                            <a class=\"getStartedHidden\" href=\"https:\/\/app.talkpal.ai\/hu\/signup?lng=\">Kezdj\u00fck<\/a>\r\n        \r\n    <\/div>\r\n\r\n    <figure>\r\n    <img decoding=\"async\" width=\"768\" height=\"768\" src=\"https:\/\/talkpal.ai\/wp-content\/uploads\/2023\/06\/hungarian-768x768.png\" class=\"languageImage no-lazy\" alt=\"Language learning strategies for advanced learners\" fetchpriority=\"high\" sizes=\"(max-width: 768px) 150px, 768px\" srcset=\"https:\/\/talkpal.ai\/wp-content\/uploads\/2023\/06\/hungarian-768x768.png 768w, https:\/\/talkpal.ai\/wp-content\/uploads\/2023\/06\/hungarian-300x300.png 300w\" \/>\r\n    \r\n\r\n    <\/figure>\r\n\r\n            <a class=\"getStartedVisible\" href=\"https:\/\/app.talkpal.ai\/hu\/signup?lng=\">Kezdj\u00fck<\/a>\r\n    \r\n<\/section>\r\n<section class=\"promotionalBanner\">\r\n    <p class=\"promotionalText\">A nyelvtanul\u00e1s leghat\u00e9konyabb m\u00f3dja<\/p>\r\n    <a class=\"promotionalLink\" href=\"https:\/\/app.talkpal.ai\/hu\/signup?lng=\">Pr\u00f3b\u00e1lja ki a Talkpal ingyen<\/a>\r\n<\/section>\n<div class=\"wp-block-group pageContainerStyle\"><div class=\"wp-block-group__inner-container is-layout-constrained wp-block-group-is-layout-constrained\">\n<h2 class=\"wp-block-heading\" id=\"h-title-unlocking-the-secrets-of-hungarian-grammar\">C\u00edm: A magyar nyelvtan titkainak felt\u00e1r\u00e1sa<\/h2>\n\n\n\n<p>A finnugor nyelv, a magyar kiemelkedik egyedi nyelvtani rendszer\u00e9vel, <a href=\"https:\/\/talkpal.ai\/locations\/language-courses-in-ami\/\">ami<\/a> leny\u0171g\u00f6z\u0151 kih\u00edv\u00e1st jelent a <a href=\"https:\/\/talkpal.ai\/talkpal-discount-for-language-enthusiasts\/\">nyelvrajong\u00f3k<\/a> sz\u00e1m\u00e1ra. A magyar nyelvtanul\u00e1s nemcsak a nyelvi ismereteket b\u0151v\u00edti, hanem lehet\u0151v\u00e9 teszi, hogy elm\u00e9ly\u00fclj\u00f6n Magyarorsz\u00e1g mag\u00e1val ragad\u00f3 kult\u00far\u00e1j\u00e1ban \u00e9s t\u00f6rt\u00e9nelm\u00e9ben. B\u00e1r a magyar <a href=\"https:\/\/talkpal.ai\/grammar\/\">nyelvtan<\/a> els\u0151re ijeszt\u0151nek t\u0171nhet, kezelhet\u0151 \u00f6sszetev\u0151kre bontva k\u00f6nnyebben megk\u00f6zel\u00edthet\u0151v\u00e9 teszi a tanul\u00e1si folyamatot. Ebben a cikkben bemutatjuk a magyar nyelvtan \u00e9rdekes vil\u00e1g\u00e1t, \u00e9s \u00fatmutat\u00e1st adunk a nyelvtan bonyolults\u00e1g\u00e1nak elsaj\u00e1t\u00edt\u00e1s\u00e1hoz.<\/p>\n\n\n\n<h3 class=\"wp-block-heading\" id=\"h-1-word-order-a-flexible-feature\">1. Sz\u00f3rend (Sz\u00f3rend \u2013 rugalmas funkci\u00f3)<\/h3>\n\n\n\n<p>Sok m\u00e1s nyelvt\u0151l elt\u00e9r\u0151en a magyar viszonylag rugalmas sz\u00f3renddel rendelkezik. M\u00edg a tipikus magyar mondat az SVO (Subject-Verb-Object) mint\u00e1t k\u00f6veti, m\u00e1s sz\u00f3rendek is gyakoriak, \u00e9s a mondat k\u00fcl\u00f6nb\u00f6z\u0151 r\u00e9szeinek hangs\u00falyoz\u00e1s\u00e1ra szolg\u00e1lnak. Ezeknek a v\u00e1ltozatoknak a megismer\u00e9se lehet\u0151v\u00e9 teszi a magyar mondatok hat\u00e9konyabb meg\u00e9rt\u00e9s\u00e9t \u00e9s fel\u00e9p\u00edt\u00e9s\u00e9t.<\/p>\n\n\n\n<h3 class=\"wp-block-heading\" id=\"h-2-nouns-and-cases-the-role-of-suffixes\">2. F\u0151nevek \u00e9s esetek: az ut\u00f3tagok szerepe<\/h3>\n\n\n\n<p>A magyar f\u0151neveknek nincs nyelvtani neme, ami egyszer\u0171s\u00edti a mondatszerkeszt\u00e9st. A magyar nyelvtanban azonban a f\u0151nevek \u00e9s a besz\u00e9d m\u00e1s r\u00e9szei rengeteg ut\u00f3tagot haszn\u00e1lnak az esetek, a birtokl\u00e1s \u00e9s a t\u00f6bbes sz\u00e1m jelz\u00e9s\u00e9re. Ezeknek az ut\u00f3tagoknak \u00e9s haszn\u00e1latuknak a megtanul\u00e1sa nagyban jav\u00edtja a magyar nyelv\u0171 kommunik\u00e1ci\u00f3s k\u00e9pess\u00e9get.<\/p>\n\n\n\n<p>P\u00e9ld\u00e1k:<\/p>\n\n\n\n<p><strong>&#8211; h\u00e1z (h\u00e1z) &#8211; h\u00e1zak (h\u00e1zak)<\/strong><\/p>\n\n\n\n<p><strong>&#8211; h\u00e1zban (a h\u00e1zban) &#8211; h\u00e1zakban (a h\u00e1zakban)<\/strong><\/p>\n\n\n\n<h3 class=\"wp-block-heading\" id=\"h-3-verbs-conjugation-and-tense\">3. Ig\u00e9k: ragoz\u00e1s \u00e9s fesz\u00fclts\u00e9g<\/h3>\n\n\n\n<p>A magyar ig\u00e9ket igeid\u0151, hangulat, alany \u00e9s hat\u00e1rozotts\u00e1g szerint ragozz\u00e1k. B\u00e1r a magyar nyelvben t\u00f6bbf\u00e9le igeid\u0151 l\u00e9tezik, a h\u00e1rom f\u0151 igeid\u0151 &#8211; jelen, m\u00falt \u00e9s j\u00f6v\u0151 &#8211; megtanul\u00e1sa j\u00f3 kiindul\u00f3pont. Ismerkedjen meg a rendszeres igeragoz\u00e1si mint\u00e1kkal, \u00e9s tanulja meg a gyakori szab\u00e1lytalan ig\u00e9ket, hogy n\u00f6velje verb\u00e1lis kommunik\u00e1ci\u00f3s k\u00e9szs\u00e9geit.<\/p>\n\n\n\n<h3 class=\"wp-block-heading\" id=\"h-4-adjectives-agreement-and-placement\">4. Mell\u00e9knevek: meg\u00e1llapod\u00e1s \u00e9s elhelyez\u00e9s<\/h3>\n\n\n\n<p>A magyar nyelvtanban a mell\u00e9kneveknek meg kell egyezni\u00fck az \u00e1ltaluk sz\u00e1mszer\u0171en m\u00f3dos\u00edtott f\u0151n\u00e9vvel (egyes vagy t\u00f6bbes sz\u00e1m). A mell\u00e9kneveknek azonban nem kell megegyezni\u00fck a nyelvtani eset f\u0151nev\u00e9vel. A mell\u00e9knevek \u00e1ltal\u00e1ban megel\u0151zik a f\u0151nevet, le\u00edr\u00f3 kontextust biztos\u00edtva a mondathoz.<\/p>\n\n\n\n<p>P\u00e9ld\u00e1k:<\/p>\n\n\n\n<p><strong>&#8211; piros alma (piros alma)<\/strong><\/p>\n\n\n\n<p><strong>&#8211; sz\u00e9p vir\u00e1gok<\/strong><\/p>\n\n\n\n<h3 class=\"wp-block-heading\" id=\"h-5-vowel-harmony-a-unique-feature\">5. Mag\u00e1nhangz\u00f3 harm\u00f3nia: egyed\u00fcl\u00e1ll\u00f3 tulajdons\u00e1g<\/h3>\n\n\n\n<p>A magyar nyelvtan saj\u00e1toss\u00e1ga a mag\u00e1nhangz\u00f3-harm\u00f3nia, amely mag\u00e1ban foglalja a mag\u00e1nhangz\u00f3k szavakon bel\u00fcli megegyez\u00e9s\u00e9t. A mag\u00e1nhangz\u00f3k harm\u00f3ni\u00e1ja befoly\u00e1solja az ut\u00f3tagok kialakul\u00e1s\u00e1t \u00e9s a szavakhoz val\u00f3 csatol\u00e1s\u00e1t. A mag\u00e1nhangz\u00f3k harm\u00f3ni\u00e1j\u00e1nak meg\u00e9rt\u00e9se \u00e9s gyakorl\u00e1sa pontosabb\u00e1 \u00e9s term\u00e9szetesebb\u00e9 teszi az \u00edrott \u00e9s besz\u00e9lt magyar nyelvet.<\/p>\n\n\n\n<h3 class=\"wp-block-heading\" id=\"h-6-engaging-with-the-language\">6. A nyelv haszn\u00e1lata<\/h3>\n\n\n\n<p>A magyar nyelvtan teljes meg\u00e9rt\u00e9s\u00e9nek \u00e9s internaliz\u00e1l\u00e1s\u00e1nak leghat\u00e9konyabb m\u00f3dja a nyelvvel val\u00f3 k\u00f6vetkezetes kapcsolat. A magyar irodalom olvas\u00e1s\u00e1val, anyanyelvi filmek n\u00e9z\u00e9s\u00e9vel vagy az anyanyelvi besz\u00e9l\u0151kkel val\u00f3 akt\u00edv besz\u00e9lget\u00e9ssel meger\u0151s\u00edti nyelvtani meg\u00e9rt\u00e9s\u00e9t, mik\u00f6zben egyidej\u0171leg b\u0151v\u00edti sz\u00f3kincs\u00e9t.<\/p>\n\n\n\n<h3 class=\"wp-block-heading\" id=\"h-conclusion\">K\u00f6vetkeztet\u00e9s<\/h3>\n\n\n\n<p>B\u00e1r a magyar nyelvtan bonyolultnak t\u0171nhet, l\u00e9p\u00e9sr\u0151l l\u00e9p\u00e9sre megk\u00f6zel\u00edtve \u00e9s k\u00f6vetkezetesen gyakorolva seg\u00edt abban, hogy j\u00e1rtass\u00e1 v\u00e1ljon ebben a leny\u0171g\u00f6z\u0151 nyelvben. Fogadd el a kih\u00edv\u00e1st, amikor elindulsz a magyar nyelvi utaz\u00e1son, \u00e9s hamarosan magabiztosan fogsz eligazodni a nyelvtan rejtelmeiben. Kellemes tanul\u00e1st \u00e9s \u00e9lvezze a magyar nyelvtan csod\u00e1inak felfedez\u00e9s\u00e9t!<\/p>\n<\/div><\/div>\n\r\n<section class=\"learnNavigationSection\">\r\n            \r\n        <a href=\"https:\/\/talkpal.ai\/hu\/magyarul-tanulni\/\">\r\n            <div class=\"learnNavigationWrapper\">\r\n                <div class=\"learnNavigationContent\">\r\n                    <img decoding=\"async\" src=\"https:\/\/talkpal.ai\/wp-content\/uploads\/2024\/08\/Hungarian.jpg\" alt=\"Hungarian Flag\">\r\n                    <div>\r\n                        <h4>A magyar tanul\u00e1sr\u00f3l<\/h4>\r\n                        <p>Tudjon meg mindent a magyarr\u00f3l nyelvtan.<\/p>\r\n                    <\/div>\r\n                <\/div>\r\n            <\/div>\r\n        <\/a>\r\n\r\n        \r\n        <a href=\"https:\/\/talkpal.ai\/hu\/magyar-nyelvtani-gyakorlatok\/\">\r\n            <div class=\"learnNavigationWrapper\">\r\n                <div class=\"learnNavigationContent\">\r\n                    <img decoding=\"async\" src=\"https:\/\/talkpal.ai\/wp-content\/uploads\/2024\/08\/Hungarian.jpg\" alt=\"Hungarian Flag\">\r\n                    <div>\r\n                        <h4>Magyar nyelvtani gyakorlat<\/h4>\r\n                        <p>Gyakorlat magyar nyelvtan.<\/p>\r\n                    <\/div>\r\n                <\/div>\r\n            <\/div>\r\n        <\/a>\r\n\r\n        \r\n        <a href=\"https:\/\/talkpal.ai\/vocabulary_language\/hungarian\/\">\r\n            <div class=\"learnNavigationWrapper\">\r\n                <div class=\"learnNavigationContent\">\r\n                    <img decoding=\"async\" src=\"https:\/\/talkpal.ai\/wp-content\/uploads\/2024\/08\/Hungarian.jpg\" alt=\"Hungarian Flag\">\r\n                    <div>\r\n                        <h4>Magyar sz\u00f3kincs<\/h4>\r\n                        <p>B\u0151v\u00edtse magyar sz\u00f3kincs\u00e9t.<\/p>\r\n                    <\/div>\r\n                <\/div>\r\n            <\/div>\r\n        <\/a>\r\n\r\n            <\/section>","protected":false},"excerpt":{"rendered":"<p>C\u00edm: A magyar nyelvtan titkainak felt\u00e1r\u00e1sa A finnugor nyelv, a magyar kiemelkedik egyedi nyelvtani rendszer\u00e9vel, ami leny\u0171g\u00f6z\u0151 kih\u00edv\u00e1st jelent a nyelvrajong\u00f3k sz\u00e1m\u00e1ra. A magyar nyelvtanul\u00e1s nemcsak a nyelvi ismereteket b\u0151v\u00edti, hanem lehet\u0151v\u00e9 teszi, hogy elm\u00e9ly\u00fclj\u00f6n Magyarorsz\u00e1g mag\u00e1val ragad\u00f3 kult\u00far\u00e1j\u00e1ban \u00e9s t\u00f6rt\u00e9nelm\u00e9ben. B\u00e1r a magyar nyelvtan els\u0151re ijeszt\u0151nek t\u0171nhet, kezelhet\u0151 \u00f6sszetev\u0151kre bontva k\u00f6nnyebben megk\u00f6zel\u00edthet\u0151v\u00e9 teszi a [&hellip;]<\/p>\n","protected":false},"author":1,"featured_media":64144,"parent":0,"menu_order":0,"comment_status":"closed","ping_status":"closed","template":"LearningContentPage.php","meta":{"_acf_changed":false,"footnotes":""},"class_list":["post-75039","page","type-page","status-publish","has-post-thumbnail","hentry"],"acf":[],"yoast_head":"<!-- This site is optimized with the Yoast SEO Premium plugin v27.2 (Yoast SEO v27.2) - https:\/\/yoast.com\/product\/yoast-seo-premium-wordpress\/ -->\n<title>Magyar nyelvtan - Talkpal<\/title>\n<meta name=\"description\" content=\"A magyar nyelvtan elsaj\u00e1t\u00edt\u00e1sa - tanulj nyelvtani szab\u00e1lyokat, \u00e9s gyakorold a mondatalkot\u00e1st. Hasznos \u00fatmutat\u00e1st kaphat a Talkpal AI.\" \/>\n<meta name=\"robots\" content=\"index, follow, max-snippet:-1, max-image-preview:large, max-video-preview:-1\" \/>\n<link rel=\"canonical\" href=\"https:\/\/talkpal.ai\/hu\/magyar-nyelvtan\/\" \/>\n<meta property=\"og:locale\" content=\"hu_HU\" \/>\n<meta property=\"og:type\" content=\"article\" \/>\n<meta property=\"og:title\" content=\"Magyar nyelvtan\" \/>\n<meta property=\"og:description\" content=\"C\u00edm: A magyar nyelvtan titkainak felt\u00e1r\u00e1sa A finnugor nyelv, a magyar kiemelkedik egyedi nyelvtani rendszer\u00e9vel, ami leny\u0171g\u00f6z\u0151 kih\u00edv\u00e1st jelent a\" \/>\n<meta property=\"og:url\" content=\"https:\/\/talkpal.ai\/hu\/magyar-nyelvtan\/\" \/>\n<meta property=\"og:site_name\" content=\"Talkpal\" \/>\n<meta property=\"article:publisher\" content=\"https:\/\/www.facebook.com\/profile.php?id=100090733639311\" \/>\n<meta property=\"article:modified_time\" content=\"2025-12-12T10:47:00+00:00\" \/>\n<meta property=\"og:image\" content=\"https:\/\/talkpal.ai\/wp-content\/uploads\/2023\/05\/Hungarian.png\" \/>\n\t<meta property=\"og:image:width\" content=\"512\" \/>\n\t<meta property=\"og:image:height\" content=\"512\" \/>\n\t<meta property=\"og:image:type\" content=\"image\/png\" \/>\n<meta name=\"twitter:card\" content=\"summary_large_image\" \/>\n<meta name=\"twitter:site\" content=\"@talkpalai\" \/>\n<meta name=\"twitter:label1\" content=\"Becs\u00fclt olvas\u00e1si id\u0151\" \/>\n\t<meta name=\"twitter:data1\" content=\"3 perc\" \/>\n<script type=\"application\/ld+json\" class=\"yoast-schema-graph\">{\"@context\":\"https:\/\/schema.org\",\"@graph\":[{\"@type\":\"WebPage\",\"@id\":\"https:\/\/talkpal.ai\/hu\/magyar-nyelvtan\/\",\"url\":\"https:\/\/talkpal.ai\/hu\/magyar-nyelvtan\/\",\"name\":\"Magyar nyelvtan - Talkpal\",\"isPartOf\":{\"@id\":\"https:\/\/talkpal.ai\/hu\/#website\"},\"primaryImageOfPage\":{\"@id\":\"https:\/\/talkpal.ai\/hu\/magyar-nyelvtan\/#primaryimage\"},\"image\":{\"@id\":\"https:\/\/talkpal.ai\/hu\/magyar-nyelvtan\/#primaryimage\"},\"thumbnailUrl\":\"https:\/\/talkpal.ai\/wp-content\/uploads\/2023\/05\/Hungarian.png\",\"datePublished\":\"2023-05-14T14:08:53+00:00\",\"dateModified\":\"2025-12-12T10:47:00+00:00\",\"description\":\"A magyar nyelvtan elsaj\u00e1t\u00edt\u00e1sa - tanulj nyelvtani szab\u00e1lyokat, \u00e9s gyakorold a mondatalkot\u00e1st. Hasznos \u00fatmutat\u00e1st kaphat a Talkpal AI.\",\"breadcrumb\":{\"@id\":\"https:\/\/talkpal.ai\/hu\/magyar-nyelvtan\/#breadcrumb\"},\"inLanguage\":\"hu\",\"potentialAction\":[{\"@type\":\"ReadAction\",\"target\":[\"https:\/\/talkpal.ai\/hu\/magyar-nyelvtan\/\"]}]},{\"@type\":\"ImageObject\",\"inLanguage\":\"hu\",\"@id\":\"https:\/\/talkpal.ai\/hu\/magyar-nyelvtan\/#primaryimage\",\"url\":\"https:\/\/talkpal.ai\/wp-content\/uploads\/2023\/05\/Hungarian.png\",\"contentUrl\":\"https:\/\/talkpal.ai\/wp-content\/uploads\/2023\/05\/Hungarian.png\",\"width\":512,\"height\":512},{\"@type\":\"BreadcrumbList\",\"@id\":\"https:\/\/talkpal.ai\/hu\/magyar-nyelvtan\/#breadcrumb\",\"itemListElement\":[{\"@type\":\"ListItem\",\"position\":1,\"name\":\"Homepage\",\"item\":\"https:\/\/talkpal.ai\/hu\/\"},{\"@type\":\"ListItem\",\"position\":2,\"name\":\"Magyar nyelvtan\"}]},{\"@type\":\"WebSite\",\"@id\":\"https:\/\/talkpal.ai\/hu\/#website\",\"url\":\"https:\/\/talkpal.ai\/hu\/\",\"name\":\"Talkpal\",\"description\":\"AI Language Learning\",\"publisher\":{\"@id\":\"https:\/\/talkpal.ai\/hu\/#organization\"},\"alternateName\":\"Talkpal AI\",\"potentialAction\":[{\"@type\":\"SearchAction\",\"target\":{\"@type\":\"EntryPoint\",\"urlTemplate\":\"https:\/\/talkpal.ai\/hu\/?s={search_term_string}\"},\"query-input\":{\"@type\":\"PropertyValueSpecification\",\"valueRequired\":true,\"valueName\":\"search_term_string\"}}],\"inLanguage\":\"hu\"},{\"@type\":\"Organization\",\"@id\":\"https:\/\/talkpal.ai\/hu\/#organization\",\"name\":\"Talkpal, Inc.\",\"alternateName\":\"Talkpal AI\",\"url\":\"https:\/\/talkpal.ai\/hu\/\",\"logo\":{\"@type\":\"ImageObject\",\"inLanguage\":\"hu\",\"@id\":\"https:\/\/talkpal.ai\/hu\/#\/schema\/logo\/image\/\",\"url\":\"https:\/\/talkpal.ai\/wp-content\/uploads\/2024\/03\/Talkpal-Logo-Icon.png\",\"contentUrl\":\"https:\/\/talkpal.ai\/wp-content\/uploads\/2024\/03\/Talkpal-Logo-Icon.png\",\"width\":2880,\"height\":2880,\"caption\":\"Talkpal, Inc.\"},\"image\":{\"@id\":\"https:\/\/talkpal.ai\/hu\/#\/schema\/logo\/image\/\"},\"sameAs\":[\"https:\/\/www.facebook.com\/profile.php?id=100090733639311\",\"https:\/\/x.com\/talkpalai\",\"https:\/\/www.linkedin.com\/company\/talkpal\/\",\"https:\/\/www.youtube.com\/@TalkPal\/\",\"https:\/\/www.tiktok.com\/@talkpal\",\"https:\/\/www.instagram.com\/talkpal_ai\/\",\"https:\/\/www.crunchbase.com\/organization\/talkpal-9cde\",\"https:\/\/www.g2.com\/products\/talkpal-for-business\/\",\"https:\/\/www.trustpilot.com\/review\/talkpal.ai\",\"https:\/\/www.capterra.com\/p\/10006800\/TalkPal\/\"],\"description\":\"Talkpal is a language learning web and mobile education app, powered by the latest AI technologies, that provides engaging experiences to its customers in many different languages to help them improve their language skills. Users can chat about unlimited amount of topics with the app and use other modes to practice their language learning.\",\"email\":\"support@talkpal.ai\",\"legalName\":\"Talkpal, Inc.\",\"foundingDate\":\"2023-04-03\",\"duns\":\"118989042\",\"numberOfEmployees\":{\"@type\":\"QuantitativeValue\",\"minValue\":\"11\",\"maxValue\":\"50\"},\"publishingPrinciples\":\"https:\/\/talkpal.ai\/publishing-principles\/\",\"actionableFeedbackPolicy\":\"https:\/\/talkpal.ai\/actionable-feedback-policy\/\",\"correctionsPolicy\":\"https:\/\/talkpal.ai\/corrections-policy\/\",\"ethicsPolicy\":\"https:\/\/talkpal.ai\/ethics-policy\/\",\"diversityPolicy\":\"https:\/\/talkpal.ai\/diversity-policy\/\",\"diversityStaffingReport\":\"https:\/\/talkpal.ai\/diversity-policy\/\"}]}<\/script>\n<!-- \/ Yoast SEO Premium plugin. -->","yoast_head_json":{"title":"Magyar nyelvtan - Talkpal","description":"A magyar nyelvtan elsaj\u00e1t\u00edt\u00e1sa - tanulj nyelvtani szab\u00e1lyokat, \u00e9s gyakorold a mondatalkot\u00e1st. Hasznos \u00fatmutat\u00e1st kaphat a Talkpal AI.","robots":{"index":"index","follow":"follow","max-snippet":"max-snippet:-1","max-image-preview":"max-image-preview:large","max-video-preview":"max-video-preview:-1"},"canonical":"https:\/\/talkpal.ai\/hu\/magyar-nyelvtan\/","og_locale":"hu_HU","og_type":"article","og_title":"Magyar nyelvtan","og_description":"C\u00edm: A magyar nyelvtan titkainak felt\u00e1r\u00e1sa A finnugor nyelv, a magyar kiemelkedik egyedi nyelvtani rendszer\u00e9vel, ami leny\u0171g\u00f6z\u0151 kih\u00edv\u00e1st jelent a","og_url":"https:\/\/talkpal.ai\/hu\/magyar-nyelvtan\/","og_site_name":"Talkpal","article_publisher":"https:\/\/www.facebook.com\/profile.php?id=100090733639311","article_modified_time":"2025-12-12T10:47:00+00:00","og_image":[{"width":512,"height":512,"url":"https:\/\/talkpal.ai\/wp-content\/uploads\/2023\/05\/Hungarian.png","type":"image\/png"}],"twitter_card":"summary_large_image","twitter_site":"@talkpalai","twitter_misc":{"Becs\u00fclt olvas\u00e1si id\u0151":"3 perc"},"schema":{"@context":"https:\/\/schema.org","@graph":[{"@type":"WebPage","@id":"https:\/\/talkpal.ai\/hu\/magyar-nyelvtan\/","url":"https:\/\/talkpal.ai\/hu\/magyar-nyelvtan\/","name":"Magyar nyelvtan - Talkpal","isPartOf":{"@id":"https:\/\/talkpal.ai\/hu\/#website"},"primaryImageOfPage":{"@id":"https:\/\/talkpal.ai\/hu\/magyar-nyelvtan\/#primaryimage"},"image":{"@id":"https:\/\/talkpal.ai\/hu\/magyar-nyelvtan\/#primaryimage"},"thumbnailUrl":"https:\/\/talkpal.ai\/wp-content\/uploads\/2023\/05\/Hungarian.png","datePublished":"2023-05-14T14:08:53+00:00","dateModified":"2025-12-12T10:47:00+00:00","description":"A magyar nyelvtan elsaj\u00e1t\u00edt\u00e1sa - tanulj nyelvtani szab\u00e1lyokat, \u00e9s gyakorold a mondatalkot\u00e1st. Hasznos \u00fatmutat\u00e1st kaphat a Talkpal AI.","breadcrumb":{"@id":"https:\/\/talkpal.ai\/hu\/magyar-nyelvtan\/#breadcrumb"},"inLanguage":"hu","potentialAction":[{"@type":"ReadAction","target":["https:\/\/talkpal.ai\/hu\/magyar-nyelvtan\/"]}]},{"@type":"ImageObject","inLanguage":"hu","@id":"https:\/\/talkpal.ai\/hu\/magyar-nyelvtan\/#primaryimage","url":"https:\/\/talkpal.ai\/wp-content\/uploads\/2023\/05\/Hungarian.png","contentUrl":"https:\/\/talkpal.ai\/wp-content\/uploads\/2023\/05\/Hungarian.png","width":512,"height":512},{"@type":"BreadcrumbList","@id":"https:\/\/talkpal.ai\/hu\/magyar-nyelvtan\/#breadcrumb","itemListElement":[{"@type":"ListItem","position":1,"name":"Homepage","item":"https:\/\/talkpal.ai\/hu\/"},{"@type":"ListItem","position":2,"name":"Magyar nyelvtan"}]},{"@type":"WebSite","@id":"https:\/\/talkpal.ai\/hu\/#website","url":"https:\/\/talkpal.ai\/hu\/","name":"Talkpal","description":"AI Language Learning","publisher":{"@id":"https:\/\/talkpal.ai\/hu\/#organization"},"alternateName":"Talkpal AI","potentialAction":[{"@type":"SearchAction","target":{"@type":"EntryPoint","urlTemplate":"https:\/\/talkpal.ai\/hu\/?s={search_term_string}"},"query-input":{"@type":"PropertyValueSpecification","valueRequired":true,"valueName":"search_term_string"}}],"inLanguage":"hu"},{"@type":"Organization","@id":"https:\/\/talkpal.ai\/hu\/#organization","name":"Talkpal, Inc.","alternateName":"Talkpal AI","url":"https:\/\/talkpal.ai\/hu\/","logo":{"@type":"ImageObject","inLanguage":"hu","@id":"https:\/\/talkpal.ai\/hu\/#\/schema\/logo\/image\/","url":"https:\/\/talkpal.ai\/wp-content\/uploads\/2024\/03\/Talkpal-Logo-Icon.png","contentUrl":"https:\/\/talkpal.ai\/wp-content\/uploads\/2024\/03\/Talkpal-Logo-Icon.png","width":2880,"height":2880,"caption":"Talkpal, Inc."},"image":{"@id":"https:\/\/talkpal.ai\/hu\/#\/schema\/logo\/image\/"},"sameAs":["https:\/\/www.facebook.com\/profile.php?id=100090733639311","https:\/\/x.com\/talkpalai","https:\/\/www.linkedin.com\/company\/talkpal\/","https:\/\/www.youtube.com\/@TalkPal\/","https:\/\/www.tiktok.com\/@talkpal","https:\/\/www.instagram.com\/talkpal_ai\/","https:\/\/www.crunchbase.com\/organization\/talkpal-9cde","https:\/\/www.g2.com\/products\/talkpal-for-business\/","https:\/\/www.trustpilot.com\/review\/talkpal.ai","https:\/\/www.capterra.com\/p\/10006800\/TalkPal\/"],"description":"Talkpal is a language learning web and mobile education app, powered by the latest AI technologies, that provides engaging experiences to its customers in many different languages to help them improve their language skills. Users can chat about unlimited amount of topics with the app and use other modes to practice their language learning.","email":"support@talkpal.ai","legalName":"Talkpal, Inc.","foundingDate":"2023-04-03","duns":"118989042","numberOfEmployees":{"@type":"QuantitativeValue","minValue":"11","maxValue":"50"},"publishingPrinciples":"https:\/\/talkpal.ai\/publishing-principles\/","actionableFeedbackPolicy":"https:\/\/talkpal.ai\/actionable-feedback-policy\/","correctionsPolicy":"https:\/\/talkpal.ai\/corrections-policy\/","ethicsPolicy":"https:\/\/talkpal.ai\/ethics-policy\/","diversityPolicy":"https:\/\/talkpal.ai\/diversity-policy\/","diversityStaffingReport":"https:\/\/talkpal.ai\/diversity-policy\/"}]}},"_links":{"self":[{"href":"https:\/\/talkpal.ai\/hu\/wp-json\/wp\/v2\/pages\/75039","targetHints":{"allow":["GET"]}}],"collection":[{"href":"https:\/\/talkpal.ai\/hu\/wp-json\/wp\/v2\/pages"}],"about":[{"href":"https:\/\/talkpal.ai\/hu\/wp-json\/wp\/v2\/types\/page"}],"author":[{"embeddable":true,"href":"https:\/\/talkpal.ai\/hu\/wp-json\/wp\/v2\/users\/1"}],"replies":[{"embeddable":true,"href":"https:\/\/talkpal.ai\/hu\/wp-json\/wp\/v2\/comments?post=75039"}],"version-history":[{"count":0,"href":"https:\/\/talkpal.ai\/hu\/wp-json\/wp\/v2\/pages\/75039\/revisions"}],"wp:featuredmedia":[{"embeddable":true,"href":"https:\/\/talkpal.ai\/hu\/wp-json\/wp\/v2\/media\/64144"}],"wp:attachment":[{"href":"https:\/\/talkpal.ai\/hu\/wp-json\/wp\/v2\/media?parent=75039"}],"curies":[{"name":"wp","href":"https:\/\/api.w.org\/{rel}","templated":true}]}}