{"id":75036,"date":"2023-06-21T14:29:48","date_gmt":"2023-06-21T14:29:48","guid":{"rendered":"http:\/\/talkpal.ai\/magyar-nyelvtani-gyakorlatok\/"},"modified":"2025-12-17T16:07:20","modified_gmt":"2025-12-17T16:07:20","slug":"magyar-nyelvtani-gyakorlatok","status":"publish","type":"page","link":"https:\/\/talkpal.ai\/hu\/magyar-nyelvtani-gyakorlatok\/","title":{"rendered":"Magyar nyelvtani gyakorlatok"},"content":{"rendered":"\r\n\r\n\r\n<section class=\"languageChallengeSection\">\r\n    <div class=\"languageInfoWrapper\">\r\n        \r\n        <h1>Magyar nyelvtani gyakorlatok<\/h1>\r\n        <p>K\u00e9szen \u00e1llsz a <a href=\"https:\/\/talkpal.ai\/learn-hungarian\/\">magyar<\/a> nyelvtud\u00e1sod er\u0151s\u00edt\u00e9s\u00e9re? A nyelvtani gyakorlatok gyakorl\u00e1sa fantasztikus m\u00f3dja a sz\u00f3rend, az igek\u00f6t\u0151k \u00e9s a magyar nyelv egyedi szerkezet\u00e9nek elsaj\u00e1t\u00edt\u00e1s\u00e1nak. Mer\u00fclj\u00f6n el a magyar nyelvtanban m\u00e9g ma, \u00e9s l\u00e1ssa, hogy \u00f6nbizalma \u00e9s foly\u00e9kony nyelvtud\u00e1sa minden egyes gyakorlattal n\u0151!<\/p>\r\n\r\n                            <a class=\"getStartedHidden\" href=\"https:\/\/app.talkpal.ai\/hu\/signup?lng=\">Kezdj\u00fck<\/a>\r\n        \r\n    <\/div>\r\n\r\n    <figure>\r\n    <img decoding=\"async\" width=\"768\" height=\"768\" src=\"https:\/\/talkpal.ai\/wp-content\/uploads\/2023\/06\/hungarian-768x768.png\" class=\"languageImage no-lazy\" alt=\"Language learning strategies for advanced learners\" fetchpriority=\"high\" sizes=\"(max-width: 768px) 150px, 768px\" srcset=\"https:\/\/talkpal.ai\/wp-content\/uploads\/2023\/06\/hungarian-768x768.png 768w, https:\/\/talkpal.ai\/wp-content\/uploads\/2023\/06\/hungarian-300x300.png 300w\" \/>\r\n    \r\n\r\n    <\/figure>\r\n\r\n            <a class=\"getStartedVisible\" href=\"https:\/\/app.talkpal.ai\/hu\/signup?lng=\">Kezdj\u00fck<\/a>\r\n    \r\n<\/section>\r\n\r\n\r\n<!-- <section class=\"grammarSection\">\r\n    <div class=\"grammarLinks\">\r\n            <\/div>\r\n<\/section> -->\r\n\r\n\r\n\r\n\r\n<section class=\"promotionalBanner\">\r\n    <p class=\"promotionalText\">A nyelvtanul\u00e1s leghat\u00e9konyabb m\u00f3dja<\/p>\r\n    <a class=\"promotionalLink\" href=\"https:\/\/app.talkpal.ai\/hu\/signup?lng=\">Pr\u00f3b\u00e1lja ki a Talkpal ingyen<\/a>\r\n<\/section>\n<div class=\"wp-block-group pageContainerStyle\"><div class=\"wp-block-group__inner-container is-layout-constrained wp-block-group-is-layout-constrained\">\n<h2 class=\"wp-block-heading\" id=\"h-hungarian-grammar-topics\">Magyar nyelvtani t\u00e9m\u00e1k<\/h2>\n\n\n\n<p>Egy \u00faj nyelv tanul\u00e1sa izgalmas \u00e9s kifizet\u0151d\u0151 \u00e9lm\u00e9ny lehet. Ugyanakkor meglehet\u0151sen els\u00f6pr\u0151 is lehet, k\u00fcl\u00f6n\u00f6sen, ha a nyelvtani t\u00e9m\u00e1k meg\u00e9rt\u00e9s\u00e9r\u0151l \u00e9s elsaj\u00e1t\u00edt\u00e1s\u00e1r\u00f3l <a href=\"https:\/\/talkpal.ai\/locations\/language-courses-in-van\/\">van<\/a> sz\u00f3. A <a href=\"https:\/\/talkpal.ai\/grammar\/\">nyelvtan<\/a> tanul\u00e1s\u00e1nak <a href=\"https:\/\/talkpal.ai\/talkpal-christmas-discount\/\">j\u00f3l<\/a> struktur\u00e1lt megk\u00f6zel\u00edt\u00e9se elengedhetetlen az \u00faj nyelv elsaj\u00e1t\u00edt\u00e1s\u00e1nak siker\u00e9hez. Ebben az \u00fatmutat\u00f3ban csoportos\u00edtottuk a nyelvtani t\u00e9m\u00e1kat egy olyan sorrendben, amely seg\u00edt a nyelv hat\u00e9konyabb elsaj\u00e1t\u00edt\u00e1s\u00e1ban. Ezeknek a t\u00e9m\u00e1knak a meg\u00e9rt\u00e9s\u00e9vel \u00e9s elsaj\u00e1t\u00edt\u00e1s\u00e1val j\u00f3 \u00faton halad a c\u00e9lnyelv ismerete fel\u00e9.<\/p>\n\n\n\n<h3 class=\"wp-block-heading\" id=\"h-1-nouns-and-articles\">1. F\u0151nevek \u00e9s cikkek<\/h3>\n\n\n\n<p>Kezdje nyelvtanul\u00e1si \u00fatj\u00e1t a f\u0151nevek \u00e9s cikkek alapjainak meg\u00e9rt\u00e9s\u00e9vel. A f\u0151nevek olyan szavak, amelyek embereket, helyeket, dolgokat vagy \u00f6tleteket k\u00e9pviselnek. A cikkeket a f\u0151n\u00e9v saj\u00e1toss\u00e1gainak jelz\u00e9s\u00e9re haszn\u00e1lj\u00e1k. Ezek megtanul\u00e1sa seg\u00edt egyszer\u0171 mondatok kialak\u00edt\u00e1s\u00e1ban \u00e9s a nyelv szerkezet\u00e9nek meg\u00e9rt\u00e9s\u00e9ben.<\/p>\n\n\n\n<h3 class=\"wp-block-heading\" id=\"h-2-pronouns-determiners\">2. N\u00e9vm\u00e1sok\/determin\u00e1nsok<\/h3>\n\n\n\n<p>A n\u00e9vm\u00e1sok f\u0151neveket helyettes\u00edtenek a mondatban, \u00e9s seg\u00edtenek elker\u00fclni az ism\u00e9tl\u00e9seket, m\u00edg a determin\u00e1nsok a f\u0151n\u00e9v mennyis\u00e9g\u00e9r\u0151l vagy hat\u00e1rozotts\u00e1g\u00e1r\u00f3l adnak inform\u00e1ci\u00f3t. Ezeknek a t\u00e9m\u00e1knak az elsaj\u00e1t\u00edt\u00e1sa jav\u00edtja a foly\u00e9konys\u00e1got \u00e9s a meg\u00e9rt\u00e9st.<\/p>\n\n\n\n<h3 class=\"wp-block-heading\" id=\"h-3-adjectives-and-adverbs\">3. Mell\u00e9knevek \u00e9s hat\u00e1roz\u00f3szavak<\/h3>\n\n\n\n<p>A mell\u00e9knevek f\u0151neveket \u00edrnak le, m\u00edg a hat\u00e1roz\u00f3szavak m\u00f3dos\u00edtj\u00e1k az ig\u00e9ket, mell\u00e9kneveket vagy m\u00e1s hat\u00e1roz\u00f3szavakat. Ezek megtanul\u00e1s\u00e1val r\u00e9szletesebb\u00e9 \u00e9s egy\u00e9rtelm\u0171bb\u00e9 teheti mondatait, kifejez\u0151bb\u00e9 \u00e9s vonz\u00f3bb\u00e1 t\u00e9ve nyelvi k\u00e9szs\u00e9geit.<\/p>\n\n\n\n<h3 class=\"wp-block-heading\" id=\"h-4-verbs-tenses-and-tense-comparison\">4. Ig\u00e9k, igeid\u0151k \u00e9s igeid\u0151k \u00f6sszehasonl\u00edt\u00e1sa<\/h3>\n\n\n\n<p>Az ig\u00e9k cselekv\u00e9seket vagy l\u00e9t\u00e1llapotokat k\u00f6zvet\u00edtenek, \u00e9s az igeid\u0151k azt az id\u0151t jelzik, amikor egy cselekv\u00e9s megt\u00f6rt\u00e9nik. A fesz\u00fclt \u00f6sszehasonl\u00edt\u00e1s meg\u00e9rt\u00e9se lehet\u0151v\u00e9 teszi a m\u00faltbeli, jelenlegi \u00e9s j\u00f6v\u0151beli cselekedetek pontos megvitat\u00e1s\u00e1t.<\/p>\n\n\n\n<h3 class=\"wp-block-heading\" id=\"h-5-progressive-and-perfect-progressive\">5. Progressz\u00edv \u00e9s t\u00f6k\u00e9letes progressz\u00edv<\/h3>\n\n\n\n<p>A progressz\u00edv id\u0151 a folyamatban l\u00e9v\u0151 cselekv\u00e9sekre \u00f6sszpontos\u00edt, m\u00edg a t\u00f6k\u00e9letes progressz\u00edv id\u0151 a cselekv\u00e9s id\u0151tartam\u00e1t hangs\u00falyozza egy adott id\u0151pontig. Ezek az igeid\u0151k fokozz\u00e1k az \u00f6sszetett gondolatok \u00e9s \u00f6tletek kifejez\u00e9s\u00e9nek k\u00e9pess\u00e9g\u00e9t a nyelven.<\/p>\n\n\n\n<h3 class=\"wp-block-heading\" id=\"h-6-conditionals\">6. Felt\u00e9telek<\/h3>\n\n\n\n<p>A felt\u00e9telek hipotetikus vagy lehets\u00e9ges helyzeteket \u00e9s azok k\u00f6vetkezm\u00e9nyeit \u00edrj\u00e1k le. A felt\u00e9telek elsaj\u00e1t\u00edt\u00e1sa seg\u00edt \u00e1rnyaltabb \u00e9s r\u00e9szletesebb gondolatok kifejez\u00e9s\u00e9ben a c\u00e9lnyelven.<\/p>\n\n\n\n<h3 class=\"wp-block-heading\" id=\"h-7-prepositions\">7. El\u00f6lj\u00e1r\u00f3szavak<\/h3>\n\n\n\n<p>Az el\u00f6lj\u00e1r\u00f3szavak a mondat szavai k\u00f6z\u00f6tti kapcsolatokat jelen\u00edtik meg, p\u00e9ld\u00e1ul a helyet, az ir\u00e1nyt vagy az id\u0151t. Ezek a kis szavak jelent\u0151s szerepet j\u00e1tszanak a mondat jelent\u00e9s\u00e9nek alak\u00edt\u00e1s\u00e1ban.<\/p>\n\n\n\n<h3 class=\"wp-block-heading\" id=\"h-8-sentences\">8. Mondatok<\/h3>\n\n\n\n<p>V\u00e9g\u00fcl a mondatszerkezet meg\u00e9rt\u00e9se \u00e9s a k\u00fcl\u00f6nb\u00f6z\u0151 t\u00edpus\u00fa mondatok fel\u00e9p\u00edt\u00e9se elengedhetetlen a vil\u00e1gos \u00e9s hat\u00e9kony kommunik\u00e1ci\u00f3hoz b\u00e1rmely nyelven. Tanulja meg, hogyan kell egyszer\u0171, \u00f6sszetett \u00e9s \u00f6sszetett mondatokat alkotni, \u00e9s gyakorolja a k\u00fcl\u00f6nb\u00f6z\u0151 mondatszerkezetek haszn\u00e1lat\u00e1t a gondolatok pontos k\u00f6zvet\u00edt\u00e9s\u00e9hez.<\/p>\n<\/div><\/div>\n\r\n<section class=\"learnNavigationSection\">\r\n            \r\n        <a href=\"https:\/\/talkpal.ai\/hu\/magyarul-tanulni\/\">\r\n            <div class=\"learnNavigationWrapper\">\r\n                <div class=\"learnNavigationContent\">\r\n                    <img decoding=\"async\" src=\"https:\/\/talkpal.ai\/wp-content\/uploads\/2024\/08\/Hungarian.jpg\" alt=\"Hungarian Flag\">\r\n                    <div>\r\n                        <h4>A magyar tanul\u00e1sr\u00f3l<\/h4>\r\n                        <p>Tudjon meg mindent a magyarr\u00f3l nyelvtan.<\/p>\r\n                    <\/div>\r\n                <\/div>\r\n            <\/div>\r\n        <\/a>\r\n\r\n        \r\n        <a href=\"https:\/\/talkpal.ai\/hu\/magyar-nyelvtan\/\">\r\n            <div class=\"learnNavigationWrapper\">\r\n                <div class=\"learnNavigationContent\">\r\n                    <img decoding=\"async\" src=\"https:\/\/talkpal.ai\/wp-content\/uploads\/2024\/08\/Hungarian.jpg\" alt=\"Hungarian Flag\">\r\n                    <div>\r\n                        <h4>Magyar nyelvtan leck\u00e9k<\/h4>\r\n                        <p>Gyakorlat magyar nyelvtan.<\/p>\r\n                    <\/div>\r\n                <\/div>\r\n            <\/div>\r\n        <\/a>\r\n\r\n        \r\n        <a href=\"https:\/\/talkpal.ai\/vocabulary_language\/hungarian\/\">\r\n            <div class=\"learnNavigationWrapper\">\r\n                <div class=\"learnNavigationContent\">\r\n                    <img decoding=\"async\" src=\"https:\/\/talkpal.ai\/wp-content\/uploads\/2024\/08\/Hungarian.jpg\" alt=\"Hungarian Flag\">\r\n                    <div>\r\n                        <h4>Magyar sz\u00f3kincs<\/h4>\r\n                        <p>B\u0151v\u00edtse magyar sz\u00f3kincs\u00e9t.<\/p>\r\n                    <\/div>\r\n                <\/div>\r\n            <\/div>\r\n        <\/a>\r\n\r\n            <\/section>","protected":false},"excerpt":{"rendered":"<p>Magyar nyelvtani t\u00e9m\u00e1k Egy \u00faj nyelv tanul\u00e1sa izgalmas \u00e9s kifizet\u0151d\u0151 \u00e9lm\u00e9ny lehet. Ugyanakkor meglehet\u0151sen els\u00f6pr\u0151 is lehet, k\u00fcl\u00f6n\u00f6sen, ha a nyelvtani t\u00e9m\u00e1k meg\u00e9rt\u00e9s\u00e9r\u0151l \u00e9s elsaj\u00e1t\u00edt\u00e1s\u00e1r\u00f3l van sz\u00f3. A nyelvtan tanul\u00e1s\u00e1nak j\u00f3l struktur\u00e1lt megk\u00f6zel\u00edt\u00e9se elengedhetetlen az \u00faj nyelv elsaj\u00e1t\u00edt\u00e1s\u00e1nak siker\u00e9hez. Ebben az \u00fatmutat\u00f3ban csoportos\u00edtottuk a nyelvtani t\u00e9m\u00e1kat egy olyan sorrendben, amely seg\u00edt a nyelv hat\u00e9konyabb elsaj\u00e1t\u00edt\u00e1s\u00e1ban. [&hellip;]<\/p>\n","protected":false},"author":6,"featured_media":64144,"parent":0,"menu_order":0,"comment_status":"closed","ping_status":"closed","template":"LearningContentPage.php","meta":{"_acf_changed":false,"footnotes":""},"class_list":["post-75036","page","type-page","status-publish","has-post-thumbnail","hentry"],"acf":[],"yoast_head":"<!-- This site is optimized with the Yoast SEO Premium plugin v27.2 (Yoast SEO v27.2) - https:\/\/yoast.com\/product\/yoast-seo-premium-wordpress\/ -->\n<title>Magyar nyelvtani gyakorlatok - Talkpal<\/title>\n<meta name=\"description\" content=\"N\u00f6velje magyar nyelvtani ismereteit k\u00f6nnyed\u00e9n - v\u00e9gezzen gyakorlati feladatokat, interakt\u00edv gyakorl\u00e1ssal \u00e9s kapjon szem\u00e9lyre szabott visszajelz\u00e9st.\" \/>\n<meta name=\"robots\" content=\"index, follow, max-snippet:-1, max-image-preview:large, max-video-preview:-1\" \/>\n<link rel=\"canonical\" href=\"https:\/\/talkpal.ai\/hu\/magyar-nyelvtani-gyakorlatok\/\" \/>\n<meta property=\"og:locale\" content=\"hu_HU\" \/>\n<meta property=\"og:type\" content=\"article\" \/>\n<meta property=\"og:title\" content=\"Magyar nyelvtani gyakorlatok\" \/>\n<meta property=\"og:description\" content=\"Magyar nyelvtani t\u00e9m\u00e1k Egy \u00faj nyelv tanul\u00e1sa izgalmas \u00e9s kifizet\u0151d\u0151 \u00e9lm\u00e9ny lehet. Ugyanakkor meglehet\u0151sen els\u00f6pr\u0151 is lehet, k\u00fcl\u00f6n\u00f6sen, ha a nyelvtani\" \/>\n<meta property=\"og:url\" content=\"https:\/\/talkpal.ai\/hu\/magyar-nyelvtani-gyakorlatok\/\" \/>\n<meta property=\"og:site_name\" content=\"Talkpal\" \/>\n<meta property=\"article:publisher\" content=\"https:\/\/www.facebook.com\/profile.php?id=100090733639311\" \/>\n<meta property=\"article:modified_time\" content=\"2025-12-17T16:07:20+00:00\" \/>\n<meta property=\"og:image\" content=\"https:\/\/talkpal.ai\/wp-content\/uploads\/2023\/05\/Hungarian.png\" \/>\n\t<meta property=\"og:image:width\" content=\"512\" \/>\n\t<meta property=\"og:image:height\" content=\"512\" \/>\n\t<meta property=\"og:image:type\" content=\"image\/png\" \/>\n<meta name=\"twitter:card\" content=\"summary_large_image\" \/>\n<meta name=\"twitter:site\" content=\"@talkpalai\" \/>\n<meta name=\"twitter:label1\" content=\"Becs\u00fclt olvas\u00e1si id\u0151\" \/>\n\t<meta name=\"twitter:data1\" content=\"3 perc\" \/>\n<script type=\"application\/ld+json\" class=\"yoast-schema-graph\">{\"@context\":\"https:\/\/schema.org\",\"@graph\":[{\"@type\":\"WebPage\",\"@id\":\"https:\/\/talkpal.ai\/hu\/magyar-nyelvtani-gyakorlatok\/\",\"url\":\"https:\/\/talkpal.ai\/hu\/magyar-nyelvtani-gyakorlatok\/\",\"name\":\"Magyar nyelvtani gyakorlatok - Talkpal\",\"isPartOf\":{\"@id\":\"https:\/\/talkpal.ai\/hu\/#website\"},\"primaryImageOfPage\":{\"@id\":\"https:\/\/talkpal.ai\/hu\/magyar-nyelvtani-gyakorlatok\/#primaryimage\"},\"image\":{\"@id\":\"https:\/\/talkpal.ai\/hu\/magyar-nyelvtani-gyakorlatok\/#primaryimage\"},\"thumbnailUrl\":\"https:\/\/talkpal.ai\/wp-content\/uploads\/2023\/05\/Hungarian.png\",\"datePublished\":\"2023-06-21T14:29:48+00:00\",\"dateModified\":\"2025-12-17T16:07:20+00:00\",\"description\":\"N\u00f6velje magyar nyelvtani ismereteit k\u00f6nnyed\u00e9n - v\u00e9gezzen gyakorlati feladatokat, interakt\u00edv gyakorl\u00e1ssal \u00e9s kapjon szem\u00e9lyre szabott visszajelz\u00e9st.\",\"breadcrumb\":{\"@id\":\"https:\/\/talkpal.ai\/hu\/magyar-nyelvtani-gyakorlatok\/#breadcrumb\"},\"inLanguage\":\"hu\",\"potentialAction\":[{\"@type\":\"ReadAction\",\"target\":[\"https:\/\/talkpal.ai\/hu\/magyar-nyelvtani-gyakorlatok\/\"]}]},{\"@type\":\"ImageObject\",\"inLanguage\":\"hu\",\"@id\":\"https:\/\/talkpal.ai\/hu\/magyar-nyelvtani-gyakorlatok\/#primaryimage\",\"url\":\"https:\/\/talkpal.ai\/wp-content\/uploads\/2023\/05\/Hungarian.png\",\"contentUrl\":\"https:\/\/talkpal.ai\/wp-content\/uploads\/2023\/05\/Hungarian.png\",\"width\":512,\"height\":512},{\"@type\":\"BreadcrumbList\",\"@id\":\"https:\/\/talkpal.ai\/hu\/magyar-nyelvtani-gyakorlatok\/#breadcrumb\",\"itemListElement\":[{\"@type\":\"ListItem\",\"position\":1,\"name\":\"Homepage\",\"item\":\"https:\/\/talkpal.ai\/hu\/\"},{\"@type\":\"ListItem\",\"position\":2,\"name\":\"Magyar nyelvtani gyakorlatok\"}]},{\"@type\":\"WebSite\",\"@id\":\"https:\/\/talkpal.ai\/hu\/#website\",\"url\":\"https:\/\/talkpal.ai\/hu\/\",\"name\":\"Talkpal\",\"description\":\"AI Language Learning\",\"publisher\":{\"@id\":\"https:\/\/talkpal.ai\/hu\/#organization\"},\"alternateName\":\"Talkpal AI\",\"potentialAction\":[{\"@type\":\"SearchAction\",\"target\":{\"@type\":\"EntryPoint\",\"urlTemplate\":\"https:\/\/talkpal.ai\/hu\/?s={search_term_string}\"},\"query-input\":{\"@type\":\"PropertyValueSpecification\",\"valueRequired\":true,\"valueName\":\"search_term_string\"}}],\"inLanguage\":\"hu\"},{\"@type\":\"Organization\",\"@id\":\"https:\/\/talkpal.ai\/hu\/#organization\",\"name\":\"Talkpal, Inc.\",\"alternateName\":\"Talkpal AI\",\"url\":\"https:\/\/talkpal.ai\/hu\/\",\"logo\":{\"@type\":\"ImageObject\",\"inLanguage\":\"hu\",\"@id\":\"https:\/\/talkpal.ai\/hu\/#\/schema\/logo\/image\/\",\"url\":\"https:\/\/talkpal.ai\/wp-content\/uploads\/2024\/03\/Talkpal-Logo-Icon.png\",\"contentUrl\":\"https:\/\/talkpal.ai\/wp-content\/uploads\/2024\/03\/Talkpal-Logo-Icon.png\",\"width\":2880,\"height\":2880,\"caption\":\"Talkpal, Inc.\"},\"image\":{\"@id\":\"https:\/\/talkpal.ai\/hu\/#\/schema\/logo\/image\/\"},\"sameAs\":[\"https:\/\/www.facebook.com\/profile.php?id=100090733639311\",\"https:\/\/x.com\/talkpalai\",\"https:\/\/www.linkedin.com\/company\/talkpal\/\",\"https:\/\/www.youtube.com\/@TalkPal\/\",\"https:\/\/www.tiktok.com\/@talkpal\",\"https:\/\/www.instagram.com\/talkpal_ai\/\",\"https:\/\/www.crunchbase.com\/organization\/talkpal-9cde\",\"https:\/\/www.g2.com\/products\/talkpal-for-business\/\",\"https:\/\/www.trustpilot.com\/review\/talkpal.ai\",\"https:\/\/www.capterra.com\/p\/10006800\/TalkPal\/\"],\"description\":\"Talkpal is a language learning web and mobile education app, powered by the latest AI technologies, that provides engaging experiences to its customers in many different languages to help them improve their language skills. Users can chat about unlimited amount of topics with the app and use other modes to practice their language learning.\",\"email\":\"support@talkpal.ai\",\"legalName\":\"Talkpal, Inc.\",\"foundingDate\":\"2023-04-03\",\"duns\":\"118989042\",\"numberOfEmployees\":{\"@type\":\"QuantitativeValue\",\"minValue\":\"11\",\"maxValue\":\"50\"},\"publishingPrinciples\":\"https:\/\/talkpal.ai\/publishing-principles\/\",\"actionableFeedbackPolicy\":\"https:\/\/talkpal.ai\/actionable-feedback-policy\/\",\"correctionsPolicy\":\"https:\/\/talkpal.ai\/corrections-policy\/\",\"ethicsPolicy\":\"https:\/\/talkpal.ai\/ethics-policy\/\",\"diversityPolicy\":\"https:\/\/talkpal.ai\/diversity-policy\/\",\"diversityStaffingReport\":\"https:\/\/talkpal.ai\/diversity-policy\/\"}]}<\/script>\n<!-- \/ Yoast SEO Premium plugin. -->","yoast_head_json":{"title":"Magyar nyelvtani gyakorlatok - Talkpal","description":"N\u00f6velje magyar nyelvtani ismereteit k\u00f6nnyed\u00e9n - v\u00e9gezzen gyakorlati feladatokat, interakt\u00edv gyakorl\u00e1ssal \u00e9s kapjon szem\u00e9lyre szabott visszajelz\u00e9st.","robots":{"index":"index","follow":"follow","max-snippet":"max-snippet:-1","max-image-preview":"max-image-preview:large","max-video-preview":"max-video-preview:-1"},"canonical":"https:\/\/talkpal.ai\/hu\/magyar-nyelvtani-gyakorlatok\/","og_locale":"hu_HU","og_type":"article","og_title":"Magyar nyelvtani gyakorlatok","og_description":"Magyar nyelvtani t\u00e9m\u00e1k Egy \u00faj nyelv tanul\u00e1sa izgalmas \u00e9s kifizet\u0151d\u0151 \u00e9lm\u00e9ny lehet. Ugyanakkor meglehet\u0151sen els\u00f6pr\u0151 is lehet, k\u00fcl\u00f6n\u00f6sen, ha a nyelvtani","og_url":"https:\/\/talkpal.ai\/hu\/magyar-nyelvtani-gyakorlatok\/","og_site_name":"Talkpal","article_publisher":"https:\/\/www.facebook.com\/profile.php?id=100090733639311","article_modified_time":"2025-12-17T16:07:20+00:00","og_image":[{"width":512,"height":512,"url":"https:\/\/talkpal.ai\/wp-content\/uploads\/2023\/05\/Hungarian.png","type":"image\/png"}],"twitter_card":"summary_large_image","twitter_site":"@talkpalai","twitter_misc":{"Becs\u00fclt olvas\u00e1si id\u0151":"3 perc"},"schema":{"@context":"https:\/\/schema.org","@graph":[{"@type":"WebPage","@id":"https:\/\/talkpal.ai\/hu\/magyar-nyelvtani-gyakorlatok\/","url":"https:\/\/talkpal.ai\/hu\/magyar-nyelvtani-gyakorlatok\/","name":"Magyar nyelvtani gyakorlatok - Talkpal","isPartOf":{"@id":"https:\/\/talkpal.ai\/hu\/#website"},"primaryImageOfPage":{"@id":"https:\/\/talkpal.ai\/hu\/magyar-nyelvtani-gyakorlatok\/#primaryimage"},"image":{"@id":"https:\/\/talkpal.ai\/hu\/magyar-nyelvtani-gyakorlatok\/#primaryimage"},"thumbnailUrl":"https:\/\/talkpal.ai\/wp-content\/uploads\/2023\/05\/Hungarian.png","datePublished":"2023-06-21T14:29:48+00:00","dateModified":"2025-12-17T16:07:20+00:00","description":"N\u00f6velje magyar nyelvtani ismereteit k\u00f6nnyed\u00e9n - v\u00e9gezzen gyakorlati feladatokat, interakt\u00edv gyakorl\u00e1ssal \u00e9s kapjon szem\u00e9lyre szabott visszajelz\u00e9st.","breadcrumb":{"@id":"https:\/\/talkpal.ai\/hu\/magyar-nyelvtani-gyakorlatok\/#breadcrumb"},"inLanguage":"hu","potentialAction":[{"@type":"ReadAction","target":["https:\/\/talkpal.ai\/hu\/magyar-nyelvtani-gyakorlatok\/"]}]},{"@type":"ImageObject","inLanguage":"hu","@id":"https:\/\/talkpal.ai\/hu\/magyar-nyelvtani-gyakorlatok\/#primaryimage","url":"https:\/\/talkpal.ai\/wp-content\/uploads\/2023\/05\/Hungarian.png","contentUrl":"https:\/\/talkpal.ai\/wp-content\/uploads\/2023\/05\/Hungarian.png","width":512,"height":512},{"@type":"BreadcrumbList","@id":"https:\/\/talkpal.ai\/hu\/magyar-nyelvtani-gyakorlatok\/#breadcrumb","itemListElement":[{"@type":"ListItem","position":1,"name":"Homepage","item":"https:\/\/talkpal.ai\/hu\/"},{"@type":"ListItem","position":2,"name":"Magyar nyelvtani gyakorlatok"}]},{"@type":"WebSite","@id":"https:\/\/talkpal.ai\/hu\/#website","url":"https:\/\/talkpal.ai\/hu\/","name":"Talkpal","description":"AI Language Learning","publisher":{"@id":"https:\/\/talkpal.ai\/hu\/#organization"},"alternateName":"Talkpal AI","potentialAction":[{"@type":"SearchAction","target":{"@type":"EntryPoint","urlTemplate":"https:\/\/talkpal.ai\/hu\/?s={search_term_string}"},"query-input":{"@type":"PropertyValueSpecification","valueRequired":true,"valueName":"search_term_string"}}],"inLanguage":"hu"},{"@type":"Organization","@id":"https:\/\/talkpal.ai\/hu\/#organization","name":"Talkpal, Inc.","alternateName":"Talkpal AI","url":"https:\/\/talkpal.ai\/hu\/","logo":{"@type":"ImageObject","inLanguage":"hu","@id":"https:\/\/talkpal.ai\/hu\/#\/schema\/logo\/image\/","url":"https:\/\/talkpal.ai\/wp-content\/uploads\/2024\/03\/Talkpal-Logo-Icon.png","contentUrl":"https:\/\/talkpal.ai\/wp-content\/uploads\/2024\/03\/Talkpal-Logo-Icon.png","width":2880,"height":2880,"caption":"Talkpal, Inc."},"image":{"@id":"https:\/\/talkpal.ai\/hu\/#\/schema\/logo\/image\/"},"sameAs":["https:\/\/www.facebook.com\/profile.php?id=100090733639311","https:\/\/x.com\/talkpalai","https:\/\/www.linkedin.com\/company\/talkpal\/","https:\/\/www.youtube.com\/@TalkPal\/","https:\/\/www.tiktok.com\/@talkpal","https:\/\/www.instagram.com\/talkpal_ai\/","https:\/\/www.crunchbase.com\/organization\/talkpal-9cde","https:\/\/www.g2.com\/products\/talkpal-for-business\/","https:\/\/www.trustpilot.com\/review\/talkpal.ai","https:\/\/www.capterra.com\/p\/10006800\/TalkPal\/"],"description":"Talkpal is a language learning web and mobile education app, powered by the latest AI technologies, that provides engaging experiences to its customers in many different languages to help them improve their language skills. Users can chat about unlimited amount of topics with the app and use other modes to practice their language learning.","email":"support@talkpal.ai","legalName":"Talkpal, Inc.","foundingDate":"2023-04-03","duns":"118989042","numberOfEmployees":{"@type":"QuantitativeValue","minValue":"11","maxValue":"50"},"publishingPrinciples":"https:\/\/talkpal.ai\/publishing-principles\/","actionableFeedbackPolicy":"https:\/\/talkpal.ai\/actionable-feedback-policy\/","correctionsPolicy":"https:\/\/talkpal.ai\/corrections-policy\/","ethicsPolicy":"https:\/\/talkpal.ai\/ethics-policy\/","diversityPolicy":"https:\/\/talkpal.ai\/diversity-policy\/","diversityStaffingReport":"https:\/\/talkpal.ai\/diversity-policy\/"}]}},"_links":{"self":[{"href":"https:\/\/talkpal.ai\/hu\/wp-json\/wp\/v2\/pages\/75036","targetHints":{"allow":["GET"]}}],"collection":[{"href":"https:\/\/talkpal.ai\/hu\/wp-json\/wp\/v2\/pages"}],"about":[{"href":"https:\/\/talkpal.ai\/hu\/wp-json\/wp\/v2\/types\/page"}],"author":[{"embeddable":true,"href":"https:\/\/talkpal.ai\/hu\/wp-json\/wp\/v2\/users\/6"}],"replies":[{"embeddable":true,"href":"https:\/\/talkpal.ai\/hu\/wp-json\/wp\/v2\/comments?post=75036"}],"version-history":[{"count":0,"href":"https:\/\/talkpal.ai\/hu\/wp-json\/wp\/v2\/pages\/75036\/revisions"}],"wp:featuredmedia":[{"embeddable":true,"href":"https:\/\/talkpal.ai\/hu\/wp-json\/wp\/v2\/media\/64144"}],"wp:attachment":[{"href":"https:\/\/talkpal.ai\/hu\/wp-json\/wp\/v2\/media?parent=75036"}],"curies":[{"name":"wp","href":"https:\/\/api.w.org\/{rel}","templated":true}]}}