{"id":506444,"date":"2023-04-03T15:47:36","date_gmt":"2023-04-03T15:47:36","guid":{"rendered":"https:\/\/talkpal.ai\/sajto\/"},"modified":"2025-06-17T16:31:17","modified_gmt":"2025-06-17T16:31:17","slug":"sajto","status":"publish","type":"page","link":"https:\/\/talkpal.ai\/hu\/sajto\/","title":{"rendered":"Sajt\u00f3"},"content":{"rendered":"<h1>Adatok, t\u00e9nyek, sz\u00e1mok<\/h1>\n<p>\u00dcdv\u00f6z\u00f6lj\u00fck a Talkpalsajt\u00f3oldal\u00e1n, ahol \u00fajs\u00e1g\u00edr\u00f3k \u00e9s m\u00e9diaszakemberek sz\u00e1m\u00e1ra exkluz\u00edv inform\u00e1ci\u00f3kat, adatokat \u00e9s friss\u00edt\u00e9seket biztos\u00edtunk innovat\u00edv nyelvtanul\u00e1si platformunkr\u00f3l. \u00d6r\u00f6mmel osztjuk meg \u00d6nnel a t\u00f6rt\u00e9net\u00fcnket, \u00e9s elk\u00f6telezettek vagyunk amellett, hogy pontos \u00e9s naprak\u00e9sz inform\u00e1ci\u00f3kat szolg\u00e1ltassunk, hogy seg\u00edts\u00fck \u00d6nt a megnyer\u0151 tartalom l\u00e9trehoz\u00e1s\u00e1ban.<\/p>\n<p>\t\t\t\t<svg aria-hidden=\"true\" viewBox=\"0 0 384 512\" xmlns=\"http:\/\/www.w3.org\/2000\/svg\"><path d=\"M224 136V0H24C10.7 0 0 10.7 0 24v464c0 13.3 10.7 24 24 24h336c13.3 0 24-10.7 24-24V160H248c-13.2 0-24-10.8-24-24zm65.18 216.01H224v80c0 8.84-7.16 16-16 16h-32c-8.84 0-16-7.16-16-16v-80H94.82c-14.28 0-21.41-17.29-11.27-27.36l96.42-95.7c6.65-6.61 17.39-6.61 24.04 0l96.42 95.7c10.15 10.07 3.03 27.36-11.25 27.36zM377 105L279.1 7c-4.5-4.5-10.6-7-17-7H256v128h128v-6.1c0-6.3-2.5-12.4-7-16.9z\"><\/path><\/svg>\t\t\t\t<\/p>\n<h3>\n\t\t\t\t\t\t\tExkluz\u00edv adatok \u00e9s betekint\u00e9s<br \/>\n\t\t\t\t\t<\/h3>\n<p>\n\t\t\t\t\t\tMeg\u00e9rtj\u00fck a pontos \u00e9s naprak\u00e9sz adatok fontoss\u00e1g\u00e1t a meggy\u0151z\u0151 t\u00f6rt\u00e9netek megalkot\u00e1sakor. K\u00e9rj\u00fck, forduljon m\u00e9diakapcsolatokkal foglalkoz\u00f3 csapatunkhoz a info@talkpal.ai e-mail c\u00edmen, ha b\u00e1rmilyen inform\u00e1ci\u00f3t vagy adatot szeretne k\u00e9rni.\t\t\t\t\t<\/p>\n<p>\t\t\t\t<svg aria-hidden=\"true\" viewBox=\"0 0 448 512\" xmlns=\"http:\/\/www.w3.org\/2000\/svg\"><path d=\"M352 320c-22.608 0-43.387 7.819-59.79 20.895l-102.486-64.054a96.551 96.551 0 0 0 0-41.683l102.486-64.054C308.613 184.181 329.392 192 352 192c53.019 0 96-42.981 96-96S405.019 0 352 0s-96 42.981-96 96c0 7.158.79 14.13 2.276 20.841L155.79 180.895C139.387 167.819 118.608 160 96 160c-53.019 0-96 42.981-96 96s42.981 96 96 96c22.608 0 43.387-7.819 59.79-20.895l102.486 64.054A96.301 96.301 0 0 0 256 416c0 53.019 42.981 96 96 96s96-42.981 96-96-42.981-96-96-96z\"><\/path><\/svg>\t\t\t\t<\/p>\n<h3>\n\t\t\t\t\t\t\tMaradjon kapcsolatban a Talkpal<br \/>\n\t\t\t\t\t<\/h3>\n<p>\n\t\t\t\t\t\tArra biztatjuk az \u00fajs\u00e1g\u00edr\u00f3kat, hogy maradjanak vel\u00fcnk kapcsolatban a legfrissebb h\u00edrek, friss\u00edt\u00e9sek \u00e9s bejelent\u00e9sek miatt. K\u00f6vessen minket a k\u00f6z\u00f6ss\u00e9gi m\u00e9dia csatorn\u00e1inkon, hogy exkluz\u00edv betekint\u00e9st nyerjen a <a href=\"https:\/\/talkpal.ai\/ko\/ai-%ec%96%b8%ec%96%b4-%ea%b5%90%ec%82%ac\/\">Talkpal<\/a> vil\u00e1g\u00e1ba.\t\t\t\t\t<\/p>\n<p>\t\t\t\t\t<a role=\"button\"><br \/>\n\t\t\t\t\t\t\t\t\tpr\u00f3b\u00e1ld meg a talkpal-t<br \/>\n\t\t\t\t\t<\/a><\/p>\n<h2>Sajt\u00f3anyag<\/h2>\n<p>Az \u00d6n k\u00e9nyelme \u00e9rdek\u00e9ben \u00f6ssze\u00e1ll\u00edtottunk egy \u00e1tfog\u00f3 m\u00e9diak\u00e9szletet, amely nagy felbont\u00e1s\u00fa log\u00f3kat, k\u00e9peket \u00e9s egy\u00e9b forr\u00e1sokat tartalmaz, hogy seg\u00edts\u00fcnk \u00d6nnek vizu\u00e1lisan vonz\u00f3 tartalmak l\u00e9trehoz\u00e1s\u00e1ban. Let\u00f6ltheti a m\u00e9diak\u00e9szlet\u00fcnket<\/p>\n<h2>Sajt\u00f3anyag<\/h2>\n<p>Az \u00d6n k\u00e9nyelme \u00e9rdek\u00e9ben \u00f6ssze\u00e1ll\u00edtottunk egy \u00e1tfog\u00f3 m\u00e9diak\u00e9szletet, amely nagy felbont\u00e1s\u00fa log\u00f3kat, k\u00e9peket \u00e9s egy\u00e9b forr\u00e1sokat tartalmaz, hogy seg\u00edts\u00fcnk \u00d6nnek vizu\u00e1lisan vonz\u00f3 tartalmak l\u00e9trehoz\u00e1s\u00e1ban. Let\u00f6ltheti a m\u00e9diak\u00e9szlet\u00fcnket<\/p>\n<p>\t\t\t\t\t<a href=\"https:\/\/talkpal.ai\/wp-content\/uploads\/2024\/03\/Talkpal-Press-Kit.zip\"><br \/>\n\t\t\t\t\t\t\t\t\tSajt\u00f3anyag let\u00f6lt\u00e9se<br \/>\n\t\t\t\t\t<\/a><\/p>\n","protected":false},"excerpt":{"rendered":"<p>Adatok, t\u00e9nyek, sz\u00e1mok \u00dcdv\u00f6z\u00f6lj\u00fck a Talkpalsajt\u00f3oldal\u00e1n, ahol \u00fajs\u00e1g\u00edr\u00f3k \u00e9s m\u00e9diaszakemberek sz\u00e1m\u00e1ra exkluz\u00edv inform\u00e1ci\u00f3kat, adatokat \u00e9s friss\u00edt\u00e9seket biztos\u00edtunk innovat\u00edv nyelvtanul\u00e1si platformunkr\u00f3l. \u00d6r\u00f6mmel osztjuk meg \u00d6nnel a t\u00f6rt\u00e9net\u00fcnket, \u00e9s elk\u00f6telezettek vagyunk amellett, hogy pontos \u00e9s naprak\u00e9sz inform\u00e1ci\u00f3kat szolg\u00e1ltassunk, hogy seg\u00edts\u00fck \u00d6nt a megnyer\u0151 tartalom l\u00e9trehoz\u00e1s\u00e1ban. Exkluz\u00edv adatok \u00e9s betekint\u00e9s Meg\u00e9rtj\u00fck a pontos \u00e9s naprak\u00e9sz adatok fontoss\u00e1g\u00e1t a [&hellip;]<\/p>\n","protected":false},"author":1,"featured_media":197960,"parent":0,"menu_order":0,"comment_status":"closed","ping_status":"closed","template":"press-releases-page.php","meta":{"_acf_changed":false,"footnotes":""},"class_list":["post-506444","page","type-page","status-publish","has-post-thumbnail","hentry"],"acf":[],"yoast_head":"<!-- This site is optimized with the Yoast SEO Premium plugin v27.2 (Yoast SEO v27.2) - https:\/\/yoast.com\/product\/yoast-seo-premium-wordpress\/ -->\n<title>Sajt\u00f3 - Talkpal<\/title>\n<meta name=\"description\" content=\"Fedezze fel a Talkpal honlapon tal\u00e1lhat\u00f3 legfrissebb sajt\u00f3inform\u00e1ci\u00f3kat. Exkluz\u00edv friss\u00edt\u00e9sekhez \u00e9s adatokhoz val\u00f3 hozz\u00e1f\u00e9r\u00e9s a t\u00f6rt\u00e9netmes\u00e9l\u00e9si ig\u00e9nyeihez.\" \/>\n<meta name=\"robots\" content=\"index, follow, max-snippet:-1, max-image-preview:large, max-video-preview:-1\" \/>\n<link rel=\"canonical\" href=\"https:\/\/talkpal.ai\/hu\/sajto\/\" \/>\n<meta property=\"og:locale\" content=\"hu_HU\" \/>\n<meta property=\"og:type\" content=\"article\" \/>\n<meta property=\"og:title\" content=\"Sajt\u00f3\" \/>\n<meta property=\"og:description\" content=\"Adatok, t\u00e9nyek, sz\u00e1mok \u00dcdv\u00f6z\u00f6lj\u00fck a Talkpalsajt\u00f3oldal\u00e1n, ahol \u00fajs\u00e1g\u00edr\u00f3k \u00e9s m\u00e9diaszakemberek sz\u00e1m\u00e1ra exkluz\u00edv inform\u00e1ci\u00f3kat, adatokat \u00e9s friss\u00edt\u00e9seket\" \/>\n<meta property=\"og:url\" content=\"https:\/\/talkpal.ai\/hu\/sajto\/\" \/>\n<meta property=\"og:site_name\" content=\"Talkpal\" \/>\n<meta property=\"article:publisher\" content=\"https:\/\/www.facebook.com\/profile.php?id=100090733639311\" \/>\n<meta property=\"article:modified_time\" content=\"2025-06-17T16:31:17+00:00\" \/>\n<meta property=\"og:image\" content=\"https:\/\/talkpal.ai\/wp-content\/uploads\/2024\/03\/Talkpal-Logo-Icon.png\" \/>\n\t<meta property=\"og:image:width\" content=\"5000\" \/>\n\t<meta property=\"og:image:height\" content=\"5000\" \/>\n\t<meta property=\"og:image:type\" content=\"image\/png\" \/>\n<meta name=\"twitter:card\" content=\"summary_large_image\" \/>\n<meta name=\"twitter:site\" content=\"@talkpalai\" \/>\n<meta name=\"twitter:label1\" content=\"Becs\u00fclt olvas\u00e1si id\u0151\" \/>\n\t<meta name=\"twitter:data1\" content=\"1 perc\" \/>\n<script type=\"application\/ld+json\" class=\"yoast-schema-graph\">{\"@context\":\"https:\/\/schema.org\",\"@graph\":[{\"@type\":\"WebPage\",\"@id\":\"https:\/\/talkpal.ai\/hu\/sajto\/\",\"url\":\"https:\/\/talkpal.ai\/hu\/sajto\/\",\"name\":\"Sajt\u00f3 - Talkpal\",\"isPartOf\":{\"@id\":\"https:\/\/talkpal.ai\/hu\/#website\"},\"primaryImageOfPage\":{\"@id\":\"https:\/\/talkpal.ai\/hu\/sajto\/#primaryimage\"},\"image\":{\"@id\":\"https:\/\/talkpal.ai\/hu\/sajto\/#primaryimage\"},\"thumbnailUrl\":\"https:\/\/talkpal.ai\/wp-content\/uploads\/2024\/03\/Talkpal-Logo-Icon.png\",\"datePublished\":\"2023-04-03T15:47:36+00:00\",\"dateModified\":\"2025-06-17T16:31:17+00:00\",\"description\":\"Fedezze fel a Talkpal honlapon tal\u00e1lhat\u00f3 legfrissebb sajt\u00f3inform\u00e1ci\u00f3kat. Exkluz\u00edv friss\u00edt\u00e9sekhez \u00e9s adatokhoz val\u00f3 hozz\u00e1f\u00e9r\u00e9s a t\u00f6rt\u00e9netmes\u00e9l\u00e9si ig\u00e9nyeihez.\",\"breadcrumb\":{\"@id\":\"https:\/\/talkpal.ai\/hu\/sajto\/#breadcrumb\"},\"inLanguage\":\"hu\",\"potentialAction\":[{\"@type\":\"ReadAction\",\"target\":[\"https:\/\/talkpal.ai\/hu\/sajto\/\"]}]},{\"@type\":\"ImageObject\",\"inLanguage\":\"hu\",\"@id\":\"https:\/\/talkpal.ai\/hu\/sajto\/#primaryimage\",\"url\":\"https:\/\/talkpal.ai\/wp-content\/uploads\/2024\/03\/Talkpal-Logo-Icon.png\",\"contentUrl\":\"https:\/\/talkpal.ai\/wp-content\/uploads\/2024\/03\/Talkpal-Logo-Icon.png\",\"width\":5000,\"height\":5000,\"caption\":\"Talkpal log\u00f3\"},{\"@type\":\"BreadcrumbList\",\"@id\":\"https:\/\/talkpal.ai\/hu\/sajto\/#breadcrumb\",\"itemListElement\":[{\"@type\":\"ListItem\",\"position\":1,\"name\":\"Homepage\",\"item\":\"https:\/\/talkpal.ai\/hu\/\"},{\"@type\":\"ListItem\",\"position\":2,\"name\":\"Sajt\u00f3\"}]},{\"@type\":\"WebSite\",\"@id\":\"https:\/\/talkpal.ai\/hu\/#website\",\"url\":\"https:\/\/talkpal.ai\/hu\/\",\"name\":\"Talkpal\",\"description\":\"AI Language Learning\",\"publisher\":{\"@id\":\"https:\/\/talkpal.ai\/hu\/#organization\"},\"alternateName\":\"Talkpal AI\",\"potentialAction\":[{\"@type\":\"SearchAction\",\"target\":{\"@type\":\"EntryPoint\",\"urlTemplate\":\"https:\/\/talkpal.ai\/hu\/?s={search_term_string}\"},\"query-input\":{\"@type\":\"PropertyValueSpecification\",\"valueRequired\":true,\"valueName\":\"search_term_string\"}}],\"inLanguage\":\"hu\"},{\"@type\":\"Organization\",\"@id\":\"https:\/\/talkpal.ai\/hu\/#organization\",\"name\":\"Talkpal, Inc.\",\"alternateName\":\"Talkpal AI\",\"url\":\"https:\/\/talkpal.ai\/hu\/\",\"logo\":{\"@type\":\"ImageObject\",\"inLanguage\":\"hu\",\"@id\":\"https:\/\/talkpal.ai\/hu\/#\/schema\/logo\/image\/\",\"url\":\"https:\/\/talkpal.ai\/wp-content\/uploads\/2024\/03\/Talkpal-Logo-Icon.png\",\"contentUrl\":\"https:\/\/talkpal.ai\/wp-content\/uploads\/2024\/03\/Talkpal-Logo-Icon.png\",\"width\":2880,\"height\":2880,\"caption\":\"Talkpal, Inc.\"},\"image\":{\"@id\":\"https:\/\/talkpal.ai\/hu\/#\/schema\/logo\/image\/\"},\"sameAs\":[\"https:\/\/www.facebook.com\/profile.php?id=100090733639311\",\"https:\/\/x.com\/talkpalai\",\"https:\/\/www.linkedin.com\/company\/talkpal\/\",\"https:\/\/www.youtube.com\/@TalkPal\/\",\"https:\/\/www.tiktok.com\/@talkpal\",\"https:\/\/www.instagram.com\/talkpal_ai\/\",\"https:\/\/www.crunchbase.com\/organization\/talkpal-9cde\",\"https:\/\/www.g2.com\/products\/talkpal-for-business\/\",\"https:\/\/www.trustpilot.com\/review\/talkpal.ai\",\"https:\/\/www.capterra.com\/p\/10006800\/TalkPal\/\"],\"description\":\"Talkpal is a language learning web and mobile education app, powered by the latest AI technologies, that provides engaging experiences to its customers in many different languages to help them improve their language skills. Users can chat about unlimited amount of topics with the app and use other modes to practice their language learning.\",\"email\":\"support@talkpal.ai\",\"legalName\":\"Talkpal, Inc.\",\"foundingDate\":\"2023-04-03\",\"duns\":\"118989042\",\"numberOfEmployees\":{\"@type\":\"QuantitativeValue\",\"minValue\":\"11\",\"maxValue\":\"50\"},\"publishingPrinciples\":\"https:\/\/talkpal.ai\/publishing-principles\/\",\"actionableFeedbackPolicy\":\"https:\/\/talkpal.ai\/actionable-feedback-policy\/\",\"correctionsPolicy\":\"https:\/\/talkpal.ai\/corrections-policy\/\",\"ethicsPolicy\":\"https:\/\/talkpal.ai\/ethics-policy\/\",\"diversityPolicy\":\"https:\/\/talkpal.ai\/diversity-policy\/\",\"diversityStaffingReport\":\"https:\/\/talkpal.ai\/diversity-policy\/\"}]}<\/script>\n<!-- \/ Yoast SEO Premium plugin. -->","yoast_head_json":{"title":"Sajt\u00f3 - Talkpal","description":"Fedezze fel a Talkpal honlapon tal\u00e1lhat\u00f3 legfrissebb sajt\u00f3inform\u00e1ci\u00f3kat. Exkluz\u00edv friss\u00edt\u00e9sekhez \u00e9s adatokhoz val\u00f3 hozz\u00e1f\u00e9r\u00e9s a t\u00f6rt\u00e9netmes\u00e9l\u00e9si ig\u00e9nyeihez.","robots":{"index":"index","follow":"follow","max-snippet":"max-snippet:-1","max-image-preview":"max-image-preview:large","max-video-preview":"max-video-preview:-1"},"canonical":"https:\/\/talkpal.ai\/hu\/sajto\/","og_locale":"hu_HU","og_type":"article","og_title":"Sajt\u00f3","og_description":"Adatok, t\u00e9nyek, sz\u00e1mok \u00dcdv\u00f6z\u00f6lj\u00fck a Talkpalsajt\u00f3oldal\u00e1n, ahol \u00fajs\u00e1g\u00edr\u00f3k \u00e9s m\u00e9diaszakemberek sz\u00e1m\u00e1ra exkluz\u00edv inform\u00e1ci\u00f3kat, adatokat \u00e9s friss\u00edt\u00e9seket","og_url":"https:\/\/talkpal.ai\/hu\/sajto\/","og_site_name":"Talkpal","article_publisher":"https:\/\/www.facebook.com\/profile.php?id=100090733639311","article_modified_time":"2025-06-17T16:31:17+00:00","og_image":[{"width":5000,"height":5000,"url":"https:\/\/talkpal.ai\/wp-content\/uploads\/2024\/03\/Talkpal-Logo-Icon.png","type":"image\/png"}],"twitter_card":"summary_large_image","twitter_site":"@talkpalai","twitter_misc":{"Becs\u00fclt olvas\u00e1si id\u0151":"1 perc"},"schema":{"@context":"https:\/\/schema.org","@graph":[{"@type":"WebPage","@id":"https:\/\/talkpal.ai\/hu\/sajto\/","url":"https:\/\/talkpal.ai\/hu\/sajto\/","name":"Sajt\u00f3 - Talkpal","isPartOf":{"@id":"https:\/\/talkpal.ai\/hu\/#website"},"primaryImageOfPage":{"@id":"https:\/\/talkpal.ai\/hu\/sajto\/#primaryimage"},"image":{"@id":"https:\/\/talkpal.ai\/hu\/sajto\/#primaryimage"},"thumbnailUrl":"https:\/\/talkpal.ai\/wp-content\/uploads\/2024\/03\/Talkpal-Logo-Icon.png","datePublished":"2023-04-03T15:47:36+00:00","dateModified":"2025-06-17T16:31:17+00:00","description":"Fedezze fel a Talkpal honlapon tal\u00e1lhat\u00f3 legfrissebb sajt\u00f3inform\u00e1ci\u00f3kat. Exkluz\u00edv friss\u00edt\u00e9sekhez \u00e9s adatokhoz val\u00f3 hozz\u00e1f\u00e9r\u00e9s a t\u00f6rt\u00e9netmes\u00e9l\u00e9si ig\u00e9nyeihez.","breadcrumb":{"@id":"https:\/\/talkpal.ai\/hu\/sajto\/#breadcrumb"},"inLanguage":"hu","potentialAction":[{"@type":"ReadAction","target":["https:\/\/talkpal.ai\/hu\/sajto\/"]}]},{"@type":"ImageObject","inLanguage":"hu","@id":"https:\/\/talkpal.ai\/hu\/sajto\/#primaryimage","url":"https:\/\/talkpal.ai\/wp-content\/uploads\/2024\/03\/Talkpal-Logo-Icon.png","contentUrl":"https:\/\/talkpal.ai\/wp-content\/uploads\/2024\/03\/Talkpal-Logo-Icon.png","width":5000,"height":5000,"caption":"Talkpal log\u00f3"},{"@type":"BreadcrumbList","@id":"https:\/\/talkpal.ai\/hu\/sajto\/#breadcrumb","itemListElement":[{"@type":"ListItem","position":1,"name":"Homepage","item":"https:\/\/talkpal.ai\/hu\/"},{"@type":"ListItem","position":2,"name":"Sajt\u00f3"}]},{"@type":"WebSite","@id":"https:\/\/talkpal.ai\/hu\/#website","url":"https:\/\/talkpal.ai\/hu\/","name":"Talkpal","description":"AI Language Learning","publisher":{"@id":"https:\/\/talkpal.ai\/hu\/#organization"},"alternateName":"Talkpal AI","potentialAction":[{"@type":"SearchAction","target":{"@type":"EntryPoint","urlTemplate":"https:\/\/talkpal.ai\/hu\/?s={search_term_string}"},"query-input":{"@type":"PropertyValueSpecification","valueRequired":true,"valueName":"search_term_string"}}],"inLanguage":"hu"},{"@type":"Organization","@id":"https:\/\/talkpal.ai\/hu\/#organization","name":"Talkpal, Inc.","alternateName":"Talkpal AI","url":"https:\/\/talkpal.ai\/hu\/","logo":{"@type":"ImageObject","inLanguage":"hu","@id":"https:\/\/talkpal.ai\/hu\/#\/schema\/logo\/image\/","url":"https:\/\/talkpal.ai\/wp-content\/uploads\/2024\/03\/Talkpal-Logo-Icon.png","contentUrl":"https:\/\/talkpal.ai\/wp-content\/uploads\/2024\/03\/Talkpal-Logo-Icon.png","width":2880,"height":2880,"caption":"Talkpal, Inc."},"image":{"@id":"https:\/\/talkpal.ai\/hu\/#\/schema\/logo\/image\/"},"sameAs":["https:\/\/www.facebook.com\/profile.php?id=100090733639311","https:\/\/x.com\/talkpalai","https:\/\/www.linkedin.com\/company\/talkpal\/","https:\/\/www.youtube.com\/@TalkPal\/","https:\/\/www.tiktok.com\/@talkpal","https:\/\/www.instagram.com\/talkpal_ai\/","https:\/\/www.crunchbase.com\/organization\/talkpal-9cde","https:\/\/www.g2.com\/products\/talkpal-for-business\/","https:\/\/www.trustpilot.com\/review\/talkpal.ai","https:\/\/www.capterra.com\/p\/10006800\/TalkPal\/"],"description":"Talkpal is a language learning web and mobile education app, powered by the latest AI technologies, that provides engaging experiences to its customers in many different languages to help them improve their language skills. Users can chat about unlimited amount of topics with the app and use other modes to practice their language learning.","email":"support@talkpal.ai","legalName":"Talkpal, Inc.","foundingDate":"2023-04-03","duns":"118989042","numberOfEmployees":{"@type":"QuantitativeValue","minValue":"11","maxValue":"50"},"publishingPrinciples":"https:\/\/talkpal.ai\/publishing-principles\/","actionableFeedbackPolicy":"https:\/\/talkpal.ai\/actionable-feedback-policy\/","correctionsPolicy":"https:\/\/talkpal.ai\/corrections-policy\/","ethicsPolicy":"https:\/\/talkpal.ai\/ethics-policy\/","diversityPolicy":"https:\/\/talkpal.ai\/diversity-policy\/","diversityStaffingReport":"https:\/\/talkpal.ai\/diversity-policy\/"}]}},"_links":{"self":[{"href":"https:\/\/talkpal.ai\/hu\/wp-json\/wp\/v2\/pages\/506444","targetHints":{"allow":["GET"]}}],"collection":[{"href":"https:\/\/talkpal.ai\/hu\/wp-json\/wp\/v2\/pages"}],"about":[{"href":"https:\/\/talkpal.ai\/hu\/wp-json\/wp\/v2\/types\/page"}],"author":[{"embeddable":true,"href":"https:\/\/talkpal.ai\/hu\/wp-json\/wp\/v2\/users\/1"}],"replies":[{"embeddable":true,"href":"https:\/\/talkpal.ai\/hu\/wp-json\/wp\/v2\/comments?post=506444"}],"version-history":[{"count":0,"href":"https:\/\/talkpal.ai\/hu\/wp-json\/wp\/v2\/pages\/506444\/revisions"}],"wp:featuredmedia":[{"embeddable":true,"href":"https:\/\/talkpal.ai\/hu\/wp-json\/wp\/v2\/media\/197960"}],"wp:attachment":[{"href":"https:\/\/talkpal.ai\/hu\/wp-json\/wp\/v2\/media?parent=506444"}],"curies":[{"name":"wp","href":"https:\/\/api.w.org\/{rel}","templated":true}]}}