{"id":167012,"date":"2023-04-03T14:56:00","date_gmt":"2023-04-03T14:56:00","guid":{"rendered":"http:\/\/talkpal.ai\/a-oldalrol\/"},"modified":"2026-03-06T16:34:42","modified_gmt":"2026-03-06T16:34:42","slug":"a-oldalrol","status":"publish","type":"page","link":"https:\/\/talkpal.ai\/hu\/a-oldalrol\/","title":{"rendered":"A  oldalr\u00f3l"},"content":{"rendered":"\n<p id=\"h-\">A <a href=\"https:\/\/talkpal.ai\/ko\/ai-%ec%96%b8%ec%96%b4-%ea%b5%90%ec%82%ac\/\">Talkpal<\/a>, Inc. egy <a href=\"https:\/\/talkpal.ai\/hu\/a-mesterseges-intelligencia-megoli-a-hagyomanyos-nyelvtanulast\/\">mesters\u00e9ges intelligencia<\/a> alap\u00fa nyelvtanul\u00e1ssal foglalkoz\u00f3 v\u00e1llalat, amelynek c\u00e9lja, hogy mindenki sz\u00e1m\u00e1ra el\u00e9rhet\u0151v\u00e9 tegye a nyelvtanul\u00e1st, b\u00e1rhol \u00e9s b\u00e1rki sz\u00e1m\u00e1ra. A Talkpal a vil\u00e1g egyik legfejlettebb mesters\u00e9gy intelligenci\u00e1val m\u0171k\u00f6d\u0151 nyelvoktat\u00f3 platformj\u00e1t fejleszti, amely tanul\u00f3k milli\u00f3inak seg\u00edt val\u00f3di besz\u00e9lget\u00e9sek magabiztos gyakorl\u00e1s\u00e1ban.<\/p>\n\n<p>A 2023-ban alap\u00edtott Talkpal egy egyszer\u0171, de er\u0151s meggy\u0151z\u0151d\u00e9sre \u00e9p\u00fcl: a nyelvtanul\u00e1s nem lehet kiv\u00e1lts\u00e1g, \u00e9s mindenki sz\u00e1m\u00e1ra el\u00e9rhet\u0151nek kell lennie. A Talkpal a legmodernebb mesters\u00e9ges intelligenci\u00e1t nyelv\u00e9szeti szak\u00e9rtelemmel \u00e9s kutat\u00e1ssal kombin\u00e1lva megsz\u00fcnteti az olyan <a href=\"https:\/\/talkpal.ai\/will-ai-kill-traditional-language-learning\/\">hagyom\u00e1nyos<\/a> akad\u00e1lyokat, mint a k\u00f6lts\u00e9gek, az id\u0151 \u00e9s a besz\u00e9dt\u0151l val\u00f3 f\u00e9lelem &#8211; ezeket szem\u00e9lyre szabott, nyom\u00e1smentes gyakorl\u00e1ssal helyettes\u00edti, amely t\u00f6bb platformon 24\/7 el\u00e9rhet\u0151.<\/p>\n\n<p>Ma a Talkpal t\u00f6bb mint 80 nyelvet t\u00e1mogat, t\u00f6bb mint 180 orsz\u00e1gban t\u00f6bb milli\u00f3 tanul\u00f3t szolg\u00e1l ki, \u00e9s el\u00e9rhet\u0151 a weben, iOS-en \u00e9s Androidon.<\/p>\n\n<h2 class=\"wp-block-heading\" id=\"h-our-mission\">K\u00fcldet\u00e9s\u00fcnk<\/h2>\n\n<p>K\u00fcldet\u00e9s\u00fcnk, hogy forradalmas\u00edtsuk a nyelvtanul\u00e1st az\u00e1ltal, hogy mag\u00e1val ragad\u00f3, interakt\u00edv \u00e9s szem\u00e9lyre szabott AI-alap\u00fa nyelvtanul\u00e1si \u00e9lm\u00e9nyt ny\u00fajtunk.<br\/><br\/>Arra t\u00f6reksz\u00fcnk, hogy lebontsuk a nyelvi akad\u00e1lyokat, el\u0151seg\u00edts\u00fck a glob\u00e1lis kapcsolatokat, \u00e9s \u00e1poljuk a szenved\u00e9lyes tanul\u00f3k k\u00f6z\u00f6ss\u00e9g\u00e9t, felhatalmazva \u0151ket arra, hogy magabiztosan \u00e9s foly\u00e9konyan kommunik\u00e1ljanak v\u00e1lasztott nyelv\u00fck\u00f6n.<\/p>\n\n<h2 class=\"wp-block-heading\" id=\"h-our-vision\">V\u00edzi\u00f3nk<\/h2>\n\n<p>C\u00e9lunk, hogy a vil\u00e1g vezet\u0151 mesters\u00e9ges intelligenci\u00e1val m\u0171k\u00f6d\u0151 nyelvoktat\u00f3j\u00e1v\u00e1 v\u00e1ljunk, amely az emberek nyelvtanul\u00e1s\u00e1nak m\u00f3dj\u00e1t a mag\u00e1val ragad\u00f3, kontextusvez\u00e9relt besz\u00e9lget\u00e9sek \u00e9s az adapt\u00edv tanul\u00e1si technol\u00f3gia r\u00e9v\u00e9n \u00e1talak\u00edtja.<br\/><br\/>C\u00e9lunk, hogy inspir\u00e1ljuk \u00e9s \u00e1poljuk a nyelvtanul\u00e1s szeretet\u00e9t, \u00f6szt\u00f6n\u00f6zz\u00fck a kultur\u00e1lis cser\u00e9t \u00e9s \u00e1thidaljuk a hat\u00e1rokon \u00e1tny\u00fal\u00f3 kommunik\u00e1ci\u00f3s szakad\u00e9kot, v\u00e9gs\u0151 soron egy \u00f6sszekapcsoltabb \u00e9s meg\u00e9rt\u0151bb vil\u00e1got alak\u00edtva ki.<\/p>\n\n<h2 class=\"wp-block-heading\" id=\"h-our-story\">T\u00f6rt\u00e9net\u00fcnk<\/h2>\n\n<p>A Talkpal-t <a href=\"https:\/\/talkpal.ai\/locations\/language-courses-in-david\/\">David<\/a> Gegechkori (a k\u00e9pen balra) \u00e9s Dimitri Dekanozishvili (a k\u00e9pen jobbra) alap\u00edtotta, akiket a hagyom\u00e1nyos <a href=\"https:\/\/talkpal.ai\/hu\/nemetul-tanulni-egyedul-hatekony-tippek-es-modszerek-gyakorlashoz\/\">nyelvtanul\u00e1si m\u00f3dszerek<\/a> ir\u00e1nti k\u00f6z\u00f6s csal\u00f3dotts\u00e1g vez\u00e9relt, amelyek gyakran nem k\u00e9sz\u00edtik fel a tanul\u00f3kat a val\u00f3s besz\u00e9dre.<\/p>\n\n<div class=\"wp-block-columns is-layout-flex wp-container-core-columns-is-layout-9d6595d7 wp-block-columns-is-layout-flex\">\n<div class=\"wp-block-column is-layout-flow wp-block-column-is-layout-flow\" style=\"flex-basis:50%\"><div class=\"wp-block-image\">\n<figure class=\"alignleft size-large\"><img decoding=\"async\" width=\"1024\" height=\"683\" src=\"https:\/\/talkpal.ai\/wp-content\/uploads\/2025\/12\/Talkpal-Entrepreneur-1024x683.jpg\" alt=\"\" class=\"wp-image-1557444\" style=\"aspect-ratio:1.4992888417882142\" srcset=\"https:\/\/talkpal.ai\/wp-content\/uploads\/2025\/12\/Talkpal-Entrepreneur-1024x683.jpg 1024w, https:\/\/talkpal.ai\/wp-content\/uploads\/2025\/12\/Talkpal-Entrepreneur-300x200.jpg 300w, https:\/\/talkpal.ai\/wp-content\/uploads\/2025\/12\/Talkpal-Entrepreneur-768x512.jpg 768w, https:\/\/talkpal.ai\/wp-content\/uploads\/2025\/12\/Talkpal-Entrepreneur.jpg 1344w\" sizes=\"(max-width: 1024px) 100vw, 1024px\" \/><\/figure>\n<\/div><\/div>\n\n\n\n<div class=\"wp-block-column is-layout-flow wp-block-column-is-layout-flow\" style=\"flex-basis:50%\">\n<p>A c\u00e9l m\u00e1r a kezdetekt\u0151l fogva vil\u00e1gos volt: olyan mesters\u00e9ges intelligenci\u00e1val rendelkez\u0151 nyelvi t\u00e1rsat k\u00e9sz\u00edteni, amely kev\u00e9sb\u00e9 hasonl\u00edt tank\u00f6nyvre, ink\u00e1bb egy t\u00e1mogat\u00f3 besz\u00e9lget\u0151partnerre. A &#8222;Talkpal&#8221; n\u00e9v ezt a filoz\u00f3fi\u00e1t t\u00fckr\u00f6zi &#8211; egy bar\u00e1ts\u00e1gos, mindig el\u00e9rhet\u0151 t\u00e1rs, amely arra \u00f6szt\u00f6nzi a tanul\u00f3kat, hogy az \u00edt\u00e9lkez\u00e9st\u0151l val\u00f3 f\u00e9lelem n\u00e9lk\u00fcl gyakorolj\u00e1k a besz\u00e9det.<\/p>\n\n\n\n<p>A Talkpal webes term\u00e9kk\u00e9nt indult, majd gyorsan mobil platformokra is kiterjesztette tev\u00e9kenys\u00e9g\u00e9t, \u00e9s egy glob\u00e1lis csapatot hozott \u00f6ssze <a href=\"https:\/\/talkpal.ai\/speaking-with-ai\/\">AI<\/a> m\u00e9rn\u00f6k\u00f6kb\u0151l, nyelv\u00e9szekb\u0151l, oktat\u00f3kb\u00f3l, marketingesekb\u0151l \u00e9s term\u00e9ktervez\u0151kb\u0151l. A folyamatos iter\u00e1ci\u00f3, kutat\u00e1s \u00e9s felhaszn\u00e1l\u00f3i visszajelz\u00e9sek r\u00e9v\u00e9n a Talkpal egy \u00e1tfog\u00f3 AI nyelvtanul\u00e1si platformm\u00e1 fejl\u0151d\u00f6tt, amelyben vil\u00e1gszerte milli\u00f3k b\u00edznak.<\/p>\n<\/div>\n<\/div>\n\n<h2 class=\"wp-block-heading\" id=\"h-what-we-do\">Mit csin\u00e1lunk<\/h2>\n\n<p>A Talkpal mesters\u00e9ges intelligenci\u00e1val t\u00e1mogatott sz\u00f6veg- \u00e9s hangalap\u00fa tanul\u00e1si \u00e9lm\u00e9nyeket ny\u00fajt, amelyeket \u00fagy terveztek, hogy szimul\u00e1lj\u00e1k a val\u00f3di emberi interakci\u00f3t. Platformunk dinamikusan alkalmazkodik az egyes tanul\u00f3k szintj\u00e9hez, c\u00e9ljaihoz \u00e9s tanul\u00e1si st\u00edlus\u00e1hoz.<\/p>\n\n<p>A legfontosabb k\u00e9pess\u00e9gek a k\u00f6vetkez\u0151k:<\/p>\n\n<ul class=\"wp-block-list\">\n<li>Term\u00e9szetes AI besz\u00e9lget\u00e9sek a besz\u00e9dgyakorl\u00e1shoz<\/li>\n\n\n\n<li>Val\u00f3s idej\u0171 visszajelz\u00e9s a kiejt\u00e9sr\u0151l, a nyelvtanr\u00f3l \u00e9s a besz\u00e9dk\u00e9szs\u00e9gr\u0151l<\/li>\n\n\n\n<li>T\u00e1mogat\u00e1s kezd\u0151knek \u00e9s halad\u00f3knak<\/li>\n\n\n\n<li>T\u00f6bb mint 80 vil\u00e1gnyelv leck\u00e9i, k\u00f6zt\u00fck angol, spanyol, n\u00e9met, francia, olasz, jap\u00e1n, k\u00ednai, koreai, arab, holland, portug\u00e1l, sv\u00e9d, h\u00e9ber, g\u00f6r\u00f6g, t\u00f6r\u00f6k, finn, finn \u00e9s afrikaans, alb\u00e1n, \u00f6rm\u00e9ny, asszam, azerbajdzs\u00e1ni, baszk, feh\u00e9rorosz, beng\u00e1li, bosny\u00e1k, bolg\u00e1r, burmai, kantoni, katal\u00e1n, horv\u00e1t, cseh, d\u00e1n, \u00e9szt, gal\u00edciai, gr\u00faz, gudzsarati, hindi, magyar, izlandi, indon\u00e9z, \u00edr, j\u00e1vai, kannada, kazah, khmer, laos, lett, litv\u00e1n, maced\u00f3n, mal\u00e1j, malaj\u00e1lam, m\u00e1ltai, maori, marathi, mongol, nep\u00e1li, norv\u00e9g, odia, Pashto, perzsa, lengyel, pandzs\u00e1bi, rom\u00e1n, orosz, szerb, szingal\u00e9z, szlov\u00e1k, szlov\u00e9n, szom\u00e1li, szuah\u00e9li, tagalog, tamil, telugu, thai, ukr\u00e1n, urdu, \u00fczb\u00e9g, vietnami, walesi, zulu \u00e9s m\u00e9g sok m\u00e1s nyelv.<\/li>\n\n\n\n<li>Freemium modell rugalmas el\u0151fizet\u00e9si tervekkel<\/li>\n\n\n\n<li>Dedik\u00e1lt v\u00e1llalati megold\u00e1sok egyetemek, nyelviskol\u00e1k, v\u00e1llalatok \u00e9s m\u00e1s szervezetek sz\u00e1m\u00e1ra<\/li>\n<\/ul>\n\n<p>Tartalmunkat \u00e9s rendszereinket nyelvi szak\u00e9rt\u0151kkel \u00e9s mesters\u00e9ges intelligencia kutat\u00f3kkal egy\u00fcttm\u0171k\u00f6dve fejlesztj\u00fck, biztos\u00edtva a pedag\u00f3giai megalapozotts\u00e1got \u00e9s a technikai kiv\u00e1l\u00f3s\u00e1got.<\/p>\n\n<h2 class=\"wp-block-heading\" id=\"h-research-backed-learning\">Kutat\u00e1ssal al\u00e1t\u00e1masztott tanul\u00e1s<\/h2>\n\n<p>A Talkpal hat\u00e9konys\u00e1g\u00e1t t\u00f6bb tudom\u00e1nyos tanulm\u00e1ny is vizsg\u00e1lta, k\u00fcl\u00f6n\u00f6sen az angol nyelvtanul\u00e1s \u00e9s az angol nyelvtanul\u00e1s kontextus\u00e1ban. A kutat\u00e1sok statisztikailag szignifik\u00e1ns javul\u00e1st mutattak ki a tanul\u00f3k besz\u00e9dk\u00e9szs\u00e9g\u00e9ben, kiejt\u00e9s\u00e9ben, nyelvtan\u00e1ban \u00e9s magabiztoss\u00e1g\u00e1ban, ha olyan mesters\u00e9genyelv\u0171 t\u00e1rsalg\u00e1si eszk\u00f6z\u00f6ket haszn\u00e1lnak, mint a Talkpal.<\/p>\n\n<p>Ez a kutat\u00e1sk\u00f6zpont\u00fa megk\u00f6zel\u00edt\u00e9s t\u00e1masztja al\u00e1 elk\u00f6telezetts\u00e9g\u00fcnket az ir\u00e1nt, hogy ne csak innovat\u00edv technol\u00f3gi\u00e1t, hanem m\u00e9rhet\u0151en hat\u00e9kony nyelvtanul\u00e1si \u00e9lm\u00e9nyt is ny\u00fajtsunk.<\/p>\n\n<h2 class=\"wp-block-heading\" id=\"h-trusted-by-learners-worldwide\">A tanul\u00f3k vil\u00e1gszerte megb\u00edznak benne<\/h2>\n\n<p>A Talkpalban vil\u00e1gszerte felhaszn\u00e1l\u00f3k milli\u00f3i b\u00edznak, \u00e9s az alkalmaz\u00e1sboltokban \u00e9s az \u00e9rt\u00e9kel\u0151 platformokon folyamatosan j\u00f3 \u00e9rt\u00e9kel\u00e9seket kap. A tanul\u00f3k gyakran kiemelik:<\/p>\n\n<ul class=\"wp-block-list\">\n<li>A nyom\u00e1smentes k\u00f6rnyezet a besz\u00e9dgyakorl\u00e1shoz<\/li>\n\n\n\n<li>Azonnali, megval\u00f3s\u00edthat\u00f3 visszajelz\u00e9s<\/li>\n\n\n\n<li>Rugalmass\u00e1g a tanul\u00e1shoz b\u00e1rmikor \u00e9s b\u00e1rhol<\/li>\n\n\n\n<li>A gyakorl\u00e1s lehet\u0151s\u00e9ge emberi nyelvi partner n\u00e9lk\u00fcl<\/li>\n<\/ul>\n\n<h2 class=\"wp-block-heading\" id=\"h-our-commitment\">Elk\u00f6telezetts\u00e9g\u00fcnk<\/h2>\n\n<p>A Talkpaln\u00e1l elk\u00f6telezettek vagyunk a k\u00f6vetkez\u0151k ir\u00e1nt:<\/p>\n\n<ul class=\"wp-block-list\">\n<li><strong>Innov\u00e1ci\u00f3 &#8211;<\/strong> folyamatos fejl\u0151d\u00e9s a mesters\u00e9ges intelligencia \u00e9s az oktat\u00e1si technol\u00f3gia ter\u00e9n<\/li>\n\n\n\n<li><strong>Min\u0151s\u00e9g &#8211;<\/strong> kutat\u00e1sokkal al\u00e1t\u00e1masztott tanul\u00e1si tapasztalatok<\/li>\n\n\n\n<li><strong>Hozz\u00e1f\u00e9rhet\u0151s\u00e9g &#8211;<\/strong> megfizethet\u0151, inkluz\u00edv nyelvtanul\u00e1s mindenki sz\u00e1m\u00e1ra<\/li>\n\n\n\n<li><strong>Glob\u00e1lis hat\u00e1s &#8211;<\/strong> a kult\u00far\u00e1k k\u00f6z\u00f6tti kommunik\u00e1ci\u00f3 er\u0151s\u00edt\u00e9se<\/li>\n<\/ul>\n\n<p>Hissz\u00fck, hogy a nyelvnek megvan az ereje ahhoz, hogy megv\u00e1ltoztassa az \u00e9letet &#8211; \u00e9s a mesters\u00e9ges intelligencia seg\u00edts\u00e9g\u00e9vel ez az er\u0151 mindenkit el\u00e9rhet.<\/p>\n\n<p><\/p>\n","protected":false},"excerpt":{"rendered":"<p>A Talkpal, Inc. egy mesters\u00e9ges intelligencia alap\u00fa nyelvtanul\u00e1ssal foglalkoz\u00f3 v\u00e1llalat, amelynek c\u00e9lja, hogy mindenki sz\u00e1m\u00e1ra el\u00e9rhet\u0151v\u00e9 tegye a nyelvtanul\u00e1st, b\u00e1rhol \u00e9s b\u00e1rki sz\u00e1m\u00e1ra. A Talkpal a vil\u00e1g egyik legfejlettebb mesters\u00e9gy intelligenci\u00e1val m\u0171k\u00f6d\u0151 nyelvoktat\u00f3 platformj\u00e1t fejleszti, amely tanul\u00f3k milli\u00f3inak seg\u00edt val\u00f3di besz\u00e9lget\u00e9sek magabiztos gyakorl\u00e1s\u00e1ban. A 2023-ban alap\u00edtott Talkpal egy egyszer\u0171, de er\u0151s meggy\u0151z\u0151d\u00e9sre \u00e9p\u00fcl: a nyelvtanul\u00e1s [&hellip;]<\/p>\n","protected":false},"author":1,"featured_media":197960,"parent":0,"menu_order":0,"comment_status":"closed","ping_status":"closed","template":"","meta":{"_acf_changed":false,"footnotes":""},"class_list":["post-167012","page","type-page","status-publish","has-post-thumbnail","hentry"],"acf":[],"yoast_head":"<!-- This site is optimized with the Yoast SEO Premium plugin v27.2 (Yoast SEO v27.2) - https:\/\/yoast.com\/product\/yoast-seo-premium-wordpress\/ -->\n<title>A oldalr\u00f3l - Talkpal<\/title>\n<meta name=\"description\" content=\"A Talkpal egy GPT-alap\u00fa mesters\u00e9ges intelligencia nyelvi oktat\u00f3, amelyet azzal a hittel alap\u00edtottak, hogy a nyelvtanul\u00e1snak mindenki sz\u00e1m\u00e1ra el\u00e9rhet\u0151nek kell lennie.\" \/>\n<meta name=\"robots\" content=\"index, follow, max-snippet:-1, max-image-preview:large, max-video-preview:-1\" \/>\n<link rel=\"canonical\" href=\"https:\/\/talkpal.ai\/hu\/a-oldalrol\/\" \/>\n<meta property=\"og:locale\" content=\"hu_HU\" \/>\n<meta property=\"og:type\" content=\"article\" \/>\n<meta property=\"og:title\" content=\"A oldalr\u00f3l\" \/>\n<meta property=\"og:description\" content=\"A Talkpal, Inc. egy mesters\u00e9ges intelligencia alap\u00fa nyelvtanul\u00e1ssal foglalkoz\u00f3 v\u00e1llalat, amelynek c\u00e9lja, hogy mindenki sz\u00e1m\u00e1ra el\u00e9rhet\u0151v\u00e9 tegye a\" \/>\n<meta property=\"og:url\" content=\"https:\/\/talkpal.ai\/hu\/a-oldalrol\/\" \/>\n<meta property=\"og:site_name\" content=\"Talkpal\" \/>\n<meta property=\"article:publisher\" content=\"https:\/\/www.facebook.com\/profile.php?id=100090733639311\" \/>\n<meta property=\"article:modified_time\" content=\"2026-03-06T16:34:42+00:00\" \/>\n<meta property=\"og:image\" content=\"https:\/\/talkpal.ai\/wp-content\/uploads\/2024\/03\/Talkpal-Logo-Icon.png\" \/>\n\t<meta property=\"og:image:width\" content=\"5000\" \/>\n\t<meta property=\"og:image:height\" content=\"5000\" \/>\n\t<meta property=\"og:image:type\" content=\"image\/png\" \/>\n<meta name=\"twitter:card\" content=\"summary_large_image\" \/>\n<meta name=\"twitter:site\" content=\"@talkpalai\" \/>\n<meta name=\"twitter:label1\" content=\"Becs\u00fclt olvas\u00e1si id\u0151\" \/>\n\t<meta name=\"twitter:data1\" content=\"6 perc\" \/>\n<script type=\"application\/ld+json\" class=\"yoast-schema-graph\">{\"@context\":\"https:\/\/schema.org\",\"@graph\":[{\"@type\":\"WebPage\",\"@id\":\"https:\/\/talkpal.ai\/hu\/a-oldalrol\/\",\"url\":\"https:\/\/talkpal.ai\/hu\/a-oldalrol\/\",\"name\":\"A oldalr\u00f3l - Talkpal\",\"isPartOf\":{\"@id\":\"https:\/\/talkpal.ai\/hu\/#website\"},\"primaryImageOfPage\":{\"@id\":\"https:\/\/talkpal.ai\/hu\/a-oldalrol\/#primaryimage\"},\"image\":{\"@id\":\"https:\/\/talkpal.ai\/hu\/a-oldalrol\/#primaryimage\"},\"thumbnailUrl\":\"https:\/\/talkpal.ai\/wp-content\/uploads\/2024\/03\/Talkpal-Logo-Icon.png\",\"datePublished\":\"2023-04-03T14:56:00+00:00\",\"dateModified\":\"2026-03-06T16:34:42+00:00\",\"description\":\"A Talkpal egy GPT-alap\u00fa mesters\u00e9ges intelligencia nyelvi oktat\u00f3, amelyet azzal a hittel alap\u00edtottak, hogy a nyelvtanul\u00e1snak mindenki sz\u00e1m\u00e1ra el\u00e9rhet\u0151nek kell lennie.\",\"breadcrumb\":{\"@id\":\"https:\/\/talkpal.ai\/hu\/a-oldalrol\/#breadcrumb\"},\"inLanguage\":\"hu\",\"potentialAction\":[{\"@type\":\"ReadAction\",\"target\":[\"https:\/\/talkpal.ai\/hu\/a-oldalrol\/\"]}]},{\"@type\":\"ImageObject\",\"inLanguage\":\"hu\",\"@id\":\"https:\/\/talkpal.ai\/hu\/a-oldalrol\/#primaryimage\",\"url\":\"https:\/\/talkpal.ai\/wp-content\/uploads\/2024\/03\/Talkpal-Logo-Icon.png\",\"contentUrl\":\"https:\/\/talkpal.ai\/wp-content\/uploads\/2024\/03\/Talkpal-Logo-Icon.png\",\"width\":5000,\"height\":5000,\"caption\":\"Talkpal log\u00f3 sz\u00f3jelz\u00e9s n\u00e9lk\u00fcl\"},{\"@type\":\"BreadcrumbList\",\"@id\":\"https:\/\/talkpal.ai\/hu\/a-oldalrol\/#breadcrumb\",\"itemListElement\":[{\"@type\":\"ListItem\",\"position\":1,\"name\":\"Homepage\",\"item\":\"https:\/\/talkpal.ai\/hu\/\"},{\"@type\":\"ListItem\",\"position\":2,\"name\":\"A oldalr\u00f3l\"}]},{\"@type\":\"WebSite\",\"@id\":\"https:\/\/talkpal.ai\/hu\/#website\",\"url\":\"https:\/\/talkpal.ai\/hu\/\",\"name\":\"Talkpal\",\"description\":\"AI Language Learning\",\"publisher\":{\"@id\":\"https:\/\/talkpal.ai\/hu\/#organization\"},\"alternateName\":\"Talkpal AI\",\"potentialAction\":[{\"@type\":\"SearchAction\",\"target\":{\"@type\":\"EntryPoint\",\"urlTemplate\":\"https:\/\/talkpal.ai\/hu\/?s={search_term_string}\"},\"query-input\":{\"@type\":\"PropertyValueSpecification\",\"valueRequired\":true,\"valueName\":\"search_term_string\"}}],\"inLanguage\":\"hu\"},{\"@type\":\"Organization\",\"@id\":\"https:\/\/talkpal.ai\/hu\/#organization\",\"name\":\"Talkpal, Inc.\",\"alternateName\":\"Talkpal AI\",\"url\":\"https:\/\/talkpal.ai\/hu\/\",\"logo\":{\"@type\":\"ImageObject\",\"inLanguage\":\"hu\",\"@id\":\"https:\/\/talkpal.ai\/hu\/#\/schema\/logo\/image\/\",\"url\":\"https:\/\/talkpal.ai\/wp-content\/uploads\/2024\/03\/Talkpal-Logo-Icon.png\",\"contentUrl\":\"https:\/\/talkpal.ai\/wp-content\/uploads\/2024\/03\/Talkpal-Logo-Icon.png\",\"width\":2880,\"height\":2880,\"caption\":\"Talkpal, Inc.\"},\"image\":{\"@id\":\"https:\/\/talkpal.ai\/hu\/#\/schema\/logo\/image\/\"},\"sameAs\":[\"https:\/\/www.facebook.com\/profile.php?id=100090733639311\",\"https:\/\/x.com\/talkpalai\",\"https:\/\/www.linkedin.com\/company\/talkpal\/\",\"https:\/\/www.youtube.com\/@TalkPal\/\",\"https:\/\/www.tiktok.com\/@talkpal\",\"https:\/\/www.instagram.com\/talkpal_ai\/\",\"https:\/\/www.crunchbase.com\/organization\/talkpal-9cde\",\"https:\/\/www.g2.com\/products\/talkpal-for-business\/\",\"https:\/\/www.trustpilot.com\/review\/talkpal.ai\",\"https:\/\/www.capterra.com\/p\/10006800\/TalkPal\/\"],\"description\":\"Talkpal is a language learning web and mobile education app, powered by the latest AI technologies, that provides engaging experiences to its customers in many different languages to help them improve their language skills. Users can chat about unlimited amount of topics with the app and use other modes to practice their language learning.\",\"email\":\"support@talkpal.ai\",\"legalName\":\"Talkpal, Inc.\",\"foundingDate\":\"2023-04-03\",\"duns\":\"118989042\",\"numberOfEmployees\":{\"@type\":\"QuantitativeValue\",\"minValue\":\"11\",\"maxValue\":\"50\"},\"publishingPrinciples\":\"https:\/\/talkpal.ai\/publishing-principles\/\",\"actionableFeedbackPolicy\":\"https:\/\/talkpal.ai\/actionable-feedback-policy\/\",\"correctionsPolicy\":\"https:\/\/talkpal.ai\/corrections-policy\/\",\"ethicsPolicy\":\"https:\/\/talkpal.ai\/ethics-policy\/\",\"diversityPolicy\":\"https:\/\/talkpal.ai\/diversity-policy\/\",\"diversityStaffingReport\":\"https:\/\/talkpal.ai\/diversity-policy\/\"}]}<\/script>\n<!-- \/ Yoast SEO Premium plugin. -->","yoast_head_json":{"title":"A oldalr\u00f3l - Talkpal","description":"A Talkpal egy GPT-alap\u00fa mesters\u00e9ges intelligencia nyelvi oktat\u00f3, amelyet azzal a hittel alap\u00edtottak, hogy a nyelvtanul\u00e1snak mindenki sz\u00e1m\u00e1ra el\u00e9rhet\u0151nek kell lennie.","robots":{"index":"index","follow":"follow","max-snippet":"max-snippet:-1","max-image-preview":"max-image-preview:large","max-video-preview":"max-video-preview:-1"},"canonical":"https:\/\/talkpal.ai\/hu\/a-oldalrol\/","og_locale":"hu_HU","og_type":"article","og_title":"A oldalr\u00f3l","og_description":"A Talkpal, Inc. egy mesters\u00e9ges intelligencia alap\u00fa nyelvtanul\u00e1ssal foglalkoz\u00f3 v\u00e1llalat, amelynek c\u00e9lja, hogy mindenki sz\u00e1m\u00e1ra el\u00e9rhet\u0151v\u00e9 tegye a","og_url":"https:\/\/talkpal.ai\/hu\/a-oldalrol\/","og_site_name":"Talkpal","article_publisher":"https:\/\/www.facebook.com\/profile.php?id=100090733639311","article_modified_time":"2026-03-06T16:34:42+00:00","og_image":[{"width":5000,"height":5000,"url":"https:\/\/talkpal.ai\/wp-content\/uploads\/2024\/03\/Talkpal-Logo-Icon.png","type":"image\/png"}],"twitter_card":"summary_large_image","twitter_site":"@talkpalai","twitter_misc":{"Becs\u00fclt olvas\u00e1si id\u0151":"6 perc"},"schema":{"@context":"https:\/\/schema.org","@graph":[{"@type":"WebPage","@id":"https:\/\/talkpal.ai\/hu\/a-oldalrol\/","url":"https:\/\/talkpal.ai\/hu\/a-oldalrol\/","name":"A oldalr\u00f3l - Talkpal","isPartOf":{"@id":"https:\/\/talkpal.ai\/hu\/#website"},"primaryImageOfPage":{"@id":"https:\/\/talkpal.ai\/hu\/a-oldalrol\/#primaryimage"},"image":{"@id":"https:\/\/talkpal.ai\/hu\/a-oldalrol\/#primaryimage"},"thumbnailUrl":"https:\/\/talkpal.ai\/wp-content\/uploads\/2024\/03\/Talkpal-Logo-Icon.png","datePublished":"2023-04-03T14:56:00+00:00","dateModified":"2026-03-06T16:34:42+00:00","description":"A Talkpal egy GPT-alap\u00fa mesters\u00e9ges intelligencia nyelvi oktat\u00f3, amelyet azzal a hittel alap\u00edtottak, hogy a nyelvtanul\u00e1snak mindenki sz\u00e1m\u00e1ra el\u00e9rhet\u0151nek kell lennie.","breadcrumb":{"@id":"https:\/\/talkpal.ai\/hu\/a-oldalrol\/#breadcrumb"},"inLanguage":"hu","potentialAction":[{"@type":"ReadAction","target":["https:\/\/talkpal.ai\/hu\/a-oldalrol\/"]}]},{"@type":"ImageObject","inLanguage":"hu","@id":"https:\/\/talkpal.ai\/hu\/a-oldalrol\/#primaryimage","url":"https:\/\/talkpal.ai\/wp-content\/uploads\/2024\/03\/Talkpal-Logo-Icon.png","contentUrl":"https:\/\/talkpal.ai\/wp-content\/uploads\/2024\/03\/Talkpal-Logo-Icon.png","width":5000,"height":5000,"caption":"Talkpal log\u00f3 sz\u00f3jelz\u00e9s n\u00e9lk\u00fcl"},{"@type":"BreadcrumbList","@id":"https:\/\/talkpal.ai\/hu\/a-oldalrol\/#breadcrumb","itemListElement":[{"@type":"ListItem","position":1,"name":"Homepage","item":"https:\/\/talkpal.ai\/hu\/"},{"@type":"ListItem","position":2,"name":"A oldalr\u00f3l"}]},{"@type":"WebSite","@id":"https:\/\/talkpal.ai\/hu\/#website","url":"https:\/\/talkpal.ai\/hu\/","name":"Talkpal","description":"AI Language Learning","publisher":{"@id":"https:\/\/talkpal.ai\/hu\/#organization"},"alternateName":"Talkpal AI","potentialAction":[{"@type":"SearchAction","target":{"@type":"EntryPoint","urlTemplate":"https:\/\/talkpal.ai\/hu\/?s={search_term_string}"},"query-input":{"@type":"PropertyValueSpecification","valueRequired":true,"valueName":"search_term_string"}}],"inLanguage":"hu"},{"@type":"Organization","@id":"https:\/\/talkpal.ai\/hu\/#organization","name":"Talkpal, Inc.","alternateName":"Talkpal AI","url":"https:\/\/talkpal.ai\/hu\/","logo":{"@type":"ImageObject","inLanguage":"hu","@id":"https:\/\/talkpal.ai\/hu\/#\/schema\/logo\/image\/","url":"https:\/\/talkpal.ai\/wp-content\/uploads\/2024\/03\/Talkpal-Logo-Icon.png","contentUrl":"https:\/\/talkpal.ai\/wp-content\/uploads\/2024\/03\/Talkpal-Logo-Icon.png","width":2880,"height":2880,"caption":"Talkpal, Inc."},"image":{"@id":"https:\/\/talkpal.ai\/hu\/#\/schema\/logo\/image\/"},"sameAs":["https:\/\/www.facebook.com\/profile.php?id=100090733639311","https:\/\/x.com\/talkpalai","https:\/\/www.linkedin.com\/company\/talkpal\/","https:\/\/www.youtube.com\/@TalkPal\/","https:\/\/www.tiktok.com\/@talkpal","https:\/\/www.instagram.com\/talkpal_ai\/","https:\/\/www.crunchbase.com\/organization\/talkpal-9cde","https:\/\/www.g2.com\/products\/talkpal-for-business\/","https:\/\/www.trustpilot.com\/review\/talkpal.ai","https:\/\/www.capterra.com\/p\/10006800\/TalkPal\/"],"description":"Talkpal is a language learning web and mobile education app, powered by the latest AI technologies, that provides engaging experiences to its customers in many different languages to help them improve their language skills. Users can chat about unlimited amount of topics with the app and use other modes to practice their language learning.","email":"support@talkpal.ai","legalName":"Talkpal, Inc.","foundingDate":"2023-04-03","duns":"118989042","numberOfEmployees":{"@type":"QuantitativeValue","minValue":"11","maxValue":"50"},"publishingPrinciples":"https:\/\/talkpal.ai\/publishing-principles\/","actionableFeedbackPolicy":"https:\/\/talkpal.ai\/actionable-feedback-policy\/","correctionsPolicy":"https:\/\/talkpal.ai\/corrections-policy\/","ethicsPolicy":"https:\/\/talkpal.ai\/ethics-policy\/","diversityPolicy":"https:\/\/talkpal.ai\/diversity-policy\/","diversityStaffingReport":"https:\/\/talkpal.ai\/diversity-policy\/"}]}},"_links":{"self":[{"href":"https:\/\/talkpal.ai\/hu\/wp-json\/wp\/v2\/pages\/167012","targetHints":{"allow":["GET"]}}],"collection":[{"href":"https:\/\/talkpal.ai\/hu\/wp-json\/wp\/v2\/pages"}],"about":[{"href":"https:\/\/talkpal.ai\/hu\/wp-json\/wp\/v2\/types\/page"}],"author":[{"embeddable":true,"href":"https:\/\/talkpal.ai\/hu\/wp-json\/wp\/v2\/users\/1"}],"replies":[{"embeddable":true,"href":"https:\/\/talkpal.ai\/hu\/wp-json\/wp\/v2\/comments?post=167012"}],"version-history":[{"count":0,"href":"https:\/\/talkpal.ai\/hu\/wp-json\/wp\/v2\/pages\/167012\/revisions"}],"wp:featuredmedia":[{"embeddable":true,"href":"https:\/\/talkpal.ai\/hu\/wp-json\/wp\/v2\/media\/197960"}],"wp:attachment":[{"href":"https:\/\/talkpal.ai\/hu\/wp-json\/wp\/v2\/media?parent=167012"}],"curies":[{"name":"wp","href":"https:\/\/api.w.org\/{rel}","templated":true}]}}