{"id":166730,"date":"2023-06-16T10:58:35","date_gmt":"2023-06-16T10:58:35","guid":{"rendered":"http:\/\/talkpal.ai\/orosz-nyelvtani-gyakorlatok\/"},"modified":"2025-12-17T16:24:26","modified_gmt":"2025-12-17T16:24:26","slug":"orosz-nyelvtani-gyakorlatok","status":"publish","type":"page","link":"https:\/\/talkpal.ai\/hu\/orosz-nyelvtani-gyakorlatok\/","title":{"rendered":"Orosz nyelvtani gyakorlatok"},"content":{"rendered":"\r\n\r\n\r\n<section class=\"languageChallengeSection\">\r\n    <div class=\"languageInfoWrapper\">\r\n        \r\n        <h1>Orosz nyelvtani gyakorlatok<\/h1>\r\n        <p>K\u00e9szen \u00e1llsz az <a href=\"https:\/\/talkpal.ai\/learn-russian\/\">orosz<\/a> nyelvtud\u00e1sod meger\u0151s\u00edt\u00e9s\u00e9re? A nyelvtani gyakorlatok gyakorl\u00e1sa az egyik legjobb m\u00f3dja a mondatszerkezet, az igek\u00f6t\u0151k \u00e9s az <a href=\"https:\/\/talkpal.ai\/learn-russian\/\">orosz<\/a> nyelv egyedi szab\u00e1lyainak elsaj\u00e1t\u00edt\u00e1s\u00e1nak. Kezdje el felfedezni az orosz nyelvtant m\u00e9g ma, \u00e9s n\u00e9zze, ahogy a meg\u00e9rt\u00e9se \u00e9s a foly\u00e9kony besz\u00e9dk\u00e9szs\u00e9ge <a href=\"https:\/\/talkpal.ai\/locations\/language-courses-in-minden\/\">minden<\/a> egyes gyakorlattal n\u00f6vekszik!<\/p>\r\n\r\n                            <a class=\"getStartedHidden\" href=\"https:\/\/app.talkpal.ai\/hu\/signup?lng=\">Kezdj\u00fck<\/a>\r\n        \r\n    <\/div>\r\n\r\n    <figure>\r\n    <img decoding=\"async\" width=\"768\" height=\"768\" src=\"https:\/\/talkpal.ai\/wp-content\/uploads\/2023\/06\/russian-768x768.png\" class=\"languageImage no-lazy\" alt=\"Language learning for multicultural understanding\" fetchpriority=\"high\" sizes=\"(max-width: 768px) 150px, 768px\" srcset=\"https:\/\/talkpal.ai\/wp-content\/uploads\/2023\/06\/russian-768x768.png 768w, https:\/\/talkpal.ai\/wp-content\/uploads\/2023\/06\/russian-300x300.png 300w\" \/>\r\n    \r\n\r\n    <\/figure>\r\n\r\n            <a class=\"getStartedVisible\" href=\"https:\/\/app.talkpal.ai\/hu\/signup?lng=\">Kezdj\u00fck<\/a>\r\n    \r\n<\/section>\r\n\r\n\r\n<!-- <section class=\"grammarSection\">\r\n    <div class=\"grammarLinks\">\r\n            <\/div>\r\n<\/section> -->\r\n\r\n\r\n\r\n\r\n<section class=\"promotionalBanner\">\r\n    <p class=\"promotionalText\">A nyelvtanul\u00e1s leghat\u00e9konyabb m\u00f3dja<\/p>\r\n    <a class=\"promotionalLink\" href=\"https:\/\/app.talkpal.ai\/hu\/signup?lng=\">Pr\u00f3b\u00e1lja ki a Talkpal ingyen<\/a>\r\n<\/section>\n<div class=\"wp-block-group pageContainerStyle\"><div class=\"wp-block-group__inner-container is-layout-constrained wp-block-group-is-layout-constrained\">\n<h2 class=\"wp-block-heading\" id=\"h-russian-grammar-topics\">Orosz nyelvtani t\u00e9m\u00e1k<\/h2>\n\n\n\n<p>Az orosz nyelv tanul\u00e1sa hihetetlen\u00fcl kifizet\u0151d\u0151 \u00e9s intellektu\u00e1lisan \u00f6szt\u00f6nz\u0151 \u00e9lm\u00e9ny lehet. Az orosz nyelv nemcsak gazdag sz\u00f3kincsben \u00e9s kifejez\u0151er\u0151ben, hanem ablakot nyit Oroszorsz\u00e1g \u00e9s a volt Szovjetuni\u00f3 leny\u0171g\u00f6z\u0151 kult\u00far\u00e1j\u00e1ra, t\u00f6rt\u00e9nelm\u00e9re \u00e9s irodalm\u00e1ra is. Ahogy elindul az orosz nyelvtanul\u00e1s \u00fatj\u00e1n, fontos, hogy megismerkedjen a k\u00fcl\u00f6nb\u00f6z\u0151 nyelvtani t\u00e9m\u00e1kkal, amelyek a nyelvtud\u00e1s alapj\u00e1t k\u00e9pezik. Ebben az \u00fatmutat\u00f3ban \u00e1ttekint\u00e9st ny\u00fajtunk az alapvet\u0151 orosz nyelvtani t\u00e9m\u00e1kr\u00f3l, bele\u00e9rtve az ig\u0151ket, ig\u00e9ket, f\u0151neveket, cikkeket, n\u00e9vm\u00e1sokat, mell\u00e9kneveket, hat\u00e1roz\u00f3szavakat, prepoz\u00edci\u00f3kat \u00e9s mondatszerkezetet. Ha elsaj\u00e1t\u00edtja ezeket az alapokat, j\u00f3 \u00faton haladhat az orosz nyelv foly\u00e9kony elsaj\u00e1t\u00edt\u00e1sa fel\u00e9.<\/p>\n\n\n\n<h3 class=\"wp-block-heading\" id=\"h-1-nouns\">1. F\u0151nevek:<\/h3>\n\n\n\n<p>Kezdje az orosz f\u0151nevek tanul\u00e1s\u00e1val, mivel ezek a nyelv alapvet\u0151 \u00e9p\u00edt\u0151k\u00f6vei. Az orosz f\u0151neveknek h\u00e1rom neme <a href=\"https:\/\/talkpal.ai\/locations\/language-courses-in-van\/\">van<\/a> (f\u00e9rfias, n\u0151ies \u00e9s ivartalan\u00edtott) \u00e9s hat eset (nominat\u00edv, genit\u00edv, dat\u00edv, t\u00e1rgyeseti, instrument\u00e1lis \u00e9s prepoz\u00edci\u00f3s). A nemek \u00e9s az esetrendszer meg\u00e9rt\u00e9se elengedhetetlen a f\u0151nevek mondatokban val\u00f3 megfelel\u0151 haszn\u00e1lat\u00e1hoz.<\/p>\n\n\n\n<h3 class=\"wp-block-heading\" id=\"h-2-pronouns\">2. N\u00e9vm\u00e1sok:<\/h3>\n\n\n\n<p>Ha m\u00e1r megismerkedt\u00e9l a f\u0151nevekkel, t\u00e9rj \u00e1t a n\u00e9vm\u00e1sokra, amelyek a f\u0151neveket helyettes\u00edtik a mondatokban, hogy elker\u00fcld az ism\u00e9tl\u00e9seket. A n\u00e9vm\u00e1soknak is van nem\u00fck \u00e9s eset\u00fck, \u00e9s fontos, hogy megtanuljuk az alakjaikat \u00e9s haszn\u00e1latukat.<\/p>\n\n\n\n<h3 class=\"wp-block-heading\" id=\"h-3-adjectives\">3. Mell\u00e9knevek:<\/h3>\n\n\n\n<p>A mell\u00e9knevek f\u0151neveket \u00e9s n\u00e9vm\u00e1sokat \u00edrnak le vagy m\u00f3dos\u00edtanak. Egyet\u00e9rtenek az \u00e1ltaluk m\u00f3dos\u00edtott f\u0151nevekkel nemben, sz\u00e1mban \u00e9s esetben. Ismerje meg a mell\u00e9knevek k\u00fcl\u00f6nb\u00f6z\u0151 form\u00e1it \u00e9s v\u00e9gz\u0151d\u00e9seit, hogy helyesen haszn\u00e1lja \u0151ket.<\/p>\n\n\n\n<h3 class=\"wp-block-heading\" id=\"h-4-verbs\">4. Ig\u00e9k:<\/h3>\n\n\n\n<p>Az ig\u00e9k minden mondat gerinc\u00e9t k\u00e9pezik, mivel cselekv\u00e9seket, \u00e1llapotokat vagy esem\u00e9nyeket fejeznek ki. Oroszul az ig\u00e9knek k\u00e9t aspektusa van (perfekt\u00edv \u00e9s t\u00f6k\u00e9letlen), \u00e9s szem\u00e9ly, sz\u00e1m \u00e9s fesz\u00fclts\u00e9g szerint konjug\u00e1lnak. Ismerkedjen meg a ragoz\u00e1si mint\u00e1kkal \u00e9s szempontokkal, hogy pontos igeform\u00e1kat alkosson.<\/p>\n\n\n\n<h3 class=\"wp-block-heading\" id=\"h-5-tenses-indicative\">5. Igeid\u0151k jelz\u00e9s\u00e9rt\u00e9k\u0171ek:<\/h3>\n\n\n\n<p>Az orosz nyelvnek h\u00e1rom indikat\u00edv ideje van: m\u00falt, jelen \u00e9s j\u00f6v\u0151. Ismerje meg, hogyan alak\u00edthatja ki \u00e9s haszn\u00e1lhatja ezeket az id\u0151ket m\u0171veletek \u00e9s esem\u00e9nyek kifejez\u00e9s\u00e9re k\u00fcl\u00f6nb\u00f6z\u0151 id\u0151keretekben.<\/p>\n\n\n\n<h3 class=\"wp-block-heading\" id=\"h-6-tenses-subjunctive\">6. Igeid\u0151k k\u00f6t\u0151sz\u00f3:<\/h3>\n\n\n\n<p>A szubjekt\u00edv hangulat hipotetikus helyzeteket, k\u00edv\u00e1ns\u00e1gokat vagy irre\u00e1lis felt\u00e9teleket fejez ki. Ismerje meg, hogyan kell az orosz nyelv\u0171 k\u00f6t\u0151sz\u00f3t kialak\u00edtani, \u00e9s mikor kell mondatokban haszn\u00e1lni.<\/p>\n\n\n\n<h3 class=\"wp-block-heading\" id=\"h-7-tense-comparison\">7. Fesz\u00fclt \u00f6sszehasonl\u00edt\u00e1s:<\/h3>\n\n\n\n<p>A vil\u00e1gos kommunik\u00e1ci\u00f3hoz elengedhetetlen annak meg\u00e9rt\u00e9se, hogyan lehet \u00f6sszehasonl\u00edtani \u00e9s szembe\u00e1ll\u00edtani a k\u00fcl\u00f6nb\u00f6z\u0151 fesz\u00fclts\u00e9g\u0171 cselekv\u00e9seket. Gyakorold a k\u00fcl\u00f6nb\u00f6z\u0151 igeid\u0151k egy\u00fcttes haszn\u00e1lat\u00e1t \u00f6sszetett gondolatok \u00e9s \u00f6tletek kifejez\u00e9s\u00e9re.<\/p>\n\n\n\n<h3 class=\"wp-block-heading\" id=\"h-8-adverbs\">8. Hat\u00e1roz\u00f3sz\u00f3k:<\/h3>\n\n\n\n<p>A hat\u00e1roz\u00f3szavak m\u00f3dos\u00edtj\u00e1k az ig\u00e9ket, mell\u00e9kneveket vagy m\u00e1s hat\u00e1roz\u00f3szavakat, inform\u00e1ci\u00f3t szolg\u00e1ltatva arr\u00f3l, hogyan, mikor, hol \u00e9s milyen m\u00e9rt\u00e9kben t\u00f6rt\u00e9nik egy m\u0171velet. Ismerje meg a gyakori orosz hat\u00e1roz\u00f3szavakat \u00e9s azok haszn\u00e1lat\u00e1t a mondatok jav\u00edt\u00e1sa \u00e9rdek\u00e9ben.<\/p>\n\n\n\n<h3 class=\"wp-block-heading\" id=\"h-9-prepositions\">9. El\u00f6lj\u00e1r\u00f3szavak:<\/h3>\n\n\n\n<p>Az el\u00f6lj\u00e1r\u00f3szavak a f\u0151neveket, n\u00e9vm\u00e1sokat vagy kifejez\u00e9seket a mondaton bel\u00fcli m\u00e1s szavakhoz kapcsolj\u00e1k, jelezve olyan kapcsolatokat, mint a hely, az ir\u00e1ny, az id\u0151 vagy a c\u00e9l. Ismerje meg az orosz prepoz\u00edci\u00f3kat \u00e9s a megfelel\u0151 eseteket a nyelvtanilag helyes mondatok kialak\u00edt\u00e1s\u00e1hoz.<\/p>\n\n\n\n<h3 class=\"wp-block-heading\" id=\"h-10-sentence-structure\">10. Mondatszerkezet:<\/h3>\n\n\n\n<p>V\u00e9g\u00fcl tanulja meg az orosz mondatszerkezet alapjait, bele\u00e9rtve a sz\u00f3rrendet, a tagad\u00e1st \u00e9s a k\u00e9rd\u00e9sk\u00e9pz\u00e9st. A mondatok helyes fel\u00e9p\u00edt\u00e9s\u00e9nek meg\u00e9rt\u00e9se biztos\u00edtja, hogy a besz\u00e9lt \u00e9s \u00edrott orosz vil\u00e1gos \u00e9s \u00e9rthet\u0151 legyen.<\/p>\n\n\n\n<p>Ezt a sorrendet k\u00f6vetve \u00e9s az egyes nyelvtani t\u00e9m\u00e1kra ford\u00edtott id\u0151t k\u00f6vet\u0151en er\u0151s alapot alak\u00edt ki oroszul, lehet\u0151v\u00e9 t\u00e9ve a hat\u00e9kony kommunik\u00e1ci\u00f3t \u00e9s a nyelv sz\u00e9ps\u00e9g\u00e9nek \u00e9s m\u00e9lys\u00e9g\u00e9nek \u00e9rt\u00e9kel\u00e9s\u00e9t.<\/p>\n<\/div><\/div>\n\r\n<section class=\"learnNavigationSection\">\r\n            \r\n        <a href=\"https:\/\/talkpal.ai\/hu\/tanulj-oroszul\/\">\r\n            <div class=\"learnNavigationWrapper\">\r\n                <div class=\"learnNavigationContent\">\r\n                    <img decoding=\"async\" src=\"https:\/\/talkpal.ai\/wp-content\/uploads\/2024\/08\/Russian.jpg\" alt=\"Russian Flag\">\r\n                    <div>\r\n                        <h4>Az orosz nyelvtanul\u00e1sr\u00f3l<\/h4>\r\n                        <p>Tudjon meg mindent az orosz nyelvtanr\u00f3l.<\/p>\r\n                    <\/div>\r\n                <\/div>\r\n            <\/div>\r\n        <\/a>\r\n\r\n        \r\n        <a href=\"https:\/\/talkpal.ai\/hu\/orosz-nyelvtan\/\">\r\n            <div class=\"learnNavigationWrapper\">\r\n                <div class=\"learnNavigationContent\">\r\n                    <img decoding=\"async\" src=\"https:\/\/talkpal.ai\/wp-content\/uploads\/2024\/08\/Russian.jpg\" alt=\"Russian Flag\">\r\n                    <div>\r\n                        <h4>Orosz nyelvtan leck\u00e9k<\/h4>\r\n                        <p>Gyakorolja az orosz nyelvtant.<\/p>\r\n                    <\/div>\r\n                <\/div>\r\n            <\/div>\r\n        <\/a>\r\n\r\n        \r\n        <a href=\"https:\/\/talkpal.ai\/vocabulary_language\/russian\/\">\r\n            <div class=\"learnNavigationWrapper\">\r\n                <div class=\"learnNavigationContent\">\r\n                    <img decoding=\"async\" src=\"https:\/\/talkpal.ai\/wp-content\/uploads\/2024\/08\/Russian.jpg\" alt=\"Russian Flag\">\r\n                    <div>\r\n                        <h4>Orosz sz\u00f3kincs<\/h4>\r\n                        <p>B\u0151v\u00edtse orosz sz\u00f3kincs\u00e9t.<\/p>\r\n                    <\/div>\r\n                <\/div>\r\n            <\/div>\r\n        <\/a>\r\n\r\n            <\/section>","protected":false},"excerpt":{"rendered":"<p>Orosz nyelvtani t\u00e9m\u00e1k Az orosz nyelv tanul\u00e1sa hihetetlen\u00fcl kifizet\u0151d\u0151 \u00e9s intellektu\u00e1lisan \u00f6szt\u00f6nz\u0151 \u00e9lm\u00e9ny lehet. Az orosz nyelv nemcsak gazdag sz\u00f3kincsben \u00e9s kifejez\u0151er\u0151ben, hanem ablakot nyit Oroszorsz\u00e1g \u00e9s a volt Szovjetuni\u00f3 leny\u0171g\u00f6z\u0151 kult\u00far\u00e1j\u00e1ra, t\u00f6rt\u00e9nelm\u00e9re \u00e9s irodalm\u00e1ra is. Ahogy elindul az orosz nyelvtanul\u00e1s \u00fatj\u00e1n, fontos, hogy megismerkedjen a k\u00fcl\u00f6nb\u00f6z\u0151 nyelvtani t\u00e9m\u00e1kkal, amelyek a nyelvtud\u00e1s alapj\u00e1t k\u00e9pezik. Ebben [&hellip;]<\/p>\n","protected":false},"author":6,"featured_media":108039,"parent":0,"menu_order":0,"comment_status":"closed","ping_status":"closed","template":"LearningContentPage.php","meta":{"_acf_changed":false,"footnotes":""},"class_list":["post-166730","page","type-page","status-publish","has-post-thumbnail","hentry"],"acf":[],"yoast_head":"<!-- This site is optimized with the Yoast SEO Premium plugin v27.2 (Yoast SEO v27.2) - https:\/\/yoast.com\/product\/yoast-seo-premium-wordpress\/ -->\n<title>Orosz nyelvtani gyakorlatok - Talkpal<\/title>\n<meta name=\"description\" content=\"Fedezze fel az alapvet\u0151 orosz nyelvtani gyakorlatokat, hogy meger\u0151s\u00edtse nyelvtud\u00e1s\u00e1t \u00e9s foly\u00e9konyan besz\u00e9ljen oroszul.\" \/>\n<meta name=\"robots\" content=\"index, follow, max-snippet:-1, max-image-preview:large, max-video-preview:-1\" \/>\n<link rel=\"canonical\" href=\"https:\/\/talkpal.ai\/hu\/orosz-nyelvtani-gyakorlatok\/\" \/>\n<meta property=\"og:locale\" content=\"hu_HU\" \/>\n<meta property=\"og:type\" content=\"article\" \/>\n<meta property=\"og:title\" content=\"Orosz nyelvtani gyakorlatok\" \/>\n<meta property=\"og:description\" content=\"Orosz nyelvtani t\u00e9m\u00e1k Az orosz nyelv tanul\u00e1sa hihetetlen\u00fcl kifizet\u0151d\u0151 \u00e9s intellektu\u00e1lisan \u00f6szt\u00f6nz\u0151 \u00e9lm\u00e9ny lehet. Az orosz nyelv nemcsak gazdag sz\u00f3kincsben\" \/>\n<meta property=\"og:url\" content=\"https:\/\/talkpal.ai\/hu\/orosz-nyelvtani-gyakorlatok\/\" \/>\n<meta property=\"og:site_name\" content=\"Talkpal\" \/>\n<meta property=\"article:publisher\" content=\"https:\/\/www.facebook.com\/profile.php?id=100090733639311\" \/>\n<meta property=\"article:modified_time\" content=\"2025-12-17T16:24:26+00:00\" \/>\n<meta property=\"og:image\" content=\"https:\/\/talkpal.ai\/wp-content\/uploads\/2023\/04\/rusia.png\" \/>\n\t<meta property=\"og:image:width\" content=\"512\" \/>\n\t<meta property=\"og:image:height\" content=\"512\" \/>\n\t<meta property=\"og:image:type\" content=\"image\/png\" \/>\n<meta name=\"twitter:card\" content=\"summary_large_image\" \/>\n<meta name=\"twitter:site\" content=\"@talkpalai\" \/>\n<meta name=\"twitter:label1\" content=\"Becs\u00fclt olvas\u00e1si id\u0151\" \/>\n\t<meta name=\"twitter:data1\" content=\"4 perc\" \/>\n<script type=\"application\/ld+json\" class=\"yoast-schema-graph\">{\"@context\":\"https:\/\/schema.org\",\"@graph\":[{\"@type\":\"WebPage\",\"@id\":\"https:\/\/talkpal.ai\/hu\/orosz-nyelvtani-gyakorlatok\/\",\"url\":\"https:\/\/talkpal.ai\/hu\/orosz-nyelvtani-gyakorlatok\/\",\"name\":\"Orosz nyelvtani gyakorlatok - Talkpal\",\"isPartOf\":{\"@id\":\"https:\/\/talkpal.ai\/hu\/#website\"},\"primaryImageOfPage\":{\"@id\":\"https:\/\/talkpal.ai\/hu\/orosz-nyelvtani-gyakorlatok\/#primaryimage\"},\"image\":{\"@id\":\"https:\/\/talkpal.ai\/hu\/orosz-nyelvtani-gyakorlatok\/#primaryimage\"},\"thumbnailUrl\":\"https:\/\/talkpal.ai\/wp-content\/uploads\/2023\/04\/rusia.png\",\"datePublished\":\"2023-06-16T10:58:35+00:00\",\"dateModified\":\"2025-12-17T16:24:26+00:00\",\"description\":\"Fedezze fel az alapvet\u0151 orosz nyelvtani gyakorlatokat, hogy meger\u0151s\u00edtse nyelvtud\u00e1s\u00e1t \u00e9s foly\u00e9konyan besz\u00e9ljen oroszul.\",\"breadcrumb\":{\"@id\":\"https:\/\/talkpal.ai\/hu\/orosz-nyelvtani-gyakorlatok\/#breadcrumb\"},\"inLanguage\":\"hu\",\"potentialAction\":[{\"@type\":\"ReadAction\",\"target\":[\"https:\/\/talkpal.ai\/hu\/orosz-nyelvtani-gyakorlatok\/\"]}]},{\"@type\":\"ImageObject\",\"inLanguage\":\"hu\",\"@id\":\"https:\/\/talkpal.ai\/hu\/orosz-nyelvtani-gyakorlatok\/#primaryimage\",\"url\":\"https:\/\/talkpal.ai\/wp-content\/uploads\/2023\/04\/rusia.png\",\"contentUrl\":\"https:\/\/talkpal.ai\/wp-content\/uploads\/2023\/04\/rusia.png\",\"width\":512,\"height\":512},{\"@type\":\"BreadcrumbList\",\"@id\":\"https:\/\/talkpal.ai\/hu\/orosz-nyelvtani-gyakorlatok\/#breadcrumb\",\"itemListElement\":[{\"@type\":\"ListItem\",\"position\":1,\"name\":\"Homepage\",\"item\":\"https:\/\/talkpal.ai\/hu\/\"},{\"@type\":\"ListItem\",\"position\":2,\"name\":\"Orosz nyelvtani gyakorlatok\"}]},{\"@type\":\"WebSite\",\"@id\":\"https:\/\/talkpal.ai\/hu\/#website\",\"url\":\"https:\/\/talkpal.ai\/hu\/\",\"name\":\"Talkpal\",\"description\":\"AI Language Learning\",\"publisher\":{\"@id\":\"https:\/\/talkpal.ai\/hu\/#organization\"},\"alternateName\":\"Talkpal AI\",\"potentialAction\":[{\"@type\":\"SearchAction\",\"target\":{\"@type\":\"EntryPoint\",\"urlTemplate\":\"https:\/\/talkpal.ai\/hu\/?s={search_term_string}\"},\"query-input\":{\"@type\":\"PropertyValueSpecification\",\"valueRequired\":true,\"valueName\":\"search_term_string\"}}],\"inLanguage\":\"hu\"},{\"@type\":\"Organization\",\"@id\":\"https:\/\/talkpal.ai\/hu\/#organization\",\"name\":\"Talkpal, Inc.\",\"alternateName\":\"Talkpal AI\",\"url\":\"https:\/\/talkpal.ai\/hu\/\",\"logo\":{\"@type\":\"ImageObject\",\"inLanguage\":\"hu\",\"@id\":\"https:\/\/talkpal.ai\/hu\/#\/schema\/logo\/image\/\",\"url\":\"https:\/\/talkpal.ai\/wp-content\/uploads\/2024\/03\/Talkpal-Logo-Icon.png\",\"contentUrl\":\"https:\/\/talkpal.ai\/wp-content\/uploads\/2024\/03\/Talkpal-Logo-Icon.png\",\"width\":2880,\"height\":2880,\"caption\":\"Talkpal, Inc.\"},\"image\":{\"@id\":\"https:\/\/talkpal.ai\/hu\/#\/schema\/logo\/image\/\"},\"sameAs\":[\"https:\/\/www.facebook.com\/profile.php?id=100090733639311\",\"https:\/\/x.com\/talkpalai\",\"https:\/\/www.linkedin.com\/company\/talkpal\/\",\"https:\/\/www.youtube.com\/@TalkPal\/\",\"https:\/\/www.tiktok.com\/@talkpal\",\"https:\/\/www.instagram.com\/talkpal_ai\/\",\"https:\/\/www.crunchbase.com\/organization\/talkpal-9cde\",\"https:\/\/www.g2.com\/products\/talkpal-for-business\/\",\"https:\/\/www.trustpilot.com\/review\/talkpal.ai\",\"https:\/\/www.capterra.com\/p\/10006800\/TalkPal\/\"],\"description\":\"Talkpal is a language learning web and mobile education app, powered by the latest AI technologies, that provides engaging experiences to its customers in many different languages to help them improve their language skills. Users can chat about unlimited amount of topics with the app and use other modes to practice their language learning.\",\"email\":\"support@talkpal.ai\",\"legalName\":\"Talkpal, Inc.\",\"foundingDate\":\"2023-04-03\",\"duns\":\"118989042\",\"numberOfEmployees\":{\"@type\":\"QuantitativeValue\",\"minValue\":\"11\",\"maxValue\":\"50\"},\"publishingPrinciples\":\"https:\/\/talkpal.ai\/publishing-principles\/\",\"actionableFeedbackPolicy\":\"https:\/\/talkpal.ai\/actionable-feedback-policy\/\",\"correctionsPolicy\":\"https:\/\/talkpal.ai\/corrections-policy\/\",\"ethicsPolicy\":\"https:\/\/talkpal.ai\/ethics-policy\/\",\"diversityPolicy\":\"https:\/\/talkpal.ai\/diversity-policy\/\",\"diversityStaffingReport\":\"https:\/\/talkpal.ai\/diversity-policy\/\"}]}<\/script>\n<!-- \/ Yoast SEO Premium plugin. -->","yoast_head_json":{"title":"Orosz nyelvtani gyakorlatok - Talkpal","description":"Fedezze fel az alapvet\u0151 orosz nyelvtani gyakorlatokat, hogy meger\u0151s\u00edtse nyelvtud\u00e1s\u00e1t \u00e9s foly\u00e9konyan besz\u00e9ljen oroszul.","robots":{"index":"index","follow":"follow","max-snippet":"max-snippet:-1","max-image-preview":"max-image-preview:large","max-video-preview":"max-video-preview:-1"},"canonical":"https:\/\/talkpal.ai\/hu\/orosz-nyelvtani-gyakorlatok\/","og_locale":"hu_HU","og_type":"article","og_title":"Orosz nyelvtani gyakorlatok","og_description":"Orosz nyelvtani t\u00e9m\u00e1k Az orosz nyelv tanul\u00e1sa hihetetlen\u00fcl kifizet\u0151d\u0151 \u00e9s intellektu\u00e1lisan \u00f6szt\u00f6nz\u0151 \u00e9lm\u00e9ny lehet. Az orosz nyelv nemcsak gazdag sz\u00f3kincsben","og_url":"https:\/\/talkpal.ai\/hu\/orosz-nyelvtani-gyakorlatok\/","og_site_name":"Talkpal","article_publisher":"https:\/\/www.facebook.com\/profile.php?id=100090733639311","article_modified_time":"2025-12-17T16:24:26+00:00","og_image":[{"width":512,"height":512,"url":"https:\/\/talkpal.ai\/wp-content\/uploads\/2023\/04\/rusia.png","type":"image\/png"}],"twitter_card":"summary_large_image","twitter_site":"@talkpalai","twitter_misc":{"Becs\u00fclt olvas\u00e1si id\u0151":"4 perc"},"schema":{"@context":"https:\/\/schema.org","@graph":[{"@type":"WebPage","@id":"https:\/\/talkpal.ai\/hu\/orosz-nyelvtani-gyakorlatok\/","url":"https:\/\/talkpal.ai\/hu\/orosz-nyelvtani-gyakorlatok\/","name":"Orosz nyelvtani gyakorlatok - Talkpal","isPartOf":{"@id":"https:\/\/talkpal.ai\/hu\/#website"},"primaryImageOfPage":{"@id":"https:\/\/talkpal.ai\/hu\/orosz-nyelvtani-gyakorlatok\/#primaryimage"},"image":{"@id":"https:\/\/talkpal.ai\/hu\/orosz-nyelvtani-gyakorlatok\/#primaryimage"},"thumbnailUrl":"https:\/\/talkpal.ai\/wp-content\/uploads\/2023\/04\/rusia.png","datePublished":"2023-06-16T10:58:35+00:00","dateModified":"2025-12-17T16:24:26+00:00","description":"Fedezze fel az alapvet\u0151 orosz nyelvtani gyakorlatokat, hogy meger\u0151s\u00edtse nyelvtud\u00e1s\u00e1t \u00e9s foly\u00e9konyan besz\u00e9ljen oroszul.","breadcrumb":{"@id":"https:\/\/talkpal.ai\/hu\/orosz-nyelvtani-gyakorlatok\/#breadcrumb"},"inLanguage":"hu","potentialAction":[{"@type":"ReadAction","target":["https:\/\/talkpal.ai\/hu\/orosz-nyelvtani-gyakorlatok\/"]}]},{"@type":"ImageObject","inLanguage":"hu","@id":"https:\/\/talkpal.ai\/hu\/orosz-nyelvtani-gyakorlatok\/#primaryimage","url":"https:\/\/talkpal.ai\/wp-content\/uploads\/2023\/04\/rusia.png","contentUrl":"https:\/\/talkpal.ai\/wp-content\/uploads\/2023\/04\/rusia.png","width":512,"height":512},{"@type":"BreadcrumbList","@id":"https:\/\/talkpal.ai\/hu\/orosz-nyelvtani-gyakorlatok\/#breadcrumb","itemListElement":[{"@type":"ListItem","position":1,"name":"Homepage","item":"https:\/\/talkpal.ai\/hu\/"},{"@type":"ListItem","position":2,"name":"Orosz nyelvtani gyakorlatok"}]},{"@type":"WebSite","@id":"https:\/\/talkpal.ai\/hu\/#website","url":"https:\/\/talkpal.ai\/hu\/","name":"Talkpal","description":"AI Language Learning","publisher":{"@id":"https:\/\/talkpal.ai\/hu\/#organization"},"alternateName":"Talkpal AI","potentialAction":[{"@type":"SearchAction","target":{"@type":"EntryPoint","urlTemplate":"https:\/\/talkpal.ai\/hu\/?s={search_term_string}"},"query-input":{"@type":"PropertyValueSpecification","valueRequired":true,"valueName":"search_term_string"}}],"inLanguage":"hu"},{"@type":"Organization","@id":"https:\/\/talkpal.ai\/hu\/#organization","name":"Talkpal, Inc.","alternateName":"Talkpal AI","url":"https:\/\/talkpal.ai\/hu\/","logo":{"@type":"ImageObject","inLanguage":"hu","@id":"https:\/\/talkpal.ai\/hu\/#\/schema\/logo\/image\/","url":"https:\/\/talkpal.ai\/wp-content\/uploads\/2024\/03\/Talkpal-Logo-Icon.png","contentUrl":"https:\/\/talkpal.ai\/wp-content\/uploads\/2024\/03\/Talkpal-Logo-Icon.png","width":2880,"height":2880,"caption":"Talkpal, Inc."},"image":{"@id":"https:\/\/talkpal.ai\/hu\/#\/schema\/logo\/image\/"},"sameAs":["https:\/\/www.facebook.com\/profile.php?id=100090733639311","https:\/\/x.com\/talkpalai","https:\/\/www.linkedin.com\/company\/talkpal\/","https:\/\/www.youtube.com\/@TalkPal\/","https:\/\/www.tiktok.com\/@talkpal","https:\/\/www.instagram.com\/talkpal_ai\/","https:\/\/www.crunchbase.com\/organization\/talkpal-9cde","https:\/\/www.g2.com\/products\/talkpal-for-business\/","https:\/\/www.trustpilot.com\/review\/talkpal.ai","https:\/\/www.capterra.com\/p\/10006800\/TalkPal\/"],"description":"Talkpal is a language learning web and mobile education app, powered by the latest AI technologies, that provides engaging experiences to its customers in many different languages to help them improve their language skills. Users can chat about unlimited amount of topics with the app and use other modes to practice their language learning.","email":"support@talkpal.ai","legalName":"Talkpal, Inc.","foundingDate":"2023-04-03","duns":"118989042","numberOfEmployees":{"@type":"QuantitativeValue","minValue":"11","maxValue":"50"},"publishingPrinciples":"https:\/\/talkpal.ai\/publishing-principles\/","actionableFeedbackPolicy":"https:\/\/talkpal.ai\/actionable-feedback-policy\/","correctionsPolicy":"https:\/\/talkpal.ai\/corrections-policy\/","ethicsPolicy":"https:\/\/talkpal.ai\/ethics-policy\/","diversityPolicy":"https:\/\/talkpal.ai\/diversity-policy\/","diversityStaffingReport":"https:\/\/talkpal.ai\/diversity-policy\/"}]}},"_links":{"self":[{"href":"https:\/\/talkpal.ai\/hu\/wp-json\/wp\/v2\/pages\/166730","targetHints":{"allow":["GET"]}}],"collection":[{"href":"https:\/\/talkpal.ai\/hu\/wp-json\/wp\/v2\/pages"}],"about":[{"href":"https:\/\/talkpal.ai\/hu\/wp-json\/wp\/v2\/types\/page"}],"author":[{"embeddable":true,"href":"https:\/\/talkpal.ai\/hu\/wp-json\/wp\/v2\/users\/6"}],"replies":[{"embeddable":true,"href":"https:\/\/talkpal.ai\/hu\/wp-json\/wp\/v2\/comments?post=166730"}],"version-history":[{"count":0,"href":"https:\/\/talkpal.ai\/hu\/wp-json\/wp\/v2\/pages\/166730\/revisions"}],"wp:featuredmedia":[{"embeddable":true,"href":"https:\/\/talkpal.ai\/hu\/wp-json\/wp\/v2\/media\/108039"}],"wp:attachment":[{"href":"https:\/\/talkpal.ai\/hu\/wp-json\/wp\/v2\/media?parent=166730"}],"curies":[{"name":"wp","href":"https:\/\/api.w.org\/{rel}","templated":true}]}}