{"id":166220,"date":"2023-06-16T11:31:43","date_gmt":"2023-06-16T11:31:43","guid":{"rendered":"http:\/\/talkpal.ai\/ormeny-nyelvtani-gyakorlatok\/"},"modified":"2025-05-22T19:40:19","modified_gmt":"2025-05-22T19:40:19","slug":"ormeny-nyelvtani-gyakorlatok","status":"publish","type":"page","link":"https:\/\/talkpal.ai\/hu\/ormeny-nyelvtani-gyakorlatok\/","title":{"rendered":"\u00d6rm\u00e9ny nyelvtani gyakorlatok"},"content":{"rendered":"\r\n\r\n\r\n<section class=\"languageChallengeSection\">\r\n    <div class=\"languageInfoWrapper\">\r\n        \r\n        <h1>\u00d6rm\u00e9ny nyelvtani gyakorlatok<\/h1>\r\n        <p>Ismerkedj\u00fcnk meg az <a href=\"https:\/\/talkpal.ai\/learn-armenian\/\">\u00f6rm\u00e9ny<\/a> nyelvtannal n\u00e9h\u00e1ny egyszer\u0171 \u00e9s sz\u00f3rakoztat\u00f3 gyakorlat seg\u00edts\u00e9g\u00e9vel! Ezek a tev\u00e9kenys\u00e9gek seg\u00edtenek megszokni az alapokat, \u00e9s nagyszer\u0171 kiindul\u00f3pontot adnak a tanul\u00e1si \u00fatra.<\/p>\r\n\r\n                            <a class=\"getStartedHidden\" href=\"https:\/\/app.talkpal.ai\/hu\/signup?lng=\">Kezdj\u00fck<\/a>\r\n        \r\n    <\/div>\r\n\r\n    <figure>\r\n    <img decoding=\"async\" width=\"768\" height=\"768\" src=\"https:\/\/talkpal.ai\/wp-content\/uploads\/2023\/06\/armenian-768x768.png\" class=\"languageImage no-lazy\" alt=\"Language learning for higher cognition\" fetchpriority=\"high\" sizes=\"(max-width: 768px) 150px, 768px\" srcset=\"https:\/\/talkpal.ai\/wp-content\/uploads\/2023\/06\/armenian-768x768.png 768w, https:\/\/talkpal.ai\/wp-content\/uploads\/2023\/06\/armenian-300x300.png 300w\" \/>\r\n    \r\n\r\n    <\/figure>\r\n\r\n            <a class=\"getStartedVisible\" href=\"https:\/\/app.talkpal.ai\/hu\/signup?lng=\">Kezdj\u00fck<\/a>\r\n    \r\n<\/section>\r\n\r\n\r\n<!-- <section class=\"grammarSection\">\r\n    <div class=\"grammarLinks\">\r\n            <\/div>\r\n<\/section> -->\r\n\r\n\r\n\r\n\r\n<section class=\"promotionalBanner\">\r\n    <p class=\"promotionalText\">A nyelvtanul\u00e1s leghat\u00e9konyabb m\u00f3dja<\/p>\r\n    <a class=\"promotionalLink\" href=\"https:\/\/app.talkpal.ai\/hu\/signup?lng=\">Pr\u00f3b\u00e1lja ki a Talkpal ingyen<\/a>\r\n<\/section>\n<div class=\"wp-block-group pageContainerStyle\"><div class=\"wp-block-group__inner-container is-layout-constrained wp-block-group-is-layout-constrained\">\n<h2 class=\"wp-block-heading\" id=\"h-armenian-grammar-topics\">\u00d6rm\u00e9ny nyelvtani t\u00e9m\u00e1k<\/h2>\n\n\n\n<p>Az <a href=\"https:\/\/talkpal.ai\/learn-armenian\/\">\u00f6rm\u00e9ny<\/a> egy indoeur\u00f3pai nyelv, amelyet els\u0151sorban az \u00d6rm\u00e9ny K\u00f6zt\u00e1rsas\u00e1gban \u00e9s az \u00f6rm\u00e9ny diaszp\u00f3r\u00e1ban besz\u00e9lnek szerte a vil\u00e1gon. Hossz\u00fa t\u00f6rt\u00e9nelm\u00e9vel \u00e9s egyed\u00fcl\u00e1ll\u00f3 \u00edr\u00e1srendszer\u00e9vel az \u00f6rm\u00e9ny nyelv leny\u0171g\u00f6z\u0151 nyelvi \u00e9lm\u00e9nyt k\u00edn\u00e1l a nyelvtanul\u00f3k sz\u00e1m\u00e1ra. Mint <a href=\"https:\/\/talkpal.ai\/languages\/\">minden nyelv<\/a> eset\u00e9ben, a <a href=\"https:\/\/talkpal.ai\/grammar\/\">nyelvtan<\/a> meg\u00e9rt\u00e9se elengedhetetlen r\u00e9sze az \u00f6rm\u00e9ny nyelv elsaj\u00e1t\u00edt\u00e1s\u00e1nak. <a href=\"https:\/\/talkpal.ai\/culture\/how-do-you-use-the-demonstrative-pronouns-ez-and-az\/\">Ez az<\/a> \u00fatmutat\u00f3 \u00e1ttekint\u00e9st ny\u00fajt a legfontosabb \u00f6rm\u00e9ny nyelvtani t\u00e9m\u00e1kr\u00f3l, amelyek seg\u00edtenek szil\u00e1rd alapokat szerezni a nyelvben. A javasolt t\u00e9masorrend k\u00f6vet\u00e9s\u00e9vel hat\u00e9konyabban \u00e9s eredm\u00e9nyesebben tanulhat \u00f6rm\u00e9ny\u00fcl.<\/p>\n\n\n\n<h3 class=\"wp-block-heading\" id=\"h-1-nouns\">1. F\u0151nevek:<\/h3>\n\n\n\n<p>Kezdje \u00f6rm\u00e9ny nyelvtani utaz\u00e1s\u00e1t f\u0151nevekkel, amelyek minden nyelv gerinc\u00e9t k\u00e9pezik. Ismerje meg az \u00f6rm\u00e9ny f\u0151n\u00e9vi oszt\u00e1lyokat (gyakori \u00e9s megfelel\u0151), ragoz\u00e1st \u00e9s eseteket (n\u00e9veset, birtokos eset, dat\u00edvusz, t\u00e1rgyeset, ablat\u00edvusz, instrument\u00e1lis \u00e9s helyhat\u00e1roz\u00f3). A f\u0151nevek \u00f6rm\u00e9ny nyelv\u0171 m\u0171k\u00f6d\u00e9s\u00e9nek meg\u00e9rt\u00e9se szil\u00e1rd alapot ny\u00fajt a mondatok \u00e9p\u00edt\u00e9s\u00e9hez.<\/p>\n\n\n\n<h3 class=\"wp-block-heading\" id=\"h-2-articles\">2. Cikkek:<\/h3>\n\n\n\n<p>Az \u00f6rm\u00e9nynek hat\u00e1rozott \u00e9s hat\u00e1rozatlan cikkei vannak, hasonl\u00f3an az angolhoz. Tanulja meg, hogyan kell helyesen haszn\u00e1lni \u0151ket f\u0151nevekkel a specifikuss\u00e1g jelz\u00e9s\u00e9re \u00e9s koherens mondatok l\u00e9trehoz\u00e1s\u00e1ra.<\/p>\n\n\n\n<h3 class=\"wp-block-heading\" id=\"h-3-adjectives\">3. Mell\u00e9knevek:<\/h3>\n\n\n\n<p>A mell\u00e9knevek elengedhetetlenek a f\u0151nevek le\u00edr\u00e1s\u00e1hoz. Tanulm\u00e1nyozza az \u00f6rm\u00e9ny mell\u00e9knevek haszn\u00e1lat\u00e1nak szab\u00e1lyait, bele\u00e9rtve a f\u0151nevekkel val\u00f3 meg\u00e1llapod\u00e1st a nemben, a sz\u00e1mban \u00e9s az \u00fcgyben.<\/p>\n\n\n\n<h3 class=\"wp-block-heading\" id=\"h-4-pronouns-determiners\">4. N\u00e9vm\u00e1sok\/determin\u00e1nsok:<\/h3>\n\n\n\n<p>A n\u00e9vm\u00e1sok helyettes\u00edtik a f\u0151neveket a mondatokban, m\u00edg a determin\u00e1nsok meghat\u00e1rozz\u00e1k \u00e9s sz\u00e1mszer\u0171s\u00edtik \u0151ket. Ismerje meg az \u00f6rm\u00e9ny n\u00e9vm\u00e1sok k\u00fcl\u00f6nb\u00f6z\u0151 t\u00edpusait (szem\u00e9lyes, birtokos, demonstrat\u00edv, relat\u00edv, k\u00e9rd\u0151, reflex\u00edv) \u00e9s determin\u00e1nsokat, valamint haszn\u00e1latukat.<\/p>\n\n\n\n<h3 class=\"wp-block-heading\" id=\"h-5-verbs\">5. Ig\u00e9k:<\/h3>\n\n\n\n<p>Az ig\u00e9k egy nyelv cselekv\u0151 szavai. Ismerkedjen meg az \u00f6rm\u00e9ny igeragoz\u00e1ssal, a szab\u00e1lyos \u00e9s rendhagy\u00f3 ig\u00e9kkel, valamint a k\u00fcl\u00f6nb\u00f6z\u0151 igealakokkal (infinit\u00edv, imperat\u00edvusz, szubjekt\u00edv).<\/p>\n\n\n\n<h3 class=\"wp-block-heading\" id=\"h-6-tenses\">6. Igeid\u0151k:<\/h3>\n\n\n\n<p>Az \u00f6rm\u00e9ny nyelvben n\u00e9gy igeid\u0151 <a href=\"https:\/\/talkpal.ai\/locations\/language-courses-in-van\/\">van<\/a>: jelen, m\u00falt, j\u00f6v\u0151 \u00e9s aorist. Tanulm\u00e1nyozza az egyes id\u0151k kialakul\u00e1s\u00e1t \u00e9s haszn\u00e1lat\u00e1t, valamint az egyszer\u0171 \u00e9s folyamatos form\u00e1k k\u00f6z\u00f6tti k\u00fcl\u00f6nbs\u00e9geket.<\/p>\n\n\n\n<h3 class=\"wp-block-heading\" id=\"h-7-tense-comparison\">7. Fesz\u00fclt \u00f6sszehasonl\u00edt\u00e1s:<\/h3>\n\n\n\n<p>A k\u00fcl\u00f6nb\u00f6z\u0151 igeid\u0151k k\u00f6z\u00f6tti \u00e1rnyalatok meg\u00e9rt\u00e9se elengedhetetlen a hat\u00e9kony kommunik\u00e1ci\u00f3hoz. Tanulja meg, hogyan hasonl\u00edtsa \u00f6ssze \u00e9s \u00e1ll\u00edtsa szembe az \u00f6rm\u00e9ny id\u0151ket, hogy pontosan k\u00f6zvet\u00edtse a sz\u00e1nd\u00e9kolt jelent\u00e9st.<\/p>\n\n\n\n<h3 class=\"wp-block-heading\" id=\"h-8-progressive\">8. Progressz\u00edv:<\/h3>\n\n\n\n<p>Az \u00f6rm\u00e9ny progressz\u00edv aspektusa folyamatos cselekv\u00e9seket jelez. Tanulja meg, hogyan kell kialak\u00edtani \u00e9s haszn\u00e1lni a progressz\u00edv aspektust a k\u00fcl\u00f6nb\u00f6z\u0151 id\u0151kben.<\/p>\n\n\n\n<h3 class=\"wp-block-heading\" id=\"h-9-perfect-progressive\">9. T\u00f6k\u00e9letes progressz\u00edv:<\/h3>\n\n\n\n<p>A t\u00f6k\u00e9letes progressz\u00edv \u00f6tv\u00f6zi a t\u00f6k\u00e9letes \u00e9s progressz\u00edv szempontokat, jelezve egy olyan cselekv\u00e9st, amely a m\u00faltban kezd\u0151d\u00f6tt \u00e9s a jelenben folytat\u00f3dik. Ismerje meg annak kialakul\u00e1s\u00e1t \u00e9s haszn\u00e1lat\u00e1t \u00f6rm\u00e9ny\u00fcl.<\/p>\n\n\n\n<h3 class=\"wp-block-heading\" id=\"h-10-adverbs\">10. Hat\u00e1roz\u00f3sz\u00f3k:<\/h3>\n\n\n\n<p>A hat\u00e1roz\u00f3szavak m\u00f3dos\u00edtj\u00e1k az ig\u00e9ket, mell\u00e9kneveket \u00e9s m\u00e1s hat\u00e1roz\u00f3szavakat, tov\u00e1bbi inform\u00e1ci\u00f3kat ny\u00fajtva a cselekv\u00e9sekr\u0151l vagy min\u0151s\u00e9gekr\u0151l. Tanulm\u00e1nyozza az \u00f6rm\u00e9ny adverbumok k\u00fcl\u00f6nb\u00f6z\u0151 t\u00edpusait \u00e9s mondatokban val\u00f3 elhelyez\u00e9s\u00e9t.<\/p>\n\n\n\n<h3 class=\"wp-block-heading\" id=\"h-11-prepositions\">11. El\u00f6lj\u00e1r\u00f3szavak:<\/h3>\n\n\n\n<p>Az \u00f6rm\u00e9ny el\u00f6lj\u00e1r\u00f3szavak elengedhetetlenek a szavak k\u00f6z\u00f6tti kapcsolatok jelz\u00e9s\u00e9hez, mint p\u00e9ld\u00e1ul a hely, az ir\u00e1ny, az id\u0151 \u00e9s az ok. Ismerje meg a leggyakoribb \u00f6rm\u00e9ny el\u00f6lj\u00e1r\u00f3szavakat \u00e9s azok haszn\u00e1lat\u00e1t.<\/p>\n\n\n\n<h3 class=\"wp-block-heading\" id=\"h-12-conditionals\">12. Felt\u00e9telek:<\/h3>\n\n\n\n<p>A felt\u00e9telek hipotetikus helyzeteket \u00e9s azok lehets\u00e9ges kimeneteleit fejezik ki. Tanulm\u00e1nyozza az \u00f6rm\u00e9ny nyelv k\u00fcl\u00f6nb\u00f6z\u0151 t\u00edpus\u00fa felt\u00e9teleit (nulla, els\u0151, m\u00e1sodik \u00e9s harmadik) \u00e9s a megfelel\u0151 igeform\u00e1kat.<\/p>\n\n\n\n<h3 class=\"wp-block-heading\" id=\"h-13-sentences\">13. Mondatok:<\/h3>\n\n\n\n<p>V\u00e9g\u00fcl hozza \u00f6ssze az \u00f6sszes nyelvtani elemet, hogy teljes mondatokat alkosson \u00f6rm\u00e9ny\u00fcl. Ismerje meg a k\u00fcl\u00f6nb\u00f6z\u0151 mondatszerkezeteket, sz\u00f3rendet \u00e9s \u00edr\u00e1sjelszab\u00e1lyokat.<\/p>\n<\/div><\/div>\n\r\n<section class=\"learnNavigationSection\">\r\n            \r\n        <a href=\"https:\/\/talkpal.ai\/hu\/tanulj-ormenyul\/\">\r\n            <div class=\"learnNavigationWrapper\">\r\n                <div class=\"learnNavigationContent\">\r\n                    <img decoding=\"async\" src=\"https:\/\/talkpal.ai\/wp-content\/uploads\/2024\/08\/Armenian.jpg\" alt=\"Armenian Flag\">\r\n                    <div>\r\n                        <h4>Az \u00f6rm\u00e9ny tanul\u00e1sr\u00f3l<\/h4>\r\n                        <p>Tudjon meg mindent az \u00f6rm\u00e9ny nyelvtanr\u00f3l.<\/p>\r\n                    <\/div>\r\n                <\/div>\r\n            <\/div>\r\n        <\/a>\r\n\r\n        \r\n        <a href=\"https:\/\/talkpal.ai\/hu\/ormeny-nyelvtan\/\">\r\n            <div class=\"learnNavigationWrapper\">\r\n                <div class=\"learnNavigationContent\">\r\n                    <img decoding=\"async\" src=\"https:\/\/talkpal.ai\/wp-content\/uploads\/2024\/08\/Armenian.jpg\" alt=\"Armenian Flag\">\r\n                    <div>\r\n                        <h4>\u00d6rm\u00e9ny nyelvtani \u00f3r\u00e1k<\/h4>\r\n                        <p>Gyakorolja az \u00f6rm\u00e9ny nyelvtant.<\/p>\r\n                    <\/div>\r\n                <\/div>\r\n            <\/div>\r\n        <\/a>\r\n\r\n        \r\n        <a href=\"https:\/\/talkpal.ai\/vocabulary_language\/armenian\/\">\r\n            <div class=\"learnNavigationWrapper\">\r\n                <div class=\"learnNavigationContent\">\r\n                    <img decoding=\"async\" src=\"https:\/\/talkpal.ai\/wp-content\/uploads\/2024\/08\/Armenian.jpg\" alt=\"Armenian Flag\">\r\n                    <div>\r\n                        <h4>\u00d6rm\u00e9ny sz\u00f3kincs<\/h4>\r\n                        <p>B\u0151v\u00edtse \u00f6rm\u00e9ny sz\u00f3kincs\u00e9t.<\/p>\r\n                    <\/div>\r\n                <\/div>\r\n            <\/div>\r\n        <\/a>\r\n\r\n            <\/section>","protected":false},"excerpt":{"rendered":"<p>\u00d6rm\u00e9ny nyelvtani t\u00e9m\u00e1k Az \u00f6rm\u00e9ny egy indoeur\u00f3pai nyelv, amelyet els\u0151sorban az \u00d6rm\u00e9ny K\u00f6zt\u00e1rsas\u00e1gban \u00e9s az \u00f6rm\u00e9ny diaszp\u00f3r\u00e1ban besz\u00e9lnek szerte a vil\u00e1gon. Hossz\u00fa t\u00f6rt\u00e9nelm\u00e9vel \u00e9s egyed\u00fcl\u00e1ll\u00f3 \u00edr\u00e1srendszer\u00e9vel az \u00f6rm\u00e9ny nyelv leny\u0171g\u00f6z\u0151 nyelvi \u00e9lm\u00e9nyt k\u00edn\u00e1l a nyelvtanul\u00f3k sz\u00e1m\u00e1ra. Mint minden nyelv eset\u00e9ben, a nyelvtan meg\u00e9rt\u00e9se elengedhetetlen r\u00e9sze az \u00f6rm\u00e9ny nyelv elsaj\u00e1t\u00edt\u00e1s\u00e1nak. Ez az \u00fatmutat\u00f3 \u00e1ttekint\u00e9st ny\u00fajt a [&hellip;]<\/p>\n","protected":false},"author":6,"featured_media":109110,"parent":0,"menu_order":0,"comment_status":"closed","ping_status":"closed","template":"LearningContentPage.php","meta":{"_acf_changed":false,"footnotes":""},"class_list":["post-166220","page","type-page","status-publish","has-post-thumbnail","hentry"],"acf":[],"yoast_head":"<!-- This site is optimized with the Yoast SEO Premium plugin v27.2 (Yoast SEO v27.2) - https:\/\/yoast.com\/product\/yoast-seo-premium-wordpress\/ -->\n<title>\u00d6rm\u00e9ny nyelvtani gyakorlatok - Talkpal<\/title>\n<meta name=\"description\" content=\"Az \u00f6rm\u00e9ny nyelvtan elsaj\u00e1t\u00edt\u00e1sa az \u00f6rm\u00e9ny nyelvtani gyakorlatok seg\u00edts\u00e9g\u00e9vel, amelyeket a Talkpal, a mesters\u00e9ges intelligencia \u00e1ltal vez\u00e9relt nyelvtan\u00e1r.\" \/>\n<meta name=\"robots\" content=\"index, follow, max-snippet:-1, max-image-preview:large, max-video-preview:-1\" \/>\n<link rel=\"canonical\" href=\"https:\/\/talkpal.ai\/hu\/ormeny-nyelvtani-gyakorlatok\/\" \/>\n<meta property=\"og:locale\" content=\"hu_HU\" \/>\n<meta property=\"og:type\" content=\"article\" \/>\n<meta property=\"og:title\" content=\"\u00d6rm\u00e9ny nyelvtani gyakorlatok\" \/>\n<meta property=\"og:description\" content=\"\u00d6rm\u00e9ny nyelvtani t\u00e9m\u00e1k Az \u00f6rm\u00e9ny egy indoeur\u00f3pai nyelv, amelyet els\u0151sorban az \u00d6rm\u00e9ny K\u00f6zt\u00e1rsas\u00e1gban \u00e9s az \u00f6rm\u00e9ny diaszp\u00f3r\u00e1ban besz\u00e9lnek szerte a vil\u00e1gon.\" \/>\n<meta property=\"og:url\" content=\"https:\/\/talkpal.ai\/hu\/ormeny-nyelvtani-gyakorlatok\/\" \/>\n<meta property=\"og:site_name\" content=\"Talkpal\" \/>\n<meta property=\"article:publisher\" content=\"https:\/\/www.facebook.com\/profile.php?id=100090733639311\" \/>\n<meta property=\"article:modified_time\" content=\"2025-05-22T19:40:19+00:00\" \/>\n<meta property=\"og:image\" content=\"https:\/\/talkpal.ai\/wp-content\/uploads\/2023\/05\/armenia.png\" \/>\n\t<meta property=\"og:image:width\" content=\"512\" \/>\n\t<meta property=\"og:image:height\" content=\"512\" \/>\n\t<meta property=\"og:image:type\" content=\"image\/png\" \/>\n<meta name=\"twitter:card\" content=\"summary_large_image\" \/>\n<meta name=\"twitter:site\" content=\"@talkpalai\" \/>\n<meta name=\"twitter:label1\" content=\"Becs\u00fclt olvas\u00e1si id\u0151\" \/>\n\t<meta name=\"twitter:data1\" content=\"4 perc\" \/>\n<script type=\"application\/ld+json\" class=\"yoast-schema-graph\">{\"@context\":\"https:\/\/schema.org\",\"@graph\":[{\"@type\":\"WebPage\",\"@id\":\"https:\/\/talkpal.ai\/hu\/ormeny-nyelvtani-gyakorlatok\/\",\"url\":\"https:\/\/talkpal.ai\/hu\/ormeny-nyelvtani-gyakorlatok\/\",\"name\":\"\u00d6rm\u00e9ny nyelvtani gyakorlatok - Talkpal\",\"isPartOf\":{\"@id\":\"https:\/\/talkpal.ai\/hu\/#website\"},\"primaryImageOfPage\":{\"@id\":\"https:\/\/talkpal.ai\/hu\/ormeny-nyelvtani-gyakorlatok\/#primaryimage\"},\"image\":{\"@id\":\"https:\/\/talkpal.ai\/hu\/ormeny-nyelvtani-gyakorlatok\/#primaryimage\"},\"thumbnailUrl\":\"https:\/\/talkpal.ai\/wp-content\/uploads\/2023\/05\/armenia.png\",\"datePublished\":\"2023-06-16T11:31:43+00:00\",\"dateModified\":\"2025-05-22T19:40:19+00:00\",\"description\":\"Az \u00f6rm\u00e9ny nyelvtan elsaj\u00e1t\u00edt\u00e1sa az \u00f6rm\u00e9ny nyelvtani gyakorlatok seg\u00edts\u00e9g\u00e9vel, amelyeket a Talkpal, a mesters\u00e9ges intelligencia \u00e1ltal vez\u00e9relt nyelvtan\u00e1r.\",\"breadcrumb\":{\"@id\":\"https:\/\/talkpal.ai\/hu\/ormeny-nyelvtani-gyakorlatok\/#breadcrumb\"},\"inLanguage\":\"hu\",\"potentialAction\":[{\"@type\":\"ReadAction\",\"target\":[\"https:\/\/talkpal.ai\/hu\/ormeny-nyelvtani-gyakorlatok\/\"]}]},{\"@type\":\"ImageObject\",\"inLanguage\":\"hu\",\"@id\":\"https:\/\/talkpal.ai\/hu\/ormeny-nyelvtani-gyakorlatok\/#primaryimage\",\"url\":\"https:\/\/talkpal.ai\/wp-content\/uploads\/2023\/05\/armenia.png\",\"contentUrl\":\"https:\/\/talkpal.ai\/wp-content\/uploads\/2023\/05\/armenia.png\",\"width\":512,\"height\":512},{\"@type\":\"BreadcrumbList\",\"@id\":\"https:\/\/talkpal.ai\/hu\/ormeny-nyelvtani-gyakorlatok\/#breadcrumb\",\"itemListElement\":[{\"@type\":\"ListItem\",\"position\":1,\"name\":\"Homepage\",\"item\":\"https:\/\/talkpal.ai\/hu\/\"},{\"@type\":\"ListItem\",\"position\":2,\"name\":\"\u00d6rm\u00e9ny nyelvtani gyakorlatok\"}]},{\"@type\":\"WebSite\",\"@id\":\"https:\/\/talkpal.ai\/hu\/#website\",\"url\":\"https:\/\/talkpal.ai\/hu\/\",\"name\":\"Talkpal\",\"description\":\"AI Language Learning\",\"publisher\":{\"@id\":\"https:\/\/talkpal.ai\/hu\/#organization\"},\"alternateName\":\"Talkpal AI\",\"potentialAction\":[{\"@type\":\"SearchAction\",\"target\":{\"@type\":\"EntryPoint\",\"urlTemplate\":\"https:\/\/talkpal.ai\/hu\/?s={search_term_string}\"},\"query-input\":{\"@type\":\"PropertyValueSpecification\",\"valueRequired\":true,\"valueName\":\"search_term_string\"}}],\"inLanguage\":\"hu\"},{\"@type\":\"Organization\",\"@id\":\"https:\/\/talkpal.ai\/hu\/#organization\",\"name\":\"Talkpal, Inc.\",\"alternateName\":\"Talkpal AI\",\"url\":\"https:\/\/talkpal.ai\/hu\/\",\"logo\":{\"@type\":\"ImageObject\",\"inLanguage\":\"hu\",\"@id\":\"https:\/\/talkpal.ai\/hu\/#\/schema\/logo\/image\/\",\"url\":\"https:\/\/talkpal.ai\/wp-content\/uploads\/2024\/03\/Talkpal-Logo-Icon.png\",\"contentUrl\":\"https:\/\/talkpal.ai\/wp-content\/uploads\/2024\/03\/Talkpal-Logo-Icon.png\",\"width\":2880,\"height\":2880,\"caption\":\"Talkpal, Inc.\"},\"image\":{\"@id\":\"https:\/\/talkpal.ai\/hu\/#\/schema\/logo\/image\/\"},\"sameAs\":[\"https:\/\/www.facebook.com\/profile.php?id=100090733639311\",\"https:\/\/x.com\/talkpalai\",\"https:\/\/www.linkedin.com\/company\/talkpal\/\",\"https:\/\/www.youtube.com\/@TalkPal\/\",\"https:\/\/www.tiktok.com\/@talkpal\",\"https:\/\/www.instagram.com\/talkpal_ai\/\",\"https:\/\/www.crunchbase.com\/organization\/talkpal-9cde\",\"https:\/\/www.g2.com\/products\/talkpal-for-business\/\",\"https:\/\/www.trustpilot.com\/review\/talkpal.ai\",\"https:\/\/www.capterra.com\/p\/10006800\/TalkPal\/\"],\"description\":\"Talkpal is a language learning web and mobile education app, powered by the latest AI technologies, that provides engaging experiences to its customers in many different languages to help them improve their language skills. Users can chat about unlimited amount of topics with the app and use other modes to practice their language learning.\",\"email\":\"support@talkpal.ai\",\"legalName\":\"Talkpal, Inc.\",\"foundingDate\":\"2023-04-03\",\"duns\":\"118989042\",\"numberOfEmployees\":{\"@type\":\"QuantitativeValue\",\"minValue\":\"11\",\"maxValue\":\"50\"},\"publishingPrinciples\":\"https:\/\/talkpal.ai\/publishing-principles\/\",\"actionableFeedbackPolicy\":\"https:\/\/talkpal.ai\/actionable-feedback-policy\/\",\"correctionsPolicy\":\"https:\/\/talkpal.ai\/corrections-policy\/\",\"ethicsPolicy\":\"https:\/\/talkpal.ai\/ethics-policy\/\",\"diversityPolicy\":\"https:\/\/talkpal.ai\/diversity-policy\/\",\"diversityStaffingReport\":\"https:\/\/talkpal.ai\/diversity-policy\/\"}]}<\/script>\n<!-- \/ Yoast SEO Premium plugin. -->","yoast_head_json":{"title":"\u00d6rm\u00e9ny nyelvtani gyakorlatok - Talkpal","description":"Az \u00f6rm\u00e9ny nyelvtan elsaj\u00e1t\u00edt\u00e1sa az \u00f6rm\u00e9ny nyelvtani gyakorlatok seg\u00edts\u00e9g\u00e9vel, amelyeket a Talkpal, a mesters\u00e9ges intelligencia \u00e1ltal vez\u00e9relt nyelvtan\u00e1r.","robots":{"index":"index","follow":"follow","max-snippet":"max-snippet:-1","max-image-preview":"max-image-preview:large","max-video-preview":"max-video-preview:-1"},"canonical":"https:\/\/talkpal.ai\/hu\/ormeny-nyelvtani-gyakorlatok\/","og_locale":"hu_HU","og_type":"article","og_title":"\u00d6rm\u00e9ny nyelvtani gyakorlatok","og_description":"\u00d6rm\u00e9ny nyelvtani t\u00e9m\u00e1k Az \u00f6rm\u00e9ny egy indoeur\u00f3pai nyelv, amelyet els\u0151sorban az \u00d6rm\u00e9ny K\u00f6zt\u00e1rsas\u00e1gban \u00e9s az \u00f6rm\u00e9ny diaszp\u00f3r\u00e1ban besz\u00e9lnek szerte a vil\u00e1gon.","og_url":"https:\/\/talkpal.ai\/hu\/ormeny-nyelvtani-gyakorlatok\/","og_site_name":"Talkpal","article_publisher":"https:\/\/www.facebook.com\/profile.php?id=100090733639311","article_modified_time":"2025-05-22T19:40:19+00:00","og_image":[{"width":512,"height":512,"url":"https:\/\/talkpal.ai\/wp-content\/uploads\/2023\/05\/armenia.png","type":"image\/png"}],"twitter_card":"summary_large_image","twitter_site":"@talkpalai","twitter_misc":{"Becs\u00fclt olvas\u00e1si id\u0151":"4 perc"},"schema":{"@context":"https:\/\/schema.org","@graph":[{"@type":"WebPage","@id":"https:\/\/talkpal.ai\/hu\/ormeny-nyelvtani-gyakorlatok\/","url":"https:\/\/talkpal.ai\/hu\/ormeny-nyelvtani-gyakorlatok\/","name":"\u00d6rm\u00e9ny nyelvtani gyakorlatok - Talkpal","isPartOf":{"@id":"https:\/\/talkpal.ai\/hu\/#website"},"primaryImageOfPage":{"@id":"https:\/\/talkpal.ai\/hu\/ormeny-nyelvtani-gyakorlatok\/#primaryimage"},"image":{"@id":"https:\/\/talkpal.ai\/hu\/ormeny-nyelvtani-gyakorlatok\/#primaryimage"},"thumbnailUrl":"https:\/\/talkpal.ai\/wp-content\/uploads\/2023\/05\/armenia.png","datePublished":"2023-06-16T11:31:43+00:00","dateModified":"2025-05-22T19:40:19+00:00","description":"Az \u00f6rm\u00e9ny nyelvtan elsaj\u00e1t\u00edt\u00e1sa az \u00f6rm\u00e9ny nyelvtani gyakorlatok seg\u00edts\u00e9g\u00e9vel, amelyeket a Talkpal, a mesters\u00e9ges intelligencia \u00e1ltal vez\u00e9relt nyelvtan\u00e1r.","breadcrumb":{"@id":"https:\/\/talkpal.ai\/hu\/ormeny-nyelvtani-gyakorlatok\/#breadcrumb"},"inLanguage":"hu","potentialAction":[{"@type":"ReadAction","target":["https:\/\/talkpal.ai\/hu\/ormeny-nyelvtani-gyakorlatok\/"]}]},{"@type":"ImageObject","inLanguage":"hu","@id":"https:\/\/talkpal.ai\/hu\/ormeny-nyelvtani-gyakorlatok\/#primaryimage","url":"https:\/\/talkpal.ai\/wp-content\/uploads\/2023\/05\/armenia.png","contentUrl":"https:\/\/talkpal.ai\/wp-content\/uploads\/2023\/05\/armenia.png","width":512,"height":512},{"@type":"BreadcrumbList","@id":"https:\/\/talkpal.ai\/hu\/ormeny-nyelvtani-gyakorlatok\/#breadcrumb","itemListElement":[{"@type":"ListItem","position":1,"name":"Homepage","item":"https:\/\/talkpal.ai\/hu\/"},{"@type":"ListItem","position":2,"name":"\u00d6rm\u00e9ny nyelvtani gyakorlatok"}]},{"@type":"WebSite","@id":"https:\/\/talkpal.ai\/hu\/#website","url":"https:\/\/talkpal.ai\/hu\/","name":"Talkpal","description":"AI Language Learning","publisher":{"@id":"https:\/\/talkpal.ai\/hu\/#organization"},"alternateName":"Talkpal AI","potentialAction":[{"@type":"SearchAction","target":{"@type":"EntryPoint","urlTemplate":"https:\/\/talkpal.ai\/hu\/?s={search_term_string}"},"query-input":{"@type":"PropertyValueSpecification","valueRequired":true,"valueName":"search_term_string"}}],"inLanguage":"hu"},{"@type":"Organization","@id":"https:\/\/talkpal.ai\/hu\/#organization","name":"Talkpal, Inc.","alternateName":"Talkpal AI","url":"https:\/\/talkpal.ai\/hu\/","logo":{"@type":"ImageObject","inLanguage":"hu","@id":"https:\/\/talkpal.ai\/hu\/#\/schema\/logo\/image\/","url":"https:\/\/talkpal.ai\/wp-content\/uploads\/2024\/03\/Talkpal-Logo-Icon.png","contentUrl":"https:\/\/talkpal.ai\/wp-content\/uploads\/2024\/03\/Talkpal-Logo-Icon.png","width":2880,"height":2880,"caption":"Talkpal, Inc."},"image":{"@id":"https:\/\/talkpal.ai\/hu\/#\/schema\/logo\/image\/"},"sameAs":["https:\/\/www.facebook.com\/profile.php?id=100090733639311","https:\/\/x.com\/talkpalai","https:\/\/www.linkedin.com\/company\/talkpal\/","https:\/\/www.youtube.com\/@TalkPal\/","https:\/\/www.tiktok.com\/@talkpal","https:\/\/www.instagram.com\/talkpal_ai\/","https:\/\/www.crunchbase.com\/organization\/talkpal-9cde","https:\/\/www.g2.com\/products\/talkpal-for-business\/","https:\/\/www.trustpilot.com\/review\/talkpal.ai","https:\/\/www.capterra.com\/p\/10006800\/TalkPal\/"],"description":"Talkpal is a language learning web and mobile education app, powered by the latest AI technologies, that provides engaging experiences to its customers in many different languages to help them improve their language skills. Users can chat about unlimited amount of topics with the app and use other modes to practice their language learning.","email":"support@talkpal.ai","legalName":"Talkpal, Inc.","foundingDate":"2023-04-03","duns":"118989042","numberOfEmployees":{"@type":"QuantitativeValue","minValue":"11","maxValue":"50"},"publishingPrinciples":"https:\/\/talkpal.ai\/publishing-principles\/","actionableFeedbackPolicy":"https:\/\/talkpal.ai\/actionable-feedback-policy\/","correctionsPolicy":"https:\/\/talkpal.ai\/corrections-policy\/","ethicsPolicy":"https:\/\/talkpal.ai\/ethics-policy\/","diversityPolicy":"https:\/\/talkpal.ai\/diversity-policy\/","diversityStaffingReport":"https:\/\/talkpal.ai\/diversity-policy\/"}]}},"_links":{"self":[{"href":"https:\/\/talkpal.ai\/hu\/wp-json\/wp\/v2\/pages\/166220","targetHints":{"allow":["GET"]}}],"collection":[{"href":"https:\/\/talkpal.ai\/hu\/wp-json\/wp\/v2\/pages"}],"about":[{"href":"https:\/\/talkpal.ai\/hu\/wp-json\/wp\/v2\/types\/page"}],"author":[{"embeddable":true,"href":"https:\/\/talkpal.ai\/hu\/wp-json\/wp\/v2\/users\/6"}],"replies":[{"embeddable":true,"href":"https:\/\/talkpal.ai\/hu\/wp-json\/wp\/v2\/comments?post=166220"}],"version-history":[{"count":0,"href":"https:\/\/talkpal.ai\/hu\/wp-json\/wp\/v2\/pages\/166220\/revisions"}],"wp:featuredmedia":[{"embeddable":true,"href":"https:\/\/talkpal.ai\/hu\/wp-json\/wp\/v2\/media\/109110"}],"wp:attachment":[{"href":"https:\/\/talkpal.ai\/hu\/wp-json\/wp\/v2\/media?parent=166220"}],"curies":[{"name":"wp","href":"https:\/\/api.w.org\/{rel}","templated":true}]}}