{"id":165962,"date":"2023-06-16T11:38:32","date_gmt":"2023-06-16T11:38:32","guid":{"rendered":"http:\/\/talkpal.ai\/azerbajdzsani-nyelvtani-gyakorlatok\/"},"modified":"2025-05-22T21:35:44","modified_gmt":"2025-05-22T21:35:44","slug":"azerbajdzsani-nyelvtani-gyakorlatok","status":"publish","type":"page","link":"https:\/\/talkpal.ai\/hu\/azerbajdzsani-nyelvtani-gyakorlatok\/","title":{"rendered":"Azerbajdzs\u00e1ni nyelvtani gyakorlatok"},"content":{"rendered":"\r\n\r\n\r\n<section class=\"languageChallengeSection\">\r\n    <div class=\"languageInfoWrapper\">\r\n        \r\n        <h1>Azerbajdzs\u00e1ni nyelvtani gyakorlatok<\/h1>\r\n        <p>Szeretn\u00e9 fejleszteni az <a href=\"https:\/\/talkpal.ai\/learn-azerbaijani\/\">azerbajdzs\u00e1ni<\/a> nyelvtud\u00e1s\u00e1t? A nyelvtani gyakorlatok gyakorl\u00e1sa t\u00f6k\u00e9letes m\u00f3dja a mondatszerkezet, az igek\u00f6t\u0151k \u00e9s a nyelvet egyediv\u00e9 tev\u0151 mint\u00e1k meg\u00e9rt\u00e9s\u00e9nek. Kezdje el gyakorolni az <a href=\"https:\/\/talkpal.ai\/learn-azerbaijani\/\">azerbajdzs\u00e1ni<\/a> nyelvtant m\u00e9g ma, \u00e9s n\u00e9zze, ahogy \u00f6nbizalma \u00e9s foly\u00e9kony nyelvtud\u00e1sa <a href=\"https:\/\/talkpal.ai\/locations\/language-courses-in-minden\/\">minden<\/a> egyes l\u00e9p\u00e9ssel n\u0151!<\/p>\r\n\r\n                            <a class=\"getStartedHidden\" href=\"https:\/\/app.talkpal.ai\/hu\/signup?lng=\">Kezdj\u00fck<\/a>\r\n        \r\n    <\/div>\r\n\r\n    <figure>\r\n    <img decoding=\"async\" width=\"768\" height=\"768\" src=\"https:\/\/talkpal.ai\/wp-content\/uploads\/2023\/06\/azerbaijani-768x768.png\" class=\"languageImage no-lazy\" alt=\"Language learning for enhanced cognitive skills\" fetchpriority=\"high\" sizes=\"(max-width: 768px) 150px, 768px\" srcset=\"https:\/\/talkpal.ai\/wp-content\/uploads\/2023\/06\/azerbaijani-768x768.png 768w, https:\/\/talkpal.ai\/wp-content\/uploads\/2023\/06\/azerbaijani-300x300.png 300w\" \/>\r\n    \r\n\r\n    <\/figure>\r\n\r\n            <a class=\"getStartedVisible\" href=\"https:\/\/app.talkpal.ai\/hu\/signup?lng=\">Kezdj\u00fck<\/a>\r\n    \r\n<\/section>\r\n\r\n\r\n<!-- <section class=\"grammarSection\">\r\n    <div class=\"grammarLinks\">\r\n            <\/div>\r\n<\/section> -->\r\n\r\n\r\n\r\n\r\n<section class=\"promotionalBanner\">\r\n    <p class=\"promotionalText\">A nyelvtanul\u00e1s leghat\u00e9konyabb m\u00f3dja<\/p>\r\n    <a class=\"promotionalLink\" href=\"https:\/\/app.talkpal.ai\/hu\/signup?lng=\">Pr\u00f3b\u00e1lja ki a Talkpal ingyen<\/a>\r\n<\/section>\n<div class=\"wp-block-group pageContainerStyle\"><div class=\"wp-block-group__inner-container is-layout-constrained wp-block-group-is-layout-constrained\">\n<h2 class=\"wp-block-heading\" id=\"h-azerbaijani-grammar-topics\">Azerbajdzs\u00e1ni nyelvtani t\u00e9m\u00e1k<\/h2>\n\n\n\n<p>Az azerbajdzs\u00e1ni, m\u00e1s n\u00e9ven azeri, <a href=\"https:\/\/talkpal.ai\/learn-turkish\/\">t\u00f6r\u00f6k<\/a> nyelv, amelyet els\u0151sorban Azerbajdzs\u00e1nban \u00e9s a k\u00f6rnyez\u0151 r\u00e9gi\u00f3kban besz\u00e9lnek. <a href=\"https:\/\/talkpal.ai\/culture\/how-do-you-use-the-demonstrative-pronouns-ez-and-az\/\">Ez az<\/a> Azerbajdzs\u00e1n K\u00f6zt\u00e1rsas\u00e1g hivatalos nyelve, \u00e9s jelent\u0151s besz\u00e9l\u0151i vannak Ir\u00e1nban, T\u00f6r\u00f6korsz\u00e1gban, Gr\u00fazi\u00e1ban \u00e9s Oroszorsz\u00e1gban. Azerbajdzs\u00e1ni tanul\u00f3k\u00e9nt elengedhetetlen a nyelv alapvet\u0151 aspektusainak meg\u00e9rt\u00e9se, p\u00e9ld\u00e1ul nyelvtana, szintaxisa \u00e9s sz\u00f3kincse. Ez az \u00fatmutat\u00f3 \u00e1ttekint\u00e9st ny\u00fajt az alapvet\u0151 azerbajdzs\u00e1ni nyelvtani t\u00e9m\u00e1kr\u00f3l, logikus sorrendbe rendezve, hogy seg\u00edtsen hat\u00e9konyan \u00e9s k\u00f6nnyed\u00e9n megtanulni a nyelvet.<\/p>\n\n\n\n<h3 class=\"wp-block-heading\" id=\"h-1-nouns-and-articles\">1. F\u0151nevek \u00e9s cikkek:<\/h3>\n\n\n\n<p>Az azerbajdzs\u00e1ni nyelvben a f\u0151nevek a mondatok \u00e9p\u00edt\u0151k\u00f6vei, \u00e9s haszn\u00e1latuk meg\u00e9rt\u00e9se kulcsfontoss\u00e1g\u00fa. A f\u0151neveknek nincs neme, \u00e9s nincs hat\u00e1rozatlan cikk. A hat\u00e1rozott cikk azonban ut\u00f3tagk\u00e9nt ker\u00fcl hozz\u00e1ad\u00e1sra a f\u0151n\u00e9vhez.<\/p>\n\n\n\n<h3 class=\"wp-block-heading\" id=\"h-2-adjectives\">2. Mell\u00e9knevek:<\/h3>\n\n\n\n<p>Az azerbajdzs\u00e1ni mell\u00e9kneveket a f\u0151nevek le\u00edr\u00e1s\u00e1ra haszn\u00e1lj\u00e1k. Mindig az \u00e1ltaluk m\u00f3dos\u00edtott f\u0151n\u00e9v el\u0151tt \u00e1llnak, \u00e9s alakjuk nem v\u00e1ltozik a f\u0151n\u00e9v nem\u00e9nek vagy sz\u00e1m\u00e1nak megfelel\u0151en.<\/p>\n\n\n\n<h3 class=\"wp-block-heading\" id=\"h-3-pronouns-determiners\">3. N\u00e9vm\u00e1sok\/determin\u00e1nsok:<\/h3>\n\n\n\n<p>A n\u00e9vm\u00e1sokat f\u0151nevek helyettes\u00edt\u00e9s\u00e9re haszn\u00e1lj\u00e1k, m\u00edg a determin\u00e1nsokat a f\u0151n\u00e9v mennyis\u00e9g\u00e9nek vagy hat\u00e1rozotts\u00e1g\u00e1nak meghat\u00e1roz\u00e1s\u00e1ra. Mindkett\u0151 l\u00e9nyeges eleme az azerbajdzs\u00e1ni \u00edt\u00e9leteknek.<\/p>\n\n\n\n<h3 class=\"wp-block-heading\" id=\"h-4-verbs\">4. Ig\u00e9k:<\/h3>\n\n\n\n<p>Az azerbajdzs\u00e1ni ig\u00e9k a nyelv cselekv\u0151 szavai. A fesz\u00fclts\u00e9gt\u0151l, a hangulatt\u00f3l \u00e9s a hangt\u00f3l f\u00fcgg\u0151en megv\u00e1ltoztatj\u00e1k form\u00e1jukat. Az igeragoz\u00e1s meg\u00e9rt\u00e9se elengedhetetlen az azerbajdzs\u00e1ni <a href=\"https:\/\/talkpal.ai\/grammar\/\">nyelvtan<\/a> elsaj\u00e1t\u00edt\u00e1s\u00e1hoz.<\/p>\n\n\n\n<h3 class=\"wp-block-heading\" id=\"h-5-tenses\">5. Igeid\u0151k:<\/h3>\n\n\n\n<p>Az azerbajdzs\u00e1ni nyelvnek hat id\u0151m\u00e1sa <a href=\"https:\/\/talkpal.ai\/locations\/language-courses-in-van\/\">van<\/a> &#8211; jelen, m\u00falt, j\u00f6v\u0151, jelen t\u00f6k\u00e9letes, m\u00falt t\u00f6k\u00e9letes \u00e9s j\u00f6v\u0151 t\u00f6k\u00e9letes. Minden fesz\u00fclts\u00e9gnek megvannak a konjug\u00e1ci\u00f3s szab\u00e1lyai, \u00e9s k\u00fcl\u00f6nb\u00f6z\u0151 id\u0151pontokban cselekv\u00e9sek vagy \u00e1llapotok kifejez\u00e9s\u00e9re szolg\u00e1l.<\/p>\n\n\n\n<h3 class=\"wp-block-heading\" id=\"h-6-tense-comparison\">6. Fesz\u00fclt \u00f6sszehasonl\u00edt\u00e1s:<\/h3>\n\n\n\n<p>Az azerbajdzs\u00e1ni id\u0151k \u00f6sszehasonl\u00edt\u00e1sa seg\u00edt meg\u00e9rteni az id\u0151 \u00e9s a cselekv\u00e9s kifejez\u00e9s\u00e9nek k\u00fcl\u00f6nbs\u00e9geit. Ez egy kulcsfontoss\u00e1g\u00fa k\u00e9szs\u00e9g a hat\u00e9kony kommunik\u00e1ci\u00f3hoz.<\/p>\n\n\n\n<h3 class=\"wp-block-heading\" id=\"h-7-progressive\">7. Progressz\u00edv:<\/h3>\n\n\n\n<p>Az azerbajdzs\u00e1ni progressz\u00edv aspektust a folyamatban l\u00e9v\u0151 akci\u00f3k le\u00edr\u00e1s\u00e1ra haszn\u00e1lj\u00e1k. Kieg\u00e9sz\u00edt\u0151 ig\u00e9k haszn\u00e1lat\u00e1val alakul ki, \u00e9s elengedhetetlen ahhoz, hogy meg\u00e9rts\u00fck az esem\u00e9nyek \u00e1raml\u00e1s\u00e1t egy mondatban.<\/p>\n\n\n\n<h3 class=\"wp-block-heading\" id=\"h-8-perfect-progressive\">8. T\u00f6k\u00e9letes progressz\u00edv:<\/h3>\n\n\n\n<p>A t\u00f6k\u00e9letes progressz\u00edv igeid\u0151k olyan cselekv\u00e9sek le\u00edr\u00e1s\u00e1ra szolg\u00e1lnak, amelyek a m\u00faltban kezd\u0151dtek, \u00e9s a jelenig vagy a j\u00f6v\u0151ig folytat\u00f3dnak. Egyes\u00edtik a t\u00f6k\u00e9letes \u00e9s progressz\u00edv szempontokat, \u00e9s elengedhetetlenek az \u00f6sszetett cselekv\u00e9sek kifejez\u00e9s\u00e9hez.<\/p>\n\n\n\n<h3 class=\"wp-block-heading\" id=\"h-9-adverbs\">9. Hat\u00e1roz\u00f3sz\u00f3k:<\/h3>\n\n\n\n<p>Az azerbajdzs\u00e1ni hat\u00e1roz\u00f3szavakat ig\u00e9k, mell\u00e9knevek vagy m\u00e1s hat\u00e1roz\u00f3szavak m\u00f3dos\u00edt\u00e1s\u00e1ra haszn\u00e1lj\u00e1k. Tov\u00e1bbi inform\u00e1ci\u00f3kat ny\u00fajtanak a cselekv\u00e9sekr\u0151l vagy \u00e1llapotokr\u00f3l, \u00e9s elengedhetetlenek a pontosabb \u00e9s le\u00edr\u00f3 mondatok l\u00e9trehoz\u00e1s\u00e1hoz.<\/p>\n\n\n\n<h3 class=\"wp-block-heading\" id=\"h-10-conditionals\">10. Felt\u00e9telek:<\/h3>\n\n\n\n<p>A felt\u00e9teleket hipotetikus helyzetek \u00e9s azok lehets\u00e9ges k\u00f6vetkezm\u00e9nyeinek kifejez\u00e9s\u00e9re haszn\u00e1lj\u00e1k. Elengedhetetlenek a bizonytalans\u00e1gok kifejez\u00e9s\u00e9hez \u00e9s az azerbajdzs\u00e1ni el\u0151rejelz\u00e9sekhez.<\/p>\n\n\n\n<h3 class=\"wp-block-heading\" id=\"h-11-prepositions\">11. El\u00f6lj\u00e1r\u00f3szavak:<\/h3>\n\n\n\n<p>A prepoz\u00edci\u00f3kat a f\u0151nevek vagy n\u00e9vm\u00e1sok \u00e9s m\u00e1s szavak k\u00f6z\u00f6tti kapcsolatok megjelen\u00edt\u00e9s\u00e9re haszn\u00e1lj\u00e1k egy mondatban. Elengedhetetlenek a t\u00e9rbeli, id\u0151beli \u00e9s logikai kapcsolatok kifejez\u00e9s\u00e9hez azerbajdzs\u00e1ni nyelven.<\/p>\n\n\n\n<h3 class=\"wp-block-heading\" id=\"h-12-sentences\">12. Mondatok:<\/h3>\n\n\n\n<p>Az azerbajdzs\u00e1ni mondatok alany-t\u00e1rgy-ige (SOV) sz\u00f3rend szerint alakulnak. A mondatok szerkezet\u00e9nek meg\u00e9rt\u00e9se elengedhetetlen a hat\u00e9kony kommunik\u00e1ci\u00f3hoz \u00e9s az azerbajdzs\u00e1ni nyelv elsaj\u00e1t\u00edt\u00e1s\u00e1hoz.<\/p>\n<\/div><\/div>\n\r\n<section class=\"learnNavigationSection\">\r\n            \r\n        <a href=\"https:\/\/talkpal.ai\/hu\/tanulj-azerbajdzsani-nyelven\/\">\r\n            <div class=\"learnNavigationWrapper\">\r\n                <div class=\"learnNavigationContent\">\r\n                    <img decoding=\"async\" src=\"https:\/\/talkpal.ai\/wp-content\/uploads\/2024\/08\/Azerbaijani.jpg\" alt=\"Azerbaijani Flag\">\r\n                    <div>\r\n                        <h4>Az azerbajdzs\u00e1ni tanul\u00e1sr\u00f3l<\/h4>\r\n                        <p>Tudjon meg mindent az azerbajdzs\u00e1ni nyelvtanr\u00f3l.<\/p>\r\n                    <\/div>\r\n                <\/div>\r\n            <\/div>\r\n        <\/a>\r\n\r\n        \r\n        <a href=\"https:\/\/talkpal.ai\/hu\/azerbajdzsani-nyelvtan\/\">\r\n            <div class=\"learnNavigationWrapper\">\r\n                <div class=\"learnNavigationContent\">\r\n                    <img decoding=\"async\" src=\"https:\/\/talkpal.ai\/wp-content\/uploads\/2024\/08\/Azerbaijani.jpg\" alt=\"Azerbaijani Flag\">\r\n                    <div>\r\n                        <h4>Azerbajdzs\u00e1ni nyelvtani \u00f3r\u00e1k<\/h4>\r\n                        <p>Gyakorolja az azerbajdzs\u00e1ni nyelvtant.<\/p>\r\n                    <\/div>\r\n                <\/div>\r\n            <\/div>\r\n        <\/a>\r\n\r\n        \r\n        <a href=\"https:\/\/talkpal.ai\/vocabulary_language\/azerbaijani\/\">\r\n            <div class=\"learnNavigationWrapper\">\r\n                <div class=\"learnNavigationContent\">\r\n                    <img decoding=\"async\" src=\"https:\/\/talkpal.ai\/wp-content\/uploads\/2024\/08\/Azerbaijani.jpg\" alt=\"Azerbaijani Flag\">\r\n                    <div>\r\n                        <h4>Azerbajdzs\u00e1ni sz\u00f3kincs<\/h4>\r\n                        <p>B\u0151v\u00edtse az azerbajdzs\u00e1ni sz\u00f3kincs\u00e9t.<\/p>\r\n                    <\/div>\r\n                <\/div>\r\n            <\/div>\r\n        <\/a>\r\n\r\n            <\/section>","protected":false},"excerpt":{"rendered":"<p>Azerbajdzs\u00e1ni nyelvtani t\u00e9m\u00e1k Az azerbajdzs\u00e1ni, m\u00e1s n\u00e9ven azeri, t\u00f6r\u00f6k nyelv, amelyet els\u0151sorban Azerbajdzs\u00e1nban \u00e9s a k\u00f6rnyez\u0151 r\u00e9gi\u00f3kban besz\u00e9lnek. Ez az Azerbajdzs\u00e1n K\u00f6zt\u00e1rsas\u00e1g hivatalos nyelve, \u00e9s jelent\u0151s besz\u00e9l\u0151i vannak Ir\u00e1nban, T\u00f6r\u00f6korsz\u00e1gban, Gr\u00fazi\u00e1ban \u00e9s Oroszorsz\u00e1gban. Azerbajdzs\u00e1ni tanul\u00f3k\u00e9nt elengedhetetlen a nyelv alapvet\u0151 aspektusainak meg\u00e9rt\u00e9se, p\u00e9ld\u00e1ul nyelvtana, szintaxisa \u00e9s sz\u00f3kincse. Ez az \u00fatmutat\u00f3 \u00e1ttekint\u00e9st ny\u00fajt az alapvet\u0151 azerbajdzs\u00e1ni nyelvtani [&hellip;]<\/p>\n","protected":false},"author":6,"featured_media":109395,"parent":0,"menu_order":0,"comment_status":"closed","ping_status":"closed","template":"LearningContentPage.php","meta":{"_acf_changed":false,"footnotes":""},"class_list":["post-165962","page","type-page","status-publish","has-post-thumbnail","hentry"],"acf":[],"yoast_head":"<!-- This site is optimized with the Yoast SEO Premium plugin v27.2 (Yoast SEO v27.2) - https:\/\/yoast.com\/product\/yoast-seo-premium-wordpress\/ -->\n<title>Azerbajdzs\u00e1ni nyelvtani gyakorlatok - Talkpal<\/title>\n<meta name=\"description\" content=\"Fokozza az azerbajdzs\u00e1ni nyelvtud\u00e1s\u00e1t az interakt\u00edv azerbajdzs\u00e1ni nyelvtani gyakorlatokkal a k\u00f6vetkez\u0151 weboldalr\u00f3l Talkpal, a mesters\u00e9ges intelligencia \u00e1ltal vez\u00e9relt nyelvtan\u00e1rral.\" \/>\n<meta name=\"robots\" content=\"index, follow, max-snippet:-1, max-image-preview:large, max-video-preview:-1\" \/>\n<link rel=\"canonical\" href=\"https:\/\/talkpal.ai\/hu\/azerbajdzsani-nyelvtani-gyakorlatok\/\" \/>\n<meta property=\"og:locale\" content=\"hu_HU\" \/>\n<meta property=\"og:type\" content=\"article\" \/>\n<meta property=\"og:title\" content=\"Azerbajdzs\u00e1ni nyelvtani gyakorlatok\" \/>\n<meta property=\"og:description\" content=\"Azerbajdzs\u00e1ni nyelvtani t\u00e9m\u00e1k Az azerbajdzs\u00e1ni, m\u00e1s n\u00e9ven azeri, t\u00f6r\u00f6k nyelv, amelyet els\u0151sorban Azerbajdzs\u00e1nban \u00e9s a k\u00f6rnyez\u0151 r\u00e9gi\u00f3kban besz\u00e9lnek. Ez az\" \/>\n<meta property=\"og:url\" content=\"https:\/\/talkpal.ai\/hu\/azerbajdzsani-nyelvtani-gyakorlatok\/\" \/>\n<meta property=\"og:site_name\" content=\"Talkpal\" \/>\n<meta property=\"article:publisher\" content=\"https:\/\/www.facebook.com\/profile.php?id=100090733639311\" \/>\n<meta property=\"article:modified_time\" content=\"2025-05-22T21:35:44+00:00\" \/>\n<meta property=\"og:image\" content=\"https:\/\/talkpal.ai\/wp-content\/uploads\/2023\/05\/azerbaijan.png\" \/>\n\t<meta property=\"og:image:width\" content=\"512\" \/>\n\t<meta property=\"og:image:height\" content=\"512\" \/>\n\t<meta property=\"og:image:type\" content=\"image\/png\" \/>\n<meta name=\"twitter:card\" content=\"summary_large_image\" \/>\n<meta name=\"twitter:site\" content=\"@talkpalai\" \/>\n<meta name=\"twitter:label1\" content=\"Becs\u00fclt olvas\u00e1si id\u0151\" \/>\n\t<meta name=\"twitter:data1\" content=\"3 perc\" \/>\n<script type=\"application\/ld+json\" class=\"yoast-schema-graph\">{\"@context\":\"https:\/\/schema.org\",\"@graph\":[{\"@type\":\"WebPage\",\"@id\":\"https:\/\/talkpal.ai\/hu\/azerbajdzsani-nyelvtani-gyakorlatok\/\",\"url\":\"https:\/\/talkpal.ai\/hu\/azerbajdzsani-nyelvtani-gyakorlatok\/\",\"name\":\"Azerbajdzs\u00e1ni nyelvtani gyakorlatok - Talkpal\",\"isPartOf\":{\"@id\":\"https:\/\/talkpal.ai\/hu\/#website\"},\"primaryImageOfPage\":{\"@id\":\"https:\/\/talkpal.ai\/hu\/azerbajdzsani-nyelvtani-gyakorlatok\/#primaryimage\"},\"image\":{\"@id\":\"https:\/\/talkpal.ai\/hu\/azerbajdzsani-nyelvtani-gyakorlatok\/#primaryimage\"},\"thumbnailUrl\":\"https:\/\/talkpal.ai\/wp-content\/uploads\/2023\/05\/azerbaijan.png\",\"datePublished\":\"2023-06-16T11:38:32+00:00\",\"dateModified\":\"2025-05-22T21:35:44+00:00\",\"description\":\"Fokozza az azerbajdzs\u00e1ni nyelvtud\u00e1s\u00e1t az interakt\u00edv azerbajdzs\u00e1ni nyelvtani gyakorlatokkal a k\u00f6vetkez\u0151 weboldalr\u00f3l Talkpal, a mesters\u00e9ges intelligencia \u00e1ltal vez\u00e9relt nyelvtan\u00e1rral.\",\"breadcrumb\":{\"@id\":\"https:\/\/talkpal.ai\/hu\/azerbajdzsani-nyelvtani-gyakorlatok\/#breadcrumb\"},\"inLanguage\":\"hu\",\"potentialAction\":[{\"@type\":\"ReadAction\",\"target\":[\"https:\/\/talkpal.ai\/hu\/azerbajdzsani-nyelvtani-gyakorlatok\/\"]}]},{\"@type\":\"ImageObject\",\"inLanguage\":\"hu\",\"@id\":\"https:\/\/talkpal.ai\/hu\/azerbajdzsani-nyelvtani-gyakorlatok\/#primaryimage\",\"url\":\"https:\/\/talkpal.ai\/wp-content\/uploads\/2023\/05\/azerbaijan.png\",\"contentUrl\":\"https:\/\/talkpal.ai\/wp-content\/uploads\/2023\/05\/azerbaijan.png\",\"width\":512,\"height\":512},{\"@type\":\"BreadcrumbList\",\"@id\":\"https:\/\/talkpal.ai\/hu\/azerbajdzsani-nyelvtani-gyakorlatok\/#breadcrumb\",\"itemListElement\":[{\"@type\":\"ListItem\",\"position\":1,\"name\":\"Homepage\",\"item\":\"https:\/\/talkpal.ai\/hu\/\"},{\"@type\":\"ListItem\",\"position\":2,\"name\":\"Azerbajdzs\u00e1ni nyelvtani gyakorlatok\"}]},{\"@type\":\"WebSite\",\"@id\":\"https:\/\/talkpal.ai\/hu\/#website\",\"url\":\"https:\/\/talkpal.ai\/hu\/\",\"name\":\"Talkpal\",\"description\":\"AI Language Learning\",\"publisher\":{\"@id\":\"https:\/\/talkpal.ai\/hu\/#organization\"},\"alternateName\":\"Talkpal AI\",\"potentialAction\":[{\"@type\":\"SearchAction\",\"target\":{\"@type\":\"EntryPoint\",\"urlTemplate\":\"https:\/\/talkpal.ai\/hu\/?s={search_term_string}\"},\"query-input\":{\"@type\":\"PropertyValueSpecification\",\"valueRequired\":true,\"valueName\":\"search_term_string\"}}],\"inLanguage\":\"hu\"},{\"@type\":\"Organization\",\"@id\":\"https:\/\/talkpal.ai\/hu\/#organization\",\"name\":\"Talkpal, Inc.\",\"alternateName\":\"Talkpal AI\",\"url\":\"https:\/\/talkpal.ai\/hu\/\",\"logo\":{\"@type\":\"ImageObject\",\"inLanguage\":\"hu\",\"@id\":\"https:\/\/talkpal.ai\/hu\/#\/schema\/logo\/image\/\",\"url\":\"https:\/\/talkpal.ai\/wp-content\/uploads\/2024\/03\/Talkpal-Logo-Icon.png\",\"contentUrl\":\"https:\/\/talkpal.ai\/wp-content\/uploads\/2024\/03\/Talkpal-Logo-Icon.png\",\"width\":2880,\"height\":2880,\"caption\":\"Talkpal, Inc.\"},\"image\":{\"@id\":\"https:\/\/talkpal.ai\/hu\/#\/schema\/logo\/image\/\"},\"sameAs\":[\"https:\/\/www.facebook.com\/profile.php?id=100090733639311\",\"https:\/\/x.com\/talkpalai\",\"https:\/\/www.linkedin.com\/company\/talkpal\/\",\"https:\/\/www.youtube.com\/@TalkPal\/\",\"https:\/\/www.tiktok.com\/@talkpal\",\"https:\/\/www.instagram.com\/talkpal_ai\/\",\"https:\/\/www.crunchbase.com\/organization\/talkpal-9cde\",\"https:\/\/www.g2.com\/products\/talkpal-for-business\/\",\"https:\/\/www.trustpilot.com\/review\/talkpal.ai\",\"https:\/\/www.capterra.com\/p\/10006800\/TalkPal\/\"],\"description\":\"Talkpal is a language learning web and mobile education app, powered by the latest AI technologies, that provides engaging experiences to its customers in many different languages to help them improve their language skills. Users can chat about unlimited amount of topics with the app and use other modes to practice their language learning.\",\"email\":\"support@talkpal.ai\",\"legalName\":\"Talkpal, Inc.\",\"foundingDate\":\"2023-04-03\",\"duns\":\"118989042\",\"numberOfEmployees\":{\"@type\":\"QuantitativeValue\",\"minValue\":\"11\",\"maxValue\":\"50\"},\"publishingPrinciples\":\"https:\/\/talkpal.ai\/publishing-principles\/\",\"actionableFeedbackPolicy\":\"https:\/\/talkpal.ai\/actionable-feedback-policy\/\",\"correctionsPolicy\":\"https:\/\/talkpal.ai\/corrections-policy\/\",\"ethicsPolicy\":\"https:\/\/talkpal.ai\/ethics-policy\/\",\"diversityPolicy\":\"https:\/\/talkpal.ai\/diversity-policy\/\",\"diversityStaffingReport\":\"https:\/\/talkpal.ai\/diversity-policy\/\"}]}<\/script>\n<!-- \/ Yoast SEO Premium plugin. -->","yoast_head_json":{"title":"Azerbajdzs\u00e1ni nyelvtani gyakorlatok - Talkpal","description":"Fokozza az azerbajdzs\u00e1ni nyelvtud\u00e1s\u00e1t az interakt\u00edv azerbajdzs\u00e1ni nyelvtani gyakorlatokkal a k\u00f6vetkez\u0151 weboldalr\u00f3l Talkpal, a mesters\u00e9ges intelligencia \u00e1ltal vez\u00e9relt nyelvtan\u00e1rral.","robots":{"index":"index","follow":"follow","max-snippet":"max-snippet:-1","max-image-preview":"max-image-preview:large","max-video-preview":"max-video-preview:-1"},"canonical":"https:\/\/talkpal.ai\/hu\/azerbajdzsani-nyelvtani-gyakorlatok\/","og_locale":"hu_HU","og_type":"article","og_title":"Azerbajdzs\u00e1ni nyelvtani gyakorlatok","og_description":"Azerbajdzs\u00e1ni nyelvtani t\u00e9m\u00e1k Az azerbajdzs\u00e1ni, m\u00e1s n\u00e9ven azeri, t\u00f6r\u00f6k nyelv, amelyet els\u0151sorban Azerbajdzs\u00e1nban \u00e9s a k\u00f6rnyez\u0151 r\u00e9gi\u00f3kban besz\u00e9lnek. Ez az","og_url":"https:\/\/talkpal.ai\/hu\/azerbajdzsani-nyelvtani-gyakorlatok\/","og_site_name":"Talkpal","article_publisher":"https:\/\/www.facebook.com\/profile.php?id=100090733639311","article_modified_time":"2025-05-22T21:35:44+00:00","og_image":[{"width":512,"height":512,"url":"https:\/\/talkpal.ai\/wp-content\/uploads\/2023\/05\/azerbaijan.png","type":"image\/png"}],"twitter_card":"summary_large_image","twitter_site":"@talkpalai","twitter_misc":{"Becs\u00fclt olvas\u00e1si id\u0151":"3 perc"},"schema":{"@context":"https:\/\/schema.org","@graph":[{"@type":"WebPage","@id":"https:\/\/talkpal.ai\/hu\/azerbajdzsani-nyelvtani-gyakorlatok\/","url":"https:\/\/talkpal.ai\/hu\/azerbajdzsani-nyelvtani-gyakorlatok\/","name":"Azerbajdzs\u00e1ni nyelvtani gyakorlatok - Talkpal","isPartOf":{"@id":"https:\/\/talkpal.ai\/hu\/#website"},"primaryImageOfPage":{"@id":"https:\/\/talkpal.ai\/hu\/azerbajdzsani-nyelvtani-gyakorlatok\/#primaryimage"},"image":{"@id":"https:\/\/talkpal.ai\/hu\/azerbajdzsani-nyelvtani-gyakorlatok\/#primaryimage"},"thumbnailUrl":"https:\/\/talkpal.ai\/wp-content\/uploads\/2023\/05\/azerbaijan.png","datePublished":"2023-06-16T11:38:32+00:00","dateModified":"2025-05-22T21:35:44+00:00","description":"Fokozza az azerbajdzs\u00e1ni nyelvtud\u00e1s\u00e1t az interakt\u00edv azerbajdzs\u00e1ni nyelvtani gyakorlatokkal a k\u00f6vetkez\u0151 weboldalr\u00f3l Talkpal, a mesters\u00e9ges intelligencia \u00e1ltal vez\u00e9relt nyelvtan\u00e1rral.","breadcrumb":{"@id":"https:\/\/talkpal.ai\/hu\/azerbajdzsani-nyelvtani-gyakorlatok\/#breadcrumb"},"inLanguage":"hu","potentialAction":[{"@type":"ReadAction","target":["https:\/\/talkpal.ai\/hu\/azerbajdzsani-nyelvtani-gyakorlatok\/"]}]},{"@type":"ImageObject","inLanguage":"hu","@id":"https:\/\/talkpal.ai\/hu\/azerbajdzsani-nyelvtani-gyakorlatok\/#primaryimage","url":"https:\/\/talkpal.ai\/wp-content\/uploads\/2023\/05\/azerbaijan.png","contentUrl":"https:\/\/talkpal.ai\/wp-content\/uploads\/2023\/05\/azerbaijan.png","width":512,"height":512},{"@type":"BreadcrumbList","@id":"https:\/\/talkpal.ai\/hu\/azerbajdzsani-nyelvtani-gyakorlatok\/#breadcrumb","itemListElement":[{"@type":"ListItem","position":1,"name":"Homepage","item":"https:\/\/talkpal.ai\/hu\/"},{"@type":"ListItem","position":2,"name":"Azerbajdzs\u00e1ni nyelvtani gyakorlatok"}]},{"@type":"WebSite","@id":"https:\/\/talkpal.ai\/hu\/#website","url":"https:\/\/talkpal.ai\/hu\/","name":"Talkpal","description":"AI Language Learning","publisher":{"@id":"https:\/\/talkpal.ai\/hu\/#organization"},"alternateName":"Talkpal AI","potentialAction":[{"@type":"SearchAction","target":{"@type":"EntryPoint","urlTemplate":"https:\/\/talkpal.ai\/hu\/?s={search_term_string}"},"query-input":{"@type":"PropertyValueSpecification","valueRequired":true,"valueName":"search_term_string"}}],"inLanguage":"hu"},{"@type":"Organization","@id":"https:\/\/talkpal.ai\/hu\/#organization","name":"Talkpal, Inc.","alternateName":"Talkpal AI","url":"https:\/\/talkpal.ai\/hu\/","logo":{"@type":"ImageObject","inLanguage":"hu","@id":"https:\/\/talkpal.ai\/hu\/#\/schema\/logo\/image\/","url":"https:\/\/talkpal.ai\/wp-content\/uploads\/2024\/03\/Talkpal-Logo-Icon.png","contentUrl":"https:\/\/talkpal.ai\/wp-content\/uploads\/2024\/03\/Talkpal-Logo-Icon.png","width":2880,"height":2880,"caption":"Talkpal, Inc."},"image":{"@id":"https:\/\/talkpal.ai\/hu\/#\/schema\/logo\/image\/"},"sameAs":["https:\/\/www.facebook.com\/profile.php?id=100090733639311","https:\/\/x.com\/talkpalai","https:\/\/www.linkedin.com\/company\/talkpal\/","https:\/\/www.youtube.com\/@TalkPal\/","https:\/\/www.tiktok.com\/@talkpal","https:\/\/www.instagram.com\/talkpal_ai\/","https:\/\/www.crunchbase.com\/organization\/talkpal-9cde","https:\/\/www.g2.com\/products\/talkpal-for-business\/","https:\/\/www.trustpilot.com\/review\/talkpal.ai","https:\/\/www.capterra.com\/p\/10006800\/TalkPal\/"],"description":"Talkpal is a language learning web and mobile education app, powered by the latest AI technologies, that provides engaging experiences to its customers in many different languages to help them improve their language skills. Users can chat about unlimited amount of topics with the app and use other modes to practice their language learning.","email":"support@talkpal.ai","legalName":"Talkpal, Inc.","foundingDate":"2023-04-03","duns":"118989042","numberOfEmployees":{"@type":"QuantitativeValue","minValue":"11","maxValue":"50"},"publishingPrinciples":"https:\/\/talkpal.ai\/publishing-principles\/","actionableFeedbackPolicy":"https:\/\/talkpal.ai\/actionable-feedback-policy\/","correctionsPolicy":"https:\/\/talkpal.ai\/corrections-policy\/","ethicsPolicy":"https:\/\/talkpal.ai\/ethics-policy\/","diversityPolicy":"https:\/\/talkpal.ai\/diversity-policy\/","diversityStaffingReport":"https:\/\/talkpal.ai\/diversity-policy\/"}]}},"_links":{"self":[{"href":"https:\/\/talkpal.ai\/hu\/wp-json\/wp\/v2\/pages\/165962","targetHints":{"allow":["GET"]}}],"collection":[{"href":"https:\/\/talkpal.ai\/hu\/wp-json\/wp\/v2\/pages"}],"about":[{"href":"https:\/\/talkpal.ai\/hu\/wp-json\/wp\/v2\/types\/page"}],"author":[{"embeddable":true,"href":"https:\/\/talkpal.ai\/hu\/wp-json\/wp\/v2\/users\/6"}],"replies":[{"embeddable":true,"href":"https:\/\/talkpal.ai\/hu\/wp-json\/wp\/v2\/comments?post=165962"}],"version-history":[{"count":0,"href":"https:\/\/talkpal.ai\/hu\/wp-json\/wp\/v2\/pages\/165962\/revisions"}],"wp:featuredmedia":[{"embeddable":true,"href":"https:\/\/talkpal.ai\/hu\/wp-json\/wp\/v2\/media\/109395"}],"wp:attachment":[{"href":"https:\/\/talkpal.ai\/hu\/wp-json\/wp\/v2\/media?parent=165962"}],"curies":[{"name":"wp","href":"https:\/\/api.w.org\/{rel}","templated":true}]}}