{"id":165629,"date":"2023-06-16T11:55:18","date_gmt":"2023-06-16T11:55:18","guid":{"rendered":"http:\/\/talkpal.ai\/feherorosz-nyelvtani-gyakorlatok\/"},"modified":"2025-05-23T11:20:30","modified_gmt":"2025-05-23T11:20:30","slug":"feherorosz-nyelvtani-gyakorlatok","status":"publish","type":"page","link":"https:\/\/talkpal.ai\/hu\/feherorosz-nyelvtani-gyakorlatok\/","title":{"rendered":"Feh\u00e9rorosz nyelvtani gyakorlatok"},"content":{"rendered":"\r\n\r\n\r\n<section class=\"languageChallengeSection\">\r\n    <div class=\"languageInfoWrapper\">\r\n        \r\n        <h1>Feh\u00e9rorosz nyelvtani gyakorlatok<\/h1>\r\n        <p>Szeretn\u00e9d fejleszteni belarusz nyelvtud\u00e1sodat? A nyelvtani gyakorlatok gyakorl\u00e1sa remek m\u00f3dja a mondatszerkezet, az igealakok \u00e9s a belorusz nyelv saj\u00e1toss\u00e1gainak elsaj\u00e1t\u00edt\u00e1s\u00e1nak. Kezdje el felfedezni a <a href=\"https:\/\/talkpal.ai\/learn-belarusian\/\">feh\u00e9rorosz<\/a> nyelvtant m\u00e9g ma, \u00e9s n\u00e9zze, ahogy a meg\u00e9rt\u00e9se \u00e9s a foly\u00e9kony besz\u00e9dk\u00e9szs\u00e9ge minden egyes gyakorlattal n\u00f6vekszik!<\/p>\r\n\r\n                            <a class=\"getStartedHidden\" href=\"https:\/\/app.talkpal.ai\/hu\/signup?lng=\">Kezdj\u00fck<\/a>\r\n        \r\n    <\/div>\r\n\r\n    <figure>\r\n    <img decoding=\"async\" width=\"768\" height=\"768\" src=\"https:\/\/talkpal.ai\/wp-content\/uploads\/2023\/06\/belarusian-768x768.png\" class=\"languageImage no-lazy\" alt=\"Language learning for academic excellence\" fetchpriority=\"high\" sizes=\"(max-width: 768px) 150px, 768px\" srcset=\"https:\/\/talkpal.ai\/wp-content\/uploads\/2023\/06\/belarusian-768x768.png 768w, https:\/\/talkpal.ai\/wp-content\/uploads\/2023\/06\/belarusian-300x300.png 300w\" \/>\r\n    \r\n\r\n    <\/figure>\r\n\r\n            <a class=\"getStartedVisible\" href=\"https:\/\/app.talkpal.ai\/hu\/signup?lng=\">Kezdj\u00fck<\/a>\r\n    \r\n<\/section>\r\n\r\n\r\n<!-- <section class=\"grammarSection\">\r\n    <div class=\"grammarLinks\">\r\n            <\/div>\r\n<\/section> -->\r\n\r\n\r\n\r\n\r\n<section class=\"promotionalBanner\">\r\n    <p class=\"promotionalText\">A nyelvtanul\u00e1s leghat\u00e9konyabb m\u00f3dja<\/p>\r\n    <a class=\"promotionalLink\" href=\"https:\/\/app.talkpal.ai\/hu\/signup?lng=\">Pr\u00f3b\u00e1lja ki a Talkpal ingyen<\/a>\r\n<\/section>\n<div class=\"wp-block-group pageContainerStyle\"><div class=\"wp-block-group__inner-container is-layout-constrained wp-block-group-is-layout-constrained\">\n<h2 class=\"wp-block-heading\" id=\"h-belarusian-grammar-topics\">Feh\u00e9rorosz nyelvtani t\u00e9m\u00e1k<\/h2>\n\n\n\n<p>A <a href=\"https:\/\/talkpal.ai\/learn-belarusian\/\">feh\u00e9rorosz<\/a> egy kelet-szl\u00e1v nyelv, amelyet t\u00falnyom\u00f3r\u00e9szt Feh\u00e9roroszorsz\u00e1gban besz\u00e9l a lakoss\u00e1g mintegy 70% -a. Szl\u00e1v nyelvk\u00e9nt hasonl\u00f3s\u00e1got mutat az oroszral \u00e9s az ukr\u00e1nnal, <a href=\"https:\/\/talkpal.ai\/locations\/language-courses-in-ami\/\">ami<\/a> megk\u00f6nny\u00edti e nyelvek besz\u00e9l\u0151i sz\u00e1m\u00e1ra a feh\u00e9rorosz nyelv tanul\u00e1s\u00e1t. Ennek azonban megvannak az egyedi tulajdons\u00e1gai, \u00e9s nyelvtan\u00e1nak megtanul\u00e1sa kifizet\u0151d\u0151 \u00e9lm\u00e9ny lehet a <a href=\"https:\/\/talkpal.ai\/talkpal-discount-for-language-enthusiasts\/\">nyelvrajong\u00f3k<\/a> sz\u00e1m\u00e1ra. Ebben a cikkben megvizsg\u00e1ljuk az alapvet\u0151 feh\u00e9rorosz nyelvtani t\u00e9m\u00e1kat olyan sorrendben, amely seg\u00edt hat\u00e9konyabban megtanulni a nyelvet.<\/p>\n\n\n\n<h3 class=\"wp-block-heading\" id=\"h-1-nouns\">1. F\u0151nevek:<\/h3>\n\n\n\n<p>Kezdje a feh\u00e9rorosz f\u0151nevek tanul\u00e1s\u00e1val, amelyek lehetnek f\u00e9rfiasak, n\u0151iesek vagy ivartalan\u00edt\u00f3k. Hat eset\u00fck <a href=\"https:\/\/talkpal.ai\/locations\/language-courses-in-van\/\">van<\/a>: nominativus, akkuzat\u00edv, genitivus, dativus, instrument\u00e1lis \u00e9s prepozicion\u00e1lis, amelyek meghat\u00e1rozz\u00e1k a f\u0151n\u00e9v mondatbeli funkci\u00f3j\u00e1t. \u00dcgyeljen a f\u0151nevek v\u00e9gz\u0151d\u00e9s\u00e9re \u00e9s a ragoz\u00e1si mint\u00e1kra, mivel ezek seg\u00edtenek meg\u00e9rteni, hogyan v\u00e1ltoznak a f\u0151nevek k\u00fcl\u00f6nb\u00f6z\u0151 esetekben.<\/p>\n\n\n\n<h3 class=\"wp-block-heading\" id=\"h-2-articles\">2. Cikkek:<\/h3>\n\n\n\n<p>Az angolt\u00f3l elt\u00e9r\u0151en a feh\u00e9rorosz nyelvnek nincs cikke. Ez\u00e9rt \u00f6sszpontos\u00edthat a nyelv m\u00e1s aspektusainak megtanul\u00e1s\u00e1ra an\u00e9lk\u00fcl, hogy agg\u00f3dnia kellene a t\u00e9ma miatt.<\/p>\n\n\n\n<h3 class=\"wp-block-heading\" id=\"h-3-pronouns-determiners\">3. N\u00e9vm\u00e1sok\/determin\u00e1nsok:<\/h3>\n\n\n\n<p>Ezut\u00e1n tanulja meg a n\u00e9vm\u00e1sokat \u00e9s a meghat\u00e1roz\u00f3kat, amelyek hasonl\u00f3an m\u0171k\u00f6dnek az <a href=\"https:\/\/talkpal.ai\/locations\/language-courses-in-angol\/\">angol<\/a> megfelel\u0151ikhez. Helyettes\u00edtik a f\u0151neveket, \u00e9s inform\u00e1ci\u00f3t k\u00f6zvet\u00edtenek a birtokl\u00e1sr\u00f3l, mennyis\u00e9gr\u0151l vagy identit\u00e1sr\u00f3l. A feh\u00e9rorosz nyelvben szem\u00e9lyes, birtokos, demonstrat\u00edv, k\u00e9rd\u0151 \u00e9s relat\u00edv n\u00e9vm\u00e1sok vannak, \u00e9s meg kell jegyezni form\u00e1jukat \u00e9s haszn\u00e1latukat.<\/p>\n\n\n\n<h3 class=\"wp-block-heading\" id=\"h-4-adjectives\">4. Mell\u00e9knevek:<\/h3>\n\n\n\n<p>A feh\u00e9rorosz mell\u00e9knevek megegyeznek a nemben, sz\u00e1mban \u00e9s esetben m\u00f3dos\u00edtott f\u0151n\u00e9vvel. Ismerje meg a mell\u00e9kn\u00e9vi v\u00e9gz\u0151d\u00e9seket, \u00e9s hogyan alak\u00edtson ki \u00f6sszehasonl\u00edt\u00f3 \u00e9s fels\u0151bbrend\u0171 fokozatokat az \u00f6sszehasonl\u00edt\u00e1s k\u00fcl\u00f6nb\u00f6z\u0151 szintjeinek kifejez\u00e9s\u00e9re.<\/p>\n\n\n\n<h3 class=\"wp-block-heading\" id=\"h-5-verbs\">5. Ig\u00e9k:<\/h3>\n\n\n\n<p>Az ig\u00e9k kulcsfontoss\u00e1g\u00faak a feh\u00e9rorosz nyelvben, mivel cselekv\u00e9seket, \u00e1llapotokat \u00e9s esem\u00e9nyeket k\u00f6zvet\u00edtenek. Ismerje meg az igeragoz\u00e1st, amely k\u00e9t csoportb\u00f3l \u00e1ll: az els\u0151 konjug\u00e1ci\u00f3 (t\u00f6bbnyire f\u00e9rfias ig\u00e9k) \u00e9s a m\u00e1sodik konjug\u00e1ci\u00f3 (t\u00f6bbnyire n\u0151i ig\u00e9k). Tanulm\u00e1nyozza az imperat\u00edv \u00e9s szubjekt\u00edv hangulatokat \u00e9s azok kialak\u00edt\u00e1s\u00e1t is.<\/p>\n\n\n\n<h3 class=\"wp-block-heading\" id=\"h-6-tenses\">6. Igeid\u0151k:<\/h3>\n\n\n\n<p>A feh\u00e9rorosz nyelvnek h\u00e1rom f\u0151 ideje van: m\u00falt, jelen \u00e9s j\u00f6v\u0151. Tanulja meg, hogyan alak\u00edtsa ki \u00e9s haszn\u00e1lja ezeket az id\u0151ket, hogy k\u00fcl\u00f6nb\u00f6z\u0151 id\u0151pontokban esem\u00e9nyekr\u0151l \u00e9s cselekedetekr\u0151l besz\u00e9ljen.<\/p>\n\n\n\n<h3 class=\"wp-block-heading\" id=\"h-7-tense-comparison\">7. Fesz\u00fclt \u00f6sszehasonl\u00edt\u00e1s:<\/h3>\n\n\n\n<p>A feh\u00e9rorosz id\u0151k \u00f6sszehasonl\u00edt\u00e1sa elengedhetetlen a m\u00falt, a jelen \u00e9s a j\u00f6v\u0151beli esem\u00e9nyek k\u00f6z\u00f6tti <a href=\"https:\/\/talkpal.ai\/contact\/\">kapcsolat<\/a> meg\u00e9rt\u00e9s\u00e9hez. Tanulm\u00e1nyozza az id\u0151k sorrendj\u00e9t \u00e9s hogyan kell haszn\u00e1lni \u0151ket \u00f6sszetett mondatokban.<\/p>\n\n\n\n<h3 class=\"wp-block-heading\" id=\"h-8-progressive\">8. Progressz\u00edv:<\/h3>\n\n\n\n<p>A feh\u00e9rorosz a progressz\u00edv form\u00e1t haszn\u00e1lja a folyamatban l\u00e9v\u0151 cselekv\u00e9sek kifejez\u00e9s\u00e9re. Ismerje meg, hogyan alak\u00edthatja ki ezt a szempontot a megfelel\u0151 igeragoz\u00e1ssal \u00e9s seg\u00e9dig\u00e9kkel.<\/p>\n\n\n\n<h3 class=\"wp-block-heading\" id=\"h-9-perfect-progressive\">9. T\u00f6k\u00e9letes progressz\u00edv:<\/h3>\n\n\n\n<p>A feh\u00e9rorosz t\u00f6k\u00e9letes progressz\u00edv aspektus \u00f6tv\u00f6zi a befejez\u00e9s \u00e9s az id\u0151tartam fogalm\u00e1t. Ismerje meg, hogyan alak\u00edthatja ki ezt a szempontot kieg\u00e9sz\u00edt\u0151 ig\u00e9k \u00e9s a helyes igeform\u00e1k seg\u00edts\u00e9g\u00e9vel.<\/p>\n\n\n\n<h3 class=\"wp-block-heading\" id=\"h-10-adverbs\">10. Hat\u00e1roz\u00f3sz\u00f3k:<\/h3>\n\n\n\n<p>A hat\u00e1roz\u00f3szavak m\u00f3dos\u00edtj\u00e1k az ig\u00e9ket, mell\u00e9kneveket \u00e9s m\u00e1s hat\u00e1roz\u00f3szavakat, tov\u00e1bbi inform\u00e1ci\u00f3kat adva a mondathoz. Ismerje meg a feh\u00e9rorosz adverbumok k\u00fcl\u00f6nb\u00f6z\u0151 t\u00edpusait, kialakul\u00e1s\u00e1t \u00e9s elhelyez\u00e9s\u00e9t a mondatban.<\/p>\n\n\n\n<h3 class=\"wp-block-heading\" id=\"h-11-prepositions\">11. El\u00f6lj\u00e1r\u00f3szavak:<\/h3>\n\n\n\n<p>A prepoz\u00edci\u00f3k elengedhetetlenek a mondatban l\u00e9v\u0151 szavak k\u00f6z\u00f6tti kapcsolatok kifejez\u00e9s\u00e9hez. Ismerje meg a leggyakoribb feh\u00e9rorosz prepoz\u00edci\u00f3kat, eseteiket, \u00e9s hogyan kell haszn\u00e1lni \u0151ket f\u0151nevekkel \u00e9s n\u00e9vm\u00e1sokkal.<\/p>\n\n\n\n<h3 class=\"wp-block-heading\" id=\"h-12-conditionals\">12. Felt\u00e9telek:<\/h3>\n\n\n\n<p>A felt\u00e9telek hipotetikus helyzeteket \u00e9s azok k\u00f6vetkezm\u00e9nyeit fejezik ki. Tanulm\u00e1nyozza a feh\u00e9rorosz nyelv\u0171 felt\u00e9telek h\u00e1rom t\u00edpus\u00e1t: val\u00f3di, irre\u00e1lis \u00e9s vegyes, valamint a megfelel\u0151 igeform\u00e1kat.<\/p>\n\n\n\n<h3 class=\"wp-block-heading\" id=\"h-13-sentences\">13. Mondatok:<\/h3>\n\n\n\n<p>V\u00e9g\u00fcl ismerje meg a feh\u00e9rorosz mondatszerkezeteket, bele\u00e9rtve az egyszer\u0171, \u00f6sszetett \u00e9s \u00f6sszetett mondatokat. Gyakorolja a k\u00fcl\u00f6nb\u00f6z\u0151 nyelvtani elemek kombin\u00e1l\u00e1s\u00e1t mondatok fel\u00e9p\u00edt\u00e9s\u00e9hez \u00e9s \u00e1ltal\u00e1nos nyelvi k\u00e9szs\u00e9geinek jav\u00edt\u00e1s\u00e1hoz.<\/p>\n<\/div><\/div>\n\r\n<section class=\"learnNavigationSection\">\r\n            \r\n        <a href=\"https:\/\/talkpal.ai\/hu\/tanulj-feheroroszul\/\">\r\n            <div class=\"learnNavigationWrapper\">\r\n                <div class=\"learnNavigationContent\">\r\n                    <img decoding=\"async\" src=\"https:\/\/talkpal.ai\/wp-content\/uploads\/2024\/08\/Belarusian.jpg\" alt=\"Belarusian Flag\">\r\n                    <div>\r\n                        <h4>A feh\u00e9rorosz tanul\u00e1sr\u00f3l<\/h4>\r\n                        <p>Tudjon meg mindent a feh\u00e9rorosz nyelvtanr\u00f3l.<\/p>\r\n                    <\/div>\r\n                <\/div>\r\n            <\/div>\r\n        <\/a>\r\n\r\n        \r\n        <a href=\"https:\/\/talkpal.ai\/hu\/feherorosz-nyelvtan\/\">\r\n            <div class=\"learnNavigationWrapper\">\r\n                <div class=\"learnNavigationContent\">\r\n                    <img decoding=\"async\" src=\"https:\/\/talkpal.ai\/wp-content\/uploads\/2024\/08\/Belarusian.jpg\" alt=\"Belarusian Flag\">\r\n                    <div>\r\n                        <h4>Feh\u00e9rorosz nyelvtani \u00f3r\u00e1k<\/h4>\r\n                        <p>Gyakorolja a feh\u00e9rorosz nyelvtant.<\/p>\r\n                    <\/div>\r\n                <\/div>\r\n            <\/div>\r\n        <\/a>\r\n\r\n        \r\n        <a href=\"https:\/\/talkpal.ai\/vocabulary_language\/belarusian\/\">\r\n            <div class=\"learnNavigationWrapper\">\r\n                <div class=\"learnNavigationContent\">\r\n                    <img decoding=\"async\" src=\"https:\/\/talkpal.ai\/wp-content\/uploads\/2024\/08\/Belarusian.jpg\" alt=\"Belarusian Flag\">\r\n                    <div>\r\n                        <h4>Feh\u00e9rorosz sz\u00f3kincs<\/h4>\r\n                        <p>B\u0151v\u00edtse belorusz sz\u00f3kincs\u00e9t.<\/p>\r\n                    <\/div>\r\n                <\/div>\r\n            <\/div>\r\n        <\/a>\r\n\r\n            <\/section>","protected":false},"excerpt":{"rendered":"<p>Feh\u00e9rorosz nyelvtani t\u00e9m\u00e1k A feh\u00e9rorosz egy kelet-szl\u00e1v nyelv, amelyet t\u00falnyom\u00f3r\u00e9szt Feh\u00e9roroszorsz\u00e1gban besz\u00e9l a lakoss\u00e1g mintegy 70% -a. Szl\u00e1v nyelvk\u00e9nt hasonl\u00f3s\u00e1got mutat az oroszral \u00e9s az ukr\u00e1nnal, ami megk\u00f6nny\u00edti e nyelvek besz\u00e9l\u0151i sz\u00e1m\u00e1ra a feh\u00e9rorosz nyelv tanul\u00e1s\u00e1t. Ennek azonban megvannak az egyedi tulajdons\u00e1gai, \u00e9s nyelvtan\u00e1nak megtanul\u00e1sa kifizet\u0151d\u0151 \u00e9lm\u00e9ny lehet a nyelvrajong\u00f3k sz\u00e1m\u00e1ra. Ebben a cikkben megvizsg\u00e1ljuk [&hellip;]<\/p>\n","protected":false},"author":6,"featured_media":110553,"parent":0,"menu_order":0,"comment_status":"closed","ping_status":"closed","template":"LearningContentPage.php","meta":{"_acf_changed":false,"footnotes":""},"class_list":["post-165629","page","type-page","status-publish","has-post-thumbnail","hentry"],"acf":[],"yoast_head":"<!-- This site is optimized with the Yoast SEO Premium plugin v27.2 (Yoast SEO v27.2) - https:\/\/yoast.com\/product\/yoast-seo-premium-wordpress\/ -->\n<title>Feh\u00e9rorosz nyelvtani gyakorlatok - Talkpal<\/title>\n<meta name=\"description\" content=\"Er\u0151s\u00edtse meg belarusz nyelvtud\u00e1s\u00e1t az interakt\u00edv belarusz nyelvtani gyakorlatokkal a Talkpal, a mesters\u00e9ges intelligencia \u00e1ltal vez\u00e9relt nyelvtan\u00e1rral.\" \/>\n<meta name=\"robots\" content=\"index, follow, max-snippet:-1, max-image-preview:large, max-video-preview:-1\" \/>\n<link rel=\"canonical\" href=\"https:\/\/talkpal.ai\/hu\/feherorosz-nyelvtani-gyakorlatok\/\" \/>\n<meta property=\"og:locale\" content=\"hu_HU\" \/>\n<meta property=\"og:type\" content=\"article\" \/>\n<meta property=\"og:title\" content=\"Feh\u00e9rorosz nyelvtani gyakorlatok\" \/>\n<meta property=\"og:description\" content=\"Feh\u00e9rorosz nyelvtani t\u00e9m\u00e1k A feh\u00e9rorosz egy kelet-szl\u00e1v nyelv, amelyet t\u00falnyom\u00f3r\u00e9szt Feh\u00e9roroszorsz\u00e1gban besz\u00e9l a lakoss\u00e1g mintegy 70% -a. Szl\u00e1v nyelvk\u00e9nt\" \/>\n<meta property=\"og:url\" content=\"https:\/\/talkpal.ai\/hu\/feherorosz-nyelvtani-gyakorlatok\/\" \/>\n<meta property=\"og:site_name\" content=\"Talkpal\" \/>\n<meta property=\"article:publisher\" content=\"https:\/\/www.facebook.com\/profile.php?id=100090733639311\" \/>\n<meta property=\"article:modified_time\" content=\"2025-05-23T11:20:30+00:00\" \/>\n<meta property=\"og:image\" content=\"https:\/\/talkpal.ai\/wp-content\/uploads\/2023\/05\/belarus.png\" \/>\n\t<meta property=\"og:image:width\" content=\"512\" \/>\n\t<meta property=\"og:image:height\" content=\"512\" \/>\n\t<meta property=\"og:image:type\" content=\"image\/png\" \/>\n<meta name=\"twitter:card\" content=\"summary_large_image\" \/>\n<meta name=\"twitter:site\" content=\"@talkpalai\" \/>\n<meta name=\"twitter:label1\" content=\"Becs\u00fclt olvas\u00e1si id\u0151\" \/>\n\t<meta name=\"twitter:data1\" content=\"4 perc\" \/>\n<script type=\"application\/ld+json\" class=\"yoast-schema-graph\">{\"@context\":\"https:\/\/schema.org\",\"@graph\":[{\"@type\":\"WebPage\",\"@id\":\"https:\/\/talkpal.ai\/hu\/feherorosz-nyelvtani-gyakorlatok\/\",\"url\":\"https:\/\/talkpal.ai\/hu\/feherorosz-nyelvtani-gyakorlatok\/\",\"name\":\"Feh\u00e9rorosz nyelvtani gyakorlatok - Talkpal\",\"isPartOf\":{\"@id\":\"https:\/\/talkpal.ai\/hu\/#website\"},\"primaryImageOfPage\":{\"@id\":\"https:\/\/talkpal.ai\/hu\/feherorosz-nyelvtani-gyakorlatok\/#primaryimage\"},\"image\":{\"@id\":\"https:\/\/talkpal.ai\/hu\/feherorosz-nyelvtani-gyakorlatok\/#primaryimage\"},\"thumbnailUrl\":\"https:\/\/talkpal.ai\/wp-content\/uploads\/2023\/05\/belarus.png\",\"datePublished\":\"2023-06-16T11:55:18+00:00\",\"dateModified\":\"2025-05-23T11:20:30+00:00\",\"description\":\"Er\u0151s\u00edtse meg belarusz nyelvtud\u00e1s\u00e1t az interakt\u00edv belarusz nyelvtani gyakorlatokkal a Talkpal, a mesters\u00e9ges intelligencia \u00e1ltal vez\u00e9relt nyelvtan\u00e1rral.\",\"breadcrumb\":{\"@id\":\"https:\/\/talkpal.ai\/hu\/feherorosz-nyelvtani-gyakorlatok\/#breadcrumb\"},\"inLanguage\":\"hu\",\"potentialAction\":[{\"@type\":\"ReadAction\",\"target\":[\"https:\/\/talkpal.ai\/hu\/feherorosz-nyelvtani-gyakorlatok\/\"]}]},{\"@type\":\"ImageObject\",\"inLanguage\":\"hu\",\"@id\":\"https:\/\/talkpal.ai\/hu\/feherorosz-nyelvtani-gyakorlatok\/#primaryimage\",\"url\":\"https:\/\/talkpal.ai\/wp-content\/uploads\/2023\/05\/belarus.png\",\"contentUrl\":\"https:\/\/talkpal.ai\/wp-content\/uploads\/2023\/05\/belarus.png\",\"width\":512,\"height\":512},{\"@type\":\"BreadcrumbList\",\"@id\":\"https:\/\/talkpal.ai\/hu\/feherorosz-nyelvtani-gyakorlatok\/#breadcrumb\",\"itemListElement\":[{\"@type\":\"ListItem\",\"position\":1,\"name\":\"Homepage\",\"item\":\"https:\/\/talkpal.ai\/hu\/\"},{\"@type\":\"ListItem\",\"position\":2,\"name\":\"Feh\u00e9rorosz nyelvtani gyakorlatok\"}]},{\"@type\":\"WebSite\",\"@id\":\"https:\/\/talkpal.ai\/hu\/#website\",\"url\":\"https:\/\/talkpal.ai\/hu\/\",\"name\":\"Talkpal\",\"description\":\"AI Language Learning\",\"publisher\":{\"@id\":\"https:\/\/talkpal.ai\/hu\/#organization\"},\"alternateName\":\"Talkpal AI\",\"potentialAction\":[{\"@type\":\"SearchAction\",\"target\":{\"@type\":\"EntryPoint\",\"urlTemplate\":\"https:\/\/talkpal.ai\/hu\/?s={search_term_string}\"},\"query-input\":{\"@type\":\"PropertyValueSpecification\",\"valueRequired\":true,\"valueName\":\"search_term_string\"}}],\"inLanguage\":\"hu\"},{\"@type\":\"Organization\",\"@id\":\"https:\/\/talkpal.ai\/hu\/#organization\",\"name\":\"Talkpal, Inc.\",\"alternateName\":\"Talkpal AI\",\"url\":\"https:\/\/talkpal.ai\/hu\/\",\"logo\":{\"@type\":\"ImageObject\",\"inLanguage\":\"hu\",\"@id\":\"https:\/\/talkpal.ai\/hu\/#\/schema\/logo\/image\/\",\"url\":\"https:\/\/talkpal.ai\/wp-content\/uploads\/2024\/03\/Talkpal-Logo-Icon.png\",\"contentUrl\":\"https:\/\/talkpal.ai\/wp-content\/uploads\/2024\/03\/Talkpal-Logo-Icon.png\",\"width\":2880,\"height\":2880,\"caption\":\"Talkpal, Inc.\"},\"image\":{\"@id\":\"https:\/\/talkpal.ai\/hu\/#\/schema\/logo\/image\/\"},\"sameAs\":[\"https:\/\/www.facebook.com\/profile.php?id=100090733639311\",\"https:\/\/x.com\/talkpalai\",\"https:\/\/www.linkedin.com\/company\/talkpal\/\",\"https:\/\/www.youtube.com\/@TalkPal\/\",\"https:\/\/www.tiktok.com\/@talkpal\",\"https:\/\/www.instagram.com\/talkpal_ai\/\",\"https:\/\/www.crunchbase.com\/organization\/talkpal-9cde\",\"https:\/\/www.g2.com\/products\/talkpal-for-business\/\",\"https:\/\/www.trustpilot.com\/review\/talkpal.ai\",\"https:\/\/www.capterra.com\/p\/10006800\/TalkPal\/\"],\"description\":\"Talkpal is a language learning web and mobile education app, powered by the latest AI technologies, that provides engaging experiences to its customers in many different languages to help them improve their language skills. Users can chat about unlimited amount of topics with the app and use other modes to practice their language learning.\",\"email\":\"support@talkpal.ai\",\"legalName\":\"Talkpal, Inc.\",\"foundingDate\":\"2023-04-03\",\"duns\":\"118989042\",\"numberOfEmployees\":{\"@type\":\"QuantitativeValue\",\"minValue\":\"11\",\"maxValue\":\"50\"},\"publishingPrinciples\":\"https:\/\/talkpal.ai\/publishing-principles\/\",\"actionableFeedbackPolicy\":\"https:\/\/talkpal.ai\/actionable-feedback-policy\/\",\"correctionsPolicy\":\"https:\/\/talkpal.ai\/corrections-policy\/\",\"ethicsPolicy\":\"https:\/\/talkpal.ai\/ethics-policy\/\",\"diversityPolicy\":\"https:\/\/talkpal.ai\/diversity-policy\/\",\"diversityStaffingReport\":\"https:\/\/talkpal.ai\/diversity-policy\/\"}]}<\/script>\n<!-- \/ Yoast SEO Premium plugin. -->","yoast_head_json":{"title":"Feh\u00e9rorosz nyelvtani gyakorlatok - Talkpal","description":"Er\u0151s\u00edtse meg belarusz nyelvtud\u00e1s\u00e1t az interakt\u00edv belarusz nyelvtani gyakorlatokkal a Talkpal, a mesters\u00e9ges intelligencia \u00e1ltal vez\u00e9relt nyelvtan\u00e1rral.","robots":{"index":"index","follow":"follow","max-snippet":"max-snippet:-1","max-image-preview":"max-image-preview:large","max-video-preview":"max-video-preview:-1"},"canonical":"https:\/\/talkpal.ai\/hu\/feherorosz-nyelvtani-gyakorlatok\/","og_locale":"hu_HU","og_type":"article","og_title":"Feh\u00e9rorosz nyelvtani gyakorlatok","og_description":"Feh\u00e9rorosz nyelvtani t\u00e9m\u00e1k A feh\u00e9rorosz egy kelet-szl\u00e1v nyelv, amelyet t\u00falnyom\u00f3r\u00e9szt Feh\u00e9roroszorsz\u00e1gban besz\u00e9l a lakoss\u00e1g mintegy 70% -a. Szl\u00e1v nyelvk\u00e9nt","og_url":"https:\/\/talkpal.ai\/hu\/feherorosz-nyelvtani-gyakorlatok\/","og_site_name":"Talkpal","article_publisher":"https:\/\/www.facebook.com\/profile.php?id=100090733639311","article_modified_time":"2025-05-23T11:20:30+00:00","og_image":[{"width":512,"height":512,"url":"https:\/\/talkpal.ai\/wp-content\/uploads\/2023\/05\/belarus.png","type":"image\/png"}],"twitter_card":"summary_large_image","twitter_site":"@talkpalai","twitter_misc":{"Becs\u00fclt olvas\u00e1si id\u0151":"4 perc"},"schema":{"@context":"https:\/\/schema.org","@graph":[{"@type":"WebPage","@id":"https:\/\/talkpal.ai\/hu\/feherorosz-nyelvtani-gyakorlatok\/","url":"https:\/\/talkpal.ai\/hu\/feherorosz-nyelvtani-gyakorlatok\/","name":"Feh\u00e9rorosz nyelvtani gyakorlatok - Talkpal","isPartOf":{"@id":"https:\/\/talkpal.ai\/hu\/#website"},"primaryImageOfPage":{"@id":"https:\/\/talkpal.ai\/hu\/feherorosz-nyelvtani-gyakorlatok\/#primaryimage"},"image":{"@id":"https:\/\/talkpal.ai\/hu\/feherorosz-nyelvtani-gyakorlatok\/#primaryimage"},"thumbnailUrl":"https:\/\/talkpal.ai\/wp-content\/uploads\/2023\/05\/belarus.png","datePublished":"2023-06-16T11:55:18+00:00","dateModified":"2025-05-23T11:20:30+00:00","description":"Er\u0151s\u00edtse meg belarusz nyelvtud\u00e1s\u00e1t az interakt\u00edv belarusz nyelvtani gyakorlatokkal a Talkpal, a mesters\u00e9ges intelligencia \u00e1ltal vez\u00e9relt nyelvtan\u00e1rral.","breadcrumb":{"@id":"https:\/\/talkpal.ai\/hu\/feherorosz-nyelvtani-gyakorlatok\/#breadcrumb"},"inLanguage":"hu","potentialAction":[{"@type":"ReadAction","target":["https:\/\/talkpal.ai\/hu\/feherorosz-nyelvtani-gyakorlatok\/"]}]},{"@type":"ImageObject","inLanguage":"hu","@id":"https:\/\/talkpal.ai\/hu\/feherorosz-nyelvtani-gyakorlatok\/#primaryimage","url":"https:\/\/talkpal.ai\/wp-content\/uploads\/2023\/05\/belarus.png","contentUrl":"https:\/\/talkpal.ai\/wp-content\/uploads\/2023\/05\/belarus.png","width":512,"height":512},{"@type":"BreadcrumbList","@id":"https:\/\/talkpal.ai\/hu\/feherorosz-nyelvtani-gyakorlatok\/#breadcrumb","itemListElement":[{"@type":"ListItem","position":1,"name":"Homepage","item":"https:\/\/talkpal.ai\/hu\/"},{"@type":"ListItem","position":2,"name":"Feh\u00e9rorosz nyelvtani gyakorlatok"}]},{"@type":"WebSite","@id":"https:\/\/talkpal.ai\/hu\/#website","url":"https:\/\/talkpal.ai\/hu\/","name":"Talkpal","description":"AI Language Learning","publisher":{"@id":"https:\/\/talkpal.ai\/hu\/#organization"},"alternateName":"Talkpal AI","potentialAction":[{"@type":"SearchAction","target":{"@type":"EntryPoint","urlTemplate":"https:\/\/talkpal.ai\/hu\/?s={search_term_string}"},"query-input":{"@type":"PropertyValueSpecification","valueRequired":true,"valueName":"search_term_string"}}],"inLanguage":"hu"},{"@type":"Organization","@id":"https:\/\/talkpal.ai\/hu\/#organization","name":"Talkpal, Inc.","alternateName":"Talkpal AI","url":"https:\/\/talkpal.ai\/hu\/","logo":{"@type":"ImageObject","inLanguage":"hu","@id":"https:\/\/talkpal.ai\/hu\/#\/schema\/logo\/image\/","url":"https:\/\/talkpal.ai\/wp-content\/uploads\/2024\/03\/Talkpal-Logo-Icon.png","contentUrl":"https:\/\/talkpal.ai\/wp-content\/uploads\/2024\/03\/Talkpal-Logo-Icon.png","width":2880,"height":2880,"caption":"Talkpal, Inc."},"image":{"@id":"https:\/\/talkpal.ai\/hu\/#\/schema\/logo\/image\/"},"sameAs":["https:\/\/www.facebook.com\/profile.php?id=100090733639311","https:\/\/x.com\/talkpalai","https:\/\/www.linkedin.com\/company\/talkpal\/","https:\/\/www.youtube.com\/@TalkPal\/","https:\/\/www.tiktok.com\/@talkpal","https:\/\/www.instagram.com\/talkpal_ai\/","https:\/\/www.crunchbase.com\/organization\/talkpal-9cde","https:\/\/www.g2.com\/products\/talkpal-for-business\/","https:\/\/www.trustpilot.com\/review\/talkpal.ai","https:\/\/www.capterra.com\/p\/10006800\/TalkPal\/"],"description":"Talkpal is a language learning web and mobile education app, powered by the latest AI technologies, that provides engaging experiences to its customers in many different languages to help them improve their language skills. Users can chat about unlimited amount of topics with the app and use other modes to practice their language learning.","email":"support@talkpal.ai","legalName":"Talkpal, Inc.","foundingDate":"2023-04-03","duns":"118989042","numberOfEmployees":{"@type":"QuantitativeValue","minValue":"11","maxValue":"50"},"publishingPrinciples":"https:\/\/talkpal.ai\/publishing-principles\/","actionableFeedbackPolicy":"https:\/\/talkpal.ai\/actionable-feedback-policy\/","correctionsPolicy":"https:\/\/talkpal.ai\/corrections-policy\/","ethicsPolicy":"https:\/\/talkpal.ai\/ethics-policy\/","diversityPolicy":"https:\/\/talkpal.ai\/diversity-policy\/","diversityStaffingReport":"https:\/\/talkpal.ai\/diversity-policy\/"}]}},"_links":{"self":[{"href":"https:\/\/talkpal.ai\/hu\/wp-json\/wp\/v2\/pages\/165629","targetHints":{"allow":["GET"]}}],"collection":[{"href":"https:\/\/talkpal.ai\/hu\/wp-json\/wp\/v2\/pages"}],"about":[{"href":"https:\/\/talkpal.ai\/hu\/wp-json\/wp\/v2\/types\/page"}],"author":[{"embeddable":true,"href":"https:\/\/talkpal.ai\/hu\/wp-json\/wp\/v2\/users\/6"}],"replies":[{"embeddable":true,"href":"https:\/\/talkpal.ai\/hu\/wp-json\/wp\/v2\/comments?post=165629"}],"version-history":[{"count":0,"href":"https:\/\/talkpal.ai\/hu\/wp-json\/wp\/v2\/pages\/165629\/revisions"}],"wp:featuredmedia":[{"embeddable":true,"href":"https:\/\/talkpal.ai\/hu\/wp-json\/wp\/v2\/media\/110553"}],"wp:attachment":[{"href":"https:\/\/talkpal.ai\/hu\/wp-json\/wp\/v2\/media?parent=165629"}],"curies":[{"name":"wp","href":"https:\/\/api.w.org\/{rel}","templated":true}]}}