{"id":165008,"date":"2023-06-16T12:01:29","date_gmt":"2023-06-16T12:01:29","guid":{"rendered":"http:\/\/talkpal.ai\/bosnyak-nyelvtani-gyakorlatok\/"},"modified":"2025-05-23T12:07:03","modified_gmt":"2025-05-23T12:07:03","slug":"bosnyak-nyelvtani-gyakorlatok","status":"publish","type":"page","link":"https:\/\/talkpal.ai\/hu\/bosnyak-nyelvtani-gyakorlatok\/","title":{"rendered":"Bosny\u00e1k nyelvtani gyakorlatok"},"content":{"rendered":"\r\n\r\n\r\n<section class=\"languageChallengeSection\">\r\n    <div class=\"languageInfoWrapper\">\r\n        \r\n        <h1>Bosny\u00e1k nyelvtani gyakorlatok<\/h1>\r\n        <p>K\u00e9szen \u00e1llsz arra, hogy magabiztosabban besz\u00e9lj bosny\u00e1kul? A nyelvtani gyakorlatok gyakorl\u00e1sa remek m\u00f3dja a mondatszerkezet, az igealakok \u00e9s a <a href=\"https:\/\/talkpal.ai\/learn-bosnian\/\">bosny\u00e1k<\/a> nyelv saj\u00e1tos mint\u00e1inak elsaj\u00e1t\u00edt\u00e1s\u00e1nak. Kezdj el dolgozni a <a href=\"https:\/\/talkpal.ai\/learn-bosnian\/\">bosny\u00e1k<\/a> nyelvtanon m\u00e9g ma, \u00e9s l\u00e1sd, hogy a meg\u00e9rt\u00e9sed \u00e9s a foly\u00e9kony besz\u00e9dk\u00e9szs\u00e9ged minden egyes gyakorlattal n\u0151!\n\n<\/p>\r\n\r\n                            <a class=\"getStartedHidden\" href=\"https:\/\/app.talkpal.ai\/hu\/signup?lng=\">Kezdj\u00fck<\/a>\r\n        \r\n    <\/div>\r\n\r\n    <figure>\r\n    <img decoding=\"async\" width=\"768\" height=\"768\" src=\"https:\/\/talkpal.ai\/wp-content\/uploads\/2023\/06\/bosinian-768x768.png\" class=\"languageImage no-lazy\" alt=\"Language learning for increasing employability\" fetchpriority=\"high\" sizes=\"(max-width: 768px) 150px, 768px\" srcset=\"https:\/\/talkpal.ai\/wp-content\/uploads\/2023\/06\/bosinian-768x768.png 768w, https:\/\/talkpal.ai\/wp-content\/uploads\/2023\/06\/bosinian-300x300.png 300w\" \/>\r\n    \r\n\r\n    <\/figure>\r\n\r\n            <a class=\"getStartedVisible\" href=\"https:\/\/app.talkpal.ai\/hu\/signup?lng=\">Kezdj\u00fck<\/a>\r\n    \r\n<\/section>\r\n\r\n\r\n<!-- <section class=\"grammarSection\">\r\n    <div class=\"grammarLinks\">\r\n            <\/div>\r\n<\/section> -->\r\n\r\n\r\n\r\n\r\n<section class=\"promotionalBanner\">\r\n    <p class=\"promotionalText\">A nyelvtanul\u00e1s leghat\u00e9konyabb m\u00f3dja<\/p>\r\n    <a class=\"promotionalLink\" href=\"https:\/\/app.talkpal.ai\/hu\/signup?lng=\">Pr\u00f3b\u00e1lja ki a Talkpal ingyen<\/a>\r\n<\/section>\n<div class=\"wp-block-group pageContainerStyle\"><div class=\"wp-block-group__inner-container is-layout-constrained wp-block-group-is-layout-constrained\">\n<h2 class=\"wp-block-heading\" id=\"h-bosnian-grammar-topics\">Bosny\u00e1k nyelvtani t\u00e9m\u00e1k<\/h2>\n\n\n\n<p>A bosny\u00e1k egy d\u00e9lszl\u00e1v nyelv, amelyet els\u0151sorban Bosznia-Hercegovin\u00e1ban, Szerbi\u00e1ban, Montenegr\u00f3ban \u00e9s Horv\u00e1torsz\u00e1gban besz\u00e9lnek. K\u00f6lcs\u00f6n\u00f6sen \u00e9rthet\u0151 a <a href=\"https:\/\/talkpal.ai\/learn-serbian\/\">szerb<\/a> \u00e9s a <a href=\"https:\/\/talkpal.ai\/learn-croatian\/\">horv\u00e1t<\/a> nyelvvel, \u00e9s r\u00e9sze a szabv\u00e1nyos\u00edtott szerbhorv\u00e1t nyelvnek. A bosny\u00e1k nyelv tanul\u00e1sa leny\u0171g\u00f6z\u0151 \u00e9s kifizet\u0151d\u0151 \u00e9lm\u00e9ny lehet, mivel betekint\u00e9st ny\u00fajt a balk\u00e1ni r\u00e9gi\u00f3 gazdag t\u00f6rt\u00e9nelm\u00e9be, kult\u00far\u00e1j\u00e1ba \u00e9s hagyom\u00e1nyaiba. A bosny\u00e1k nyelv hat\u00e9kony megtanul\u00e1s\u00e1hoz elengedhetetlen meg\u00e9rteni nyelvtani rendszer\u00e9t, amely mag\u00e1ban foglalja a k\u00fcl\u00f6nb\u00f6z\u0151 igeid\u0151t, f\u0151n\u00e9vi \u00e9s mell\u00e9kn\u00e9vi form\u00e1kat, valamint mondatszerkezeteket. Ebben az \u00fatmutat\u00f3ban megvizsg\u00e1ljuk a boszniai nyelvtani t\u00e9m\u00e1k sorrendj\u00e9t, hogy seg\u00edts\u00fcnk hat\u00e9konyan elsaj\u00e1t\u00edtani a nyelvet.<\/p>\n\n\n\n<h3 class=\"wp-block-heading\" id=\"h-1-nouns-and-articles\">1. F\u0151nevek \u00e9s cikkek:<\/h3>\n\n\n\n<p>Kezdje a f\u0151nevek megtanul\u00e1s\u00e1val, amelyek h\u00e1rom nemre oszlanak (f\u00e9rfias, n\u0151ies, ivartalan\u00edtott), \u00e9s egyes \u00e9s t\u00f6bbes sz\u00e1m\u00fa alakjuk <a href=\"https:\/\/talkpal.ai\/locations\/language-courses-in-van\/\">van<\/a>. A bosny\u00e1k nyelvben nincsenek olyan cikkek, mint az angolban, de haszn\u00e1lnak mutat\u00f3 n\u00e9vm\u00e1sokat, hogy jelezz\u00e9k a saj\u00e1toss\u00e1gokat.<\/p>\n\n\n\n<h3 class=\"wp-block-heading\" id=\"h-2-adjectives\">2. Mell\u00e9knevek:<\/h3>\n\n\n\n<p>A mell\u00e9knevek megegyeznek a f\u0151nevekkel nemben, sz\u00e1mban \u00e9s esetben. Ismerje meg, hogyan kell mell\u00e9kneveket alkotni \u00e9s haszn\u00e1lni a f\u0151nevek pontos le\u00edr\u00e1s\u00e1hoz.<\/p>\n\n\n\n<h3 class=\"wp-block-heading\" id=\"h-3-pronouns-determiners\">3. N\u00e9vm\u00e1sok\/determin\u00e1nsok:<\/h3>\n\n\n\n<p>A bosny\u00e1k n\u00e9vm\u00e1sok \u00e9s determin\u00e1nsok nemben, sz\u00e1mban \u00e9s esetben is megegyeznek a f\u0151nevekkel. Tanulm\u00e1nyozza a szem\u00e9lyes, birtokos, demonstrat\u00edv \u00e9s k\u00e9rd\u0151 n\u00e9vm\u00e1sokat, hogy jav\u00edtsa kommunik\u00e1ci\u00f3s k\u00e9szs\u00e9geit.<\/p>\n\n\n\n<h3 class=\"wp-block-heading\" id=\"h-4-verbs\">4. Ig\u00e9k:<\/h3>\n\n\n\n<p>Ismerje meg a szab\u00e1lyos \u00e9s rendhagy\u00f3 ig\u00e9ket, ragoz\u00e1si mint\u00e1ikat, valamint a perfekt\u00edv \u00e9s t\u00f6k\u00e9letlen szempontok k\u00f6z\u00f6tti k\u00fcl\u00f6nbs\u00e9get.<\/p>\n\n\n\n<h3 class=\"wp-block-heading\" id=\"h-5-tenses\">5. Igeid\u0151k:<\/h3>\n\n\n\n<p>A bosny\u00e1knak h\u00e1rom igeideje van: m\u00falt, jelen \u00e9s j\u00f6v\u0151. Ismerje meg, hogyan alak\u00edthatja ki \u00e9s haszn\u00e1lhatja ezeket az igeideket m\u0171veletek \u00e9s esem\u00e9nyek kifejez\u00e9s\u00e9re k\u00fcl\u00f6nb\u00f6z\u0151 id\u0151keretekben.<\/p>\n\n\n\n<h3 class=\"wp-block-heading\" id=\"h-6-tense-comparison\">6. Fesz\u00fclt \u00f6sszehasonl\u00edt\u00e1s:<\/h3>\n\n\n\n<p>Ismerje meg az igeid\u0151k k\u00f6z\u00f6tti k\u00fcl\u00f6nbs\u00e9geket \u00e9s hasonl\u00f3s\u00e1gokat, \u00f6sszpontos\u00edtva azok k\u00fcl\u00f6nb\u00f6z\u0151 kontextusokban val\u00f3 haszn\u00e1lat\u00e1ra.<\/p>\n\n\n\n<h3 class=\"wp-block-heading\" id=\"h-7-progressive-and-perfect-progressive\">7. Progressz\u00edv \u00e9s t\u00f6k\u00e9letes progressz\u00edv:<\/h3>\n\n\n\n<p>A bosny\u00e1knak nincs k\u00f6zvetlen megfelel\u0151je az <a href=\"https:\/\/talkpal.ai\/locations\/language-courses-in-angol\/\">angol<\/a> progressz\u00edv \u00e9s t\u00f6k\u00e9letes progressz\u00edv igeid\u0151knek. Azonban verb\u00e1lis aspektust (perfekt\u00edv \u00e9s t\u00f6k\u00e9letlen) haszn\u00e1l hasonl\u00f3 jelent\u00e9sek k\u00f6zvet\u00edt\u00e9s\u00e9re.<\/p>\n\n\n\n<h3 class=\"wp-block-heading\" id=\"h-8-adverbs\">8. Hat\u00e1roz\u00f3sz\u00f3k:<\/h3>\n\n\n\n<p>Tanulm\u00e1nyozza a hat\u00e1roz\u00f3szavakat \u00e9s azok mondatokban val\u00f3 elhelyez\u00e9s\u00e9t az id\u0151, a m\u00f3d \u00e9s a fok kifejez\u00e9s\u00e9re.<\/p>\n\n\n\n<h3 class=\"wp-block-heading\" id=\"h-9-conditionals\">9. Felt\u00e9telek:<\/h3>\n\n\n\n<p>Ismerje meg, hogyan kell felt\u00e9teles mondatokat (val\u00f3s \u00e9s irre\u00e1lis) kialak\u00edtani \u00e9s haszn\u00e1lni a hipotetikus helyzetek \u00e9s azok k\u00f6vetkezm\u00e9nyeinek kifejez\u00e9s\u00e9re.<\/p>\n\n\n\n<h3 class=\"wp-block-heading\" id=\"h-10-prepositions\">10. El\u00f6lj\u00e1r\u00f3szavak:<\/h3>\n\n\n\n<p>A prepoz\u00edci\u00f3k elengedhetetlenek a szavak \u00e9s kifejez\u00e9sek k\u00f6z\u00f6tti kapcsolatok jelz\u00e9s\u00e9hez. Ismerje meg, hogyan haszn\u00e1lhatja \u0151ket pontosan k\u00fcl\u00f6nb\u00f6z\u0151 kontextusokban.<\/p>\n\n\n\n<h3 class=\"wp-block-heading\" id=\"h-11-sentences\">11. Mondatok:<\/h3>\n\n\n\n<p>V\u00e9g\u00fcl gyakorold az egyszer\u0171 \u00e9s \u00f6sszetett mondatok fel\u00e9p\u00edt\u00e9s\u00e9t az \u00f6sszes megtanult nyelvtani elem felhaszn\u00e1l\u00e1s\u00e1val. Ez seg\u00edt abban, hogy er\u0151s alapot alak\u00edtson ki <a href=\"https:\/\/talkpal.ai\/hu\/tanulj-bosnyak-nyelven\/\">bosny\u00e1k nyelven<\/a>, \u00e9s lehet\u0151v\u00e9 teszi, hogy hat\u00e9konyan kommunik\u00e1ljon az anyanyelvi besz\u00e9l\u0151kkel.<\/p>\n<\/div><\/div>\n\r\n<section class=\"learnNavigationSection\">\r\n            \r\n        <a href=\"https:\/\/talkpal.ai\/hu\/tanulj-bosnyak-nyelven\/\">\r\n            <div class=\"learnNavigationWrapper\">\r\n                <div class=\"learnNavigationContent\">\r\n                    <img decoding=\"async\" src=\"https:\/\/talkpal.ai\/wp-content\/uploads\/2024\/08\/Bosnian.jpg\" alt=\"Bosnian Flag\">\r\n                    <div>\r\n                        <h4>A bosny\u00e1k tanul\u00e1sr\u00f3l<\/h4>\r\n                        <p>Tudjon meg mindent a bosny\u00e1k nyelvtanr\u00f3l.<\/p>\r\n                    <\/div>\r\n                <\/div>\r\n            <\/div>\r\n        <\/a>\r\n\r\n        \r\n        <a href=\"https:\/\/talkpal.ai\/hu\/bosnyak-nyelvtan\/\">\r\n            <div class=\"learnNavigationWrapper\">\r\n                <div class=\"learnNavigationContent\">\r\n                    <img decoding=\"async\" src=\"https:\/\/talkpal.ai\/wp-content\/uploads\/2024\/08\/Bosnian.jpg\" alt=\"Bosnian Flag\">\r\n                    <div>\r\n                        <h4>Bosny\u00e1k nyelvtani \u00f3r\u00e1k<\/h4>\r\n                        <p>Gyakorolja a bosny\u00e1k nyelvtant.<\/p>\r\n                    <\/div>\r\n                <\/div>\r\n            <\/div>\r\n        <\/a>\r\n\r\n        \r\n        <a href=\"https:\/\/talkpal.ai\/vocabulary_language\/bosnian\/\">\r\n            <div class=\"learnNavigationWrapper\">\r\n                <div class=\"learnNavigationContent\">\r\n                    <img decoding=\"async\" src=\"https:\/\/talkpal.ai\/wp-content\/uploads\/2024\/08\/Bosnian.jpg\" alt=\"Bosnian Flag\">\r\n                    <div>\r\n                        <h4>Bosny\u00e1k sz\u00f3kincs<\/h4>\r\n                        <p>B\u0151v\u00edtse bosny\u00e1k sz\u00f3kincs\u00e9t.<\/p>\r\n                    <\/div>\r\n                <\/div>\r\n            <\/div>\r\n        <\/a>\r\n\r\n            <\/section>","protected":false},"excerpt":{"rendered":"<p>Bosny\u00e1k nyelvtani t\u00e9m\u00e1k A bosny\u00e1k egy d\u00e9lszl\u00e1v nyelv, amelyet els\u0151sorban Bosznia-Hercegovin\u00e1ban, Szerbi\u00e1ban, Montenegr\u00f3ban \u00e9s Horv\u00e1torsz\u00e1gban besz\u00e9lnek. K\u00f6lcs\u00f6n\u00f6sen \u00e9rthet\u0151 a szerb \u00e9s a horv\u00e1t nyelvvel, \u00e9s r\u00e9sze a szabv\u00e1nyos\u00edtott szerbhorv\u00e1t nyelvnek. A bosny\u00e1k nyelv tanul\u00e1sa leny\u0171g\u00f6z\u0151 \u00e9s kifizet\u0151d\u0151 \u00e9lm\u00e9ny lehet, mivel betekint\u00e9st ny\u00fajt a balk\u00e1ni r\u00e9gi\u00f3 gazdag t\u00f6rt\u00e9nelm\u00e9be, kult\u00far\u00e1j\u00e1ba \u00e9s hagyom\u00e1nyaiba. A bosny\u00e1k nyelv hat\u00e9kony megtanul\u00e1s\u00e1hoz [&hellip;]<\/p>\n","protected":false},"author":6,"featured_media":111405,"parent":0,"menu_order":0,"comment_status":"closed","ping_status":"closed","template":"LearningContentPage.php","meta":{"_acf_changed":false,"footnotes":""},"class_list":["post-165008","page","type-page","status-publish","has-post-thumbnail","hentry"],"acf":[],"yoast_head":"<!-- This site is optimized with the Yoast SEO Premium plugin v27.2 (Yoast SEO v27.2) - https:\/\/yoast.com\/product\/yoast-seo-premium-wordpress\/ -->\n<title>Bosny\u00e1k nyelvtani gyakorlatok - Talkpal<\/title>\n<meta name=\"description\" content=\"Saj\u00e1t\u00edtsa el a bosny\u00e1k nyelvtant a bosny\u00e1k nyelvtani gyakorlatokkal, amelyek c\u00e9lja, hogy jav\u00edtsa a mondatszerkezetek \u00e9s az id\u0151m\u00e9rt\u00e9kek meg\u00e9rt\u00e9s\u00e9t.\" \/>\n<meta name=\"robots\" content=\"index, follow, max-snippet:-1, max-image-preview:large, max-video-preview:-1\" \/>\n<link rel=\"canonical\" href=\"https:\/\/talkpal.ai\/hu\/bosnyak-nyelvtani-gyakorlatok\/\" \/>\n<meta property=\"og:locale\" content=\"hu_HU\" \/>\n<meta property=\"og:type\" content=\"article\" \/>\n<meta property=\"og:title\" content=\"Bosny\u00e1k nyelvtani gyakorlatok\" \/>\n<meta property=\"og:description\" content=\"Bosny\u00e1k nyelvtani t\u00e9m\u00e1k A bosny\u00e1k egy d\u00e9lszl\u00e1v nyelv, amelyet els\u0151sorban Bosznia-Hercegovin\u00e1ban, Szerbi\u00e1ban, Montenegr\u00f3ban \u00e9s Horv\u00e1torsz\u00e1gban besz\u00e9lnek.\" \/>\n<meta property=\"og:url\" content=\"https:\/\/talkpal.ai\/hu\/bosnyak-nyelvtani-gyakorlatok\/\" \/>\n<meta property=\"og:site_name\" content=\"Talkpal\" \/>\n<meta property=\"article:publisher\" content=\"https:\/\/www.facebook.com\/profile.php?id=100090733639311\" \/>\n<meta property=\"article:modified_time\" content=\"2025-05-23T12:07:03+00:00\" \/>\n<meta property=\"og:image\" content=\"https:\/\/talkpal.ai\/wp-content\/uploads\/2023\/05\/bosnia-and-herzegovina.png\" \/>\n\t<meta property=\"og:image:width\" content=\"512\" \/>\n\t<meta property=\"og:image:height\" content=\"512\" \/>\n\t<meta property=\"og:image:type\" content=\"image\/png\" \/>\n<meta name=\"twitter:card\" content=\"summary_large_image\" \/>\n<meta name=\"twitter:site\" content=\"@talkpalai\" \/>\n<meta name=\"twitter:label1\" content=\"Becs\u00fclt olvas\u00e1si id\u0151\" \/>\n\t<meta name=\"twitter:data1\" content=\"3 perc\" \/>\n<script type=\"application\/ld+json\" class=\"yoast-schema-graph\">{\"@context\":\"https:\/\/schema.org\",\"@graph\":[{\"@type\":\"WebPage\",\"@id\":\"https:\/\/talkpal.ai\/hu\/bosnyak-nyelvtani-gyakorlatok\/\",\"url\":\"https:\/\/talkpal.ai\/hu\/bosnyak-nyelvtani-gyakorlatok\/\",\"name\":\"Bosny\u00e1k nyelvtani gyakorlatok - Talkpal\",\"isPartOf\":{\"@id\":\"https:\/\/talkpal.ai\/hu\/#website\"},\"primaryImageOfPage\":{\"@id\":\"https:\/\/talkpal.ai\/hu\/bosnyak-nyelvtani-gyakorlatok\/#primaryimage\"},\"image\":{\"@id\":\"https:\/\/talkpal.ai\/hu\/bosnyak-nyelvtani-gyakorlatok\/#primaryimage\"},\"thumbnailUrl\":\"https:\/\/talkpal.ai\/wp-content\/uploads\/2023\/05\/bosnia-and-herzegovina.png\",\"datePublished\":\"2023-06-16T12:01:29+00:00\",\"dateModified\":\"2025-05-23T12:07:03+00:00\",\"description\":\"Saj\u00e1t\u00edtsa el a bosny\u00e1k nyelvtant a bosny\u00e1k nyelvtani gyakorlatokkal, amelyek c\u00e9lja, hogy jav\u00edtsa a mondatszerkezetek \u00e9s az id\u0151m\u00e9rt\u00e9kek meg\u00e9rt\u00e9s\u00e9t.\",\"breadcrumb\":{\"@id\":\"https:\/\/talkpal.ai\/hu\/bosnyak-nyelvtani-gyakorlatok\/#breadcrumb\"},\"inLanguage\":\"hu\",\"potentialAction\":[{\"@type\":\"ReadAction\",\"target\":[\"https:\/\/talkpal.ai\/hu\/bosnyak-nyelvtani-gyakorlatok\/\"]}]},{\"@type\":\"ImageObject\",\"inLanguage\":\"hu\",\"@id\":\"https:\/\/talkpal.ai\/hu\/bosnyak-nyelvtani-gyakorlatok\/#primaryimage\",\"url\":\"https:\/\/talkpal.ai\/wp-content\/uploads\/2023\/05\/bosnia-and-herzegovina.png\",\"contentUrl\":\"https:\/\/talkpal.ai\/wp-content\/uploads\/2023\/05\/bosnia-and-herzegovina.png\",\"width\":512,\"height\":512},{\"@type\":\"BreadcrumbList\",\"@id\":\"https:\/\/talkpal.ai\/hu\/bosnyak-nyelvtani-gyakorlatok\/#breadcrumb\",\"itemListElement\":[{\"@type\":\"ListItem\",\"position\":1,\"name\":\"Homepage\",\"item\":\"https:\/\/talkpal.ai\/hu\/\"},{\"@type\":\"ListItem\",\"position\":2,\"name\":\"Bosny\u00e1k nyelvtani gyakorlatok\"}]},{\"@type\":\"WebSite\",\"@id\":\"https:\/\/talkpal.ai\/hu\/#website\",\"url\":\"https:\/\/talkpal.ai\/hu\/\",\"name\":\"Talkpal\",\"description\":\"AI Language Learning\",\"publisher\":{\"@id\":\"https:\/\/talkpal.ai\/hu\/#organization\"},\"alternateName\":\"Talkpal AI\",\"potentialAction\":[{\"@type\":\"SearchAction\",\"target\":{\"@type\":\"EntryPoint\",\"urlTemplate\":\"https:\/\/talkpal.ai\/hu\/?s={search_term_string}\"},\"query-input\":{\"@type\":\"PropertyValueSpecification\",\"valueRequired\":true,\"valueName\":\"search_term_string\"}}],\"inLanguage\":\"hu\"},{\"@type\":\"Organization\",\"@id\":\"https:\/\/talkpal.ai\/hu\/#organization\",\"name\":\"Talkpal, Inc.\",\"alternateName\":\"Talkpal AI\",\"url\":\"https:\/\/talkpal.ai\/hu\/\",\"logo\":{\"@type\":\"ImageObject\",\"inLanguage\":\"hu\",\"@id\":\"https:\/\/talkpal.ai\/hu\/#\/schema\/logo\/image\/\",\"url\":\"https:\/\/talkpal.ai\/wp-content\/uploads\/2024\/03\/Talkpal-Logo-Icon.png\",\"contentUrl\":\"https:\/\/talkpal.ai\/wp-content\/uploads\/2024\/03\/Talkpal-Logo-Icon.png\",\"width\":2880,\"height\":2880,\"caption\":\"Talkpal, Inc.\"},\"image\":{\"@id\":\"https:\/\/talkpal.ai\/hu\/#\/schema\/logo\/image\/\"},\"sameAs\":[\"https:\/\/www.facebook.com\/profile.php?id=100090733639311\",\"https:\/\/x.com\/talkpalai\",\"https:\/\/www.linkedin.com\/company\/talkpal\/\",\"https:\/\/www.youtube.com\/@TalkPal\/\",\"https:\/\/www.tiktok.com\/@talkpal\",\"https:\/\/www.instagram.com\/talkpal_ai\/\",\"https:\/\/www.crunchbase.com\/organization\/talkpal-9cde\",\"https:\/\/www.g2.com\/products\/talkpal-for-business\/\",\"https:\/\/www.trustpilot.com\/review\/talkpal.ai\",\"https:\/\/www.capterra.com\/p\/10006800\/TalkPal\/\"],\"description\":\"Talkpal is a language learning web and mobile education app, powered by the latest AI technologies, that provides engaging experiences to its customers in many different languages to help them improve their language skills. Users can chat about unlimited amount of topics with the app and use other modes to practice their language learning.\",\"email\":\"support@talkpal.ai\",\"legalName\":\"Talkpal, Inc.\",\"foundingDate\":\"2023-04-03\",\"duns\":\"118989042\",\"numberOfEmployees\":{\"@type\":\"QuantitativeValue\",\"minValue\":\"11\",\"maxValue\":\"50\"},\"publishingPrinciples\":\"https:\/\/talkpal.ai\/publishing-principles\/\",\"actionableFeedbackPolicy\":\"https:\/\/talkpal.ai\/actionable-feedback-policy\/\",\"correctionsPolicy\":\"https:\/\/talkpal.ai\/corrections-policy\/\",\"ethicsPolicy\":\"https:\/\/talkpal.ai\/ethics-policy\/\",\"diversityPolicy\":\"https:\/\/talkpal.ai\/diversity-policy\/\",\"diversityStaffingReport\":\"https:\/\/talkpal.ai\/diversity-policy\/\"}]}<\/script>\n<!-- \/ Yoast SEO Premium plugin. -->","yoast_head_json":{"title":"Bosny\u00e1k nyelvtani gyakorlatok - Talkpal","description":"Saj\u00e1t\u00edtsa el a bosny\u00e1k nyelvtant a bosny\u00e1k nyelvtani gyakorlatokkal, amelyek c\u00e9lja, hogy jav\u00edtsa a mondatszerkezetek \u00e9s az id\u0151m\u00e9rt\u00e9kek meg\u00e9rt\u00e9s\u00e9t.","robots":{"index":"index","follow":"follow","max-snippet":"max-snippet:-1","max-image-preview":"max-image-preview:large","max-video-preview":"max-video-preview:-1"},"canonical":"https:\/\/talkpal.ai\/hu\/bosnyak-nyelvtani-gyakorlatok\/","og_locale":"hu_HU","og_type":"article","og_title":"Bosny\u00e1k nyelvtani gyakorlatok","og_description":"Bosny\u00e1k nyelvtani t\u00e9m\u00e1k A bosny\u00e1k egy d\u00e9lszl\u00e1v nyelv, amelyet els\u0151sorban Bosznia-Hercegovin\u00e1ban, Szerbi\u00e1ban, Montenegr\u00f3ban \u00e9s Horv\u00e1torsz\u00e1gban besz\u00e9lnek.","og_url":"https:\/\/talkpal.ai\/hu\/bosnyak-nyelvtani-gyakorlatok\/","og_site_name":"Talkpal","article_publisher":"https:\/\/www.facebook.com\/profile.php?id=100090733639311","article_modified_time":"2025-05-23T12:07:03+00:00","og_image":[{"width":512,"height":512,"url":"https:\/\/talkpal.ai\/wp-content\/uploads\/2023\/05\/bosnia-and-herzegovina.png","type":"image\/png"}],"twitter_card":"summary_large_image","twitter_site":"@talkpalai","twitter_misc":{"Becs\u00fclt olvas\u00e1si id\u0151":"3 perc"},"schema":{"@context":"https:\/\/schema.org","@graph":[{"@type":"WebPage","@id":"https:\/\/talkpal.ai\/hu\/bosnyak-nyelvtani-gyakorlatok\/","url":"https:\/\/talkpal.ai\/hu\/bosnyak-nyelvtani-gyakorlatok\/","name":"Bosny\u00e1k nyelvtani gyakorlatok - Talkpal","isPartOf":{"@id":"https:\/\/talkpal.ai\/hu\/#website"},"primaryImageOfPage":{"@id":"https:\/\/talkpal.ai\/hu\/bosnyak-nyelvtani-gyakorlatok\/#primaryimage"},"image":{"@id":"https:\/\/talkpal.ai\/hu\/bosnyak-nyelvtani-gyakorlatok\/#primaryimage"},"thumbnailUrl":"https:\/\/talkpal.ai\/wp-content\/uploads\/2023\/05\/bosnia-and-herzegovina.png","datePublished":"2023-06-16T12:01:29+00:00","dateModified":"2025-05-23T12:07:03+00:00","description":"Saj\u00e1t\u00edtsa el a bosny\u00e1k nyelvtant a bosny\u00e1k nyelvtani gyakorlatokkal, amelyek c\u00e9lja, hogy jav\u00edtsa a mondatszerkezetek \u00e9s az id\u0151m\u00e9rt\u00e9kek meg\u00e9rt\u00e9s\u00e9t.","breadcrumb":{"@id":"https:\/\/talkpal.ai\/hu\/bosnyak-nyelvtani-gyakorlatok\/#breadcrumb"},"inLanguage":"hu","potentialAction":[{"@type":"ReadAction","target":["https:\/\/talkpal.ai\/hu\/bosnyak-nyelvtani-gyakorlatok\/"]}]},{"@type":"ImageObject","inLanguage":"hu","@id":"https:\/\/talkpal.ai\/hu\/bosnyak-nyelvtani-gyakorlatok\/#primaryimage","url":"https:\/\/talkpal.ai\/wp-content\/uploads\/2023\/05\/bosnia-and-herzegovina.png","contentUrl":"https:\/\/talkpal.ai\/wp-content\/uploads\/2023\/05\/bosnia-and-herzegovina.png","width":512,"height":512},{"@type":"BreadcrumbList","@id":"https:\/\/talkpal.ai\/hu\/bosnyak-nyelvtani-gyakorlatok\/#breadcrumb","itemListElement":[{"@type":"ListItem","position":1,"name":"Homepage","item":"https:\/\/talkpal.ai\/hu\/"},{"@type":"ListItem","position":2,"name":"Bosny\u00e1k nyelvtani gyakorlatok"}]},{"@type":"WebSite","@id":"https:\/\/talkpal.ai\/hu\/#website","url":"https:\/\/talkpal.ai\/hu\/","name":"Talkpal","description":"AI Language Learning","publisher":{"@id":"https:\/\/talkpal.ai\/hu\/#organization"},"alternateName":"Talkpal AI","potentialAction":[{"@type":"SearchAction","target":{"@type":"EntryPoint","urlTemplate":"https:\/\/talkpal.ai\/hu\/?s={search_term_string}"},"query-input":{"@type":"PropertyValueSpecification","valueRequired":true,"valueName":"search_term_string"}}],"inLanguage":"hu"},{"@type":"Organization","@id":"https:\/\/talkpal.ai\/hu\/#organization","name":"Talkpal, Inc.","alternateName":"Talkpal AI","url":"https:\/\/talkpal.ai\/hu\/","logo":{"@type":"ImageObject","inLanguage":"hu","@id":"https:\/\/talkpal.ai\/hu\/#\/schema\/logo\/image\/","url":"https:\/\/talkpal.ai\/wp-content\/uploads\/2024\/03\/Talkpal-Logo-Icon.png","contentUrl":"https:\/\/talkpal.ai\/wp-content\/uploads\/2024\/03\/Talkpal-Logo-Icon.png","width":2880,"height":2880,"caption":"Talkpal, Inc."},"image":{"@id":"https:\/\/talkpal.ai\/hu\/#\/schema\/logo\/image\/"},"sameAs":["https:\/\/www.facebook.com\/profile.php?id=100090733639311","https:\/\/x.com\/talkpalai","https:\/\/www.linkedin.com\/company\/talkpal\/","https:\/\/www.youtube.com\/@TalkPal\/","https:\/\/www.tiktok.com\/@talkpal","https:\/\/www.instagram.com\/talkpal_ai\/","https:\/\/www.crunchbase.com\/organization\/talkpal-9cde","https:\/\/www.g2.com\/products\/talkpal-for-business\/","https:\/\/www.trustpilot.com\/review\/talkpal.ai","https:\/\/www.capterra.com\/p\/10006800\/TalkPal\/"],"description":"Talkpal is a language learning web and mobile education app, powered by the latest AI technologies, that provides engaging experiences to its customers in many different languages to help them improve their language skills. Users can chat about unlimited amount of topics with the app and use other modes to practice their language learning.","email":"support@talkpal.ai","legalName":"Talkpal, Inc.","foundingDate":"2023-04-03","duns":"118989042","numberOfEmployees":{"@type":"QuantitativeValue","minValue":"11","maxValue":"50"},"publishingPrinciples":"https:\/\/talkpal.ai\/publishing-principles\/","actionableFeedbackPolicy":"https:\/\/talkpal.ai\/actionable-feedback-policy\/","correctionsPolicy":"https:\/\/talkpal.ai\/corrections-policy\/","ethicsPolicy":"https:\/\/talkpal.ai\/ethics-policy\/","diversityPolicy":"https:\/\/talkpal.ai\/diversity-policy\/","diversityStaffingReport":"https:\/\/talkpal.ai\/diversity-policy\/"}]}},"_links":{"self":[{"href":"https:\/\/talkpal.ai\/hu\/wp-json\/wp\/v2\/pages\/165008","targetHints":{"allow":["GET"]}}],"collection":[{"href":"https:\/\/talkpal.ai\/hu\/wp-json\/wp\/v2\/pages"}],"about":[{"href":"https:\/\/talkpal.ai\/hu\/wp-json\/wp\/v2\/types\/page"}],"author":[{"embeddable":true,"href":"https:\/\/talkpal.ai\/hu\/wp-json\/wp\/v2\/users\/6"}],"replies":[{"embeddable":true,"href":"https:\/\/talkpal.ai\/hu\/wp-json\/wp\/v2\/comments?post=165008"}],"version-history":[{"count":0,"href":"https:\/\/talkpal.ai\/hu\/wp-json\/wp\/v2\/pages\/165008\/revisions"}],"wp:featuredmedia":[{"embeddable":true,"href":"https:\/\/talkpal.ai\/hu\/wp-json\/wp\/v2\/media\/111405"}],"wp:attachment":[{"href":"https:\/\/talkpal.ai\/hu\/wp-json\/wp\/v2\/media?parent=165008"}],"curies":[{"name":"wp","href":"https:\/\/api.w.org\/{rel}","templated":true}]}}