{"id":164641,"date":"2023-06-16T12:39:48","date_gmt":"2023-06-16T12:39:48","guid":{"rendered":"http:\/\/talkpal.ai\/bolgar-nyelvtani-gyakorlatok\/"},"modified":"2025-05-23T12:00:01","modified_gmt":"2025-05-23T12:00:01","slug":"bolgar-nyelvtani-gyakorlatok","status":"publish","type":"page","link":"https:\/\/talkpal.ai\/hu\/bolgar-nyelvtani-gyakorlatok\/","title":{"rendered":"Bolg\u00e1r nyelvtani gyakorlatok"},"content":{"rendered":"\r\n\r\n\r\n<section class=\"languageChallengeSection\">\r\n    <div class=\"languageInfoWrapper\">\r\n        \r\n        <h1>Bolg\u00e1r nyelvtani gyakorlatok<\/h1>\r\n        <p>Szeretn\u00e9 fejleszteni <a href=\"https:\/\/talkpal.ai\/learn-bulgarian\/\">bolg\u00e1r<\/a> nyelvtud\u00e1s\u00e1t? A nyelvtani gyakorlatok gyakorl\u00e1sa kiv\u00e1l\u00f3 m\u00f3dja a mondatszerkezet, az igealakok \u00e9s a <a href=\"https:\/\/talkpal.ai\/learn-bulgarian\/\">bolg\u00e1r<\/a> nyelv egyedi mint\u00e1inak elsaj\u00e1t\u00edt\u00e1s\u00e1nak. Kezdjen el dolgozni a bolg\u00e1r nyelvtanon m\u00e9g ma, \u00e9s n\u00e9zze, ahogy \u00f6nbizalma \u00e9s foly\u00e9kony nyelvtud\u00e1sa minden egyes gyakorlattal n\u00f6vekszik!<\/p>\r\n\r\n                            <a class=\"getStartedHidden\" href=\"https:\/\/app.talkpal.ai\/hu\/signup?lng=\">Kezdj\u00fck<\/a>\r\n        \r\n    <\/div>\r\n\r\n    <figure>\r\n    <img decoding=\"async\" width=\"768\" height=\"768\" src=\"https:\/\/talkpal.ai\/wp-content\/uploads\/2023\/06\/bulgarian-768x768.png\" class=\"languageImage no-lazy\" alt=\"Language learning for deeper cultural understanding\" fetchpriority=\"high\" sizes=\"(max-width: 768px) 150px, 768px\" srcset=\"https:\/\/talkpal.ai\/wp-content\/uploads\/2023\/06\/bulgarian-768x768.png 768w, https:\/\/talkpal.ai\/wp-content\/uploads\/2023\/06\/bulgarian-300x300.png 300w\" \/>\r\n    \r\n\r\n    <\/figure>\r\n\r\n            <a class=\"getStartedVisible\" href=\"https:\/\/app.talkpal.ai\/hu\/signup?lng=\">Kezdj\u00fck<\/a>\r\n    \r\n<\/section>\r\n\r\n\r\n<!-- <section class=\"grammarSection\">\r\n    <div class=\"grammarLinks\">\r\n            <\/div>\r\n<\/section> -->\r\n\r\n\r\n\r\n\r\n<section class=\"promotionalBanner\">\r\n    <p class=\"promotionalText\">A nyelvtanul\u00e1s leghat\u00e9konyabb m\u00f3dja<\/p>\r\n    <a class=\"promotionalLink\" href=\"https:\/\/app.talkpal.ai\/hu\/signup?lng=\">Pr\u00f3b\u00e1lja ki a Talkpal ingyen<\/a>\r\n<\/section>\n<div class=\"wp-block-group pageContainerStyle\"><div class=\"wp-block-group__inner-container is-layout-constrained wp-block-group-is-layout-constrained\">\n<h2 class=\"wp-block-heading\" id=\"h-bulgarian-grammar-topics\">Bolg\u00e1r nyelvtani t\u00e9m\u00e1k<\/h2>\n\n\n\n<p>A bolg\u00e1r egy d\u00e9lszl\u00e1v nyelv, amelyet els\u0151sorban Bulg\u00e1ri\u00e1ban \u00e9s a szomsz\u00e9dos orsz\u00e1gok bolg\u00e1r k\u00f6z\u00f6ss\u00e9gei besz\u00e9lnek. Bulg\u00e1ria hivatalos nyelvek\u00e9nt fontos szerepet j\u00e1tszik az orsz\u00e1g kult\u00far\u00e1j\u00e1ban, t\u00f6rt\u00e9nelm\u00e9ben \u00e9s mindennapi \u00e9let\u00e9ben. A bolg\u00e1r nyelv tanul\u00e1sa kifizet\u0151d\u0151 \u00e9lm\u00e9ny lehet, mivel lehet\u0151v\u00e9 teszi az orsz\u00e1g gazdag irodalm\u00e1nak, gy\u00f6ny\u00f6r\u0171 t\u00e1jainak \u00e9s \u00edzletes konyh\u00e1j\u00e1nak felfedez\u00e9s\u00e9t. A bolg\u00e1r nyelv elsaj\u00e1t\u00edt\u00e1s\u00e1hoz elengedhetetlen meg\u00e9rteni nyelvtan\u00e1t, amelynek egyedi jellemz\u0151i \u00e9s strukt\u00far\u00e1i vannak. Ebben az \u00fatmutat\u00f3ban felt\u00e1rjuk azokat a kulcsfontoss\u00e1g\u00fa bolg\u00e1r nyelvtani t\u00e9m\u00e1kat, amelyeket egym\u00e1s ut\u00e1n kell megtanulnia, hogy szil\u00e1rd alapot szerezzen a nyelvben.<\/p>\n\n\n\n<h3 class=\"wp-block-heading\" id=\"h-1-nouns\">1. F\u0151nevek:<\/h3>\n\n\n\n<p>A bolg\u00e1r f\u0151neveknek nem\u00fck <a href=\"https:\/\/talkpal.ai\/locations\/language-courses-in-van\/\">van<\/a> (h\u00edmnem\u0171, n\u0151ies \u00e9s ivartalan\u00edtott), amit fontos tudni, mivel ez befoly\u00e1solja a mondat m\u00e1s szavainak form\u00e1j\u00e1t, p\u00e9ld\u00e1ul mell\u00e9kneveket \u00e9s cikkeket. Egyes \u00e9s t\u00f6bbes sz\u00e1m\u00fa alakjuk is van, de az angolt\u00f3l elt\u00e9r\u0151en nincsenek esetek.<\/p>\n\n\n\n<h3 class=\"wp-block-heading\" id=\"h-2-articles\">2. Cikkek:<\/h3>\n\n\n\n<p>A bolg\u00e1r nyelvben a cikkeket az \u00e1ltaluk m\u00f3dos\u00edtott f\u0151n\u00e9v v\u00e9g\u00e9hez csatolj\u00e1k. Vannak hat\u00e1rozott \u00e9s hat\u00e1rozatlan cikkek, \u00e9s a f\u0151n\u00e9v nem\u00e9nek \u00e9s sz\u00e1m\u00e1nak megfelel\u0151en v\u00e1ltoznak.<\/p>\n\n\n\n<h3 class=\"wp-block-heading\" id=\"h-3-pronouns-determiners\">3. N\u00e9vm\u00e1sok\/determin\u00e1nsok:<\/h3>\n\n\n\n<p>A bolg\u00e1rnak szem\u00e9lyes, birtokos, demonstrat\u00edv, k\u00e9rd\u0151 \u00e9s relat\u00edv n\u00e9vm\u00e1sai vannak. Nem\u00fckben \u00e9s sz\u00e1mukban megegyeznek azzal a f\u0151n\u00e9vvel, amelyet helyettes\u00edtenek vagy m\u00f3dos\u00edtanak. A determin\u00e1nsok a f\u0151nevek megad\u00e1s\u00e1ra vagy sz\u00e1mszer\u0171s\u00edt\u00e9s\u00e9re szolg\u00e1lnak.<\/p>\n\n\n\n<h3 class=\"wp-block-heading\" id=\"h-4-adjectives\">4. Mell\u00e9knevek:<\/h3>\n\n\n\n<p>A bolg\u00e1r mell\u00e9knevek nemben, sz\u00e1mban \u00e9s hat\u00e1rozotts\u00e1gban megegyeznek az \u00e1ltaluk m\u00f3dos\u00edtott f\u0151n\u00e9vvel. Az \u00f6sszehasonl\u00edt\u00e1snak h\u00e1rom fokozata van &#8211; pozit\u00edv, \u00f6sszehasonl\u00edt\u00f3 \u00e9s szuperlat\u00edvusz.<\/p>\n\n\n\n<h3 class=\"wp-block-heading\" id=\"h-5-adverbs\">5. Hat\u00e1roz\u00f3sz\u00f3k:<\/h3>\n\n\n\n<p>A hat\u00e1roz\u00f3szavak m\u00f3dos\u00edtj\u00e1k az ig\u00e9ket, mell\u00e9kneveket vagy m\u00e1s hat\u00e1roz\u00f3szavakat. A form\u00e1juk nem v\u00e1ltozik, \u00e9s elengedhetetlenek az id\u0151, a hely, a m\u00f3d \u00e9s a fokozat kifejez\u00e9s\u00e9re.<\/p>\n\n\n\n<h3 class=\"wp-block-heading\" id=\"h-6-verbs\">6. Ig\u00e9k:<\/h3>\n\n\n\n<p>A bolg\u00e1r ig\u00e9knek h\u00e1rom f\u0151 ragoz\u00e1sa van, \u00e9s szem\u00e9lyre, sz\u00e1mra, fesz\u00fclts\u00e9gre, hangulatra \u00e9s hangra ragozz\u00e1k. A helyes ragoz\u00e1s megtanul\u00e1sa \u00e9s a k\u00fcl\u00f6nb\u00f6z\u0151 igeszempontok meg\u00e9rt\u00e9se elengedhetetlen a megfelel\u0151 kommunik\u00e1ci\u00f3hoz.<\/p>\n\n\n\n<h3 class=\"wp-block-heading\" id=\"h-7-tenses\">7. Igeid\u0151k:<\/h3>\n\n\n\n<p>A bolg\u00e1r nyelvnek h\u00e1rom f\u0151 id\u0151\u00e1llapota van: m\u00falt, jelen \u00e9s j\u00f6v\u0151. Ezeknek az igeid\u0151knek a form\u00e1l\u00e1sa \u00e9s haszn\u00e1lata elengedhetetlen a bolg\u00e1r nyelv meg\u00e9rt\u00e9s\u00e9hez \u00e9s kifejez\u00e9s\u00e9hez.<\/p>\n\n\n\n<h3 class=\"wp-block-heading\" id=\"h-8-tense-comparison\">8. Fesz\u00fclt \u00f6sszehasonl\u00edt\u00e1s:<\/h3>\n\n\n\n<p>A k\u00fcl\u00f6nb\u00f6z\u0151 igeid\u0151k \u00f6sszehasonl\u00edt\u00e1sa fontos az \u00f6sszetett mondatok meg\u00e9rt\u00e9s\u00e9hez \u00e9s a k\u00fcl\u00f6nb\u00f6z\u0151 id\u0151viszonyok bolg\u00e1r nyelven t\u00f6rt\u00e9n\u0151 kifejez\u00e9s\u00e9hez.<\/p>\n\n\n\n<h3 class=\"wp-block-heading\" id=\"h-9-progressive\">9. Progressz\u00edv:<\/h3>\n\n\n\n<p>A bolg\u00e1r nyelvben a progressz\u00edv szempontot haszn\u00e1lj\u00e1k a folyamatban l\u00e9v\u0151 int\u00e9zked\u00e9sek le\u00edr\u00e1s\u00e1ra. Kieg\u00e9sz\u00edt\u0151 ig\u00e9kkel \u00e9s a f\u0151 ige jelenlegi r\u00e9sztvev\u0151j\u00e9vel alak\u00edthat\u00f3 ki.<\/p>\n\n\n\n<h3 class=\"wp-block-heading\" id=\"h-10-perfect-progressive\">10. T\u00f6k\u00e9letes progressz\u00edv:<\/h3>\n\n\n\n<p>A t\u00f6k\u00e9letes progressz\u00edv aspektus egyes\u00edti a t\u00f6k\u00e9letes \u00e9s progressz\u00edv aspektusokat, hogy kifejezze azokat a cselekedeteket, amelyek a m\u00faltban kezd\u0151dtek, a jelenben folytat\u00f3dnak, \u00e9s a j\u00f6v\u0151ben folytat\u00f3dhatnak.<\/p>\n\n\n\n<h3 class=\"wp-block-heading\" id=\"h-11-conditionals\">11. Felt\u00e9telek:<\/h3>\n\n\n\n<p>A bolg\u00e1r nyelvben h\u00e1romf\u00e9le felt\u00e9teles m\u00f3d l\u00e9tezik: val\u00f3s, nem val\u00f3s \u00e9s potenci\u00e1lis. Ezeket hipotetikus vagy ellent\u00e9tes t\u00e9nyek kifejez\u00e9s\u00e9re, valamint el\u0151rejelz\u00e9sekre vagy tan\u00e1csok ad\u00e1s\u00e1ra haszn\u00e1lj\u00e1k.<\/p>\n\n\n\n<h3 class=\"wp-block-heading\" id=\"h-12-prepositions\">12. El\u00f6lj\u00e1r\u00f3szavak:<\/h3>\n\n\n\n<p>A prepoz\u00edci\u00f3k elengedhetetlenek a mondatban l\u00e9v\u0151 szavak k\u00f6z\u00f6tti kapcsolatok kifejez\u00e9s\u00e9hez. A hely, az id\u0151, az ir\u00e1ny, az ok \u00e9s m\u00e1s kapcsolatok jelz\u00e9s\u00e9re szolg\u00e1lnak.<\/p>\n\n\n\n<h3 class=\"wp-block-heading\" id=\"h-13-sentences\">13. Mondatok:<\/h3>\n\n\n\n<p>Az egyszer\u0171 \u00e9s \u00f6sszetett mondatok bolg\u00e1r nyelven t\u00f6rt\u00e9n\u0151 megfogalmaz\u00e1s\u00e1nak megtanul\u00e1sa elengedhetetlen a hat\u00e9kony kommunik\u00e1ci\u00f3hoz. Ez mag\u00e1ban foglalja a helyes sz\u00f3rend, az alany-ige meg\u00e1llapod\u00e1s meg\u00e9rt\u00e9s\u00e9t, valamint a k\u00f6t\u0151szavak \u00e9s m\u00e1s mondatszerkezetek haszn\u00e1lat\u00e1t.<\/p>\n<\/div><\/div>\n\r\n<section class=\"learnNavigationSection\">\r\n            \r\n        <a href=\"https:\/\/talkpal.ai\/hu\/tanulj-bolgarul\/\">\r\n            <div class=\"learnNavigationWrapper\">\r\n                <div class=\"learnNavigationContent\">\r\n                    <img decoding=\"async\" src=\"https:\/\/talkpal.ai\/wp-content\/uploads\/2024\/08\/Bulgarian.jpg\" alt=\"Bulgarian Flag\">\r\n                    <div>\r\n                        <h4>A bolg\u00e1r nyelvtanul\u00e1sr\u00f3l<\/h4>\r\n                        <p>Tudjon meg mindent a bolg\u00e1r nyelvtanr\u00f3l.<\/p>\r\n                    <\/div>\r\n                <\/div>\r\n            <\/div>\r\n        <\/a>\r\n\r\n        \r\n        <a href=\"https:\/\/talkpal.ai\/hu\/bolgar-nyelvtan\/\">\r\n            <div class=\"learnNavigationWrapper\">\r\n                <div class=\"learnNavigationContent\">\r\n                    <img decoding=\"async\" src=\"https:\/\/talkpal.ai\/wp-content\/uploads\/2024\/08\/Bulgarian.jpg\" alt=\"Bulgarian Flag\">\r\n                    <div>\r\n                        <h4>Bolg\u00e1r nyelvtani leck\u00e9k<\/h4>\r\n                        <p>Gyakorolja a bolg\u00e1r nyelvtant.<\/p>\r\n                    <\/div>\r\n                <\/div>\r\n            <\/div>\r\n        <\/a>\r\n\r\n        \r\n        <a href=\"https:\/\/talkpal.ai\/vocabulary_language\/bulgarian\/\">\r\n            <div class=\"learnNavigationWrapper\">\r\n                <div class=\"learnNavigationContent\">\r\n                    <img decoding=\"async\" src=\"https:\/\/talkpal.ai\/wp-content\/uploads\/2024\/08\/Bulgarian.jpg\" alt=\"Bulgarian Flag\">\r\n                    <div>\r\n                        <h4>Bolg\u00e1r sz\u00f3kincs<\/h4>\r\n                        <p>B\u0151v\u00edtse bolg\u00e1r sz\u00f3kincs\u00e9t.<\/p>\r\n                    <\/div>\r\n                <\/div>\r\n            <\/div>\r\n        <\/a>\r\n\r\n            <\/section>","protected":false},"excerpt":{"rendered":"<p>Bolg\u00e1r nyelvtani t\u00e9m\u00e1k A bolg\u00e1r egy d\u00e9lszl\u00e1v nyelv, amelyet els\u0151sorban Bulg\u00e1ri\u00e1ban \u00e9s a szomsz\u00e9dos orsz\u00e1gok bolg\u00e1r k\u00f6z\u00f6ss\u00e9gei besz\u00e9lnek. Bulg\u00e1ria hivatalos nyelvek\u00e9nt fontos szerepet j\u00e1tszik az orsz\u00e1g kult\u00far\u00e1j\u00e1ban, t\u00f6rt\u00e9nelm\u00e9ben \u00e9s mindennapi \u00e9let\u00e9ben. A bolg\u00e1r nyelv tanul\u00e1sa kifizet\u0151d\u0151 \u00e9lm\u00e9ny lehet, mivel lehet\u0151v\u00e9 teszi az orsz\u00e1g gazdag irodalm\u00e1nak, gy\u00f6ny\u00f6r\u0171 t\u00e1jainak \u00e9s \u00edzletes konyh\u00e1j\u00e1nak felfedez\u00e9s\u00e9t. A bolg\u00e1r nyelv elsaj\u00e1t\u00edt\u00e1s\u00e1hoz [&hellip;]<\/p>\n","protected":false},"author":6,"featured_media":111186,"parent":0,"menu_order":0,"comment_status":"closed","ping_status":"closed","template":"LearningContentPage.php","meta":{"_acf_changed":false,"footnotes":""},"class_list":["post-164641","page","type-page","status-publish","has-post-thumbnail","hentry"],"acf":[],"yoast_head":"<!-- This site is optimized with the Yoast SEO Premium plugin v27.2 (Yoast SEO v27.2) - https:\/\/yoast.com\/product\/yoast-seo-premium-wordpress\/ -->\n<title>Bolg\u00e1r nyelvtani gyakorlatok - Talkpal<\/title>\n<meta name=\"description\" content=\"Fejlessze nyelvtud\u00e1s\u00e1t a bolg\u00e1r nyelvtani gyakorlatokkal. A bolg\u00e1r nyelvtan elsaj\u00e1t\u00edt\u00e1sa a szil\u00e1rd bolg\u00e1r nyelvtud\u00e1s megalapoz\u00e1s\u00e1hoz.\" \/>\n<meta name=\"robots\" content=\"index, follow, max-snippet:-1, max-image-preview:large, max-video-preview:-1\" \/>\n<link rel=\"canonical\" href=\"https:\/\/talkpal.ai\/hu\/bolgar-nyelvtani-gyakorlatok\/\" \/>\n<meta property=\"og:locale\" content=\"hu_HU\" \/>\n<meta property=\"og:type\" content=\"article\" \/>\n<meta property=\"og:title\" content=\"Bolg\u00e1r nyelvtani gyakorlatok\" \/>\n<meta property=\"og:description\" content=\"Bolg\u00e1r nyelvtani t\u00e9m\u00e1k A bolg\u00e1r egy d\u00e9lszl\u00e1v nyelv, amelyet els\u0151sorban Bulg\u00e1ri\u00e1ban \u00e9s a szomsz\u00e9dos orsz\u00e1gok bolg\u00e1r k\u00f6z\u00f6ss\u00e9gei besz\u00e9lnek. Bulg\u00e1ria\" \/>\n<meta property=\"og:url\" content=\"https:\/\/talkpal.ai\/hu\/bolgar-nyelvtani-gyakorlatok\/\" \/>\n<meta property=\"og:site_name\" content=\"Talkpal\" \/>\n<meta property=\"article:publisher\" content=\"https:\/\/www.facebook.com\/profile.php?id=100090733639311\" \/>\n<meta property=\"article:modified_time\" content=\"2025-05-23T12:00:01+00:00\" \/>\n<meta property=\"og:image\" content=\"https:\/\/talkpal.ai\/wp-content\/uploads\/2023\/05\/bulgaria.png\" \/>\n\t<meta property=\"og:image:width\" content=\"512\" \/>\n\t<meta property=\"og:image:height\" content=\"512\" \/>\n\t<meta property=\"og:image:type\" content=\"image\/png\" \/>\n<meta name=\"twitter:card\" content=\"summary_large_image\" \/>\n<meta name=\"twitter:site\" content=\"@talkpalai\" \/>\n<meta name=\"twitter:label1\" content=\"Becs\u00fclt olvas\u00e1si id\u0151\" \/>\n\t<meta name=\"twitter:data1\" content=\"4 perc\" \/>\n<script type=\"application\/ld+json\" class=\"yoast-schema-graph\">{\"@context\":\"https:\/\/schema.org\",\"@graph\":[{\"@type\":\"WebPage\",\"@id\":\"https:\/\/talkpal.ai\/hu\/bolgar-nyelvtani-gyakorlatok\/\",\"url\":\"https:\/\/talkpal.ai\/hu\/bolgar-nyelvtani-gyakorlatok\/\",\"name\":\"Bolg\u00e1r nyelvtani gyakorlatok - Talkpal\",\"isPartOf\":{\"@id\":\"https:\/\/talkpal.ai\/hu\/#website\"},\"primaryImageOfPage\":{\"@id\":\"https:\/\/talkpal.ai\/hu\/bolgar-nyelvtani-gyakorlatok\/#primaryimage\"},\"image\":{\"@id\":\"https:\/\/talkpal.ai\/hu\/bolgar-nyelvtani-gyakorlatok\/#primaryimage\"},\"thumbnailUrl\":\"https:\/\/talkpal.ai\/wp-content\/uploads\/2023\/05\/bulgaria.png\",\"datePublished\":\"2023-06-16T12:39:48+00:00\",\"dateModified\":\"2025-05-23T12:00:01+00:00\",\"description\":\"Fejlessze nyelvtud\u00e1s\u00e1t a bolg\u00e1r nyelvtani gyakorlatokkal. A bolg\u00e1r nyelvtan elsaj\u00e1t\u00edt\u00e1sa a szil\u00e1rd bolg\u00e1r nyelvtud\u00e1s megalapoz\u00e1s\u00e1hoz.\",\"breadcrumb\":{\"@id\":\"https:\/\/talkpal.ai\/hu\/bolgar-nyelvtani-gyakorlatok\/#breadcrumb\"},\"inLanguage\":\"hu\",\"potentialAction\":[{\"@type\":\"ReadAction\",\"target\":[\"https:\/\/talkpal.ai\/hu\/bolgar-nyelvtani-gyakorlatok\/\"]}]},{\"@type\":\"ImageObject\",\"inLanguage\":\"hu\",\"@id\":\"https:\/\/talkpal.ai\/hu\/bolgar-nyelvtani-gyakorlatok\/#primaryimage\",\"url\":\"https:\/\/talkpal.ai\/wp-content\/uploads\/2023\/05\/bulgaria.png\",\"contentUrl\":\"https:\/\/talkpal.ai\/wp-content\/uploads\/2023\/05\/bulgaria.png\",\"width\":512,\"height\":512},{\"@type\":\"BreadcrumbList\",\"@id\":\"https:\/\/talkpal.ai\/hu\/bolgar-nyelvtani-gyakorlatok\/#breadcrumb\",\"itemListElement\":[{\"@type\":\"ListItem\",\"position\":1,\"name\":\"Homepage\",\"item\":\"https:\/\/talkpal.ai\/hu\/\"},{\"@type\":\"ListItem\",\"position\":2,\"name\":\"Bolg\u00e1r nyelvtani gyakorlatok\"}]},{\"@type\":\"WebSite\",\"@id\":\"https:\/\/talkpal.ai\/hu\/#website\",\"url\":\"https:\/\/talkpal.ai\/hu\/\",\"name\":\"Talkpal\",\"description\":\"AI Language Learning\",\"publisher\":{\"@id\":\"https:\/\/talkpal.ai\/hu\/#organization\"},\"alternateName\":\"Talkpal AI\",\"potentialAction\":[{\"@type\":\"SearchAction\",\"target\":{\"@type\":\"EntryPoint\",\"urlTemplate\":\"https:\/\/talkpal.ai\/hu\/?s={search_term_string}\"},\"query-input\":{\"@type\":\"PropertyValueSpecification\",\"valueRequired\":true,\"valueName\":\"search_term_string\"}}],\"inLanguage\":\"hu\"},{\"@type\":\"Organization\",\"@id\":\"https:\/\/talkpal.ai\/hu\/#organization\",\"name\":\"Talkpal, Inc.\",\"alternateName\":\"Talkpal AI\",\"url\":\"https:\/\/talkpal.ai\/hu\/\",\"logo\":{\"@type\":\"ImageObject\",\"inLanguage\":\"hu\",\"@id\":\"https:\/\/talkpal.ai\/hu\/#\/schema\/logo\/image\/\",\"url\":\"https:\/\/talkpal.ai\/wp-content\/uploads\/2024\/03\/Talkpal-Logo-Icon.png\",\"contentUrl\":\"https:\/\/talkpal.ai\/wp-content\/uploads\/2024\/03\/Talkpal-Logo-Icon.png\",\"width\":2880,\"height\":2880,\"caption\":\"Talkpal, Inc.\"},\"image\":{\"@id\":\"https:\/\/talkpal.ai\/hu\/#\/schema\/logo\/image\/\"},\"sameAs\":[\"https:\/\/www.facebook.com\/profile.php?id=100090733639311\",\"https:\/\/x.com\/talkpalai\",\"https:\/\/www.linkedin.com\/company\/talkpal\/\",\"https:\/\/www.youtube.com\/@TalkPal\/\",\"https:\/\/www.tiktok.com\/@talkpal\",\"https:\/\/www.instagram.com\/talkpal_ai\/\",\"https:\/\/www.crunchbase.com\/organization\/talkpal-9cde\",\"https:\/\/www.g2.com\/products\/talkpal-for-business\/\",\"https:\/\/www.trustpilot.com\/review\/talkpal.ai\",\"https:\/\/www.capterra.com\/p\/10006800\/TalkPal\/\"],\"description\":\"Talkpal is a language learning web and mobile education app, powered by the latest AI technologies, that provides engaging experiences to its customers in many different languages to help them improve their language skills. Users can chat about unlimited amount of topics with the app and use other modes to practice their language learning.\",\"email\":\"support@talkpal.ai\",\"legalName\":\"Talkpal, Inc.\",\"foundingDate\":\"2023-04-03\",\"duns\":\"118989042\",\"numberOfEmployees\":{\"@type\":\"QuantitativeValue\",\"minValue\":\"11\",\"maxValue\":\"50\"},\"publishingPrinciples\":\"https:\/\/talkpal.ai\/publishing-principles\/\",\"actionableFeedbackPolicy\":\"https:\/\/talkpal.ai\/actionable-feedback-policy\/\",\"correctionsPolicy\":\"https:\/\/talkpal.ai\/corrections-policy\/\",\"ethicsPolicy\":\"https:\/\/talkpal.ai\/ethics-policy\/\",\"diversityPolicy\":\"https:\/\/talkpal.ai\/diversity-policy\/\",\"diversityStaffingReport\":\"https:\/\/talkpal.ai\/diversity-policy\/\"}]}<\/script>\n<!-- \/ Yoast SEO Premium plugin. -->","yoast_head_json":{"title":"Bolg\u00e1r nyelvtani gyakorlatok - Talkpal","description":"Fejlessze nyelvtud\u00e1s\u00e1t a bolg\u00e1r nyelvtani gyakorlatokkal. A bolg\u00e1r nyelvtan elsaj\u00e1t\u00edt\u00e1sa a szil\u00e1rd bolg\u00e1r nyelvtud\u00e1s megalapoz\u00e1s\u00e1hoz.","robots":{"index":"index","follow":"follow","max-snippet":"max-snippet:-1","max-image-preview":"max-image-preview:large","max-video-preview":"max-video-preview:-1"},"canonical":"https:\/\/talkpal.ai\/hu\/bolgar-nyelvtani-gyakorlatok\/","og_locale":"hu_HU","og_type":"article","og_title":"Bolg\u00e1r nyelvtani gyakorlatok","og_description":"Bolg\u00e1r nyelvtani t\u00e9m\u00e1k A bolg\u00e1r egy d\u00e9lszl\u00e1v nyelv, amelyet els\u0151sorban Bulg\u00e1ri\u00e1ban \u00e9s a szomsz\u00e9dos orsz\u00e1gok bolg\u00e1r k\u00f6z\u00f6ss\u00e9gei besz\u00e9lnek. Bulg\u00e1ria","og_url":"https:\/\/talkpal.ai\/hu\/bolgar-nyelvtani-gyakorlatok\/","og_site_name":"Talkpal","article_publisher":"https:\/\/www.facebook.com\/profile.php?id=100090733639311","article_modified_time":"2025-05-23T12:00:01+00:00","og_image":[{"width":512,"height":512,"url":"https:\/\/talkpal.ai\/wp-content\/uploads\/2023\/05\/bulgaria.png","type":"image\/png"}],"twitter_card":"summary_large_image","twitter_site":"@talkpalai","twitter_misc":{"Becs\u00fclt olvas\u00e1si id\u0151":"4 perc"},"schema":{"@context":"https:\/\/schema.org","@graph":[{"@type":"WebPage","@id":"https:\/\/talkpal.ai\/hu\/bolgar-nyelvtani-gyakorlatok\/","url":"https:\/\/talkpal.ai\/hu\/bolgar-nyelvtani-gyakorlatok\/","name":"Bolg\u00e1r nyelvtani gyakorlatok - Talkpal","isPartOf":{"@id":"https:\/\/talkpal.ai\/hu\/#website"},"primaryImageOfPage":{"@id":"https:\/\/talkpal.ai\/hu\/bolgar-nyelvtani-gyakorlatok\/#primaryimage"},"image":{"@id":"https:\/\/talkpal.ai\/hu\/bolgar-nyelvtani-gyakorlatok\/#primaryimage"},"thumbnailUrl":"https:\/\/talkpal.ai\/wp-content\/uploads\/2023\/05\/bulgaria.png","datePublished":"2023-06-16T12:39:48+00:00","dateModified":"2025-05-23T12:00:01+00:00","description":"Fejlessze nyelvtud\u00e1s\u00e1t a bolg\u00e1r nyelvtani gyakorlatokkal. A bolg\u00e1r nyelvtan elsaj\u00e1t\u00edt\u00e1sa a szil\u00e1rd bolg\u00e1r nyelvtud\u00e1s megalapoz\u00e1s\u00e1hoz.","breadcrumb":{"@id":"https:\/\/talkpal.ai\/hu\/bolgar-nyelvtani-gyakorlatok\/#breadcrumb"},"inLanguage":"hu","potentialAction":[{"@type":"ReadAction","target":["https:\/\/talkpal.ai\/hu\/bolgar-nyelvtani-gyakorlatok\/"]}]},{"@type":"ImageObject","inLanguage":"hu","@id":"https:\/\/talkpal.ai\/hu\/bolgar-nyelvtani-gyakorlatok\/#primaryimage","url":"https:\/\/talkpal.ai\/wp-content\/uploads\/2023\/05\/bulgaria.png","contentUrl":"https:\/\/talkpal.ai\/wp-content\/uploads\/2023\/05\/bulgaria.png","width":512,"height":512},{"@type":"BreadcrumbList","@id":"https:\/\/talkpal.ai\/hu\/bolgar-nyelvtani-gyakorlatok\/#breadcrumb","itemListElement":[{"@type":"ListItem","position":1,"name":"Homepage","item":"https:\/\/talkpal.ai\/hu\/"},{"@type":"ListItem","position":2,"name":"Bolg\u00e1r nyelvtani gyakorlatok"}]},{"@type":"WebSite","@id":"https:\/\/talkpal.ai\/hu\/#website","url":"https:\/\/talkpal.ai\/hu\/","name":"Talkpal","description":"AI Language Learning","publisher":{"@id":"https:\/\/talkpal.ai\/hu\/#organization"},"alternateName":"Talkpal AI","potentialAction":[{"@type":"SearchAction","target":{"@type":"EntryPoint","urlTemplate":"https:\/\/talkpal.ai\/hu\/?s={search_term_string}"},"query-input":{"@type":"PropertyValueSpecification","valueRequired":true,"valueName":"search_term_string"}}],"inLanguage":"hu"},{"@type":"Organization","@id":"https:\/\/talkpal.ai\/hu\/#organization","name":"Talkpal, Inc.","alternateName":"Talkpal AI","url":"https:\/\/talkpal.ai\/hu\/","logo":{"@type":"ImageObject","inLanguage":"hu","@id":"https:\/\/talkpal.ai\/hu\/#\/schema\/logo\/image\/","url":"https:\/\/talkpal.ai\/wp-content\/uploads\/2024\/03\/Talkpal-Logo-Icon.png","contentUrl":"https:\/\/talkpal.ai\/wp-content\/uploads\/2024\/03\/Talkpal-Logo-Icon.png","width":2880,"height":2880,"caption":"Talkpal, Inc."},"image":{"@id":"https:\/\/talkpal.ai\/hu\/#\/schema\/logo\/image\/"},"sameAs":["https:\/\/www.facebook.com\/profile.php?id=100090733639311","https:\/\/x.com\/talkpalai","https:\/\/www.linkedin.com\/company\/talkpal\/","https:\/\/www.youtube.com\/@TalkPal\/","https:\/\/www.tiktok.com\/@talkpal","https:\/\/www.instagram.com\/talkpal_ai\/","https:\/\/www.crunchbase.com\/organization\/talkpal-9cde","https:\/\/www.g2.com\/products\/talkpal-for-business\/","https:\/\/www.trustpilot.com\/review\/talkpal.ai","https:\/\/www.capterra.com\/p\/10006800\/TalkPal\/"],"description":"Talkpal is a language learning web and mobile education app, powered by the latest AI technologies, that provides engaging experiences to its customers in many different languages to help them improve their language skills. Users can chat about unlimited amount of topics with the app and use other modes to practice their language learning.","email":"support@talkpal.ai","legalName":"Talkpal, Inc.","foundingDate":"2023-04-03","duns":"118989042","numberOfEmployees":{"@type":"QuantitativeValue","minValue":"11","maxValue":"50"},"publishingPrinciples":"https:\/\/talkpal.ai\/publishing-principles\/","actionableFeedbackPolicy":"https:\/\/talkpal.ai\/actionable-feedback-policy\/","correctionsPolicy":"https:\/\/talkpal.ai\/corrections-policy\/","ethicsPolicy":"https:\/\/talkpal.ai\/ethics-policy\/","diversityPolicy":"https:\/\/talkpal.ai\/diversity-policy\/","diversityStaffingReport":"https:\/\/talkpal.ai\/diversity-policy\/"}]}},"_links":{"self":[{"href":"https:\/\/talkpal.ai\/hu\/wp-json\/wp\/v2\/pages\/164641","targetHints":{"allow":["GET"]}}],"collection":[{"href":"https:\/\/talkpal.ai\/hu\/wp-json\/wp\/v2\/pages"}],"about":[{"href":"https:\/\/talkpal.ai\/hu\/wp-json\/wp\/v2\/types\/page"}],"author":[{"embeddable":true,"href":"https:\/\/talkpal.ai\/hu\/wp-json\/wp\/v2\/users\/6"}],"replies":[{"embeddable":true,"href":"https:\/\/talkpal.ai\/hu\/wp-json\/wp\/v2\/comments?post=164641"}],"version-history":[{"count":0,"href":"https:\/\/talkpal.ai\/hu\/wp-json\/wp\/v2\/pages\/164641\/revisions"}],"wp:featuredmedia":[{"embeddable":true,"href":"https:\/\/talkpal.ai\/hu\/wp-json\/wp\/v2\/media\/111186"}],"wp:attachment":[{"href":"https:\/\/talkpal.ai\/hu\/wp-json\/wp\/v2\/media?parent=164641"}],"curies":[{"name":"wp","href":"https:\/\/api.w.org\/{rel}","templated":true}]}}