{"id":164375,"date":"2023-06-16T12:49:04","date_gmt":"2023-06-16T12:49:04","guid":{"rendered":"http:\/\/talkpal.ai\/katalan-nyelvtani-gyakorlatok\/"},"modified":"2025-05-23T13:32:27","modified_gmt":"2025-05-23T13:32:27","slug":"katalan-nyelvtani-gyakorlatok","status":"publish","type":"page","link":"https:\/\/talkpal.ai\/hu\/katalan-nyelvtani-gyakorlatok\/","title":{"rendered":"Katal\u00e1n nyelvtani gyakorlatok"},"content":{"rendered":"\r\n\r\n\r\n<section class=\"languageChallengeSection\">\r\n    <div class=\"languageInfoWrapper\">\r\n        \r\n        <h1>Katal\u00e1n nyelvtani gyakorlatok<\/h1>\r\n        <p>Szeretne magabiztosabban besz\u00e9lni katal\u00e1nul? A nyelvtani gyakorlatok gyakorl\u00e1sa remek m\u00f3dja a mondatszerkezet, az igealakok \u00e9s a <a href=\"https:\/\/talkpal.ai\/learn-catalan\/\">katal\u00e1n<\/a> nyelv jellegzetes mint\u00e1inak elsaj\u00e1t\u00edt\u00e1s\u00e1nak. Kezdj el dolgozni a <a href=\"https:\/\/talkpal.ai\/learn-catalan\/\">katal\u00e1n<\/a> nyelvtanon m\u00e9g ma, \u00e9s figyeld, ahogy a meg\u00e9rt\u00e9sed \u00e9s a foly\u00e9kony besz\u00e9dk\u00e9szs\u00e9ged minden egyes gyakorlattal n\u0151!<\/p>\r\n\r\n                            <a class=\"getStartedHidden\" href=\"https:\/\/app.talkpal.ai\/hu\/signup?lng=\">Kezdj\u00fck<\/a>\r\n        \r\n    <\/div>\r\n\r\n    <figure>\r\n    <img decoding=\"async\" width=\"768\" height=\"768\" src=\"https:\/\/talkpal.ai\/wp-content\/uploads\/2023\/06\/catalan-768x768.png\" class=\"languageImage no-lazy\" alt=\"Language learning techniques for fast learning\" fetchpriority=\"high\" sizes=\"(max-width: 768px) 150px, 768px\" srcset=\"https:\/\/talkpal.ai\/wp-content\/uploads\/2023\/06\/catalan-768x768.png 768w, https:\/\/talkpal.ai\/wp-content\/uploads\/2023\/06\/catalan-300x300.png 300w\" \/>\r\n    \r\n\r\n    <\/figure>\r\n\r\n            <a class=\"getStartedVisible\" href=\"https:\/\/app.talkpal.ai\/hu\/signup?lng=\">Kezdj\u00fck<\/a>\r\n    \r\n<\/section>\r\n\r\n\r\n<!-- <section class=\"grammarSection\">\r\n    <div class=\"grammarLinks\">\r\n            <\/div>\r\n<\/section> -->\r\n\r\n\r\n\r\n\r\n<section class=\"promotionalBanner\">\r\n    <p class=\"promotionalText\">A nyelvtanul\u00e1s leghat\u00e9konyabb m\u00f3dja<\/p>\r\n    <a class=\"promotionalLink\" href=\"https:\/\/app.talkpal.ai\/hu\/signup?lng=\">Pr\u00f3b\u00e1lja ki a Talkpal ingyen<\/a>\r\n<\/section>\n<div class=\"wp-block-group pageContainerStyle\"><div class=\"wp-block-group__inner-container is-layout-constrained wp-block-group-is-layout-constrained\">\n<h2 class=\"wp-block-heading\" id=\"h-catalan-grammar-topics\">Katal\u00e1n nyelvtani t\u00e9m\u00e1k<\/h2>\n\n\n\n<p>A katal\u00e1n, egy \u00fajlatin nyelv, amelyet milli\u00f3k besz\u00e9lnek Spanyolorsz\u00e1g Katal\u00f3nia r\u00e9gi\u00f3j\u00e1ban, valamint Olaszorsz\u00e1g \u00e9s Franciaorsz\u00e1g egyes r\u00e9szein, gy\u00f6ny\u00f6r\u0171 \u00e9s \u00e9l\u00e9nk nyelv, gazdag t\u00f6rt\u00e9nelemmel. A <a href=\"https:\/\/talkpal.ai\/hu\/tanuljon-katalan-nyelven\/\">katal\u00e1n nyelv<\/a> tanul\u00e1sa \u00e9lvezetes \u00e9s kifizet\u0151d\u0151 \u00e9lm\u00e9ny lehet, \u00faj kultur\u00e1lis \u00e9s nyelvi horizontokat nyithat meg. A nyelv megfelel\u0151 megtanul\u00e1s\u00e1hoz elengedhetetlen a <a href=\"https:\/\/talkpal.ai\/grammar\/\">nyelvtan<\/a> elsaj\u00e1t\u00edt\u00e1sa. A <a href=\"https:\/\/talkpal.ai\/catalan-grammar\/\">katal\u00e1n nyelvtan<\/a>, mint b\u00e1rmely m\u00e1s nyelv\u00e9, a kifejez\u00e9sek \u00e9s mondatok \u00e9p\u00edt\u00e9s\u00e9t szab\u00e1lyoz\u00f3 szab\u00e1lyrendszer. Ebben a cikkben logikai sorrendben felt\u00e1rjuk a katal\u00e1n nyelvtan legfontosabb aspektusait, szil\u00e1rd alapot biztos\u00edtva a nyelvtanul\u00e1si utaz\u00e1shoz.<\/p>\n\n\n\n<h3 class=\"wp-block-heading\" id=\"h-1-nouns-and-articles\">1. F\u0151nevek \u00e9s cikkek:<\/h3>\n\n\n\n<p>Kezdje a katal\u00e1n f\u0151nevek tanul\u00e1s\u00e1val, amelyeknek nem\u00fck (h\u00edmnem\u0171 vagy n\u0151ies) \u00e9s sz\u00e1muk (egyes vagy t\u00f6bbes sz\u00e1m) <a href=\"https:\/\/talkpal.ai\/locations\/language-courses-in-van\/\">van<\/a>. A katal\u00e1n hat\u00e1rozott \u00e9s hat\u00e1rozatlan n\u00e9vel\u0151k nemt\u0151l \u00e9s sz\u00e1mt\u00f3l f\u00fcgg\u0151en is v\u00e1ltoznak, \u00edgy a mondatok fel\u00e9p\u00edt\u00e9s\u00e9nek alapvet\u0151 kiindul\u00f3pontja.<\/p>\n\n\n\n<h3 class=\"wp-block-heading\" id=\"h-2-adjectives\">2. Mell\u00e9knevek:<\/h3>\n\n\n\n<p>A katal\u00e1n mell\u00e9knevek megegyeznek a nem\u00fckben \u00e9s sz\u00e1mukban m\u00f3dos\u00edtott f\u0151nevekkel. Ismerje meg, hogyan kell kialak\u00edtani \u00e9s elhelyezni a mell\u00e9kneveket a f\u0151nevek jellemz\u0151inek pontos le\u00edr\u00e1s\u00e1hoz.<\/p>\n\n\n\n<h3 class=\"wp-block-heading\" id=\"h-3-pronouns-determiners\">3. N\u00e9vm\u00e1sok\/determin\u00e1nsok:<\/h3>\n\n\n\n<p>A n\u00e9vm\u00e1sok helyettes\u00edtik a f\u0151neveket az ism\u00e9tl\u00e9s elker\u00fcl\u00e9se \u00e9rdek\u00e9ben, m\u00edg a determin\u00e1nsok meghat\u00e1rozz\u00e1k vagy sz\u00e1mszer\u0171s\u00edtik \u0151ket. Saj\u00e1t\u00edtsa el a k\u00fcl\u00f6nb\u00f6z\u0151 t\u00edpus\u00fa n\u00e9vm\u00e1sokat (alany, t\u00e1rgy, reflex\u00edv) \u00e9s determin\u00e1nsokat (demonstrat\u00edv, birtokos, k\u00e9rd\u0151), hogy v\u00e1ltozatoss\u00e1got adjon mondatainak.<\/p>\n\n\n\n<h3 class=\"wp-block-heading\" id=\"h-4-verbs-and-tenses\">4. Ig\u00e9k \u00e9s igeid\u0151k:<\/h3>\n\n\n\n<p>A katal\u00e1n ig\u00e9k fesz\u00fclts\u00e9g\u00fck, hangulatuk \u00e9s szem\u00e9ly\u00fck szerint vannak ragozva. Ismerje meg a rendszeres \u00e9s szab\u00e1lytalan igealakokat a jelenben, a m\u00faltban \u00e9s a j\u00f6v\u0151ben, valamint a parancsok kiad\u00e1s\u00e1nak imperat\u00edv hangulat\u00e1t.<\/p>\n\n\n\n<h3 class=\"wp-block-heading\" id=\"h-5-tense-comparison\">5. Fesz\u00fclt \u00f6sszehasonl\u00edt\u00e1s:<\/h3>\n\n\n\n<p>Tudja meg, hogyan lehet \u00f6sszehasonl\u00edtani a katal\u00e1n k\u00fcl\u00f6nb\u00f6z\u0151 id\u0151ket a k\u00fcl\u00f6nb\u00f6z\u0151 id\u0151pontokban el\u0151fordul\u00f3 cselekv\u00e9sek vagy \u00e1llapotok kifejez\u00e9s\u00e9re.<\/p>\n\n\n\n<h3 class=\"wp-block-heading\" id=\"h-6-progressive-and-perfect-progressive\">6. Progressz\u00edv \u00e9s t\u00f6k\u00e9letes progressz\u00edv:<\/h3>\n\n\n\n<p>A progressz\u00edv forma folyamatos cselekv\u00e9st jelez, m\u00edg a t\u00f6k\u00e9letes progressz\u00edv egyes\u00edti a progressz\u00edv \u00e9s t\u00f6k\u00e9letes aspektusokat. Ismerje meg, hogyan alak\u00edthatja ki \u00e9s haszn\u00e1lhatja ezeket a konstrukci\u00f3kat a folyamatban l\u00e9v\u0151 m\u0171veletek vagy a folyamatban l\u00e9v\u0151 relevanci\u00e1j\u00fa befejezett m\u0171veletek kifejez\u00e9s\u00e9re.<\/p>\n\n\n\n<h3 class=\"wp-block-heading\" id=\"h-7-adverbs\">7. Hat\u00e1roz\u00f3sz\u00f3k:<\/h3>\n\n\n\n<p>A hat\u00e1roz\u00f3szavak m\u00f3dos\u00edtj\u00e1k az ig\u00e9ket, mell\u00e9kneveket vagy m\u00e1s hat\u00e1roz\u00f3szavakat, hogy tov\u00e1bbi inform\u00e1ci\u00f3kat ny\u00fajtsanak a cselekv\u00e9sekr\u0151l vagy min\u0151s\u00e9gekr\u0151l. Ismerje meg a k\u00fcl\u00f6nb\u00f6z\u0151 t\u00edpus\u00fa hat\u00e1roz\u00f3szavakat \u00e9s azok mondatokban val\u00f3 elhelyez\u00e9s\u00e9t.<\/p>\n\n\n\n<h3 class=\"wp-block-heading\" id=\"h-8-prepositions\">8. El\u00f6lj\u00e1r\u00f3szavak:<\/h3>\n\n\n\n<p>Az el\u00f6lj\u00e1r\u00f3szavak f\u0151neveket, n\u00e9vm\u00e1sokat vagy m\u00e1s elemeket kapcsolnak \u00f6ssze egy mondaton bel\u00fcl, hogy jelezz\u00e9k az olyan kapcsolatokat, mint a hely, az id\u0151 vagy az ir\u00e1ny. Ismerje meg a leggyakoribb katal\u00e1n el\u00f6lj\u00e1r\u00f3szavakat \u00e9s azok haszn\u00e1lat\u00e1t.<\/p>\n\n\n\n<h3 class=\"wp-block-heading\" id=\"h-9-conditionals\">9. Felt\u00e9telek:<\/h3>\n\n\n\n<p>A felt\u00e9telek hipotetikus helyzeteket vagy felt\u00e9teleket \u00e9s azok k\u00f6vetkezm\u00e9nyeit fejezik ki. Ismerje meg a k\u00fcl\u00f6nb\u00f6z\u0151 t\u00edpus\u00fa felt\u00e9teleket (nulla, els\u0151, m\u00e1sodik, harmadik), \u00e9s hogyan kell helyesen kialak\u00edtani \u00e9s haszn\u00e1lni \u0151ket.<\/p>\n\n\n\n<h3 class=\"wp-block-heading\" id=\"h-10-sentences\">10. Mondatok:<\/h3>\n\n\n\n<p>V\u00e9g\u00fcl gyakorolja a tanult elemek kombin\u00e1l\u00e1s\u00e1t, hogy teljes, \u00f6sszef\u00fcgg\u0151 mondatokat alkosson katal\u00e1nul. K\u00eds\u00e9rletezzen k\u00fcl\u00f6nb\u00f6z\u0151 mondatszerkezetekkel, \u00e9s gyakorolja a k\u00fcl\u00f6nb\u00f6z\u0151 t\u00edpus\u00fa mondatok l\u00e9trehoz\u00e1s\u00e1t, p\u00e9ld\u00e1ul deklarat\u00edv, k\u00e9rd\u0151 \u00e9s felki\u00e1lt\u00f3jel.<\/p>\n\n\n\n<p>Ha megtanulja ezeket a t\u00e9m\u00e1kat a javasolt sorrendben, er\u0151s alapot fejleszt ki a katal\u00e1n nyelvtanban, lehet\u0151v\u00e9 t\u00e9ve, hogy hat\u00e9konyan \u00e9s magabiztosan kommunik\u00e1ljon ezen a leny\u0171g\u00f6z\u0151 nyelven.<\/p>\n<\/div><\/div>\n\r\n<section class=\"learnNavigationSection\">\r\n            \r\n        <a href=\"https:\/\/talkpal.ai\/hu\/tanuljon-katalan-nyelven\/\">\r\n            <div class=\"learnNavigationWrapper\">\r\n                <div class=\"learnNavigationContent\">\r\n                    <img decoding=\"async\" src=\"https:\/\/talkpal.ai\/wp-content\/uploads\/2024\/08\/Catalan.jpg\" alt=\"Catalan Flag\">\r\n                    <div>\r\n                        <h4>A katal\u00e1n tanul\u00e1sr\u00f3l<\/h4>\r\n                        <p>Tudjon meg mindent a katal\u00e1n nyelvtanr\u00f3l.<\/p>\r\n                    <\/div>\r\n                <\/div>\r\n            <\/div>\r\n        <\/a>\r\n\r\n        \r\n        <a href=\"https:\/\/talkpal.ai\/hu\/katalan-nyelvtan\/\">\r\n            <div class=\"learnNavigationWrapper\">\r\n                <div class=\"learnNavigationContent\">\r\n                    <img decoding=\"async\" src=\"https:\/\/talkpal.ai\/wp-content\/uploads\/2024\/08\/Catalan.jpg\" alt=\"Catalan Flag\">\r\n                    <div>\r\n                        <h4>Katal\u00e1n nyelvtan leck\u00e9k<\/h4>\r\n                        <p>Gyakorolja a katal\u00e1n nyelvtant.<\/p>\r\n                    <\/div>\r\n                <\/div>\r\n            <\/div>\r\n        <\/a>\r\n\r\n        \r\n        <a href=\"https:\/\/talkpal.ai\/vocabulary_language\/catalan\/\">\r\n            <div class=\"learnNavigationWrapper\">\r\n                <div class=\"learnNavigationContent\">\r\n                    <img decoding=\"async\" src=\"https:\/\/talkpal.ai\/wp-content\/uploads\/2024\/08\/Catalan.jpg\" alt=\"Catalan Flag\">\r\n                    <div>\r\n                        <h4>Katal\u00e1n sz\u00f3kincs<\/h4>\r\n                        <p>B\u0151v\u00edtse katal\u00e1n sz\u00f3kincs\u00e9t.<\/p>\r\n                    <\/div>\r\n                <\/div>\r\n            <\/div>\r\n        <\/a>\r\n\r\n            <\/section>","protected":false},"excerpt":{"rendered":"<p>Katal\u00e1n nyelvtani t\u00e9m\u00e1k A katal\u00e1n, egy \u00fajlatin nyelv, amelyet milli\u00f3k besz\u00e9lnek Spanyolorsz\u00e1g Katal\u00f3nia r\u00e9gi\u00f3j\u00e1ban, valamint Olaszorsz\u00e1g \u00e9s Franciaorsz\u00e1g egyes r\u00e9szein, gy\u00f6ny\u00f6r\u0171 \u00e9s \u00e9l\u00e9nk nyelv, gazdag t\u00f6rt\u00e9nelemmel. A katal\u00e1n nyelv tanul\u00e1sa \u00e9lvezetes \u00e9s kifizet\u0151d\u0151 \u00e9lm\u00e9ny lehet, \u00faj kultur\u00e1lis \u00e9s nyelvi horizontokat nyithat meg. A nyelv megfelel\u0151 megtanul\u00e1s\u00e1hoz elengedhetetlen a nyelvtan elsaj\u00e1t\u00edt\u00e1sa. A katal\u00e1n nyelvtan, mint b\u00e1rmely [&hellip;]<\/p>\n","protected":false},"author":6,"featured_media":142041,"parent":0,"menu_order":0,"comment_status":"closed","ping_status":"closed","template":"LearningContentPage.php","meta":{"_acf_changed":false,"footnotes":""},"class_list":["post-164375","page","type-page","status-publish","has-post-thumbnail","hentry"],"acf":[],"yoast_head":"<!-- This site is optimized with the Yoast SEO Premium plugin v27.2 (Yoast SEO v27.2) - https:\/\/yoast.com\/product\/yoast-seo-premium-wordpress\/ -->\n<title>Katal\u00e1n nyelvtani gyakorlatok - Talkpal<\/title>\n<meta name=\"description\" content=\"Fedezze fel az alapvet\u0151 katal\u00e1n nyelvtani gyakorlatokat, hogy jobban meg\u00e9rtse ezt a gy\u00f6ny\u00f6r\u0171 nyelvet \u00e9s annak szerkezet\u00e9t.\" \/>\n<meta name=\"robots\" content=\"index, follow, max-snippet:-1, max-image-preview:large, max-video-preview:-1\" \/>\n<link rel=\"canonical\" href=\"https:\/\/talkpal.ai\/hu\/katalan-nyelvtani-gyakorlatok\/\" \/>\n<meta property=\"og:locale\" content=\"hu_HU\" \/>\n<meta property=\"og:type\" content=\"article\" \/>\n<meta property=\"og:title\" content=\"Katal\u00e1n nyelvtani gyakorlatok\" \/>\n<meta property=\"og:description\" content=\"Katal\u00e1n nyelvtani t\u00e9m\u00e1k A katal\u00e1n, egy \u00fajlatin nyelv, amelyet milli\u00f3k besz\u00e9lnek Spanyolorsz\u00e1g Katal\u00f3nia r\u00e9gi\u00f3j\u00e1ban, valamint Olaszorsz\u00e1g \u00e9s Franciaorsz\u00e1g\" \/>\n<meta property=\"og:url\" content=\"https:\/\/talkpal.ai\/hu\/katalan-nyelvtani-gyakorlatok\/\" \/>\n<meta property=\"og:site_name\" content=\"Talkpal\" \/>\n<meta property=\"article:publisher\" content=\"https:\/\/www.facebook.com\/profile.php?id=100090733639311\" \/>\n<meta property=\"article:modified_time\" content=\"2025-05-23T13:32:27+00:00\" \/>\n<meta property=\"og:image\" content=\"https:\/\/talkpal.ai\/wp-content\/uploads\/2023\/08\/Catalan.png\" \/>\n\t<meta property=\"og:image:width\" content=\"479\" \/>\n\t<meta property=\"og:image:height\" content=\"479\" \/>\n\t<meta property=\"og:image:type\" content=\"image\/png\" \/>\n<meta name=\"twitter:card\" content=\"summary_large_image\" \/>\n<meta name=\"twitter:site\" content=\"@talkpalai\" \/>\n<meta name=\"twitter:label1\" content=\"Becs\u00fclt olvas\u00e1si id\u0151\" \/>\n\t<meta name=\"twitter:data1\" content=\"3 perc\" \/>\n<script type=\"application\/ld+json\" class=\"yoast-schema-graph\">{\"@context\":\"https:\/\/schema.org\",\"@graph\":[{\"@type\":\"WebPage\",\"@id\":\"https:\/\/talkpal.ai\/hu\/katalan-nyelvtani-gyakorlatok\/\",\"url\":\"https:\/\/talkpal.ai\/hu\/katalan-nyelvtani-gyakorlatok\/\",\"name\":\"Katal\u00e1n nyelvtani gyakorlatok - Talkpal\",\"isPartOf\":{\"@id\":\"https:\/\/talkpal.ai\/hu\/#website\"},\"primaryImageOfPage\":{\"@id\":\"https:\/\/talkpal.ai\/hu\/katalan-nyelvtani-gyakorlatok\/#primaryimage\"},\"image\":{\"@id\":\"https:\/\/talkpal.ai\/hu\/katalan-nyelvtani-gyakorlatok\/#primaryimage\"},\"thumbnailUrl\":\"https:\/\/talkpal.ai\/wp-content\/uploads\/2023\/08\/Catalan.png\",\"datePublished\":\"2023-06-16T12:49:04+00:00\",\"dateModified\":\"2025-05-23T13:32:27+00:00\",\"description\":\"Fedezze fel az alapvet\u0151 katal\u00e1n nyelvtani gyakorlatokat, hogy jobban meg\u00e9rtse ezt a gy\u00f6ny\u00f6r\u0171 nyelvet \u00e9s annak szerkezet\u00e9t.\",\"breadcrumb\":{\"@id\":\"https:\/\/talkpal.ai\/hu\/katalan-nyelvtani-gyakorlatok\/#breadcrumb\"},\"inLanguage\":\"hu\",\"potentialAction\":[{\"@type\":\"ReadAction\",\"target\":[\"https:\/\/talkpal.ai\/hu\/katalan-nyelvtani-gyakorlatok\/\"]}]},{\"@type\":\"ImageObject\",\"inLanguage\":\"hu\",\"@id\":\"https:\/\/talkpal.ai\/hu\/katalan-nyelvtani-gyakorlatok\/#primaryimage\",\"url\":\"https:\/\/talkpal.ai\/wp-content\/uploads\/2023\/08\/Catalan.png\",\"contentUrl\":\"https:\/\/talkpal.ai\/wp-content\/uploads\/2023\/08\/Catalan.png\",\"width\":479,\"height\":479},{\"@type\":\"BreadcrumbList\",\"@id\":\"https:\/\/talkpal.ai\/hu\/katalan-nyelvtani-gyakorlatok\/#breadcrumb\",\"itemListElement\":[{\"@type\":\"ListItem\",\"position\":1,\"name\":\"Homepage\",\"item\":\"https:\/\/talkpal.ai\/hu\/\"},{\"@type\":\"ListItem\",\"position\":2,\"name\":\"Katal\u00e1n nyelvtani gyakorlatok\"}]},{\"@type\":\"WebSite\",\"@id\":\"https:\/\/talkpal.ai\/hu\/#website\",\"url\":\"https:\/\/talkpal.ai\/hu\/\",\"name\":\"Talkpal\",\"description\":\"AI Language Learning\",\"publisher\":{\"@id\":\"https:\/\/talkpal.ai\/hu\/#organization\"},\"alternateName\":\"Talkpal AI\",\"potentialAction\":[{\"@type\":\"SearchAction\",\"target\":{\"@type\":\"EntryPoint\",\"urlTemplate\":\"https:\/\/talkpal.ai\/hu\/?s={search_term_string}\"},\"query-input\":{\"@type\":\"PropertyValueSpecification\",\"valueRequired\":true,\"valueName\":\"search_term_string\"}}],\"inLanguage\":\"hu\"},{\"@type\":\"Organization\",\"@id\":\"https:\/\/talkpal.ai\/hu\/#organization\",\"name\":\"Talkpal, Inc.\",\"alternateName\":\"Talkpal AI\",\"url\":\"https:\/\/talkpal.ai\/hu\/\",\"logo\":{\"@type\":\"ImageObject\",\"inLanguage\":\"hu\",\"@id\":\"https:\/\/talkpal.ai\/hu\/#\/schema\/logo\/image\/\",\"url\":\"https:\/\/talkpal.ai\/wp-content\/uploads\/2024\/03\/Talkpal-Logo-Icon.png\",\"contentUrl\":\"https:\/\/talkpal.ai\/wp-content\/uploads\/2024\/03\/Talkpal-Logo-Icon.png\",\"width\":2880,\"height\":2880,\"caption\":\"Talkpal, Inc.\"},\"image\":{\"@id\":\"https:\/\/talkpal.ai\/hu\/#\/schema\/logo\/image\/\"},\"sameAs\":[\"https:\/\/www.facebook.com\/profile.php?id=100090733639311\",\"https:\/\/x.com\/talkpalai\",\"https:\/\/www.linkedin.com\/company\/talkpal\/\",\"https:\/\/www.youtube.com\/@TalkPal\/\",\"https:\/\/www.tiktok.com\/@talkpal\",\"https:\/\/www.instagram.com\/talkpal_ai\/\",\"https:\/\/www.crunchbase.com\/organization\/talkpal-9cde\",\"https:\/\/www.g2.com\/products\/talkpal-for-business\/\",\"https:\/\/www.trustpilot.com\/review\/talkpal.ai\",\"https:\/\/www.capterra.com\/p\/10006800\/TalkPal\/\"],\"description\":\"Talkpal is a language learning web and mobile education app, powered by the latest AI technologies, that provides engaging experiences to its customers in many different languages to help them improve their language skills. Users can chat about unlimited amount of topics with the app and use other modes to practice their language learning.\",\"email\":\"support@talkpal.ai\",\"legalName\":\"Talkpal, Inc.\",\"foundingDate\":\"2023-04-03\",\"duns\":\"118989042\",\"numberOfEmployees\":{\"@type\":\"QuantitativeValue\",\"minValue\":\"11\",\"maxValue\":\"50\"},\"publishingPrinciples\":\"https:\/\/talkpal.ai\/publishing-principles\/\",\"actionableFeedbackPolicy\":\"https:\/\/talkpal.ai\/actionable-feedback-policy\/\",\"correctionsPolicy\":\"https:\/\/talkpal.ai\/corrections-policy\/\",\"ethicsPolicy\":\"https:\/\/talkpal.ai\/ethics-policy\/\",\"diversityPolicy\":\"https:\/\/talkpal.ai\/diversity-policy\/\",\"diversityStaffingReport\":\"https:\/\/talkpal.ai\/diversity-policy\/\"}]}<\/script>\n<!-- \/ Yoast SEO Premium plugin. -->","yoast_head_json":{"title":"Katal\u00e1n nyelvtani gyakorlatok - Talkpal","description":"Fedezze fel az alapvet\u0151 katal\u00e1n nyelvtani gyakorlatokat, hogy jobban meg\u00e9rtse ezt a gy\u00f6ny\u00f6r\u0171 nyelvet \u00e9s annak szerkezet\u00e9t.","robots":{"index":"index","follow":"follow","max-snippet":"max-snippet:-1","max-image-preview":"max-image-preview:large","max-video-preview":"max-video-preview:-1"},"canonical":"https:\/\/talkpal.ai\/hu\/katalan-nyelvtani-gyakorlatok\/","og_locale":"hu_HU","og_type":"article","og_title":"Katal\u00e1n nyelvtani gyakorlatok","og_description":"Katal\u00e1n nyelvtani t\u00e9m\u00e1k A katal\u00e1n, egy \u00fajlatin nyelv, amelyet milli\u00f3k besz\u00e9lnek Spanyolorsz\u00e1g Katal\u00f3nia r\u00e9gi\u00f3j\u00e1ban, valamint Olaszorsz\u00e1g \u00e9s Franciaorsz\u00e1g","og_url":"https:\/\/talkpal.ai\/hu\/katalan-nyelvtani-gyakorlatok\/","og_site_name":"Talkpal","article_publisher":"https:\/\/www.facebook.com\/profile.php?id=100090733639311","article_modified_time":"2025-05-23T13:32:27+00:00","og_image":[{"width":479,"height":479,"url":"https:\/\/talkpal.ai\/wp-content\/uploads\/2023\/08\/Catalan.png","type":"image\/png"}],"twitter_card":"summary_large_image","twitter_site":"@talkpalai","twitter_misc":{"Becs\u00fclt olvas\u00e1si id\u0151":"3 perc"},"schema":{"@context":"https:\/\/schema.org","@graph":[{"@type":"WebPage","@id":"https:\/\/talkpal.ai\/hu\/katalan-nyelvtani-gyakorlatok\/","url":"https:\/\/talkpal.ai\/hu\/katalan-nyelvtani-gyakorlatok\/","name":"Katal\u00e1n nyelvtani gyakorlatok - Talkpal","isPartOf":{"@id":"https:\/\/talkpal.ai\/hu\/#website"},"primaryImageOfPage":{"@id":"https:\/\/talkpal.ai\/hu\/katalan-nyelvtani-gyakorlatok\/#primaryimage"},"image":{"@id":"https:\/\/talkpal.ai\/hu\/katalan-nyelvtani-gyakorlatok\/#primaryimage"},"thumbnailUrl":"https:\/\/talkpal.ai\/wp-content\/uploads\/2023\/08\/Catalan.png","datePublished":"2023-06-16T12:49:04+00:00","dateModified":"2025-05-23T13:32:27+00:00","description":"Fedezze fel az alapvet\u0151 katal\u00e1n nyelvtani gyakorlatokat, hogy jobban meg\u00e9rtse ezt a gy\u00f6ny\u00f6r\u0171 nyelvet \u00e9s annak szerkezet\u00e9t.","breadcrumb":{"@id":"https:\/\/talkpal.ai\/hu\/katalan-nyelvtani-gyakorlatok\/#breadcrumb"},"inLanguage":"hu","potentialAction":[{"@type":"ReadAction","target":["https:\/\/talkpal.ai\/hu\/katalan-nyelvtani-gyakorlatok\/"]}]},{"@type":"ImageObject","inLanguage":"hu","@id":"https:\/\/talkpal.ai\/hu\/katalan-nyelvtani-gyakorlatok\/#primaryimage","url":"https:\/\/talkpal.ai\/wp-content\/uploads\/2023\/08\/Catalan.png","contentUrl":"https:\/\/talkpal.ai\/wp-content\/uploads\/2023\/08\/Catalan.png","width":479,"height":479},{"@type":"BreadcrumbList","@id":"https:\/\/talkpal.ai\/hu\/katalan-nyelvtani-gyakorlatok\/#breadcrumb","itemListElement":[{"@type":"ListItem","position":1,"name":"Homepage","item":"https:\/\/talkpal.ai\/hu\/"},{"@type":"ListItem","position":2,"name":"Katal\u00e1n nyelvtani gyakorlatok"}]},{"@type":"WebSite","@id":"https:\/\/talkpal.ai\/hu\/#website","url":"https:\/\/talkpal.ai\/hu\/","name":"Talkpal","description":"AI Language Learning","publisher":{"@id":"https:\/\/talkpal.ai\/hu\/#organization"},"alternateName":"Talkpal AI","potentialAction":[{"@type":"SearchAction","target":{"@type":"EntryPoint","urlTemplate":"https:\/\/talkpal.ai\/hu\/?s={search_term_string}"},"query-input":{"@type":"PropertyValueSpecification","valueRequired":true,"valueName":"search_term_string"}}],"inLanguage":"hu"},{"@type":"Organization","@id":"https:\/\/talkpal.ai\/hu\/#organization","name":"Talkpal, Inc.","alternateName":"Talkpal AI","url":"https:\/\/talkpal.ai\/hu\/","logo":{"@type":"ImageObject","inLanguage":"hu","@id":"https:\/\/talkpal.ai\/hu\/#\/schema\/logo\/image\/","url":"https:\/\/talkpal.ai\/wp-content\/uploads\/2024\/03\/Talkpal-Logo-Icon.png","contentUrl":"https:\/\/talkpal.ai\/wp-content\/uploads\/2024\/03\/Talkpal-Logo-Icon.png","width":2880,"height":2880,"caption":"Talkpal, Inc."},"image":{"@id":"https:\/\/talkpal.ai\/hu\/#\/schema\/logo\/image\/"},"sameAs":["https:\/\/www.facebook.com\/profile.php?id=100090733639311","https:\/\/x.com\/talkpalai","https:\/\/www.linkedin.com\/company\/talkpal\/","https:\/\/www.youtube.com\/@TalkPal\/","https:\/\/www.tiktok.com\/@talkpal","https:\/\/www.instagram.com\/talkpal_ai\/","https:\/\/www.crunchbase.com\/organization\/talkpal-9cde","https:\/\/www.g2.com\/products\/talkpal-for-business\/","https:\/\/www.trustpilot.com\/review\/talkpal.ai","https:\/\/www.capterra.com\/p\/10006800\/TalkPal\/"],"description":"Talkpal is a language learning web and mobile education app, powered by the latest AI technologies, that provides engaging experiences to its customers in many different languages to help them improve their language skills. Users can chat about unlimited amount of topics with the app and use other modes to practice their language learning.","email":"support@talkpal.ai","legalName":"Talkpal, Inc.","foundingDate":"2023-04-03","duns":"118989042","numberOfEmployees":{"@type":"QuantitativeValue","minValue":"11","maxValue":"50"},"publishingPrinciples":"https:\/\/talkpal.ai\/publishing-principles\/","actionableFeedbackPolicy":"https:\/\/talkpal.ai\/actionable-feedback-policy\/","correctionsPolicy":"https:\/\/talkpal.ai\/corrections-policy\/","ethicsPolicy":"https:\/\/talkpal.ai\/ethics-policy\/","diversityPolicy":"https:\/\/talkpal.ai\/diversity-policy\/","diversityStaffingReport":"https:\/\/talkpal.ai\/diversity-policy\/"}]}},"_links":{"self":[{"href":"https:\/\/talkpal.ai\/hu\/wp-json\/wp\/v2\/pages\/164375","targetHints":{"allow":["GET"]}}],"collection":[{"href":"https:\/\/talkpal.ai\/hu\/wp-json\/wp\/v2\/pages"}],"about":[{"href":"https:\/\/talkpal.ai\/hu\/wp-json\/wp\/v2\/types\/page"}],"author":[{"embeddable":true,"href":"https:\/\/talkpal.ai\/hu\/wp-json\/wp\/v2\/users\/6"}],"replies":[{"embeddable":true,"href":"https:\/\/talkpal.ai\/hu\/wp-json\/wp\/v2\/comments?post=164375"}],"version-history":[{"count":0,"href":"https:\/\/talkpal.ai\/hu\/wp-json\/wp\/v2\/pages\/164375\/revisions"}],"wp:featuredmedia":[{"embeddable":true,"href":"https:\/\/talkpal.ai\/hu\/wp-json\/wp\/v2\/media\/142041"}],"wp:attachment":[{"href":"https:\/\/talkpal.ai\/hu\/wp-json\/wp\/v2\/media?parent=164375"}],"curies":[{"name":"wp","href":"https:\/\/api.w.org\/{rel}","templated":true}]}}