{"id":164000,"date":"2023-06-16T13:02:09","date_gmt":"2023-06-16T13:02:09","guid":{"rendered":"http:\/\/talkpal.ai\/horvat-nyelvtani-gyakorlatok\/"},"modified":"2025-12-17T16:26:42","modified_gmt":"2025-12-17T16:26:42","slug":"horvat-nyelvtani-gyakorlatok","status":"publish","type":"page","link":"https:\/\/talkpal.ai\/hu\/horvat-nyelvtani-gyakorlatok\/","title":{"rendered":"Horv\u00e1t nyelvtani gyakorlatok"},"content":{"rendered":"\r\n\r\n\r\n<section class=\"languageChallengeSection\">\r\n    <div class=\"languageInfoWrapper\">\r\n        \r\n        <h1>Horv\u00e1t nyelvtani gyakorlatok<\/h1>\r\n        <p>Szeretne magabiztosabban besz\u00e9lni horv\u00e1tul? A nyelvtani gyakorlatok seg\u00edts\u00e9g\u00e9vel elsaj\u00e1t\u00edthatod a mondatszerkezetet, az igealakokat \u00e9s a <a href=\"https:\/\/talkpal.ai\/learn-croatian\/\">horv\u00e1t<\/a> nyelv saj\u00e1toss\u00e1gait. Kezdje el felfedezni a <a href=\"https:\/\/talkpal.ai\/learn-croatian\/\">horv\u00e1t<\/a> nyelvtant m\u00e9g ma, \u00e9s n\u00e9zze, ahogy k\u00e9szs\u00e9gei \u00e9s foly\u00e9kony nyelvtud\u00e1sa <a href=\"https:\/\/talkpal.ai\/locations\/language-courses-in-minden\/\">minden<\/a> egyes \u00faj gyakorlattal javul!\n\n<\/p>\r\n\r\n                            <a class=\"getStartedHidden\" href=\"https:\/\/app.talkpal.ai\/hu\/signup?lng=\">Kezdj\u00fck<\/a>\r\n        \r\n    <\/div>\r\n\r\n    <figure>\r\n    <img decoding=\"async\" width=\"768\" height=\"768\" src=\"https:\/\/talkpal.ai\/wp-content\/uploads\/2023\/06\/croatian-768x768.png\" class=\"languageImage no-lazy\" alt=\"Language learning for successful interaction\" fetchpriority=\"high\" sizes=\"(max-width: 768px) 150px, 768px\" srcset=\"https:\/\/talkpal.ai\/wp-content\/uploads\/2023\/06\/croatian-768x768.png 768w, https:\/\/talkpal.ai\/wp-content\/uploads\/2023\/06\/croatian-300x300.png 300w\" \/>\r\n    \r\n\r\n    <\/figure>\r\n\r\n            <a class=\"getStartedVisible\" href=\"https:\/\/app.talkpal.ai\/hu\/signup?lng=\">Kezdj\u00fck<\/a>\r\n    \r\n<\/section>\r\n\r\n\r\n<!-- <section class=\"grammarSection\">\r\n    <div class=\"grammarLinks\">\r\n            <\/div>\r\n<\/section> -->\r\n\r\n\r\n\r\n\r\n<section class=\"promotionalBanner\">\r\n    <p class=\"promotionalText\">A nyelvtanul\u00e1s leghat\u00e9konyabb m\u00f3dja<\/p>\r\n    <a class=\"promotionalLink\" href=\"https:\/\/app.talkpal.ai\/hu\/signup?lng=\">Pr\u00f3b\u00e1lja ki a Talkpal ingyen<\/a>\r\n<\/section>\n<div class=\"wp-block-group pageContainerStyle\"><div class=\"wp-block-group__inner-container is-layout-constrained wp-block-group-is-layout-constrained\">\n<h2 class=\"wp-block-heading\" id=\"h-croatian-grammar-topics\">Horv\u00e1t nyelvtani t\u00e9m\u00e1k<\/h2>\n\n\n\n<p>A horv\u00e1t, egy d\u00e9lszl\u00e1v nyelv, Horv\u00e1torsz\u00e1g hivatalos nyelve \u00e9s Bosznia-Hercegovina egyik hivatalos nyelve. Ez egy \u00f6sszetett \u00e9s gazdag nyelv, hossz\u00fa t\u00f6rt\u00e9nelemmel \u00e9s egyed\u00fcl\u00e1ll\u00f3 nyelvtani rendszerrel. A tanul\u00f3k sz\u00e1m\u00e1ra elengedhetetlen a <a href=\"https:\/\/talkpal.ai\/croatian-grammar\/\">horv\u00e1t nyelvtan<\/a> alapvet\u0151 szempontjainak meg\u00e9rt\u00e9se a nyelvtud\u00e1s megszerz\u00e9s\u00e9hez. <a href=\"https:\/\/talkpal.ai\/culture\/how-do-you-use-the-demonstrative-pronouns-ez-and-az\/\">Ez az<\/a> \u00fatmutat\u00f3 seg\u00edt eligazodni a legfontosabb nyelvtani t\u00e9m\u00e1kban, p\u00e9ld\u00e1ul az igeid\u0151kben, az ig\u00e9kben, a f\u0151nevekben \u00e9s egyebekben, olyan sorrendben, amely megk\u00f6nny\u00edti a tanul\u00e1si folyamatot, \u00e9s er\u0151s alapot ny\u00fajt ennek a gy\u00f6ny\u00f6r\u0171 nyelvnek az elsaj\u00e1t\u00edt\u00e1s\u00e1hoz.<\/p>\n\n\n\n<h3 class=\"wp-block-heading\" id=\"h-1-nouns\">1. F\u0151nevek:<\/h3>\n\n\n\n<p>A f\u0151nevek <a href=\"https:\/\/talkpal.ai\/languages\/\">minden nyelv<\/a> els\u0151 \u00e9p\u00edt\u0151k\u00f6vei, \u00e9s a horv\u00e1t f\u0151neveknek h\u00e1rom nem\u00fck <a href=\"https:\/\/talkpal.ai\/locations\/language-courses-in-van\/\">van<\/a> &#8211; h\u00edmnem\u0171, n\u0151nem\u0171 \u00e9s nemtelen -, <a href=\"https:\/\/talkpal.ai\/locations\/language-courses-in-ami\/\">ami<\/a> befoly\u00e1solja a deklin\u00e1ci\u00f3t \u00e9s a mell\u00e9knevekkel \u00e9s n\u00e9vm\u00e1sokkal val\u00f3 egyez\u00e9st. Ismerkedjen meg a k\u00fcl\u00f6nb\u00f6z\u0151 nemekkel \u00e9s azok v\u00e9gz\u0151d\u00e9s\u00e9vel.<\/p>\n\n\n\n<h3 class=\"wp-block-heading\" id=\"h-2-articles\">2. Cikkek:<\/h3>\n\n\n\n<p>A horv\u00e1t nyelvben nincsenek olyan cikkek, mint az angolban a &#8222;the&#8221; vagy az &#8222;a&#8221;, \u00edgy a kezd\u0151k k\u00f6nnyebben kezdhetnek el egyszer\u0171 mondatokat alkotni an\u00e9lk\u00fcl, hogy agg\u00f3dn\u00e1nak a cikkek haszn\u00e1lata miatt.<\/p>\n\n\n\n<h3 class=\"wp-block-heading\" id=\"h-3-pronouns-determiners\">3. N\u00e9vm\u00e1sok\/determin\u00e1nsok:<\/h3>\n\n\n\n<p>A n\u00e9vm\u00e1sokat a f\u0151nevek helyettes\u00edt\u00e9s\u00e9re haszn\u00e1lj\u00e1k a mondatokban, m\u00edg a determin\u00e1nsok a f\u0151n\u00e9v saj\u00e1toss\u00e1gait jelzik. Ismerje meg a n\u00e9vm\u00e1sok k\u00fcl\u00f6nb\u00f6z\u0151 t\u00edpusait (szem\u00e9lyes, birtokos, demonstrat\u00edv stb.) \u00e9s ragoz\u00e1sukat nem, sz\u00e1m \u00e9s eset szerint.<\/p>\n\n\n\n<h3 class=\"wp-block-heading\" id=\"h-4-adjectives\">4. Mell\u00e9knevek:<\/h3>\n\n\n\n<p>A mell\u00e9knevek a f\u0151nevek tulajdons\u00e1gait \u00edrj\u00e1k le, \u00e9s megegyeznek az \u00e1ltaluk m\u00f3dos\u00edtott f\u0151n\u00e9v nem\u00e9vel, sz\u00e1m\u00e1val \u00e9s eset\u00e9vel. Ismerje meg a mell\u00e9knevek alapvet\u0151 form\u00e1it \u00e9s ragoz\u00e1si mint\u00e1it.<\/p>\n\n\n\n<h3 class=\"wp-block-heading\" id=\"h-5-verbs\">5. Ig\u00e9k:<\/h3>\n\n\n\n<p>Az ig\u00e9k minden mondat magja, amely cselekv\u00e9seket vagy \u00e1llapotokat fejez ki. A horv\u00e1t ig\u00e9ket igeid\u0151, hangulat, hang \u00e9s szem\u00e9ly szerint ragozz\u00e1k. Kezdje a leggyakoribb rendszeres ig\u00e9kkel \u00e9s azok konjug\u00e1ci\u00f3s mint\u00e1ival a jelen id\u0151ben.<\/p>\n\n\n\n<h3 class=\"wp-block-heading\" id=\"h-6-tenses\">6. Igeid\u0151k:<\/h3>\n\n\n\n<p>A horv\u00e1t nyelvnek h\u00e9t id\u0151\u00e1llapota van: jelen, j\u00f6v\u0151 I, j\u00f6v\u0151 II, m\u00falt, pluperfect, aorist \u00e9s imperfect. Kezdje a jelen id\u0151vel, majd l\u00e9pjen tov\u00e1bb a m\u00falt \u00e9s a j\u00f6v\u0151 id\u0151re, megtanulva mindegyik ragoz\u00e1si mint\u00e1j\u00e1t.<\/p>\n\n\n\n<h3 class=\"wp-block-heading\" id=\"h-7-tense-comparison\">7. Fesz\u00fclt \u00f6sszehasonl\u00edt\u00e1s:<\/h3>\n\n\n\n<p>Az igeid\u0151k k\u00f6z\u00f6tti k\u00fcl\u00f6nbs\u00e9gek \u00e9s hasonl\u00f3s\u00e1gok meg\u00e9rt\u00e9se elengedhetetlen a horv\u00e1t nyelv elsaj\u00e1t\u00edt\u00e1s\u00e1hoz. Hasonl\u00edtsd \u00f6ssze az igeid\u0151t, \u00e9s gyakorold a haszn\u00e1latukat a kontextusban.<\/p>\n\n\n\n<h3 class=\"wp-block-heading\" id=\"h-8-progressive\">8. Progressz\u00edv:<\/h3>\n\n\n\n<p>A progressz\u00edv aspektus folyamatos vagy folyamatos tev\u00e9kenys\u00e9geket fejez ki. A horv\u00e1t nyelvnek nincs k\u00fcl\u00f6n progressz\u00edv form\u00e1ja, mint az angolnak, de a progressz\u00edv jelent\u00e9st speci\u00e1lis igeform\u00e1k, hat\u00e1roz\u00f3szavak vagy szerkezetek haszn\u00e1lat\u00e1val k\u00f6zvet\u00edtheti.<\/p>\n\n\n\n<h3 class=\"wp-block-heading\" id=\"h-9-perfect-progressive\">9. T\u00f6k\u00e9letes progressz\u00edv:<\/h3>\n\n\n\n<p>Ez a szempont egyes\u00edti a t\u00f6k\u00e9letes \u00e9s progressz\u00edv jelent\u00e9seket. A horv\u00e1t nyelvben a t\u00f6k\u00e9letes id\u0151 haszn\u00e1lat\u00e1val fejezik ki egy adott igealakkal vagy szerkezettel, amely folyamatos cselekv\u00e9st jelez.<\/p>\n\n\n\n<h3 class=\"wp-block-heading\" id=\"h-10-adverbs\">10. Hat\u00e1roz\u00f3sz\u00f3k:<\/h3>\n\n\n\n<p>A hat\u00e1roz\u00f3szavak m\u00f3dos\u00edtj\u00e1k az ig\u00e9ket, mell\u00e9kneveket vagy m\u00e1s hat\u00e1roz\u00f3szavakat, \u00e9s \u00e1ltal\u00e1ban a m\u00f3dot, a helyet, az id\u0151t vagy a fokot jelzik. Ismerje meg a leggyakoribb horv\u00e1t hat\u00e1roz\u00f3szavakat \u00e9s azok mondatokban val\u00f3 elhelyez\u00e9s\u00e9t.<\/p>\n\n\n\n<h3 class=\"wp-block-heading\" id=\"h-11-prepositions\">11. El\u00f6lj\u00e1r\u00f3szavak:<\/h3>\n\n\n\n<p>Az el\u00f6lj\u00e1r\u00f3szavak a szavak k\u00f6z\u00f6tti kapcsolatok jelz\u00e9s\u00e9re szolg\u00e1lnak, mint p\u00e9ld\u00e1ul a hely, az ir\u00e1ny, az id\u0151 vagy a birtokl\u00e1s. Ismerje meg a leggyakoribb horv\u00e1t el\u00f6lj\u00e1r\u00f3szavakat \u00e9s az \u00e1ltaluk szab\u00e1lyozott eseteket.<\/p>\n\n\n\n<h3 class=\"wp-block-heading\" id=\"h-12-conditionals\">12. Felt\u00e9telek:<\/h3>\n\n\n\n<p>A felt\u00e9telek hipotetikus helyzeteket vagy felt\u00e9teleket \u00e9s azok k\u00f6vetkezm\u00e9nyeit fejezik ki. A horv\u00e1t nyelvben h\u00e1romf\u00e9le felt\u00e9teles m\u00f3d l\u00e9tezik: val\u00f3s, nem val\u00f3s \u00e9s vegyes. Ismerje meg az egyes t\u00edpusok kialak\u00edt\u00e1s\u00e1t \u00e9s haszn\u00e1lat\u00e1t.<\/p>\n\n\n\n<h3 class=\"wp-block-heading\" id=\"h-13-sentences\">13. Mondatok:<\/h3>\n\n\n\n<p>V\u00e9g\u00fcl gyakorolja a megtanult nyelvtani elemek kombin\u00e1l\u00e1s\u00e1t, hogy egyszer\u0171 \u00e9s \u00f6sszetett mondatokat alkosson horv\u00e1tul. Ez seg\u00edt fejleszteni a nyelvtud\u00e1st \u00e9s a horv\u00e1t nyelvtan eg\u00e9sz\u00e9nek meg\u00e9rt\u00e9s\u00e9t.<\/p>\n<\/div><\/div>\n\r\n<section class=\"learnNavigationSection\">\r\n            \r\n        <a href=\"https:\/\/talkpal.ai\/hu\/tanulj-horvatul\/\">\r\n            <div class=\"learnNavigationWrapper\">\r\n                <div class=\"learnNavigationContent\">\r\n                    <img decoding=\"async\" src=\"https:\/\/talkpal.ai\/wp-content\/uploads\/2024\/08\/Croatian.jpg\" alt=\"Croatian Flag\">\r\n                    <div>\r\n                        <h4>A horv\u00e1t nyelvtanul\u00e1sr\u00f3l<\/h4>\r\n                        <p>Tudjon meg mindent a horv\u00e1t nyelvtanr\u00f3l.<\/p>\r\n                    <\/div>\r\n                <\/div>\r\n            <\/div>\r\n        <\/a>\r\n\r\n        \r\n        <a href=\"https:\/\/talkpal.ai\/hu\/horvat-nyelvtan\/\">\r\n            <div class=\"learnNavigationWrapper\">\r\n                <div class=\"learnNavigationContent\">\r\n                    <img decoding=\"async\" src=\"https:\/\/talkpal.ai\/wp-content\/uploads\/2024\/08\/Croatian.jpg\" alt=\"Croatian Flag\">\r\n                    <div>\r\n                        <h4>Horv\u00e1t nyelvtani leck\u00e9k<\/h4>\r\n                        <p>Gyakorolja a horv\u00e1t nyelvtant.<\/p>\r\n                    <\/div>\r\n                <\/div>\r\n            <\/div>\r\n        <\/a>\r\n\r\n        \r\n        <a href=\"https:\/\/talkpal.ai\/vocabulary_language\/croatian\/\">\r\n            <div class=\"learnNavigationWrapper\">\r\n                <div class=\"learnNavigationContent\">\r\n                    <img decoding=\"async\" src=\"https:\/\/talkpal.ai\/wp-content\/uploads\/2024\/08\/Croatian.jpg\" alt=\"Croatian Flag\">\r\n                    <div>\r\n                        <h4>Horv\u00e1t sz\u00f3kincs<\/h4>\r\n                        <p>B\u0151v\u00edtse horv\u00e1t sz\u00f3kincs\u00e9t.<\/p>\r\n                    <\/div>\r\n                <\/div>\r\n            <\/div>\r\n        <\/a>\r\n\r\n            <\/section>","protected":false},"excerpt":{"rendered":"<p>Horv\u00e1t nyelvtani t\u00e9m\u00e1k A horv\u00e1t, egy d\u00e9lszl\u00e1v nyelv, Horv\u00e1torsz\u00e1g hivatalos nyelve \u00e9s Bosznia-Hercegovina egyik hivatalos nyelve. Ez egy \u00f6sszetett \u00e9s gazdag nyelv, hossz\u00fa t\u00f6rt\u00e9nelemmel \u00e9s egyed\u00fcl\u00e1ll\u00f3 nyelvtani rendszerrel. A tanul\u00f3k sz\u00e1m\u00e1ra elengedhetetlen a horv\u00e1t nyelvtan alapvet\u0151 szempontjainak meg\u00e9rt\u00e9se a nyelvtud\u00e1s megszerz\u00e9s\u00e9hez. Ez az \u00fatmutat\u00f3 seg\u00edt eligazodni a legfontosabb nyelvtani t\u00e9m\u00e1kban, p\u00e9ld\u00e1ul az igeid\u0151kben, az ig\u00e9kben, [&hellip;]<\/p>\n","protected":false},"author":6,"featured_media":110166,"parent":0,"menu_order":0,"comment_status":"closed","ping_status":"closed","template":"LearningContentPage.php","meta":{"_acf_changed":false,"footnotes":""},"class_list":["post-164000","page","type-page","status-publish","has-post-thumbnail","hentry"],"acf":[],"yoast_head":"<!-- This site is optimized with the Yoast SEO Premium plugin v27.2 (Yoast SEO v27.2) - https:\/\/yoast.com\/product\/yoast-seo-premium-wordpress\/ -->\n<title>Horv\u00e1t nyelvtani gyakorlatok - Talkpal<\/title>\n<meta name=\"description\" content=\"Saj\u00e1t\u00edtsa el a horv\u00e1t nyelvet hat\u00e9kony horv\u00e1t nyelvtani gyakorlatokkal, amelyek megk\u00f6nny\u00edtik a felhaszn\u00e1l\u00f3k sz\u00e1m\u00e1ra az igeid\u0151k, ig\u00e9k \u00e9s f\u0151nevek tanul\u00e1s\u00e1t.\" \/>\n<meta name=\"robots\" content=\"index, follow, max-snippet:-1, max-image-preview:large, max-video-preview:-1\" \/>\n<link rel=\"canonical\" href=\"https:\/\/talkpal.ai\/hu\/horvat-nyelvtani-gyakorlatok\/\" \/>\n<meta property=\"og:locale\" content=\"hu_HU\" \/>\n<meta property=\"og:type\" content=\"article\" \/>\n<meta property=\"og:title\" content=\"Horv\u00e1t nyelvtani gyakorlatok\" \/>\n<meta property=\"og:description\" content=\"Horv\u00e1t nyelvtani t\u00e9m\u00e1k A horv\u00e1t, egy d\u00e9lszl\u00e1v nyelv, Horv\u00e1torsz\u00e1g hivatalos nyelve \u00e9s Bosznia-Hercegovina egyik hivatalos nyelve. Ez egy \u00f6sszetett \u00e9s\" \/>\n<meta property=\"og:url\" content=\"https:\/\/talkpal.ai\/hu\/horvat-nyelvtani-gyakorlatok\/\" \/>\n<meta property=\"og:site_name\" content=\"Talkpal\" \/>\n<meta property=\"article:publisher\" content=\"https:\/\/www.facebook.com\/profile.php?id=100090733639311\" \/>\n<meta property=\"article:modified_time\" content=\"2025-12-17T16:26:42+00:00\" \/>\n<meta property=\"og:image\" content=\"https:\/\/talkpal.ai\/wp-content\/uploads\/2023\/05\/croatia.png\" \/>\n\t<meta property=\"og:image:width\" content=\"512\" \/>\n\t<meta property=\"og:image:height\" content=\"512\" \/>\n\t<meta property=\"og:image:type\" content=\"image\/png\" \/>\n<meta name=\"twitter:card\" content=\"summary_large_image\" \/>\n<meta name=\"twitter:site\" content=\"@talkpalai\" \/>\n<meta name=\"twitter:label1\" content=\"Becs\u00fclt olvas\u00e1si id\u0151\" \/>\n\t<meta name=\"twitter:data1\" content=\"4 perc\" \/>\n<script type=\"application\/ld+json\" class=\"yoast-schema-graph\">{\"@context\":\"https:\/\/schema.org\",\"@graph\":[{\"@type\":\"WebPage\",\"@id\":\"https:\/\/talkpal.ai\/hu\/horvat-nyelvtani-gyakorlatok\/\",\"url\":\"https:\/\/talkpal.ai\/hu\/horvat-nyelvtani-gyakorlatok\/\",\"name\":\"Horv\u00e1t nyelvtani gyakorlatok - Talkpal\",\"isPartOf\":{\"@id\":\"https:\/\/talkpal.ai\/hu\/#website\"},\"primaryImageOfPage\":{\"@id\":\"https:\/\/talkpal.ai\/hu\/horvat-nyelvtani-gyakorlatok\/#primaryimage\"},\"image\":{\"@id\":\"https:\/\/talkpal.ai\/hu\/horvat-nyelvtani-gyakorlatok\/#primaryimage\"},\"thumbnailUrl\":\"https:\/\/talkpal.ai\/wp-content\/uploads\/2023\/05\/croatia.png\",\"datePublished\":\"2023-06-16T13:02:09+00:00\",\"dateModified\":\"2025-12-17T16:26:42+00:00\",\"description\":\"Saj\u00e1t\u00edtsa el a horv\u00e1t nyelvet hat\u00e9kony horv\u00e1t nyelvtani gyakorlatokkal, amelyek megk\u00f6nny\u00edtik a felhaszn\u00e1l\u00f3k sz\u00e1m\u00e1ra az igeid\u0151k, ig\u00e9k \u00e9s f\u0151nevek tanul\u00e1s\u00e1t.\",\"breadcrumb\":{\"@id\":\"https:\/\/talkpal.ai\/hu\/horvat-nyelvtani-gyakorlatok\/#breadcrumb\"},\"inLanguage\":\"hu\",\"potentialAction\":[{\"@type\":\"ReadAction\",\"target\":[\"https:\/\/talkpal.ai\/hu\/horvat-nyelvtani-gyakorlatok\/\"]}]},{\"@type\":\"ImageObject\",\"inLanguage\":\"hu\",\"@id\":\"https:\/\/talkpal.ai\/hu\/horvat-nyelvtani-gyakorlatok\/#primaryimage\",\"url\":\"https:\/\/talkpal.ai\/wp-content\/uploads\/2023\/05\/croatia.png\",\"contentUrl\":\"https:\/\/talkpal.ai\/wp-content\/uploads\/2023\/05\/croatia.png\",\"width\":512,\"height\":512},{\"@type\":\"BreadcrumbList\",\"@id\":\"https:\/\/talkpal.ai\/hu\/horvat-nyelvtani-gyakorlatok\/#breadcrumb\",\"itemListElement\":[{\"@type\":\"ListItem\",\"position\":1,\"name\":\"Homepage\",\"item\":\"https:\/\/talkpal.ai\/hu\/\"},{\"@type\":\"ListItem\",\"position\":2,\"name\":\"Horv\u00e1t nyelvtani gyakorlatok\"}]},{\"@type\":\"WebSite\",\"@id\":\"https:\/\/talkpal.ai\/hu\/#website\",\"url\":\"https:\/\/talkpal.ai\/hu\/\",\"name\":\"Talkpal\",\"description\":\"AI Language Learning\",\"publisher\":{\"@id\":\"https:\/\/talkpal.ai\/hu\/#organization\"},\"alternateName\":\"Talkpal AI\",\"potentialAction\":[{\"@type\":\"SearchAction\",\"target\":{\"@type\":\"EntryPoint\",\"urlTemplate\":\"https:\/\/talkpal.ai\/hu\/?s={search_term_string}\"},\"query-input\":{\"@type\":\"PropertyValueSpecification\",\"valueRequired\":true,\"valueName\":\"search_term_string\"}}],\"inLanguage\":\"hu\"},{\"@type\":\"Organization\",\"@id\":\"https:\/\/talkpal.ai\/hu\/#organization\",\"name\":\"Talkpal, Inc.\",\"alternateName\":\"Talkpal AI\",\"url\":\"https:\/\/talkpal.ai\/hu\/\",\"logo\":{\"@type\":\"ImageObject\",\"inLanguage\":\"hu\",\"@id\":\"https:\/\/talkpal.ai\/hu\/#\/schema\/logo\/image\/\",\"url\":\"https:\/\/talkpal.ai\/wp-content\/uploads\/2024\/03\/Talkpal-Logo-Icon.png\",\"contentUrl\":\"https:\/\/talkpal.ai\/wp-content\/uploads\/2024\/03\/Talkpal-Logo-Icon.png\",\"width\":2880,\"height\":2880,\"caption\":\"Talkpal, Inc.\"},\"image\":{\"@id\":\"https:\/\/talkpal.ai\/hu\/#\/schema\/logo\/image\/\"},\"sameAs\":[\"https:\/\/www.facebook.com\/profile.php?id=100090733639311\",\"https:\/\/x.com\/talkpalai\",\"https:\/\/www.linkedin.com\/company\/talkpal\/\",\"https:\/\/www.youtube.com\/@TalkPal\/\",\"https:\/\/www.tiktok.com\/@talkpal\",\"https:\/\/www.instagram.com\/talkpal_ai\/\",\"https:\/\/www.crunchbase.com\/organization\/talkpal-9cde\",\"https:\/\/www.g2.com\/products\/talkpal-for-business\/\",\"https:\/\/www.trustpilot.com\/review\/talkpal.ai\",\"https:\/\/www.capterra.com\/p\/10006800\/TalkPal\/\"],\"description\":\"Talkpal is a language learning web and mobile education app, powered by the latest AI technologies, that provides engaging experiences to its customers in many different languages to help them improve their language skills. Users can chat about unlimited amount of topics with the app and use other modes to practice their language learning.\",\"email\":\"support@talkpal.ai\",\"legalName\":\"Talkpal, Inc.\",\"foundingDate\":\"2023-04-03\",\"duns\":\"118989042\",\"numberOfEmployees\":{\"@type\":\"QuantitativeValue\",\"minValue\":\"11\",\"maxValue\":\"50\"},\"publishingPrinciples\":\"https:\/\/talkpal.ai\/publishing-principles\/\",\"actionableFeedbackPolicy\":\"https:\/\/talkpal.ai\/actionable-feedback-policy\/\",\"correctionsPolicy\":\"https:\/\/talkpal.ai\/corrections-policy\/\",\"ethicsPolicy\":\"https:\/\/talkpal.ai\/ethics-policy\/\",\"diversityPolicy\":\"https:\/\/talkpal.ai\/diversity-policy\/\",\"diversityStaffingReport\":\"https:\/\/talkpal.ai\/diversity-policy\/\"}]}<\/script>\n<!-- \/ Yoast SEO Premium plugin. -->","yoast_head_json":{"title":"Horv\u00e1t nyelvtani gyakorlatok - Talkpal","description":"Saj\u00e1t\u00edtsa el a horv\u00e1t nyelvet hat\u00e9kony horv\u00e1t nyelvtani gyakorlatokkal, amelyek megk\u00f6nny\u00edtik a felhaszn\u00e1l\u00f3k sz\u00e1m\u00e1ra az igeid\u0151k, ig\u00e9k \u00e9s f\u0151nevek tanul\u00e1s\u00e1t.","robots":{"index":"index","follow":"follow","max-snippet":"max-snippet:-1","max-image-preview":"max-image-preview:large","max-video-preview":"max-video-preview:-1"},"canonical":"https:\/\/talkpal.ai\/hu\/horvat-nyelvtani-gyakorlatok\/","og_locale":"hu_HU","og_type":"article","og_title":"Horv\u00e1t nyelvtani gyakorlatok","og_description":"Horv\u00e1t nyelvtani t\u00e9m\u00e1k A horv\u00e1t, egy d\u00e9lszl\u00e1v nyelv, Horv\u00e1torsz\u00e1g hivatalos nyelve \u00e9s Bosznia-Hercegovina egyik hivatalos nyelve. Ez egy \u00f6sszetett \u00e9s","og_url":"https:\/\/talkpal.ai\/hu\/horvat-nyelvtani-gyakorlatok\/","og_site_name":"Talkpal","article_publisher":"https:\/\/www.facebook.com\/profile.php?id=100090733639311","article_modified_time":"2025-12-17T16:26:42+00:00","og_image":[{"width":512,"height":512,"url":"https:\/\/talkpal.ai\/wp-content\/uploads\/2023\/05\/croatia.png","type":"image\/png"}],"twitter_card":"summary_large_image","twitter_site":"@talkpalai","twitter_misc":{"Becs\u00fclt olvas\u00e1si id\u0151":"4 perc"},"schema":{"@context":"https:\/\/schema.org","@graph":[{"@type":"WebPage","@id":"https:\/\/talkpal.ai\/hu\/horvat-nyelvtani-gyakorlatok\/","url":"https:\/\/talkpal.ai\/hu\/horvat-nyelvtani-gyakorlatok\/","name":"Horv\u00e1t nyelvtani gyakorlatok - Talkpal","isPartOf":{"@id":"https:\/\/talkpal.ai\/hu\/#website"},"primaryImageOfPage":{"@id":"https:\/\/talkpal.ai\/hu\/horvat-nyelvtani-gyakorlatok\/#primaryimage"},"image":{"@id":"https:\/\/talkpal.ai\/hu\/horvat-nyelvtani-gyakorlatok\/#primaryimage"},"thumbnailUrl":"https:\/\/talkpal.ai\/wp-content\/uploads\/2023\/05\/croatia.png","datePublished":"2023-06-16T13:02:09+00:00","dateModified":"2025-12-17T16:26:42+00:00","description":"Saj\u00e1t\u00edtsa el a horv\u00e1t nyelvet hat\u00e9kony horv\u00e1t nyelvtani gyakorlatokkal, amelyek megk\u00f6nny\u00edtik a felhaszn\u00e1l\u00f3k sz\u00e1m\u00e1ra az igeid\u0151k, ig\u00e9k \u00e9s f\u0151nevek tanul\u00e1s\u00e1t.","breadcrumb":{"@id":"https:\/\/talkpal.ai\/hu\/horvat-nyelvtani-gyakorlatok\/#breadcrumb"},"inLanguage":"hu","potentialAction":[{"@type":"ReadAction","target":["https:\/\/talkpal.ai\/hu\/horvat-nyelvtani-gyakorlatok\/"]}]},{"@type":"ImageObject","inLanguage":"hu","@id":"https:\/\/talkpal.ai\/hu\/horvat-nyelvtani-gyakorlatok\/#primaryimage","url":"https:\/\/talkpal.ai\/wp-content\/uploads\/2023\/05\/croatia.png","contentUrl":"https:\/\/talkpal.ai\/wp-content\/uploads\/2023\/05\/croatia.png","width":512,"height":512},{"@type":"BreadcrumbList","@id":"https:\/\/talkpal.ai\/hu\/horvat-nyelvtani-gyakorlatok\/#breadcrumb","itemListElement":[{"@type":"ListItem","position":1,"name":"Homepage","item":"https:\/\/talkpal.ai\/hu\/"},{"@type":"ListItem","position":2,"name":"Horv\u00e1t nyelvtani gyakorlatok"}]},{"@type":"WebSite","@id":"https:\/\/talkpal.ai\/hu\/#website","url":"https:\/\/talkpal.ai\/hu\/","name":"Talkpal","description":"AI Language Learning","publisher":{"@id":"https:\/\/talkpal.ai\/hu\/#organization"},"alternateName":"Talkpal AI","potentialAction":[{"@type":"SearchAction","target":{"@type":"EntryPoint","urlTemplate":"https:\/\/talkpal.ai\/hu\/?s={search_term_string}"},"query-input":{"@type":"PropertyValueSpecification","valueRequired":true,"valueName":"search_term_string"}}],"inLanguage":"hu"},{"@type":"Organization","@id":"https:\/\/talkpal.ai\/hu\/#organization","name":"Talkpal, Inc.","alternateName":"Talkpal AI","url":"https:\/\/talkpal.ai\/hu\/","logo":{"@type":"ImageObject","inLanguage":"hu","@id":"https:\/\/talkpal.ai\/hu\/#\/schema\/logo\/image\/","url":"https:\/\/talkpal.ai\/wp-content\/uploads\/2024\/03\/Talkpal-Logo-Icon.png","contentUrl":"https:\/\/talkpal.ai\/wp-content\/uploads\/2024\/03\/Talkpal-Logo-Icon.png","width":2880,"height":2880,"caption":"Talkpal, Inc."},"image":{"@id":"https:\/\/talkpal.ai\/hu\/#\/schema\/logo\/image\/"},"sameAs":["https:\/\/www.facebook.com\/profile.php?id=100090733639311","https:\/\/x.com\/talkpalai","https:\/\/www.linkedin.com\/company\/talkpal\/","https:\/\/www.youtube.com\/@TalkPal\/","https:\/\/www.tiktok.com\/@talkpal","https:\/\/www.instagram.com\/talkpal_ai\/","https:\/\/www.crunchbase.com\/organization\/talkpal-9cde","https:\/\/www.g2.com\/products\/talkpal-for-business\/","https:\/\/www.trustpilot.com\/review\/talkpal.ai","https:\/\/www.capterra.com\/p\/10006800\/TalkPal\/"],"description":"Talkpal is a language learning web and mobile education app, powered by the latest AI technologies, that provides engaging experiences to its customers in many different languages to help them improve their language skills. Users can chat about unlimited amount of topics with the app and use other modes to practice their language learning.","email":"support@talkpal.ai","legalName":"Talkpal, Inc.","foundingDate":"2023-04-03","duns":"118989042","numberOfEmployees":{"@type":"QuantitativeValue","minValue":"11","maxValue":"50"},"publishingPrinciples":"https:\/\/talkpal.ai\/publishing-principles\/","actionableFeedbackPolicy":"https:\/\/talkpal.ai\/actionable-feedback-policy\/","correctionsPolicy":"https:\/\/talkpal.ai\/corrections-policy\/","ethicsPolicy":"https:\/\/talkpal.ai\/ethics-policy\/","diversityPolicy":"https:\/\/talkpal.ai\/diversity-policy\/","diversityStaffingReport":"https:\/\/talkpal.ai\/diversity-policy\/"}]}},"_links":{"self":[{"href":"https:\/\/talkpal.ai\/hu\/wp-json\/wp\/v2\/pages\/164000","targetHints":{"allow":["GET"]}}],"collection":[{"href":"https:\/\/talkpal.ai\/hu\/wp-json\/wp\/v2\/pages"}],"about":[{"href":"https:\/\/talkpal.ai\/hu\/wp-json\/wp\/v2\/types\/page"}],"author":[{"embeddable":true,"href":"https:\/\/talkpal.ai\/hu\/wp-json\/wp\/v2\/users\/6"}],"replies":[{"embeddable":true,"href":"https:\/\/talkpal.ai\/hu\/wp-json\/wp\/v2\/comments?post=164000"}],"version-history":[{"count":0,"href":"https:\/\/talkpal.ai\/hu\/wp-json\/wp\/v2\/pages\/164000\/revisions"}],"wp:featuredmedia":[{"embeddable":true,"href":"https:\/\/talkpal.ai\/hu\/wp-json\/wp\/v2\/media\/110166"}],"wp:attachment":[{"href":"https:\/\/talkpal.ai\/hu\/wp-json\/wp\/v2\/media?parent=164000"}],"curies":[{"name":"wp","href":"https:\/\/api.w.org\/{rel}","templated":true}]}}