{"id":163640,"date":"2023-06-16T13:10:39","date_gmt":"2023-06-16T13:10:39","guid":{"rendered":"http:\/\/talkpal.ai\/cseh-nyelvtani-gyakorlatok\/"},"modified":"2025-12-17T16:28:51","modified_gmt":"2025-12-17T16:28:51","slug":"cseh-nyelvtani-gyakorlatok","status":"publish","type":"page","link":"https:\/\/talkpal.ai\/hu\/cseh-nyelvtani-gyakorlatok\/","title":{"rendered":"Cseh nyelvtani gyakorlatok"},"content":{"rendered":"\r\n\r\n\r\n<section class=\"languageChallengeSection\">\r\n    <div class=\"languageInfoWrapper\">\r\n        \r\n        <h1>Cseh nyelvtani gyakorlatok<\/h1>\r\n        <p>K\u00e9szen \u00e1llsz a <a href=\"https:\/\/talkpal.ai\/learn-czech\/\">cseh<\/a> nyelvtud\u00e1sod csiszol\u00e1s\u00e1ra? A nyelvtani gyakorlatok gyakorl\u00e1sa t\u00f6k\u00e9letes m\u00f3dja a mondatszerkezet, az igek\u00f6t\u0151k \u00e9s a <a href=\"https:\/\/talkpal.ai\/learn-czech\/\">cseh<\/a> nyelv jellegzetes mint\u00e1inak elsaj\u00e1t\u00edt\u00e1s\u00e1nak. Kezdj el dolgozni a cseh nyelvtanon m\u00e9g ma, \u00e9s figyeld, ahogy a magabiztoss\u00e1god \u00e9s a foly\u00e9kony besz\u00e9dk\u00e9szs\u00e9ged minden egyes gyakorlattal n\u0151!\n\n<\/p>\r\n\r\n                            <a class=\"getStartedHidden\" href=\"https:\/\/app.talkpal.ai\/hu\/signup?lng=\">Kezdj\u00fck<\/a>\r\n        \r\n    <\/div>\r\n\r\n    <figure>\r\n    <img decoding=\"async\" width=\"768\" height=\"768\" src=\"https:\/\/talkpal.ai\/wp-content\/uploads\/2023\/06\/Czech-768x768.png\" class=\"languageImage no-lazy\" alt=\"Language learning for intellectual development\" fetchpriority=\"high\" sizes=\"(max-width: 768px) 150px, 768px\" srcset=\"https:\/\/talkpal.ai\/wp-content\/uploads\/2023\/06\/Czech-768x768.png 768w, https:\/\/talkpal.ai\/wp-content\/uploads\/2023\/06\/Czech-300x300.png 300w\" \/>\r\n    \r\n\r\n    <\/figure>\r\n\r\n            <a class=\"getStartedVisible\" href=\"https:\/\/app.talkpal.ai\/hu\/signup?lng=\">Kezdj\u00fck<\/a>\r\n    \r\n<\/section>\r\n\r\n\r\n<!-- <section class=\"grammarSection\">\r\n    <div class=\"grammarLinks\">\r\n            <\/div>\r\n<\/section> -->\r\n\r\n\r\n\r\n\r\n<section class=\"promotionalBanner\">\r\n    <p class=\"promotionalText\">A nyelvtanul\u00e1s leghat\u00e9konyabb m\u00f3dja<\/p>\r\n    <a class=\"promotionalLink\" href=\"https:\/\/app.talkpal.ai\/hu\/signup?lng=\">Pr\u00f3b\u00e1lja ki a Talkpal ingyen<\/a>\r\n<\/section>\n<div class=\"wp-block-group pageContainerStyle\"><div class=\"wp-block-group__inner-container is-layout-constrained wp-block-group-is-layout-constrained\">\n<h2 class=\"wp-block-heading\" id=\"h-czech-grammar-topics\">Cseh nyelvtani t\u00e9m\u00e1k<\/h2>\n\n\n\n<p>Egy \u00faj nyelv tanul\u00e1sa izgalmas \u00e9s gazdag\u00edt\u00f3 \u00e9lm\u00e9ny lehet, \u00e9s ez al\u00f3l a cseh nyelv sem kiv\u00e9tel. Gazdag t\u00f6rt\u00e9nelm\u00e9vel \u00e9s egyed\u00fcl\u00e1ll\u00f3 szl\u00e1v b\u00e1j\u00e1val a cseh nyelv kaput k\u00edn\u00e1l a tanul\u00f3knak K\u00f6z\u00e9p-Eur\u00f3pa sz\u00edv\u00e9be. Ahhoz, hogy a legt\u00f6bbet hozd ki a cseh nyelvi utaz\u00e1sodb\u00f3l, elengedhetetlen, hogy meg\u00e9rtsd \u00e9s elsaj\u00e1t\u00edtsd a nyelvtant, amely <a href=\"https:\/\/talkpal.ai\/languages\/\">minden nyelv<\/a> gerinc\u00e9t k\u00e9pezi. Az igeid\u0151kt\u0151l \u00e9s ig\u00e9kt\u0151l a mell\u00e9knevekig \u00e9s prepoz\u00edci\u00f3kig ezeknek a nyelvtani t\u00e9m\u00e1knak az ismerete seg\u00edt hat\u00e9konyan \u00e9s magabiztosan kommunik\u00e1lni. Ebben az \u00fatmutat\u00f3ban v\u00e9gigvezetj\u00fck \u00d6nt az alapvet\u0151 cseh nyelvtani t\u00e9m\u00e1kon, olyan sorrendben csoportos\u00edtva, amely megk\u00f6nny\u00edti a nyelv tanul\u00e1s\u00e1t \u00e9s meg\u00e9rt\u00e9s\u00e9t.<\/p>\n\n\n\n<h3 class=\"wp-block-heading\" id=\"h-1-nouns\">1. F\u0151nevek:<\/h3>\n\n\n\n<p>Kezdje a tanul\u00e1st cseh f\u0151nevekkel, mivel ezek a nyelv alapj\u00e1t k\u00e9pezik. A cseh f\u0151neveknek h\u00e1rom neme <a href=\"https:\/\/talkpal.ai\/locations\/language-courses-in-van\/\">van<\/a> (h\u00edmnem\u0171, n\u0151nem\u0171 \u00e9s ivartalan\u00edtott) \u00e9s h\u00e9t esete (alanyeset, birtokos eset, dat\u00edvusz, t\u00e1rgyeset, megsz\u00f3l\u00edt\u00f3, helyhat\u00e1roz\u00f3 \u00e9s eszk\u00f6zes). A nemek \u00e9s az esetrendszer meg\u00e9rt\u00e9se elengedhetetlen a megfelel\u0151 mondatk\u00e9pz\u00e9shez.<\/p>\n\n\n\n<h3 class=\"wp-block-heading\" id=\"h-2-articles\">2. Cikkek:<\/h3>\n\n\n\n<p>a cseh nyelvben nincsenek hat\u00e1rozatlan n\u00e9vel\u0151k (a, an), \u00e9s a hat\u00e1rozott n\u00e9vel\u0151t (the) csak bizonyos speci\u00e1lis helyzetekben haszn\u00e1lj\u00e1k. Tanulja meg, mikor \u00e9s hogyan kell haszn\u00e1lni a hat\u00e1rozott n\u00e9vel\u0151t a <a href=\"https:\/\/talkpal.ai\/czech-grammar\/\">cseh nyelvtan<\/a> meg\u00e9rt\u00e9s\u00e9nek jav\u00edt\u00e1sa \u00e9rdek\u00e9ben.<\/p>\n\n\n\n<h3 class=\"wp-block-heading\" id=\"h-3-pronouns-determiners\">3. N\u00e9vm\u00e1sok\/determin\u00e1nsok:<\/h3>\n\n\n\n<p>A n\u00e9vm\u00e1sok helyettes\u00edtik a f\u0151neveket a mondatokban, m\u00edg a determin\u00e1nsok meghat\u00e1rozz\u00e1k vagy m\u00f3dos\u00edtj\u00e1k a f\u0151neveket. Ismerje meg a cseh szem\u00e9lyes, birtokos, demonstrat\u00edv, reflex\u00edv \u00e9s k\u00e9rd\u0151 n\u00e9vm\u00e1sokat, valamint a meghat\u00e1roz\u00f3kat, hogy \u00f6sszetettebb mondatokat hozzon l\u00e9tre.<\/p>\n\n\n\n<h3 class=\"wp-block-heading\" id=\"h-4-adjectives\">4. Mell\u00e9knevek:<\/h3>\n\n\n\n<p>A mell\u00e9knevek cseh nyelv\u0171 f\u0151neveket \u00edrnak le vagy m\u00f3dos\u00edtanak. Tanulja meg, hogyan haszn\u00e1lhatja \u0151ket a megfelel\u0151 nemben, sz\u00e1mban \u00e9s esetben, hogy egyet\u00e9rtsen az \u00e1ltaluk le\u00edrt f\u0151n\u00e9vvel.<\/p>\n\n\n\n<h3 class=\"wp-block-heading\" id=\"h-5-adverbs\">5. Hat\u00e1roz\u00f3sz\u00f3k:<\/h3>\n\n\n\n<p>A hat\u00e1roz\u00f3szavak m\u00f3dos\u00edtj\u00e1k az ig\u00e9ket, mell\u00e9kneveket vagy m\u00e1s hat\u00e1roz\u00f3szavakat. Tov\u00e1bbi inform\u00e1ci\u00f3kat ny\u00fajtanak a m\u0171veletr\u0151l, p\u00e9ld\u00e1ul a m\u00f3dot, az id\u0151t vagy a helyet. A cseh hat\u00e1roz\u00f3szavak elsaj\u00e1t\u00edt\u00e1sa seg\u00edt pontosabban k\u00f6zvet\u00edteni az \u00fczenetet.<\/p>\n\n\n\n<h3 class=\"wp-block-heading\" id=\"h-6-verbs\">6. Ig\u00e9k:<\/h3>\n\n\n\n<p>A cseh ig\u00e9k elengedhetetlenek a cselekv\u00e9sek, esem\u00e9nyek vagy \u00e1llapotok kifejez\u00e9s\u00e9hez. Tanulja meg a ragoz\u00e1si mint\u00e1kat, az igeid\u0151t (m\u00falt, jelen \u00e9s j\u00f6v\u0151) \u00e9s a szempontokat (perfekt\u00edv \u00e9s t\u00f6k\u00e9letlen) a hat\u00e9kony kommunik\u00e1ci\u00f3 \u00e9rdek\u00e9ben.<\/p>\n\n\n\n<h3 class=\"wp-block-heading\" id=\"h-7-tense-comparison\">7. Fesz\u00fclt \u00f6sszehasonl\u00edt\u00e1s:<\/h3>\n\n\n\n<p>A cseh igeid\u0151k (m\u00falt, jelen \u00e9s j\u00f6v\u0151) k\u00fcl\u00f6nbs\u00e9geinek \u00e9s haszn\u00e1lat\u00e1nak meg\u00e9rt\u00e9se lehet\u0151v\u00e9 teszi, hogy pontosan kifejezze gondolatait \u00e9s elker\u00fclje a zavart.<\/p>\n\n\n\n<h3 class=\"wp-block-heading\" id=\"h-8-progressive-and-perfect-progressive\">8. Progressz\u00edv \u00e9s t\u00f6k\u00e9letes progressz\u00edv:<\/h3>\n\n\n\n<p>A cseh nyelvnek nincs k\u00f6zvetlen megfelel\u0151je az <a href=\"https:\/\/talkpal.ai\/locations\/language-courses-in-angol\/\">angol<\/a> progressz\u00edv \u00e9s t\u00f6k\u00e9letes progressz\u00edv igeid\u0151knek. Ehelyett a nyelv k\u00fcl\u00f6nb\u00f6z\u0151 igei szempontokat (perfekt\u00edv \u00e9s t\u00f6k\u00e9letlen) \u00e9s konstrukci\u00f3kat haszn\u00e1l hasonl\u00f3 jelent\u00e9sek k\u00f6zvet\u00edt\u00e9s\u00e9re. Ismerje meg, hogyan alak\u00edthatja ki \u00e9s haszn\u00e1lhatja ezeket a konstrukci\u00f3kat a folyamatban l\u00e9v\u0151 vagy befejezett m\u0171veletek kifejez\u00e9s\u00e9re.<\/p>\n\n\n\n<h3 class=\"wp-block-heading\" id=\"h-9-conditionals\">9. Felt\u00e9telek:<\/h3>\n\n\n\n<p>A felt\u00e9teleket hipotetikus helyzetek vagy felt\u00e9telek kifejez\u00e9s\u00e9re haszn\u00e1lj\u00e1k. Saj\u00e1t\u00edtsa el a cseh felt\u00e9teles form\u00e1kat, hogy megvitassa a lehet\u0151s\u00e9geket \u00e9s el\u0151rejelz\u00e9seket k\u00e9sz\u00edtsen.<\/p>\n\n\n\n<h3 class=\"wp-block-heading\" id=\"h-10-prepositions\">10. El\u00f6lj\u00e1r\u00f3szavak:<\/h3>\n\n\n\n<p>Az el\u00f6lj\u00e1r\u00f3szavak a szavak k\u00f6z\u00f6tti kapcsolatok jelz\u00e9s\u00e9re szolg\u00e1lnak, p\u00e9ld\u00e1ul hely, ir\u00e1ny, id\u0151 vagy ok. A cseh el\u00f6lj\u00e1r\u00f3szavak helyes megtanul\u00e1sa \u00e9s haszn\u00e1lata seg\u00edt vil\u00e1gos \u00e9s \u00e9rtelmes mondatok kialak\u00edt\u00e1s\u00e1ban.<\/p>\n\n\n\n<h3 class=\"wp-block-heading\" id=\"h-11-sentences\">11. Mondatok:<\/h3>\n\n\n\n<p>V\u00e9g\u00fcl gyakorolja a cseh mondatok kialak\u00edt\u00e1s\u00e1t a megtanult nyelvtani elemek kombin\u00e1l\u00e1s\u00e1val. \u00d6sszpontos\u00edtson egyszer\u0171, \u00f6sszetett, \u00f6sszetett \u00e9s \u00f6sszetett mondatok l\u00e9trehoz\u00e1s\u00e1ra, hogy jav\u00edtsa foly\u00e9konys\u00e1g\u00e1t \u00e9s kommunik\u00e1ci\u00f3s k\u00e9szs\u00e9geit a cseh nyelven.<\/p>\n<\/div><\/div>\n\r\n<section class=\"learnNavigationSection\">\r\n            \r\n        <a href=\"https:\/\/talkpal.ai\/hu\/tanulj-csehul\/\">\r\n            <div class=\"learnNavigationWrapper\">\r\n                <div class=\"learnNavigationContent\">\r\n                    <img decoding=\"async\" src=\"https:\/\/talkpal.ai\/wp-content\/uploads\/2024\/08\/Czech.jpg\" alt=\"Czech Flag\">\r\n                    <div>\r\n                        <h4>A cseh tanul\u00e1sr\u00f3l<\/h4>\r\n                        <p>Tudjon meg mindent a cseh nyelvtanr\u00f3l.<\/p>\r\n                    <\/div>\r\n                <\/div>\r\n            <\/div>\r\n        <\/a>\r\n\r\n        \r\n        <a href=\"https:\/\/talkpal.ai\/hu\/cseh-nyelvtan\/\">\r\n            <div class=\"learnNavigationWrapper\">\r\n                <div class=\"learnNavigationContent\">\r\n                    <img decoding=\"async\" src=\"https:\/\/talkpal.ai\/wp-content\/uploads\/2024\/08\/Czech.jpg\" alt=\"Czech Flag\">\r\n                    <div>\r\n                        <h4>Cseh nyelvtani leck\u00e9k<\/h4>\r\n                        <p>Gyakorolja a cseh nyelvtant.<\/p>\r\n                    <\/div>\r\n                <\/div>\r\n            <\/div>\r\n        <\/a>\r\n\r\n        \r\n        <a href=\"https:\/\/talkpal.ai\/vocabulary_language\/czech\/\">\r\n            <div class=\"learnNavigationWrapper\">\r\n                <div class=\"learnNavigationContent\">\r\n                    <img decoding=\"async\" src=\"https:\/\/talkpal.ai\/wp-content\/uploads\/2024\/08\/Czech.jpg\" alt=\"Czech Flag\">\r\n                    <div>\r\n                        <h4>Cseh sz\u00f3kincs<\/h4>\r\n                        <p>B\u0151v\u00edtse cseh sz\u00f3kincs\u00e9t.<\/p>\r\n                    <\/div>\r\n                <\/div>\r\n            <\/div>\r\n        <\/a>\r\n\r\n            <\/section>","protected":false},"excerpt":{"rendered":"<p>Cseh nyelvtani t\u00e9m\u00e1k Egy \u00faj nyelv tanul\u00e1sa izgalmas \u00e9s gazdag\u00edt\u00f3 \u00e9lm\u00e9ny lehet, \u00e9s ez al\u00f3l a cseh nyelv sem kiv\u00e9tel. Gazdag t\u00f6rt\u00e9nelm\u00e9vel \u00e9s egyed\u00fcl\u00e1ll\u00f3 szl\u00e1v b\u00e1j\u00e1val a cseh nyelv kaput k\u00edn\u00e1l a tanul\u00f3knak K\u00f6z\u00e9p-Eur\u00f3pa sz\u00edv\u00e9be. Ahhoz, hogy a legt\u00f6bbet hozd ki a cseh nyelvi utaz\u00e1sodb\u00f3l, elengedhetetlen, hogy meg\u00e9rtsd \u00e9s elsaj\u00e1t\u00edtsd a nyelvtant, amely minden nyelv [&hellip;]<\/p>\n","protected":false},"author":6,"featured_media":111739,"parent":0,"menu_order":0,"comment_status":"closed","ping_status":"closed","template":"LearningContentPage.php","meta":{"_acf_changed":false,"footnotes":""},"class_list":["post-163640","page","type-page","status-publish","has-post-thumbnail","hentry"],"acf":[],"yoast_head":"<!-- This site is optimized with the Yoast SEO Premium plugin v27.2 (Yoast SEO v27.2) - https:\/\/yoast.com\/product\/yoast-seo-premium-wordpress\/ -->\n<title>Cseh nyelvtani gyakorlatok - Talkpal<\/title>\n<meta name=\"description\" content=\"Fejtse meg a cseh nyelv titkait a magabiztos kommunik\u00e1ci\u00f3hoz sz\u00fcks\u00e9ges cseh nyelvtani gyakorlatokkal.\" \/>\n<meta name=\"robots\" content=\"index, follow, max-snippet:-1, max-image-preview:large, max-video-preview:-1\" \/>\n<link rel=\"canonical\" href=\"https:\/\/talkpal.ai\/hu\/cseh-nyelvtani-gyakorlatok\/\" \/>\n<meta property=\"og:locale\" content=\"hu_HU\" \/>\n<meta property=\"og:type\" content=\"article\" \/>\n<meta property=\"og:title\" content=\"Cseh nyelvtani gyakorlatok\" \/>\n<meta property=\"og:description\" content=\"Cseh nyelvtani t\u00e9m\u00e1k Egy \u00faj nyelv tanul\u00e1sa izgalmas \u00e9s gazdag\u00edt\u00f3 \u00e9lm\u00e9ny lehet, \u00e9s ez al\u00f3l a cseh nyelv sem kiv\u00e9tel. Gazdag t\u00f6rt\u00e9nelm\u00e9vel \u00e9s egyed\u00fcl\u00e1ll\u00f3\" \/>\n<meta property=\"og:url\" content=\"https:\/\/talkpal.ai\/hu\/cseh-nyelvtani-gyakorlatok\/\" \/>\n<meta property=\"og:site_name\" content=\"Talkpal\" \/>\n<meta property=\"article:publisher\" content=\"https:\/\/www.facebook.com\/profile.php?id=100090733639311\" \/>\n<meta property=\"article:modified_time\" content=\"2025-12-17T16:28:51+00:00\" \/>\n<meta property=\"og:image\" content=\"https:\/\/talkpal.ai\/wp-content\/uploads\/2023\/05\/czech-republic.png\" \/>\n\t<meta property=\"og:image:width\" content=\"512\" \/>\n\t<meta property=\"og:image:height\" content=\"512\" \/>\n\t<meta property=\"og:image:type\" content=\"image\/png\" \/>\n<meta name=\"twitter:card\" content=\"summary_large_image\" \/>\n<meta name=\"twitter:site\" content=\"@talkpalai\" \/>\n<meta name=\"twitter:label1\" content=\"Becs\u00fclt olvas\u00e1si id\u0151\" \/>\n\t<meta name=\"twitter:data1\" content=\"4 perc\" \/>\n<script type=\"application\/ld+json\" class=\"yoast-schema-graph\">{\"@context\":\"https:\/\/schema.org\",\"@graph\":[{\"@type\":\"WebPage\",\"@id\":\"https:\/\/talkpal.ai\/hu\/cseh-nyelvtani-gyakorlatok\/\",\"url\":\"https:\/\/talkpal.ai\/hu\/cseh-nyelvtani-gyakorlatok\/\",\"name\":\"Cseh nyelvtani gyakorlatok - Talkpal\",\"isPartOf\":{\"@id\":\"https:\/\/talkpal.ai\/hu\/#website\"},\"primaryImageOfPage\":{\"@id\":\"https:\/\/talkpal.ai\/hu\/cseh-nyelvtani-gyakorlatok\/#primaryimage\"},\"image\":{\"@id\":\"https:\/\/talkpal.ai\/hu\/cseh-nyelvtani-gyakorlatok\/#primaryimage\"},\"thumbnailUrl\":\"https:\/\/talkpal.ai\/wp-content\/uploads\/2023\/05\/czech-republic.png\",\"datePublished\":\"2023-06-16T13:10:39+00:00\",\"dateModified\":\"2025-12-17T16:28:51+00:00\",\"description\":\"Fejtse meg a cseh nyelv titkait a magabiztos kommunik\u00e1ci\u00f3hoz sz\u00fcks\u00e9ges cseh nyelvtani gyakorlatokkal.\",\"breadcrumb\":{\"@id\":\"https:\/\/talkpal.ai\/hu\/cseh-nyelvtani-gyakorlatok\/#breadcrumb\"},\"inLanguage\":\"hu\",\"potentialAction\":[{\"@type\":\"ReadAction\",\"target\":[\"https:\/\/talkpal.ai\/hu\/cseh-nyelvtani-gyakorlatok\/\"]}]},{\"@type\":\"ImageObject\",\"inLanguage\":\"hu\",\"@id\":\"https:\/\/talkpal.ai\/hu\/cseh-nyelvtani-gyakorlatok\/#primaryimage\",\"url\":\"https:\/\/talkpal.ai\/wp-content\/uploads\/2023\/05\/czech-republic.png\",\"contentUrl\":\"https:\/\/talkpal.ai\/wp-content\/uploads\/2023\/05\/czech-republic.png\",\"width\":512,\"height\":512},{\"@type\":\"BreadcrumbList\",\"@id\":\"https:\/\/talkpal.ai\/hu\/cseh-nyelvtani-gyakorlatok\/#breadcrumb\",\"itemListElement\":[{\"@type\":\"ListItem\",\"position\":1,\"name\":\"Homepage\",\"item\":\"https:\/\/talkpal.ai\/hu\/\"},{\"@type\":\"ListItem\",\"position\":2,\"name\":\"Cseh nyelvtani gyakorlatok\"}]},{\"@type\":\"WebSite\",\"@id\":\"https:\/\/talkpal.ai\/hu\/#website\",\"url\":\"https:\/\/talkpal.ai\/hu\/\",\"name\":\"Talkpal\",\"description\":\"AI Language Learning\",\"publisher\":{\"@id\":\"https:\/\/talkpal.ai\/hu\/#organization\"},\"alternateName\":\"Talkpal AI\",\"potentialAction\":[{\"@type\":\"SearchAction\",\"target\":{\"@type\":\"EntryPoint\",\"urlTemplate\":\"https:\/\/talkpal.ai\/hu\/?s={search_term_string}\"},\"query-input\":{\"@type\":\"PropertyValueSpecification\",\"valueRequired\":true,\"valueName\":\"search_term_string\"}}],\"inLanguage\":\"hu\"},{\"@type\":\"Organization\",\"@id\":\"https:\/\/talkpal.ai\/hu\/#organization\",\"name\":\"Talkpal, Inc.\",\"alternateName\":\"Talkpal AI\",\"url\":\"https:\/\/talkpal.ai\/hu\/\",\"logo\":{\"@type\":\"ImageObject\",\"inLanguage\":\"hu\",\"@id\":\"https:\/\/talkpal.ai\/hu\/#\/schema\/logo\/image\/\",\"url\":\"https:\/\/talkpal.ai\/wp-content\/uploads\/2024\/03\/Talkpal-Logo-Icon.png\",\"contentUrl\":\"https:\/\/talkpal.ai\/wp-content\/uploads\/2024\/03\/Talkpal-Logo-Icon.png\",\"width\":2880,\"height\":2880,\"caption\":\"Talkpal, Inc.\"},\"image\":{\"@id\":\"https:\/\/talkpal.ai\/hu\/#\/schema\/logo\/image\/\"},\"sameAs\":[\"https:\/\/www.facebook.com\/profile.php?id=100090733639311\",\"https:\/\/x.com\/talkpalai\",\"https:\/\/www.linkedin.com\/company\/talkpal\/\",\"https:\/\/www.youtube.com\/@TalkPal\/\",\"https:\/\/www.tiktok.com\/@talkpal\",\"https:\/\/www.instagram.com\/talkpal_ai\/\",\"https:\/\/www.crunchbase.com\/organization\/talkpal-9cde\",\"https:\/\/www.g2.com\/products\/talkpal-for-business\/\",\"https:\/\/www.trustpilot.com\/review\/talkpal.ai\",\"https:\/\/www.capterra.com\/p\/10006800\/TalkPal\/\"],\"description\":\"Talkpal is a language learning web and mobile education app, powered by the latest AI technologies, that provides engaging experiences to its customers in many different languages to help them improve their language skills. Users can chat about unlimited amount of topics with the app and use other modes to practice their language learning.\",\"email\":\"support@talkpal.ai\",\"legalName\":\"Talkpal, Inc.\",\"foundingDate\":\"2023-04-03\",\"duns\":\"118989042\",\"numberOfEmployees\":{\"@type\":\"QuantitativeValue\",\"minValue\":\"11\",\"maxValue\":\"50\"},\"publishingPrinciples\":\"https:\/\/talkpal.ai\/publishing-principles\/\",\"actionableFeedbackPolicy\":\"https:\/\/talkpal.ai\/actionable-feedback-policy\/\",\"correctionsPolicy\":\"https:\/\/talkpal.ai\/corrections-policy\/\",\"ethicsPolicy\":\"https:\/\/talkpal.ai\/ethics-policy\/\",\"diversityPolicy\":\"https:\/\/talkpal.ai\/diversity-policy\/\",\"diversityStaffingReport\":\"https:\/\/talkpal.ai\/diversity-policy\/\"}]}<\/script>\n<!-- \/ Yoast SEO Premium plugin. -->","yoast_head_json":{"title":"Cseh nyelvtani gyakorlatok - Talkpal","description":"Fejtse meg a cseh nyelv titkait a magabiztos kommunik\u00e1ci\u00f3hoz sz\u00fcks\u00e9ges cseh nyelvtani gyakorlatokkal.","robots":{"index":"index","follow":"follow","max-snippet":"max-snippet:-1","max-image-preview":"max-image-preview:large","max-video-preview":"max-video-preview:-1"},"canonical":"https:\/\/talkpal.ai\/hu\/cseh-nyelvtani-gyakorlatok\/","og_locale":"hu_HU","og_type":"article","og_title":"Cseh nyelvtani gyakorlatok","og_description":"Cseh nyelvtani t\u00e9m\u00e1k Egy \u00faj nyelv tanul\u00e1sa izgalmas \u00e9s gazdag\u00edt\u00f3 \u00e9lm\u00e9ny lehet, \u00e9s ez al\u00f3l a cseh nyelv sem kiv\u00e9tel. Gazdag t\u00f6rt\u00e9nelm\u00e9vel \u00e9s egyed\u00fcl\u00e1ll\u00f3","og_url":"https:\/\/talkpal.ai\/hu\/cseh-nyelvtani-gyakorlatok\/","og_site_name":"Talkpal","article_publisher":"https:\/\/www.facebook.com\/profile.php?id=100090733639311","article_modified_time":"2025-12-17T16:28:51+00:00","og_image":[{"width":512,"height":512,"url":"https:\/\/talkpal.ai\/wp-content\/uploads\/2023\/05\/czech-republic.png","type":"image\/png"}],"twitter_card":"summary_large_image","twitter_site":"@talkpalai","twitter_misc":{"Becs\u00fclt olvas\u00e1si id\u0151":"4 perc"},"schema":{"@context":"https:\/\/schema.org","@graph":[{"@type":"WebPage","@id":"https:\/\/talkpal.ai\/hu\/cseh-nyelvtani-gyakorlatok\/","url":"https:\/\/talkpal.ai\/hu\/cseh-nyelvtani-gyakorlatok\/","name":"Cseh nyelvtani gyakorlatok - Talkpal","isPartOf":{"@id":"https:\/\/talkpal.ai\/hu\/#website"},"primaryImageOfPage":{"@id":"https:\/\/talkpal.ai\/hu\/cseh-nyelvtani-gyakorlatok\/#primaryimage"},"image":{"@id":"https:\/\/talkpal.ai\/hu\/cseh-nyelvtani-gyakorlatok\/#primaryimage"},"thumbnailUrl":"https:\/\/talkpal.ai\/wp-content\/uploads\/2023\/05\/czech-republic.png","datePublished":"2023-06-16T13:10:39+00:00","dateModified":"2025-12-17T16:28:51+00:00","description":"Fejtse meg a cseh nyelv titkait a magabiztos kommunik\u00e1ci\u00f3hoz sz\u00fcks\u00e9ges cseh nyelvtani gyakorlatokkal.","breadcrumb":{"@id":"https:\/\/talkpal.ai\/hu\/cseh-nyelvtani-gyakorlatok\/#breadcrumb"},"inLanguage":"hu","potentialAction":[{"@type":"ReadAction","target":["https:\/\/talkpal.ai\/hu\/cseh-nyelvtani-gyakorlatok\/"]}]},{"@type":"ImageObject","inLanguage":"hu","@id":"https:\/\/talkpal.ai\/hu\/cseh-nyelvtani-gyakorlatok\/#primaryimage","url":"https:\/\/talkpal.ai\/wp-content\/uploads\/2023\/05\/czech-republic.png","contentUrl":"https:\/\/talkpal.ai\/wp-content\/uploads\/2023\/05\/czech-republic.png","width":512,"height":512},{"@type":"BreadcrumbList","@id":"https:\/\/talkpal.ai\/hu\/cseh-nyelvtani-gyakorlatok\/#breadcrumb","itemListElement":[{"@type":"ListItem","position":1,"name":"Homepage","item":"https:\/\/talkpal.ai\/hu\/"},{"@type":"ListItem","position":2,"name":"Cseh nyelvtani gyakorlatok"}]},{"@type":"WebSite","@id":"https:\/\/talkpal.ai\/hu\/#website","url":"https:\/\/talkpal.ai\/hu\/","name":"Talkpal","description":"AI Language Learning","publisher":{"@id":"https:\/\/talkpal.ai\/hu\/#organization"},"alternateName":"Talkpal AI","potentialAction":[{"@type":"SearchAction","target":{"@type":"EntryPoint","urlTemplate":"https:\/\/talkpal.ai\/hu\/?s={search_term_string}"},"query-input":{"@type":"PropertyValueSpecification","valueRequired":true,"valueName":"search_term_string"}}],"inLanguage":"hu"},{"@type":"Organization","@id":"https:\/\/talkpal.ai\/hu\/#organization","name":"Talkpal, Inc.","alternateName":"Talkpal AI","url":"https:\/\/talkpal.ai\/hu\/","logo":{"@type":"ImageObject","inLanguage":"hu","@id":"https:\/\/talkpal.ai\/hu\/#\/schema\/logo\/image\/","url":"https:\/\/talkpal.ai\/wp-content\/uploads\/2024\/03\/Talkpal-Logo-Icon.png","contentUrl":"https:\/\/talkpal.ai\/wp-content\/uploads\/2024\/03\/Talkpal-Logo-Icon.png","width":2880,"height":2880,"caption":"Talkpal, Inc."},"image":{"@id":"https:\/\/talkpal.ai\/hu\/#\/schema\/logo\/image\/"},"sameAs":["https:\/\/www.facebook.com\/profile.php?id=100090733639311","https:\/\/x.com\/talkpalai","https:\/\/www.linkedin.com\/company\/talkpal\/","https:\/\/www.youtube.com\/@TalkPal\/","https:\/\/www.tiktok.com\/@talkpal","https:\/\/www.instagram.com\/talkpal_ai\/","https:\/\/www.crunchbase.com\/organization\/talkpal-9cde","https:\/\/www.g2.com\/products\/talkpal-for-business\/","https:\/\/www.trustpilot.com\/review\/talkpal.ai","https:\/\/www.capterra.com\/p\/10006800\/TalkPal\/"],"description":"Talkpal is a language learning web and mobile education app, powered by the latest AI technologies, that provides engaging experiences to its customers in many different languages to help them improve their language skills. Users can chat about unlimited amount of topics with the app and use other modes to practice their language learning.","email":"support@talkpal.ai","legalName":"Talkpal, Inc.","foundingDate":"2023-04-03","duns":"118989042","numberOfEmployees":{"@type":"QuantitativeValue","minValue":"11","maxValue":"50"},"publishingPrinciples":"https:\/\/talkpal.ai\/publishing-principles\/","actionableFeedbackPolicy":"https:\/\/talkpal.ai\/actionable-feedback-policy\/","correctionsPolicy":"https:\/\/talkpal.ai\/corrections-policy\/","ethicsPolicy":"https:\/\/talkpal.ai\/ethics-policy\/","diversityPolicy":"https:\/\/talkpal.ai\/diversity-policy\/","diversityStaffingReport":"https:\/\/talkpal.ai\/diversity-policy\/"}]}},"_links":{"self":[{"href":"https:\/\/talkpal.ai\/hu\/wp-json\/wp\/v2\/pages\/163640","targetHints":{"allow":["GET"]}}],"collection":[{"href":"https:\/\/talkpal.ai\/hu\/wp-json\/wp\/v2\/pages"}],"about":[{"href":"https:\/\/talkpal.ai\/hu\/wp-json\/wp\/v2\/types\/page"}],"author":[{"embeddable":true,"href":"https:\/\/talkpal.ai\/hu\/wp-json\/wp\/v2\/users\/6"}],"replies":[{"embeddable":true,"href":"https:\/\/talkpal.ai\/hu\/wp-json\/wp\/v2\/comments?post=163640"}],"version-history":[{"count":0,"href":"https:\/\/talkpal.ai\/hu\/wp-json\/wp\/v2\/pages\/163640\/revisions"}],"wp:featuredmedia":[{"embeddable":true,"href":"https:\/\/talkpal.ai\/hu\/wp-json\/wp\/v2\/media\/111739"}],"wp:attachment":[{"href":"https:\/\/talkpal.ai\/hu\/wp-json\/wp\/v2\/media?parent=163640"}],"curies":[{"name":"wp","href":"https:\/\/api.w.org\/{rel}","templated":true}]}}