{"id":163324,"date":"2023-06-16T13:19:10","date_gmt":"2023-06-16T13:19:10","guid":{"rendered":"http:\/\/talkpal.ai\/dan-nyelvtani-gyakorlatok\/"},"modified":"2025-12-17T16:31:49","modified_gmt":"2025-12-17T16:31:49","slug":"dan-nyelvtani-gyakorlatok","status":"publish","type":"page","link":"https:\/\/talkpal.ai\/hu\/dan-nyelvtani-gyakorlatok\/","title":{"rendered":"D\u00e1n nyelvtani gyakorlatok"},"content":{"rendered":"\r\n\r\n\r\n<section class=\"languageChallengeSection\">\r\n    <div class=\"languageInfoWrapper\">\r\n        \r\n        <h1>D\u00e1n nyelvtani gyakorlatok<\/h1>\r\n        <p>K\u00e9szen \u00e1llsz a <a href=\"https:\/\/talkpal.ai\/learn-danish\/\">d\u00e1n<\/a> nyelvtud\u00e1sod jav\u00edt\u00e1s\u00e1ra? A nyelvtani gyakorlatok gyakorl\u00e1sa fantasztikus m\u00f3dja a mondatszerkezet, az igek\u00f6t\u0151k \u00e9s a <a href=\"https:\/\/talkpal.ai\/learn-danish\/\">d\u00e1n<\/a> nyelv saj\u00e1toss\u00e1gainak elsaj\u00e1t\u00edt\u00e1s\u00e1nak. Kezdj el dolgozni a d\u00e1n nyelvtanon m\u00e9g ma, \u00e9s figyeld, ahogy a k\u00e9szs\u00e9geid \u00e9s az \u00f6nbizalmad minden egyes gyakorlattal n\u0151!\n\n<\/p>\r\n\r\n                            <a class=\"getStartedHidden\" href=\"https:\/\/app.talkpal.ai\/hu\/signup?lng=\">Kezdj\u00fck<\/a>\r\n        \r\n    <\/div>\r\n\r\n    <figure>\r\n    <img decoding=\"async\" width=\"768\" height=\"768\" src=\"https:\/\/talkpal.ai\/wp-content\/uploads\/2023\/06\/danish-768x768.png\" class=\"languageImage no-lazy\" alt=\"Language learning for career enhancement\" fetchpriority=\"high\" sizes=\"(max-width: 768px) 150px, 768px\" srcset=\"https:\/\/talkpal.ai\/wp-content\/uploads\/2023\/06\/danish-768x768.png 768w, https:\/\/talkpal.ai\/wp-content\/uploads\/2023\/06\/danish-300x300.png 300w\" \/>\r\n    \r\n\r\n    <\/figure>\r\n\r\n            <a class=\"getStartedVisible\" href=\"https:\/\/app.talkpal.ai\/hu\/signup?lng=\">Kezdj\u00fck<\/a>\r\n    \r\n<\/section>\r\n\r\n\r\n<!-- <section class=\"grammarSection\">\r\n    <div class=\"grammarLinks\">\r\n            <\/div>\r\n<\/section> -->\r\n\r\n\r\n\r\n\r\n<section class=\"promotionalBanner\">\r\n    <p class=\"promotionalText\">A nyelvtanul\u00e1s leghat\u00e9konyabb m\u00f3dja<\/p>\r\n    <a class=\"promotionalLink\" href=\"https:\/\/app.talkpal.ai\/hu\/signup?lng=\">Pr\u00f3b\u00e1lja ki a Talkpal ingyen<\/a>\r\n<\/section>\n<div class=\"wp-block-group pageContainerStyle\"><div class=\"wp-block-group__inner-container is-layout-constrained wp-block-group-is-layout-constrained\">\n<h2 class=\"wp-block-heading\" id=\"h-danish-grammar-topics\">D\u00e1n nyelvtani t\u00e9m\u00e1k<\/h2>\n\n\n\n<p>A d\u00e1n nyelvtanul\u00e1s kifizet\u0151d\u0151 \u00e9s \u00e9lvezetes \u00e9lm\u00e9ny lehet azok sz\u00e1m\u00e1ra, akik \u00e9rdekl\u0151dnek D\u00e1nia gazdag kult\u00far\u00e1j\u00e1nak \u00e9s t\u00f6rt\u00e9nelm\u00e9nek felfedez\u00e9se ir\u00e1nt. \u00c9szak-germ\u00e1n nyelvk\u00e9nt a d\u00e1n sok hasonl\u00f3s\u00e1got mutat m\u00e1s skandin\u00e1v nyelvekkel, p\u00e9ld\u00e1ul a sv\u00e9ddel \u00e9s a norv\u00e9gdal. A d\u00e1n nyelv elsaj\u00e1t\u00edt\u00e1s\u00e1val lehet\u0151s\u00e9get ny\u00edlik az anyanyelvi besz\u00e9l\u0151kkel val\u00f3 kapcsolatfelv\u00e9telre, a d\u00e1n irodalom \u00e9lvezet\u00e9re \u00e9s a d\u00e1n t\u00e1rsadalom meg\u00e9rt\u00e9s\u00e9nek elm\u00e9ly\u00edt\u00e9s\u00e9re. A d\u00e1n nyelv foly\u00e9kony nyelvtud\u00e1s\u00e1nak el\u00e9r\u00e9s\u00e9hez elengedhetetlen, hogy megismerkedjen a k\u00fcl\u00f6nb\u00f6z\u0151 nyelvtani t\u00e9m\u00e1kkal, amelyek a nyelv \u00e9p\u00edt\u0151k\u00f6vei. Ebben az \u00fatmutat\u00f3ban megvizsg\u00e1ljuk azt a sorrendet, amelyet k\u00f6vetnie kell a <a href=\"https:\/\/talkpal.ai\/danish-grammar\/\">d\u00e1n nyelvtan<\/a> tanul\u00e1s\u00e1ban, olyan t\u00e9m\u00e1kkal, mint az igeid\u0151k, ig\u00e9k, f\u0151nevek \u00e9s \u00edgy tov\u00e1bb.<\/p>\n\n\n\n<h3 class=\"wp-block-heading\" id=\"h-1-nouns-articles-and-pronouns-determiners\">1. F\u0151nevek, sz\u00f3cikkek \u00e9s n\u00e9vm\u00e1sok\/meghat\u00e1roz\u00f3k:<\/h3>\n\n\n\n<p>Kezdje a d\u00e1n f\u0151nevek alapjainak megtanul\u00e1s\u00e1val, bele\u00e9rtve nem\u00fcket \u00e9s sz\u00e1mukat. Ismerkedjen meg a hat\u00e1rozott \u00e9s hat\u00e1rozatlan cikkekkel, valamint a k\u00fcl\u00f6nb\u00f6z\u0151 n\u00e9vm\u00e1st\u00edpusokkal \u00e9s determin\u00e1nsokkal. Ez seg\u00edt szil\u00e1rd alapot teremteni az egyszer\u0171 mondatok kialak\u00edt\u00e1s\u00e1hoz.<\/p>\n\n\n\n<h3 class=\"wp-block-heading\" id=\"h-2-adjectives-and-adverbs\">2. Mell\u00e9knevek \u00e9s hat\u00e1roz\u00f3sz\u00f3k:<\/h3>\n\n\n\n<p>Miut\u00e1n meg\u00e9rtette a f\u0151nevek \u00e9s n\u00e9vm\u00e1sok alapjait, l\u00e9pjen tov\u00e1bb a mell\u00e9knevekre \u00e9s az adverbumokra. Tanulja meg, hogyan \u00edrja le a f\u0151neveket megfelel\u0151 mell\u00e9kn\u00e9vi meg\u00e1llapod\u00e1ssal, \u00e9s hogyan haszn\u00e1ljon hat\u00e1roz\u00f3szavakat az ig\u00e9k, mell\u00e9knevek \u00e9s egy\u00e9b hat\u00e1roz\u00f3szavak m\u00f3dos\u00edt\u00e1s\u00e1ra.<\/p>\n\n\n\n<h3 class=\"wp-block-heading\" id=\"h-3-verbs-and-tenses\">3. Ig\u00e9k \u00e9s igeid\u0151k:<\/h3>\n\n\n\n<p>Saj\u00e1t\u00edtsa el a rendszeres \u00e9s szab\u00e1lytalan ig\u00e9k ragoz\u00e1s\u00e1t a jelen, a m\u00falt \u00e9s a j\u00f6v\u0151 id\u0151ben. A fesz\u00fclt \u00f6sszehasonl\u00edt\u00e1s meg\u00e9rt\u00e9se seg\u00edt kifejezni a k\u00fcl\u00f6nb\u00f6z\u0151 id\u0151pontokban el\u0151fordul\u00f3 cselekv\u00e9seket vagy esem\u00e9nyeket.<\/p>\n\n\n\n<h3 class=\"wp-block-heading\" id=\"h-4-progressive-and-perfect-progressive\">4. Progressz\u00edv \u00e9s t\u00f6k\u00e9letes progressz\u00edv:<\/h3>\n\n\n\n<p>A d\u00e1n <a href=\"https:\/\/talkpal.ai\/grammar\/\">nyelvtan<\/a> ezen aspektusai lehet\u0151v\u00e9 teszik a folyamatban l\u00e9v\u0151 cselekv\u00e9sek vagy esem\u00e9nyek \u00e9s cselekv\u00e9sek le\u00edr\u00e1s\u00e1t, amelyek befejez\u0151dtek, de m\u00e9g mindig relev\u00e1nsak. Ismerje meg a progressz\u00edv \u00e9s t\u00f6k\u00e9letes progressz\u00edv id\u0151kben haszn\u00e1lt megfelel\u0151 igealakokat \u00e9s seg\u00e9dig\u00e9ket.<\/p>\n\n\n\n<h3 class=\"wp-block-heading\" id=\"h-5-prepositions\">5. El\u00f6lj\u00e1r\u00f3szavak:<\/h3>\n\n\n\n<p>Tanulm\u00e1nyozza a prepoz\u00edci\u00f3k haszn\u00e1lat\u00e1t a szavak k\u00f6z\u00f6tti kapcsolatok kifejez\u00e9s\u00e9re, p\u00e9ld\u00e1ul hely, ir\u00e1ny, id\u0151 \u00e9s ok.<\/p>\n\n\n\n<h3 class=\"wp-block-heading\" id=\"h-6-sentences\">6. Mondatok:<\/h3>\n\n\n\n<p>Tanulja meg egyszer\u0171 \u00e9s \u00f6sszetett mondatok fel\u00e9p\u00edt\u00e9s\u00e9t a helyes sz\u00f3rend haszn\u00e1lat\u00e1val, <a href=\"https:\/\/talkpal.ai\/locations\/language-courses-in-ami\/\">ami<\/a> elengedhetetlen a vil\u00e1gos \u00e9s hat\u00e9kony d\u00e1n kommunik\u00e1ci\u00f3hoz.<\/p>\n\n\n\n<h3 class=\"wp-block-heading\" id=\"h-7-conditionals\">7. Felt\u00e9telek:<\/h3>\n\n\n\n<p>V\u00e9g\u00fcl ismerkedjen meg a d\u00e1nul haszn\u00e1lt k\u00fcl\u00f6nb\u00f6z\u0151 t\u00edpus\u00fa felt\u00e9telekkel a hipotetikus helyzetek \u00e9s azok k\u00f6vetkezm\u00e9nyeinek kifejez\u00e9s\u00e9re.<\/p>\n\n\n\n<p>Ezt a sorrendet k\u00f6vetve szisztematikusan fel\u00e9p\u00edtheti a d\u00e1n nyelvtan ismereteit, \u00e9s fejlesztheti a nyelv hat\u00e9kony kommunik\u00e1ci\u00f3j\u00e1hoz sz\u00fcks\u00e9ges k\u00e9szs\u00e9geket. Ne felejtsen el rendszeresen gyakorolni, \u00e9s a lehet\u0151 legnagyobb m\u00e9rt\u00e9kben mer\u00fclj\u00f6n el a nyelvben a legjobb eredm\u00e9nyek el\u00e9r\u00e9se \u00e9rdek\u00e9ben.<\/p>\n<\/div><\/div>\n\r\n<section class=\"learnNavigationSection\">\r\n            \r\n        <a href=\"https:\/\/talkpal.ai\/hu\/tanulj-danul\/\">\r\n            <div class=\"learnNavigationWrapper\">\r\n                <div class=\"learnNavigationContent\">\r\n                    <img decoding=\"async\" src=\"https:\/\/talkpal.ai\/wp-content\/uploads\/2024\/08\/Danish.jpg\" alt=\"Danish Flag\">\r\n                    <div>\r\n                        <h4>A d\u00e1n tanul\u00e1sr\u00f3l<\/h4>\r\n                        <p>Tudjon meg mindent a d\u00e1n nyelvtanr\u00f3l.<\/p>\r\n                    <\/div>\r\n                <\/div>\r\n            <\/div>\r\n        <\/a>\r\n\r\n        \r\n        <a href=\"https:\/\/talkpal.ai\/hu\/dan-nyelvtan\/\">\r\n            <div class=\"learnNavigationWrapper\">\r\n                <div class=\"learnNavigationContent\">\r\n                    <img decoding=\"async\" src=\"https:\/\/talkpal.ai\/wp-content\/uploads\/2024\/08\/Danish.jpg\" alt=\"Danish Flag\">\r\n                    <div>\r\n                        <h4>D\u00e1n nyelvtani leck\u00e9k<\/h4>\r\n                        <p>Gyakorolja a d\u00e1n nyelvtant.<\/p>\r\n                    <\/div>\r\n                <\/div>\r\n            <\/div>\r\n        <\/a>\r\n\r\n        \r\n        <a href=\"https:\/\/talkpal.ai\/vocabulary_language\/danish\/\">\r\n            <div class=\"learnNavigationWrapper\">\r\n                <div class=\"learnNavigationContent\">\r\n                    <img decoding=\"async\" src=\"https:\/\/talkpal.ai\/wp-content\/uploads\/2024\/08\/Danish.jpg\" alt=\"Danish Flag\">\r\n                    <div>\r\n                        <h4>D\u00e1n sz\u00f3kincs<\/h4>\r\n                        <p>B\u0151v\u00edtse d\u00e1n sz\u00f3kincs\u00e9t.<\/p>\r\n                    <\/div>\r\n                <\/div>\r\n            <\/div>\r\n        <\/a>\r\n\r\n            <\/section>","protected":false},"excerpt":{"rendered":"<p>D\u00e1n nyelvtani t\u00e9m\u00e1k A d\u00e1n nyelvtanul\u00e1s kifizet\u0151d\u0151 \u00e9s \u00e9lvezetes \u00e9lm\u00e9ny lehet azok sz\u00e1m\u00e1ra, akik \u00e9rdekl\u0151dnek D\u00e1nia gazdag kult\u00far\u00e1j\u00e1nak \u00e9s t\u00f6rt\u00e9nelm\u00e9nek felfedez\u00e9se ir\u00e1nt. \u00c9szak-germ\u00e1n nyelvk\u00e9nt a d\u00e1n sok hasonl\u00f3s\u00e1got mutat m\u00e1s skandin\u00e1v nyelvekkel, p\u00e9ld\u00e1ul a sv\u00e9ddel \u00e9s a norv\u00e9gdal. A d\u00e1n nyelv elsaj\u00e1t\u00edt\u00e1s\u00e1val lehet\u0151s\u00e9get ny\u00edlik az anyanyelvi besz\u00e9l\u0151kkel val\u00f3 kapcsolatfelv\u00e9telre, a d\u00e1n irodalom \u00e9lvezet\u00e9re \u00e9s a [&hellip;]<\/p>\n","protected":false},"author":6,"featured_media":110914,"parent":0,"menu_order":0,"comment_status":"closed","ping_status":"closed","template":"LearningContentPage.php","meta":{"_acf_changed":false,"footnotes":""},"class_list":["post-163324","page","type-page","status-publish","has-post-thumbnail","hentry"],"acf":[],"yoast_head":"<!-- This site is optimized with the Yoast SEO Premium plugin v27.2 (Yoast SEO v27.2) - https:\/\/yoast.com\/product\/yoast-seo-premium-wordpress\/ -->\n<title>D\u00e1n nyelvtani gyakorlatok - Talkpal<\/title>\n<meta name=\"description\" content=\"Fejtse ki a d\u00e1n nyelvtani gyakorlatok titkait, hogy fejleszthesse nyelvtud\u00e1s\u00e1t \u00e9s hat\u00e9konyan kapcsol\u00f3djon a d\u00e1n kult\u00far\u00e1hoz.\" \/>\n<meta name=\"robots\" content=\"index, follow, max-snippet:-1, max-image-preview:large, max-video-preview:-1\" \/>\n<link rel=\"canonical\" href=\"https:\/\/talkpal.ai\/hu\/dan-nyelvtani-gyakorlatok\/\" \/>\n<meta property=\"og:locale\" content=\"hu_HU\" \/>\n<meta property=\"og:type\" content=\"article\" \/>\n<meta property=\"og:title\" content=\"D\u00e1n nyelvtani gyakorlatok\" \/>\n<meta property=\"og:description\" content=\"D\u00e1n nyelvtani t\u00e9m\u00e1k A d\u00e1n nyelvtanul\u00e1s kifizet\u0151d\u0151 \u00e9s \u00e9lvezetes \u00e9lm\u00e9ny lehet azok sz\u00e1m\u00e1ra, akik \u00e9rdekl\u0151dnek D\u00e1nia gazdag kult\u00far\u00e1j\u00e1nak \u00e9s t\u00f6rt\u00e9nelm\u00e9nek\" \/>\n<meta property=\"og:url\" content=\"https:\/\/talkpal.ai\/hu\/dan-nyelvtani-gyakorlatok\/\" \/>\n<meta property=\"og:site_name\" content=\"Talkpal\" \/>\n<meta property=\"article:publisher\" content=\"https:\/\/www.facebook.com\/profile.php?id=100090733639311\" \/>\n<meta property=\"article:modified_time\" content=\"2025-12-17T16:31:49+00:00\" \/>\n<meta property=\"og:image\" content=\"https:\/\/talkpal.ai\/wp-content\/uploads\/2023\/05\/denmark.png\" \/>\n\t<meta property=\"og:image:width\" content=\"512\" \/>\n\t<meta property=\"og:image:height\" content=\"512\" \/>\n\t<meta property=\"og:image:type\" content=\"image\/png\" \/>\n<meta name=\"twitter:card\" content=\"summary_large_image\" \/>\n<meta name=\"twitter:site\" content=\"@talkpalai\" \/>\n<meta name=\"twitter:label1\" content=\"Becs\u00fclt olvas\u00e1si id\u0151\" \/>\n\t<meta name=\"twitter:data1\" content=\"3 perc\" \/>\n<script type=\"application\/ld+json\" class=\"yoast-schema-graph\">{\"@context\":\"https:\/\/schema.org\",\"@graph\":[{\"@type\":\"WebPage\",\"@id\":\"https:\/\/talkpal.ai\/hu\/dan-nyelvtani-gyakorlatok\/\",\"url\":\"https:\/\/talkpal.ai\/hu\/dan-nyelvtani-gyakorlatok\/\",\"name\":\"D\u00e1n nyelvtani gyakorlatok - Talkpal\",\"isPartOf\":{\"@id\":\"https:\/\/talkpal.ai\/hu\/#website\"},\"primaryImageOfPage\":{\"@id\":\"https:\/\/talkpal.ai\/hu\/dan-nyelvtani-gyakorlatok\/#primaryimage\"},\"image\":{\"@id\":\"https:\/\/talkpal.ai\/hu\/dan-nyelvtani-gyakorlatok\/#primaryimage\"},\"thumbnailUrl\":\"https:\/\/talkpal.ai\/wp-content\/uploads\/2023\/05\/denmark.png\",\"datePublished\":\"2023-06-16T13:19:10+00:00\",\"dateModified\":\"2025-12-17T16:31:49+00:00\",\"description\":\"Fejtse ki a d\u00e1n nyelvtani gyakorlatok titkait, hogy fejleszthesse nyelvtud\u00e1s\u00e1t \u00e9s hat\u00e9konyan kapcsol\u00f3djon a d\u00e1n kult\u00far\u00e1hoz.\",\"breadcrumb\":{\"@id\":\"https:\/\/talkpal.ai\/hu\/dan-nyelvtani-gyakorlatok\/#breadcrumb\"},\"inLanguage\":\"hu\",\"potentialAction\":[{\"@type\":\"ReadAction\",\"target\":[\"https:\/\/talkpal.ai\/hu\/dan-nyelvtani-gyakorlatok\/\"]}]},{\"@type\":\"ImageObject\",\"inLanguage\":\"hu\",\"@id\":\"https:\/\/talkpal.ai\/hu\/dan-nyelvtani-gyakorlatok\/#primaryimage\",\"url\":\"https:\/\/talkpal.ai\/wp-content\/uploads\/2023\/05\/denmark.png\",\"contentUrl\":\"https:\/\/talkpal.ai\/wp-content\/uploads\/2023\/05\/denmark.png\",\"width\":512,\"height\":512},{\"@type\":\"BreadcrumbList\",\"@id\":\"https:\/\/talkpal.ai\/hu\/dan-nyelvtani-gyakorlatok\/#breadcrumb\",\"itemListElement\":[{\"@type\":\"ListItem\",\"position\":1,\"name\":\"Homepage\",\"item\":\"https:\/\/talkpal.ai\/hu\/\"},{\"@type\":\"ListItem\",\"position\":2,\"name\":\"D\u00e1n nyelvtani gyakorlatok\"}]},{\"@type\":\"WebSite\",\"@id\":\"https:\/\/talkpal.ai\/hu\/#website\",\"url\":\"https:\/\/talkpal.ai\/hu\/\",\"name\":\"Talkpal\",\"description\":\"AI Language Learning\",\"publisher\":{\"@id\":\"https:\/\/talkpal.ai\/hu\/#organization\"},\"alternateName\":\"Talkpal AI\",\"potentialAction\":[{\"@type\":\"SearchAction\",\"target\":{\"@type\":\"EntryPoint\",\"urlTemplate\":\"https:\/\/talkpal.ai\/hu\/?s={search_term_string}\"},\"query-input\":{\"@type\":\"PropertyValueSpecification\",\"valueRequired\":true,\"valueName\":\"search_term_string\"}}],\"inLanguage\":\"hu\"},{\"@type\":\"Organization\",\"@id\":\"https:\/\/talkpal.ai\/hu\/#organization\",\"name\":\"Talkpal, Inc.\",\"alternateName\":\"Talkpal AI\",\"url\":\"https:\/\/talkpal.ai\/hu\/\",\"logo\":{\"@type\":\"ImageObject\",\"inLanguage\":\"hu\",\"@id\":\"https:\/\/talkpal.ai\/hu\/#\/schema\/logo\/image\/\",\"url\":\"https:\/\/talkpal.ai\/wp-content\/uploads\/2024\/03\/Talkpal-Logo-Icon.png\",\"contentUrl\":\"https:\/\/talkpal.ai\/wp-content\/uploads\/2024\/03\/Talkpal-Logo-Icon.png\",\"width\":2880,\"height\":2880,\"caption\":\"Talkpal, Inc.\"},\"image\":{\"@id\":\"https:\/\/talkpal.ai\/hu\/#\/schema\/logo\/image\/\"},\"sameAs\":[\"https:\/\/www.facebook.com\/profile.php?id=100090733639311\",\"https:\/\/x.com\/talkpalai\",\"https:\/\/www.linkedin.com\/company\/talkpal\/\",\"https:\/\/www.youtube.com\/@TalkPal\/\",\"https:\/\/www.tiktok.com\/@talkpal\",\"https:\/\/www.instagram.com\/talkpal_ai\/\",\"https:\/\/www.crunchbase.com\/organization\/talkpal-9cde\",\"https:\/\/www.g2.com\/products\/talkpal-for-business\/\",\"https:\/\/www.trustpilot.com\/review\/talkpal.ai\",\"https:\/\/www.capterra.com\/p\/10006800\/TalkPal\/\"],\"description\":\"Talkpal is a language learning web and mobile education app, powered by the latest AI technologies, that provides engaging experiences to its customers in many different languages to help them improve their language skills. Users can chat about unlimited amount of topics with the app and use other modes to practice their language learning.\",\"email\":\"support@talkpal.ai\",\"legalName\":\"Talkpal, Inc.\",\"foundingDate\":\"2023-04-03\",\"duns\":\"118989042\",\"numberOfEmployees\":{\"@type\":\"QuantitativeValue\",\"minValue\":\"11\",\"maxValue\":\"50\"},\"publishingPrinciples\":\"https:\/\/talkpal.ai\/publishing-principles\/\",\"actionableFeedbackPolicy\":\"https:\/\/talkpal.ai\/actionable-feedback-policy\/\",\"correctionsPolicy\":\"https:\/\/talkpal.ai\/corrections-policy\/\",\"ethicsPolicy\":\"https:\/\/talkpal.ai\/ethics-policy\/\",\"diversityPolicy\":\"https:\/\/talkpal.ai\/diversity-policy\/\",\"diversityStaffingReport\":\"https:\/\/talkpal.ai\/diversity-policy\/\"}]}<\/script>\n<!-- \/ Yoast SEO Premium plugin. -->","yoast_head_json":{"title":"D\u00e1n nyelvtani gyakorlatok - Talkpal","description":"Fejtse ki a d\u00e1n nyelvtani gyakorlatok titkait, hogy fejleszthesse nyelvtud\u00e1s\u00e1t \u00e9s hat\u00e9konyan kapcsol\u00f3djon a d\u00e1n kult\u00far\u00e1hoz.","robots":{"index":"index","follow":"follow","max-snippet":"max-snippet:-1","max-image-preview":"max-image-preview:large","max-video-preview":"max-video-preview:-1"},"canonical":"https:\/\/talkpal.ai\/hu\/dan-nyelvtani-gyakorlatok\/","og_locale":"hu_HU","og_type":"article","og_title":"D\u00e1n nyelvtani gyakorlatok","og_description":"D\u00e1n nyelvtani t\u00e9m\u00e1k A d\u00e1n nyelvtanul\u00e1s kifizet\u0151d\u0151 \u00e9s \u00e9lvezetes \u00e9lm\u00e9ny lehet azok sz\u00e1m\u00e1ra, akik \u00e9rdekl\u0151dnek D\u00e1nia gazdag kult\u00far\u00e1j\u00e1nak \u00e9s t\u00f6rt\u00e9nelm\u00e9nek","og_url":"https:\/\/talkpal.ai\/hu\/dan-nyelvtani-gyakorlatok\/","og_site_name":"Talkpal","article_publisher":"https:\/\/www.facebook.com\/profile.php?id=100090733639311","article_modified_time":"2025-12-17T16:31:49+00:00","og_image":[{"width":512,"height":512,"url":"https:\/\/talkpal.ai\/wp-content\/uploads\/2023\/05\/denmark.png","type":"image\/png"}],"twitter_card":"summary_large_image","twitter_site":"@talkpalai","twitter_misc":{"Becs\u00fclt olvas\u00e1si id\u0151":"3 perc"},"schema":{"@context":"https:\/\/schema.org","@graph":[{"@type":"WebPage","@id":"https:\/\/talkpal.ai\/hu\/dan-nyelvtani-gyakorlatok\/","url":"https:\/\/talkpal.ai\/hu\/dan-nyelvtani-gyakorlatok\/","name":"D\u00e1n nyelvtani gyakorlatok - Talkpal","isPartOf":{"@id":"https:\/\/talkpal.ai\/hu\/#website"},"primaryImageOfPage":{"@id":"https:\/\/talkpal.ai\/hu\/dan-nyelvtani-gyakorlatok\/#primaryimage"},"image":{"@id":"https:\/\/talkpal.ai\/hu\/dan-nyelvtani-gyakorlatok\/#primaryimage"},"thumbnailUrl":"https:\/\/talkpal.ai\/wp-content\/uploads\/2023\/05\/denmark.png","datePublished":"2023-06-16T13:19:10+00:00","dateModified":"2025-12-17T16:31:49+00:00","description":"Fejtse ki a d\u00e1n nyelvtani gyakorlatok titkait, hogy fejleszthesse nyelvtud\u00e1s\u00e1t \u00e9s hat\u00e9konyan kapcsol\u00f3djon a d\u00e1n kult\u00far\u00e1hoz.","breadcrumb":{"@id":"https:\/\/talkpal.ai\/hu\/dan-nyelvtani-gyakorlatok\/#breadcrumb"},"inLanguage":"hu","potentialAction":[{"@type":"ReadAction","target":["https:\/\/talkpal.ai\/hu\/dan-nyelvtani-gyakorlatok\/"]}]},{"@type":"ImageObject","inLanguage":"hu","@id":"https:\/\/talkpal.ai\/hu\/dan-nyelvtani-gyakorlatok\/#primaryimage","url":"https:\/\/talkpal.ai\/wp-content\/uploads\/2023\/05\/denmark.png","contentUrl":"https:\/\/talkpal.ai\/wp-content\/uploads\/2023\/05\/denmark.png","width":512,"height":512},{"@type":"BreadcrumbList","@id":"https:\/\/talkpal.ai\/hu\/dan-nyelvtani-gyakorlatok\/#breadcrumb","itemListElement":[{"@type":"ListItem","position":1,"name":"Homepage","item":"https:\/\/talkpal.ai\/hu\/"},{"@type":"ListItem","position":2,"name":"D\u00e1n nyelvtani gyakorlatok"}]},{"@type":"WebSite","@id":"https:\/\/talkpal.ai\/hu\/#website","url":"https:\/\/talkpal.ai\/hu\/","name":"Talkpal","description":"AI Language Learning","publisher":{"@id":"https:\/\/talkpal.ai\/hu\/#organization"},"alternateName":"Talkpal AI","potentialAction":[{"@type":"SearchAction","target":{"@type":"EntryPoint","urlTemplate":"https:\/\/talkpal.ai\/hu\/?s={search_term_string}"},"query-input":{"@type":"PropertyValueSpecification","valueRequired":true,"valueName":"search_term_string"}}],"inLanguage":"hu"},{"@type":"Organization","@id":"https:\/\/talkpal.ai\/hu\/#organization","name":"Talkpal, Inc.","alternateName":"Talkpal AI","url":"https:\/\/talkpal.ai\/hu\/","logo":{"@type":"ImageObject","inLanguage":"hu","@id":"https:\/\/talkpal.ai\/hu\/#\/schema\/logo\/image\/","url":"https:\/\/talkpal.ai\/wp-content\/uploads\/2024\/03\/Talkpal-Logo-Icon.png","contentUrl":"https:\/\/talkpal.ai\/wp-content\/uploads\/2024\/03\/Talkpal-Logo-Icon.png","width":2880,"height":2880,"caption":"Talkpal, Inc."},"image":{"@id":"https:\/\/talkpal.ai\/hu\/#\/schema\/logo\/image\/"},"sameAs":["https:\/\/www.facebook.com\/profile.php?id=100090733639311","https:\/\/x.com\/talkpalai","https:\/\/www.linkedin.com\/company\/talkpal\/","https:\/\/www.youtube.com\/@TalkPal\/","https:\/\/www.tiktok.com\/@talkpal","https:\/\/www.instagram.com\/talkpal_ai\/","https:\/\/www.crunchbase.com\/organization\/talkpal-9cde","https:\/\/www.g2.com\/products\/talkpal-for-business\/","https:\/\/www.trustpilot.com\/review\/talkpal.ai","https:\/\/www.capterra.com\/p\/10006800\/TalkPal\/"],"description":"Talkpal is a language learning web and mobile education app, powered by the latest AI technologies, that provides engaging experiences to its customers in many different languages to help them improve their language skills. Users can chat about unlimited amount of topics with the app and use other modes to practice their language learning.","email":"support@talkpal.ai","legalName":"Talkpal, Inc.","foundingDate":"2023-04-03","duns":"118989042","numberOfEmployees":{"@type":"QuantitativeValue","minValue":"11","maxValue":"50"},"publishingPrinciples":"https:\/\/talkpal.ai\/publishing-principles\/","actionableFeedbackPolicy":"https:\/\/talkpal.ai\/actionable-feedback-policy\/","correctionsPolicy":"https:\/\/talkpal.ai\/corrections-policy\/","ethicsPolicy":"https:\/\/talkpal.ai\/ethics-policy\/","diversityPolicy":"https:\/\/talkpal.ai\/diversity-policy\/","diversityStaffingReport":"https:\/\/talkpal.ai\/diversity-policy\/"}]}},"_links":{"self":[{"href":"https:\/\/talkpal.ai\/hu\/wp-json\/wp\/v2\/pages\/163324","targetHints":{"allow":["GET"]}}],"collection":[{"href":"https:\/\/talkpal.ai\/hu\/wp-json\/wp\/v2\/pages"}],"about":[{"href":"https:\/\/talkpal.ai\/hu\/wp-json\/wp\/v2\/types\/page"}],"author":[{"embeddable":true,"href":"https:\/\/talkpal.ai\/hu\/wp-json\/wp\/v2\/users\/6"}],"replies":[{"embeddable":true,"href":"https:\/\/talkpal.ai\/hu\/wp-json\/wp\/v2\/comments?post=163324"}],"version-history":[{"count":0,"href":"https:\/\/talkpal.ai\/hu\/wp-json\/wp\/v2\/pages\/163324\/revisions"}],"wp:featuredmedia":[{"embeddable":true,"href":"https:\/\/talkpal.ai\/hu\/wp-json\/wp\/v2\/media\/110914"}],"wp:attachment":[{"href":"https:\/\/talkpal.ai\/hu\/wp-json\/wp\/v2\/media?parent=163324"}],"curies":[{"name":"wp","href":"https:\/\/api.w.org\/{rel}","templated":true}]}}