{"id":163033,"date":"2023-06-16T13:25:56","date_gmt":"2023-06-16T13:25:56","guid":{"rendered":"http:\/\/talkpal.ai\/eszt-nyelvtani-gyakorlatok\/"},"modified":"2025-12-17T15:57:56","modified_gmt":"2025-12-17T15:57:56","slug":"eszt-nyelvtani-gyakorlatok","status":"publish","type":"page","link":"https:\/\/talkpal.ai\/hu\/eszt-nyelvtani-gyakorlatok\/","title":{"rendered":"\u00c9szt nyelvtani gyakorlatok"},"content":{"rendered":"\r\n\r\n\r\n<section class=\"languageChallengeSection\">\r\n    <div class=\"languageInfoWrapper\">\r\n        \r\n        <h1>\u00c9szt nyelvtani gyakorlatok<\/h1>\r\n        <p>Az <a href=\"https:\/\/talkpal.ai\/learn-estonian\/\">\u00e9szt<\/a> nyelvet szeretn\u00e9 elsaj\u00e1t\u00edtani? A c\u00e9lzott nyelvtani gyakorlatok t\u00f6k\u00e9letesek a mondatszerkezet, az igealakok \u00e9s az <a href=\"https:\/\/talkpal.ai\/learn-estonian\/\">\u00e9szt<\/a> nyelvben egyed\u00fcl\u00e1ll\u00f3 kulcsmint\u00e1k meg\u00e9rt\u00e9s\u00e9hez. Kezdje el gyakorolni az \u00e9szt nyelvtant m\u00e9g ma, \u00e9s figyelje, ahogy k\u00e9szs\u00e9gei \u00e9s \u00f6nbizalma minden egyes foglalkoz\u00e1ssal n\u0151!<\/p>\r\n\r\n                            <a class=\"getStartedHidden\" href=\"https:\/\/app.talkpal.ai\/hu\/signup?lng=\">Kezdj\u00fck<\/a>\r\n        \r\n    <\/div>\r\n\r\n    <figure>\r\n    <img decoding=\"async\" width=\"768\" height=\"768\" src=\"https:\/\/talkpal.ai\/wp-content\/uploads\/2023\/06\/Estonian-768x768.png\" class=\"languageImage no-lazy\" alt=\"Secret tricks of language learning\" fetchpriority=\"high\" sizes=\"(max-width: 768px) 150px, 768px\" srcset=\"https:\/\/talkpal.ai\/wp-content\/uploads\/2023\/06\/Estonian-768x768.png 768w, https:\/\/talkpal.ai\/wp-content\/uploads\/2023\/06\/Estonian-300x300.png 300w\" \/>\r\n    \r\n\r\n    <\/figure>\r\n\r\n            <a class=\"getStartedVisible\" href=\"https:\/\/app.talkpal.ai\/hu\/signup?lng=\">Kezdj\u00fck<\/a>\r\n    \r\n<\/section>\r\n\r\n\r\n<!-- <section class=\"grammarSection\">\r\n    <div class=\"grammarLinks\">\r\n            <\/div>\r\n<\/section> -->\r\n\r\n\r\n\r\n\r\n<section class=\"promotionalBanner\">\r\n    <p class=\"promotionalText\">A nyelvtanul\u00e1s leghat\u00e9konyabb m\u00f3dja<\/p>\r\n    <a class=\"promotionalLink\" href=\"https:\/\/app.talkpal.ai\/hu\/signup?lng=\">Pr\u00f3b\u00e1lja ki a Talkpal ingyen<\/a>\r\n<\/section>\n<div class=\"wp-block-group pageContainerStyle\"><div class=\"wp-block-group__inner-container is-layout-constrained wp-block-group-is-layout-constrained\">\n<h2 class=\"wp-block-heading\" id=\"h-estonian-grammar-topics\">\u00c9szt nyelvtani t\u00e9m\u00e1k<\/h2>\n\n\n\n<p>Egy \u00faj nyelv tanul\u00e1sa izgalmas \u00e9s kifizet\u0151d\u0151 utaz\u00e1s lehet, amely \u00faj lehet\u0151s\u00e9geket nyit meg a szem\u00e9lyes fejl\u0151d\u00e9sre, a kultur\u00e1lis felfedez\u00e9sre \u00e9s a szakmai el\u0151rel\u00e9p\u00e9sre. Az \u00e9szt, mint ur\u00e1li nyelv, egyed\u00fcl\u00e1ll\u00f3 \u00e9s leny\u0171g\u00f6z\u0151 nyelvi \u00e9lm\u00e9nyt ny\u00fajt azoknak a tanul\u00f3knak, akik jobban ismerik az indoeur\u00f3pai nyelveket. \u00d6sszetett nyelvtani rendszer\u00e9vel \u00e9s gazdag sz\u00f3kincs\u00e9vel az \u00e9szt nyelv kih\u00edv\u00e1st jelent\u0151 \u00e9s vonz\u00f3 lehet\u0151s\u00e9get k\u00edn\u00e1l a <a href=\"https:\/\/talkpal.ai\/talkpal-discount-for-language-enthusiasts\/\">nyelvrajong\u00f3k<\/a> sz\u00e1m\u00e1ra. Ahhoz, hogy a legt\u00f6bbet hozhassa ki az \u00e9szt nyelvtanul\u00e1sb\u00f3l, elengedhetetlen a struktur\u00e1lt megk\u00f6zel\u00edt\u00e9s, amely a nyelvtani t\u00e9m\u00e1kra \u00f6sszpontos\u00edt egy olyan sorrendben, amely seg\u00edt szil\u00e1rd alapot \u00e9p\u00edteni \u00e9s fokozatosan fejleszteni k\u00e9szs\u00e9geit.<\/p>\n\n\n\n<h3 class=\"wp-block-heading\" id=\"h-1-nouns-and-pronouns-determiners\">1. F\u0151nevek \u00e9s n\u00e9vm\u00e1sok\/determin\u00e1nsok:<\/h3>\n\n\n\n<p>Kezdje az \u00e9szt f\u0151nevek alapjainak megtanul\u00e1s\u00e1val, bele\u00e9rtve ragoz\u00e1sukat \u00e9s eseteiket. Ismerkedjen meg a n\u00e9vm\u00e1sokkal \u00e9s determin\u00e1nsokkal, amelyek ugyanolyan form\u00e1j\u00faak, mint a f\u0151nevek, mivel elengedhetetlenek az egyszer\u0171 mondatok fel\u00e9p\u00edt\u00e9s\u00e9hez.<\/p>\n\n\n\n<h3 class=\"wp-block-heading\" id=\"h-2-adjectives-and-adverbs\">2. Mell\u00e9knevek \u00e9s hat\u00e1roz\u00f3sz\u00f3k:<\/h3>\n\n\n\n<p>L\u00e9pjen tov\u00e1bb a mell\u00e9knevekre, megtanulva, hogyan \u00e9rtenek egyet az \u00e1ltaluk m\u00f3dos\u00edtott f\u0151nevekkel, \u00e9s hogyan utas\u00edts\u00e1k el \u0151ket. A hat\u00e1roz\u00f3sz\u00f3k, amelyek tov\u00e1bbi inform\u00e1ci\u00f3kat ny\u00fajtanak az ig\u00e9kr\u0151l, mell\u00e9knevekr\u0151l \u00e9s m\u00e1s hat\u00e1roz\u00f3sz\u00f3kr\u00f3l, seg\u00edtenek \u00f6sszetettebb \u00e9s le\u00edr\u00f3 mondatok l\u00e9trehoz\u00e1s\u00e1ban.<\/p>\n\n\n\n<h3 class=\"wp-block-heading\" id=\"h-3-verbs\">3. Ig\u00e9k:<\/h3>\n\n\n\n<p>Az \u00e9szt igeragoz\u00e1s bonyolult lehet, de elengedhetetlen a nyelv elsaj\u00e1t\u00edt\u00e1s\u00e1hoz. Tanulm\u00e1nyozza az ig\u00e9k k\u00fcl\u00f6nb\u00f6z\u0151 t\u00edpusait, ragoz\u00e1si mint\u00e1it \u00e9s a k\u00fcl\u00f6nb\u00f6z\u0151 igeideket a jelen, a m\u00falt \u00e9s a j\u00f6v\u0151 cselekedeteinek \u00e9s esem\u00e9nyeinek kifejez\u00e9s\u00e9re.<\/p>\n\n\n\n<h3 class=\"wp-block-heading\" id=\"h-4-tenses-and-tense-comparison\">4. Igeid\u0151k \u00e9s fesz\u00fclts\u00e9gek \u00f6sszehasonl\u00edt\u00e1sa:<\/h3>\n\n\n\n<p>M\u00e9ly\u00edtse el az igeid\u0151k meg\u00e9rt\u00e9s\u00e9t az\u00e1ltal, hogy \u00f6sszehasonl\u00edtja haszn\u00e1latukat k\u00fcl\u00f6nb\u00f6z\u0151 kontextusokban. Ez seg\u00edt kiv\u00e1lasztani a megfelel\u0151 id\u0151t, hogy pontosan k\u00f6zvet\u00edtse a k\u00edv\u00e1nt jelent\u00e9st.<\/p>\n\n\n\n<h3 class=\"wp-block-heading\" id=\"h-5-progressive-and-perfect-progressive\">5. Progressz\u00edv \u00e9s t\u00f6k\u00e9letes progressz\u00edv:<\/h3>\n\n\n\n<p>Az \u00e9szt ig\u00e9k ezen aspektusai folyamatos vagy folyamatos cselekv\u00e9seket fejeznek ki. Tanulja meg, hogyan alak\u00edthatja ki \u00e9s haszn\u00e1lhatja \u0151ket, hogy \u00e1rnyalja a kommunik\u00e1ci\u00f3t.<\/p>\n\n\n\n<h3 class=\"wp-block-heading\" id=\"h-6-articles\">6. Cikkek:<\/h3>\n\n\n\n<p>Az \u00e9sztben nincsenek hat\u00e1rozott vagy hat\u00e1rozatlan n\u00e9vel\u0151k, mint az angolban, de elengedhetetlen annak meg\u00e9rt\u00e9se, hogyan lehet ugyanazt a jelent\u00e9st m\u00e1s nyelvi eszk\u00f6z\u00f6kkel k\u00f6zvet\u00edteni.<\/p>\n\n\n\n<h3 class=\"wp-block-heading\" id=\"h-7-prepositions\">7. El\u00f6lj\u00e1r\u00f3szavak:<\/h3>\n\n\n\n<p>Tanuljon \u00e9szt el\u00f6lj\u00e1r\u00f3szavakat a mondat szavai k\u00f6z\u00f6tti kapcsolatok kifejez\u00e9s\u00e9re, p\u00e9ld\u00e1ul a hely, az ir\u00e1ny \u00e9s az id\u0151.<\/p>\n\n\n\n<h3 class=\"wp-block-heading\" id=\"h-8-conditionals\">8. Felt\u00e9telek:<\/h3>\n\n\n\n<p>Saj\u00e1t\u00edtsa el a felt\u00e9teles hangulatot, hogy hipotetikus helyzeteket vagy cselekv\u00e9seket fejezzen ki bizonyos k\u00f6r\u00fclm\u00e9nyekt\u0151l f\u00fcgg\u0151en.<\/p>\n\n\n\n<h3 class=\"wp-block-heading\" id=\"h-9-sentences\">9. Mondatok:<\/h3>\n\n\n\n<p>V\u00e9g\u00fcl gyakorolja a k\u00fcl\u00f6nb\u00f6z\u0151 t\u00edpus\u00fa mondatok &#8211; egyszer\u0171, \u00f6sszetett \u00e9s \u00f6sszetett &#8211; fel\u00e9p\u00edt\u00e9s\u00e9t az \u00f6sszes megtanult nyelvtani t\u00e9ma felhaszn\u00e1l\u00e1s\u00e1val. Ez seg\u00edt foly\u00e9konyabb\u00e1 \u00e9s magabiztosabb\u00e1 v\u00e1lni \u00e9szt kommunik\u00e1ci\u00f3s k\u00e9szs\u00e9geiben.<\/p>\n<\/div><\/div>\n\r\n<section class=\"learnNavigationSection\">\r\n            \r\n        <a href=\"https:\/\/talkpal.ai\/hu\/tanulj-esztul\/\">\r\n            <div class=\"learnNavigationWrapper\">\r\n                <div class=\"learnNavigationContent\">\r\n                    <img decoding=\"async\" src=\"https:\/\/talkpal.ai\/wp-content\/uploads\/2024\/08\/Estonian.jpg\" alt=\"Estonian Flag\">\r\n                    <div>\r\n                        <h4>Az \u00e9szt tanul\u00e1sr\u00f3l<\/h4>\r\n                        <p>Tudjon meg mindent az \u00e9szt nyelvtanr\u00f3l.<\/p>\r\n                    <\/div>\r\n                <\/div>\r\n            <\/div>\r\n        <\/a>\r\n\r\n        \r\n        <a href=\"https:\/\/talkpal.ai\/hu\/eszt-nyelvtan\/\">\r\n            <div class=\"learnNavigationWrapper\">\r\n                <div class=\"learnNavigationContent\">\r\n                    <img decoding=\"async\" src=\"https:\/\/talkpal.ai\/wp-content\/uploads\/2024\/08\/Estonian.jpg\" alt=\"Estonian Flag\">\r\n                    <div>\r\n                        <h4>\u00c9szt nyelvtani leck\u00e9k<\/h4>\r\n                        <p>Gyakorolja az \u00e9szt nyelvtant.<\/p>\r\n                    <\/div>\r\n                <\/div>\r\n            <\/div>\r\n        <\/a>\r\n\r\n        \r\n        <a href=\"https:\/\/talkpal.ai\/vocabulary_language\/estonian\/\">\r\n            <div class=\"learnNavigationWrapper\">\r\n                <div class=\"learnNavigationContent\">\r\n                    <img decoding=\"async\" src=\"https:\/\/talkpal.ai\/wp-content\/uploads\/2024\/08\/Estonian.jpg\" alt=\"Estonian Flag\">\r\n                    <div>\r\n                        <h4>\u00c9szt sz\u00f3kincs<\/h4>\r\n                        <p>B\u0151v\u00edtse \u00e9szt sz\u00f3kincs\u00e9t.<\/p>\r\n                    <\/div>\r\n                <\/div>\r\n            <\/div>\r\n        <\/a>\r\n\r\n            <\/section>","protected":false},"excerpt":{"rendered":"<p>\u00c9szt nyelvtani t\u00e9m\u00e1k Egy \u00faj nyelv tanul\u00e1sa izgalmas \u00e9s kifizet\u0151d\u0151 utaz\u00e1s lehet, amely \u00faj lehet\u0151s\u00e9geket nyit meg a szem\u00e9lyes fejl\u0151d\u00e9sre, a kultur\u00e1lis felfedez\u00e9sre \u00e9s a szakmai el\u0151rel\u00e9p\u00e9sre. Az \u00e9szt, mint ur\u00e1li nyelv, egyed\u00fcl\u00e1ll\u00f3 \u00e9s leny\u0171g\u00f6z\u0151 nyelvi \u00e9lm\u00e9nyt ny\u00fajt azoknak a tanul\u00f3knak, akik jobban ismerik az indoeur\u00f3pai nyelveket. \u00d6sszetett nyelvtani rendszer\u00e9vel \u00e9s gazdag sz\u00f3kincs\u00e9vel az \u00e9szt [&hellip;]<\/p>\n","protected":false},"author":6,"featured_media":112428,"parent":0,"menu_order":0,"comment_status":"closed","ping_status":"closed","template":"LearningContentPage.php","meta":{"_acf_changed":false,"footnotes":""},"class_list":["post-163033","page","type-page","status-publish","has-post-thumbnail","hentry"],"acf":[],"yoast_head":"<!-- This site is optimized with the Yoast SEO Premium plugin v27.2 (Yoast SEO v27.2) - https:\/\/yoast.com\/product\/yoast-seo-premium-wordpress\/ -->\n<title>\u00c9szt nyelvtani gyakorlatok - Talkpal<\/title>\n<meta name=\"description\" content=\"Gyakorolja az \u00e9szt nyelvtant interakt\u00edv gyakorlatokkal, amelyek c\u00e9lja, hogy gyorsan \u00e9s hat\u00e9konyan fejlessze nyelvtud\u00e1s\u00e1t.\" \/>\n<meta name=\"robots\" content=\"index, follow, max-snippet:-1, max-image-preview:large, max-video-preview:-1\" \/>\n<link rel=\"canonical\" href=\"https:\/\/talkpal.ai\/hu\/eszt-nyelvtani-gyakorlatok\/\" \/>\n<meta property=\"og:locale\" content=\"hu_HU\" \/>\n<meta property=\"og:type\" content=\"article\" \/>\n<meta property=\"og:title\" content=\"\u00c9szt nyelvtani gyakorlatok\" \/>\n<meta property=\"og:description\" content=\"\u00c9szt nyelvtani t\u00e9m\u00e1k Egy \u00faj nyelv tanul\u00e1sa izgalmas \u00e9s kifizet\u0151d\u0151 utaz\u00e1s lehet, amely \u00faj lehet\u0151s\u00e9geket nyit meg a szem\u00e9lyes fejl\u0151d\u00e9sre, a kultur\u00e1lis\" \/>\n<meta property=\"og:url\" content=\"https:\/\/talkpal.ai\/hu\/eszt-nyelvtani-gyakorlatok\/\" \/>\n<meta property=\"og:site_name\" content=\"Talkpal\" \/>\n<meta property=\"article:publisher\" content=\"https:\/\/www.facebook.com\/profile.php?id=100090733639311\" \/>\n<meta property=\"article:modified_time\" content=\"2025-12-17T15:57:56+00:00\" \/>\n<meta property=\"og:image\" content=\"https:\/\/talkpal.ai\/wp-content\/uploads\/2023\/05\/estonia.png\" \/>\n\t<meta property=\"og:image:width\" content=\"512\" \/>\n\t<meta property=\"og:image:height\" content=\"512\" \/>\n\t<meta property=\"og:image:type\" content=\"image\/png\" \/>\n<meta name=\"twitter:card\" content=\"summary_large_image\" \/>\n<meta name=\"twitter:site\" content=\"@talkpalai\" \/>\n<meta name=\"twitter:label1\" content=\"Becs\u00fclt olvas\u00e1si id\u0151\" \/>\n\t<meta name=\"twitter:data1\" content=\"3 perc\" \/>\n<script type=\"application\/ld+json\" class=\"yoast-schema-graph\">{\"@context\":\"https:\/\/schema.org\",\"@graph\":[{\"@type\":\"WebPage\",\"@id\":\"https:\/\/talkpal.ai\/hu\/eszt-nyelvtani-gyakorlatok\/\",\"url\":\"https:\/\/talkpal.ai\/hu\/eszt-nyelvtani-gyakorlatok\/\",\"name\":\"\u00c9szt nyelvtani gyakorlatok - Talkpal\",\"isPartOf\":{\"@id\":\"https:\/\/talkpal.ai\/hu\/#website\"},\"primaryImageOfPage\":{\"@id\":\"https:\/\/talkpal.ai\/hu\/eszt-nyelvtani-gyakorlatok\/#primaryimage\"},\"image\":{\"@id\":\"https:\/\/talkpal.ai\/hu\/eszt-nyelvtani-gyakorlatok\/#primaryimage\"},\"thumbnailUrl\":\"https:\/\/talkpal.ai\/wp-content\/uploads\/2023\/05\/estonia.png\",\"datePublished\":\"2023-06-16T13:25:56+00:00\",\"dateModified\":\"2025-12-17T15:57:56+00:00\",\"description\":\"Gyakorolja az \u00e9szt nyelvtant interakt\u00edv gyakorlatokkal, amelyek c\u00e9lja, hogy gyorsan \u00e9s hat\u00e9konyan fejlessze nyelvtud\u00e1s\u00e1t.\",\"breadcrumb\":{\"@id\":\"https:\/\/talkpal.ai\/hu\/eszt-nyelvtani-gyakorlatok\/#breadcrumb\"},\"inLanguage\":\"hu\",\"potentialAction\":[{\"@type\":\"ReadAction\",\"target\":[\"https:\/\/talkpal.ai\/hu\/eszt-nyelvtani-gyakorlatok\/\"]}]},{\"@type\":\"ImageObject\",\"inLanguage\":\"hu\",\"@id\":\"https:\/\/talkpal.ai\/hu\/eszt-nyelvtani-gyakorlatok\/#primaryimage\",\"url\":\"https:\/\/talkpal.ai\/wp-content\/uploads\/2023\/05\/estonia.png\",\"contentUrl\":\"https:\/\/talkpal.ai\/wp-content\/uploads\/2023\/05\/estonia.png\",\"width\":512,\"height\":512},{\"@type\":\"BreadcrumbList\",\"@id\":\"https:\/\/talkpal.ai\/hu\/eszt-nyelvtani-gyakorlatok\/#breadcrumb\",\"itemListElement\":[{\"@type\":\"ListItem\",\"position\":1,\"name\":\"Homepage\",\"item\":\"https:\/\/talkpal.ai\/hu\/\"},{\"@type\":\"ListItem\",\"position\":2,\"name\":\"\u00c9szt nyelvtani gyakorlatok\"}]},{\"@type\":\"WebSite\",\"@id\":\"https:\/\/talkpal.ai\/hu\/#website\",\"url\":\"https:\/\/talkpal.ai\/hu\/\",\"name\":\"Talkpal\",\"description\":\"AI Language Learning\",\"publisher\":{\"@id\":\"https:\/\/talkpal.ai\/hu\/#organization\"},\"alternateName\":\"Talkpal AI\",\"potentialAction\":[{\"@type\":\"SearchAction\",\"target\":{\"@type\":\"EntryPoint\",\"urlTemplate\":\"https:\/\/talkpal.ai\/hu\/?s={search_term_string}\"},\"query-input\":{\"@type\":\"PropertyValueSpecification\",\"valueRequired\":true,\"valueName\":\"search_term_string\"}}],\"inLanguage\":\"hu\"},{\"@type\":\"Organization\",\"@id\":\"https:\/\/talkpal.ai\/hu\/#organization\",\"name\":\"Talkpal, Inc.\",\"alternateName\":\"Talkpal AI\",\"url\":\"https:\/\/talkpal.ai\/hu\/\",\"logo\":{\"@type\":\"ImageObject\",\"inLanguage\":\"hu\",\"@id\":\"https:\/\/talkpal.ai\/hu\/#\/schema\/logo\/image\/\",\"url\":\"https:\/\/talkpal.ai\/wp-content\/uploads\/2024\/03\/Talkpal-Logo-Icon.png\",\"contentUrl\":\"https:\/\/talkpal.ai\/wp-content\/uploads\/2024\/03\/Talkpal-Logo-Icon.png\",\"width\":2880,\"height\":2880,\"caption\":\"Talkpal, Inc.\"},\"image\":{\"@id\":\"https:\/\/talkpal.ai\/hu\/#\/schema\/logo\/image\/\"},\"sameAs\":[\"https:\/\/www.facebook.com\/profile.php?id=100090733639311\",\"https:\/\/x.com\/talkpalai\",\"https:\/\/www.linkedin.com\/company\/talkpal\/\",\"https:\/\/www.youtube.com\/@TalkPal\/\",\"https:\/\/www.tiktok.com\/@talkpal\",\"https:\/\/www.instagram.com\/talkpal_ai\/\",\"https:\/\/www.crunchbase.com\/organization\/talkpal-9cde\",\"https:\/\/www.g2.com\/products\/talkpal-for-business\/\",\"https:\/\/www.trustpilot.com\/review\/talkpal.ai\",\"https:\/\/www.capterra.com\/p\/10006800\/TalkPal\/\"],\"description\":\"Talkpal is a language learning web and mobile education app, powered by the latest AI technologies, that provides engaging experiences to its customers in many different languages to help them improve their language skills. Users can chat about unlimited amount of topics with the app and use other modes to practice their language learning.\",\"email\":\"support@talkpal.ai\",\"legalName\":\"Talkpal, Inc.\",\"foundingDate\":\"2023-04-03\",\"duns\":\"118989042\",\"numberOfEmployees\":{\"@type\":\"QuantitativeValue\",\"minValue\":\"11\",\"maxValue\":\"50\"},\"publishingPrinciples\":\"https:\/\/talkpal.ai\/publishing-principles\/\",\"actionableFeedbackPolicy\":\"https:\/\/talkpal.ai\/actionable-feedback-policy\/\",\"correctionsPolicy\":\"https:\/\/talkpal.ai\/corrections-policy\/\",\"ethicsPolicy\":\"https:\/\/talkpal.ai\/ethics-policy\/\",\"diversityPolicy\":\"https:\/\/talkpal.ai\/diversity-policy\/\",\"diversityStaffingReport\":\"https:\/\/talkpal.ai\/diversity-policy\/\"}]}<\/script>\n<!-- \/ Yoast SEO Premium plugin. -->","yoast_head_json":{"title":"\u00c9szt nyelvtani gyakorlatok - Talkpal","description":"Gyakorolja az \u00e9szt nyelvtant interakt\u00edv gyakorlatokkal, amelyek c\u00e9lja, hogy gyorsan \u00e9s hat\u00e9konyan fejlessze nyelvtud\u00e1s\u00e1t.","robots":{"index":"index","follow":"follow","max-snippet":"max-snippet:-1","max-image-preview":"max-image-preview:large","max-video-preview":"max-video-preview:-1"},"canonical":"https:\/\/talkpal.ai\/hu\/eszt-nyelvtani-gyakorlatok\/","og_locale":"hu_HU","og_type":"article","og_title":"\u00c9szt nyelvtani gyakorlatok","og_description":"\u00c9szt nyelvtani t\u00e9m\u00e1k Egy \u00faj nyelv tanul\u00e1sa izgalmas \u00e9s kifizet\u0151d\u0151 utaz\u00e1s lehet, amely \u00faj lehet\u0151s\u00e9geket nyit meg a szem\u00e9lyes fejl\u0151d\u00e9sre, a kultur\u00e1lis","og_url":"https:\/\/talkpal.ai\/hu\/eszt-nyelvtani-gyakorlatok\/","og_site_name":"Talkpal","article_publisher":"https:\/\/www.facebook.com\/profile.php?id=100090733639311","article_modified_time":"2025-12-17T15:57:56+00:00","og_image":[{"width":512,"height":512,"url":"https:\/\/talkpal.ai\/wp-content\/uploads\/2023\/05\/estonia.png","type":"image\/png"}],"twitter_card":"summary_large_image","twitter_site":"@talkpalai","twitter_misc":{"Becs\u00fclt olvas\u00e1si id\u0151":"3 perc"},"schema":{"@context":"https:\/\/schema.org","@graph":[{"@type":"WebPage","@id":"https:\/\/talkpal.ai\/hu\/eszt-nyelvtani-gyakorlatok\/","url":"https:\/\/talkpal.ai\/hu\/eszt-nyelvtani-gyakorlatok\/","name":"\u00c9szt nyelvtani gyakorlatok - Talkpal","isPartOf":{"@id":"https:\/\/talkpal.ai\/hu\/#website"},"primaryImageOfPage":{"@id":"https:\/\/talkpal.ai\/hu\/eszt-nyelvtani-gyakorlatok\/#primaryimage"},"image":{"@id":"https:\/\/talkpal.ai\/hu\/eszt-nyelvtani-gyakorlatok\/#primaryimage"},"thumbnailUrl":"https:\/\/talkpal.ai\/wp-content\/uploads\/2023\/05\/estonia.png","datePublished":"2023-06-16T13:25:56+00:00","dateModified":"2025-12-17T15:57:56+00:00","description":"Gyakorolja az \u00e9szt nyelvtant interakt\u00edv gyakorlatokkal, amelyek c\u00e9lja, hogy gyorsan \u00e9s hat\u00e9konyan fejlessze nyelvtud\u00e1s\u00e1t.","breadcrumb":{"@id":"https:\/\/talkpal.ai\/hu\/eszt-nyelvtani-gyakorlatok\/#breadcrumb"},"inLanguage":"hu","potentialAction":[{"@type":"ReadAction","target":["https:\/\/talkpal.ai\/hu\/eszt-nyelvtani-gyakorlatok\/"]}]},{"@type":"ImageObject","inLanguage":"hu","@id":"https:\/\/talkpal.ai\/hu\/eszt-nyelvtani-gyakorlatok\/#primaryimage","url":"https:\/\/talkpal.ai\/wp-content\/uploads\/2023\/05\/estonia.png","contentUrl":"https:\/\/talkpal.ai\/wp-content\/uploads\/2023\/05\/estonia.png","width":512,"height":512},{"@type":"BreadcrumbList","@id":"https:\/\/talkpal.ai\/hu\/eszt-nyelvtani-gyakorlatok\/#breadcrumb","itemListElement":[{"@type":"ListItem","position":1,"name":"Homepage","item":"https:\/\/talkpal.ai\/hu\/"},{"@type":"ListItem","position":2,"name":"\u00c9szt nyelvtani gyakorlatok"}]},{"@type":"WebSite","@id":"https:\/\/talkpal.ai\/hu\/#website","url":"https:\/\/talkpal.ai\/hu\/","name":"Talkpal","description":"AI Language Learning","publisher":{"@id":"https:\/\/talkpal.ai\/hu\/#organization"},"alternateName":"Talkpal AI","potentialAction":[{"@type":"SearchAction","target":{"@type":"EntryPoint","urlTemplate":"https:\/\/talkpal.ai\/hu\/?s={search_term_string}"},"query-input":{"@type":"PropertyValueSpecification","valueRequired":true,"valueName":"search_term_string"}}],"inLanguage":"hu"},{"@type":"Organization","@id":"https:\/\/talkpal.ai\/hu\/#organization","name":"Talkpal, Inc.","alternateName":"Talkpal AI","url":"https:\/\/talkpal.ai\/hu\/","logo":{"@type":"ImageObject","inLanguage":"hu","@id":"https:\/\/talkpal.ai\/hu\/#\/schema\/logo\/image\/","url":"https:\/\/talkpal.ai\/wp-content\/uploads\/2024\/03\/Talkpal-Logo-Icon.png","contentUrl":"https:\/\/talkpal.ai\/wp-content\/uploads\/2024\/03\/Talkpal-Logo-Icon.png","width":2880,"height":2880,"caption":"Talkpal, Inc."},"image":{"@id":"https:\/\/talkpal.ai\/hu\/#\/schema\/logo\/image\/"},"sameAs":["https:\/\/www.facebook.com\/profile.php?id=100090733639311","https:\/\/x.com\/talkpalai","https:\/\/www.linkedin.com\/company\/talkpal\/","https:\/\/www.youtube.com\/@TalkPal\/","https:\/\/www.tiktok.com\/@talkpal","https:\/\/www.instagram.com\/talkpal_ai\/","https:\/\/www.crunchbase.com\/organization\/talkpal-9cde","https:\/\/www.g2.com\/products\/talkpal-for-business\/","https:\/\/www.trustpilot.com\/review\/talkpal.ai","https:\/\/www.capterra.com\/p\/10006800\/TalkPal\/"],"description":"Talkpal is a language learning web and mobile education app, powered by the latest AI technologies, that provides engaging experiences to its customers in many different languages to help them improve their language skills. Users can chat about unlimited amount of topics with the app and use other modes to practice their language learning.","email":"support@talkpal.ai","legalName":"Talkpal, Inc.","foundingDate":"2023-04-03","duns":"118989042","numberOfEmployees":{"@type":"QuantitativeValue","minValue":"11","maxValue":"50"},"publishingPrinciples":"https:\/\/talkpal.ai\/publishing-principles\/","actionableFeedbackPolicy":"https:\/\/talkpal.ai\/actionable-feedback-policy\/","correctionsPolicy":"https:\/\/talkpal.ai\/corrections-policy\/","ethicsPolicy":"https:\/\/talkpal.ai\/ethics-policy\/","diversityPolicy":"https:\/\/talkpal.ai\/diversity-policy\/","diversityStaffingReport":"https:\/\/talkpal.ai\/diversity-policy\/"}]}},"_links":{"self":[{"href":"https:\/\/talkpal.ai\/hu\/wp-json\/wp\/v2\/pages\/163033","targetHints":{"allow":["GET"]}}],"collection":[{"href":"https:\/\/talkpal.ai\/hu\/wp-json\/wp\/v2\/pages"}],"about":[{"href":"https:\/\/talkpal.ai\/hu\/wp-json\/wp\/v2\/types\/page"}],"author":[{"embeddable":true,"href":"https:\/\/talkpal.ai\/hu\/wp-json\/wp\/v2\/users\/6"}],"replies":[{"embeddable":true,"href":"https:\/\/talkpal.ai\/hu\/wp-json\/wp\/v2\/comments?post=163033"}],"version-history":[{"count":0,"href":"https:\/\/talkpal.ai\/hu\/wp-json\/wp\/v2\/pages\/163033\/revisions"}],"wp:featuredmedia":[{"embeddable":true,"href":"https:\/\/talkpal.ai\/hu\/wp-json\/wp\/v2\/media\/112428"}],"wp:attachment":[{"href":"https:\/\/talkpal.ai\/hu\/wp-json\/wp\/v2\/media?parent=163033"}],"curies":[{"name":"wp","href":"https:\/\/api.w.org\/{rel}","templated":true}]}}