{"id":162749,"date":"2023-06-21T14:01:18","date_gmt":"2023-06-21T14:01:18","guid":{"rendered":"http:\/\/talkpal.ai\/galiciai-nyelvtani-gyakorlatok\/"},"modified":"2025-12-17T15:59:45","modified_gmt":"2025-12-17T15:59:45","slug":"galiciai-nyelvtani-gyakorlatok","status":"publish","type":"page","link":"https:\/\/talkpal.ai\/hu\/galiciai-nyelvtani-gyakorlatok\/","title":{"rendered":"Gal\u00edciai nyelvtani gyakorlatok"},"content":{"rendered":"\r\n\r\n\r\n<section class=\"languageChallengeSection\">\r\n    <div class=\"languageInfoWrapper\">\r\n        \r\n        <h1>Gal\u00edciai nyelvtani gyakorlatok<\/h1>\r\n        <p>Szeretn\u00e9d felfriss\u00edteni <a href=\"https:\/\/talkpal.ai\/learn-galician\/\">gal\u00edciai<\/a> nyelvtud\u00e1sodat? A nyelvtani gyakorlatok gyakorl\u00e1sa remek m\u00f3dja a mondatszerkezet, az igealakok \u00e9s a <a href=\"https:\/\/talkpal.ai\/learn-galician\/\">gal\u00edciai<\/a> nyelv saj\u00e1toss\u00e1gainak elsaj\u00e1t\u00edt\u00e1s\u00e1nak. Kezdjen el dolgozni a gal\u00edciai nyelvtanon m\u00e9g ma, \u00e9s n\u00e9zze, ahogy a meg\u00e9rt\u00e9se \u00e9s az \u00f6nbizalma minden egyes gyakorlattal n\u0151!<\/p>\r\n\r\n                            <a class=\"getStartedHidden\" href=\"https:\/\/app.talkpal.ai\/hu\/signup?lng=\">Kezdj\u00fck<\/a>\r\n        \r\n    <\/div>\r\n\r\n    <figure>\r\n    <img decoding=\"async\" width=\"768\" height=\"768\" src=\"https:\/\/talkpal.ai\/wp-content\/uploads\/2023\/06\/galician-768x768.png\" class=\"languageImage no-lazy\" alt=\"Language immersion powerful learning method\" fetchpriority=\"high\" sizes=\"(max-width: 768px) 150px, 768px\" srcset=\"https:\/\/talkpal.ai\/wp-content\/uploads\/2023\/06\/galician-768x768.png 768w, https:\/\/talkpal.ai\/wp-content\/uploads\/2023\/06\/galician-300x300.png 300w\" \/>\r\n    \r\n\r\n    <\/figure>\r\n\r\n            <a class=\"getStartedVisible\" href=\"https:\/\/app.talkpal.ai\/hu\/signup?lng=\">Kezdj\u00fck<\/a>\r\n    \r\n<\/section>\r\n\r\n\r\n<!-- <section class=\"grammarSection\">\r\n    <div class=\"grammarLinks\">\r\n            <\/div>\r\n<\/section> -->\r\n\r\n\r\n\r\n\r\n<section class=\"promotionalBanner\">\r\n    <p class=\"promotionalText\">A nyelvtanul\u00e1s leghat\u00e9konyabb m\u00f3dja<\/p>\r\n    <a class=\"promotionalLink\" href=\"https:\/\/app.talkpal.ai\/hu\/signup?lng=\">Pr\u00f3b\u00e1lja ki a Talkpal ingyen<\/a>\r\n<\/section>\n<div class=\"wp-block-group pageContainerStyle\"><div class=\"wp-block-group__inner-container is-layout-constrained wp-block-group-is-layout-constrained\">\n<h2 class=\"wp-block-heading\" id=\"h-galician-grammar-topics\">Gal\u00edciai nyelvtani t\u00e9m\u00e1k<\/h2>\n\n\n\n<p>A <a href=\"https:\/\/talkpal.ai\/galician-grammar\/\">gal\u00edciai nyelvtan<\/a> a gal\u00edciai nyelv nyelvi szerkezet\u00e9nek, szab\u00e1lyainak \u00e9s \u00f6sszetev\u0151inek tanulm\u00e1nyoz\u00e1sa, amely egy \u00fajlatin nyelv, amelyet Spanyolorsz\u00e1g \u00e9szaknyugati r\u00e9sz\u00e9n, Gal\u00edcia auton\u00f3m k\u00f6z\u00f6ss\u00e9g\u00e9ben besz\u00e9lnek. A portug\u00e1lnal szoros kapcsolatban \u00e1ll\u00f3 gal\u00edciai <a href=\"https:\/\/talkpal.ai\/grammar\/\">nyelvtan<\/a> k\u00fcl\u00f6nb\u00f6z\u0151 elemekb\u0151l \u00e1ll, amelyek seg\u00edtik a nyelv kialakul\u00e1s\u00e1t \u00e9s meg\u00e9rt\u00e9s\u00e9t, mint p\u00e9ld\u00e1ul az igeragoz\u00e1s, a f\u0151n\u00e9v \u00e9s a mell\u00e9kn\u00e9vi meg\u00e1llapod\u00e1s, valamint a cikkek, n\u00e9vm\u00e1sok, hat\u00e1roz\u00f3szavak \u00e9s el\u00f6lj\u00e1r\u00f3szavak haszn\u00e1lata. A gal\u00edciai nyelvtan struktur\u00e1lt tanul\u00e1sa biztos\u00edtja a z\u00f6kken\u0151mentes \u00e9s hat\u00e9kony tanul\u00e1si folyamatot, mik\u00f6zben m\u00e9lyen meg\u00e9rti ezt a gazdag \u00e9s \u00e9l\u00e9nk nyelvet.<\/p>\n\n\n\n<h3 class=\"wp-block-heading\" id=\"h-1-nouns\">1. F\u0151nevek:<\/h3>\n\n\n\n<p>Kezdj\u00fck a gal\u00edciai f\u0151nevek fogalm\u00e1nak meg\u00e9rt\u00e9s\u00e9vel, amelyek k\u00e9t nembe sorolhat\u00f3k (f\u00e9rfias \u00e9s n\u0151ies), \u00e9s lehetnek egyes vagy t\u00f6bbes sz\u00e1mban. Tanulja meg, hogyan kell azonos\u00edtani \u00e9s helyesen haszn\u00e1lni \u0151ket mondatokban.<\/p>\n\n\n\n<h3 class=\"wp-block-heading\" id=\"h-2-articles\">2. Cikkek:<\/h3>\n\n\n\n<p>Tanulm\u00e1nyozza a gal\u00edciai hat\u00e1rozott \u00e9s hat\u00e1rozatlan cikkeket, amelyek nem\u00fckben \u00e9s sz\u00e1mukban megegyeznek az \u00e1ltaluk k\u00eds\u00e9rt f\u0151nevekkel. Ez seg\u00edt a kifejez\u00e9sek \u00e9s az alapvet\u0151 mondatok hat\u00e9konyabb kialak\u00edt\u00e1s\u00e1ban.<\/p>\n\n\n\n<h3 class=\"wp-block-heading\" id=\"h-3-adjectives\">3. Mell\u00e9knevek:<\/h3>\n\n\n\n<p>Ismerje meg a gal\u00edciai mell\u00e9kneveket, amelyek nem\u00fckben \u00e9s sz\u00e1mukban megegyeznek az \u00e1ltaluk m\u00f3dos\u00edtott f\u0151nevekkel. Az elhelyez\u00e9si \u00e9s meg\u00e1llapod\u00e1si szab\u00e1lyok meg\u00e9rt\u00e9se lehet\u0151v\u00e9 teszi az objektumok \u00e9s emberek pontos le\u00edr\u00e1s\u00e1t.<\/p>\n\n\n\n<h3 class=\"wp-block-heading\" id=\"h-4-pronouns-determiners\">4. N\u00e9vm\u00e1sok\/determin\u00e1nsok:<\/h3>\n\n\n\n<p>Tanulm\u00e1nyozza a gal\u00edciai n\u00e9vm\u00e1sok \u00e9s determin\u00e1nsok k\u00fcl\u00f6nb\u00f6z\u0151 t\u00edpusait, amelyek helyettes\u00edthetik vagy jelezhetik a f\u0151neveket egy mondatban. Ez mag\u00e1ban foglalja t\u00f6bbek k\u00f6z\u00f6tt a szem\u00e9lyes, demonstrat\u00edv, birtokos \u00e9s k\u00e9rd\u0151 n\u00e9vm\u00e1sokat.<\/p>\n\n\n\n<h3 class=\"wp-block-heading\" id=\"h-5-verbs\">5. Ig\u00e9k:<\/h3>\n\n\n\n<p>\u00d6sszpontos\u00edtson az igeragoz\u00e1sra, amely a gal\u00edciai nyelvtan kulcsfontoss\u00e1g\u00fa szempontja. Tanulja meg a k\u00fcl\u00f6nb\u00f6z\u0151 igeid\u0151t \u00e9s hangulatokat, \u00e9s gyakorolja a szab\u00e1lyos \u00e9s szab\u00e1lytalan ig\u00e9k ragoz\u00e1s\u00e1t.<\/p>\n\n\n\n<h3 class=\"wp-block-heading\" id=\"h-6-tense-comparison\">6. Fesz\u00fclt \u00f6sszehasonl\u00edt\u00e1s:<\/h3>\n\n\n\n<p>\u00c9rtsd meg a gal\u00edciai k\u00fcl\u00f6nb\u00f6z\u0151 igeid\u0151k k\u00f6z\u00f6tti k\u00fcl\u00f6nbs\u00e9geket, \u00e9s tanuld meg, hogyan kell helyesen haszn\u00e1lni \u0151ket a megfelel\u0151 id\u0151referencia k\u00f6zvet\u00edt\u00e9s\u00e9hez besz\u00e9dedben vagy \u00edr\u00e1sodban.<\/p>\n\n\n\n<h3 class=\"wp-block-heading\" id=\"h-7-progressive\">7. Progressz\u00edv:<\/h3>\n\n\n\n<p>Tanulm\u00e1nyozza a gal\u00edciai progressz\u00edv aspektust, amely folyamatos cselekv\u00e9st jelez, \u00e9s megtanulja, hogyan kell kialak\u00edtani \u00e9s haszn\u00e1lni k\u00fcl\u00f6nb\u00f6z\u0151 id\u0151kkel.<\/p>\n\n\n\n<h3 class=\"wp-block-heading\" id=\"h-8-perfect-progressive\">8. T\u00f6k\u00e9letes progressz\u00edv:<\/h3>\n\n\n\n<p>Ismerje meg a t\u00f6k\u00e9letes progressz\u00edv aspektust, amely egyes\u00edti a t\u00f6k\u00e9letes \u00e9s progressz\u00edv aspektusokat, hogy kifejezze a folyamatban l\u00e9v\u0151 \u00e9s a j\u00f6v\u0151ben folytat\u00f3d\u00f3 cselekv\u00e9st.<\/p>\n\n\n\n<h3 class=\"wp-block-heading\" id=\"h-9-adverbs\">9. Hat\u00e1roz\u00f3sz\u00f3k:<\/h3>\n\n\n\n<p>Fedezze fel a gal\u00edciai hat\u00e1roz\u00f3szavakat, amelyek tov\u00e1bbi inform\u00e1ci\u00f3kat ny\u00fajtanak az ig\u00e9kr\u0151l, mell\u00e9knevekr\u0151l vagy m\u00e1s hat\u00e1roz\u00f3sz\u00f3kr\u00f3l. Ismerje meg a k\u00fcl\u00f6nb\u00f6z\u0151 t\u00edpusokat \u00e9s elhelyez\u00e9si szab\u00e1lyaikat mondatokban.<\/p>\n\n\n\n<h3 class=\"wp-block-heading\" id=\"h-10-prepositions\">10. El\u00f6lj\u00e1r\u00f3szavak:<\/h3>\n\n\n\n<p>Tanulm\u00e1nyozd a gal\u00edciai nyelv k\u00fcl\u00f6nb\u00f6z\u0151 el\u00f6lj\u00e1r\u00f3szavait, amelyek megmutatj\u00e1k a mondat elemei k\u00f6z\u00f6tti kapcsolatot, p\u00e9ld\u00e1ul a helyet, az ir\u00e1nyt, az id\u0151t vagy az okot.<\/p>\n\n\n\n<h3 class=\"wp-block-heading\" id=\"h-11-conditionals\">11. Felt\u00e9telek:<\/h3>\n\n\n\n<p>Ismerje meg a gal\u00edciai felt\u00e9teles mondatokat, amelyek hipotetikus vagy irre\u00e1lis helyzeteket \u00e9s azok k\u00f6vetkezm\u00e9nyeit fejezik ki. Tanulm\u00e1nyozza a k\u00fcl\u00f6nb\u00f6z\u0151 t\u00edpus\u00fa felt\u00e9telek kialakul\u00e1s\u00e1t \u00e9s haszn\u00e1lat\u00e1t.<\/p>\n\n\n\n<h3 class=\"wp-block-heading\" id=\"h-12-sentences\">12. Mondatok:<\/h3>\n\n\n\n<p>V\u00e9g\u00fcl gyakorolja az \u00f6sszes kor\u00e1bban megtanult nyelvtani \u00f6sszetev\u0151 kombin\u00e1l\u00e1s\u00e1t, hogy egyszer\u0171 \u00e9s \u00f6sszetett mondatokat alkosson <a href=\"https:\/\/talkpal.ai\/hu\/tanulj-galiciai-nyelven\/\">gal\u00edciai nyelven<\/a>. Ez seg\u00edt meger\u0151s\u00edteni a nyelv meg\u00e9rt\u00e9s\u00e9t \u00e9s a foly\u00e9konys\u00e1g ki\u00e9p\u00edt\u00e9s\u00e9t.<\/p>\n<\/div><\/div>\n\r\n<section class=\"learnNavigationSection\">\r\n            \r\n        <a href=\"https:\/\/talkpal.ai\/hu\/tanulj-galiciai-nyelven\/\">\r\n            <div class=\"learnNavigationWrapper\">\r\n                <div class=\"learnNavigationContent\">\r\n                    <img decoding=\"async\" src=\"https:\/\/talkpal.ai\/wp-content\/uploads\/2024\/08\/Galician.jpg\" alt=\"Galicia Flag\">\r\n                    <div>\r\n                        <h4>A gal\u00edciai tanul\u00e1sr\u00f3l<\/h4>\r\n                        <p>Tudjon meg mindent a gal\u00edciai nyelvtanr\u00f3l.<\/p>\r\n                    <\/div>\r\n                <\/div>\r\n            <\/div>\r\n        <\/a>\r\n\r\n        \r\n        <a href=\"https:\/\/talkpal.ai\/hu\/galiciai-nyelvtan\/\">\r\n            <div class=\"learnNavigationWrapper\">\r\n                <div class=\"learnNavigationContent\">\r\n                    <img decoding=\"async\" src=\"https:\/\/talkpal.ai\/wp-content\/uploads\/2024\/08\/Galician.jpg\" alt=\"Galicia Flag\">\r\n                    <div>\r\n                        <h4>Gal\u00edciai nyelvtan leck\u00e9k<\/h4>\r\n                        <p>Gyakorold a gal\u00edciai nyelvtant.<\/p>\r\n                    <\/div>\r\n                <\/div>\r\n            <\/div>\r\n        <\/a>\r\n\r\n        \r\n        <a href=\"https:\/\/talkpal.ai\/vocabulary_language\/galician\/\">\r\n            <div class=\"learnNavigationWrapper\">\r\n                <div class=\"learnNavigationContent\">\r\n                    <img decoding=\"async\" src=\"https:\/\/talkpal.ai\/wp-content\/uploads\/2024\/08\/Galician.jpg\" alt=\"Galicia Flag\">\r\n                    <div>\r\n                        <h4>Gal\u00edciai sz\u00f3kincs<\/h4>\r\n                        <p>B\u0151v\u00edtse gal\u00edciai sz\u00f3kincs\u00e9t.<\/p>\r\n                    <\/div>\r\n                <\/div>\r\n            <\/div>\r\n        <\/a>\r\n\r\n            <\/section>","protected":false},"excerpt":{"rendered":"<p>Gal\u00edciai nyelvtani t\u00e9m\u00e1k A gal\u00edciai nyelvtan a gal\u00edciai nyelv nyelvi szerkezet\u00e9nek, szab\u00e1lyainak \u00e9s \u00f6sszetev\u0151inek tanulm\u00e1nyoz\u00e1sa, amely egy \u00fajlatin nyelv, amelyet Spanyolorsz\u00e1g \u00e9szaknyugati r\u00e9sz\u00e9n, Gal\u00edcia auton\u00f3m k\u00f6z\u00f6ss\u00e9g\u00e9ben besz\u00e9lnek. A portug\u00e1lnal szoros kapcsolatban \u00e1ll\u00f3 gal\u00edciai nyelvtan k\u00fcl\u00f6nb\u00f6z\u0151 elemekb\u0151l \u00e1ll, amelyek seg\u00edtik a nyelv kialakul\u00e1s\u00e1t \u00e9s meg\u00e9rt\u00e9s\u00e9t, mint p\u00e9ld\u00e1ul az igeragoz\u00e1s, a f\u0151n\u00e9v \u00e9s a mell\u00e9kn\u00e9vi meg\u00e1llapod\u00e1s, valamint [&hellip;]<\/p>\n","protected":false},"author":6,"featured_media":111942,"parent":0,"menu_order":0,"comment_status":"closed","ping_status":"closed","template":"LearningContentPage.php","meta":{"_acf_changed":false,"footnotes":""},"class_list":["post-162749","page","type-page","status-publish","has-post-thumbnail","hentry"],"acf":[],"yoast_head":"<!-- This site is optimized with the Yoast SEO Premium plugin v27.2 (Yoast SEO v27.2) - https:\/\/yoast.com\/product\/yoast-seo-premium-wordpress\/ -->\n<title>Gal\u00edciai nyelvtani gyakorlatok - Talkpal<\/title>\n<meta name=\"description\" content=\"Gyakorolja a gal\u00edciai nyelvtant k\u00f6nnyed\u00e9n - fejl\u0151dj\u00f6n gyorsan, vegyen r\u00e9szt vil\u00e1gos interakt\u00edv gyakorlatokban, \u00e9s szerezzen magabiztos nyelvtud\u00e1st.\" \/>\n<meta name=\"robots\" content=\"index, follow, max-snippet:-1, max-image-preview:large, max-video-preview:-1\" \/>\n<link rel=\"canonical\" href=\"https:\/\/talkpal.ai\/hu\/galiciai-nyelvtani-gyakorlatok\/\" \/>\n<meta property=\"og:locale\" content=\"hu_HU\" \/>\n<meta property=\"og:type\" content=\"article\" \/>\n<meta property=\"og:title\" content=\"Gal\u00edciai nyelvtani gyakorlatok\" \/>\n<meta property=\"og:description\" content=\"Gal\u00edciai nyelvtani t\u00e9m\u00e1k A gal\u00edciai nyelvtan a gal\u00edciai nyelv nyelvi szerkezet\u00e9nek, szab\u00e1lyainak \u00e9s \u00f6sszetev\u0151inek tanulm\u00e1nyoz\u00e1sa, amely egy \u00fajlatin nyelv,\" \/>\n<meta property=\"og:url\" content=\"https:\/\/talkpal.ai\/hu\/galiciai-nyelvtani-gyakorlatok\/\" \/>\n<meta property=\"og:site_name\" content=\"Talkpal\" \/>\n<meta property=\"article:publisher\" content=\"https:\/\/www.facebook.com\/profile.php?id=100090733639311\" \/>\n<meta property=\"article:modified_time\" content=\"2025-12-17T15:59:45+00:00\" \/>\n<meta property=\"og:image\" content=\"https:\/\/talkpal.ai\/wp-content\/uploads\/2023\/05\/Galician-spain.png\" \/>\n\t<meta property=\"og:image:width\" content=\"512\" \/>\n\t<meta property=\"og:image:height\" content=\"512\" \/>\n\t<meta property=\"og:image:type\" content=\"image\/png\" \/>\n<meta name=\"twitter:card\" content=\"summary_large_image\" \/>\n<meta name=\"twitter:site\" content=\"@talkpalai\" \/>\n<meta name=\"twitter:label1\" content=\"Becs\u00fclt olvas\u00e1si id\u0151\" \/>\n\t<meta name=\"twitter:data1\" content=\"3 perc\" \/>\n<script type=\"application\/ld+json\" class=\"yoast-schema-graph\">{\"@context\":\"https:\/\/schema.org\",\"@graph\":[{\"@type\":\"WebPage\",\"@id\":\"https:\/\/talkpal.ai\/hu\/galiciai-nyelvtani-gyakorlatok\/\",\"url\":\"https:\/\/talkpal.ai\/hu\/galiciai-nyelvtani-gyakorlatok\/\",\"name\":\"Gal\u00edciai nyelvtani gyakorlatok - Talkpal\",\"isPartOf\":{\"@id\":\"https:\/\/talkpal.ai\/hu\/#website\"},\"primaryImageOfPage\":{\"@id\":\"https:\/\/talkpal.ai\/hu\/galiciai-nyelvtani-gyakorlatok\/#primaryimage\"},\"image\":{\"@id\":\"https:\/\/talkpal.ai\/hu\/galiciai-nyelvtani-gyakorlatok\/#primaryimage\"},\"thumbnailUrl\":\"https:\/\/talkpal.ai\/wp-content\/uploads\/2023\/05\/Galician-spain.png\",\"datePublished\":\"2023-06-21T14:01:18+00:00\",\"dateModified\":\"2025-12-17T15:59:45+00:00\",\"description\":\"Gyakorolja a gal\u00edciai nyelvtant k\u00f6nnyed\u00e9n - fejl\u0151dj\u00f6n gyorsan, vegyen r\u00e9szt vil\u00e1gos interakt\u00edv gyakorlatokban, \u00e9s szerezzen magabiztos nyelvtud\u00e1st.\",\"breadcrumb\":{\"@id\":\"https:\/\/talkpal.ai\/hu\/galiciai-nyelvtani-gyakorlatok\/#breadcrumb\"},\"inLanguage\":\"hu\",\"potentialAction\":[{\"@type\":\"ReadAction\",\"target\":[\"https:\/\/talkpal.ai\/hu\/galiciai-nyelvtani-gyakorlatok\/\"]}]},{\"@type\":\"ImageObject\",\"inLanguage\":\"hu\",\"@id\":\"https:\/\/talkpal.ai\/hu\/galiciai-nyelvtani-gyakorlatok\/#primaryimage\",\"url\":\"https:\/\/talkpal.ai\/wp-content\/uploads\/2023\/05\/Galician-spain.png\",\"contentUrl\":\"https:\/\/talkpal.ai\/wp-content\/uploads\/2023\/05\/Galician-spain.png\",\"width\":512,\"height\":512},{\"@type\":\"BreadcrumbList\",\"@id\":\"https:\/\/talkpal.ai\/hu\/galiciai-nyelvtani-gyakorlatok\/#breadcrumb\",\"itemListElement\":[{\"@type\":\"ListItem\",\"position\":1,\"name\":\"Homepage\",\"item\":\"https:\/\/talkpal.ai\/hu\/\"},{\"@type\":\"ListItem\",\"position\":2,\"name\":\"Gal\u00edciai nyelvtani gyakorlatok\"}]},{\"@type\":\"WebSite\",\"@id\":\"https:\/\/talkpal.ai\/hu\/#website\",\"url\":\"https:\/\/talkpal.ai\/hu\/\",\"name\":\"Talkpal\",\"description\":\"AI Language Learning\",\"publisher\":{\"@id\":\"https:\/\/talkpal.ai\/hu\/#organization\"},\"alternateName\":\"Talkpal AI\",\"potentialAction\":[{\"@type\":\"SearchAction\",\"target\":{\"@type\":\"EntryPoint\",\"urlTemplate\":\"https:\/\/talkpal.ai\/hu\/?s={search_term_string}\"},\"query-input\":{\"@type\":\"PropertyValueSpecification\",\"valueRequired\":true,\"valueName\":\"search_term_string\"}}],\"inLanguage\":\"hu\"},{\"@type\":\"Organization\",\"@id\":\"https:\/\/talkpal.ai\/hu\/#organization\",\"name\":\"Talkpal, Inc.\",\"alternateName\":\"Talkpal AI\",\"url\":\"https:\/\/talkpal.ai\/hu\/\",\"logo\":{\"@type\":\"ImageObject\",\"inLanguage\":\"hu\",\"@id\":\"https:\/\/talkpal.ai\/hu\/#\/schema\/logo\/image\/\",\"url\":\"https:\/\/talkpal.ai\/wp-content\/uploads\/2024\/03\/Talkpal-Logo-Icon.png\",\"contentUrl\":\"https:\/\/talkpal.ai\/wp-content\/uploads\/2024\/03\/Talkpal-Logo-Icon.png\",\"width\":2880,\"height\":2880,\"caption\":\"Talkpal, Inc.\"},\"image\":{\"@id\":\"https:\/\/talkpal.ai\/hu\/#\/schema\/logo\/image\/\"},\"sameAs\":[\"https:\/\/www.facebook.com\/profile.php?id=100090733639311\",\"https:\/\/x.com\/talkpalai\",\"https:\/\/www.linkedin.com\/company\/talkpal\/\",\"https:\/\/www.youtube.com\/@TalkPal\/\",\"https:\/\/www.tiktok.com\/@talkpal\",\"https:\/\/www.instagram.com\/talkpal_ai\/\",\"https:\/\/www.crunchbase.com\/organization\/talkpal-9cde\",\"https:\/\/www.g2.com\/products\/talkpal-for-business\/\",\"https:\/\/www.trustpilot.com\/review\/talkpal.ai\",\"https:\/\/www.capterra.com\/p\/10006800\/TalkPal\/\"],\"description\":\"Talkpal is a language learning web and mobile education app, powered by the latest AI technologies, that provides engaging experiences to its customers in many different languages to help them improve their language skills. Users can chat about unlimited amount of topics with the app and use other modes to practice their language learning.\",\"email\":\"support@talkpal.ai\",\"legalName\":\"Talkpal, Inc.\",\"foundingDate\":\"2023-04-03\",\"duns\":\"118989042\",\"numberOfEmployees\":{\"@type\":\"QuantitativeValue\",\"minValue\":\"11\",\"maxValue\":\"50\"},\"publishingPrinciples\":\"https:\/\/talkpal.ai\/publishing-principles\/\",\"actionableFeedbackPolicy\":\"https:\/\/talkpal.ai\/actionable-feedback-policy\/\",\"correctionsPolicy\":\"https:\/\/talkpal.ai\/corrections-policy\/\",\"ethicsPolicy\":\"https:\/\/talkpal.ai\/ethics-policy\/\",\"diversityPolicy\":\"https:\/\/talkpal.ai\/diversity-policy\/\",\"diversityStaffingReport\":\"https:\/\/talkpal.ai\/diversity-policy\/\"}]}<\/script>\n<!-- \/ Yoast SEO Premium plugin. -->","yoast_head_json":{"title":"Gal\u00edciai nyelvtani gyakorlatok - Talkpal","description":"Gyakorolja a gal\u00edciai nyelvtant k\u00f6nnyed\u00e9n - fejl\u0151dj\u00f6n gyorsan, vegyen r\u00e9szt vil\u00e1gos interakt\u00edv gyakorlatokban, \u00e9s szerezzen magabiztos nyelvtud\u00e1st.","robots":{"index":"index","follow":"follow","max-snippet":"max-snippet:-1","max-image-preview":"max-image-preview:large","max-video-preview":"max-video-preview:-1"},"canonical":"https:\/\/talkpal.ai\/hu\/galiciai-nyelvtani-gyakorlatok\/","og_locale":"hu_HU","og_type":"article","og_title":"Gal\u00edciai nyelvtani gyakorlatok","og_description":"Gal\u00edciai nyelvtani t\u00e9m\u00e1k A gal\u00edciai nyelvtan a gal\u00edciai nyelv nyelvi szerkezet\u00e9nek, szab\u00e1lyainak \u00e9s \u00f6sszetev\u0151inek tanulm\u00e1nyoz\u00e1sa, amely egy \u00fajlatin nyelv,","og_url":"https:\/\/talkpal.ai\/hu\/galiciai-nyelvtani-gyakorlatok\/","og_site_name":"Talkpal","article_publisher":"https:\/\/www.facebook.com\/profile.php?id=100090733639311","article_modified_time":"2025-12-17T15:59:45+00:00","og_image":[{"width":512,"height":512,"url":"https:\/\/talkpal.ai\/wp-content\/uploads\/2023\/05\/Galician-spain.png","type":"image\/png"}],"twitter_card":"summary_large_image","twitter_site":"@talkpalai","twitter_misc":{"Becs\u00fclt olvas\u00e1si id\u0151":"3 perc"},"schema":{"@context":"https:\/\/schema.org","@graph":[{"@type":"WebPage","@id":"https:\/\/talkpal.ai\/hu\/galiciai-nyelvtani-gyakorlatok\/","url":"https:\/\/talkpal.ai\/hu\/galiciai-nyelvtani-gyakorlatok\/","name":"Gal\u00edciai nyelvtani gyakorlatok - Talkpal","isPartOf":{"@id":"https:\/\/talkpal.ai\/hu\/#website"},"primaryImageOfPage":{"@id":"https:\/\/talkpal.ai\/hu\/galiciai-nyelvtani-gyakorlatok\/#primaryimage"},"image":{"@id":"https:\/\/talkpal.ai\/hu\/galiciai-nyelvtani-gyakorlatok\/#primaryimage"},"thumbnailUrl":"https:\/\/talkpal.ai\/wp-content\/uploads\/2023\/05\/Galician-spain.png","datePublished":"2023-06-21T14:01:18+00:00","dateModified":"2025-12-17T15:59:45+00:00","description":"Gyakorolja a gal\u00edciai nyelvtant k\u00f6nnyed\u00e9n - fejl\u0151dj\u00f6n gyorsan, vegyen r\u00e9szt vil\u00e1gos interakt\u00edv gyakorlatokban, \u00e9s szerezzen magabiztos nyelvtud\u00e1st.","breadcrumb":{"@id":"https:\/\/talkpal.ai\/hu\/galiciai-nyelvtani-gyakorlatok\/#breadcrumb"},"inLanguage":"hu","potentialAction":[{"@type":"ReadAction","target":["https:\/\/talkpal.ai\/hu\/galiciai-nyelvtani-gyakorlatok\/"]}]},{"@type":"ImageObject","inLanguage":"hu","@id":"https:\/\/talkpal.ai\/hu\/galiciai-nyelvtani-gyakorlatok\/#primaryimage","url":"https:\/\/talkpal.ai\/wp-content\/uploads\/2023\/05\/Galician-spain.png","contentUrl":"https:\/\/talkpal.ai\/wp-content\/uploads\/2023\/05\/Galician-spain.png","width":512,"height":512},{"@type":"BreadcrumbList","@id":"https:\/\/talkpal.ai\/hu\/galiciai-nyelvtani-gyakorlatok\/#breadcrumb","itemListElement":[{"@type":"ListItem","position":1,"name":"Homepage","item":"https:\/\/talkpal.ai\/hu\/"},{"@type":"ListItem","position":2,"name":"Gal\u00edciai nyelvtani gyakorlatok"}]},{"@type":"WebSite","@id":"https:\/\/talkpal.ai\/hu\/#website","url":"https:\/\/talkpal.ai\/hu\/","name":"Talkpal","description":"AI Language Learning","publisher":{"@id":"https:\/\/talkpal.ai\/hu\/#organization"},"alternateName":"Talkpal AI","potentialAction":[{"@type":"SearchAction","target":{"@type":"EntryPoint","urlTemplate":"https:\/\/talkpal.ai\/hu\/?s={search_term_string}"},"query-input":{"@type":"PropertyValueSpecification","valueRequired":true,"valueName":"search_term_string"}}],"inLanguage":"hu"},{"@type":"Organization","@id":"https:\/\/talkpal.ai\/hu\/#organization","name":"Talkpal, Inc.","alternateName":"Talkpal AI","url":"https:\/\/talkpal.ai\/hu\/","logo":{"@type":"ImageObject","inLanguage":"hu","@id":"https:\/\/talkpal.ai\/hu\/#\/schema\/logo\/image\/","url":"https:\/\/talkpal.ai\/wp-content\/uploads\/2024\/03\/Talkpal-Logo-Icon.png","contentUrl":"https:\/\/talkpal.ai\/wp-content\/uploads\/2024\/03\/Talkpal-Logo-Icon.png","width":2880,"height":2880,"caption":"Talkpal, Inc."},"image":{"@id":"https:\/\/talkpal.ai\/hu\/#\/schema\/logo\/image\/"},"sameAs":["https:\/\/www.facebook.com\/profile.php?id=100090733639311","https:\/\/x.com\/talkpalai","https:\/\/www.linkedin.com\/company\/talkpal\/","https:\/\/www.youtube.com\/@TalkPal\/","https:\/\/www.tiktok.com\/@talkpal","https:\/\/www.instagram.com\/talkpal_ai\/","https:\/\/www.crunchbase.com\/organization\/talkpal-9cde","https:\/\/www.g2.com\/products\/talkpal-for-business\/","https:\/\/www.trustpilot.com\/review\/talkpal.ai","https:\/\/www.capterra.com\/p\/10006800\/TalkPal\/"],"description":"Talkpal is a language learning web and mobile education app, powered by the latest AI technologies, that provides engaging experiences to its customers in many different languages to help them improve their language skills. Users can chat about unlimited amount of topics with the app and use other modes to practice their language learning.","email":"support@talkpal.ai","legalName":"Talkpal, Inc.","foundingDate":"2023-04-03","duns":"118989042","numberOfEmployees":{"@type":"QuantitativeValue","minValue":"11","maxValue":"50"},"publishingPrinciples":"https:\/\/talkpal.ai\/publishing-principles\/","actionableFeedbackPolicy":"https:\/\/talkpal.ai\/actionable-feedback-policy\/","correctionsPolicy":"https:\/\/talkpal.ai\/corrections-policy\/","ethicsPolicy":"https:\/\/talkpal.ai\/ethics-policy\/","diversityPolicy":"https:\/\/talkpal.ai\/diversity-policy\/","diversityStaffingReport":"https:\/\/talkpal.ai\/diversity-policy\/"}]}},"_links":{"self":[{"href":"https:\/\/talkpal.ai\/hu\/wp-json\/wp\/v2\/pages\/162749","targetHints":{"allow":["GET"]}}],"collection":[{"href":"https:\/\/talkpal.ai\/hu\/wp-json\/wp\/v2\/pages"}],"about":[{"href":"https:\/\/talkpal.ai\/hu\/wp-json\/wp\/v2\/types\/page"}],"author":[{"embeddable":true,"href":"https:\/\/talkpal.ai\/hu\/wp-json\/wp\/v2\/users\/6"}],"replies":[{"embeddable":true,"href":"https:\/\/talkpal.ai\/hu\/wp-json\/wp\/v2\/comments?post=162749"}],"version-history":[{"count":0,"href":"https:\/\/talkpal.ai\/hu\/wp-json\/wp\/v2\/pages\/162749\/revisions"}],"wp:featuredmedia":[{"embeddable":true,"href":"https:\/\/talkpal.ai\/hu\/wp-json\/wp\/v2\/media\/111942"}],"wp:attachment":[{"href":"https:\/\/talkpal.ai\/hu\/wp-json\/wp\/v2\/media?parent=162749"}],"curies":[{"name":"wp","href":"https:\/\/api.w.org\/{rel}","templated":true}]}}