{"id":162464,"date":"2023-06-21T14:18:43","date_gmt":"2023-06-21T14:18:43","guid":{"rendered":"http:\/\/talkpal.ai\/gorog-nyelvtani-gyakorlatok\/"},"modified":"2025-12-17T16:04:37","modified_gmt":"2025-12-17T16:04:37","slug":"gorog-nyelvtani-gyakorlatok","status":"publish","type":"page","link":"https:\/\/talkpal.ai\/hu\/gorog-nyelvtani-gyakorlatok\/","title":{"rendered":"G\u00f6r\u00f6g nyelvtani gyakorlatok"},"content":{"rendered":"\r\n\r\n\r\n<section class=\"languageChallengeSection\">\r\n    <div class=\"languageInfoWrapper\">\r\n        \r\n        <h1>G\u00f6r\u00f6g nyelvtani gyakorlatok<\/h1>\r\n        <p>Tegy\u00fck a <a href=\"https:\/\/talkpal.ai\/learn-greek\/\">g\u00f6r\u00f6g<\/a> nyelvtanul\u00e1st sz\u00f3rakoztat\u00f3v\u00e1 \u00e9s k\u00f6nny\u0171v\u00e9! Pr\u00f3b\u00e1lja ki ezeket az egyszer\u0171 gyakorlatokat, hogy gyakorolja a <a href=\"https:\/\/talkpal.ai\/learn-greek\/\">g\u00f6r\u00f6g<\/a> nyelvtan alapjait, \u00e9s kezdje el a nyelvi utaz\u00e1s\u00e1t.<\/p>\r\n\r\n                            <a class=\"getStartedHidden\" href=\"https:\/\/app.talkpal.ai\/hu\/signup?lng=\">Kezdj\u00fck<\/a>\r\n        \r\n    <\/div>\r\n\r\n    <figure>\r\n    <img decoding=\"async\" width=\"768\" height=\"768\" src=\"https:\/\/talkpal.ai\/wp-content\/uploads\/2023\/06\/greek-768x768.png\" class=\"languageImage no-lazy\" alt=\"Language learning to boost personal capability\" fetchpriority=\"high\" sizes=\"(max-width: 768px) 150px, 768px\" srcset=\"https:\/\/talkpal.ai\/wp-content\/uploads\/2023\/06\/greek-768x768.png 768w, https:\/\/talkpal.ai\/wp-content\/uploads\/2023\/06\/greek-300x300.png 300w\" \/>\r\n    \r\n\r\n    <\/figure>\r\n\r\n            <a class=\"getStartedVisible\" href=\"https:\/\/app.talkpal.ai\/hu\/signup?lng=\">Kezdj\u00fck<\/a>\r\n    \r\n<\/section>\r\n\r\n\r\n<!-- <section class=\"grammarSection\">\r\n    <div class=\"grammarLinks\">\r\n            <\/div>\r\n<\/section> -->\r\n\r\n\r\n\r\n\r\n<section class=\"promotionalBanner\">\r\n    <p class=\"promotionalText\">A nyelvtanul\u00e1s leghat\u00e9konyabb m\u00f3dja<\/p>\r\n    <a class=\"promotionalLink\" href=\"https:\/\/app.talkpal.ai\/hu\/signup?lng=\">Pr\u00f3b\u00e1lja ki a Talkpal ingyen<\/a>\r\n<\/section>\n<div class=\"wp-block-group pageContainerStyle\"><div class=\"wp-block-group__inner-container is-layout-constrained wp-block-group-is-layout-constrained\">\n<h2 class=\"wp-block-heading\" id=\"h-greek-grammar-topics\">G\u00f6r\u00f6g nyelvtani t\u00e9m\u00e1k<\/h2>\n\n\n\n<p>A g\u00f6r\u00f6g nyelv tanul\u00e1sa hihetetlen\u00fcl kifizet\u0151d\u0151 \u00e9lm\u00e9ny lehet, mivel kaput nyit a gazdag \u00e9s v\u00e1ltozatos kult\u00far\u00e1hoz, irodalomhoz \u00e9s t\u00f6rt\u00e9nelemhez. A g\u00f6r\u00f6g nyelv egyed\u00fcl\u00e1ll\u00f3 nyelvtani szerkezettel rendelkezik, amelyet leny\u0171g\u00f6z\u0151 lehet felfedezni. A <a href=\"https:\/\/talkpal.ai\/greek-grammar\/\">g\u00f6r\u00f6g nyelvtan<\/a> megismer\u00e9se elengedhetetlen a nyelv elsaj\u00e1t\u00edt\u00e1s\u00e1hoz, mivel lehet\u0151v\u00e9 teszi a hat\u00e9kony \u00e9s pontos kommunik\u00e1ci\u00f3t. <a href=\"https:\/\/talkpal.ai\/culture\/how-do-you-use-the-demonstrative-pronouns-ez-and-az\/\">Ez az<\/a> \u00fatmutat\u00f3 \u00e1ttekint\u00e9st ny\u00fajt n\u00e9h\u00e1ny kulcsfontoss\u00e1g\u00fa g\u00f6r\u00f6g nyelvtani t\u00e9m\u00e1r\u00f3l, a nyelvtanul\u00e1st el\u0151seg\u00edt\u0151 sorrendbe rendezve. Az igeid\u0151kt\u0151l \u00e9s ig\u00e9kt\u0151l az el\u00f6lj\u00e1r\u00f3szavakig \u00e9s mondatokig <a href=\"https:\/\/talkpal.ai\/culture\/how-do-you-use-the-demonstrative-pronouns-ez-and-az\/\">ez az<\/a> \u00fatmutat\u00f3 elind\u00edtja \u00d6nt a g\u00f6r\u00f6g nyelvtud\u00e1s megszerz\u00e9s\u00e9nek \u00fatj\u00e1n.<\/p>\n\n\n\n<h3 class=\"wp-block-heading\" id=\"h-1-nouns\">1. F\u0151nevek:<\/h3>\n\n\n\n<p>A f\u0151nevek <a href=\"https:\/\/talkpal.ai\/languages\/\">minden nyelv<\/a> \u00e9p\u00edt\u0151k\u00f6vei, \u00e9s a g\u00f6r\u00f6g sem kiv\u00e9tel. Emberek, helyek, dolgok vagy \u00f6tletek \u00e1br\u00e1zol\u00e1s\u00e1ra szolg\u00e1lnak. A g\u00f6r\u00f6gben a f\u0151neveknek <a href=\"https:\/\/talkpal.ai\/locations\/language-courses-in-van\/\">van<\/a> nem\u00fck (h\u00edmnem\u0171, n\u0151nem\u0171 vagy ivartalan\u00edtott), sz\u00e1muk (egyes vagy t\u00f6bbes sz\u00e1m) \u00e9s eset\u00fck (alanyeset, birtokos eset, t\u00e1rgyeset vagy megsz\u00f3l\u00edt\u00f3). Ezeknek a tulajdons\u00e1goknak \u00e9s ragoz\u00e1suknak a meg\u00e9rt\u00e9se elengedhetetlen a mondatok kialak\u00edt\u00e1s\u00e1hoz.<\/p>\n\n\n\n<h3 class=\"wp-block-heading\" id=\"h-2-articles\">2. Cikkek:<\/h3>\n\n\n\n<p>A g\u00f6r\u00f6g nyelv\u0171 cikkek elengedhetetlenek a f\u0151n\u00e9v hat\u00e1rozotts\u00e1g\u00e1nak meghat\u00e1roz\u00e1s\u00e1hoz. Egyet\u00e9rtenek a f\u0151n\u00e9vvel nemben, sz\u00e1mban \u00e9s esetben. Vannak hat\u00e1rozott (az &#8222;a&#8221; vagy &#8222;an&#8221;) \u00e9s hat\u00e1rozatlan (az &#8222;a&#8221; vagy &#8222;an&#8221;) cikkek, amelyeket meg kell tanulnod \u00e9s helyesen kell haszn\u00e1lnod.<\/p>\n\n\n\n<h3 class=\"wp-block-heading\" id=\"h-3-adjectives\">3. Mell\u00e9knevek:<\/h3>\n\n\n\n<p>A mell\u00e9knevek le\u00edrj\u00e1k vagy m\u00f3dos\u00edtj\u00e1k a f\u0151neveket, tov\u00e1bbi inform\u00e1ci\u00f3kat szolg\u00e1ltatva tulajdons\u00e1gaikr\u00f3l vagy jellemz\u0151ikr\u0151l. A g\u00f6r\u00f6gben a mell\u00e9knevek megegyeznek az \u00e1ltaluk m\u00f3dos\u00edtott f\u0151nevekkel nemben, sz\u00e1mban \u00e9s kis- \u00e9s nagybet\u0171kben, \u00e9s e tulajdons\u00e1gokt\u00f3l f\u00fcgg\u0151en elt\u00e9r\u0151 ragoz\u00e1suk van.<\/p>\n\n\n\n<h3 class=\"wp-block-heading\" id=\"h-4-pronouns-determiners\">4. N\u00e9vm\u00e1sok\/determin\u00e1nsok:<\/h3>\n\n\n\n<p>A n\u00e9vm\u00e1sokat a f\u0151nevek helyettes\u00edt\u00e9s\u00e9re haszn\u00e1lj\u00e1k, m\u00edg a determin\u00e1nsok meghat\u00e1rozz\u00e1k vagy sz\u00e1mszer\u0171s\u00edtik \u0151ket. A g\u00f6r\u00f6gben mind a n\u00e9vm\u00e1sok, mind a determin\u00e1nsok ragozz\u00e1k a nemet, a sz\u00e1mot \u00e9s az esetet, ak\u00e1rcsak a f\u0151nevek \u00e9s mell\u00e9knevek. N\u00e9h\u00e1ny p\u00e9lda a szem\u00e9lyes n\u00e9vm\u00e1sok (\u00e9n, te, \u0151, \u0151 stb.), demonstrat\u00edv n\u00e9vm\u00e1sok (ez, az) \u00e9s birtokos n\u00e9vm\u00e1sok (\u00e9n, ti\u00e9d, \u0151, \u0151 stb.).<\/p>\n\n\n\n<h3 class=\"wp-block-heading\" id=\"h-5-verbs\">5. Ig\u00e9k:<\/h3>\n\n\n\n<p>Az ig\u00e9k cselekv\u00e9seket, el\u0151fordul\u00e1sokat vagy \u00e1llapotokat fejeznek ki. A g\u00f6r\u00f6g ig\u00e9k k\u00fcl\u00f6nb\u00f6z\u0151 form\u00e1kkal rendelkeznek a fesz\u00fclts\u00e9gt\u0151l, a hangulatt\u00f3l, a hangt\u00f3l \u00e9s a szem\u00e9lyt\u0151l f\u00fcgg\u0151en. A k\u00fcl\u00f6nb\u00f6z\u0151 ragoz\u00e1sok \u00e9s haszn\u00e1latuk meg\u00e9rt\u00e9se elengedhetetlen a mondatok fel\u00e9p\u00edt\u00e9s\u00e9hez \u00e9s meg\u00e9rt\u00e9s\u00e9hez.<\/p>\n\n\n\n<h3 class=\"wp-block-heading\" id=\"h-6-tenses\">6. Igeid\u0151k:<\/h3>\n\n\n\n<p>A g\u00f6r\u00f6g nyelvnek t\u00f6bb igeideje van, p\u00e9ld\u00e1ul jelen, m\u00falt \u00e9s j\u00f6v\u0151. <a href=\"https:\/\/talkpal.ai\/locations\/language-courses-in-minden\/\">Minden<\/a> igeid\u0151 egy m\u0171velet, esem\u00e9ny vagy \u00e1llapot idej\u00e9nek jelz\u00e9s\u00e9re szolg\u00e1l. A k\u00fcl\u00f6nb\u00f6z\u0151 id\u0151k \u00e9s konjug\u00e1ci\u00f3ik megtanul\u00e1sa seg\u00edt pontosan kifejezni mag\u00e1t \u00e9s meg\u00e9rteni m\u00e1sokat.<\/p>\n\n\n\n<h3 class=\"wp-block-heading\" id=\"h-7-tense-comparison\">7. Fesz\u00fclt \u00f6sszehasonl\u00edt\u00e1s:<\/h3>\n\n\n\n<p>A g\u00f6r\u00f6g id\u0151k \u00f6sszehasonl\u00edt\u00e1sa fontos a nyelv \u00e1rnyalatainak meg\u00e9rt\u00e9s\u00e9hez. Ez mag\u00e1ban foglalja annak megtanul\u00e1s\u00e1t, hogyan fejezz\u00fcnk ki olyan cselekedeteket vagy \u00e1llapotokat, amelyek egyszerre, egym\u00e1s ut\u00e1n vagy felt\u00e9telesen fordulnak el\u0151.<\/p>\n\n\n\n<h3 class=\"wp-block-heading\" id=\"h-8-progressive\">8. Progressz\u00edv:<\/h3>\n\n\n\n<p>A progressz\u00edv szempont g\u00f6r\u00f6g\u00fcl a folyamatban l\u00e9v\u0151 vagy folyamatos cselekv\u00e9sek jelz\u00e9s\u00e9re szolg\u00e1l. A progressz\u00edv aspektus kialak\u00edt\u00e1s\u00e1nak \u00e9s haszn\u00e1lat\u00e1nak megtanul\u00e1sa seg\u00edt \u00e1tadni azokat a cselekv\u00e9seket, amelyek jelenleg vagy a m\u00faltban t\u00f6rt\u00e9nnek.<\/p>\n\n\n\n<h3 class=\"wp-block-heading\" id=\"h-9-perfect-progressive\">9. T\u00f6k\u00e9letes progressz\u00edv:<\/h3>\n\n\n\n<p>A t\u00f6k\u00e9letes progressz\u00edv aspektus g\u00f6r\u00f6g\u00fcl egyes\u00edti a befejez\u00e9s \u00e9s a folytonoss\u00e1g fogalm\u00e1t. Olyan cselekv\u00e9sek vagy \u00e1llapotok kifejez\u00e9s\u00e9re szolg\u00e1l, amelyek a m\u00faltban kezd\u0151dtek \u00e9s egy bizonyos id\u0151pontig folytat\u00f3dtak.<\/p>\n\n\n\n<h3 class=\"wp-block-heading\" id=\"h-10-adverbs\">10. Hat\u00e1roz\u00f3sz\u00f3k:<\/h3>\n\n\n\n<p>A hat\u00e1roz\u00f3szavak tov\u00e1bbi inform\u00e1ci\u00f3t ny\u00fajtanak az ig\u00e9kr\u0151l, mell\u00e9knevekr\u0151l \u00e9s m\u00e1s hat\u00e1roz\u00f3sz\u00f3kr\u00f3l. Kifejezhetik a m\u00f3dot, a gyakoris\u00e1got, a fokot, az id\u0151t vagy a helyet. A k\u00fcl\u00f6nb\u00f6z\u0151 t\u00edpus\u00fa hat\u00e1roz\u00f3szavak megtanul\u00e1sa \u00e9s megfelel\u0151 elhelyez\u00e9se egy mondatban jav\u00edtja a g\u00f6r\u00f6g nyelv \u00e1ltal\u00e1nos foly\u00e9konys\u00e1g\u00e1t.<\/p>\n\n\n\n<h3 class=\"wp-block-heading\" id=\"h-11-conditionals\">11. Felt\u00e9telek:<\/h3>\n\n\n\n<p>A felt\u00e9teleket hipotetikus helyzetek \u00e9s azok k\u00f6vetkezm\u00e9nyeinek kifejez\u00e9s\u00e9re haszn\u00e1lj\u00e1k. A g\u00f6r\u00f6g nyelvnek t\u00f6bbf\u00e9le felt\u00e9tele van, bele\u00e9rtve a val\u00f3s, irre\u00e1lis \u00e9s vegyes felt\u00e9teleket. A felt\u00e9telek meg\u00e9rt\u00e9se \u00e9s haszn\u00e1lata sz\u00fcks\u00e9ges az \u00f6sszetett gondolatok \u00e9s \u00f6tletek kifejez\u00e9s\u00e9hez.<\/p>\n\n\n\n<h3 class=\"wp-block-heading\" id=\"h-12-prepositions\">12. El\u00f6lj\u00e1r\u00f3szavak:<\/h3>\n\n\n\n<p>A prepoz\u00edci\u00f3k olyan kis szavak, amelyek a f\u0151nevek, n\u00e9vm\u00e1sok vagy m\u00e1s szavak k\u00f6z\u00f6tti kapcsolatokat jelzik egy mondatban. Kifejezhetik a helyet, az id\u0151t, az ir\u00e1nyt, az okot \u00e9s egyebeket. A k\u00fcl\u00f6nb\u00f6z\u0151 el\u00f6lj\u00e1r\u00f3szavak \u00e9s helyes haszn\u00e1latuk megtanul\u00e1sa seg\u00edt pontosabb \u00e9s koherensebb mondatok kialak\u00edt\u00e1s\u00e1ban.<\/p>\n\n\n\n<h3 class=\"wp-block-heading\" id=\"h-13-sentences\">13. Mondatok:<\/h3>\n\n\n\n<p>V\u00e9g\u00fcl, a mondatszerkezet elsaj\u00e1t\u00edt\u00e1sa elengedhetetlen a hat\u00e9kony g\u00f6r\u00f6g kommunik\u00e1ci\u00f3hoz. Ez mag\u00e1ban foglalja a helyes sz\u00f3rend meg\u00e9rt\u00e9s\u00e9t \u00e9s a k\u00fcl\u00f6nb\u00f6z\u0151 nyelvtani elemek, p\u00e9ld\u00e1ul t\u00e1rgy, ige \u00e9s t\u00e1rgy haszn\u00e1lat\u00e1t. Ha megtanulja, hogyan kell k\u00fcl\u00f6nb\u00f6z\u0151 t\u00edpus\u00fa mondatokat fel\u00e9p\u00edteni, akkor j\u00f3 \u00faton halad a g\u00f6r\u00f6g nyelvtud\u00e1s megszerz\u00e9se fel\u00e9.<\/p>\n<\/div><\/div>\n\r\n<section class=\"learnNavigationSection\">\r\n            \r\n        <a href=\"https:\/\/talkpal.ai\/hu\/tanulj-gorogul\/\">\r\n            <div class=\"learnNavigationWrapper\">\r\n                <div class=\"learnNavigationContent\">\r\n                    <img decoding=\"async\" src=\"https:\/\/talkpal.ai\/wp-content\/uploads\/2024\/08\/Greek.jpg\" alt=\"Greek Flag\">\r\n                    <div>\r\n                        <h4>A g\u00f6r\u00f6g nyelvtanul\u00e1sr\u00f3l<\/h4>\r\n                        <p>Tudjon meg mindent a g\u00f6r\u00f6g nyelvtanr\u00f3l.<\/p>\r\n                    <\/div>\r\n                <\/div>\r\n            <\/div>\r\n        <\/a>\r\n\r\n        \r\n        <a href=\"https:\/\/talkpal.ai\/hu\/gorog-nyelvtan\/\">\r\n            <div class=\"learnNavigationWrapper\">\r\n                <div class=\"learnNavigationContent\">\r\n                    <img decoding=\"async\" src=\"https:\/\/talkpal.ai\/wp-content\/uploads\/2024\/08\/Greek.jpg\" alt=\"Greek Flag\">\r\n                    <div>\r\n                        <h4>G\u00f6r\u00f6g nyelvtan leck\u00e9k<\/h4>\r\n                        <p>Gyakorolja a g\u00f6r\u00f6g nyelvtant.<\/p>\r\n                    <\/div>\r\n                <\/div>\r\n            <\/div>\r\n        <\/a>\r\n\r\n        \r\n        <a href=\"https:\/\/talkpal.ai\/vocabulary_language\/greek\/\">\r\n            <div class=\"learnNavigationWrapper\">\r\n                <div class=\"learnNavigationContent\">\r\n                    <img decoding=\"async\" src=\"https:\/\/talkpal.ai\/wp-content\/uploads\/2024\/08\/Greek.jpg\" alt=\"Greek Flag\">\r\n                    <div>\r\n                        <h4>G\u00f6r\u00f6g sz\u00f3kincs<\/h4>\r\n                        <p>B\u0151v\u00edtse g\u00f6r\u00f6g sz\u00f3kincs\u00e9t.<\/p>\r\n                    <\/div>\r\n                <\/div>\r\n            <\/div>\r\n        <\/a>\r\n\r\n            <\/section>","protected":false},"excerpt":{"rendered":"<p>G\u00f6r\u00f6g nyelvtani t\u00e9m\u00e1k A g\u00f6r\u00f6g nyelv tanul\u00e1sa hihetetlen\u00fcl kifizet\u0151d\u0151 \u00e9lm\u00e9ny lehet, mivel kaput nyit a gazdag \u00e9s v\u00e1ltozatos kult\u00far\u00e1hoz, irodalomhoz \u00e9s t\u00f6rt\u00e9nelemhez. A g\u00f6r\u00f6g nyelv egyed\u00fcl\u00e1ll\u00f3 nyelvtani szerkezettel rendelkezik, amelyet leny\u0171g\u00f6z\u0151 lehet felfedezni. A g\u00f6r\u00f6g nyelvtan megismer\u00e9se elengedhetetlen a nyelv elsaj\u00e1t\u00edt\u00e1s\u00e1hoz, mivel lehet\u0151v\u00e9 teszi a hat\u00e9kony \u00e9s pontos kommunik\u00e1ci\u00f3t. Ez az \u00fatmutat\u00f3 \u00e1ttekint\u00e9st ny\u00fajt n\u00e9h\u00e1ny [&hellip;]<\/p>\n","protected":false},"author":6,"featured_media":112672,"parent":0,"menu_order":0,"comment_status":"closed","ping_status":"closed","template":"LearningContentPage.php","meta":{"_acf_changed":false,"footnotes":""},"class_list":["post-162464","page","type-page","status-publish","has-post-thumbnail","hentry"],"acf":[],"yoast_head":"<!-- This site is optimized with the Yoast SEO Premium plugin v27.2 (Yoast SEO v27.2) - https:\/\/yoast.com\/product\/yoast-seo-premium-wordpress\/ -->\n<title>G\u00f6r\u00f6g nyelvtani gyakorlatok - Talkpal<\/title>\n<meta name=\"description\" content=\"Fejleszd a g\u00f6r\u00f6g nyelvtani ismereteidet k\u00f6nnyed\u00e9n - gyakorold az interakt\u00edv gyakorlatokat, fejl\u0151dj gyorsan, \u00e9s \u00e9p\u00edtsd az \u00f6nbizalmadat a k\u00f6vetkez\u0151 eszk\u00f6z\u00f6kkel Talkpal AI.\" \/>\n<meta name=\"robots\" content=\"index, follow, max-snippet:-1, max-image-preview:large, max-video-preview:-1\" \/>\n<link rel=\"canonical\" href=\"https:\/\/talkpal.ai\/hu\/gorog-nyelvtani-gyakorlatok\/\" \/>\n<meta property=\"og:locale\" content=\"hu_HU\" \/>\n<meta property=\"og:type\" content=\"article\" \/>\n<meta property=\"og:title\" content=\"G\u00f6r\u00f6g nyelvtani gyakorlatok\" \/>\n<meta property=\"og:description\" content=\"G\u00f6r\u00f6g nyelvtani t\u00e9m\u00e1k A g\u00f6r\u00f6g nyelv tanul\u00e1sa hihetetlen\u00fcl kifizet\u0151d\u0151 \u00e9lm\u00e9ny lehet, mivel kaput nyit a gazdag \u00e9s v\u00e1ltozatos kult\u00far\u00e1hoz, irodalomhoz \u00e9s\" \/>\n<meta property=\"og:url\" content=\"https:\/\/talkpal.ai\/hu\/gorog-nyelvtani-gyakorlatok\/\" \/>\n<meta property=\"og:site_name\" content=\"Talkpal\" \/>\n<meta property=\"article:publisher\" content=\"https:\/\/www.facebook.com\/profile.php?id=100090733639311\" \/>\n<meta property=\"article:modified_time\" content=\"2025-12-17T16:04:37+00:00\" \/>\n<meta property=\"og:image\" content=\"https:\/\/talkpal.ai\/wp-content\/uploads\/2023\/05\/greece.png\" \/>\n\t<meta property=\"og:image:width\" content=\"512\" \/>\n\t<meta property=\"og:image:height\" content=\"512\" \/>\n\t<meta property=\"og:image:type\" content=\"image\/png\" \/>\n<meta name=\"twitter:card\" content=\"summary_large_image\" \/>\n<meta name=\"twitter:site\" content=\"@talkpalai\" \/>\n<meta name=\"twitter:label1\" content=\"Becs\u00fclt olvas\u00e1si id\u0151\" \/>\n\t<meta name=\"twitter:data1\" content=\"5 perc\" \/>\n<script type=\"application\/ld+json\" class=\"yoast-schema-graph\">{\"@context\":\"https:\/\/schema.org\",\"@graph\":[{\"@type\":\"WebPage\",\"@id\":\"https:\/\/talkpal.ai\/hu\/gorog-nyelvtani-gyakorlatok\/\",\"url\":\"https:\/\/talkpal.ai\/hu\/gorog-nyelvtani-gyakorlatok\/\",\"name\":\"G\u00f6r\u00f6g nyelvtani gyakorlatok - Talkpal\",\"isPartOf\":{\"@id\":\"https:\/\/talkpal.ai\/hu\/#website\"},\"primaryImageOfPage\":{\"@id\":\"https:\/\/talkpal.ai\/hu\/gorog-nyelvtani-gyakorlatok\/#primaryimage\"},\"image\":{\"@id\":\"https:\/\/talkpal.ai\/hu\/gorog-nyelvtani-gyakorlatok\/#primaryimage\"},\"thumbnailUrl\":\"https:\/\/talkpal.ai\/wp-content\/uploads\/2023\/05\/greece.png\",\"datePublished\":\"2023-06-21T14:18:43+00:00\",\"dateModified\":\"2025-12-17T16:04:37+00:00\",\"description\":\"Fejleszd a g\u00f6r\u00f6g nyelvtani ismereteidet k\u00f6nnyed\u00e9n - gyakorold az interakt\u00edv gyakorlatokat, fejl\u0151dj gyorsan, \u00e9s \u00e9p\u00edtsd az \u00f6nbizalmadat a k\u00f6vetkez\u0151 eszk\u00f6z\u00f6kkel Talkpal AI.\",\"breadcrumb\":{\"@id\":\"https:\/\/talkpal.ai\/hu\/gorog-nyelvtani-gyakorlatok\/#breadcrumb\"},\"inLanguage\":\"hu\",\"potentialAction\":[{\"@type\":\"ReadAction\",\"target\":[\"https:\/\/talkpal.ai\/hu\/gorog-nyelvtani-gyakorlatok\/\"]}]},{\"@type\":\"ImageObject\",\"inLanguage\":\"hu\",\"@id\":\"https:\/\/talkpal.ai\/hu\/gorog-nyelvtani-gyakorlatok\/#primaryimage\",\"url\":\"https:\/\/talkpal.ai\/wp-content\/uploads\/2023\/05\/greece.png\",\"contentUrl\":\"https:\/\/talkpal.ai\/wp-content\/uploads\/2023\/05\/greece.png\",\"width\":512,\"height\":512},{\"@type\":\"BreadcrumbList\",\"@id\":\"https:\/\/talkpal.ai\/hu\/gorog-nyelvtani-gyakorlatok\/#breadcrumb\",\"itemListElement\":[{\"@type\":\"ListItem\",\"position\":1,\"name\":\"Homepage\",\"item\":\"https:\/\/talkpal.ai\/hu\/\"},{\"@type\":\"ListItem\",\"position\":2,\"name\":\"G\u00f6r\u00f6g nyelvtani gyakorlatok\"}]},{\"@type\":\"WebSite\",\"@id\":\"https:\/\/talkpal.ai\/hu\/#website\",\"url\":\"https:\/\/talkpal.ai\/hu\/\",\"name\":\"Talkpal\",\"description\":\"AI Language Learning\",\"publisher\":{\"@id\":\"https:\/\/talkpal.ai\/hu\/#organization\"},\"alternateName\":\"Talkpal AI\",\"potentialAction\":[{\"@type\":\"SearchAction\",\"target\":{\"@type\":\"EntryPoint\",\"urlTemplate\":\"https:\/\/talkpal.ai\/hu\/?s={search_term_string}\"},\"query-input\":{\"@type\":\"PropertyValueSpecification\",\"valueRequired\":true,\"valueName\":\"search_term_string\"}}],\"inLanguage\":\"hu\"},{\"@type\":\"Organization\",\"@id\":\"https:\/\/talkpal.ai\/hu\/#organization\",\"name\":\"Talkpal, Inc.\",\"alternateName\":\"Talkpal AI\",\"url\":\"https:\/\/talkpal.ai\/hu\/\",\"logo\":{\"@type\":\"ImageObject\",\"inLanguage\":\"hu\",\"@id\":\"https:\/\/talkpal.ai\/hu\/#\/schema\/logo\/image\/\",\"url\":\"https:\/\/talkpal.ai\/wp-content\/uploads\/2024\/03\/Talkpal-Logo-Icon.png\",\"contentUrl\":\"https:\/\/talkpal.ai\/wp-content\/uploads\/2024\/03\/Talkpal-Logo-Icon.png\",\"width\":2880,\"height\":2880,\"caption\":\"Talkpal, Inc.\"},\"image\":{\"@id\":\"https:\/\/talkpal.ai\/hu\/#\/schema\/logo\/image\/\"},\"sameAs\":[\"https:\/\/www.facebook.com\/profile.php?id=100090733639311\",\"https:\/\/x.com\/talkpalai\",\"https:\/\/www.linkedin.com\/company\/talkpal\/\",\"https:\/\/www.youtube.com\/@TalkPal\/\",\"https:\/\/www.tiktok.com\/@talkpal\",\"https:\/\/www.instagram.com\/talkpal_ai\/\",\"https:\/\/www.crunchbase.com\/organization\/talkpal-9cde\",\"https:\/\/www.g2.com\/products\/talkpal-for-business\/\",\"https:\/\/www.trustpilot.com\/review\/talkpal.ai\",\"https:\/\/www.capterra.com\/p\/10006800\/TalkPal\/\"],\"description\":\"Talkpal is a language learning web and mobile education app, powered by the latest AI technologies, that provides engaging experiences to its customers in many different languages to help them improve their language skills. Users can chat about unlimited amount of topics with the app and use other modes to practice their language learning.\",\"email\":\"support@talkpal.ai\",\"legalName\":\"Talkpal, Inc.\",\"foundingDate\":\"2023-04-03\",\"duns\":\"118989042\",\"numberOfEmployees\":{\"@type\":\"QuantitativeValue\",\"minValue\":\"11\",\"maxValue\":\"50\"},\"publishingPrinciples\":\"https:\/\/talkpal.ai\/publishing-principles\/\",\"actionableFeedbackPolicy\":\"https:\/\/talkpal.ai\/actionable-feedback-policy\/\",\"correctionsPolicy\":\"https:\/\/talkpal.ai\/corrections-policy\/\",\"ethicsPolicy\":\"https:\/\/talkpal.ai\/ethics-policy\/\",\"diversityPolicy\":\"https:\/\/talkpal.ai\/diversity-policy\/\",\"diversityStaffingReport\":\"https:\/\/talkpal.ai\/diversity-policy\/\"}]}<\/script>\n<!-- \/ Yoast SEO Premium plugin. -->","yoast_head_json":{"title":"G\u00f6r\u00f6g nyelvtani gyakorlatok - Talkpal","description":"Fejleszd a g\u00f6r\u00f6g nyelvtani ismereteidet k\u00f6nnyed\u00e9n - gyakorold az interakt\u00edv gyakorlatokat, fejl\u0151dj gyorsan, \u00e9s \u00e9p\u00edtsd az \u00f6nbizalmadat a k\u00f6vetkez\u0151 eszk\u00f6z\u00f6kkel Talkpal AI.","robots":{"index":"index","follow":"follow","max-snippet":"max-snippet:-1","max-image-preview":"max-image-preview:large","max-video-preview":"max-video-preview:-1"},"canonical":"https:\/\/talkpal.ai\/hu\/gorog-nyelvtani-gyakorlatok\/","og_locale":"hu_HU","og_type":"article","og_title":"G\u00f6r\u00f6g nyelvtani gyakorlatok","og_description":"G\u00f6r\u00f6g nyelvtani t\u00e9m\u00e1k A g\u00f6r\u00f6g nyelv tanul\u00e1sa hihetetlen\u00fcl kifizet\u0151d\u0151 \u00e9lm\u00e9ny lehet, mivel kaput nyit a gazdag \u00e9s v\u00e1ltozatos kult\u00far\u00e1hoz, irodalomhoz \u00e9s","og_url":"https:\/\/talkpal.ai\/hu\/gorog-nyelvtani-gyakorlatok\/","og_site_name":"Talkpal","article_publisher":"https:\/\/www.facebook.com\/profile.php?id=100090733639311","article_modified_time":"2025-12-17T16:04:37+00:00","og_image":[{"width":512,"height":512,"url":"https:\/\/talkpal.ai\/wp-content\/uploads\/2023\/05\/greece.png","type":"image\/png"}],"twitter_card":"summary_large_image","twitter_site":"@talkpalai","twitter_misc":{"Becs\u00fclt olvas\u00e1si id\u0151":"5 perc"},"schema":{"@context":"https:\/\/schema.org","@graph":[{"@type":"WebPage","@id":"https:\/\/talkpal.ai\/hu\/gorog-nyelvtani-gyakorlatok\/","url":"https:\/\/talkpal.ai\/hu\/gorog-nyelvtani-gyakorlatok\/","name":"G\u00f6r\u00f6g nyelvtani gyakorlatok - Talkpal","isPartOf":{"@id":"https:\/\/talkpal.ai\/hu\/#website"},"primaryImageOfPage":{"@id":"https:\/\/talkpal.ai\/hu\/gorog-nyelvtani-gyakorlatok\/#primaryimage"},"image":{"@id":"https:\/\/talkpal.ai\/hu\/gorog-nyelvtani-gyakorlatok\/#primaryimage"},"thumbnailUrl":"https:\/\/talkpal.ai\/wp-content\/uploads\/2023\/05\/greece.png","datePublished":"2023-06-21T14:18:43+00:00","dateModified":"2025-12-17T16:04:37+00:00","description":"Fejleszd a g\u00f6r\u00f6g nyelvtani ismereteidet k\u00f6nnyed\u00e9n - gyakorold az interakt\u00edv gyakorlatokat, fejl\u0151dj gyorsan, \u00e9s \u00e9p\u00edtsd az \u00f6nbizalmadat a k\u00f6vetkez\u0151 eszk\u00f6z\u00f6kkel Talkpal AI.","breadcrumb":{"@id":"https:\/\/talkpal.ai\/hu\/gorog-nyelvtani-gyakorlatok\/#breadcrumb"},"inLanguage":"hu","potentialAction":[{"@type":"ReadAction","target":["https:\/\/talkpal.ai\/hu\/gorog-nyelvtani-gyakorlatok\/"]}]},{"@type":"ImageObject","inLanguage":"hu","@id":"https:\/\/talkpal.ai\/hu\/gorog-nyelvtani-gyakorlatok\/#primaryimage","url":"https:\/\/talkpal.ai\/wp-content\/uploads\/2023\/05\/greece.png","contentUrl":"https:\/\/talkpal.ai\/wp-content\/uploads\/2023\/05\/greece.png","width":512,"height":512},{"@type":"BreadcrumbList","@id":"https:\/\/talkpal.ai\/hu\/gorog-nyelvtani-gyakorlatok\/#breadcrumb","itemListElement":[{"@type":"ListItem","position":1,"name":"Homepage","item":"https:\/\/talkpal.ai\/hu\/"},{"@type":"ListItem","position":2,"name":"G\u00f6r\u00f6g nyelvtani gyakorlatok"}]},{"@type":"WebSite","@id":"https:\/\/talkpal.ai\/hu\/#website","url":"https:\/\/talkpal.ai\/hu\/","name":"Talkpal","description":"AI Language Learning","publisher":{"@id":"https:\/\/talkpal.ai\/hu\/#organization"},"alternateName":"Talkpal AI","potentialAction":[{"@type":"SearchAction","target":{"@type":"EntryPoint","urlTemplate":"https:\/\/talkpal.ai\/hu\/?s={search_term_string}"},"query-input":{"@type":"PropertyValueSpecification","valueRequired":true,"valueName":"search_term_string"}}],"inLanguage":"hu"},{"@type":"Organization","@id":"https:\/\/talkpal.ai\/hu\/#organization","name":"Talkpal, Inc.","alternateName":"Talkpal AI","url":"https:\/\/talkpal.ai\/hu\/","logo":{"@type":"ImageObject","inLanguage":"hu","@id":"https:\/\/talkpal.ai\/hu\/#\/schema\/logo\/image\/","url":"https:\/\/talkpal.ai\/wp-content\/uploads\/2024\/03\/Talkpal-Logo-Icon.png","contentUrl":"https:\/\/talkpal.ai\/wp-content\/uploads\/2024\/03\/Talkpal-Logo-Icon.png","width":2880,"height":2880,"caption":"Talkpal, Inc."},"image":{"@id":"https:\/\/talkpal.ai\/hu\/#\/schema\/logo\/image\/"},"sameAs":["https:\/\/www.facebook.com\/profile.php?id=100090733639311","https:\/\/x.com\/talkpalai","https:\/\/www.linkedin.com\/company\/talkpal\/","https:\/\/www.youtube.com\/@TalkPal\/","https:\/\/www.tiktok.com\/@talkpal","https:\/\/www.instagram.com\/talkpal_ai\/","https:\/\/www.crunchbase.com\/organization\/talkpal-9cde","https:\/\/www.g2.com\/products\/talkpal-for-business\/","https:\/\/www.trustpilot.com\/review\/talkpal.ai","https:\/\/www.capterra.com\/p\/10006800\/TalkPal\/"],"description":"Talkpal is a language learning web and mobile education app, powered by the latest AI technologies, that provides engaging experiences to its customers in many different languages to help them improve their language skills. Users can chat about unlimited amount of topics with the app and use other modes to practice their language learning.","email":"support@talkpal.ai","legalName":"Talkpal, Inc.","foundingDate":"2023-04-03","duns":"118989042","numberOfEmployees":{"@type":"QuantitativeValue","minValue":"11","maxValue":"50"},"publishingPrinciples":"https:\/\/talkpal.ai\/publishing-principles\/","actionableFeedbackPolicy":"https:\/\/talkpal.ai\/actionable-feedback-policy\/","correctionsPolicy":"https:\/\/talkpal.ai\/corrections-policy\/","ethicsPolicy":"https:\/\/talkpal.ai\/ethics-policy\/","diversityPolicy":"https:\/\/talkpal.ai\/diversity-policy\/","diversityStaffingReport":"https:\/\/talkpal.ai\/diversity-policy\/"}]}},"_links":{"self":[{"href":"https:\/\/talkpal.ai\/hu\/wp-json\/wp\/v2\/pages\/162464","targetHints":{"allow":["GET"]}}],"collection":[{"href":"https:\/\/talkpal.ai\/hu\/wp-json\/wp\/v2\/pages"}],"about":[{"href":"https:\/\/talkpal.ai\/hu\/wp-json\/wp\/v2\/types\/page"}],"author":[{"embeddable":true,"href":"https:\/\/talkpal.ai\/hu\/wp-json\/wp\/v2\/users\/6"}],"replies":[{"embeddable":true,"href":"https:\/\/talkpal.ai\/hu\/wp-json\/wp\/v2\/comments?post=162464"}],"version-history":[{"count":0,"href":"https:\/\/talkpal.ai\/hu\/wp-json\/wp\/v2\/pages\/162464\/revisions"}],"wp:featuredmedia":[{"embeddable":true,"href":"https:\/\/talkpal.ai\/hu\/wp-json\/wp\/v2\/media\/112672"}],"wp:attachment":[{"href":"https:\/\/talkpal.ai\/hu\/wp-json\/wp\/v2\/media?parent=162464"}],"curies":[{"name":"wp","href":"https:\/\/api.w.org\/{rel}","templated":true}]}}