{"id":162183,"date":"2023-06-21T14:25:56","date_gmt":"2023-06-21T14:25:56","guid":{"rendered":"http:\/\/talkpal.ai\/heber-nyelvtani-gyakorlatok\/"},"modified":"2025-12-17T15:48:43","modified_gmt":"2025-12-17T15:48:43","slug":"heber-nyelvtani-gyakorlatok","status":"publish","type":"page","link":"https:\/\/talkpal.ai\/hu\/heber-nyelvtani-gyakorlatok\/","title":{"rendered":"H\u00e9ber nyelvtani gyakorlatok"},"content":{"rendered":"\r\n\r\n\r\n<section class=\"languageChallengeSection\">\r\n    <div class=\"languageInfoWrapper\">\r\n        \r\n        <h1>H\u00e9ber nyelvtani gyakorlatok<\/h1>\r\n        <p>K\u00e9szen \u00e1llsz a <a href=\"https:\/\/talkpal.ai\/learn-hebrew\/\">h\u00e9ber<\/a> <a href=\"https:\/\/talkpal.ai\/grammar\/\">nyelvtan<\/a> elsaj\u00e1t\u00edt\u00e1s\u00e1ra? Ezek az egyszer\u0171 gyakorlatok seg\u00edtenek elsaj\u00e1t\u00edtani az alapokat, \u00e9s n\u00f6velik az \u00f6nbizalmadat, mik\u00f6zben tanulod ezt a gy\u00f6ny\u00f6r\u0171 nyelvet.<\/p>\r\n\r\n                            <a class=\"getStartedHidden\" href=\"https:\/\/app.talkpal.ai\/hu\/signup?lng=\">Kezdj\u00fck<\/a>\r\n        \r\n    <\/div>\r\n\r\n    <figure>\r\n    <img decoding=\"async\" width=\"768\" height=\"768\" src=\"https:\/\/talkpal.ai\/wp-content\/uploads\/2023\/06\/hebrew-768x768.png\" class=\"languageImage no-lazy\" alt=\"Language learning for proficient communication\" fetchpriority=\"high\" sizes=\"(max-width: 768px) 150px, 768px\" srcset=\"https:\/\/talkpal.ai\/wp-content\/uploads\/2023\/06\/hebrew-768x768.png 768w, https:\/\/talkpal.ai\/wp-content\/uploads\/2023\/06\/hebrew-300x300.png 300w\" \/>\r\n    \r\n\r\n    <\/figure>\r\n\r\n            <a class=\"getStartedVisible\" href=\"https:\/\/app.talkpal.ai\/hu\/signup?lng=\">Kezdj\u00fck<\/a>\r\n    \r\n<\/section>\r\n\r\n\r\n<!-- <section class=\"grammarSection\">\r\n    <div class=\"grammarLinks\">\r\n            <\/div>\r\n<\/section> -->\r\n\r\n\r\n\r\n\r\n<section class=\"promotionalBanner\">\r\n    <p class=\"promotionalText\">A nyelvtanul\u00e1s leghat\u00e9konyabb m\u00f3dja<\/p>\r\n    <a class=\"promotionalLink\" href=\"https:\/\/app.talkpal.ai\/hu\/signup?lng=\">Pr\u00f3b\u00e1lja ki a Talkpal ingyen<\/a>\r\n<\/section>\n<div class=\"wp-block-group pageContainerStyle\"><div class=\"wp-block-group__inner-container is-layout-constrained wp-block-group-is-layout-constrained\">\n<h2 class=\"wp-block-heading\" id=\"h-hebrew-grammar-topics\">H\u00e9ber nyelvtani t\u00e9m\u00e1k<\/h2>\n\n\n\n<p>A <a href=\"https:\/\/talkpal.ai\/learn-hebrew\/\">h\u00e9ber<\/a> egy leny\u0171g\u00f6z\u0151 \u00e9s \u0151si nyelv, amely nagy t\u00f6rt\u00e9nelmi \u00e9s kultur\u00e1lis jelent\u0151s\u00e9ggel b\u00edr. A vil\u00e1g egyik legr\u00e9gebbi nyelvek\u00e9nt az id\u0151k sor\u00e1n fejl\u0151d\u00f6tt \u00e9s alkalmazkodott, \u00edgy kih\u00edv\u00e1st jelent\u0151 \u00e9s kifizet\u0151d\u0151 nyelv a tanul\u00e1shoz. Ak\u00e1r vall\u00e1si okokb\u00f3l, ak\u00e1r az \u00f6r\u00f6ks\u00e9ggel val\u00f3 kapcsolatteremt\u00e9s c\u00e9lj\u00e1b\u00f3l, ak\u00e1r egyszer\u0171en a szem\u00e9lyes fejl\u0151d\u00e9s \u00e9rdek\u00e9ben tanulsz h\u00e9ber\u00fcl, a nyelvtan meg\u00e9rt\u00e9se elengedhetetlen a hat\u00e9kony kommunik\u00e1ci\u00f3hoz. Ebben az \u00fatmutat\u00f3ban megvizsg\u00e1ljuk azokat a legfontosabb h\u00e9ber nyelvtani t\u00e9m\u00e1kat, amelyeket logikus sorrendben kell elsaj\u00e1t\u00edtania, szil\u00e1rd alapot biztos\u00edtva a nyelvtanul\u00e1si utaz\u00e1shoz.<\/p>\n\n\n\n<h3 class=\"wp-block-heading\" id=\"h-1-nouns\">1. F\u0151nevek:<\/h3>\n\n\n\n<p>Mint <a href=\"https:\/\/talkpal.ai\/languages\/\">minden nyelv<\/a> \u00e9p\u00edt\u0151k\u00f6ve, a h\u00e9ber f\u0151nevek meg\u00e9rt\u00e9se kulcsfontoss\u00e1g\u00fa. A h\u00e9ber f\u0151neveknek <a href=\"https:\/\/talkpal.ai\/locations\/language-courses-in-van\/\">van<\/a> nem\u00fck (h\u00edmnem\u0171 vagy n\u0151ies) \u00e9s sz\u00e1muk (egyes sz\u00e1m, t\u00f6bbes sz\u00e1m \u00e9s n\u00e9ha kett\u0151s). A nemek \u00e9s a sz\u00e1mok k\u00f6z\u00f6tti meg\u00e1llapod\u00e1s mint\u00e1inak megtanul\u00e1sa seg\u00edt az alapvet\u0151 mondatok kialak\u00edt\u00e1s\u00e1ban \u00e9s a nyelvi strukt\u00fara meg\u00e9rt\u00e9s\u00e9ben.<\/p>\n\n\n\n<h3 class=\"wp-block-heading\" id=\"h-2-articles\">2. Cikkek:<\/h3>\n\n\n\n<p>A h\u00e9berben van egy hat\u00e1rozott n\u00e9vel\u0151, a &#8222;\u05d4&#8221; (ha), amely a f\u0151n\u00e9v elej\u00e9hez kapcsol\u00f3dik, hogy jelezze, hogy az konkr\u00e9t vagy ismert. A h\u00e9berben nincs hat\u00e1rozatlan n\u00e9vel\u0151, ez\u00e9rt a megfelel\u0151 kommunik\u00e1ci\u00f3hoz elengedhetetlen annak megtanul\u00e1sa, hogy mikor \u00e9s hogyan kell haszn\u00e1lni a hat\u00e1rozott n\u00e9vel\u0151t.<\/p>\n\n\n\n<h3 class=\"wp-block-heading\" id=\"h-3-adjectives\">3. Mell\u00e9knevek:<\/h3>\n\n\n\n<p>A h\u00e9ber mell\u00e9kneveknek, ak\u00e1rcsak a f\u0151neveknek, van nem- \u00e9s sz\u00e1mmeg\u00e1llapod\u00e1suk. K\u00f6vetik az \u00e1ltaluk m\u00f3dos\u00edtott f\u0151nevet, \u00e9s meg kell egyezni\u00fck a nemben \u00e9s a sz\u00e1mban. A mell\u00e9kn\u00e9vi meg\u00e1llapod\u00e1s mint\u00e1inak \u00e9s szab\u00e1lyainak meg\u00e9rt\u00e9se seg\u00edt pontosan le\u00edrni a t\u00e1rgyakat \u00e9s \u00f6tleteket h\u00e9ber\u00fcl.<\/p>\n\n\n\n<h3 class=\"wp-block-heading\" id=\"h-4-pronouns-determiners\">4. N\u00e9vm\u00e1sok\/determin\u00e1nsok:<\/h3>\n\n\n\n<p>A n\u00e9vm\u00e1sok helyettes\u00edtik a f\u0151neveket a mondatokban, m\u00edg a determin\u00e1nsok meghat\u00e1rozz\u00e1k vagy sz\u00e1mszer\u0171s\u00edtik \u0151ket. Mindkett\u0151 d\u00f6nt\u0151 szerepet j\u00e1tszik abban, hogy a h\u00e9ber nyelv foly\u00e9konyabb \u00e9s term\u00e9szetesebb legyen. A k\u00fcl\u00f6nb\u00f6z\u0151 n\u00e9vm\u00e1sok (t\u00e1rgy, t\u00e1rgy, birtokos) \u00e9s determin\u00e1nsok (demonstrat\u00edv, lek\u00e9rdez\u0151, hat\u00e1rozatlan) elsaj\u00e1t\u00edt\u00e1sa seg\u00edt \u00f6sszetettebb mondatok l\u00e9trehoz\u00e1s\u00e1ban \u00e9s \u00f6tleteinek hat\u00e9konyabb k\u00f6zvet\u00edt\u00e9s\u00e9ben.<\/p>\n\n\n\n<h3 class=\"wp-block-heading\" id=\"h-5-verbs\">5. Ig\u00e9k:<\/h3>\n\n\n\n<p>A h\u00e9ber ig\u00e9k a nyelv nyelvtan\u00e1nak k\u00f6z\u00e9ppontj\u00e1ban \u00e1llnak. H\u00e1rom vagy n\u00e9gy m\u00e1ssalhangz\u00f3b\u00f3l \u00e1ll\u00f3 gy\u00f6k\u00e9rrendszeren alapulnak, \u00e9s fesz\u00fclts\u00e9g, szem\u00e9ly, nem \u00e9s sz\u00e1m szerint konjug\u00e1l\u00f3dnak. A k\u00fcl\u00f6nb\u00f6z\u0151 igeform\u00e1k \u00e9s igeid\u0151k megismer\u00e9se lehet\u0151v\u00e9 teszi, hogy hat\u00e9konyan fejezze ki a cselekv\u00e9seket \u00e9s \u00e1llapotokat.<\/p>\n\n\n\n<h3 class=\"wp-block-heading\" id=\"h-6-tenses\">6. Igeid\u0151k:<\/h3>\n\n\n\n<p>A h\u00e9bernek h\u00e1rom f\u0151 igeideje van: m\u00falt, jelen \u00e9s j\u00f6v\u0151. <a href=\"https:\/\/talkpal.ai\/locations\/language-courses-in-minden\/\">Minden<\/a> egyes id\u0151nek saj\u00e1tos ragoz\u00e1si szab\u00e1lyai vannak, amelyek az ige t\u00f6v\u00e9t\u0151l, valamint az alany nem\u00e9t\u0151l \u00e9s sz\u00e1m\u00e1t\u00f3l f\u00fcggenek. Ezeknek a szab\u00e1lyoknak a meg\u00e9rt\u00e9se lehet\u0151v\u00e9 teszi, hogy pontosan k\u00f6zvet\u00edtse a m\u0171veletek id\u0151z\u00edt\u00e9s\u00e9t.<\/p>\n\n\n\n<h3 class=\"wp-block-heading\" id=\"h-7-tense-comparison\">7. Fesz\u00fclt \u00f6sszehasonl\u00edt\u00e1s:<\/h3>\n\n\n\n<p>Fontos tudni, hogy mikor \u00e9s hogyan kell haszn\u00e1lni az egyes h\u00e9ber igeid\u0151t a hat\u00e9kony kommunik\u00e1ci\u00f3hoz. A k\u00fcl\u00f6nb\u00f6z\u0151 id\u0151k \u00f6sszehasonl\u00edt\u00e1sa \u00e9s kontrasztja seg\u00edt meg\u00e9rteni a nyelv \u00e1rnyalatait, \u00e9s lehet\u0151v\u00e9 teszi, hogy pontosabban fejezze ki mag\u00e1t.<\/p>\n\n\n\n<h3 class=\"wp-block-heading\" id=\"h-8-progressive-and-perfect-progressive\">8. Progressz\u00edv \u00e9s t\u00f6k\u00e9letes progressz\u00edv:<\/h3>\n\n\n\n<p>Ezeket az igeform\u00e1kat a folyamatban l\u00e9v\u0151 vagy befejezett cselekv\u00e9sek jelz\u00e9s\u00e9re haszn\u00e1lj\u00e1k. A progressz\u00edv form\u00e1t a m\u00e9g folyamatban l\u00e9v\u0151 cselekv\u00e9sekhez haszn\u00e1lj\u00e1k, m\u00edg a t\u00f6k\u00e9letes progressz\u00edv a cselekv\u00e9s befejez\u00e9s\u00e9t hangs\u00falyozza. Ezeknek a form\u00e1knak a meg\u00e9rt\u00e9se jav\u00edtja az \u00f6sszetett \u00f6tletek \u00e9s cselekv\u00e9sek kifejez\u00e9s\u00e9nek k\u00e9pess\u00e9g\u00e9t.<\/p>\n\n\n\n<h3 class=\"wp-block-heading\" id=\"h-9-adverbs\">9. Hat\u00e1roz\u00f3sz\u00f3k:<\/h3>\n\n\n\n<p>A hat\u00e1roz\u00f3szavak m\u00f3dos\u00edtj\u00e1k az ig\u00e9ket, mell\u00e9kneveket vagy m\u00e1s hat\u00e1roz\u00f3szavakat, tov\u00e1bbi inform\u00e1ci\u00f3kat szolg\u00e1ltatva a le\u00edrt m\u0171veletr\u0151l vagy min\u0151s\u00e9gr\u0151l. A h\u00e9ber hat\u00e1roz\u00f3szavak k\u00fcl\u00f6nb\u00f6z\u0151 t\u00edpusainak megtanul\u00e1sa \u00e9s helyes haszn\u00e1lata v\u00e1ltozatoss\u00e1got \u00e9s m\u00e9lys\u00e9get ad a nyelvtud\u00e1s\u00e1nak.<\/p>\n\n\n\n<h3 class=\"wp-block-heading\" id=\"h-10-prepositions\">10. El\u00f6lj\u00e1r\u00f3szavak:<\/h3>\n\n\n\n<p>Az el\u00f6lj\u00e1r\u00f3szavak f\u0151neveket, n\u00e9vm\u00e1sokat vagy m\u00e1s szavakat kapcsolnak \u00f6ssze, hogy megmutass\u00e1k az id\u0151beli, helybeli vagy m\u00e1s kontextusbeli kapcsolatokat. A h\u00e9ber prepoz\u00edci\u00f3k elsaj\u00e1t\u00edt\u00e1sa seg\u00edt \u00f6sszetettebb mondatok l\u00e9trehoz\u00e1s\u00e1ban \u00e9s az \u00f6tletek k\u00f6z\u00f6tti kapcsolatok egy\u00e9rtelm\u0171bb kifejez\u00e9s\u00e9ben.<\/p>\n\n\n\n<h3 class=\"wp-block-heading\" id=\"h-11-conditionals\">11. Felt\u00e9telek:<\/h3>\n\n\n\n<p>A h\u00e9ber felt\u00e9teleket hipotetikus helyzetek \u00e9s azok k\u00f6vetkezm\u00e9nyeinek kifejez\u00e9s\u00e9re haszn\u00e1lj\u00e1k. A k\u00fcl\u00f6nb\u00f6z\u0151 felt\u00e9teles strukt\u00far\u00e1k (ha\/akkor \u00e1ll\u00edt\u00e1sok) megtanul\u00e1sa lehet\u0151v\u00e9 teszi, hogy hipotetikus vagy bizonytalan helyzetekben hat\u00e9konyan kommunik\u00e1ljon.<\/p>\n\n\n\n<h3 class=\"wp-block-heading\" id=\"h-12-sentences\">12. Mondatok:<\/h3>\n\n\n\n<p>V\u00e9g\u00fcl, az \u00f6sszes nyelvtani \u00f6sszetev\u0151 \u00f6sszerak\u00e1sa teljes, koherens mondatokk\u00e1 a h\u00e9ber nyelv tanul\u00e1s\u00e1nak v\u00e9gs\u0151 c\u00e9lja. Gyakorolja a f\u0151nevek, ig\u00e9k, mell\u00e9knevek \u00e9s egy\u00e9b elemek kombin\u00e1l\u00e1s\u00e1t, hogy olyan mondatokat hozzon l\u00e9tre, amelyek pontosan k\u00f6zvet\u00edtik gondolatait \u00e9s \u00f6tleteit h\u00e9ber nyelven.<\/p>\n<\/div><\/div>\n\r\n<section class=\"learnNavigationSection\">\r\n            \r\n        <a href=\"https:\/\/talkpal.ai\/hu\/tanulj-heberul\/\">\r\n            <div class=\"learnNavigationWrapper\">\r\n                <div class=\"learnNavigationContent\">\r\n                    <img decoding=\"async\" src=\"https:\/\/talkpal.ai\/wp-content\/uploads\/2024\/08\/Hebrew.jpg\" alt=\"Israel Flag\">\r\n                    <div>\r\n                        <h4>A h\u00e9ber nyelvtanul\u00e1sr\u00f3l<\/h4>\r\n                        <p>Tudjon meg mindent a h\u00e9ber nyelvtanr\u00f3l.<\/p>\r\n                    <\/div>\r\n                <\/div>\r\n            <\/div>\r\n        <\/a>\r\n\r\n        \r\n        <a href=\"https:\/\/talkpal.ai\/hu\/heber-nyelvtan\/\">\r\n            <div class=\"learnNavigationWrapper\">\r\n                <div class=\"learnNavigationContent\">\r\n                    <img decoding=\"async\" src=\"https:\/\/talkpal.ai\/wp-content\/uploads\/2024\/08\/Hebrew.jpg\" alt=\"Israel Flag\">\r\n                    <div>\r\n                        <h4>H\u00e9ber nyelvtan leck\u00e9k<\/h4>\r\n                        <p>Gyakorold a h\u00e9ber nyelvtant.<\/p>\r\n                    <\/div>\r\n                <\/div>\r\n            <\/div>\r\n        <\/a>\r\n\r\n        \r\n        <a href=\"https:\/\/talkpal.ai\/vocabulary_language\/hebrew\/\">\r\n            <div class=\"learnNavigationWrapper\">\r\n                <div class=\"learnNavigationContent\">\r\n                    <img decoding=\"async\" src=\"https:\/\/talkpal.ai\/wp-content\/uploads\/2024\/08\/Hebrew.jpg\" alt=\"Israel Flag\">\r\n                    <div>\r\n                        <h4>H\u00e9ber sz\u00f3kincs<\/h4>\r\n                        <p>B\u0151v\u00edtse h\u00e9ber sz\u00f3kincs\u00e9t.<\/p>\r\n                    <\/div>\r\n                <\/div>\r\n            <\/div>\r\n        <\/a>\r\n\r\n            <\/section>","protected":false},"excerpt":{"rendered":"<p>H\u00e9ber nyelvtani t\u00e9m\u00e1k A h\u00e9ber egy leny\u0171g\u00f6z\u0151 \u00e9s \u0151si nyelv, amely nagy t\u00f6rt\u00e9nelmi \u00e9s kultur\u00e1lis jelent\u0151s\u00e9ggel b\u00edr. A vil\u00e1g egyik legr\u00e9gebbi nyelvek\u00e9nt az id\u0151k sor\u00e1n fejl\u0151d\u00f6tt \u00e9s alkalmazkodott, \u00edgy kih\u00edv\u00e1st jelent\u0151 \u00e9s kifizet\u0151d\u0151 nyelv a tanul\u00e1shoz. Ak\u00e1r vall\u00e1si okokb\u00f3l, ak\u00e1r az \u00f6r\u00f6ks\u00e9ggel val\u00f3 kapcsolatteremt\u00e9s c\u00e9lj\u00e1b\u00f3l, ak\u00e1r egyszer\u0171en a szem\u00e9lyes fejl\u0151d\u00e9s \u00e9rdek\u00e9ben tanulsz h\u00e9ber\u00fcl, a nyelvtan [&hellip;]<\/p>\n","protected":false},"author":6,"featured_media":112914,"parent":0,"menu_order":0,"comment_status":"closed","ping_status":"closed","template":"LearningContentPage.php","meta":{"_acf_changed":false,"footnotes":""},"class_list":["post-162183","page","type-page","status-publish","has-post-thumbnail","hentry"],"acf":[],"yoast_head":"<!-- This site is optimized with the Yoast SEO Premium plugin v27.2 (Yoast SEO v27.2) - https:\/\/yoast.com\/product\/yoast-seo-premium-wordpress\/ -->\n<title>H\u00e9ber nyelvtani gyakorlatok - Talkpal<\/title>\n<meta name=\"description\" content=\"Er\u0151s\u00edtse meg h\u00e9ber nyelvtani tud\u00e1s\u00e1t - a vil\u00e1gos, gyakorlatias gyakorlatok seg\u00edts\u00e9g\u00e9vel k\u00f6nnyed\u00e9n er\u0151s\u00edtheti nyelvtud\u00e1s\u00e1t a k\u00f6vetkez\u0151kkel Talkpal AI.\" \/>\n<meta name=\"robots\" content=\"index, follow, max-snippet:-1, max-image-preview:large, max-video-preview:-1\" \/>\n<link rel=\"canonical\" href=\"https:\/\/talkpal.ai\/hu\/heber-nyelvtani-gyakorlatok\/\" \/>\n<meta property=\"og:locale\" content=\"hu_HU\" \/>\n<meta property=\"og:type\" content=\"article\" \/>\n<meta property=\"og:title\" content=\"H\u00e9ber nyelvtani gyakorlatok\" \/>\n<meta property=\"og:description\" content=\"H\u00e9ber nyelvtani t\u00e9m\u00e1k A h\u00e9ber egy leny\u0171g\u00f6z\u0151 \u00e9s \u0151si nyelv, amely nagy t\u00f6rt\u00e9nelmi \u00e9s kultur\u00e1lis jelent\u0151s\u00e9ggel b\u00edr. A vil\u00e1g egyik legr\u00e9gebbi nyelvek\u00e9nt az\" \/>\n<meta property=\"og:url\" content=\"https:\/\/talkpal.ai\/hu\/heber-nyelvtani-gyakorlatok\/\" \/>\n<meta property=\"og:site_name\" content=\"Talkpal\" \/>\n<meta property=\"article:publisher\" content=\"https:\/\/www.facebook.com\/profile.php?id=100090733639311\" \/>\n<meta property=\"article:modified_time\" content=\"2025-12-17T15:48:43+00:00\" \/>\n<meta property=\"og:image\" content=\"https:\/\/talkpal.ai\/wp-content\/uploads\/2023\/05\/israel.png\" \/>\n\t<meta property=\"og:image:width\" content=\"512\" \/>\n\t<meta property=\"og:image:height\" content=\"512\" \/>\n\t<meta property=\"og:image:type\" content=\"image\/png\" \/>\n<meta name=\"twitter:card\" content=\"summary_large_image\" \/>\n<meta name=\"twitter:site\" content=\"@talkpalai\" \/>\n<meta name=\"twitter:label1\" content=\"Becs\u00fclt olvas\u00e1si id\u0151\" \/>\n\t<meta name=\"twitter:data1\" content=\"5 perc\" \/>\n<script type=\"application\/ld+json\" class=\"yoast-schema-graph\">{\"@context\":\"https:\/\/schema.org\",\"@graph\":[{\"@type\":\"WebPage\",\"@id\":\"https:\/\/talkpal.ai\/hu\/heber-nyelvtani-gyakorlatok\/\",\"url\":\"https:\/\/talkpal.ai\/hu\/heber-nyelvtani-gyakorlatok\/\",\"name\":\"H\u00e9ber nyelvtani gyakorlatok - Talkpal\",\"isPartOf\":{\"@id\":\"https:\/\/talkpal.ai\/hu\/#website\"},\"primaryImageOfPage\":{\"@id\":\"https:\/\/talkpal.ai\/hu\/heber-nyelvtani-gyakorlatok\/#primaryimage\"},\"image\":{\"@id\":\"https:\/\/talkpal.ai\/hu\/heber-nyelvtani-gyakorlatok\/#primaryimage\"},\"thumbnailUrl\":\"https:\/\/talkpal.ai\/wp-content\/uploads\/2023\/05\/israel.png\",\"datePublished\":\"2023-06-21T14:25:56+00:00\",\"dateModified\":\"2025-12-17T15:48:43+00:00\",\"description\":\"Er\u0151s\u00edtse meg h\u00e9ber nyelvtani tud\u00e1s\u00e1t - a vil\u00e1gos, gyakorlatias gyakorlatok seg\u00edts\u00e9g\u00e9vel k\u00f6nnyed\u00e9n er\u0151s\u00edtheti nyelvtud\u00e1s\u00e1t a k\u00f6vetkez\u0151kkel Talkpal AI.\",\"breadcrumb\":{\"@id\":\"https:\/\/talkpal.ai\/hu\/heber-nyelvtani-gyakorlatok\/#breadcrumb\"},\"inLanguage\":\"hu\",\"potentialAction\":[{\"@type\":\"ReadAction\",\"target\":[\"https:\/\/talkpal.ai\/hu\/heber-nyelvtani-gyakorlatok\/\"]}]},{\"@type\":\"ImageObject\",\"inLanguage\":\"hu\",\"@id\":\"https:\/\/talkpal.ai\/hu\/heber-nyelvtani-gyakorlatok\/#primaryimage\",\"url\":\"https:\/\/talkpal.ai\/wp-content\/uploads\/2023\/05\/israel.png\",\"contentUrl\":\"https:\/\/talkpal.ai\/wp-content\/uploads\/2023\/05\/israel.png\",\"width\":512,\"height\":512},{\"@type\":\"BreadcrumbList\",\"@id\":\"https:\/\/talkpal.ai\/hu\/heber-nyelvtani-gyakorlatok\/#breadcrumb\",\"itemListElement\":[{\"@type\":\"ListItem\",\"position\":1,\"name\":\"Homepage\",\"item\":\"https:\/\/talkpal.ai\/hu\/\"},{\"@type\":\"ListItem\",\"position\":2,\"name\":\"H\u00e9ber nyelvtani gyakorlatok\"}]},{\"@type\":\"WebSite\",\"@id\":\"https:\/\/talkpal.ai\/hu\/#website\",\"url\":\"https:\/\/talkpal.ai\/hu\/\",\"name\":\"Talkpal\",\"description\":\"AI Language Learning\",\"publisher\":{\"@id\":\"https:\/\/talkpal.ai\/hu\/#organization\"},\"alternateName\":\"Talkpal AI\",\"potentialAction\":[{\"@type\":\"SearchAction\",\"target\":{\"@type\":\"EntryPoint\",\"urlTemplate\":\"https:\/\/talkpal.ai\/hu\/?s={search_term_string}\"},\"query-input\":{\"@type\":\"PropertyValueSpecification\",\"valueRequired\":true,\"valueName\":\"search_term_string\"}}],\"inLanguage\":\"hu\"},{\"@type\":\"Organization\",\"@id\":\"https:\/\/talkpal.ai\/hu\/#organization\",\"name\":\"Talkpal, Inc.\",\"alternateName\":\"Talkpal AI\",\"url\":\"https:\/\/talkpal.ai\/hu\/\",\"logo\":{\"@type\":\"ImageObject\",\"inLanguage\":\"hu\",\"@id\":\"https:\/\/talkpal.ai\/hu\/#\/schema\/logo\/image\/\",\"url\":\"https:\/\/talkpal.ai\/wp-content\/uploads\/2024\/03\/Talkpal-Logo-Icon.png\",\"contentUrl\":\"https:\/\/talkpal.ai\/wp-content\/uploads\/2024\/03\/Talkpal-Logo-Icon.png\",\"width\":2880,\"height\":2880,\"caption\":\"Talkpal, Inc.\"},\"image\":{\"@id\":\"https:\/\/talkpal.ai\/hu\/#\/schema\/logo\/image\/\"},\"sameAs\":[\"https:\/\/www.facebook.com\/profile.php?id=100090733639311\",\"https:\/\/x.com\/talkpalai\",\"https:\/\/www.linkedin.com\/company\/talkpal\/\",\"https:\/\/www.youtube.com\/@TalkPal\/\",\"https:\/\/www.tiktok.com\/@talkpal\",\"https:\/\/www.instagram.com\/talkpal_ai\/\",\"https:\/\/www.crunchbase.com\/organization\/talkpal-9cde\",\"https:\/\/www.g2.com\/products\/talkpal-for-business\/\",\"https:\/\/www.trustpilot.com\/review\/talkpal.ai\",\"https:\/\/www.capterra.com\/p\/10006800\/TalkPal\/\"],\"description\":\"Talkpal is a language learning web and mobile education app, powered by the latest AI technologies, that provides engaging experiences to its customers in many different languages to help them improve their language skills. Users can chat about unlimited amount of topics with the app and use other modes to practice their language learning.\",\"email\":\"support@talkpal.ai\",\"legalName\":\"Talkpal, Inc.\",\"foundingDate\":\"2023-04-03\",\"duns\":\"118989042\",\"numberOfEmployees\":{\"@type\":\"QuantitativeValue\",\"minValue\":\"11\",\"maxValue\":\"50\"},\"publishingPrinciples\":\"https:\/\/talkpal.ai\/publishing-principles\/\",\"actionableFeedbackPolicy\":\"https:\/\/talkpal.ai\/actionable-feedback-policy\/\",\"correctionsPolicy\":\"https:\/\/talkpal.ai\/corrections-policy\/\",\"ethicsPolicy\":\"https:\/\/talkpal.ai\/ethics-policy\/\",\"diversityPolicy\":\"https:\/\/talkpal.ai\/diversity-policy\/\",\"diversityStaffingReport\":\"https:\/\/talkpal.ai\/diversity-policy\/\"}]}<\/script>\n<!-- \/ Yoast SEO Premium plugin. -->","yoast_head_json":{"title":"H\u00e9ber nyelvtani gyakorlatok - Talkpal","description":"Er\u0151s\u00edtse meg h\u00e9ber nyelvtani tud\u00e1s\u00e1t - a vil\u00e1gos, gyakorlatias gyakorlatok seg\u00edts\u00e9g\u00e9vel k\u00f6nnyed\u00e9n er\u0151s\u00edtheti nyelvtud\u00e1s\u00e1t a k\u00f6vetkez\u0151kkel Talkpal AI.","robots":{"index":"index","follow":"follow","max-snippet":"max-snippet:-1","max-image-preview":"max-image-preview:large","max-video-preview":"max-video-preview:-1"},"canonical":"https:\/\/talkpal.ai\/hu\/heber-nyelvtani-gyakorlatok\/","og_locale":"hu_HU","og_type":"article","og_title":"H\u00e9ber nyelvtani gyakorlatok","og_description":"H\u00e9ber nyelvtani t\u00e9m\u00e1k A h\u00e9ber egy leny\u0171g\u00f6z\u0151 \u00e9s \u0151si nyelv, amely nagy t\u00f6rt\u00e9nelmi \u00e9s kultur\u00e1lis jelent\u0151s\u00e9ggel b\u00edr. A vil\u00e1g egyik legr\u00e9gebbi nyelvek\u00e9nt az","og_url":"https:\/\/talkpal.ai\/hu\/heber-nyelvtani-gyakorlatok\/","og_site_name":"Talkpal","article_publisher":"https:\/\/www.facebook.com\/profile.php?id=100090733639311","article_modified_time":"2025-12-17T15:48:43+00:00","og_image":[{"width":512,"height":512,"url":"https:\/\/talkpal.ai\/wp-content\/uploads\/2023\/05\/israel.png","type":"image\/png"}],"twitter_card":"summary_large_image","twitter_site":"@talkpalai","twitter_misc":{"Becs\u00fclt olvas\u00e1si id\u0151":"5 perc"},"schema":{"@context":"https:\/\/schema.org","@graph":[{"@type":"WebPage","@id":"https:\/\/talkpal.ai\/hu\/heber-nyelvtani-gyakorlatok\/","url":"https:\/\/talkpal.ai\/hu\/heber-nyelvtani-gyakorlatok\/","name":"H\u00e9ber nyelvtani gyakorlatok - Talkpal","isPartOf":{"@id":"https:\/\/talkpal.ai\/hu\/#website"},"primaryImageOfPage":{"@id":"https:\/\/talkpal.ai\/hu\/heber-nyelvtani-gyakorlatok\/#primaryimage"},"image":{"@id":"https:\/\/talkpal.ai\/hu\/heber-nyelvtani-gyakorlatok\/#primaryimage"},"thumbnailUrl":"https:\/\/talkpal.ai\/wp-content\/uploads\/2023\/05\/israel.png","datePublished":"2023-06-21T14:25:56+00:00","dateModified":"2025-12-17T15:48:43+00:00","description":"Er\u0151s\u00edtse meg h\u00e9ber nyelvtani tud\u00e1s\u00e1t - a vil\u00e1gos, gyakorlatias gyakorlatok seg\u00edts\u00e9g\u00e9vel k\u00f6nnyed\u00e9n er\u0151s\u00edtheti nyelvtud\u00e1s\u00e1t a k\u00f6vetkez\u0151kkel Talkpal AI.","breadcrumb":{"@id":"https:\/\/talkpal.ai\/hu\/heber-nyelvtani-gyakorlatok\/#breadcrumb"},"inLanguage":"hu","potentialAction":[{"@type":"ReadAction","target":["https:\/\/talkpal.ai\/hu\/heber-nyelvtani-gyakorlatok\/"]}]},{"@type":"ImageObject","inLanguage":"hu","@id":"https:\/\/talkpal.ai\/hu\/heber-nyelvtani-gyakorlatok\/#primaryimage","url":"https:\/\/talkpal.ai\/wp-content\/uploads\/2023\/05\/israel.png","contentUrl":"https:\/\/talkpal.ai\/wp-content\/uploads\/2023\/05\/israel.png","width":512,"height":512},{"@type":"BreadcrumbList","@id":"https:\/\/talkpal.ai\/hu\/heber-nyelvtani-gyakorlatok\/#breadcrumb","itemListElement":[{"@type":"ListItem","position":1,"name":"Homepage","item":"https:\/\/talkpal.ai\/hu\/"},{"@type":"ListItem","position":2,"name":"H\u00e9ber nyelvtani gyakorlatok"}]},{"@type":"WebSite","@id":"https:\/\/talkpal.ai\/hu\/#website","url":"https:\/\/talkpal.ai\/hu\/","name":"Talkpal","description":"AI Language Learning","publisher":{"@id":"https:\/\/talkpal.ai\/hu\/#organization"},"alternateName":"Talkpal AI","potentialAction":[{"@type":"SearchAction","target":{"@type":"EntryPoint","urlTemplate":"https:\/\/talkpal.ai\/hu\/?s={search_term_string}"},"query-input":{"@type":"PropertyValueSpecification","valueRequired":true,"valueName":"search_term_string"}}],"inLanguage":"hu"},{"@type":"Organization","@id":"https:\/\/talkpal.ai\/hu\/#organization","name":"Talkpal, Inc.","alternateName":"Talkpal AI","url":"https:\/\/talkpal.ai\/hu\/","logo":{"@type":"ImageObject","inLanguage":"hu","@id":"https:\/\/talkpal.ai\/hu\/#\/schema\/logo\/image\/","url":"https:\/\/talkpal.ai\/wp-content\/uploads\/2024\/03\/Talkpal-Logo-Icon.png","contentUrl":"https:\/\/talkpal.ai\/wp-content\/uploads\/2024\/03\/Talkpal-Logo-Icon.png","width":2880,"height":2880,"caption":"Talkpal, Inc."},"image":{"@id":"https:\/\/talkpal.ai\/hu\/#\/schema\/logo\/image\/"},"sameAs":["https:\/\/www.facebook.com\/profile.php?id=100090733639311","https:\/\/x.com\/talkpalai","https:\/\/www.linkedin.com\/company\/talkpal\/","https:\/\/www.youtube.com\/@TalkPal\/","https:\/\/www.tiktok.com\/@talkpal","https:\/\/www.instagram.com\/talkpal_ai\/","https:\/\/www.crunchbase.com\/organization\/talkpal-9cde","https:\/\/www.g2.com\/products\/talkpal-for-business\/","https:\/\/www.trustpilot.com\/review\/talkpal.ai","https:\/\/www.capterra.com\/p\/10006800\/TalkPal\/"],"description":"Talkpal is a language learning web and mobile education app, powered by the latest AI technologies, that provides engaging experiences to its customers in many different languages to help them improve their language skills. Users can chat about unlimited amount of topics with the app and use other modes to practice their language learning.","email":"support@talkpal.ai","legalName":"Talkpal, Inc.","foundingDate":"2023-04-03","duns":"118989042","numberOfEmployees":{"@type":"QuantitativeValue","minValue":"11","maxValue":"50"},"publishingPrinciples":"https:\/\/talkpal.ai\/publishing-principles\/","actionableFeedbackPolicy":"https:\/\/talkpal.ai\/actionable-feedback-policy\/","correctionsPolicy":"https:\/\/talkpal.ai\/corrections-policy\/","ethicsPolicy":"https:\/\/talkpal.ai\/ethics-policy\/","diversityPolicy":"https:\/\/talkpal.ai\/diversity-policy\/","diversityStaffingReport":"https:\/\/talkpal.ai\/diversity-policy\/"}]}},"_links":{"self":[{"href":"https:\/\/talkpal.ai\/hu\/wp-json\/wp\/v2\/pages\/162183","targetHints":{"allow":["GET"]}}],"collection":[{"href":"https:\/\/talkpal.ai\/hu\/wp-json\/wp\/v2\/pages"}],"about":[{"href":"https:\/\/talkpal.ai\/hu\/wp-json\/wp\/v2\/types\/page"}],"author":[{"embeddable":true,"href":"https:\/\/talkpal.ai\/hu\/wp-json\/wp\/v2\/users\/6"}],"replies":[{"embeddable":true,"href":"https:\/\/talkpal.ai\/hu\/wp-json\/wp\/v2\/comments?post=162183"}],"version-history":[{"count":0,"href":"https:\/\/talkpal.ai\/hu\/wp-json\/wp\/v2\/pages\/162183\/revisions"}],"wp:featuredmedia":[{"embeddable":true,"href":"https:\/\/talkpal.ai\/hu\/wp-json\/wp\/v2\/media\/112914"}],"wp:attachment":[{"href":"https:\/\/talkpal.ai\/hu\/wp-json\/wp\/v2\/media?parent=162183"}],"curies":[{"name":"wp","href":"https:\/\/api.w.org\/{rel}","templated":true}]}}