{"id":161654,"date":"2023-06-21T14:50:44","date_gmt":"2023-06-21T14:50:44","guid":{"rendered":"http:\/\/talkpal.ai\/izlandi-nyelvtani-gyakorlatok\/"},"modified":"2025-12-17T16:09:23","modified_gmt":"2025-12-17T16:09:23","slug":"izlandi-nyelvtani-gyakorlatok","status":"publish","type":"page","link":"https:\/\/talkpal.ai\/hu\/izlandi-nyelvtani-gyakorlatok\/","title":{"rendered":"Izlandi nyelvtani gyakorlatok"},"content":{"rendered":"\r\n\r\n\r\n<section class=\"languageChallengeSection\">\r\n    <div class=\"languageInfoWrapper\">\r\n        \r\n        <h1>Izlandi nyelvtani gyakorlatok<\/h1>\r\n        <p>K\u00e9szen \u00e1ll, hogy meger\u0151s\u00edtse <a href=\"https:\/\/talkpal.ai\/learn-icelandic\/\">izlandi<\/a> nyelvtud\u00e1s\u00e1t? A nyelvtani gyakorlatok gyakorl\u00e1sa remek m\u00f3dja a mondatszerkezet, az igealakok \u00e9s az <a href=\"https:\/\/talkpal.ai\/learn-icelandic\/\">izlandi<\/a> nyelv egyedi jellemz\u0151inek elsaj\u00e1t\u00edt\u00e1s\u00e1nak. Kezdje el felfedezni az izlandi nyelvtant m\u00e9g ma, \u00e9s n\u00e9zze, ahogy \u00f6nbizalma \u00e9s foly\u00e9kony nyelvtud\u00e1sa <a href=\"https:\/\/talkpal.ai\/locations\/language-courses-in-minden\/\">minden<\/a> egyes gyakorlattal n\u0151!\n\n<\/p>\r\n\r\n                            <a class=\"getStartedHidden\" href=\"https:\/\/app.talkpal.ai\/hu\/signup?lng=\">Kezdj\u00fck<\/a>\r\n        \r\n    <\/div>\r\n\r\n    <figure>\r\n    <img decoding=\"async\" width=\"768\" height=\"768\" src=\"https:\/\/talkpal.ai\/wp-content\/uploads\/2023\/06\/Icelandic-768x768.png\" class=\"languageImage no-lazy\" alt=\"Language learning for better job opportunities\" fetchpriority=\"high\" sizes=\"(max-width: 768px) 150px, 768px\" srcset=\"https:\/\/talkpal.ai\/wp-content\/uploads\/2023\/06\/Icelandic-768x768.png 768w, https:\/\/talkpal.ai\/wp-content\/uploads\/2023\/06\/Icelandic-300x300.png 300w\" \/>\r\n    \r\n\r\n    <\/figure>\r\n\r\n            <a class=\"getStartedVisible\" href=\"https:\/\/app.talkpal.ai\/hu\/signup?lng=\">Kezdj\u00fck<\/a>\r\n    \r\n<\/section>\r\n\r\n\r\n<!-- <section class=\"grammarSection\">\r\n    <div class=\"grammarLinks\">\r\n            <\/div>\r\n<\/section> -->\r\n\r\n\r\n\r\n\r\n<section class=\"promotionalBanner\">\r\n    <p class=\"promotionalText\">A nyelvtanul\u00e1s leghat\u00e9konyabb m\u00f3dja<\/p>\r\n    <a class=\"promotionalLink\" href=\"https:\/\/app.talkpal.ai\/hu\/signup?lng=\">Pr\u00f3b\u00e1lja ki a Talkpal ingyen<\/a>\r\n<\/section>\n<div class=\"wp-block-group pageContainerStyle\"><div class=\"wp-block-group__inner-container is-layout-constrained wp-block-group-is-layout-constrained\">\n<h2 class=\"wp-block-heading\" id=\"h-icelandic-grammar-topics\">Izlandi nyelvtani t\u00e9m\u00e1k<\/h2>\n\n\n\n<p>Az izlandi, egy \u00e9szak-germ\u00e1n nyelv, amelyet t\u00f6bb mint 300 000 ember besz\u00e9l, Izland hivatalos nyelve. A komplex nyelvtan\u00e1r\u00f3l \u00e9s gazdag sz\u00f3kincs\u00e9r\u0151l ismert izlandi nyelv egyed\u00fcl\u00e1ll\u00f3 b\u00e1jjal rendelkezik, amely a vil\u00e1g minden t\u00e1j\u00e1r\u00f3l vonzza a nyelvtanul\u00f3kat. Az \u00f3\u00e9szaki gy\u00f6kerekkel rendelkez\u0151 izlandi nyelv er\u0151s irodalmi hagyom\u00e1nyokkal rendelkezik, amelyek a viking korig ny\u00falnak vissza. Ebben a cikkben megvizsg\u00e1ljuk a legfontosabb izlandi nyelvtani t\u00e9m\u00e1kat, amelyek seg\u00edtenek meg\u00e9rteni \u00e9s elsaj\u00e1t\u00edtani ezt a leny\u0171g\u00f6z\u0151 nyelvet, az olyan alapokt\u00f3l, mint a f\u0151nevek \u00e9s ig\u00e9k, az \u00f6sszetettebb strukt\u00far\u00e1kig, mint a felt\u00e9telek \u00e9s az el\u00f6lj\u00e1r\u00f3szavak.<\/p>\n\n\n\n<h3 class=\"wp-block-heading\" id=\"h-1-nouns\">1. F\u0151nevek<\/h3>\n\n\n\n<p>Kezdje az izlandi f\u0151nevek alapjainak megtanul\u00e1s\u00e1val, amelyek magukban foglalj\u00e1k az embereket, helyeket \u00e9s dolgokat. Az izlandi nyelvnek h\u00e1rom nyelvtani neme <a href=\"https:\/\/talkpal.ai\/locations\/language-courses-in-van\/\">van<\/a> (h\u00edmnem\u0171, n\u0151nem\u0171 \u00e9s ivartalan\u00edtott) \u00e9s n\u00e9gy esete (alanyeset, t\u00e1rgyeset, dat\u00edvusz \u00e9s genit\u00edv). Ezeknek a szempontoknak a meg\u00e9rt\u00e9se elengedhetetlen a megfelel\u0151 ragoz\u00e1shoz \u00e9s a besz\u00e9d m\u00e1s r\u00e9szeivel val\u00f3 egyet\u00e9rt\u00e9shez.<\/p>\n\n\n\n<h3 class=\"wp-block-heading\" id=\"h-2-articles\">2. Cikkek<\/h3>\n\n\n\n<p>Az izlandi nyelvben nincsenek hat\u00e1rozatlan n\u00e9vel\u0151k, de vannak hat\u00e1rozott n\u00e9vel\u0151i, amelyek a f\u0151n\u00e9v v\u00e9g\u00e9hez kapcsol\u00f3dnak. Tanulja meg, hogyan kell kialak\u00edtani a hat\u00e1rozott n\u00e9vel\u0151t minden nemhez \u00e9s esethez, mivel ez seg\u00edt a f\u0151nevek helyes haszn\u00e1lat\u00e1ban.<\/p>\n\n\n\n<h3 class=\"wp-block-heading\" id=\"h-3-pronouns-determiners\">3. N\u00e9vm\u00e1sok\/determin\u00e1nsok<\/h3>\n\n\n\n<p>Az izlandi nyelvnek szem\u00e9lyes, birtokos, reflex\u00edv \u00e9s demonstrat\u00edv n\u00e9vm\u00e1sai, valamint kvantifik\u00e1l\u00f3i \u00e9s k\u00e9rd\u0151 meghat\u00e1roz\u00f3i vannak. Ismerkedjen meg ezekkel a n\u00e9vm\u00e1sokkal \u00e9s determin\u00e1nsokkal, valamint a hozz\u00e1juk tartoz\u00f3 ragoz\u00e1sokkal, hogy biztos\u00edtsa a megfelel\u0151 egyet\u00e9rt\u00e9st \u00e9s a mondatok haszn\u00e1lat\u00e1t.<\/p>\n\n\n\n<h3 class=\"wp-block-heading\" id=\"h-4-adjectives\">4. Mell\u00e9knevek<\/h3>\n\n\n\n<p>Az izlandi mell\u00e9kneveknek meg kell egyezni\u00fck nem\u00fckben, sz\u00e1mukban \u00e9s eset\u00fckben az \u00e1ltaluk m\u00f3dos\u00edtott f\u0151n\u00e9vvel. Ismerje meg a mell\u00e9knevek k\u00fcl\u00f6nb\u00f6z\u0151 ragoz\u00e1si mint\u00e1it \u00e9s azok v\u00e1ltoz\u00e1s\u00e1t a f\u0151n\u00e9v neme \u00e9s esete alapj\u00e1n.<\/p>\n\n\n\n<h3 class=\"wp-block-heading\" id=\"h-5-verbs\">5. Ig\u00e9k<\/h3>\n\n\n\n<p>Az izlandi ig\u00e9k igeid\u0151 szerint ragoz\u00f3dnak, hangulat \u00e9s hang szerint. Kezdje a jelen, a m\u00falt \u00e9s a j\u00f6v\u0151 id\u0151, valamint az indikat\u00edv, szubjekt\u00edv \u00e9s imperat\u00edv hangulatok megtanul\u00e1s\u00e1val. Ezenk\u00edv\u00fcl ismerkedjen meg a rendszeres \u00e9s szab\u00e1lytalan ig\u00e9k konjug\u00e1ci\u00f3s mint\u00e1ival.<\/p>\n\n\n\n<h3 class=\"wp-block-heading\" id=\"h-6-tense-comparison\">6. Fesz\u00fclt \u00f6sszehasonl\u00edt\u00e1s<\/h3>\n\n\n\n<p>\u00c9rtsd meg az egyes id\u0151k egyszer\u0171 \u00e9s folyamatos form\u00e1i k\u00f6z\u00f6tti k\u00fcl\u00f6nbs\u00e9get. Az izlandi nyelvnek nincs olyan progressz\u00edv aspektusa, mint az angolnak, ez\u00e9rt megtanulj\u00e1k, hogyan fejezz\u00e9k ki a folyamatban l\u00e9v\u0151 tev\u00e9kenys\u00e9geket m\u00e1s strukt\u00far\u00e1k seg\u00edts\u00e9g\u00e9vel.<\/p>\n\n\n\n<h3 class=\"wp-block-heading\" id=\"h-7-perfect-progressive\">7. T\u00f6k\u00e9letes progressz\u00edv<\/h3>\n\n\n\n<p>Az izlandi nyelvnek nincs k\u00f6zvetlen megfelel\u0151je az <a href=\"https:\/\/talkpal.ai\/locations\/language-courses-in-angol\/\">angol<\/a> t\u00f6k\u00e9letes progressz\u00edv id\u0151nek. Azonban megtanulhatja, hogy hasonl\u00f3 \u00f6tleteket fejezzen ki perif\u00e9ri\u00e1s konstrukci\u00f3kkal, seg\u00e9dig\u00e9kkel \u00e9s r\u00e9sztvev\u0151kkel.<\/p>\n\n\n\n<h3 class=\"wp-block-heading\" id=\"h-8-adverbs\">8. Hat\u00e1roz\u00f3szavak<\/h3>\n\n\n\n<p>A hat\u00e1roz\u00f3szavak m\u00f3dos\u00edtj\u00e1k az ig\u00e9ket, mell\u00e9kneveket \u00e9s m\u00e1s hat\u00e1roz\u00f3szavakat. Ismerje meg az izlandi nyelv k\u00fcl\u00f6nb\u00f6z\u0151 t\u00edpus\u00fa hat\u00e1roz\u00f3sz\u00f3it, valamint azok mondatokban val\u00f3 elhelyez\u00e9s\u00e9t.<\/p>\n\n\n\n<h3 class=\"wp-block-heading\" id=\"h-9-prepositions\">9. El\u00f6lj\u00e1r\u00f3szavak<\/h3>\n\n\n\n<p>A prepoz\u00edci\u00f3k a f\u0151n\u00e9v vagy n\u00e9vm\u00e1s \u00e9s a mondat egy m\u00e1sik eleme k\u00f6z\u00f6tti kapcsolatot mutatj\u00e1k. Tanulm\u00e1nyozza a leggyakoribb izlandi el\u00f6lj\u00e1r\u00f3szavakat \u00e9s azok eseteit, hogy helyesen haszn\u00e1lja \u0151ket.<\/p>\n\n\n\n<h3 class=\"wp-block-heading\" id=\"h-10-conditionals\">10. Felt\u00e9telek<\/h3>\n\n\n\n<p>Az izlandi nyelvben h\u00e1romf\u00e9le felt\u00e9teles mondat van: val\u00f3s, irre\u00e1lis \u00e9s m\u00faltbeli irre\u00e1lis. Ismerje meg ezeknek a felt\u00e9teleknek a szerkezet\u00e9t \u00e9s haszn\u00e1lat\u00e1t a hipotetikus helyzetek \u00e9s azok lehets\u00e9ges eredm\u00e9nyeinek kifejez\u00e9s\u00e9re.<\/p>\n\n\n\n<h3 class=\"wp-block-heading\" id=\"h-11-sentences\">11. Mondatok<\/h3>\n\n\n\n<p>V\u00e9g\u00fcl gyakorolja a k\u00fcl\u00f6nb\u00f6z\u0151 t\u00edpus\u00fa izlandi mondatok fel\u00e9p\u00edt\u00e9s\u00e9t, mint p\u00e9ld\u00e1ul a deklarat\u00edv, k\u00e9rd\u0151, imperat\u00edv \u00e9s felki\u00e1lt\u00f3. Ez seg\u00edt abban, hogy er\u0151s alapot teremtsen az izlandi szintaxisban \u00e9s az \u00e1ltal\u00e1nos nyelvtud\u00e1sban.<\/p>\n<\/div><\/div>\n\r\n<section class=\"learnNavigationSection\">\r\n            \r\n        <a href=\"https:\/\/talkpal.ai\/hu\/tanulj-izlandiul\/\">\r\n            <div class=\"learnNavigationWrapper\">\r\n                <div class=\"learnNavigationContent\">\r\n                    <img decoding=\"async\" src=\"https:\/\/talkpal.ai\/wp-content\/uploads\/2024\/08\/Icelandic.jpg\" alt=\"Iceland Flag\">\r\n                    <div>\r\n                        <h4>Az izlandi tanul\u00e1sr\u00f3l<\/h4>\r\n                        <p>Tudjon meg mindent az izlandi nyelvtanr\u00f3l.<\/p>\r\n                    <\/div>\r\n                <\/div>\r\n            <\/div>\r\n        <\/a>\r\n\r\n        \r\n        <a href=\"https:\/\/talkpal.ai\/hu\/izlandi-nyelvtan\/\">\r\n            <div class=\"learnNavigationWrapper\">\r\n                <div class=\"learnNavigationContent\">\r\n                    <img decoding=\"async\" src=\"https:\/\/talkpal.ai\/wp-content\/uploads\/2024\/08\/Icelandic.jpg\" alt=\"Iceland Flag\">\r\n                    <div>\r\n                        <h4>Izlandi nyelvtan leck\u00e9k<\/h4>\r\n                        <p>Gyakorolja az izlandi nyelvtant.<\/p>\r\n                    <\/div>\r\n                <\/div>\r\n            <\/div>\r\n        <\/a>\r\n\r\n        \r\n        <a href=\"https:\/\/talkpal.ai\/vocabulary_language\/icelandic\/\">\r\n            <div class=\"learnNavigationWrapper\">\r\n                <div class=\"learnNavigationContent\">\r\n                    <img decoding=\"async\" src=\"https:\/\/talkpal.ai\/wp-content\/uploads\/2024\/08\/Icelandic.jpg\" alt=\"Iceland Flag\">\r\n                    <div>\r\n                        <h4>Izlandi sz\u00f3kincs<\/h4>\r\n                        <p>B\u0151v\u00edtse izlandi sz\u00f3kincs\u00e9t.<\/p>\r\n                    <\/div>\r\n                <\/div>\r\n            <\/div>\r\n        <\/a>\r\n\r\n            <\/section>","protected":false},"excerpt":{"rendered":"<p>Izlandi nyelvtani t\u00e9m\u00e1k Az izlandi, egy \u00e9szak-germ\u00e1n nyelv, amelyet t\u00f6bb mint 300 000 ember besz\u00e9l, Izland hivatalos nyelve. A komplex nyelvtan\u00e1r\u00f3l \u00e9s gazdag sz\u00f3kincs\u00e9r\u0151l ismert izlandi nyelv egyed\u00fcl\u00e1ll\u00f3 b\u00e1jjal rendelkezik, amely a vil\u00e1g minden t\u00e1j\u00e1r\u00f3l vonzza a nyelvtanul\u00f3kat. Az \u00f3\u00e9szaki gy\u00f6kerekkel rendelkez\u0151 izlandi nyelv er\u0151s irodalmi hagyom\u00e1nyokkal rendelkezik, amelyek a viking korig ny\u00falnak vissza. Ebben [&hellip;]<\/p>\n","protected":false},"author":6,"featured_media":113426,"parent":0,"menu_order":0,"comment_status":"closed","ping_status":"closed","template":"LearningContentPage.php","meta":{"_acf_changed":false,"footnotes":""},"class_list":["post-161654","page","type-page","status-publish","has-post-thumbnail","hentry"],"acf":[],"yoast_head":"<!-- This site is optimized with the Yoast SEO Premium plugin v27.2 (Yoast SEO v27.2) - https:\/\/yoast.com\/product\/yoast-seo-premium-wordpress\/ -->\n<title>Izlandi nyelvtani gyakorlatok - Talkpal<\/title>\n<meta name=\"description\" content=\"Gyakorolja k\u00f6nnyed\u00e9n az izlandi nyelvtant - er\u0151s\u00edtse k\u00e9szs\u00e9geit a gyakorlatok, az interakt\u00edv gyakorl\u00e1s \u00e9s az azonnali visszajelz\u00e9s seg\u00edts\u00e9g\u00e9vel. Talkpal AI.\" \/>\n<meta name=\"robots\" content=\"index, follow, max-snippet:-1, max-image-preview:large, max-video-preview:-1\" \/>\n<link rel=\"canonical\" href=\"https:\/\/talkpal.ai\/hu\/izlandi-nyelvtani-gyakorlatok\/\" \/>\n<meta property=\"og:locale\" content=\"hu_HU\" \/>\n<meta property=\"og:type\" content=\"article\" \/>\n<meta property=\"og:title\" content=\"Izlandi nyelvtani gyakorlatok\" \/>\n<meta property=\"og:description\" content=\"Izlandi nyelvtani t\u00e9m\u00e1k Az izlandi, egy \u00e9szak-germ\u00e1n nyelv, amelyet t\u00f6bb mint 300 000 ember besz\u00e9l, Izland hivatalos nyelve. A komplex nyelvtan\u00e1r\u00f3l \u00e9s\" \/>\n<meta property=\"og:url\" content=\"https:\/\/talkpal.ai\/hu\/izlandi-nyelvtani-gyakorlatok\/\" \/>\n<meta property=\"og:site_name\" content=\"Talkpal\" \/>\n<meta property=\"article:publisher\" content=\"https:\/\/www.facebook.com\/profile.php?id=100090733639311\" \/>\n<meta property=\"article:modified_time\" content=\"2025-12-17T16:09:23+00:00\" \/>\n<meta property=\"og:image\" content=\"https:\/\/talkpal.ai\/wp-content\/uploads\/2023\/05\/iceland.png\" \/>\n\t<meta property=\"og:image:width\" content=\"512\" \/>\n\t<meta property=\"og:image:height\" content=\"512\" \/>\n\t<meta property=\"og:image:type\" content=\"image\/png\" \/>\n<meta name=\"twitter:card\" content=\"summary_large_image\" \/>\n<meta name=\"twitter:site\" content=\"@talkpalai\" \/>\n<meta name=\"twitter:label1\" content=\"Becs\u00fclt olvas\u00e1si id\u0151\" \/>\n\t<meta name=\"twitter:data1\" content=\"4 perc\" \/>\n<script type=\"application\/ld+json\" class=\"yoast-schema-graph\">{\"@context\":\"https:\/\/schema.org\",\"@graph\":[{\"@type\":\"WebPage\",\"@id\":\"https:\/\/talkpal.ai\/hu\/izlandi-nyelvtani-gyakorlatok\/\",\"url\":\"https:\/\/talkpal.ai\/hu\/izlandi-nyelvtani-gyakorlatok\/\",\"name\":\"Izlandi nyelvtani gyakorlatok - Talkpal\",\"isPartOf\":{\"@id\":\"https:\/\/talkpal.ai\/hu\/#website\"},\"primaryImageOfPage\":{\"@id\":\"https:\/\/talkpal.ai\/hu\/izlandi-nyelvtani-gyakorlatok\/#primaryimage\"},\"image\":{\"@id\":\"https:\/\/talkpal.ai\/hu\/izlandi-nyelvtani-gyakorlatok\/#primaryimage\"},\"thumbnailUrl\":\"https:\/\/talkpal.ai\/wp-content\/uploads\/2023\/05\/iceland.png\",\"datePublished\":\"2023-06-21T14:50:44+00:00\",\"dateModified\":\"2025-12-17T16:09:23+00:00\",\"description\":\"Gyakorolja k\u00f6nnyed\u00e9n az izlandi nyelvtant - er\u0151s\u00edtse k\u00e9szs\u00e9geit a gyakorlatok, az interakt\u00edv gyakorl\u00e1s \u00e9s az azonnali visszajelz\u00e9s seg\u00edts\u00e9g\u00e9vel. Talkpal AI.\",\"breadcrumb\":{\"@id\":\"https:\/\/talkpal.ai\/hu\/izlandi-nyelvtani-gyakorlatok\/#breadcrumb\"},\"inLanguage\":\"hu\",\"potentialAction\":[{\"@type\":\"ReadAction\",\"target\":[\"https:\/\/talkpal.ai\/hu\/izlandi-nyelvtani-gyakorlatok\/\"]}]},{\"@type\":\"ImageObject\",\"inLanguage\":\"hu\",\"@id\":\"https:\/\/talkpal.ai\/hu\/izlandi-nyelvtani-gyakorlatok\/#primaryimage\",\"url\":\"https:\/\/talkpal.ai\/wp-content\/uploads\/2023\/05\/iceland.png\",\"contentUrl\":\"https:\/\/talkpal.ai\/wp-content\/uploads\/2023\/05\/iceland.png\",\"width\":512,\"height\":512},{\"@type\":\"BreadcrumbList\",\"@id\":\"https:\/\/talkpal.ai\/hu\/izlandi-nyelvtani-gyakorlatok\/#breadcrumb\",\"itemListElement\":[{\"@type\":\"ListItem\",\"position\":1,\"name\":\"Homepage\",\"item\":\"https:\/\/talkpal.ai\/hu\/\"},{\"@type\":\"ListItem\",\"position\":2,\"name\":\"Izlandi nyelvtani gyakorlatok\"}]},{\"@type\":\"WebSite\",\"@id\":\"https:\/\/talkpal.ai\/hu\/#website\",\"url\":\"https:\/\/talkpal.ai\/hu\/\",\"name\":\"Talkpal\",\"description\":\"AI Language Learning\",\"publisher\":{\"@id\":\"https:\/\/talkpal.ai\/hu\/#organization\"},\"alternateName\":\"Talkpal AI\",\"potentialAction\":[{\"@type\":\"SearchAction\",\"target\":{\"@type\":\"EntryPoint\",\"urlTemplate\":\"https:\/\/talkpal.ai\/hu\/?s={search_term_string}\"},\"query-input\":{\"@type\":\"PropertyValueSpecification\",\"valueRequired\":true,\"valueName\":\"search_term_string\"}}],\"inLanguage\":\"hu\"},{\"@type\":\"Organization\",\"@id\":\"https:\/\/talkpal.ai\/hu\/#organization\",\"name\":\"Talkpal, Inc.\",\"alternateName\":\"Talkpal AI\",\"url\":\"https:\/\/talkpal.ai\/hu\/\",\"logo\":{\"@type\":\"ImageObject\",\"inLanguage\":\"hu\",\"@id\":\"https:\/\/talkpal.ai\/hu\/#\/schema\/logo\/image\/\",\"url\":\"https:\/\/talkpal.ai\/wp-content\/uploads\/2024\/03\/Talkpal-Logo-Icon.png\",\"contentUrl\":\"https:\/\/talkpal.ai\/wp-content\/uploads\/2024\/03\/Talkpal-Logo-Icon.png\",\"width\":2880,\"height\":2880,\"caption\":\"Talkpal, Inc.\"},\"image\":{\"@id\":\"https:\/\/talkpal.ai\/hu\/#\/schema\/logo\/image\/\"},\"sameAs\":[\"https:\/\/www.facebook.com\/profile.php?id=100090733639311\",\"https:\/\/x.com\/talkpalai\",\"https:\/\/www.linkedin.com\/company\/talkpal\/\",\"https:\/\/www.youtube.com\/@TalkPal\/\",\"https:\/\/www.tiktok.com\/@talkpal\",\"https:\/\/www.instagram.com\/talkpal_ai\/\",\"https:\/\/www.crunchbase.com\/organization\/talkpal-9cde\",\"https:\/\/www.g2.com\/products\/talkpal-for-business\/\",\"https:\/\/www.trustpilot.com\/review\/talkpal.ai\",\"https:\/\/www.capterra.com\/p\/10006800\/TalkPal\/\"],\"description\":\"Talkpal is a language learning web and mobile education app, powered by the latest AI technologies, that provides engaging experiences to its customers in many different languages to help them improve their language skills. Users can chat about unlimited amount of topics with the app and use other modes to practice their language learning.\",\"email\":\"support@talkpal.ai\",\"legalName\":\"Talkpal, Inc.\",\"foundingDate\":\"2023-04-03\",\"duns\":\"118989042\",\"numberOfEmployees\":{\"@type\":\"QuantitativeValue\",\"minValue\":\"11\",\"maxValue\":\"50\"},\"publishingPrinciples\":\"https:\/\/talkpal.ai\/publishing-principles\/\",\"actionableFeedbackPolicy\":\"https:\/\/talkpal.ai\/actionable-feedback-policy\/\",\"correctionsPolicy\":\"https:\/\/talkpal.ai\/corrections-policy\/\",\"ethicsPolicy\":\"https:\/\/talkpal.ai\/ethics-policy\/\",\"diversityPolicy\":\"https:\/\/talkpal.ai\/diversity-policy\/\",\"diversityStaffingReport\":\"https:\/\/talkpal.ai\/diversity-policy\/\"}]}<\/script>\n<!-- \/ Yoast SEO Premium plugin. -->","yoast_head_json":{"title":"Izlandi nyelvtani gyakorlatok - Talkpal","description":"Gyakorolja k\u00f6nnyed\u00e9n az izlandi nyelvtant - er\u0151s\u00edtse k\u00e9szs\u00e9geit a gyakorlatok, az interakt\u00edv gyakorl\u00e1s \u00e9s az azonnali visszajelz\u00e9s seg\u00edts\u00e9g\u00e9vel. Talkpal AI.","robots":{"index":"index","follow":"follow","max-snippet":"max-snippet:-1","max-image-preview":"max-image-preview:large","max-video-preview":"max-video-preview:-1"},"canonical":"https:\/\/talkpal.ai\/hu\/izlandi-nyelvtani-gyakorlatok\/","og_locale":"hu_HU","og_type":"article","og_title":"Izlandi nyelvtani gyakorlatok","og_description":"Izlandi nyelvtani t\u00e9m\u00e1k Az izlandi, egy \u00e9szak-germ\u00e1n nyelv, amelyet t\u00f6bb mint 300 000 ember besz\u00e9l, Izland hivatalos nyelve. A komplex nyelvtan\u00e1r\u00f3l \u00e9s","og_url":"https:\/\/talkpal.ai\/hu\/izlandi-nyelvtani-gyakorlatok\/","og_site_name":"Talkpal","article_publisher":"https:\/\/www.facebook.com\/profile.php?id=100090733639311","article_modified_time":"2025-12-17T16:09:23+00:00","og_image":[{"width":512,"height":512,"url":"https:\/\/talkpal.ai\/wp-content\/uploads\/2023\/05\/iceland.png","type":"image\/png"}],"twitter_card":"summary_large_image","twitter_site":"@talkpalai","twitter_misc":{"Becs\u00fclt olvas\u00e1si id\u0151":"4 perc"},"schema":{"@context":"https:\/\/schema.org","@graph":[{"@type":"WebPage","@id":"https:\/\/talkpal.ai\/hu\/izlandi-nyelvtani-gyakorlatok\/","url":"https:\/\/talkpal.ai\/hu\/izlandi-nyelvtani-gyakorlatok\/","name":"Izlandi nyelvtani gyakorlatok - Talkpal","isPartOf":{"@id":"https:\/\/talkpal.ai\/hu\/#website"},"primaryImageOfPage":{"@id":"https:\/\/talkpal.ai\/hu\/izlandi-nyelvtani-gyakorlatok\/#primaryimage"},"image":{"@id":"https:\/\/talkpal.ai\/hu\/izlandi-nyelvtani-gyakorlatok\/#primaryimage"},"thumbnailUrl":"https:\/\/talkpal.ai\/wp-content\/uploads\/2023\/05\/iceland.png","datePublished":"2023-06-21T14:50:44+00:00","dateModified":"2025-12-17T16:09:23+00:00","description":"Gyakorolja k\u00f6nnyed\u00e9n az izlandi nyelvtant - er\u0151s\u00edtse k\u00e9szs\u00e9geit a gyakorlatok, az interakt\u00edv gyakorl\u00e1s \u00e9s az azonnali visszajelz\u00e9s seg\u00edts\u00e9g\u00e9vel. Talkpal AI.","breadcrumb":{"@id":"https:\/\/talkpal.ai\/hu\/izlandi-nyelvtani-gyakorlatok\/#breadcrumb"},"inLanguage":"hu","potentialAction":[{"@type":"ReadAction","target":["https:\/\/talkpal.ai\/hu\/izlandi-nyelvtani-gyakorlatok\/"]}]},{"@type":"ImageObject","inLanguage":"hu","@id":"https:\/\/talkpal.ai\/hu\/izlandi-nyelvtani-gyakorlatok\/#primaryimage","url":"https:\/\/talkpal.ai\/wp-content\/uploads\/2023\/05\/iceland.png","contentUrl":"https:\/\/talkpal.ai\/wp-content\/uploads\/2023\/05\/iceland.png","width":512,"height":512},{"@type":"BreadcrumbList","@id":"https:\/\/talkpal.ai\/hu\/izlandi-nyelvtani-gyakorlatok\/#breadcrumb","itemListElement":[{"@type":"ListItem","position":1,"name":"Homepage","item":"https:\/\/talkpal.ai\/hu\/"},{"@type":"ListItem","position":2,"name":"Izlandi nyelvtani gyakorlatok"}]},{"@type":"WebSite","@id":"https:\/\/talkpal.ai\/hu\/#website","url":"https:\/\/talkpal.ai\/hu\/","name":"Talkpal","description":"AI Language Learning","publisher":{"@id":"https:\/\/talkpal.ai\/hu\/#organization"},"alternateName":"Talkpal AI","potentialAction":[{"@type":"SearchAction","target":{"@type":"EntryPoint","urlTemplate":"https:\/\/talkpal.ai\/hu\/?s={search_term_string}"},"query-input":{"@type":"PropertyValueSpecification","valueRequired":true,"valueName":"search_term_string"}}],"inLanguage":"hu"},{"@type":"Organization","@id":"https:\/\/talkpal.ai\/hu\/#organization","name":"Talkpal, Inc.","alternateName":"Talkpal AI","url":"https:\/\/talkpal.ai\/hu\/","logo":{"@type":"ImageObject","inLanguage":"hu","@id":"https:\/\/talkpal.ai\/hu\/#\/schema\/logo\/image\/","url":"https:\/\/talkpal.ai\/wp-content\/uploads\/2024\/03\/Talkpal-Logo-Icon.png","contentUrl":"https:\/\/talkpal.ai\/wp-content\/uploads\/2024\/03\/Talkpal-Logo-Icon.png","width":2880,"height":2880,"caption":"Talkpal, Inc."},"image":{"@id":"https:\/\/talkpal.ai\/hu\/#\/schema\/logo\/image\/"},"sameAs":["https:\/\/www.facebook.com\/profile.php?id=100090733639311","https:\/\/x.com\/talkpalai","https:\/\/www.linkedin.com\/company\/talkpal\/","https:\/\/www.youtube.com\/@TalkPal\/","https:\/\/www.tiktok.com\/@talkpal","https:\/\/www.instagram.com\/talkpal_ai\/","https:\/\/www.crunchbase.com\/organization\/talkpal-9cde","https:\/\/www.g2.com\/products\/talkpal-for-business\/","https:\/\/www.trustpilot.com\/review\/talkpal.ai","https:\/\/www.capterra.com\/p\/10006800\/TalkPal\/"],"description":"Talkpal is a language learning web and mobile education app, powered by the latest AI technologies, that provides engaging experiences to its customers in many different languages to help them improve their language skills. Users can chat about unlimited amount of topics with the app and use other modes to practice their language learning.","email":"support@talkpal.ai","legalName":"Talkpal, Inc.","foundingDate":"2023-04-03","duns":"118989042","numberOfEmployees":{"@type":"QuantitativeValue","minValue":"11","maxValue":"50"},"publishingPrinciples":"https:\/\/talkpal.ai\/publishing-principles\/","actionableFeedbackPolicy":"https:\/\/talkpal.ai\/actionable-feedback-policy\/","correctionsPolicy":"https:\/\/talkpal.ai\/corrections-policy\/","ethicsPolicy":"https:\/\/talkpal.ai\/ethics-policy\/","diversityPolicy":"https:\/\/talkpal.ai\/diversity-policy\/","diversityStaffingReport":"https:\/\/talkpal.ai\/diversity-policy\/"}]}},"_links":{"self":[{"href":"https:\/\/talkpal.ai\/hu\/wp-json\/wp\/v2\/pages\/161654","targetHints":{"allow":["GET"]}}],"collection":[{"href":"https:\/\/talkpal.ai\/hu\/wp-json\/wp\/v2\/pages"}],"about":[{"href":"https:\/\/talkpal.ai\/hu\/wp-json\/wp\/v2\/types\/page"}],"author":[{"embeddable":true,"href":"https:\/\/talkpal.ai\/hu\/wp-json\/wp\/v2\/users\/6"}],"replies":[{"embeddable":true,"href":"https:\/\/talkpal.ai\/hu\/wp-json\/wp\/v2\/comments?post=161654"}],"version-history":[{"count":0,"href":"https:\/\/talkpal.ai\/hu\/wp-json\/wp\/v2\/pages\/161654\/revisions"}],"wp:featuredmedia":[{"embeddable":true,"href":"https:\/\/talkpal.ai\/hu\/wp-json\/wp\/v2\/media\/113426"}],"wp:attachment":[{"href":"https:\/\/talkpal.ai\/hu\/wp-json\/wp\/v2\/media?parent=161654"}],"curies":[{"name":"wp","href":"https:\/\/api.w.org\/{rel}","templated":true}]}}