{"id":161350,"date":"2023-06-22T07:25:42","date_gmt":"2023-06-22T07:25:42","guid":{"rendered":"http:\/\/talkpal.ai\/indonez-nyelvtani-gyakorlatok\/"},"modified":"2025-12-17T15:09:01","modified_gmt":"2025-12-17T15:09:01","slug":"indonez-nyelvtani-gyakorlatok","status":"publish","type":"page","link":"https:\/\/talkpal.ai\/hu\/indonez-nyelvtani-gyakorlatok\/","title":{"rendered":"Indon\u00e9z nyelvtani gyakorlatok"},"content":{"rendered":"\r\n\r\n\r\n<section class=\"languageChallengeSection\">\r\n    <div class=\"languageInfoWrapper\">\r\n        \r\n        <h1>Indon\u00e9z nyelvtani gyakorlatok<\/h1>\r\n        <p>Szeretn\u00e9d n\u00f6velni az \u00f6nbizalmadat <a href=\"https:\/\/talkpal.ai\/learn-indonesian\/\">indon\u00e9z<\/a> nyelven? A nyelvtani gyakorlatok remek lehet\u0151s\u00e9get ny\u00fajtanak a mondatszerkezet, az igealakok \u00e9s a kulcsfontoss\u00e1g\u00fa mint\u00e1k elsaj\u00e1t\u00edt\u00e1s\u00e1ra, amelyek seg\u00edtenek a term\u00e9szetesebb kommunik\u00e1ci\u00f3ban. Kezdje el gyakorolni az <a href=\"https:\/\/talkpal.ai\/learn-indonesian\/\">indon\u00e9z<\/a> nyelvtant m\u00e9g ma, \u00e9s n\u00e9zze, ahogy k\u00e9szs\u00e9gei \u00e9s meg\u00e9rt\u00e9se minden egyes foglalkoz\u00e1ssal n\u00f6vekszik!<\/p>\r\n\r\n                            <a class=\"getStartedHidden\" href=\"https:\/\/app.talkpal.ai\/hu\/signup?lng=\">Kezdj\u00fck<\/a>\r\n        \r\n    <\/div>\r\n\r\n    <figure>\r\n    <img decoding=\"async\" width=\"768\" height=\"768\" src=\"https:\/\/talkpal.ai\/wp-content\/uploads\/2023\/06\/indonesia-768x768.png\" class=\"languageImage no-lazy\" alt=\"Language learning for personal achievement\" fetchpriority=\"high\" sizes=\"(max-width: 768px) 150px, 768px\" srcset=\"https:\/\/talkpal.ai\/wp-content\/uploads\/2023\/06\/indonesia-768x768.png 768w, https:\/\/talkpal.ai\/wp-content\/uploads\/2023\/06\/indonesia-300x300.png 300w\" \/>\r\n    \r\n\r\n    <\/figure>\r\n\r\n            <a class=\"getStartedVisible\" href=\"https:\/\/app.talkpal.ai\/hu\/signup?lng=\">Kezdj\u00fck<\/a>\r\n    \r\n<\/section>\r\n\r\n\r\n<!-- <section class=\"grammarSection\">\r\n    <div class=\"grammarLinks\">\r\n            <\/div>\r\n<\/section> -->\r\n\r\n\r\n\r\n\r\n<section class=\"promotionalBanner\">\r\n    <p class=\"promotionalText\">A nyelvtanul\u00e1s leghat\u00e9konyabb m\u00f3dja<\/p>\r\n    <a class=\"promotionalLink\" href=\"https:\/\/app.talkpal.ai\/hu\/signup?lng=\">Pr\u00f3b\u00e1lja ki a Talkpal ingyen<\/a>\r\n<\/section>\n<div class=\"wp-block-group pageContainerStyle\"><div class=\"wp-block-group__inner-container is-layout-constrained wp-block-group-is-layout-constrained\">\n<h2 class=\"wp-block-heading\" id=\"h-indonesian-grammar-topics\">Indon\u00e9z nyelvtani t\u00e9m\u00e1k<\/h2>\n\n\n\n<p>Az indon\u00e9z vagy a <a href=\"https:\/\/talkpal.ai\/id\/belajar-bahasa-indonesia\/\">Bahasa Indonesia<\/a> Indon\u00e9zia hivatalos nyelve, \u00e9s egyes\u00edt\u0151 nyelvk\u00e9nt szolg\u00e1l egy olyan orsz\u00e1gban, ahol t\u00f6bb mint 700 besz\u00e9lt nyelv <a href=\"https:\/\/talkpal.ai\/locations\/language-courses-in-van\/\">van<\/a>. A <a href=\"https:\/\/talkpal.ai\/learn-malay\/\">mal\u00e1j<\/a> nyelv szabv\u00e1nyos\u00edtott regiszterek\u00e9nt ez egy ausztron\u00e9z nyelv, k\u00f6nnyen megtanulhat\u00f3 nyelvtani rendszerrel. Az indon\u00e9z nyelvtanul\u00e1s sor\u00e1n a hat\u00e9kony kommunik\u00e1ci\u00f3hoz elengedhetetlen a nyelvtani szab\u00e1lyok \u00e9s a nyelvi szerkezet meg\u00e9rt\u00e9se. Ebben az \u00fatmutat\u00f3ban a k\u00fcl\u00f6nb\u00f6z\u0151 indon\u00e9z nyelvtani t\u00e9m\u00e1k, p\u00e9ld\u00e1ul igeid\u0151k, ig\u00e9k, f\u0151nevek, cikkek, n\u00e9vm\u00e1sok, mell\u00e9knevek, hat\u00e1roz\u00f3sz\u00f3k, hat\u00e1roz\u00f3sz\u00f3k, felt\u00e9telesek, el\u00f6lj\u00e1r\u00f3szavak \u00e9s mondatszerkezet tanul\u00e1s\u00e1nak sorrendj\u00e9re \u00f6sszpontos\u00edtunk.<\/p>\n\n\n\n<h3 class=\"wp-block-heading\" id=\"h-1-nouns\">1. F\u0151nevek<\/h3>\n\n\n\n<p>Kezdje az indon\u00e9z f\u0151nevek tanul\u00e1s\u00e1val, mivel ezek a nyelv legegyszer\u0171bb \u00e9p\u00edt\u0151k\u00f6vei. Az indon\u00e9z f\u0151nevek nem nem\u0171ek vagy t\u00f6bbes sz\u00e1m\u00faak, \u00edgy k\u00f6nnyen meg\u00e9rthet\u0151k. Ismerkedjen meg a gyakori f\u0151nevekkel \u00e9s azok haszn\u00e1lat\u00e1val a kontextusban.<\/p>\n\n\n\n<h3 class=\"wp-block-heading\" id=\"h-2-pronouns-determiners\">2. N\u00e9vm\u00e1sok\/determin\u00e1nsok<\/h3>\n\n\n\n<p>A f\u0151nevek meg\u00e9rt\u00e9se ut\u00e1n tanulja meg a n\u00e9vm\u00e1sokat \u00e9s a meghat\u00e1roz\u00f3kat. Az indon\u00e9z nyelvnek k\u00fcl\u00f6nb\u00f6z\u0151 szem\u00e9lyes n\u00e9vm\u00e1sai \u00e9s birtokos determin\u00e1nsai vannak, amelyek megfelelnek az <a href=\"https:\/\/talkpal.ai\/locations\/language-courses-in-angol\/\">angol<\/a> megfelel\u0151knek. Gyakorolja haszn\u00e1latukat k\u00fcl\u00f6nb\u00f6z\u0151 kontextusokban, hogy megalapozza a mondat\u00e9p\u00edt\u00e9st.<\/p>\n\n\n\n<h3 class=\"wp-block-heading\" id=\"h-3-adjectives\">3. Mell\u00e9knevek<\/h3>\n\n\n\n<p>A mell\u00e9knevek elengedhetetlenek az indon\u00e9z f\u0151nevek le\u00edr\u00e1s\u00e1hoz \u00e9s megk\u00fcl\u00f6nb\u00f6ztet\u00e9s\u00e9hez. Ismerje meg, hogyan kell haszn\u00e1lni a mell\u00e9kneveket egyszer\u0171 mondatokban, \u00e9s meg\u00e9rteni azok elhelyez\u00e9s\u00e9t a f\u0151nevekhez k\u00e9pest.<\/p>\n\n\n\n<h3 class=\"wp-block-heading\" id=\"h-4-verbs\">4. Ig\u00e9k<\/h3>\n\n\n\n<p>Az indon\u00e9z ig\u00e9k nincsenek ragozva, \u00edgy viszonylag k\u00f6nnyebben megtanulhat\u00f3k m\u00e1s nyelvekhez k\u00e9pest. Tanulm\u00e1nyozza az alapvet\u0151 igeform\u00e1kat \u00e9s azok haszn\u00e1lat\u00e1t mondatokban.<\/p>\n\n\n\n<h3 class=\"wp-block-heading\" id=\"h-5-tenses\">5. Igeid\u0151k<\/h3>\n\n\n\n<p>Az indon\u00e9znek nincs k\u00f6zvetlen megfelel\u0151je az angol igeid\u0151knek. Ehelyett az id\u0151t kontextuson kereszt\u00fcl vagy konkr\u00e9t szavakkal fejezik ki. Tanulja meg, hogyan k\u00f6zvet\u00edtheti a m\u00falt, a jelen \u00e9s a j\u00f6v\u0151beli esem\u00e9nyeket indon\u00e9z\u00fcl k\u00fcl\u00f6nb\u00f6z\u0151 hat\u00e1roz\u00f3szavak \u00e9s kifejez\u00e9sek haszn\u00e1lat\u00e1val.<\/p>\n\n\n\n<h3 class=\"wp-block-heading\" id=\"h-6-tense-comparison-progressive-perfect-progressive\">6. Fesz\u00fclt \u00f6sszehasonl\u00edt\u00e1s, progressz\u00edv, t\u00f6k\u00e9letes progressz\u00edv<\/h3>\n\n\n\n<p>Mivel az indon\u00e9z nyelvben nincs fesz\u00fclt rendszer, d\u00f6nt\u0151 fontoss\u00e1g\u00fa a fesz\u00fclt \u00f6sszehasonl\u00edt\u00e1s, a progressz\u00edv \u00e9s a t\u00f6k\u00e9letes progressz\u00edv fogalm\u00e1nak meg\u00e9rt\u00e9se. Tanulja meg, hogyan fejezheti ki ezeket a szempontokat k\u00fcl\u00f6nb\u00f6z\u0151 szavakkal \u00e9s kifejez\u00e9sekkel.<\/p>\n\n\n\n<h3 class=\"wp-block-heading\" id=\"h-7-adverbs\">7. Hat\u00e1roz\u00f3szavak<\/h3>\n\n\n\n<p>\u00c9p\u00edtsen be hat\u00e1roz\u00f3szavakat az indon\u00e9z sz\u00f3kincsbe, hogy tov\u00e1bbi r\u00e9szleteket \u00e9s m\u00e9lys\u00e9get adjon mondatainak. Ismerje meg a hat\u00e1roz\u00f3szavak elhelyez\u00e9s\u00e9re \u00e9s haszn\u00e1lat\u00e1ra vonatkoz\u00f3 szab\u00e1lyokat.<\/p>\n\n\n\n<h3 class=\"wp-block-heading\" id=\"h-8-prepositions\">8. El\u00f6lj\u00e1r\u00f3szavak<\/h3>\n\n\n\n<p>A prepoz\u00edci\u00f3kat a mondatban l\u00e9v\u0151 szavak k\u00f6z\u00f6tti kapcsolatok jelz\u00e9s\u00e9re haszn\u00e1lj\u00e1k. Ismerje meg a k\u00f6z\u00f6s indon\u00e9z el\u00f6lj\u00e1r\u00f3szavakat \u00e9s azok haszn\u00e1lat\u00e1t k\u00fcl\u00f6nb\u00f6z\u0151 kontextusokban.<\/p>\n\n\n\n<h3 class=\"wp-block-heading\" id=\"h-9-conditionals\">9. Felt\u00e9telek<\/h3>\n\n\n\n<p>Tanulm\u00e1nyozza az indon\u00e9z nyelv\u0171 felt\u00e9teles mondatokat, amelyek hipotetikus helyzeteket \u00e9s azok k\u00f6vetkezm\u00e9nyeit fejezik ki. Tanulja meg, hogyan kell &#8222;ha&#8221; z\u00e1rad\u00e9kokat \u00e9s m\u00e1s felt\u00e9teles szerkezeteket alkotni \u00e9s haszn\u00e1lni.<\/p>\n\n\n\n<h3 class=\"wp-block-heading\" id=\"h-10-sentences\">10. Mondatok<\/h3>\n\n\n\n<p>V\u00e9g\u00fcl gyakorolja a mondatok fel\u00e9p\u00edt\u00e9s\u00e9t a fent t\u00e1rgyalt nyelvtani szab\u00e1lyok \u00e9s t\u00e9m\u00e1k felhaszn\u00e1l\u00e1s\u00e1val. Ismerkedjen meg az indon\u00e9z mondatok k\u00fcl\u00f6nb\u00f6z\u0151 t\u00edpusaival, mint p\u00e9ld\u00e1ul a deklarat\u00edv, k\u00e9rd\u0151, imperat\u00edv \u00e9s felki\u00e1lt\u00f3, hogy jav\u00edtsa \u00e1ltal\u00e1nos kommunik\u00e1ci\u00f3s k\u00e9szs\u00e9geit a nyelvben.<\/p>\n<\/div><\/div>\n\r\n<section class=\"learnNavigationSection\">\r\n            \r\n        <a href=\"https:\/\/talkpal.ai\/hu\/tanulj-indonezul\/\">\r\n            <div class=\"learnNavigationWrapper\">\r\n                <div class=\"learnNavigationContent\">\r\n                    <img decoding=\"async\" src=\"https:\/\/talkpal.ai\/wp-content\/uploads\/2024\/08\/Indonesian.jpg\" alt=\"Indonesian Flag\">\r\n                    <div>\r\n                        <h4>Az indon\u00e9z tanul\u00e1sr\u00f3l<\/h4>\r\n                        <p>Tudjon meg mindent az indon\u00e9z nyelvtanr\u00f3l.<\/p>\r\n                    <\/div>\r\n                <\/div>\r\n            <\/div>\r\n        <\/a>\r\n\r\n        \r\n        <a href=\"https:\/\/talkpal.ai\/hu\/indonez-nyelvtan\/\">\r\n            <div class=\"learnNavigationWrapper\">\r\n                <div class=\"learnNavigationContent\">\r\n                    <img decoding=\"async\" src=\"https:\/\/talkpal.ai\/wp-content\/uploads\/2024\/08\/Indonesian.jpg\" alt=\"Indonesian Flag\">\r\n                    <div>\r\n                        <h4>Indon\u00e9z nyelvtani leck\u00e9k<\/h4>\r\n                        <p>Gyakorolja az indon\u00e9z nyelvtant.<\/p>\r\n                    <\/div>\r\n                <\/div>\r\n            <\/div>\r\n        <\/a>\r\n\r\n        \r\n        <a href=\"https:\/\/talkpal.ai\/vocabulary_language\/indonesian\/\">\r\n            <div class=\"learnNavigationWrapper\">\r\n                <div class=\"learnNavigationContent\">\r\n                    <img decoding=\"async\" src=\"https:\/\/talkpal.ai\/wp-content\/uploads\/2024\/08\/Indonesian.jpg\" alt=\"Indonesian Flag\">\r\n                    <div>\r\n                        <h4>Indon\u00e9z sz\u00f3kincs<\/h4>\r\n                        <p>B\u0151v\u00edtse indon\u00e9z sz\u00f3kincs\u00e9t.<\/p>\r\n                    <\/div>\r\n                <\/div>\r\n            <\/div>\r\n        <\/a>\r\n\r\n            <\/section>","protected":false},"excerpt":{"rendered":"<p>Indon\u00e9z nyelvtani t\u00e9m\u00e1k Az indon\u00e9z vagy a Bahasa Indonesia Indon\u00e9zia hivatalos nyelve, \u00e9s egyes\u00edt\u0151 nyelvk\u00e9nt szolg\u00e1l egy olyan orsz\u00e1gban, ahol t\u00f6bb mint 700 besz\u00e9lt nyelv van. A mal\u00e1j nyelv szabv\u00e1nyos\u00edtott regiszterek\u00e9nt ez egy ausztron\u00e9z nyelv, k\u00f6nnyen megtanulhat\u00f3 nyelvtani rendszerrel. Az indon\u00e9z nyelvtanul\u00e1s sor\u00e1n a hat\u00e9kony kommunik\u00e1ci\u00f3hoz elengedhetetlen a nyelvtani szab\u00e1lyok \u00e9s a nyelvi szerkezet meg\u00e9rt\u00e9se. [&hellip;]<\/p>\n","protected":false},"author":6,"featured_media":113942,"parent":0,"menu_order":0,"comment_status":"closed","ping_status":"closed","template":"LearningContentPage.php","meta":{"_acf_changed":false,"footnotes":""},"class_list":["post-161350","page","type-page","status-publish","has-post-thumbnail","hentry"],"acf":[],"yoast_head":"<!-- This site is optimized with the Yoast SEO Premium plugin v27.2 (Yoast SEO v27.2) - https:\/\/yoast.com\/product\/yoast-seo-premium-wordpress\/ -->\n<title>Indon\u00e9z nyelvtani gyakorlatok - Talkpal<\/title>\n<meta name=\"description\" content=\"Jav\u00edtsa az indon\u00e9z nyelvtant - gyakoroljon egyszer\u0171 gyakorlatokkal, interakt\u00edv p\u00e9ld\u00e1kkal \u00e9s egy\u00e9rtelm\u0171 visszajelz\u00e9sekkel a k\u00f6vetkez\u0151 nyelvtani m\u00f3dszerek seg\u00edts\u00e9g\u00e9vel Talkpal AI.\" \/>\n<meta name=\"robots\" content=\"index, follow, max-snippet:-1, max-image-preview:large, max-video-preview:-1\" \/>\n<link rel=\"canonical\" href=\"https:\/\/talkpal.ai\/hu\/indonez-nyelvtani-gyakorlatok\/\" \/>\n<meta property=\"og:locale\" content=\"hu_HU\" \/>\n<meta property=\"og:type\" content=\"article\" \/>\n<meta property=\"og:title\" content=\"Indon\u00e9z nyelvtani gyakorlatok\" \/>\n<meta property=\"og:description\" content=\"Indon\u00e9z nyelvtani t\u00e9m\u00e1k Az indon\u00e9z vagy a Bahasa Indonesia Indon\u00e9zia hivatalos nyelve, \u00e9s egyes\u00edt\u0151 nyelvk\u00e9nt szolg\u00e1l egy olyan orsz\u00e1gban, ahol t\u00f6bb mint\" \/>\n<meta property=\"og:url\" content=\"https:\/\/talkpal.ai\/hu\/indonez-nyelvtani-gyakorlatok\/\" \/>\n<meta property=\"og:site_name\" content=\"Talkpal\" \/>\n<meta property=\"article:publisher\" content=\"https:\/\/www.facebook.com\/profile.php?id=100090733639311\" \/>\n<meta property=\"article:modified_time\" content=\"2025-12-17T15:09:01+00:00\" \/>\n<meta property=\"og:image\" content=\"https:\/\/talkpal.ai\/wp-content\/uploads\/2023\/05\/indonesia.png\" \/>\n\t<meta property=\"og:image:width\" content=\"512\" \/>\n\t<meta property=\"og:image:height\" content=\"512\" \/>\n\t<meta property=\"og:image:type\" content=\"image\/png\" \/>\n<meta name=\"twitter:card\" content=\"summary_large_image\" \/>\n<meta name=\"twitter:site\" content=\"@talkpalai\" \/>\n<meta name=\"twitter:label1\" content=\"Becs\u00fclt olvas\u00e1si id\u0151\" \/>\n\t<meta name=\"twitter:data1\" content=\"3 perc\" \/>\n<script type=\"application\/ld+json\" class=\"yoast-schema-graph\">{\"@context\":\"https:\/\/schema.org\",\"@graph\":[{\"@type\":\"WebPage\",\"@id\":\"https:\/\/talkpal.ai\/hu\/indonez-nyelvtani-gyakorlatok\/\",\"url\":\"https:\/\/talkpal.ai\/hu\/indonez-nyelvtani-gyakorlatok\/\",\"name\":\"Indon\u00e9z nyelvtani gyakorlatok - Talkpal\",\"isPartOf\":{\"@id\":\"https:\/\/talkpal.ai\/hu\/#website\"},\"primaryImageOfPage\":{\"@id\":\"https:\/\/talkpal.ai\/hu\/indonez-nyelvtani-gyakorlatok\/#primaryimage\"},\"image\":{\"@id\":\"https:\/\/talkpal.ai\/hu\/indonez-nyelvtani-gyakorlatok\/#primaryimage\"},\"thumbnailUrl\":\"https:\/\/talkpal.ai\/wp-content\/uploads\/2023\/05\/indonesia.png\",\"datePublished\":\"2023-06-22T07:25:42+00:00\",\"dateModified\":\"2025-12-17T15:09:01+00:00\",\"description\":\"Jav\u00edtsa az indon\u00e9z nyelvtant - gyakoroljon egyszer\u0171 gyakorlatokkal, interakt\u00edv p\u00e9ld\u00e1kkal \u00e9s egy\u00e9rtelm\u0171 visszajelz\u00e9sekkel a k\u00f6vetkez\u0151 nyelvtani m\u00f3dszerek seg\u00edts\u00e9g\u00e9vel Talkpal AI.\",\"breadcrumb\":{\"@id\":\"https:\/\/talkpal.ai\/hu\/indonez-nyelvtani-gyakorlatok\/#breadcrumb\"},\"inLanguage\":\"hu\",\"potentialAction\":[{\"@type\":\"ReadAction\",\"target\":[\"https:\/\/talkpal.ai\/hu\/indonez-nyelvtani-gyakorlatok\/\"]}]},{\"@type\":\"ImageObject\",\"inLanguage\":\"hu\",\"@id\":\"https:\/\/talkpal.ai\/hu\/indonez-nyelvtani-gyakorlatok\/#primaryimage\",\"url\":\"https:\/\/talkpal.ai\/wp-content\/uploads\/2023\/05\/indonesia.png\",\"contentUrl\":\"https:\/\/talkpal.ai\/wp-content\/uploads\/2023\/05\/indonesia.png\",\"width\":512,\"height\":512},{\"@type\":\"BreadcrumbList\",\"@id\":\"https:\/\/talkpal.ai\/hu\/indonez-nyelvtani-gyakorlatok\/#breadcrumb\",\"itemListElement\":[{\"@type\":\"ListItem\",\"position\":1,\"name\":\"Homepage\",\"item\":\"https:\/\/talkpal.ai\/hu\/\"},{\"@type\":\"ListItem\",\"position\":2,\"name\":\"Indon\u00e9z nyelvtani gyakorlatok\"}]},{\"@type\":\"WebSite\",\"@id\":\"https:\/\/talkpal.ai\/hu\/#website\",\"url\":\"https:\/\/talkpal.ai\/hu\/\",\"name\":\"Talkpal\",\"description\":\"AI Language Learning\",\"publisher\":{\"@id\":\"https:\/\/talkpal.ai\/hu\/#organization\"},\"alternateName\":\"Talkpal AI\",\"potentialAction\":[{\"@type\":\"SearchAction\",\"target\":{\"@type\":\"EntryPoint\",\"urlTemplate\":\"https:\/\/talkpal.ai\/hu\/?s={search_term_string}\"},\"query-input\":{\"@type\":\"PropertyValueSpecification\",\"valueRequired\":true,\"valueName\":\"search_term_string\"}}],\"inLanguage\":\"hu\"},{\"@type\":\"Organization\",\"@id\":\"https:\/\/talkpal.ai\/hu\/#organization\",\"name\":\"Talkpal, Inc.\",\"alternateName\":\"Talkpal AI\",\"url\":\"https:\/\/talkpal.ai\/hu\/\",\"logo\":{\"@type\":\"ImageObject\",\"inLanguage\":\"hu\",\"@id\":\"https:\/\/talkpal.ai\/hu\/#\/schema\/logo\/image\/\",\"url\":\"https:\/\/talkpal.ai\/wp-content\/uploads\/2024\/03\/Talkpal-Logo-Icon.png\",\"contentUrl\":\"https:\/\/talkpal.ai\/wp-content\/uploads\/2024\/03\/Talkpal-Logo-Icon.png\",\"width\":2880,\"height\":2880,\"caption\":\"Talkpal, Inc.\"},\"image\":{\"@id\":\"https:\/\/talkpal.ai\/hu\/#\/schema\/logo\/image\/\"},\"sameAs\":[\"https:\/\/www.facebook.com\/profile.php?id=100090733639311\",\"https:\/\/x.com\/talkpalai\",\"https:\/\/www.linkedin.com\/company\/talkpal\/\",\"https:\/\/www.youtube.com\/@TalkPal\/\",\"https:\/\/www.tiktok.com\/@talkpal\",\"https:\/\/www.instagram.com\/talkpal_ai\/\",\"https:\/\/www.crunchbase.com\/organization\/talkpal-9cde\",\"https:\/\/www.g2.com\/products\/talkpal-for-business\/\",\"https:\/\/www.trustpilot.com\/review\/talkpal.ai\",\"https:\/\/www.capterra.com\/p\/10006800\/TalkPal\/\"],\"description\":\"Talkpal is a language learning web and mobile education app, powered by the latest AI technologies, that provides engaging experiences to its customers in many different languages to help them improve their language skills. Users can chat about unlimited amount of topics with the app and use other modes to practice their language learning.\",\"email\":\"support@talkpal.ai\",\"legalName\":\"Talkpal, Inc.\",\"foundingDate\":\"2023-04-03\",\"duns\":\"118989042\",\"numberOfEmployees\":{\"@type\":\"QuantitativeValue\",\"minValue\":\"11\",\"maxValue\":\"50\"},\"publishingPrinciples\":\"https:\/\/talkpal.ai\/publishing-principles\/\",\"actionableFeedbackPolicy\":\"https:\/\/talkpal.ai\/actionable-feedback-policy\/\",\"correctionsPolicy\":\"https:\/\/talkpal.ai\/corrections-policy\/\",\"ethicsPolicy\":\"https:\/\/talkpal.ai\/ethics-policy\/\",\"diversityPolicy\":\"https:\/\/talkpal.ai\/diversity-policy\/\",\"diversityStaffingReport\":\"https:\/\/talkpal.ai\/diversity-policy\/\"}]}<\/script>\n<!-- \/ Yoast SEO Premium plugin. -->","yoast_head_json":{"title":"Indon\u00e9z nyelvtani gyakorlatok - Talkpal","description":"Jav\u00edtsa az indon\u00e9z nyelvtant - gyakoroljon egyszer\u0171 gyakorlatokkal, interakt\u00edv p\u00e9ld\u00e1kkal \u00e9s egy\u00e9rtelm\u0171 visszajelz\u00e9sekkel a k\u00f6vetkez\u0151 nyelvtani m\u00f3dszerek seg\u00edts\u00e9g\u00e9vel Talkpal AI.","robots":{"index":"index","follow":"follow","max-snippet":"max-snippet:-1","max-image-preview":"max-image-preview:large","max-video-preview":"max-video-preview:-1"},"canonical":"https:\/\/talkpal.ai\/hu\/indonez-nyelvtani-gyakorlatok\/","og_locale":"hu_HU","og_type":"article","og_title":"Indon\u00e9z nyelvtani gyakorlatok","og_description":"Indon\u00e9z nyelvtani t\u00e9m\u00e1k Az indon\u00e9z vagy a Bahasa Indonesia Indon\u00e9zia hivatalos nyelve, \u00e9s egyes\u00edt\u0151 nyelvk\u00e9nt szolg\u00e1l egy olyan orsz\u00e1gban, ahol t\u00f6bb mint","og_url":"https:\/\/talkpal.ai\/hu\/indonez-nyelvtani-gyakorlatok\/","og_site_name":"Talkpal","article_publisher":"https:\/\/www.facebook.com\/profile.php?id=100090733639311","article_modified_time":"2025-12-17T15:09:01+00:00","og_image":[{"width":512,"height":512,"url":"https:\/\/talkpal.ai\/wp-content\/uploads\/2023\/05\/indonesia.png","type":"image\/png"}],"twitter_card":"summary_large_image","twitter_site":"@talkpalai","twitter_misc":{"Becs\u00fclt olvas\u00e1si id\u0151":"3 perc"},"schema":{"@context":"https:\/\/schema.org","@graph":[{"@type":"WebPage","@id":"https:\/\/talkpal.ai\/hu\/indonez-nyelvtani-gyakorlatok\/","url":"https:\/\/talkpal.ai\/hu\/indonez-nyelvtani-gyakorlatok\/","name":"Indon\u00e9z nyelvtani gyakorlatok - Talkpal","isPartOf":{"@id":"https:\/\/talkpal.ai\/hu\/#website"},"primaryImageOfPage":{"@id":"https:\/\/talkpal.ai\/hu\/indonez-nyelvtani-gyakorlatok\/#primaryimage"},"image":{"@id":"https:\/\/talkpal.ai\/hu\/indonez-nyelvtani-gyakorlatok\/#primaryimage"},"thumbnailUrl":"https:\/\/talkpal.ai\/wp-content\/uploads\/2023\/05\/indonesia.png","datePublished":"2023-06-22T07:25:42+00:00","dateModified":"2025-12-17T15:09:01+00:00","description":"Jav\u00edtsa az indon\u00e9z nyelvtant - gyakoroljon egyszer\u0171 gyakorlatokkal, interakt\u00edv p\u00e9ld\u00e1kkal \u00e9s egy\u00e9rtelm\u0171 visszajelz\u00e9sekkel a k\u00f6vetkez\u0151 nyelvtani m\u00f3dszerek seg\u00edts\u00e9g\u00e9vel Talkpal AI.","breadcrumb":{"@id":"https:\/\/talkpal.ai\/hu\/indonez-nyelvtani-gyakorlatok\/#breadcrumb"},"inLanguage":"hu","potentialAction":[{"@type":"ReadAction","target":["https:\/\/talkpal.ai\/hu\/indonez-nyelvtani-gyakorlatok\/"]}]},{"@type":"ImageObject","inLanguage":"hu","@id":"https:\/\/talkpal.ai\/hu\/indonez-nyelvtani-gyakorlatok\/#primaryimage","url":"https:\/\/talkpal.ai\/wp-content\/uploads\/2023\/05\/indonesia.png","contentUrl":"https:\/\/talkpal.ai\/wp-content\/uploads\/2023\/05\/indonesia.png","width":512,"height":512},{"@type":"BreadcrumbList","@id":"https:\/\/talkpal.ai\/hu\/indonez-nyelvtani-gyakorlatok\/#breadcrumb","itemListElement":[{"@type":"ListItem","position":1,"name":"Homepage","item":"https:\/\/talkpal.ai\/hu\/"},{"@type":"ListItem","position":2,"name":"Indon\u00e9z nyelvtani gyakorlatok"}]},{"@type":"WebSite","@id":"https:\/\/talkpal.ai\/hu\/#website","url":"https:\/\/talkpal.ai\/hu\/","name":"Talkpal","description":"AI Language Learning","publisher":{"@id":"https:\/\/talkpal.ai\/hu\/#organization"},"alternateName":"Talkpal AI","potentialAction":[{"@type":"SearchAction","target":{"@type":"EntryPoint","urlTemplate":"https:\/\/talkpal.ai\/hu\/?s={search_term_string}"},"query-input":{"@type":"PropertyValueSpecification","valueRequired":true,"valueName":"search_term_string"}}],"inLanguage":"hu"},{"@type":"Organization","@id":"https:\/\/talkpal.ai\/hu\/#organization","name":"Talkpal, Inc.","alternateName":"Talkpal AI","url":"https:\/\/talkpal.ai\/hu\/","logo":{"@type":"ImageObject","inLanguage":"hu","@id":"https:\/\/talkpal.ai\/hu\/#\/schema\/logo\/image\/","url":"https:\/\/talkpal.ai\/wp-content\/uploads\/2024\/03\/Talkpal-Logo-Icon.png","contentUrl":"https:\/\/talkpal.ai\/wp-content\/uploads\/2024\/03\/Talkpal-Logo-Icon.png","width":2880,"height":2880,"caption":"Talkpal, Inc."},"image":{"@id":"https:\/\/talkpal.ai\/hu\/#\/schema\/logo\/image\/"},"sameAs":["https:\/\/www.facebook.com\/profile.php?id=100090733639311","https:\/\/x.com\/talkpalai","https:\/\/www.linkedin.com\/company\/talkpal\/","https:\/\/www.youtube.com\/@TalkPal\/","https:\/\/www.tiktok.com\/@talkpal","https:\/\/www.instagram.com\/talkpal_ai\/","https:\/\/www.crunchbase.com\/organization\/talkpal-9cde","https:\/\/www.g2.com\/products\/talkpal-for-business\/","https:\/\/www.trustpilot.com\/review\/talkpal.ai","https:\/\/www.capterra.com\/p\/10006800\/TalkPal\/"],"description":"Talkpal is a language learning web and mobile education app, powered by the latest AI technologies, that provides engaging experiences to its customers in many different languages to help them improve their language skills. Users can chat about unlimited amount of topics with the app and use other modes to practice their language learning.","email":"support@talkpal.ai","legalName":"Talkpal, Inc.","foundingDate":"2023-04-03","duns":"118989042","numberOfEmployees":{"@type":"QuantitativeValue","minValue":"11","maxValue":"50"},"publishingPrinciples":"https:\/\/talkpal.ai\/publishing-principles\/","actionableFeedbackPolicy":"https:\/\/talkpal.ai\/actionable-feedback-policy\/","correctionsPolicy":"https:\/\/talkpal.ai\/corrections-policy\/","ethicsPolicy":"https:\/\/talkpal.ai\/ethics-policy\/","diversityPolicy":"https:\/\/talkpal.ai\/diversity-policy\/","diversityStaffingReport":"https:\/\/talkpal.ai\/diversity-policy\/"}]}},"_links":{"self":[{"href":"https:\/\/talkpal.ai\/hu\/wp-json\/wp\/v2\/pages\/161350","targetHints":{"allow":["GET"]}}],"collection":[{"href":"https:\/\/talkpal.ai\/hu\/wp-json\/wp\/v2\/pages"}],"about":[{"href":"https:\/\/talkpal.ai\/hu\/wp-json\/wp\/v2\/types\/page"}],"author":[{"embeddable":true,"href":"https:\/\/talkpal.ai\/hu\/wp-json\/wp\/v2\/users\/6"}],"replies":[{"embeddable":true,"href":"https:\/\/talkpal.ai\/hu\/wp-json\/wp\/v2\/comments?post=161350"}],"version-history":[{"count":0,"href":"https:\/\/talkpal.ai\/hu\/wp-json\/wp\/v2\/pages\/161350\/revisions"}],"wp:featuredmedia":[{"embeddable":true,"href":"https:\/\/talkpal.ai\/hu\/wp-json\/wp\/v2\/media\/113942"}],"wp:attachment":[{"href":"https:\/\/talkpal.ai\/hu\/wp-json\/wp\/v2\/media?parent=161350"}],"curies":[{"name":"wp","href":"https:\/\/api.w.org\/{rel}","templated":true}]}}