{"id":161051,"date":"2023-06-22T07:53:19","date_gmt":"2023-06-22T07:53:19","guid":{"rendered":"http:\/\/talkpal.ai\/kannada-nyelvtani-gyakorlatok\/"},"modified":"2025-12-17T15:10:28","modified_gmt":"2025-12-17T15:10:28","slug":"kannada-nyelvtani-gyakorlatok","status":"publish","type":"page","link":"https:\/\/talkpal.ai\/hu\/kannada-nyelvtani-gyakorlatok\/","title":{"rendered":"Kannada nyelvtani gyakorlatok"},"content":{"rendered":"\r\n\r\n\r\n<section class=\"languageChallengeSection\">\r\n    <div class=\"languageInfoWrapper\">\r\n        \r\n        <h1>Kannada nyelvtani gyakorlatok<\/h1>\r\n        <p>Szeretn\u00e9 fejleszteni <a href=\"https:\/\/talkpal.ai\/learn-kannada\/\">kannada<\/a> nyelvtud\u00e1s\u00e1t? A nyelvtani gyakorlatok gyakorl\u00e1sa remek m\u00f3dja a mondatszerkezet, az igealakok \u00e9s a <a href=\"https:\/\/talkpal.ai\/learn-kannada\/\">kannada<\/a> nyelv egyedi jellemz\u0151inek elsaj\u00e1t\u00edt\u00e1s\u00e1nak. Kezdj el dolgozni a kannada nyelvtanon m\u00e9g ma, \u00e9s l\u00e1sd, hogy a magabiztoss\u00e1god \u00e9s a foly\u00e9kony besz\u00e9dk\u00e9szs\u00e9ged minden egyes \u00faj gyakorlattal n\u0151!<\/p>\r\n\r\n                            <a class=\"getStartedHidden\" href=\"https:\/\/app.talkpal.ai\/hu\/signup?lng=\">Kezdj\u00fck<\/a>\r\n        \r\n    <\/div>\r\n\r\n    <figure>\r\n    <img decoding=\"async\" width=\"768\" height=\"768\" src=\"https:\/\/talkpal.ai\/wp-content\/uploads\/2023\/06\/Kannada-768x768.png\" class=\"languageImage no-lazy\" alt=\"Language learning for increased mental flexibility\" fetchpriority=\"high\" sizes=\"(max-width: 768px) 150px, 768px\" srcset=\"https:\/\/talkpal.ai\/wp-content\/uploads\/2023\/06\/Kannada-768x768.png 768w, https:\/\/talkpal.ai\/wp-content\/uploads\/2023\/06\/Kannada-300x300.png 300w\" \/>\r\n    \r\n\r\n    <\/figure>\r\n\r\n            <a class=\"getStartedVisible\" href=\"https:\/\/app.talkpal.ai\/hu\/signup?lng=\">Kezdj\u00fck<\/a>\r\n    \r\n<\/section>\r\n\r\n\r\n<!-- <section class=\"grammarSection\">\r\n    <div class=\"grammarLinks\">\r\n            <\/div>\r\n<\/section> -->\r\n\r\n\r\n\r\n\r\n<section class=\"promotionalBanner\">\r\n    <p class=\"promotionalText\">A nyelvtanul\u00e1s leghat\u00e9konyabb m\u00f3dja<\/p>\r\n    <a class=\"promotionalLink\" href=\"https:\/\/app.talkpal.ai\/hu\/signup?lng=\">Pr\u00f3b\u00e1lja ki a Talkpal ingyen<\/a>\r\n<\/section>\n<div class=\"wp-block-group pageContainerStyle\"><div class=\"wp-block-group__inner-container is-layout-constrained wp-block-group-is-layout-constrained\">\n<h2 class=\"wp-block-heading\" id=\"h-kannada-grammar-topics\">Kannada nyelvtani t\u00e9m\u00e1k<\/h2>\n\n\n\n<p>A kannada egy dravida nyelv, amelyet t\u00falnyom\u00f3r\u00e9szt az indiai Karnataka \u00e1llamban besz\u00e9lnek, k\u00f6r\u00fclbel\u00fcl 44 milli\u00f3 ember. Ez India 22 tervezett nyelv\u00e9nek egyike \u00e9s Karnataka \u00e1llam hivatalos nyelve. A kannada tanul\u00e1sa nemcsak Karnataka gazdag kult\u00far\u00e1j\u00e1nak \u00e9s t\u00f6rt\u00e9nelm\u00e9nek meg\u00e9rt\u00e9s\u00e9hez elengedhetetlen, hanem seg\u00edt a helyi lakoss\u00e1ggal val\u00f3 hat\u00e9kony kommunik\u00e1ci\u00f3ban is. Ez a cikk c\u00e9lja, hogy struktur\u00e1lt megk\u00f6zel\u00edt\u00e9st biztos\u00edtson a k\u00fcl\u00f6nb\u00f6z\u0151 kannada nyelvtani t\u00e9m\u00e1k tanul\u00e1s\u00e1hoz, <a href=\"https:\/\/talkpal.ai\/locations\/language-courses-in-ami\/\">ami<\/a> seg\u00edt er\u0151s alapot teremteni a nyelvben.<\/p>\n\n\n\n<h3 class=\"wp-block-heading\" id=\"h-1-nouns\">1. F\u0151nevek<\/h3>\n\n\n\n<p>Mint <a href=\"https:\/\/talkpal.ai\/languages\/\">minden nyelv<\/a> \u00e9p\u00edt\u0151k\u00f6vei, a kannada f\u0151nevek elengedhetetlenek az els\u0151 tanul\u00e1shoz. A kannada f\u0151nevek k\u00fcl\u00f6nb\u00f6z\u0151 form\u00e1j\u00faak a nem, a sz\u00e1m \u00e9s az eset alapj\u00e1n, amelyek befoly\u00e1solj\u00e1k a f\u0151n\u00e9v form\u00e1j\u00e1t. Kezdje azzal, hogy meg\u00e9rti a f\u0151n\u00e9vi form\u00e1k alapfogalmait \u00e9s azok haszn\u00e1lat\u00e1t a nyelvben.<\/p>\n\n\n\n<h3 class=\"wp-block-heading\" id=\"h-2-pronouns-determiners\">2. N\u00e9vm\u00e1sok\/determin\u00e1nsok<\/h3>\n\n\n\n<p>A n\u00e9vm\u00e1sok olyan szavak, amelyek helyettes\u00edtik a f\u0151neveket a mondatokban, m\u00edg a determin\u00e1nsok m\u00f3dos\u00edtj\u00e1k a f\u0151neveket. Ismerje meg a kannada k\u00fcl\u00f6nb\u00f6z\u0151 t\u00edpus\u00fa n\u00e9vm\u00e1sait \u00e9s meghat\u00e1roz\u00f3it, haszn\u00e1latukat, valamint azt, hogyan v\u00e1ltoznak nemt\u0151l, sz\u00e1mt\u00f3l \u00e9s esett\u0151l f\u00fcgg\u0151en.<\/p>\n\n\n\n<h3 class=\"wp-block-heading\" id=\"h-3-articles\">3. Cikkek<\/h3>\n\n\n\n<p>A kannada nyelvben nincsenek cikkek, mint az angolban, de vannak hasonl\u00f3 szavak, amelyek seg\u00edtenek a f\u0151n\u00e9v meghat\u00e1rozotts\u00e1g\u00e1nak meghat\u00e1roz\u00e1s\u00e1ban. Ismerje meg ezeket a szavakat \u00e9s haszn\u00e1latukat Kannad\u00e1ban.<\/p>\n\n\n\n<h3 class=\"wp-block-heading\" id=\"h-4-adjectives\">4. Mell\u00e9knevek<\/h3>\n\n\n\n<p>A mell\u00e9knevek f\u0151neveket \u00edrnak le, \u00e9s t\u00f6bb inform\u00e1ci\u00f3t adnak r\u00f3luk. Ismerje meg, hogyan kell mell\u00e9kneveket alkotni \u00e9s haszn\u00e1lni Kannad\u00e1ban, valamint a f\u0151nevekkel val\u00f3 meg\u00e1llapod\u00e1si szab\u00e1lyaikat.<\/p>\n\n\n\n<h3 class=\"wp-block-heading\" id=\"h-5-verbs\">5. Ig\u00e9k<\/h3>\n\n\n\n<p>Az ig\u00e9k olyan cselekv\u00e9si szavak, amelyek jelzik, hogy mit csin\u00e1l a t\u00e9ma. Ismerje meg a kannada k\u00fcl\u00f6nb\u00f6z\u0151 t\u00edpus\u00fa ig\u00e9it, azok form\u00e1it \u00e9s a ragoz\u00e1si szab\u00e1lyokat az id\u0151, a szempont \u00e9s a hangulat alapj\u00e1n.<\/p>\n\n\n\n<h3 class=\"wp-block-heading\" id=\"h-6-tenses\">6. Igeid\u0151k<\/h3>\n\n\n\n<p>A kannada id\u0151kben az igeid\u0151k seg\u00edtenek kifejezni, hogy mikor t\u00f6rt\u00e9nt egy cselekedet. Ismerkedjen meg a h\u00e1rom f\u0151 id\u0151vel &#8211; m\u00falt, jelen \u00e9s j\u00f6v\u0151 &#8211; \u00e9s azok k\u00fcl\u00f6nb\u00f6z\u0151 form\u00e1ival.<\/p>\n\n\n\n<h3 class=\"wp-block-heading\" id=\"h-7-tense-comparison\">7. Fesz\u00fclt \u00f6sszehasonl\u00edt\u00e1s<\/h3>\n\n\n\n<p>Tudja meg, hogyan lehet \u00f6sszehasonl\u00edtani a k\u00fcl\u00f6nb\u00f6z\u0151 igeid\u0151k k\u00f6z\u00f6tti m\u0171veleteket Kannad\u00e1ban. Ez seg\u00edt \u00f6sszetettebb mondatok fel\u00e9p\u00edt\u00e9s\u00e9ben \u00e9s gondolatainak pontosabb kifejez\u00e9s\u00e9ben.<\/p>\n\n\n\n<h3 class=\"wp-block-heading\" id=\"h-8-progressive-and-perfect-progressive\">8. Progressz\u00edv \u00e9s t\u00f6k\u00e9letes progressz\u00edv<\/h3>\n\n\n\n<p>A kannada ig\u00e9k ezen aspektusai folyamatban l\u00e9v\u0151 cselekv\u00e9seket vagy olyan cselekv\u00e9seket jeleznek, amelyek folyamatban voltak, de most befejez\u0151dtek. Tanulja meg, hogyan kell progressz\u00edv \u00e9s t\u00f6k\u00e9letes progressz\u00edv ig\u00e9ket alkotni \u00e9s haszn\u00e1lni Kannad\u00e1ban.<\/p>\n\n\n\n<h3 class=\"wp-block-heading\" id=\"h-9-adverbs\">9. Hat\u00e1roz\u00f3szavak<\/h3>\n\n\n\n<p>A hat\u00e1roz\u00f3szavak tov\u00e1bbi inform\u00e1ci\u00f3t ny\u00fajtanak az ig\u00e9kr\u0151l, mell\u00e9knevekr\u0151l \u00e9s m\u00e1s hat\u00e1roz\u00f3sz\u00f3kr\u00f3l. Ismerje meg a kannada k\u00fcl\u00f6nb\u00f6z\u0151 t\u00edpus\u00fa hat\u00e1roz\u00f3szavait \u00e9s mondatokban val\u00f3 elhelyez\u00e9s\u00e9t.<\/p>\n\n\n\n<h3 class=\"wp-block-heading\" id=\"h-10-conditionals\">10. Felt\u00e9telek<\/h3>\n\n\n\n<p>A felt\u00e9telek olyan mondatok, amelyek kifejezik a felt\u00e9telt \u00e9s annak lehets\u00e9ges eredm\u00e9ny\u00e9t. Tanulja meg, hogyan kell felt\u00e9teles mondatokat alkotni \u00e9s haszn\u00e1lni Kannad\u00e1ban megfelel\u0151 igeform\u00e1k \u00e9s k\u00f6t\u0151szavak haszn\u00e1lat\u00e1val.<\/p>\n\n\n\n<h3 class=\"wp-block-heading\" id=\"h-11-prepositions\">11. El\u00f6lj\u00e1r\u00f3szavak<\/h3>\n\n\n\n<p>A prepoz\u00edci\u00f3k olyan szavak, amelyek a f\u0151nevek vagy n\u00e9vm\u00e1sok \u00e9s a mondat m\u00e1s szavai k\u00f6z\u00f6tti kapcsolatokat mutatj\u00e1k. Ismerje meg a gyakori kannada el\u00f6lj\u00e1r\u00f3szavakat \u00e9s azok haszn\u00e1lat\u00e1t.<\/p>\n\n\n\n<h3 class=\"wp-block-heading\" id=\"h-12-sentences\">12. Mondatok<\/h3>\n\n\n\n<p>V\u00e9g\u00fcl gyakorolja a megtanult nyelvtani t\u00e9m\u00e1k kombin\u00e1l\u00e1s\u00e1t, hogy teljes mondatokat alkosson kannada nyelven. Ez seg\u00edt jav\u00edtani \u00e1ltal\u00e1nos nyelvtud\u00e1s\u00e1t \u00e9s kommunik\u00e1ci\u00f3s k\u00e9szs\u00e9geit.<\/p>\n<\/div><\/div>\n\r\n<section class=\"learnNavigationSection\">\r\n            \r\n        <a href=\"https:\/\/talkpal.ai\/hu\/tanulj-kannadat\/\">\r\n            <div class=\"learnNavigationWrapper\">\r\n                <div class=\"learnNavigationContent\">\r\n                    <img decoding=\"async\" src=\"https:\/\/talkpal.ai\/wp-content\/uploads\/2024\/08\/Kannada.jpg\" alt=\"Indian Simplified Flag\">\r\n                    <div>\r\n                        <h4>A kannada tanul\u00e1sr\u00f3l<\/h4>\r\n                        <p>Tudjon meg mindent a kannada nyelvtanr\u00f3l.<\/p>\r\n                    <\/div>\r\n                <\/div>\r\n            <\/div>\r\n        <\/a>\r\n\r\n        \r\n        <a href=\"https:\/\/talkpal.ai\/hu\/kannada-nyelvtan\/\">\r\n            <div class=\"learnNavigationWrapper\">\r\n                <div class=\"learnNavigationContent\">\r\n                    <img decoding=\"async\" src=\"https:\/\/talkpal.ai\/wp-content\/uploads\/2024\/08\/Kannada.jpg\" alt=\"Indian Simplified Flag\">\r\n                    <div>\r\n                        <h4>Kannada nyelvtani leck\u00e9k<\/h4>\r\n                        <p>Gyakorolja a kannada nyelvtant.<\/p>\r\n                    <\/div>\r\n                <\/div>\r\n            <\/div>\r\n        <\/a>\r\n\r\n        \r\n        <a href=\"https:\/\/talkpal.ai\/vocabulary_language\/kannada\/\">\r\n            <div class=\"learnNavigationWrapper\">\r\n                <div class=\"learnNavigationContent\">\r\n                    <img decoding=\"async\" src=\"https:\/\/talkpal.ai\/wp-content\/uploads\/2024\/08\/Kannada.jpg\" alt=\"Indian Simplified Flag\">\r\n                    <div>\r\n                        <h4>Kannada sz\u00f3kincs<\/h4>\r\n                        <p>B\u0151v\u00edtse kannada sz\u00f3kincs\u00e9t.<\/p>\r\n                    <\/div>\r\n                <\/div>\r\n            <\/div>\r\n        <\/a>\r\n\r\n            <\/section>","protected":false},"excerpt":{"rendered":"<p>Kannada nyelvtani t\u00e9m\u00e1k A kannada egy dravida nyelv, amelyet t\u00falnyom\u00f3r\u00e9szt az indiai Karnataka \u00e1llamban besz\u00e9lnek, k\u00f6r\u00fclbel\u00fcl 44 milli\u00f3 ember. Ez India 22 tervezett nyelv\u00e9nek egyike \u00e9s Karnataka \u00e1llam hivatalos nyelve. A kannada tanul\u00e1sa nemcsak Karnataka gazdag kult\u00far\u00e1j\u00e1nak \u00e9s t\u00f6rt\u00e9nelm\u00e9nek meg\u00e9rt\u00e9s\u00e9hez elengedhetetlen, hanem seg\u00edt a helyi lakoss\u00e1ggal val\u00f3 hat\u00e9kony kommunik\u00e1ci\u00f3ban is. Ez a cikk c\u00e9lja, hogy [&hellip;]<\/p>\n","protected":false},"author":6,"featured_media":113703,"parent":0,"menu_order":0,"comment_status":"closed","ping_status":"closed","template":"LearningContentPage.php","meta":{"_acf_changed":false,"footnotes":""},"class_list":["post-161051","page","type-page","status-publish","has-post-thumbnail","hentry"],"acf":[],"yoast_head":"<!-- This site is optimized with the Yoast SEO Premium plugin v27.2 (Yoast SEO v27.2) - https:\/\/yoast.com\/product\/yoast-seo-premium-wordpress\/ -->\n<title>Kannada nyelvtani gyakorlatok - Talkpal<\/title>\n<meta name=\"description\" content=\"Er\u0151s\u00edtse meg kannada nyelvtan\u00e1t - vegyen r\u00e9szt interakt\u00edv gyakorlatokban, saj\u00e1t\u00edtsa el a mondatmint\u00e1kat, \u00e9s jav\u00edtsa a foly\u00e9kony besz\u00e9dk\u00e9szs\u00e9g\u00e9t a k\u00f6vetkez\u0151 eszk\u00f6z\u00f6kkel Talkpalmesters\u00e9ges intelligencia oktat\u00f3j\u00e1val.\" \/>\n<meta name=\"robots\" content=\"index, follow, max-snippet:-1, max-image-preview:large, max-video-preview:-1\" \/>\n<link rel=\"canonical\" href=\"https:\/\/talkpal.ai\/hu\/kannada-nyelvtani-gyakorlatok\/\" \/>\n<meta property=\"og:locale\" content=\"hu_HU\" \/>\n<meta property=\"og:type\" content=\"article\" \/>\n<meta property=\"og:title\" content=\"Kannada nyelvtani gyakorlatok\" \/>\n<meta property=\"og:description\" content=\"Kannada nyelvtani t\u00e9m\u00e1k A kannada egy dravida nyelv, amelyet t\u00falnyom\u00f3r\u00e9szt az indiai Karnataka \u00e1llamban besz\u00e9lnek, k\u00f6r\u00fclbel\u00fcl 44 milli\u00f3 ember. Ez India 22\" \/>\n<meta property=\"og:url\" content=\"https:\/\/talkpal.ai\/hu\/kannada-nyelvtani-gyakorlatok\/\" \/>\n<meta property=\"og:site_name\" content=\"Talkpal\" \/>\n<meta property=\"article:publisher\" content=\"https:\/\/www.facebook.com\/profile.php?id=100090733639311\" \/>\n<meta property=\"article:modified_time\" content=\"2025-12-17T15:10:28+00:00\" \/>\n<meta property=\"og:image\" content=\"https:\/\/talkpal.ai\/wp-content\/uploads\/2023\/05\/Kannada-india.png\" \/>\n\t<meta property=\"og:image:width\" content=\"512\" \/>\n\t<meta property=\"og:image:height\" content=\"512\" \/>\n\t<meta property=\"og:image:type\" content=\"image\/png\" \/>\n<meta name=\"twitter:card\" content=\"summary_large_image\" \/>\n<meta name=\"twitter:site\" content=\"@talkpalai\" \/>\n<meta name=\"twitter:label1\" content=\"Becs\u00fclt olvas\u00e1si id\u0151\" \/>\n\t<meta name=\"twitter:data1\" content=\"3 perc\" \/>\n<script type=\"application\/ld+json\" class=\"yoast-schema-graph\">{\"@context\":\"https:\/\/schema.org\",\"@graph\":[{\"@type\":\"WebPage\",\"@id\":\"https:\/\/talkpal.ai\/hu\/kannada-nyelvtani-gyakorlatok\/\",\"url\":\"https:\/\/talkpal.ai\/hu\/kannada-nyelvtani-gyakorlatok\/\",\"name\":\"Kannada nyelvtani gyakorlatok - Talkpal\",\"isPartOf\":{\"@id\":\"https:\/\/talkpal.ai\/hu\/#website\"},\"primaryImageOfPage\":{\"@id\":\"https:\/\/talkpal.ai\/hu\/kannada-nyelvtani-gyakorlatok\/#primaryimage\"},\"image\":{\"@id\":\"https:\/\/talkpal.ai\/hu\/kannada-nyelvtani-gyakorlatok\/#primaryimage\"},\"thumbnailUrl\":\"https:\/\/talkpal.ai\/wp-content\/uploads\/2023\/05\/Kannada-india.png\",\"datePublished\":\"2023-06-22T07:53:19+00:00\",\"dateModified\":\"2025-12-17T15:10:28+00:00\",\"description\":\"Er\u0151s\u00edtse meg kannada nyelvtan\u00e1t - vegyen r\u00e9szt interakt\u00edv gyakorlatokban, saj\u00e1t\u00edtsa el a mondatmint\u00e1kat, \u00e9s jav\u00edtsa a foly\u00e9kony besz\u00e9dk\u00e9szs\u00e9g\u00e9t a k\u00f6vetkez\u0151 eszk\u00f6z\u00f6kkel Talkpalmesters\u00e9ges intelligencia oktat\u00f3j\u00e1val.\",\"breadcrumb\":{\"@id\":\"https:\/\/talkpal.ai\/hu\/kannada-nyelvtani-gyakorlatok\/#breadcrumb\"},\"inLanguage\":\"hu\",\"potentialAction\":[{\"@type\":\"ReadAction\",\"target\":[\"https:\/\/talkpal.ai\/hu\/kannada-nyelvtani-gyakorlatok\/\"]}]},{\"@type\":\"ImageObject\",\"inLanguage\":\"hu\",\"@id\":\"https:\/\/talkpal.ai\/hu\/kannada-nyelvtani-gyakorlatok\/#primaryimage\",\"url\":\"https:\/\/talkpal.ai\/wp-content\/uploads\/2023\/05\/Kannada-india.png\",\"contentUrl\":\"https:\/\/talkpal.ai\/wp-content\/uploads\/2023\/05\/Kannada-india.png\",\"width\":512,\"height\":512},{\"@type\":\"BreadcrumbList\",\"@id\":\"https:\/\/talkpal.ai\/hu\/kannada-nyelvtani-gyakorlatok\/#breadcrumb\",\"itemListElement\":[{\"@type\":\"ListItem\",\"position\":1,\"name\":\"Homepage\",\"item\":\"https:\/\/talkpal.ai\/hu\/\"},{\"@type\":\"ListItem\",\"position\":2,\"name\":\"Kannada nyelvtani gyakorlatok\"}]},{\"@type\":\"WebSite\",\"@id\":\"https:\/\/talkpal.ai\/hu\/#website\",\"url\":\"https:\/\/talkpal.ai\/hu\/\",\"name\":\"Talkpal\",\"description\":\"AI Language Learning\",\"publisher\":{\"@id\":\"https:\/\/talkpal.ai\/hu\/#organization\"},\"alternateName\":\"Talkpal AI\",\"potentialAction\":[{\"@type\":\"SearchAction\",\"target\":{\"@type\":\"EntryPoint\",\"urlTemplate\":\"https:\/\/talkpal.ai\/hu\/?s={search_term_string}\"},\"query-input\":{\"@type\":\"PropertyValueSpecification\",\"valueRequired\":true,\"valueName\":\"search_term_string\"}}],\"inLanguage\":\"hu\"},{\"@type\":\"Organization\",\"@id\":\"https:\/\/talkpal.ai\/hu\/#organization\",\"name\":\"Talkpal, Inc.\",\"alternateName\":\"Talkpal AI\",\"url\":\"https:\/\/talkpal.ai\/hu\/\",\"logo\":{\"@type\":\"ImageObject\",\"inLanguage\":\"hu\",\"@id\":\"https:\/\/talkpal.ai\/hu\/#\/schema\/logo\/image\/\",\"url\":\"https:\/\/talkpal.ai\/wp-content\/uploads\/2024\/03\/Talkpal-Logo-Icon.png\",\"contentUrl\":\"https:\/\/talkpal.ai\/wp-content\/uploads\/2024\/03\/Talkpal-Logo-Icon.png\",\"width\":2880,\"height\":2880,\"caption\":\"Talkpal, Inc.\"},\"image\":{\"@id\":\"https:\/\/talkpal.ai\/hu\/#\/schema\/logo\/image\/\"},\"sameAs\":[\"https:\/\/www.facebook.com\/profile.php?id=100090733639311\",\"https:\/\/x.com\/talkpalai\",\"https:\/\/www.linkedin.com\/company\/talkpal\/\",\"https:\/\/www.youtube.com\/@TalkPal\/\",\"https:\/\/www.tiktok.com\/@talkpal\",\"https:\/\/www.instagram.com\/talkpal_ai\/\",\"https:\/\/www.crunchbase.com\/organization\/talkpal-9cde\",\"https:\/\/www.g2.com\/products\/talkpal-for-business\/\",\"https:\/\/www.trustpilot.com\/review\/talkpal.ai\",\"https:\/\/www.capterra.com\/p\/10006800\/TalkPal\/\"],\"description\":\"Talkpal is a language learning web and mobile education app, powered by the latest AI technologies, that provides engaging experiences to its customers in many different languages to help them improve their language skills. Users can chat about unlimited amount of topics with the app and use other modes to practice their language learning.\",\"email\":\"support@talkpal.ai\",\"legalName\":\"Talkpal, Inc.\",\"foundingDate\":\"2023-04-03\",\"duns\":\"118989042\",\"numberOfEmployees\":{\"@type\":\"QuantitativeValue\",\"minValue\":\"11\",\"maxValue\":\"50\"},\"publishingPrinciples\":\"https:\/\/talkpal.ai\/publishing-principles\/\",\"actionableFeedbackPolicy\":\"https:\/\/talkpal.ai\/actionable-feedback-policy\/\",\"correctionsPolicy\":\"https:\/\/talkpal.ai\/corrections-policy\/\",\"ethicsPolicy\":\"https:\/\/talkpal.ai\/ethics-policy\/\",\"diversityPolicy\":\"https:\/\/talkpal.ai\/diversity-policy\/\",\"diversityStaffingReport\":\"https:\/\/talkpal.ai\/diversity-policy\/\"}]}<\/script>\n<!-- \/ Yoast SEO Premium plugin. -->","yoast_head_json":{"title":"Kannada nyelvtani gyakorlatok - Talkpal","description":"Er\u0151s\u00edtse meg kannada nyelvtan\u00e1t - vegyen r\u00e9szt interakt\u00edv gyakorlatokban, saj\u00e1t\u00edtsa el a mondatmint\u00e1kat, \u00e9s jav\u00edtsa a foly\u00e9kony besz\u00e9dk\u00e9szs\u00e9g\u00e9t a k\u00f6vetkez\u0151 eszk\u00f6z\u00f6kkel Talkpalmesters\u00e9ges intelligencia oktat\u00f3j\u00e1val.","robots":{"index":"index","follow":"follow","max-snippet":"max-snippet:-1","max-image-preview":"max-image-preview:large","max-video-preview":"max-video-preview:-1"},"canonical":"https:\/\/talkpal.ai\/hu\/kannada-nyelvtani-gyakorlatok\/","og_locale":"hu_HU","og_type":"article","og_title":"Kannada nyelvtani gyakorlatok","og_description":"Kannada nyelvtani t\u00e9m\u00e1k A kannada egy dravida nyelv, amelyet t\u00falnyom\u00f3r\u00e9szt az indiai Karnataka \u00e1llamban besz\u00e9lnek, k\u00f6r\u00fclbel\u00fcl 44 milli\u00f3 ember. Ez India 22","og_url":"https:\/\/talkpal.ai\/hu\/kannada-nyelvtani-gyakorlatok\/","og_site_name":"Talkpal","article_publisher":"https:\/\/www.facebook.com\/profile.php?id=100090733639311","article_modified_time":"2025-12-17T15:10:28+00:00","og_image":[{"width":512,"height":512,"url":"https:\/\/talkpal.ai\/wp-content\/uploads\/2023\/05\/Kannada-india.png","type":"image\/png"}],"twitter_card":"summary_large_image","twitter_site":"@talkpalai","twitter_misc":{"Becs\u00fclt olvas\u00e1si id\u0151":"3 perc"},"schema":{"@context":"https:\/\/schema.org","@graph":[{"@type":"WebPage","@id":"https:\/\/talkpal.ai\/hu\/kannada-nyelvtani-gyakorlatok\/","url":"https:\/\/talkpal.ai\/hu\/kannada-nyelvtani-gyakorlatok\/","name":"Kannada nyelvtani gyakorlatok - Talkpal","isPartOf":{"@id":"https:\/\/talkpal.ai\/hu\/#website"},"primaryImageOfPage":{"@id":"https:\/\/talkpal.ai\/hu\/kannada-nyelvtani-gyakorlatok\/#primaryimage"},"image":{"@id":"https:\/\/talkpal.ai\/hu\/kannada-nyelvtani-gyakorlatok\/#primaryimage"},"thumbnailUrl":"https:\/\/talkpal.ai\/wp-content\/uploads\/2023\/05\/Kannada-india.png","datePublished":"2023-06-22T07:53:19+00:00","dateModified":"2025-12-17T15:10:28+00:00","description":"Er\u0151s\u00edtse meg kannada nyelvtan\u00e1t - vegyen r\u00e9szt interakt\u00edv gyakorlatokban, saj\u00e1t\u00edtsa el a mondatmint\u00e1kat, \u00e9s jav\u00edtsa a foly\u00e9kony besz\u00e9dk\u00e9szs\u00e9g\u00e9t a k\u00f6vetkez\u0151 eszk\u00f6z\u00f6kkel Talkpalmesters\u00e9ges intelligencia oktat\u00f3j\u00e1val.","breadcrumb":{"@id":"https:\/\/talkpal.ai\/hu\/kannada-nyelvtani-gyakorlatok\/#breadcrumb"},"inLanguage":"hu","potentialAction":[{"@type":"ReadAction","target":["https:\/\/talkpal.ai\/hu\/kannada-nyelvtani-gyakorlatok\/"]}]},{"@type":"ImageObject","inLanguage":"hu","@id":"https:\/\/talkpal.ai\/hu\/kannada-nyelvtani-gyakorlatok\/#primaryimage","url":"https:\/\/talkpal.ai\/wp-content\/uploads\/2023\/05\/Kannada-india.png","contentUrl":"https:\/\/talkpal.ai\/wp-content\/uploads\/2023\/05\/Kannada-india.png","width":512,"height":512},{"@type":"BreadcrumbList","@id":"https:\/\/talkpal.ai\/hu\/kannada-nyelvtani-gyakorlatok\/#breadcrumb","itemListElement":[{"@type":"ListItem","position":1,"name":"Homepage","item":"https:\/\/talkpal.ai\/hu\/"},{"@type":"ListItem","position":2,"name":"Kannada nyelvtani gyakorlatok"}]},{"@type":"WebSite","@id":"https:\/\/talkpal.ai\/hu\/#website","url":"https:\/\/talkpal.ai\/hu\/","name":"Talkpal","description":"AI Language Learning","publisher":{"@id":"https:\/\/talkpal.ai\/hu\/#organization"},"alternateName":"Talkpal AI","potentialAction":[{"@type":"SearchAction","target":{"@type":"EntryPoint","urlTemplate":"https:\/\/talkpal.ai\/hu\/?s={search_term_string}"},"query-input":{"@type":"PropertyValueSpecification","valueRequired":true,"valueName":"search_term_string"}}],"inLanguage":"hu"},{"@type":"Organization","@id":"https:\/\/talkpal.ai\/hu\/#organization","name":"Talkpal, Inc.","alternateName":"Talkpal AI","url":"https:\/\/talkpal.ai\/hu\/","logo":{"@type":"ImageObject","inLanguage":"hu","@id":"https:\/\/talkpal.ai\/hu\/#\/schema\/logo\/image\/","url":"https:\/\/talkpal.ai\/wp-content\/uploads\/2024\/03\/Talkpal-Logo-Icon.png","contentUrl":"https:\/\/talkpal.ai\/wp-content\/uploads\/2024\/03\/Talkpal-Logo-Icon.png","width":2880,"height":2880,"caption":"Talkpal, Inc."},"image":{"@id":"https:\/\/talkpal.ai\/hu\/#\/schema\/logo\/image\/"},"sameAs":["https:\/\/www.facebook.com\/profile.php?id=100090733639311","https:\/\/x.com\/talkpalai","https:\/\/www.linkedin.com\/company\/talkpal\/","https:\/\/www.youtube.com\/@TalkPal\/","https:\/\/www.tiktok.com\/@talkpal","https:\/\/www.instagram.com\/talkpal_ai\/","https:\/\/www.crunchbase.com\/organization\/talkpal-9cde","https:\/\/www.g2.com\/products\/talkpal-for-business\/","https:\/\/www.trustpilot.com\/review\/talkpal.ai","https:\/\/www.capterra.com\/p\/10006800\/TalkPal\/"],"description":"Talkpal is a language learning web and mobile education app, powered by the latest AI technologies, that provides engaging experiences to its customers in many different languages to help them improve their language skills. Users can chat about unlimited amount of topics with the app and use other modes to practice their language learning.","email":"support@talkpal.ai","legalName":"Talkpal, Inc.","foundingDate":"2023-04-03","duns":"118989042","numberOfEmployees":{"@type":"QuantitativeValue","minValue":"11","maxValue":"50"},"publishingPrinciples":"https:\/\/talkpal.ai\/publishing-principles\/","actionableFeedbackPolicy":"https:\/\/talkpal.ai\/actionable-feedback-policy\/","correctionsPolicy":"https:\/\/talkpal.ai\/corrections-policy\/","ethicsPolicy":"https:\/\/talkpal.ai\/ethics-policy\/","diversityPolicy":"https:\/\/talkpal.ai\/diversity-policy\/","diversityStaffingReport":"https:\/\/talkpal.ai\/diversity-policy\/"}]}},"_links":{"self":[{"href":"https:\/\/talkpal.ai\/hu\/wp-json\/wp\/v2\/pages\/161051","targetHints":{"allow":["GET"]}}],"collection":[{"href":"https:\/\/talkpal.ai\/hu\/wp-json\/wp\/v2\/pages"}],"about":[{"href":"https:\/\/talkpal.ai\/hu\/wp-json\/wp\/v2\/types\/page"}],"author":[{"embeddable":true,"href":"https:\/\/talkpal.ai\/hu\/wp-json\/wp\/v2\/users\/6"}],"replies":[{"embeddable":true,"href":"https:\/\/talkpal.ai\/hu\/wp-json\/wp\/v2\/comments?post=161051"}],"version-history":[{"count":0,"href":"https:\/\/talkpal.ai\/hu\/wp-json\/wp\/v2\/pages\/161051\/revisions"}],"wp:featuredmedia":[{"embeddable":true,"href":"https:\/\/talkpal.ai\/hu\/wp-json\/wp\/v2\/media\/113703"}],"wp:attachment":[{"href":"https:\/\/talkpal.ai\/hu\/wp-json\/wp\/v2\/media?parent=161051"}],"curies":[{"name":"wp","href":"https:\/\/api.w.org\/{rel}","templated":true}]}}