{"id":160739,"date":"2023-06-22T08:01:09","date_gmt":"2023-06-22T08:01:09","guid":{"rendered":"http:\/\/talkpal.ai\/kazah-nyelvtani-gyakorlatok\/"},"modified":"2025-12-17T14:53:57","modified_gmt":"2025-12-17T14:53:57","slug":"kazah-nyelvtani-gyakorlatok","status":"publish","type":"page","link":"https:\/\/talkpal.ai\/hu\/kazah-nyelvtani-gyakorlatok\/","title":{"rendered":"Kazah nyelvtani gyakorlatok"},"content":{"rendered":"\r\n\r\n\r\n<section class=\"languageChallengeSection\">\r\n    <div class=\"languageInfoWrapper\">\r\n        \r\n        <h1>Kazah nyelvtani gyakorlatok<\/h1>\r\n        <p>K\u00e9szen \u00e1llsz arra, hogy magabiztosan besz\u00e9lj kazahul? A nyelvtani gyakorlatok nagyszer\u0171 m\u00f3dja a mondatszerkezet, az igealakok \u00e9s az alapvet\u0151 nyelvi mint\u00e1k elsaj\u00e1t\u00edt\u00e1s\u00e1nak. Kezdje el gyakorolni a <a href=\"https:\/\/talkpal.ai\/learn-kazakh\/\">kazah<\/a> nyelvtant m\u00e9g ma, \u00e9s l\u00e1ssa a val\u00f3di fejl\u0151d\u00e9st, ahogy l\u00e9p\u00e9sr\u0151l l\u00e9p\u00e9sre er\u0151s\u00edti a meg\u00e9rt\u00e9s\u00e9t!<\/p>\r\n\r\n                            <a class=\"getStartedHidden\" href=\"https:\/\/app.talkpal.ai\/hu\/signup?lng=\">Kezdj\u00fck<\/a>\r\n        \r\n    <\/div>\r\n\r\n    <figure>\r\n    <img decoding=\"async\" width=\"768\" height=\"768\" src=\"https:\/\/talkpal.ai\/wp-content\/uploads\/2023\/06\/Khazak-768x768.png\" class=\"languageImage no-lazy\" alt=\"Language learning for increased negotiation skills\" fetchpriority=\"high\" sizes=\"(max-width: 768px) 150px, 768px\" srcset=\"https:\/\/talkpal.ai\/wp-content\/uploads\/2023\/06\/Khazak-768x768.png 768w, https:\/\/talkpal.ai\/wp-content\/uploads\/2023\/06\/Khazak-300x300.png 300w\" \/>\r\n    \r\n\r\n    <\/figure>\r\n\r\n            <a class=\"getStartedVisible\" href=\"https:\/\/app.talkpal.ai\/hu\/signup?lng=\">Kezdj\u00fck<\/a>\r\n    \r\n<\/section>\r\n\r\n\r\n<!-- <section class=\"grammarSection\">\r\n    <div class=\"grammarLinks\">\r\n            <\/div>\r\n<\/section> -->\r\n\r\n\r\n\r\n\r\n<section class=\"promotionalBanner\">\r\n    <p class=\"promotionalText\">A nyelvtanul\u00e1s leghat\u00e9konyabb m\u00f3dja<\/p>\r\n    <a class=\"promotionalLink\" href=\"https:\/\/app.talkpal.ai\/hu\/signup?lng=\">Pr\u00f3b\u00e1lja ki a Talkpal ingyen<\/a>\r\n<\/section>\n<div class=\"wp-block-group pageContainerStyle\"><div class=\"wp-block-group__inner-container is-layout-constrained wp-block-group-is-layout-constrained\">\n<h2 class=\"wp-block-heading\" id=\"h-kazakh-grammar-topics\">Kazah nyelvtani t\u00e9m\u00e1k<\/h2>\n\n\n\n<p>Egy \u00faj nyelv tanul\u00e1sa kih\u00edv\u00e1st jelent\u0151, m\u00e9gis kifizet\u0151d\u0151 \u00e9lm\u00e9ny lehet, amely lehet\u0151s\u00e9get teremt a szem\u00e9lyes \u00e9s szakmai fejl\u0151d\u00e9sre. Az egyik nyelv, amely egyre n\u00e9pszer\u0171bb a nyelvtanul\u00f3k k\u00f6r\u00e9ben, a <a href=\"https:\/\/talkpal.ai\/learn-kazakh\/\">kazah<\/a>, egy <a href=\"https:\/\/talkpal.ai\/learn-turkish\/\">t\u00f6r\u00f6k<\/a> nyelv, amelyet emberek milli\u00f3i besz\u00e9lnek Kazahszt\u00e1nban \u00e9s a k\u00f6rnyez\u0151 r\u00e9gi\u00f3kban. A <a href=\"https:\/\/talkpal.ai\/kazakh-grammar\/\">kazah nyelvtan<\/a> egyed\u00fcl\u00e1ll\u00f3, gazdag szerkezettel \u00e9s k\u00fcl\u00f6nb\u00f6z\u0151 elemekkel, amelyek szisztematikus tanul\u00e1si megk\u00f6zel\u00edt\u00e9st ig\u00e9nyelnek. Ebben az \u00fatmutat\u00f3ban sz\u00e1mos alapvet\u0151 kazah nyelvtani t\u00e9m\u00e1t fogunk megvitatni, bele\u00e9rtve az igeid\u0151t, f\u0151neveket, ig\u00e9ket, cikkeket, n\u00e9vm\u00e1sokat, mell\u00e9kneveket, hat\u00e1roz\u00f3szavakat, felt\u00e9teleket, el\u00f6lj\u00e1r\u00f3szavakat \u00e9s mondatszerkezeteket. Ha meg\u00e9rti ezeknek a t\u00e9m\u00e1knak a tanul\u00e1si sorrendj\u00e9t, hat\u00e9konyan haladhat a kazah nyelv elsaj\u00e1t\u00edt\u00e1s\u00e1nak \u00fatj\u00e1n.<\/p>\n\n\n\n<h3 class=\"wp-block-heading\" id=\"h-1-nouns\">1. F\u0151nevek:<\/h3>\n\n\n\n<p>B\u00e1rmely nyelv alapja a f\u0151nevek megtanul\u00e1s\u00e1val kezd\u0151dik. A kazahban a f\u0151neveknek nincs nem\u00fck, de vannak esetek. A k\u00fcl\u00f6nb\u00f6z\u0151 esetek \u00e9s funkci\u00f3ik meg\u00e9rt\u00e9se elengedhetetlen a sz\u00f3kincs \u00e9p\u00edt\u00e9s\u00e9hez \u00e9s az alapvet\u0151 mondatok kialak\u00edt\u00e1s\u00e1hoz.<\/p>\n\n\n\n<h3 class=\"wp-block-heading\" id=\"h-2-articles\">2. Cikkek:<\/h3>\n\n\n\n<p>A cikkek nincsenek jelen a kazah nyelven, <a href=\"https:\/\/talkpal.ai\/locations\/language-courses-in-ami\/\">ami<\/a> megk\u00f6nny\u00edti a tanul\u00f3k sz\u00e1m\u00e1ra, hogy m\u00e1s nyelvtani szempontokra \u00f6sszpontos\u00edtsanak.<\/p>\n\n\n\n<h3 class=\"wp-block-heading\" id=\"h-3-pronouns-determiners\">3. N\u00e9vm\u00e1sok\/determin\u00e1nsok:<\/h3>\n\n\n\n<p>Ezek elengedhetetlenek a f\u0151nevek helyettes\u00edt\u00e9s\u00e9hez \u00e9s mennyis\u00e9g\u00fck vagy azonoss\u00e1guk meghat\u00e1roz\u00e1s\u00e1hoz. A n\u00e9vm\u00e1sok \u00e9s determin\u00e1nsok tanul\u00e1sa seg\u00edt \u00f6sszetettebb mondatok l\u00e9trehoz\u00e1s\u00e1ban \u00e9s jav\u00edtja \u00e1ltal\u00e1nos foly\u00e9konys\u00e1g\u00e1t.<\/p>\n\n\n\n<h3 class=\"wp-block-heading\" id=\"h-4-verbs\">4. Ig\u00e9k:<\/h3>\n\n\n\n<p>Az ig\u00e9k <a href=\"https:\/\/talkpal.ai\/languages\/\">minden nyelv<\/a> gerinc\u00e9t k\u00e9pezik, \u00e9s ragoz\u00e1si mint\u00e1ik megtanul\u00e1sa d\u00f6nt\u0151 fontoss\u00e1g\u00fa. A kazahban az ig\u00e9k fesz\u00fclts\u00e9g, hangulat \u00e9s hang alapj\u00e1n konjug\u00e1l\u00f3dnak. Ezeknek a ragoz\u00e1soknak a megismer\u00e9se lehet\u0151v\u00e9 teszi, hogy pontosan kifejezze a cselekv\u00e9seket \u00e9s esem\u00e9nyeket.<\/p>\n\n\n\n<h3 class=\"wp-block-heading\" id=\"h-5-tenses\">5. Igeid\u0151k:<\/h3>\n\n\n\n<p>A kazah nyelvnek t\u00f6bb ideje <a href=\"https:\/\/talkpal.ai\/locations\/language-courses-in-van\/\">van<\/a>, bele\u00e9rtve a m\u00faltat, a jelent \u00e9s a j\u00f6v\u0151t. Ezeknek az id\u0151knek a helyes alak\u00edt\u00e1s\u00e1nak \u00e9s haszn\u00e1lat\u00e1nak megtanul\u00e1sa elengedhetetlen a cselekv\u00e9sek \u00e9s esem\u00e9nyek idej\u00e9nek k\u00f6zvet\u00edt\u00e9s\u00e9hez.<\/p>\n\n\n\n<h3 class=\"wp-block-heading\" id=\"h-6-tense-comparison\">6. Fesz\u00fclt \u00f6sszehasonl\u00edt\u00e1s:<\/h3>\n\n\n\n<p>Az igeid\u0151k k\u00f6z\u00f6tti k\u00fcl\u00f6nbs\u00e9g \u00e9s az egym\u00e1ssal val\u00f3 k\u00f6lcs\u00f6nhat\u00e1suk meg\u00e9rt\u00e9se elm\u00e9ly\u00edti a kazah nyelvtan meg\u00e9rt\u00e9s\u00e9t.<\/p>\n\n\n\n<h3 class=\"wp-block-heading\" id=\"h-7-progressive\">7. Progressz\u00edv:<\/h3>\n\n\n\n<p>Ez a szempont a folyamatban l\u00e9v\u0151 tev\u00e9kenys\u00e9geket jelzi. A kazah progressz\u00edv forma megtanul\u00e1sa seg\u00edt kifejezni azokat a tev\u00e9kenys\u00e9geket, amelyek jelenleg t\u00f6rt\u00e9nnek vagy egy bizonyos id\u0151pontban t\u00f6rt\u00e9ntek.<\/p>\n\n\n\n<h3 class=\"wp-block-heading\" id=\"h-8-perfect-progressive\">8. T\u00f6k\u00e9letes progressz\u00edv:<\/h3>\n\n\n\n<p>A t\u00f6k\u00e9letes progressz\u00edv egyes\u00edti a t\u00f6k\u00e9letes \u00e9s progressz\u00edv aspektusokat, hogy jelezzen egy olyan cselekv\u00e9st, amely a m\u00faltban kezd\u0151d\u00f6tt \u00e9s m\u00e9g mindig folyamatban van. Ennek a szempontnak az elsaj\u00e1t\u00edt\u00e1sa n\u00f6veli az \u00f6sszetett \u00f6tletek kazah nyelven t\u00f6rt\u00e9n\u0151 kifejez\u00e9s\u00e9nek k\u00e9pess\u00e9g\u00e9t.<\/p>\n\n\n\n<h3 class=\"wp-block-heading\" id=\"h-9-adjectives\">9. Mell\u00e9knevek:<\/h3>\n\n\n\n<p>A mell\u00e9knevek a f\u0151nevek tulajdons\u00e1gait \u00e9s jellemz\u0151it \u00edrj\u00e1k le. A mell\u00e9knevek kazah nyelven t\u00f6rt\u00e9n\u0151 helyes haszn\u00e1lat\u00e1nak megtanul\u00e1sa gazdag\u00edtja sz\u00f3kincs\u00e9t, \u00e9s lehet\u0151v\u00e9 teszi, hogy r\u00e9szletesebb le\u00edr\u00e1sokat adjon.<\/p>\n\n\n\n<h3 class=\"wp-block-heading\" id=\"h-10-adverbs\">10. Hat\u00e1roz\u00f3sz\u00f3k:<\/h3>\n\n\n\n<p>A hat\u00e1roz\u00f3szavak m\u00f3dos\u00edtj\u00e1k az ig\u00e9ket, mell\u00e9kneveket \u00e9s m\u00e1s hat\u00e1roz\u00f3szavakat. A kazah adverbek ismeret\u00e9nek \u00e9s haszn\u00e1lat\u00e1nak megszerz\u00e9se jav\u00edtja a cselekv\u00e9sek \u00e9s esem\u00e9nyek pontosabb kifejez\u00e9s\u00e9nek k\u00e9pess\u00e9g\u00e9t.<\/p>\n\n\n\n<h3 class=\"wp-block-heading\" id=\"h-11-conditionals\">11. Felt\u00e9telek:<\/h3>\n\n\n\n<p>A felt\u00e9teleket hipotetikus helyzetek \u00e9s azok lehets\u00e9ges k\u00f6vetkezm\u00e9nyeinek kifejez\u00e9s\u00e9re haszn\u00e1lj\u00e1k. A kazah nyelv\u0171 felt\u00e9telek haszn\u00e1lat\u00e1nak elsaj\u00e1t\u00edt\u00e1sa seg\u00edt \u00f6sszetett \u00f6tletek \u00e9s hipotetikus forgat\u00f3k\u00f6nyvek k\u00f6zvet\u00edt\u00e9s\u00e9ben.<\/p>\n\n\n\n<h3 class=\"wp-block-heading\" id=\"h-12-prepositions\">12. El\u00f6lj\u00e1r\u00f3szavak:<\/h3>\n\n\n\n<p>Az el\u00f6lj\u00e1r\u00f3szavak jelzik a f\u0151nevek k\u00f6z\u00f6tti kapcsolatot egy mondatban. A kazah prepoz\u00edci\u00f3k \u00e9s funkci\u00f3ik tanul\u00e1sa lehet\u0151v\u00e9 teszi, hogy \u00f6sszetettebb mondatokat k\u00e9sz\u00edtsen.<\/p>\n\n\n\n<h3 class=\"wp-block-heading\" id=\"h-13-sentences\">13. Mondatok:<\/h3>\n\n\n\n<p>V\u00e9g\u00fcl a mondatszerkezetek meg\u00e9rt\u00e9se \u00e9s a k\u00fcl\u00f6nb\u00f6z\u0151 nyelvtani elemek kombin\u00e1l\u00e1s\u00e1nak szab\u00e1lyai elengedhetetlenek a kazah nyelv elsaj\u00e1t\u00edt\u00e1s\u00e1hoz. Ez a tud\u00e1s lehet\u0151v\u00e9 teszi, hogy hat\u00e9konyan \u00e9s pontosan kommunik\u00e1ljon k\u00fcl\u00f6nb\u00f6z\u0151 helyzetekben.<\/p>\n<\/div><\/div>\n\r\n<section class=\"learnNavigationSection\">\r\n            \r\n        <a href=\"https:\/\/talkpal.ai\/hu\/tanulj-kazahul\/\">\r\n            <div class=\"learnNavigationWrapper\">\r\n                <div class=\"learnNavigationContent\">\r\n                    <img decoding=\"async\" src=\"https:\/\/talkpal.ai\/wp-content\/uploads\/2024\/08\/Kazakh.jpg\" alt=\"Kazakh Flag\">\r\n                    <div>\r\n                        <h4>A kazah tanul\u00e1sr\u00f3l<\/h4>\r\n                        <p>Tudjon meg mindent a kazah nyelvtanr\u00f3l.<\/p>\r\n                    <\/div>\r\n                <\/div>\r\n            <\/div>\r\n        <\/a>\r\n\r\n        \r\n        <a href=\"https:\/\/talkpal.ai\/hu\/kazah-nyelvtan\/\">\r\n            <div class=\"learnNavigationWrapper\">\r\n                <div class=\"learnNavigationContent\">\r\n                    <img decoding=\"async\" src=\"https:\/\/talkpal.ai\/wp-content\/uploads\/2024\/08\/Kazakh.jpg\" alt=\"Kazakh Flag\">\r\n                    <div>\r\n                        <h4>Kazah nyelvtan leck\u00e9k<\/h4>\r\n                        <p>Gyakorolja a kazah nyelvtant.<\/p>\r\n                    <\/div>\r\n                <\/div>\r\n            <\/div>\r\n        <\/a>\r\n\r\n        \r\n        <a href=\"https:\/\/talkpal.ai\/vocabulary_language\/kazakh\/\">\r\n            <div class=\"learnNavigationWrapper\">\r\n                <div class=\"learnNavigationContent\">\r\n                    <img decoding=\"async\" src=\"https:\/\/talkpal.ai\/wp-content\/uploads\/2024\/08\/Kazakh.jpg\" alt=\"Kazakh Flag\">\r\n                    <div>\r\n                        <h4>Kazah sz\u00f3kincs<\/h4>\r\n                        <p>B\u0151v\u00edtse kazah sz\u00f3kincs\u00e9t.<\/p>\r\n                    <\/div>\r\n                <\/div>\r\n            <\/div>\r\n        <\/a>\r\n\r\n            <\/section>","protected":false},"excerpt":{"rendered":"<p>Kazah nyelvtani t\u00e9m\u00e1k Egy \u00faj nyelv tanul\u00e1sa kih\u00edv\u00e1st jelent\u0151, m\u00e9gis kifizet\u0151d\u0151 \u00e9lm\u00e9ny lehet, amely lehet\u0151s\u00e9get teremt a szem\u00e9lyes \u00e9s szakmai fejl\u0151d\u00e9sre. Az egyik nyelv, amely egyre n\u00e9pszer\u0171bb a nyelvtanul\u00f3k k\u00f6r\u00e9ben, a kazah, egy t\u00f6r\u00f6k nyelv, amelyet emberek milli\u00f3i besz\u00e9lnek Kazahszt\u00e1nban \u00e9s a k\u00f6rnyez\u0151 r\u00e9gi\u00f3kban. A kazah nyelvtan egyed\u00fcl\u00e1ll\u00f3, gazdag szerkezettel \u00e9s k\u00fcl\u00f6nb\u00f6z\u0151 elemekkel, amelyek szisztematikus [&hellip;]<\/p>\n","protected":false},"author":6,"featured_media":114324,"parent":0,"menu_order":0,"comment_status":"closed","ping_status":"closed","template":"LearningContentPage.php","meta":{"_acf_changed":false,"footnotes":""},"class_list":["post-160739","page","type-page","status-publish","has-post-thumbnail","hentry"],"acf":[],"yoast_head":"<!-- This site is optimized with the Yoast SEO Premium plugin v27.2 (Yoast SEO v27.2) - https:\/\/yoast.com\/product\/yoast-seo-premium-wordpress\/ -->\n<title>Kazah nyelvtani gyakorlatok - Talkpal<\/title>\n<meta name=\"description\" content=\"Fejleszd hat\u00e9konyan kazah nyelvtani ismereteidet - jav\u00edtsd a pontoss\u00e1got, gyakorold az interakt\u00edv gyakorlatokat \u00e9s t\u00f6k\u00e9letes\u00edtsd a nyelvhaszn\u00e1latot!\" \/>\n<meta name=\"robots\" content=\"index, follow, max-snippet:-1, max-image-preview:large, max-video-preview:-1\" \/>\n<link rel=\"canonical\" href=\"https:\/\/talkpal.ai\/hu\/kazah-nyelvtani-gyakorlatok\/\" \/>\n<meta property=\"og:locale\" content=\"hu_HU\" \/>\n<meta property=\"og:type\" content=\"article\" \/>\n<meta property=\"og:title\" content=\"Kazah nyelvtani gyakorlatok\" \/>\n<meta property=\"og:description\" content=\"Kazah nyelvtani t\u00e9m\u00e1k Egy \u00faj nyelv tanul\u00e1sa kih\u00edv\u00e1st jelent\u0151, m\u00e9gis kifizet\u0151d\u0151 \u00e9lm\u00e9ny lehet, amely lehet\u0151s\u00e9get teremt a szem\u00e9lyes \u00e9s szakmai fejl\u0151d\u00e9sre.\" \/>\n<meta property=\"og:url\" content=\"https:\/\/talkpal.ai\/hu\/kazah-nyelvtani-gyakorlatok\/\" \/>\n<meta property=\"og:site_name\" content=\"Talkpal\" \/>\n<meta property=\"article:publisher\" content=\"https:\/\/www.facebook.com\/profile.php?id=100090733639311\" \/>\n<meta property=\"article:modified_time\" content=\"2025-12-17T14:53:57+00:00\" \/>\n<meta property=\"og:image\" content=\"https:\/\/talkpal.ai\/wp-content\/uploads\/2023\/05\/kazakhstan.png\" \/>\n\t<meta property=\"og:image:width\" content=\"512\" \/>\n\t<meta property=\"og:image:height\" content=\"512\" \/>\n\t<meta property=\"og:image:type\" content=\"image\/png\" \/>\n<meta name=\"twitter:card\" content=\"summary_large_image\" \/>\n<meta name=\"twitter:site\" content=\"@talkpalai\" \/>\n<meta name=\"twitter:label1\" content=\"Becs\u00fclt olvas\u00e1si id\u0151\" \/>\n\t<meta name=\"twitter:data1\" content=\"4 perc\" \/>\n<script type=\"application\/ld+json\" class=\"yoast-schema-graph\">{\"@context\":\"https:\/\/schema.org\",\"@graph\":[{\"@type\":\"WebPage\",\"@id\":\"https:\/\/talkpal.ai\/hu\/kazah-nyelvtani-gyakorlatok\/\",\"url\":\"https:\/\/talkpal.ai\/hu\/kazah-nyelvtani-gyakorlatok\/\",\"name\":\"Kazah nyelvtani gyakorlatok - Talkpal\",\"isPartOf\":{\"@id\":\"https:\/\/talkpal.ai\/hu\/#website\"},\"primaryImageOfPage\":{\"@id\":\"https:\/\/talkpal.ai\/hu\/kazah-nyelvtani-gyakorlatok\/#primaryimage\"},\"image\":{\"@id\":\"https:\/\/talkpal.ai\/hu\/kazah-nyelvtani-gyakorlatok\/#primaryimage\"},\"thumbnailUrl\":\"https:\/\/talkpal.ai\/wp-content\/uploads\/2023\/05\/kazakhstan.png\",\"datePublished\":\"2023-06-22T08:01:09+00:00\",\"dateModified\":\"2025-12-17T14:53:57+00:00\",\"description\":\"Fejleszd hat\u00e9konyan kazah nyelvtani ismereteidet - jav\u00edtsd a pontoss\u00e1got, gyakorold az interakt\u00edv gyakorlatokat \u00e9s t\u00f6k\u00e9letes\u00edtsd a nyelvhaszn\u00e1latot!\",\"breadcrumb\":{\"@id\":\"https:\/\/talkpal.ai\/hu\/kazah-nyelvtani-gyakorlatok\/#breadcrumb\"},\"inLanguage\":\"hu\",\"potentialAction\":[{\"@type\":\"ReadAction\",\"target\":[\"https:\/\/talkpal.ai\/hu\/kazah-nyelvtani-gyakorlatok\/\"]}]},{\"@type\":\"ImageObject\",\"inLanguage\":\"hu\",\"@id\":\"https:\/\/talkpal.ai\/hu\/kazah-nyelvtani-gyakorlatok\/#primaryimage\",\"url\":\"https:\/\/talkpal.ai\/wp-content\/uploads\/2023\/05\/kazakhstan.png\",\"contentUrl\":\"https:\/\/talkpal.ai\/wp-content\/uploads\/2023\/05\/kazakhstan.png\",\"width\":512,\"height\":512},{\"@type\":\"BreadcrumbList\",\"@id\":\"https:\/\/talkpal.ai\/hu\/kazah-nyelvtani-gyakorlatok\/#breadcrumb\",\"itemListElement\":[{\"@type\":\"ListItem\",\"position\":1,\"name\":\"Homepage\",\"item\":\"https:\/\/talkpal.ai\/hu\/\"},{\"@type\":\"ListItem\",\"position\":2,\"name\":\"Kazah nyelvtani gyakorlatok\"}]},{\"@type\":\"WebSite\",\"@id\":\"https:\/\/talkpal.ai\/hu\/#website\",\"url\":\"https:\/\/talkpal.ai\/hu\/\",\"name\":\"Talkpal\",\"description\":\"AI Language Learning\",\"publisher\":{\"@id\":\"https:\/\/talkpal.ai\/hu\/#organization\"},\"alternateName\":\"Talkpal AI\",\"potentialAction\":[{\"@type\":\"SearchAction\",\"target\":{\"@type\":\"EntryPoint\",\"urlTemplate\":\"https:\/\/talkpal.ai\/hu\/?s={search_term_string}\"},\"query-input\":{\"@type\":\"PropertyValueSpecification\",\"valueRequired\":true,\"valueName\":\"search_term_string\"}}],\"inLanguage\":\"hu\"},{\"@type\":\"Organization\",\"@id\":\"https:\/\/talkpal.ai\/hu\/#organization\",\"name\":\"Talkpal, Inc.\",\"alternateName\":\"Talkpal AI\",\"url\":\"https:\/\/talkpal.ai\/hu\/\",\"logo\":{\"@type\":\"ImageObject\",\"inLanguage\":\"hu\",\"@id\":\"https:\/\/talkpal.ai\/hu\/#\/schema\/logo\/image\/\",\"url\":\"https:\/\/talkpal.ai\/wp-content\/uploads\/2024\/03\/Talkpal-Logo-Icon.png\",\"contentUrl\":\"https:\/\/talkpal.ai\/wp-content\/uploads\/2024\/03\/Talkpal-Logo-Icon.png\",\"width\":2880,\"height\":2880,\"caption\":\"Talkpal, Inc.\"},\"image\":{\"@id\":\"https:\/\/talkpal.ai\/hu\/#\/schema\/logo\/image\/\"},\"sameAs\":[\"https:\/\/www.facebook.com\/profile.php?id=100090733639311\",\"https:\/\/x.com\/talkpalai\",\"https:\/\/www.linkedin.com\/company\/talkpal\/\",\"https:\/\/www.youtube.com\/@TalkPal\/\",\"https:\/\/www.tiktok.com\/@talkpal\",\"https:\/\/www.instagram.com\/talkpal_ai\/\",\"https:\/\/www.crunchbase.com\/organization\/talkpal-9cde\",\"https:\/\/www.g2.com\/products\/talkpal-for-business\/\",\"https:\/\/www.trustpilot.com\/review\/talkpal.ai\",\"https:\/\/www.capterra.com\/p\/10006800\/TalkPal\/\"],\"description\":\"Talkpal is a language learning web and mobile education app, powered by the latest AI technologies, that provides engaging experiences to its customers in many different languages to help them improve their language skills. Users can chat about unlimited amount of topics with the app and use other modes to practice their language learning.\",\"email\":\"support@talkpal.ai\",\"legalName\":\"Talkpal, Inc.\",\"foundingDate\":\"2023-04-03\",\"duns\":\"118989042\",\"numberOfEmployees\":{\"@type\":\"QuantitativeValue\",\"minValue\":\"11\",\"maxValue\":\"50\"},\"publishingPrinciples\":\"https:\/\/talkpal.ai\/publishing-principles\/\",\"actionableFeedbackPolicy\":\"https:\/\/talkpal.ai\/actionable-feedback-policy\/\",\"correctionsPolicy\":\"https:\/\/talkpal.ai\/corrections-policy\/\",\"ethicsPolicy\":\"https:\/\/talkpal.ai\/ethics-policy\/\",\"diversityPolicy\":\"https:\/\/talkpal.ai\/diversity-policy\/\",\"diversityStaffingReport\":\"https:\/\/talkpal.ai\/diversity-policy\/\"}]}<\/script>\n<!-- \/ Yoast SEO Premium plugin. -->","yoast_head_json":{"title":"Kazah nyelvtani gyakorlatok - Talkpal","description":"Fejleszd hat\u00e9konyan kazah nyelvtani ismereteidet - jav\u00edtsd a pontoss\u00e1got, gyakorold az interakt\u00edv gyakorlatokat \u00e9s t\u00f6k\u00e9letes\u00edtsd a nyelvhaszn\u00e1latot!","robots":{"index":"index","follow":"follow","max-snippet":"max-snippet:-1","max-image-preview":"max-image-preview:large","max-video-preview":"max-video-preview:-1"},"canonical":"https:\/\/talkpal.ai\/hu\/kazah-nyelvtani-gyakorlatok\/","og_locale":"hu_HU","og_type":"article","og_title":"Kazah nyelvtani gyakorlatok","og_description":"Kazah nyelvtani t\u00e9m\u00e1k Egy \u00faj nyelv tanul\u00e1sa kih\u00edv\u00e1st jelent\u0151, m\u00e9gis kifizet\u0151d\u0151 \u00e9lm\u00e9ny lehet, amely lehet\u0151s\u00e9get teremt a szem\u00e9lyes \u00e9s szakmai fejl\u0151d\u00e9sre.","og_url":"https:\/\/talkpal.ai\/hu\/kazah-nyelvtani-gyakorlatok\/","og_site_name":"Talkpal","article_publisher":"https:\/\/www.facebook.com\/profile.php?id=100090733639311","article_modified_time":"2025-12-17T14:53:57+00:00","og_image":[{"width":512,"height":512,"url":"https:\/\/talkpal.ai\/wp-content\/uploads\/2023\/05\/kazakhstan.png","type":"image\/png"}],"twitter_card":"summary_large_image","twitter_site":"@talkpalai","twitter_misc":{"Becs\u00fclt olvas\u00e1si id\u0151":"4 perc"},"schema":{"@context":"https:\/\/schema.org","@graph":[{"@type":"WebPage","@id":"https:\/\/talkpal.ai\/hu\/kazah-nyelvtani-gyakorlatok\/","url":"https:\/\/talkpal.ai\/hu\/kazah-nyelvtani-gyakorlatok\/","name":"Kazah nyelvtani gyakorlatok - Talkpal","isPartOf":{"@id":"https:\/\/talkpal.ai\/hu\/#website"},"primaryImageOfPage":{"@id":"https:\/\/talkpal.ai\/hu\/kazah-nyelvtani-gyakorlatok\/#primaryimage"},"image":{"@id":"https:\/\/talkpal.ai\/hu\/kazah-nyelvtani-gyakorlatok\/#primaryimage"},"thumbnailUrl":"https:\/\/talkpal.ai\/wp-content\/uploads\/2023\/05\/kazakhstan.png","datePublished":"2023-06-22T08:01:09+00:00","dateModified":"2025-12-17T14:53:57+00:00","description":"Fejleszd hat\u00e9konyan kazah nyelvtani ismereteidet - jav\u00edtsd a pontoss\u00e1got, gyakorold az interakt\u00edv gyakorlatokat \u00e9s t\u00f6k\u00e9letes\u00edtsd a nyelvhaszn\u00e1latot!","breadcrumb":{"@id":"https:\/\/talkpal.ai\/hu\/kazah-nyelvtani-gyakorlatok\/#breadcrumb"},"inLanguage":"hu","potentialAction":[{"@type":"ReadAction","target":["https:\/\/talkpal.ai\/hu\/kazah-nyelvtani-gyakorlatok\/"]}]},{"@type":"ImageObject","inLanguage":"hu","@id":"https:\/\/talkpal.ai\/hu\/kazah-nyelvtani-gyakorlatok\/#primaryimage","url":"https:\/\/talkpal.ai\/wp-content\/uploads\/2023\/05\/kazakhstan.png","contentUrl":"https:\/\/talkpal.ai\/wp-content\/uploads\/2023\/05\/kazakhstan.png","width":512,"height":512},{"@type":"BreadcrumbList","@id":"https:\/\/talkpal.ai\/hu\/kazah-nyelvtani-gyakorlatok\/#breadcrumb","itemListElement":[{"@type":"ListItem","position":1,"name":"Homepage","item":"https:\/\/talkpal.ai\/hu\/"},{"@type":"ListItem","position":2,"name":"Kazah nyelvtani gyakorlatok"}]},{"@type":"WebSite","@id":"https:\/\/talkpal.ai\/hu\/#website","url":"https:\/\/talkpal.ai\/hu\/","name":"Talkpal","description":"AI Language Learning","publisher":{"@id":"https:\/\/talkpal.ai\/hu\/#organization"},"alternateName":"Talkpal AI","potentialAction":[{"@type":"SearchAction","target":{"@type":"EntryPoint","urlTemplate":"https:\/\/talkpal.ai\/hu\/?s={search_term_string}"},"query-input":{"@type":"PropertyValueSpecification","valueRequired":true,"valueName":"search_term_string"}}],"inLanguage":"hu"},{"@type":"Organization","@id":"https:\/\/talkpal.ai\/hu\/#organization","name":"Talkpal, Inc.","alternateName":"Talkpal AI","url":"https:\/\/talkpal.ai\/hu\/","logo":{"@type":"ImageObject","inLanguage":"hu","@id":"https:\/\/talkpal.ai\/hu\/#\/schema\/logo\/image\/","url":"https:\/\/talkpal.ai\/wp-content\/uploads\/2024\/03\/Talkpal-Logo-Icon.png","contentUrl":"https:\/\/talkpal.ai\/wp-content\/uploads\/2024\/03\/Talkpal-Logo-Icon.png","width":2880,"height":2880,"caption":"Talkpal, Inc."},"image":{"@id":"https:\/\/talkpal.ai\/hu\/#\/schema\/logo\/image\/"},"sameAs":["https:\/\/www.facebook.com\/profile.php?id=100090733639311","https:\/\/x.com\/talkpalai","https:\/\/www.linkedin.com\/company\/talkpal\/","https:\/\/www.youtube.com\/@TalkPal\/","https:\/\/www.tiktok.com\/@talkpal","https:\/\/www.instagram.com\/talkpal_ai\/","https:\/\/www.crunchbase.com\/organization\/talkpal-9cde","https:\/\/www.g2.com\/products\/talkpal-for-business\/","https:\/\/www.trustpilot.com\/review\/talkpal.ai","https:\/\/www.capterra.com\/p\/10006800\/TalkPal\/"],"description":"Talkpal is a language learning web and mobile education app, powered by the latest AI technologies, that provides engaging experiences to its customers in many different languages to help them improve their language skills. Users can chat about unlimited amount of topics with the app and use other modes to practice their language learning.","email":"support@talkpal.ai","legalName":"Talkpal, Inc.","foundingDate":"2023-04-03","duns":"118989042","numberOfEmployees":{"@type":"QuantitativeValue","minValue":"11","maxValue":"50"},"publishingPrinciples":"https:\/\/talkpal.ai\/publishing-principles\/","actionableFeedbackPolicy":"https:\/\/talkpal.ai\/actionable-feedback-policy\/","correctionsPolicy":"https:\/\/talkpal.ai\/corrections-policy\/","ethicsPolicy":"https:\/\/talkpal.ai\/ethics-policy\/","diversityPolicy":"https:\/\/talkpal.ai\/diversity-policy\/","diversityStaffingReport":"https:\/\/talkpal.ai\/diversity-policy\/"}]}},"_links":{"self":[{"href":"https:\/\/talkpal.ai\/hu\/wp-json\/wp\/v2\/pages\/160739","targetHints":{"allow":["GET"]}}],"collection":[{"href":"https:\/\/talkpal.ai\/hu\/wp-json\/wp\/v2\/pages"}],"about":[{"href":"https:\/\/talkpal.ai\/hu\/wp-json\/wp\/v2\/types\/page"}],"author":[{"embeddable":true,"href":"https:\/\/talkpal.ai\/hu\/wp-json\/wp\/v2\/users\/6"}],"replies":[{"embeddable":true,"href":"https:\/\/talkpal.ai\/hu\/wp-json\/wp\/v2\/comments?post=160739"}],"version-history":[{"count":0,"href":"https:\/\/talkpal.ai\/hu\/wp-json\/wp\/v2\/pages\/160739\/revisions"}],"wp:featuredmedia":[{"embeddable":true,"href":"https:\/\/talkpal.ai\/hu\/wp-json\/wp\/v2\/media\/114324"}],"wp:attachment":[{"href":"https:\/\/talkpal.ai\/hu\/wp-json\/wp\/v2\/media?parent=160739"}],"curies":[{"name":"wp","href":"https:\/\/api.w.org\/{rel}","templated":true}]}}