{"id":160442,"date":"2023-06-22T08:07:24","date_gmt":"2023-06-22T08:07:24","guid":{"rendered":"http:\/\/talkpal.ai\/lett-nyelvtani-gyakorlatok\/"},"modified":"2025-12-17T15:51:13","modified_gmt":"2025-12-17T15:51:13","slug":"lett-nyelvtani-gyakorlatok","status":"publish","type":"page","link":"https:\/\/talkpal.ai\/hu\/lett-nyelvtani-gyakorlatok\/","title":{"rendered":"Lett nyelvtani gyakorlatok"},"content":{"rendered":"\r\n\r\n\r\n<section class=\"languageChallengeSection\">\r\n    <div class=\"languageInfoWrapper\">\r\n        \r\n        <h1>Lett nyelvtani gyakorlatok<\/h1>\r\n        <p>Szeretn\u00e9 magabiztosabban haszn\u00e1lni a <a href=\"https:\/\/talkpal.ai\/learn-latvian\/\">lett<\/a> nyelvet? A nyelvtani gyakorlatok gyakorl\u00e1sa nagyszer\u0171 m\u00f3dja a mondatszerkezet, az igealakok \u00e9s a <a href=\"https:\/\/talkpal.ai\/learn-latvian\/\">lett<\/a> nyelv jellegzetes mint\u00e1inak elsaj\u00e1t\u00edt\u00e1s\u00e1nak. Kezdje el felfedezni a lett nyelvtant m\u00e9g ma, \u00e9s l\u00e1ssa, hogy k\u00e9szs\u00e9gei \u00e9s foly\u00e9kony besz\u00e9dk\u00e9szs\u00e9ge minden egyes gyakorlattal javul!<\/p>\r\n\r\n                            <a class=\"getStartedHidden\" href=\"https:\/\/app.talkpal.ai\/hu\/signup?lng=\">Kezdj\u00fck<\/a>\r\n        \r\n    <\/div>\r\n\r\n    <figure>\r\n    <img decoding=\"async\" width=\"768\" height=\"768\" src=\"https:\/\/talkpal.ai\/wp-content\/uploads\/2023\/06\/latvian-768x768.png\" class=\"languageImage no-lazy\" alt=\"Language learning to access more cultures\" fetchpriority=\"high\" sizes=\"(max-width: 768px) 150px, 768px\" srcset=\"https:\/\/talkpal.ai\/wp-content\/uploads\/2023\/06\/latvian-768x768.png 768w, https:\/\/talkpal.ai\/wp-content\/uploads\/2023\/06\/latvian-300x300.png 300w\" \/>\r\n    \r\n\r\n    <\/figure>\r\n\r\n            <a class=\"getStartedVisible\" href=\"https:\/\/app.talkpal.ai\/hu\/signup?lng=\">Kezdj\u00fck<\/a>\r\n    \r\n<\/section>\r\n\r\n\r\n<!-- <section class=\"grammarSection\">\r\n    <div class=\"grammarLinks\">\r\n            <\/div>\r\n<\/section> -->\r\n\r\n\r\n\r\n\r\n<section class=\"promotionalBanner\">\r\n    <p class=\"promotionalText\">A nyelvtanul\u00e1s leghat\u00e9konyabb m\u00f3dja<\/p>\r\n    <a class=\"promotionalLink\" href=\"https:\/\/app.talkpal.ai\/hu\/signup?lng=\">Pr\u00f3b\u00e1lja ki a Talkpal ingyen<\/a>\r\n<\/section>\n<div class=\"wp-block-group pageContainerStyle\"><div class=\"wp-block-group__inner-container is-layout-constrained wp-block-group-is-layout-constrained\">\n<h2 class=\"wp-block-heading\" id=\"h-latvian-grammar-topics\">Lett nyelvtani t\u00e9m\u00e1k<\/h2>\n\n\n\n<p>Egy \u00faj nyelv tanul\u00e1sa izgalmas \u00e9s kifizet\u0151d\u0151 \u00e9lm\u00e9ny lehet, \u00e9s ez al\u00f3l a lett sem kiv\u00e9tel. Lettorsz\u00e1g hivatalos nyelvek\u00e9nt \u00e9s a balti nyelvek egyikek\u00e9nt a lett saj\u00e1t egyedi nyelvtani szerkezettel \u00e9s szab\u00e1lyokkal rendelkezik, amelyek megk\u00fcl\u00f6nb\u00f6ztetik a t\u00f6bbi eur\u00f3pai nyelvt\u0151l. A lett nyelv hat\u00e9kony megtanul\u00e1s\u00e1hoz fontos, hogy logikai sorrendben meg\u00e9rts\u00fck \u00e9s elsaj\u00e1t\u00edtsuk a k\u00fcl\u00f6nb\u00f6z\u0151 nyelvtani t\u00e9m\u00e1kat. <a href=\"https:\/\/talkpal.ai\/culture\/how-do-you-use-the-demonstrative-pronouns-ez-and-az\/\">Ez az<\/a> \u00fatmutat\u00f3 \u00e1ttekint\u00e9st ny\u00fajt a legfontosabb lett nyelvtani t\u00e9m\u00e1kr\u00f3l, bele\u00e9rtve az igeid\u0151t, ig\u00e9ket, f\u0151neveket, cikkeket, n\u00e9vm\u00e1sokat, determin\u00e1nsokat, mell\u00e9kneveket, hat\u00e1roz\u00f3szavakat, hat\u00e1roz\u00f3szavakat, hat\u00e1roz\u00f3szavakat, el\u00f6lj\u00e1r\u00f3szavakat \u00e9s mondatszerkezetet, hogy seg\u00edtsen er\u0151s alapot teremteni a nyelvben.<\/p>\n\n\n\n<h3 class=\"wp-block-heading\" id=\"h-1-nouns-and-articles\">1. F\u0151nevek \u00e9s cikkek:<\/h3>\n\n\n\n<p>A lett nyelvben a f\u0151neveknek k\u00e9t neme <a href=\"https:\/\/talkpal.ai\/locations\/language-courses-in-van\/\">van<\/a>: f\u00e9rfias \u00e9s n\u0151ies. H\u00e9t eset\u00fck is van, amelyek meghat\u00e1rozz\u00e1k a f\u0151n\u00e9v funkci\u00f3j\u00e1t egy mondatban. A cikkek nincsenek jelen a lett nyelvben, ez\u00e9rt a f\u0151n\u00e9v nem\u00e9nek \u00e9s eseteinek meg\u00e9rt\u00e9se elengedhetetlen a megfelel\u0151 kommunik\u00e1ci\u00f3hoz.<\/p>\n\n\n\n<h3 class=\"wp-block-heading\" id=\"h-2-adjectives\">2. Mell\u00e9knevek:<\/h3>\n\n\n\n<p>A lett mell\u00e9knevek megegyeznek azokkal a f\u0151nevekkel, amelyeket nemben, sz\u00e1mban \u00e9s kis- \u00e9s nagybet\u0171ben m\u00f3dos\u00edtanak. A mell\u00e9kn\u00e9vi ragoz\u00e1s tanul\u00e1sa fontos a pontos le\u00edr\u00e1sok \u00e9s \u00f6sszehasonl\u00edt\u00e1sok kialak\u00edt\u00e1s\u00e1hoz.<\/p>\n\n\n\n<h3 class=\"wp-block-heading\" id=\"h-3-pronouns-and-determiners\">3. N\u00e9vm\u00e1sok \u00e9s determin\u00e1nsok:<\/h3>\n\n\n\n<p>A n\u00e9vm\u00e1sok helyettes\u00edtik a f\u0151neveket a mondatokban, m\u00edg a determin\u00e1nsok meghat\u00e1rozz\u00e1k vagy sz\u00e1mszer\u0171s\u00edtik a f\u0151neveket. Mindkett\u0151 a <a href=\"https:\/\/talkpal.ai\/latvian-grammar\/\">lett nyelvtan<\/a> alapvet\u0151 eleme, \u00e9s kor\u00e1n meg kell tanulni a pontos mondatok kialak\u00edt\u00e1s\u00e1hoz.<\/p>\n\n\n\n<h3 class=\"wp-block-heading\" id=\"h-4-verbs-and-tenses\">4. Ig\u00e9k \u00e9s igeid\u0151k:<\/h3>\n\n\n\n<p>A lett ig\u00e9knek h\u00e1rom ideje van: m\u00falt, jelen \u00e9s j\u00f6v\u0151. A cselekv\u00e9sek \u00e9s esem\u00e9nyek kifejez\u00e9s\u00e9hez elengedhetetlen annak meg\u00e9rt\u00e9se, hogyan kell konjug\u00e1lni az ig\u00e9ket ezekben az id\u0151kben. Ezenk\u00edv\u00fcl az ig\u00e9knek h\u00e1rom hangulata van: indikat\u00edv, imperat\u00edv \u00e9s szubjekt\u00edv.<\/p>\n\n\n\n<h3 class=\"wp-block-heading\" id=\"h-5-progressive-and-perfect-progressive\">5. Progressz\u00edv \u00e9s t\u00f6k\u00e9letes progressz\u00edv:<\/h3>\n\n\n\n<p>Ezek a szempontok folyamatos vagy folyamatos cselekv\u00e9seket fejeznek ki. Ezek megtanul\u00e1sa seg\u00edt le\u00edrni azokat a tev\u00e9kenys\u00e9geket, amelyek folyamatban vannak, vagy m\u00e1r folyamatban voltak egy bizonyos ideig.<\/p>\n\n\n\n<h3 class=\"wp-block-heading\" id=\"h-6-tense-comparison\">6. Fesz\u00fclt \u00f6sszehasonl\u00edt\u00e1s:<\/h3>\n\n\n\n<p>Annak meg\u00e9rt\u00e9se, hogy az igeid\u0151k hogyan kapcsol\u00f3dnak egym\u00e1shoz, elengedhetetlen ahhoz, hogy a cselekv\u00e9seket \u00e9s esem\u00e9nyeket pontosan kifejezz\u00fck k\u00fcl\u00f6nb\u00f6z\u0151 id\u0151keretekben.<\/p>\n\n\n\n<h3 class=\"wp-block-heading\" id=\"h-7-adverbs\">7. Hat\u00e1roz\u00f3sz\u00f3k:<\/h3>\n\n\n\n<p>A hat\u00e1roz\u00f3szavak m\u00f3dos\u00edtj\u00e1k az ig\u00e9ket, mell\u00e9kneveket vagy m\u00e1s hat\u00e1roz\u00f3szavakat, tov\u00e1bbi inform\u00e1ci\u00f3kat szolg\u00e1ltatva a le\u00edrt m\u0171veletr\u0151l vagy min\u0151s\u00e9gr\u0151l. Ezek elengedhetetlenek ahhoz, hogy r\u00e9szleteket \u00e9s \u00e1rnyalatokat adjon mondatainak.<\/p>\n\n\n\n<h3 class=\"wp-block-heading\" id=\"h-8-prepositions\">8. El\u00f6lj\u00e1r\u00f3szavak:<\/h3>\n\n\n\n<p>Az el\u00f6lj\u00e1r\u00f3szavak a mondatban l\u00e9v\u0151 szavak k\u00f6z\u00f6tti kapcsolatot mutatj\u00e1k, p\u00e9ld\u00e1ul a helyet, az ir\u00e1nyt vagy az id\u0151t. Az el\u00f6lj\u00e1r\u00f3szavak elsaj\u00e1t\u00edt\u00e1sa elengedhetetlen a koherens \u00e9s \u00e9rtelmes mondatok fel\u00e9p\u00edt\u00e9s\u00e9hez.<\/p>\n\n\n\n<h3 class=\"wp-block-heading\" id=\"h-9-conditionals\">9. Felt\u00e9telek:<\/h3>\n\n\n\n<p>A felt\u00e9teles mondatok hipotetikus helyzeteket \u00e9s azok lehets\u00e9ges kimeneteleit fejezik ki. A felt\u00e9telek kialak\u00edt\u00e1s\u00e1nak \u00e9s haszn\u00e1lat\u00e1nak megtanul\u00e1sa elengedhetetlen az \u00f6sszetett \u00f6tletek \u00e9s lehet\u0151s\u00e9gek kifejez\u00e9s\u00e9hez.<\/p>\n\n\n\n<h3 class=\"wp-block-heading\" id=\"h-10-sentences\">10. Mondatok:<\/h3>\n\n\n\n<p>A lett mondatszerkezet, sz\u00f3rend \u00e9s \u00edr\u00e1sjelek meg\u00e9rt\u00e9se elengedhetetlen a vil\u00e1gos \u00e9s pontos \u00e1ll\u00edt\u00e1sok, k\u00e9rd\u00e9sek \u00e9s parancsok kialak\u00edt\u00e1s\u00e1hoz. A fent v\u00e1zolt \u00f6sszes nyelvtani t\u00e9ma elsaj\u00e1t\u00edt\u00e1s\u00e1val j\u00f3 \u00faton halad a lett nyelv elsaj\u00e1t\u00edt\u00e1sa fel\u00e9.<\/p>\n<\/div><\/div>\n\r\n<section class=\"learnNavigationSection\">\r\n            \r\n        <a href=\"https:\/\/talkpal.ai\/hu\/tanulj-lettul\/\">\r\n            <div class=\"learnNavigationWrapper\">\r\n                <div class=\"learnNavigationContent\">\r\n                    <img decoding=\"async\" src=\"https:\/\/talkpal.ai\/wp-content\/uploads\/2024\/08\/Latvian.jpg\" alt=\"Latvian Flag\">\r\n                    <div>\r\n                        <h4>A lett nyelvtanul\u00e1sr\u00f3l<\/h4>\r\n                        <p>Tudjon meg mindent a lett nyelvtanr\u00f3l.<\/p>\r\n                    <\/div>\r\n                <\/div>\r\n            <\/div>\r\n        <\/a>\r\n\r\n        \r\n        <a href=\"https:\/\/talkpal.ai\/hu\/lett-nyelvtan\/\">\r\n            <div class=\"learnNavigationWrapper\">\r\n                <div class=\"learnNavigationContent\">\r\n                    <img decoding=\"async\" src=\"https:\/\/talkpal.ai\/wp-content\/uploads\/2024\/08\/Latvian.jpg\" alt=\"Latvian Flag\">\r\n                    <div>\r\n                        <h4>Lett nyelvtani leck\u00e9k<\/h4>\r\n                        <p>Gyakorolja a lett nyelvtant.<\/p>\r\n                    <\/div>\r\n                <\/div>\r\n            <\/div>\r\n        <\/a>\r\n\r\n        \r\n        <a href=\"https:\/\/talkpal.ai\/vocabulary_language\/latvian\/\">\r\n            <div class=\"learnNavigationWrapper\">\r\n                <div class=\"learnNavigationContent\">\r\n                    <img decoding=\"async\" src=\"https:\/\/talkpal.ai\/wp-content\/uploads\/2024\/08\/Latvian.jpg\" alt=\"Latvian Flag\">\r\n                    <div>\r\n                        <h4>Lett sz\u00f3kincs<\/h4>\r\n                        <p>B\u0151v\u00edtse lett sz\u00f3kincs\u00e9t.<\/p>\r\n                    <\/div>\r\n                <\/div>\r\n            <\/div>\r\n        <\/a>\r\n\r\n            <\/section>","protected":false},"excerpt":{"rendered":"<p>Lett nyelvtani t\u00e9m\u00e1k Egy \u00faj nyelv tanul\u00e1sa izgalmas \u00e9s kifizet\u0151d\u0151 \u00e9lm\u00e9ny lehet, \u00e9s ez al\u00f3l a lett sem kiv\u00e9tel. Lettorsz\u00e1g hivatalos nyelvek\u00e9nt \u00e9s a balti nyelvek egyikek\u00e9nt a lett saj\u00e1t egyedi nyelvtani szerkezettel \u00e9s szab\u00e1lyokkal rendelkezik, amelyek megk\u00fcl\u00f6nb\u00f6ztetik a t\u00f6bbi eur\u00f3pai nyelvt\u0151l. A lett nyelv hat\u00e9kony megtanul\u00e1s\u00e1hoz fontos, hogy logikai sorrendben meg\u00e9rts\u00fck \u00e9s elsaj\u00e1t\u00edtsuk a [&hellip;]<\/p>\n","protected":false},"author":6,"featured_media":114722,"parent":0,"menu_order":0,"comment_status":"closed","ping_status":"closed","template":"LearningContentPage.php","meta":{"_acf_changed":false,"footnotes":""},"class_list":["post-160442","page","type-page","status-publish","has-post-thumbnail","hentry"],"acf":[],"yoast_head":"<!-- This site is optimized with the Yoast SEO Premium plugin v27.2 (Yoast SEO v27.2) - https:\/\/yoast.com\/product\/yoast-seo-premium-wordpress\/ -->\n<title>Lett nyelvtani gyakorlatok - Talkpal<\/title>\n<meta name=\"description\" content=\"Csiszolja a lett nyelvtant az\u00e1ltal, hogy r\u00e9szt vesz Talkpal gyakorlatok - jav\u00edtsa a pontoss\u00e1got \u00e9s n\u00f6velje a k\u00e9szs\u00e9geket hat\u00e9konyan az interakt\u00edv mesters\u00e9ges intelligencia leck\u00e9kkel.\" \/>\n<meta name=\"robots\" content=\"index, follow, max-snippet:-1, max-image-preview:large, max-video-preview:-1\" \/>\n<link rel=\"canonical\" href=\"https:\/\/talkpal.ai\/hu\/lett-nyelvtani-gyakorlatok\/\" \/>\n<meta property=\"og:locale\" content=\"hu_HU\" \/>\n<meta property=\"og:type\" content=\"article\" \/>\n<meta property=\"og:title\" content=\"Lett nyelvtani gyakorlatok\" \/>\n<meta property=\"og:description\" content=\"Lett nyelvtani t\u00e9m\u00e1k Egy \u00faj nyelv tanul\u00e1sa izgalmas \u00e9s kifizet\u0151d\u0151 \u00e9lm\u00e9ny lehet, \u00e9s ez al\u00f3l a lett sem kiv\u00e9tel. Lettorsz\u00e1g hivatalos nyelvek\u00e9nt \u00e9s a balti\" \/>\n<meta property=\"og:url\" content=\"https:\/\/talkpal.ai\/hu\/lett-nyelvtani-gyakorlatok\/\" \/>\n<meta property=\"og:site_name\" content=\"Talkpal\" \/>\n<meta property=\"article:publisher\" content=\"https:\/\/www.facebook.com\/profile.php?id=100090733639311\" \/>\n<meta property=\"article:modified_time\" content=\"2025-12-17T15:51:13+00:00\" \/>\n<meta property=\"og:image\" content=\"https:\/\/talkpal.ai\/wp-content\/uploads\/2023\/05\/latvia.png\" \/>\n\t<meta property=\"og:image:width\" content=\"512\" \/>\n\t<meta property=\"og:image:height\" content=\"512\" \/>\n\t<meta property=\"og:image:type\" content=\"image\/png\" \/>\n<meta name=\"twitter:card\" content=\"summary_large_image\" \/>\n<meta name=\"twitter:site\" content=\"@talkpalai\" \/>\n<meta name=\"twitter:label1\" content=\"Becs\u00fclt olvas\u00e1si id\u0151\" \/>\n\t<meta name=\"twitter:data1\" content=\"3 perc\" \/>\n<script type=\"application\/ld+json\" class=\"yoast-schema-graph\">{\"@context\":\"https:\/\/schema.org\",\"@graph\":[{\"@type\":\"WebPage\",\"@id\":\"https:\/\/talkpal.ai\/hu\/lett-nyelvtani-gyakorlatok\/\",\"url\":\"https:\/\/talkpal.ai\/hu\/lett-nyelvtani-gyakorlatok\/\",\"name\":\"Lett nyelvtani gyakorlatok - Talkpal\",\"isPartOf\":{\"@id\":\"https:\/\/talkpal.ai\/hu\/#website\"},\"primaryImageOfPage\":{\"@id\":\"https:\/\/talkpal.ai\/hu\/lett-nyelvtani-gyakorlatok\/#primaryimage\"},\"image\":{\"@id\":\"https:\/\/talkpal.ai\/hu\/lett-nyelvtani-gyakorlatok\/#primaryimage\"},\"thumbnailUrl\":\"https:\/\/talkpal.ai\/wp-content\/uploads\/2023\/05\/latvia.png\",\"datePublished\":\"2023-06-22T08:07:24+00:00\",\"dateModified\":\"2025-12-17T15:51:13+00:00\",\"description\":\"Csiszolja a lett nyelvtant az\u00e1ltal, hogy r\u00e9szt vesz Talkpal gyakorlatok - jav\u00edtsa a pontoss\u00e1got \u00e9s n\u00f6velje a k\u00e9szs\u00e9geket hat\u00e9konyan az interakt\u00edv mesters\u00e9ges intelligencia leck\u00e9kkel.\",\"breadcrumb\":{\"@id\":\"https:\/\/talkpal.ai\/hu\/lett-nyelvtani-gyakorlatok\/#breadcrumb\"},\"inLanguage\":\"hu\",\"potentialAction\":[{\"@type\":\"ReadAction\",\"target\":[\"https:\/\/talkpal.ai\/hu\/lett-nyelvtani-gyakorlatok\/\"]}]},{\"@type\":\"ImageObject\",\"inLanguage\":\"hu\",\"@id\":\"https:\/\/talkpal.ai\/hu\/lett-nyelvtani-gyakorlatok\/#primaryimage\",\"url\":\"https:\/\/talkpal.ai\/wp-content\/uploads\/2023\/05\/latvia.png\",\"contentUrl\":\"https:\/\/talkpal.ai\/wp-content\/uploads\/2023\/05\/latvia.png\",\"width\":512,\"height\":512},{\"@type\":\"BreadcrumbList\",\"@id\":\"https:\/\/talkpal.ai\/hu\/lett-nyelvtani-gyakorlatok\/#breadcrumb\",\"itemListElement\":[{\"@type\":\"ListItem\",\"position\":1,\"name\":\"Homepage\",\"item\":\"https:\/\/talkpal.ai\/hu\/\"},{\"@type\":\"ListItem\",\"position\":2,\"name\":\"Lett nyelvtani gyakorlatok\"}]},{\"@type\":\"WebSite\",\"@id\":\"https:\/\/talkpal.ai\/hu\/#website\",\"url\":\"https:\/\/talkpal.ai\/hu\/\",\"name\":\"Talkpal\",\"description\":\"AI Language Learning\",\"publisher\":{\"@id\":\"https:\/\/talkpal.ai\/hu\/#organization\"},\"alternateName\":\"Talkpal AI\",\"potentialAction\":[{\"@type\":\"SearchAction\",\"target\":{\"@type\":\"EntryPoint\",\"urlTemplate\":\"https:\/\/talkpal.ai\/hu\/?s={search_term_string}\"},\"query-input\":{\"@type\":\"PropertyValueSpecification\",\"valueRequired\":true,\"valueName\":\"search_term_string\"}}],\"inLanguage\":\"hu\"},{\"@type\":\"Organization\",\"@id\":\"https:\/\/talkpal.ai\/hu\/#organization\",\"name\":\"Talkpal, Inc.\",\"alternateName\":\"Talkpal AI\",\"url\":\"https:\/\/talkpal.ai\/hu\/\",\"logo\":{\"@type\":\"ImageObject\",\"inLanguage\":\"hu\",\"@id\":\"https:\/\/talkpal.ai\/hu\/#\/schema\/logo\/image\/\",\"url\":\"https:\/\/talkpal.ai\/wp-content\/uploads\/2024\/03\/Talkpal-Logo-Icon.png\",\"contentUrl\":\"https:\/\/talkpal.ai\/wp-content\/uploads\/2024\/03\/Talkpal-Logo-Icon.png\",\"width\":2880,\"height\":2880,\"caption\":\"Talkpal, Inc.\"},\"image\":{\"@id\":\"https:\/\/talkpal.ai\/hu\/#\/schema\/logo\/image\/\"},\"sameAs\":[\"https:\/\/www.facebook.com\/profile.php?id=100090733639311\",\"https:\/\/x.com\/talkpalai\",\"https:\/\/www.linkedin.com\/company\/talkpal\/\",\"https:\/\/www.youtube.com\/@TalkPal\/\",\"https:\/\/www.tiktok.com\/@talkpal\",\"https:\/\/www.instagram.com\/talkpal_ai\/\",\"https:\/\/www.crunchbase.com\/organization\/talkpal-9cde\",\"https:\/\/www.g2.com\/products\/talkpal-for-business\/\",\"https:\/\/www.trustpilot.com\/review\/talkpal.ai\",\"https:\/\/www.capterra.com\/p\/10006800\/TalkPal\/\"],\"description\":\"Talkpal is a language learning web and mobile education app, powered by the latest AI technologies, that provides engaging experiences to its customers in many different languages to help them improve their language skills. Users can chat about unlimited amount of topics with the app and use other modes to practice their language learning.\",\"email\":\"support@talkpal.ai\",\"legalName\":\"Talkpal, Inc.\",\"foundingDate\":\"2023-04-03\",\"duns\":\"118989042\",\"numberOfEmployees\":{\"@type\":\"QuantitativeValue\",\"minValue\":\"11\",\"maxValue\":\"50\"},\"publishingPrinciples\":\"https:\/\/talkpal.ai\/publishing-principles\/\",\"actionableFeedbackPolicy\":\"https:\/\/talkpal.ai\/actionable-feedback-policy\/\",\"correctionsPolicy\":\"https:\/\/talkpal.ai\/corrections-policy\/\",\"ethicsPolicy\":\"https:\/\/talkpal.ai\/ethics-policy\/\",\"diversityPolicy\":\"https:\/\/talkpal.ai\/diversity-policy\/\",\"diversityStaffingReport\":\"https:\/\/talkpal.ai\/diversity-policy\/\"}]}<\/script>\n<!-- \/ Yoast SEO Premium plugin. -->","yoast_head_json":{"title":"Lett nyelvtani gyakorlatok - Talkpal","description":"Csiszolja a lett nyelvtant az\u00e1ltal, hogy r\u00e9szt vesz Talkpal gyakorlatok - jav\u00edtsa a pontoss\u00e1got \u00e9s n\u00f6velje a k\u00e9szs\u00e9geket hat\u00e9konyan az interakt\u00edv mesters\u00e9ges intelligencia leck\u00e9kkel.","robots":{"index":"index","follow":"follow","max-snippet":"max-snippet:-1","max-image-preview":"max-image-preview:large","max-video-preview":"max-video-preview:-1"},"canonical":"https:\/\/talkpal.ai\/hu\/lett-nyelvtani-gyakorlatok\/","og_locale":"hu_HU","og_type":"article","og_title":"Lett nyelvtani gyakorlatok","og_description":"Lett nyelvtani t\u00e9m\u00e1k Egy \u00faj nyelv tanul\u00e1sa izgalmas \u00e9s kifizet\u0151d\u0151 \u00e9lm\u00e9ny lehet, \u00e9s ez al\u00f3l a lett sem kiv\u00e9tel. Lettorsz\u00e1g hivatalos nyelvek\u00e9nt \u00e9s a balti","og_url":"https:\/\/talkpal.ai\/hu\/lett-nyelvtani-gyakorlatok\/","og_site_name":"Talkpal","article_publisher":"https:\/\/www.facebook.com\/profile.php?id=100090733639311","article_modified_time":"2025-12-17T15:51:13+00:00","og_image":[{"width":512,"height":512,"url":"https:\/\/talkpal.ai\/wp-content\/uploads\/2023\/05\/latvia.png","type":"image\/png"}],"twitter_card":"summary_large_image","twitter_site":"@talkpalai","twitter_misc":{"Becs\u00fclt olvas\u00e1si id\u0151":"3 perc"},"schema":{"@context":"https:\/\/schema.org","@graph":[{"@type":"WebPage","@id":"https:\/\/talkpal.ai\/hu\/lett-nyelvtani-gyakorlatok\/","url":"https:\/\/talkpal.ai\/hu\/lett-nyelvtani-gyakorlatok\/","name":"Lett nyelvtani gyakorlatok - Talkpal","isPartOf":{"@id":"https:\/\/talkpal.ai\/hu\/#website"},"primaryImageOfPage":{"@id":"https:\/\/talkpal.ai\/hu\/lett-nyelvtani-gyakorlatok\/#primaryimage"},"image":{"@id":"https:\/\/talkpal.ai\/hu\/lett-nyelvtani-gyakorlatok\/#primaryimage"},"thumbnailUrl":"https:\/\/talkpal.ai\/wp-content\/uploads\/2023\/05\/latvia.png","datePublished":"2023-06-22T08:07:24+00:00","dateModified":"2025-12-17T15:51:13+00:00","description":"Csiszolja a lett nyelvtant az\u00e1ltal, hogy r\u00e9szt vesz Talkpal gyakorlatok - jav\u00edtsa a pontoss\u00e1got \u00e9s n\u00f6velje a k\u00e9szs\u00e9geket hat\u00e9konyan az interakt\u00edv mesters\u00e9ges intelligencia leck\u00e9kkel.","breadcrumb":{"@id":"https:\/\/talkpal.ai\/hu\/lett-nyelvtani-gyakorlatok\/#breadcrumb"},"inLanguage":"hu","potentialAction":[{"@type":"ReadAction","target":["https:\/\/talkpal.ai\/hu\/lett-nyelvtani-gyakorlatok\/"]}]},{"@type":"ImageObject","inLanguage":"hu","@id":"https:\/\/talkpal.ai\/hu\/lett-nyelvtani-gyakorlatok\/#primaryimage","url":"https:\/\/talkpal.ai\/wp-content\/uploads\/2023\/05\/latvia.png","contentUrl":"https:\/\/talkpal.ai\/wp-content\/uploads\/2023\/05\/latvia.png","width":512,"height":512},{"@type":"BreadcrumbList","@id":"https:\/\/talkpal.ai\/hu\/lett-nyelvtani-gyakorlatok\/#breadcrumb","itemListElement":[{"@type":"ListItem","position":1,"name":"Homepage","item":"https:\/\/talkpal.ai\/hu\/"},{"@type":"ListItem","position":2,"name":"Lett nyelvtani gyakorlatok"}]},{"@type":"WebSite","@id":"https:\/\/talkpal.ai\/hu\/#website","url":"https:\/\/talkpal.ai\/hu\/","name":"Talkpal","description":"AI Language Learning","publisher":{"@id":"https:\/\/talkpal.ai\/hu\/#organization"},"alternateName":"Talkpal AI","potentialAction":[{"@type":"SearchAction","target":{"@type":"EntryPoint","urlTemplate":"https:\/\/talkpal.ai\/hu\/?s={search_term_string}"},"query-input":{"@type":"PropertyValueSpecification","valueRequired":true,"valueName":"search_term_string"}}],"inLanguage":"hu"},{"@type":"Organization","@id":"https:\/\/talkpal.ai\/hu\/#organization","name":"Talkpal, Inc.","alternateName":"Talkpal AI","url":"https:\/\/talkpal.ai\/hu\/","logo":{"@type":"ImageObject","inLanguage":"hu","@id":"https:\/\/talkpal.ai\/hu\/#\/schema\/logo\/image\/","url":"https:\/\/talkpal.ai\/wp-content\/uploads\/2024\/03\/Talkpal-Logo-Icon.png","contentUrl":"https:\/\/talkpal.ai\/wp-content\/uploads\/2024\/03\/Talkpal-Logo-Icon.png","width":2880,"height":2880,"caption":"Talkpal, Inc."},"image":{"@id":"https:\/\/talkpal.ai\/hu\/#\/schema\/logo\/image\/"},"sameAs":["https:\/\/www.facebook.com\/profile.php?id=100090733639311","https:\/\/x.com\/talkpalai","https:\/\/www.linkedin.com\/company\/talkpal\/","https:\/\/www.youtube.com\/@TalkPal\/","https:\/\/www.tiktok.com\/@talkpal","https:\/\/www.instagram.com\/talkpal_ai\/","https:\/\/www.crunchbase.com\/organization\/talkpal-9cde","https:\/\/www.g2.com\/products\/talkpal-for-business\/","https:\/\/www.trustpilot.com\/review\/talkpal.ai","https:\/\/www.capterra.com\/p\/10006800\/TalkPal\/"],"description":"Talkpal is a language learning web and mobile education app, powered by the latest AI technologies, that provides engaging experiences to its customers in many different languages to help them improve their language skills. Users can chat about unlimited amount of topics with the app and use other modes to practice their language learning.","email":"support@talkpal.ai","legalName":"Talkpal, Inc.","foundingDate":"2023-04-03","duns":"118989042","numberOfEmployees":{"@type":"QuantitativeValue","minValue":"11","maxValue":"50"},"publishingPrinciples":"https:\/\/talkpal.ai\/publishing-principles\/","actionableFeedbackPolicy":"https:\/\/talkpal.ai\/actionable-feedback-policy\/","correctionsPolicy":"https:\/\/talkpal.ai\/corrections-policy\/","ethicsPolicy":"https:\/\/talkpal.ai\/ethics-policy\/","diversityPolicy":"https:\/\/talkpal.ai\/diversity-policy\/","diversityStaffingReport":"https:\/\/talkpal.ai\/diversity-policy\/"}]}},"_links":{"self":[{"href":"https:\/\/talkpal.ai\/hu\/wp-json\/wp\/v2\/pages\/160442","targetHints":{"allow":["GET"]}}],"collection":[{"href":"https:\/\/talkpal.ai\/hu\/wp-json\/wp\/v2\/pages"}],"about":[{"href":"https:\/\/talkpal.ai\/hu\/wp-json\/wp\/v2\/types\/page"}],"author":[{"embeddable":true,"href":"https:\/\/talkpal.ai\/hu\/wp-json\/wp\/v2\/users\/6"}],"replies":[{"embeddable":true,"href":"https:\/\/talkpal.ai\/hu\/wp-json\/wp\/v2\/comments?post=160442"}],"version-history":[{"count":0,"href":"https:\/\/talkpal.ai\/hu\/wp-json\/wp\/v2\/pages\/160442\/revisions"}],"wp:featuredmedia":[{"embeddable":true,"href":"https:\/\/talkpal.ai\/hu\/wp-json\/wp\/v2\/media\/114722"}],"wp:attachment":[{"href":"https:\/\/talkpal.ai\/hu\/wp-json\/wp\/v2\/media?parent=160442"}],"curies":[{"name":"wp","href":"https:\/\/api.w.org\/{rel}","templated":true}]}}