{"id":160153,"date":"2023-06-22T08:12:52","date_gmt":"2023-06-22T08:12:52","guid":{"rendered":"http:\/\/talkpal.ai\/litvan-nyelvtani-gyakorlatok\/"},"modified":"2025-12-17T15:53:34","modified_gmt":"2025-12-17T15:53:34","slug":"litvan-nyelvtani-gyakorlatok","status":"publish","type":"page","link":"https:\/\/talkpal.ai\/hu\/litvan-nyelvtani-gyakorlatok\/","title":{"rendered":"Litv\u00e1n nyelvtani gyakorlatok"},"content":{"rendered":"\r\n\r\n\r\n<section class=\"languageChallengeSection\">\r\n    <div class=\"languageInfoWrapper\">\r\n        \r\n        <h1>Litv\u00e1n nyelvtani gyakorlatok<\/h1>\r\n        <p>K\u00e9szen \u00e1llsz arra, hogy a <a href=\"https:\/\/talkpal.ai\/learn-lithuanian\/\">litv\u00e1n<\/a> nyelvtud\u00e1sodat a k\u00f6vetkez\u0151 szintre emeld? A nyelvtani gyakorlatok gyakorl\u00e1sa kiv\u00e1l\u00f3 m\u00f3dja a mondatszerkezet, az igealakok \u00e9s a <a href=\"https:\/\/talkpal.ai\/learn-lithuanian\/\">litv\u00e1n<\/a> nyelv egyedi mint\u00e1inak elsaj\u00e1t\u00edt\u00e1s\u00e1nak. Kezdje el felfedezni a litv\u00e1n nyelvtant m\u00e9g ma, \u00e9s n\u00e9zze, ahogy k\u00e9szs\u00e9gei \u00e9s \u00f6nbizalma minden egyes gyakorlattal n\u0151!<\/p>\r\n\r\n                            <a class=\"getStartedHidden\" href=\"https:\/\/app.talkpal.ai\/hu\/signup?lng=\">Kezdj\u00fck<\/a>\r\n        \r\n    <\/div>\r\n\r\n    <figure>\r\n    <img decoding=\"async\" width=\"768\" height=\"768\" src=\"https:\/\/talkpal.ai\/wp-content\/uploads\/2023\/06\/lithuenian-768x768.png\" class=\"languageImage no-lazy\" alt=\"Language learning for boosting creativity\" fetchpriority=\"high\" sizes=\"(max-width: 768px) 150px, 768px\" srcset=\"https:\/\/talkpal.ai\/wp-content\/uploads\/2023\/06\/lithuenian-768x768.png 768w, https:\/\/talkpal.ai\/wp-content\/uploads\/2023\/06\/lithuenian-300x300.png 300w\" \/>\r\n    \r\n\r\n    <\/figure>\r\n\r\n            <a class=\"getStartedVisible\" href=\"https:\/\/app.talkpal.ai\/hu\/signup?lng=\">Kezdj\u00fck<\/a>\r\n    \r\n<\/section>\r\n\r\n\r\n<!-- <section class=\"grammarSection\">\r\n    <div class=\"grammarLinks\">\r\n            <\/div>\r\n<\/section> -->\r\n\r\n\r\n\r\n\r\n<section class=\"promotionalBanner\">\r\n    <p class=\"promotionalText\">A nyelvtanul\u00e1s leghat\u00e9konyabb m\u00f3dja<\/p>\r\n    <a class=\"promotionalLink\" href=\"https:\/\/app.talkpal.ai\/hu\/signup?lng=\">Pr\u00f3b\u00e1lja ki a Talkpal ingyen<\/a>\r\n<\/section>\n<div class=\"wp-block-group pageContainerStyle\"><div class=\"wp-block-group__inner-container is-layout-constrained wp-block-group-is-layout-constrained\">\n<h2 class=\"wp-block-heading\" id=\"h-lithuanian-grammar-topics\">Litv\u00e1n nyelvtani t\u00e9m\u00e1k<\/h2>\n\n\n\n<p>A litv\u00e1n nyelv tanul\u00e1sa nemcsak egyed\u00fcl\u00e1ll\u00f3 \u00e9s kifizet\u0151d\u0151 \u00e9lm\u00e9ny, hanem a kultur\u00e1lis felfedez\u00e9s teljesen \u00faj vil\u00e1g\u00e1t is megnyitja. A litv\u00e1n, mint balti nyelv, meg\u0151rizte az \u0151si indoeur\u00f3pai nyelvek sz\u00e1mos jellemz\u0151j\u00e9t, \u00edgy fontos nyelv a t\u00f6rt\u00e9nelmi \u00e9s nyelv\u00e9szeti tanulm\u00e1nyok sz\u00e1m\u00e1ra. A <a href=\"https:\/\/talkpal.ai\/lithuanian-grammar\/\">litv\u00e1n nyelvtan<\/a> bonyolultnak t\u0171nhet, de kisebb t\u00e9m\u00e1kra bontva \u00e9s logikus sorrendben megtanulva sim\u00e1bb\u00e1 \u00e9s \u00e9lvezetesebb\u00e9 teszi utaz\u00e1s\u00e1t. Ebben az \u00fatmutat\u00f3ban bemutatjuk a litv\u00e1n nyelvtani t\u00e9m\u00e1kat a tanul\u00e1si sorrendben, r\u00f6vid \u00e1ttekint\u00e9st ny\u00fajtva az egyes t\u00e9m\u00e1kr\u00f3l.<\/p>\n\n\n\n<h3 class=\"wp-block-heading\" id=\"h-1-nouns\">1. F\u0151nevek:<\/h3>\n\n\n\n<p>A f\u0151nevek alkotj\u00e1k a legt\u00f6bb mondat gerinc\u00e9t, ez\u00e9rt kezdje azzal, hogy megtanulja a f\u0151n\u00e9vragoz\u00e1si rendszert litv\u00e1nul. \u00d6t f\u0151n\u00e9vi ragoz\u00e1s <a href=\"https:\/\/talkpal.ai\/locations\/language-courses-in-van\/\">van<\/a>, mindegyiknek megvan a maga v\u00e9gz\u0151d\u00e9se az egyes \u00e9s t\u00f6bbes sz\u00e1m\u00fa alakokhoz. \u00dcgyeljen a f\u0151nevek nem\u00e9re, mivel ez befoly\u00e1solja a hanyatl\u00e1sban haszn\u00e1lt v\u00e9gz\u0151d\u00e9seket.<\/p>\n\n\n\n<h3 class=\"wp-block-heading\" id=\"h-2-articles\">2. Cikkek:<\/h3>\n\n\n\n<p>Az angollal ellent\u00e9tben a litv\u00e1n nyelvben nincsenek hat\u00e1rozott \u00e9s hat\u00e1rozatlan n\u00e9vel\u0151 cikkek, \u00edgy eggyel kevesebb nyelvtani elem miatt kell agg\u00f3dnod!<\/p>\n\n\n\n<h3 class=\"wp-block-heading\" id=\"h-3-adjectives\">3. Mell\u00e9knevek:<\/h3>\n\n\n\n<p>A mell\u00e9knevek megegyeznek a f\u0151nevekkel nemben, kis- \u00e9s nagybet\u0171ben. Ismerje meg a k\u00fcl\u00f6nb\u00f6z\u0151 mell\u00e9kn\u00e9vi v\u00e9gz\u0151d\u00e9seket \u00e9s azok v\u00e1ltoz\u00e1s\u00e1t att\u00f3l f\u00fcgg\u0151en, hogy melyik f\u0151nevet m\u00f3dos\u00edtj\u00e1k.<\/p>\n\n\n\n<h3 class=\"wp-block-heading\" id=\"h-4-pronouns-determiners\">4. N\u00e9vm\u00e1sok\/determin\u00e1nsok:<\/h3>\n\n\n\n<p>Mint m\u00e1s nyelvekben, a n\u00e9vm\u00e1sok \u00e9s a determin\u00e1nsok seg\u00edtenek a mondatok egy\u00e9rtelm\u0171s\u00e9g\u00e9nek \u00e9s specifikuss\u00e1g\u00e1nak biztos\u00edt\u00e1s\u00e1ban. Ismerje meg a n\u00e9vm\u00e1sok \u00e9s determin\u00e1nsok k\u00fcl\u00f6nb\u00f6z\u0151 t\u00edpusait, valamint azok k\u00fcl\u00f6nb\u00f6z\u0151 form\u00e1it \u00e9s felhaszn\u00e1l\u00e1sait litv\u00e1nul.<\/p>\n\n\n\n<h3 class=\"wp-block-heading\" id=\"h-5-verbs\">5. Ig\u00e9k:<\/h3>\n\n\n\n<p>Az ig\u00e9k elengedhetetlenek a cselekv\u00e9sek \u00e9s l\u00e9t\u00e1llapotok k\u00f6zvet\u00edt\u00e9s\u00e9hez. Kezdje a jelen fesz\u00fclts\u00e9ggel, majd l\u00e9pjen tov\u00e1bb a m\u00falt \u00e9s a j\u00f6v\u0151 id\u0151kre. \u00dcgyeljen a konjug\u00e1ci\u00f3s mint\u00e1kra, valamint a szab\u00e1lytalan ig\u00e9kre.<\/p>\n\n\n\n<h3 class=\"wp-block-heading\" id=\"h-6-tense-comparison\">6. Fesz\u00fclt \u00f6sszehasonl\u00edt\u00e1s:<\/h3>\n\n\n\n<p>Az alapid\u0151k elsaj\u00e1t\u00edt\u00e1sa ut\u00e1n megtanulja, hogyan hasonl\u00edtsa \u00f6ssze \u0151ket, \u00e9s \u00e9rtse meg haszn\u00e1latuk \u00e1rnyalatait. Ez mag\u00e1ban foglalja az egyszer\u0171 \u00e9s \u00f6sszetett igeid\u0151k k\u00f6z\u00f6tti k\u00fcl\u00f6nbs\u00e9gek, valamint a t\u00f6k\u00e9letes progressz\u00edv id\u0151 meg\u00e9rt\u00e9s\u00e9t.<\/p>\n\n\n\n<h3 class=\"wp-block-heading\" id=\"h-7-progressive-and-perfect-progressive\">7. Progressz\u00edv \u00e9s t\u00f6k\u00e9letes progressz\u00edv:<\/h3>\n\n\n\n<p>A litv\u00e1n nyelvnek nincsenek olyan speci\u00e1lis progressz\u00edv form\u00e1i, mint az <a href=\"https:\/\/talkpal.ai\/locations\/language-courses-in-angol\/\">angol<\/a>, de a folyamatban l\u00e9v\u0151 \u00e9s befejezett m\u0171veleteket speci\u00e1lis konstrukci\u00f3kkal fejezheti ki. Ismerje meg ezeket a konstrukci\u00f3kat \u00e9s hogyan kell hat\u00e9konyan haszn\u00e1lni \u0151ket.<\/p>\n\n\n\n<h3 class=\"wp-block-heading\" id=\"h-8-adverbs\">8. Hat\u00e1roz\u00f3sz\u00f3k:<\/h3>\n\n\n\n<p>A mell\u00e9knevek m\u00f3dos\u00edtj\u00e1k a f\u0151neveket, m\u00edg a hat\u00e1roz\u00f3szavak m\u00f3dos\u00edtj\u00e1k az ig\u00e9ket, mell\u00e9kneveket vagy m\u00e1s hat\u00e1roz\u00f3szavakat. Ismerje meg a k\u00fcl\u00f6nb\u00f6z\u0151 t\u00edpus\u00fa hat\u00e1roz\u00f3szavakat \u00e9s azok mondatokban val\u00f3 elhelyez\u00e9s\u00e9t.<\/p>\n\n\n\n<h3 class=\"wp-block-heading\" id=\"h-9-prepositions\">9. El\u00f6lj\u00e1r\u00f3szavak:<\/h3>\n\n\n\n<p>A prepoz\u00edci\u00f3k a mondatban l\u00e9v\u0151 szavak k\u00f6z\u00f6tti kapcsolatot mutatj\u00e1k. Ismerje meg a k\u00fcl\u00f6nb\u00f6z\u0151 el\u00f6lj\u00e1r\u00f3szavakat \u00e9s azok haszn\u00e1lat\u00e1t k\u00fcl\u00f6nb\u00f6z\u0151 kontextusokban.<\/p>\n\n\n\n<h3 class=\"wp-block-heading\" id=\"h-10-conditionals\">10. Felt\u00e9telek:<\/h3>\n\n\n\n<p>A felt\u00e9telek hipotetikus vagy irre\u00e1lis helyzeteket fejeznek ki. Ismerje meg a k\u00fcl\u00f6nb\u00f6z\u0151 t\u00edpus\u00fa felt\u00e9teleket \u00e9s azok konstrukci\u00f3it litv\u00e1nul.<\/p>\n\n\n\n<h3 class=\"wp-block-heading\" id=\"h-11-sentences\">11. Mondatok:<\/h3>\n\n\n\n<p>V\u00e9g\u00fcl hozzon \u00f6ssze mindent a litv\u00e1n mondatszerkezet megismer\u00e9s\u00e9vel. Ismerje meg az alapvet\u0151 sz\u00f3rendet \u00e9s azt, hogyan lehet azt a hangs\u00faly vagy az egy\u00e9rtelm\u0171s\u00e9g \u00e9rdek\u00e9ben m\u00f3dos\u00edtani. Gyakorolja a mondatalkot\u00e1st az eddig tanult nyelvtani elemek felhaszn\u00e1l\u00e1s\u00e1val.<\/p>\n\n\n\n<p>Ha k\u00f6veti ezt a t\u00e9mak\u00f6rt, akkor a litv\u00e1n nyelvtani ismeretek alapos meg\u00e9rt\u00e9s\u00e9t fogja elsaj\u00e1t\u00edtani, \u00e9s j\u00f3 \u00faton halad a nyelv foly\u00e9kony elsaj\u00e1t\u00edt\u00e1sa fel\u00e9.<\/p>\n<\/div><\/div>\n\r\n<section class=\"learnNavigationSection\">\r\n            \r\n        <a href=\"https:\/\/talkpal.ai\/hu\/tanulj-litvanul\/\">\r\n            <div class=\"learnNavigationWrapper\">\r\n                <div class=\"learnNavigationContent\">\r\n                    <img decoding=\"async\" src=\"https:\/\/talkpal.ai\/wp-content\/uploads\/2024\/08\/Lithuanian.jpg\" alt=\"Lithuanian Flag\">\r\n                    <div>\r\n                        <h4>A litv\u00e1n nyelvtanul\u00e1sr\u00f3l<\/h4>\r\n                        <p>Tudjon meg mindent a litv\u00e1n nyelvtanr\u00f3l.<\/p>\r\n                    <\/div>\r\n                <\/div>\r\n            <\/div>\r\n        <\/a>\r\n\r\n        \r\n        <a href=\"https:\/\/talkpal.ai\/hu\/litvan-nyelvtan\/\">\r\n            <div class=\"learnNavigationWrapper\">\r\n                <div class=\"learnNavigationContent\">\r\n                    <img decoding=\"async\" src=\"https:\/\/talkpal.ai\/wp-content\/uploads\/2024\/08\/Lithuanian.jpg\" alt=\"Lithuanian Flag\">\r\n                    <div>\r\n                        <h4>Litv\u00e1n nyelvtan leck\u00e9k<\/h4>\r\n                        <p>Gyakorolja a litv\u00e1n nyelvtant.<\/p>\r\n                    <\/div>\r\n                <\/div>\r\n            <\/div>\r\n        <\/a>\r\n\r\n        \r\n        <a href=\"https:\/\/talkpal.ai\/vocabulary_language\/lithuanian\/\">\r\n            <div class=\"learnNavigationWrapper\">\r\n                <div class=\"learnNavigationContent\">\r\n                    <img decoding=\"async\" src=\"https:\/\/talkpal.ai\/wp-content\/uploads\/2024\/08\/Lithuanian.jpg\" alt=\"Lithuanian Flag\">\r\n                    <div>\r\n                        <h4>Litv\u00e1n sz\u00f3kincs<\/h4>\r\n                        <p>B\u0151v\u00edtse litv\u00e1n sz\u00f3kincs\u00e9t.<\/p>\r\n                    <\/div>\r\n                <\/div>\r\n            <\/div>\r\n        <\/a>\r\n\r\n            <\/section>","protected":false},"excerpt":{"rendered":"<p>Litv\u00e1n nyelvtani t\u00e9m\u00e1k A litv\u00e1n nyelv tanul\u00e1sa nemcsak egyed\u00fcl\u00e1ll\u00f3 \u00e9s kifizet\u0151d\u0151 \u00e9lm\u00e9ny, hanem a kultur\u00e1lis felfedez\u00e9s teljesen \u00faj vil\u00e1g\u00e1t is megnyitja. A litv\u00e1n, mint balti nyelv, meg\u0151rizte az \u0151si indoeur\u00f3pai nyelvek sz\u00e1mos jellemz\u0151j\u00e9t, \u00edgy fontos nyelv a t\u00f6rt\u00e9nelmi \u00e9s nyelv\u00e9szeti tanulm\u00e1nyok sz\u00e1m\u00e1ra. A litv\u00e1n nyelvtan bonyolultnak t\u0171nhet, de kisebb t\u00e9m\u00e1kra bontva \u00e9s logikus sorrendben megtanulva [&hellip;]<\/p>\n","protected":false},"author":6,"featured_media":114875,"parent":0,"menu_order":0,"comment_status":"closed","ping_status":"closed","template":"LearningContentPage.php","meta":{"_acf_changed":false,"footnotes":""},"class_list":["post-160153","page","type-page","status-publish","has-post-thumbnail","hentry"],"acf":[],"yoast_head":"<!-- This site is optimized with the Yoast SEO Premium plugin v27.2 (Yoast SEO v27.2) - https:\/\/yoast.com\/product\/yoast-seo-premium-wordpress\/ -->\n<title>Litv\u00e1n nyelvtani gyakorlatok - Talkpal<\/title>\n<meta name=\"description\" content=\"Saj\u00e1t\u00edtsa el a nyelv bonyolults\u00e1g\u00e1t a litv\u00e1n nyelvtani gyakorlatok seg\u00edts\u00e9g\u00e9vel, amelyek fokozz\u00e1k a nyelvtud\u00e1s\u00e1t.\" \/>\n<meta name=\"robots\" content=\"index, follow, max-snippet:-1, max-image-preview:large, max-video-preview:-1\" \/>\n<link rel=\"canonical\" href=\"https:\/\/talkpal.ai\/hu\/litvan-nyelvtani-gyakorlatok\/\" \/>\n<meta property=\"og:locale\" content=\"hu_HU\" \/>\n<meta property=\"og:type\" content=\"article\" \/>\n<meta property=\"og:title\" content=\"Litv\u00e1n nyelvtani gyakorlatok\" \/>\n<meta property=\"og:description\" content=\"Litv\u00e1n nyelvtani t\u00e9m\u00e1k A litv\u00e1n nyelv tanul\u00e1sa nemcsak egyed\u00fcl\u00e1ll\u00f3 \u00e9s kifizet\u0151d\u0151 \u00e9lm\u00e9ny, hanem a kultur\u00e1lis felfedez\u00e9s teljesen \u00faj vil\u00e1g\u00e1t is megnyitja. A\" \/>\n<meta property=\"og:url\" content=\"https:\/\/talkpal.ai\/hu\/litvan-nyelvtani-gyakorlatok\/\" \/>\n<meta property=\"og:site_name\" content=\"Talkpal\" \/>\n<meta property=\"article:publisher\" content=\"https:\/\/www.facebook.com\/profile.php?id=100090733639311\" \/>\n<meta property=\"article:modified_time\" content=\"2025-12-17T15:53:34+00:00\" \/>\n<meta property=\"og:image\" content=\"https:\/\/talkpal.ai\/wp-content\/uploads\/2023\/05\/Lithuanian.png\" \/>\n\t<meta property=\"og:image:width\" content=\"512\" \/>\n\t<meta property=\"og:image:height\" content=\"512\" \/>\n\t<meta property=\"og:image:type\" content=\"image\/png\" \/>\n<meta name=\"twitter:card\" content=\"summary_large_image\" \/>\n<meta name=\"twitter:site\" content=\"@talkpalai\" \/>\n<meta name=\"twitter:label1\" content=\"Becs\u00fclt olvas\u00e1si id\u0151\" \/>\n\t<meta name=\"twitter:data1\" content=\"3 perc\" \/>\n<script type=\"application\/ld+json\" class=\"yoast-schema-graph\">{\"@context\":\"https:\/\/schema.org\",\"@graph\":[{\"@type\":\"WebPage\",\"@id\":\"https:\/\/talkpal.ai\/hu\/litvan-nyelvtani-gyakorlatok\/\",\"url\":\"https:\/\/talkpal.ai\/hu\/litvan-nyelvtani-gyakorlatok\/\",\"name\":\"Litv\u00e1n nyelvtani gyakorlatok - Talkpal\",\"isPartOf\":{\"@id\":\"https:\/\/talkpal.ai\/hu\/#website\"},\"primaryImageOfPage\":{\"@id\":\"https:\/\/talkpal.ai\/hu\/litvan-nyelvtani-gyakorlatok\/#primaryimage\"},\"image\":{\"@id\":\"https:\/\/talkpal.ai\/hu\/litvan-nyelvtani-gyakorlatok\/#primaryimage\"},\"thumbnailUrl\":\"https:\/\/talkpal.ai\/wp-content\/uploads\/2023\/05\/Lithuanian.png\",\"datePublished\":\"2023-06-22T08:12:52+00:00\",\"dateModified\":\"2025-12-17T15:53:34+00:00\",\"description\":\"Saj\u00e1t\u00edtsa el a nyelv bonyolults\u00e1g\u00e1t a litv\u00e1n nyelvtani gyakorlatok seg\u00edts\u00e9g\u00e9vel, amelyek fokozz\u00e1k a nyelvtud\u00e1s\u00e1t.\",\"breadcrumb\":{\"@id\":\"https:\/\/talkpal.ai\/hu\/litvan-nyelvtani-gyakorlatok\/#breadcrumb\"},\"inLanguage\":\"hu\",\"potentialAction\":[{\"@type\":\"ReadAction\",\"target\":[\"https:\/\/talkpal.ai\/hu\/litvan-nyelvtani-gyakorlatok\/\"]}]},{\"@type\":\"ImageObject\",\"inLanguage\":\"hu\",\"@id\":\"https:\/\/talkpal.ai\/hu\/litvan-nyelvtani-gyakorlatok\/#primaryimage\",\"url\":\"https:\/\/talkpal.ai\/wp-content\/uploads\/2023\/05\/Lithuanian.png\",\"contentUrl\":\"https:\/\/talkpal.ai\/wp-content\/uploads\/2023\/05\/Lithuanian.png\",\"width\":512,\"height\":512},{\"@type\":\"BreadcrumbList\",\"@id\":\"https:\/\/talkpal.ai\/hu\/litvan-nyelvtani-gyakorlatok\/#breadcrumb\",\"itemListElement\":[{\"@type\":\"ListItem\",\"position\":1,\"name\":\"Homepage\",\"item\":\"https:\/\/talkpal.ai\/hu\/\"},{\"@type\":\"ListItem\",\"position\":2,\"name\":\"Litv\u00e1n nyelvtani gyakorlatok\"}]},{\"@type\":\"WebSite\",\"@id\":\"https:\/\/talkpal.ai\/hu\/#website\",\"url\":\"https:\/\/talkpal.ai\/hu\/\",\"name\":\"Talkpal\",\"description\":\"AI Language Learning\",\"publisher\":{\"@id\":\"https:\/\/talkpal.ai\/hu\/#organization\"},\"alternateName\":\"Talkpal AI\",\"potentialAction\":[{\"@type\":\"SearchAction\",\"target\":{\"@type\":\"EntryPoint\",\"urlTemplate\":\"https:\/\/talkpal.ai\/hu\/?s={search_term_string}\"},\"query-input\":{\"@type\":\"PropertyValueSpecification\",\"valueRequired\":true,\"valueName\":\"search_term_string\"}}],\"inLanguage\":\"hu\"},{\"@type\":\"Organization\",\"@id\":\"https:\/\/talkpal.ai\/hu\/#organization\",\"name\":\"Talkpal, Inc.\",\"alternateName\":\"Talkpal AI\",\"url\":\"https:\/\/talkpal.ai\/hu\/\",\"logo\":{\"@type\":\"ImageObject\",\"inLanguage\":\"hu\",\"@id\":\"https:\/\/talkpal.ai\/hu\/#\/schema\/logo\/image\/\",\"url\":\"https:\/\/talkpal.ai\/wp-content\/uploads\/2024\/03\/Talkpal-Logo-Icon.png\",\"contentUrl\":\"https:\/\/talkpal.ai\/wp-content\/uploads\/2024\/03\/Talkpal-Logo-Icon.png\",\"width\":2880,\"height\":2880,\"caption\":\"Talkpal, Inc.\"},\"image\":{\"@id\":\"https:\/\/talkpal.ai\/hu\/#\/schema\/logo\/image\/\"},\"sameAs\":[\"https:\/\/www.facebook.com\/profile.php?id=100090733639311\",\"https:\/\/x.com\/talkpalai\",\"https:\/\/www.linkedin.com\/company\/talkpal\/\",\"https:\/\/www.youtube.com\/@TalkPal\/\",\"https:\/\/www.tiktok.com\/@talkpal\",\"https:\/\/www.instagram.com\/talkpal_ai\/\",\"https:\/\/www.crunchbase.com\/organization\/talkpal-9cde\",\"https:\/\/www.g2.com\/products\/talkpal-for-business\/\",\"https:\/\/www.trustpilot.com\/review\/talkpal.ai\",\"https:\/\/www.capterra.com\/p\/10006800\/TalkPal\/\"],\"description\":\"Talkpal is a language learning web and mobile education app, powered by the latest AI technologies, that provides engaging experiences to its customers in many different languages to help them improve their language skills. Users can chat about unlimited amount of topics with the app and use other modes to practice their language learning.\",\"email\":\"support@talkpal.ai\",\"legalName\":\"Talkpal, Inc.\",\"foundingDate\":\"2023-04-03\",\"duns\":\"118989042\",\"numberOfEmployees\":{\"@type\":\"QuantitativeValue\",\"minValue\":\"11\",\"maxValue\":\"50\"},\"publishingPrinciples\":\"https:\/\/talkpal.ai\/publishing-principles\/\",\"actionableFeedbackPolicy\":\"https:\/\/talkpal.ai\/actionable-feedback-policy\/\",\"correctionsPolicy\":\"https:\/\/talkpal.ai\/corrections-policy\/\",\"ethicsPolicy\":\"https:\/\/talkpal.ai\/ethics-policy\/\",\"diversityPolicy\":\"https:\/\/talkpal.ai\/diversity-policy\/\",\"diversityStaffingReport\":\"https:\/\/talkpal.ai\/diversity-policy\/\"}]}<\/script>\n<!-- \/ Yoast SEO Premium plugin. -->","yoast_head_json":{"title":"Litv\u00e1n nyelvtani gyakorlatok - Talkpal","description":"Saj\u00e1t\u00edtsa el a nyelv bonyolults\u00e1g\u00e1t a litv\u00e1n nyelvtani gyakorlatok seg\u00edts\u00e9g\u00e9vel, amelyek fokozz\u00e1k a nyelvtud\u00e1s\u00e1t.","robots":{"index":"index","follow":"follow","max-snippet":"max-snippet:-1","max-image-preview":"max-image-preview:large","max-video-preview":"max-video-preview:-1"},"canonical":"https:\/\/talkpal.ai\/hu\/litvan-nyelvtani-gyakorlatok\/","og_locale":"hu_HU","og_type":"article","og_title":"Litv\u00e1n nyelvtani gyakorlatok","og_description":"Litv\u00e1n nyelvtani t\u00e9m\u00e1k A litv\u00e1n nyelv tanul\u00e1sa nemcsak egyed\u00fcl\u00e1ll\u00f3 \u00e9s kifizet\u0151d\u0151 \u00e9lm\u00e9ny, hanem a kultur\u00e1lis felfedez\u00e9s teljesen \u00faj vil\u00e1g\u00e1t is megnyitja. A","og_url":"https:\/\/talkpal.ai\/hu\/litvan-nyelvtani-gyakorlatok\/","og_site_name":"Talkpal","article_publisher":"https:\/\/www.facebook.com\/profile.php?id=100090733639311","article_modified_time":"2025-12-17T15:53:34+00:00","og_image":[{"width":512,"height":512,"url":"https:\/\/talkpal.ai\/wp-content\/uploads\/2023\/05\/Lithuanian.png","type":"image\/png"}],"twitter_card":"summary_large_image","twitter_site":"@talkpalai","twitter_misc":{"Becs\u00fclt olvas\u00e1si id\u0151":"3 perc"},"schema":{"@context":"https:\/\/schema.org","@graph":[{"@type":"WebPage","@id":"https:\/\/talkpal.ai\/hu\/litvan-nyelvtani-gyakorlatok\/","url":"https:\/\/talkpal.ai\/hu\/litvan-nyelvtani-gyakorlatok\/","name":"Litv\u00e1n nyelvtani gyakorlatok - Talkpal","isPartOf":{"@id":"https:\/\/talkpal.ai\/hu\/#website"},"primaryImageOfPage":{"@id":"https:\/\/talkpal.ai\/hu\/litvan-nyelvtani-gyakorlatok\/#primaryimage"},"image":{"@id":"https:\/\/talkpal.ai\/hu\/litvan-nyelvtani-gyakorlatok\/#primaryimage"},"thumbnailUrl":"https:\/\/talkpal.ai\/wp-content\/uploads\/2023\/05\/Lithuanian.png","datePublished":"2023-06-22T08:12:52+00:00","dateModified":"2025-12-17T15:53:34+00:00","description":"Saj\u00e1t\u00edtsa el a nyelv bonyolults\u00e1g\u00e1t a litv\u00e1n nyelvtani gyakorlatok seg\u00edts\u00e9g\u00e9vel, amelyek fokozz\u00e1k a nyelvtud\u00e1s\u00e1t.","breadcrumb":{"@id":"https:\/\/talkpal.ai\/hu\/litvan-nyelvtani-gyakorlatok\/#breadcrumb"},"inLanguage":"hu","potentialAction":[{"@type":"ReadAction","target":["https:\/\/talkpal.ai\/hu\/litvan-nyelvtani-gyakorlatok\/"]}]},{"@type":"ImageObject","inLanguage":"hu","@id":"https:\/\/talkpal.ai\/hu\/litvan-nyelvtani-gyakorlatok\/#primaryimage","url":"https:\/\/talkpal.ai\/wp-content\/uploads\/2023\/05\/Lithuanian.png","contentUrl":"https:\/\/talkpal.ai\/wp-content\/uploads\/2023\/05\/Lithuanian.png","width":512,"height":512},{"@type":"BreadcrumbList","@id":"https:\/\/talkpal.ai\/hu\/litvan-nyelvtani-gyakorlatok\/#breadcrumb","itemListElement":[{"@type":"ListItem","position":1,"name":"Homepage","item":"https:\/\/talkpal.ai\/hu\/"},{"@type":"ListItem","position":2,"name":"Litv\u00e1n nyelvtani gyakorlatok"}]},{"@type":"WebSite","@id":"https:\/\/talkpal.ai\/hu\/#website","url":"https:\/\/talkpal.ai\/hu\/","name":"Talkpal","description":"AI Language Learning","publisher":{"@id":"https:\/\/talkpal.ai\/hu\/#organization"},"alternateName":"Talkpal AI","potentialAction":[{"@type":"SearchAction","target":{"@type":"EntryPoint","urlTemplate":"https:\/\/talkpal.ai\/hu\/?s={search_term_string}"},"query-input":{"@type":"PropertyValueSpecification","valueRequired":true,"valueName":"search_term_string"}}],"inLanguage":"hu"},{"@type":"Organization","@id":"https:\/\/talkpal.ai\/hu\/#organization","name":"Talkpal, Inc.","alternateName":"Talkpal AI","url":"https:\/\/talkpal.ai\/hu\/","logo":{"@type":"ImageObject","inLanguage":"hu","@id":"https:\/\/talkpal.ai\/hu\/#\/schema\/logo\/image\/","url":"https:\/\/talkpal.ai\/wp-content\/uploads\/2024\/03\/Talkpal-Logo-Icon.png","contentUrl":"https:\/\/talkpal.ai\/wp-content\/uploads\/2024\/03\/Talkpal-Logo-Icon.png","width":2880,"height":2880,"caption":"Talkpal, Inc."},"image":{"@id":"https:\/\/talkpal.ai\/hu\/#\/schema\/logo\/image\/"},"sameAs":["https:\/\/www.facebook.com\/profile.php?id=100090733639311","https:\/\/x.com\/talkpalai","https:\/\/www.linkedin.com\/company\/talkpal\/","https:\/\/www.youtube.com\/@TalkPal\/","https:\/\/www.tiktok.com\/@talkpal","https:\/\/www.instagram.com\/talkpal_ai\/","https:\/\/www.crunchbase.com\/organization\/talkpal-9cde","https:\/\/www.g2.com\/products\/talkpal-for-business\/","https:\/\/www.trustpilot.com\/review\/talkpal.ai","https:\/\/www.capterra.com\/p\/10006800\/TalkPal\/"],"description":"Talkpal is a language learning web and mobile education app, powered by the latest AI technologies, that provides engaging experiences to its customers in many different languages to help them improve their language skills. Users can chat about unlimited amount of topics with the app and use other modes to practice their language learning.","email":"support@talkpal.ai","legalName":"Talkpal, Inc.","foundingDate":"2023-04-03","duns":"118989042","numberOfEmployees":{"@type":"QuantitativeValue","minValue":"11","maxValue":"50"},"publishingPrinciples":"https:\/\/talkpal.ai\/publishing-principles\/","actionableFeedbackPolicy":"https:\/\/talkpal.ai\/actionable-feedback-policy\/","correctionsPolicy":"https:\/\/talkpal.ai\/corrections-policy\/","ethicsPolicy":"https:\/\/talkpal.ai\/ethics-policy\/","diversityPolicy":"https:\/\/talkpal.ai\/diversity-policy\/","diversityStaffingReport":"https:\/\/talkpal.ai\/diversity-policy\/"}]}},"_links":{"self":[{"href":"https:\/\/talkpal.ai\/hu\/wp-json\/wp\/v2\/pages\/160153","targetHints":{"allow":["GET"]}}],"collection":[{"href":"https:\/\/talkpal.ai\/hu\/wp-json\/wp\/v2\/pages"}],"about":[{"href":"https:\/\/talkpal.ai\/hu\/wp-json\/wp\/v2\/types\/page"}],"author":[{"embeddable":true,"href":"https:\/\/talkpal.ai\/hu\/wp-json\/wp\/v2\/users\/6"}],"replies":[{"embeddable":true,"href":"https:\/\/talkpal.ai\/hu\/wp-json\/wp\/v2\/comments?post=160153"}],"version-history":[{"count":0,"href":"https:\/\/talkpal.ai\/hu\/wp-json\/wp\/v2\/pages\/160153\/revisions"}],"wp:featuredmedia":[{"embeddable":true,"href":"https:\/\/talkpal.ai\/hu\/wp-json\/wp\/v2\/media\/114875"}],"wp:attachment":[{"href":"https:\/\/talkpal.ai\/hu\/wp-json\/wp\/v2\/media?parent=160153"}],"curies":[{"name":"wp","href":"https:\/\/api.w.org\/{rel}","templated":true}]}}