{"id":159855,"date":"2023-06-22T08:24:14","date_gmt":"2023-06-22T08:24:14","guid":{"rendered":"http:\/\/talkpal.ai\/macedon-nyelvtani-gyakorlatok\/"},"modified":"2025-12-17T15:56:34","modified_gmt":"2025-12-17T15:56:34","slug":"macedon-nyelvtani-gyakorlatok","status":"publish","type":"page","link":"https:\/\/talkpal.ai\/hu\/macedon-nyelvtani-gyakorlatok\/","title":{"rendered":"Maced\u00f3n nyelvtani gyakorlatok"},"content":{"rendered":"\r\n\r\n\r\n<section class=\"languageChallengeSection\">\r\n    <div class=\"languageInfoWrapper\">\r\n        \r\n        <h1>Maced\u00f3n nyelvtani gyakorlatok<\/h1>\r\n        <p>Maced\u00f3nul szeretn\u00e9l magabiztosabban besz\u00e9lni? A nyelvtani gyakorlatok gyakorl\u00e1sa remek m\u00f3dja annak, hogy meg\u00e9rtsd a mondatszerkezetet, az igealakokat \u00e9s a <a href=\"https:\/\/talkpal.ai\/learn-macedonian\/\">maced\u00f3n<\/a> nyelv egyedi jellemz\u0151it. Kezdje el felfedezni a <a href=\"https:\/\/talkpal.ai\/learn-macedonian\/\">maced\u00f3n<\/a> nyelvtant m\u00e9g ma, \u00e9s l\u00e1ssa, hogy k\u00e9szs\u00e9gei \u00e9s foly\u00e9kony nyelvtud\u00e1sa <a href=\"https:\/\/talkpal.ai\/locations\/language-courses-in-minden\/\">minden<\/a> egyes gyakorlattal n\u00f6vekszik!<\/p>\r\n\r\n                            <a class=\"getStartedHidden\" href=\"https:\/\/app.talkpal.ai\/hu\/signup?lng=\">Kezdj\u00fck<\/a>\r\n        \r\n    <\/div>\r\n\r\n    <figure>\r\n    <img decoding=\"async\" width=\"768\" height=\"768\" src=\"https:\/\/talkpal.ai\/wp-content\/uploads\/2023\/06\/macedonian-768x768.png\" class=\"languageImage no-lazy\" alt=\"Language learning through conversational practice\" fetchpriority=\"high\" sizes=\"(max-width: 768px) 150px, 768px\" srcset=\"https:\/\/talkpal.ai\/wp-content\/uploads\/2023\/06\/macedonian-768x768.png 768w, https:\/\/talkpal.ai\/wp-content\/uploads\/2023\/06\/macedonian-300x300.png 300w\" \/>\r\n    \r\n\r\n    <\/figure>\r\n\r\n            <a class=\"getStartedVisible\" href=\"https:\/\/app.talkpal.ai\/hu\/signup?lng=\">Kezdj\u00fck<\/a>\r\n    \r\n<\/section>\r\n\r\n\r\n<!-- <section class=\"grammarSection\">\r\n    <div class=\"grammarLinks\">\r\n            <\/div>\r\n<\/section> -->\r\n\r\n\r\n\r\n\r\n<section class=\"promotionalBanner\">\r\n    <p class=\"promotionalText\">A nyelvtanul\u00e1s leghat\u00e9konyabb m\u00f3dja<\/p>\r\n    <a class=\"promotionalLink\" href=\"https:\/\/app.talkpal.ai\/hu\/signup?lng=\">Pr\u00f3b\u00e1lja ki a Talkpal ingyen<\/a>\r\n<\/section>\n<div class=\"wp-block-group pageContainerStyle\"><div class=\"wp-block-group__inner-container is-layout-constrained wp-block-group-is-layout-constrained\">\n<h2 class=\"wp-block-heading\" id=\"h-macedonian-grammar-topics\">Maced\u00f3n nyelvtani t\u00e9m\u00e1k<\/h2>\n\n\n\n<header id=\"main-header\" data-height-onload=\"80\" data-height-loaded=\"true\" data-fixed-height-onload=\"80\">\n<p>A maced\u00f3n, egy d\u00e9lszl\u00e1v nyelv, \u00c9szak-Maced\u00f3nia hivatalos nyelve. Vil\u00e1gszerte t\u00f6bb mint k\u00e9tmilli\u00f3 ember besz\u00e9li, \u00e9s saj\u00e1tos nyelvtani szab\u00e1lyainak \u00e9s gazdag sz\u00f3kincs\u00e9nek k\u00f6sz\u00f6nhet\u0151en egyed\u00fcl\u00e1ll\u00f3 nyelvi \u00e9lm\u00e9nyt ny\u00fajt. <a href=\"https:\/\/talkpal.ai\/culture\/how-do-you-use-the-demonstrative-pronouns-ez-and-az\/\">Ez az<\/a> \u00fatmutat\u00f3 \u00e1ttekint\u00e9st ny\u00fajt az alapvet\u0151 maced\u00f3n nyelvtani t\u00e9m\u00e1kr\u00f3l, olyan sorrendben rendezve, amely megk\u00f6nny\u00edti a tanul\u00e1si folyamatot. Az igeid\u0151kt\u0151l a mondatszerkezetekig minden sz\u00fcks\u00e9ges inform\u00e1ci\u00f3t lefed\u00fcnk, hogy seg\u00edts\u00fcnk elindulni a maced\u00f3n nyelv elsaj\u00e1t\u00edt\u00e1s\u00e1nak \u00fatj\u00e1n.<\/p>\n<h3>1. F\u0151nevek:<\/h3>\n<p>A t\u00f6bbi szl\u00e1v nyelvhez hasonl\u00f3an a maced\u00f3n f\u0151neveknek is h\u00e1rom nem\u00fck <a href=\"https:\/\/talkpal.ai\/locations\/language-courses-in-van\/\">van<\/a> (h\u00edmnem\u0171, n\u0151nem\u0171 \u00e9s ivartalan\u00edtott), \u00e9s eset- \u00e9s sz\u00e1mragoz\u00e1s\u00faak. A nem \u00e9s a helyes ragoz\u00e1s megtanul\u00e1sa elengedhetetlen a nyelvtanilag helyes mondatok kialak\u00edt\u00e1s\u00e1hoz.<\/p>\n<h3>2. Cikkek:<\/h3>\n<p>a maced\u00f3n nyelvnek csak egy hat\u00e1rozott n\u00e9vel\u0151je van, amely nemenk\u00e9nt \u00e9s esetenk\u00e9nt v\u00e1ltozik. A maced\u00f3n nyelvben nincsenek hat\u00e1rozatlan n\u00e9vel\u0151 cikkek, de az &#8222;egy&#8221; sz\u00e1mn\u00e9v hasonl\u00f3an haszn\u00e1lhat\u00f3.<\/p>\n<h3>3. Mell\u00e9knevek:<\/h3>\n<p>A maced\u00f3n mell\u00e9knevek megegyeznek az \u00e1ltaluk nemben, sz\u00e1mban \u00e9s kis- \u00e9s nagybet\u0171ben m\u00f3dos\u00edtott f\u0151nevekkel. Hossz\u00fa \u00e9s r\u00f6vid form\u00e1ik is vannak, amelyeket k\u00fcl\u00f6nb\u00f6z\u0151 kontextusokban haszn\u00e1lnak.<\/p>\n<h3>4. N\u00e9vm\u00e1sok\/determin\u00e1nsok:<\/h3>\n<p>A maced\u00f3n nyelvnek sz\u00e1mos n\u00e9vm\u00e1sa \u00e9s determin\u00e1nsa van, amelyek elengedhetetlenek a mondatok kialak\u00edt\u00e1s\u00e1hoz. Helyettes\u00edtik vagy m\u00f3dos\u00edtj\u00e1k a f\u0151neveket, \u00e9s egyet\u00e9rtenek vel\u00fck nemben, sz\u00e1mban \u00e9s esetben.<\/p>\n<h3>5. Ig\u00e9k:<\/h3>\n<p>Az ig\u00e9k k\u00f6zponti szerepet j\u00e1tszanak a maced\u00f3n nyelvtanban. Szem\u00e9lyhez \u00e9s sz\u00e1mhoz ragoz\u00f3dnak, \u00e9s k\u00fcl\u00f6nb\u00f6z\u0151 igeid\u0151kkel, szempontokkal \u00e9s hangulatokkal rendelkeznek.<\/p>\n<h3>6. Igeid\u0151k:<\/h3>\n<p>A maced\u00f3n nyelvnek h\u00e1rom alapideje van: m\u00falt, jelen \u00e9s j\u00f6v\u0151. K\u00fcl\u00f6nb\u00f6z\u0151 igeragoz\u00e1sokkal \u00e9s seg\u00e9dig\u00e9kkel vannak kialak\u00edtva. Alapvet\u0151 fontoss\u00e1g\u00fa meg\u00e9rteni az egyes igeid\u0151k kialakul\u00e1s\u00e1t \u00e9s haszn\u00e1lat\u00e1t a cselekv\u00e9sek \u00e9s esem\u00e9nyek pontos kifejez\u00e9s\u00e9hez.<\/p>\n<h3>7. Fesz\u00fclt \u00f6sszehasonl\u00edt\u00e1s:<\/h3>\n<p>A cselekv\u00e9sek \u00e9s esem\u00e9nyek k\u00fcl\u00f6nb\u00f6z\u0151 id\u0151kben t\u00f6rt\u00e9n\u0151 \u00f6sszehasonl\u00edt\u00e1sa elengedhetetlen a jelent\u00e9s k\u00f6zvet\u00edt\u00e9s\u00e9hez. A maced\u00f3n nyelvben ezt az \u00f6sszehasonl\u00edt\u00e1st speci\u00e1lis igeform\u00e1k \u00e9s seg\u00e9dig\u00e9k haszn\u00e1lat\u00e1val \u00e9rik el.<\/p>\n<h3>8. Progressz\u00edv:<\/h3>\n<p>A maced\u00f3n nyelv progressz\u00edv aspektusa a folyamatban l\u00e9v\u0151 cselekv\u00e9sek jelz\u00e9s\u00e9re szolg\u00e1l. A &#8222;lenni&#8221; ige jelen idej\u00e9nek \u00e9s a f\u0151ige jelen idej\u0171 akt\u00edv tagj\u00e1nak haszn\u00e1lat\u00e1val k\u00e9pezz\u00fck.<\/p>\n<h3>9. T\u00f6k\u00e9letes progressz\u00edv:<\/h3>\n<p>Ez a szempont egyes\u00edti a progressz\u00edv \u00e9s a t\u00f6k\u00e9letes aspektusokat, hogy le\u00edrja azokat a tev\u00e9kenys\u00e9geket, amelyek a m\u00faltban folyamatban voltak, \u00e9s kapcsolatban \u00e1llnak a jelennel. A &#8222;lenni&#8221; ige jelen idej\u00e9nek \u00e9s a f\u0151ige m\u00falt idej\u0171 akt\u00edv tagj\u00e1nak haszn\u00e1lat\u00e1val k\u00e9pz\u0151dik.<\/p>\n<h3>10. Hat\u00e1roz\u00f3sz\u00f3k:<\/h3>\n<p>A maced\u00f3n nyelv\u0171 hat\u00e1roz\u00f3szavak ig\u00e9k, mell\u00e9knevek vagy m\u00e1s hat\u00e1roz\u00f3szavak m\u00f3dos\u00edt\u00e1s\u00e1ra szolg\u00e1lnak. \u00c1ltal\u00e1ban nem v\u00e1ltoztatj\u00e1k meg az alakjukat, \u00e9s k\u00f6nnyen felismerhet\u0151k a tipikus v\u00e9gz\u0151d\u00e9s\u00fckr\u0151l.<\/p>\n<h3>11. Felt\u00e9telek:<\/h3>\n<p>A maced\u00f3n nyelvnek h\u00e1romf\u00e9le felt\u00e9tele van: val\u00f3s, irre\u00e1lis \u00e9s potenci\u00e1lis. Ezeket hipotetikus helyzetek \u00e9s k\u00f6vetkezm\u00e9nyeik kifejez\u00e9s\u00e9re haszn\u00e1lj\u00e1k.<\/p>\n<h3>12. El\u00f6lj\u00e1r\u00f3szavak:<\/h3>\n<p>A maced\u00f3n el\u00f6lj\u00e1r\u00f3szavak elengedhetetlenek a kifejez\u00e9sek \u00e9s mondatok kialak\u00edt\u00e1s\u00e1hoz. K\u00fcl\u00f6nb\u00f6z\u0151 kapcsolatokat jeleznek a szavak k\u00f6z\u00f6tt, p\u00e9ld\u00e1ul helyet, ir\u00e1nyt, id\u0151t vagy okot.<\/p>\n<h3>13. Mondatok:<\/h3>\n<p>A maced\u00f3n mondatok szerkezet\u00e9nek meg\u00e9rt\u00e9se elengedhetetlen a hat\u00e9kony kommunik\u00e1ci\u00f3hoz. A maced\u00f3n mondatok \u00e1ltal\u00e1ban az alany-ige-t\u00e1rgy (SVO) sz\u00f3rend szerint k\u00f6vetkeznek, de a hangs\u00falyt\u00f3l \u00e9s a kontextust\u00f3l f\u00fcgg\u0151en elt\u00e9r\u00e9sek fordulhatnak el\u0151.<\/p>\n<\/header>\n\n\n\n<footer> <\/footer>\n<\/div><\/div>\n\r\n<section class=\"learnNavigationSection\">\r\n            \r\n        <a href=\"https:\/\/talkpal.ai\/hu\/tanulj-macedonul\/\">\r\n            <div class=\"learnNavigationWrapper\">\r\n                <div class=\"learnNavigationContent\">\r\n                    <img decoding=\"async\" src=\"https:\/\/talkpal.ai\/wp-content\/uploads\/2024\/08\/Macedonian.jpg\" alt=\"Macedonian Flag\">\r\n                    <div>\r\n                        <h4>A maced\u00f3n tanul\u00e1sr\u00f3l<\/h4>\r\n                        <p>Tudjon meg mindent a maced\u00f3n nyelvtanr\u00f3l.<\/p>\r\n                    <\/div>\r\n                <\/div>\r\n            <\/div>\r\n        <\/a>\r\n\r\n        \r\n        <a href=\"https:\/\/talkpal.ai\/hu\/macedon-nyelvtan\/\">\r\n            <div class=\"learnNavigationWrapper\">\r\n                <div class=\"learnNavigationContent\">\r\n                    <img decoding=\"async\" src=\"https:\/\/talkpal.ai\/wp-content\/uploads\/2024\/08\/Macedonian.jpg\" alt=\"Macedonian Flag\">\r\n                    <div>\r\n                        <h4>Maced\u00f3n nyelvtani \u00f3r\u00e1k<\/h4>\r\n                        <p>Gyakorolja a maced\u00f3n nyelvtant.<\/p>\r\n                    <\/div>\r\n                <\/div>\r\n            <\/div>\r\n        <\/a>\r\n\r\n        \r\n        <a href=\"https:\/\/talkpal.ai\/vocabulary_language\/macedonian\/\">\r\n            <div class=\"learnNavigationWrapper\">\r\n                <div class=\"learnNavigationContent\">\r\n                    <img decoding=\"async\" src=\"https:\/\/talkpal.ai\/wp-content\/uploads\/2024\/08\/Macedonian.jpg\" alt=\"Macedonian Flag\">\r\n                    <div>\r\n                        <h4>Maced\u00f3n sz\u00f3kincs<\/h4>\r\n                        <p>B\u0151v\u00edtse maced\u00f3n sz\u00f3kincs\u00e9t.<\/p>\r\n                    <\/div>\r\n                <\/div>\r\n            <\/div>\r\n        <\/a>\r\n\r\n            <\/section>","protected":false},"excerpt":{"rendered":"<p>Maced\u00f3n nyelvtani t\u00e9m\u00e1k A maced\u00f3n, egy d\u00e9lszl\u00e1v nyelv, \u00c9szak-Maced\u00f3nia hivatalos nyelve. Vil\u00e1gszerte t\u00f6bb mint k\u00e9tmilli\u00f3 ember besz\u00e9li, \u00e9s saj\u00e1tos nyelvtani szab\u00e1lyainak \u00e9s gazdag sz\u00f3kincs\u00e9nek k\u00f6sz\u00f6nhet\u0151en egyed\u00fcl\u00e1ll\u00f3 nyelvi \u00e9lm\u00e9nyt ny\u00fajt. Ez az \u00fatmutat\u00f3 \u00e1ttekint\u00e9st ny\u00fajt az alapvet\u0151 maced\u00f3n nyelvtani t\u00e9m\u00e1kr\u00f3l, olyan sorrendben rendezve, amely megk\u00f6nny\u00edti a tanul\u00e1si folyamatot. Az igeid\u0151kt\u0151l a mondatszerkezetekig minden sz\u00fcks\u00e9ges inform\u00e1ci\u00f3t lefed\u00fcnk, [&hellip;]<\/p>\n","protected":false},"author":6,"featured_media":115382,"parent":0,"menu_order":0,"comment_status":"closed","ping_status":"closed","template":"LearningContentPage.php","meta":{"_acf_changed":false,"footnotes":""},"class_list":["post-159855","page","type-page","status-publish","has-post-thumbnail","hentry"],"acf":[],"yoast_head":"<!-- This site is optimized with the Yoast SEO Premium plugin v27.2 (Yoast SEO v27.2) - https:\/\/yoast.com\/product\/yoast-seo-premium-wordpress\/ -->\n<title>Maced\u00f3n nyelvtani gyakorlatok - Talkpal<\/title>\n<meta name=\"description\" content=\"Saj\u00e1t\u00edtsd el a maced\u00f3n nyelvtant az interakt\u00edv maced\u00f3n nyelvtani gyakorlatokkal a Talkpal, a mesters\u00e9ges intelligencia \u00e1ltal vez\u00e9relt nyelvtan\u00e1rral.\" \/>\n<meta name=\"robots\" content=\"index, follow, max-snippet:-1, max-image-preview:large, max-video-preview:-1\" \/>\n<link rel=\"canonical\" href=\"https:\/\/talkpal.ai\/hu\/macedon-nyelvtani-gyakorlatok\/\" \/>\n<meta property=\"og:locale\" content=\"hu_HU\" \/>\n<meta property=\"og:type\" content=\"article\" \/>\n<meta property=\"og:title\" content=\"Maced\u00f3n nyelvtani gyakorlatok\" \/>\n<meta property=\"og:description\" content=\"Maced\u00f3n nyelvtani t\u00e9m\u00e1k A maced\u00f3n, egy d\u00e9lszl\u00e1v nyelv, \u00c9szak-Maced\u00f3nia hivatalos nyelve. Vil\u00e1gszerte t\u00f6bb mint k\u00e9tmilli\u00f3 ember besz\u00e9li, \u00e9s saj\u00e1tos\" \/>\n<meta property=\"og:url\" content=\"https:\/\/talkpal.ai\/hu\/macedon-nyelvtani-gyakorlatok\/\" \/>\n<meta property=\"og:site_name\" content=\"Talkpal\" \/>\n<meta property=\"article:publisher\" content=\"https:\/\/www.facebook.com\/profile.php?id=100090733639311\" \/>\n<meta property=\"article:modified_time\" content=\"2025-12-17T15:56:34+00:00\" \/>\n<meta property=\"og:image\" content=\"https:\/\/talkpal.ai\/wp-content\/uploads\/2023\/05\/republic-of-macedonia.png\" \/>\n\t<meta property=\"og:image:width\" content=\"512\" \/>\n\t<meta property=\"og:image:height\" content=\"512\" \/>\n\t<meta property=\"og:image:type\" content=\"image\/png\" \/>\n<meta name=\"twitter:card\" content=\"summary_large_image\" \/>\n<meta name=\"twitter:site\" content=\"@talkpalai\" \/>\n<meta name=\"twitter:label1\" content=\"Becs\u00fclt olvas\u00e1si id\u0151\" \/>\n\t<meta name=\"twitter:data1\" content=\"4 perc\" \/>\n<script type=\"application\/ld+json\" class=\"yoast-schema-graph\">{\"@context\":\"https:\/\/schema.org\",\"@graph\":[{\"@type\":\"WebPage\",\"@id\":\"https:\/\/talkpal.ai\/hu\/macedon-nyelvtani-gyakorlatok\/\",\"url\":\"https:\/\/talkpal.ai\/hu\/macedon-nyelvtani-gyakorlatok\/\",\"name\":\"Maced\u00f3n nyelvtani gyakorlatok - Talkpal\",\"isPartOf\":{\"@id\":\"https:\/\/talkpal.ai\/hu\/#website\"},\"primaryImageOfPage\":{\"@id\":\"https:\/\/talkpal.ai\/hu\/macedon-nyelvtani-gyakorlatok\/#primaryimage\"},\"image\":{\"@id\":\"https:\/\/talkpal.ai\/hu\/macedon-nyelvtani-gyakorlatok\/#primaryimage\"},\"thumbnailUrl\":\"https:\/\/talkpal.ai\/wp-content\/uploads\/2023\/05\/republic-of-macedonia.png\",\"datePublished\":\"2023-06-22T08:24:14+00:00\",\"dateModified\":\"2025-12-17T15:56:34+00:00\",\"description\":\"Saj\u00e1t\u00edtsd el a maced\u00f3n nyelvtant az interakt\u00edv maced\u00f3n nyelvtani gyakorlatokkal a Talkpal, a mesters\u00e9ges intelligencia \u00e1ltal vez\u00e9relt nyelvtan\u00e1rral.\",\"breadcrumb\":{\"@id\":\"https:\/\/talkpal.ai\/hu\/macedon-nyelvtani-gyakorlatok\/#breadcrumb\"},\"inLanguage\":\"hu\",\"potentialAction\":[{\"@type\":\"ReadAction\",\"target\":[\"https:\/\/talkpal.ai\/hu\/macedon-nyelvtani-gyakorlatok\/\"]}]},{\"@type\":\"ImageObject\",\"inLanguage\":\"hu\",\"@id\":\"https:\/\/talkpal.ai\/hu\/macedon-nyelvtani-gyakorlatok\/#primaryimage\",\"url\":\"https:\/\/talkpal.ai\/wp-content\/uploads\/2023\/05\/republic-of-macedonia.png\",\"contentUrl\":\"https:\/\/talkpal.ai\/wp-content\/uploads\/2023\/05\/republic-of-macedonia.png\",\"width\":512,\"height\":512},{\"@type\":\"BreadcrumbList\",\"@id\":\"https:\/\/talkpal.ai\/hu\/macedon-nyelvtani-gyakorlatok\/#breadcrumb\",\"itemListElement\":[{\"@type\":\"ListItem\",\"position\":1,\"name\":\"Homepage\",\"item\":\"https:\/\/talkpal.ai\/hu\/\"},{\"@type\":\"ListItem\",\"position\":2,\"name\":\"Maced\u00f3n nyelvtani gyakorlatok\"}]},{\"@type\":\"WebSite\",\"@id\":\"https:\/\/talkpal.ai\/hu\/#website\",\"url\":\"https:\/\/talkpal.ai\/hu\/\",\"name\":\"Talkpal\",\"description\":\"AI Language Learning\",\"publisher\":{\"@id\":\"https:\/\/talkpal.ai\/hu\/#organization\"},\"alternateName\":\"Talkpal AI\",\"potentialAction\":[{\"@type\":\"SearchAction\",\"target\":{\"@type\":\"EntryPoint\",\"urlTemplate\":\"https:\/\/talkpal.ai\/hu\/?s={search_term_string}\"},\"query-input\":{\"@type\":\"PropertyValueSpecification\",\"valueRequired\":true,\"valueName\":\"search_term_string\"}}],\"inLanguage\":\"hu\"},{\"@type\":\"Organization\",\"@id\":\"https:\/\/talkpal.ai\/hu\/#organization\",\"name\":\"Talkpal, Inc.\",\"alternateName\":\"Talkpal AI\",\"url\":\"https:\/\/talkpal.ai\/hu\/\",\"logo\":{\"@type\":\"ImageObject\",\"inLanguage\":\"hu\",\"@id\":\"https:\/\/talkpal.ai\/hu\/#\/schema\/logo\/image\/\",\"url\":\"https:\/\/talkpal.ai\/wp-content\/uploads\/2024\/03\/Talkpal-Logo-Icon.png\",\"contentUrl\":\"https:\/\/talkpal.ai\/wp-content\/uploads\/2024\/03\/Talkpal-Logo-Icon.png\",\"width\":2880,\"height\":2880,\"caption\":\"Talkpal, Inc.\"},\"image\":{\"@id\":\"https:\/\/talkpal.ai\/hu\/#\/schema\/logo\/image\/\"},\"sameAs\":[\"https:\/\/www.facebook.com\/profile.php?id=100090733639311\",\"https:\/\/x.com\/talkpalai\",\"https:\/\/www.linkedin.com\/company\/talkpal\/\",\"https:\/\/www.youtube.com\/@TalkPal\/\",\"https:\/\/www.tiktok.com\/@talkpal\",\"https:\/\/www.instagram.com\/talkpal_ai\/\",\"https:\/\/www.crunchbase.com\/organization\/talkpal-9cde\",\"https:\/\/www.g2.com\/products\/talkpal-for-business\/\",\"https:\/\/www.trustpilot.com\/review\/talkpal.ai\",\"https:\/\/www.capterra.com\/p\/10006800\/TalkPal\/\"],\"description\":\"Talkpal is a language learning web and mobile education app, powered by the latest AI technologies, that provides engaging experiences to its customers in many different languages to help them improve their language skills. Users can chat about unlimited amount of topics with the app and use other modes to practice their language learning.\",\"email\":\"support@talkpal.ai\",\"legalName\":\"Talkpal, Inc.\",\"foundingDate\":\"2023-04-03\",\"duns\":\"118989042\",\"numberOfEmployees\":{\"@type\":\"QuantitativeValue\",\"minValue\":\"11\",\"maxValue\":\"50\"},\"publishingPrinciples\":\"https:\/\/talkpal.ai\/publishing-principles\/\",\"actionableFeedbackPolicy\":\"https:\/\/talkpal.ai\/actionable-feedback-policy\/\",\"correctionsPolicy\":\"https:\/\/talkpal.ai\/corrections-policy\/\",\"ethicsPolicy\":\"https:\/\/talkpal.ai\/ethics-policy\/\",\"diversityPolicy\":\"https:\/\/talkpal.ai\/diversity-policy\/\",\"diversityStaffingReport\":\"https:\/\/talkpal.ai\/diversity-policy\/\"}]}<\/script>\n<!-- \/ Yoast SEO Premium plugin. -->","yoast_head_json":{"title":"Maced\u00f3n nyelvtani gyakorlatok - Talkpal","description":"Saj\u00e1t\u00edtsd el a maced\u00f3n nyelvtant az interakt\u00edv maced\u00f3n nyelvtani gyakorlatokkal a Talkpal, a mesters\u00e9ges intelligencia \u00e1ltal vez\u00e9relt nyelvtan\u00e1rral.","robots":{"index":"index","follow":"follow","max-snippet":"max-snippet:-1","max-image-preview":"max-image-preview:large","max-video-preview":"max-video-preview:-1"},"canonical":"https:\/\/talkpal.ai\/hu\/macedon-nyelvtani-gyakorlatok\/","og_locale":"hu_HU","og_type":"article","og_title":"Maced\u00f3n nyelvtani gyakorlatok","og_description":"Maced\u00f3n nyelvtani t\u00e9m\u00e1k A maced\u00f3n, egy d\u00e9lszl\u00e1v nyelv, \u00c9szak-Maced\u00f3nia hivatalos nyelve. Vil\u00e1gszerte t\u00f6bb mint k\u00e9tmilli\u00f3 ember besz\u00e9li, \u00e9s saj\u00e1tos","og_url":"https:\/\/talkpal.ai\/hu\/macedon-nyelvtani-gyakorlatok\/","og_site_name":"Talkpal","article_publisher":"https:\/\/www.facebook.com\/profile.php?id=100090733639311","article_modified_time":"2025-12-17T15:56:34+00:00","og_image":[{"width":512,"height":512,"url":"https:\/\/talkpal.ai\/wp-content\/uploads\/2023\/05\/republic-of-macedonia.png","type":"image\/png"}],"twitter_card":"summary_large_image","twitter_site":"@talkpalai","twitter_misc":{"Becs\u00fclt olvas\u00e1si id\u0151":"4 perc"},"schema":{"@context":"https:\/\/schema.org","@graph":[{"@type":"WebPage","@id":"https:\/\/talkpal.ai\/hu\/macedon-nyelvtani-gyakorlatok\/","url":"https:\/\/talkpal.ai\/hu\/macedon-nyelvtani-gyakorlatok\/","name":"Maced\u00f3n nyelvtani gyakorlatok - Talkpal","isPartOf":{"@id":"https:\/\/talkpal.ai\/hu\/#website"},"primaryImageOfPage":{"@id":"https:\/\/talkpal.ai\/hu\/macedon-nyelvtani-gyakorlatok\/#primaryimage"},"image":{"@id":"https:\/\/talkpal.ai\/hu\/macedon-nyelvtani-gyakorlatok\/#primaryimage"},"thumbnailUrl":"https:\/\/talkpal.ai\/wp-content\/uploads\/2023\/05\/republic-of-macedonia.png","datePublished":"2023-06-22T08:24:14+00:00","dateModified":"2025-12-17T15:56:34+00:00","description":"Saj\u00e1t\u00edtsd el a maced\u00f3n nyelvtant az interakt\u00edv maced\u00f3n nyelvtani gyakorlatokkal a Talkpal, a mesters\u00e9ges intelligencia \u00e1ltal vez\u00e9relt nyelvtan\u00e1rral.","breadcrumb":{"@id":"https:\/\/talkpal.ai\/hu\/macedon-nyelvtani-gyakorlatok\/#breadcrumb"},"inLanguage":"hu","potentialAction":[{"@type":"ReadAction","target":["https:\/\/talkpal.ai\/hu\/macedon-nyelvtani-gyakorlatok\/"]}]},{"@type":"ImageObject","inLanguage":"hu","@id":"https:\/\/talkpal.ai\/hu\/macedon-nyelvtani-gyakorlatok\/#primaryimage","url":"https:\/\/talkpal.ai\/wp-content\/uploads\/2023\/05\/republic-of-macedonia.png","contentUrl":"https:\/\/talkpal.ai\/wp-content\/uploads\/2023\/05\/republic-of-macedonia.png","width":512,"height":512},{"@type":"BreadcrumbList","@id":"https:\/\/talkpal.ai\/hu\/macedon-nyelvtani-gyakorlatok\/#breadcrumb","itemListElement":[{"@type":"ListItem","position":1,"name":"Homepage","item":"https:\/\/talkpal.ai\/hu\/"},{"@type":"ListItem","position":2,"name":"Maced\u00f3n nyelvtani gyakorlatok"}]},{"@type":"WebSite","@id":"https:\/\/talkpal.ai\/hu\/#website","url":"https:\/\/talkpal.ai\/hu\/","name":"Talkpal","description":"AI Language Learning","publisher":{"@id":"https:\/\/talkpal.ai\/hu\/#organization"},"alternateName":"Talkpal AI","potentialAction":[{"@type":"SearchAction","target":{"@type":"EntryPoint","urlTemplate":"https:\/\/talkpal.ai\/hu\/?s={search_term_string}"},"query-input":{"@type":"PropertyValueSpecification","valueRequired":true,"valueName":"search_term_string"}}],"inLanguage":"hu"},{"@type":"Organization","@id":"https:\/\/talkpal.ai\/hu\/#organization","name":"Talkpal, Inc.","alternateName":"Talkpal AI","url":"https:\/\/talkpal.ai\/hu\/","logo":{"@type":"ImageObject","inLanguage":"hu","@id":"https:\/\/talkpal.ai\/hu\/#\/schema\/logo\/image\/","url":"https:\/\/talkpal.ai\/wp-content\/uploads\/2024\/03\/Talkpal-Logo-Icon.png","contentUrl":"https:\/\/talkpal.ai\/wp-content\/uploads\/2024\/03\/Talkpal-Logo-Icon.png","width":2880,"height":2880,"caption":"Talkpal, Inc."},"image":{"@id":"https:\/\/talkpal.ai\/hu\/#\/schema\/logo\/image\/"},"sameAs":["https:\/\/www.facebook.com\/profile.php?id=100090733639311","https:\/\/x.com\/talkpalai","https:\/\/www.linkedin.com\/company\/talkpal\/","https:\/\/www.youtube.com\/@TalkPal\/","https:\/\/www.tiktok.com\/@talkpal","https:\/\/www.instagram.com\/talkpal_ai\/","https:\/\/www.crunchbase.com\/organization\/talkpal-9cde","https:\/\/www.g2.com\/products\/talkpal-for-business\/","https:\/\/www.trustpilot.com\/review\/talkpal.ai","https:\/\/www.capterra.com\/p\/10006800\/TalkPal\/"],"description":"Talkpal is a language learning web and mobile education app, powered by the latest AI technologies, that provides engaging experiences to its customers in many different languages to help them improve their language skills. Users can chat about unlimited amount of topics with the app and use other modes to practice their language learning.","email":"support@talkpal.ai","legalName":"Talkpal, Inc.","foundingDate":"2023-04-03","duns":"118989042","numberOfEmployees":{"@type":"QuantitativeValue","minValue":"11","maxValue":"50"},"publishingPrinciples":"https:\/\/talkpal.ai\/publishing-principles\/","actionableFeedbackPolicy":"https:\/\/talkpal.ai\/actionable-feedback-policy\/","correctionsPolicy":"https:\/\/talkpal.ai\/corrections-policy\/","ethicsPolicy":"https:\/\/talkpal.ai\/ethics-policy\/","diversityPolicy":"https:\/\/talkpal.ai\/diversity-policy\/","diversityStaffingReport":"https:\/\/talkpal.ai\/diversity-policy\/"}]}},"_links":{"self":[{"href":"https:\/\/talkpal.ai\/hu\/wp-json\/wp\/v2\/pages\/159855","targetHints":{"allow":["GET"]}}],"collection":[{"href":"https:\/\/talkpal.ai\/hu\/wp-json\/wp\/v2\/pages"}],"about":[{"href":"https:\/\/talkpal.ai\/hu\/wp-json\/wp\/v2\/types\/page"}],"author":[{"embeddable":true,"href":"https:\/\/talkpal.ai\/hu\/wp-json\/wp\/v2\/users\/6"}],"replies":[{"embeddable":true,"href":"https:\/\/talkpal.ai\/hu\/wp-json\/wp\/v2\/comments?post=159855"}],"version-history":[{"count":0,"href":"https:\/\/talkpal.ai\/hu\/wp-json\/wp\/v2\/pages\/159855\/revisions"}],"wp:featuredmedia":[{"embeddable":true,"href":"https:\/\/talkpal.ai\/hu\/wp-json\/wp\/v2\/media\/115382"}],"wp:attachment":[{"href":"https:\/\/talkpal.ai\/hu\/wp-json\/wp\/v2\/media?parent=159855"}],"curies":[{"name":"wp","href":"https:\/\/api.w.org\/{rel}","templated":true}]}}