{"id":159574,"date":"2023-06-22T08:29:59","date_gmt":"2023-06-22T08:29:59","guid":{"rendered":"http:\/\/talkpal.ai\/malaj-nyelvtani-gyakorlatok\/"},"modified":"2025-12-17T15:23:06","modified_gmt":"2025-12-17T15:23:06","slug":"malaj-nyelvtani-gyakorlatok","status":"publish","type":"page","link":"https:\/\/talkpal.ai\/hu\/malaj-nyelvtani-gyakorlatok\/","title":{"rendered":"Mal\u00e1j nyelvtani gyakorlatok"},"content":{"rendered":"\r\n\r\n\r\n<section class=\"languageChallengeSection\">\r\n    <div class=\"languageInfoWrapper\">\r\n        \r\n        <h1>Mal\u00e1j nyelvtani gyakorlatok<\/h1>\r\n        <p>K\u00e9szen \u00e1llsz arra, hogy jobban megbar\u00e1tkozz a <a href=\"https:\/\/talkpal.ai\/learn-malay\/\">mal\u00e1j<\/a> nyelvvel? A nyelvtani gyakorlatok gyakorl\u00e1sa remek m\u00f3dja a mondatszerkezet, az igealakok \u00e9s a nyelv egyedi jellemz\u0151inek elsaj\u00e1t\u00edt\u00e1s\u00e1nak. Kezdd el felfedezni a <a href=\"https:\/\/talkpal.ai\/learn-malay\/\">mal\u00e1j<\/a> nyelvtant m\u00e9g ma, \u00e9s l\u00e1sd, hogy a k\u00e9szs\u00e9geid \u00e9s az \u00f6nbizalmad minden egyes gyakorlattal n\u0151ni fog!<\/p>\r\n\r\n                            <a class=\"getStartedHidden\" href=\"https:\/\/app.talkpal.ai\/hu\/signup?lng=\">Kezdj\u00fck<\/a>\r\n        \r\n    <\/div>\r\n\r\n    <figure>\r\n    <img decoding=\"async\" width=\"768\" height=\"768\" src=\"https:\/\/talkpal.ai\/wp-content\/uploads\/2023\/06\/malay-768x768.png\" class=\"languageImage no-lazy\" alt=\"Language learning for personal accomplishments\" fetchpriority=\"high\" sizes=\"(max-width: 768px) 150px, 768px\" srcset=\"https:\/\/talkpal.ai\/wp-content\/uploads\/2023\/06\/malay-768x768.png 768w, https:\/\/talkpal.ai\/wp-content\/uploads\/2023\/06\/malay-300x300.png 300w\" \/>\r\n    \r\n\r\n    <\/figure>\r\n\r\n            <a class=\"getStartedVisible\" href=\"https:\/\/app.talkpal.ai\/hu\/signup?lng=\">Kezdj\u00fck<\/a>\r\n    \r\n<\/section>\r\n\r\n\r\n<!-- <section class=\"grammarSection\">\r\n    <div class=\"grammarLinks\">\r\n            <\/div>\r\n<\/section> -->\r\n\r\n\r\n\r\n\r\n<section class=\"promotionalBanner\">\r\n    <p class=\"promotionalText\">A nyelvtanul\u00e1s leghat\u00e9konyabb m\u00f3dja<\/p>\r\n    <a class=\"promotionalLink\" href=\"https:\/\/app.talkpal.ai\/hu\/signup?lng=\">Pr\u00f3b\u00e1lja ki a Talkpal ingyen<\/a>\r\n<\/section>\n<div class=\"wp-block-group pageContainerStyle\"><div class=\"wp-block-group__inner-container is-layout-constrained wp-block-group-is-layout-constrained\">\n<h2 class=\"wp-block-heading\" id=\"h-malay-grammar-topics\">Mal\u00e1j nyelvtani t\u00e9m\u00e1k<\/h2>\n\n\n\n<p>A mal\u00e1j nyelv tanul\u00e1sa gazdag\u00edt\u00f3 \u00e9lm\u00e9ny lehet, \u00e9s lehet\u0151s\u00e9get teremt Malajzia, Indon\u00e9zia \u00e9s a szomsz\u00e9dos orsz\u00e1gok gazdag kultur\u00e1lis \u00f6r\u00f6ks\u00e9g\u00e9nek meg\u00e9rt\u00e9s\u00e9re. A nyelv az ausztron\u00e9z csal\u00e1dhoz tartozik, \u00e9s t\u00f6bb milli\u00f3 ember besz\u00e9l D\u00e9lkelet-\u00c1zsi\u00e1ban. Nyelvtana sok eur\u00f3pai nyelvhez k\u00e9pest viszonylag egyszer\u0171, \u00edgy vonz\u00f3 v\u00e1laszt\u00e1s a nyelvtanul\u00f3k sz\u00e1m\u00e1ra. Miel\u0151tt belemer\u00fcln\u00e9l a <a href=\"https:\/\/talkpal.ai\/malay-grammar\/\">mal\u00e1j nyelvtan<\/a> k\u00fcl\u00f6nb\u00f6z\u0151 aspektusaiba, fontos, hogy megismerkedj a nyelv alapvet\u0151 \u00e9p\u00edt\u0151k\u00f6veivel. Ebben az \u00fatmutat\u00f3ban ezeket a t\u00e9m\u00e1kat olyan sorrendben vizsg\u00e1ljuk meg, amely seg\u00edt hat\u00e9konyan megtanulni a nyelvet.<\/p>\n\n\n\n<h3 class=\"wp-block-heading\" id=\"h-1-nouns\">1. F\u0151nevek:<\/h3>\n\n\n\n<p>Kezdje a mal\u00e1j f\u0151nevek tanul\u00e1s\u00e1val, azokkal a szavakkal, amelyek embereket, helyeket, dolgokat \u00e9s \u00f6tleteket k\u00e9pviselnek. A mal\u00e1jban a f\u0151neveknek nincs nem\u00fck vagy t\u00f6bbes sz\u00e1m\u00fa alakjuk, mint sok m\u00e1s nyelvben, \u00edgy egyszer\u0171bb megtanulni \u0151ket. \u00d6sszpontos\u00edtson sz\u00f3kincs\u00e9nek \u00e9p\u00edt\u00e9s\u00e9re a k\u00f6z\u00f6s f\u0151nevek \u00e9s jelent\u00e9seik memoriz\u00e1l\u00e1s\u00e1val.<\/p>\n\n\n\n<h3 class=\"wp-block-heading\" id=\"h-2-pronouns-determiners\">2. N\u00e9vm\u00e1sok\/determin\u00e1nsok:<\/h3>\n\n\n\n<p>Ezut\u00e1n tanulja meg a mal\u00e1j n\u00e9vm\u00e1sokat \u00e9s meghat\u00e1roz\u00f3kat, amelyeket a f\u0151nevekre utalnak. A n\u00e9vm\u00e1sok helyettes\u00edtik a f\u0151neveket a mondatokban, m\u00edg a determin\u00e1nsok inform\u00e1ci\u00f3t ny\u00fajtanak a f\u0151n\u00e9vr\u0151l, p\u00e9ld\u00e1ul a mennyis\u00e9gr\u0151l vagy a birtokl\u00e1sr\u00f3l. Ismerkedjen meg a szem\u00e9lyes n\u00e9vm\u00e1sokkal (pl. saya az &#8222;\u00e9n&#8221; \u00e9s kamu a &#8222;te&#8221;) \u00e9s a birtokos hat\u00e1roz\u00f3kkal (pl. ini az &#8222;ez&#8221; \u00e9s <a href=\"https:\/\/talkpal.ai\/locations\/language-courses-in-itu\/\">itu<\/a> az &#8222;az&#8221;).<\/p>\n\n\n\n<h3 class=\"wp-block-heading\" id=\"h-3-articles\">3. Cikkek:<\/h3>\n\n\n\n<p>Az angollal ellent\u00e9tben a mal\u00e1j nyelvben nincsenek hat\u00e1rozott \u00e9s hat\u00e1rozatlan n\u00e9vel\u0151 cikkek (pl. &#8222;the&#8221; vagy &#8222;a\/an&#8221;). M\u00e9gis fontos meg\u00e9rteni, hogy a nyelv hogyan jelzi a mondatokban a specifikuss\u00e1got \u00e9s az \u00e1ltal\u00e1noss\u00e1got.<\/p>\n\n\n\n<h3 class=\"wp-block-heading\" id=\"h-4-verbs\">4. Ig\u00e9k:<\/h3>\n\n\n\n<p>Az ig\u00e9k kulcsfontoss\u00e1g\u00faak a mal\u00e1jban, mivel cselekv\u00e9seket, \u00e1llapotokat vagy esem\u00e9nyeket fejeznek ki. Ismerje meg az alapvet\u0151 igeform\u00e1kat \u00e9s azok ragoz\u00e1s\u00e1t igeid\u0151, szem\u00e9ly \u00e9s sz\u00e1m szerint.<\/p>\n\n\n\n<h3 class=\"wp-block-heading\" id=\"h-5-tenses\">5. Igeid\u0151k:<\/h3>\n\n\n\n<p>A mal\u00e1j kevesebb igeid\u0151t tartalmaz, mint az <a href=\"https:\/\/talkpal.ai\/locations\/language-courses-in-angol\/\">angol<\/a>, els\u0151sorban a m\u00faltbeli, jelenlegi \u00e9s j\u00f6v\u0151beli cselekedetekre helyezi a hangs\u00falyt. Tanulja meg, hogyan fejezze ki az id\u0151t mal\u00e1jul az\u00e1ltal, hogy meg\u00e9rti az egyszer\u0171, progressz\u00edv \u00e9s t\u00f6k\u00e9letes id\u0151k k\u00f6z\u00f6tti k\u00fcl\u00f6nbs\u00e9geket.<\/p>\n\n\n\n<h3 class=\"wp-block-heading\" id=\"h-6-adjectives\">6. Mell\u00e9knevek:<\/h3>\n\n\n\n<p>A mell\u00e9knevek le\u00edrj\u00e1k vagy m\u00f3dos\u00edtj\u00e1k a f\u0151neveket, tov\u00e1bbi inform\u00e1ci\u00f3kat szolg\u00e1ltatva tulajdons\u00e1gaikr\u00f3l vagy jellemz\u0151ikr\u0151l. Ismerje meg a gyakori mal\u00e1j mell\u00e9kneveket \u00e9s azt, hogyan v\u00e1ltoznak a mondatokban az \u00e1ltaluk m\u00f3dos\u00edtott f\u0151n\u00e9v szerint.<\/p>\n\n\n\n<h3 class=\"wp-block-heading\" id=\"h-7-adverbs\">7. Hat\u00e1roz\u00f3sz\u00f3k:<\/h3>\n\n\n\n<p>A hat\u00e1roz\u00f3szavak m\u00f3dos\u00edtj\u00e1k az ig\u00e9ket, mell\u00e9kneveket vagy m\u00e1s hat\u00e1roz\u00f3szavakat, inform\u00e1ci\u00f3t szolg\u00e1ltatva az id\u0151r\u0151l, a m\u00f3dr\u00f3l, a helyr\u0151l vagy a fokozatr\u00f3l. Tanulm\u00e1nyozza a k\u00f6z\u00f6s mal\u00e1j adverbeket \u00e9s azok mondatokban val\u00f3 elhelyez\u00e9s\u00e9t.<\/p>\n\n\n\n<h3 class=\"wp-block-heading\" id=\"h-8-prepositions\">8. El\u00f6lj\u00e1r\u00f3szavak:<\/h3>\n\n\n\n<p>Az el\u00f6lj\u00e1r\u00f3szavak f\u0151nevek, n\u00e9vm\u00e1sok vagy kifejez\u00e9sek \u00f6sszekapcsol\u00e1s\u00e1ra szolg\u00e1lnak a mondat m\u00e1s szavaival, olyan kapcsolatokat mutatva, mint a hely, az ir\u00e1ny vagy az id\u0151. Ismerje meg a gyakori mal\u00e1j el\u00f6lj\u00e1r\u00f3szavakat \u00e9s azok m\u0171k\u00f6d\u00e9s\u00e9t a mondatokban.<\/p>\n\n\n\n<h3 class=\"wp-block-heading\" id=\"h-9-conditionals\">9. Felt\u00e9telek:<\/h3>\n\n\n\n<p>A felt\u00e9teles mondatok hipotetikus helyzeteket vagy felt\u00e9teleket \u00e9s azok lehets\u00e9ges eredm\u00e9nyeit fejezik ki. Tanulja meg, hogyan kell felt\u00e9teles mondatokat alkotni mal\u00e1jul a megfelel\u0151 igeform\u00e1k \u00e9s k\u00f6t\u0151szavak haszn\u00e1lat\u00e1val.<\/p>\n\n\n\n<h3 class=\"wp-block-heading\" id=\"h-10-sentences\">10. Mondatok:<\/h3>\n\n\n\n<p>V\u00e9g\u00fcl gyakorolja a mal\u00e1j mondatok fel\u00e9p\u00edt\u00e9s\u00e9t f\u0151nevek, n\u00e9vm\u00e1sok, ig\u00e9k, mell\u00e9knevek, hat\u00e1roz\u00f3szavak \u00e9s el\u00f6lj\u00e1r\u00f3szavak kombin\u00e1l\u00e1s\u00e1val. Ismerje meg az alapvet\u0151 mondatszerkezetet, p\u00e9ld\u00e1ul az alany-ige-t\u00e1rgyat, \u00e9s gyakorolja az \u00f6sszetett mondatok l\u00e9trehoz\u00e1s\u00e1t k\u00f6t\u0151szavak \u00e9s relat\u00edv mell\u00e9kmondatok haszn\u00e1lat\u00e1val.<\/p>\n\n\n\n<p>Ha k\u00f6veti ezt a sorrendet, \u00e9s id\u0151t ford\u00edt az egyes t\u00e9m\u00e1k gyakorl\u00e1s\u00e1ra, er\u0151s alapot teremt a mal\u00e1j nyelvtanban, \u00e9s j\u00f3 \u00faton halad afel\u00e9, hogy a nyelv j\u00e1rtass\u00e1 v\u00e1ljon.<\/p>\n<\/div><\/div>\n\r\n<section class=\"learnNavigationSection\">\r\n            \r\n        <a href=\"https:\/\/talkpal.ai\/hu\/tanulj-malajul\/\">\r\n            <div class=\"learnNavigationWrapper\">\r\n                <div class=\"learnNavigationContent\">\r\n                    <img decoding=\"async\" src=\"https:\/\/talkpal.ai\/wp-content\/uploads\/2024\/08\/Malay.jpg\" alt=\"Malaysian Flag\">\r\n                    <div>\r\n                        <h4>A mal\u00e1j tanul\u00e1sr\u00f3l<\/h4>\r\n                        <p>Tudjon meg mindent a mal\u00e1j nyelvtanr\u00f3l.<\/p>\r\n                    <\/div>\r\n                <\/div>\r\n            <\/div>\r\n        <\/a>\r\n\r\n        \r\n        <a href=\"https:\/\/talkpal.ai\/hu\/malaj-nyelvtan\/\">\r\n            <div class=\"learnNavigationWrapper\">\r\n                <div class=\"learnNavigationContent\">\r\n                    <img decoding=\"async\" src=\"https:\/\/talkpal.ai\/wp-content\/uploads\/2024\/08\/Malay.jpg\" alt=\"Malaysian Flag\">\r\n                    <div>\r\n                        <h4>Mal\u00e1j nyelvtan leck\u00e9k<\/h4>\r\n                        <p>Gyakorolja a mal\u00e1j nyelvtant.<\/p>\r\n                    <\/div>\r\n                <\/div>\r\n            <\/div>\r\n        <\/a>\r\n\r\n        \r\n        <a href=\"https:\/\/talkpal.ai\/vocabulary_language\/malay\/\">\r\n            <div class=\"learnNavigationWrapper\">\r\n                <div class=\"learnNavigationContent\">\r\n                    <img decoding=\"async\" src=\"https:\/\/talkpal.ai\/wp-content\/uploads\/2024\/08\/Malay.jpg\" alt=\"Malaysian Flag\">\r\n                    <div>\r\n                        <h4>Mal\u00e1j sz\u00f3kincs<\/h4>\r\n                        <p>B\u0151v\u00edtse mal\u00e1j sz\u00f3kincs\u00e9t.<\/p>\r\n                    <\/div>\r\n                <\/div>\r\n            <\/div>\r\n        <\/a>\r\n\r\n            <\/section>","protected":false},"excerpt":{"rendered":"<p>Mal\u00e1j nyelvtani t\u00e9m\u00e1k A mal\u00e1j nyelv tanul\u00e1sa gazdag\u00edt\u00f3 \u00e9lm\u00e9ny lehet, \u00e9s lehet\u0151s\u00e9get teremt Malajzia, Indon\u00e9zia \u00e9s a szomsz\u00e9dos orsz\u00e1gok gazdag kultur\u00e1lis \u00f6r\u00f6ks\u00e9g\u00e9nek meg\u00e9rt\u00e9s\u00e9re. A nyelv az ausztron\u00e9z csal\u00e1dhoz tartozik, \u00e9s t\u00f6bb milli\u00f3 ember besz\u00e9l D\u00e9lkelet-\u00c1zsi\u00e1ban. Nyelvtana sok eur\u00f3pai nyelvhez k\u00e9pest viszonylag egyszer\u0171, \u00edgy vonz\u00f3 v\u00e1laszt\u00e1s a nyelvtanul\u00f3k sz\u00e1m\u00e1ra. Miel\u0151tt belemer\u00fcln\u00e9l a mal\u00e1j nyelvtan k\u00fcl\u00f6nb\u00f6z\u0151 aspektusaiba, [&hellip;]<\/p>\n","protected":false},"author":6,"featured_media":115599,"parent":0,"menu_order":0,"comment_status":"closed","ping_status":"closed","template":"LearningContentPage.php","meta":{"_acf_changed":false,"footnotes":""},"class_list":["post-159574","page","type-page","status-publish","has-post-thumbnail","hentry"],"acf":[],"yoast_head":"<!-- This site is optimized with the Yoast SEO Premium plugin v27.2 (Yoast SEO v27.2) - https:\/\/yoast.com\/product\/yoast-seo-premium-wordpress\/ -->\n<title>Mal\u00e1j nyelvtani gyakorlatok - Talkpal<\/title>\n<meta name=\"description\" content=\"Fejleszd nyelvtud\u00e1sodat a mal\u00e1j nyelvtani gyakorlatokkal. Tanulja meg az alapokat a mal\u00e1j nyelv jobb meg\u00e9rt\u00e9s\u00e9hez.\" \/>\n<meta name=\"robots\" content=\"index, follow, max-snippet:-1, max-image-preview:large, max-video-preview:-1\" \/>\n<link rel=\"canonical\" href=\"https:\/\/talkpal.ai\/hu\/malaj-nyelvtani-gyakorlatok\/\" \/>\n<meta property=\"og:locale\" content=\"hu_HU\" \/>\n<meta property=\"og:type\" content=\"article\" \/>\n<meta property=\"og:title\" content=\"Mal\u00e1j nyelvtani gyakorlatok\" \/>\n<meta property=\"og:description\" content=\"Mal\u00e1j nyelvtani t\u00e9m\u00e1k A mal\u00e1j nyelv tanul\u00e1sa gazdag\u00edt\u00f3 \u00e9lm\u00e9ny lehet, \u00e9s lehet\u0151s\u00e9get teremt Malajzia, Indon\u00e9zia \u00e9s a szomsz\u00e9dos orsz\u00e1gok gazdag kultur\u00e1lis\" \/>\n<meta property=\"og:url\" content=\"https:\/\/talkpal.ai\/hu\/malaj-nyelvtani-gyakorlatok\/\" \/>\n<meta property=\"og:site_name\" content=\"Talkpal\" \/>\n<meta property=\"article:publisher\" content=\"https:\/\/www.facebook.com\/profile.php?id=100090733639311\" \/>\n<meta property=\"article:modified_time\" content=\"2025-12-17T15:23:06+00:00\" \/>\n<meta property=\"og:image\" content=\"https:\/\/talkpal.ai\/wp-content\/uploads\/2023\/05\/malaysia.png\" \/>\n\t<meta property=\"og:image:width\" content=\"512\" \/>\n\t<meta property=\"og:image:height\" content=\"512\" \/>\n\t<meta property=\"og:image:type\" content=\"image\/png\" \/>\n<meta name=\"twitter:card\" content=\"summary_large_image\" \/>\n<meta name=\"twitter:site\" content=\"@talkpalai\" \/>\n<meta name=\"twitter:label1\" content=\"Becs\u00fclt olvas\u00e1si id\u0151\" \/>\n\t<meta name=\"twitter:data1\" content=\"4 perc\" \/>\n<script type=\"application\/ld+json\" class=\"yoast-schema-graph\">{\"@context\":\"https:\/\/schema.org\",\"@graph\":[{\"@type\":\"WebPage\",\"@id\":\"https:\/\/talkpal.ai\/hu\/malaj-nyelvtani-gyakorlatok\/\",\"url\":\"https:\/\/talkpal.ai\/hu\/malaj-nyelvtani-gyakorlatok\/\",\"name\":\"Mal\u00e1j nyelvtani gyakorlatok - Talkpal\",\"isPartOf\":{\"@id\":\"https:\/\/talkpal.ai\/hu\/#website\"},\"primaryImageOfPage\":{\"@id\":\"https:\/\/talkpal.ai\/hu\/malaj-nyelvtani-gyakorlatok\/#primaryimage\"},\"image\":{\"@id\":\"https:\/\/talkpal.ai\/hu\/malaj-nyelvtani-gyakorlatok\/#primaryimage\"},\"thumbnailUrl\":\"https:\/\/talkpal.ai\/wp-content\/uploads\/2023\/05\/malaysia.png\",\"datePublished\":\"2023-06-22T08:29:59+00:00\",\"dateModified\":\"2025-12-17T15:23:06+00:00\",\"description\":\"Fejleszd nyelvtud\u00e1sodat a mal\u00e1j nyelvtani gyakorlatokkal. Tanulja meg az alapokat a mal\u00e1j nyelv jobb meg\u00e9rt\u00e9s\u00e9hez.\",\"breadcrumb\":{\"@id\":\"https:\/\/talkpal.ai\/hu\/malaj-nyelvtani-gyakorlatok\/#breadcrumb\"},\"inLanguage\":\"hu\",\"potentialAction\":[{\"@type\":\"ReadAction\",\"target\":[\"https:\/\/talkpal.ai\/hu\/malaj-nyelvtani-gyakorlatok\/\"]}]},{\"@type\":\"ImageObject\",\"inLanguage\":\"hu\",\"@id\":\"https:\/\/talkpal.ai\/hu\/malaj-nyelvtani-gyakorlatok\/#primaryimage\",\"url\":\"https:\/\/talkpal.ai\/wp-content\/uploads\/2023\/05\/malaysia.png\",\"contentUrl\":\"https:\/\/talkpal.ai\/wp-content\/uploads\/2023\/05\/malaysia.png\",\"width\":512,\"height\":512},{\"@type\":\"BreadcrumbList\",\"@id\":\"https:\/\/talkpal.ai\/hu\/malaj-nyelvtani-gyakorlatok\/#breadcrumb\",\"itemListElement\":[{\"@type\":\"ListItem\",\"position\":1,\"name\":\"Homepage\",\"item\":\"https:\/\/talkpal.ai\/hu\/\"},{\"@type\":\"ListItem\",\"position\":2,\"name\":\"Mal\u00e1j nyelvtani gyakorlatok\"}]},{\"@type\":\"WebSite\",\"@id\":\"https:\/\/talkpal.ai\/hu\/#website\",\"url\":\"https:\/\/talkpal.ai\/hu\/\",\"name\":\"Talkpal\",\"description\":\"AI Language Learning\",\"publisher\":{\"@id\":\"https:\/\/talkpal.ai\/hu\/#organization\"},\"alternateName\":\"Talkpal AI\",\"potentialAction\":[{\"@type\":\"SearchAction\",\"target\":{\"@type\":\"EntryPoint\",\"urlTemplate\":\"https:\/\/talkpal.ai\/hu\/?s={search_term_string}\"},\"query-input\":{\"@type\":\"PropertyValueSpecification\",\"valueRequired\":true,\"valueName\":\"search_term_string\"}}],\"inLanguage\":\"hu\"},{\"@type\":\"Organization\",\"@id\":\"https:\/\/talkpal.ai\/hu\/#organization\",\"name\":\"Talkpal, Inc.\",\"alternateName\":\"Talkpal AI\",\"url\":\"https:\/\/talkpal.ai\/hu\/\",\"logo\":{\"@type\":\"ImageObject\",\"inLanguage\":\"hu\",\"@id\":\"https:\/\/talkpal.ai\/hu\/#\/schema\/logo\/image\/\",\"url\":\"https:\/\/talkpal.ai\/wp-content\/uploads\/2024\/03\/Talkpal-Logo-Icon.png\",\"contentUrl\":\"https:\/\/talkpal.ai\/wp-content\/uploads\/2024\/03\/Talkpal-Logo-Icon.png\",\"width\":2880,\"height\":2880,\"caption\":\"Talkpal, Inc.\"},\"image\":{\"@id\":\"https:\/\/talkpal.ai\/hu\/#\/schema\/logo\/image\/\"},\"sameAs\":[\"https:\/\/www.facebook.com\/profile.php?id=100090733639311\",\"https:\/\/x.com\/talkpalai\",\"https:\/\/www.linkedin.com\/company\/talkpal\/\",\"https:\/\/www.youtube.com\/@TalkPal\/\",\"https:\/\/www.tiktok.com\/@talkpal\",\"https:\/\/www.instagram.com\/talkpal_ai\/\",\"https:\/\/www.crunchbase.com\/organization\/talkpal-9cde\",\"https:\/\/www.g2.com\/products\/talkpal-for-business\/\",\"https:\/\/www.trustpilot.com\/review\/talkpal.ai\",\"https:\/\/www.capterra.com\/p\/10006800\/TalkPal\/\"],\"description\":\"Talkpal is a language learning web and mobile education app, powered by the latest AI technologies, that provides engaging experiences to its customers in many different languages to help them improve their language skills. Users can chat about unlimited amount of topics with the app and use other modes to practice their language learning.\",\"email\":\"support@talkpal.ai\",\"legalName\":\"Talkpal, Inc.\",\"foundingDate\":\"2023-04-03\",\"duns\":\"118989042\",\"numberOfEmployees\":{\"@type\":\"QuantitativeValue\",\"minValue\":\"11\",\"maxValue\":\"50\"},\"publishingPrinciples\":\"https:\/\/talkpal.ai\/publishing-principles\/\",\"actionableFeedbackPolicy\":\"https:\/\/talkpal.ai\/actionable-feedback-policy\/\",\"correctionsPolicy\":\"https:\/\/talkpal.ai\/corrections-policy\/\",\"ethicsPolicy\":\"https:\/\/talkpal.ai\/ethics-policy\/\",\"diversityPolicy\":\"https:\/\/talkpal.ai\/diversity-policy\/\",\"diversityStaffingReport\":\"https:\/\/talkpal.ai\/diversity-policy\/\"}]}<\/script>\n<!-- \/ Yoast SEO Premium plugin. -->","yoast_head_json":{"title":"Mal\u00e1j nyelvtani gyakorlatok - Talkpal","description":"Fejleszd nyelvtud\u00e1sodat a mal\u00e1j nyelvtani gyakorlatokkal. Tanulja meg az alapokat a mal\u00e1j nyelv jobb meg\u00e9rt\u00e9s\u00e9hez.","robots":{"index":"index","follow":"follow","max-snippet":"max-snippet:-1","max-image-preview":"max-image-preview:large","max-video-preview":"max-video-preview:-1"},"canonical":"https:\/\/talkpal.ai\/hu\/malaj-nyelvtani-gyakorlatok\/","og_locale":"hu_HU","og_type":"article","og_title":"Mal\u00e1j nyelvtani gyakorlatok","og_description":"Mal\u00e1j nyelvtani t\u00e9m\u00e1k A mal\u00e1j nyelv tanul\u00e1sa gazdag\u00edt\u00f3 \u00e9lm\u00e9ny lehet, \u00e9s lehet\u0151s\u00e9get teremt Malajzia, Indon\u00e9zia \u00e9s a szomsz\u00e9dos orsz\u00e1gok gazdag kultur\u00e1lis","og_url":"https:\/\/talkpal.ai\/hu\/malaj-nyelvtani-gyakorlatok\/","og_site_name":"Talkpal","article_publisher":"https:\/\/www.facebook.com\/profile.php?id=100090733639311","article_modified_time":"2025-12-17T15:23:06+00:00","og_image":[{"width":512,"height":512,"url":"https:\/\/talkpal.ai\/wp-content\/uploads\/2023\/05\/malaysia.png","type":"image\/png"}],"twitter_card":"summary_large_image","twitter_site":"@talkpalai","twitter_misc":{"Becs\u00fclt olvas\u00e1si id\u0151":"4 perc"},"schema":{"@context":"https:\/\/schema.org","@graph":[{"@type":"WebPage","@id":"https:\/\/talkpal.ai\/hu\/malaj-nyelvtani-gyakorlatok\/","url":"https:\/\/talkpal.ai\/hu\/malaj-nyelvtani-gyakorlatok\/","name":"Mal\u00e1j nyelvtani gyakorlatok - Talkpal","isPartOf":{"@id":"https:\/\/talkpal.ai\/hu\/#website"},"primaryImageOfPage":{"@id":"https:\/\/talkpal.ai\/hu\/malaj-nyelvtani-gyakorlatok\/#primaryimage"},"image":{"@id":"https:\/\/talkpal.ai\/hu\/malaj-nyelvtani-gyakorlatok\/#primaryimage"},"thumbnailUrl":"https:\/\/talkpal.ai\/wp-content\/uploads\/2023\/05\/malaysia.png","datePublished":"2023-06-22T08:29:59+00:00","dateModified":"2025-12-17T15:23:06+00:00","description":"Fejleszd nyelvtud\u00e1sodat a mal\u00e1j nyelvtani gyakorlatokkal. Tanulja meg az alapokat a mal\u00e1j nyelv jobb meg\u00e9rt\u00e9s\u00e9hez.","breadcrumb":{"@id":"https:\/\/talkpal.ai\/hu\/malaj-nyelvtani-gyakorlatok\/#breadcrumb"},"inLanguage":"hu","potentialAction":[{"@type":"ReadAction","target":["https:\/\/talkpal.ai\/hu\/malaj-nyelvtani-gyakorlatok\/"]}]},{"@type":"ImageObject","inLanguage":"hu","@id":"https:\/\/talkpal.ai\/hu\/malaj-nyelvtani-gyakorlatok\/#primaryimage","url":"https:\/\/talkpal.ai\/wp-content\/uploads\/2023\/05\/malaysia.png","contentUrl":"https:\/\/talkpal.ai\/wp-content\/uploads\/2023\/05\/malaysia.png","width":512,"height":512},{"@type":"BreadcrumbList","@id":"https:\/\/talkpal.ai\/hu\/malaj-nyelvtani-gyakorlatok\/#breadcrumb","itemListElement":[{"@type":"ListItem","position":1,"name":"Homepage","item":"https:\/\/talkpal.ai\/hu\/"},{"@type":"ListItem","position":2,"name":"Mal\u00e1j nyelvtani gyakorlatok"}]},{"@type":"WebSite","@id":"https:\/\/talkpal.ai\/hu\/#website","url":"https:\/\/talkpal.ai\/hu\/","name":"Talkpal","description":"AI Language Learning","publisher":{"@id":"https:\/\/talkpal.ai\/hu\/#organization"},"alternateName":"Talkpal AI","potentialAction":[{"@type":"SearchAction","target":{"@type":"EntryPoint","urlTemplate":"https:\/\/talkpal.ai\/hu\/?s={search_term_string}"},"query-input":{"@type":"PropertyValueSpecification","valueRequired":true,"valueName":"search_term_string"}}],"inLanguage":"hu"},{"@type":"Organization","@id":"https:\/\/talkpal.ai\/hu\/#organization","name":"Talkpal, Inc.","alternateName":"Talkpal AI","url":"https:\/\/talkpal.ai\/hu\/","logo":{"@type":"ImageObject","inLanguage":"hu","@id":"https:\/\/talkpal.ai\/hu\/#\/schema\/logo\/image\/","url":"https:\/\/talkpal.ai\/wp-content\/uploads\/2024\/03\/Talkpal-Logo-Icon.png","contentUrl":"https:\/\/talkpal.ai\/wp-content\/uploads\/2024\/03\/Talkpal-Logo-Icon.png","width":2880,"height":2880,"caption":"Talkpal, Inc."},"image":{"@id":"https:\/\/talkpal.ai\/hu\/#\/schema\/logo\/image\/"},"sameAs":["https:\/\/www.facebook.com\/profile.php?id=100090733639311","https:\/\/x.com\/talkpalai","https:\/\/www.linkedin.com\/company\/talkpal\/","https:\/\/www.youtube.com\/@TalkPal\/","https:\/\/www.tiktok.com\/@talkpal","https:\/\/www.instagram.com\/talkpal_ai\/","https:\/\/www.crunchbase.com\/organization\/talkpal-9cde","https:\/\/www.g2.com\/products\/talkpal-for-business\/","https:\/\/www.trustpilot.com\/review\/talkpal.ai","https:\/\/www.capterra.com\/p\/10006800\/TalkPal\/"],"description":"Talkpal is a language learning web and mobile education app, powered by the latest AI technologies, that provides engaging experiences to its customers in many different languages to help them improve their language skills. Users can chat about unlimited amount of topics with the app and use other modes to practice their language learning.","email":"support@talkpal.ai","legalName":"Talkpal, Inc.","foundingDate":"2023-04-03","duns":"118989042","numberOfEmployees":{"@type":"QuantitativeValue","minValue":"11","maxValue":"50"},"publishingPrinciples":"https:\/\/talkpal.ai\/publishing-principles\/","actionableFeedbackPolicy":"https:\/\/talkpal.ai\/actionable-feedback-policy\/","correctionsPolicy":"https:\/\/talkpal.ai\/corrections-policy\/","ethicsPolicy":"https:\/\/talkpal.ai\/ethics-policy\/","diversityPolicy":"https:\/\/talkpal.ai\/diversity-policy\/","diversityStaffingReport":"https:\/\/talkpal.ai\/diversity-policy\/"}]}},"_links":{"self":[{"href":"https:\/\/talkpal.ai\/hu\/wp-json\/wp\/v2\/pages\/159574","targetHints":{"allow":["GET"]}}],"collection":[{"href":"https:\/\/talkpal.ai\/hu\/wp-json\/wp\/v2\/pages"}],"about":[{"href":"https:\/\/talkpal.ai\/hu\/wp-json\/wp\/v2\/types\/page"}],"author":[{"embeddable":true,"href":"https:\/\/talkpal.ai\/hu\/wp-json\/wp\/v2\/users\/6"}],"replies":[{"embeddable":true,"href":"https:\/\/talkpal.ai\/hu\/wp-json\/wp\/v2\/comments?post=159574"}],"version-history":[{"count":0,"href":"https:\/\/talkpal.ai\/hu\/wp-json\/wp\/v2\/pages\/159574\/revisions"}],"wp:featuredmedia":[{"embeddable":true,"href":"https:\/\/talkpal.ai\/hu\/wp-json\/wp\/v2\/media\/115599"}],"wp:attachment":[{"href":"https:\/\/talkpal.ai\/hu\/wp-json\/wp\/v2\/media?parent=159574"}],"curies":[{"name":"wp","href":"https:\/\/api.w.org\/{rel}","templated":true}]}}