{"id":159289,"date":"2023-06-22T08:37:16","date_gmt":"2023-06-22T08:37:16","guid":{"rendered":"http:\/\/talkpal.ai\/marathi-nyelvtani-gyakorlatok\/"},"modified":"2025-12-17T15:25:13","modified_gmt":"2025-12-17T15:25:13","slug":"marathi-nyelvtani-gyakorlatok","status":"publish","type":"page","link":"https:\/\/talkpal.ai\/hu\/marathi-nyelvtani-gyakorlatok\/","title":{"rendered":"Marathi nyelvtani gyakorlatok"},"content":{"rendered":"\r\n\r\n\r\n<section class=\"languageChallengeSection\">\r\n    <div class=\"languageInfoWrapper\">\r\n        \r\n        <h1>Marathi nyelvtani gyakorlatok<\/h1>\r\n        <p>K\u00e9szen \u00e1llsz arra, hogy meger\u0151s\u00edtsd a <a href=\"https:\/\/talkpal.ai\/learn-marathi\/\">marathi<\/a> nyelvtud\u00e1sodat? A nyelvtani gyakorlatok gyakorl\u00e1sa kiv\u00e1l\u00f3 m\u00f3dja a mondatszerkezet, az igealakok \u00e9s a nyelv legfontosabb nyelvtani mint\u00e1inak elsaj\u00e1t\u00edt\u00e1s\u00e1nak. Kezdje el felfedezni a marathi nyelvtant m\u00e9g ma, \u00e9s n\u00e9zze, ahogy \u00f6nbizalma \u00e9s foly\u00e9kony nyelvtud\u00e1sa <a href=\"https:\/\/talkpal.ai\/locations\/language-courses-in-minden\/\">minden<\/a> egyes gyakorlattal n\u00f6vekszik!<\/p>\r\n\r\n                            <a class=\"getStartedHidden\" href=\"https:\/\/app.talkpal.ai\/hu\/signup?lng=\">Kezdj\u00fck<\/a>\r\n        \r\n    <\/div>\r\n\r\n    <figure>\r\n    <img decoding=\"async\" width=\"768\" height=\"768\" src=\"https:\/\/talkpal.ai\/wp-content\/uploads\/2023\/06\/marathi-768x768.png\" class=\"languageImage no-lazy\" alt=\"Fun ways to make language learning interesting\" fetchpriority=\"high\" sizes=\"(max-width: 768px) 150px, 768px\" srcset=\"https:\/\/talkpal.ai\/wp-content\/uploads\/2023\/06\/marathi-768x768.png 768w, https:\/\/talkpal.ai\/wp-content\/uploads\/2023\/06\/marathi-300x300.png 300w\" \/>\r\n    \r\n\r\n    <\/figure>\r\n\r\n            <a class=\"getStartedVisible\" href=\"https:\/\/app.talkpal.ai\/hu\/signup?lng=\">Kezdj\u00fck<\/a>\r\n    \r\n<\/section>\r\n\r\n\r\n<!-- <section class=\"grammarSection\">\r\n    <div class=\"grammarLinks\">\r\n            <\/div>\r\n<\/section> -->\r\n\r\n\r\n\r\n\r\n<section class=\"promotionalBanner\">\r\n    <p class=\"promotionalText\">A nyelvtanul\u00e1s leghat\u00e9konyabb m\u00f3dja<\/p>\r\n    <a class=\"promotionalLink\" href=\"https:\/\/app.talkpal.ai\/hu\/signup?lng=\">Pr\u00f3b\u00e1lja ki a Talkpal ingyen<\/a>\r\n<\/section>\n<div class=\"wp-block-group pageContainerStyle\"><div class=\"wp-block-group__inner-container is-layout-constrained wp-block-group-is-layout-constrained\">\n<h2 class=\"wp-block-heading\" id=\"h-marathi-grammar-topics\">Marathi Nyelvtani t\u00e9m\u00e1k<\/h2>\n\n\n\n<p>A <a href=\"https:\/\/talkpal.ai\/learn-marathi\/\">mar\u00e1thi<\/a>, egy indo-\u00e1rja nyelv, t\u00falnyom\u00f3r\u00e9szt az indiai Maharashtra \u00e1llamban besz\u00e9lik, \u00e9s a r\u00e9gi\u00f3 hivatalos nyelve. A marathi tanul\u00e1sa gazdag\u00edt\u00f3 \u00e9lm\u00e9ny lehet, mivel megnyitja az ajt\u00f3t a gazdag kult\u00fara, t\u00f6rt\u00e9nelem \u00e9s irodalom el\u0151tt. A marathi hat\u00e9kony megtanul\u00e1s\u00e1hoz fontos, hogy struktur\u00e1lt megk\u00f6zel\u00edt\u00e9ssel rendelkezz\u00fcnk, amely a nyelv k\u00fcl\u00f6nb\u00f6z\u0151 aspektusaira \u00f6sszpontos\u00edt, mint p\u00e9ld\u00e1ul a <a href=\"https:\/\/talkpal.ai\/grammar\/\">nyelvtan<\/a>, a sz\u00f3kincs \u00e9s a kiejt\u00e9s. Ez a cikk v\u00e9gigvezeti \u00d6nt a marathi nyelvtani t\u00e9m\u00e1k tanul\u00e1s\u00e1nak sorrendj\u00e9n, kezdve az igeid\u0151kkel, ig\u00e9kkel, f\u0151nevekkel, \u00e9s tov\u00e1bbl\u00e9pve a fejlettebb fogalmakra, p\u00e9ld\u00e1ul a felt\u00e9telekre \u00e9s az el\u00f6lj\u00e1r\u00f3szavakra.<\/p>\n\n\n\n<h3 class=\"wp-block-heading\" id=\"h-1-tenses\">1. Igeid\u0151k:<\/h3>\n\n\n\n<p>Az igeid\u0151k <a href=\"https:\/\/talkpal.ai\/languages\/\">minden nyelv<\/a> gerinc\u00e9t k\u00e9pezik, mivel seg\u00edtenek kifejezni a cselekv\u00e9seket vagy \u00e1llapotokat az id\u0151vel kapcsolatban. A mar\u00e1thiban h\u00e1rom alapid\u0151 <a href=\"https:\/\/talkpal.ai\/locations\/language-courses-in-van\/\">van<\/a>: m\u00falt, jelen \u00e9s j\u00f6v\u0151. Minden igeid\u0151nek k\u00fcl\u00f6nb\u00f6z\u0151 form\u00e1i vannak a cselekv\u00e9s t\u00edpus\u00e1t\u00f3l f\u00fcgg\u0151en (egyszer\u0171, folyamatos, t\u00f6k\u00e9letes vagy t\u00f6k\u00e9letes folyamatos). Kezdje az egyszer\u0171 igeid\u0151k megtanul\u00e1s\u00e1val, majd l\u00e9pjen tov\u00e1bb a bonyolultabbakra.<\/p>\n\n\n\n<h3 class=\"wp-block-heading\" id=\"h-2-tense-comparison\">2. Fesz\u00fclt \u00f6sszehasonl\u00edt\u00e1s:<\/h3>\n\n\n\n<p>Az alapvet\u0151 id\u0151k meg\u00e9rt\u00e9se ut\u00e1n d\u00f6nt\u0151 fontoss\u00e1g\u00fa, hogy megtanuljuk, hogyan kell \u00f6sszehasonl\u00edtani \u0151ket. A fesz\u00fclt \u00f6sszehasonl\u00edt\u00e1s lehet\u0151v\u00e9 teszi, hogy t\u00f6bb m\u0171veletr\u0151l vagy esem\u00e9nyr\u0151l besz\u00e9ljen, amelyek egyidej\u0171leg vagy k\u00fcl\u00f6nb\u00f6z\u0151 id\u0151keretekben fordulnak el\u0151. Ez seg\u00edt \u00f6sszetett mondatok kialak\u00edt\u00e1s\u00e1ban \u00e9s az \u00f6tletek sz\u00e9lesebb k\u00f6r\u00e9nek kifejez\u00e9s\u00e9ben.<\/p>\n\n\n\n<h3 class=\"wp-block-heading\" id=\"h-3-verbs\">3. Ig\u00e9k:<\/h3>\n\n\n\n<p>Az ig\u00e9k olyan cselekv\u00e9si szavak, amelyek egy mondatban cselekv\u00e9st vagy \u00e1llapotot k\u00e9pviselnek. A marathi nyelvben az ig\u00e9k ragoz\u00e1sa jelzi az id\u0151t, a szempontot, a hangulatot \u00e9s a hangot. Ismerje meg az alapvet\u0151 igeragoz\u00e1si szab\u00e1lyokat \u00e9s a k\u00fcl\u00f6nf\u00e9le igeform\u00e1kat, hogy jav\u00edtsa mondat\u00e9p\u00edt\u00e9si k\u00e9szs\u00e9geit.<\/p>\n\n\n\n<h3 class=\"wp-block-heading\" id=\"h-4-nouns\">4. F\u0151nevek:<\/h3>\n\n\n\n<p>A f\u0151nevek olyan szavak, amelyek embereket, helyeket, dolgokat vagy \u00f6tleteket k\u00e9pviselnek. A mar\u00e1thi f\u0151neveknek van nem\u00fck (h\u00edmnem\u0171, n\u0151nem\u0171 vagy ivartalan\u00edtott), \u00e9s sz\u00e1mragozott (egyes vagy t\u00f6bbes sz\u00e1m) \u00e9s eset (k\u00f6zvetlen, ferde vagy birtokos). Ismerje meg a k\u00fcl\u00f6nb\u00f6z\u0151 f\u0151n\u00e9vi form\u00e1kat \u00e9s azok mondatokban val\u00f3 haszn\u00e1lat\u00e1t.<\/p>\n\n\n\n<h3 class=\"wp-block-heading\" id=\"h-5-articles\">5. Cikkek:<\/h3>\n\n\n\n<p>A marathi nyelvben nincsenek olyan cikkek, mint az &#8216;a&#8217;, &#8216;an&#8217; vagy &#8216;the&#8217;. Vannak azonban demonstrat\u00edv n\u00e9vm\u00e1sok \u00e9s determin\u00e1nsok, amelyek hasonl\u00f3 c\u00e9lt szolg\u00e1lnak. Ismerje meg, hogyan haszn\u00e1lhatja ezeket a n\u00e9vm\u00e1sokat \u00e9s determin\u00e1nsokat a mondat f\u0151neveinek megad\u00e1s\u00e1ra vagy azonos\u00edt\u00e1s\u00e1ra.<\/p>\n\n\n\n<h3 class=\"wp-block-heading\" id=\"h-6-pronouns-determiners\">6. N\u00e9vm\u00e1sok\/determin\u00e1nsok:<\/h3>\n\n\n\n<p>A n\u00e9vm\u00e1sok helyettes\u00edtik a f\u0151neveket az ism\u00e9tl\u00e9s elker\u00fcl\u00e9se \u00e9rdek\u00e9ben, m\u00edg a determin\u00e1nsok meghat\u00e1rozz\u00e1k vagy korl\u00e1tozz\u00e1k a f\u0151nevek jelent\u00e9s\u00e9t. A marathi nyelvben a n\u00e9vm\u00e1sok \u00e9s a determin\u00e1nsok nem\u00fckben \u00e9s sz\u00e1mukban megegyeznek azzal a f\u0151n\u00e9vvel, amelyet helyettes\u00edtenek vagy m\u00f3dos\u00edtanak. Ismerje meg a k\u00fcl\u00f6nb\u00f6z\u0151 form\u00e1kat \u00e9s azok megfelel\u0151 haszn\u00e1lat\u00e1t a mondatszerkezet jav\u00edt\u00e1sa \u00e9rdek\u00e9ben.<\/p>\n\n\n\n<h3 class=\"wp-block-heading\" id=\"h-7-adjectives\">7. Mell\u00e9knevek:<\/h3>\n\n\n\n<p>A mell\u00e9knevek le\u00edrj\u00e1k vagy m\u00f3dos\u00edtj\u00e1k a f\u0151neveket, tov\u00e1bbi inform\u00e1ci\u00f3kat szolg\u00e1ltatva tulajdons\u00e1gaikr\u00f3l vagy tulajdons\u00e1gaikr\u00f3l. Marathiban a mell\u00e9knevek nem\u00fckben \u00e9s sz\u00e1mukban megegyeznek az \u00e1ltaluk m\u00f3dos\u00edtott f\u0151n\u00e9vvel. Ismerje meg a k\u00fcl\u00f6nb\u00f6z\u0151 mell\u00e9kn\u00e9vi form\u00e1kat \u00e9s azok helyes haszn\u00e1lat\u00e1t mondatokban.<\/p>\n\n\n\n<h3 class=\"wp-block-heading\" id=\"h-8-adverbs\">8. Hat\u00e1roz\u00f3sz\u00f3k:<\/h3>\n\n\n\n<p>A hat\u00e1roz\u00f3szavak tov\u00e1bbi inform\u00e1ci\u00f3kat ny\u00fajtanak az ig\u00e9kr\u0151l, mell\u00e9knevekr\u0151l vagy m\u00e1s hat\u00e1roz\u00f3sz\u00f3kr\u00f3l, le\u00edrva, hogyan, mikor, hol vagy milyen m\u00e9rt\u00e9kben t\u00f6rt\u00e9nik valami. Ismerje meg a hat\u00e1roz\u00f3szavak k\u00fcl\u00f6nb\u00f6z\u0151 t\u00edpusait \u00e9s mondatokban val\u00f3 elhelyez\u00e9s\u00e9t, hogy jav\u00edtsa nyelvi k\u00e9szs\u00e9geit.<\/p>\n\n\n\n<h3 class=\"wp-block-heading\" id=\"h-9-conditionals\">9. Felt\u00e9telek:<\/h3>\n\n\n\n<p>A felt\u00e9telek hipotetikus helyzeteket vagy felt\u00e9teleket \u00e9s azok lehets\u00e9ges k\u00f6vetkezm\u00e9nyeit fejezik ki. Mar\u00e1thiban h\u00e1romf\u00e9le felt\u00e9tel l\u00e9tezik \u2013 val\u00f3s, irre\u00e1lis \u00e9s vegyes. Ismerje meg az egyes t\u00edpusok szerkezet\u00e9t \u00e9s haszn\u00e1lat\u00e1t \u00f6sszetett \u00f6tletek \u00e9s helyzetek kifejez\u00e9s\u00e9re.<\/p>\n\n\n\n<h3 class=\"wp-block-heading\" id=\"h-10-prepositions\">10. El\u00f6lj\u00e1r\u00f3szavak:<\/h3>\n\n\n\n<p>A prepoz\u00edci\u00f3k olyan szavak, amelyek a f\u0151nevek (vagy n\u00e9vm\u00e1sok) \u00e9s a mondat m\u00e1s szavai k\u00f6z\u00f6tti kapcsolatot mutatj\u00e1k. Jelzik a helyet, az ir\u00e1nyt, az id\u0151t vagy m\u00e1s kapcsolatokat. Ismerje meg a Marathi gyakori el\u00f6lj\u00e1r\u00f3szavait \u00e9s azok mondatokban val\u00f3 haszn\u00e1lat\u00e1t.<\/p>\n\n\n\n<h3 class=\"wp-block-heading\" id=\"h-11-sentences\">11. Mondatok:<\/h3>\n\n\n\n<p>V\u00e9g\u00fcl gyakorolja az egyszer\u0171 \u00e9s \u00f6sszetett mondatok kialak\u00edt\u00e1s\u00e1t a megtanult nyelvtani szab\u00e1lyok \u00e9s sz\u00f3kincs felhaszn\u00e1l\u00e1s\u00e1val. A mondatszerkezetre val\u00f3 \u00f6sszpontos\u00edt\u00e1s.<\/p>\n<\/div><\/div>\n\r\n<section class=\"learnNavigationSection\">\r\n            \r\n        <a href=\"https:\/\/talkpal.ai\/hu\/tanulj-marathit\/\">\r\n            <div class=\"learnNavigationWrapper\">\r\n                <div class=\"learnNavigationContent\">\r\n                    <img decoding=\"async\" src=\"https:\/\/talkpal.ai\/wp-content\/uploads\/2023\/05\/Marathi-india.png\" alt=\"TalkPal Marathi Flag\">\r\n                    <div>\r\n                        <h4>A marathi tanul\u00e1sr\u00f3l<\/h4>\r\n                        <p>Tudjon meg mindent a mar\u00e1thi nyelvtanr\u00f3l.<\/p>\r\n                    <\/div>\r\n                <\/div>\r\n            <\/div>\r\n        <\/a>\r\n\r\n        \r\n        <a href=\"https:\/\/talkpal.ai\/hu\/marathi-nyelvtan\/\">\r\n            <div class=\"learnNavigationWrapper\">\r\n                <div class=\"learnNavigationContent\">\r\n                    <img decoding=\"async\" src=\"https:\/\/talkpal.ai\/wp-content\/uploads\/2023\/05\/Marathi-india.png\" alt=\"TalkPal Marathi Flag\">\r\n                    <div>\r\n                        <h4>Marathi nyelvtan leck\u00e9k<\/h4>\r\n                        <p>Gyakorold a marathi nyelvtant.<\/p>\r\n                    <\/div>\r\n                <\/div>\r\n            <\/div>\r\n        <\/a>\r\n\r\n        \r\n        <a href=\"https:\/\/talkpal.ai\/vocabulary_language\/marathi\/\">\r\n            <div class=\"learnNavigationWrapper\">\r\n                <div class=\"learnNavigationContent\">\r\n                    <img decoding=\"async\" src=\"https:\/\/talkpal.ai\/wp-content\/uploads\/2023\/05\/Marathi-india.png\" alt=\"TalkPal Marathi Flag\">\r\n                    <div>\r\n                        <h4>Marathi sz\u00f3kincs<\/h4>\r\n                        <p>B\u0151v\u00edtse marathi sz\u00f3kincs\u00e9t.<\/p>\r\n                    <\/div>\r\n                <\/div>\r\n            <\/div>\r\n        <\/a>\r\n\r\n            <\/section>","protected":false},"excerpt":{"rendered":"<p>Marathi Nyelvtani t\u00e9m\u00e1k A mar\u00e1thi, egy indo-\u00e1rja nyelv, t\u00falnyom\u00f3r\u00e9szt az indiai Maharashtra \u00e1llamban besz\u00e9lik, \u00e9s a r\u00e9gi\u00f3 hivatalos nyelve. A marathi tanul\u00e1sa gazdag\u00edt\u00f3 \u00e9lm\u00e9ny lehet, mivel megnyitja az ajt\u00f3t a gazdag kult\u00fara, t\u00f6rt\u00e9nelem \u00e9s irodalom el\u0151tt. A marathi hat\u00e9kony megtanul\u00e1s\u00e1hoz fontos, hogy struktur\u00e1lt megk\u00f6zel\u00edt\u00e9ssel rendelkezz\u00fcnk, amely a nyelv k\u00fcl\u00f6nb\u00f6z\u0151 aspektusaira \u00f6sszpontos\u00edt, mint p\u00e9ld\u00e1ul a nyelvtan, [&hellip;]<\/p>\n","protected":false},"author":6,"featured_media":116394,"parent":0,"menu_order":0,"comment_status":"closed","ping_status":"closed","template":"LearningContentPage.php","meta":{"_acf_changed":false,"footnotes":""},"class_list":["post-159289","page","type-page","status-publish","has-post-thumbnail","hentry"],"acf":[],"yoast_head":"<!-- This site is optimized with the Yoast SEO Premium plugin v27.2 (Yoast SEO v27.2) - https:\/\/yoast.com\/product\/yoast-seo-premium-wordpress\/ -->\n<title>Marathi nyelvtani gyakorlatok - Talkpal<\/title>\n<meta name=\"description\" content=\"Fejleszd a marathi nyelvtud\u00e1sodat a minden szinten tanul\u00f3k sz\u00e1m\u00e1ra kidolgozott nyelvtani gyakorlatokkal.\" \/>\n<meta name=\"robots\" content=\"index, follow, max-snippet:-1, max-image-preview:large, max-video-preview:-1\" \/>\n<link rel=\"canonical\" href=\"https:\/\/talkpal.ai\/hu\/marathi-nyelvtani-gyakorlatok\/\" \/>\n<meta property=\"og:locale\" content=\"hu_HU\" \/>\n<meta property=\"og:type\" content=\"article\" \/>\n<meta property=\"og:title\" content=\"Marathi nyelvtani gyakorlatok\" \/>\n<meta property=\"og:description\" content=\"Marathi Nyelvtani t\u00e9m\u00e1k A mar\u00e1thi, egy indo-\u00e1rja nyelv, t\u00falnyom\u00f3r\u00e9szt az indiai Maharashtra \u00e1llamban besz\u00e9lik, \u00e9s a r\u00e9gi\u00f3 hivatalos nyelve. A marathi\" \/>\n<meta property=\"og:url\" content=\"https:\/\/talkpal.ai\/hu\/marathi-nyelvtani-gyakorlatok\/\" \/>\n<meta property=\"og:site_name\" content=\"Talkpal\" \/>\n<meta property=\"article:publisher\" content=\"https:\/\/www.facebook.com\/profile.php?id=100090733639311\" \/>\n<meta property=\"article:modified_time\" content=\"2025-12-17T15:25:13+00:00\" \/>\n<meta property=\"og:image\" content=\"https:\/\/talkpal.ai\/wp-content\/uploads\/2023\/05\/Marathi-india.png\" \/>\n\t<meta property=\"og:image:width\" content=\"512\" \/>\n\t<meta property=\"og:image:height\" content=\"512\" \/>\n\t<meta property=\"og:image:type\" content=\"image\/png\" \/>\n<meta name=\"twitter:card\" content=\"summary_large_image\" \/>\n<meta name=\"twitter:site\" content=\"@talkpalai\" \/>\n<meta name=\"twitter:label1\" content=\"Becs\u00fclt olvas\u00e1si id\u0151\" \/>\n\t<meta name=\"twitter:data1\" content=\"4 perc\" \/>\n<script type=\"application\/ld+json\" class=\"yoast-schema-graph\">{\"@context\":\"https:\/\/schema.org\",\"@graph\":[{\"@type\":\"WebPage\",\"@id\":\"https:\/\/talkpal.ai\/hu\/marathi-nyelvtani-gyakorlatok\/\",\"url\":\"https:\/\/talkpal.ai\/hu\/marathi-nyelvtani-gyakorlatok\/\",\"name\":\"Marathi nyelvtani gyakorlatok - Talkpal\",\"isPartOf\":{\"@id\":\"https:\/\/talkpal.ai\/hu\/#website\"},\"primaryImageOfPage\":{\"@id\":\"https:\/\/talkpal.ai\/hu\/marathi-nyelvtani-gyakorlatok\/#primaryimage\"},\"image\":{\"@id\":\"https:\/\/talkpal.ai\/hu\/marathi-nyelvtani-gyakorlatok\/#primaryimage\"},\"thumbnailUrl\":\"https:\/\/talkpal.ai\/wp-content\/uploads\/2023\/05\/Marathi-india.png\",\"datePublished\":\"2023-06-22T08:37:16+00:00\",\"dateModified\":\"2025-12-17T15:25:13+00:00\",\"description\":\"Fejleszd a marathi nyelvtud\u00e1sodat a minden szinten tanul\u00f3k sz\u00e1m\u00e1ra kidolgozott nyelvtani gyakorlatokkal.\",\"breadcrumb\":{\"@id\":\"https:\/\/talkpal.ai\/hu\/marathi-nyelvtani-gyakorlatok\/#breadcrumb\"},\"inLanguage\":\"hu\",\"potentialAction\":[{\"@type\":\"ReadAction\",\"target\":[\"https:\/\/talkpal.ai\/hu\/marathi-nyelvtani-gyakorlatok\/\"]}]},{\"@type\":\"ImageObject\",\"inLanguage\":\"hu\",\"@id\":\"https:\/\/talkpal.ai\/hu\/marathi-nyelvtani-gyakorlatok\/#primaryimage\",\"url\":\"https:\/\/talkpal.ai\/wp-content\/uploads\/2023\/05\/Marathi-india.png\",\"contentUrl\":\"https:\/\/talkpal.ai\/wp-content\/uploads\/2023\/05\/Marathi-india.png\",\"width\":512,\"height\":512},{\"@type\":\"BreadcrumbList\",\"@id\":\"https:\/\/talkpal.ai\/hu\/marathi-nyelvtani-gyakorlatok\/#breadcrumb\",\"itemListElement\":[{\"@type\":\"ListItem\",\"position\":1,\"name\":\"Homepage\",\"item\":\"https:\/\/talkpal.ai\/hu\/\"},{\"@type\":\"ListItem\",\"position\":2,\"name\":\"Marathi nyelvtani gyakorlatok\"}]},{\"@type\":\"WebSite\",\"@id\":\"https:\/\/talkpal.ai\/hu\/#website\",\"url\":\"https:\/\/talkpal.ai\/hu\/\",\"name\":\"Talkpal\",\"description\":\"AI Language Learning\",\"publisher\":{\"@id\":\"https:\/\/talkpal.ai\/hu\/#organization\"},\"alternateName\":\"Talkpal AI\",\"potentialAction\":[{\"@type\":\"SearchAction\",\"target\":{\"@type\":\"EntryPoint\",\"urlTemplate\":\"https:\/\/talkpal.ai\/hu\/?s={search_term_string}\"},\"query-input\":{\"@type\":\"PropertyValueSpecification\",\"valueRequired\":true,\"valueName\":\"search_term_string\"}}],\"inLanguage\":\"hu\"},{\"@type\":\"Organization\",\"@id\":\"https:\/\/talkpal.ai\/hu\/#organization\",\"name\":\"Talkpal, Inc.\",\"alternateName\":\"Talkpal AI\",\"url\":\"https:\/\/talkpal.ai\/hu\/\",\"logo\":{\"@type\":\"ImageObject\",\"inLanguage\":\"hu\",\"@id\":\"https:\/\/talkpal.ai\/hu\/#\/schema\/logo\/image\/\",\"url\":\"https:\/\/talkpal.ai\/wp-content\/uploads\/2024\/03\/Talkpal-Logo-Icon.png\",\"contentUrl\":\"https:\/\/talkpal.ai\/wp-content\/uploads\/2024\/03\/Talkpal-Logo-Icon.png\",\"width\":2880,\"height\":2880,\"caption\":\"Talkpal, Inc.\"},\"image\":{\"@id\":\"https:\/\/talkpal.ai\/hu\/#\/schema\/logo\/image\/\"},\"sameAs\":[\"https:\/\/www.facebook.com\/profile.php?id=100090733639311\",\"https:\/\/x.com\/talkpalai\",\"https:\/\/www.linkedin.com\/company\/talkpal\/\",\"https:\/\/www.youtube.com\/@TalkPal\/\",\"https:\/\/www.tiktok.com\/@talkpal\",\"https:\/\/www.instagram.com\/talkpal_ai\/\",\"https:\/\/www.crunchbase.com\/organization\/talkpal-9cde\",\"https:\/\/www.g2.com\/products\/talkpal-for-business\/\",\"https:\/\/www.trustpilot.com\/review\/talkpal.ai\",\"https:\/\/www.capterra.com\/p\/10006800\/TalkPal\/\"],\"description\":\"Talkpal is a language learning web and mobile education app, powered by the latest AI technologies, that provides engaging experiences to its customers in many different languages to help them improve their language skills. Users can chat about unlimited amount of topics with the app and use other modes to practice their language learning.\",\"email\":\"support@talkpal.ai\",\"legalName\":\"Talkpal, Inc.\",\"foundingDate\":\"2023-04-03\",\"duns\":\"118989042\",\"numberOfEmployees\":{\"@type\":\"QuantitativeValue\",\"minValue\":\"11\",\"maxValue\":\"50\"},\"publishingPrinciples\":\"https:\/\/talkpal.ai\/publishing-principles\/\",\"actionableFeedbackPolicy\":\"https:\/\/talkpal.ai\/actionable-feedback-policy\/\",\"correctionsPolicy\":\"https:\/\/talkpal.ai\/corrections-policy\/\",\"ethicsPolicy\":\"https:\/\/talkpal.ai\/ethics-policy\/\",\"diversityPolicy\":\"https:\/\/talkpal.ai\/diversity-policy\/\",\"diversityStaffingReport\":\"https:\/\/talkpal.ai\/diversity-policy\/\"}]}<\/script>\n<!-- \/ Yoast SEO Premium plugin. -->","yoast_head_json":{"title":"Marathi nyelvtani gyakorlatok - Talkpal","description":"Fejleszd a marathi nyelvtud\u00e1sodat a minden szinten tanul\u00f3k sz\u00e1m\u00e1ra kidolgozott nyelvtani gyakorlatokkal.","robots":{"index":"index","follow":"follow","max-snippet":"max-snippet:-1","max-image-preview":"max-image-preview:large","max-video-preview":"max-video-preview:-1"},"canonical":"https:\/\/talkpal.ai\/hu\/marathi-nyelvtani-gyakorlatok\/","og_locale":"hu_HU","og_type":"article","og_title":"Marathi nyelvtani gyakorlatok","og_description":"Marathi Nyelvtani t\u00e9m\u00e1k A mar\u00e1thi, egy indo-\u00e1rja nyelv, t\u00falnyom\u00f3r\u00e9szt az indiai Maharashtra \u00e1llamban besz\u00e9lik, \u00e9s a r\u00e9gi\u00f3 hivatalos nyelve. A marathi","og_url":"https:\/\/talkpal.ai\/hu\/marathi-nyelvtani-gyakorlatok\/","og_site_name":"Talkpal","article_publisher":"https:\/\/www.facebook.com\/profile.php?id=100090733639311","article_modified_time":"2025-12-17T15:25:13+00:00","og_image":[{"width":512,"height":512,"url":"https:\/\/talkpal.ai\/wp-content\/uploads\/2023\/05\/Marathi-india.png","type":"image\/png"}],"twitter_card":"summary_large_image","twitter_site":"@talkpalai","twitter_misc":{"Becs\u00fclt olvas\u00e1si id\u0151":"4 perc"},"schema":{"@context":"https:\/\/schema.org","@graph":[{"@type":"WebPage","@id":"https:\/\/talkpal.ai\/hu\/marathi-nyelvtani-gyakorlatok\/","url":"https:\/\/talkpal.ai\/hu\/marathi-nyelvtani-gyakorlatok\/","name":"Marathi nyelvtani gyakorlatok - Talkpal","isPartOf":{"@id":"https:\/\/talkpal.ai\/hu\/#website"},"primaryImageOfPage":{"@id":"https:\/\/talkpal.ai\/hu\/marathi-nyelvtani-gyakorlatok\/#primaryimage"},"image":{"@id":"https:\/\/talkpal.ai\/hu\/marathi-nyelvtani-gyakorlatok\/#primaryimage"},"thumbnailUrl":"https:\/\/talkpal.ai\/wp-content\/uploads\/2023\/05\/Marathi-india.png","datePublished":"2023-06-22T08:37:16+00:00","dateModified":"2025-12-17T15:25:13+00:00","description":"Fejleszd a marathi nyelvtud\u00e1sodat a minden szinten tanul\u00f3k sz\u00e1m\u00e1ra kidolgozott nyelvtani gyakorlatokkal.","breadcrumb":{"@id":"https:\/\/talkpal.ai\/hu\/marathi-nyelvtani-gyakorlatok\/#breadcrumb"},"inLanguage":"hu","potentialAction":[{"@type":"ReadAction","target":["https:\/\/talkpal.ai\/hu\/marathi-nyelvtani-gyakorlatok\/"]}]},{"@type":"ImageObject","inLanguage":"hu","@id":"https:\/\/talkpal.ai\/hu\/marathi-nyelvtani-gyakorlatok\/#primaryimage","url":"https:\/\/talkpal.ai\/wp-content\/uploads\/2023\/05\/Marathi-india.png","contentUrl":"https:\/\/talkpal.ai\/wp-content\/uploads\/2023\/05\/Marathi-india.png","width":512,"height":512},{"@type":"BreadcrumbList","@id":"https:\/\/talkpal.ai\/hu\/marathi-nyelvtani-gyakorlatok\/#breadcrumb","itemListElement":[{"@type":"ListItem","position":1,"name":"Homepage","item":"https:\/\/talkpal.ai\/hu\/"},{"@type":"ListItem","position":2,"name":"Marathi nyelvtani gyakorlatok"}]},{"@type":"WebSite","@id":"https:\/\/talkpal.ai\/hu\/#website","url":"https:\/\/talkpal.ai\/hu\/","name":"Talkpal","description":"AI Language Learning","publisher":{"@id":"https:\/\/talkpal.ai\/hu\/#organization"},"alternateName":"Talkpal AI","potentialAction":[{"@type":"SearchAction","target":{"@type":"EntryPoint","urlTemplate":"https:\/\/talkpal.ai\/hu\/?s={search_term_string}"},"query-input":{"@type":"PropertyValueSpecification","valueRequired":true,"valueName":"search_term_string"}}],"inLanguage":"hu"},{"@type":"Organization","@id":"https:\/\/talkpal.ai\/hu\/#organization","name":"Talkpal, Inc.","alternateName":"Talkpal AI","url":"https:\/\/talkpal.ai\/hu\/","logo":{"@type":"ImageObject","inLanguage":"hu","@id":"https:\/\/talkpal.ai\/hu\/#\/schema\/logo\/image\/","url":"https:\/\/talkpal.ai\/wp-content\/uploads\/2024\/03\/Talkpal-Logo-Icon.png","contentUrl":"https:\/\/talkpal.ai\/wp-content\/uploads\/2024\/03\/Talkpal-Logo-Icon.png","width":2880,"height":2880,"caption":"Talkpal, Inc."},"image":{"@id":"https:\/\/talkpal.ai\/hu\/#\/schema\/logo\/image\/"},"sameAs":["https:\/\/www.facebook.com\/profile.php?id=100090733639311","https:\/\/x.com\/talkpalai","https:\/\/www.linkedin.com\/company\/talkpal\/","https:\/\/www.youtube.com\/@TalkPal\/","https:\/\/www.tiktok.com\/@talkpal","https:\/\/www.instagram.com\/talkpal_ai\/","https:\/\/www.crunchbase.com\/organization\/talkpal-9cde","https:\/\/www.g2.com\/products\/talkpal-for-business\/","https:\/\/www.trustpilot.com\/review\/talkpal.ai","https:\/\/www.capterra.com\/p\/10006800\/TalkPal\/"],"description":"Talkpal is a language learning web and mobile education app, powered by the latest AI technologies, that provides engaging experiences to its customers in many different languages to help them improve their language skills. Users can chat about unlimited amount of topics with the app and use other modes to practice their language learning.","email":"support@talkpal.ai","legalName":"Talkpal, Inc.","foundingDate":"2023-04-03","duns":"118989042","numberOfEmployees":{"@type":"QuantitativeValue","minValue":"11","maxValue":"50"},"publishingPrinciples":"https:\/\/talkpal.ai\/publishing-principles\/","actionableFeedbackPolicy":"https:\/\/talkpal.ai\/actionable-feedback-policy\/","correctionsPolicy":"https:\/\/talkpal.ai\/corrections-policy\/","ethicsPolicy":"https:\/\/talkpal.ai\/ethics-policy\/","diversityPolicy":"https:\/\/talkpal.ai\/diversity-policy\/","diversityStaffingReport":"https:\/\/talkpal.ai\/diversity-policy\/"}]}},"_links":{"self":[{"href":"https:\/\/talkpal.ai\/hu\/wp-json\/wp\/v2\/pages\/159289","targetHints":{"allow":["GET"]}}],"collection":[{"href":"https:\/\/talkpal.ai\/hu\/wp-json\/wp\/v2\/pages"}],"about":[{"href":"https:\/\/talkpal.ai\/hu\/wp-json\/wp\/v2\/types\/page"}],"author":[{"embeddable":true,"href":"https:\/\/talkpal.ai\/hu\/wp-json\/wp\/v2\/users\/6"}],"replies":[{"embeddable":true,"href":"https:\/\/talkpal.ai\/hu\/wp-json\/wp\/v2\/comments?post=159289"}],"version-history":[{"count":0,"href":"https:\/\/talkpal.ai\/hu\/wp-json\/wp\/v2\/pages\/159289\/revisions"}],"wp:featuredmedia":[{"embeddable":true,"href":"https:\/\/talkpal.ai\/hu\/wp-json\/wp\/v2\/media\/116394"}],"wp:attachment":[{"href":"https:\/\/talkpal.ai\/hu\/wp-json\/wp\/v2\/media?parent=159289"}],"curies":[{"name":"wp","href":"https:\/\/api.w.org\/{rel}","templated":true}]}}