{"id":159006,"date":"2023-06-22T08:43:13","date_gmt":"2023-06-22T08:43:13","guid":{"rendered":"http:\/\/talkpal.ai\/maori-nyelvtani-gyakorlatok\/"},"modified":"2025-12-17T14:40:27","modified_gmt":"2025-12-17T14:40:27","slug":"maori-nyelvtani-gyakorlatok","status":"publish","type":"page","link":"https:\/\/talkpal.ai\/hu\/maori-nyelvtani-gyakorlatok\/","title":{"rendered":"Maori nyelvtani gyakorlatok"},"content":{"rendered":"\r\n\r\n\r\n<section class=\"languageChallengeSection\">\r\n    <div class=\"languageInfoWrapper\">\r\n        \r\n        <h1>Maori nyelvtani gyakorlatok<\/h1>\r\n        <p>Szeretn\u00e9 meger\u0151s\u00edteni te reo m\u0101ori k\u00e9szs\u00e9geit? A nyelvtani gyakorlatok gyakorl\u00e1sa nagyszer\u0171 m\u00f3dja a mondatszerkezet, az igealakok \u00e9s a nyelv kulcsfontoss\u00e1g\u00fa mint\u00e1zatainak meg\u00e9rt\u00e9s\u00e9nek. Kezdje el felfedezni a m\u0101ori nyelvtant m\u00e9g ma, \u00e9s n\u00e9zze, ahogy \u00f6nbizalma \u00e9s k\u00e9pess\u00e9gei minden egyes \u00faj gyakorlattal n\u0151nek!<\/p>\r\n\r\n                            <a class=\"getStartedHidden\" href=\"https:\/\/app.talkpal.ai\/hu\/signup?lng=\">Kezdj\u00fck<\/a>\r\n        \r\n    <\/div>\r\n\r\n    <figure>\r\n    <img decoding=\"async\" width=\"768\" height=\"768\" src=\"https:\/\/talkpal.ai\/wp-content\/uploads\/2023\/06\/maori-768x768.png\" class=\"languageImage no-lazy\" alt=\"Language learning for social and professional settings\" fetchpriority=\"high\" sizes=\"(max-width: 768px) 150px, 768px\" srcset=\"https:\/\/talkpal.ai\/wp-content\/uploads\/2023\/06\/maori-768x768.png 768w, https:\/\/talkpal.ai\/wp-content\/uploads\/2023\/06\/maori-300x300.png 300w\" \/>\r\n    \r\n\r\n    <\/figure>\r\n\r\n            <a class=\"getStartedVisible\" href=\"https:\/\/app.talkpal.ai\/hu\/signup?lng=\">Kezdj\u00fck<\/a>\r\n    \r\n<\/section>\r\n\r\n\r\n<!-- <section class=\"grammarSection\">\r\n    <div class=\"grammarLinks\">\r\n            <\/div>\r\n<\/section> -->\r\n\r\n\r\n\r\n\r\n<section class=\"promotionalBanner\">\r\n    <p class=\"promotionalText\">A nyelvtanul\u00e1s leghat\u00e9konyabb m\u00f3dja<\/p>\r\n    <a class=\"promotionalLink\" href=\"https:\/\/app.talkpal.ai\/hu\/signup?lng=\">Pr\u00f3b\u00e1lja ki a Talkpal ingyen<\/a>\r\n<\/section>\n<div class=\"wp-block-group pageContainerStyle\"><div class=\"wp-block-group__inner-container is-layout-constrained wp-block-group-is-layout-constrained\">\n<h2 class=\"wp-block-heading\" id=\"h-maori-grammar-topics\">Maori nyelvtani t\u00e9m\u00e1k<\/h2>\n\n\n\n<p>A <a href=\"https:\/\/talkpal.ai\/learn-maori\/\">maori<\/a> nyelv, a te reo <a href=\"https:\/\/talkpal.ai\/learn-maori\/\">maori<\/a> n\u00e9ven ismert, \u00daj-Z\u00e9landon \u0151shonos kelet-polin\u00e9z nyelv. Az orsz\u00e1g hivatalos nyelvek\u00e9nt gazdag kultur\u00e1lis \u00f6r\u00f6ks\u00e9get \u00e9s egyedi nyelvi jellemz\u0151ket hordoz. A <a href=\"https:\/\/talkpal.ai\/maori-grammar\/\">maori nyelvtan<\/a> tanul\u00e1sa elengedhetetlen a nyelv hat\u00e9kony meg\u00e9rt\u00e9s\u00e9hez \u00e9s kommunik\u00e1ci\u00f3j\u00e1hoz. <a href=\"https:\/\/talkpal.ai\/culture\/how-do-you-use-the-demonstrative-pronouns-ez-and-az\/\">Ez az<\/a> \u00fatmutat\u00f3 \u00e1ttekint\u00e9st ny\u00fajt a kulcsfontoss\u00e1g\u00fa maori nyelvtani t\u00e9m\u00e1kr\u00f3l, a tanul\u00e1si folyamat megk\u00f6nny\u00edt\u00e9s\u00e9re tervezett sorrendbe rendezve. Az igeid\u0151kt\u0151l \u00e9s ig\u00e9kt\u0151l a mell\u00e9knevekig \u00e9s el\u00f6lj\u00e1r\u00f3szavakig <a href=\"https:\/\/talkpal.ai\/culture\/how-do-you-use-the-demonstrative-pronouns-ez-and-az\/\">ez az<\/a> \u00fatmutat\u00f3 seg\u00edt meg\u00e9rteni a maori nyelvtan alapvet\u0151 elemeit, \u00e9s elindulni a nyelvtanul\u00e1si \u00faton.<\/p>\n\n\n\n<h3 class=\"wp-block-heading\" id=\"h-1-tenses\">1. Igeid\u0151k:<\/h3>\n\n\n\n<p>A maori nyelvben k\u00e9t els\u0151dleges id\u0151 <a href=\"https:\/\/talkpal.ai\/locations\/language-courses-in-van\/\">van<\/a> &#8211; m\u00falt \u00e9s nem m\u00falt. A m\u00falt id\u0151 olyan cselekedeteket vagy esem\u00e9nyeket jelez, amelyek m\u00e1r megt\u00f6rt\u00e9ntek, m\u00edg a nem m\u00falt id\u0151 mag\u00e1ban foglalja mind a jelenlegi, mind a j\u00f6v\u0151beli cselekv\u00e9seket. Ezeknek az id\u0151knek a meg\u00e9rt\u00e9se elengedhetetlen a mondatok kialak\u00edt\u00e1s\u00e1hoz \u00e9s a jelent\u00e9s pontos k\u00f6zvet\u00edt\u00e9s\u00e9hez.<\/p>\n\n\n\n<h3 class=\"wp-block-heading\" id=\"h-2-tense-comparison\">2. Fesz\u00fclt \u00f6sszehasonl\u00edt\u00e1s:<\/h3>\n\n\n\n<p>A maori nyelvben az id\u0151m\u00e9rt\u00e9kek \u00f6sszehasonl\u00edt\u00e1sakor fontos, hogy meg\u00e9rts\u00fck, hogyan kell mondatokat alkotni a k\u00fcl\u00f6nb\u00f6z\u0151 id\u0151m\u00e9rt\u00e9kek haszn\u00e1lat\u00e1val, \u00e9s hogyan kell megfelel\u0151 \u00f6sszehasonl\u00edt\u00e1sokat v\u00e9gezni k\u00f6z\u00f6tt\u00fck. Ez a tud\u00e1s seg\u00edteni fog neked tetteket \u00e9s esem\u00e9nyeket kifejezni k\u00fcl\u00f6nb\u00f6z\u0151 id\u0151beli kontextusokban.<\/p>\n\n\n\n<h3 class=\"wp-block-heading\" id=\"h-3-progressive\">3. Progressz\u00edv:<\/h3>\n\n\n\n<p>A maori progressz\u00edv aspektusa folyamatos vagy folyamatos cselekv\u00e9seket jelez. A progressz\u00edv aspektus haszn\u00e1lat\u00e1nak megtanul\u00e1sa lehet\u0151v\u00e9 teszi, hogy le\u00edrja a pillanatnyilag zajl\u00f3 tev\u00e9kenys\u00e9geket, m\u00e9lys\u00e9get adva a kommunik\u00e1ci\u00f3nak.<\/p>\n\n\n\n<h3 class=\"wp-block-heading\" id=\"h-4-perfect-progressive\">4. T\u00f6k\u00e9letes progressz\u00edv:<\/h3>\n\n\n\n<p>A t\u00f6k\u00e9letes progressz\u00edv aspektus egyes\u00edti mind a t\u00f6k\u00e9letes, mind a progressz\u00edv aspektus elemeit, jelezve azokat a tev\u00e9kenys\u00e9geket, amelyek folyamatban voltak, de most befejez\u0151dtek. Ennek a szempontnak az elsaj\u00e1t\u00edt\u00e1sa seg\u00edt \u00f6sszetettebb \u00f6tletek \u00e9s helyzetek k\u00f6zvet\u00edt\u00e9s\u00e9ben.<\/p>\n\n\n\n<h3 class=\"wp-block-heading\" id=\"h-5-verbs\">5. Ig\u00e9k:<\/h3>\n\n\n\n<p>Az ig\u00e9k elengedhetetlenek a mondatok fel\u00e9p\u00edt\u00e9s\u00e9hez \u00e9s a maori cselekv\u00e9sek vagy \u00e1llapotok kifejez\u00e9s\u00e9hez. Az igeragoz\u00e1s, a gyakori ig\u00e9k \u00e9s haszn\u00e1latuk megismer\u00e9se elengedhetetlen a hat\u00e9kony kommunik\u00e1ci\u00f3hoz.<\/p>\n\n\n\n<h3 class=\"wp-block-heading\" id=\"h-6-nouns\">6. F\u0151nevek:<\/h3>\n\n\n\n<p>A f\u0151nevek b\u00e1rmely nyelv alapj\u00e1t k\u00e9pezik, emberek, helyek, dolgok vagy \u00f6tletek k\u00e9pviselet\u00e9ben. A maori f\u0151nevek tanul\u00e1sa seg\u00edt a sz\u00f3kincs fel\u00e9p\u00edt\u00e9s\u00e9ben \u00e9s a nyelv \u00e1ltal\u00e1nos meg\u00e9rt\u00e9s\u00e9nek jav\u00edt\u00e1s\u00e1ban.<\/p>\n\n\n\n<h3 class=\"wp-block-heading\" id=\"h-7-articles\">7. Cikkek:<\/h3>\n\n\n\n<p>A maori cikkeket haszn\u00e1l a f\u0151n\u00e9v hat\u00e1rozotts\u00e1g\u00e1nak vagy hat\u00e1rozatlans\u00e1g\u00e1nak meghat\u00e1roz\u00e1s\u00e1ra. A cikkek haszn\u00e1lat\u00e1nak meg\u00e9rt\u00e9se seg\u00edt a mondatok vil\u00e1gos \u00e9s pontos fel\u00e9p\u00edt\u00e9s\u00e9ben.<\/p>\n\n\n\n<h3 class=\"wp-block-heading\" id=\"h-8-pronouns-determiners\">8. N\u00e9vm\u00e1sok\/determin\u00e1nsok:<\/h3>\n\n\n\n<p>A n\u00e9vm\u00e1sok \u00e9s a meghat\u00e1roz\u00f3k l\u00e9tfontoss\u00e1g\u00fa szerepet j\u00e1tszanak a maori nyelvtanban, seg\u00edtve a f\u0151n\u00e9v azonos\u00edt\u00e1s\u00e1t vagy meghat\u00e1roz\u00e1s\u00e1t. Ismerkedjen meg a k\u00fcl\u00f6nb\u00f6z\u0151 n\u00e9vm\u00e1sokkal \u00e9s determin\u00e1nsokkal, hogy jav\u00edtsa nyelvi k\u00e9szs\u00e9geit.<\/p>\n\n\n\n<h3 class=\"wp-block-heading\" id=\"h-9-adjectives\">9. Mell\u00e9knevek:<\/h3>\n\n\n\n<p>A mell\u00e9knevek le\u00edr\u00e1sokat, tulajdons\u00e1gokat vagy attrib\u00fatumokat biztos\u00edtanak a f\u0151neveknek. A maori mell\u00e9knevek tanul\u00e1sa lehet\u0151v\u00e9 teszi, hogy r\u00e9szletesebb \u00e9s \u00e1rnyaltabb \u00f6tleteket fejezzen ki.<\/p>\n\n\n\n<h3 class=\"wp-block-heading\" id=\"h-10-adverbs\">10. Hat\u00e1roz\u00f3sz\u00f3k:<\/h3>\n\n\n\n<p>A hat\u00e1roz\u00f3szavak m\u00f3dos\u00edtj\u00e1k az ig\u00e9ket, mell\u00e9kneveket vagy m\u00e1s hat\u00e1roz\u00f3szavakat, tov\u00e1bbi inform\u00e1ci\u00f3kat ny\u00fajtva a cselekv\u00e9sekr\u0151l vagy min\u0151s\u00e9gekr\u0151l. A maori hat\u00e1roz\u00f3szavak elsaj\u00e1t\u00edt\u00e1sa seg\u00edt hat\u00e9konyabban k\u00f6zvet\u00edteni a jelent\u00e9st, \u00e9s v\u00e1ltozatoss\u00e1got ad a mondatainak.<\/p>\n\n\n\n<h3 class=\"wp-block-heading\" id=\"h-11-conditionals\">11. Felt\u00e9telek:<\/h3>\n\n\n\n<p>A felt\u00e9teleket hipotetikus helyzetek vagy k\u00f6vetkezm\u00e9nyek kifejez\u00e9s\u00e9re haszn\u00e1lj\u00e1k maori nyelven. A felt\u00e9teles form\u00e1k meg\u00e9rt\u00e9se seg\u00edt \u00f6sszetett \u00f6tletek \u00e9s lehet\u0151s\u00e9gek kommunik\u00e1l\u00e1s\u00e1ban.<\/p>\n\n\n\n<h3 class=\"wp-block-heading\" id=\"h-12-prepositions\">12. El\u00f6lj\u00e1r\u00f3szavak:<\/h3>\n\n\n\n<p>Az el\u00f6lj\u00e1r\u00f3szavak elengedhetetlenek a szavak k\u00f6z\u00f6tti kapcsolatok jelz\u00e9s\u00e9hez, p\u00e9ld\u00e1ul hely, ir\u00e1ny vagy id\u0151. A maori prepoz\u00edci\u00f3k tanul\u00e1sa seg\u00edt \u00f6sszetettebb \u00e9s \u00e9rtelmesebb mondatok fel\u00e9p\u00edt\u00e9s\u00e9ben.<\/p>\n\n\n\n<h3 class=\"wp-block-heading\" id=\"h-13-sentences\">13. Mondatok:<\/h3>\n\n\n\n<p>V\u00e9g\u00fcl a mondatszerkezet \u00e9s a sz\u00f3rend meg\u00e9rt\u00e9se elengedhetetlen a maori hat\u00e9kony kommunik\u00e1ci\u00f3hoz. Ismerkedjen meg a k\u00fcl\u00f6nb\u00f6z\u0151 mondatmint\u00e1kkal, \u00e9s gyakorolja a mondatok fel\u00e9p\u00edt\u00e9s\u00e9t az \u00fatmutat\u00f3ban t\u00e1rgyalt nyelvtani t\u00e9m\u00e1k seg\u00edts\u00e9g\u00e9vel.<\/p>\n<\/div><\/div>\n\r\n<section class=\"learnNavigationSection\">\r\n            \r\n        <a href=\"https:\/\/talkpal.ai\/hu\/ismerje-meg-a-maorit\/\">\r\n            <div class=\"learnNavigationWrapper\">\r\n                <div class=\"learnNavigationContent\">\r\n                    <img decoding=\"async\" src=\"https:\/\/talkpal.ai\/wp-content\/uploads\/2024\/08\/Maori.jpg\" alt=\"New Zealand Flag\">\r\n                    <div>\r\n                        <h4>Maori nyelvtan leck\u00e9k<\/h4>\r\n                        <p>Tudjon meg mindent a maori nyelvtanr\u00f3l.<\/p>\r\n                    <\/div>\r\n                <\/div>\r\n            <\/div>\r\n        <\/a>\r\n\r\n        \r\n        <a href=\"https:\/\/talkpal.ai\/hu\/maori-nyelvtan\/\">\r\n            <div class=\"learnNavigationWrapper\">\r\n                <div class=\"learnNavigationContent\">\r\n                    <img decoding=\"async\" src=\"https:\/\/talkpal.ai\/wp-content\/uploads\/2024\/08\/Maori.jpg\" alt=\"New Zealand Flag\">\r\n                    <div>\r\n                        <h4>Maori nyelvtan leck\u00e9k<\/h4>\r\n                        <p>Gyakorolja a maori nyelvtant.<\/p>\r\n                    <\/div>\r\n                <\/div>\r\n            <\/div>\r\n        <\/a>\r\n\r\n        \r\n        <a href=\"https:\/\/talkpal.ai\/vocabulary_language\/maori\/\">\r\n            <div class=\"learnNavigationWrapper\">\r\n                <div class=\"learnNavigationContent\">\r\n                    <img decoding=\"async\" src=\"https:\/\/talkpal.ai\/wp-content\/uploads\/2024\/08\/Maori.jpg\" alt=\"New Zealand Flag\">\r\n                    <div>\r\n                        <h4>Maori sz\u00f3kincs<\/h4>\r\n                        <p>B\u0151v\u00edtse maori sz\u00f3kincs\u00e9t.<\/p>\r\n                    <\/div>\r\n                <\/div>\r\n            <\/div>\r\n        <\/a>\r\n\r\n            <\/section>","protected":false},"excerpt":{"rendered":"<p>Maori nyelvtani t\u00e9m\u00e1k A maori nyelv, a te reo maori n\u00e9ven ismert, \u00daj-Z\u00e9landon \u0151shonos kelet-polin\u00e9z nyelv. Az orsz\u00e1g hivatalos nyelvek\u00e9nt gazdag kultur\u00e1lis \u00f6r\u00f6ks\u00e9get \u00e9s egyedi nyelvi jellemz\u0151ket hordoz. A maori nyelvtan tanul\u00e1sa elengedhetetlen a nyelv hat\u00e9kony meg\u00e9rt\u00e9s\u00e9hez \u00e9s kommunik\u00e1ci\u00f3j\u00e1hoz. Ez az \u00fatmutat\u00f3 \u00e1ttekint\u00e9st ny\u00fajt a kulcsfontoss\u00e1g\u00fa maori nyelvtani t\u00e9m\u00e1kr\u00f3l, a tanul\u00e1si folyamat megk\u00f6nny\u00edt\u00e9s\u00e9re tervezett sorrendbe [&hellip;]<\/p>\n","protected":false},"author":6,"featured_media":116724,"parent":0,"menu_order":0,"comment_status":"closed","ping_status":"closed","template":"LearningContentPage.php","meta":{"_acf_changed":false,"footnotes":""},"class_list":["post-159006","page","type-page","status-publish","has-post-thumbnail","hentry"],"acf":[],"yoast_head":"<!-- This site is optimized with the Yoast SEO Premium plugin v27.2 (Yoast SEO v27.2) - https:\/\/yoast.com\/product\/yoast-seo-premium-wordpress\/ -->\n<title>Maori nyelvtani gyakorlatok - Talkpal<\/title>\n<meta name=\"description\" content=\"Fejleszd nyelvtud\u00e1sodat a maori nyelvtani gyakorlatokkal, amelyek c\u00e9lja, hogy n\u00f6veld a maori nyelv meg\u00e9rt\u00e9s\u00e9t \u00e9s foly\u00e9kony elsaj\u00e1t\u00edt\u00e1s\u00e1t.\" \/>\n<meta name=\"robots\" content=\"index, follow, max-snippet:-1, max-image-preview:large, max-video-preview:-1\" \/>\n<link rel=\"canonical\" href=\"https:\/\/talkpal.ai\/hu\/maori-nyelvtani-gyakorlatok\/\" \/>\n<meta property=\"og:locale\" content=\"hu_HU\" \/>\n<meta property=\"og:type\" content=\"article\" \/>\n<meta property=\"og:title\" content=\"Maori nyelvtani gyakorlatok\" \/>\n<meta property=\"og:description\" content=\"Maori nyelvtani t\u00e9m\u00e1k A maori nyelv, a te reo maori n\u00e9ven ismert, \u00daj-Z\u00e9landon \u0151shonos kelet-polin\u00e9z nyelv. Az orsz\u00e1g hivatalos nyelvek\u00e9nt gazdag\" \/>\n<meta property=\"og:url\" content=\"https:\/\/talkpal.ai\/hu\/maori-nyelvtani-gyakorlatok\/\" \/>\n<meta property=\"og:site_name\" content=\"Talkpal\" \/>\n<meta property=\"article:publisher\" content=\"https:\/\/www.facebook.com\/profile.php?id=100090733639311\" \/>\n<meta property=\"article:modified_time\" content=\"2025-12-17T14:40:27+00:00\" \/>\n<meta property=\"og:image\" content=\"https:\/\/talkpal.ai\/wp-content\/uploads\/2023\/05\/Maori-new-zealand.png\" \/>\n\t<meta property=\"og:image:width\" content=\"512\" \/>\n\t<meta property=\"og:image:height\" content=\"512\" \/>\n\t<meta property=\"og:image:type\" content=\"image\/png\" \/>\n<meta name=\"twitter:card\" content=\"summary_large_image\" \/>\n<meta name=\"twitter:site\" content=\"@talkpalai\" \/>\n<meta name=\"twitter:label1\" content=\"Becs\u00fclt olvas\u00e1si id\u0151\" \/>\n\t<meta name=\"twitter:data1\" content=\"4 perc\" \/>\n<script type=\"application\/ld+json\" class=\"yoast-schema-graph\">{\"@context\":\"https:\/\/schema.org\",\"@graph\":[{\"@type\":\"WebPage\",\"@id\":\"https:\/\/talkpal.ai\/hu\/maori-nyelvtani-gyakorlatok\/\",\"url\":\"https:\/\/talkpal.ai\/hu\/maori-nyelvtani-gyakorlatok\/\",\"name\":\"Maori nyelvtani gyakorlatok - Talkpal\",\"isPartOf\":{\"@id\":\"https:\/\/talkpal.ai\/hu\/#website\"},\"primaryImageOfPage\":{\"@id\":\"https:\/\/talkpal.ai\/hu\/maori-nyelvtani-gyakorlatok\/#primaryimage\"},\"image\":{\"@id\":\"https:\/\/talkpal.ai\/hu\/maori-nyelvtani-gyakorlatok\/#primaryimage\"},\"thumbnailUrl\":\"https:\/\/talkpal.ai\/wp-content\/uploads\/2023\/05\/Maori-new-zealand.png\",\"datePublished\":\"2023-06-22T08:43:13+00:00\",\"dateModified\":\"2025-12-17T14:40:27+00:00\",\"description\":\"Fejleszd nyelvtud\u00e1sodat a maori nyelvtani gyakorlatokkal, amelyek c\u00e9lja, hogy n\u00f6veld a maori nyelv meg\u00e9rt\u00e9s\u00e9t \u00e9s foly\u00e9kony elsaj\u00e1t\u00edt\u00e1s\u00e1t.\",\"breadcrumb\":{\"@id\":\"https:\/\/talkpal.ai\/hu\/maori-nyelvtani-gyakorlatok\/#breadcrumb\"},\"inLanguage\":\"hu\",\"potentialAction\":[{\"@type\":\"ReadAction\",\"target\":[\"https:\/\/talkpal.ai\/hu\/maori-nyelvtani-gyakorlatok\/\"]}]},{\"@type\":\"ImageObject\",\"inLanguage\":\"hu\",\"@id\":\"https:\/\/talkpal.ai\/hu\/maori-nyelvtani-gyakorlatok\/#primaryimage\",\"url\":\"https:\/\/talkpal.ai\/wp-content\/uploads\/2023\/05\/Maori-new-zealand.png\",\"contentUrl\":\"https:\/\/talkpal.ai\/wp-content\/uploads\/2023\/05\/Maori-new-zealand.png\",\"width\":512,\"height\":512},{\"@type\":\"BreadcrumbList\",\"@id\":\"https:\/\/talkpal.ai\/hu\/maori-nyelvtani-gyakorlatok\/#breadcrumb\",\"itemListElement\":[{\"@type\":\"ListItem\",\"position\":1,\"name\":\"Homepage\",\"item\":\"https:\/\/talkpal.ai\/hu\/\"},{\"@type\":\"ListItem\",\"position\":2,\"name\":\"Maori nyelvtani gyakorlatok\"}]},{\"@type\":\"WebSite\",\"@id\":\"https:\/\/talkpal.ai\/hu\/#website\",\"url\":\"https:\/\/talkpal.ai\/hu\/\",\"name\":\"Talkpal\",\"description\":\"AI Language Learning\",\"publisher\":{\"@id\":\"https:\/\/talkpal.ai\/hu\/#organization\"},\"alternateName\":\"Talkpal AI\",\"potentialAction\":[{\"@type\":\"SearchAction\",\"target\":{\"@type\":\"EntryPoint\",\"urlTemplate\":\"https:\/\/talkpal.ai\/hu\/?s={search_term_string}\"},\"query-input\":{\"@type\":\"PropertyValueSpecification\",\"valueRequired\":true,\"valueName\":\"search_term_string\"}}],\"inLanguage\":\"hu\"},{\"@type\":\"Organization\",\"@id\":\"https:\/\/talkpal.ai\/hu\/#organization\",\"name\":\"Talkpal, Inc.\",\"alternateName\":\"Talkpal AI\",\"url\":\"https:\/\/talkpal.ai\/hu\/\",\"logo\":{\"@type\":\"ImageObject\",\"inLanguage\":\"hu\",\"@id\":\"https:\/\/talkpal.ai\/hu\/#\/schema\/logo\/image\/\",\"url\":\"https:\/\/talkpal.ai\/wp-content\/uploads\/2024\/03\/Talkpal-Logo-Icon.png\",\"contentUrl\":\"https:\/\/talkpal.ai\/wp-content\/uploads\/2024\/03\/Talkpal-Logo-Icon.png\",\"width\":2880,\"height\":2880,\"caption\":\"Talkpal, Inc.\"},\"image\":{\"@id\":\"https:\/\/talkpal.ai\/hu\/#\/schema\/logo\/image\/\"},\"sameAs\":[\"https:\/\/www.facebook.com\/profile.php?id=100090733639311\",\"https:\/\/x.com\/talkpalai\",\"https:\/\/www.linkedin.com\/company\/talkpal\/\",\"https:\/\/www.youtube.com\/@TalkPal\/\",\"https:\/\/www.tiktok.com\/@talkpal\",\"https:\/\/www.instagram.com\/talkpal_ai\/\",\"https:\/\/www.crunchbase.com\/organization\/talkpal-9cde\",\"https:\/\/www.g2.com\/products\/talkpal-for-business\/\",\"https:\/\/www.trustpilot.com\/review\/talkpal.ai\",\"https:\/\/www.capterra.com\/p\/10006800\/TalkPal\/\"],\"description\":\"Talkpal is a language learning web and mobile education app, powered by the latest AI technologies, that provides engaging experiences to its customers in many different languages to help them improve their language skills. Users can chat about unlimited amount of topics with the app and use other modes to practice their language learning.\",\"email\":\"support@talkpal.ai\",\"legalName\":\"Talkpal, Inc.\",\"foundingDate\":\"2023-04-03\",\"duns\":\"118989042\",\"numberOfEmployees\":{\"@type\":\"QuantitativeValue\",\"minValue\":\"11\",\"maxValue\":\"50\"},\"publishingPrinciples\":\"https:\/\/talkpal.ai\/publishing-principles\/\",\"actionableFeedbackPolicy\":\"https:\/\/talkpal.ai\/actionable-feedback-policy\/\",\"correctionsPolicy\":\"https:\/\/talkpal.ai\/corrections-policy\/\",\"ethicsPolicy\":\"https:\/\/talkpal.ai\/ethics-policy\/\",\"diversityPolicy\":\"https:\/\/talkpal.ai\/diversity-policy\/\",\"diversityStaffingReport\":\"https:\/\/talkpal.ai\/diversity-policy\/\"}]}<\/script>\n<!-- \/ Yoast SEO Premium plugin. -->","yoast_head_json":{"title":"Maori nyelvtani gyakorlatok - Talkpal","description":"Fejleszd nyelvtud\u00e1sodat a maori nyelvtani gyakorlatokkal, amelyek c\u00e9lja, hogy n\u00f6veld a maori nyelv meg\u00e9rt\u00e9s\u00e9t \u00e9s foly\u00e9kony elsaj\u00e1t\u00edt\u00e1s\u00e1t.","robots":{"index":"index","follow":"follow","max-snippet":"max-snippet:-1","max-image-preview":"max-image-preview:large","max-video-preview":"max-video-preview:-1"},"canonical":"https:\/\/talkpal.ai\/hu\/maori-nyelvtani-gyakorlatok\/","og_locale":"hu_HU","og_type":"article","og_title":"Maori nyelvtani gyakorlatok","og_description":"Maori nyelvtani t\u00e9m\u00e1k A maori nyelv, a te reo maori n\u00e9ven ismert, \u00daj-Z\u00e9landon \u0151shonos kelet-polin\u00e9z nyelv. Az orsz\u00e1g hivatalos nyelvek\u00e9nt gazdag","og_url":"https:\/\/talkpal.ai\/hu\/maori-nyelvtani-gyakorlatok\/","og_site_name":"Talkpal","article_publisher":"https:\/\/www.facebook.com\/profile.php?id=100090733639311","article_modified_time":"2025-12-17T14:40:27+00:00","og_image":[{"width":512,"height":512,"url":"https:\/\/talkpal.ai\/wp-content\/uploads\/2023\/05\/Maori-new-zealand.png","type":"image\/png"}],"twitter_card":"summary_large_image","twitter_site":"@talkpalai","twitter_misc":{"Becs\u00fclt olvas\u00e1si id\u0151":"4 perc"},"schema":{"@context":"https:\/\/schema.org","@graph":[{"@type":"WebPage","@id":"https:\/\/talkpal.ai\/hu\/maori-nyelvtani-gyakorlatok\/","url":"https:\/\/talkpal.ai\/hu\/maori-nyelvtani-gyakorlatok\/","name":"Maori nyelvtani gyakorlatok - Talkpal","isPartOf":{"@id":"https:\/\/talkpal.ai\/hu\/#website"},"primaryImageOfPage":{"@id":"https:\/\/talkpal.ai\/hu\/maori-nyelvtani-gyakorlatok\/#primaryimage"},"image":{"@id":"https:\/\/talkpal.ai\/hu\/maori-nyelvtani-gyakorlatok\/#primaryimage"},"thumbnailUrl":"https:\/\/talkpal.ai\/wp-content\/uploads\/2023\/05\/Maori-new-zealand.png","datePublished":"2023-06-22T08:43:13+00:00","dateModified":"2025-12-17T14:40:27+00:00","description":"Fejleszd nyelvtud\u00e1sodat a maori nyelvtani gyakorlatokkal, amelyek c\u00e9lja, hogy n\u00f6veld a maori nyelv meg\u00e9rt\u00e9s\u00e9t \u00e9s foly\u00e9kony elsaj\u00e1t\u00edt\u00e1s\u00e1t.","breadcrumb":{"@id":"https:\/\/talkpal.ai\/hu\/maori-nyelvtani-gyakorlatok\/#breadcrumb"},"inLanguage":"hu","potentialAction":[{"@type":"ReadAction","target":["https:\/\/talkpal.ai\/hu\/maori-nyelvtani-gyakorlatok\/"]}]},{"@type":"ImageObject","inLanguage":"hu","@id":"https:\/\/talkpal.ai\/hu\/maori-nyelvtani-gyakorlatok\/#primaryimage","url":"https:\/\/talkpal.ai\/wp-content\/uploads\/2023\/05\/Maori-new-zealand.png","contentUrl":"https:\/\/talkpal.ai\/wp-content\/uploads\/2023\/05\/Maori-new-zealand.png","width":512,"height":512},{"@type":"BreadcrumbList","@id":"https:\/\/talkpal.ai\/hu\/maori-nyelvtani-gyakorlatok\/#breadcrumb","itemListElement":[{"@type":"ListItem","position":1,"name":"Homepage","item":"https:\/\/talkpal.ai\/hu\/"},{"@type":"ListItem","position":2,"name":"Maori nyelvtani gyakorlatok"}]},{"@type":"WebSite","@id":"https:\/\/talkpal.ai\/hu\/#website","url":"https:\/\/talkpal.ai\/hu\/","name":"Talkpal","description":"AI Language Learning","publisher":{"@id":"https:\/\/talkpal.ai\/hu\/#organization"},"alternateName":"Talkpal AI","potentialAction":[{"@type":"SearchAction","target":{"@type":"EntryPoint","urlTemplate":"https:\/\/talkpal.ai\/hu\/?s={search_term_string}"},"query-input":{"@type":"PropertyValueSpecification","valueRequired":true,"valueName":"search_term_string"}}],"inLanguage":"hu"},{"@type":"Organization","@id":"https:\/\/talkpal.ai\/hu\/#organization","name":"Talkpal, Inc.","alternateName":"Talkpal AI","url":"https:\/\/talkpal.ai\/hu\/","logo":{"@type":"ImageObject","inLanguage":"hu","@id":"https:\/\/talkpal.ai\/hu\/#\/schema\/logo\/image\/","url":"https:\/\/talkpal.ai\/wp-content\/uploads\/2024\/03\/Talkpal-Logo-Icon.png","contentUrl":"https:\/\/talkpal.ai\/wp-content\/uploads\/2024\/03\/Talkpal-Logo-Icon.png","width":2880,"height":2880,"caption":"Talkpal, Inc."},"image":{"@id":"https:\/\/talkpal.ai\/hu\/#\/schema\/logo\/image\/"},"sameAs":["https:\/\/www.facebook.com\/profile.php?id=100090733639311","https:\/\/x.com\/talkpalai","https:\/\/www.linkedin.com\/company\/talkpal\/","https:\/\/www.youtube.com\/@TalkPal\/","https:\/\/www.tiktok.com\/@talkpal","https:\/\/www.instagram.com\/talkpal_ai\/","https:\/\/www.crunchbase.com\/organization\/talkpal-9cde","https:\/\/www.g2.com\/products\/talkpal-for-business\/","https:\/\/www.trustpilot.com\/review\/talkpal.ai","https:\/\/www.capterra.com\/p\/10006800\/TalkPal\/"],"description":"Talkpal is a language learning web and mobile education app, powered by the latest AI technologies, that provides engaging experiences to its customers in many different languages to help them improve their language skills. Users can chat about unlimited amount of topics with the app and use other modes to practice their language learning.","email":"support@talkpal.ai","legalName":"Talkpal, Inc.","foundingDate":"2023-04-03","duns":"118989042","numberOfEmployees":{"@type":"QuantitativeValue","minValue":"11","maxValue":"50"},"publishingPrinciples":"https:\/\/talkpal.ai\/publishing-principles\/","actionableFeedbackPolicy":"https:\/\/talkpal.ai\/actionable-feedback-policy\/","correctionsPolicy":"https:\/\/talkpal.ai\/corrections-policy\/","ethicsPolicy":"https:\/\/talkpal.ai\/ethics-policy\/","diversityPolicy":"https:\/\/talkpal.ai\/diversity-policy\/","diversityStaffingReport":"https:\/\/talkpal.ai\/diversity-policy\/"}]}},"_links":{"self":[{"href":"https:\/\/talkpal.ai\/hu\/wp-json\/wp\/v2\/pages\/159006","targetHints":{"allow":["GET"]}}],"collection":[{"href":"https:\/\/talkpal.ai\/hu\/wp-json\/wp\/v2\/pages"}],"about":[{"href":"https:\/\/talkpal.ai\/hu\/wp-json\/wp\/v2\/types\/page"}],"author":[{"embeddable":true,"href":"https:\/\/talkpal.ai\/hu\/wp-json\/wp\/v2\/users\/6"}],"replies":[{"embeddable":true,"href":"https:\/\/talkpal.ai\/hu\/wp-json\/wp\/v2\/comments?post=159006"}],"version-history":[{"count":0,"href":"https:\/\/talkpal.ai\/hu\/wp-json\/wp\/v2\/pages\/159006\/revisions"}],"wp:featuredmedia":[{"embeddable":true,"href":"https:\/\/talkpal.ai\/hu\/wp-json\/wp\/v2\/media\/116724"}],"wp:attachment":[{"href":"https:\/\/talkpal.ai\/hu\/wp-json\/wp\/v2\/media?parent=159006"}],"curies":[{"name":"wp","href":"https:\/\/api.w.org\/{rel}","templated":true}]}}