{"id":158694,"date":"2023-06-22T08:52:21","date_gmt":"2023-06-22T08:52:21","guid":{"rendered":"http:\/\/talkpal.ai\/nepali-nyelvtani-gyakorlatok\/"},"modified":"2025-12-17T14:36:12","modified_gmt":"2025-12-17T14:36:12","slug":"nepali-nyelvtani-gyakorlatok","status":"publish","type":"page","link":"https:\/\/talkpal.ai\/hu\/nepali-nyelvtani-gyakorlatok\/","title":{"rendered":"Nep\u00e1li nyelvtani gyakorlatok"},"content":{"rendered":"\r\n\r\n\r\n<section class=\"languageChallengeSection\">\r\n    <div class=\"languageInfoWrapper\">\r\n        \r\n        <h1>Nep\u00e1li nyelvtani gyakorlatok<\/h1>\r\n        <p>Szeretne magabiztosabban besz\u00e9lni nep\u00e1liul? A nyelvtani gyakorlatok gyakorl\u00e1sa remek m\u00f3dja annak, hogy meg\u00e9rts\u00fck a mondatszerkezetet, az igealakokat \u00e9s a nyelv egyedi mint\u00e1it. Kezdj el dolgozni a <a href=\"https:\/\/talkpal.ai\/learn-nepali\/\">nep\u00e1li<\/a> nyelvtanon m\u00e9g ma, \u00e9s figyeld, ahogy a k\u00e9szs\u00e9geid \u00e9s a foly\u00e9kony nyelvtud\u00e1sod <a href=\"https:\/\/talkpal.ai\/locations\/language-courses-in-minden\/\">minden<\/a> egyes gyakorlattal n\u0151!<\/p>\r\n\r\n                            <a class=\"getStartedHidden\" href=\"https:\/\/app.talkpal.ai\/hu\/signup?lng=\">Kezdj\u00fck<\/a>\r\n        \r\n    <\/div>\r\n\r\n    <figure>\r\n    <img decoding=\"async\" width=\"768\" height=\"768\" src=\"https:\/\/talkpal.ai\/wp-content\/uploads\/2023\/06\/nepali-768x768.png\" class=\"languageImage no-lazy\" alt=\"Practical language learning for real-life application\" fetchpriority=\"high\" sizes=\"(max-width: 768px) 150px, 768px\" srcset=\"https:\/\/talkpal.ai\/wp-content\/uploads\/2023\/06\/nepali-768x768.png 768w, https:\/\/talkpal.ai\/wp-content\/uploads\/2023\/06\/nepali-300x300.png 300w\" \/>\r\n    \r\n\r\n    <\/figure>\r\n\r\n            <a class=\"getStartedVisible\" href=\"https:\/\/app.talkpal.ai\/hu\/signup?lng=\">Kezdj\u00fck<\/a>\r\n    \r\n<\/section>\r\n\r\n\r\n<!-- <section class=\"grammarSection\">\r\n    <div class=\"grammarLinks\">\r\n            <\/div>\r\n<\/section> -->\r\n\r\n\r\n\r\n\r\n<section class=\"promotionalBanner\">\r\n    <p class=\"promotionalText\">A nyelvtanul\u00e1s leghat\u00e9konyabb m\u00f3dja<\/p>\r\n    <a class=\"promotionalLink\" href=\"https:\/\/app.talkpal.ai\/hu\/signup?lng=\">Pr\u00f3b\u00e1lja ki a Talkpal ingyen<\/a>\r\n<\/section>\n<div class=\"wp-block-group pageContainerStyle\"><div class=\"wp-block-group__inner-container is-layout-constrained wp-block-group-is-layout-constrained\">\n<h2 class=\"wp-block-heading\" id=\"h-nepali-grammar-topics\">Nep\u00e1li Nyelvtani t\u00e9m\u00e1k<\/h2>\n\n\n\n<p>A <a href=\"https:\/\/talkpal.ai\/learn-nepali\/\">nep\u00e1li<\/a> nyelv tanul\u00e1sa leny\u0171g\u00f6z\u0151 \u00e9s kifizet\u0151d\u0151 \u00e9lm\u00e9ny lehet mindazok sz\u00e1m\u00e1ra, akik \u00e9rdekl\u0151dnek Nep\u00e1l gazdag kult\u00far\u00e1j\u00e1ba \u00e9s t\u00f6rt\u00e9nelm\u00e9be. Mint <a href=\"https:\/\/talkpal.ai\/languages\/\">minden nyelv<\/a> eset\u00e9ben, a <a href=\"https:\/\/talkpal.ai\/nepali-grammar\/\">nep\u00e1li nyelvtan<\/a> elsaj\u00e1t\u00edt\u00e1sa elengedhetetlen a hat\u00e9kony kommunik\u00e1ci\u00f3hoz. Ez a cikk v\u00e9gigvezeti \u00d6nt a nep\u00e1li nyelvtani t\u00e9m\u00e1kon, olyan sorrendben csoportos\u00edtva, amely megk\u00f6nny\u00edti a nyelvtanul\u00e1s \u00fatj\u00e1t. Az igeid\u0151kt\u0151l a mondatszerkezetekig <a href=\"https:\/\/talkpal.ai\/culture\/how-do-you-use-the-demonstrative-pronouns-ez-and-az\/\">ez az<\/a> \u00fatmutat\u00f3 \u00e1ttekint\u00e9st ny\u00fajt azokr\u00f3l a fontos nyelvtani fogalmakr\u00f3l, amelyek er\u0151s alapot ny\u00fajtanak nep\u00e1li nyelvtud\u00e1s\u00e1hoz.<\/p>\n\n\n\n<h3 class=\"wp-block-heading\" id=\"h-1-tenses\">1. Igeid\u0151k:<\/h3>\n\n\n\n<p>Az igeid\u0151k meg\u00e9rt\u00e9se elengedhetetlen b\u00e1rmely nyelv tanul\u00e1s\u00e1hoz, mivel seg\u00edtenek k\u00f6zvet\u00edteni egy cselekv\u00e9s vagy esem\u00e9ny idej\u00e9t. Nep\u00e1lban h\u00e1rom f\u0151 id\u0151 <a href=\"https:\/\/talkpal.ai\/locations\/language-courses-in-van\/\">van<\/a>: m\u00falt, jelen \u00e9s j\u00f6v\u0151. Minden fesz\u00fclts\u00e9gnek megvan a maga igeragoz\u00e1si szab\u00e1lyrendszere, amelyet meg kell ismerkednie, hogy pontosan le\u00edrja a m\u0171veleteket k\u00fcl\u00f6nb\u00f6z\u0151 id\u0151keretekben.<\/p>\n\n\n\n<h3 class=\"wp-block-heading\" id=\"h-2-tense-comparison\">2. Fesz\u00fclt \u00f6sszehasonl\u00edt\u00e1s:<\/h3>\n\n\n\n<p>A nep\u00e1li id\u0151k \u00f6sszehasonl\u00edt\u00e1sa kulcsfontoss\u00e1g\u00fa szempont a nyelv elsaj\u00e1t\u00edt\u00e1s\u00e1ban. Ez mag\u00e1ban foglalja annak meg\u00e9rt\u00e9s\u00e9t, hogy a k\u00fcl\u00f6nb\u00f6z\u0151 igeid\u0151k hogyan kapcsol\u00f3dnak egym\u00e1shoz, \u00e9s hogyan kell haszn\u00e1lni \u0151ket a vil\u00e1gos kommunik\u00e1ci\u00f3 \u00e9rdek\u00e9ben. Ez seg\u00edt elker\u00fclni a zavart, amikor a m\u00faltban, a jelenben vagy a j\u00f6v\u0151ben bek\u00f6vetkez\u0151 esem\u00e9nyekr\u0151l besz\u00e9l\u00fcnk.<\/p>\n\n\n\n<h3 class=\"wp-block-heading\" id=\"h-3-progressive\">3. Progressz\u00edv:<\/h3>\n\n\n\n<p>A nep\u00e1li nyelvtan progressz\u00edv aspektusa folyamatos cselekv\u00e9seket jelez. Az ig\u00e9k progressz\u00edv form\u00e1j\u00e1nak megtanul\u00e1sa fontos ahhoz, hogy kifejezz\u00fck azokat a cselekv\u00e9seket, amelyek jelenleg t\u00f6rt\u00e9nnek vagy egy adott id\u0151pontban t\u00f6rt\u00e9ntek. Ez seg\u00edt dinamikusabb \u00e9s vonz\u00f3bb besz\u00e9lget\u00e9seket l\u00e9trehozni nep\u00e1li nyelven.<\/p>\n\n\n\n<h3 class=\"wp-block-heading\" id=\"h-4-perfect-progressive\">4. T\u00f6k\u00e9letes progressz\u00edv:<\/h3>\n\n\n\n<p><a href=\"https:\/\/talkpal.ai\/culture\/how-do-you-use-the-demonstrative-pronouns-ez-and-az\/\">Ez az<\/a> id\u0151 \u00f6tv\u00f6zi a t\u00f6k\u00e9letes \u00e9s progressz\u00edv id\u0151k fogalm\u00e1t. A t\u00f6k\u00e9letes progressz\u00edv id\u0151t egy olyan cselekv\u00e9s le\u00edr\u00e1s\u00e1ra haszn\u00e1lj\u00e1k, amely a m\u00faltban kezd\u0151d\u00f6tt, \u00e9s a m\u00falt egy m\u00e1sik pontj\u00e1ig folytat\u00f3dott. Ennek az id\u0151nek az elsaj\u00e1t\u00edt\u00e1sa lehet\u0151v\u00e9 teszi, hogy r\u00e9szletes inform\u00e1ci\u00f3kat ny\u00fajtson a m\u00faltbeli m\u0171veletekr\u0151l \u00e9s azok id\u0151tartam\u00e1r\u00f3l.<\/p>\n\n\n\n<h3 class=\"wp-block-heading\" id=\"h-5-verbs\">5. Ig\u00e9k:<\/h3>\n\n\n\n<p>Az ig\u00e9k minden nyelv gerinc\u00e9t k\u00e9pezik, \u00e9s a nep\u00e1li sem kiv\u00e9tel. A nep\u00e1li hat\u00e9kony besz\u00e9dhez \u00e9s meg\u00e9rt\u00e9shez elengedhetetlen megtanulni az ig\u00e9k k\u00fcl\u00f6nb\u00f6z\u0151 form\u00e1it, ragoz\u00e1s\u00e1t \u00e9s mondatokban val\u00f3 m\u0171k\u00f6d\u00e9s\u00e9t.<\/p>\n\n\n\n<h3 class=\"wp-block-heading\" id=\"h-6-nouns\">6. F\u0151nevek:<\/h3>\n\n\n\n<p>A nep\u00e1li f\u0151nevek er\u0151s meg\u00e9rt\u00e9se sz\u00fcks\u00e9ges a szil\u00e1rd sz\u00f3kincs kialak\u00edt\u00e1s\u00e1hoz. A k\u00f6z\u00f6s \u00e9s megfelel\u0151 f\u0151nevek, valamint a megsz\u00e1ml\u00e1lhat\u00f3 \u00e9s megsz\u00e1ml\u00e1lhatatlan f\u0151nevek megismer\u00e9se seg\u00edt helyesen azonos\u00edtani \u00e9s haszn\u00e1lni a besz\u00e9d ezen alapvet\u0151 r\u00e9szeit a besz\u00e9lget\u00e9sekben.<\/p>\n\n\n\n<h3 class=\"wp-block-heading\" id=\"h-7-articles\">7. Cikkek:<\/h3>\n\n\n\n<p>Nep\u00e1lban a cikkek nem olyan kiemelked\u0151ek, mint az angol, de m\u00e9g mindig elengedhetetlen a haszn\u00e1latuk megtanul\u00e1sa. A cikkek haszn\u00e1lat\u00e1nak elsaj\u00e1t\u00edt\u00e1sa seg\u00edt pontosan azonos\u00edtani \u00e9s le\u00edrni a t\u00e1rgyakat, embereket \u00e9s fogalmakat a besz\u00e9lget\u00e9sekben.<\/p>\n\n\n\n<h3 class=\"wp-block-heading\" id=\"h-8-pronouns-determiners\">8. N\u00e9vm\u00e1sok\/determin\u00e1nsok:<\/h3>\n\n\n\n<p>A nep\u00e1li n\u00e9vm\u00e1sok \u00e9s determin\u00e1nsok megismer\u00e9se elengedhetetlen a vil\u00e1gos \u00e9s t\u00f6m\u00f6r kommunik\u00e1ci\u00f3hoz. A besz\u00e9d ezen r\u00e9szei seg\u00edtenek helyettes\u00edteni vagy megadni a f\u0151neveket a mondatokban, hat\u00e9konyabb\u00e1 \u00e9s term\u00e9szetesebb\u00e9 t\u00e9ve a besz\u00e9lget\u00e9seket.<\/p>\n\n\n\n<h3 class=\"wp-block-heading\" id=\"h-9-adjectives\">9. Mell\u00e9knevek:<\/h3>\n\n\n\n<p>A mell\u00e9knevek elengedhetetlenek a nep\u00e1li besz\u00e9lget\u00e9sek m\u00e9lys\u00e9g\u00e9nek \u00e9s r\u00e9szletess\u00e9g\u00e9nek hozz\u00e1ad\u00e1s\u00e1hoz. A mell\u00e9knevek helyes haszn\u00e1lat\u00e1nak megtanul\u00e1sa lehet\u0151v\u00e9 teszi, hogy pontosan le\u00edrja az embereket, helyeket \u00e9s dolgokat, vonz\u00f3bb\u00e1 \u00e9s informat\u00edvabb\u00e1 t\u00e9ve besz\u00e9d\u00e9t.<\/p>\n\n\n\n<h3 class=\"wp-block-heading\" id=\"h-10-adverbs\">10. Hat\u00e1roz\u00f3szavak<\/h3>\n\n\n\n<p>: A nep\u00e1li nyelvben a hat\u00e1roz\u00f3szavak d\u00f6nt\u0151 szerepet j\u00e1tszanak az ig\u00e9k, mell\u00e9knevek vagy m\u00e1s hat\u00e1roz\u00f3szavak m\u00f3dos\u00edt\u00e1s\u00e1ban. A hat\u00e1roz\u00f3szavak haszn\u00e1lat\u00e1nak meg\u00e9rt\u00e9se lehet\u0151v\u00e9 teszi, hogy tov\u00e1bbi inform\u00e1ci\u00f3kat adjon meg a besz\u00e9lget\u00e9sekben szerepl\u0151 m\u0171veletekr\u0151l, \u00e1llapotokr\u00f3l vagy tulajdons\u00e1gokr\u00f3l.<\/p>\n\n\n\n<h3 class=\"wp-block-heading\" id=\"h-11-conditionals\">11. Felt\u00e9telek:<\/h3>\n\n\n\n<p>A nep\u00e1li felt\u00e9telek elsaj\u00e1t\u00edt\u00e1sa lehet\u0151v\u00e9 teszi, hogy hipotetikus helyzeteket \u00e9s azok k\u00f6vetkezm\u00e9nyeit fejezze ki. Ez fontos ahhoz, hogy \u00f6sszetett, \u00e1rnyalt vit\u00e1kat hozzunk l\u00e9tre a nyelvben.<\/p>\n\n\n\n<h3 class=\"wp-block-heading\" id=\"h-12-prepositions\">12. El\u00f6lj\u00e1r\u00f3szavak:<\/h3>\n\n\n\n<p>Az el\u00f6lj\u00e1r\u00f3szavak elengedhetetlenek a mondatban l\u00e9v\u0151 szavak k\u00f6z\u00f6tti kapcsolatok jelz\u00e9s\u00e9hez. A prepoz\u00edci\u00f3k helyes haszn\u00e1lat\u00e1nak megtanul\u00e1sa seg\u00edt vil\u00e1gos \u00e9s koherens mondatok l\u00e9trehoz\u00e1s\u00e1ban nep\u00e1li nyelven.<\/p>\n\n\n\n<h3 class=\"wp-block-heading\" id=\"h-13-sentences\">13. Mondatok:<\/h3>\n\n\n\n<p>V\u00e9g\u00fcl a nep\u00e1li mondatok szerkezet\u00e9nek \u00e9s t\u00edpusainak meg\u00e9rt\u00e9se l\u00e9tfontoss\u00e1g\u00fa a hat\u00e9kony kommunik\u00e1ci\u00f3hoz. Ismerkedjen meg az egyszer\u0171, \u00f6sszetett \u00e9s \u00f6sszetett mondatokkal, \u00e9s tanulja meg, hogyan kell helyesen fel\u00e9p\u00edteni \u0151ket, hogy gondolatait \u00e9s \u00f6tleteit a nyelven k\u00f6zvet\u00edtse.<\/p>\n<\/div><\/div>\n\r\n<section class=\"learnNavigationSection\">\r\n            \r\n        <a href=\"https:\/\/talkpal.ai\/hu\/tanulj-nepali-nyelven\/\">\r\n            <div class=\"learnNavigationWrapper\">\r\n                <div class=\"learnNavigationContent\">\r\n                    <img decoding=\"async\" src=\"https:\/\/talkpal.ai\/wp-content\/uploads\/2024\/08\/Nepali.jpg\" alt=\"Nepali Flag\">\r\n                    <div>\r\n                        <h4>A nep\u00e1li tanul\u00e1sr\u00f3l<\/h4>\r\n                        <p>Tudjon meg mindent a nep\u00e1li nyelvtanr\u00f3l.<\/p>\r\n                    <\/div>\r\n                <\/div>\r\n            <\/div>\r\n        <\/a>\r\n\r\n        \r\n        <a href=\"https:\/\/talkpal.ai\/hu\/nepali-nyelvtan\/\">\r\n            <div class=\"learnNavigationWrapper\">\r\n                <div class=\"learnNavigationContent\">\r\n                    <img decoding=\"async\" src=\"https:\/\/talkpal.ai\/wp-content\/uploads\/2024\/08\/Nepali.jpg\" alt=\"Nepali Flag\">\r\n                    <div>\r\n                        <h4>Nep\u00e1li nyelvtani leck\u00e9k<\/h4>\r\n                        <p>Gyakorolja a nep\u00e1li nyelvtant.<\/p>\r\n                    <\/div>\r\n                <\/div>\r\n            <\/div>\r\n        <\/a>\r\n\r\n        \r\n        <a href=\"https:\/\/talkpal.ai\/vocabulary_language\/nepali\/\">\r\n            <div class=\"learnNavigationWrapper\">\r\n                <div class=\"learnNavigationContent\">\r\n                    <img decoding=\"async\" src=\"https:\/\/talkpal.ai\/wp-content\/uploads\/2024\/08\/Nepali.jpg\" alt=\"Nepali Flag\">\r\n                    <div>\r\n                        <h4>Nep\u00e1li sz\u00f3kincs<\/h4>\r\n                        <p>B\u0151v\u00edtse nep\u00e1li sz\u00f3kincs\u00e9t.<\/p>\r\n                    <\/div>\r\n                <\/div>\r\n            <\/div>\r\n        <\/a>\r\n\r\n            <\/section>","protected":false},"excerpt":{"rendered":"<p>Nep\u00e1li Nyelvtani t\u00e9m\u00e1k A nep\u00e1li nyelv tanul\u00e1sa leny\u0171g\u00f6z\u0151 \u00e9s kifizet\u0151d\u0151 \u00e9lm\u00e9ny lehet mindazok sz\u00e1m\u00e1ra, akik \u00e9rdekl\u0151dnek Nep\u00e1l gazdag kult\u00far\u00e1j\u00e1ba \u00e9s t\u00f6rt\u00e9nelm\u00e9be. Mint minden nyelv eset\u00e9ben, a nep\u00e1li nyelvtan elsaj\u00e1t\u00edt\u00e1sa elengedhetetlen a hat\u00e9kony kommunik\u00e1ci\u00f3hoz. Ez a cikk v\u00e9gigvezeti \u00d6nt a nep\u00e1li nyelvtani t\u00e9m\u00e1kon, olyan sorrendben csoportos\u00edtva, amely megk\u00f6nny\u00edti a nyelvtanul\u00e1s \u00fatj\u00e1t. Az igeid\u0151kt\u0151l a mondatszerkezetekig ez [&hellip;]<\/p>\n","protected":false},"author":6,"featured_media":116168,"parent":0,"menu_order":0,"comment_status":"closed","ping_status":"closed","template":"LearningContentPage.php","meta":{"_acf_changed":false,"footnotes":""},"class_list":["post-158694","page","type-page","status-publish","has-post-thumbnail","hentry"],"acf":[],"yoast_head":"<!-- This site is optimized with the Yoast SEO Premium plugin v27.2 (Yoast SEO v27.2) - https:\/\/yoast.com\/product\/yoast-seo-premium-wordpress\/ -->\n<title>Nep\u00e1li nyelvtani gyakorlatok - Talkpal<\/title>\n<meta name=\"description\" content=\"Mester nep\u00e1li nyelvtani gyakorlatok a hat\u00e9kony kommunik\u00e1ci\u00f3hoz. Az id\u0151m\u00e9rt\u00e9kek \u00e9s mondatszerkezetek felfedez\u00e9se a nyelvi foly\u00e9konys\u00e1g \u00e9rdek\u00e9ben.\" \/>\n<meta name=\"robots\" content=\"index, follow, max-snippet:-1, max-image-preview:large, max-video-preview:-1\" \/>\n<link rel=\"canonical\" href=\"https:\/\/talkpal.ai\/hu\/nepali-nyelvtani-gyakorlatok\/\" \/>\n<meta property=\"og:locale\" content=\"hu_HU\" \/>\n<meta property=\"og:type\" content=\"article\" \/>\n<meta property=\"og:title\" content=\"Nep\u00e1li nyelvtani gyakorlatok\" \/>\n<meta property=\"og:description\" content=\"Nep\u00e1li Nyelvtani t\u00e9m\u00e1k A nep\u00e1li nyelv tanul\u00e1sa leny\u0171g\u00f6z\u0151 \u00e9s kifizet\u0151d\u0151 \u00e9lm\u00e9ny lehet mindazok sz\u00e1m\u00e1ra, akik \u00e9rdekl\u0151dnek Nep\u00e1l gazdag kult\u00far\u00e1j\u00e1ba \u00e9s\" \/>\n<meta property=\"og:url\" content=\"https:\/\/talkpal.ai\/hu\/nepali-nyelvtani-gyakorlatok\/\" \/>\n<meta property=\"og:site_name\" content=\"Talkpal\" \/>\n<meta property=\"article:publisher\" content=\"https:\/\/www.facebook.com\/profile.php?id=100090733639311\" \/>\n<meta property=\"article:modified_time\" content=\"2025-12-17T14:36:12+00:00\" \/>\n<meta property=\"og:image\" content=\"https:\/\/talkpal.ai\/wp-content\/uploads\/2023\/05\/nepal.png\" \/>\n\t<meta property=\"og:image:width\" content=\"512\" \/>\n\t<meta property=\"og:image:height\" content=\"512\" \/>\n\t<meta property=\"og:image:type\" content=\"image\/png\" \/>\n<meta name=\"twitter:card\" content=\"summary_large_image\" \/>\n<meta name=\"twitter:site\" content=\"@talkpalai\" \/>\n<meta name=\"twitter:label1\" content=\"Becs\u00fclt olvas\u00e1si id\u0151\" \/>\n\t<meta name=\"twitter:data1\" content=\"4 perc\" \/>\n<script type=\"application\/ld+json\" class=\"yoast-schema-graph\">{\"@context\":\"https:\/\/schema.org\",\"@graph\":[{\"@type\":\"WebPage\",\"@id\":\"https:\/\/talkpal.ai\/hu\/nepali-nyelvtani-gyakorlatok\/\",\"url\":\"https:\/\/talkpal.ai\/hu\/nepali-nyelvtani-gyakorlatok\/\",\"name\":\"Nep\u00e1li nyelvtani gyakorlatok - Talkpal\",\"isPartOf\":{\"@id\":\"https:\/\/talkpal.ai\/hu\/#website\"},\"primaryImageOfPage\":{\"@id\":\"https:\/\/talkpal.ai\/hu\/nepali-nyelvtani-gyakorlatok\/#primaryimage\"},\"image\":{\"@id\":\"https:\/\/talkpal.ai\/hu\/nepali-nyelvtani-gyakorlatok\/#primaryimage\"},\"thumbnailUrl\":\"https:\/\/talkpal.ai\/wp-content\/uploads\/2023\/05\/nepal.png\",\"datePublished\":\"2023-06-22T08:52:21+00:00\",\"dateModified\":\"2025-12-17T14:36:12+00:00\",\"description\":\"Mester nep\u00e1li nyelvtani gyakorlatok a hat\u00e9kony kommunik\u00e1ci\u00f3hoz. Az id\u0151m\u00e9rt\u00e9kek \u00e9s mondatszerkezetek felfedez\u00e9se a nyelvi foly\u00e9konys\u00e1g \u00e9rdek\u00e9ben.\",\"breadcrumb\":{\"@id\":\"https:\/\/talkpal.ai\/hu\/nepali-nyelvtani-gyakorlatok\/#breadcrumb\"},\"inLanguage\":\"hu\",\"potentialAction\":[{\"@type\":\"ReadAction\",\"target\":[\"https:\/\/talkpal.ai\/hu\/nepali-nyelvtani-gyakorlatok\/\"]}]},{\"@type\":\"ImageObject\",\"inLanguage\":\"hu\",\"@id\":\"https:\/\/talkpal.ai\/hu\/nepali-nyelvtani-gyakorlatok\/#primaryimage\",\"url\":\"https:\/\/talkpal.ai\/wp-content\/uploads\/2023\/05\/nepal.png\",\"contentUrl\":\"https:\/\/talkpal.ai\/wp-content\/uploads\/2023\/05\/nepal.png\",\"width\":512,\"height\":512},{\"@type\":\"BreadcrumbList\",\"@id\":\"https:\/\/talkpal.ai\/hu\/nepali-nyelvtani-gyakorlatok\/#breadcrumb\",\"itemListElement\":[{\"@type\":\"ListItem\",\"position\":1,\"name\":\"Homepage\",\"item\":\"https:\/\/talkpal.ai\/hu\/\"},{\"@type\":\"ListItem\",\"position\":2,\"name\":\"Nep\u00e1li nyelvtani gyakorlatok\"}]},{\"@type\":\"WebSite\",\"@id\":\"https:\/\/talkpal.ai\/hu\/#website\",\"url\":\"https:\/\/talkpal.ai\/hu\/\",\"name\":\"Talkpal\",\"description\":\"AI Language Learning\",\"publisher\":{\"@id\":\"https:\/\/talkpal.ai\/hu\/#organization\"},\"alternateName\":\"Talkpal AI\",\"potentialAction\":[{\"@type\":\"SearchAction\",\"target\":{\"@type\":\"EntryPoint\",\"urlTemplate\":\"https:\/\/talkpal.ai\/hu\/?s={search_term_string}\"},\"query-input\":{\"@type\":\"PropertyValueSpecification\",\"valueRequired\":true,\"valueName\":\"search_term_string\"}}],\"inLanguage\":\"hu\"},{\"@type\":\"Organization\",\"@id\":\"https:\/\/talkpal.ai\/hu\/#organization\",\"name\":\"Talkpal, Inc.\",\"alternateName\":\"Talkpal AI\",\"url\":\"https:\/\/talkpal.ai\/hu\/\",\"logo\":{\"@type\":\"ImageObject\",\"inLanguage\":\"hu\",\"@id\":\"https:\/\/talkpal.ai\/hu\/#\/schema\/logo\/image\/\",\"url\":\"https:\/\/talkpal.ai\/wp-content\/uploads\/2024\/03\/Talkpal-Logo-Icon.png\",\"contentUrl\":\"https:\/\/talkpal.ai\/wp-content\/uploads\/2024\/03\/Talkpal-Logo-Icon.png\",\"width\":2880,\"height\":2880,\"caption\":\"Talkpal, Inc.\"},\"image\":{\"@id\":\"https:\/\/talkpal.ai\/hu\/#\/schema\/logo\/image\/\"},\"sameAs\":[\"https:\/\/www.facebook.com\/profile.php?id=100090733639311\",\"https:\/\/x.com\/talkpalai\",\"https:\/\/www.linkedin.com\/company\/talkpal\/\",\"https:\/\/www.youtube.com\/@TalkPal\/\",\"https:\/\/www.tiktok.com\/@talkpal\",\"https:\/\/www.instagram.com\/talkpal_ai\/\",\"https:\/\/www.crunchbase.com\/organization\/talkpal-9cde\",\"https:\/\/www.g2.com\/products\/talkpal-for-business\/\",\"https:\/\/www.trustpilot.com\/review\/talkpal.ai\",\"https:\/\/www.capterra.com\/p\/10006800\/TalkPal\/\"],\"description\":\"Talkpal is a language learning web and mobile education app, powered by the latest AI technologies, that provides engaging experiences to its customers in many different languages to help them improve their language skills. Users can chat about unlimited amount of topics with the app and use other modes to practice their language learning.\",\"email\":\"support@talkpal.ai\",\"legalName\":\"Talkpal, Inc.\",\"foundingDate\":\"2023-04-03\",\"duns\":\"118989042\",\"numberOfEmployees\":{\"@type\":\"QuantitativeValue\",\"minValue\":\"11\",\"maxValue\":\"50\"},\"publishingPrinciples\":\"https:\/\/talkpal.ai\/publishing-principles\/\",\"actionableFeedbackPolicy\":\"https:\/\/talkpal.ai\/actionable-feedback-policy\/\",\"correctionsPolicy\":\"https:\/\/talkpal.ai\/corrections-policy\/\",\"ethicsPolicy\":\"https:\/\/talkpal.ai\/ethics-policy\/\",\"diversityPolicy\":\"https:\/\/talkpal.ai\/diversity-policy\/\",\"diversityStaffingReport\":\"https:\/\/talkpal.ai\/diversity-policy\/\"}]}<\/script>\n<!-- \/ Yoast SEO Premium plugin. -->","yoast_head_json":{"title":"Nep\u00e1li nyelvtani gyakorlatok - Talkpal","description":"Mester nep\u00e1li nyelvtani gyakorlatok a hat\u00e9kony kommunik\u00e1ci\u00f3hoz. Az id\u0151m\u00e9rt\u00e9kek \u00e9s mondatszerkezetek felfedez\u00e9se a nyelvi foly\u00e9konys\u00e1g \u00e9rdek\u00e9ben.","robots":{"index":"index","follow":"follow","max-snippet":"max-snippet:-1","max-image-preview":"max-image-preview:large","max-video-preview":"max-video-preview:-1"},"canonical":"https:\/\/talkpal.ai\/hu\/nepali-nyelvtani-gyakorlatok\/","og_locale":"hu_HU","og_type":"article","og_title":"Nep\u00e1li nyelvtani gyakorlatok","og_description":"Nep\u00e1li Nyelvtani t\u00e9m\u00e1k A nep\u00e1li nyelv tanul\u00e1sa leny\u0171g\u00f6z\u0151 \u00e9s kifizet\u0151d\u0151 \u00e9lm\u00e9ny lehet mindazok sz\u00e1m\u00e1ra, akik \u00e9rdekl\u0151dnek Nep\u00e1l gazdag kult\u00far\u00e1j\u00e1ba \u00e9s","og_url":"https:\/\/talkpal.ai\/hu\/nepali-nyelvtani-gyakorlatok\/","og_site_name":"Talkpal","article_publisher":"https:\/\/www.facebook.com\/profile.php?id=100090733639311","article_modified_time":"2025-12-17T14:36:12+00:00","og_image":[{"width":512,"height":512,"url":"https:\/\/talkpal.ai\/wp-content\/uploads\/2023\/05\/nepal.png","type":"image\/png"}],"twitter_card":"summary_large_image","twitter_site":"@talkpalai","twitter_misc":{"Becs\u00fclt olvas\u00e1si id\u0151":"4 perc"},"schema":{"@context":"https:\/\/schema.org","@graph":[{"@type":"WebPage","@id":"https:\/\/talkpal.ai\/hu\/nepali-nyelvtani-gyakorlatok\/","url":"https:\/\/talkpal.ai\/hu\/nepali-nyelvtani-gyakorlatok\/","name":"Nep\u00e1li nyelvtani gyakorlatok - Talkpal","isPartOf":{"@id":"https:\/\/talkpal.ai\/hu\/#website"},"primaryImageOfPage":{"@id":"https:\/\/talkpal.ai\/hu\/nepali-nyelvtani-gyakorlatok\/#primaryimage"},"image":{"@id":"https:\/\/talkpal.ai\/hu\/nepali-nyelvtani-gyakorlatok\/#primaryimage"},"thumbnailUrl":"https:\/\/talkpal.ai\/wp-content\/uploads\/2023\/05\/nepal.png","datePublished":"2023-06-22T08:52:21+00:00","dateModified":"2025-12-17T14:36:12+00:00","description":"Mester nep\u00e1li nyelvtani gyakorlatok a hat\u00e9kony kommunik\u00e1ci\u00f3hoz. Az id\u0151m\u00e9rt\u00e9kek \u00e9s mondatszerkezetek felfedez\u00e9se a nyelvi foly\u00e9konys\u00e1g \u00e9rdek\u00e9ben.","breadcrumb":{"@id":"https:\/\/talkpal.ai\/hu\/nepali-nyelvtani-gyakorlatok\/#breadcrumb"},"inLanguage":"hu","potentialAction":[{"@type":"ReadAction","target":["https:\/\/talkpal.ai\/hu\/nepali-nyelvtani-gyakorlatok\/"]}]},{"@type":"ImageObject","inLanguage":"hu","@id":"https:\/\/talkpal.ai\/hu\/nepali-nyelvtani-gyakorlatok\/#primaryimage","url":"https:\/\/talkpal.ai\/wp-content\/uploads\/2023\/05\/nepal.png","contentUrl":"https:\/\/talkpal.ai\/wp-content\/uploads\/2023\/05\/nepal.png","width":512,"height":512},{"@type":"BreadcrumbList","@id":"https:\/\/talkpal.ai\/hu\/nepali-nyelvtani-gyakorlatok\/#breadcrumb","itemListElement":[{"@type":"ListItem","position":1,"name":"Homepage","item":"https:\/\/talkpal.ai\/hu\/"},{"@type":"ListItem","position":2,"name":"Nep\u00e1li nyelvtani gyakorlatok"}]},{"@type":"WebSite","@id":"https:\/\/talkpal.ai\/hu\/#website","url":"https:\/\/talkpal.ai\/hu\/","name":"Talkpal","description":"AI Language Learning","publisher":{"@id":"https:\/\/talkpal.ai\/hu\/#organization"},"alternateName":"Talkpal AI","potentialAction":[{"@type":"SearchAction","target":{"@type":"EntryPoint","urlTemplate":"https:\/\/talkpal.ai\/hu\/?s={search_term_string}"},"query-input":{"@type":"PropertyValueSpecification","valueRequired":true,"valueName":"search_term_string"}}],"inLanguage":"hu"},{"@type":"Organization","@id":"https:\/\/talkpal.ai\/hu\/#organization","name":"Talkpal, Inc.","alternateName":"Talkpal AI","url":"https:\/\/talkpal.ai\/hu\/","logo":{"@type":"ImageObject","inLanguage":"hu","@id":"https:\/\/talkpal.ai\/hu\/#\/schema\/logo\/image\/","url":"https:\/\/talkpal.ai\/wp-content\/uploads\/2024\/03\/Talkpal-Logo-Icon.png","contentUrl":"https:\/\/talkpal.ai\/wp-content\/uploads\/2024\/03\/Talkpal-Logo-Icon.png","width":2880,"height":2880,"caption":"Talkpal, Inc."},"image":{"@id":"https:\/\/talkpal.ai\/hu\/#\/schema\/logo\/image\/"},"sameAs":["https:\/\/www.facebook.com\/profile.php?id=100090733639311","https:\/\/x.com\/talkpalai","https:\/\/www.linkedin.com\/company\/talkpal\/","https:\/\/www.youtube.com\/@TalkPal\/","https:\/\/www.tiktok.com\/@talkpal","https:\/\/www.instagram.com\/talkpal_ai\/","https:\/\/www.crunchbase.com\/organization\/talkpal-9cde","https:\/\/www.g2.com\/products\/talkpal-for-business\/","https:\/\/www.trustpilot.com\/review\/talkpal.ai","https:\/\/www.capterra.com\/p\/10006800\/TalkPal\/"],"description":"Talkpal is a language learning web and mobile education app, powered by the latest AI technologies, that provides engaging experiences to its customers in many different languages to help them improve their language skills. Users can chat about unlimited amount of topics with the app and use other modes to practice their language learning.","email":"support@talkpal.ai","legalName":"Talkpal, Inc.","foundingDate":"2023-04-03","duns":"118989042","numberOfEmployees":{"@type":"QuantitativeValue","minValue":"11","maxValue":"50"},"publishingPrinciples":"https:\/\/talkpal.ai\/publishing-principles\/","actionableFeedbackPolicy":"https:\/\/talkpal.ai\/actionable-feedback-policy\/","correctionsPolicy":"https:\/\/talkpal.ai\/corrections-policy\/","ethicsPolicy":"https:\/\/talkpal.ai\/ethics-policy\/","diversityPolicy":"https:\/\/talkpal.ai\/diversity-policy\/","diversityStaffingReport":"https:\/\/talkpal.ai\/diversity-policy\/"}]}},"_links":{"self":[{"href":"https:\/\/talkpal.ai\/hu\/wp-json\/wp\/v2\/pages\/158694","targetHints":{"allow":["GET"]}}],"collection":[{"href":"https:\/\/talkpal.ai\/hu\/wp-json\/wp\/v2\/pages"}],"about":[{"href":"https:\/\/talkpal.ai\/hu\/wp-json\/wp\/v2\/types\/page"}],"author":[{"embeddable":true,"href":"https:\/\/talkpal.ai\/hu\/wp-json\/wp\/v2\/users\/6"}],"replies":[{"embeddable":true,"href":"https:\/\/talkpal.ai\/hu\/wp-json\/wp\/v2\/comments?post=158694"}],"version-history":[{"count":0,"href":"https:\/\/talkpal.ai\/hu\/wp-json\/wp\/v2\/pages\/158694\/revisions"}],"wp:featuredmedia":[{"embeddable":true,"href":"https:\/\/talkpal.ai\/hu\/wp-json\/wp\/v2\/media\/116168"}],"wp:attachment":[{"href":"https:\/\/talkpal.ai\/hu\/wp-json\/wp\/v2\/media?parent=158694"}],"curies":[{"name":"wp","href":"https:\/\/api.w.org\/{rel}","templated":true}]}}