{"id":158416,"date":"2023-06-27T08:41:59","date_gmt":"2023-06-27T08:41:59","guid":{"rendered":"http:\/\/talkpal.ai\/norveg-nyelvtani-gyakorlatok\/"},"modified":"2025-12-17T14:38:33","modified_gmt":"2025-12-17T14:38:33","slug":"norveg-nyelvtani-gyakorlatok","status":"publish","type":"page","link":"https:\/\/talkpal.ai\/hu\/norveg-nyelvtani-gyakorlatok\/","title":{"rendered":"Norv\u00e9g nyelvtani gyakorlatok"},"content":{"rendered":"\r\n\r\n\r\n<section class=\"languageChallengeSection\">\r\n    <div class=\"languageInfoWrapper\">\r\n        \r\n        <h1>Norv\u00e9g nyelvtani gyakorlatok<\/h1>\r\n        <p>Szeretne magabiztosabban besz\u00e9lni norv\u00e9gul? A nyelvtani gyakorlatok gyakorl\u00e1sa remek m\u00f3dja a mondatszerkezet, az igealakok \u00e9s a <a href=\"https:\/\/talkpal.ai\/learn-norwegian\/\">norv\u00e9g<\/a> nyelv egyedi mint\u00e1inak elsaj\u00e1t\u00edt\u00e1s\u00e1nak. Kezdj el <a href=\"https:\/\/talkpal.ai\/learn-norwegian\/\">norv\u00e9g<\/a> nyelvtannal foglalkozni m\u00e9g ma, \u00e9s figyeld, ahogy a k\u00e9szs\u00e9geid \u00e9s a foly\u00e9kony besz\u00e9dk\u00e9szs\u00e9ged minden egyes gyakorlattal n\u0151!\n\n<\/p>\r\n\r\n                            <a class=\"getStartedHidden\" href=\"https:\/\/app.talkpal.ai\/hu\/signup?lng=\">Kezdj\u00fck<\/a>\r\n        \r\n    <\/div>\r\n\r\n    <figure>\r\n    <img decoding=\"async\" width=\"768\" height=\"768\" src=\"https:\/\/talkpal.ai\/wp-content\/uploads\/2023\/06\/norwegian-768x768.png\" class=\"languageImage no-lazy\" alt=\"Language learning for extensive vocabulary\" fetchpriority=\"high\" sizes=\"(max-width: 768px) 150px, 768px\" srcset=\"https:\/\/talkpal.ai\/wp-content\/uploads\/2023\/06\/norwegian-768x768.png 768w, https:\/\/talkpal.ai\/wp-content\/uploads\/2023\/06\/norwegian-300x300.png 300w\" \/>\r\n    \r\n\r\n    <\/figure>\r\n\r\n            <a class=\"getStartedVisible\" href=\"https:\/\/app.talkpal.ai\/hu\/signup?lng=\">Kezdj\u00fck<\/a>\r\n    \r\n<\/section>\r\n\r\n\r\n<!-- <section class=\"grammarSection\">\r\n    <div class=\"grammarLinks\">\r\n            <\/div>\r\n<\/section> -->\r\n\r\n\r\n\r\n\r\n<section class=\"promotionalBanner\">\r\n    <p class=\"promotionalText\">A nyelvtanul\u00e1s leghat\u00e9konyabb m\u00f3dja<\/p>\r\n    <a class=\"promotionalLink\" href=\"https:\/\/app.talkpal.ai\/hu\/signup?lng=\">Pr\u00f3b\u00e1lja ki a Talkpal ingyen<\/a>\r\n<\/section>\n<div class=\"wp-block-group pageContainerStyle\"><div class=\"wp-block-group__inner-container is-layout-constrained wp-block-group-is-layout-constrained\">\n<h2 class=\"wp-block-heading\" id=\"h-norwegian-grammar-topics\">Norv\u00e9g nyelvtani t\u00e9m\u00e1k<\/h2>\n\n\n\n<p>A norv\u00e9g nyelvtanul\u00e1s izgalmas \u00e9s kifizet\u0151d\u0151 \u00e9lm\u00e9ny lehet, mivel megnyitja az ajt\u00f3kat a gazdag kultur\u00e1lis t\u00f6rt\u00e9nelemhez, a leny\u0171g\u00f6z\u0151 t\u00e1jakhoz \u00e9s az egyed\u00fcl\u00e1ll\u00f3 \u00e9letm\u00f3dhoz Norv\u00e9gi\u00e1ban. \u00c9szak-germ\u00e1n nyelvk\u00e9nt a norv\u00e9g sok hasonl\u00f3s\u00e1got mutat a szomsz\u00e9dos nyelvekkel, a sv\u00e9ddel \u00e9s a d\u00e1nnal. Azonban saj\u00e1t k\u00fcl\u00f6n\u00e1ll\u00f3 nyelvtan\u00e1val, kiejt\u00e9s\u00e9vel \u00e9s sz\u00f3kincs\u00e9vel b\u00fcszk\u00e9lkedhet. Ahhoz, hogy megbirk\u00f3zzunk ezzel a gy\u00f6ny\u00f6r\u0171 nyelvvel, elengedhetetlen a <a href=\"https:\/\/talkpal.ai\/norwegian-grammar\/\">norv\u00e9g nyelvtan<\/a> \u00e9s annak k\u00fcl\u00f6nb\u00f6z\u0151 \u00f6sszetev\u0151inek meg\u00e9rt\u00e9se. Ebben az \u00fatmutat\u00f3ban a norv\u00e9g nyelvtan legfontosabb aspektusait vizsg\u00e1ljuk meg, bele\u00e9rtve az id\u0151hat\u00e1roz\u00f3kat, ig\u00e9ket, f\u0151neveket, cikkeket, n\u00e9vm\u00e1sokat, mell\u00e9kneveket, hat\u00e1roz\u00f3sz\u00f3kat, felt\u00e9teles m\u00f3dokat, el\u00f6lj\u00e1r\u00f3sz\u00f3kat \u00e9s mondatokat, hogy seg\u00edts\u00fcnk \u00d6nnek egy er\u0151s alapot \u00e9p\u00edteni a nyelvtanul\u00e1shoz.<\/p>\n\n\n\n<h3 class=\"wp-block-heading\" id=\"h-1-tenses\">1. Igeid\u0151k:<\/h3>\n\n\n\n<p>Kiindul\u00e1si pontk\u00e9nt \u00f6sszpontos\u00edtson a norv\u00e9g id\u0151k meg\u00e9rt\u00e9s\u00e9re. A norv\u00e9g nyelvnek h\u00e1rom f\u0151 igeideje <a href=\"https:\/\/talkpal.ai\/locations\/language-courses-in-van\/\">van<\/a>: jelen, m\u00falt \u00e9s j\u00f6v\u0151, amelyek kulcsfontoss\u00e1g\u00faak a cselekv\u00e9sek \u00e9s esem\u00e9nyek k\u00fcl\u00f6nb\u00f6z\u0151 id\u0151pontokban t\u00f6rt\u00e9n\u0151 kifejez\u00e9s\u00e9hez. Ismerje meg az ig\u00e9k konjug\u00e1l\u00e1s\u00e1nak m\u00f3dj\u00e1t \u00e9s hogyan v\u00e1ltoznak k\u00fcl\u00f6nb\u00f6z\u0151 id\u0151kben.<\/p>\n\n\n\n<h3 class=\"wp-block-heading\" id=\"h-2-tense-comparison\">2. Fesz\u00fclt \u00f6sszehasonl\u00edt\u00e1s:<\/h3>\n\n\n\n<p>Miut\u00e1n meg\u00e9rtette az alapid\u0151ket, fedezze fel, hogyan hasonl\u00edthat\u00f3k \u00f6ssze \u00e9s kontrasztosak egym\u00e1ssal. Ez seg\u00edt meg\u00e9rteni a jelent\u00e9s \u00e1rnyalatait, \u00e9s jav\u00edtja meg\u00e9rt\u00e9si \u00e9s kommunik\u00e1ci\u00f3s k\u00e9szs\u00e9geit.<\/p>\n\n\n\n<h3 class=\"wp-block-heading\" id=\"h-3-verbs\">3. Ig\u00e9k:<\/h3>\n\n\n\n<p>A norv\u00e9g ig\u00e9k l\u00e9tfontoss\u00e1g\u00faak a mondatok fel\u00e9p\u00edt\u00e9s\u00e9hez \u00e9s a jelent\u00e9s k\u00f6zvet\u00edt\u00e9s\u00e9hez. Ismerje meg az ig\u00e9k k\u00fcl\u00f6nb\u00f6z\u0151 t\u00edpusait, \u00e9s azt, hogy hogyan hatnak a mondat alanyaira \u00e9s t\u00e1rgyaira. Ezenk\u00edv\u00fcl \u00e9rtse meg a <a href=\"https:\/\/talkpal.ai\/hu\/grammar\/modalis-igek-az-angol-nyelvtanban\/\">mod\u00e1lis ig\u00e9k<\/a> fogalm\u00e1t \u00e9s azt, hogyan fejezik ki a sz\u00fcks\u00e9gess\u00e9get, a lehet\u0151s\u00e9get \u00e9s a k\u00f6telezetts\u00e9get.<\/p>\n\n\n\n<h3 class=\"wp-block-heading\" id=\"h-4-nouns\">4. F\u0151nevek:<\/h3>\n\n\n\n<p>A norv\u00e9g f\u0151neveket h\u00e1rom nembe sorolj\u00e1k: f\u00e9rfias, n\u0151ies \u00e9s ivartalan\u00edtott. Ez befoly\u00e1solja a cikkek, mell\u00e9knevek \u00e9s n\u00e9vm\u00e1sok vel\u00fck val\u00f3 haszn\u00e1lat\u00e1nak m\u00f3dj\u00e1t. Ismerje meg a t\u00f6bbes sz\u00e1m kialak\u00edt\u00e1s\u00e1nak szab\u00e1lyait \u00e9s a f\u0151nevek hat\u00e1rozott \u00e9s hat\u00e1rozatlan form\u00e1it.<\/p>\n\n\n\n<h3 class=\"wp-block-heading\" id=\"h-5-articles\">5. Cikkek:<\/h3>\n\n\n\n<p>A cikkek r\u00f6vid szavak, amelyek a f\u0151neveket k\u00eds\u00e9rik, \u00e9s jelzik nem\u00fcket \u00e9s sz\u00e1mukat. A norv\u00e9g nyelvben hat\u00e1rozott \u00e9s hat\u00e1rozatlan n\u00e9vel\u0151k vannak, amelyek elengedhetetlenek a mondatok helyes kialak\u00edt\u00e1s\u00e1hoz.<\/p>\n\n\n\n<h3 class=\"wp-block-heading\" id=\"h-6-pronouns-determiners\">6. N\u00e9vm\u00e1sok\/determin\u00e1nsok:<\/h3>\n\n\n\n<p>Ezek a szavak helyettes\u00edtik vagy m\u00f3dos\u00edtj\u00e1k a f\u0151neveket, \u00e9s nem\u00fckben \u00e9s sz\u00e1mukban meg kell egyezni\u00fck azzal a f\u0151n\u00e9vvel, amelyre utalnak. Tanulm\u00e1nyozza a n\u00e9vm\u00e1sok \u00e9s determin\u00e1nsok k\u00fcl\u00f6nb\u00f6z\u0151 t\u00edpusait, bele\u00e9rtve a szem\u00e9lyes, birtokos, demonstrat\u00edv \u00e9s relat\u00edv n\u00e9vm\u00e1sokat.<\/p>\n\n\n\n<h3 class=\"wp-block-heading\" id=\"h-7-adjectives\">7. Mell\u00e9knevek:<\/h3>\n\n\n\n<p>A mell\u00e9knevek f\u0151neveket \u00e9s n\u00e9vm\u00e1sokat \u00edrnak le vagy m\u00f3dos\u00edtanak. Tanulja meg, hogyan kell helyesen haszn\u00e1lni a mell\u00e9kneveket, ha meg\u00e9rti egyet\u00e9rt\u00e9si szab\u00e1lyaikat az \u00e1ltaluk m\u00f3dos\u00edtott f\u0151nevek nem\u00e9vel \u00e9s sz\u00e1m\u00e1val.<\/p>\n\n\n\n<h3 class=\"wp-block-heading\" id=\"h-8-adverbs\">8. Hat\u00e1roz\u00f3sz\u00f3k:<\/h3>\n\n\n\n<p>A hat\u00e1roz\u00f3szavak m\u00f3dos\u00edtj\u00e1k az ig\u00e9ket, mell\u00e9kneveket vagy m\u00e1s hat\u00e1roz\u00f3szavakat, tov\u00e1bbi inform\u00e1ci\u00f3kat ny\u00fajtva a cselekv\u00e9sekr\u0151l vagy min\u0151s\u00e9gekr\u0151l. Ismerje meg a hat\u00e1roz\u00f3szavak k\u00fcl\u00f6nb\u00f6z\u0151 t\u00edpusait \u00e9s azt, hogyan haszn\u00e1lhatja \u0151ket hat\u00e9konyan mondataiban.<\/p>\n\n\n\n<h3 class=\"wp-block-heading\" id=\"h-9-conditionals\">9. Felt\u00e9telek:<\/h3>\n\n\n\n<p>A felt\u00e9teleket hipotetikus helyzetek \u00e9s azok k\u00f6vetkezm\u00e9nyeinek kifejez\u00e9s\u00e9re haszn\u00e1lj\u00e1k. Tanulm\u00e1nyozza a k\u00fcl\u00f6nb\u00f6z\u0151 t\u00edpus\u00fa felt\u00e9teleket, \u00e9s hogyan alak\u00edtsa ki \u0151ket a helyes igeform\u00e1k \u00e9s k\u00f6t\u0151szavak haszn\u00e1lat\u00e1val.<\/p>\n\n\n\n<h3 class=\"wp-block-heading\" id=\"h-10-prepositions\">10. El\u00f6lj\u00e1r\u00f3szavak:<\/h3>\n\n\n\n<p>A prepoz\u00edci\u00f3k r\u00f6vid szavak, amelyek a f\u0151nevek, n\u00e9vm\u00e1sok \u00e9s m\u00e1s szavak k\u00f6z\u00f6tti kapcsolatokat jelzik egy mondatban. Az el\u00f6lj\u00e1r\u00f3szavak haszn\u00e1lat\u00e1nak elsaj\u00e1t\u00edt\u00e1sa elengedhetetlen a pontos mondatok meg\u00e9rt\u00e9s\u00e9hez \u00e9s kialak\u00edt\u00e1s\u00e1hoz norv\u00e9gul.<\/p>\n\n\n\n<h3 class=\"wp-block-heading\" id=\"h-11-sentences\">11. Mondatok:<\/h3>\n\n\n\n<p>V\u00e9g\u00fcl gyakorolja a mondatok norv\u00e9g nyelv\u0171 fel\u00e9p\u00edt\u00e9s\u00e9t az ig\u00e9k, f\u0151nevek, cikkek, n\u00e9vm\u00e1sok, mell\u00e9knevek, hat\u00e1roz\u00f3sz\u00f3k, felt\u00e9telesek \u00e9s el\u00f6lj\u00e1r\u00f3szavak ismereteinek kombin\u00e1l\u00e1s\u00e1val. K\u00eds\u00e9rletezzen k\u00fcl\u00f6nb\u00f6z\u0151 mondatszerkezetekkel, \u00e9s gyakorolja a k\u00e9rd\u00e9sek, \u00e1ll\u00edt\u00e1sok \u00e9s parancsok kialak\u00edt\u00e1s\u00e1t, hogy j\u00e1rtass\u00e1 v\u00e1ljon a nyelvben.<\/p>\n<\/div><\/div>\n\r\n<section class=\"learnNavigationSection\">\r\n            \r\n        <a href=\"https:\/\/talkpal.ai\/hu\/tanulj-norvegul\/\">\r\n            <div class=\"learnNavigationWrapper\">\r\n                <div class=\"learnNavigationContent\">\r\n                    <img decoding=\"async\" src=\"https:\/\/talkpal.ai\/wp-content\/uploads\/2024\/08\/Norwegian.jpg\" alt=\"Norwegian Flag\">\r\n                    <div>\r\n                        <h4>A norv\u00e9g tanul\u00e1sr\u00f3l<\/h4>\r\n                        <p>Tudjon meg mindent a norv\u00e9g nyelvtanr\u00f3l.<\/p>\r\n                    <\/div>\r\n                <\/div>\r\n            <\/div>\r\n        <\/a>\r\n\r\n        \r\n        <a href=\"https:\/\/talkpal.ai\/hu\/norveg-nyelvtan\/\">\r\n            <div class=\"learnNavigationWrapper\">\r\n                <div class=\"learnNavigationContent\">\r\n                    <img decoding=\"async\" src=\"https:\/\/talkpal.ai\/wp-content\/uploads\/2024\/08\/Norwegian.jpg\" alt=\"Norwegian Flag\">\r\n                    <div>\r\n                        <h4>Norv\u00e9g nyelvtani \u00f3r\u00e1k<\/h4>\r\n                        <p>Gyakorolja a norv\u00e9g nyelvtant.<\/p>\r\n                    <\/div>\r\n                <\/div>\r\n            <\/div>\r\n        <\/a>\r\n\r\n        \r\n        <a href=\"https:\/\/talkpal.ai\/vocabulary_language\/norwegian\/\">\r\n            <div class=\"learnNavigationWrapper\">\r\n                <div class=\"learnNavigationContent\">\r\n                    <img decoding=\"async\" src=\"https:\/\/talkpal.ai\/wp-content\/uploads\/2024\/08\/Norwegian.jpg\" alt=\"Norwegian Flag\">\r\n                    <div>\r\n                        <h4>Norv\u00e9g sz\u00f3kincs<\/h4>\r\n                        <p>B\u0151v\u00edtse norv\u00e9g sz\u00f3kincs\u00e9t.<\/p>\r\n                    <\/div>\r\n                <\/div>\r\n            <\/div>\r\n        <\/a>\r\n\r\n            <\/section>","protected":false},"excerpt":{"rendered":"<p>Norv\u00e9g nyelvtani t\u00e9m\u00e1k A norv\u00e9g nyelvtanul\u00e1s izgalmas \u00e9s kifizet\u0151d\u0151 \u00e9lm\u00e9ny lehet, mivel megnyitja az ajt\u00f3kat a gazdag kultur\u00e1lis t\u00f6rt\u00e9nelemhez, a leny\u0171g\u00f6z\u0151 t\u00e1jakhoz \u00e9s az egyed\u00fcl\u00e1ll\u00f3 \u00e9letm\u00f3dhoz Norv\u00e9gi\u00e1ban. \u00c9szak-germ\u00e1n nyelvk\u00e9nt a norv\u00e9g sok hasonl\u00f3s\u00e1got mutat a szomsz\u00e9dos nyelvekkel, a sv\u00e9ddel \u00e9s a d\u00e1nnal. Azonban saj\u00e1t k\u00fcl\u00f6n\u00e1ll\u00f3 nyelvtan\u00e1val, kiejt\u00e9s\u00e9vel \u00e9s sz\u00f3kincs\u00e9vel b\u00fcszk\u00e9lkedhet. Ahhoz, hogy megbirk\u00f3zzunk ezzel a [&hellip;]<\/p>\n","protected":false},"author":6,"featured_media":116907,"parent":0,"menu_order":0,"comment_status":"closed","ping_status":"closed","template":"LearningContentPage.php","meta":{"_acf_changed":false,"footnotes":""},"class_list":["post-158416","page","type-page","status-publish","has-post-thumbnail","hentry"],"acf":[],"yoast_head":"<!-- This site is optimized with the Yoast SEO Premium plugin v27.2 (Yoast SEO v27.2) - https:\/\/yoast.com\/product\/yoast-seo-premium-wordpress\/ -->\n<title>Norv\u00e9g nyelvtani gyakorlatok - Talkpal<\/title>\n<meta name=\"description\" content=\"Fejlessze k\u00e9szs\u00e9geit a norv\u00e9g nyelvtani gyakorlatokkal. T\u00f6k\u00e9letes minden szinten tanul\u00f3k sz\u00e1m\u00e1ra a hat\u00e9kony gyakorl\u00e1shoz.\" \/>\n<meta name=\"robots\" content=\"index, follow, max-snippet:-1, max-image-preview:large, max-video-preview:-1\" \/>\n<link rel=\"canonical\" href=\"https:\/\/talkpal.ai\/hu\/norveg-nyelvtani-gyakorlatok\/\" \/>\n<meta property=\"og:locale\" content=\"hu_HU\" \/>\n<meta property=\"og:type\" content=\"article\" \/>\n<meta property=\"og:title\" content=\"Norv\u00e9g nyelvtani gyakorlatok\" \/>\n<meta property=\"og:description\" content=\"Norv\u00e9g nyelvtani t\u00e9m\u00e1k A norv\u00e9g nyelvtanul\u00e1s izgalmas \u00e9s kifizet\u0151d\u0151 \u00e9lm\u00e9ny lehet, mivel megnyitja az ajt\u00f3kat a gazdag kultur\u00e1lis t\u00f6rt\u00e9nelemhez, a\" \/>\n<meta property=\"og:url\" content=\"https:\/\/talkpal.ai\/hu\/norveg-nyelvtani-gyakorlatok\/\" \/>\n<meta property=\"og:site_name\" content=\"Talkpal\" \/>\n<meta property=\"article:publisher\" content=\"https:\/\/www.facebook.com\/profile.php?id=100090733639311\" \/>\n<meta property=\"article:modified_time\" content=\"2025-12-17T14:38:33+00:00\" \/>\n<meta property=\"og:image\" content=\"https:\/\/talkpal.ai\/wp-content\/uploads\/2023\/05\/norway.png\" \/>\n\t<meta property=\"og:image:width\" content=\"512\" \/>\n\t<meta property=\"og:image:height\" content=\"512\" \/>\n\t<meta property=\"og:image:type\" content=\"image\/png\" \/>\n<meta name=\"twitter:card\" content=\"summary_large_image\" \/>\n<meta name=\"twitter:site\" content=\"@talkpalai\" \/>\n<meta name=\"twitter:label1\" content=\"Becs\u00fclt olvas\u00e1si id\u0151\" \/>\n\t<meta name=\"twitter:data1\" content=\"4 perc\" \/>\n<script type=\"application\/ld+json\" class=\"yoast-schema-graph\">{\"@context\":\"https:\/\/schema.org\",\"@graph\":[{\"@type\":\"WebPage\",\"@id\":\"https:\/\/talkpal.ai\/hu\/norveg-nyelvtani-gyakorlatok\/\",\"url\":\"https:\/\/talkpal.ai\/hu\/norveg-nyelvtani-gyakorlatok\/\",\"name\":\"Norv\u00e9g nyelvtani gyakorlatok - Talkpal\",\"isPartOf\":{\"@id\":\"https:\/\/talkpal.ai\/hu\/#website\"},\"primaryImageOfPage\":{\"@id\":\"https:\/\/talkpal.ai\/hu\/norveg-nyelvtani-gyakorlatok\/#primaryimage\"},\"image\":{\"@id\":\"https:\/\/talkpal.ai\/hu\/norveg-nyelvtani-gyakorlatok\/#primaryimage\"},\"thumbnailUrl\":\"https:\/\/talkpal.ai\/wp-content\/uploads\/2023\/05\/norway.png\",\"datePublished\":\"2023-06-27T08:41:59+00:00\",\"dateModified\":\"2025-12-17T14:38:33+00:00\",\"description\":\"Fejlessze k\u00e9szs\u00e9geit a norv\u00e9g nyelvtani gyakorlatokkal. T\u00f6k\u00e9letes minden szinten tanul\u00f3k sz\u00e1m\u00e1ra a hat\u00e9kony gyakorl\u00e1shoz.\",\"breadcrumb\":{\"@id\":\"https:\/\/talkpal.ai\/hu\/norveg-nyelvtani-gyakorlatok\/#breadcrumb\"},\"inLanguage\":\"hu\",\"potentialAction\":[{\"@type\":\"ReadAction\",\"target\":[\"https:\/\/talkpal.ai\/hu\/norveg-nyelvtani-gyakorlatok\/\"]}]},{\"@type\":\"ImageObject\",\"inLanguage\":\"hu\",\"@id\":\"https:\/\/talkpal.ai\/hu\/norveg-nyelvtani-gyakorlatok\/#primaryimage\",\"url\":\"https:\/\/talkpal.ai\/wp-content\/uploads\/2023\/05\/norway.png\",\"contentUrl\":\"https:\/\/talkpal.ai\/wp-content\/uploads\/2023\/05\/norway.png\",\"width\":512,\"height\":512},{\"@type\":\"BreadcrumbList\",\"@id\":\"https:\/\/talkpal.ai\/hu\/norveg-nyelvtani-gyakorlatok\/#breadcrumb\",\"itemListElement\":[{\"@type\":\"ListItem\",\"position\":1,\"name\":\"Homepage\",\"item\":\"https:\/\/talkpal.ai\/hu\/\"},{\"@type\":\"ListItem\",\"position\":2,\"name\":\"Norv\u00e9g nyelvtani gyakorlatok\"}]},{\"@type\":\"WebSite\",\"@id\":\"https:\/\/talkpal.ai\/hu\/#website\",\"url\":\"https:\/\/talkpal.ai\/hu\/\",\"name\":\"Talkpal\",\"description\":\"AI Language Learning\",\"publisher\":{\"@id\":\"https:\/\/talkpal.ai\/hu\/#organization\"},\"alternateName\":\"Talkpal AI\",\"potentialAction\":[{\"@type\":\"SearchAction\",\"target\":{\"@type\":\"EntryPoint\",\"urlTemplate\":\"https:\/\/talkpal.ai\/hu\/?s={search_term_string}\"},\"query-input\":{\"@type\":\"PropertyValueSpecification\",\"valueRequired\":true,\"valueName\":\"search_term_string\"}}],\"inLanguage\":\"hu\"},{\"@type\":\"Organization\",\"@id\":\"https:\/\/talkpal.ai\/hu\/#organization\",\"name\":\"Talkpal, Inc.\",\"alternateName\":\"Talkpal AI\",\"url\":\"https:\/\/talkpal.ai\/hu\/\",\"logo\":{\"@type\":\"ImageObject\",\"inLanguage\":\"hu\",\"@id\":\"https:\/\/talkpal.ai\/hu\/#\/schema\/logo\/image\/\",\"url\":\"https:\/\/talkpal.ai\/wp-content\/uploads\/2024\/03\/Talkpal-Logo-Icon.png\",\"contentUrl\":\"https:\/\/talkpal.ai\/wp-content\/uploads\/2024\/03\/Talkpal-Logo-Icon.png\",\"width\":2880,\"height\":2880,\"caption\":\"Talkpal, Inc.\"},\"image\":{\"@id\":\"https:\/\/talkpal.ai\/hu\/#\/schema\/logo\/image\/\"},\"sameAs\":[\"https:\/\/www.facebook.com\/profile.php?id=100090733639311\",\"https:\/\/x.com\/talkpalai\",\"https:\/\/www.linkedin.com\/company\/talkpal\/\",\"https:\/\/www.youtube.com\/@TalkPal\/\",\"https:\/\/www.tiktok.com\/@talkpal\",\"https:\/\/www.instagram.com\/talkpal_ai\/\",\"https:\/\/www.crunchbase.com\/organization\/talkpal-9cde\",\"https:\/\/www.g2.com\/products\/talkpal-for-business\/\",\"https:\/\/www.trustpilot.com\/review\/talkpal.ai\",\"https:\/\/www.capterra.com\/p\/10006800\/TalkPal\/\"],\"description\":\"Talkpal is a language learning web and mobile education app, powered by the latest AI technologies, that provides engaging experiences to its customers in many different languages to help them improve their language skills. Users can chat about unlimited amount of topics with the app and use other modes to practice their language learning.\",\"email\":\"support@talkpal.ai\",\"legalName\":\"Talkpal, Inc.\",\"foundingDate\":\"2023-04-03\",\"duns\":\"118989042\",\"numberOfEmployees\":{\"@type\":\"QuantitativeValue\",\"minValue\":\"11\",\"maxValue\":\"50\"},\"publishingPrinciples\":\"https:\/\/talkpal.ai\/publishing-principles\/\",\"actionableFeedbackPolicy\":\"https:\/\/talkpal.ai\/actionable-feedback-policy\/\",\"correctionsPolicy\":\"https:\/\/talkpal.ai\/corrections-policy\/\",\"ethicsPolicy\":\"https:\/\/talkpal.ai\/ethics-policy\/\",\"diversityPolicy\":\"https:\/\/talkpal.ai\/diversity-policy\/\",\"diversityStaffingReport\":\"https:\/\/talkpal.ai\/diversity-policy\/\"}]}<\/script>\n<!-- \/ Yoast SEO Premium plugin. -->","yoast_head_json":{"title":"Norv\u00e9g nyelvtani gyakorlatok - Talkpal","description":"Fejlessze k\u00e9szs\u00e9geit a norv\u00e9g nyelvtani gyakorlatokkal. T\u00f6k\u00e9letes minden szinten tanul\u00f3k sz\u00e1m\u00e1ra a hat\u00e9kony gyakorl\u00e1shoz.","robots":{"index":"index","follow":"follow","max-snippet":"max-snippet:-1","max-image-preview":"max-image-preview:large","max-video-preview":"max-video-preview:-1"},"canonical":"https:\/\/talkpal.ai\/hu\/norveg-nyelvtani-gyakorlatok\/","og_locale":"hu_HU","og_type":"article","og_title":"Norv\u00e9g nyelvtani gyakorlatok","og_description":"Norv\u00e9g nyelvtani t\u00e9m\u00e1k A norv\u00e9g nyelvtanul\u00e1s izgalmas \u00e9s kifizet\u0151d\u0151 \u00e9lm\u00e9ny lehet, mivel megnyitja az ajt\u00f3kat a gazdag kultur\u00e1lis t\u00f6rt\u00e9nelemhez, a","og_url":"https:\/\/talkpal.ai\/hu\/norveg-nyelvtani-gyakorlatok\/","og_site_name":"Talkpal","article_publisher":"https:\/\/www.facebook.com\/profile.php?id=100090733639311","article_modified_time":"2025-12-17T14:38:33+00:00","og_image":[{"width":512,"height":512,"url":"https:\/\/talkpal.ai\/wp-content\/uploads\/2023\/05\/norway.png","type":"image\/png"}],"twitter_card":"summary_large_image","twitter_site":"@talkpalai","twitter_misc":{"Becs\u00fclt olvas\u00e1si id\u0151":"4 perc"},"schema":{"@context":"https:\/\/schema.org","@graph":[{"@type":"WebPage","@id":"https:\/\/talkpal.ai\/hu\/norveg-nyelvtani-gyakorlatok\/","url":"https:\/\/talkpal.ai\/hu\/norveg-nyelvtani-gyakorlatok\/","name":"Norv\u00e9g nyelvtani gyakorlatok - Talkpal","isPartOf":{"@id":"https:\/\/talkpal.ai\/hu\/#website"},"primaryImageOfPage":{"@id":"https:\/\/talkpal.ai\/hu\/norveg-nyelvtani-gyakorlatok\/#primaryimage"},"image":{"@id":"https:\/\/talkpal.ai\/hu\/norveg-nyelvtani-gyakorlatok\/#primaryimage"},"thumbnailUrl":"https:\/\/talkpal.ai\/wp-content\/uploads\/2023\/05\/norway.png","datePublished":"2023-06-27T08:41:59+00:00","dateModified":"2025-12-17T14:38:33+00:00","description":"Fejlessze k\u00e9szs\u00e9geit a norv\u00e9g nyelvtani gyakorlatokkal. T\u00f6k\u00e9letes minden szinten tanul\u00f3k sz\u00e1m\u00e1ra a hat\u00e9kony gyakorl\u00e1shoz.","breadcrumb":{"@id":"https:\/\/talkpal.ai\/hu\/norveg-nyelvtani-gyakorlatok\/#breadcrumb"},"inLanguage":"hu","potentialAction":[{"@type":"ReadAction","target":["https:\/\/talkpal.ai\/hu\/norveg-nyelvtani-gyakorlatok\/"]}]},{"@type":"ImageObject","inLanguage":"hu","@id":"https:\/\/talkpal.ai\/hu\/norveg-nyelvtani-gyakorlatok\/#primaryimage","url":"https:\/\/talkpal.ai\/wp-content\/uploads\/2023\/05\/norway.png","contentUrl":"https:\/\/talkpal.ai\/wp-content\/uploads\/2023\/05\/norway.png","width":512,"height":512},{"@type":"BreadcrumbList","@id":"https:\/\/talkpal.ai\/hu\/norveg-nyelvtani-gyakorlatok\/#breadcrumb","itemListElement":[{"@type":"ListItem","position":1,"name":"Homepage","item":"https:\/\/talkpal.ai\/hu\/"},{"@type":"ListItem","position":2,"name":"Norv\u00e9g nyelvtani gyakorlatok"}]},{"@type":"WebSite","@id":"https:\/\/talkpal.ai\/hu\/#website","url":"https:\/\/talkpal.ai\/hu\/","name":"Talkpal","description":"AI Language Learning","publisher":{"@id":"https:\/\/talkpal.ai\/hu\/#organization"},"alternateName":"Talkpal AI","potentialAction":[{"@type":"SearchAction","target":{"@type":"EntryPoint","urlTemplate":"https:\/\/talkpal.ai\/hu\/?s={search_term_string}"},"query-input":{"@type":"PropertyValueSpecification","valueRequired":true,"valueName":"search_term_string"}}],"inLanguage":"hu"},{"@type":"Organization","@id":"https:\/\/talkpal.ai\/hu\/#organization","name":"Talkpal, Inc.","alternateName":"Talkpal AI","url":"https:\/\/talkpal.ai\/hu\/","logo":{"@type":"ImageObject","inLanguage":"hu","@id":"https:\/\/talkpal.ai\/hu\/#\/schema\/logo\/image\/","url":"https:\/\/talkpal.ai\/wp-content\/uploads\/2024\/03\/Talkpal-Logo-Icon.png","contentUrl":"https:\/\/talkpal.ai\/wp-content\/uploads\/2024\/03\/Talkpal-Logo-Icon.png","width":2880,"height":2880,"caption":"Talkpal, Inc."},"image":{"@id":"https:\/\/talkpal.ai\/hu\/#\/schema\/logo\/image\/"},"sameAs":["https:\/\/www.facebook.com\/profile.php?id=100090733639311","https:\/\/x.com\/talkpalai","https:\/\/www.linkedin.com\/company\/talkpal\/","https:\/\/www.youtube.com\/@TalkPal\/","https:\/\/www.tiktok.com\/@talkpal","https:\/\/www.instagram.com\/talkpal_ai\/","https:\/\/www.crunchbase.com\/organization\/talkpal-9cde","https:\/\/www.g2.com\/products\/talkpal-for-business\/","https:\/\/www.trustpilot.com\/review\/talkpal.ai","https:\/\/www.capterra.com\/p\/10006800\/TalkPal\/"],"description":"Talkpal is a language learning web and mobile education app, powered by the latest AI technologies, that provides engaging experiences to its customers in many different languages to help them improve their language skills. Users can chat about unlimited amount of topics with the app and use other modes to practice their language learning.","email":"support@talkpal.ai","legalName":"Talkpal, Inc.","foundingDate":"2023-04-03","duns":"118989042","numberOfEmployees":{"@type":"QuantitativeValue","minValue":"11","maxValue":"50"},"publishingPrinciples":"https:\/\/talkpal.ai\/publishing-principles\/","actionableFeedbackPolicy":"https:\/\/talkpal.ai\/actionable-feedback-policy\/","correctionsPolicy":"https:\/\/talkpal.ai\/corrections-policy\/","ethicsPolicy":"https:\/\/talkpal.ai\/ethics-policy\/","diversityPolicy":"https:\/\/talkpal.ai\/diversity-policy\/","diversityStaffingReport":"https:\/\/talkpal.ai\/diversity-policy\/"}]}},"_links":{"self":[{"href":"https:\/\/talkpal.ai\/hu\/wp-json\/wp\/v2\/pages\/158416","targetHints":{"allow":["GET"]}}],"collection":[{"href":"https:\/\/talkpal.ai\/hu\/wp-json\/wp\/v2\/pages"}],"about":[{"href":"https:\/\/talkpal.ai\/hu\/wp-json\/wp\/v2\/types\/page"}],"author":[{"embeddable":true,"href":"https:\/\/talkpal.ai\/hu\/wp-json\/wp\/v2\/users\/6"}],"replies":[{"embeddable":true,"href":"https:\/\/talkpal.ai\/hu\/wp-json\/wp\/v2\/comments?post=158416"}],"version-history":[{"count":0,"href":"https:\/\/talkpal.ai\/hu\/wp-json\/wp\/v2\/pages\/158416\/revisions"}],"wp:featuredmedia":[{"embeddable":true,"href":"https:\/\/talkpal.ai\/hu\/wp-json\/wp\/v2\/media\/116907"}],"wp:attachment":[{"href":"https:\/\/talkpal.ai\/hu\/wp-json\/wp\/v2\/media?parent=158416"}],"curies":[{"name":"wp","href":"https:\/\/api.w.org\/{rel}","templated":true}]}}