{"id":158128,"date":"2023-06-27T08:51:37","date_gmt":"2023-06-27T08:51:37","guid":{"rendered":"http:\/\/talkpal.ai\/perzsa-nyelvtani-gyakorlatok\/"},"modified":"2025-12-17T15:26:03","modified_gmt":"2025-12-17T15:26:03","slug":"perzsa-nyelvtani-gyakorlatok","status":"publish","type":"page","link":"https:\/\/talkpal.ai\/hu\/perzsa-nyelvtani-gyakorlatok\/","title":{"rendered":"Perzsa nyelvtani gyakorlatok"},"content":{"rendered":"\r\n\r\n\r\n<section class=\"languageChallengeSection\">\r\n    <div class=\"languageInfoWrapper\">\r\n        \r\n        <h1>Perzsa nyelvtani gyakorlatok<\/h1>\r\n        <p>K\u00e9szen \u00e1llsz a <a href=\"https:\/\/talkpal.ai\/learn-persian\/\">perzsa<\/a> nyelvtud\u00e1sod fejleszt\u00e9s\u00e9re? A nyelvtani gyakorlatok gyakorl\u00e1sa kiv\u00e1l\u00f3 m\u00f3dja a mondatszerkezet, az igealakok \u00e9s a <a href=\"https:\/\/talkpal.ai\/learn-persian\/\">perzsa<\/a> nyelv legfontosabb mint\u00e1inak elsaj\u00e1t\u00edt\u00e1s\u00e1nak. Kezdj el dolgozni a perzsa nyelvtanon m\u00e9g ma, \u00e9s figyeld, ahogy a meg\u00e9rt\u00e9sed \u00e9s az \u00f6nbizalmad <a href=\"https:\/\/talkpal.ai\/locations\/language-courses-in-minden\/\">minden<\/a> egyes \u00faj gyakorlattal n\u0151!<\/p>\r\n\r\n                            <a class=\"getStartedHidden\" href=\"https:\/\/app.talkpal.ai\/hu\/signup?lng=\">Kezdj\u00fck<\/a>\r\n        \r\n    <\/div>\r\n\r\n    <figure>\r\n    <img decoding=\"async\" width=\"768\" height=\"768\" src=\"https:\/\/talkpal.ai\/wp-content\/uploads\/2023\/06\/persian-768x768.png\" class=\"languageImage no-lazy\" alt=\"Language learning to comprehend global news\" fetchpriority=\"high\" sizes=\"(max-width: 768px) 150px, 768px\" srcset=\"https:\/\/talkpal.ai\/wp-content\/uploads\/2023\/06\/persian-768x768.png 768w, https:\/\/talkpal.ai\/wp-content\/uploads\/2023\/06\/persian-300x300.png 300w\" \/>\r\n    \r\n\r\n    <\/figure>\r\n\r\n            <a class=\"getStartedVisible\" href=\"https:\/\/app.talkpal.ai\/hu\/signup?lng=\">Kezdj\u00fck<\/a>\r\n    \r\n<\/section>\r\n\r\n\r\n<!-- <section class=\"grammarSection\">\r\n    <div class=\"grammarLinks\">\r\n            <\/div>\r\n<\/section> -->\r\n\r\n\r\n\r\n\r\n<section class=\"promotionalBanner\">\r\n    <p class=\"promotionalText\">A nyelvtanul\u00e1s leghat\u00e9konyabb m\u00f3dja<\/p>\r\n    <a class=\"promotionalLink\" href=\"https:\/\/app.talkpal.ai\/hu\/signup?lng=\">Pr\u00f3b\u00e1lja ki a Talkpal ingyen<\/a>\r\n<\/section>\n<div class=\"wp-block-group pageContainerStyle\"><div class=\"wp-block-group__inner-container is-layout-constrained wp-block-group-is-layout-constrained\">\n<h2 class=\"wp-block-heading\" id=\"h-persian-grammar-topics\">Perzsa nyelvtani t\u00e9m\u00e1k<\/h2>\n\n\n\n<p>A perzsa, m\u00e1s n\u00e9ven <a href=\"https:\/\/talkpal.ai\/hu\/tanulj-perzsaul\/\">perzsa nyelv<\/a> tanul\u00e1sa izgalmas \u00e9s kifizet\u0151d\u0151 utaz\u00e1s lehet, amely \u00faj lehet\u0151s\u00e9geket nyit meg Ir\u00e1n \u00e9s m\u00e1s perzsa nyelv\u0171 r\u00e9gi\u00f3k gazdag kult\u00far\u00e1j\u00e1nak \u00e9s t\u00f6rt\u00e9nelm\u00e9nek meg\u00e9rt\u00e9s\u00e9re. Tanul\u00f3k\u00e9nt a <a href=\"https:\/\/talkpal.ai\/persian-grammar\/\">perzsa nyelvtan<\/a> k\u00fcl\u00f6nb\u00f6z\u0151 aspektusainak elsaj\u00e1t\u00edt\u00e1sa elengedhetetlen a nyelv er\u0151s alapjainak megteremt\u00e9s\u00e9hez. Ebben az \u00fatmutat\u00f3ban megvizsg\u00e1ljuk a perzsa <a href=\"https:\/\/talkpal.ai\/grammar\/\">nyelvtan<\/a> k\u00fcl\u00f6nb\u00f6z\u0151 aspektusait, bele\u00e9rtve az igeid\u0151t, ig\u00e9ket, f\u0151neveket, cikkeket \u00e9s m\u00e1s l\u00e9nyeges elemeket, hogy seg\u00edts\u00fcnk szisztematikus \u00e9s hat\u00e9kony m\u00f3don struktur\u00e1lni a tanul\u00e1si folyamatot.<\/p>\n\n\n\n<h3 class=\"wp-block-heading\" id=\"h-1-nouns\">1. F\u0151nevek:<\/h3>\n\n\n\n<p>Kezdje a perzsa f\u0151nevek alapjainak elsaj\u00e1t\u00edt\u00e1s\u00e1val, bele\u00e9rtve a nem\u00fcket (minden perzsa f\u0151n\u00e9v nemsemleges), az egyes \u00e9s t\u00f6bbes sz\u00e1mot, valamint az &#8222;ezafe&#8221; haszn\u00e1lat\u00e1t a birtokl\u00e1s \u00e9s a f\u0151nevek k\u00f6z\u00f6tti kapcsolatok kimutat\u00e1s\u00e1ra.<\/p>\n\n\n\n<h3 class=\"wp-block-heading\" id=\"h-2-pronouns-determiners\">2. N\u00e9vm\u00e1sok\/determin\u00e1nsok:<\/h3>\n\n\n\n<p>Miut\u00e1n megismerte a f\u0151neveket, l\u00e9pjen tov\u00e1bb a n\u00e9vm\u00e1sok \u00e9s determin\u00e1nsok tanul\u00e1s\u00e1ra. Ez seg\u00edt meg\u00e9rteni, hogyan hivatkozhat emberekre \u00e9s t\u00e1rgyakra perzs\u00e1ul, \u00e9s hogyan haszn\u00e1lhat demonstrat\u00edvumokat, birtokosokat \u00e9s sz\u00e1mszer\u0171s\u00edt\u0151ket.<\/p>\n\n\n\n<h3 class=\"wp-block-heading\" id=\"h-3-adjectives\">3. Mell\u00e9knevek:<\/h3>\n\n\n\n<p>Ismerje meg, hogyan kell le\u00edrni a f\u0151neveket mell\u00e9knevekkel, bele\u00e9rtve a mondatban val\u00f3 elhelyez\u00e9s\u00fcket, \u00e9s hogyan \u00e9rtenek egyet az \u00e1ltaluk m\u00f3dos\u00edtott f\u0151nevekkel.<\/p>\n\n\n\n<h3 class=\"wp-block-heading\" id=\"h-4-verbs\">4. Ig\u00e9k:<\/h3>\n\n\n\n<p>Az ig\u00e9k <a href=\"https:\/\/talkpal.ai\/languages\/\">minden nyelv<\/a> gerinc\u00e9t k\u00e9pezik, \u00e9s a perzsa sem kiv\u00e9tel. Kezdje a perzsa igeszerkezet \u00e9s az egyszer\u0171 jelen id\u0151 meg\u00e9rt\u00e9s\u00e9vel, miel\u0151tt tov\u00e1bbl\u00e9pne m\u00e1s id\u0151kre \u00e9s hangulatokra.<\/p>\n\n\n\n<h3 class=\"wp-block-heading\" id=\"h-5-tense-comparison\">5. Fesz\u00fclt \u00f6sszehasonl\u00edt\u00e1s:<\/h3>\n\n\n\n<p>Miut\u00e1n megtanulta az ig\u00e9k alapjait \u00e9s az egyszer\u0171 jelen id\u0151t, hasonl\u00edtsa \u00f6ssze \u00e9s \u00e1ll\u00edtsa szembe a k\u00fcl\u00f6nb\u00f6z\u0151 id\u0151ket, hogy meg\u00e9rtse, hogyan haszn\u00e1lj\u00e1k \u0151ket perzs\u00e1ul. Ez mag\u00e1ban foglalja a m\u00falt, a j\u00f6v\u0151 \u00e9s a felt\u00e9teles id\u0151t.<\/p>\n\n\n\n<h3 class=\"wp-block-heading\" id=\"h-6-progressive-and-perfect-progressive\">6. Progressz\u00edv \u00e9s t\u00f6k\u00e9letes progressz\u00edv:<\/h3>\n\n\n\n<p>Ismerje meg a perzsa ig\u00e9k progressz\u00edv \u00e9s t\u00f6k\u00e9letes progressz\u00edv aspektusait a folyamatban l\u00e9v\u0151 vagy befejezett cselekv\u00e9sek kifejez\u00e9s\u00e9re.<\/p>\n\n\n\n<h3 class=\"wp-block-heading\" id=\"h-7-adverbs\">7. Hat\u00e1roz\u00f3sz\u00f3k:<\/h3>\n\n\n\n<p>A hat\u00e1roz\u00f3szavak elengedhetetlenek ahhoz, hogy \u00e1rnyaltabb\u00e1 \u00e9s kontextusabb\u00e1 tegy\u00fck a perzsa mondatokat. Ismerje meg elhelyez\u00e9s\u00fcket, \u00e9s hogyan m\u00f3dos\u00edtj\u00e1k az ig\u00e9ket, mell\u00e9kneveket \u00e9s m\u00e1s hat\u00e1roz\u00f3szavakat.<\/p>\n\n\n\n<h3 class=\"wp-block-heading\" id=\"h-8-conditionals\">8. Felt\u00e9telek:<\/h3>\n\n\n\n<p>Tudja meg, hogyan lehet kifejezni a hipotetikus helyzeteket \u00e9s k\u00f6vetkezm\u00e9nyeket a perzsa felt\u00e9teles mondatok megtanul\u00e1s\u00e1val.<\/p>\n\n\n\n<h3 class=\"wp-block-heading\" id=\"h-9-prepositions\">9. El\u00f6lj\u00e1r\u00f3szavak:<\/h3>\n\n\n\n<p>A prepoz\u00edci\u00f3k sz\u00fcks\u00e9gesek a szavak \u00e9s kifejez\u00e9sek k\u00f6z\u00f6tti kapcsolatok bemutat\u00e1s\u00e1hoz egy mondatban. Ismerje meg a leggyakoribb perzsa prepoz\u00edci\u00f3kat \u00e9s hogyan kell helyesen haszn\u00e1lni \u0151ket.<\/p>\n\n\n\n<h3 class=\"wp-block-heading\" id=\"h-10-sentences\">10. Mondatok:<\/h3>\n\n\n\n<p>V\u00e9g\u00fcl gyakorold a perzsa nyelvtan \u00f6sszes elem\u00e9nek \u00f6sszerak\u00e1s\u00e1t teljes mondatok kialak\u00edt\u00e1s\u00e1val. \u00d6sszpontos\u00edtson a k\u00fcl\u00f6nb\u00f6z\u0151 mondatszerkezetekre, bele\u00e9rtve az egyszer\u0171, \u00f6sszetett \u00e9s \u00f6sszetett mondatokat, valamint a k\u00e9rd\u00e9seket \u00e9s az imperat\u00edv \u00e1ll\u00edt\u00e1sokat.<\/p>\n\n\n\n<p>A perzsa nyelvtani t\u00e9m\u00e1k tanul\u00e1s\u00e1nak ezen sorrendj\u00e9t k\u00f6vetve er\u0151s alapot teremt a nyelvben, amely lehet\u0151v\u00e9 teszi, hogy hat\u00e9konyan kommunik\u00e1ljon \u00e9s \u00e9rt\u00e9kelje a perzsa irodalom \u00e9s kult\u00fara sz\u00e9ps\u00e9g\u00e9t.<\/p>\n<\/div><\/div>\n\r\n<section class=\"learnNavigationSection\">\r\n            \r\n        <a href=\"https:\/\/talkpal.ai\/hu\/tanulj-perzsaul\/\">\r\n            <div class=\"learnNavigationWrapper\">\r\n                <div class=\"learnNavigationContent\">\r\n                    <img decoding=\"async\" src=\"https:\/\/talkpal.ai\/wp-content\/uploads\/2024\/08\/Persian.jpg\" alt=\"Persian Flag\">\r\n                    <div>\r\n                        <h4>A perzsa tanul\u00e1sr\u00f3l<\/h4>\r\n                        <p>Tudjon meg mindent a perzsa nyelvtanr\u00f3l.<\/p>\r\n                    <\/div>\r\n                <\/div>\r\n            <\/div>\r\n        <\/a>\r\n\r\n        \r\n        <a href=\"https:\/\/talkpal.ai\/hu\/perzsa-nyelvtan\/\">\r\n            <div class=\"learnNavigationWrapper\">\r\n                <div class=\"learnNavigationContent\">\r\n                    <img decoding=\"async\" src=\"https:\/\/talkpal.ai\/wp-content\/uploads\/2024\/08\/Persian.jpg\" alt=\"Persian Flag\">\r\n                    <div>\r\n                        <h4>Perzsa nyelvtani leck\u00e9k<\/h4>\r\n                        <p>Gyakorolja a perzsa nyelvtant.<\/p>\r\n                    <\/div>\r\n                <\/div>\r\n            <\/div>\r\n        <\/a>\r\n\r\n        \r\n        <a href=\"https:\/\/talkpal.ai\/vocabulary_language\/persian\/\">\r\n            <div class=\"learnNavigationWrapper\">\r\n                <div class=\"learnNavigationContent\">\r\n                    <img decoding=\"async\" src=\"https:\/\/talkpal.ai\/wp-content\/uploads\/2024\/08\/Persian.jpg\" alt=\"Persian Flag\">\r\n                    <div>\r\n                        <h4>Perzsa sz\u00f3kincs<\/h4>\r\n                        <p>B\u0151v\u00edtse perzsa sz\u00f3kincs\u00e9t.<\/p>\r\n                    <\/div>\r\n                <\/div>\r\n            <\/div>\r\n        <\/a>\r\n\r\n            <\/section>","protected":false},"excerpt":{"rendered":"<p>Perzsa nyelvtani t\u00e9m\u00e1k A perzsa, m\u00e1s n\u00e9ven perzsa nyelv tanul\u00e1sa izgalmas \u00e9s kifizet\u0151d\u0151 utaz\u00e1s lehet, amely \u00faj lehet\u0151s\u00e9geket nyit meg Ir\u00e1n \u00e9s m\u00e1s perzsa nyelv\u0171 r\u00e9gi\u00f3k gazdag kult\u00far\u00e1j\u00e1nak \u00e9s t\u00f6rt\u00e9nelm\u00e9nek meg\u00e9rt\u00e9s\u00e9re. Tanul\u00f3k\u00e9nt a perzsa nyelvtan k\u00fcl\u00f6nb\u00f6z\u0151 aspektusainak elsaj\u00e1t\u00edt\u00e1sa elengedhetetlen a nyelv er\u0151s alapjainak megteremt\u00e9s\u00e9hez. Ebben az \u00fatmutat\u00f3ban megvizsg\u00e1ljuk a perzsa nyelvtan k\u00fcl\u00f6nb\u00f6z\u0151 aspektusait, bele\u00e9rtve az [&hellip;]<\/p>\n","protected":false},"author":6,"featured_media":117178,"parent":0,"menu_order":0,"comment_status":"closed","ping_status":"closed","template":"LearningContentPage.php","meta":{"_acf_changed":false,"footnotes":""},"class_list":["post-158128","page","type-page","status-publish","has-post-thumbnail","hentry"],"acf":[],"yoast_head":"<!-- This site is optimized with the Yoast SEO Premium plugin v27.2 (Yoast SEO v27.2) - https:\/\/yoast.com\/product\/yoast-seo-premium-wordpress\/ -->\n<title>Perzsa nyelvtani gyakorlatok - Talkpal<\/title>\n<meta name=\"description\" content=\"A perzsa nyelvtani gyakorlatok elsaj\u00e1t\u00edt\u00e1s\u00e1val meger\u0151s\u00edtheti nyelvtud\u00e1s\u00e1t, \u00e9s felfedezheti a perzsa nyelv\u0171 r\u00e9gi\u00f3k kult\u00far\u00e1j\u00e1t.\" \/>\n<meta name=\"robots\" content=\"index, follow, max-snippet:-1, max-image-preview:large, max-video-preview:-1\" \/>\n<link rel=\"canonical\" href=\"https:\/\/talkpal.ai\/hu\/perzsa-nyelvtani-gyakorlatok\/\" \/>\n<meta property=\"og:locale\" content=\"hu_HU\" \/>\n<meta property=\"og:type\" content=\"article\" \/>\n<meta property=\"og:title\" content=\"Perzsa nyelvtani gyakorlatok\" \/>\n<meta property=\"og:description\" content=\"Perzsa nyelvtani t\u00e9m\u00e1k A perzsa, m\u00e1s n\u00e9ven perzsa nyelv tanul\u00e1sa izgalmas \u00e9s kifizet\u0151d\u0151 utaz\u00e1s lehet, amely \u00faj lehet\u0151s\u00e9geket nyit meg Ir\u00e1n \u00e9s m\u00e1s perzsa\" \/>\n<meta property=\"og:url\" content=\"https:\/\/talkpal.ai\/hu\/perzsa-nyelvtani-gyakorlatok\/\" \/>\n<meta property=\"og:site_name\" content=\"Talkpal\" \/>\n<meta property=\"article:publisher\" content=\"https:\/\/www.facebook.com\/profile.php?id=100090733639311\" \/>\n<meta property=\"article:modified_time\" content=\"2025-12-17T15:26:03+00:00\" \/>\n<meta property=\"og:image\" content=\"https:\/\/talkpal.ai\/wp-content\/uploads\/2023\/05\/Persian-iran.png\" \/>\n\t<meta property=\"og:image:width\" content=\"512\" \/>\n\t<meta property=\"og:image:height\" content=\"512\" \/>\n\t<meta property=\"og:image:type\" content=\"image\/png\" \/>\n<meta name=\"twitter:card\" content=\"summary_large_image\" \/>\n<meta name=\"twitter:site\" content=\"@talkpalai\" \/>\n<meta name=\"twitter:label1\" content=\"Becs\u00fclt olvas\u00e1si id\u0151\" \/>\n\t<meta name=\"twitter:data1\" content=\"3 perc\" \/>\n<script type=\"application\/ld+json\" class=\"yoast-schema-graph\">{\"@context\":\"https:\/\/schema.org\",\"@graph\":[{\"@type\":\"WebPage\",\"@id\":\"https:\/\/talkpal.ai\/hu\/perzsa-nyelvtani-gyakorlatok\/\",\"url\":\"https:\/\/talkpal.ai\/hu\/perzsa-nyelvtani-gyakorlatok\/\",\"name\":\"Perzsa nyelvtani gyakorlatok - Talkpal\",\"isPartOf\":{\"@id\":\"https:\/\/talkpal.ai\/hu\/#website\"},\"primaryImageOfPage\":{\"@id\":\"https:\/\/talkpal.ai\/hu\/perzsa-nyelvtani-gyakorlatok\/#primaryimage\"},\"image\":{\"@id\":\"https:\/\/talkpal.ai\/hu\/perzsa-nyelvtani-gyakorlatok\/#primaryimage\"},\"thumbnailUrl\":\"https:\/\/talkpal.ai\/wp-content\/uploads\/2023\/05\/Persian-iran.png\",\"datePublished\":\"2023-06-27T08:51:37+00:00\",\"dateModified\":\"2025-12-17T15:26:03+00:00\",\"description\":\"A perzsa nyelvtani gyakorlatok elsaj\u00e1t\u00edt\u00e1s\u00e1val meger\u0151s\u00edtheti nyelvtud\u00e1s\u00e1t, \u00e9s felfedezheti a perzsa nyelv\u0171 r\u00e9gi\u00f3k kult\u00far\u00e1j\u00e1t.\",\"breadcrumb\":{\"@id\":\"https:\/\/talkpal.ai\/hu\/perzsa-nyelvtani-gyakorlatok\/#breadcrumb\"},\"inLanguage\":\"hu\",\"potentialAction\":[{\"@type\":\"ReadAction\",\"target\":[\"https:\/\/talkpal.ai\/hu\/perzsa-nyelvtani-gyakorlatok\/\"]}]},{\"@type\":\"ImageObject\",\"inLanguage\":\"hu\",\"@id\":\"https:\/\/talkpal.ai\/hu\/perzsa-nyelvtani-gyakorlatok\/#primaryimage\",\"url\":\"https:\/\/talkpal.ai\/wp-content\/uploads\/2023\/05\/Persian-iran.png\",\"contentUrl\":\"https:\/\/talkpal.ai\/wp-content\/uploads\/2023\/05\/Persian-iran.png\",\"width\":512,\"height\":512},{\"@type\":\"BreadcrumbList\",\"@id\":\"https:\/\/talkpal.ai\/hu\/perzsa-nyelvtani-gyakorlatok\/#breadcrumb\",\"itemListElement\":[{\"@type\":\"ListItem\",\"position\":1,\"name\":\"Homepage\",\"item\":\"https:\/\/talkpal.ai\/hu\/\"},{\"@type\":\"ListItem\",\"position\":2,\"name\":\"Perzsa nyelvtani gyakorlatok\"}]},{\"@type\":\"WebSite\",\"@id\":\"https:\/\/talkpal.ai\/hu\/#website\",\"url\":\"https:\/\/talkpal.ai\/hu\/\",\"name\":\"Talkpal\",\"description\":\"AI Language Learning\",\"publisher\":{\"@id\":\"https:\/\/talkpal.ai\/hu\/#organization\"},\"alternateName\":\"Talkpal AI\",\"potentialAction\":[{\"@type\":\"SearchAction\",\"target\":{\"@type\":\"EntryPoint\",\"urlTemplate\":\"https:\/\/talkpal.ai\/hu\/?s={search_term_string}\"},\"query-input\":{\"@type\":\"PropertyValueSpecification\",\"valueRequired\":true,\"valueName\":\"search_term_string\"}}],\"inLanguage\":\"hu\"},{\"@type\":\"Organization\",\"@id\":\"https:\/\/talkpal.ai\/hu\/#organization\",\"name\":\"Talkpal, Inc.\",\"alternateName\":\"Talkpal AI\",\"url\":\"https:\/\/talkpal.ai\/hu\/\",\"logo\":{\"@type\":\"ImageObject\",\"inLanguage\":\"hu\",\"@id\":\"https:\/\/talkpal.ai\/hu\/#\/schema\/logo\/image\/\",\"url\":\"https:\/\/talkpal.ai\/wp-content\/uploads\/2024\/03\/Talkpal-Logo-Icon.png\",\"contentUrl\":\"https:\/\/talkpal.ai\/wp-content\/uploads\/2024\/03\/Talkpal-Logo-Icon.png\",\"width\":2880,\"height\":2880,\"caption\":\"Talkpal, Inc.\"},\"image\":{\"@id\":\"https:\/\/talkpal.ai\/hu\/#\/schema\/logo\/image\/\"},\"sameAs\":[\"https:\/\/www.facebook.com\/profile.php?id=100090733639311\",\"https:\/\/x.com\/talkpalai\",\"https:\/\/www.linkedin.com\/company\/talkpal\/\",\"https:\/\/www.youtube.com\/@TalkPal\/\",\"https:\/\/www.tiktok.com\/@talkpal\",\"https:\/\/www.instagram.com\/talkpal_ai\/\",\"https:\/\/www.crunchbase.com\/organization\/talkpal-9cde\",\"https:\/\/www.g2.com\/products\/talkpal-for-business\/\",\"https:\/\/www.trustpilot.com\/review\/talkpal.ai\",\"https:\/\/www.capterra.com\/p\/10006800\/TalkPal\/\"],\"description\":\"Talkpal is a language learning web and mobile education app, powered by the latest AI technologies, that provides engaging experiences to its customers in many different languages to help them improve their language skills. Users can chat about unlimited amount of topics with the app and use other modes to practice their language learning.\",\"email\":\"support@talkpal.ai\",\"legalName\":\"Talkpal, Inc.\",\"foundingDate\":\"2023-04-03\",\"duns\":\"118989042\",\"numberOfEmployees\":{\"@type\":\"QuantitativeValue\",\"minValue\":\"11\",\"maxValue\":\"50\"},\"publishingPrinciples\":\"https:\/\/talkpal.ai\/publishing-principles\/\",\"actionableFeedbackPolicy\":\"https:\/\/talkpal.ai\/actionable-feedback-policy\/\",\"correctionsPolicy\":\"https:\/\/talkpal.ai\/corrections-policy\/\",\"ethicsPolicy\":\"https:\/\/talkpal.ai\/ethics-policy\/\",\"diversityPolicy\":\"https:\/\/talkpal.ai\/diversity-policy\/\",\"diversityStaffingReport\":\"https:\/\/talkpal.ai\/diversity-policy\/\"}]}<\/script>\n<!-- \/ Yoast SEO Premium plugin. -->","yoast_head_json":{"title":"Perzsa nyelvtani gyakorlatok - Talkpal","description":"A perzsa nyelvtani gyakorlatok elsaj\u00e1t\u00edt\u00e1s\u00e1val meger\u0151s\u00edtheti nyelvtud\u00e1s\u00e1t, \u00e9s felfedezheti a perzsa nyelv\u0171 r\u00e9gi\u00f3k kult\u00far\u00e1j\u00e1t.","robots":{"index":"index","follow":"follow","max-snippet":"max-snippet:-1","max-image-preview":"max-image-preview:large","max-video-preview":"max-video-preview:-1"},"canonical":"https:\/\/talkpal.ai\/hu\/perzsa-nyelvtani-gyakorlatok\/","og_locale":"hu_HU","og_type":"article","og_title":"Perzsa nyelvtani gyakorlatok","og_description":"Perzsa nyelvtani t\u00e9m\u00e1k A perzsa, m\u00e1s n\u00e9ven perzsa nyelv tanul\u00e1sa izgalmas \u00e9s kifizet\u0151d\u0151 utaz\u00e1s lehet, amely \u00faj lehet\u0151s\u00e9geket nyit meg Ir\u00e1n \u00e9s m\u00e1s perzsa","og_url":"https:\/\/talkpal.ai\/hu\/perzsa-nyelvtani-gyakorlatok\/","og_site_name":"Talkpal","article_publisher":"https:\/\/www.facebook.com\/profile.php?id=100090733639311","article_modified_time":"2025-12-17T15:26:03+00:00","og_image":[{"width":512,"height":512,"url":"https:\/\/talkpal.ai\/wp-content\/uploads\/2023\/05\/Persian-iran.png","type":"image\/png"}],"twitter_card":"summary_large_image","twitter_site":"@talkpalai","twitter_misc":{"Becs\u00fclt olvas\u00e1si id\u0151":"3 perc"},"schema":{"@context":"https:\/\/schema.org","@graph":[{"@type":"WebPage","@id":"https:\/\/talkpal.ai\/hu\/perzsa-nyelvtani-gyakorlatok\/","url":"https:\/\/talkpal.ai\/hu\/perzsa-nyelvtani-gyakorlatok\/","name":"Perzsa nyelvtani gyakorlatok - Talkpal","isPartOf":{"@id":"https:\/\/talkpal.ai\/hu\/#website"},"primaryImageOfPage":{"@id":"https:\/\/talkpal.ai\/hu\/perzsa-nyelvtani-gyakorlatok\/#primaryimage"},"image":{"@id":"https:\/\/talkpal.ai\/hu\/perzsa-nyelvtani-gyakorlatok\/#primaryimage"},"thumbnailUrl":"https:\/\/talkpal.ai\/wp-content\/uploads\/2023\/05\/Persian-iran.png","datePublished":"2023-06-27T08:51:37+00:00","dateModified":"2025-12-17T15:26:03+00:00","description":"A perzsa nyelvtani gyakorlatok elsaj\u00e1t\u00edt\u00e1s\u00e1val meger\u0151s\u00edtheti nyelvtud\u00e1s\u00e1t, \u00e9s felfedezheti a perzsa nyelv\u0171 r\u00e9gi\u00f3k kult\u00far\u00e1j\u00e1t.","breadcrumb":{"@id":"https:\/\/talkpal.ai\/hu\/perzsa-nyelvtani-gyakorlatok\/#breadcrumb"},"inLanguage":"hu","potentialAction":[{"@type":"ReadAction","target":["https:\/\/talkpal.ai\/hu\/perzsa-nyelvtani-gyakorlatok\/"]}]},{"@type":"ImageObject","inLanguage":"hu","@id":"https:\/\/talkpal.ai\/hu\/perzsa-nyelvtani-gyakorlatok\/#primaryimage","url":"https:\/\/talkpal.ai\/wp-content\/uploads\/2023\/05\/Persian-iran.png","contentUrl":"https:\/\/talkpal.ai\/wp-content\/uploads\/2023\/05\/Persian-iran.png","width":512,"height":512},{"@type":"BreadcrumbList","@id":"https:\/\/talkpal.ai\/hu\/perzsa-nyelvtani-gyakorlatok\/#breadcrumb","itemListElement":[{"@type":"ListItem","position":1,"name":"Homepage","item":"https:\/\/talkpal.ai\/hu\/"},{"@type":"ListItem","position":2,"name":"Perzsa nyelvtani gyakorlatok"}]},{"@type":"WebSite","@id":"https:\/\/talkpal.ai\/hu\/#website","url":"https:\/\/talkpal.ai\/hu\/","name":"Talkpal","description":"AI Language Learning","publisher":{"@id":"https:\/\/talkpal.ai\/hu\/#organization"},"alternateName":"Talkpal AI","potentialAction":[{"@type":"SearchAction","target":{"@type":"EntryPoint","urlTemplate":"https:\/\/talkpal.ai\/hu\/?s={search_term_string}"},"query-input":{"@type":"PropertyValueSpecification","valueRequired":true,"valueName":"search_term_string"}}],"inLanguage":"hu"},{"@type":"Organization","@id":"https:\/\/talkpal.ai\/hu\/#organization","name":"Talkpal, Inc.","alternateName":"Talkpal AI","url":"https:\/\/talkpal.ai\/hu\/","logo":{"@type":"ImageObject","inLanguage":"hu","@id":"https:\/\/talkpal.ai\/hu\/#\/schema\/logo\/image\/","url":"https:\/\/talkpal.ai\/wp-content\/uploads\/2024\/03\/Talkpal-Logo-Icon.png","contentUrl":"https:\/\/talkpal.ai\/wp-content\/uploads\/2024\/03\/Talkpal-Logo-Icon.png","width":2880,"height":2880,"caption":"Talkpal, Inc."},"image":{"@id":"https:\/\/talkpal.ai\/hu\/#\/schema\/logo\/image\/"},"sameAs":["https:\/\/www.facebook.com\/profile.php?id=100090733639311","https:\/\/x.com\/talkpalai","https:\/\/www.linkedin.com\/company\/talkpal\/","https:\/\/www.youtube.com\/@TalkPal\/","https:\/\/www.tiktok.com\/@talkpal","https:\/\/www.instagram.com\/talkpal_ai\/","https:\/\/www.crunchbase.com\/organization\/talkpal-9cde","https:\/\/www.g2.com\/products\/talkpal-for-business\/","https:\/\/www.trustpilot.com\/review\/talkpal.ai","https:\/\/www.capterra.com\/p\/10006800\/TalkPal\/"],"description":"Talkpal is a language learning web and mobile education app, powered by the latest AI technologies, that provides engaging experiences to its customers in many different languages to help them improve their language skills. Users can chat about unlimited amount of topics with the app and use other modes to practice their language learning.","email":"support@talkpal.ai","legalName":"Talkpal, Inc.","foundingDate":"2023-04-03","duns":"118989042","numberOfEmployees":{"@type":"QuantitativeValue","minValue":"11","maxValue":"50"},"publishingPrinciples":"https:\/\/talkpal.ai\/publishing-principles\/","actionableFeedbackPolicy":"https:\/\/talkpal.ai\/actionable-feedback-policy\/","correctionsPolicy":"https:\/\/talkpal.ai\/corrections-policy\/","ethicsPolicy":"https:\/\/talkpal.ai\/ethics-policy\/","diversityPolicy":"https:\/\/talkpal.ai\/diversity-policy\/","diversityStaffingReport":"https:\/\/talkpal.ai\/diversity-policy\/"}]}},"_links":{"self":[{"href":"https:\/\/talkpal.ai\/hu\/wp-json\/wp\/v2\/pages\/158128","targetHints":{"allow":["GET"]}}],"collection":[{"href":"https:\/\/talkpal.ai\/hu\/wp-json\/wp\/v2\/pages"}],"about":[{"href":"https:\/\/talkpal.ai\/hu\/wp-json\/wp\/v2\/types\/page"}],"author":[{"embeddable":true,"href":"https:\/\/talkpal.ai\/hu\/wp-json\/wp\/v2\/users\/6"}],"replies":[{"embeddable":true,"href":"https:\/\/talkpal.ai\/hu\/wp-json\/wp\/v2\/comments?post=158128"}],"version-history":[{"count":0,"href":"https:\/\/talkpal.ai\/hu\/wp-json\/wp\/v2\/pages\/158128\/revisions"}],"wp:featuredmedia":[{"embeddable":true,"href":"https:\/\/talkpal.ai\/hu\/wp-json\/wp\/v2\/media\/117178"}],"wp:attachment":[{"href":"https:\/\/talkpal.ai\/hu\/wp-json\/wp\/v2\/media?parent=158128"}],"curies":[{"name":"wp","href":"https:\/\/api.w.org\/{rel}","templated":true}]}}