{"id":157842,"date":"2023-06-27T09:07:34","date_gmt":"2023-06-27T09:07:34","guid":{"rendered":"http:\/\/talkpal.ai\/lengyel-nyelvtani-gyakorlatok\/"},"modified":"2025-12-17T09:54:40","modified_gmt":"2025-12-17T09:54:40","slug":"lengyel-nyelvtani-gyakorlatok","status":"publish","type":"page","link":"https:\/\/talkpal.ai\/hu\/lengyel-nyelvtani-gyakorlatok\/","title":{"rendered":"Lengyel nyelvtani gyakorlatok"},"content":{"rendered":"\r\n\r\n\r\n<section class=\"languageChallengeSection\">\r\n    <div class=\"languageInfoWrapper\">\r\n        \r\n        <h1>Lengyel nyelvtani gyakorlatok<\/h1>\r\n        <p>K\u00e9szen \u00e1llsz a <a href=\"https:\/\/talkpal.ai\/learn-polish\/\">lengyel<\/a> nyelvtud\u00e1sod csiszol\u00e1s\u00e1ra? A nyelvtani gyakorlatok gyakorl\u00e1sa remek m\u00f3dja a mondatszerkezet, az igek\u00f6t\u0151k \u00e9s a <a href=\"https:\/\/talkpal.ai\/learn-polish\/\">lengyel<\/a> nyelv egyedi mint\u00e1inak elsaj\u00e1t\u00edt\u00e1s\u00e1nak. Kezdj el dolgozni a lengyel nyelvtanon m\u00e9g ma, \u00e9s megl\u00e1tod, hogyan javul az \u00f6nbizalmad \u00e9s a besz\u00e9dk\u00e9szs\u00e9ged minden egyes gyakorlattal!\n\n<\/p>\r\n\r\n                            <a class=\"getStartedHidden\" href=\"https:\/\/app.talkpal.ai\/hu\/signup?lng=\">Kezdj\u00fck<\/a>\r\n        \r\n    <\/div>\r\n\r\n    <figure>\r\n    <img decoding=\"async\" width=\"768\" height=\"768\" src=\"https:\/\/talkpal.ai\/wp-content\/uploads\/2023\/06\/polish-768x768.png\" class=\"languageImage no-lazy\" alt=\"Practical tips on language learning techniques\" fetchpriority=\"high\" sizes=\"(max-width: 768px) 150px, 768px\" srcset=\"https:\/\/talkpal.ai\/wp-content\/uploads\/2023\/06\/polish-768x768.png 768w, https:\/\/talkpal.ai\/wp-content\/uploads\/2023\/06\/polish-300x300.png 300w\" \/>\r\n    \r\n\r\n    <\/figure>\r\n\r\n            <a class=\"getStartedVisible\" href=\"https:\/\/app.talkpal.ai\/hu\/signup?lng=\">Kezdj\u00fck<\/a>\r\n    \r\n<\/section>\r\n\r\n\r\n<!-- <section class=\"grammarSection\">\r\n    <div class=\"grammarLinks\">\r\n            <\/div>\r\n<\/section> -->\r\n\r\n\r\n\r\n\r\n<section class=\"promotionalBanner\">\r\n    <p class=\"promotionalText\">A nyelvtanul\u00e1s leghat\u00e9konyabb m\u00f3dja<\/p>\r\n    <a class=\"promotionalLink\" href=\"https:\/\/app.talkpal.ai\/hu\/signup?lng=\">Pr\u00f3b\u00e1lja ki a Talkpal ingyen<\/a>\r\n<\/section>\n<div class=\"wp-block-group pageContainerStyle\"><div class=\"wp-block-group__inner-container is-layout-constrained wp-block-group-is-layout-constrained\">\n<h2 class=\"wp-block-heading\" id=\"h-polish-grammar-topics\">Lengyel nyelvtani t\u00e9m\u00e1k<\/h2>\n\n\n\n<p>A lengyel, egy nyugati szl\u00e1v nyelv, Lengyelorsz\u00e1g anyanyelve, \u00e9s vil\u00e1gszerte t\u00f6bb milli\u00f3 ember besz\u00e9li. \u00d6sszetett nyelvtani rendszer\u00e9vel \u00e9s egyedi kiejt\u00e9s\u00e9vel a lengyel nyelv tanul\u00e1sa meglehet\u0151sen kih\u00edv\u00e1st jelenthet, de kifizet\u0151d\u0151 is. Ahhoz, hogy <a href=\"https:\/\/talkpal.ai\/talkpal-christmas-discount\/\">j\u00f3l<\/a> meg\u00e9rts\u00fck \u00e9s elsaj\u00e1t\u00edtsuk a nyelvet, elengedhetetlen, hogy a nyelvtani szab\u00e1lyokat struktur\u00e1lt \u00e9s logikus sorrendben tanuljuk meg. Ebben az \u00fatmutat\u00f3ban megvizsg\u00e1ljuk a lengyel nyelv f\u0151 nyelvtani t\u00e9m\u00e1it, p\u00e9ld\u00e1ul az ig\u0151ket, a f\u0151neveket, a cikkeket, a n\u00e9vm\u00e1sokat, a mell\u00e9kneveket, az adverbeket, a felt\u00e9teleket, az el\u00f6lj\u00e1r\u00f3szavakat \u00e9s a mondatszerkezeteket. Ezt a sorrendet k\u00f6vetve fokozatosan fejlesztheti lengyel nyelvtud\u00e1s\u00e1t \u00e9s hat\u00e9konyan kommunik\u00e1lhat.<\/p>\n\n\n\n<h3 class=\"wp-block-heading\" id=\"h-1-nouns\">1. F\u0151nevek:<\/h3>\n\n\n\n<p>Lengyel\u00fcl a f\u0151nevek h\u00e1rom nemre oszlanak: f\u00e9rfias, n\u0151ies \u00e9s ivartalan\u00edtott. H\u00e9t eset\u00fck is <a href=\"https:\/\/talkpal.ai\/locations\/language-courses-in-van\/\">van<\/a>: alanyeset, birtokos eset, dat\u00edvusz, t\u00e1rgyeset, instrument\u00e1lis, helyhat\u00e1roz\u00f3 \u00e9s megsz\u00f3l\u00edt\u00f3. A nem \u00e9s az esetrendszer megtanul\u00e1sa elengedhetetlen a mondatszerkezetek meg\u00e9rt\u00e9s\u00e9hez \u00e9s m\u00e1s nyelvtani elemek, p\u00e9ld\u00e1ul mell\u00e9knevek \u00e9s n\u00e9vm\u00e1sok helyes form\u00e1inak haszn\u00e1lat\u00e1hoz.<\/p>\n\n\n\n<h3 class=\"wp-block-heading\" id=\"h-2-pronouns-determiners\">2. N\u00e9vm\u00e1sok\/determin\u00e1nsok:<\/h3>\n\n\n\n<p>A lengyel n\u00e9vm\u00e1sok \u00e9s determin\u00e1nsok megegyeznek a f\u0151nevekkel nemben, sz\u00e1mban \u00e9s esetben. Ezek k\u00f6z\u00e9 tartoznak a szem\u00e9lyes, birtokos, demonstrat\u00edv, k\u00e9rd\u0151 \u00e9s relat\u00edv n\u00e9vm\u00e1sok. A n\u00e9vm\u00e1sok \u00e9s a meghat\u00e1roz\u00f3k haszn\u00e1lat\u00e1nak elsaj\u00e1t\u00edt\u00e1sa seg\u00edt a bonyolultabb mondatok kialak\u00edt\u00e1s\u00e1ban \u00e9s a szavak k\u00f6z\u00f6tti k\u00fcl\u00f6nb\u00f6z\u0151 kapcsolatok kifejez\u00e9s\u00e9ben.<\/p>\n\n\n\n<h3 class=\"wp-block-heading\" id=\"h-3-adjectives\">3. Mell\u00e9knevek:<\/h3>\n\n\n\n<p>A lengyel mell\u00e9knevek megegyeznek a nem, a sz\u00e1m \u00e9s az eset f\u0151neveivel. Ezeken a t\u00e9nyez\u0151k\u00f6n alapul\u00f3 k\u00fcl\u00f6nb\u00f6z\u0151 form\u00e1k vannak, \u00edgy a mell\u00e9knevek ragoz\u00e1si mint\u00e1inak megtanul\u00e1sa elengedhetetlen a le\u00edr\u00f3 kifejez\u00e9sek megfelel\u0151 haszn\u00e1lat\u00e1hoz \u00e9s meg\u00e9rt\u00e9s\u00e9hez.<\/p>\n\n\n\n<h3 class=\"wp-block-heading\" id=\"h-4-verbs\">4. Ig\u00e9k:<\/h3>\n\n\n\n<p>A lengyel igerendszer h\u00e1rom id\u0151b\u0151l \u00e1ll: m\u00falt, jelen \u00e9s j\u00f6v\u0151. Az ig\u00e9knek k\u00fcl\u00f6nb\u00f6z\u0151 alakjaik is vannak a szempont (perfekt\u00edv vagy t\u00f6k\u00e9letlen) \u00e9s a ragoz\u00e1si mint\u00e1k alapj\u00e1n. Az igeragoz\u00e1s \u00e9s az aspektus alapjainak elsaj\u00e1t\u00edt\u00e1sa alapvet\u0151 fontoss\u00e1g\u00fa a cselekv\u00e9sek, esem\u00e9nyek \u00e9s \u00e1llapotok k\u00fcl\u00f6nb\u00f6z\u0151 id\u0151keretekben t\u00f6rt\u00e9n\u0151 kifejez\u00e9s\u00e9hez.<\/p>\n\n\n\n<h3 class=\"wp-block-heading\" id=\"h-5-tense-comparison\">5. Fesz\u00fclt \u00f6sszehasonl\u00edt\u00e1s:<\/h3>\n\n\n\n<p>A h\u00e1rom lengyel id\u0151 k\u00f6z\u00f6tti k\u00fcl\u00f6nbs\u00e9gek \u00e9s hasonl\u00f3s\u00e1gok meg\u00e9rt\u00e9se lehet\u0151v\u00e9 teszi az id\u0151kapcsolatok pontos kifejez\u00e9s\u00e9t. Ez mag\u00e1ban foglalja az egyszer\u0171, progressz\u00edv \u00e9s t\u00f6k\u00e9letes progressz\u00edv form\u00e1k kialakul\u00e1s\u00e1t \u00e9s haszn\u00e1lat\u00e1t.<\/p>\n\n\n\n<h3 class=\"wp-block-heading\" id=\"h-6-adverbs\">6. Hat\u00e1roz\u00f3sz\u00f3k:<\/h3>\n\n\n\n<p>A lengyel nyelv\u0171 hat\u00e1roz\u00f3szavak tov\u00e1bbi inform\u00e1ci\u00f3kat ny\u00fajtanak az ig\u00e9kr\u0151l, mell\u00e9knevekr\u0151l vagy m\u00e1s hat\u00e1roz\u00f3sz\u00f3kr\u00f3l. \u00c1ltal\u00e1ban nem v\u00e1ltoztatj\u00e1k a form\u00e1jukat, \u00edgy viszonylag k\u00f6nnyen megtanulhat\u00f3ak. Az adverbek megfelel\u0151 haszn\u00e1lat\u00e1nak ismerete n\u00f6veli a nyelv kifejez\u0151k\u00e9pess\u00e9g\u00e9t.<\/p>\n\n\n\n<h3 class=\"wp-block-heading\" id=\"h-7-prepositions\">7. El\u00f6lj\u00e1r\u00f3szavak:<\/h3>\n\n\n\n<p>A lengyel el\u00f6lj\u00e1r\u00f3szavak konkr\u00e9t eseteket szab\u00e1lyoznak, \u00e9s a mondatban szerepl\u0151 szavak k\u00f6z\u00f6tti kapcsolatokat mutatj\u00e1k. A prepoz\u00edci\u00f3k \u00e9s a megfelel\u0151 esetek helyes haszn\u00e1lat\u00e1nak megtanul\u00e1sa elengedhetetlen a bonyolultabb mondatok kialak\u00edt\u00e1s\u00e1hoz \u00e9s a szavak k\u00f6z\u00f6tti k\u00fcl\u00f6nb\u00f6z\u0151 kapcsolatok kifejez\u00e9s\u00e9hez.<\/p>\n\n\n\n<h3 class=\"wp-block-heading\" id=\"h-8-conditionals\">8. Felt\u00e9telek:<\/h3>\n\n\n\n<p>A felt\u00e9teles mondatok lengyel\u00fcl hipotetikus helyzeteket \u00e9s azok k\u00f6vetkezm\u00e9nyeit fejezik ki. \u00c1ltal\u00e1ban k\u00e9t mell\u00e9kmondatb\u00f3l \u00e1llnak: a felt\u00e9telb\u0151l (if-z\u00e1rad\u00e9k) \u00e9s az eredm\u00e9nyb\u0151l (f\u0151mondat). A felt\u00e9telek kialakul\u00e1s\u00e1nak \u00e9s haszn\u00e1lat\u00e1nak megtanul\u00e1sa lehet\u0151v\u00e9 teszi a hipotetikus helyzetek \u00e9s azok k\u00f6vetkezm\u00e9nyeinek pontos kifejez\u00e9s\u00e9t.<\/p>\n\n\n\n<h3 class=\"wp-block-heading\" id=\"h-9-sentences\">9. Mondatok:<\/h3>\n\n\n\n<p>A hat\u00e9kony lengyel kommunik\u00e1ci\u00f3hoz elengedhetetlen az alapvet\u0151 mondatszerkezetek meg\u00e9rt\u00e9se, bele\u00e9rtve a kijelent\u0151, k\u00e9rd\u0151, felsz\u00f3l\u00edt\u00f3 \u00e9s felki\u00e1lt\u00f3 mondatokat. A mondatszerkezetek elsaj\u00e1t\u00edt\u00e1sa seg\u00edt a gondolatok kifejez\u00e9s\u00e9ben, k\u00e9rd\u00e9sek feltev\u00e9s\u00e9ben, parancsok kiad\u00e1s\u00e1ban \u00e9s \u00e9rzelmek k\u00f6zvet\u00edt\u00e9s\u00e9ben lengyel\u00fcl.<\/p>\n<\/div><\/div>\n\r\n<section class=\"learnNavigationSection\">\r\n            \r\n        <a href=\"https:\/\/talkpal.ai\/hu\/tanulj-lengyelul\/\">\r\n            <div class=\"learnNavigationWrapper\">\r\n                <div class=\"learnNavigationContent\">\r\n                    <img decoding=\"async\" src=\"https:\/\/talkpal.ai\/wp-content\/uploads\/2024\/08\/Polish.jpg\" alt=\"Polish Flag\">\r\n                    <div>\r\n                        <h4>A lengyel tanul\u00e1sr\u00f3l<\/h4>\r\n                        <p>Tudjon meg mindent a lengyel nyelvtanr\u00f3l.<\/p>\r\n                    <\/div>\r\n                <\/div>\r\n            <\/div>\r\n        <\/a>\r\n\r\n        \r\n        <a href=\"https:\/\/talkpal.ai\/hu\/lengyel-nyelvtan\/\">\r\n            <div class=\"learnNavigationWrapper\">\r\n                <div class=\"learnNavigationContent\">\r\n                    <img decoding=\"async\" src=\"https:\/\/talkpal.ai\/wp-content\/uploads\/2024\/08\/Polish.jpg\" alt=\"Polish Flag\">\r\n                    <div>\r\n                        <h4>Lengyel nyelvtani \u00f3r\u00e1k<\/h4>\r\n                        <p>Gyakorolja a lengyel nyelvtant.<\/p>\r\n                    <\/div>\r\n                <\/div>\r\n            <\/div>\r\n        <\/a>\r\n\r\n        \r\n        <a href=\"https:\/\/talkpal.ai\/vocabulary_language\/polish\/\">\r\n            <div class=\"learnNavigationWrapper\">\r\n                <div class=\"learnNavigationContent\">\r\n                    <img decoding=\"async\" src=\"https:\/\/talkpal.ai\/wp-content\/uploads\/2024\/08\/Polish.jpg\" alt=\"Polish Flag\">\r\n                    <div>\r\n                        <h4>Lengyel sz\u00f3kincs<\/h4>\r\n                        <p>B\u0151v\u00edtse lengyel sz\u00f3kincs\u00e9t.<\/p>\r\n                    <\/div>\r\n                <\/div>\r\n            <\/div>\r\n        <\/a>\r\n\r\n            <\/section>","protected":false},"excerpt":{"rendered":"<p>Lengyel nyelvtani t\u00e9m\u00e1k A lengyel, egy nyugati szl\u00e1v nyelv, Lengyelorsz\u00e1g anyanyelve, \u00e9s vil\u00e1gszerte t\u00f6bb milli\u00f3 ember besz\u00e9li. \u00d6sszetett nyelvtani rendszer\u00e9vel \u00e9s egyedi kiejt\u00e9s\u00e9vel a lengyel nyelv tanul\u00e1sa meglehet\u0151sen kih\u00edv\u00e1st jelenthet, de kifizet\u0151d\u0151 is. Ahhoz, hogy j\u00f3l meg\u00e9rts\u00fck \u00e9s elsaj\u00e1t\u00edtsuk a nyelvet, elengedhetetlen, hogy a nyelvtani szab\u00e1lyokat struktur\u00e1lt \u00e9s logikus sorrendben tanuljuk meg. Ebben az \u00fatmutat\u00f3ban [&hellip;]<\/p>\n","protected":false},"author":6,"featured_media":117700,"parent":0,"menu_order":0,"comment_status":"closed","ping_status":"closed","template":"LearningContentPage.php","meta":{"_acf_changed":false,"footnotes":""},"class_list":["post-157842","page","type-page","status-publish","has-post-thumbnail","hentry"],"acf":[],"yoast_head":"<!-- This site is optimized with the Yoast SEO Premium plugin v27.2 (Yoast SEO v27.2) - https:\/\/yoast.com\/product\/yoast-seo-premium-wordpress\/ -->\n<title>Lengyel nyelvtani gyakorlatok - Talkpal<\/title>\n<meta name=\"description\" content=\"Saj\u00e1t\u00edtsa el a lengyel nyelvtant minden szintre tervezett interakt\u00edv gyakorlatokkal. Gyakorolja \u00e9s fejlessze nyelvtud\u00e1s\u00e1t!\" \/>\n<meta name=\"robots\" content=\"index, follow, max-snippet:-1, max-image-preview:large, max-video-preview:-1\" \/>\n<link rel=\"canonical\" href=\"https:\/\/talkpal.ai\/hu\/lengyel-nyelvtani-gyakorlatok\/\" \/>\n<meta property=\"og:locale\" content=\"hu_HU\" \/>\n<meta property=\"og:type\" content=\"article\" \/>\n<meta property=\"og:title\" content=\"Lengyel nyelvtani gyakorlatok\" \/>\n<meta property=\"og:description\" content=\"Lengyel nyelvtani t\u00e9m\u00e1k A lengyel, egy nyugati szl\u00e1v nyelv, Lengyelorsz\u00e1g anyanyelve, \u00e9s vil\u00e1gszerte t\u00f6bb milli\u00f3 ember besz\u00e9li. \u00d6sszetett nyelvtani\" \/>\n<meta property=\"og:url\" content=\"https:\/\/talkpal.ai\/hu\/lengyel-nyelvtani-gyakorlatok\/\" \/>\n<meta property=\"og:site_name\" content=\"Talkpal\" \/>\n<meta property=\"article:publisher\" content=\"https:\/\/www.facebook.com\/profile.php?id=100090733639311\" \/>\n<meta property=\"article:modified_time\" content=\"2025-12-17T09:54:40+00:00\" \/>\n<meta property=\"og:image\" content=\"https:\/\/talkpal.ai\/wp-content\/uploads\/2023\/05\/poland.png\" \/>\n\t<meta property=\"og:image:width\" content=\"512\" \/>\n\t<meta property=\"og:image:height\" content=\"512\" \/>\n\t<meta property=\"og:image:type\" content=\"image\/png\" \/>\n<meta name=\"twitter:card\" content=\"summary_large_image\" \/>\n<meta name=\"twitter:site\" content=\"@talkpalai\" \/>\n<meta name=\"twitter:label1\" content=\"Becs\u00fclt olvas\u00e1si id\u0151\" \/>\n\t<meta name=\"twitter:data1\" content=\"4 perc\" \/>\n<script type=\"application\/ld+json\" class=\"yoast-schema-graph\">{\"@context\":\"https:\/\/schema.org\",\"@graph\":[{\"@type\":\"WebPage\",\"@id\":\"https:\/\/talkpal.ai\/hu\/lengyel-nyelvtani-gyakorlatok\/\",\"url\":\"https:\/\/talkpal.ai\/hu\/lengyel-nyelvtani-gyakorlatok\/\",\"name\":\"Lengyel nyelvtani gyakorlatok - Talkpal\",\"isPartOf\":{\"@id\":\"https:\/\/talkpal.ai\/hu\/#website\"},\"primaryImageOfPage\":{\"@id\":\"https:\/\/talkpal.ai\/hu\/lengyel-nyelvtani-gyakorlatok\/#primaryimage\"},\"image\":{\"@id\":\"https:\/\/talkpal.ai\/hu\/lengyel-nyelvtani-gyakorlatok\/#primaryimage\"},\"thumbnailUrl\":\"https:\/\/talkpal.ai\/wp-content\/uploads\/2023\/05\/poland.png\",\"datePublished\":\"2023-06-27T09:07:34+00:00\",\"dateModified\":\"2025-12-17T09:54:40+00:00\",\"description\":\"Saj\u00e1t\u00edtsa el a lengyel nyelvtant minden szintre tervezett interakt\u00edv gyakorlatokkal. Gyakorolja \u00e9s fejlessze nyelvtud\u00e1s\u00e1t!\",\"breadcrumb\":{\"@id\":\"https:\/\/talkpal.ai\/hu\/lengyel-nyelvtani-gyakorlatok\/#breadcrumb\"},\"inLanguage\":\"hu\",\"potentialAction\":[{\"@type\":\"ReadAction\",\"target\":[\"https:\/\/talkpal.ai\/hu\/lengyel-nyelvtani-gyakorlatok\/\"]}]},{\"@type\":\"ImageObject\",\"inLanguage\":\"hu\",\"@id\":\"https:\/\/talkpal.ai\/hu\/lengyel-nyelvtani-gyakorlatok\/#primaryimage\",\"url\":\"https:\/\/talkpal.ai\/wp-content\/uploads\/2023\/05\/poland.png\",\"contentUrl\":\"https:\/\/talkpal.ai\/wp-content\/uploads\/2023\/05\/poland.png\",\"width\":512,\"height\":512},{\"@type\":\"BreadcrumbList\",\"@id\":\"https:\/\/talkpal.ai\/hu\/lengyel-nyelvtani-gyakorlatok\/#breadcrumb\",\"itemListElement\":[{\"@type\":\"ListItem\",\"position\":1,\"name\":\"Homepage\",\"item\":\"https:\/\/talkpal.ai\/hu\/\"},{\"@type\":\"ListItem\",\"position\":2,\"name\":\"Lengyel nyelvtani gyakorlatok\"}]},{\"@type\":\"WebSite\",\"@id\":\"https:\/\/talkpal.ai\/hu\/#website\",\"url\":\"https:\/\/talkpal.ai\/hu\/\",\"name\":\"Talkpal\",\"description\":\"AI Language Learning\",\"publisher\":{\"@id\":\"https:\/\/talkpal.ai\/hu\/#organization\"},\"alternateName\":\"Talkpal AI\",\"potentialAction\":[{\"@type\":\"SearchAction\",\"target\":{\"@type\":\"EntryPoint\",\"urlTemplate\":\"https:\/\/talkpal.ai\/hu\/?s={search_term_string}\"},\"query-input\":{\"@type\":\"PropertyValueSpecification\",\"valueRequired\":true,\"valueName\":\"search_term_string\"}}],\"inLanguage\":\"hu\"},{\"@type\":\"Organization\",\"@id\":\"https:\/\/talkpal.ai\/hu\/#organization\",\"name\":\"Talkpal, Inc.\",\"alternateName\":\"Talkpal AI\",\"url\":\"https:\/\/talkpal.ai\/hu\/\",\"logo\":{\"@type\":\"ImageObject\",\"inLanguage\":\"hu\",\"@id\":\"https:\/\/talkpal.ai\/hu\/#\/schema\/logo\/image\/\",\"url\":\"https:\/\/talkpal.ai\/wp-content\/uploads\/2024\/03\/Talkpal-Logo-Icon.png\",\"contentUrl\":\"https:\/\/talkpal.ai\/wp-content\/uploads\/2024\/03\/Talkpal-Logo-Icon.png\",\"width\":2880,\"height\":2880,\"caption\":\"Talkpal, Inc.\"},\"image\":{\"@id\":\"https:\/\/talkpal.ai\/hu\/#\/schema\/logo\/image\/\"},\"sameAs\":[\"https:\/\/www.facebook.com\/profile.php?id=100090733639311\",\"https:\/\/x.com\/talkpalai\",\"https:\/\/www.linkedin.com\/company\/talkpal\/\",\"https:\/\/www.youtube.com\/@TalkPal\/\",\"https:\/\/www.tiktok.com\/@talkpal\",\"https:\/\/www.instagram.com\/talkpal_ai\/\",\"https:\/\/www.crunchbase.com\/organization\/talkpal-9cde\",\"https:\/\/www.g2.com\/products\/talkpal-for-business\/\",\"https:\/\/www.trustpilot.com\/review\/talkpal.ai\",\"https:\/\/www.capterra.com\/p\/10006800\/TalkPal\/\"],\"description\":\"Talkpal is a language learning web and mobile education app, powered by the latest AI technologies, that provides engaging experiences to its customers in many different languages to help them improve their language skills. Users can chat about unlimited amount of topics with the app and use other modes to practice their language learning.\",\"email\":\"support@talkpal.ai\",\"legalName\":\"Talkpal, Inc.\",\"foundingDate\":\"2023-04-03\",\"duns\":\"118989042\",\"numberOfEmployees\":{\"@type\":\"QuantitativeValue\",\"minValue\":\"11\",\"maxValue\":\"50\"},\"publishingPrinciples\":\"https:\/\/talkpal.ai\/publishing-principles\/\",\"actionableFeedbackPolicy\":\"https:\/\/talkpal.ai\/actionable-feedback-policy\/\",\"correctionsPolicy\":\"https:\/\/talkpal.ai\/corrections-policy\/\",\"ethicsPolicy\":\"https:\/\/talkpal.ai\/ethics-policy\/\",\"diversityPolicy\":\"https:\/\/talkpal.ai\/diversity-policy\/\",\"diversityStaffingReport\":\"https:\/\/talkpal.ai\/diversity-policy\/\"}]}<\/script>\n<!-- \/ Yoast SEO Premium plugin. -->","yoast_head_json":{"title":"Lengyel nyelvtani gyakorlatok - Talkpal","description":"Saj\u00e1t\u00edtsa el a lengyel nyelvtant minden szintre tervezett interakt\u00edv gyakorlatokkal. Gyakorolja \u00e9s fejlessze nyelvtud\u00e1s\u00e1t!","robots":{"index":"index","follow":"follow","max-snippet":"max-snippet:-1","max-image-preview":"max-image-preview:large","max-video-preview":"max-video-preview:-1"},"canonical":"https:\/\/talkpal.ai\/hu\/lengyel-nyelvtani-gyakorlatok\/","og_locale":"hu_HU","og_type":"article","og_title":"Lengyel nyelvtani gyakorlatok","og_description":"Lengyel nyelvtani t\u00e9m\u00e1k A lengyel, egy nyugati szl\u00e1v nyelv, Lengyelorsz\u00e1g anyanyelve, \u00e9s vil\u00e1gszerte t\u00f6bb milli\u00f3 ember besz\u00e9li. \u00d6sszetett nyelvtani","og_url":"https:\/\/talkpal.ai\/hu\/lengyel-nyelvtani-gyakorlatok\/","og_site_name":"Talkpal","article_publisher":"https:\/\/www.facebook.com\/profile.php?id=100090733639311","article_modified_time":"2025-12-17T09:54:40+00:00","og_image":[{"width":512,"height":512,"url":"https:\/\/talkpal.ai\/wp-content\/uploads\/2023\/05\/poland.png","type":"image\/png"}],"twitter_card":"summary_large_image","twitter_site":"@talkpalai","twitter_misc":{"Becs\u00fclt olvas\u00e1si id\u0151":"4 perc"},"schema":{"@context":"https:\/\/schema.org","@graph":[{"@type":"WebPage","@id":"https:\/\/talkpal.ai\/hu\/lengyel-nyelvtani-gyakorlatok\/","url":"https:\/\/talkpal.ai\/hu\/lengyel-nyelvtani-gyakorlatok\/","name":"Lengyel nyelvtani gyakorlatok - Talkpal","isPartOf":{"@id":"https:\/\/talkpal.ai\/hu\/#website"},"primaryImageOfPage":{"@id":"https:\/\/talkpal.ai\/hu\/lengyel-nyelvtani-gyakorlatok\/#primaryimage"},"image":{"@id":"https:\/\/talkpal.ai\/hu\/lengyel-nyelvtani-gyakorlatok\/#primaryimage"},"thumbnailUrl":"https:\/\/talkpal.ai\/wp-content\/uploads\/2023\/05\/poland.png","datePublished":"2023-06-27T09:07:34+00:00","dateModified":"2025-12-17T09:54:40+00:00","description":"Saj\u00e1t\u00edtsa el a lengyel nyelvtant minden szintre tervezett interakt\u00edv gyakorlatokkal. Gyakorolja \u00e9s fejlessze nyelvtud\u00e1s\u00e1t!","breadcrumb":{"@id":"https:\/\/talkpal.ai\/hu\/lengyel-nyelvtani-gyakorlatok\/#breadcrumb"},"inLanguage":"hu","potentialAction":[{"@type":"ReadAction","target":["https:\/\/talkpal.ai\/hu\/lengyel-nyelvtani-gyakorlatok\/"]}]},{"@type":"ImageObject","inLanguage":"hu","@id":"https:\/\/talkpal.ai\/hu\/lengyel-nyelvtani-gyakorlatok\/#primaryimage","url":"https:\/\/talkpal.ai\/wp-content\/uploads\/2023\/05\/poland.png","contentUrl":"https:\/\/talkpal.ai\/wp-content\/uploads\/2023\/05\/poland.png","width":512,"height":512},{"@type":"BreadcrumbList","@id":"https:\/\/talkpal.ai\/hu\/lengyel-nyelvtani-gyakorlatok\/#breadcrumb","itemListElement":[{"@type":"ListItem","position":1,"name":"Homepage","item":"https:\/\/talkpal.ai\/hu\/"},{"@type":"ListItem","position":2,"name":"Lengyel nyelvtani gyakorlatok"}]},{"@type":"WebSite","@id":"https:\/\/talkpal.ai\/hu\/#website","url":"https:\/\/talkpal.ai\/hu\/","name":"Talkpal","description":"AI Language Learning","publisher":{"@id":"https:\/\/talkpal.ai\/hu\/#organization"},"alternateName":"Talkpal AI","potentialAction":[{"@type":"SearchAction","target":{"@type":"EntryPoint","urlTemplate":"https:\/\/talkpal.ai\/hu\/?s={search_term_string}"},"query-input":{"@type":"PropertyValueSpecification","valueRequired":true,"valueName":"search_term_string"}}],"inLanguage":"hu"},{"@type":"Organization","@id":"https:\/\/talkpal.ai\/hu\/#organization","name":"Talkpal, Inc.","alternateName":"Talkpal AI","url":"https:\/\/talkpal.ai\/hu\/","logo":{"@type":"ImageObject","inLanguage":"hu","@id":"https:\/\/talkpal.ai\/hu\/#\/schema\/logo\/image\/","url":"https:\/\/talkpal.ai\/wp-content\/uploads\/2024\/03\/Talkpal-Logo-Icon.png","contentUrl":"https:\/\/talkpal.ai\/wp-content\/uploads\/2024\/03\/Talkpal-Logo-Icon.png","width":2880,"height":2880,"caption":"Talkpal, Inc."},"image":{"@id":"https:\/\/talkpal.ai\/hu\/#\/schema\/logo\/image\/"},"sameAs":["https:\/\/www.facebook.com\/profile.php?id=100090733639311","https:\/\/x.com\/talkpalai","https:\/\/www.linkedin.com\/company\/talkpal\/","https:\/\/www.youtube.com\/@TalkPal\/","https:\/\/www.tiktok.com\/@talkpal","https:\/\/www.instagram.com\/talkpal_ai\/","https:\/\/www.crunchbase.com\/organization\/talkpal-9cde","https:\/\/www.g2.com\/products\/talkpal-for-business\/","https:\/\/www.trustpilot.com\/review\/talkpal.ai","https:\/\/www.capterra.com\/p\/10006800\/TalkPal\/"],"description":"Talkpal is a language learning web and mobile education app, powered by the latest AI technologies, that provides engaging experiences to its customers in many different languages to help them improve their language skills. Users can chat about unlimited amount of topics with the app and use other modes to practice their language learning.","email":"support@talkpal.ai","legalName":"Talkpal, Inc.","foundingDate":"2023-04-03","duns":"118989042","numberOfEmployees":{"@type":"QuantitativeValue","minValue":"11","maxValue":"50"},"publishingPrinciples":"https:\/\/talkpal.ai\/publishing-principles\/","actionableFeedbackPolicy":"https:\/\/talkpal.ai\/actionable-feedback-policy\/","correctionsPolicy":"https:\/\/talkpal.ai\/corrections-policy\/","ethicsPolicy":"https:\/\/talkpal.ai\/ethics-policy\/","diversityPolicy":"https:\/\/talkpal.ai\/diversity-policy\/","diversityStaffingReport":"https:\/\/talkpal.ai\/diversity-policy\/"}]}},"_links":{"self":[{"href":"https:\/\/talkpal.ai\/hu\/wp-json\/wp\/v2\/pages\/157842","targetHints":{"allow":["GET"]}}],"collection":[{"href":"https:\/\/talkpal.ai\/hu\/wp-json\/wp\/v2\/pages"}],"about":[{"href":"https:\/\/talkpal.ai\/hu\/wp-json\/wp\/v2\/types\/page"}],"author":[{"embeddable":true,"href":"https:\/\/talkpal.ai\/hu\/wp-json\/wp\/v2\/users\/6"}],"replies":[{"embeddable":true,"href":"https:\/\/talkpal.ai\/hu\/wp-json\/wp\/v2\/comments?post=157842"}],"version-history":[{"count":0,"href":"https:\/\/talkpal.ai\/hu\/wp-json\/wp\/v2\/pages\/157842\/revisions"}],"wp:featuredmedia":[{"embeddable":true,"href":"https:\/\/talkpal.ai\/hu\/wp-json\/wp\/v2\/media\/117700"}],"wp:attachment":[{"href":"https:\/\/talkpal.ai\/hu\/wp-json\/wp\/v2\/media?parent=157842"}],"curies":[{"name":"wp","href":"https:\/\/api.w.org\/{rel}","templated":true}]}}