{"id":157560,"date":"2023-06-28T09:53:38","date_gmt":"2023-06-28T09:53:38","guid":{"rendered":"http:\/\/talkpal.ai\/roman-nyelvtani-gyakorlatok\/"},"modified":"2025-12-17T09:38:49","modified_gmt":"2025-12-17T09:38:49","slug":"roman-nyelvtani-gyakorlatok","status":"publish","type":"page","link":"https:\/\/talkpal.ai\/hu\/roman-nyelvtani-gyakorlatok\/","title":{"rendered":"Rom\u00e1n nyelvtani gyakorlatok"},"content":{"rendered":"\r\n\r\n\r\n<section class=\"languageChallengeSection\">\r\n    <div class=\"languageInfoWrapper\">\r\n        \r\n        <h1>Rom\u00e1n nyelvtani gyakorlatok<\/h1>\r\n        <p>Szeretn\u00e9 fejleszteni a <a href=\"https:\/\/talkpal.ai\/learn-romanian\/\">rom\u00e1n<\/a> nyelvtud\u00e1s\u00e1t? A nyelvtani gyakorlatok gyakorl\u00e1sa biztos m\u00f3dja a mondatszerkezet, az igek\u00f6t\u0151k \u00e9s a <a href=\"https:\/\/talkpal.ai\/learn-romanian\/\">rom\u00e1n<\/a> nyelv egyedi jellemz\u0151inek elsaj\u00e1t\u00edt\u00e1s\u00e1nak. Kezdj el dolgozni a rom\u00e1n nyelvtanon m\u00e9g ma, \u00e9s figyeld, ahogy a magabiztoss\u00e1god \u00e9s a foly\u00e9kony besz\u00e9dk\u00e9szs\u00e9ged minden egyes gyakorlattal n\u0151!\n\n<\/p>\r\n\r\n                            <a class=\"getStartedHidden\" href=\"https:\/\/app.talkpal.ai\/hu\/signup?lng=\">Kezdj\u00fck<\/a>\r\n        \r\n    <\/div>\r\n\r\n    <figure>\r\n    <img decoding=\"async\" width=\"768\" height=\"768\" src=\"https:\/\/talkpal.ai\/wp-content\/uploads\/2023\/06\/romanian-768x768.png\" class=\"languageImage no-lazy\" alt=\"Language learning for intellectual challenge\" fetchpriority=\"high\" sizes=\"(max-width: 768px) 150px, 768px\" srcset=\"https:\/\/talkpal.ai\/wp-content\/uploads\/2023\/06\/romanian-768x768.png 768w, https:\/\/talkpal.ai\/wp-content\/uploads\/2023\/06\/romanian-300x300.png 300w\" \/>\r\n    \r\n\r\n    <\/figure>\r\n\r\n            <a class=\"getStartedVisible\" href=\"https:\/\/app.talkpal.ai\/hu\/signup?lng=\">Kezdj\u00fck<\/a>\r\n    \r\n<\/section>\r\n\r\n\r\n<!-- <section class=\"grammarSection\">\r\n    <div class=\"grammarLinks\">\r\n            <\/div>\r\n<\/section> -->\r\n\r\n\r\n\r\n\r\n<section class=\"promotionalBanner\">\r\n    <p class=\"promotionalText\">A nyelvtanul\u00e1s leghat\u00e9konyabb m\u00f3dja<\/p>\r\n    <a class=\"promotionalLink\" href=\"https:\/\/app.talkpal.ai\/hu\/signup?lng=\">Pr\u00f3b\u00e1lja ki a Talkpal ingyen<\/a>\r\n<\/section>\n<div class=\"wp-block-group pageContainerStyle\"><div class=\"wp-block-group__inner-container is-layout-constrained wp-block-group-is-layout-constrained\">\n<h2 class=\"wp-block-heading\" id=\"h-romanian-grammar-topics\">Rom\u00e1n nyelvtani t\u00e9m\u00e1k<\/h2>\n\n\n\n<p>A rom\u00e1n nyelvtanul\u00e1s kifizet\u0151d\u0151 v\u00e1llalkoz\u00e1s, amely betekint\u00e9st ny\u00fajt a gazdag kult\u00far\u00e1ba \u00e9s t\u00f6rt\u00e9nelembe. B\u00e1r a <a href=\"https:\/\/talkpal.ai\/romanian-grammar\/\">rom\u00e1n nyelvtan<\/a> \u00f6sszetett, egy szisztematikus megk\u00f6zel\u00edt\u00e9s kezelhet\u0151v\u00e9 teheti. A legfontosabb az, hogy meg\u00e9rts\u00fck annak szerkezet\u00e9t \u00e9s szab\u00e1lyait, kezdve az alapelemekkel \u00e9s fokozatosan haladva a fejlett t\u00e9m\u00e1k fel\u00e9. <a href=\"https:\/\/talkpal.ai\/culture\/how-do-you-use-the-demonstrative-pronouns-ez-and-az\/\">Ez az<\/a> \u00fatmutat\u00f3 optim\u00e1lis sorrendet biztos\u00edt a rom\u00e1n <a href=\"https:\/\/talkpal.ai\/grammar\/\">nyelvtan<\/a> tanul\u00e1s\u00e1hoz, k\u00fcl\u00f6n\u00f6s tekintettel az igeid\u0151kre, ig\u00e9kre, f\u0151nevekre, cikkekre, n\u00e9vm\u00e1sokra \/ determin\u00e1nsokra, mell\u00e9knevekre, hat\u00e1roz\u00f3sz\u00f3kra, felt\u00e9teles m\u00f3dra, el\u00f6lj\u00e1r\u00f3szavakra \u00e9s mondatszerkezetre.<\/p>\n\n\n\n<h3 class=\"wp-block-heading\" id=\"h-1-nouns\">1. F\u0151nevek:<\/h3>\n\n\n\n<p>Kezdje a rom\u00e1n f\u0151nevek tanul\u00e1s\u00e1val, amelyeknek nem\u00fck \u00e9s eset\u00fck <a href=\"https:\/\/talkpal.ai\/locations\/language-courses-in-van\/\">van<\/a>. A f\u0151n\u00e9vi form\u00e1k megismer\u00e9se seg\u00edt meg\u00e9rteni a nyelv alapjait.<\/p>\n\n\n\n<h3 class=\"wp-block-heading\" id=\"h-2-articles\">2. Cikkek:<\/h3>\n\n\n\n<p>Ezut\u00e1n ismerje meg a f\u0151nevekkel haszn\u00e1lt cikkeket. A rom\u00e1n nyelvben hat\u00e1rozott \u00e9s hat\u00e1rozatlan n\u00e9vel\u0151k vannak, amelyek megegyeznek a f\u0151n\u00e9v nem\u00e9vel, sz\u00e1m\u00e1val \u00e9s eset\u00e9vel.<\/p>\n\n\n\n<h3 class=\"wp-block-heading\" id=\"h-3-adjectives\">3. Mell\u00e9knevek:<\/h3>\n\n\n\n<p>A rom\u00e1n mell\u00e9knevek nemben, sz\u00e1mban \u00e9s esetben megegyeznek az \u00e1ltaluk m\u00f3dos\u00edtott f\u0151n\u00e9vvel. A t\u00e9ma megtanul\u00e1sa el\u0151seg\u00edti a sz\u00f3kincs \u00e9s a mondat\u00e9p\u00edt\u00e9s jav\u00edt\u00e1s\u00e1t.<\/p>\n\n\n\n<h3 class=\"wp-block-heading\" id=\"h-4-pronouns-determiners\">4. N\u00e9vm\u00e1sok\/determin\u00e1nsok:<\/h3>\n\n\n\n<p>Ezek helyettes\u00edtik vagy k\u00eds\u00e9rik a f\u0151neveket. Ezek megtanul\u00e1sa seg\u00edt elker\u00fclni az ism\u00e9tl\u00e9st, \u00e9s v\u00e1ltozatosabb\u00e1 teszi mondatait.<\/p>\n\n\n\n<h3 class=\"wp-block-heading\" id=\"h-5-verbs\">5. Ig\u00e9k:<\/h3>\n\n\n\n<p>Az ig\u00e9k a mondatok k\u00f6z\u00e9ppontj\u00e1ban \u00e1llnak. Cselekv\u00e9seket vagy l\u00e9t\u00e1llapotokat jeleznek. A rom\u00e1n ig\u00e9ket hangulat, fesz\u00fclts\u00e9g, szem\u00e9ly \u00e9s sz\u00e1m szerint ragozz\u00e1k.<\/p>\n\n\n\n<h3 class=\"wp-block-heading\" id=\"h-6-tenses\">6. Igeid\u0151k:<\/h3>\n\n\n\n<p>A rom\u00e1n nyelvnek t\u00f6bb igeideje van a m\u00falt, a jelen \u00e9s a j\u00f6v\u0151beli cselekedetek kifejez\u00e9s\u00e9re. Ezek sorrendben t\u00f6rt\u00e9n\u0151 megtanul\u00e1sa &#8211; jelen, m\u00falt \u00e9s j\u00f6v\u0151 &#8211; seg\u00edt meg\u00e9rteni \u00e9s kifejezni a k\u00fcl\u00f6nb\u00f6z\u0151 id\u0151kereteket.<\/p>\n\n\n\n<h3 class=\"wp-block-heading\" id=\"h-7-tense-comparison\">7. Fesz\u00fclt \u00f6sszehasonl\u00edt\u00e1s:<\/h3>\n\n\n\n<p>A k\u00fcl\u00f6nb\u00f6z\u0151 igeid\u0151k \u00f6sszehasonl\u00edt\u00e1s\u00e1nak \u00e9s kontrasztj\u00e1nak meg\u00e9rt\u00e9se kulcsfontoss\u00e1g\u00fa a helyes haszn\u00e1latukhoz. Ez a l\u00e9p\u00e9s seg\u00edt jav\u00edtani az igehaszn\u00e1latot.<\/p>\n\n\n\n<h3 class=\"wp-block-heading\" id=\"h-8-progressive-and-perfect-progressive\">8. Progressz\u00edv \u00e9s t\u00f6k\u00e9letes progressz\u00edv:<\/h3>\n\n\n\n<p>Ezek fejlettebb igeform\u00e1k, amelyek lehet\u0151v\u00e9 teszik a folyamatban l\u00e9v\u0151 vagy befejezett m\u0171veletek kifejez\u00e9s\u00e9t.<\/p>\n\n\n\n<h3 class=\"wp-block-heading\" id=\"h-9-adverbs\">9. Hat\u00e1roz\u00f3sz\u00f3k:<\/h3>\n\n\n\n<p>A hat\u00e1roz\u00f3szavak m\u00f3dos\u00edtj\u00e1k az ig\u00e9ket, mell\u00e9kneveket vagy m\u00e1s hat\u00e1roz\u00f3szavakat. R\u00e9szleteket adnak a mondatokhoz, lehet\u0151v\u00e9 t\u00e9ve a m\u00f3d, a hely, az id\u0151, a gyakoris\u00e1g, a fok \u00e9s egyebek kifejez\u00e9s\u00e9t.<\/p>\n\n\n\n<h3 class=\"wp-block-heading\" id=\"h-10-conditionals\">10. Felt\u00e9telek:<\/h3>\n\n\n\n<p>A felt\u00e9telek hipotetikus helyzeteket \u00e9s azok lehets\u00e9ges kimeneteleit fejezik ki. Ezek elengedhetetlenek az \u00f6sszetett gondolatok kifejez\u00e9s\u00e9hez.<\/p>\n\n\n\n<h3 class=\"wp-block-heading\" id=\"h-11-prepositions\">11. El\u00f6lj\u00e1r\u00f3szavak:<\/h3>\n\n\n\n<p>A prepoz\u00edci\u00f3k szavakat \u00e9s kifejez\u00e9seket kapcsolnak \u00f6ssze, kontextust biztos\u00edtva. Jelzik a helyet, az ir\u00e1nyt, az id\u0151t \u00e9s m\u00e1s kapcsolatokat.<\/p>\n\n\n\n<h3 class=\"wp-block-heading\" id=\"h-12-sentences\">12. Mondatok:<\/h3>\n\n\n\n<p>V\u00e9g\u00fcl, ha meg\u00e9rtj\u00fck, hogy ezek az elemek hogyan \u00e1llnak \u00f6ssze mondatokk\u00e1, megszil\u00e1rd\u00edtja a rom\u00e1n nyelvtan meg\u00e9rt\u00e9s\u00e9t. Ez az utols\u00f3 szakasz mag\u00e1ban foglalja a mondatszerkezet, a mondatt\u00edpusok \u00e9s az \u00edr\u00e1sjelek megismer\u00e9s\u00e9t.<\/p>\n<\/div><\/div>\n\r\n<section class=\"learnNavigationSection\">\r\n            \r\n        <a href=\"https:\/\/talkpal.ai\/hu\/tanulj-romanul\/\">\r\n            <div class=\"learnNavigationWrapper\">\r\n                <div class=\"learnNavigationContent\">\r\n                    <img decoding=\"async\" src=\"https:\/\/talkpal.ai\/wp-content\/uploads\/2024\/08\/Romanian.jpg\" alt=\"Romanian Flag\">\r\n                    <div>\r\n                        <h4>A rom\u00e1n nyelvtanul\u00e1sr\u00f3l<\/h4>\r\n                        <p>Tudjon meg mindent a rom\u00e1n nyelvtanr\u00f3l.<\/p>\r\n                    <\/div>\r\n                <\/div>\r\n            <\/div>\r\n        <\/a>\r\n\r\n        \r\n        <a href=\"https:\/\/talkpal.ai\/hu\/roman-nyelvtan\/\">\r\n            <div class=\"learnNavigationWrapper\">\r\n                <div class=\"learnNavigationContent\">\r\n                    <img decoding=\"async\" src=\"https:\/\/talkpal.ai\/wp-content\/uploads\/2024\/08\/Romanian.jpg\" alt=\"Romanian Flag\">\r\n                    <div>\r\n                        <h4>Rom\u00e1n nyelvtan \u00f3r\u00e1k<\/h4>\r\n                        <p>Gyakorolja a rom\u00e1n nyelvtant.<\/p>\r\n                    <\/div>\r\n                <\/div>\r\n            <\/div>\r\n        <\/a>\r\n\r\n        \r\n        <a href=\"https:\/\/talkpal.ai\/vocabulary_language\/romanian\/\">\r\n            <div class=\"learnNavigationWrapper\">\r\n                <div class=\"learnNavigationContent\">\r\n                    <img decoding=\"async\" src=\"https:\/\/talkpal.ai\/wp-content\/uploads\/2024\/08\/Romanian.jpg\" alt=\"Romanian Flag\">\r\n                    <div>\r\n                        <h4>Rom\u00e1n sz\u00f3kincs<\/h4>\r\n                        <p>B\u0151v\u00edtse rom\u00e1n sz\u00f3kincs\u00e9t.<\/p>\r\n                    <\/div>\r\n                <\/div>\r\n            <\/div>\r\n        <\/a>\r\n\r\n            <\/section>","protected":false},"excerpt":{"rendered":"<p>Rom\u00e1n nyelvtani t\u00e9m\u00e1k A rom\u00e1n nyelvtanul\u00e1s kifizet\u0151d\u0151 v\u00e1llalkoz\u00e1s, amely betekint\u00e9st ny\u00fajt a gazdag kult\u00far\u00e1ba \u00e9s t\u00f6rt\u00e9nelembe. B\u00e1r a rom\u00e1n nyelvtan \u00f6sszetett, egy szisztematikus megk\u00f6zel\u00edt\u00e9s kezelhet\u0151v\u00e9 teheti. A legfontosabb az, hogy meg\u00e9rts\u00fck annak szerkezet\u00e9t \u00e9s szab\u00e1lyait, kezdve az alapelemekkel \u00e9s fokozatosan haladva a fejlett t\u00e9m\u00e1k fel\u00e9. Ez az \u00fatmutat\u00f3 optim\u00e1lis sorrendet biztos\u00edt a rom\u00e1n nyelvtan tanul\u00e1s\u00e1hoz, [&hellip;]<\/p>\n","protected":false},"author":6,"featured_media":117738,"parent":0,"menu_order":0,"comment_status":"closed","ping_status":"closed","template":"LearningContentPage.php","meta":{"_acf_changed":false,"footnotes":""},"class_list":["post-157560","page","type-page","status-publish","has-post-thumbnail","hentry"],"acf":[],"yoast_head":"<!-- This site is optimized with the Yoast SEO Premium plugin v27.2 (Yoast SEO v27.2) - https:\/\/yoast.com\/product\/yoast-seo-premium-wordpress\/ -->\n<title>Rom\u00e1n nyelvtani gyakorlatok - Talkpal<\/title>\n<meta name=\"description\" content=\"A rom\u00e1n nyelvtan elsaj\u00e1t\u00edt\u00e1sa c\u00e9lzott gyakorlatokkal. Rom\u00e1n nyelvtani gyakorlataink szisztematikus \u00e9s hat\u00e9kony tanul\u00e1st tesznek lehet\u0151v\u00e9.\" \/>\n<meta name=\"robots\" content=\"index, follow, max-snippet:-1, max-image-preview:large, max-video-preview:-1\" \/>\n<link rel=\"canonical\" href=\"https:\/\/talkpal.ai\/hu\/roman-nyelvtani-gyakorlatok\/\" \/>\n<meta property=\"og:locale\" content=\"hu_HU\" \/>\n<meta property=\"og:type\" content=\"article\" \/>\n<meta property=\"og:title\" content=\"Rom\u00e1n nyelvtani gyakorlatok\" \/>\n<meta property=\"og:description\" content=\"Rom\u00e1n nyelvtani t\u00e9m\u00e1k A rom\u00e1n nyelvtanul\u00e1s kifizet\u0151d\u0151 v\u00e1llalkoz\u00e1s, amely betekint\u00e9st ny\u00fajt a gazdag kult\u00far\u00e1ba \u00e9s t\u00f6rt\u00e9nelembe. B\u00e1r a rom\u00e1n nyelvtan\" \/>\n<meta property=\"og:url\" content=\"https:\/\/talkpal.ai\/hu\/roman-nyelvtani-gyakorlatok\/\" \/>\n<meta property=\"og:site_name\" content=\"Talkpal\" \/>\n<meta property=\"article:publisher\" content=\"https:\/\/www.facebook.com\/profile.php?id=100090733639311\" \/>\n<meta property=\"article:modified_time\" content=\"2025-12-17T09:38:49+00:00\" \/>\n<meta property=\"og:image\" content=\"https:\/\/talkpal.ai\/wp-content\/uploads\/2023\/05\/romania.png\" \/>\n\t<meta property=\"og:image:width\" content=\"512\" \/>\n\t<meta property=\"og:image:height\" content=\"512\" \/>\n\t<meta property=\"og:image:type\" content=\"image\/png\" \/>\n<meta name=\"twitter:card\" content=\"summary_large_image\" \/>\n<meta name=\"twitter:site\" content=\"@talkpalai\" \/>\n<meta name=\"twitter:label1\" content=\"Becs\u00fclt olvas\u00e1si id\u0151\" \/>\n\t<meta name=\"twitter:data1\" content=\"3 perc\" \/>\n<script type=\"application\/ld+json\" class=\"yoast-schema-graph\">{\"@context\":\"https:\/\/schema.org\",\"@graph\":[{\"@type\":\"WebPage\",\"@id\":\"https:\/\/talkpal.ai\/hu\/roman-nyelvtani-gyakorlatok\/\",\"url\":\"https:\/\/talkpal.ai\/hu\/roman-nyelvtani-gyakorlatok\/\",\"name\":\"Rom\u00e1n nyelvtani gyakorlatok - Talkpal\",\"isPartOf\":{\"@id\":\"https:\/\/talkpal.ai\/hu\/#website\"},\"primaryImageOfPage\":{\"@id\":\"https:\/\/talkpal.ai\/hu\/roman-nyelvtani-gyakorlatok\/#primaryimage\"},\"image\":{\"@id\":\"https:\/\/talkpal.ai\/hu\/roman-nyelvtani-gyakorlatok\/#primaryimage\"},\"thumbnailUrl\":\"https:\/\/talkpal.ai\/wp-content\/uploads\/2023\/05\/romania.png\",\"datePublished\":\"2023-06-28T09:53:38+00:00\",\"dateModified\":\"2025-12-17T09:38:49+00:00\",\"description\":\"A rom\u00e1n nyelvtan elsaj\u00e1t\u00edt\u00e1sa c\u00e9lzott gyakorlatokkal. Rom\u00e1n nyelvtani gyakorlataink szisztematikus \u00e9s hat\u00e9kony tanul\u00e1st tesznek lehet\u0151v\u00e9.\",\"breadcrumb\":{\"@id\":\"https:\/\/talkpal.ai\/hu\/roman-nyelvtani-gyakorlatok\/#breadcrumb\"},\"inLanguage\":\"hu\",\"potentialAction\":[{\"@type\":\"ReadAction\",\"target\":[\"https:\/\/talkpal.ai\/hu\/roman-nyelvtani-gyakorlatok\/\"]}]},{\"@type\":\"ImageObject\",\"inLanguage\":\"hu\",\"@id\":\"https:\/\/talkpal.ai\/hu\/roman-nyelvtani-gyakorlatok\/#primaryimage\",\"url\":\"https:\/\/talkpal.ai\/wp-content\/uploads\/2023\/05\/romania.png\",\"contentUrl\":\"https:\/\/talkpal.ai\/wp-content\/uploads\/2023\/05\/romania.png\",\"width\":512,\"height\":512},{\"@type\":\"BreadcrumbList\",\"@id\":\"https:\/\/talkpal.ai\/hu\/roman-nyelvtani-gyakorlatok\/#breadcrumb\",\"itemListElement\":[{\"@type\":\"ListItem\",\"position\":1,\"name\":\"Homepage\",\"item\":\"https:\/\/talkpal.ai\/hu\/\"},{\"@type\":\"ListItem\",\"position\":2,\"name\":\"Rom\u00e1n nyelvtani gyakorlatok\"}]},{\"@type\":\"WebSite\",\"@id\":\"https:\/\/talkpal.ai\/hu\/#website\",\"url\":\"https:\/\/talkpal.ai\/hu\/\",\"name\":\"Talkpal\",\"description\":\"AI Language Learning\",\"publisher\":{\"@id\":\"https:\/\/talkpal.ai\/hu\/#organization\"},\"alternateName\":\"Talkpal AI\",\"potentialAction\":[{\"@type\":\"SearchAction\",\"target\":{\"@type\":\"EntryPoint\",\"urlTemplate\":\"https:\/\/talkpal.ai\/hu\/?s={search_term_string}\"},\"query-input\":{\"@type\":\"PropertyValueSpecification\",\"valueRequired\":true,\"valueName\":\"search_term_string\"}}],\"inLanguage\":\"hu\"},{\"@type\":\"Organization\",\"@id\":\"https:\/\/talkpal.ai\/hu\/#organization\",\"name\":\"Talkpal, Inc.\",\"alternateName\":\"Talkpal AI\",\"url\":\"https:\/\/talkpal.ai\/hu\/\",\"logo\":{\"@type\":\"ImageObject\",\"inLanguage\":\"hu\",\"@id\":\"https:\/\/talkpal.ai\/hu\/#\/schema\/logo\/image\/\",\"url\":\"https:\/\/talkpal.ai\/wp-content\/uploads\/2024\/03\/Talkpal-Logo-Icon.png\",\"contentUrl\":\"https:\/\/talkpal.ai\/wp-content\/uploads\/2024\/03\/Talkpal-Logo-Icon.png\",\"width\":2880,\"height\":2880,\"caption\":\"Talkpal, Inc.\"},\"image\":{\"@id\":\"https:\/\/talkpal.ai\/hu\/#\/schema\/logo\/image\/\"},\"sameAs\":[\"https:\/\/www.facebook.com\/profile.php?id=100090733639311\",\"https:\/\/x.com\/talkpalai\",\"https:\/\/www.linkedin.com\/company\/talkpal\/\",\"https:\/\/www.youtube.com\/@TalkPal\/\",\"https:\/\/www.tiktok.com\/@talkpal\",\"https:\/\/www.instagram.com\/talkpal_ai\/\",\"https:\/\/www.crunchbase.com\/organization\/talkpal-9cde\",\"https:\/\/www.g2.com\/products\/talkpal-for-business\/\",\"https:\/\/www.trustpilot.com\/review\/talkpal.ai\",\"https:\/\/www.capterra.com\/p\/10006800\/TalkPal\/\"],\"description\":\"Talkpal is a language learning web and mobile education app, powered by the latest AI technologies, that provides engaging experiences to its customers in many different languages to help them improve their language skills. Users can chat about unlimited amount of topics with the app and use other modes to practice their language learning.\",\"email\":\"support@talkpal.ai\",\"legalName\":\"Talkpal, Inc.\",\"foundingDate\":\"2023-04-03\",\"duns\":\"118989042\",\"numberOfEmployees\":{\"@type\":\"QuantitativeValue\",\"minValue\":\"11\",\"maxValue\":\"50\"},\"publishingPrinciples\":\"https:\/\/talkpal.ai\/publishing-principles\/\",\"actionableFeedbackPolicy\":\"https:\/\/talkpal.ai\/actionable-feedback-policy\/\",\"correctionsPolicy\":\"https:\/\/talkpal.ai\/corrections-policy\/\",\"ethicsPolicy\":\"https:\/\/talkpal.ai\/ethics-policy\/\",\"diversityPolicy\":\"https:\/\/talkpal.ai\/diversity-policy\/\",\"diversityStaffingReport\":\"https:\/\/talkpal.ai\/diversity-policy\/\"}]}<\/script>\n<!-- \/ Yoast SEO Premium plugin. -->","yoast_head_json":{"title":"Rom\u00e1n nyelvtani gyakorlatok - Talkpal","description":"A rom\u00e1n nyelvtan elsaj\u00e1t\u00edt\u00e1sa c\u00e9lzott gyakorlatokkal. Rom\u00e1n nyelvtani gyakorlataink szisztematikus \u00e9s hat\u00e9kony tanul\u00e1st tesznek lehet\u0151v\u00e9.","robots":{"index":"index","follow":"follow","max-snippet":"max-snippet:-1","max-image-preview":"max-image-preview:large","max-video-preview":"max-video-preview:-1"},"canonical":"https:\/\/talkpal.ai\/hu\/roman-nyelvtani-gyakorlatok\/","og_locale":"hu_HU","og_type":"article","og_title":"Rom\u00e1n nyelvtani gyakorlatok","og_description":"Rom\u00e1n nyelvtani t\u00e9m\u00e1k A rom\u00e1n nyelvtanul\u00e1s kifizet\u0151d\u0151 v\u00e1llalkoz\u00e1s, amely betekint\u00e9st ny\u00fajt a gazdag kult\u00far\u00e1ba \u00e9s t\u00f6rt\u00e9nelembe. B\u00e1r a rom\u00e1n nyelvtan","og_url":"https:\/\/talkpal.ai\/hu\/roman-nyelvtani-gyakorlatok\/","og_site_name":"Talkpal","article_publisher":"https:\/\/www.facebook.com\/profile.php?id=100090733639311","article_modified_time":"2025-12-17T09:38:49+00:00","og_image":[{"width":512,"height":512,"url":"https:\/\/talkpal.ai\/wp-content\/uploads\/2023\/05\/romania.png","type":"image\/png"}],"twitter_card":"summary_large_image","twitter_site":"@talkpalai","twitter_misc":{"Becs\u00fclt olvas\u00e1si id\u0151":"3 perc"},"schema":{"@context":"https:\/\/schema.org","@graph":[{"@type":"WebPage","@id":"https:\/\/talkpal.ai\/hu\/roman-nyelvtani-gyakorlatok\/","url":"https:\/\/talkpal.ai\/hu\/roman-nyelvtani-gyakorlatok\/","name":"Rom\u00e1n nyelvtani gyakorlatok - Talkpal","isPartOf":{"@id":"https:\/\/talkpal.ai\/hu\/#website"},"primaryImageOfPage":{"@id":"https:\/\/talkpal.ai\/hu\/roman-nyelvtani-gyakorlatok\/#primaryimage"},"image":{"@id":"https:\/\/talkpal.ai\/hu\/roman-nyelvtani-gyakorlatok\/#primaryimage"},"thumbnailUrl":"https:\/\/talkpal.ai\/wp-content\/uploads\/2023\/05\/romania.png","datePublished":"2023-06-28T09:53:38+00:00","dateModified":"2025-12-17T09:38:49+00:00","description":"A rom\u00e1n nyelvtan elsaj\u00e1t\u00edt\u00e1sa c\u00e9lzott gyakorlatokkal. Rom\u00e1n nyelvtani gyakorlataink szisztematikus \u00e9s hat\u00e9kony tanul\u00e1st tesznek lehet\u0151v\u00e9.","breadcrumb":{"@id":"https:\/\/talkpal.ai\/hu\/roman-nyelvtani-gyakorlatok\/#breadcrumb"},"inLanguage":"hu","potentialAction":[{"@type":"ReadAction","target":["https:\/\/talkpal.ai\/hu\/roman-nyelvtani-gyakorlatok\/"]}]},{"@type":"ImageObject","inLanguage":"hu","@id":"https:\/\/talkpal.ai\/hu\/roman-nyelvtani-gyakorlatok\/#primaryimage","url":"https:\/\/talkpal.ai\/wp-content\/uploads\/2023\/05\/romania.png","contentUrl":"https:\/\/talkpal.ai\/wp-content\/uploads\/2023\/05\/romania.png","width":512,"height":512},{"@type":"BreadcrumbList","@id":"https:\/\/talkpal.ai\/hu\/roman-nyelvtani-gyakorlatok\/#breadcrumb","itemListElement":[{"@type":"ListItem","position":1,"name":"Homepage","item":"https:\/\/talkpal.ai\/hu\/"},{"@type":"ListItem","position":2,"name":"Rom\u00e1n nyelvtani gyakorlatok"}]},{"@type":"WebSite","@id":"https:\/\/talkpal.ai\/hu\/#website","url":"https:\/\/talkpal.ai\/hu\/","name":"Talkpal","description":"AI Language Learning","publisher":{"@id":"https:\/\/talkpal.ai\/hu\/#organization"},"alternateName":"Talkpal AI","potentialAction":[{"@type":"SearchAction","target":{"@type":"EntryPoint","urlTemplate":"https:\/\/talkpal.ai\/hu\/?s={search_term_string}"},"query-input":{"@type":"PropertyValueSpecification","valueRequired":true,"valueName":"search_term_string"}}],"inLanguage":"hu"},{"@type":"Organization","@id":"https:\/\/talkpal.ai\/hu\/#organization","name":"Talkpal, Inc.","alternateName":"Talkpal AI","url":"https:\/\/talkpal.ai\/hu\/","logo":{"@type":"ImageObject","inLanguage":"hu","@id":"https:\/\/talkpal.ai\/hu\/#\/schema\/logo\/image\/","url":"https:\/\/talkpal.ai\/wp-content\/uploads\/2024\/03\/Talkpal-Logo-Icon.png","contentUrl":"https:\/\/talkpal.ai\/wp-content\/uploads\/2024\/03\/Talkpal-Logo-Icon.png","width":2880,"height":2880,"caption":"Talkpal, Inc."},"image":{"@id":"https:\/\/talkpal.ai\/hu\/#\/schema\/logo\/image\/"},"sameAs":["https:\/\/www.facebook.com\/profile.php?id=100090733639311","https:\/\/x.com\/talkpalai","https:\/\/www.linkedin.com\/company\/talkpal\/","https:\/\/www.youtube.com\/@TalkPal\/","https:\/\/www.tiktok.com\/@talkpal","https:\/\/www.instagram.com\/talkpal_ai\/","https:\/\/www.crunchbase.com\/organization\/talkpal-9cde","https:\/\/www.g2.com\/products\/talkpal-for-business\/","https:\/\/www.trustpilot.com\/review\/talkpal.ai","https:\/\/www.capterra.com\/p\/10006800\/TalkPal\/"],"description":"Talkpal is a language learning web and mobile education app, powered by the latest AI technologies, that provides engaging experiences to its customers in many different languages to help them improve their language skills. Users can chat about unlimited amount of topics with the app and use other modes to practice their language learning.","email":"support@talkpal.ai","legalName":"Talkpal, Inc.","foundingDate":"2023-04-03","duns":"118989042","numberOfEmployees":{"@type":"QuantitativeValue","minValue":"11","maxValue":"50"},"publishingPrinciples":"https:\/\/talkpal.ai\/publishing-principles\/","actionableFeedbackPolicy":"https:\/\/talkpal.ai\/actionable-feedback-policy\/","correctionsPolicy":"https:\/\/talkpal.ai\/corrections-policy\/","ethicsPolicy":"https:\/\/talkpal.ai\/ethics-policy\/","diversityPolicy":"https:\/\/talkpal.ai\/diversity-policy\/","diversityStaffingReport":"https:\/\/talkpal.ai\/diversity-policy\/"}]}},"_links":{"self":[{"href":"https:\/\/talkpal.ai\/hu\/wp-json\/wp\/v2\/pages\/157560","targetHints":{"allow":["GET"]}}],"collection":[{"href":"https:\/\/talkpal.ai\/hu\/wp-json\/wp\/v2\/pages"}],"about":[{"href":"https:\/\/talkpal.ai\/hu\/wp-json\/wp\/v2\/types\/page"}],"author":[{"embeddable":true,"href":"https:\/\/talkpal.ai\/hu\/wp-json\/wp\/v2\/users\/6"}],"replies":[{"embeddable":true,"href":"https:\/\/talkpal.ai\/hu\/wp-json\/wp\/v2\/comments?post=157560"}],"version-history":[{"count":0,"href":"https:\/\/talkpal.ai\/hu\/wp-json\/wp\/v2\/pages\/157560\/revisions"}],"wp:featuredmedia":[{"embeddable":true,"href":"https:\/\/talkpal.ai\/hu\/wp-json\/wp\/v2\/media\/117738"}],"wp:attachment":[{"href":"https:\/\/talkpal.ai\/hu\/wp-json\/wp\/v2\/media?parent=157560"}],"curies":[{"name":"wp","href":"https:\/\/api.w.org\/{rel}","templated":true}]}}