{"id":157241,"date":"2023-06-28T11:41:23","date_gmt":"2023-06-28T11:41:23","guid":{"rendered":"http:\/\/talkpal.ai\/szerb-nyelvtani-gyakorlatok\/"},"modified":"2025-12-17T09:53:14","modified_gmt":"2025-12-17T09:53:14","slug":"szerb-nyelvtani-gyakorlatok","status":"publish","type":"page","link":"https:\/\/talkpal.ai\/hu\/szerb-nyelvtani-gyakorlatok\/","title":{"rendered":"Szerb nyelvtani gyakorlatok"},"content":{"rendered":"\r\n\r\n\r\n<section class=\"languageChallengeSection\">\r\n    <div class=\"languageInfoWrapper\">\r\n        \r\n        <h1>Szerb nyelvtani gyakorlatok<\/h1>\r\n        <p>Szeretne magabiztosabban besz\u00e9lni szerb\u00fcl? A nyelvtani gyakorlatok gyakorl\u00e1sa remek m\u00f3dja a mondatszerkezet, az igealakok \u00e9s a <a href=\"https:\/\/talkpal.ai\/learn-serbian\/\">szerb<\/a> nyelv egyedi szab\u00e1lyainak elsaj\u00e1t\u00edt\u00e1s\u00e1nak. Kezdj el dolgozni a <a href=\"https:\/\/talkpal.ai\/learn-serbian\/\">szerb<\/a> nyelvtanon m\u00e9g ma, \u00e9s figyeld, ahogy a k\u00e9szs\u00e9geid \u00e9s a foly\u00e9kony besz\u00e9dk\u00e9szs\u00e9ged <a href=\"https:\/\/talkpal.ai\/locations\/language-courses-in-minden\/\">minden<\/a> egyes gyakorlattal n\u00f6vekszik!\n\n<\/p>\r\n\r\n                            <a class=\"getStartedHidden\" href=\"https:\/\/app.talkpal.ai\/hu\/signup?lng=\">Kezdj\u00fck<\/a>\r\n        \r\n    <\/div>\r\n\r\n    <figure>\r\n    <img decoding=\"async\" width=\"768\" height=\"768\" src=\"https:\/\/talkpal.ai\/wp-content\/uploads\/2023\/06\/serbian-768x768.png\" class=\"languageImage no-lazy\" alt=\"Fast-track to fluency with language learning\" fetchpriority=\"high\" sizes=\"(max-width: 768px) 150px, 768px\" srcset=\"https:\/\/talkpal.ai\/wp-content\/uploads\/2023\/06\/serbian-768x768.png 768w, https:\/\/talkpal.ai\/wp-content\/uploads\/2023\/06\/serbian-300x300.png 300w\" \/>\r\n    \r\n\r\n    <\/figure>\r\n\r\n            <a class=\"getStartedVisible\" href=\"https:\/\/app.talkpal.ai\/hu\/signup?lng=\">Kezdj\u00fck<\/a>\r\n    \r\n<\/section>\r\n\r\n\r\n<!-- <section class=\"grammarSection\">\r\n    <div class=\"grammarLinks\">\r\n            <\/div>\r\n<\/section> -->\r\n\r\n\r\n\r\n\r\n<section class=\"promotionalBanner\">\r\n    <p class=\"promotionalText\">A nyelvtanul\u00e1s leghat\u00e9konyabb m\u00f3dja<\/p>\r\n    <a class=\"promotionalLink\" href=\"https:\/\/app.talkpal.ai\/hu\/signup?lng=\">Pr\u00f3b\u00e1lja ki a Talkpal ingyen<\/a>\r\n<\/section>\n<div class=\"wp-block-group pageContainerStyle\"><div class=\"wp-block-group__inner-container is-layout-constrained wp-block-group-is-layout-constrained\">\n<h2 class=\"wp-block-heading\" id=\"h-serbian-grammar-topics\">Szerb nyelvtani t\u00e9m\u00e1k<\/h2>\n\n\n\n<p>A szerb nyelv tanul\u00e1sa gazdag\u00edt\u00f3 \u00e9lm\u00e9ny lehet, mivel \u00faj kultur\u00e1lis perspekt\u00edv\u00e1t nyit meg, gazdag irodalmi hagyom\u00e1nyhoz biztos\u00edt hozz\u00e1f\u00e9r\u00e9st, \u00e9s hasznos lehet azok sz\u00e1m\u00e1ra, akik a Balk\u00e1non utaznak vagy \u00fczleti tev\u00e9kenys\u00e9get folytatnak. Azonban, mint minden nyelvnek, a szerbnek is megvannak a maga bonyolults\u00e1gai, k\u00fcl\u00f6n\u00f6sen a nyelvtanban. Az er\u0151s alapok fel\u00e9p\u00edt\u00e9s\u00e9hez elengedhetetlen egy olyan sorrend k\u00f6vet\u00e9se, amely megk\u00f6nny\u00edti az egyik t\u00e9m\u00e1r\u00f3l a m\u00e1sikra val\u00f3 \u00e1tmenetet.<\/p>\n\n\n\n<h3 class=\"wp-block-heading\" id=\"h-1-nouns\">1. F\u0151nevek:<\/h3>\n\n\n\n<p>Kezdje a szerb f\u0151nevek meg\u00e9rt\u00e9s\u00e9vel, mivel ezek a nyelv \u00e9p\u00edt\u0151k\u00f6vei. Nem, sz\u00e1m \u00e9s eset szerint v\u00e1ltoznak. A szerb nyelvben h\u00e9t eset <a href=\"https:\/\/talkpal.ai\/locations\/language-courses-in-van\/\">van<\/a>, amelyek meghat\u00e1rozz\u00e1k a f\u0151n\u00e9v mondatban bet\u00f6lt\u00f6tt szerep\u00e9t.<\/p>\n\n\n\n<h3 class=\"wp-block-heading\" id=\"h-2-articles\">2. Cikkek:<\/h3>\n\n\n\n<p>A szerb nyelvben nincsenek hat\u00e1rozott \u00e9s hat\u00e1rozatlan n\u00e9vel\u0151 cikkek, mint az angolban. Ennek a koncepci\u00f3nak a korai megismer\u00e9se k\u00e9s\u0151bb megmentheti a zavart.<\/p>\n\n\n\n<h3 class=\"wp-block-heading\" id=\"h-3-adjectives\">3. Mell\u00e9knevek:<\/h3>\n\n\n\n<p>A szerb mell\u00e9knevek megegyeznek az \u00e1ltaluk nemben, sz\u00e1mban \u00e9s kis- \u00e9s nagybet\u0171ben m\u00f3dos\u00edtott f\u0151nevekkel. Nagyon fontos, hogy a f\u0151nevekkel egy\u00fctt tanuljuk meg \u0151ket, hogy le\u00edr\u00f3 mondatokat alkothassunk.<\/p>\n\n\n\n<h3 class=\"wp-block-heading\" id=\"h-4-pronouns-determiners\">4. N\u00e9vm\u00e1sok\/determin\u00e1nsok:<\/h3>\n\n\n\n<p>Ismerje meg a szem\u00e9lyes, birtokos, demonstrat\u00edv \u00e9s relat\u00edv n\u00e9vm\u00e1sokat. Nem, sz\u00e1m \u00e9s eset szerint is v\u00e1ltoznak, hasonl\u00f3an a f\u0151nevekhez \u00e9s mell\u00e9knevekhez.<\/p>\n\n\n\n<h3 class=\"wp-block-heading\" id=\"h-5-verbs\">5. Ig\u00e9k:<\/h3>\n\n\n\n<p>Az ig\u00e9k meg\u00e9rt\u00e9se alapvet\u0151, mivel cselekv\u00e9seket jeleznek. A szerb ig\u00e9k igeid\u0151, hangulat, szempont \u00e9s szem\u00e9ly szerint ragoz\u00f3dnak.<\/p>\n\n\n\n<h3 class=\"wp-block-heading\" id=\"h-6-tenses\">6. Igeid\u0151k:<\/h3>\n\n\n\n<p>A szerb nyelvnek k\u00fcl\u00f6nb\u00f6z\u0151 igeideje van: jelen, m\u00falt \u00e9s j\u00f6v\u0151. Ezeknek az id\u0151knek a meg\u00e9rt\u00e9se seg\u00edt kifejezni a k\u00fcl\u00f6nb\u00f6z\u0151 id\u0151pontokban el\u0151fordul\u00f3 cselekv\u00e9seket.<\/p>\n\n\n\n<h3 class=\"wp-block-heading\" id=\"h-7-tense-comparison\">7. Fesz\u00fclt \u00f6sszehasonl\u00edt\u00e1s:<\/h3>\n\n\n\n<p>Az igeid\u0151k \u00f6sszehasonl\u00edt\u00e1sa seg\u00edt meg\u00e9rteni a szerb nyelv\u0171 id\u0151kifejez\u00e9s finom k\u00fcl\u00f6nbs\u00e9geit. Ez elengedhetetlen az ig\u00e9k elsaj\u00e1t\u00edt\u00e1s\u00e1hoz.<\/p>\n\n\n\n<h3 class=\"wp-block-heading\" id=\"h-8-progressive-and-perfect-progressive\">8. Progressz\u00edv \u00e9s t\u00f6k\u00e9letes progressz\u00edv:<\/h3>\n\n\n\n<p>A szerb nyelvben nincs k\u00f6zvetlen megfelel\u0151je az <a href=\"https:\/\/talkpal.ai\/locations\/language-courses-in-angol\/\">angol<\/a> progressz\u00edv id\u0151nek, de vannak olyan aspektusai (perfekt\u00edv \u00e9s imperfekt\u00edv), amelyek hasonl\u00f3 jelent\u00e9st fejezhetnek ki.<\/p>\n\n\n\n<h3 class=\"wp-block-heading\" id=\"h-9-adverbs\">9. Hat\u00e1roz\u00f3sz\u00f3k:<\/h3>\n\n\n\n<p>A hat\u00e1roz\u00f3szavak tov\u00e1bbi inform\u00e1ci\u00f3kat adnak az ig\u00e9khez, mell\u00e9knevekhez \u00e9s m\u00e1s hat\u00e1roz\u00f3sz\u00f3khoz. Elengedhetetlenek annak le\u00edr\u00e1s\u00e1hoz, hogy hogyan, mikor vagy hol t\u00f6rt\u00e9nik egy cselekv\u00e9s.<\/p>\n\n\n\n<h3 class=\"wp-block-heading\" id=\"h-10-prepositions\">10. El\u00f6lj\u00e1r\u00f3szavak:<\/h3>\n\n\n\n<p>A szerb nyelv\u0171 el\u00f6lj\u00e1r\u00f3szavakat a hely, az id\u0151, az ir\u00e1ny, az ok stb. Kifejez\u00e9s\u00e9re haszn\u00e1lj\u00e1k. Egy adott esetben f\u0151n\u00e9vre van sz\u00fcks\u00e9g\u00fck.<\/p>\n\n\n\n<h3 class=\"wp-block-heading\" id=\"h-11-conditionals\">11. Felt\u00e9telek:<\/h3>\n\n\n\n<p>A szerb nyelvben h\u00e1romf\u00e9le felt\u00e9teles m\u00f3d l\u00e9tezik, amelyeket lehets\u00e9ges, hipotetikus vagy irre\u00e1lis helyzetek kifejez\u00e9s\u00e9re haszn\u00e1lnak.<\/p>\n\n\n\n<p>12. Mondatok:<\/p>\n\n\n\n<p>V\u00e9g\u00fcl, a szerb nyelv\u0171 mondatok kialak\u00edt\u00e1s\u00e1nak meg\u00e9rt\u00e9se a fenti elemek kombin\u00e1l\u00e1s\u00e1val elengedhetetlen a hat\u00e9kony kommunik\u00e1ci\u00f3 megkezd\u00e9s\u00e9hez a nyelven.<\/p>\n<\/div><\/div>\n\r\n<section class=\"learnNavigationSection\">\r\n            \r\n        <a href=\"https:\/\/talkpal.ai\/hu\/tanulj-szerbul\/\">\r\n            <div class=\"learnNavigationWrapper\">\r\n                <div class=\"learnNavigationContent\">\r\n                    <img decoding=\"async\" src=\"https:\/\/talkpal.ai\/wp-content\/uploads\/2024\/08\/Serbian.jpg\" alt=\"Serbian Flag\">\r\n                    <div>\r\n                        <h4>Szerbia Learning<\/h4>\r\n                        <p>Tudjon meg mindent a szerb nyelvtanr\u00f3l.<\/p>\r\n                    <\/div>\r\n                <\/div>\r\n            <\/div>\r\n        <\/a>\r\n\r\n        \r\n        <a href=\"https:\/\/talkpal.ai\/hu\/szerb-nyelvtan\/\">\r\n            <div class=\"learnNavigationWrapper\">\r\n                <div class=\"learnNavigationContent\">\r\n                    <img decoding=\"async\" src=\"https:\/\/talkpal.ai\/wp-content\/uploads\/2024\/08\/Serbian.jpg\" alt=\"Serbian Flag\">\r\n                    <div>\r\n                        <h4>Szerb nyelvtan\u00f3r\u00e1k<\/h4>\r\n                        <p>Gyakorolja a szerb nyelvtant.<\/p>\r\n                    <\/div>\r\n                <\/div>\r\n            <\/div>\r\n        <\/a>\r\n\r\n        \r\n        <a href=\"https:\/\/talkpal.ai\/vocabulary_language\/serbian\/\">\r\n            <div class=\"learnNavigationWrapper\">\r\n                <div class=\"learnNavigationContent\">\r\n                    <img decoding=\"async\" src=\"https:\/\/talkpal.ai\/wp-content\/uploads\/2024\/08\/Serbian.jpg\" alt=\"Serbian Flag\">\r\n                    <div>\r\n                        <h4>Szerb sz\u00f3kincs<\/h4>\r\n                        <p>B\u0151v\u00edtse szerb sz\u00f3kincs\u00e9t.<\/p>\r\n                    <\/div>\r\n                <\/div>\r\n            <\/div>\r\n        <\/a>\r\n\r\n            <\/section>","protected":false},"excerpt":{"rendered":"<p>Szerb nyelvtani t\u00e9m\u00e1k A szerb nyelv tanul\u00e1sa gazdag\u00edt\u00f3 \u00e9lm\u00e9ny lehet, mivel \u00faj kultur\u00e1lis perspekt\u00edv\u00e1t nyit meg, gazdag irodalmi hagyom\u00e1nyhoz biztos\u00edt hozz\u00e1f\u00e9r\u00e9st, \u00e9s hasznos lehet azok sz\u00e1m\u00e1ra, akik a Balk\u00e1non utaznak vagy \u00fczleti tev\u00e9kenys\u00e9get folytatnak. Azonban, mint minden nyelvnek, a szerbnek is megvannak a maga bonyolults\u00e1gai, k\u00fcl\u00f6n\u00f6sen a nyelvtanban. Az er\u0151s alapok fel\u00e9p\u00edt\u00e9s\u00e9hez elengedhetetlen egy olyan [&hellip;]<\/p>\n","protected":false},"author":6,"featured_media":118056,"parent":0,"menu_order":0,"comment_status":"closed","ping_status":"closed","template":"LearningContentPage.php","meta":{"_acf_changed":false,"footnotes":""},"class_list":["post-157241","page","type-page","status-publish","has-post-thumbnail","hentry"],"acf":[],"yoast_head":"<!-- This site is optimized with the Yoast SEO Premium plugin v27.2 (Yoast SEO v27.2) - https:\/\/yoast.com\/product\/yoast-seo-premium-wordpress\/ -->\n<title>Szerb nyelvtani gyakorlatok - Talkpal<\/title>\n<meta name=\"description\" content=\"Gyakorolja a szerb nyelvtant a nyelvtud\u00e1s\u00e1t jav\u00edt\u00f3, mag\u00e1val ragad\u00f3 gyakorlatokkal. Fedezze fel az interakt\u00edv leck\u00e9ket!\" \/>\n<meta name=\"robots\" content=\"index, follow, max-snippet:-1, max-image-preview:large, max-video-preview:-1\" \/>\n<link rel=\"canonical\" href=\"https:\/\/talkpal.ai\/hu\/szerb-nyelvtani-gyakorlatok\/\" \/>\n<meta property=\"og:locale\" content=\"hu_HU\" \/>\n<meta property=\"og:type\" content=\"article\" \/>\n<meta property=\"og:title\" content=\"Szerb nyelvtani gyakorlatok\" \/>\n<meta property=\"og:description\" content=\"Szerb nyelvtani t\u00e9m\u00e1k A szerb nyelv tanul\u00e1sa gazdag\u00edt\u00f3 \u00e9lm\u00e9ny lehet, mivel \u00faj kultur\u00e1lis perspekt\u00edv\u00e1t nyit meg, gazdag irodalmi hagyom\u00e1nyhoz biztos\u00edt\" \/>\n<meta property=\"og:url\" content=\"https:\/\/talkpal.ai\/hu\/szerb-nyelvtani-gyakorlatok\/\" \/>\n<meta property=\"og:site_name\" content=\"Talkpal\" \/>\n<meta property=\"article:publisher\" content=\"https:\/\/www.facebook.com\/profile.php?id=100090733639311\" \/>\n<meta property=\"article:modified_time\" content=\"2025-12-17T09:53:14+00:00\" \/>\n<meta property=\"og:image\" content=\"https:\/\/talkpal.ai\/wp-content\/uploads\/2023\/05\/serbia.png\" \/>\n\t<meta property=\"og:image:width\" content=\"512\" \/>\n\t<meta property=\"og:image:height\" content=\"512\" \/>\n\t<meta property=\"og:image:type\" content=\"image\/png\" \/>\n<meta name=\"twitter:card\" content=\"summary_large_image\" \/>\n<meta name=\"twitter:site\" content=\"@talkpalai\" \/>\n<meta name=\"twitter:label1\" content=\"Becs\u00fclt olvas\u00e1si id\u0151\" \/>\n\t<meta name=\"twitter:data1\" content=\"3 perc\" \/>\n<script type=\"application\/ld+json\" class=\"yoast-schema-graph\">{\"@context\":\"https:\/\/schema.org\",\"@graph\":[{\"@type\":\"WebPage\",\"@id\":\"https:\/\/talkpal.ai\/hu\/szerb-nyelvtani-gyakorlatok\/\",\"url\":\"https:\/\/talkpal.ai\/hu\/szerb-nyelvtani-gyakorlatok\/\",\"name\":\"Szerb nyelvtani gyakorlatok - Talkpal\",\"isPartOf\":{\"@id\":\"https:\/\/talkpal.ai\/hu\/#website\"},\"primaryImageOfPage\":{\"@id\":\"https:\/\/talkpal.ai\/hu\/szerb-nyelvtani-gyakorlatok\/#primaryimage\"},\"image\":{\"@id\":\"https:\/\/talkpal.ai\/hu\/szerb-nyelvtani-gyakorlatok\/#primaryimage\"},\"thumbnailUrl\":\"https:\/\/talkpal.ai\/wp-content\/uploads\/2023\/05\/serbia.png\",\"datePublished\":\"2023-06-28T11:41:23+00:00\",\"dateModified\":\"2025-12-17T09:53:14+00:00\",\"description\":\"Gyakorolja a szerb nyelvtant a nyelvtud\u00e1s\u00e1t jav\u00edt\u00f3, mag\u00e1val ragad\u00f3 gyakorlatokkal. Fedezze fel az interakt\u00edv leck\u00e9ket!\",\"breadcrumb\":{\"@id\":\"https:\/\/talkpal.ai\/hu\/szerb-nyelvtani-gyakorlatok\/#breadcrumb\"},\"inLanguage\":\"hu\",\"potentialAction\":[{\"@type\":\"ReadAction\",\"target\":[\"https:\/\/talkpal.ai\/hu\/szerb-nyelvtani-gyakorlatok\/\"]}]},{\"@type\":\"ImageObject\",\"inLanguage\":\"hu\",\"@id\":\"https:\/\/talkpal.ai\/hu\/szerb-nyelvtani-gyakorlatok\/#primaryimage\",\"url\":\"https:\/\/talkpal.ai\/wp-content\/uploads\/2023\/05\/serbia.png\",\"contentUrl\":\"https:\/\/talkpal.ai\/wp-content\/uploads\/2023\/05\/serbia.png\",\"width\":512,\"height\":512},{\"@type\":\"BreadcrumbList\",\"@id\":\"https:\/\/talkpal.ai\/hu\/szerb-nyelvtani-gyakorlatok\/#breadcrumb\",\"itemListElement\":[{\"@type\":\"ListItem\",\"position\":1,\"name\":\"Homepage\",\"item\":\"https:\/\/talkpal.ai\/hu\/\"},{\"@type\":\"ListItem\",\"position\":2,\"name\":\"Szerb nyelvtani gyakorlatok\"}]},{\"@type\":\"WebSite\",\"@id\":\"https:\/\/talkpal.ai\/hu\/#website\",\"url\":\"https:\/\/talkpal.ai\/hu\/\",\"name\":\"Talkpal\",\"description\":\"AI Language Learning\",\"publisher\":{\"@id\":\"https:\/\/talkpal.ai\/hu\/#organization\"},\"alternateName\":\"Talkpal AI\",\"potentialAction\":[{\"@type\":\"SearchAction\",\"target\":{\"@type\":\"EntryPoint\",\"urlTemplate\":\"https:\/\/talkpal.ai\/hu\/?s={search_term_string}\"},\"query-input\":{\"@type\":\"PropertyValueSpecification\",\"valueRequired\":true,\"valueName\":\"search_term_string\"}}],\"inLanguage\":\"hu\"},{\"@type\":\"Organization\",\"@id\":\"https:\/\/talkpal.ai\/hu\/#organization\",\"name\":\"Talkpal, Inc.\",\"alternateName\":\"Talkpal AI\",\"url\":\"https:\/\/talkpal.ai\/hu\/\",\"logo\":{\"@type\":\"ImageObject\",\"inLanguage\":\"hu\",\"@id\":\"https:\/\/talkpal.ai\/hu\/#\/schema\/logo\/image\/\",\"url\":\"https:\/\/talkpal.ai\/wp-content\/uploads\/2024\/03\/Talkpal-Logo-Icon.png\",\"contentUrl\":\"https:\/\/talkpal.ai\/wp-content\/uploads\/2024\/03\/Talkpal-Logo-Icon.png\",\"width\":2880,\"height\":2880,\"caption\":\"Talkpal, Inc.\"},\"image\":{\"@id\":\"https:\/\/talkpal.ai\/hu\/#\/schema\/logo\/image\/\"},\"sameAs\":[\"https:\/\/www.facebook.com\/profile.php?id=100090733639311\",\"https:\/\/x.com\/talkpalai\",\"https:\/\/www.linkedin.com\/company\/talkpal\/\",\"https:\/\/www.youtube.com\/@TalkPal\/\",\"https:\/\/www.tiktok.com\/@talkpal\",\"https:\/\/www.instagram.com\/talkpal_ai\/\",\"https:\/\/www.crunchbase.com\/organization\/talkpal-9cde\",\"https:\/\/www.g2.com\/products\/talkpal-for-business\/\",\"https:\/\/www.trustpilot.com\/review\/talkpal.ai\",\"https:\/\/www.capterra.com\/p\/10006800\/TalkPal\/\"],\"description\":\"Talkpal is a language learning web and mobile education app, powered by the latest AI technologies, that provides engaging experiences to its customers in many different languages to help them improve their language skills. Users can chat about unlimited amount of topics with the app and use other modes to practice their language learning.\",\"email\":\"support@talkpal.ai\",\"legalName\":\"Talkpal, Inc.\",\"foundingDate\":\"2023-04-03\",\"duns\":\"118989042\",\"numberOfEmployees\":{\"@type\":\"QuantitativeValue\",\"minValue\":\"11\",\"maxValue\":\"50\"},\"publishingPrinciples\":\"https:\/\/talkpal.ai\/publishing-principles\/\",\"actionableFeedbackPolicy\":\"https:\/\/talkpal.ai\/actionable-feedback-policy\/\",\"correctionsPolicy\":\"https:\/\/talkpal.ai\/corrections-policy\/\",\"ethicsPolicy\":\"https:\/\/talkpal.ai\/ethics-policy\/\",\"diversityPolicy\":\"https:\/\/talkpal.ai\/diversity-policy\/\",\"diversityStaffingReport\":\"https:\/\/talkpal.ai\/diversity-policy\/\"}]}<\/script>\n<!-- \/ Yoast SEO Premium plugin. -->","yoast_head_json":{"title":"Szerb nyelvtani gyakorlatok - Talkpal","description":"Gyakorolja a szerb nyelvtant a nyelvtud\u00e1s\u00e1t jav\u00edt\u00f3, mag\u00e1val ragad\u00f3 gyakorlatokkal. Fedezze fel az interakt\u00edv leck\u00e9ket!","robots":{"index":"index","follow":"follow","max-snippet":"max-snippet:-1","max-image-preview":"max-image-preview:large","max-video-preview":"max-video-preview:-1"},"canonical":"https:\/\/talkpal.ai\/hu\/szerb-nyelvtani-gyakorlatok\/","og_locale":"hu_HU","og_type":"article","og_title":"Szerb nyelvtani gyakorlatok","og_description":"Szerb nyelvtani t\u00e9m\u00e1k A szerb nyelv tanul\u00e1sa gazdag\u00edt\u00f3 \u00e9lm\u00e9ny lehet, mivel \u00faj kultur\u00e1lis perspekt\u00edv\u00e1t nyit meg, gazdag irodalmi hagyom\u00e1nyhoz biztos\u00edt","og_url":"https:\/\/talkpal.ai\/hu\/szerb-nyelvtani-gyakorlatok\/","og_site_name":"Talkpal","article_publisher":"https:\/\/www.facebook.com\/profile.php?id=100090733639311","article_modified_time":"2025-12-17T09:53:14+00:00","og_image":[{"width":512,"height":512,"url":"https:\/\/talkpal.ai\/wp-content\/uploads\/2023\/05\/serbia.png","type":"image\/png"}],"twitter_card":"summary_large_image","twitter_site":"@talkpalai","twitter_misc":{"Becs\u00fclt olvas\u00e1si id\u0151":"3 perc"},"schema":{"@context":"https:\/\/schema.org","@graph":[{"@type":"WebPage","@id":"https:\/\/talkpal.ai\/hu\/szerb-nyelvtani-gyakorlatok\/","url":"https:\/\/talkpal.ai\/hu\/szerb-nyelvtani-gyakorlatok\/","name":"Szerb nyelvtani gyakorlatok - Talkpal","isPartOf":{"@id":"https:\/\/talkpal.ai\/hu\/#website"},"primaryImageOfPage":{"@id":"https:\/\/talkpal.ai\/hu\/szerb-nyelvtani-gyakorlatok\/#primaryimage"},"image":{"@id":"https:\/\/talkpal.ai\/hu\/szerb-nyelvtani-gyakorlatok\/#primaryimage"},"thumbnailUrl":"https:\/\/talkpal.ai\/wp-content\/uploads\/2023\/05\/serbia.png","datePublished":"2023-06-28T11:41:23+00:00","dateModified":"2025-12-17T09:53:14+00:00","description":"Gyakorolja a szerb nyelvtant a nyelvtud\u00e1s\u00e1t jav\u00edt\u00f3, mag\u00e1val ragad\u00f3 gyakorlatokkal. Fedezze fel az interakt\u00edv leck\u00e9ket!","breadcrumb":{"@id":"https:\/\/talkpal.ai\/hu\/szerb-nyelvtani-gyakorlatok\/#breadcrumb"},"inLanguage":"hu","potentialAction":[{"@type":"ReadAction","target":["https:\/\/talkpal.ai\/hu\/szerb-nyelvtani-gyakorlatok\/"]}]},{"@type":"ImageObject","inLanguage":"hu","@id":"https:\/\/talkpal.ai\/hu\/szerb-nyelvtani-gyakorlatok\/#primaryimage","url":"https:\/\/talkpal.ai\/wp-content\/uploads\/2023\/05\/serbia.png","contentUrl":"https:\/\/talkpal.ai\/wp-content\/uploads\/2023\/05\/serbia.png","width":512,"height":512},{"@type":"BreadcrumbList","@id":"https:\/\/talkpal.ai\/hu\/szerb-nyelvtani-gyakorlatok\/#breadcrumb","itemListElement":[{"@type":"ListItem","position":1,"name":"Homepage","item":"https:\/\/talkpal.ai\/hu\/"},{"@type":"ListItem","position":2,"name":"Szerb nyelvtani gyakorlatok"}]},{"@type":"WebSite","@id":"https:\/\/talkpal.ai\/hu\/#website","url":"https:\/\/talkpal.ai\/hu\/","name":"Talkpal","description":"AI Language Learning","publisher":{"@id":"https:\/\/talkpal.ai\/hu\/#organization"},"alternateName":"Talkpal AI","potentialAction":[{"@type":"SearchAction","target":{"@type":"EntryPoint","urlTemplate":"https:\/\/talkpal.ai\/hu\/?s={search_term_string}"},"query-input":{"@type":"PropertyValueSpecification","valueRequired":true,"valueName":"search_term_string"}}],"inLanguage":"hu"},{"@type":"Organization","@id":"https:\/\/talkpal.ai\/hu\/#organization","name":"Talkpal, Inc.","alternateName":"Talkpal AI","url":"https:\/\/talkpal.ai\/hu\/","logo":{"@type":"ImageObject","inLanguage":"hu","@id":"https:\/\/talkpal.ai\/hu\/#\/schema\/logo\/image\/","url":"https:\/\/talkpal.ai\/wp-content\/uploads\/2024\/03\/Talkpal-Logo-Icon.png","contentUrl":"https:\/\/talkpal.ai\/wp-content\/uploads\/2024\/03\/Talkpal-Logo-Icon.png","width":2880,"height":2880,"caption":"Talkpal, Inc."},"image":{"@id":"https:\/\/talkpal.ai\/hu\/#\/schema\/logo\/image\/"},"sameAs":["https:\/\/www.facebook.com\/profile.php?id=100090733639311","https:\/\/x.com\/talkpalai","https:\/\/www.linkedin.com\/company\/talkpal\/","https:\/\/www.youtube.com\/@TalkPal\/","https:\/\/www.tiktok.com\/@talkpal","https:\/\/www.instagram.com\/talkpal_ai\/","https:\/\/www.crunchbase.com\/organization\/talkpal-9cde","https:\/\/www.g2.com\/products\/talkpal-for-business\/","https:\/\/www.trustpilot.com\/review\/talkpal.ai","https:\/\/www.capterra.com\/p\/10006800\/TalkPal\/"],"description":"Talkpal is a language learning web and mobile education app, powered by the latest AI technologies, that provides engaging experiences to its customers in many different languages to help them improve their language skills. Users can chat about unlimited amount of topics with the app and use other modes to practice their language learning.","email":"support@talkpal.ai","legalName":"Talkpal, Inc.","foundingDate":"2023-04-03","duns":"118989042","numberOfEmployees":{"@type":"QuantitativeValue","minValue":"11","maxValue":"50"},"publishingPrinciples":"https:\/\/talkpal.ai\/publishing-principles\/","actionableFeedbackPolicy":"https:\/\/talkpal.ai\/actionable-feedback-policy\/","correctionsPolicy":"https:\/\/talkpal.ai\/corrections-policy\/","ethicsPolicy":"https:\/\/talkpal.ai\/ethics-policy\/","diversityPolicy":"https:\/\/talkpal.ai\/diversity-policy\/","diversityStaffingReport":"https:\/\/talkpal.ai\/diversity-policy\/"}]}},"_links":{"self":[{"href":"https:\/\/talkpal.ai\/hu\/wp-json\/wp\/v2\/pages\/157241","targetHints":{"allow":["GET"]}}],"collection":[{"href":"https:\/\/talkpal.ai\/hu\/wp-json\/wp\/v2\/pages"}],"about":[{"href":"https:\/\/talkpal.ai\/hu\/wp-json\/wp\/v2\/types\/page"}],"author":[{"embeddable":true,"href":"https:\/\/talkpal.ai\/hu\/wp-json\/wp\/v2\/users\/6"}],"replies":[{"embeddable":true,"href":"https:\/\/talkpal.ai\/hu\/wp-json\/wp\/v2\/comments?post=157241"}],"version-history":[{"count":0,"href":"https:\/\/talkpal.ai\/hu\/wp-json\/wp\/v2\/pages\/157241\/revisions"}],"wp:featuredmedia":[{"embeddable":true,"href":"https:\/\/talkpal.ai\/hu\/wp-json\/wp\/v2\/media\/118056"}],"wp:attachment":[{"href":"https:\/\/talkpal.ai\/hu\/wp-json\/wp\/v2\/media?parent=157241"}],"curies":[{"name":"wp","href":"https:\/\/api.w.org\/{rel}","templated":true}]}}