{"id":157008,"date":"2023-06-28T13:47:13","date_gmt":"2023-06-28T13:47:13","guid":{"rendered":"http:\/\/talkpal.ai\/szlovak-nyelvtani-gyakorlatok\/"},"modified":"2025-12-17T15:05:55","modified_gmt":"2025-12-17T15:05:55","slug":"szlovak-nyelvtani-gyakorlatok","status":"publish","type":"page","link":"https:\/\/talkpal.ai\/hu\/szlovak-nyelvtani-gyakorlatok\/","title":{"rendered":"Szlov\u00e1k nyelvtani gyakorlatok"},"content":{"rendered":"\r\n\r\n\r\n<section class=\"languageChallengeSection\">\r\n    <div class=\"languageInfoWrapper\">\r\n        \r\n        <h1>Szlov\u00e1k nyelvtani gyakorlatok<\/h1>\r\n        <p>Szeretne magabiztosabban besz\u00e9lni szlov\u00e1kul? A nyelvtani gyakorlatok gyakorl\u00e1sa remek m\u00f3dja a mondatszerkezet, az igek\u00f6t\u0151k \u00e9s a <a href=\"https:\/\/talkpal.ai\/learn-slovak\/\">szlov\u00e1k<\/a> nyelv egyedi szab\u00e1lyainak elsaj\u00e1t\u00edt\u00e1s\u00e1nak. Kezdje el felfedezni a <a href=\"https:\/\/talkpal.ai\/learn-slovak\/\">szlov\u00e1k<\/a> nyelvtant m\u00e9g ma, \u00e9s figyelje, ahogy a k\u00e9szs\u00e9gei \u00e9s a foly\u00e9kony nyelvtud\u00e1sa <a href=\"https:\/\/talkpal.ai\/locations\/language-courses-in-minden\/\">minden<\/a> egyes gyakorlattal javul!<\/p>\r\n\r\n                            <a class=\"getStartedHidden\" href=\"https:\/\/app.talkpal.ai\/hu\/signup?lng=\">Kezdj\u00fck<\/a>\r\n        \r\n    <\/div>\r\n\r\n    <figure>\r\n    <img decoding=\"async\" width=\"768\" height=\"768\" src=\"https:\/\/talkpal.ai\/wp-content\/uploads\/2023\/06\/slovak-768x768.png\" class=\"languageImage no-lazy\" alt=\"Language learning for cross-cultural competence\" fetchpriority=\"high\" sizes=\"(max-width: 768px) 150px, 768px\" srcset=\"https:\/\/talkpal.ai\/wp-content\/uploads\/2023\/06\/slovak-768x768.png 768w, https:\/\/talkpal.ai\/wp-content\/uploads\/2023\/06\/slovak-300x300.png 300w\" \/>\r\n    \r\n\r\n    <\/figure>\r\n\r\n            <a class=\"getStartedVisible\" href=\"https:\/\/app.talkpal.ai\/hu\/signup?lng=\">Kezdj\u00fck<\/a>\r\n    \r\n<\/section>\r\n\r\n\r\n<!-- <section class=\"grammarSection\">\r\n    <div class=\"grammarLinks\">\r\n            <\/div>\r\n<\/section> -->\r\n\r\n\r\n\r\n\r\n<section class=\"promotionalBanner\">\r\n    <p class=\"promotionalText\">A nyelvtanul\u00e1s leghat\u00e9konyabb m\u00f3dja<\/p>\r\n    <a class=\"promotionalLink\" href=\"https:\/\/app.talkpal.ai\/hu\/signup?lng=\">Pr\u00f3b\u00e1lja ki a Talkpal ingyen<\/a>\r\n<\/section>\n<div class=\"wp-block-group pageContainerStyle\"><div class=\"wp-block-group__inner-container is-layout-constrained wp-block-group-is-layout-constrained\">\n<h2 class=\"wp-block-heading\" id=\"h-slovak-grammar-topics\">Szlov\u00e1k nyelvtani t\u00e9m\u00e1k<\/h2>\n\n\n\n<p>A szlov\u00e1k, egy nyugatszl\u00e1v nyelv tanul\u00e1sa kifizet\u0151d\u0151 kih\u00edv\u00e1st jelenthet a <a href=\"https:\/\/talkpal.ai\/talkpal-discount-for-language-enthusiasts\/\">nyelvrajong\u00f3k<\/a> sz\u00e1m\u00e1ra. Egyed\u00fcl\u00e1ll\u00f3 fonetikai szerkezet\u00e9vel \u00e9s \u00f6sszetett nyelvtan\u00e1val lehet\u0151v\u00e9 teszi a tanul\u00f3k sz\u00e1m\u00e1ra, hogy m\u00e9lyebben foglalkozzanak a szlov\u00e1k kult\u00far\u00e1val \u00e9s t\u00f6rt\u00e9nelemmel. A szlov\u00e1k nyelv hat\u00e9kony elsaj\u00e1t\u00edt\u00e1s\u00e1hoz bizonyos nyelvtani t\u00e9m\u00e1kat meghat\u00e1rozott sorrendben kell rangsorolni.<\/p>\n\n\n\n<h3 class=\"wp-block-heading\" id=\"h-1-nouns\">1. F\u0151nevek:<\/h3>\n\n\n\n<p>Kezdj\u00fck a <a href=\"https:\/\/talkpal.ai\/slovak-grammar\/\">szlov\u00e1k nyelvtan<\/a> alapjaival: a f\u0151nevekkel. Ismerje meg az egyes \u00e9s t\u00f6bbes sz\u00e1m\u00fa alakokat, a nemek k\u00f6z\u00f6tti k\u00fcl\u00f6nbs\u00e9geket \u00e9s a kis- \u00e9s nagybet\u0171k ragoz\u00e1s\u00e1t.<\/p>\n\n\n\n<h3 class=\"wp-block-heading\" id=\"h-2-pronouns-determiners\">2. N\u00e9vm\u00e1sok\/determin\u00e1nsok:<\/h3>\n\n\n\n<p>A f\u0151nevek elsaj\u00e1t\u00edt\u00e1sa ut\u00e1n l\u00e9pjen a n\u00e9vm\u00e1sokra \u00e9s a meghat\u00e1roz\u00f3kra. Ezeknek az elemeknek a meg\u00e9rt\u00e9se seg\u00edt az alapvet\u0151 mondatok kialak\u00edt\u00e1s\u00e1ban \u00e9s a birtokl\u00e1s, a mennyis\u00e9g \u00e9s az identit\u00e1s kifejez\u00e9s\u00e9ben.<\/p>\n\n\n\n<h3 class=\"wp-block-heading\" id=\"h-3-articles\">3. Cikkek:<\/h3>\n\n\n\n<p>B\u00e1r a szlov\u00e1k nyelvben nincsenek hat\u00e1rozott \u00e9s hat\u00e1rozatlan n\u00e9vel\u0151k, mint az angolban, meg kell \u00e9rtenie, hogyan kell szlov\u00e1kul jelezni a hat\u00e1rozotts\u00e1got \u00e9s a hat\u00e1rozatlans\u00e1got.<\/p>\n\n\n\n<h3 class=\"wp-block-heading\" id=\"h-4-adjectives\">4. Mell\u00e9knevek:<\/h3>\n\n\n\n<p>Ezut\u00e1n ismerje meg a mell\u00e9kneveket, azok ragoz\u00e1s\u00e1t \u00e9s a f\u0151nevekkel val\u00f3 egyet\u00e9rt\u00e9st nemben, sz\u00e1mban \u00e9s esetben.<\/p>\n\n\n\n<h3 class=\"wp-block-heading\" id=\"h-5-verbs\">5. Ig\u00e9k:<\/h3>\n\n\n\n<p>Az ig\u00e9k <a href=\"https:\/\/talkpal.ai\/languages\/\">minden nyelv<\/a> gerinc\u00e9t k\u00e9pezik. Ismerje meg a szab\u00e1lyos \u00e9s szab\u00e1lytalan ig\u00e9ket, valamint azok ragoz\u00e1s\u00e1t jelen, m\u00falt \u00e9s j\u00f6v\u0151 id\u0151ben.<\/p>\n\n\n\n<h3 class=\"wp-block-heading\" id=\"h-6-tenses\">6. Igeid\u0151k:<\/h3>\n\n\n\n<p>Ha m\u00e1r megragadta az ig\u00e9ket, foglalkozzon az igeid\u0151kkel. Ismerje meg, hogyan kell haszn\u00e1lni a jelen, a m\u00falt \u00e9s a j\u00f6v\u0151 id\u0151t k\u00fcl\u00f6nb\u00f6z\u0151 kontextusokban.<\/p>\n\n\n\n<h3 class=\"wp-block-heading\" id=\"h-7-tense-comparison\">7. Fesz\u00fclt \u00f6sszehasonl\u00edt\u00e1s:<\/h3>\n\n\n\n<p>Ez seg\u00edt meg\u00e9rteni, hogy a k\u00fcl\u00f6nb\u00f6z\u0151 id\u0151k hogyan kapcsol\u00f3dnak egym\u00e1shoz \u00e9s ellent\u00e9tesek egym\u00e1ssal.<\/p>\n\n\n\n<h3 class=\"wp-block-heading\" id=\"h-8-progressive\">8. Progressz\u00edv:<\/h3>\n\n\n\n<p>Az egyszer\u0171 id\u0151k elsaj\u00e1t\u00edt\u00e1sa ut\u00e1n l\u00e9pjen tov\u00e1bb a progressz\u00edv szempontokra. Ez seg\u00edt kifejezni a folyamatban l\u00e9v\u0151 m\u0171veleteket.<\/p>\n\n\n\n<h3 class=\"wp-block-heading\" id=\"h-9-perfect-progressive\">9. T\u00f6k\u00e9letes progressz\u00edv:<\/h3>\n\n\n\n<p>Ezt az id\u0151t olyan cselekv\u00e9sek jelz\u00e9s\u00e9re haszn\u00e1lj\u00e1k, amelyek a m\u00faltban folyamatban voltak, \u00e9s \u00e1ltal\u00e1ban hat\u00e1ssal vannak a jelenre.<\/p>\n\n\n\n<h3 class=\"wp-block-heading\" id=\"h-10-adverbs\">10. Hat\u00e1roz\u00f3sz\u00f3k:<\/h3>\n\n\n\n<p>A hat\u00e1roz\u00f3szavak m\u00f3dos\u00edtj\u00e1k az ig\u00e9ket, mell\u00e9kneveket \u00e9s m\u00e1s hat\u00e1roz\u00f3szavakat. Tov\u00e1bbi r\u00e9szleteket ny\u00fajtanak a m\u0171veletekr\u0151l, \u00e1llapotokr\u00f3l vagy tulajdons\u00e1gokr\u00f3l.<\/p>\n\n\n\n<h3 class=\"wp-block-heading\" id=\"h-11-prepositions\">11. El\u00f6lj\u00e1r\u00f3szavak:<\/h3>\n\n\n\n<p>Ismerje meg a mondat k\u00fcl\u00f6nb\u00f6z\u0151 r\u00e9szei k\u00f6z\u00f6tti kapcsolatok kifejez\u00e9s\u00e9re szolg\u00e1l\u00f3 el\u00f6lj\u00e1r\u00f3szavakat.<\/p>\n\n\n\n<h3 class=\"wp-block-heading\" id=\"h-12-conditionals\">12. Felt\u00e9telek:<\/h3>\n\n\n\n<p>A felt\u00e9teleket hipotetikus helyzetek \u00e9s azok lehets\u00e9ges eredm\u00e9nyeinek kifejez\u00e9s\u00e9re haszn\u00e1lj\u00e1k.<\/p>\n\n\n\n<h3 class=\"wp-block-heading\" id=\"h-13-sentences\">13. Mondatok:<\/h3>\n\n\n\n<p>V\u00e9g\u00fcl, ha minden nyelvtani alapelv a hely\u00e9n <a href=\"https:\/\/talkpal.ai\/locations\/language-courses-in-van\/\">van<\/a>, elkezdhet \u00f6sszetett mondatokat alkotni, \u00e9s vil\u00e1gosan \u00e9s hat\u00e9konyan kifejezheti gondolatait szlov\u00e1kul.<\/p>\n<\/div><\/div>\n\r\n<section class=\"learnNavigationSection\">\r\n            \r\n        <a href=\"https:\/\/talkpal.ai\/hu\/tanulj-szlovakul\/\">\r\n            <div class=\"learnNavigationWrapper\">\r\n                <div class=\"learnNavigationContent\">\r\n                    <img decoding=\"async\" src=\"https:\/\/talkpal.ai\/wp-content\/uploads\/2024\/08\/Slovak.jpg\" alt=\"Slovak Flag\">\r\n                    <div>\r\n                        <h4>A szlov\u00e1k tanul\u00e1sr\u00f3l<\/h4>\r\n                        <p>Tudjon meg mindent a szlov\u00e1k nyelvtanr\u00f3l.<\/p>\r\n                    <\/div>\r\n                <\/div>\r\n            <\/div>\r\n        <\/a>\r\n\r\n        \r\n        <a href=\"https:\/\/talkpal.ai\/hu\/szlovak-nyelvtan\/\">\r\n            <div class=\"learnNavigationWrapper\">\r\n                <div class=\"learnNavigationContent\">\r\n                    <img decoding=\"async\" src=\"https:\/\/talkpal.ai\/wp-content\/uploads\/2024\/08\/Slovak.jpg\" alt=\"Slovak Flag\">\r\n                    <div>\r\n                        <h4>Szlov\u00e1k nyelvtan \u00f3r\u00e1k<\/h4>\r\n                        <p>Gyakorold a szlov\u00e1k nyelvtant.<\/p>\r\n                    <\/div>\r\n                <\/div>\r\n            <\/div>\r\n        <\/a>\r\n\r\n        \r\n        <a href=\"https:\/\/talkpal.ai\/vocabulary_language\/slovak\/\">\r\n            <div class=\"learnNavigationWrapper\">\r\n                <div class=\"learnNavigationContent\">\r\n                    <img decoding=\"async\" src=\"https:\/\/talkpal.ai\/wp-content\/uploads\/2024\/08\/Slovak.jpg\" alt=\"Slovak Flag\">\r\n                    <div>\r\n                        <h4>Szlov\u00e1k sz\u00f3kincs<\/h4>\r\n                        <p>B\u0151v\u00edtse szlov\u00e1k sz\u00f3kincs\u00e9t.<\/p>\r\n                    <\/div>\r\n                <\/div>\r\n            <\/div>\r\n        <\/a>\r\n\r\n            <\/section>","protected":false},"excerpt":{"rendered":"<p>Szlov\u00e1k nyelvtani t\u00e9m\u00e1k A szlov\u00e1k, egy nyugatszl\u00e1v nyelv tanul\u00e1sa kifizet\u0151d\u0151 kih\u00edv\u00e1st jelenthet a nyelvrajong\u00f3k sz\u00e1m\u00e1ra. Egyed\u00fcl\u00e1ll\u00f3 fonetikai szerkezet\u00e9vel \u00e9s \u00f6sszetett nyelvtan\u00e1val lehet\u0151v\u00e9 teszi a tanul\u00f3k sz\u00e1m\u00e1ra, hogy m\u00e9lyebben foglalkozzanak a szlov\u00e1k kult\u00far\u00e1val \u00e9s t\u00f6rt\u00e9nelemmel. A szlov\u00e1k nyelv hat\u00e9kony elsaj\u00e1t\u00edt\u00e1s\u00e1hoz bizonyos nyelvtani t\u00e9m\u00e1kat meghat\u00e1rozott sorrendben kell rangsorolni. 1. F\u0151nevek: Kezdj\u00fck a szlov\u00e1k nyelvtan alapjaival: a f\u0151nevekkel. [&hellip;]<\/p>\n","protected":false},"author":6,"featured_media":118475,"parent":0,"menu_order":0,"comment_status":"closed","ping_status":"closed","template":"LearningContentPage.php","meta":{"_acf_changed":false,"footnotes":""},"class_list":["post-157008","page","type-page","status-publish","has-post-thumbnail","hentry"],"acf":[],"yoast_head":"<!-- This site is optimized with the Yoast SEO Premium plugin v27.2 (Yoast SEO v27.2) - https:\/\/yoast.com\/product\/yoast-seo-premium-wordpress\/ -->\n<title>Szlov\u00e1k nyelvtani gyakorlatok - Talkpal<\/title>\n<meta name=\"description\" content=\"Fejleszd szlov\u00e1k nyelvtani ismereteidet minden szintre tervezett interakt\u00edv gyakorlatokkal. Fokozza nyelvtanul\u00e1s\u00e1t m\u00e9g ma!\" \/>\n<meta name=\"robots\" content=\"index, follow, max-snippet:-1, max-image-preview:large, max-video-preview:-1\" \/>\n<link rel=\"canonical\" href=\"https:\/\/talkpal.ai\/hu\/szlovak-nyelvtani-gyakorlatok\/\" \/>\n<meta property=\"og:locale\" content=\"hu_HU\" \/>\n<meta property=\"og:type\" content=\"article\" \/>\n<meta property=\"og:title\" content=\"Szlov\u00e1k nyelvtani gyakorlatok\" \/>\n<meta property=\"og:description\" content=\"Szlov\u00e1k nyelvtani t\u00e9m\u00e1k A szlov\u00e1k, egy nyugatszl\u00e1v nyelv tanul\u00e1sa kifizet\u0151d\u0151 kih\u00edv\u00e1st jelenthet a nyelvrajong\u00f3k sz\u00e1m\u00e1ra. Egyed\u00fcl\u00e1ll\u00f3 fonetikai\" \/>\n<meta property=\"og:url\" content=\"https:\/\/talkpal.ai\/hu\/szlovak-nyelvtani-gyakorlatok\/\" \/>\n<meta property=\"og:site_name\" content=\"Talkpal\" \/>\n<meta property=\"article:publisher\" content=\"https:\/\/www.facebook.com\/profile.php?id=100090733639311\" \/>\n<meta property=\"article:modified_time\" content=\"2025-12-17T15:05:55+00:00\" \/>\n<meta property=\"og:image\" content=\"https:\/\/talkpal.ai\/wp-content\/uploads\/2023\/05\/slovakia.png\" \/>\n\t<meta property=\"og:image:width\" content=\"512\" \/>\n\t<meta property=\"og:image:height\" content=\"512\" \/>\n\t<meta property=\"og:image:type\" content=\"image\/png\" \/>\n<meta name=\"twitter:card\" content=\"summary_large_image\" \/>\n<meta name=\"twitter:site\" content=\"@talkpalai\" \/>\n<meta name=\"twitter:label1\" content=\"Becs\u00fclt olvas\u00e1si id\u0151\" \/>\n\t<meta name=\"twitter:data1\" content=\"3 perc\" \/>\n<script type=\"application\/ld+json\" class=\"yoast-schema-graph\">{\"@context\":\"https:\/\/schema.org\",\"@graph\":[{\"@type\":\"WebPage\",\"@id\":\"https:\/\/talkpal.ai\/hu\/szlovak-nyelvtani-gyakorlatok\/\",\"url\":\"https:\/\/talkpal.ai\/hu\/szlovak-nyelvtani-gyakorlatok\/\",\"name\":\"Szlov\u00e1k nyelvtani gyakorlatok - Talkpal\",\"isPartOf\":{\"@id\":\"https:\/\/talkpal.ai\/hu\/#website\"},\"primaryImageOfPage\":{\"@id\":\"https:\/\/talkpal.ai\/hu\/szlovak-nyelvtani-gyakorlatok\/#primaryimage\"},\"image\":{\"@id\":\"https:\/\/talkpal.ai\/hu\/szlovak-nyelvtani-gyakorlatok\/#primaryimage\"},\"thumbnailUrl\":\"https:\/\/talkpal.ai\/wp-content\/uploads\/2023\/05\/slovakia.png\",\"datePublished\":\"2023-06-28T13:47:13+00:00\",\"dateModified\":\"2025-12-17T15:05:55+00:00\",\"description\":\"Fejleszd szlov\u00e1k nyelvtani ismereteidet minden szintre tervezett interakt\u00edv gyakorlatokkal. Fokozza nyelvtanul\u00e1s\u00e1t m\u00e9g ma!\",\"breadcrumb\":{\"@id\":\"https:\/\/talkpal.ai\/hu\/szlovak-nyelvtani-gyakorlatok\/#breadcrumb\"},\"inLanguage\":\"hu\",\"potentialAction\":[{\"@type\":\"ReadAction\",\"target\":[\"https:\/\/talkpal.ai\/hu\/szlovak-nyelvtani-gyakorlatok\/\"]}]},{\"@type\":\"ImageObject\",\"inLanguage\":\"hu\",\"@id\":\"https:\/\/talkpal.ai\/hu\/szlovak-nyelvtani-gyakorlatok\/#primaryimage\",\"url\":\"https:\/\/talkpal.ai\/wp-content\/uploads\/2023\/05\/slovakia.png\",\"contentUrl\":\"https:\/\/talkpal.ai\/wp-content\/uploads\/2023\/05\/slovakia.png\",\"width\":512,\"height\":512},{\"@type\":\"BreadcrumbList\",\"@id\":\"https:\/\/talkpal.ai\/hu\/szlovak-nyelvtani-gyakorlatok\/#breadcrumb\",\"itemListElement\":[{\"@type\":\"ListItem\",\"position\":1,\"name\":\"Homepage\",\"item\":\"https:\/\/talkpal.ai\/hu\/\"},{\"@type\":\"ListItem\",\"position\":2,\"name\":\"Szlov\u00e1k nyelvtani gyakorlatok\"}]},{\"@type\":\"WebSite\",\"@id\":\"https:\/\/talkpal.ai\/hu\/#website\",\"url\":\"https:\/\/talkpal.ai\/hu\/\",\"name\":\"Talkpal\",\"description\":\"AI Language Learning\",\"publisher\":{\"@id\":\"https:\/\/talkpal.ai\/hu\/#organization\"},\"alternateName\":\"Talkpal AI\",\"potentialAction\":[{\"@type\":\"SearchAction\",\"target\":{\"@type\":\"EntryPoint\",\"urlTemplate\":\"https:\/\/talkpal.ai\/hu\/?s={search_term_string}\"},\"query-input\":{\"@type\":\"PropertyValueSpecification\",\"valueRequired\":true,\"valueName\":\"search_term_string\"}}],\"inLanguage\":\"hu\"},{\"@type\":\"Organization\",\"@id\":\"https:\/\/talkpal.ai\/hu\/#organization\",\"name\":\"Talkpal, Inc.\",\"alternateName\":\"Talkpal AI\",\"url\":\"https:\/\/talkpal.ai\/hu\/\",\"logo\":{\"@type\":\"ImageObject\",\"inLanguage\":\"hu\",\"@id\":\"https:\/\/talkpal.ai\/hu\/#\/schema\/logo\/image\/\",\"url\":\"https:\/\/talkpal.ai\/wp-content\/uploads\/2024\/03\/Talkpal-Logo-Icon.png\",\"contentUrl\":\"https:\/\/talkpal.ai\/wp-content\/uploads\/2024\/03\/Talkpal-Logo-Icon.png\",\"width\":2880,\"height\":2880,\"caption\":\"Talkpal, Inc.\"},\"image\":{\"@id\":\"https:\/\/talkpal.ai\/hu\/#\/schema\/logo\/image\/\"},\"sameAs\":[\"https:\/\/www.facebook.com\/profile.php?id=100090733639311\",\"https:\/\/x.com\/talkpalai\",\"https:\/\/www.linkedin.com\/company\/talkpal\/\",\"https:\/\/www.youtube.com\/@TalkPal\/\",\"https:\/\/www.tiktok.com\/@talkpal\",\"https:\/\/www.instagram.com\/talkpal_ai\/\",\"https:\/\/www.crunchbase.com\/organization\/talkpal-9cde\",\"https:\/\/www.g2.com\/products\/talkpal-for-business\/\",\"https:\/\/www.trustpilot.com\/review\/talkpal.ai\",\"https:\/\/www.capterra.com\/p\/10006800\/TalkPal\/\"],\"description\":\"Talkpal is a language learning web and mobile education app, powered by the latest AI technologies, that provides engaging experiences to its customers in many different languages to help them improve their language skills. Users can chat about unlimited amount of topics with the app and use other modes to practice their language learning.\",\"email\":\"support@talkpal.ai\",\"legalName\":\"Talkpal, Inc.\",\"foundingDate\":\"2023-04-03\",\"duns\":\"118989042\",\"numberOfEmployees\":{\"@type\":\"QuantitativeValue\",\"minValue\":\"11\",\"maxValue\":\"50\"},\"publishingPrinciples\":\"https:\/\/talkpal.ai\/publishing-principles\/\",\"actionableFeedbackPolicy\":\"https:\/\/talkpal.ai\/actionable-feedback-policy\/\",\"correctionsPolicy\":\"https:\/\/talkpal.ai\/corrections-policy\/\",\"ethicsPolicy\":\"https:\/\/talkpal.ai\/ethics-policy\/\",\"diversityPolicy\":\"https:\/\/talkpal.ai\/diversity-policy\/\",\"diversityStaffingReport\":\"https:\/\/talkpal.ai\/diversity-policy\/\"}]}<\/script>\n<!-- \/ Yoast SEO Premium plugin. -->","yoast_head_json":{"title":"Szlov\u00e1k nyelvtani gyakorlatok - Talkpal","description":"Fejleszd szlov\u00e1k nyelvtani ismereteidet minden szintre tervezett interakt\u00edv gyakorlatokkal. Fokozza nyelvtanul\u00e1s\u00e1t m\u00e9g ma!","robots":{"index":"index","follow":"follow","max-snippet":"max-snippet:-1","max-image-preview":"max-image-preview:large","max-video-preview":"max-video-preview:-1"},"canonical":"https:\/\/talkpal.ai\/hu\/szlovak-nyelvtani-gyakorlatok\/","og_locale":"hu_HU","og_type":"article","og_title":"Szlov\u00e1k nyelvtani gyakorlatok","og_description":"Szlov\u00e1k nyelvtani t\u00e9m\u00e1k A szlov\u00e1k, egy nyugatszl\u00e1v nyelv tanul\u00e1sa kifizet\u0151d\u0151 kih\u00edv\u00e1st jelenthet a nyelvrajong\u00f3k sz\u00e1m\u00e1ra. Egyed\u00fcl\u00e1ll\u00f3 fonetikai","og_url":"https:\/\/talkpal.ai\/hu\/szlovak-nyelvtani-gyakorlatok\/","og_site_name":"Talkpal","article_publisher":"https:\/\/www.facebook.com\/profile.php?id=100090733639311","article_modified_time":"2025-12-17T15:05:55+00:00","og_image":[{"width":512,"height":512,"url":"https:\/\/talkpal.ai\/wp-content\/uploads\/2023\/05\/slovakia.png","type":"image\/png"}],"twitter_card":"summary_large_image","twitter_site":"@talkpalai","twitter_misc":{"Becs\u00fclt olvas\u00e1si id\u0151":"3 perc"},"schema":{"@context":"https:\/\/schema.org","@graph":[{"@type":"WebPage","@id":"https:\/\/talkpal.ai\/hu\/szlovak-nyelvtani-gyakorlatok\/","url":"https:\/\/talkpal.ai\/hu\/szlovak-nyelvtani-gyakorlatok\/","name":"Szlov\u00e1k nyelvtani gyakorlatok - Talkpal","isPartOf":{"@id":"https:\/\/talkpal.ai\/hu\/#website"},"primaryImageOfPage":{"@id":"https:\/\/talkpal.ai\/hu\/szlovak-nyelvtani-gyakorlatok\/#primaryimage"},"image":{"@id":"https:\/\/talkpal.ai\/hu\/szlovak-nyelvtani-gyakorlatok\/#primaryimage"},"thumbnailUrl":"https:\/\/talkpal.ai\/wp-content\/uploads\/2023\/05\/slovakia.png","datePublished":"2023-06-28T13:47:13+00:00","dateModified":"2025-12-17T15:05:55+00:00","description":"Fejleszd szlov\u00e1k nyelvtani ismereteidet minden szintre tervezett interakt\u00edv gyakorlatokkal. Fokozza nyelvtanul\u00e1s\u00e1t m\u00e9g ma!","breadcrumb":{"@id":"https:\/\/talkpal.ai\/hu\/szlovak-nyelvtani-gyakorlatok\/#breadcrumb"},"inLanguage":"hu","potentialAction":[{"@type":"ReadAction","target":["https:\/\/talkpal.ai\/hu\/szlovak-nyelvtani-gyakorlatok\/"]}]},{"@type":"ImageObject","inLanguage":"hu","@id":"https:\/\/talkpal.ai\/hu\/szlovak-nyelvtani-gyakorlatok\/#primaryimage","url":"https:\/\/talkpal.ai\/wp-content\/uploads\/2023\/05\/slovakia.png","contentUrl":"https:\/\/talkpal.ai\/wp-content\/uploads\/2023\/05\/slovakia.png","width":512,"height":512},{"@type":"BreadcrumbList","@id":"https:\/\/talkpal.ai\/hu\/szlovak-nyelvtani-gyakorlatok\/#breadcrumb","itemListElement":[{"@type":"ListItem","position":1,"name":"Homepage","item":"https:\/\/talkpal.ai\/hu\/"},{"@type":"ListItem","position":2,"name":"Szlov\u00e1k nyelvtani gyakorlatok"}]},{"@type":"WebSite","@id":"https:\/\/talkpal.ai\/hu\/#website","url":"https:\/\/talkpal.ai\/hu\/","name":"Talkpal","description":"AI Language Learning","publisher":{"@id":"https:\/\/talkpal.ai\/hu\/#organization"},"alternateName":"Talkpal AI","potentialAction":[{"@type":"SearchAction","target":{"@type":"EntryPoint","urlTemplate":"https:\/\/talkpal.ai\/hu\/?s={search_term_string}"},"query-input":{"@type":"PropertyValueSpecification","valueRequired":true,"valueName":"search_term_string"}}],"inLanguage":"hu"},{"@type":"Organization","@id":"https:\/\/talkpal.ai\/hu\/#organization","name":"Talkpal, Inc.","alternateName":"Talkpal AI","url":"https:\/\/talkpal.ai\/hu\/","logo":{"@type":"ImageObject","inLanguage":"hu","@id":"https:\/\/talkpal.ai\/hu\/#\/schema\/logo\/image\/","url":"https:\/\/talkpal.ai\/wp-content\/uploads\/2024\/03\/Talkpal-Logo-Icon.png","contentUrl":"https:\/\/talkpal.ai\/wp-content\/uploads\/2024\/03\/Talkpal-Logo-Icon.png","width":2880,"height":2880,"caption":"Talkpal, Inc."},"image":{"@id":"https:\/\/talkpal.ai\/hu\/#\/schema\/logo\/image\/"},"sameAs":["https:\/\/www.facebook.com\/profile.php?id=100090733639311","https:\/\/x.com\/talkpalai","https:\/\/www.linkedin.com\/company\/talkpal\/","https:\/\/www.youtube.com\/@TalkPal\/","https:\/\/www.tiktok.com\/@talkpal","https:\/\/www.instagram.com\/talkpal_ai\/","https:\/\/www.crunchbase.com\/organization\/talkpal-9cde","https:\/\/www.g2.com\/products\/talkpal-for-business\/","https:\/\/www.trustpilot.com\/review\/talkpal.ai","https:\/\/www.capterra.com\/p\/10006800\/TalkPal\/"],"description":"Talkpal is a language learning web and mobile education app, powered by the latest AI technologies, that provides engaging experiences to its customers in many different languages to help them improve their language skills. Users can chat about unlimited amount of topics with the app and use other modes to practice their language learning.","email":"support@talkpal.ai","legalName":"Talkpal, Inc.","foundingDate":"2023-04-03","duns":"118989042","numberOfEmployees":{"@type":"QuantitativeValue","minValue":"11","maxValue":"50"},"publishingPrinciples":"https:\/\/talkpal.ai\/publishing-principles\/","actionableFeedbackPolicy":"https:\/\/talkpal.ai\/actionable-feedback-policy\/","correctionsPolicy":"https:\/\/talkpal.ai\/corrections-policy\/","ethicsPolicy":"https:\/\/talkpal.ai\/ethics-policy\/","diversityPolicy":"https:\/\/talkpal.ai\/diversity-policy\/","diversityStaffingReport":"https:\/\/talkpal.ai\/diversity-policy\/"}]}},"_links":{"self":[{"href":"https:\/\/talkpal.ai\/hu\/wp-json\/wp\/v2\/pages\/157008","targetHints":{"allow":["GET"]}}],"collection":[{"href":"https:\/\/talkpal.ai\/hu\/wp-json\/wp\/v2\/pages"}],"about":[{"href":"https:\/\/talkpal.ai\/hu\/wp-json\/wp\/v2\/types\/page"}],"author":[{"embeddable":true,"href":"https:\/\/talkpal.ai\/hu\/wp-json\/wp\/v2\/users\/6"}],"replies":[{"embeddable":true,"href":"https:\/\/talkpal.ai\/hu\/wp-json\/wp\/v2\/comments?post=157008"}],"version-history":[{"count":0,"href":"https:\/\/talkpal.ai\/hu\/wp-json\/wp\/v2\/pages\/157008\/revisions"}],"wp:featuredmedia":[{"embeddable":true,"href":"https:\/\/talkpal.ai\/hu\/wp-json\/wp\/v2\/media\/118475"}],"wp:attachment":[{"href":"https:\/\/talkpal.ai\/hu\/wp-json\/wp\/v2\/media?parent=157008"}],"curies":[{"name":"wp","href":"https:\/\/api.w.org\/{rel}","templated":true}]}}