{"id":156893,"date":"2023-06-28T13:54:56","date_gmt":"2023-06-28T13:54:56","guid":{"rendered":"http:\/\/talkpal.ai\/szloven-nyelvtani-gyakorlatok\/"},"modified":"2025-12-17T09:54:10","modified_gmt":"2025-12-17T09:54:10","slug":"szloven-nyelvtani-gyakorlatok","status":"publish","type":"page","link":"https:\/\/talkpal.ai\/hu\/szloven-nyelvtani-gyakorlatok\/","title":{"rendered":"Szlov\u00e9n nyelvtani gyakorlatok"},"content":{"rendered":"\r\n\r\n\r\n<section class=\"languageChallengeSection\">\r\n    <div class=\"languageInfoWrapper\">\r\n        \r\n        <h1>Szlov\u00e9n nyelvtani gyakorlatok<\/h1>\r\n        <p>K\u00e9szen \u00e1ll arra, hogy a <a href=\"https:\/\/talkpal.ai\/learn-slovenian\/\">szlov\u00e9n<\/a> nyelvtud\u00e1s\u00e1t a k\u00f6vetkez\u0151 szintre emelje? A nyelvtani gyakorlatok gyakorl\u00e1sa fantasztikus m\u00f3dja a mondatszerkezet, az igek\u00f6t\u0151k \u00e9s a <a href=\"https:\/\/talkpal.ai\/learn-slovenian\/\">szlov\u00e9n<\/a> nyelv egyedi mint\u00e1inak elsaj\u00e1t\u00edt\u00e1s\u00e1nak. Kezdjen el dolgozni a szlov\u00e9n nyelvtanon m\u00e9g ma, \u00e9s n\u00e9zze, ahogy \u00f6nbizalma \u00e9s foly\u00e9kony nyelvtud\u00e1sa minden egyes gyakorlattal javul!<\/p>\r\n\r\n                            <a class=\"getStartedHidden\" href=\"https:\/\/app.talkpal.ai\/hu\/signup?lng=\">Kezdj\u00fck<\/a>\r\n        \r\n    <\/div>\r\n\r\n    <figure>\r\n    <img decoding=\"async\" width=\"768\" height=\"768\" src=\"https:\/\/talkpal.ai\/wp-content\/uploads\/2023\/06\/slovenian-768x768.png\" class=\"languageImage no-lazy\" alt=\"Language learning for broader perspectives\" fetchpriority=\"high\" sizes=\"(max-width: 768px) 150px, 768px\" srcset=\"https:\/\/talkpal.ai\/wp-content\/uploads\/2023\/06\/slovenian-768x768.png 768w, https:\/\/talkpal.ai\/wp-content\/uploads\/2023\/06\/slovenian-300x300.png 300w\" \/>\r\n    \r\n\r\n    <\/figure>\r\n\r\n            <a class=\"getStartedVisible\" href=\"https:\/\/app.talkpal.ai\/hu\/signup?lng=\">Kezdj\u00fck<\/a>\r\n    \r\n<\/section>\r\n\r\n\r\n<!-- <section class=\"grammarSection\">\r\n    <div class=\"grammarLinks\">\r\n            <\/div>\r\n<\/section> -->\r\n\r\n\r\n\r\n\r\n<section class=\"promotionalBanner\">\r\n    <p class=\"promotionalText\">A nyelvtanul\u00e1s leghat\u00e9konyabb m\u00f3dja<\/p>\r\n    <a class=\"promotionalLink\" href=\"https:\/\/app.talkpal.ai\/hu\/signup?lng=\">Pr\u00f3b\u00e1lja ki a Talkpal ingyen<\/a>\r\n<\/section>\n<div class=\"wp-block-group pageContainerStyle\"><div class=\"wp-block-group__inner-container is-layout-constrained wp-block-group-is-layout-constrained\">\n<h2 class=\"wp-block-heading\" id=\"h-slovenian-grammar-topics\">Szlov\u00e9n nyelvtani t\u00e9m\u00e1k<\/h2>\n\n\n\n<p>A szlov\u00e9n, m\u00e1s n\u00e9ven szlov\u00e9n, egy d\u00e9lszl\u00e1v nyelv, amelyet t\u00falnyom\u00f3r\u00e9szt Szlov\u00e9ni\u00e1ban besz\u00e9lnek. Az Eur\u00f3pai Uni\u00f3 24 hivatalos \u00e9s munkanyelv\u00e9nek egyike. A szlov\u00e9n nyelvtanul\u00e1s megk\u00f6veteli a k\u00fcl\u00f6nb\u00f6z\u0151 nyelvtani \u00f6sszetev\u0151k, p\u00e9ld\u00e1ul igeid\u0151k, ig\u00e9k, f\u0151nevek, cikkek stb. Meg\u00e9rt\u00e9s\u00e9t. A k\u00f6vetkez\u0151 t\u00e9masorozatot javasoljuk a tanul\u00e1si folyamat struktur\u00e1ltabb\u00e1 \u00e9s hat\u00e9konyabb\u00e1 t\u00e9tele \u00e9rdek\u00e9ben.<\/p>\n\n\n\n<h3 class=\"wp-block-heading\" id=\"h-1-nouns-and-articles\">1. F\u0151nevek \u00e9s cikkek:<\/h3>\n\n\n\n<p>Kezdje a <a href=\"https:\/\/talkpal.ai\/hu\/kezdok-szloven-nyelvkonyve-gyors-es-hatekony-tanulas-mindenkinek\/\">szlov\u00e9n nyelvtan<\/a> alapjaival &#8211; f\u0151nevek \u00e9s cikkek. Ismerje meg a nem (h\u00edmnem\u0171, n\u0151ies, ivartalan\u00edtott) \u00e9s a sz\u00e1m (egyes sz\u00e1m, kett\u0151s, t\u00f6bbes sz\u00e1m) fogalm\u00e1t a szlov\u00e9n f\u0151nevekben. Ismerje fel a hat\u00e1rozott \u00e9s hat\u00e1rozatlan cikkeket \u00e9s azok haszn\u00e1lat\u00e1t.<\/p>\n\n\n\n<h3 class=\"wp-block-heading\" id=\"h-2-adjectives\">2. Mell\u00e9knevek:<\/h3>\n\n\n\n<p>A f\u0151nevek meg\u00e9rt\u00e9se ut\u00e1n folytassa a mell\u00e9knevekkel. Ismerje meg a mell\u00e9knevek ragoz\u00e1s\u00e1t nemben, sz\u00e1mban \u00e9s esetben. Ismerje meg az \u00f6sszehasonl\u00edt\u00f3 \u00e9s kiv\u00e1l\u00f3 form\u00e1kat is.<\/p>\n\n\n\n<h3 class=\"wp-block-heading\" id=\"h-3-pronouns-determiners\">3. N\u00e9vm\u00e1sok\/determin\u00e1nsok:<\/h3>\n\n\n\n<p>Ezut\u00e1n \u00f6sszpontos\u00edtson a n\u00e9vm\u00e1sokra \u00e9s a meghat\u00e1roz\u00f3kra. Ezek elengedhetetlenek a mondatk\u00e9pz\u00e9sben, \u00e9s szoros kapcsolatban \u00e1llnak a f\u0151nevekkel \u00e9s mell\u00e9knevekkel.<\/p>\n\n\n\n<h3 class=\"wp-block-heading\" id=\"h-4-verbs\">4. Ig\u00e9k:<\/h3>\n\n\n\n<p>Ismerje meg a szlov\u00e9n ig\u00e9ket. Ismerje meg a h\u00e1rom ragoz\u00e1si mint\u00e1t, a mod\u00e1lis ig\u00e9ket \u00e9s a reflex\u00edv ig\u00e9ket.<\/p>\n\n\n\n<h3 class=\"wp-block-heading\" id=\"h-5-tenses\">5. Igeid\u0151k:<\/h3>\n\n\n\n<p>A szlov\u00e9n nyelvnek csak h\u00e1rom id\u0151\u00e1llapota <a href=\"https:\/\/talkpal.ai\/locations\/language-courses-in-van\/\">van<\/a>: m\u00falt, jelen \u00e9s j\u00f6v\u0151. Tanulm\u00e1nyozza r\u00e9szletesen az egyes fesz\u00fclts\u00e9geket, valamint azok haszn\u00e1lati szab\u00e1lyait.<\/p>\n\n\n\n<h3 class=\"wp-block-heading\" id=\"h-6-tense-comparison\">6. Fesz\u00fclt \u00f6sszehasonl\u00edt\u00e1s:<\/h3>\n\n\n\n<p>Miut\u00e1n meg\u00e9rtette az egy\u00e9ni id\u0151ket, tanulja meg az \u00f6sszehasonl\u00edt\u00e1st. Ez seg\u00edt kiv\u00e1lasztani a megfelel\u0151 fesz\u00fclts\u00e9get a helyzetnek megfelel\u0151en.<\/p>\n\n\n\n<h3 class=\"wp-block-heading\" id=\"h-7-progressive-and-perfect-progressive\">7. Progressz\u00edv \u00e9s t\u00f6k\u00e9letes progressz\u00edv:<\/h3>\n\n\n\n<p>A szlov\u00e9n nyelvnek nincs k\u00f6zvetlen megfelel\u0151je az <a href=\"https:\/\/talkpal.ai\/locations\/language-courses-in-angol\/\">angol<\/a> progressz\u00edv \u00e9s t\u00f6k\u00e9letes progressz\u00edv igeid\u0151knek. Tanulja meg azonban, hogyan fejezheti ki a folyamatban l\u00e9v\u0151 vagy befejezett tev\u00e9kenys\u00e9geket szlov\u00e9n nyelven.<\/p>\n\n\n\n<h3 class=\"wp-block-heading\" id=\"h-8-adverbs\">8. Hat\u00e1roz\u00f3sz\u00f3k:<\/h3>\n\n\n\n<p>M\u00f3dos\u00edtj\u00e1k az ig\u00e9ket, mell\u00e9kneveket vagy m\u00e1s hat\u00e1roz\u00f3szavakat. Ismerje meg a hat\u00e1roz\u00f3szavak t\u00edpusait \u00e9s elhelyez\u00e9s\u00e9t egy mondatban.<\/p>\n\n\n\n<h3 class=\"wp-block-heading\" id=\"h-9-prepositions\">9. El\u00f6lj\u00e1r\u00f3szavak:<\/h3>\n\n\n\n<p>\u00d6sszekapcsolj\u00e1k a szavakat m\u00e1s szavakkal. Ismerje meg a szlov\u00e9n el\u00f6lj\u00e1r\u00f3szavakat \u00e9s azok eseteit.<\/p>\n\n\n\n<h3 class=\"wp-block-heading\" id=\"h-10-conditionals\">10. Felt\u00e9telek:<\/h3>\n\n\n\n<p>Tanuljon felt\u00e9teles mondatokat hipotetikus helyzetek \u00e9s k\u00f6vetkezm\u00e9nyeik kifejez\u00e9s\u00e9re.<\/p>\n\n\n\n<h3 class=\"wp-block-heading\" id=\"h-11-sentences\">11. Mondatok:<\/h3>\n\n\n\n<p>V\u00e9g\u00fcl gyakorolja a mondatok fel\u00e9p\u00edt\u00e9s\u00e9t a tanult nyelvtani szab\u00e1lyok seg\u00edts\u00e9g\u00e9vel. Ez jav\u00edtja \u00edr\u00e1si \u00e9s besz\u00e9lget\u00e9si k\u00e9szs\u00e9geit szlov\u00e9n\u00fcl.<\/p>\n<\/div><\/div>\n\r\n<section class=\"learnNavigationSection\">\r\n            \r\n        <a href=\"https:\/\/talkpal.ai\/hu\/tanulj-szlovenul\/\">\r\n            <div class=\"learnNavigationWrapper\">\r\n                <div class=\"learnNavigationContent\">\r\n                    <img decoding=\"async\" src=\"https:\/\/talkpal.ai\/wp-content\/uploads\/2024\/08\/Slovenian.jpg\" alt=\"Slovenian Flag\">\r\n                    <div>\r\n                        <h4>A szlov\u00e9n tanul\u00e1sr\u00f3l<\/h4>\r\n                        <p>Tudjon meg mindent a szlov\u00e9n nyelvtanr\u00f3l.<\/p>\r\n                    <\/div>\r\n                <\/div>\r\n            <\/div>\r\n        <\/a>\r\n\r\n        \r\n        <a href=\"https:\/\/talkpal.ai\/hu\/szloven-nyelvtan\/\">\r\n            <div class=\"learnNavigationWrapper\">\r\n                <div class=\"learnNavigationContent\">\r\n                    <img decoding=\"async\" src=\"https:\/\/talkpal.ai\/wp-content\/uploads\/2024\/08\/Slovenian.jpg\" alt=\"Slovenian Flag\">\r\n                    <div>\r\n                        <h4>Szlov\u00e9n nyelvtan \u00f3r\u00e1k<\/h4>\r\n                        <p>Gyakorolja a szlov\u00e9n nyelvtant.<\/p>\r\n                    <\/div>\r\n                <\/div>\r\n            <\/div>\r\n        <\/a>\r\n\r\n        \r\n        <a href=\"https:\/\/talkpal.ai\/vocabulary_language\/slovenian\/\">\r\n            <div class=\"learnNavigationWrapper\">\r\n                <div class=\"learnNavigationContent\">\r\n                    <img decoding=\"async\" src=\"https:\/\/talkpal.ai\/wp-content\/uploads\/2024\/08\/Slovenian.jpg\" alt=\"Slovenian Flag\">\r\n                    <div>\r\n                        <h4>Szlov\u00e9n sz\u00f3kincs<\/h4>\r\n                        <p>B\u0151v\u00edtse szlov\u00e9n sz\u00f3kincs\u00e9t.<\/p>\r\n                    <\/div>\r\n                <\/div>\r\n            <\/div>\r\n        <\/a>\r\n\r\n            <\/section>","protected":false},"excerpt":{"rendered":"<p>Szlov\u00e9n nyelvtani t\u00e9m\u00e1k A szlov\u00e9n, m\u00e1s n\u00e9ven szlov\u00e9n, egy d\u00e9lszl\u00e1v nyelv, amelyet t\u00falnyom\u00f3r\u00e9szt Szlov\u00e9ni\u00e1ban besz\u00e9lnek. Az Eur\u00f3pai Uni\u00f3 24 hivatalos \u00e9s munkanyelv\u00e9nek egyike. A szlov\u00e9n nyelvtanul\u00e1s megk\u00f6veteli a k\u00fcl\u00f6nb\u00f6z\u0151 nyelvtani \u00f6sszetev\u0151k, p\u00e9ld\u00e1ul igeid\u0151k, ig\u00e9k, f\u0151nevek, cikkek stb. Meg\u00e9rt\u00e9s\u00e9t. A k\u00f6vetkez\u0151 t\u00e9masorozatot javasoljuk a tanul\u00e1si folyamat struktur\u00e1ltabb\u00e1 \u00e9s hat\u00e9konyabb\u00e1 t\u00e9tele \u00e9rdek\u00e9ben. 1. F\u0151nevek \u00e9s cikkek: Kezdje [&hellip;]<\/p>\n","protected":false},"author":6,"featured_media":119804,"parent":0,"menu_order":0,"comment_status":"closed","ping_status":"closed","template":"LearningContentPage.php","meta":{"_acf_changed":false,"footnotes":""},"class_list":["post-156893","page","type-page","status-publish","has-post-thumbnail","hentry"],"acf":[],"yoast_head":"<!-- This site is optimized with the Yoast SEO Premium plugin v27.2 (Yoast SEO v27.2) - https:\/\/yoast.com\/product\/yoast-seo-premium-wordpress\/ -->\n<title>Szlov\u00e9n nyelvtani gyakorlatok - Talkpal<\/title>\n<meta name=\"description\" content=\"Fejleszd szlov\u00e9n nyelvtani ismereteidet minden szintre tervezett interakt\u00edv gyakorlatokkal. Jav\u00edtsa nyelvtanul\u00e1si folyamat\u00e1t m\u00e9g ma!\" \/>\n<meta name=\"robots\" content=\"index, follow, max-snippet:-1, max-image-preview:large, max-video-preview:-1\" \/>\n<link rel=\"canonical\" href=\"https:\/\/talkpal.ai\/hu\/szloven-nyelvtani-gyakorlatok\/\" \/>\n<meta property=\"og:locale\" content=\"hu_HU\" \/>\n<meta property=\"og:type\" content=\"article\" \/>\n<meta property=\"og:title\" content=\"Szlov\u00e9n nyelvtani gyakorlatok\" \/>\n<meta property=\"og:description\" content=\"Szlov\u00e9n nyelvtani t\u00e9m\u00e1k A szlov\u00e9n, m\u00e1s n\u00e9ven szlov\u00e9n, egy d\u00e9lszl\u00e1v nyelv, amelyet t\u00falnyom\u00f3r\u00e9szt Szlov\u00e9ni\u00e1ban besz\u00e9lnek. Az Eur\u00f3pai Uni\u00f3 24 hivatalos \u00e9s\" \/>\n<meta property=\"og:url\" content=\"https:\/\/talkpal.ai\/hu\/szloven-nyelvtani-gyakorlatok\/\" \/>\n<meta property=\"og:site_name\" content=\"Talkpal\" \/>\n<meta property=\"article:publisher\" content=\"https:\/\/www.facebook.com\/profile.php?id=100090733639311\" \/>\n<meta property=\"article:modified_time\" content=\"2025-12-17T09:54:10+00:00\" \/>\n<meta property=\"og:image\" content=\"https:\/\/talkpal.ai\/wp-content\/uploads\/2023\/05\/slovenia.png\" \/>\n\t<meta property=\"og:image:width\" content=\"512\" \/>\n\t<meta property=\"og:image:height\" content=\"512\" \/>\n\t<meta property=\"og:image:type\" content=\"image\/png\" \/>\n<meta name=\"twitter:card\" content=\"summary_large_image\" \/>\n<meta name=\"twitter:site\" content=\"@talkpalai\" \/>\n<meta name=\"twitter:label1\" content=\"Becs\u00fclt olvas\u00e1si id\u0151\" \/>\n\t<meta name=\"twitter:data1\" content=\"2 perc\" \/>\n<script type=\"application\/ld+json\" class=\"yoast-schema-graph\">{\"@context\":\"https:\/\/schema.org\",\"@graph\":[{\"@type\":\"WebPage\",\"@id\":\"https:\/\/talkpal.ai\/hu\/szloven-nyelvtani-gyakorlatok\/\",\"url\":\"https:\/\/talkpal.ai\/hu\/szloven-nyelvtani-gyakorlatok\/\",\"name\":\"Szlov\u00e9n nyelvtani gyakorlatok - Talkpal\",\"isPartOf\":{\"@id\":\"https:\/\/talkpal.ai\/hu\/#website\"},\"primaryImageOfPage\":{\"@id\":\"https:\/\/talkpal.ai\/hu\/szloven-nyelvtani-gyakorlatok\/#primaryimage\"},\"image\":{\"@id\":\"https:\/\/talkpal.ai\/hu\/szloven-nyelvtani-gyakorlatok\/#primaryimage\"},\"thumbnailUrl\":\"https:\/\/talkpal.ai\/wp-content\/uploads\/2023\/05\/slovenia.png\",\"datePublished\":\"2023-06-28T13:54:56+00:00\",\"dateModified\":\"2025-12-17T09:54:10+00:00\",\"description\":\"Fejleszd szlov\u00e9n nyelvtani ismereteidet minden szintre tervezett interakt\u00edv gyakorlatokkal. Jav\u00edtsa nyelvtanul\u00e1si folyamat\u00e1t m\u00e9g ma!\",\"breadcrumb\":{\"@id\":\"https:\/\/talkpal.ai\/hu\/szloven-nyelvtani-gyakorlatok\/#breadcrumb\"},\"inLanguage\":\"hu\",\"potentialAction\":[{\"@type\":\"ReadAction\",\"target\":[\"https:\/\/talkpal.ai\/hu\/szloven-nyelvtani-gyakorlatok\/\"]}]},{\"@type\":\"ImageObject\",\"inLanguage\":\"hu\",\"@id\":\"https:\/\/talkpal.ai\/hu\/szloven-nyelvtani-gyakorlatok\/#primaryimage\",\"url\":\"https:\/\/talkpal.ai\/wp-content\/uploads\/2023\/05\/slovenia.png\",\"contentUrl\":\"https:\/\/talkpal.ai\/wp-content\/uploads\/2023\/05\/slovenia.png\",\"width\":512,\"height\":512},{\"@type\":\"BreadcrumbList\",\"@id\":\"https:\/\/talkpal.ai\/hu\/szloven-nyelvtani-gyakorlatok\/#breadcrumb\",\"itemListElement\":[{\"@type\":\"ListItem\",\"position\":1,\"name\":\"Homepage\",\"item\":\"https:\/\/talkpal.ai\/hu\/\"},{\"@type\":\"ListItem\",\"position\":2,\"name\":\"Szlov\u00e9n nyelvtani gyakorlatok\"}]},{\"@type\":\"WebSite\",\"@id\":\"https:\/\/talkpal.ai\/hu\/#website\",\"url\":\"https:\/\/talkpal.ai\/hu\/\",\"name\":\"Talkpal\",\"description\":\"AI Language Learning\",\"publisher\":{\"@id\":\"https:\/\/talkpal.ai\/hu\/#organization\"},\"alternateName\":\"Talkpal AI\",\"potentialAction\":[{\"@type\":\"SearchAction\",\"target\":{\"@type\":\"EntryPoint\",\"urlTemplate\":\"https:\/\/talkpal.ai\/hu\/?s={search_term_string}\"},\"query-input\":{\"@type\":\"PropertyValueSpecification\",\"valueRequired\":true,\"valueName\":\"search_term_string\"}}],\"inLanguage\":\"hu\"},{\"@type\":\"Organization\",\"@id\":\"https:\/\/talkpal.ai\/hu\/#organization\",\"name\":\"Talkpal, Inc.\",\"alternateName\":\"Talkpal AI\",\"url\":\"https:\/\/talkpal.ai\/hu\/\",\"logo\":{\"@type\":\"ImageObject\",\"inLanguage\":\"hu\",\"@id\":\"https:\/\/talkpal.ai\/hu\/#\/schema\/logo\/image\/\",\"url\":\"https:\/\/talkpal.ai\/wp-content\/uploads\/2024\/03\/Talkpal-Logo-Icon.png\",\"contentUrl\":\"https:\/\/talkpal.ai\/wp-content\/uploads\/2024\/03\/Talkpal-Logo-Icon.png\",\"width\":2880,\"height\":2880,\"caption\":\"Talkpal, Inc.\"},\"image\":{\"@id\":\"https:\/\/talkpal.ai\/hu\/#\/schema\/logo\/image\/\"},\"sameAs\":[\"https:\/\/www.facebook.com\/profile.php?id=100090733639311\",\"https:\/\/x.com\/talkpalai\",\"https:\/\/www.linkedin.com\/company\/talkpal\/\",\"https:\/\/www.youtube.com\/@TalkPal\/\",\"https:\/\/www.tiktok.com\/@talkpal\",\"https:\/\/www.instagram.com\/talkpal_ai\/\",\"https:\/\/www.crunchbase.com\/organization\/talkpal-9cde\",\"https:\/\/www.g2.com\/products\/talkpal-for-business\/\",\"https:\/\/www.trustpilot.com\/review\/talkpal.ai\",\"https:\/\/www.capterra.com\/p\/10006800\/TalkPal\/\"],\"description\":\"Talkpal is a language learning web and mobile education app, powered by the latest AI technologies, that provides engaging experiences to its customers in many different languages to help them improve their language skills. Users can chat about unlimited amount of topics with the app and use other modes to practice their language learning.\",\"email\":\"support@talkpal.ai\",\"legalName\":\"Talkpal, Inc.\",\"foundingDate\":\"2023-04-03\",\"duns\":\"118989042\",\"numberOfEmployees\":{\"@type\":\"QuantitativeValue\",\"minValue\":\"11\",\"maxValue\":\"50\"},\"publishingPrinciples\":\"https:\/\/talkpal.ai\/publishing-principles\/\",\"actionableFeedbackPolicy\":\"https:\/\/talkpal.ai\/actionable-feedback-policy\/\",\"correctionsPolicy\":\"https:\/\/talkpal.ai\/corrections-policy\/\",\"ethicsPolicy\":\"https:\/\/talkpal.ai\/ethics-policy\/\",\"diversityPolicy\":\"https:\/\/talkpal.ai\/diversity-policy\/\",\"diversityStaffingReport\":\"https:\/\/talkpal.ai\/diversity-policy\/\"}]}<\/script>\n<!-- \/ Yoast SEO Premium plugin. -->","yoast_head_json":{"title":"Szlov\u00e9n nyelvtani gyakorlatok - Talkpal","description":"Fejleszd szlov\u00e9n nyelvtani ismereteidet minden szintre tervezett interakt\u00edv gyakorlatokkal. Jav\u00edtsa nyelvtanul\u00e1si folyamat\u00e1t m\u00e9g ma!","robots":{"index":"index","follow":"follow","max-snippet":"max-snippet:-1","max-image-preview":"max-image-preview:large","max-video-preview":"max-video-preview:-1"},"canonical":"https:\/\/talkpal.ai\/hu\/szloven-nyelvtani-gyakorlatok\/","og_locale":"hu_HU","og_type":"article","og_title":"Szlov\u00e9n nyelvtani gyakorlatok","og_description":"Szlov\u00e9n nyelvtani t\u00e9m\u00e1k A szlov\u00e9n, m\u00e1s n\u00e9ven szlov\u00e9n, egy d\u00e9lszl\u00e1v nyelv, amelyet t\u00falnyom\u00f3r\u00e9szt Szlov\u00e9ni\u00e1ban besz\u00e9lnek. Az Eur\u00f3pai Uni\u00f3 24 hivatalos \u00e9s","og_url":"https:\/\/talkpal.ai\/hu\/szloven-nyelvtani-gyakorlatok\/","og_site_name":"Talkpal","article_publisher":"https:\/\/www.facebook.com\/profile.php?id=100090733639311","article_modified_time":"2025-12-17T09:54:10+00:00","og_image":[{"width":512,"height":512,"url":"https:\/\/talkpal.ai\/wp-content\/uploads\/2023\/05\/slovenia.png","type":"image\/png"}],"twitter_card":"summary_large_image","twitter_site":"@talkpalai","twitter_misc":{"Becs\u00fclt olvas\u00e1si id\u0151":"2 perc"},"schema":{"@context":"https:\/\/schema.org","@graph":[{"@type":"WebPage","@id":"https:\/\/talkpal.ai\/hu\/szloven-nyelvtani-gyakorlatok\/","url":"https:\/\/talkpal.ai\/hu\/szloven-nyelvtani-gyakorlatok\/","name":"Szlov\u00e9n nyelvtani gyakorlatok - Talkpal","isPartOf":{"@id":"https:\/\/talkpal.ai\/hu\/#website"},"primaryImageOfPage":{"@id":"https:\/\/talkpal.ai\/hu\/szloven-nyelvtani-gyakorlatok\/#primaryimage"},"image":{"@id":"https:\/\/talkpal.ai\/hu\/szloven-nyelvtani-gyakorlatok\/#primaryimage"},"thumbnailUrl":"https:\/\/talkpal.ai\/wp-content\/uploads\/2023\/05\/slovenia.png","datePublished":"2023-06-28T13:54:56+00:00","dateModified":"2025-12-17T09:54:10+00:00","description":"Fejleszd szlov\u00e9n nyelvtani ismereteidet minden szintre tervezett interakt\u00edv gyakorlatokkal. Jav\u00edtsa nyelvtanul\u00e1si folyamat\u00e1t m\u00e9g ma!","breadcrumb":{"@id":"https:\/\/talkpal.ai\/hu\/szloven-nyelvtani-gyakorlatok\/#breadcrumb"},"inLanguage":"hu","potentialAction":[{"@type":"ReadAction","target":["https:\/\/talkpal.ai\/hu\/szloven-nyelvtani-gyakorlatok\/"]}]},{"@type":"ImageObject","inLanguage":"hu","@id":"https:\/\/talkpal.ai\/hu\/szloven-nyelvtani-gyakorlatok\/#primaryimage","url":"https:\/\/talkpal.ai\/wp-content\/uploads\/2023\/05\/slovenia.png","contentUrl":"https:\/\/talkpal.ai\/wp-content\/uploads\/2023\/05\/slovenia.png","width":512,"height":512},{"@type":"BreadcrumbList","@id":"https:\/\/talkpal.ai\/hu\/szloven-nyelvtani-gyakorlatok\/#breadcrumb","itemListElement":[{"@type":"ListItem","position":1,"name":"Homepage","item":"https:\/\/talkpal.ai\/hu\/"},{"@type":"ListItem","position":2,"name":"Szlov\u00e9n nyelvtani gyakorlatok"}]},{"@type":"WebSite","@id":"https:\/\/talkpal.ai\/hu\/#website","url":"https:\/\/talkpal.ai\/hu\/","name":"Talkpal","description":"AI Language Learning","publisher":{"@id":"https:\/\/talkpal.ai\/hu\/#organization"},"alternateName":"Talkpal AI","potentialAction":[{"@type":"SearchAction","target":{"@type":"EntryPoint","urlTemplate":"https:\/\/talkpal.ai\/hu\/?s={search_term_string}"},"query-input":{"@type":"PropertyValueSpecification","valueRequired":true,"valueName":"search_term_string"}}],"inLanguage":"hu"},{"@type":"Organization","@id":"https:\/\/talkpal.ai\/hu\/#organization","name":"Talkpal, Inc.","alternateName":"Talkpal AI","url":"https:\/\/talkpal.ai\/hu\/","logo":{"@type":"ImageObject","inLanguage":"hu","@id":"https:\/\/talkpal.ai\/hu\/#\/schema\/logo\/image\/","url":"https:\/\/talkpal.ai\/wp-content\/uploads\/2024\/03\/Talkpal-Logo-Icon.png","contentUrl":"https:\/\/talkpal.ai\/wp-content\/uploads\/2024\/03\/Talkpal-Logo-Icon.png","width":2880,"height":2880,"caption":"Talkpal, Inc."},"image":{"@id":"https:\/\/talkpal.ai\/hu\/#\/schema\/logo\/image\/"},"sameAs":["https:\/\/www.facebook.com\/profile.php?id=100090733639311","https:\/\/x.com\/talkpalai","https:\/\/www.linkedin.com\/company\/talkpal\/","https:\/\/www.youtube.com\/@TalkPal\/","https:\/\/www.tiktok.com\/@talkpal","https:\/\/www.instagram.com\/talkpal_ai\/","https:\/\/www.crunchbase.com\/organization\/talkpal-9cde","https:\/\/www.g2.com\/products\/talkpal-for-business\/","https:\/\/www.trustpilot.com\/review\/talkpal.ai","https:\/\/www.capterra.com\/p\/10006800\/TalkPal\/"],"description":"Talkpal is a language learning web and mobile education app, powered by the latest AI technologies, that provides engaging experiences to its customers in many different languages to help them improve their language skills. Users can chat about unlimited amount of topics with the app and use other modes to practice their language learning.","email":"support@talkpal.ai","legalName":"Talkpal, Inc.","foundingDate":"2023-04-03","duns":"118989042","numberOfEmployees":{"@type":"QuantitativeValue","minValue":"11","maxValue":"50"},"publishingPrinciples":"https:\/\/talkpal.ai\/publishing-principles\/","actionableFeedbackPolicy":"https:\/\/talkpal.ai\/actionable-feedback-policy\/","correctionsPolicy":"https:\/\/talkpal.ai\/corrections-policy\/","ethicsPolicy":"https:\/\/talkpal.ai\/ethics-policy\/","diversityPolicy":"https:\/\/talkpal.ai\/diversity-policy\/","diversityStaffingReport":"https:\/\/talkpal.ai\/diversity-policy\/"}]}},"_links":{"self":[{"href":"https:\/\/talkpal.ai\/hu\/wp-json\/wp\/v2\/pages\/156893","targetHints":{"allow":["GET"]}}],"collection":[{"href":"https:\/\/talkpal.ai\/hu\/wp-json\/wp\/v2\/pages"}],"about":[{"href":"https:\/\/talkpal.ai\/hu\/wp-json\/wp\/v2\/types\/page"}],"author":[{"embeddable":true,"href":"https:\/\/talkpal.ai\/hu\/wp-json\/wp\/v2\/users\/6"}],"replies":[{"embeddable":true,"href":"https:\/\/talkpal.ai\/hu\/wp-json\/wp\/v2\/comments?post=156893"}],"version-history":[{"count":0,"href":"https:\/\/talkpal.ai\/hu\/wp-json\/wp\/v2\/pages\/156893\/revisions"}],"wp:featuredmedia":[{"embeddable":true,"href":"https:\/\/talkpal.ai\/hu\/wp-json\/wp\/v2\/media\/119804"}],"wp:attachment":[{"href":"https:\/\/talkpal.ai\/hu\/wp-json\/wp\/v2\/media?parent=156893"}],"curies":[{"name":"wp","href":"https:\/\/api.w.org\/{rel}","templated":true}]}}