{"id":156582,"date":"2023-06-28T14:00:55","date_gmt":"2023-06-28T14:00:55","guid":{"rendered":"http:\/\/talkpal.ai\/szuaheli-nyelvtani-gyakorlatok\/"},"modified":"2025-12-17T09:47:21","modified_gmt":"2025-12-17T09:47:21","slug":"szuaheli-nyelvtani-gyakorlatok","status":"publish","type":"page","link":"https:\/\/talkpal.ai\/hu\/szuaheli-nyelvtani-gyakorlatok\/","title":{"rendered":"Szuah\u00e9li nyelvtani gyakorlatok"},"content":{"rendered":"\r\n\r\n\r\n<section class=\"languageChallengeSection\">\r\n    <div class=\"languageInfoWrapper\">\r\n        \r\n        <h1>Szuah\u00e9li nyelvtani gyakorlatok<\/h1>\r\n        <p>K\u00e9szen \u00e1llsz a <a href=\"https:\/\/talkpal.ai\/learn-swahili\/\">szuah\u00e9li<\/a> nyelvtud\u00e1sod meger\u0151s\u00edt\u00e9s\u00e9re? A c\u00e9lzott nyelvtani gyakorlatok t\u00f6k\u00e9letesek a mondatszerkezet, az igem\u00f3dok \u00e9s az alapvet\u0151 sz\u00f3alakok meg\u00e9rt\u00e9s\u00e9hez. Mer\u00fclj\u00f6n el a <a href=\"https:\/\/talkpal.ai\/learn-swahili\/\">szuah\u00e9li<\/a> nyelvtan gyakorl\u00e1s\u00e1ban, hogy n\u00f6velje \u00f6nbizalm\u00e1t, b\u0151v\u00edtse sz\u00f3kincs\u00e9t, \u00e9s minden besz\u00e9lget\u00e9s term\u00e9szetesebben folyjon. Kezdj el gyakorolni m\u00e9g ma, \u00e9s megl\u00e1tod, milyen gyorsan javul a szuah\u00e9li nyelvtud\u00e1sod!<\/p>\r\n\r\n                            <a class=\"getStartedHidden\" href=\"https:\/\/app.talkpal.ai\/hu\/signup?lng=\">Kezdj\u00fck<\/a>\r\n        \r\n    <\/div>\r\n\r\n    <figure>\r\n    <img decoding=\"async\" width=\"768\" height=\"768\" src=\"https:\/\/talkpal.ai\/wp-content\/uploads\/2023\/06\/Swahili-768x768.png\" class=\"languageImage no-lazy\" alt=\"Secrets to master language learning\" fetchpriority=\"high\" sizes=\"(max-width: 768px) 150px, 768px\" srcset=\"https:\/\/talkpal.ai\/wp-content\/uploads\/2023\/06\/Swahili-768x768.png 768w, https:\/\/talkpal.ai\/wp-content\/uploads\/2023\/06\/Swahili-300x300.png 300w\" \/>\r\n    \r\n\r\n    <\/figure>\r\n\r\n            <a class=\"getStartedVisible\" href=\"https:\/\/app.talkpal.ai\/hu\/signup?lng=\">Kezdj\u00fck<\/a>\r\n    \r\n<\/section>\r\n\r\n\r\n<!-- <section class=\"grammarSection\">\r\n    <div class=\"grammarLinks\">\r\n            <\/div>\r\n<\/section> -->\r\n\r\n\r\n\r\n\r\n<section class=\"promotionalBanner\">\r\n    <p class=\"promotionalText\">A nyelvtanul\u00e1s leghat\u00e9konyabb m\u00f3dja<\/p>\r\n    <a class=\"promotionalLink\" href=\"https:\/\/app.talkpal.ai\/hu\/signup?lng=\">Pr\u00f3b\u00e1lja ki a Talkpal ingyen<\/a>\r\n<\/section>\n<div class=\"wp-block-group pageContainerStyle\"><div class=\"wp-block-group__inner-container is-layout-constrained wp-block-group-is-layout-constrained\">\n<h2 class=\"wp-block-heading\" id=\"h-swahili-grammar-topics\">Szuah\u00e9li nyelvtani t\u00e9m\u00e1k<\/h2>\n\n\n\n<p>A szuah\u00e9li <a href=\"https:\/\/talkpal.ai\/hu\/tanulas\/\">tanul\u00e1s<\/a> izgalmas utaz\u00e1s Afrika egyik legsz\u00e9lesebb k\u00f6rben besz\u00e9lt nyelv\u00e9re. Ez egy bantu nyelv, amelyet els\u0151sorban Kelet-Afrik\u00e1ban besz\u00e9lnek, becsl\u00e9sek szerint vil\u00e1gszerte 50-100 milli\u00f3 besz\u00e9l\u0151vel. A <a href=\"https:\/\/talkpal.ai\/swahili-grammar\/\">szuah\u00e9li nyelvtan<\/a> jellegzetes, \u00e9s leny\u0171g\u00f6z\u0151 perspekt\u00edv\u00e1t k\u00edn\u00e1l a nyelvi strukt\u00far\u00e1r\u00f3l. A szuah\u00e9li nyelv hat\u00e9kony elsaj\u00e1t\u00edt\u00e1s\u00e1hoz elengedhetetlen a struktur\u00e1lt megk\u00f6zel\u00edt\u00e9s k\u00f6vet\u00e9se, amely olyan kulcsfontoss\u00e1g\u00fa nyelvtani t\u00e9m\u00e1kra \u00f6sszpontos\u00edt, mint az igeid\u0151k, ig\u00e9k, f\u0151nevek, cikkek, n\u00e9vm\u00e1sok \/ meghat\u00e1roz\u00f3k, mell\u00e9knevek, hat\u00e1roz\u00f3sz\u00f3k, felt\u00e9telesek, el\u00f6lj\u00e1r\u00f3szavak \u00e9s mondat\u00e9p\u00edt\u00e9s. Ezen \u00f6sszetev\u0151k mindegyike szerves r\u00e9sze a nyelv meg\u00e9rt\u00e9s\u00e9nek \u00e9s elsaj\u00e1t\u00edt\u00e1s\u00e1nak.<\/p>\n\n\n\n<h3 class=\"wp-block-heading\" id=\"h-1-nouns\">1. F\u0151nevek:<\/h3>\n\n\n\n<p>Kezdje a szuah\u00e9li f\u0151nevek tanul\u00e1s\u00e1val. A szuah\u00e9li nyelvben a f\u0151neveket f\u0151n\u00e9vi oszt\u00e1lyok szerint oszt\u00e1lyozz\u00e1k, <a href=\"https:\/\/talkpal.ai\/locations\/language-courses-in-ami\/\">ami<\/a> befoly\u00e1solja a hozz\u00e1juk kapcsol\u00f3d\u00f3 mell\u00e9knevek, n\u00e9vm\u00e1sok \u00e9s ig\u00e9k form\u00e1j\u00e1t. Ezeknek a f\u0151n\u00e9vi oszt\u00e1lyoknak a meg\u00e9rt\u00e9se az alapja a szuah\u00e9li nyelvtan m\u00e1s aspektusainak elsaj\u00e1t\u00edt\u00e1s\u00e1nak.<\/p>\n\n\n\n<h3 class=\"wp-block-heading\" id=\"h-2-articles\">2. Cikkek:<\/h3>\n\n\n\n<p>Miut\u00e1n meg\u00e9rtette a f\u0151neveket, l\u00e9pjen a cikkekre. A szuah\u00e9liben nincsenek hat\u00e1rozott vagy hat\u00e1rozatlan n\u00e9vel\u0151 cikkek, mint az &#8222;a&#8221;, &#8222;an&#8221; vagy &#8222;the&#8221;. A f\u0151n\u00e9vi oszt\u00e1lyok rendszere azonban hasonl\u00f3 szerepet j\u00e1tszik, ez\u00e9rt fontos, hogy elsaj\u00e1t\u00edtsuk.<\/p>\n\n\n\n<h3 class=\"wp-block-heading\" id=\"h-3-pronouns-determiners\">3. N\u00e9vm\u00e1sok\/determin\u00e1nsok:<\/h3>\n\n\n\n<p>A szuah\u00e9li nyelvben a n\u00e9vm\u00e1sok \u00e9s determin\u00e1nsok az \u00e1ltaluk hivatkozott f\u0151n\u00e9v f\u0151n\u00e9vi oszt\u00e1lya alapj\u00e1n v\u00e1ltoznak. Ezeknek a v\u00e1ltoz\u00e1soknak a megtanul\u00e1sa seg\u00edt teljes mondatok fel\u00e9p\u00edt\u00e9s\u00e9ben.<\/p>\n\n\n\n<h3 class=\"wp-block-heading\" id=\"h-4-adjectives\">4. Mell\u00e9knevek:<\/h3>\n\n\n\n<p>A szuah\u00e9li mell\u00e9knevek megegyeznek az \u00e1ltaluk le\u00edrt f\u0151n\u00e9vvel. Ez azt jelenti, hogy a mell\u00e9kn\u00e9v a f\u0151n\u00e9v oszt\u00e1ly\u00e1nak megfelel\u0151en v\u00e1ltoztatja meg az alakj\u00e1t. Ennek meg\u00e9rt\u00e9se jav\u00edtja a mondatszerkezetet.<\/p>\n\n\n\n<h3 class=\"wp-block-heading\" id=\"h-5-verbs\">5. Ig\u00e9k:<\/h3>\n\n\n\n<p>A szuah\u00e9li ig\u00e9k elengedhetetlenek a cselekv\u00e9sek \u00e9s \u00e1llapotok kifejez\u00e9s\u00e9hez. Fesz\u00fclt, szempont\u00fa \u00e9s hangulati inform\u00e1ci\u00f3kat is hordoznak. Az igeragoz\u00e1si szab\u00e1lyok ismerete elengedhetetlen a hat\u00e9kony kommunik\u00e1ci\u00f3hoz.<\/p>\n\n\n\n<h3 class=\"wp-block-heading\" id=\"h-6-tenses\">6. Igeid\u0151k:<\/h3>\n\n\n\n<p>Az igeid\u0151k meg\u00e9rt\u00e9se kulcsfontoss\u00e1g\u00fa a k\u00fcl\u00f6nb\u00f6z\u0151 id\u0151pontokban bek\u00f6vetkez\u0151 esem\u00e9nyek kommunik\u00e1l\u00e1s\u00e1hoz. A szuah\u00e9li nyelvben k\u00fcl\u00f6nb\u00f6z\u0151 igeid\u0151k vannak a m\u00falt, a jelen \u00e9s a j\u00f6v\u0151 esem\u00e9nyeire.<\/p>\n\n\n\n<h3 class=\"wp-block-heading\" id=\"h-7-tense-comparison\">7. Fesz\u00fclt \u00f6sszehasonl\u00edt\u00e1s:<\/h3>\n\n\n\n<p>Miut\u00e1n meg\u00e9rtette az alapvet\u0151 id\u0151ket, meg kell tanulnia, hogyan kell \u00f6sszehasonl\u00edtani \u0151ket. Ez seg\u00edt \u00f6sszetett gondolatok \u00e9s helyzetek kifejez\u00e9s\u00e9ben.<\/p>\n\n\n\n<h3 class=\"wp-block-heading\" id=\"h-8-progressive-and-perfect-progressive\">8. Progressz\u00edv \u00e9s t\u00f6k\u00e9letes progressz\u00edv:<\/h3>\n\n\n\n<p>Ezek az id\u0151k ezen aspektusai folyamatban l\u00e9v\u0151 cselekv\u00e9seket vagy befejezett cselekv\u00e9seket fejeznek ki. Ezek meg\u00e9rt\u00e9se gazdag\u00edtja a szuah\u00e9li kifejez\u00e9si k\u00e9pess\u00e9geit.<\/p>\n\n\n\n<h3 class=\"wp-block-heading\" id=\"h-9-adverbs\">9. Hat\u00e1roz\u00f3sz\u00f3k:<\/h3>\n\n\n\n<p>A hat\u00e1roz\u00f3szavak m\u00f3dos\u00edtj\u00e1k az ig\u00e9ket, mell\u00e9kneveket \u00e9s m\u00e1s hat\u00e1roz\u00f3szavakat. Tov\u00e1bbi inform\u00e1ci\u00f3kat ny\u00fajtanak a cselekedetekr\u0151l, tulajdons\u00e1gokr\u00f3l vagy egy\u00e9b k\u00f6r\u00fclm\u00e9nyekr\u0151l.<\/p>\n\n\n\n<h3 class=\"wp-block-heading\" id=\"h-10-conditionals\">10. Felt\u00e9telek:<\/h3>\n\n\n\n<p>A felt\u00e9telek hipotetikus helyzeteket vagy esem\u00e9nyek k\u00f6z\u00f6tti f\u00fcgg\u0151s\u00e9geket fejeznek ki. Hasznosak a szuah\u00e9li nyelv fejlett kommunik\u00e1ci\u00f3j\u00e1hoz.<\/p>\n\n\n\n<h3 class=\"wp-block-heading\" id=\"h-11-prepositions\">11. El\u00f6lj\u00e1r\u00f3szavak:<\/h3>\n\n\n\n<p>A prepoz\u00edci\u00f3k lehet\u0151v\u00e9 teszik, hogy kifejezze a mondat k\u00fcl\u00f6nb\u00f6z\u0151 r\u00e9szei k\u00f6z\u00f6tti kapcsolatokat, p\u00e9ld\u00e1ul helyet, ir\u00e1nyt, id\u0151t, okot stb.<\/p>\n\n\n\n<h3 class=\"wp-block-heading\" id=\"h-12-sentences\">12. Mondatok:<\/h3>\n\n\n\n<p>V\u00e9g\u00fcl, annak meg\u00e9rt\u00e9se, hogyan kell mondatokat \u00e9p\u00edteni a besz\u00e9d \u00f6sszes megtanult r\u00e9sz\u00e9nek felhaszn\u00e1l\u00e1s\u00e1val, a szuah\u00e9li tanul\u00e1si utaz\u00e1s cs\u00facspontja. Ez mag\u00e1ban foglalja a szavak \u00e9s kifejez\u00e9sek elrendez\u00e9s\u00e9t a teljes gondolatok l\u00e9trehoz\u00e1s\u00e1hoz.<\/p>\n<\/div><\/div>\n\r\n<section class=\"learnNavigationSection\">\r\n            \r\n        <a href=\"https:\/\/talkpal.ai\/hu\/tanulj-szuaheli-nyelven\/\">\r\n            <div class=\"learnNavigationWrapper\">\r\n                <div class=\"learnNavigationContent\">\r\n                    <img decoding=\"async\" src=\"https:\/\/talkpal.ai\/wp-content\/uploads\/2024\/08\/Swahili.jpg\" alt=\"Kenya and Tanzania Flags\">\r\n                    <div>\r\n                        <h4>A szuah\u00e9li nyelvtanul\u00e1sr\u00f3l<\/h4>\r\n                        <p>Tudjon meg mindent a szuah\u00e9li nyelvtanr\u00f3l.<\/p>\r\n                    <\/div>\r\n                <\/div>\r\n            <\/div>\r\n        <\/a>\r\n\r\n        \r\n        <a href=\"https:\/\/talkpal.ai\/hu\/szuaheli-nyelvtan\/\">\r\n            <div class=\"learnNavigationWrapper\">\r\n                <div class=\"learnNavigationContent\">\r\n                    <img decoding=\"async\" src=\"https:\/\/talkpal.ai\/wp-content\/uploads\/2024\/08\/Swahili.jpg\" alt=\"Kenya and Tanzania Flags\">\r\n                    <div>\r\n                        <h4>Szuah\u00e9li nyelvtani leck\u00e9k<\/h4>\r\n                        <p>Gyakorold a szuah\u00e9li nyelvtant.<\/p>\r\n                    <\/div>\r\n                <\/div>\r\n            <\/div>\r\n        <\/a>\r\n\r\n        \r\n        <a href=\"https:\/\/talkpal.ai\/vocabulary_language\/swahili\/\">\r\n            <div class=\"learnNavigationWrapper\">\r\n                <div class=\"learnNavigationContent\">\r\n                    <img decoding=\"async\" src=\"https:\/\/talkpal.ai\/wp-content\/uploads\/2024\/08\/Swahili.jpg\" alt=\"Kenya and Tanzania Flags\">\r\n                    <div>\r\n                        <h4>Szuah\u00e9li sz\u00f3kincs<\/h4>\r\n                        <p>B\u0151v\u00edtse szuah\u00e9li sz\u00f3kincs\u00e9t.<\/p>\r\n                    <\/div>\r\n                <\/div>\r\n            <\/div>\r\n        <\/a>\r\n\r\n            <\/section>","protected":false},"excerpt":{"rendered":"<p>Szuah\u00e9li nyelvtani t\u00e9m\u00e1k A szuah\u00e9li tanul\u00e1s izgalmas utaz\u00e1s Afrika egyik legsz\u00e9lesebb k\u00f6rben besz\u00e9lt nyelv\u00e9re. Ez egy bantu nyelv, amelyet els\u0151sorban Kelet-Afrik\u00e1ban besz\u00e9lnek, becsl\u00e9sek szerint vil\u00e1gszerte 50-100 milli\u00f3 besz\u00e9l\u0151vel. A szuah\u00e9li nyelvtan jellegzetes, \u00e9s leny\u0171g\u00f6z\u0151 perspekt\u00edv\u00e1t k\u00edn\u00e1l a nyelvi strukt\u00far\u00e1r\u00f3l. A szuah\u00e9li nyelv hat\u00e9kony elsaj\u00e1t\u00edt\u00e1s\u00e1hoz elengedhetetlen a struktur\u00e1lt megk\u00f6zel\u00edt\u00e9s k\u00f6vet\u00e9se, amely olyan kulcsfontoss\u00e1g\u00fa nyelvtani t\u00e9m\u00e1kra \u00f6sszpontos\u00edt, [&hellip;]<\/p>\n","protected":false},"author":6,"featured_media":119181,"parent":0,"menu_order":0,"comment_status":"closed","ping_status":"closed","template":"LearningContentPage.php","meta":{"_acf_changed":false,"footnotes":""},"class_list":["post-156582","page","type-page","status-publish","has-post-thumbnail","hentry"],"acf":[],"yoast_head":"<!-- This site is optimized with the Yoast SEO Premium plugin v27.2 (Yoast SEO v27.2) - https:\/\/yoast.com\/product\/yoast-seo-premium-wordpress\/ -->\n<title>Szuah\u00e9li nyelvtani gyakorlatok - Talkpal<\/title>\n<meta name=\"description\" content=\"Fedezze fel a szuah\u00e9li nyelvtani gyakorlatokat, hogy fejlessze nyelvtud\u00e1s\u00e1t \u00e9s jav\u00edtsa szuah\u00e9li nyelvtud\u00e1s\u00e1t.\" \/>\n<meta name=\"robots\" content=\"index, follow, max-snippet:-1, max-image-preview:large, max-video-preview:-1\" \/>\n<link rel=\"canonical\" href=\"https:\/\/talkpal.ai\/hu\/szuaheli-nyelvtani-gyakorlatok\/\" \/>\n<meta property=\"og:locale\" content=\"hu_HU\" \/>\n<meta property=\"og:type\" content=\"article\" \/>\n<meta property=\"og:title\" content=\"Szuah\u00e9li nyelvtani gyakorlatok\" \/>\n<meta property=\"og:description\" content=\"Szuah\u00e9li nyelvtani t\u00e9m\u00e1k A szuah\u00e9li tanul\u00e1s izgalmas utaz\u00e1s Afrika egyik legsz\u00e9lesebb k\u00f6rben besz\u00e9lt nyelv\u00e9re. Ez egy bantu nyelv, amelyet els\u0151sorban\" \/>\n<meta property=\"og:url\" content=\"https:\/\/talkpal.ai\/hu\/szuaheli-nyelvtani-gyakorlatok\/\" \/>\n<meta property=\"og:site_name\" content=\"Talkpal\" \/>\n<meta property=\"article:publisher\" content=\"https:\/\/www.facebook.com\/profile.php?id=100090733639311\" \/>\n<meta property=\"article:modified_time\" content=\"2025-12-17T09:47:21+00:00\" \/>\n<meta property=\"og:image\" content=\"https:\/\/talkpal.ai\/wp-content\/uploads\/2023\/05\/Swahili-tanzania.png\" \/>\n\t<meta property=\"og:image:width\" content=\"512\" \/>\n\t<meta property=\"og:image:height\" content=\"512\" \/>\n\t<meta property=\"og:image:type\" content=\"image\/png\" \/>\n<meta name=\"twitter:card\" content=\"summary_large_image\" \/>\n<meta name=\"twitter:site\" content=\"@talkpalai\" \/>\n<meta name=\"twitter:label1\" content=\"Becs\u00fclt olvas\u00e1si id\u0151\" \/>\n\t<meta name=\"twitter:data1\" content=\"3 perc\" \/>\n<script type=\"application\/ld+json\" class=\"yoast-schema-graph\">{\"@context\":\"https:\/\/schema.org\",\"@graph\":[{\"@type\":\"WebPage\",\"@id\":\"https:\/\/talkpal.ai\/hu\/szuaheli-nyelvtani-gyakorlatok\/\",\"url\":\"https:\/\/talkpal.ai\/hu\/szuaheli-nyelvtani-gyakorlatok\/\",\"name\":\"Szuah\u00e9li nyelvtani gyakorlatok - Talkpal\",\"isPartOf\":{\"@id\":\"https:\/\/talkpal.ai\/hu\/#website\"},\"primaryImageOfPage\":{\"@id\":\"https:\/\/talkpal.ai\/hu\/szuaheli-nyelvtani-gyakorlatok\/#primaryimage\"},\"image\":{\"@id\":\"https:\/\/talkpal.ai\/hu\/szuaheli-nyelvtani-gyakorlatok\/#primaryimage\"},\"thumbnailUrl\":\"https:\/\/talkpal.ai\/wp-content\/uploads\/2023\/05\/Swahili-tanzania.png\",\"datePublished\":\"2023-06-28T14:00:55+00:00\",\"dateModified\":\"2025-12-17T09:47:21+00:00\",\"description\":\"Fedezze fel a szuah\u00e9li nyelvtani gyakorlatokat, hogy fejlessze nyelvtud\u00e1s\u00e1t \u00e9s jav\u00edtsa szuah\u00e9li nyelvtud\u00e1s\u00e1t.\",\"breadcrumb\":{\"@id\":\"https:\/\/talkpal.ai\/hu\/szuaheli-nyelvtani-gyakorlatok\/#breadcrumb\"},\"inLanguage\":\"hu\",\"potentialAction\":[{\"@type\":\"ReadAction\",\"target\":[\"https:\/\/talkpal.ai\/hu\/szuaheli-nyelvtani-gyakorlatok\/\"]}]},{\"@type\":\"ImageObject\",\"inLanguage\":\"hu\",\"@id\":\"https:\/\/talkpal.ai\/hu\/szuaheli-nyelvtani-gyakorlatok\/#primaryimage\",\"url\":\"https:\/\/talkpal.ai\/wp-content\/uploads\/2023\/05\/Swahili-tanzania.png\",\"contentUrl\":\"https:\/\/talkpal.ai\/wp-content\/uploads\/2023\/05\/Swahili-tanzania.png\",\"width\":512,\"height\":512},{\"@type\":\"BreadcrumbList\",\"@id\":\"https:\/\/talkpal.ai\/hu\/szuaheli-nyelvtani-gyakorlatok\/#breadcrumb\",\"itemListElement\":[{\"@type\":\"ListItem\",\"position\":1,\"name\":\"Homepage\",\"item\":\"https:\/\/talkpal.ai\/hu\/\"},{\"@type\":\"ListItem\",\"position\":2,\"name\":\"Szuah\u00e9li nyelvtani gyakorlatok\"}]},{\"@type\":\"WebSite\",\"@id\":\"https:\/\/talkpal.ai\/hu\/#website\",\"url\":\"https:\/\/talkpal.ai\/hu\/\",\"name\":\"Talkpal\",\"description\":\"AI Language Learning\",\"publisher\":{\"@id\":\"https:\/\/talkpal.ai\/hu\/#organization\"},\"alternateName\":\"Talkpal AI\",\"potentialAction\":[{\"@type\":\"SearchAction\",\"target\":{\"@type\":\"EntryPoint\",\"urlTemplate\":\"https:\/\/talkpal.ai\/hu\/?s={search_term_string}\"},\"query-input\":{\"@type\":\"PropertyValueSpecification\",\"valueRequired\":true,\"valueName\":\"search_term_string\"}}],\"inLanguage\":\"hu\"},{\"@type\":\"Organization\",\"@id\":\"https:\/\/talkpal.ai\/hu\/#organization\",\"name\":\"Talkpal, Inc.\",\"alternateName\":\"Talkpal AI\",\"url\":\"https:\/\/talkpal.ai\/hu\/\",\"logo\":{\"@type\":\"ImageObject\",\"inLanguage\":\"hu\",\"@id\":\"https:\/\/talkpal.ai\/hu\/#\/schema\/logo\/image\/\",\"url\":\"https:\/\/talkpal.ai\/wp-content\/uploads\/2024\/03\/Talkpal-Logo-Icon.png\",\"contentUrl\":\"https:\/\/talkpal.ai\/wp-content\/uploads\/2024\/03\/Talkpal-Logo-Icon.png\",\"width\":2880,\"height\":2880,\"caption\":\"Talkpal, Inc.\"},\"image\":{\"@id\":\"https:\/\/talkpal.ai\/hu\/#\/schema\/logo\/image\/\"},\"sameAs\":[\"https:\/\/www.facebook.com\/profile.php?id=100090733639311\",\"https:\/\/x.com\/talkpalai\",\"https:\/\/www.linkedin.com\/company\/talkpal\/\",\"https:\/\/www.youtube.com\/@TalkPal\/\",\"https:\/\/www.tiktok.com\/@talkpal\",\"https:\/\/www.instagram.com\/talkpal_ai\/\",\"https:\/\/www.crunchbase.com\/organization\/talkpal-9cde\",\"https:\/\/www.g2.com\/products\/talkpal-for-business\/\",\"https:\/\/www.trustpilot.com\/review\/talkpal.ai\",\"https:\/\/www.capterra.com\/p\/10006800\/TalkPal\/\"],\"description\":\"Talkpal is a language learning web and mobile education app, powered by the latest AI technologies, that provides engaging experiences to its customers in many different languages to help them improve their language skills. Users can chat about unlimited amount of topics with the app and use other modes to practice their language learning.\",\"email\":\"support@talkpal.ai\",\"legalName\":\"Talkpal, Inc.\",\"foundingDate\":\"2023-04-03\",\"duns\":\"118989042\",\"numberOfEmployees\":{\"@type\":\"QuantitativeValue\",\"minValue\":\"11\",\"maxValue\":\"50\"},\"publishingPrinciples\":\"https:\/\/talkpal.ai\/publishing-principles\/\",\"actionableFeedbackPolicy\":\"https:\/\/talkpal.ai\/actionable-feedback-policy\/\",\"correctionsPolicy\":\"https:\/\/talkpal.ai\/corrections-policy\/\",\"ethicsPolicy\":\"https:\/\/talkpal.ai\/ethics-policy\/\",\"diversityPolicy\":\"https:\/\/talkpal.ai\/diversity-policy\/\",\"diversityStaffingReport\":\"https:\/\/talkpal.ai\/diversity-policy\/\"}]}<\/script>\n<!-- \/ Yoast SEO Premium plugin. -->","yoast_head_json":{"title":"Szuah\u00e9li nyelvtani gyakorlatok - Talkpal","description":"Fedezze fel a szuah\u00e9li nyelvtani gyakorlatokat, hogy fejlessze nyelvtud\u00e1s\u00e1t \u00e9s jav\u00edtsa szuah\u00e9li nyelvtud\u00e1s\u00e1t.","robots":{"index":"index","follow":"follow","max-snippet":"max-snippet:-1","max-image-preview":"max-image-preview:large","max-video-preview":"max-video-preview:-1"},"canonical":"https:\/\/talkpal.ai\/hu\/szuaheli-nyelvtani-gyakorlatok\/","og_locale":"hu_HU","og_type":"article","og_title":"Szuah\u00e9li nyelvtani gyakorlatok","og_description":"Szuah\u00e9li nyelvtani t\u00e9m\u00e1k A szuah\u00e9li tanul\u00e1s izgalmas utaz\u00e1s Afrika egyik legsz\u00e9lesebb k\u00f6rben besz\u00e9lt nyelv\u00e9re. Ez egy bantu nyelv, amelyet els\u0151sorban","og_url":"https:\/\/talkpal.ai\/hu\/szuaheli-nyelvtani-gyakorlatok\/","og_site_name":"Talkpal","article_publisher":"https:\/\/www.facebook.com\/profile.php?id=100090733639311","article_modified_time":"2025-12-17T09:47:21+00:00","og_image":[{"width":512,"height":512,"url":"https:\/\/talkpal.ai\/wp-content\/uploads\/2023\/05\/Swahili-tanzania.png","type":"image\/png"}],"twitter_card":"summary_large_image","twitter_site":"@talkpalai","twitter_misc":{"Becs\u00fclt olvas\u00e1si id\u0151":"3 perc"},"schema":{"@context":"https:\/\/schema.org","@graph":[{"@type":"WebPage","@id":"https:\/\/talkpal.ai\/hu\/szuaheli-nyelvtani-gyakorlatok\/","url":"https:\/\/talkpal.ai\/hu\/szuaheli-nyelvtani-gyakorlatok\/","name":"Szuah\u00e9li nyelvtani gyakorlatok - Talkpal","isPartOf":{"@id":"https:\/\/talkpal.ai\/hu\/#website"},"primaryImageOfPage":{"@id":"https:\/\/talkpal.ai\/hu\/szuaheli-nyelvtani-gyakorlatok\/#primaryimage"},"image":{"@id":"https:\/\/talkpal.ai\/hu\/szuaheli-nyelvtani-gyakorlatok\/#primaryimage"},"thumbnailUrl":"https:\/\/talkpal.ai\/wp-content\/uploads\/2023\/05\/Swahili-tanzania.png","datePublished":"2023-06-28T14:00:55+00:00","dateModified":"2025-12-17T09:47:21+00:00","description":"Fedezze fel a szuah\u00e9li nyelvtani gyakorlatokat, hogy fejlessze nyelvtud\u00e1s\u00e1t \u00e9s jav\u00edtsa szuah\u00e9li nyelvtud\u00e1s\u00e1t.","breadcrumb":{"@id":"https:\/\/talkpal.ai\/hu\/szuaheli-nyelvtani-gyakorlatok\/#breadcrumb"},"inLanguage":"hu","potentialAction":[{"@type":"ReadAction","target":["https:\/\/talkpal.ai\/hu\/szuaheli-nyelvtani-gyakorlatok\/"]}]},{"@type":"ImageObject","inLanguage":"hu","@id":"https:\/\/talkpal.ai\/hu\/szuaheli-nyelvtani-gyakorlatok\/#primaryimage","url":"https:\/\/talkpal.ai\/wp-content\/uploads\/2023\/05\/Swahili-tanzania.png","contentUrl":"https:\/\/talkpal.ai\/wp-content\/uploads\/2023\/05\/Swahili-tanzania.png","width":512,"height":512},{"@type":"BreadcrumbList","@id":"https:\/\/talkpal.ai\/hu\/szuaheli-nyelvtani-gyakorlatok\/#breadcrumb","itemListElement":[{"@type":"ListItem","position":1,"name":"Homepage","item":"https:\/\/talkpal.ai\/hu\/"},{"@type":"ListItem","position":2,"name":"Szuah\u00e9li nyelvtani gyakorlatok"}]},{"@type":"WebSite","@id":"https:\/\/talkpal.ai\/hu\/#website","url":"https:\/\/talkpal.ai\/hu\/","name":"Talkpal","description":"AI Language Learning","publisher":{"@id":"https:\/\/talkpal.ai\/hu\/#organization"},"alternateName":"Talkpal AI","potentialAction":[{"@type":"SearchAction","target":{"@type":"EntryPoint","urlTemplate":"https:\/\/talkpal.ai\/hu\/?s={search_term_string}"},"query-input":{"@type":"PropertyValueSpecification","valueRequired":true,"valueName":"search_term_string"}}],"inLanguage":"hu"},{"@type":"Organization","@id":"https:\/\/talkpal.ai\/hu\/#organization","name":"Talkpal, Inc.","alternateName":"Talkpal AI","url":"https:\/\/talkpal.ai\/hu\/","logo":{"@type":"ImageObject","inLanguage":"hu","@id":"https:\/\/talkpal.ai\/hu\/#\/schema\/logo\/image\/","url":"https:\/\/talkpal.ai\/wp-content\/uploads\/2024\/03\/Talkpal-Logo-Icon.png","contentUrl":"https:\/\/talkpal.ai\/wp-content\/uploads\/2024\/03\/Talkpal-Logo-Icon.png","width":2880,"height":2880,"caption":"Talkpal, Inc."},"image":{"@id":"https:\/\/talkpal.ai\/hu\/#\/schema\/logo\/image\/"},"sameAs":["https:\/\/www.facebook.com\/profile.php?id=100090733639311","https:\/\/x.com\/talkpalai","https:\/\/www.linkedin.com\/company\/talkpal\/","https:\/\/www.youtube.com\/@TalkPal\/","https:\/\/www.tiktok.com\/@talkpal","https:\/\/www.instagram.com\/talkpal_ai\/","https:\/\/www.crunchbase.com\/organization\/talkpal-9cde","https:\/\/www.g2.com\/products\/talkpal-for-business\/","https:\/\/www.trustpilot.com\/review\/talkpal.ai","https:\/\/www.capterra.com\/p\/10006800\/TalkPal\/"],"description":"Talkpal is a language learning web and mobile education app, powered by the latest AI technologies, that provides engaging experiences to its customers in many different languages to help them improve their language skills. Users can chat about unlimited amount of topics with the app and use other modes to practice their language learning.","email":"support@talkpal.ai","legalName":"Talkpal, Inc.","foundingDate":"2023-04-03","duns":"118989042","numberOfEmployees":{"@type":"QuantitativeValue","minValue":"11","maxValue":"50"},"publishingPrinciples":"https:\/\/talkpal.ai\/publishing-principles\/","actionableFeedbackPolicy":"https:\/\/talkpal.ai\/actionable-feedback-policy\/","correctionsPolicy":"https:\/\/talkpal.ai\/corrections-policy\/","ethicsPolicy":"https:\/\/talkpal.ai\/ethics-policy\/","diversityPolicy":"https:\/\/talkpal.ai\/diversity-policy\/","diversityStaffingReport":"https:\/\/talkpal.ai\/diversity-policy\/"}]}},"_links":{"self":[{"href":"https:\/\/talkpal.ai\/hu\/wp-json\/wp\/v2\/pages\/156582","targetHints":{"allow":["GET"]}}],"collection":[{"href":"https:\/\/talkpal.ai\/hu\/wp-json\/wp\/v2\/pages"}],"about":[{"href":"https:\/\/talkpal.ai\/hu\/wp-json\/wp\/v2\/types\/page"}],"author":[{"embeddable":true,"href":"https:\/\/talkpal.ai\/hu\/wp-json\/wp\/v2\/users\/6"}],"replies":[{"embeddable":true,"href":"https:\/\/talkpal.ai\/hu\/wp-json\/wp\/v2\/comments?post=156582"}],"version-history":[{"count":0,"href":"https:\/\/talkpal.ai\/hu\/wp-json\/wp\/v2\/pages\/156582\/revisions"}],"wp:featuredmedia":[{"embeddable":true,"href":"https:\/\/talkpal.ai\/hu\/wp-json\/wp\/v2\/media\/119181"}],"wp:attachment":[{"href":"https:\/\/talkpal.ai\/hu\/wp-json\/wp\/v2\/media?parent=156582"}],"curies":[{"name":"wp","href":"https:\/\/api.w.org\/{rel}","templated":true}]}}