{"id":156298,"date":"2023-07-05T10:08:32","date_gmt":"2023-07-05T10:08:32","guid":{"rendered":"http:\/\/talkpal.ai\/tagalog-nyelvtani-gyakorlatok\/"},"modified":"2025-12-17T09:50:09","modified_gmt":"2025-12-17T09:50:09","slug":"tagalog-nyelvtani-gyakorlatok","status":"publish","type":"page","link":"https:\/\/talkpal.ai\/hu\/tagalog-nyelvtani-gyakorlatok\/","title":{"rendered":"Tagalog nyelvtani gyakorlatok"},"content":{"rendered":"\r\n\r\n\r\n<section class=\"languageChallengeSection\">\r\n    <div class=\"languageInfoWrapper\">\r\n        \r\n        <h1>Tagalog nyelvtani gyakorlatok<\/h1>\r\n        <p>Szeretne magabiztosabban besz\u00e9lni tagalogul? A nyelvtani gyakorlatok gyakorl\u00e1sa remek m\u00f3dja annak, hogy meg\u00e9rts\u00fck a mondatszerkezetet, az igealakokat \u00e9s a nyelv egyedi mint\u00e1it. Kezdj el dolgozni a <a href=\"https:\/\/talkpal.ai\/learn-tagalog\/\">tagalog<\/a> nyelvtanon m\u00e9g ma, \u00e9s l\u00e1sd, hogy k\u00e9szs\u00e9geid \u00e9s \u00f6nbizalmad minden egyes l\u00e9p\u00e9ssel n\u0151ni fog!<\/p>\r\n\r\n                            <a class=\"getStartedHidden\" href=\"https:\/\/app.talkpal.ai\/hu\/signup?lng=\">Kezdj\u00fck<\/a>\r\n        \r\n    <\/div>\r\n\r\n    <figure>\r\n    <img decoding=\"async\" width=\"768\" height=\"768\" src=\"https:\/\/talkpal.ai\/wp-content\/uploads\/2023\/06\/tagalog-768x768.png\" class=\"languageImage no-lazy\" alt=\"Overcoming challenges in language learning\" fetchpriority=\"high\" sizes=\"(max-width: 768px) 150px, 768px\" srcset=\"https:\/\/talkpal.ai\/wp-content\/uploads\/2023\/06\/tagalog-768x768.png 768w, https:\/\/talkpal.ai\/wp-content\/uploads\/2023\/06\/tagalog-300x300.png 300w\" \/>\r\n    \r\n\r\n    <\/figure>\r\n\r\n            <a class=\"getStartedVisible\" href=\"https:\/\/app.talkpal.ai\/hu\/signup?lng=\">Kezdj\u00fck<\/a>\r\n    \r\n<\/section>\r\n\r\n\r\n<!-- <section class=\"grammarSection\">\r\n    <div class=\"grammarLinks\">\r\n            <\/div>\r\n<\/section> -->\r\n\r\n\r\n\r\n\r\n<section class=\"promotionalBanner\">\r\n    <p class=\"promotionalText\">A nyelvtanul\u00e1s leghat\u00e9konyabb m\u00f3dja<\/p>\r\n    <a class=\"promotionalLink\" href=\"https:\/\/app.talkpal.ai\/hu\/signup?lng=\">Pr\u00f3b\u00e1lja ki a Talkpal ingyen<\/a>\r\n<\/section>\n<div class=\"wp-block-group pageContainerStyle\"><div class=\"wp-block-group__inner-container is-layout-constrained wp-block-group-is-layout-constrained\">\n<h2 class=\"wp-block-heading\" id=\"h-tagalog-grammar-topics\">Tagalog nyelvtani t\u00e9m\u00e1k<\/h2>\n\n\n\n<p>Egy \u00faj nyelv tanul\u00e1sa izgalmas utaz\u00e1s lehet, \u00e9s azok sz\u00e1m\u00e1ra, akik \u00e9rdekl\u0151dnek a <a href=\"https:\/\/talkpal.ai\/learn-tagalog\/\">tagalog<\/a>, a F\u00fcl\u00f6p-szigeteken besz\u00e9lt nyelv ir\u00e1nt, a <a href=\"https:\/\/talkpal.ai\/grammar\/\">nyelvtan<\/a> meg\u00e9rt\u00e9se elengedhetetlen. A tagalog nyelvtannak egyedi jellemz\u0151i vannak az igeid\u0151k, ig\u00e9k, f\u0151nevek, cikkek, n\u00e9vm\u00e1sok \/ determin\u00e1nsok, mell\u00e9knevek, hat\u00e1roz\u00f3sz\u00f3k, felt\u00e9telrendszerek, el\u00f6lj\u00e1r\u00f3szavak \u00e9s mondatszerkezetek tekintet\u00e9ben. <a href=\"https:\/\/talkpal.ai\/culture\/how-do-you-use-the-demonstrative-pronouns-ez-and-az\/\">Ez az<\/a> \u00fatmutat\u00f3 egy javasolt sorrendet tartalmaz ezeknek a t\u00e9m\u00e1knak a megtanul\u00e1s\u00e1hoz, \u00e9s r\u00f6vid \u00e1ttekint\u00e9st ny\u00fajt mindegyikr\u0151l.<\/p>\n\n\n\n<h3 class=\"wp-block-heading\" id=\"h-1-nouns\">1. F\u0151nevek:<\/h3>\n\n\n\n<p>Kezdje a tagalog f\u0151nevek meg\u00e9rt\u00e9s\u00e9vel, mivel ezek a nyelv alapj\u00e1t k\u00e9pezik. Ismerkedjen meg a gyakori f\u0151nevekkel, a nemspecifikus f\u0151nevekkel \u00e9s t\u00f6bbes sz\u00e1m\u00fa alakjukkal.<\/p>\n\n\n\n<h3 class=\"wp-block-heading\" id=\"h-2-articles\">2. Cikkek:<\/h3>\n\n\n\n<p>A tagalog cikkek meglehet\u0151sen egyszer\u0171ek. Nincs olyan hat\u00e1rozott \u00e9s hat\u00e1rozatlan n\u00e9vel\u0151j\u00fck fogalma, mint az <a href=\"https:\/\/talkpal.ai\/locations\/language-courses-in-angol\/\">angol<\/a>. Ehelyett olyan jel\u00f6l\u0151ket haszn\u00e1lnak, amelyek a mondat konkr\u00e9t szerepeit jel\u00f6lik.<\/p>\n\n\n\n<h3 class=\"wp-block-heading\" id=\"h-3-pronouns-determiners\">3. N\u00e9vm\u00e1sok\/determin\u00e1nsok:<\/h3>\n\n\n\n<p>Ezeket a f\u0151nevek helyettes\u00edt\u00e9s\u00e9re haszn\u00e1lj\u00e1k a mondatokban a redundancia elker\u00fcl\u00e9se \u00e9rdek\u00e9ben. Ismerje meg a tagalog k\u00fcl\u00f6nb\u00f6z\u0151 t\u00edpus\u00fa n\u00e9vm\u00e1sait \u00e9s meghat\u00e1roz\u00f3it, amelyek magukban foglalj\u00e1k a szem\u00e9lyes, demonstrat\u00edv, birtokos \u00e9s k\u00e9rd\u0151 n\u00e9vm\u00e1sokat.<\/p>\n\n\n\n<h3 class=\"wp-block-heading\" id=\"h-4-adjectives\">4. Mell\u00e9knevek:<\/h3>\n\n\n\n<p>A mell\u00e9kneveket a f\u0151nevek le\u00edr\u00e1s\u00e1ra vagy m\u00f3dos\u00edt\u00e1s\u00e1ra haszn\u00e1lj\u00e1k. A tagalogban \u00e1ltal\u00e1ban az \u00e1ltaluk m\u00f3dos\u00edtott f\u0151nevet k\u00f6vetik, <a href=\"https:\/\/talkpal.ai\/locations\/language-courses-in-ami\/\">ami<\/a> az angol ellent\u00e9te.<\/p>\n\n\n\n<h3 class=\"wp-block-heading\" id=\"h-5-verbs\">5. Ig\u00e9k:<\/h3>\n\n\n\n<p><a href=\"https:\/\/talkpal.ai\/languages\/\">Minden nyelv<\/a> kulcsfontoss\u00e1g\u00fa r\u00e9sze. A tagalog nyelv\u0171 ig\u00e9k kritikus fontoss\u00e1g\u00faak a tanul\u00e1shoz. A tagalog ig\u00e9k \u00f6sszetett rendszerrel rendelkeznek, a cselekv\u00e9sre, a sz\u00edn\u00e9szre vagy a t\u00e1rgyra \u00f6sszpontos\u00edtva.<\/p>\n\n\n\n<h3 class=\"wp-block-heading\" id=\"h-6-tenses\">6. Igeid\u0151k:<\/h3>\n\n\n\n<p>Miut\u00e1n meg\u00e9rtette a tagalog ig\u00e9ket, belemer\u00fclhet az id\u0151kbe. A tagalognak h\u00e1rom alapvet\u0151 ideje <a href=\"https:\/\/talkpal.ai\/locations\/language-courses-in-van\/\">van<\/a>: m\u00falt, jelen \u00e9s j\u00f6v\u0151.<\/p>\n\n\n\n<h3 class=\"wp-block-heading\" id=\"h-7-tense-comparison\">7. Fesz\u00fclt \u00f6sszehasonl\u00edt\u00e1s:<\/h3>\n\n\n\n<p>Ez mag\u00e1ban foglalja a k\u00fcl\u00f6nb\u00f6z\u0151 id\u0151k \u00f6sszehasonl\u00edt\u00e1s\u00e1t ugyanabban a mondatban vagy kontextusban. Ennek meg\u00e9rt\u00e9s\u00e9hez <a href=\"https:\/\/talkpal.ai\/talkpal-christmas-discount\/\">j\u00f3l<\/a> meg kell \u00e9rteni az egy\u00e9ni id\u0151ket.<\/p>\n\n\n\n<h3 class=\"wp-block-heading\" id=\"h-8-progressive\">8. Progressz\u00edv:<\/h3>\n\n\n\n<p>Ez a jelenleg zajl\u00f3 tev\u00e9kenys\u00e9gekre vonatkozik. Tagalogban ezt a gy\u00f6k\u00e9r ige els\u0151 sz\u00f3tagj\u00e1nak megism\u00e9tl\u00e9s\u00e9vel fejezz\u00fck ki.<\/p>\n\n\n\n<h3 class=\"wp-block-heading\" id=\"h-9-perfect-progressive\">9. T\u00f6k\u00e9letes progressz\u00edv:<\/h3>\n\n\n\n<p>Ezt az id\u0151t egy folyamatban l\u00e9v\u0151 \u00e9s m\u00e9g mindig zajl\u00f3 cselekv\u00e9s le\u00edr\u00e1s\u00e1ra haszn\u00e1lj\u00e1k. Ezt tagalogban speci\u00e1lis igealakok \u00e9s jel\u00f6l\u0151k haszn\u00e1lat\u00e1val fejezik ki.<\/p>\n\n\n\n<h3 class=\"wp-block-heading\" id=\"h-10-adverbs\">10. Hat\u00e1roz\u00f3sz\u00f3k:<\/h3>\n\n\n\n<p>A hat\u00e1roz\u00f3szavak ig\u00e9k, mell\u00e9knevek vagy m\u00e1s hat\u00e1roz\u00f3szavak le\u00edr\u00e1s\u00e1ra szolg\u00e1lnak. Tov\u00e1bbi inform\u00e1ci\u00f3kat ny\u00fajtanak arr\u00f3l, hogyan, mikor, hol \u00e9s milyen m\u00e9rt\u00e9kben t\u00f6rt\u00e9nik valami.<\/p>\n\n\n\n<h3 class=\"wp-block-heading\" id=\"h-11-conditionals\">11. Felt\u00e9telek:<\/h3>\n\n\n\n<p>A felt\u00e9teleket hipotetikus helyzetek \u00e9s azok lehets\u00e9ges eredm\u00e9nyeinek kifejez\u00e9s\u00e9re haszn\u00e1lj\u00e1k. Ennek elsaj\u00e1t\u00edt\u00e1s\u00e1hoz meg kell \u00e9rteni az igeid\u0151k \u00e9s hangulatok meg\u00e9rt\u00e9s\u00e9t.<\/p>\n\n\n\n<h3 class=\"wp-block-heading\" id=\"h-12-prepositions\">12. El\u00f6lj\u00e1r\u00f3szavak:<\/h3>\n\n\n\n<p>Az el\u00f6lj\u00e1r\u00f3szavakat f\u0151nevek, n\u00e9vm\u00e1sok \u00e9s kifejez\u00e9sek \u00f6sszekapcsol\u00e1s\u00e1ra haszn\u00e1lj\u00e1k egy mondat m\u00e1s szavaival.<\/p>\n\n\n\n<h3 class=\"wp-block-heading\" id=\"h-13-sentences\">13. Mondatok:<\/h3>\n\n\n\n<p>V\u00e9g\u00fcl elkezdheti a mondatok kialak\u00edt\u00e1s\u00e1t tagalogban. Ez azt jelenti, hogy az \u00f6sszes megtanult nyelvtani elemet a megfelel\u0151 sorrendben \u00e9s a megfelel\u0151 jel\u00f6l\u00e9sekkel kell haszn\u00e1lni.<\/p>\n<\/div><\/div>\n\r\n<section class=\"learnNavigationSection\">\r\n            \r\n        <a href=\"https:\/\/talkpal.ai\/hu\/ismerje-meg-a-tagalogot\/\">\r\n            <div class=\"learnNavigationWrapper\">\r\n                <div class=\"learnNavigationContent\">\r\n                    <img decoding=\"async\" src=\"https:\/\/talkpal.ai\/wp-content\/uploads\/2024\/08\/Tagalog.jpg\" alt=\"Philippines Flag\">\r\n                    <div>\r\n                        <h4>A tagalog tanul\u00e1sr\u00f3l<\/h4>\r\n                        <p>Tudjon meg mindent a tagalog nyelvtanr\u00f3l.<\/p>\r\n                    <\/div>\r\n                <\/div>\r\n            <\/div>\r\n        <\/a>\r\n\r\n        \r\n        <a href=\"https:\/\/talkpal.ai\/hu\/tagalog-nyelvtan\/\">\r\n            <div class=\"learnNavigationWrapper\">\r\n                <div class=\"learnNavigationContent\">\r\n                    <img decoding=\"async\" src=\"https:\/\/talkpal.ai\/wp-content\/uploads\/2024\/08\/Tagalog.jpg\" alt=\"Philippines Flag\">\r\n                    <div>\r\n                        <h4>Tagalog nyelvtani \u00f3r\u00e1k<\/h4>\r\n                        <p>Gyakorolja a tagalog nyelvtant.<\/p>\r\n                    <\/div>\r\n                <\/div>\r\n            <\/div>\r\n        <\/a>\r\n\r\n        \r\n        <a href=\"https:\/\/talkpal.ai\/vocabulary_language\/tagalog\/\">\r\n            <div class=\"learnNavigationWrapper\">\r\n                <div class=\"learnNavigationContent\">\r\n                    <img decoding=\"async\" src=\"https:\/\/talkpal.ai\/wp-content\/uploads\/2024\/08\/Tagalog.jpg\" alt=\"Philippines Flag\">\r\n                    <div>\r\n                        <h4>Tagalog sz\u00f3kincs<\/h4>\r\n                        <p>B\u0151v\u00edtse tagalog sz\u00f3kincs\u00e9t.<\/p>\r\n                    <\/div>\r\n                <\/div>\r\n            <\/div>\r\n        <\/a>\r\n\r\n            <\/section>","protected":false},"excerpt":{"rendered":"<p>Tagalog nyelvtani t\u00e9m\u00e1k Egy \u00faj nyelv tanul\u00e1sa izgalmas utaz\u00e1s lehet, \u00e9s azok sz\u00e1m\u00e1ra, akik \u00e9rdekl\u0151dnek a tagalog, a F\u00fcl\u00f6p-szigeteken besz\u00e9lt nyelv ir\u00e1nt, a nyelvtan meg\u00e9rt\u00e9se elengedhetetlen. A tagalog nyelvtannak egyedi jellemz\u0151i vannak az igeid\u0151k, ig\u00e9k, f\u0151nevek, cikkek, n\u00e9vm\u00e1sok \/ determin\u00e1nsok, mell\u00e9knevek, hat\u00e1roz\u00f3sz\u00f3k, felt\u00e9telrendszerek, el\u00f6lj\u00e1r\u00f3szavak \u00e9s mondatszerkezetek tekintet\u00e9ben. Ez az \u00fatmutat\u00f3 egy javasolt sorrendet tartalmaz ezeknek [&hellip;]<\/p>\n","protected":false},"author":6,"featured_media":120037,"parent":0,"menu_order":0,"comment_status":"closed","ping_status":"closed","template":"LearningContentPage.php","meta":{"_acf_changed":false,"footnotes":""},"class_list":["post-156298","page","type-page","status-publish","has-post-thumbnail","hentry"],"acf":[],"yoast_head":"<!-- This site is optimized with the Yoast SEO Premium plugin v27.2 (Yoast SEO v27.2) - https:\/\/yoast.com\/product\/yoast-seo-premium-wordpress\/ -->\n<title>Tagalog nyelvtani gyakorlatok - Talkpal<\/title>\n<meta name=\"description\" content=\"Fedezd fel a nyelvtani gyakorlatokat, hogy fejleszd a nyelvtud\u00e1sodat. T\u00f6k\u00e9letes kezd\u0151knek \u00e9s halad\u00f3knak egyar\u00e1nt.\" \/>\n<meta name=\"robots\" content=\"index, follow, max-snippet:-1, max-image-preview:large, max-video-preview:-1\" \/>\n<link rel=\"canonical\" href=\"https:\/\/talkpal.ai\/hu\/tagalog-nyelvtani-gyakorlatok\/\" \/>\n<meta property=\"og:locale\" content=\"hu_HU\" \/>\n<meta property=\"og:type\" content=\"article\" \/>\n<meta property=\"og:title\" content=\"Tagalog nyelvtani gyakorlatok\" \/>\n<meta property=\"og:description\" content=\"Tagalog nyelvtani t\u00e9m\u00e1k Egy \u00faj nyelv tanul\u00e1sa izgalmas utaz\u00e1s lehet, \u00e9s azok sz\u00e1m\u00e1ra, akik \u00e9rdekl\u0151dnek a tagalog, a F\u00fcl\u00f6p-szigeteken besz\u00e9lt nyelv ir\u00e1nt,\" \/>\n<meta property=\"og:url\" content=\"https:\/\/talkpal.ai\/hu\/tagalog-nyelvtani-gyakorlatok\/\" \/>\n<meta property=\"og:site_name\" content=\"Talkpal\" \/>\n<meta property=\"article:publisher\" content=\"https:\/\/www.facebook.com\/profile.php?id=100090733639311\" \/>\n<meta property=\"article:modified_time\" content=\"2025-12-17T09:50:09+00:00\" \/>\n<meta property=\"og:image\" content=\"https:\/\/talkpal.ai\/wp-content\/uploads\/2023\/05\/Tagalog-philippines.png\" \/>\n\t<meta property=\"og:image:width\" content=\"512\" \/>\n\t<meta property=\"og:image:height\" content=\"512\" \/>\n\t<meta property=\"og:image:type\" content=\"image\/png\" \/>\n<meta name=\"twitter:card\" content=\"summary_large_image\" \/>\n<meta name=\"twitter:site\" content=\"@talkpalai\" \/>\n<meta name=\"twitter:label1\" content=\"Becs\u00fclt olvas\u00e1si id\u0151\" \/>\n\t<meta name=\"twitter:data1\" content=\"3 perc\" \/>\n<script type=\"application\/ld+json\" class=\"yoast-schema-graph\">{\"@context\":\"https:\/\/schema.org\",\"@graph\":[{\"@type\":\"WebPage\",\"@id\":\"https:\/\/talkpal.ai\/hu\/tagalog-nyelvtani-gyakorlatok\/\",\"url\":\"https:\/\/talkpal.ai\/hu\/tagalog-nyelvtani-gyakorlatok\/\",\"name\":\"Tagalog nyelvtani gyakorlatok - Talkpal\",\"isPartOf\":{\"@id\":\"https:\/\/talkpal.ai\/hu\/#website\"},\"primaryImageOfPage\":{\"@id\":\"https:\/\/talkpal.ai\/hu\/tagalog-nyelvtani-gyakorlatok\/#primaryimage\"},\"image\":{\"@id\":\"https:\/\/talkpal.ai\/hu\/tagalog-nyelvtani-gyakorlatok\/#primaryimage\"},\"thumbnailUrl\":\"https:\/\/talkpal.ai\/wp-content\/uploads\/2023\/05\/Tagalog-philippines.png\",\"datePublished\":\"2023-07-05T10:08:32+00:00\",\"dateModified\":\"2025-12-17T09:50:09+00:00\",\"description\":\"Fedezd fel a nyelvtani gyakorlatokat, hogy fejleszd a nyelvtud\u00e1sodat. T\u00f6k\u00e9letes kezd\u0151knek \u00e9s halad\u00f3knak egyar\u00e1nt.\",\"breadcrumb\":{\"@id\":\"https:\/\/talkpal.ai\/hu\/tagalog-nyelvtani-gyakorlatok\/#breadcrumb\"},\"inLanguage\":\"hu\",\"potentialAction\":[{\"@type\":\"ReadAction\",\"target\":[\"https:\/\/talkpal.ai\/hu\/tagalog-nyelvtani-gyakorlatok\/\"]}]},{\"@type\":\"ImageObject\",\"inLanguage\":\"hu\",\"@id\":\"https:\/\/talkpal.ai\/hu\/tagalog-nyelvtani-gyakorlatok\/#primaryimage\",\"url\":\"https:\/\/talkpal.ai\/wp-content\/uploads\/2023\/05\/Tagalog-philippines.png\",\"contentUrl\":\"https:\/\/talkpal.ai\/wp-content\/uploads\/2023\/05\/Tagalog-philippines.png\",\"width\":512,\"height\":512},{\"@type\":\"BreadcrumbList\",\"@id\":\"https:\/\/talkpal.ai\/hu\/tagalog-nyelvtani-gyakorlatok\/#breadcrumb\",\"itemListElement\":[{\"@type\":\"ListItem\",\"position\":1,\"name\":\"Homepage\",\"item\":\"https:\/\/talkpal.ai\/hu\/\"},{\"@type\":\"ListItem\",\"position\":2,\"name\":\"Tagalog nyelvtani gyakorlatok\"}]},{\"@type\":\"WebSite\",\"@id\":\"https:\/\/talkpal.ai\/hu\/#website\",\"url\":\"https:\/\/talkpal.ai\/hu\/\",\"name\":\"Talkpal\",\"description\":\"AI Language Learning\",\"publisher\":{\"@id\":\"https:\/\/talkpal.ai\/hu\/#organization\"},\"alternateName\":\"Talkpal AI\",\"potentialAction\":[{\"@type\":\"SearchAction\",\"target\":{\"@type\":\"EntryPoint\",\"urlTemplate\":\"https:\/\/talkpal.ai\/hu\/?s={search_term_string}\"},\"query-input\":{\"@type\":\"PropertyValueSpecification\",\"valueRequired\":true,\"valueName\":\"search_term_string\"}}],\"inLanguage\":\"hu\"},{\"@type\":\"Organization\",\"@id\":\"https:\/\/talkpal.ai\/hu\/#organization\",\"name\":\"Talkpal, Inc.\",\"alternateName\":\"Talkpal AI\",\"url\":\"https:\/\/talkpal.ai\/hu\/\",\"logo\":{\"@type\":\"ImageObject\",\"inLanguage\":\"hu\",\"@id\":\"https:\/\/talkpal.ai\/hu\/#\/schema\/logo\/image\/\",\"url\":\"https:\/\/talkpal.ai\/wp-content\/uploads\/2024\/03\/Talkpal-Logo-Icon.png\",\"contentUrl\":\"https:\/\/talkpal.ai\/wp-content\/uploads\/2024\/03\/Talkpal-Logo-Icon.png\",\"width\":2880,\"height\":2880,\"caption\":\"Talkpal, Inc.\"},\"image\":{\"@id\":\"https:\/\/talkpal.ai\/hu\/#\/schema\/logo\/image\/\"},\"sameAs\":[\"https:\/\/www.facebook.com\/profile.php?id=100090733639311\",\"https:\/\/x.com\/talkpalai\",\"https:\/\/www.linkedin.com\/company\/talkpal\/\",\"https:\/\/www.youtube.com\/@TalkPal\/\",\"https:\/\/www.tiktok.com\/@talkpal\",\"https:\/\/www.instagram.com\/talkpal_ai\/\",\"https:\/\/www.crunchbase.com\/organization\/talkpal-9cde\",\"https:\/\/www.g2.com\/products\/talkpal-for-business\/\",\"https:\/\/www.trustpilot.com\/review\/talkpal.ai\",\"https:\/\/www.capterra.com\/p\/10006800\/TalkPal\/\"],\"description\":\"Talkpal is a language learning web and mobile education app, powered by the latest AI technologies, that provides engaging experiences to its customers in many different languages to help them improve their language skills. Users can chat about unlimited amount of topics with the app and use other modes to practice their language learning.\",\"email\":\"support@talkpal.ai\",\"legalName\":\"Talkpal, Inc.\",\"foundingDate\":\"2023-04-03\",\"duns\":\"118989042\",\"numberOfEmployees\":{\"@type\":\"QuantitativeValue\",\"minValue\":\"11\",\"maxValue\":\"50\"},\"publishingPrinciples\":\"https:\/\/talkpal.ai\/publishing-principles\/\",\"actionableFeedbackPolicy\":\"https:\/\/talkpal.ai\/actionable-feedback-policy\/\",\"correctionsPolicy\":\"https:\/\/talkpal.ai\/corrections-policy\/\",\"ethicsPolicy\":\"https:\/\/talkpal.ai\/ethics-policy\/\",\"diversityPolicy\":\"https:\/\/talkpal.ai\/diversity-policy\/\",\"diversityStaffingReport\":\"https:\/\/talkpal.ai\/diversity-policy\/\"}]}<\/script>\n<!-- \/ Yoast SEO Premium plugin. -->","yoast_head_json":{"title":"Tagalog nyelvtani gyakorlatok - Talkpal","description":"Fedezd fel a nyelvtani gyakorlatokat, hogy fejleszd a nyelvtud\u00e1sodat. T\u00f6k\u00e9letes kezd\u0151knek \u00e9s halad\u00f3knak egyar\u00e1nt.","robots":{"index":"index","follow":"follow","max-snippet":"max-snippet:-1","max-image-preview":"max-image-preview:large","max-video-preview":"max-video-preview:-1"},"canonical":"https:\/\/talkpal.ai\/hu\/tagalog-nyelvtani-gyakorlatok\/","og_locale":"hu_HU","og_type":"article","og_title":"Tagalog nyelvtani gyakorlatok","og_description":"Tagalog nyelvtani t\u00e9m\u00e1k Egy \u00faj nyelv tanul\u00e1sa izgalmas utaz\u00e1s lehet, \u00e9s azok sz\u00e1m\u00e1ra, akik \u00e9rdekl\u0151dnek a tagalog, a F\u00fcl\u00f6p-szigeteken besz\u00e9lt nyelv ir\u00e1nt,","og_url":"https:\/\/talkpal.ai\/hu\/tagalog-nyelvtani-gyakorlatok\/","og_site_name":"Talkpal","article_publisher":"https:\/\/www.facebook.com\/profile.php?id=100090733639311","article_modified_time":"2025-12-17T09:50:09+00:00","og_image":[{"width":512,"height":512,"url":"https:\/\/talkpal.ai\/wp-content\/uploads\/2023\/05\/Tagalog-philippines.png","type":"image\/png"}],"twitter_card":"summary_large_image","twitter_site":"@talkpalai","twitter_misc":{"Becs\u00fclt olvas\u00e1si id\u0151":"3 perc"},"schema":{"@context":"https:\/\/schema.org","@graph":[{"@type":"WebPage","@id":"https:\/\/talkpal.ai\/hu\/tagalog-nyelvtani-gyakorlatok\/","url":"https:\/\/talkpal.ai\/hu\/tagalog-nyelvtani-gyakorlatok\/","name":"Tagalog nyelvtani gyakorlatok - Talkpal","isPartOf":{"@id":"https:\/\/talkpal.ai\/hu\/#website"},"primaryImageOfPage":{"@id":"https:\/\/talkpal.ai\/hu\/tagalog-nyelvtani-gyakorlatok\/#primaryimage"},"image":{"@id":"https:\/\/talkpal.ai\/hu\/tagalog-nyelvtani-gyakorlatok\/#primaryimage"},"thumbnailUrl":"https:\/\/talkpal.ai\/wp-content\/uploads\/2023\/05\/Tagalog-philippines.png","datePublished":"2023-07-05T10:08:32+00:00","dateModified":"2025-12-17T09:50:09+00:00","description":"Fedezd fel a nyelvtani gyakorlatokat, hogy fejleszd a nyelvtud\u00e1sodat. T\u00f6k\u00e9letes kezd\u0151knek \u00e9s halad\u00f3knak egyar\u00e1nt.","breadcrumb":{"@id":"https:\/\/talkpal.ai\/hu\/tagalog-nyelvtani-gyakorlatok\/#breadcrumb"},"inLanguage":"hu","potentialAction":[{"@type":"ReadAction","target":["https:\/\/talkpal.ai\/hu\/tagalog-nyelvtani-gyakorlatok\/"]}]},{"@type":"ImageObject","inLanguage":"hu","@id":"https:\/\/talkpal.ai\/hu\/tagalog-nyelvtani-gyakorlatok\/#primaryimage","url":"https:\/\/talkpal.ai\/wp-content\/uploads\/2023\/05\/Tagalog-philippines.png","contentUrl":"https:\/\/talkpal.ai\/wp-content\/uploads\/2023\/05\/Tagalog-philippines.png","width":512,"height":512},{"@type":"BreadcrumbList","@id":"https:\/\/talkpal.ai\/hu\/tagalog-nyelvtani-gyakorlatok\/#breadcrumb","itemListElement":[{"@type":"ListItem","position":1,"name":"Homepage","item":"https:\/\/talkpal.ai\/hu\/"},{"@type":"ListItem","position":2,"name":"Tagalog nyelvtani gyakorlatok"}]},{"@type":"WebSite","@id":"https:\/\/talkpal.ai\/hu\/#website","url":"https:\/\/talkpal.ai\/hu\/","name":"Talkpal","description":"AI Language Learning","publisher":{"@id":"https:\/\/talkpal.ai\/hu\/#organization"},"alternateName":"Talkpal AI","potentialAction":[{"@type":"SearchAction","target":{"@type":"EntryPoint","urlTemplate":"https:\/\/talkpal.ai\/hu\/?s={search_term_string}"},"query-input":{"@type":"PropertyValueSpecification","valueRequired":true,"valueName":"search_term_string"}}],"inLanguage":"hu"},{"@type":"Organization","@id":"https:\/\/talkpal.ai\/hu\/#organization","name":"Talkpal, Inc.","alternateName":"Talkpal AI","url":"https:\/\/talkpal.ai\/hu\/","logo":{"@type":"ImageObject","inLanguage":"hu","@id":"https:\/\/talkpal.ai\/hu\/#\/schema\/logo\/image\/","url":"https:\/\/talkpal.ai\/wp-content\/uploads\/2024\/03\/Talkpal-Logo-Icon.png","contentUrl":"https:\/\/talkpal.ai\/wp-content\/uploads\/2024\/03\/Talkpal-Logo-Icon.png","width":2880,"height":2880,"caption":"Talkpal, Inc."},"image":{"@id":"https:\/\/talkpal.ai\/hu\/#\/schema\/logo\/image\/"},"sameAs":["https:\/\/www.facebook.com\/profile.php?id=100090733639311","https:\/\/x.com\/talkpalai","https:\/\/www.linkedin.com\/company\/talkpal\/","https:\/\/www.youtube.com\/@TalkPal\/","https:\/\/www.tiktok.com\/@talkpal","https:\/\/www.instagram.com\/talkpal_ai\/","https:\/\/www.crunchbase.com\/organization\/talkpal-9cde","https:\/\/www.g2.com\/products\/talkpal-for-business\/","https:\/\/www.trustpilot.com\/review\/talkpal.ai","https:\/\/www.capterra.com\/p\/10006800\/TalkPal\/"],"description":"Talkpal is a language learning web and mobile education app, powered by the latest AI technologies, that provides engaging experiences to its customers in many different languages to help them improve their language skills. Users can chat about unlimited amount of topics with the app and use other modes to practice their language learning.","email":"support@talkpal.ai","legalName":"Talkpal, Inc.","foundingDate":"2023-04-03","duns":"118989042","numberOfEmployees":{"@type":"QuantitativeValue","minValue":"11","maxValue":"50"},"publishingPrinciples":"https:\/\/talkpal.ai\/publishing-principles\/","actionableFeedbackPolicy":"https:\/\/talkpal.ai\/actionable-feedback-policy\/","correctionsPolicy":"https:\/\/talkpal.ai\/corrections-policy\/","ethicsPolicy":"https:\/\/talkpal.ai\/ethics-policy\/","diversityPolicy":"https:\/\/talkpal.ai\/diversity-policy\/","diversityStaffingReport":"https:\/\/talkpal.ai\/diversity-policy\/"}]}},"_links":{"self":[{"href":"https:\/\/talkpal.ai\/hu\/wp-json\/wp\/v2\/pages\/156298","targetHints":{"allow":["GET"]}}],"collection":[{"href":"https:\/\/talkpal.ai\/hu\/wp-json\/wp\/v2\/pages"}],"about":[{"href":"https:\/\/talkpal.ai\/hu\/wp-json\/wp\/v2\/types\/page"}],"author":[{"embeddable":true,"href":"https:\/\/talkpal.ai\/hu\/wp-json\/wp\/v2\/users\/6"}],"replies":[{"embeddable":true,"href":"https:\/\/talkpal.ai\/hu\/wp-json\/wp\/v2\/comments?post=156298"}],"version-history":[{"count":0,"href":"https:\/\/talkpal.ai\/hu\/wp-json\/wp\/v2\/pages\/156298\/revisions"}],"wp:featuredmedia":[{"embeddable":true,"href":"https:\/\/talkpal.ai\/hu\/wp-json\/wp\/v2\/media\/120037"}],"wp:attachment":[{"href":"https:\/\/talkpal.ai\/hu\/wp-json\/wp\/v2\/media?parent=156298"}],"curies":[{"name":"wp","href":"https:\/\/api.w.org\/{rel}","templated":true}]}}