{"id":156044,"date":"2023-07-05T10:17:13","date_gmt":"2023-07-05T10:17:13","guid":{"rendered":"http:\/\/talkpal.ai\/tamil-nyelvtani-gyakorlatok\/"},"modified":"2025-12-17T15:02:09","modified_gmt":"2025-12-17T15:02:09","slug":"tamil-nyelvtani-gyakorlatok","status":"publish","type":"page","link":"https:\/\/talkpal.ai\/hu\/tamil-nyelvtani-gyakorlatok\/","title":{"rendered":"Tamil nyelvtani gyakorlatok"},"content":{"rendered":"\r\n\r\n\r\n<section class=\"languageChallengeSection\">\r\n    <div class=\"languageInfoWrapper\">\r\n        \r\n        <h1>Tamil nyelvtani gyakorlatok<\/h1>\r\n        <p>Ha el akarod saj\u00e1t\u00edtani a <a href=\"https:\/\/talkpal.ai\/learn-tamil\/\">tamil<\/a> nyelvet, a <a href=\"https:\/\/talkpal.ai\/grammar\/\">nyelvtan<\/a> gyakorl\u00e1sa c\u00e9lzott gyakorlatokon kereszt\u00fcl kulcsfontoss\u00e1g\u00fa l\u00e9p\u00e9s az utadon. Kezdd el m\u00e9g ma, \u00e1ll\u00edtsd kih\u00edv\u00e1s el\u00e9 magad \u00faj nyelvtani mint\u00e1kkal, \u00e9s figyeld, ahogy a <a href=\"https:\/\/talkpal.ai\/learn-tamil\/\">tamil<\/a> k\u00e9szs\u00e9geid <a href=\"https:\/\/talkpal.ai\/locations\/language-courses-in-minden\/\">minden<\/a> egyes gyakorlattal fejl\u0151dnek!<\/p>\r\n\r\n                            <a class=\"getStartedHidden\" href=\"https:\/\/app.talkpal.ai\/hu\/signup?lng=\">Kezdj\u00fck<\/a>\r\n        \r\n    <\/div>\r\n\r\n    <figure>\r\n    <img decoding=\"async\" width=\"768\" height=\"768\" src=\"https:\/\/talkpal.ai\/wp-content\/uploads\/2023\/06\/tamil-768x768.png\" class=\"languageImage no-lazy\" alt=\"Language learning for enhanced creativity\" fetchpriority=\"high\" sizes=\"(max-width: 768px) 150px, 768px\" srcset=\"https:\/\/talkpal.ai\/wp-content\/uploads\/2023\/06\/tamil-768x768.png 768w, https:\/\/talkpal.ai\/wp-content\/uploads\/2023\/06\/tamil-300x300.png 300w\" \/>\r\n    \r\n\r\n    <\/figure>\r\n\r\n            <a class=\"getStartedVisible\" href=\"https:\/\/app.talkpal.ai\/hu\/signup?lng=\">Kezdj\u00fck<\/a>\r\n    \r\n<\/section>\r\n\r\n\r\n<!-- <section class=\"grammarSection\">\r\n    <div class=\"grammarLinks\">\r\n            <\/div>\r\n<\/section> -->\r\n\r\n\r\n\r\n\r\n<section class=\"promotionalBanner\">\r\n    <p class=\"promotionalText\">A nyelvtanul\u00e1s leghat\u00e9konyabb m\u00f3dja<\/p>\r\n    <a class=\"promotionalLink\" href=\"https:\/\/app.talkpal.ai\/hu\/signup?lng=\">Pr\u00f3b\u00e1lja ki a Talkpal ingyen<\/a>\r\n<\/section>\n<div class=\"wp-block-group pageContainerStyle\"><div class=\"wp-block-group__inner-container is-layout-constrained wp-block-group-is-layout-constrained\">\n<h2 class=\"wp-block-heading\" id=\"h-tamil-grammar-topics\">Tamil nyelvtani t\u00e9m\u00e1k<\/h2>\n\n\n\n<p>A tamil \u00e9l\u00e9nk \u00e9s gazdag nyelv, amelyet els\u0151sorban D\u00e9l-Indi\u00e1ban \u00e9s Sr\u00ed Lank\u00e1n besz\u00e9lnek. Egyed\u00fcl\u00e1ll\u00f3 szkriptj\u00e9r\u0151l \u00e9s \u00f6sszetett nyelvtani rendszer\u00e9r\u0151l ismert. A tamil <a href=\"https:\/\/talkpal.ai\/hu\/tanulas\/\">tanul\u00e1s<\/a> leny\u0171g\u00f6z\u0151 \u00e9lm\u00e9ny lehet, de struktur\u00e1lt megk\u00f6zel\u00edt\u00e9st ig\u00e9nyel a nyelvtan meg\u00e9rt\u00e9s\u00e9hez. Ez mag\u00e1ban foglalja az igeid\u0151k, ig\u00e9k, f\u0151nevek, cikkek, n\u00e9vm\u00e1sok \/ determin\u00e1nsok, mell\u00e9knevek, hat\u00e1roz\u00f3sz\u00f3k, felt\u00e9telesek, el\u00f6lj\u00e1r\u00f3szavak \u00e9s mondatszerkezetek meg\u00e9rt\u00e9s\u00e9t.<\/p>\n\n\n\n<h3 class=\"wp-block-heading\" id=\"h-1-nouns\">1. F\u0151nevek:<\/h3>\n\n\n\n<p>Kezdje a tamil tanul\u00e1st f\u0151nevekkel, mivel ezek <a href=\"https:\/\/talkpal.ai\/languages\/\">minden nyelv<\/a> \u00e9p\u00edt\u0151k\u00f6vei. A tamil nyelvben a f\u0151neveket k\u00e9t kateg\u00f3ri\u00e1ba sorolj\u00e1k: uyirmei (\u00e9l\u0151) \u00e9s mei (nem \u00e9l\u0151). K\u00fcl\u00f6nb\u00f6z\u0151 ragoz\u00e1suk is <a href=\"https:\/\/talkpal.ai\/locations\/language-courses-in-van\/\">van<\/a> a sz\u00e1m \u00e9s az eset alapj\u00e1n.<\/p>\n\n\n\n<h3 class=\"wp-block-heading\" id=\"h-2-pronouns-determiners\">2. N\u00e9vm\u00e1sok\/determin\u00e1nsok:<\/h3>\n\n\n\n<p>A f\u0151nevek elsaj\u00e1t\u00edt\u00e1sa ut\u00e1n l\u00e9pjen tov\u00e1bb a n\u00e9vm\u00e1sokra \u00e9s a meghat\u00e1roz\u00f3kra. Ezeket arra haszn\u00e1lj\u00e1k, hogy utaljanak valakire vagy valamire, amit m\u00e1r eml\u00edtettek vagy k\u00f6nnyen azonos\u00edthat\u00f3k. A tamil nyelvben a n\u00e9vm\u00e1sok nemsemlegesek, \u00e9s a sz\u00e1mot \u00e9s az esetet ragozz\u00e1k.<\/p>\n\n\n\n<h3 class=\"wp-block-heading\" id=\"h-3-verbs\">3. Ig\u00e9k:<\/h3>\n\n\n\n<p>A tamil ig\u00e9k k\u00e9t kateg\u00f3ri\u00e1ba sorolhat\u00f3k: tranzit\u00edv \u00e9s intranzit\u00edv ig\u00e9k. M\u0171k\u00f6d\u00e9s\u00fck meg\u00e9rt\u00e9se kulcsfontoss\u00e1g\u00fa, mivel egy mondatban jelzik a cselekv\u00e9st.<\/p>\n\n\n\n<h3 class=\"wp-block-heading\" id=\"h-4-tenses\">4. Igeid\u0151k:<\/h3>\n\n\n\n<p>A tamilnak h\u00e1rom alapvet\u0151 ideje van: m\u00falt, jelen \u00e9s j\u00f6v\u0151. Minden igeid\u0151nek k\u00fcl\u00f6nb\u00f6z\u0151 form\u00e1i vannak egyes \u00e9s t\u00f6bbes sz\u00e1mban, valamint k\u00fcl\u00f6nb\u00f6z\u0151 szem\u00e9lyeknek. Ezeknek a v\u00e1ltoz\u00e1soknak a meg\u00e9rt\u00e9se fontos a helyes mondatk\u00e9pz\u00e9shez.<\/p>\n\n\n\n<h3 class=\"wp-block-heading\" id=\"h-5-tense-comparison\">5. Fesz\u00fclt \u00f6sszehasonl\u00edt\u00e1s:<\/h3>\n\n\n\n<p>Miut\u00e1n meg\u00e9rtette az alapvet\u0151 id\u0151ket, tov\u00e1bbl\u00e9phet az igeid\u0151k \u00f6sszehasonl\u00edt\u00e1s\u00e1ra. Ehhez \u00f6ssze kell hasonl\u00edtani a k\u00fcl\u00f6nb\u00f6z\u0151 m\u0171veleteket k\u00fcl\u00f6nb\u00f6z\u0151 igeid\u0151kben, <a href=\"https:\/\/talkpal.ai\/locations\/language-courses-in-ami\/\">ami<\/a> elengedhetetlen a fejlett nyelvhaszn\u00e1lathoz.<\/p>\n\n\n\n<h3 class=\"wp-block-heading\" id=\"h-6-adjectives\">6. Mell\u00e9knevek:<\/h3>\n\n\n\n<p>A tamil mell\u00e9knevek, mint az <a href=\"https:\/\/talkpal.ai\/locations\/language-courses-in-angol\/\">angol<\/a>, a f\u0151neveket \u00edrj\u00e1k le vagy m\u00f3dos\u00edtj\u00e1k. Egyet\u00e9rtenek az \u00e1ltaluk m\u00f3dos\u00edtott f\u0151n\u00e9vvel esetben, sz\u00e1mban \u00e9s nemben.<\/p>\n\n\n\n<h3 class=\"wp-block-heading\" id=\"h-7-articles\">7. Cikkek:<\/h3>\n\n\n\n<p>A tamilban nincsenek hat\u00e1rozott vagy hat\u00e1rozatlan n\u00e9vel\u0151 cikkek, mint az &#8216;a&#8217;, &#8216;an&#8217; vagy &#8216;the&#8217;. A mondatk\u00e9pz\u00e9s szempontj\u00e1b\u00f3l azonban fontos meg\u00e9rteni, hogyan kell helyettes\u00edteni \u0151ket.<\/p>\n\n\n\n<h3 class=\"wp-block-heading\" id=\"h-8-adverbs\">8. Hat\u00e1roz\u00f3sz\u00f3k:<\/h3>\n\n\n\n<p>A hat\u00e1roz\u00f3szavak m\u00f3dos\u00edtj\u00e1k az ig\u00e9ket, mell\u00e9kneveket vagy m\u00e1s hat\u00e1roz\u00f3szavakat. Kifejezhetnek egy m\u00f3dot, helyet, id\u0151t, gyakoris\u00e1got, fokot \u00e9s egyebeket.<\/p>\n\n\n\n<h3 class=\"wp-block-heading\" id=\"h-9-prepositions\">9. El\u00f6lj\u00e1r\u00f3szavak:<\/h3>\n\n\n\n<p>Az el\u00f6lj\u00e1r\u00f3szavak f\u0151nevek, n\u00e9vm\u00e1sok vagy kifejez\u00e9sek \u00f6sszekapcsol\u00e1s\u00e1ra szolg\u00e1lnak a mondaton bel\u00fcli m\u00e1s szavakkal. Kifejezik a hely, az ir\u00e1ny, az id\u0151, a m\u00f3d, az ok \u00e9s a fok viszonyait.<\/p>\n\n\n\n<h3 class=\"wp-block-heading\" id=\"h-10-conditionals\">10. Felt\u00e9telek:<\/h3>\n\n\n\n<p>A felt\u00e9telek olyan mondatok, amelyek hipotetikus helyzeteket \u00e9s azok k\u00f6vetkezm\u00e9nyeit fejezik ki. A tamil nyelvben a felt\u00e9teleket meghat\u00e1rozott igeform\u00e1k \u00e9s k\u00f6t\u0151szavak alkotj\u00e1k.<\/p>\n\n\n\n<h3 class=\"wp-block-heading\" id=\"h-11-progressive-and-perfect-progressive\">11. Progressz\u00edv \u00e9s t\u00f6k\u00e9letes progressz\u00edv:<\/h3>\n\n\n\n<p>Ezek az igeid\u0151k olyan aspektusai, amelyek folyamatban l\u00e9v\u0151 cselekv\u00e9seket vagy olyan tev\u00e9kenys\u00e9geket jel\u00f6lnek, amelyek folyamatban voltak, de most befejez\u0151dtek. Elengedhetetlenek a cselekv\u00e9sek id\u0151tartam\u00e1nak \u00e9s folyamatoss\u00e1g\u00e1nak kifejez\u00e9s\u00e9hez.<\/p>\n\n\n\n<h3 class=\"wp-block-heading\" id=\"h-12-sentences\">12. Mondatok:<\/h3>\n\n\n\n<p>V\u00e9g\u00fcl fontos meg\u00e9rteni a tamil mondatok szerkezet\u00e9t. A tamil nyelv a Subject-Object-Verb (SOV) sz\u00f3rend szerint m\u0171k\u00f6dik. Ezenk\u00edv\u00fcl az \u00f6sszetett \u00e9s \u00f6sszetett mondatok meg\u00e9rt\u00e9se jav\u00edtja a nyelv \u00e1ltal\u00e1nos ismeret\u00e9t.<\/p>\n<\/div><\/div>\n\r\n<section class=\"learnNavigationSection\">\r\n            \r\n        <a href=\"https:\/\/talkpal.ai\/hu\/tanulj-tamil-nyelven\/\">\r\n            <div class=\"learnNavigationWrapper\">\r\n                <div class=\"learnNavigationContent\">\r\n                    <img decoding=\"async\" src=\"https:\/\/talkpal.ai\/wp-content\/uploads\/2024\/08\/Tamil.jpg\" alt=\"Indian Simplified Flag\">\r\n                    <div>\r\n                        <h4>A tamil tanul\u00e1sr\u00f3l<\/h4>\r\n                        <p>Tudjon meg mindent a tamil nyelvtanr\u00f3l.<\/p>\r\n                    <\/div>\r\n                <\/div>\r\n            <\/div>\r\n        <\/a>\r\n\r\n        \r\n        <a href=\"https:\/\/talkpal.ai\/hu\/tamil-nyelvtan\/\">\r\n            <div class=\"learnNavigationWrapper\">\r\n                <div class=\"learnNavigationContent\">\r\n                    <img decoding=\"async\" src=\"https:\/\/talkpal.ai\/wp-content\/uploads\/2024\/08\/Tamil.jpg\" alt=\"Indian Simplified Flag\">\r\n                    <div>\r\n                        <h4>Tamil nyelvtani leck\u00e9k<\/h4>\r\n                        <p>Gyakorolja a tamil nyelvtant.<\/p>\r\n                    <\/div>\r\n                <\/div>\r\n            <\/div>\r\n        <\/a>\r\n\r\n        \r\n        <a href=\"https:\/\/talkpal.ai\/vocabulary_language\/tamil\/\">\r\n            <div class=\"learnNavigationWrapper\">\r\n                <div class=\"learnNavigationContent\">\r\n                    <img decoding=\"async\" src=\"https:\/\/talkpal.ai\/wp-content\/uploads\/2024\/08\/Tamil.jpg\" alt=\"Indian Simplified Flag\">\r\n                    <div>\r\n                        <h4>Tamil sz\u00f3kincs<\/h4>\r\n                        <p>B\u0151v\u00edtse tamil sz\u00f3kincs\u00e9t.<\/p>\r\n                    <\/div>\r\n                <\/div>\r\n            <\/div>\r\n        <\/a>\r\n\r\n            <\/section>","protected":false},"excerpt":{"rendered":"<p>Tamil nyelvtani t\u00e9m\u00e1k A tamil \u00e9l\u00e9nk \u00e9s gazdag nyelv, amelyet els\u0151sorban D\u00e9l-Indi\u00e1ban \u00e9s Sr\u00ed Lank\u00e1n besz\u00e9lnek. Egyed\u00fcl\u00e1ll\u00f3 szkriptj\u00e9r\u0151l \u00e9s \u00f6sszetett nyelvtani rendszer\u00e9r\u0151l ismert. A tamil tanul\u00e1s leny\u0171g\u00f6z\u0151 \u00e9lm\u00e9ny lehet, de struktur\u00e1lt megk\u00f6zel\u00edt\u00e9st ig\u00e9nyel a nyelvtan meg\u00e9rt\u00e9s\u00e9hez. Ez mag\u00e1ban foglalja az igeid\u0151k, ig\u00e9k, f\u0151nevek, cikkek, n\u00e9vm\u00e1sok \/ determin\u00e1nsok, mell\u00e9knevek, hat\u00e1roz\u00f3sz\u00f3k, felt\u00e9telesek, el\u00f6lj\u00e1r\u00f3szavak \u00e9s mondatszerkezetek meg\u00e9rt\u00e9s\u00e9t. 1. [&hellip;]<\/p>\n","protected":false},"author":6,"featured_media":120348,"parent":0,"menu_order":0,"comment_status":"closed","ping_status":"closed","template":"LearningContentPage.php","meta":{"_acf_changed":false,"footnotes":""},"class_list":["post-156044","page","type-page","status-publish","has-post-thumbnail","hentry"],"acf":[],"yoast_head":"<!-- This site is optimized with the Yoast SEO Premium plugin v27.2 (Yoast SEO v27.2) - https:\/\/yoast.com\/product\/yoast-seo-premium-wordpress\/ -->\n<title>Tamil nyelvtani gyakorlatok - Talkpal<\/title>\n<meta name=\"description\" content=\"Fedezze fel a hat\u00e9kony tamil nyelvtani gyakorlatokat, hogy fejlessze nyelvtud\u00e1s\u00e1t \u00e9s fokozza a sz\u00f6veg\u00e9rt\u00e9st.\" \/>\n<meta name=\"robots\" content=\"index, follow, max-snippet:-1, max-image-preview:large, max-video-preview:-1\" \/>\n<link rel=\"canonical\" href=\"https:\/\/talkpal.ai\/hu\/tamil-nyelvtani-gyakorlatok\/\" \/>\n<meta property=\"og:locale\" content=\"hu_HU\" \/>\n<meta property=\"og:type\" content=\"article\" \/>\n<meta property=\"og:title\" content=\"Tamil nyelvtani gyakorlatok\" \/>\n<meta property=\"og:description\" content=\"Tamil nyelvtani t\u00e9m\u00e1k A tamil \u00e9l\u00e9nk \u00e9s gazdag nyelv, amelyet els\u0151sorban D\u00e9l-Indi\u00e1ban \u00e9s Sr\u00ed Lank\u00e1n besz\u00e9lnek. Egyed\u00fcl\u00e1ll\u00f3 szkriptj\u00e9r\u0151l \u00e9s \u00f6sszetett\" \/>\n<meta property=\"og:url\" content=\"https:\/\/talkpal.ai\/hu\/tamil-nyelvtani-gyakorlatok\/\" \/>\n<meta property=\"og:site_name\" content=\"Talkpal\" \/>\n<meta property=\"article:publisher\" content=\"https:\/\/www.facebook.com\/profile.php?id=100090733639311\" \/>\n<meta property=\"article:modified_time\" content=\"2025-12-17T15:02:09+00:00\" \/>\n<meta property=\"og:image\" content=\"https:\/\/talkpal.ai\/wp-content\/uploads\/2023\/05\/Tamil-india.png\" \/>\n\t<meta property=\"og:image:width\" content=\"512\" \/>\n\t<meta property=\"og:image:height\" content=\"512\" \/>\n\t<meta property=\"og:image:type\" content=\"image\/png\" \/>\n<meta name=\"twitter:card\" content=\"summary_large_image\" \/>\n<meta name=\"twitter:site\" content=\"@talkpalai\" \/>\n<meta name=\"twitter:label1\" content=\"Becs\u00fclt olvas\u00e1si id\u0151\" \/>\n\t<meta name=\"twitter:data1\" content=\"3 perc\" \/>\n<script type=\"application\/ld+json\" class=\"yoast-schema-graph\">{\"@context\":\"https:\/\/schema.org\",\"@graph\":[{\"@type\":\"WebPage\",\"@id\":\"https:\/\/talkpal.ai\/hu\/tamil-nyelvtani-gyakorlatok\/\",\"url\":\"https:\/\/talkpal.ai\/hu\/tamil-nyelvtani-gyakorlatok\/\",\"name\":\"Tamil nyelvtani gyakorlatok - Talkpal\",\"isPartOf\":{\"@id\":\"https:\/\/talkpal.ai\/hu\/#website\"},\"primaryImageOfPage\":{\"@id\":\"https:\/\/talkpal.ai\/hu\/tamil-nyelvtani-gyakorlatok\/#primaryimage\"},\"image\":{\"@id\":\"https:\/\/talkpal.ai\/hu\/tamil-nyelvtani-gyakorlatok\/#primaryimage\"},\"thumbnailUrl\":\"https:\/\/talkpal.ai\/wp-content\/uploads\/2023\/05\/Tamil-india.png\",\"datePublished\":\"2023-07-05T10:17:13+00:00\",\"dateModified\":\"2025-12-17T15:02:09+00:00\",\"description\":\"Fedezze fel a hat\u00e9kony tamil nyelvtani gyakorlatokat, hogy fejlessze nyelvtud\u00e1s\u00e1t \u00e9s fokozza a sz\u00f6veg\u00e9rt\u00e9st.\",\"breadcrumb\":{\"@id\":\"https:\/\/talkpal.ai\/hu\/tamil-nyelvtani-gyakorlatok\/#breadcrumb\"},\"inLanguage\":\"hu\",\"potentialAction\":[{\"@type\":\"ReadAction\",\"target\":[\"https:\/\/talkpal.ai\/hu\/tamil-nyelvtani-gyakorlatok\/\"]}]},{\"@type\":\"ImageObject\",\"inLanguage\":\"hu\",\"@id\":\"https:\/\/talkpal.ai\/hu\/tamil-nyelvtani-gyakorlatok\/#primaryimage\",\"url\":\"https:\/\/talkpal.ai\/wp-content\/uploads\/2023\/05\/Tamil-india.png\",\"contentUrl\":\"https:\/\/talkpal.ai\/wp-content\/uploads\/2023\/05\/Tamil-india.png\",\"width\":512,\"height\":512},{\"@type\":\"BreadcrumbList\",\"@id\":\"https:\/\/talkpal.ai\/hu\/tamil-nyelvtani-gyakorlatok\/#breadcrumb\",\"itemListElement\":[{\"@type\":\"ListItem\",\"position\":1,\"name\":\"Homepage\",\"item\":\"https:\/\/talkpal.ai\/hu\/\"},{\"@type\":\"ListItem\",\"position\":2,\"name\":\"Tamil nyelvtani gyakorlatok\"}]},{\"@type\":\"WebSite\",\"@id\":\"https:\/\/talkpal.ai\/hu\/#website\",\"url\":\"https:\/\/talkpal.ai\/hu\/\",\"name\":\"Talkpal\",\"description\":\"AI Language Learning\",\"publisher\":{\"@id\":\"https:\/\/talkpal.ai\/hu\/#organization\"},\"alternateName\":\"Talkpal AI\",\"potentialAction\":[{\"@type\":\"SearchAction\",\"target\":{\"@type\":\"EntryPoint\",\"urlTemplate\":\"https:\/\/talkpal.ai\/hu\/?s={search_term_string}\"},\"query-input\":{\"@type\":\"PropertyValueSpecification\",\"valueRequired\":true,\"valueName\":\"search_term_string\"}}],\"inLanguage\":\"hu\"},{\"@type\":\"Organization\",\"@id\":\"https:\/\/talkpal.ai\/hu\/#organization\",\"name\":\"Talkpal, Inc.\",\"alternateName\":\"Talkpal AI\",\"url\":\"https:\/\/talkpal.ai\/hu\/\",\"logo\":{\"@type\":\"ImageObject\",\"inLanguage\":\"hu\",\"@id\":\"https:\/\/talkpal.ai\/hu\/#\/schema\/logo\/image\/\",\"url\":\"https:\/\/talkpal.ai\/wp-content\/uploads\/2024\/03\/Talkpal-Logo-Icon.png\",\"contentUrl\":\"https:\/\/talkpal.ai\/wp-content\/uploads\/2024\/03\/Talkpal-Logo-Icon.png\",\"width\":2880,\"height\":2880,\"caption\":\"Talkpal, Inc.\"},\"image\":{\"@id\":\"https:\/\/talkpal.ai\/hu\/#\/schema\/logo\/image\/\"},\"sameAs\":[\"https:\/\/www.facebook.com\/profile.php?id=100090733639311\",\"https:\/\/x.com\/talkpalai\",\"https:\/\/www.linkedin.com\/company\/talkpal\/\",\"https:\/\/www.youtube.com\/@TalkPal\/\",\"https:\/\/www.tiktok.com\/@talkpal\",\"https:\/\/www.instagram.com\/talkpal_ai\/\",\"https:\/\/www.crunchbase.com\/organization\/talkpal-9cde\",\"https:\/\/www.g2.com\/products\/talkpal-for-business\/\",\"https:\/\/www.trustpilot.com\/review\/talkpal.ai\",\"https:\/\/www.capterra.com\/p\/10006800\/TalkPal\/\"],\"description\":\"Talkpal is a language learning web and mobile education app, powered by the latest AI technologies, that provides engaging experiences to its customers in many different languages to help them improve their language skills. Users can chat about unlimited amount of topics with the app and use other modes to practice their language learning.\",\"email\":\"support@talkpal.ai\",\"legalName\":\"Talkpal, Inc.\",\"foundingDate\":\"2023-04-03\",\"duns\":\"118989042\",\"numberOfEmployees\":{\"@type\":\"QuantitativeValue\",\"minValue\":\"11\",\"maxValue\":\"50\"},\"publishingPrinciples\":\"https:\/\/talkpal.ai\/publishing-principles\/\",\"actionableFeedbackPolicy\":\"https:\/\/talkpal.ai\/actionable-feedback-policy\/\",\"correctionsPolicy\":\"https:\/\/talkpal.ai\/corrections-policy\/\",\"ethicsPolicy\":\"https:\/\/talkpal.ai\/ethics-policy\/\",\"diversityPolicy\":\"https:\/\/talkpal.ai\/diversity-policy\/\",\"diversityStaffingReport\":\"https:\/\/talkpal.ai\/diversity-policy\/\"}]}<\/script>\n<!-- \/ Yoast SEO Premium plugin. -->","yoast_head_json":{"title":"Tamil nyelvtani gyakorlatok - Talkpal","description":"Fedezze fel a hat\u00e9kony tamil nyelvtani gyakorlatokat, hogy fejlessze nyelvtud\u00e1s\u00e1t \u00e9s fokozza a sz\u00f6veg\u00e9rt\u00e9st.","robots":{"index":"index","follow":"follow","max-snippet":"max-snippet:-1","max-image-preview":"max-image-preview:large","max-video-preview":"max-video-preview:-1"},"canonical":"https:\/\/talkpal.ai\/hu\/tamil-nyelvtani-gyakorlatok\/","og_locale":"hu_HU","og_type":"article","og_title":"Tamil nyelvtani gyakorlatok","og_description":"Tamil nyelvtani t\u00e9m\u00e1k A tamil \u00e9l\u00e9nk \u00e9s gazdag nyelv, amelyet els\u0151sorban D\u00e9l-Indi\u00e1ban \u00e9s Sr\u00ed Lank\u00e1n besz\u00e9lnek. Egyed\u00fcl\u00e1ll\u00f3 szkriptj\u00e9r\u0151l \u00e9s \u00f6sszetett","og_url":"https:\/\/talkpal.ai\/hu\/tamil-nyelvtani-gyakorlatok\/","og_site_name":"Talkpal","article_publisher":"https:\/\/www.facebook.com\/profile.php?id=100090733639311","article_modified_time":"2025-12-17T15:02:09+00:00","og_image":[{"width":512,"height":512,"url":"https:\/\/talkpal.ai\/wp-content\/uploads\/2023\/05\/Tamil-india.png","type":"image\/png"}],"twitter_card":"summary_large_image","twitter_site":"@talkpalai","twitter_misc":{"Becs\u00fclt olvas\u00e1si id\u0151":"3 perc"},"schema":{"@context":"https:\/\/schema.org","@graph":[{"@type":"WebPage","@id":"https:\/\/talkpal.ai\/hu\/tamil-nyelvtani-gyakorlatok\/","url":"https:\/\/talkpal.ai\/hu\/tamil-nyelvtani-gyakorlatok\/","name":"Tamil nyelvtani gyakorlatok - Talkpal","isPartOf":{"@id":"https:\/\/talkpal.ai\/hu\/#website"},"primaryImageOfPage":{"@id":"https:\/\/talkpal.ai\/hu\/tamil-nyelvtani-gyakorlatok\/#primaryimage"},"image":{"@id":"https:\/\/talkpal.ai\/hu\/tamil-nyelvtani-gyakorlatok\/#primaryimage"},"thumbnailUrl":"https:\/\/talkpal.ai\/wp-content\/uploads\/2023\/05\/Tamil-india.png","datePublished":"2023-07-05T10:17:13+00:00","dateModified":"2025-12-17T15:02:09+00:00","description":"Fedezze fel a hat\u00e9kony tamil nyelvtani gyakorlatokat, hogy fejlessze nyelvtud\u00e1s\u00e1t \u00e9s fokozza a sz\u00f6veg\u00e9rt\u00e9st.","breadcrumb":{"@id":"https:\/\/talkpal.ai\/hu\/tamil-nyelvtani-gyakorlatok\/#breadcrumb"},"inLanguage":"hu","potentialAction":[{"@type":"ReadAction","target":["https:\/\/talkpal.ai\/hu\/tamil-nyelvtani-gyakorlatok\/"]}]},{"@type":"ImageObject","inLanguage":"hu","@id":"https:\/\/talkpal.ai\/hu\/tamil-nyelvtani-gyakorlatok\/#primaryimage","url":"https:\/\/talkpal.ai\/wp-content\/uploads\/2023\/05\/Tamil-india.png","contentUrl":"https:\/\/talkpal.ai\/wp-content\/uploads\/2023\/05\/Tamil-india.png","width":512,"height":512},{"@type":"BreadcrumbList","@id":"https:\/\/talkpal.ai\/hu\/tamil-nyelvtani-gyakorlatok\/#breadcrumb","itemListElement":[{"@type":"ListItem","position":1,"name":"Homepage","item":"https:\/\/talkpal.ai\/hu\/"},{"@type":"ListItem","position":2,"name":"Tamil nyelvtani gyakorlatok"}]},{"@type":"WebSite","@id":"https:\/\/talkpal.ai\/hu\/#website","url":"https:\/\/talkpal.ai\/hu\/","name":"Talkpal","description":"AI Language Learning","publisher":{"@id":"https:\/\/talkpal.ai\/hu\/#organization"},"alternateName":"Talkpal AI","potentialAction":[{"@type":"SearchAction","target":{"@type":"EntryPoint","urlTemplate":"https:\/\/talkpal.ai\/hu\/?s={search_term_string}"},"query-input":{"@type":"PropertyValueSpecification","valueRequired":true,"valueName":"search_term_string"}}],"inLanguage":"hu"},{"@type":"Organization","@id":"https:\/\/talkpal.ai\/hu\/#organization","name":"Talkpal, Inc.","alternateName":"Talkpal AI","url":"https:\/\/talkpal.ai\/hu\/","logo":{"@type":"ImageObject","inLanguage":"hu","@id":"https:\/\/talkpal.ai\/hu\/#\/schema\/logo\/image\/","url":"https:\/\/talkpal.ai\/wp-content\/uploads\/2024\/03\/Talkpal-Logo-Icon.png","contentUrl":"https:\/\/talkpal.ai\/wp-content\/uploads\/2024\/03\/Talkpal-Logo-Icon.png","width":2880,"height":2880,"caption":"Talkpal, Inc."},"image":{"@id":"https:\/\/talkpal.ai\/hu\/#\/schema\/logo\/image\/"},"sameAs":["https:\/\/www.facebook.com\/profile.php?id=100090733639311","https:\/\/x.com\/talkpalai","https:\/\/www.linkedin.com\/company\/talkpal\/","https:\/\/www.youtube.com\/@TalkPal\/","https:\/\/www.tiktok.com\/@talkpal","https:\/\/www.instagram.com\/talkpal_ai\/","https:\/\/www.crunchbase.com\/organization\/talkpal-9cde","https:\/\/www.g2.com\/products\/talkpal-for-business\/","https:\/\/www.trustpilot.com\/review\/talkpal.ai","https:\/\/www.capterra.com\/p\/10006800\/TalkPal\/"],"description":"Talkpal is a language learning web and mobile education app, powered by the latest AI technologies, that provides engaging experiences to its customers in many different languages to help them improve their language skills. Users can chat about unlimited amount of topics with the app and use other modes to practice their language learning.","email":"support@talkpal.ai","legalName":"Talkpal, Inc.","foundingDate":"2023-04-03","duns":"118989042","numberOfEmployees":{"@type":"QuantitativeValue","minValue":"11","maxValue":"50"},"publishingPrinciples":"https:\/\/talkpal.ai\/publishing-principles\/","actionableFeedbackPolicy":"https:\/\/talkpal.ai\/actionable-feedback-policy\/","correctionsPolicy":"https:\/\/talkpal.ai\/corrections-policy\/","ethicsPolicy":"https:\/\/talkpal.ai\/ethics-policy\/","diversityPolicy":"https:\/\/talkpal.ai\/diversity-policy\/","diversityStaffingReport":"https:\/\/talkpal.ai\/diversity-policy\/"}]}},"_links":{"self":[{"href":"https:\/\/talkpal.ai\/hu\/wp-json\/wp\/v2\/pages\/156044","targetHints":{"allow":["GET"]}}],"collection":[{"href":"https:\/\/talkpal.ai\/hu\/wp-json\/wp\/v2\/pages"}],"about":[{"href":"https:\/\/talkpal.ai\/hu\/wp-json\/wp\/v2\/types\/page"}],"author":[{"embeddable":true,"href":"https:\/\/talkpal.ai\/hu\/wp-json\/wp\/v2\/users\/6"}],"replies":[{"embeddable":true,"href":"https:\/\/talkpal.ai\/hu\/wp-json\/wp\/v2\/comments?post=156044"}],"version-history":[{"count":0,"href":"https:\/\/talkpal.ai\/hu\/wp-json\/wp\/v2\/pages\/156044\/revisions"}],"wp:featuredmedia":[{"embeddable":true,"href":"https:\/\/talkpal.ai\/hu\/wp-json\/wp\/v2\/media\/120348"}],"wp:attachment":[{"href":"https:\/\/talkpal.ai\/hu\/wp-json\/wp\/v2\/media?parent=156044"}],"curies":[{"name":"wp","href":"https:\/\/api.w.org\/{rel}","templated":true}]}}