{"id":155763,"date":"2023-07-05T10:24:06","date_gmt":"2023-07-05T10:24:06","guid":{"rendered":"http:\/\/talkpal.ai\/thai-nyelvtani-gyakorlatok\/"},"modified":"2025-12-17T14:59:22","modified_gmt":"2025-12-17T14:59:22","slug":"thai-nyelvtani-gyakorlatok","status":"publish","type":"page","link":"https:\/\/talkpal.ai\/hu\/thai-nyelvtani-gyakorlatok\/","title":{"rendered":"Thai nyelvtani gyakorlatok"},"content":{"rendered":"\r\n\r\n\r\n<section class=\"languageChallengeSection\">\r\n    <div class=\"languageInfoWrapper\">\r\n        \r\n        <h1>Thai nyelvtani gyakorlatok<\/h1>\r\n        <p>K\u00e9szen \u00e1llsz arra, hogy a <a href=\"https:\/\/talkpal.ai\/learn-thai\/\">thai<\/a> nyelv tanul\u00e1sa sz\u00f3rakoztat\u00f3 \u00e9s gyakorlatias legyen? Interakt\u00edv gyakorlataink c\u00e9lja, hogy seg\u00edtsenek elsaj\u00e1t\u00edtani a <a href=\"https:\/\/talkpal.ai\/learn-thai\/\">thai<\/a> nyelvtan alapjait, \u00f6nbizalmat szerezni, \u00e9s elkezdeni val\u00f3di mondatokat alkotni. Ugorj bele, gyakorolj, amennyit csak akarsz, \u00e9s figyeld, ahogy a thaif\u00f6ldi tud\u00e1sod fejl\u0151dik &#8211; kezdj\u00fcnk el tanulni!<\/p>\r\n\r\n                            <a class=\"getStartedHidden\" href=\"https:\/\/app.talkpal.ai\/hu\/signup?lng=\">Kezdj\u00fck<\/a>\r\n        \r\n    <\/div>\r\n\r\n    <figure>\r\n    <img decoding=\"async\" width=\"768\" height=\"768\" src=\"https:\/\/talkpal.ai\/wp-content\/uploads\/2023\/06\/thai-768x768.png\" class=\"languageImage no-lazy\" alt=\"Language learning for improved thought process\" fetchpriority=\"high\" sizes=\"(max-width: 768px) 150px, 768px\" srcset=\"https:\/\/talkpal.ai\/wp-content\/uploads\/2023\/06\/thai-768x768.png 768w, https:\/\/talkpal.ai\/wp-content\/uploads\/2023\/06\/thai-300x300.png 300w\" \/>\r\n    \r\n\r\n    <\/figure>\r\n\r\n            <a class=\"getStartedVisible\" href=\"https:\/\/app.talkpal.ai\/hu\/signup?lng=\">Kezdj\u00fck<\/a>\r\n    \r\n<\/section>\r\n\r\n\r\n<!-- <section class=\"grammarSection\">\r\n    <div class=\"grammarLinks\">\r\n            <\/div>\r\n<\/section> -->\r\n\r\n\r\n\r\n\r\n<section class=\"promotionalBanner\">\r\n    <p class=\"promotionalText\">A nyelvtanul\u00e1s leghat\u00e9konyabb m\u00f3dja<\/p>\r\n    <a class=\"promotionalLink\" href=\"https:\/\/app.talkpal.ai\/hu\/signup?lng=\">Pr\u00f3b\u00e1lja ki a Talkpal ingyen<\/a>\r\n<\/section>\n<div class=\"wp-block-group pageContainerStyle\"><div class=\"wp-block-group__inner-container is-layout-constrained wp-block-group-is-layout-constrained\">\n<h2 class=\"wp-block-heading\" id=\"h-thai-grammar-topics\">Thai nyelvtani t\u00e9m\u00e1k<\/h2>\n\n\n\n<p>A thai nyelv tanul\u00e1sa leny\u0171g\u00f6z\u0151 utaz\u00e1s lehet. A nyelv teljes meg\u00e9rt\u00e9s\u00e9hez \u00e9s a foly\u00e9konyan val\u00f3 nyelvtanul\u00e1shoz azonban elengedhetetlen a <a href=\"https:\/\/talkpal.ai\/thai-grammar\/\">thai nyelvtan<\/a> meg\u00e9rt\u00e9se. Az al\u00e1bbi lista a thai nyelvtani t\u00e9m\u00e1k sorozat\u00e1t tartalmazza, amelyeket figyelembe kell venni a nyelv tanul\u00e1sakor. Ez a lista az alapvet\u0151 t\u00e9m\u00e1kkal kezd\u0151dik, \u00e9s \u00f6sszetettebb t\u00e9m\u00e1kra halad.<\/p>\n\n\n\n<h3 class=\"wp-block-heading\" id=\"h-1-nouns\">1. F\u0151nevek:<\/h3>\n\n\n\n<p>Kezdje a thai f\u0151nevek tanul\u00e1s\u00e1val, mivel ezek a nyelv \u00e9p\u00edt\u0151k\u00f6vei. Ismerje meg a k\u00f6z\u00f6s f\u0151neveket \u00e9s azok m\u00f3dos\u00edt\u00f3it, mivel a thai f\u0151nevek nem v\u00e1ltoztatj\u00e1k meg a form\u00e1kat a sz\u00e1m vagy a nem jelz\u00e9s\u00e9re.<\/p>\n\n\n\n<h3 class=\"wp-block-heading\" id=\"h-2-pronouns-determiners\">2. N\u00e9vm\u00e1sok\/determin\u00e1nsok:<\/h3>\n\n\n\n<p>A f\u0151nevek elsaj\u00e1t\u00edt\u00e1sa ut\u00e1n helyezze \u00e1t a hangs\u00falyt a n\u00e9vm\u00e1sokra \u00e9s a meghat\u00e1roz\u00f3kra. A thai n\u00e9vm\u00e1sokat gyakran elhagyj\u00e1k a besz\u00e9lget\u00e9sben, de meg\u00e9rt\u00e9s\u00fck elengedhetetlen a form\u00e1lis thai nyelvhez.<\/p>\n\n\n\n<h3 class=\"wp-block-heading\" id=\"h-3-verbs\">3. Ig\u00e9k:<\/h3>\n\n\n\n<p>A thai nyelvben az ig\u00e9k ragozatlanok, <a href=\"https:\/\/talkpal.ai\/locations\/language-courses-in-ami\/\">ami<\/a> azt jelenti, hogy nem v\u00e1ltoznak igeid\u0151, sz\u00e1m vagy szem\u00e9ly jelz\u00e9s\u00e9re. Ez viszonylag k\u00f6nnyen elsaj\u00e1t\u00edthat\u00f3v\u00e1 teszi \u0151ket a f\u0151nevek \u00e9s n\u00e9vm\u00e1sok meg\u00e9rt\u00e9se ut\u00e1n.<\/p>\n\n\n\n<h3 class=\"wp-block-heading\" id=\"h-4-adjectives\">4. Mell\u00e9knevek:<\/h3>\n\n\n\n<p>A thai mell\u00e9knevek az \u00e1ltaluk m\u00f3dos\u00edtott f\u0151nevek ut\u00e1n j\u00f6nnek, ellent\u00e9tben az angollal. A mell\u00e9knevek tanul\u00e1sa seg\u00edt pontosabban le\u00edrni a t\u00e1rgyakat, embereket \u00e9s helyzeteket.<\/p>\n\n\n\n<h3 class=\"wp-block-heading\" id=\"h-5-prepositions\">5. El\u00f6lj\u00e1r\u00f3szavak:<\/h3>\n\n\n\n<p>A thai el\u00f6lj\u00e1r\u00f3szavak gyakran a f\u0151n\u00e9v vagy n\u00e9vm\u00e1s el\u0151tt \u00e1llnak, hogy jelezz\u00e9k az ir\u00e1nyt, a helyet, az id\u0151t vagy a m\u00f3dszert.<\/p>\n\n\n\n<h3 class=\"wp-block-heading\" id=\"h-6-adverbs\">6. Hat\u00e1roz\u00f3sz\u00f3k:<\/h3>\n\n\n\n<p>Tanulja meg a thai hat\u00e1roz\u00f3szavakat az ig\u00e9k, mell\u00e9knevek vagy m\u00e1s hat\u00e1roz\u00f3szavak m\u00f3dos\u00edt\u00e1s\u00e1hoz. Tov\u00e1bbi r\u00e9szletekkel szolg\u00e1lhatnak a m\u0171veletekr\u0151l vagy helyzetekr\u0151l.<\/p>\n\n\n\n<h3 class=\"wp-block-heading\" id=\"h-7-sentences\">7. Mondatok:<\/h3>\n\n\n\n<p>Ha m\u00e1r elsaj\u00e1t\u00edtotta az alapokat, elkezdhet mondatokat alkotni thai nyelven. A mondatszerkezet meg\u00e9rt\u00e9se elengedhetetlen a gondolatok helyes k\u00f6zvet\u00edt\u00e9s\u00e9hez.<\/p>\n\n\n\n<h3 class=\"wp-block-heading\" id=\"h-8-conditionals\">8. Felt\u00e9telek:<\/h3>\n\n\n\n<p>A thai felt\u00e9telek hipotetikus helyzeteket \u00e9s azok k\u00f6vetkezm\u00e9nyeit fejezik ki. Fejlettebbek, de sz\u00fcks\u00e9gesek az \u00f6sszetett besz\u00e9lget\u00e9sekhez.<\/p>\n\n\n\n<h3 class=\"wp-block-heading\" id=\"h-9-tenses\">9. Igeid\u0151k:<\/h3>\n\n\n\n<p>A thai nyelv nem ugyan\u00fagy haszn\u00e1lja az igeid\u0151t, mint az <a href=\"https:\/\/talkpal.ai\/locations\/language-courses-in-angol\/\">angol<\/a>. Vannak azonban olyan kifejez\u00e9sek \u00e9s szavak, amelyek jelezhetik a m\u00faltat, a jelent vagy a j\u00f6v\u0151t.<\/p>\n\n\n\n<h3 class=\"wp-block-heading\" id=\"h-10-tense-comparison\">10. Fesz\u00fclt \u00f6sszehasonl\u00edt\u00e1s:<\/h3>\n\n\n\n<p>Ez egy speci\u00e1lis t\u00e9ma, ahol \u00f6sszehasonl\u00edthatja a k\u00fcl\u00f6nb\u00f6z\u0151 id\u0151ket. Seg\u00edt meg\u00e9rteni az id\u0151kifejez\u00e9sek finom k\u00fcl\u00f6nbs\u00e9geit.<\/p>\n\n\n\n<h3 class=\"wp-block-heading\" id=\"h-11-progressive\">11. Progressz\u00edv:<\/h3>\n\n\n\n<p>Ez a t\u00e9mak\u00f6r mag\u00e1ban foglalja a folyamatban l\u00e9v\u0151 m\u0171veletek kifejez\u00e9s\u00e9t. Fejlettebb, de seg\u00edt foly\u00e9konyabban besz\u00e9lni thaiul.<\/p>\n\n\n\n<h3 class=\"wp-block-heading\" id=\"h-12-perfect-progressive\">12. T\u00f6k\u00e9letes progressz\u00edv:<\/h3>\n\n\n\n<p>A t\u00f6k\u00e9letes progressz\u00edv id\u0151 a thai nyelvtan \u00f6sszetett aspektusa. Olyan tev\u00e9kenys\u00e9gek le\u00edr\u00e1s\u00e1ra szolg\u00e1l, amelyek egy bizonyos pontig folyamatban voltak.<\/p>\n\n\n\n<h3 class=\"wp-block-heading\" id=\"h-13-articles\">13. Cikkek:<\/h3>\n\n\n\n<p>A thai nyelvnek nincsenek hat\u00e1rozott vagy hat\u00e1rozatlan n\u00e9vel\u0151i, mint az angolnak. Vannak azonban m\u00e1s m\u00f3dszerek is a f\u0151nevek megad\u00e1s\u00e1ra vagy \u00e1ltal\u00e1nos\u00edt\u00e1s\u00e1ra, amelyeket fejlettebb szakaszban tanulhat meg.<\/p>\n<\/div><\/div>\n\r\n<section class=\"learnNavigationSection\">\r\n            \r\n        <a href=\"https:\/\/talkpal.ai\/hu\/tanulj-thaiul\/\">\r\n            <div class=\"learnNavigationWrapper\">\r\n                <div class=\"learnNavigationContent\">\r\n                    <img decoding=\"async\" src=\"https:\/\/talkpal.ai\/wp-content\/uploads\/2024\/08\/Thai.jpg\" alt=\"Thai Flag\">\r\n                    <div>\r\n                        <h4>A thai tanul\u00e1sr\u00f3l<\/h4>\r\n                        <p>Tudjon meg mindent a thai nyelvtanr\u00f3l.<\/p>\r\n                    <\/div>\r\n                <\/div>\r\n            <\/div>\r\n        <\/a>\r\n\r\n        \r\n        <a href=\"https:\/\/talkpal.ai\/hu\/thai-nyelvtan\/\">\r\n            <div class=\"learnNavigationWrapper\">\r\n                <div class=\"learnNavigationContent\">\r\n                    <img decoding=\"async\" src=\"https:\/\/talkpal.ai\/wp-content\/uploads\/2024\/08\/Thai.jpg\" alt=\"Thai Flag\">\r\n                    <div>\r\n                        <h4>Thai nyelvtan \u00f3r\u00e1k<\/h4>\r\n                        <p>Gyakorolja a thai nyelvtant.<\/p>\r\n                    <\/div>\r\n                <\/div>\r\n            <\/div>\r\n        <\/a>\r\n\r\n        \r\n        <a href=\"https:\/\/talkpal.ai\/vocabulary_language\/thai\/\">\r\n            <div class=\"learnNavigationWrapper\">\r\n                <div class=\"learnNavigationContent\">\r\n                    <img decoding=\"async\" src=\"https:\/\/talkpal.ai\/wp-content\/uploads\/2024\/08\/Thai.jpg\" alt=\"Thai Flag\">\r\n                    <div>\r\n                        <h4>Thai sz\u00f3kincs<\/h4>\r\n                        <p>B\u0151v\u00edtse thai sz\u00f3kincs\u00e9t.<\/p>\r\n                    <\/div>\r\n                <\/div>\r\n            <\/div>\r\n        <\/a>\r\n\r\n            <\/section>","protected":false},"excerpt":{"rendered":"<p>Thai nyelvtani t\u00e9m\u00e1k A thai nyelv tanul\u00e1sa leny\u0171g\u00f6z\u0151 utaz\u00e1s lehet. A nyelv teljes meg\u00e9rt\u00e9s\u00e9hez \u00e9s a foly\u00e9konyan val\u00f3 nyelvtanul\u00e1shoz azonban elengedhetetlen a thai nyelvtan meg\u00e9rt\u00e9se. Az al\u00e1bbi lista a thai nyelvtani t\u00e9m\u00e1k sorozat\u00e1t tartalmazza, amelyeket figyelembe kell venni a nyelv tanul\u00e1sakor. Ez a lista az alapvet\u0151 t\u00e9m\u00e1kkal kezd\u0151dik, \u00e9s \u00f6sszetettebb t\u00e9m\u00e1kra halad. 1. F\u0151nevek: Kezdje [&hellip;]<\/p>\n","protected":false},"author":6,"featured_media":120811,"parent":0,"menu_order":0,"comment_status":"closed","ping_status":"closed","template":"LearningContentPage.php","meta":{"_acf_changed":false,"footnotes":""},"class_list":["post-155763","page","type-page","status-publish","has-post-thumbnail","hentry"],"acf":[],"yoast_head":"<!-- This site is optimized with the Yoast SEO Premium plugin v27.2 (Yoast SEO v27.2) - https:\/\/yoast.com\/product\/yoast-seo-premium-wordpress\/ -->\n<title>Thai nyelvtani gyakorlatok - Talkpal<\/title>\n<meta name=\"description\" content=\"Fejleszd thai nyelvtud\u00e1sodat thai nyelvtani nyelvtani gyakorlatainkkal, \u00e9s kezdd el elsaj\u00e1t\u00edtani a nyelv \u00e9p\u00edt\u0151k\u00f6veit.\" \/>\n<meta name=\"robots\" content=\"index, follow, max-snippet:-1, max-image-preview:large, max-video-preview:-1\" \/>\n<link rel=\"canonical\" href=\"https:\/\/talkpal.ai\/hu\/thai-nyelvtani-gyakorlatok\/\" \/>\n<meta property=\"og:locale\" content=\"hu_HU\" \/>\n<meta property=\"og:type\" content=\"article\" \/>\n<meta property=\"og:title\" content=\"Thai nyelvtani gyakorlatok\" \/>\n<meta property=\"og:description\" content=\"Thai nyelvtani t\u00e9m\u00e1k A thai nyelv tanul\u00e1sa leny\u0171g\u00f6z\u0151 utaz\u00e1s lehet. A nyelv teljes meg\u00e9rt\u00e9s\u00e9hez \u00e9s a foly\u00e9konyan val\u00f3 nyelvtanul\u00e1shoz azonban\" \/>\n<meta property=\"og:url\" content=\"https:\/\/talkpal.ai\/hu\/thai-nyelvtani-gyakorlatok\/\" \/>\n<meta property=\"og:site_name\" content=\"Talkpal\" \/>\n<meta property=\"article:publisher\" content=\"https:\/\/www.facebook.com\/profile.php?id=100090733639311\" \/>\n<meta property=\"article:modified_time\" content=\"2025-12-17T14:59:22+00:00\" \/>\n<meta property=\"og:image\" content=\"https:\/\/talkpal.ai\/wp-content\/uploads\/2023\/05\/thailand.png\" \/>\n\t<meta property=\"og:image:width\" content=\"512\" \/>\n\t<meta property=\"og:image:height\" content=\"512\" \/>\n\t<meta property=\"og:image:type\" content=\"image\/png\" \/>\n<meta name=\"twitter:card\" content=\"summary_large_image\" \/>\n<meta name=\"twitter:site\" content=\"@talkpalai\" \/>\n<meta name=\"twitter:label1\" content=\"Becs\u00fclt olvas\u00e1si id\u0151\" \/>\n\t<meta name=\"twitter:data1\" content=\"3 perc\" \/>\n<script type=\"application\/ld+json\" class=\"yoast-schema-graph\">{\"@context\":\"https:\/\/schema.org\",\"@graph\":[{\"@type\":\"WebPage\",\"@id\":\"https:\/\/talkpal.ai\/hu\/thai-nyelvtani-gyakorlatok\/\",\"url\":\"https:\/\/talkpal.ai\/hu\/thai-nyelvtani-gyakorlatok\/\",\"name\":\"Thai nyelvtani gyakorlatok - Talkpal\",\"isPartOf\":{\"@id\":\"https:\/\/talkpal.ai\/hu\/#website\"},\"primaryImageOfPage\":{\"@id\":\"https:\/\/talkpal.ai\/hu\/thai-nyelvtani-gyakorlatok\/#primaryimage\"},\"image\":{\"@id\":\"https:\/\/talkpal.ai\/hu\/thai-nyelvtani-gyakorlatok\/#primaryimage\"},\"thumbnailUrl\":\"https:\/\/talkpal.ai\/wp-content\/uploads\/2023\/05\/thailand.png\",\"datePublished\":\"2023-07-05T10:24:06+00:00\",\"dateModified\":\"2025-12-17T14:59:22+00:00\",\"description\":\"Fejleszd thai nyelvtud\u00e1sodat thai nyelvtani nyelvtani gyakorlatainkkal, \u00e9s kezdd el elsaj\u00e1t\u00edtani a nyelv \u00e9p\u00edt\u0151k\u00f6veit.\",\"breadcrumb\":{\"@id\":\"https:\/\/talkpal.ai\/hu\/thai-nyelvtani-gyakorlatok\/#breadcrumb\"},\"inLanguage\":\"hu\",\"potentialAction\":[{\"@type\":\"ReadAction\",\"target\":[\"https:\/\/talkpal.ai\/hu\/thai-nyelvtani-gyakorlatok\/\"]}]},{\"@type\":\"ImageObject\",\"inLanguage\":\"hu\",\"@id\":\"https:\/\/talkpal.ai\/hu\/thai-nyelvtani-gyakorlatok\/#primaryimage\",\"url\":\"https:\/\/talkpal.ai\/wp-content\/uploads\/2023\/05\/thailand.png\",\"contentUrl\":\"https:\/\/talkpal.ai\/wp-content\/uploads\/2023\/05\/thailand.png\",\"width\":512,\"height\":512},{\"@type\":\"BreadcrumbList\",\"@id\":\"https:\/\/talkpal.ai\/hu\/thai-nyelvtani-gyakorlatok\/#breadcrumb\",\"itemListElement\":[{\"@type\":\"ListItem\",\"position\":1,\"name\":\"Homepage\",\"item\":\"https:\/\/talkpal.ai\/hu\/\"},{\"@type\":\"ListItem\",\"position\":2,\"name\":\"Thai nyelvtani gyakorlatok\"}]},{\"@type\":\"WebSite\",\"@id\":\"https:\/\/talkpal.ai\/hu\/#website\",\"url\":\"https:\/\/talkpal.ai\/hu\/\",\"name\":\"Talkpal\",\"description\":\"AI Language Learning\",\"publisher\":{\"@id\":\"https:\/\/talkpal.ai\/hu\/#organization\"},\"alternateName\":\"Talkpal AI\",\"potentialAction\":[{\"@type\":\"SearchAction\",\"target\":{\"@type\":\"EntryPoint\",\"urlTemplate\":\"https:\/\/talkpal.ai\/hu\/?s={search_term_string}\"},\"query-input\":{\"@type\":\"PropertyValueSpecification\",\"valueRequired\":true,\"valueName\":\"search_term_string\"}}],\"inLanguage\":\"hu\"},{\"@type\":\"Organization\",\"@id\":\"https:\/\/talkpal.ai\/hu\/#organization\",\"name\":\"Talkpal, Inc.\",\"alternateName\":\"Talkpal AI\",\"url\":\"https:\/\/talkpal.ai\/hu\/\",\"logo\":{\"@type\":\"ImageObject\",\"inLanguage\":\"hu\",\"@id\":\"https:\/\/talkpal.ai\/hu\/#\/schema\/logo\/image\/\",\"url\":\"https:\/\/talkpal.ai\/wp-content\/uploads\/2024\/03\/Talkpal-Logo-Icon.png\",\"contentUrl\":\"https:\/\/talkpal.ai\/wp-content\/uploads\/2024\/03\/Talkpal-Logo-Icon.png\",\"width\":2880,\"height\":2880,\"caption\":\"Talkpal, Inc.\"},\"image\":{\"@id\":\"https:\/\/talkpal.ai\/hu\/#\/schema\/logo\/image\/\"},\"sameAs\":[\"https:\/\/www.facebook.com\/profile.php?id=100090733639311\",\"https:\/\/x.com\/talkpalai\",\"https:\/\/www.linkedin.com\/company\/talkpal\/\",\"https:\/\/www.youtube.com\/@TalkPal\/\",\"https:\/\/www.tiktok.com\/@talkpal\",\"https:\/\/www.instagram.com\/talkpal_ai\/\",\"https:\/\/www.crunchbase.com\/organization\/talkpal-9cde\",\"https:\/\/www.g2.com\/products\/talkpal-for-business\/\",\"https:\/\/www.trustpilot.com\/review\/talkpal.ai\",\"https:\/\/www.capterra.com\/p\/10006800\/TalkPal\/\"],\"description\":\"Talkpal is a language learning web and mobile education app, powered by the latest AI technologies, that provides engaging experiences to its customers in many different languages to help them improve their language skills. Users can chat about unlimited amount of topics with the app and use other modes to practice their language learning.\",\"email\":\"support@talkpal.ai\",\"legalName\":\"Talkpal, Inc.\",\"foundingDate\":\"2023-04-03\",\"duns\":\"118989042\",\"numberOfEmployees\":{\"@type\":\"QuantitativeValue\",\"minValue\":\"11\",\"maxValue\":\"50\"},\"publishingPrinciples\":\"https:\/\/talkpal.ai\/publishing-principles\/\",\"actionableFeedbackPolicy\":\"https:\/\/talkpal.ai\/actionable-feedback-policy\/\",\"correctionsPolicy\":\"https:\/\/talkpal.ai\/corrections-policy\/\",\"ethicsPolicy\":\"https:\/\/talkpal.ai\/ethics-policy\/\",\"diversityPolicy\":\"https:\/\/talkpal.ai\/diversity-policy\/\",\"diversityStaffingReport\":\"https:\/\/talkpal.ai\/diversity-policy\/\"}]}<\/script>\n<!-- \/ Yoast SEO Premium plugin. -->","yoast_head_json":{"title":"Thai nyelvtani gyakorlatok - Talkpal","description":"Fejleszd thai nyelvtud\u00e1sodat thai nyelvtani nyelvtani gyakorlatainkkal, \u00e9s kezdd el elsaj\u00e1t\u00edtani a nyelv \u00e9p\u00edt\u0151k\u00f6veit.","robots":{"index":"index","follow":"follow","max-snippet":"max-snippet:-1","max-image-preview":"max-image-preview:large","max-video-preview":"max-video-preview:-1"},"canonical":"https:\/\/talkpal.ai\/hu\/thai-nyelvtani-gyakorlatok\/","og_locale":"hu_HU","og_type":"article","og_title":"Thai nyelvtani gyakorlatok","og_description":"Thai nyelvtani t\u00e9m\u00e1k A thai nyelv tanul\u00e1sa leny\u0171g\u00f6z\u0151 utaz\u00e1s lehet. A nyelv teljes meg\u00e9rt\u00e9s\u00e9hez \u00e9s a foly\u00e9konyan val\u00f3 nyelvtanul\u00e1shoz azonban","og_url":"https:\/\/talkpal.ai\/hu\/thai-nyelvtani-gyakorlatok\/","og_site_name":"Talkpal","article_publisher":"https:\/\/www.facebook.com\/profile.php?id=100090733639311","article_modified_time":"2025-12-17T14:59:22+00:00","og_image":[{"width":512,"height":512,"url":"https:\/\/talkpal.ai\/wp-content\/uploads\/2023\/05\/thailand.png","type":"image\/png"}],"twitter_card":"summary_large_image","twitter_site":"@talkpalai","twitter_misc":{"Becs\u00fclt olvas\u00e1si id\u0151":"3 perc"},"schema":{"@context":"https:\/\/schema.org","@graph":[{"@type":"WebPage","@id":"https:\/\/talkpal.ai\/hu\/thai-nyelvtani-gyakorlatok\/","url":"https:\/\/talkpal.ai\/hu\/thai-nyelvtani-gyakorlatok\/","name":"Thai nyelvtani gyakorlatok - Talkpal","isPartOf":{"@id":"https:\/\/talkpal.ai\/hu\/#website"},"primaryImageOfPage":{"@id":"https:\/\/talkpal.ai\/hu\/thai-nyelvtani-gyakorlatok\/#primaryimage"},"image":{"@id":"https:\/\/talkpal.ai\/hu\/thai-nyelvtani-gyakorlatok\/#primaryimage"},"thumbnailUrl":"https:\/\/talkpal.ai\/wp-content\/uploads\/2023\/05\/thailand.png","datePublished":"2023-07-05T10:24:06+00:00","dateModified":"2025-12-17T14:59:22+00:00","description":"Fejleszd thai nyelvtud\u00e1sodat thai nyelvtani nyelvtani gyakorlatainkkal, \u00e9s kezdd el elsaj\u00e1t\u00edtani a nyelv \u00e9p\u00edt\u0151k\u00f6veit.","breadcrumb":{"@id":"https:\/\/talkpal.ai\/hu\/thai-nyelvtani-gyakorlatok\/#breadcrumb"},"inLanguage":"hu","potentialAction":[{"@type":"ReadAction","target":["https:\/\/talkpal.ai\/hu\/thai-nyelvtani-gyakorlatok\/"]}]},{"@type":"ImageObject","inLanguage":"hu","@id":"https:\/\/talkpal.ai\/hu\/thai-nyelvtani-gyakorlatok\/#primaryimage","url":"https:\/\/talkpal.ai\/wp-content\/uploads\/2023\/05\/thailand.png","contentUrl":"https:\/\/talkpal.ai\/wp-content\/uploads\/2023\/05\/thailand.png","width":512,"height":512},{"@type":"BreadcrumbList","@id":"https:\/\/talkpal.ai\/hu\/thai-nyelvtani-gyakorlatok\/#breadcrumb","itemListElement":[{"@type":"ListItem","position":1,"name":"Homepage","item":"https:\/\/talkpal.ai\/hu\/"},{"@type":"ListItem","position":2,"name":"Thai nyelvtani gyakorlatok"}]},{"@type":"WebSite","@id":"https:\/\/talkpal.ai\/hu\/#website","url":"https:\/\/talkpal.ai\/hu\/","name":"Talkpal","description":"AI Language Learning","publisher":{"@id":"https:\/\/talkpal.ai\/hu\/#organization"},"alternateName":"Talkpal AI","potentialAction":[{"@type":"SearchAction","target":{"@type":"EntryPoint","urlTemplate":"https:\/\/talkpal.ai\/hu\/?s={search_term_string}"},"query-input":{"@type":"PropertyValueSpecification","valueRequired":true,"valueName":"search_term_string"}}],"inLanguage":"hu"},{"@type":"Organization","@id":"https:\/\/talkpal.ai\/hu\/#organization","name":"Talkpal, Inc.","alternateName":"Talkpal AI","url":"https:\/\/talkpal.ai\/hu\/","logo":{"@type":"ImageObject","inLanguage":"hu","@id":"https:\/\/talkpal.ai\/hu\/#\/schema\/logo\/image\/","url":"https:\/\/talkpal.ai\/wp-content\/uploads\/2024\/03\/Talkpal-Logo-Icon.png","contentUrl":"https:\/\/talkpal.ai\/wp-content\/uploads\/2024\/03\/Talkpal-Logo-Icon.png","width":2880,"height":2880,"caption":"Talkpal, Inc."},"image":{"@id":"https:\/\/talkpal.ai\/hu\/#\/schema\/logo\/image\/"},"sameAs":["https:\/\/www.facebook.com\/profile.php?id=100090733639311","https:\/\/x.com\/talkpalai","https:\/\/www.linkedin.com\/company\/talkpal\/","https:\/\/www.youtube.com\/@TalkPal\/","https:\/\/www.tiktok.com\/@talkpal","https:\/\/www.instagram.com\/talkpal_ai\/","https:\/\/www.crunchbase.com\/organization\/talkpal-9cde","https:\/\/www.g2.com\/products\/talkpal-for-business\/","https:\/\/www.trustpilot.com\/review\/talkpal.ai","https:\/\/www.capterra.com\/p\/10006800\/TalkPal\/"],"description":"Talkpal is a language learning web and mobile education app, powered by the latest AI technologies, that provides engaging experiences to its customers in many different languages to help them improve their language skills. Users can chat about unlimited amount of topics with the app and use other modes to practice their language learning.","email":"support@talkpal.ai","legalName":"Talkpal, Inc.","foundingDate":"2023-04-03","duns":"118989042","numberOfEmployees":{"@type":"QuantitativeValue","minValue":"11","maxValue":"50"},"publishingPrinciples":"https:\/\/talkpal.ai\/publishing-principles\/","actionableFeedbackPolicy":"https:\/\/talkpal.ai\/actionable-feedback-policy\/","correctionsPolicy":"https:\/\/talkpal.ai\/corrections-policy\/","ethicsPolicy":"https:\/\/talkpal.ai\/ethics-policy\/","diversityPolicy":"https:\/\/talkpal.ai\/diversity-policy\/","diversityStaffingReport":"https:\/\/talkpal.ai\/diversity-policy\/"}]}},"_links":{"self":[{"href":"https:\/\/talkpal.ai\/hu\/wp-json\/wp\/v2\/pages\/155763","targetHints":{"allow":["GET"]}}],"collection":[{"href":"https:\/\/talkpal.ai\/hu\/wp-json\/wp\/v2\/pages"}],"about":[{"href":"https:\/\/talkpal.ai\/hu\/wp-json\/wp\/v2\/types\/page"}],"author":[{"embeddable":true,"href":"https:\/\/talkpal.ai\/hu\/wp-json\/wp\/v2\/users\/6"}],"replies":[{"embeddable":true,"href":"https:\/\/talkpal.ai\/hu\/wp-json\/wp\/v2\/comments?post=155763"}],"version-history":[{"count":0,"href":"https:\/\/talkpal.ai\/hu\/wp-json\/wp\/v2\/pages\/155763\/revisions"}],"wp:featuredmedia":[{"embeddable":true,"href":"https:\/\/talkpal.ai\/hu\/wp-json\/wp\/v2\/media\/120811"}],"wp:attachment":[{"href":"https:\/\/talkpal.ai\/hu\/wp-json\/wp\/v2\/media?parent=155763"}],"curies":[{"name":"wp","href":"https:\/\/api.w.org\/{rel}","templated":true}]}}